{"id":47110,"date":"2024-10-19T13:51:58","date_gmt":"2024-10-19T13:51:58","guid":{"rendered":"https:\/\/recambiosecogas.com\/producto\/kit-de-reparacion-lo-gas-rl-one-reductor\/"},"modified":"2026-04-27T09:19:23","modified_gmt":"2026-04-27T08:19:23","slug":"kit-de-reparacion-lo-gas-rl-one-reductor","status":"publish","type":"product","link":"https:\/\/recambiosecogas.com\/it\/producto\/kit-de-reparacion-lo-gas-rl-one-reductor\/","title":{"rendered":"Kit di riparazione Lo Gas RL-ONE. Riduttore"},"content":{"rendered":"<h1 data-start=\"346\" data-end=\"385\">Kit di riparazione riduttore Lo Gas RL-ONE<\/h1>\n<p data-start=\"387\" data-end=\"714\">Il <strong data-start=\"390\" data-end=\"431\">kit di riparazione riduttore RL-ONE Lo Gas<\/strong> \u00e8 progettato per la manutenzione del modello RL-ONE, permettendo la sostituzione dei componenti interni soggetti a usura e il recupero della stabilit\u00e0 di pressione del sistema. Questo set facilita il ripristino del corretto funzionamento del cambio dopo lunghi periodi di utilizzo. <\/p>\n<p data-start=\"716\" data-end=\"973\">Col tempo, membrane interne e guarnizioni possono deteriorarsi, influenzando la pressione di lavoro e la risposta del sistema. La manutenzione regolare aiuta a evitare variazioni di pressione, perdite interne e funzionamento irregolare. <\/p>\n<hr data-start=\"975\" data-end=\"978\">\n<h2 data-start=\"980\" data-end=\"1038\">Manutenzione con kit di riparazione riduttore Lo Gas RL-ONE<\/h2>\n<div class=\"TyagGW_tableContainer\">\n<div class=\"group TyagGW_tableWrapper flex flex-col-reverse w-fit\" tabindex=\"-1\">\n<table class=\"w-fit min-w-(--thread-content-width)\" data-start=\"1040\" data-end=\"1284\">\n<thead data-start=\"1040\" data-end=\"1075\">\n<tr data-start=\"1040\" data-end=\"1075\">\n<th class=\"\" data-start=\"1040\" data-end=\"1057\" data-col-size=\"sm\">Caratteristiche<\/th>\n<th class=\"\" data-start=\"1057\" data-end=\"1075\" data-col-size=\"sm\">Specifiche<\/th>\n<\/tr>\n<\/thead>\n<tbody data-start=\"1112\" data-end=\"1284\">\n<tr data-start=\"1112\" data-end=\"1144\">\n<td data-start=\"1112\" data-end=\"1123\" data-col-size=\"sm\">Prodotto<\/td>\n<td data-start=\"1123\" data-end=\"1144\" data-col-size=\"sm\">Kit di riparazione<\/td>\n<\/tr>\n<tr data-start=\"1145\" data-end=\"1163\">\n<td data-start=\"1145\" data-end=\"1153\" data-col-size=\"sm\">Marchio<\/td>\n<td data-start=\"1153\" data-end=\"1163\" data-col-size=\"sm\">Gas<\/td>\n<\/tr>\n<tr data-start=\"1164\" data-end=\"1194\">\n<td data-start=\"1164\" data-end=\"1184\" data-col-size=\"sm\">Modello compatibile<\/td>\n<td data-start=\"1184\" data-end=\"1194\" data-col-size=\"sm\">RL-ONE<\/td>\n<\/tr>\n<tr data-start=\"1195\" data-end=\"1220\">\n<td data-start=\"1195\" data-end=\"1208\" data-col-size=\"sm\">Applicazione<\/td>\n<td data-start=\"1208\" data-end=\"1220\" data-col-size=\"sm\">Riduttore<\/td>\n<\/tr>\n<tr data-start=\"1221\" data-end=\"1242\">\n<td data-start=\"1221\" data-end=\"1235\" data-col-size=\"sm\">Carburante<\/td>\n<td data-start=\"1235\" data-end=\"1242\" data-col-size=\"sm\">GPL<\/td>\n<\/tr>\n<tr data-start=\"1243\" data-end=\"1284\">\n<td data-start=\"1243\" data-end=\"1257\" data-col-size=\"sm\">Installazione<\/td>\n<td data-start=\"1257\" data-end=\"1284\" data-col-size=\"sm\">Professionisti consigliati<\/td>\n<\/tr>\n<\/tbody>\n<\/table>\n<\/div>\n<\/div>\n<hr data-start=\"1286\" data-end=\"1289\">\n<h2 data-start=\"1291\" data-end=\"1341\">Componenti per la ristrutturazione RL-ONE<\/h2>\n<p data-start=\"1343\" data-end=\"1360\">Questo kit permette:<\/p>\n<ul data-start=\"1362\" data-end=\"1506\">\n<li data-start=\"1362\" data-end=\"1394\">\n<p data-start=\"1364\" data-end=\"1394\">Sostituire le membrane interne<\/p>\n<\/li>\n<li data-start=\"1395\" data-end=\"1432\">\n<p data-start=\"1397\" data-end=\"1432\">Sostituire guarnizioni<\/p>\n<\/li>\n<li data-start=\"1433\" data-end=\"1467\">\n<p data-start=\"1435\" data-end=\"1467\">Reset della pressione nominale<\/p>\n<\/li>\n<li data-start=\"1468\" data-end=\"1506\">\n<p data-start=\"1470\" data-end=\"1506\">Miglioramento della stabilit\u00e0 del sistema<\/p>\n<\/li>\n<\/ul>\n<p data-start=\"1508\" data-end=\"1631\">Una corretta manutenzione prolunga la vita del regolatore e contribuisce a prestazioni costanti nel sistema GPL.<\/p>\n<hr data-start=\"1633\" data-end=\"1636\">\n<h2 data-start=\"1638\" data-end=\"1670\">Compatibilit\u00e0 e verifica<\/h2>\n<p data-start=\"1672\" data-end=\"1839\">Compatibile con riduttori Lo Gas RL-ONE.<br data-start=\"1719\" data-end=\"1722\">Si consiglia di verificare la versione esatta prima dell&#8217;installazione e di far eseguire l&#8217;assemblaggio da un tecnico specializzato.<\/p>\n<hr data-start=\"1841\" data-end=\"1844\">\n<h2 data-start=\"1846\" data-end=\"1852\">Domande frequenti<\/h2>\n<p data-start=\"1854\" data-end=\"2000\"><strong data-start=\"1854\" data-end=\"1898\">Quando \u00e8 consigliato usare questo kit?<\/strong><br data-start=\"1898\" data-end=\"1901\">Quando si verificano variazioni di pressione, si rileva un minimo instabile o usura interna dovuta a un uso prolungato.<\/p>\n<p data-start=\"2002\" data-end=\"2098\"><strong data-start=\"2002\" data-end=\"2043\">\u00c8 valido per altri modelli Lo Gas?<\/strong><br data-start=\"2043\" data-end=\"2046\">No, \u00e8 specificamente pensato per il modello RL-ONE.<\/p>\n<p data-start=\"2100\" data-end=\"2198\"><strong data-start=\"2100\" data-end=\"2142\">\u00c8 necessaria un&#8217;installazione professionale?<\/strong><br data-start=\"2142\" data-end=\"2145\">S\u00ec, si raccomanda un intervento tecnico specializzato.<\/p>\n","protected":false},"excerpt":{"rendered":"<p>Kit di riparazione Lo Gas RL-ONE. Riduttore <\/p>\n","protected":false},"featured_media":5060,"comment_status":"open","ping_status":"closed","template":"","meta":{"_uag_custom_page_level_css":""},"product_brand":[],"product_cat":[2135,2375,2144,2136],"product_tag":[],"class_list":{"0":"post-47110","1":"product","2":"type-product","3":"status-publish","4":"has-post-thumbnail","6":"product_cat-juegos-de-reparacion-glp","7":"product_cat-logas","8":"product_cat-productos-por-marca","9":"product_cat-reguladores-de-presion","11":"first","12":"onbackorder","13":"taxable","14":"shipping-taxable","15":"purchasable","16":"product-type-simple"},"ct_brands":[],"yoast_head":"<!-- This site is optimized with the Yoast SEO Premium plugin v27.5 (Yoast SEO v27.5) - https:\/\/yoast.com\/product\/yoast-seo-premium-wordpress\/ -->\n<title>Kit di riparazione Lo Gas RL-ONE. Riduttore | Recambios EcoGas | Sistemas GLP y GNC<\/title>\n<meta name=\"description\" content=\"Kit di riparazione riduttori Lo Gas RL-ONE per manutenzione e recupero stabile della pressione nei sistemi a GPL.\" \/>\n<meta name=\"robots\" content=\"index, follow, max-snippet:-1, max-image-preview:large, max-video-preview:-1\" \/>\n<link rel=\"canonical\" href=\"https:\/\/recambiosecogas.com\/it\/producto\/kit-de-reparacion-lo-gas-rl-one-reductor\/\" \/>\n<meta property=\"og:locale\" content=\"it_IT\" \/>\n<meta property=\"og:type\" content=\"article\" \/>\n<meta property=\"og:title\" content=\"Kit di riparazione Lo Gas RL-ONE. Riduttore\" \/>\n<meta property=\"og:description\" content=\"Kit di riparazione riduttori Lo Gas RL-ONE per manutenzione e recupero stabile della pressione nei sistemi a GPL.\" \/>\n<meta property=\"og:url\" content=\"https:\/\/recambiosecogas.com\/it\/producto\/kit-de-reparacion-lo-gas-rl-one-reductor\/\" \/>\n<meta property=\"og:site_name\" content=\"Recambios EcoGas\" \/>\n<meta property=\"article:publisher\" content=\"https:\/\/www.facebook.com\/profile.php?id=100062419705358\" \/>\n<meta property=\"article:modified_time\" content=\"2026-04-27T08:19:23+00:00\" \/>\n<meta property=\"og:image\" content=\"https:\/\/recambiosecogas.com\/wp-content\/uploads\/2024\/10\/Kit-de-reparacion-del-reductor-Lo-Gas-RL-ONE-el-png.webp\" \/>\n\t<meta property=\"og:image:width\" content=\"1000\" \/>\n\t<meta property=\"og:image:height\" content=\"1000\" \/>\n\t<meta property=\"og:image:type\" content=\"image\/png\" \/>\n<meta name=\"twitter:card\" content=\"summary_large_image\" \/>\n<meta name=\"twitter:label1\" content=\"Prezzo\" \/>\n\t<meta name=\"twitter:data1\" content=\"30,57&nbsp;&euro; (Sin IVA: 25,26&nbsp;&euro;)\" \/>\n\t<meta name=\"twitter:label2\" content=\"Disponibilit\u00e0\" \/>\n\t<meta name=\"twitter:data2\" content=\"Su ordinazione\" \/>\n<script type=\"application\/ld+json\" class=\"yoast-schema-graph\">{\"@context\":\"https:\\\/\\\/schema.org\",\"@graph\":[{\"@type\":\"WebPage\",\"@id\":\"https:\\\/\\\/recambiosecogas.com\\\/it\\\/producto\\\/kit-de-reparacion-lo-gas-rl-one-reductor\\\/\",\"url\":\"https:\\\/\\\/recambiosecogas.com\\\/it\\\/producto\\\/kit-de-reparacion-lo-gas-rl-one-reductor\\\/\",\"name\":\"Kit di riparazione Lo Gas RL-ONE. Riduttore | Recambios EcoGas | Sistemas GLP y GNC\",\"isPartOf\":{\"@id\":\"https:\\\/\\\/recambiosecogas.com\\\/it\\\/#website\"},\"primaryImageOfPage\":{\"@id\":\"https:\\\/\\\/recambiosecogas.com\\\/it\\\/producto\\\/kit-de-reparacion-lo-gas-rl-one-reductor\\\/#primaryimage\"},\"image\":{\"@id\":\"https:\\\/\\\/recambiosecogas.com\\\/it\\\/producto\\\/kit-de-reparacion-lo-gas-rl-one-reductor\\\/#primaryimage\"},\"thumbnailUrl\":\"https:\\\/\\\/recambiosecogas.com\\\/wp-content\\\/uploads\\\/2024\\\/10\\\/Kit-de-reparacion-del-reductor-Lo-Gas-RL-ONE-el-png.webp\",\"datePublished\":\"2024-10-19T13:51:58+00:00\",\"dateModified\":\"2026-04-27T08:19:23+00:00\",\"description\":\"Kit di riparazione riduttori Lo Gas RL-ONE per manutenzione e recupero stabile della pressione nei sistemi a GPL.\",\"breadcrumb\":{\"@id\":\"https:\\\/\\\/recambiosecogas.com\\\/it\\\/producto\\\/kit-de-reparacion-lo-gas-rl-one-reductor\\\/#breadcrumb\"},\"inLanguage\":\"it-IT\",\"potentialAction\":[{\"@type\":\"ReadAction\",\"target\":[\"https:\\\/\\\/recambiosecogas.com\\\/it\\\/producto\\\/kit-de-reparacion-lo-gas-rl-one-reductor\\\/\"]}]},{\"@type\":\"ImageObject\",\"inLanguage\":\"it-IT\",\"@id\":\"https:\\\/\\\/recambiosecogas.com\\\/it\\\/producto\\\/kit-de-reparacion-lo-gas-rl-one-reductor\\\/#primaryimage\",\"url\":\"https:\\\/\\\/recambiosecogas.com\\\/wp-content\\\/uploads\\\/2024\\\/10\\\/Kit-de-reparacion-del-reductor-Lo-Gas-RL-ONE-el-png.webp\",\"contentUrl\":\"https:\\\/\\\/recambiosecogas.com\\\/wp-content\\\/uploads\\\/2024\\\/10\\\/Kit-de-reparacion-del-reductor-Lo-Gas-RL-ONE-el-png.webp\",\"width\":1000,\"height\":1000},{\"@type\":\"BreadcrumbList\",\"@id\":\"https:\\\/\\\/recambiosecogas.com\\\/it\\\/producto\\\/kit-de-reparacion-lo-gas-rl-one-reductor\\\/#breadcrumb\",\"itemListElement\":[{\"@type\":\"ListItem\",\"position\":1,\"name\":\"Portada\",\"item\":\"https:\\\/\\\/recambiosecogas.com\\\/it\\\/\"},{\"@type\":\"ListItem\",\"position\":2,\"name\":\"Negozio\",\"item\":\"https:\\\/\\\/recambiosecogas.com\\\/it\\\/?page_id=46382\"},{\"@type\":\"ListItem\",\"position\":3,\"name\":\"Kit di riparazione Lo Gas RL-ONE. Riduttore\"}]},{\"@type\":\"WebSite\",\"@id\":\"https:\\\/\\\/recambiosecogas.com\\\/it\\\/#website\",\"url\":\"https:\\\/\\\/recambiosecogas.com\\\/it\\\/\",\"name\":\"Recambios EcoGas\",\"description\":\"Recambios Multimarca para sistemas de GLP\\\/GNC\\\/GNL\\\/Hidr\u00f3geno\",\"publisher\":{\"@id\":\"https:\\\/\\\/recambiosecogas.com\\\/it\\\/#organization\"},\"alternateName\":\"Recambios Autogas GLP\",\"potentialAction\":[{\"@type\":\"SearchAction\",\"target\":{\"@type\":\"EntryPoint\",\"urlTemplate\":\"https:\\\/\\\/recambiosecogas.com\\\/it\\\/?s={search_term_string}\"},\"query-input\":{\"@type\":\"PropertyValueSpecification\",\"valueRequired\":true,\"valueName\":\"search_term_string\"}}],\"inLanguage\":\"it-IT\"},{\"@type\":[\"Organization\",\"Place\"],\"@id\":\"https:\\\/\\\/recambiosecogas.com\\\/it\\\/#organization\",\"name\":\"Recambios EcoGas\",\"alternateName\":\"Tienda Online GLP Espa\u00f1a\",\"url\":\"https:\\\/\\\/recambiosecogas.com\\\/it\\\/\",\"logo\":{\"@id\":\"https:\\\/\\\/recambiosecogas.com\\\/it\\\/producto\\\/kit-de-reparacion-lo-gas-rl-one-reductor\\\/#local-main-organization-logo\"},\"image\":{\"@id\":\"https:\\\/\\\/recambiosecogas.com\\\/it\\\/producto\\\/kit-de-reparacion-lo-gas-rl-one-reductor\\\/#local-main-organization-logo\"},\"sameAs\":[\"https:\\\/\\\/www.facebook.com\\\/profile.php?id=100062419705358\",\"https:\\\/\\\/www.instagram.com\\\/segimon_automocio\"],\"description\":\"Recambios EcoGas \u2013 Venta y distribuci\u00f3n de sistemas GLP y GNC en Espa\u00f1a y Portugal. Env\u00edos 24 h, soporte t\u00e9cnico a talleres y distribuidores.\",\"hasMerchantReturnPolicy\":{\"@type\":\"MerchantReturnPolicy\",\"merchantReturnLink\":\"https:\\\/\\\/recambiosecogas.com\\\/politicas-privacidad\\\/\"},\"address\":{\"@id\":\"https:\\\/\\\/recambiosecogas.com\\\/it\\\/producto\\\/kit-de-reparacion-lo-gas-rl-one-reductor\\\/#local-main-place-address\"},\"telephone\":[\"616250633\"],\"contactPoint\":{\"@type\":\"ContactPoint\",\"email\":\"export@recambiosecogas.com\"},\"openingHoursSpecification\":[{\"@type\":\"OpeningHoursSpecification\",\"dayOfWeek\":[\"Monday\",\"Tuesday\",\"Wednesday\",\"Thursday\",\"Friday\",\"Saturday\",\"Sunday\"],\"opens\":\"09:00\",\"closes\":\"17:00\"}],\"email\":\"info@recambiosecogas.com\",\"faxNumber\":\"SEGIMON AUTOMOCION SL\",\"vatID\":\"ESB19819861\",\"globalLocationNumber\":\"938 616 339\"},{\"@type\":\"PostalAddress\",\"@id\":\"https:\\\/\\\/recambiosecogas.com\\\/it\\\/producto\\\/kit-de-reparacion-lo-gas-rl-one-reductor\\\/#local-main-place-address\",\"streetAddress\":\"cami antic de vic, 29 (Nave 3), Pol\u00edgono Industrial Congost\",\"addressLocality\":\"CORRO D`AVALL\",\"postalCode\":\"08520\",\"addressRegion\":\"Barcelona\",\"addressCountry\":\"ES\"},{\"@type\":\"ImageObject\",\"inLanguage\":\"it-IT\",\"@id\":\"https:\\\/\\\/recambiosecogas.com\\\/it\\\/producto\\\/kit-de-reparacion-lo-gas-rl-one-reductor\\\/#local-main-organization-logo\",\"url\":\"https:\\\/\\\/recambiosecogas.com\\\/wp-content\\\/uploads\\\/2024\\\/11\\\/cropped-RECAMBIOS-GLP-png.webp\",\"contentUrl\":\"https:\\\/\\\/recambiosecogas.com\\\/wp-content\\\/uploads\\\/2024\\\/11\\\/cropped-RECAMBIOS-GLP-png.webp\",\"width\":512,\"height\":512,\"caption\":\"Recambios EcoGas\"}]}<\/script>\n<meta property=\"product:price:amount\" content=\"30.57\" \/>\n<meta property=\"product:price:currency\" content=\"EUR\" \/>\n<meta property=\"og:availability\" content=\"backorder\" \/>\n<meta property=\"product:availability\" content=\"available for order\" \/>\n<meta property=\"product:retailer_item_id\" content=\"100961A\" \/>\n<meta property=\"product:condition\" content=\"new\" \/>\n<meta name=\"geo.placename\" content=\"CORRO D`AVALL\" \/>\n<meta name=\"geo.region\" content=\"Spagna\" \/>\n<!-- \/ Yoast SEO Premium plugin. -->","yoast_head_json":{"title":"Kit di riparazione Lo Gas RL-ONE. Riduttore | Recambios EcoGas | Sistemas GLP y GNC","description":"Kit di riparazione riduttori Lo Gas RL-ONE per manutenzione e recupero stabile della pressione nei sistemi a GPL.","robots":{"index":"index","follow":"follow","max-snippet":"max-snippet:-1","max-image-preview":"max-image-preview:large","max-video-preview":"max-video-preview:-1"},"canonical":"https:\/\/recambiosecogas.com\/it\/producto\/kit-de-reparacion-lo-gas-rl-one-reductor\/","og_locale":"it_IT","og_type":"article","og_title":"Kit di riparazione Lo Gas RL-ONE. Riduttore","og_description":"Kit di riparazione riduttori Lo Gas RL-ONE per manutenzione e recupero stabile della pressione nei sistemi a GPL.","og_url":"https:\/\/recambiosecogas.com\/it\/producto\/kit-de-reparacion-lo-gas-rl-one-reductor\/","og_site_name":"Recambios EcoGas","article_publisher":"https:\/\/www.facebook.com\/profile.php?id=100062419705358","article_modified_time":"2026-04-27T08:19:23+00:00","og_image":[{"width":1000,"height":1000,"url":"https:\/\/recambiosecogas.com\/wp-content\/uploads\/2024\/10\/Kit-de-reparacion-del-reductor-Lo-Gas-RL-ONE-el-png.webp","type":"image\/png"}],"twitter_card":"summary_large_image","twitter_misc":{"Prezzo":"30,57&nbsp;&euro; (Sin IVA: 25,26&nbsp;&euro;)","Disponibilit\u00e0":"Su ordinazione"},"schema":{"@context":"https:\/\/schema.org","@graph":[{"@type":"WebPage","@id":"https:\/\/recambiosecogas.com\/it\/producto\/kit-de-reparacion-lo-gas-rl-one-reductor\/","url":"https:\/\/recambiosecogas.com\/it\/producto\/kit-de-reparacion-lo-gas-rl-one-reductor\/","name":"Kit di riparazione Lo Gas RL-ONE. Riduttore | Recambios EcoGas | Sistemas GLP y GNC","isPartOf":{"@id":"https:\/\/recambiosecogas.com\/it\/#website"},"primaryImageOfPage":{"@id":"https:\/\/recambiosecogas.com\/it\/producto\/kit-de-reparacion-lo-gas-rl-one-reductor\/#primaryimage"},"image":{"@id":"https:\/\/recambiosecogas.com\/it\/producto\/kit-de-reparacion-lo-gas-rl-one-reductor\/#primaryimage"},"thumbnailUrl":"https:\/\/recambiosecogas.com\/wp-content\/uploads\/2024\/10\/Kit-de-reparacion-del-reductor-Lo-Gas-RL-ONE-el-png.webp","datePublished":"2024-10-19T13:51:58+00:00","dateModified":"2026-04-27T08:19:23+00:00","description":"Kit di riparazione riduttori Lo Gas RL-ONE per manutenzione e recupero stabile della pressione nei sistemi a GPL.","breadcrumb":{"@id":"https:\/\/recambiosecogas.com\/it\/producto\/kit-de-reparacion-lo-gas-rl-one-reductor\/#breadcrumb"},"inLanguage":"it-IT","potentialAction":[{"@type":"ReadAction","target":["https:\/\/recambiosecogas.com\/it\/producto\/kit-de-reparacion-lo-gas-rl-one-reductor\/"]}]},{"@type":"ImageObject","inLanguage":"it-IT","@id":"https:\/\/recambiosecogas.com\/it\/producto\/kit-de-reparacion-lo-gas-rl-one-reductor\/#primaryimage","url":"https:\/\/recambiosecogas.com\/wp-content\/uploads\/2024\/10\/Kit-de-reparacion-del-reductor-Lo-Gas-RL-ONE-el-png.webp","contentUrl":"https:\/\/recambiosecogas.com\/wp-content\/uploads\/2024\/10\/Kit-de-reparacion-del-reductor-Lo-Gas-RL-ONE-el-png.webp","width":1000,"height":1000},{"@type":"BreadcrumbList","@id":"https:\/\/recambiosecogas.com\/it\/producto\/kit-de-reparacion-lo-gas-rl-one-reductor\/#breadcrumb","itemListElement":[{"@type":"ListItem","position":1,"name":"Portada","item":"https:\/\/recambiosecogas.com\/it\/"},{"@type":"ListItem","position":2,"name":"Negozio","item":"https:\/\/recambiosecogas.com\/it\/?page_id=46382"},{"@type":"ListItem","position":3,"name":"Kit di riparazione Lo Gas RL-ONE. Riduttore"}]},{"@type":"WebSite","@id":"https:\/\/recambiosecogas.com\/it\/#website","url":"https:\/\/recambiosecogas.com\/it\/","name":"Recambios EcoGas","description":"Recambios Multimarca para sistemas de GLP\/GNC\/GNL\/Hidr\u00f3geno","publisher":{"@id":"https:\/\/recambiosecogas.com\/it\/#organization"},"alternateName":"Recambios Autogas GLP","potentialAction":[{"@type":"SearchAction","target":{"@type":"EntryPoint","urlTemplate":"https:\/\/recambiosecogas.com\/it\/?s={search_term_string}"},"query-input":{"@type":"PropertyValueSpecification","valueRequired":true,"valueName":"search_term_string"}}],"inLanguage":"it-IT"},{"@type":["Organization","Place"],"@id":"https:\/\/recambiosecogas.com\/it\/#organization","name":"Recambios EcoGas","alternateName":"Tienda Online GLP Espa\u00f1a","url":"https:\/\/recambiosecogas.com\/it\/","logo":{"@id":"https:\/\/recambiosecogas.com\/it\/producto\/kit-de-reparacion-lo-gas-rl-one-reductor\/#local-main-organization-logo"},"image":{"@id":"https:\/\/recambiosecogas.com\/it\/producto\/kit-de-reparacion-lo-gas-rl-one-reductor\/#local-main-organization-logo"},"sameAs":["https:\/\/www.facebook.com\/profile.php?id=100062419705358","https:\/\/www.instagram.com\/segimon_automocio"],"description":"Recambios EcoGas \u2013 Venta y distribuci\u00f3n de sistemas GLP y GNC en Espa\u00f1a y Portugal. Env\u00edos 24 h, soporte t\u00e9cnico a talleres y distribuidores.","hasMerchantReturnPolicy":{"@type":"MerchantReturnPolicy","merchantReturnLink":"https:\/\/recambiosecogas.com\/politicas-privacidad\/"},"address":{"@id":"https:\/\/recambiosecogas.com\/it\/producto\/kit-de-reparacion-lo-gas-rl-one-reductor\/#local-main-place-address"},"telephone":["616250633"],"contactPoint":{"@type":"ContactPoint","email":"export@recambiosecogas.com"},"openingHoursSpecification":[{"@type":"OpeningHoursSpecification","dayOfWeek":["Monday","Tuesday","Wednesday","Thursday","Friday","Saturday","Sunday"],"opens":"09:00","closes":"17:00"}],"email":"info@recambiosecogas.com","faxNumber":"SEGIMON AUTOMOCION SL","vatID":"ESB19819861","globalLocationNumber":"938 616 339"},{"@type":"PostalAddress","@id":"https:\/\/recambiosecogas.com\/it\/producto\/kit-de-reparacion-lo-gas-rl-one-reductor\/#local-main-place-address","streetAddress":"cami antic de vic, 29 (Nave 3), Pol\u00edgono Industrial Congost","addressLocality":"CORRO D`AVALL","postalCode":"08520","addressRegion":"Barcelona","addressCountry":"ES"},{"@type":"ImageObject","inLanguage":"it-IT","@id":"https:\/\/recambiosecogas.com\/it\/producto\/kit-de-reparacion-lo-gas-rl-one-reductor\/#local-main-organization-logo","url":"https:\/\/recambiosecogas.com\/wp-content\/uploads\/2024\/11\/cropped-RECAMBIOS-GLP-png.webp","contentUrl":"https:\/\/recambiosecogas.com\/wp-content\/uploads\/2024\/11\/cropped-RECAMBIOS-GLP-png.webp","width":512,"height":512,"caption":"Recambios EcoGas"}]},"product_price_amount":"30.57","product_price_currency":"EUR","og_availability":"backorder","product_availability":"available for order","product_retailer_item_id":"100961A","product_condition":"new","geo.placename":"CORRO D`AVALL","geo.region":"Spagna"},"uagb_featured_image_src":{"full":["https:\/\/recambiosecogas.com\/wp-content\/uploads\/2024\/10\/Kit-de-reparacion-del-reductor-Lo-Gas-RL-ONE-el-png.webp",1000,1000,false],"thumbnail":["https:\/\/recambiosecogas.com\/wp-content\/uploads\/2024\/10\/Kit-de-reparacion-del-reductor-Lo-Gas-RL-ONE-el-png-150x150.webp",150,150,true],"medium":["https:\/\/recambiosecogas.com\/wp-content\/uploads\/2024\/10\/Kit-de-reparacion-del-reductor-Lo-Gas-RL-ONE-el-300x300.webp",300,300,true],"medium_large":["https:\/\/recambiosecogas.com\/wp-content\/uploads\/2024\/10\/Kit-de-reparacion-del-reductor-Lo-Gas-RL-ONE-el-png-768x768.webp",768,768,true],"large":["https:\/\/recambiosecogas.com\/wp-content\/uploads\/2024\/10\/Kit-de-reparacion-del-reductor-Lo-Gas-RL-ONE-el-png.webp",1000,1000,false],"1536x1536":["https:\/\/recambiosecogas.com\/wp-content\/uploads\/2024\/10\/Kit-de-reparacion-del-reductor-Lo-Gas-RL-ONE-el-png.webp",1000,1000,false],"2048x2048":["https:\/\/recambiosecogas.com\/wp-content\/uploads\/2024\/10\/Kit-de-reparacion-del-reductor-Lo-Gas-RL-ONE-el-png.webp",1000,1000,false],"woocommerce_archive_thumbnail":["https:\/\/recambiosecogas.com\/wp-content\/uploads\/2024\/10\/Kit-de-reparacion-del-reductor-Lo-Gas-RL-ONE-el-png.webp",1000,1000,false],"woocommerce_thumbnail":["https:\/\/recambiosecogas.com\/wp-content\/uploads\/2024\/10\/Kit-de-reparacion-del-reductor-Lo-Gas-RL-ONE-el-png-300x300.webp",300,300,true],"woocommerce_single":["https:\/\/recambiosecogas.com\/wp-content\/uploads\/2024\/10\/Kit-de-reparacion-del-reductor-Lo-Gas-RL-ONE-el-png.webp",1000,1000,false],"woocommerce_gallery_thumbnail":["https:\/\/recambiosecogas.com\/wp-content\/uploads\/2024\/10\/Kit-de-reparacion-del-reductor-Lo-Gas-RL-ONE-el-png.webp",1000,1000,false],"dgwt-wcas-product-suggestion":["https:\/\/recambiosecogas.com\/wp-content\/uploads\/2024\/10\/Kit-de-reparacion-del-reductor-Lo-Gas-RL-ONE-el-png-64x64.webp",64,64,true]},"uagb_author_info":{"display_name":"Fran - Soporte T\u00e9cnico","author_link":"https:\/\/recambiosecogas.com\/it\/author\/"},"uagb_comment_info":0,"uagb_excerpt":"Kit di riparazione Lo Gas RL-ONE. Riduttore","_links":{"self":[{"href":"https:\/\/recambiosecogas.com\/it\/wp-json\/wp\/v2\/product\/47110","targetHints":{"allow":["GET"]}}],"collection":[{"href":"https:\/\/recambiosecogas.com\/it\/wp-json\/wp\/v2\/product"}],"about":[{"href":"https:\/\/recambiosecogas.com\/it\/wp-json\/wp\/v2\/types\/product"}],"replies":[{"embeddable":true,"href":"https:\/\/recambiosecogas.com\/it\/wp-json\/wp\/v2\/comments?post=47110"}],"wp:featuredmedia":[{"embeddable":true,"href":"https:\/\/recambiosecogas.com\/it\/wp-json\/wp\/v2\/media\/5060"}],"wp:attachment":[{"href":"https:\/\/recambiosecogas.com\/it\/wp-json\/wp\/v2\/media?parent=47110"}],"wp:term":[{"taxonomy":"product_brand","embeddable":true,"href":"https:\/\/recambiosecogas.com\/it\/wp-json\/wp\/v2\/product_brand?post=47110"},{"taxonomy":"product_cat","embeddable":true,"href":"https:\/\/recambiosecogas.com\/it\/wp-json\/wp\/v2\/product_cat?post=47110"},{"taxonomy":"product_tag","embeddable":true,"href":"https:\/\/recambiosecogas.com\/it\/wp-json\/wp\/v2\/product_tag?post=47110"}],"curies":[{"name":"wp","href":"https:\/\/api.w.org\/{rel}","templated":true}]}}