{"id":47104,"date":"2024-10-19T13:51:55","date_gmt":"2024-10-19T13:51:55","guid":{"rendered":"https:\/\/recambiosecogas.com\/producto\/kit-de-reparacion-del-reductor-landi-renzo-se81\/"},"modified":"2026-04-08T11:00:11","modified_gmt":"2026-04-08T10:00:11","slug":"kit-de-reparacion-del-reductor-landi-renzo-se81","status":"publish","type":"product","link":"https:\/\/recambiosecogas.com\/it\/producto\/kit-de-reparacion-del-reductor-landi-renzo-se81\/","title":{"rendered":"Kit riduttore Landi Renzo SE81"},"content":{"rendered":"<h1 data-start=\"438\" data-end=\"487\">Kit riduttore Landi Renzo SE81<\/h1>\n<p data-start=\"489\" data-end=\"840\">Il <strong data-start=\"492\" data-end=\"536\">kit riduttore Landi Renzo SE81<\/strong> \u00e8 progettato per la manutenzione del modello SE81, permettendo la sostituzione di componenti interni soggetti a usura e recuperando la stabilit\u00e0 di pressione del sistema. Questo insieme facilita il ricondizionamento del regolatore e aiuta a mantenere un funzionamento costante nei sistemi a GPL. <\/p>\n<p data-start=\"842\" data-end=\"1125\">Col tempo, membrane interne e guarnizioni possono deteriorarsi, influenzando la pressione e le prestazioni complessive del cambio. La sostituzione preventiva di questi elementi aiuta a evitare variazioni di pressione, funzionamento irregolare e possibili perdite interne. <\/p>\n<hr data-start=\"1127\" data-end=\"1130\">\n<h2 data-start=\"1132\" data-end=\"1193\">Manutenzione con kit di riparazione riduttore Landi Renzo SE81<\/h2>\n<div class=\"TyagGW_tableContainer\">\n<div class=\"group TyagGW_tableWrapper flex flex-col-reverse w-fit\" tabindex=\"-1\">\n<table class=\"w-fit min-w-(--thread-content-width)\" data-start=\"1195\" data-end=\"1442\">\n<thead data-start=\"1195\" data-end=\"1230\">\n<tr data-start=\"1195\" data-end=\"1230\">\n<th class=\"\" data-start=\"1195\" data-end=\"1212\" data-col-size=\"sm\">Caratteristiche<\/th>\n<th class=\"\" data-start=\"1212\" data-end=\"1230\" data-col-size=\"sm\">Specifiche<\/th>\n<\/tr>\n<\/thead>\n<tbody data-start=\"1267\" data-end=\"1442\">\n<tr data-start=\"1267\" data-end=\"1299\">\n<td data-start=\"1267\" data-end=\"1278\" data-col-size=\"sm\">Prodotto<\/td>\n<td data-start=\"1278\" data-end=\"1299\" data-col-size=\"sm\">Kit di riparazione<\/td>\n<\/tr>\n<tr data-start=\"1300\" data-end=\"1323\">\n<td data-start=\"1300\" data-end=\"1308\" data-col-size=\"sm\">Marchio<\/td>\n<td data-start=\"1308\" data-end=\"1323\" data-col-size=\"sm\">Landi Renzo<\/td>\n<\/tr>\n<tr data-start=\"1324\" data-end=\"1352\">\n<td data-start=\"1324\" data-end=\"1344\" data-col-size=\"sm\">Modello compatibile<\/td>\n<td data-start=\"1344\" data-end=\"1352\" data-col-size=\"sm\">SE81<\/td>\n<\/tr>\n<tr data-start=\"1353\" data-end=\"1378\">\n<td data-start=\"1353\" data-end=\"1366\" data-col-size=\"sm\">Applicazione<\/td>\n<td data-start=\"1366\" data-end=\"1378\" data-col-size=\"sm\">Riduttore<\/td>\n<\/tr>\n<tr data-start=\"1379\" data-end=\"1400\">\n<td data-start=\"1379\" data-end=\"1393\" data-col-size=\"sm\">Carburante<\/td>\n<td data-start=\"1393\" data-end=\"1400\" data-col-size=\"sm\">GPL<\/td>\n<\/tr>\n<tr data-start=\"1401\" data-end=\"1442\">\n<td data-start=\"1401\" data-end=\"1415\" data-col-size=\"sm\">Installazione<\/td>\n<td data-start=\"1415\" data-end=\"1442\" data-col-size=\"sm\">Professionisti consigliati<\/td>\n<\/tr>\n<\/tbody>\n<\/table>\n<\/div>\n<\/div>\n<hr data-start=\"1444\" data-end=\"1447\">\n<h2 data-start=\"1449\" data-end=\"1473\">Componenti inclusi<\/h2>\n<p data-start=\"1475\" data-end=\"1492\">Questo kit permette:<\/p>\n<ul data-start=\"1494\" data-end=\"1641\">\n<li data-start=\"1494\" data-end=\"1526\">\n<p data-start=\"1496\" data-end=\"1526\">Sostituire le membrane interne<\/p>\n<\/li>\n<li data-start=\"1527\" data-end=\"1564\">\n<p data-start=\"1529\" data-end=\"1564\">Sostituire guarnizioni<\/p>\n<\/li>\n<li data-start=\"1565\" data-end=\"1602\">\n<p data-start=\"1567\" data-end=\"1602\">Ripristino della pressione di lavoro<\/p>\n<\/li>\n<li data-start=\"1603\" data-end=\"1641\">\n<p data-start=\"1605\" data-end=\"1641\">Miglioramento della stabilit\u00e0 del sistema<\/p>\n<\/li>\n<\/ul>\n<p data-start=\"1643\" data-end=\"1764\">Una corretta manutenzione dell&#8217;SE81 prolunga la vita del cambio e mantiene l&#8217;efficienza del sistema a gas.<\/p>\n<hr data-start=\"1766\" data-end=\"1769\">\n<h2 data-start=\"1771\" data-end=\"1788\">Compatibilit\u00e0<\/h2>\n<p data-start=\"1790\" data-end=\"1909\">Compatibile con i riduttori modello Landi Renzo SE81.<br data-start=\"1840\" data-end=\"1843\">Si consiglia di controllare la versione esatta prima dell&#8217;installazione.<\/p>\n<hr data-start=\"1911\" data-end=\"1914\">\n<h2 data-start=\"1916\" data-end=\"1922\">Domande frequenti<\/h2>\n<p data-start=\"1924\" data-end=\"2039\"><strong data-start=\"1924\" data-end=\"1953\">A cosa serve questo kit?<\/strong><br data-start=\"1953\" data-end=\"1956\">Permette di ricondizionare il cambio sostituendo gli elementi di usura interni.<\/p>\n<p data-start=\"2041\" data-end=\"2124\"><strong data-start=\"2041\" data-end=\"2075\">\u00c8 valido per altri modelli?<\/strong><br data-start=\"2075\" data-end=\"2078\">\u00c8 specificamente destinato al modello SE81.<\/p>\n<p data-start=\"2126\" data-end=\"2219\"><strong data-start=\"2126\" data-end=\"2164\">Richiede un&#8217;installazione professionale?<\/strong><br data-start=\"2164\" data-end=\"2167\">S\u00ec, \u00e8 consigliato l&#8217;assemblaggio da parte di un tecnico specializzato.<\/p>\n","protected":false},"excerpt":{"rendered":"<p>Kit riduttore Landi Renzo SE81<\/p>\n","protected":false},"featured_media":5083,"comment_status":"open","ping_status":"closed","template":"","meta":{"_uag_custom_page_level_css":""},"product_brand":[],"product_cat":[2135,2123,2144],"product_tag":[],"class_list":{"0":"post-47104","1":"product","2":"type-product","3":"status-publish","4":"has-post-thumbnail","6":"product_cat-juegos-de-reparacion-glp","7":"product_cat-landirenzo","8":"product_cat-productos-por-marca","10":"first","11":"onbackorder","12":"taxable","13":"shipping-taxable","14":"purchasable","15":"product-type-simple"},"ct_brands":[],"yoast_head":"<!-- This site is optimized with the Yoast SEO Premium plugin v27.5 (Yoast SEO v27.5) - https:\/\/yoast.com\/product\/yoast-seo-premium-wordpress\/ -->\n<title>Kit riduttore Landi Renzo SE81 |%Recambios EcoGas<\/title>\n<meta name=\"description\" content=\"Kit di riparazione riduttore Landi Renzo SE81 per manutenzione e recupero stabile della pressione nei sistemi a GPL.\" \/>\n<meta name=\"robots\" content=\"index, follow, max-snippet:-1, max-image-preview:large, max-video-preview:-1\" \/>\n<link rel=\"canonical\" href=\"https:\/\/recambiosecogas.com\/it\/producto\/kit-de-reparacion-del-reductor-landi-renzo-se81\/\" \/>\n<meta property=\"og:locale\" content=\"it_IT\" \/>\n<meta property=\"og:type\" content=\"article\" \/>\n<meta property=\"og:title\" content=\"Kit riduttore Landi Renzo SE81\" \/>\n<meta property=\"og:description\" content=\"Kit di riparazione riduttore Landi Renzo SE81 per manutenzione e recupero stabile della pressione nei sistemi a GPL.\" \/>\n<meta property=\"og:url\" content=\"https:\/\/recambiosecogas.com\/it\/producto\/kit-de-reparacion-del-reductor-landi-renzo-se81\/\" \/>\n<meta property=\"og:site_name\" content=\"Recambios EcoGas\" \/>\n<meta property=\"article:publisher\" content=\"https:\/\/www.facebook.com\/profile.php?id=100062419705358\" \/>\n<meta property=\"article:modified_time\" content=\"2026-04-08T10:00:11+00:00\" \/>\n<meta property=\"og:image\" content=\"https:\/\/recambiosecogas.com\/wp-content\/uploads\/2024\/10\/Kit-de-reparacion-del-reductor-Landi-Renzo-SE81-png.webp\" \/>\n\t<meta property=\"og:image:width\" content=\"1000\" \/>\n\t<meta property=\"og:image:height\" content=\"1000\" \/>\n\t<meta property=\"og:image:type\" content=\"image\/png\" \/>\n<meta name=\"twitter:card\" content=\"summary_large_image\" \/>\n<meta name=\"twitter:label1\" content=\"Prezzo\" \/>\n\t<meta name=\"twitter:data1\" content=\"29,99&nbsp;&euro; (Sin IVA: 24,79&nbsp;&euro;)\" \/>\n\t<meta name=\"twitter:label2\" content=\"Disponibilit\u00e0\" \/>\n\t<meta name=\"twitter:data2\" content=\"Su ordinazione\" \/>\n<script type=\"application\/ld+json\" class=\"yoast-schema-graph\">{\"@context\":\"https:\\\/\\\/schema.org\",\"@graph\":[{\"@type\":\"WebPage\",\"@id\":\"https:\\\/\\\/recambiosecogas.com\\\/it\\\/producto\\\/kit-de-reparacion-del-reductor-landi-renzo-se81\\\/\",\"url\":\"https:\\\/\\\/recambiosecogas.com\\\/it\\\/producto\\\/kit-de-reparacion-del-reductor-landi-renzo-se81\\\/\",\"name\":\"Kit riduttore Landi Renzo SE81 |%Recambios EcoGas\",\"isPartOf\":{\"@id\":\"https:\\\/\\\/recambiosecogas.com\\\/it\\\/#website\"},\"primaryImageOfPage\":{\"@id\":\"https:\\\/\\\/recambiosecogas.com\\\/it\\\/producto\\\/kit-de-reparacion-del-reductor-landi-renzo-se81\\\/#primaryimage\"},\"image\":{\"@id\":\"https:\\\/\\\/recambiosecogas.com\\\/it\\\/producto\\\/kit-de-reparacion-del-reductor-landi-renzo-se81\\\/#primaryimage\"},\"thumbnailUrl\":\"https:\\\/\\\/recambiosecogas.com\\\/wp-content\\\/uploads\\\/2024\\\/10\\\/Kit-de-reparacion-del-reductor-Landi-Renzo-SE81-png.webp\",\"datePublished\":\"2024-10-19T13:51:55+00:00\",\"dateModified\":\"2026-04-08T10:00:11+00:00\",\"description\":\"Kit di riparazione riduttore Landi Renzo SE81 per manutenzione e recupero stabile della pressione nei sistemi a GPL.\",\"breadcrumb\":{\"@id\":\"https:\\\/\\\/recambiosecogas.com\\\/it\\\/producto\\\/kit-de-reparacion-del-reductor-landi-renzo-se81\\\/#breadcrumb\"},\"inLanguage\":\"it-IT\",\"potentialAction\":[{\"@type\":\"ReadAction\",\"target\":[\"https:\\\/\\\/recambiosecogas.com\\\/it\\\/producto\\\/kit-de-reparacion-del-reductor-landi-renzo-se81\\\/\"]}]},{\"@type\":\"ImageObject\",\"inLanguage\":\"it-IT\",\"@id\":\"https:\\\/\\\/recambiosecogas.com\\\/it\\\/producto\\\/kit-de-reparacion-del-reductor-landi-renzo-se81\\\/#primaryimage\",\"url\":\"https:\\\/\\\/recambiosecogas.com\\\/wp-content\\\/uploads\\\/2024\\\/10\\\/Kit-de-reparacion-del-reductor-Landi-Renzo-SE81-png.webp\",\"contentUrl\":\"https:\\\/\\\/recambiosecogas.com\\\/wp-content\\\/uploads\\\/2024\\\/10\\\/Kit-de-reparacion-del-reductor-Landi-Renzo-SE81-png.webp\",\"width\":1000,\"height\":1000},{\"@type\":\"BreadcrumbList\",\"@id\":\"https:\\\/\\\/recambiosecogas.com\\\/it\\\/producto\\\/kit-de-reparacion-del-reductor-landi-renzo-se81\\\/#breadcrumb\",\"itemListElement\":[{\"@type\":\"ListItem\",\"position\":1,\"name\":\"Portada\",\"item\":\"https:\\\/\\\/recambiosecogas.com\\\/it\\\/\"},{\"@type\":\"ListItem\",\"position\":2,\"name\":\"Negozio\",\"item\":\"https:\\\/\\\/recambiosecogas.com\\\/it\\\/?page_id=46382\"},{\"@type\":\"ListItem\",\"position\":3,\"name\":\"Kit riduttore Landi Renzo SE81\"}]},{\"@type\":\"WebSite\",\"@id\":\"https:\\\/\\\/recambiosecogas.com\\\/it\\\/#website\",\"url\":\"https:\\\/\\\/recambiosecogas.com\\\/it\\\/\",\"name\":\"Recambios EcoGas\",\"description\":\"Recambios Multimarca para sistemas de GLP\\\/GNC\\\/GNL\\\/Hidr\u00f3geno\",\"publisher\":{\"@id\":\"https:\\\/\\\/recambiosecogas.com\\\/it\\\/#organization\"},\"alternateName\":\"Recambios Autogas GLP\",\"potentialAction\":[{\"@type\":\"SearchAction\",\"target\":{\"@type\":\"EntryPoint\",\"urlTemplate\":\"https:\\\/\\\/recambiosecogas.com\\\/it\\\/?s={search_term_string}\"},\"query-input\":{\"@type\":\"PropertyValueSpecification\",\"valueRequired\":true,\"valueName\":\"search_term_string\"}}],\"inLanguage\":\"it-IT\"},{\"@type\":[\"Organization\",\"Place\"],\"@id\":\"https:\\\/\\\/recambiosecogas.com\\\/it\\\/#organization\",\"name\":\"Recambios EcoGas\",\"alternateName\":\"Tienda Online GLP Espa\u00f1a\",\"url\":\"https:\\\/\\\/recambiosecogas.com\\\/it\\\/\",\"logo\":{\"@id\":\"https:\\\/\\\/recambiosecogas.com\\\/it\\\/producto\\\/kit-de-reparacion-del-reductor-landi-renzo-se81\\\/#local-main-organization-logo\"},\"image\":{\"@id\":\"https:\\\/\\\/recambiosecogas.com\\\/it\\\/producto\\\/kit-de-reparacion-del-reductor-landi-renzo-se81\\\/#local-main-organization-logo\"},\"sameAs\":[\"https:\\\/\\\/www.facebook.com\\\/profile.php?id=100062419705358\",\"https:\\\/\\\/www.instagram.com\\\/segimon_automocio\"],\"description\":\"Recambios EcoGas \u2013 Venta y distribuci\u00f3n de sistemas GLP y GNC en Espa\u00f1a y Portugal. Env\u00edos 24 h, soporte t\u00e9cnico a talleres y distribuidores.\",\"hasMerchantReturnPolicy\":{\"@type\":\"MerchantReturnPolicy\",\"merchantReturnLink\":\"https:\\\/\\\/recambiosecogas.com\\\/politicas-privacidad\\\/\"},\"address\":{\"@id\":\"https:\\\/\\\/recambiosecogas.com\\\/it\\\/producto\\\/kit-de-reparacion-del-reductor-landi-renzo-se81\\\/#local-main-place-address\"},\"telephone\":[\"616250633\"],\"contactPoint\":{\"@type\":\"ContactPoint\",\"email\":\"export@recambiosecogas.com\"},\"openingHoursSpecification\":[{\"@type\":\"OpeningHoursSpecification\",\"dayOfWeek\":[\"Monday\",\"Tuesday\",\"Wednesday\",\"Thursday\",\"Friday\",\"Saturday\",\"Sunday\"],\"opens\":\"09:00\",\"closes\":\"17:00\"}],\"email\":\"info@recambiosecogas.com\",\"faxNumber\":\"SEGIMON AUTOMOCION SL\",\"vatID\":\"ESB19819861\",\"globalLocationNumber\":\"938 616 339\"},{\"@type\":\"PostalAddress\",\"@id\":\"https:\\\/\\\/recambiosecogas.com\\\/it\\\/producto\\\/kit-de-reparacion-del-reductor-landi-renzo-se81\\\/#local-main-place-address\",\"streetAddress\":\"cami antic de vic, 29 (Nave 3), Pol\u00edgono Industrial Congost\",\"addressLocality\":\"CORRO D`AVALL\",\"postalCode\":\"08520\",\"addressRegion\":\"Barcelona\",\"addressCountry\":\"ES\"},{\"@type\":\"ImageObject\",\"inLanguage\":\"it-IT\",\"@id\":\"https:\\\/\\\/recambiosecogas.com\\\/it\\\/producto\\\/kit-de-reparacion-del-reductor-landi-renzo-se81\\\/#local-main-organization-logo\",\"url\":\"https:\\\/\\\/recambiosecogas.com\\\/wp-content\\\/uploads\\\/2024\\\/11\\\/cropped-RECAMBIOS-GLP-png.webp\",\"contentUrl\":\"https:\\\/\\\/recambiosecogas.com\\\/wp-content\\\/uploads\\\/2024\\\/11\\\/cropped-RECAMBIOS-GLP-png.webp\",\"width\":512,\"height\":512,\"caption\":\"Recambios EcoGas\"}]}<\/script>\n<meta property=\"product:price:amount\" content=\"29.99\" \/>\n<meta property=\"product:price:currency\" content=\"EUR\" \/>\n<meta property=\"og:availability\" content=\"backorder\" \/>\n<meta property=\"product:availability\" content=\"available for order\" \/>\n<meta property=\"product:retailer_item_id\" content=\"100973A\" \/>\n<meta property=\"product:condition\" content=\"new\" \/>\n<meta name=\"geo.placename\" content=\"CORRO D`AVALL\" \/>\n<meta name=\"geo.region\" content=\"Spagna\" \/>\n<!-- \/ Yoast SEO Premium plugin. -->","yoast_head_json":{"title":"Kit riduttore Landi Renzo SE81 |%Recambios EcoGas","description":"Kit di riparazione riduttore Landi Renzo SE81 per manutenzione e recupero stabile della pressione nei sistemi a GPL.","robots":{"index":"index","follow":"follow","max-snippet":"max-snippet:-1","max-image-preview":"max-image-preview:large","max-video-preview":"max-video-preview:-1"},"canonical":"https:\/\/recambiosecogas.com\/it\/producto\/kit-de-reparacion-del-reductor-landi-renzo-se81\/","og_locale":"it_IT","og_type":"article","og_title":"Kit riduttore Landi Renzo SE81","og_description":"Kit di riparazione riduttore Landi Renzo SE81 per manutenzione e recupero stabile della pressione nei sistemi a GPL.","og_url":"https:\/\/recambiosecogas.com\/it\/producto\/kit-de-reparacion-del-reductor-landi-renzo-se81\/","og_site_name":"Recambios EcoGas","article_publisher":"https:\/\/www.facebook.com\/profile.php?id=100062419705358","article_modified_time":"2026-04-08T10:00:11+00:00","og_image":[{"width":1000,"height":1000,"url":"https:\/\/recambiosecogas.com\/wp-content\/uploads\/2024\/10\/Kit-de-reparacion-del-reductor-Landi-Renzo-SE81-png.webp","type":"image\/png"}],"twitter_card":"summary_large_image","twitter_misc":{"Prezzo":"29,99&nbsp;&euro; (Sin IVA: 24,79&nbsp;&euro;)","Disponibilit\u00e0":"Su ordinazione"},"schema":{"@context":"https:\/\/schema.org","@graph":[{"@type":"WebPage","@id":"https:\/\/recambiosecogas.com\/it\/producto\/kit-de-reparacion-del-reductor-landi-renzo-se81\/","url":"https:\/\/recambiosecogas.com\/it\/producto\/kit-de-reparacion-del-reductor-landi-renzo-se81\/","name":"Kit riduttore Landi Renzo SE81 |%Recambios EcoGas","isPartOf":{"@id":"https:\/\/recambiosecogas.com\/it\/#website"},"primaryImageOfPage":{"@id":"https:\/\/recambiosecogas.com\/it\/producto\/kit-de-reparacion-del-reductor-landi-renzo-se81\/#primaryimage"},"image":{"@id":"https:\/\/recambiosecogas.com\/it\/producto\/kit-de-reparacion-del-reductor-landi-renzo-se81\/#primaryimage"},"thumbnailUrl":"https:\/\/recambiosecogas.com\/wp-content\/uploads\/2024\/10\/Kit-de-reparacion-del-reductor-Landi-Renzo-SE81-png.webp","datePublished":"2024-10-19T13:51:55+00:00","dateModified":"2026-04-08T10:00:11+00:00","description":"Kit di riparazione riduttore Landi Renzo SE81 per manutenzione e recupero stabile della pressione nei sistemi a GPL.","breadcrumb":{"@id":"https:\/\/recambiosecogas.com\/it\/producto\/kit-de-reparacion-del-reductor-landi-renzo-se81\/#breadcrumb"},"inLanguage":"it-IT","potentialAction":[{"@type":"ReadAction","target":["https:\/\/recambiosecogas.com\/it\/producto\/kit-de-reparacion-del-reductor-landi-renzo-se81\/"]}]},{"@type":"ImageObject","inLanguage":"it-IT","@id":"https:\/\/recambiosecogas.com\/it\/producto\/kit-de-reparacion-del-reductor-landi-renzo-se81\/#primaryimage","url":"https:\/\/recambiosecogas.com\/wp-content\/uploads\/2024\/10\/Kit-de-reparacion-del-reductor-Landi-Renzo-SE81-png.webp","contentUrl":"https:\/\/recambiosecogas.com\/wp-content\/uploads\/2024\/10\/Kit-de-reparacion-del-reductor-Landi-Renzo-SE81-png.webp","width":1000,"height":1000},{"@type":"BreadcrumbList","@id":"https:\/\/recambiosecogas.com\/it\/producto\/kit-de-reparacion-del-reductor-landi-renzo-se81\/#breadcrumb","itemListElement":[{"@type":"ListItem","position":1,"name":"Portada","item":"https:\/\/recambiosecogas.com\/it\/"},{"@type":"ListItem","position":2,"name":"Negozio","item":"https:\/\/recambiosecogas.com\/it\/?page_id=46382"},{"@type":"ListItem","position":3,"name":"Kit riduttore Landi Renzo SE81"}]},{"@type":"WebSite","@id":"https:\/\/recambiosecogas.com\/it\/#website","url":"https:\/\/recambiosecogas.com\/it\/","name":"Recambios EcoGas","description":"Recambios Multimarca para sistemas de GLP\/GNC\/GNL\/Hidr\u00f3geno","publisher":{"@id":"https:\/\/recambiosecogas.com\/it\/#organization"},"alternateName":"Recambios Autogas GLP","potentialAction":[{"@type":"SearchAction","target":{"@type":"EntryPoint","urlTemplate":"https:\/\/recambiosecogas.com\/it\/?s={search_term_string}"},"query-input":{"@type":"PropertyValueSpecification","valueRequired":true,"valueName":"search_term_string"}}],"inLanguage":"it-IT"},{"@type":["Organization","Place"],"@id":"https:\/\/recambiosecogas.com\/it\/#organization","name":"Recambios EcoGas","alternateName":"Tienda Online GLP Espa\u00f1a","url":"https:\/\/recambiosecogas.com\/it\/","logo":{"@id":"https:\/\/recambiosecogas.com\/it\/producto\/kit-de-reparacion-del-reductor-landi-renzo-se81\/#local-main-organization-logo"},"image":{"@id":"https:\/\/recambiosecogas.com\/it\/producto\/kit-de-reparacion-del-reductor-landi-renzo-se81\/#local-main-organization-logo"},"sameAs":["https:\/\/www.facebook.com\/profile.php?id=100062419705358","https:\/\/www.instagram.com\/segimon_automocio"],"description":"Recambios EcoGas \u2013 Venta y distribuci\u00f3n de sistemas GLP y GNC en Espa\u00f1a y Portugal. Env\u00edos 24 h, soporte t\u00e9cnico a talleres y distribuidores.","hasMerchantReturnPolicy":{"@type":"MerchantReturnPolicy","merchantReturnLink":"https:\/\/recambiosecogas.com\/politicas-privacidad\/"},"address":{"@id":"https:\/\/recambiosecogas.com\/it\/producto\/kit-de-reparacion-del-reductor-landi-renzo-se81\/#local-main-place-address"},"telephone":["616250633"],"contactPoint":{"@type":"ContactPoint","email":"export@recambiosecogas.com"},"openingHoursSpecification":[{"@type":"OpeningHoursSpecification","dayOfWeek":["Monday","Tuesday","Wednesday","Thursday","Friday","Saturday","Sunday"],"opens":"09:00","closes":"17:00"}],"email":"info@recambiosecogas.com","faxNumber":"SEGIMON AUTOMOCION SL","vatID":"ESB19819861","globalLocationNumber":"938 616 339"},{"@type":"PostalAddress","@id":"https:\/\/recambiosecogas.com\/it\/producto\/kit-de-reparacion-del-reductor-landi-renzo-se81\/#local-main-place-address","streetAddress":"cami antic de vic, 29 (Nave 3), Pol\u00edgono Industrial Congost","addressLocality":"CORRO D`AVALL","postalCode":"08520","addressRegion":"Barcelona","addressCountry":"ES"},{"@type":"ImageObject","inLanguage":"it-IT","@id":"https:\/\/recambiosecogas.com\/it\/producto\/kit-de-reparacion-del-reductor-landi-renzo-se81\/#local-main-organization-logo","url":"https:\/\/recambiosecogas.com\/wp-content\/uploads\/2024\/11\/cropped-RECAMBIOS-GLP-png.webp","contentUrl":"https:\/\/recambiosecogas.com\/wp-content\/uploads\/2024\/11\/cropped-RECAMBIOS-GLP-png.webp","width":512,"height":512,"caption":"Recambios EcoGas"}]},"product_price_amount":"29.99","product_price_currency":"EUR","og_availability":"backorder","product_availability":"available for order","product_retailer_item_id":"100973A","product_condition":"new","geo.placename":"CORRO D`AVALL","geo.region":"Spagna"},"uagb_featured_image_src":{"full":["https:\/\/recambiosecogas.com\/wp-content\/uploads\/2024\/10\/Kit-de-reparacion-del-reductor-Landi-Renzo-SE81-png.webp",1000,1000,false],"thumbnail":["https:\/\/recambiosecogas.com\/wp-content\/uploads\/2024\/10\/Kit-de-reparacion-del-reductor-Landi-Renzo-SE81-png-150x150.webp",150,150,true],"medium":["https:\/\/recambiosecogas.com\/wp-content\/uploads\/2024\/10\/Kit-de-reparacion-del-reductor-Landi-Renzo-SE81-300x300.webp",300,300,true],"medium_large":["https:\/\/recambiosecogas.com\/wp-content\/uploads\/2024\/10\/Kit-de-reparacion-del-reductor-Landi-Renzo-SE81-png-768x768.webp",768,768,true],"large":["https:\/\/recambiosecogas.com\/wp-content\/uploads\/2024\/10\/Kit-de-reparacion-del-reductor-Landi-Renzo-SE81-png.webp",1000,1000,false],"1536x1536":["https:\/\/recambiosecogas.com\/wp-content\/uploads\/2024\/10\/Kit-de-reparacion-del-reductor-Landi-Renzo-SE81-png.webp",1000,1000,false],"2048x2048":["https:\/\/recambiosecogas.com\/wp-content\/uploads\/2024\/10\/Kit-de-reparacion-del-reductor-Landi-Renzo-SE81-png.webp",1000,1000,false],"woocommerce_archive_thumbnail":["https:\/\/recambiosecogas.com\/wp-content\/uploads\/2024\/10\/Kit-de-reparacion-del-reductor-Landi-Renzo-SE81-png.webp",1000,1000,false],"woocommerce_thumbnail":["https:\/\/recambiosecogas.com\/wp-content\/uploads\/2024\/10\/Kit-de-reparacion-del-reductor-Landi-Renzo-SE81-png-300x300.webp",300,300,true],"woocommerce_single":["https:\/\/recambiosecogas.com\/wp-content\/uploads\/2024\/10\/Kit-de-reparacion-del-reductor-Landi-Renzo-SE81-png.webp",1000,1000,false],"woocommerce_gallery_thumbnail":["https:\/\/recambiosecogas.com\/wp-content\/uploads\/2024\/10\/Kit-de-reparacion-del-reductor-Landi-Renzo-SE81-png.webp",1000,1000,false],"dgwt-wcas-product-suggestion":["https:\/\/recambiosecogas.com\/wp-content\/uploads\/2024\/10\/Kit-de-reparacion-del-reductor-Landi-Renzo-SE81-png-64x64.webp",64,64,true]},"uagb_author_info":{"display_name":"Fran - Soporte T\u00e9cnico","author_link":"https:\/\/recambiosecogas.com\/it\/author\/"},"uagb_comment_info":0,"uagb_excerpt":"Kit riduttore Landi Renzo SE81","_links":{"self":[{"href":"https:\/\/recambiosecogas.com\/it\/wp-json\/wp\/v2\/product\/47104","targetHints":{"allow":["GET"]}}],"collection":[{"href":"https:\/\/recambiosecogas.com\/it\/wp-json\/wp\/v2\/product"}],"about":[{"href":"https:\/\/recambiosecogas.com\/it\/wp-json\/wp\/v2\/types\/product"}],"replies":[{"embeddable":true,"href":"https:\/\/recambiosecogas.com\/it\/wp-json\/wp\/v2\/comments?post=47104"}],"wp:featuredmedia":[{"embeddable":true,"href":"https:\/\/recambiosecogas.com\/it\/wp-json\/wp\/v2\/media\/5083"}],"wp:attachment":[{"href":"https:\/\/recambiosecogas.com\/it\/wp-json\/wp\/v2\/media?parent=47104"}],"wp:term":[{"taxonomy":"product_brand","embeddable":true,"href":"https:\/\/recambiosecogas.com\/it\/wp-json\/wp\/v2\/product_brand?post=47104"},{"taxonomy":"product_cat","embeddable":true,"href":"https:\/\/recambiosecogas.com\/it\/wp-json\/wp\/v2\/product_cat?post=47104"},{"taxonomy":"product_tag","embeddable":true,"href":"https:\/\/recambiosecogas.com\/it\/wp-json\/wp\/v2\/product_tag?post=47104"}],"curies":[{"name":"wp","href":"https:\/\/api.w.org\/{rel}","templated":true}]}}