{"id":47103,"date":"2024-10-19T13:51:58","date_gmt":"2024-10-19T13:51:58","guid":{"rendered":"https:\/\/recambiosecogas.com\/producto\/lovato-kit-de-reparacion-de-la-valvula-de-cierre-del-reductor-rgj-3-3-dd-3-2-3-2l-3-2l-dd\/"},"modified":"2026-04-27T09:19:23","modified_gmt":"2026-04-27T08:19:23","slug":"lovato-kit-de-reparacion-de-la-valvula-de-cierre-del-reductor-rgj-3-3-dd-3-2-3-2l-3-2l-dd","status":"publish","type":"product","link":"https:\/\/recambiosecogas.com\/it\/producto\/lovato-kit-de-reparacion-de-la-valvula-de-cierre-del-reductor-rgj-3-3-dd-3-2-3-2l-3-2l-dd\/","title":{"rendered":"Kit di riparazione valvole di chiusura Lovato RGJ-3\/3\/3 DD\/3.2L DD"},"content":{"rendered":"<h1 data-start=\"213\" data-end=\"257\">Kit di riparazione valvole di chiusura Lovato RGJ 3<\/h1>\n<p data-start=\"259\" data-end=\"583\">Il <strong data-start=\"262\" data-end=\"308\">kit di riparazione valvole di chiusura Lovato RGJ 3<\/strong> \u00e8 progettato per la manutenzione della valvola di chiusura integrata nei cambi Lovato RGJ-3, 3 DD, 3.2, 3.2L e 3.2L DD. Questo insieme permette di sostituire i componenti interni soggetti a usura e di ripristinare il corretto funzionamento del sistema di interruzione del gas. <\/p>\n<p data-start=\"585\" data-end=\"827\">Con un uso prolungato, le guarnizioni e gli elementi interni della valvola possono deteriorarsi, causando perdite, spegnimento incompleto o funzionamento irregolare. La sostituzione preventiva aiuta a mantenere la sicurezza e la stabilit\u00e0 del sistema. <\/p>\n<hr data-start=\"829\" data-end=\"832\">\n<h2 data-start=\"834\" data-end=\"880\">Manutenzione della valvola di chiusura RGJ 3<\/h2>\n<div class=\"TyagGW_tableContainer\">\n<div class=\"group TyagGW_tableWrapper flex flex-col-reverse w-fit\" tabindex=\"-1\">\n<table class=\"w-fit min-w-(--thread-content-width)\" data-start=\"882\" data-end=\"1157\">\n<thead data-start=\"882\" data-end=\"917\">\n<tr data-start=\"882\" data-end=\"917\">\n<th class=\"\" data-start=\"882\" data-end=\"899\" data-col-size=\"sm\">Caratteristiche<\/th>\n<th class=\"\" data-start=\"899\" data-end=\"917\" data-col-size=\"sm\">Specifiche<\/th>\n<\/tr>\n<\/thead>\n<tbody data-start=\"954\" data-end=\"1157\">\n<tr data-start=\"954\" data-end=\"986\">\n<td data-start=\"954\" data-end=\"965\" data-col-size=\"sm\">Prodotto<\/td>\n<td data-start=\"965\" data-end=\"986\" data-col-size=\"sm\">Kit di riparazione<\/td>\n<\/tr>\n<tr data-start=\"987\" data-end=\"1005\">\n<td data-start=\"987\" data-end=\"995\" data-col-size=\"sm\">Marchio<\/td>\n<td data-start=\"995\" data-end=\"1005\" data-col-size=\"sm\">Lovato<\/td>\n<\/tr>\n<tr data-start=\"1006\" data-end=\"1067\">\n<td data-start=\"1006\" data-end=\"1028\" data-col-size=\"sm\">Modelli supportati<\/td>\n<td data-start=\"1028\" data-end=\"1067\" data-col-size=\"sm\">RGJ-3\/3 DD\/3.2\/3.2L\/3.2L DD<\/td>\n<\/tr>\n<tr data-start=\"1068\" data-end=\"1115\">\n<td data-start=\"1068\" data-end=\"1081\" data-col-size=\"sm\">Applicazione<\/td>\n<td data-start=\"1081\" data-end=\"1115\" data-col-size=\"sm\">Valvola di chiusura del riduttore<\/td>\n<\/tr>\n<tr data-start=\"1116\" data-end=\"1157\">\n<td data-start=\"1116\" data-end=\"1130\" data-col-size=\"sm\">Installazione<\/td>\n<td data-start=\"1130\" data-end=\"1157\" data-col-size=\"sm\">Professionisti consigliati<\/td>\n<\/tr>\n<\/tbody>\n<\/table>\n<\/div>\n<\/div>\n<hr data-start=\"1159\" data-end=\"1162\">\n<h2 data-start=\"1164\" data-end=\"1213\">Componenti di Servizio del Sistema di Taglio<\/h2>\n<p data-start=\"1215\" data-end=\"1232\">Questo kit permette:<\/p>\n<ul data-start=\"1234\" data-end=\"1372\">\n<li data-start=\"1234\" data-end=\"1263\">\n<p data-start=\"1236\" data-end=\"1263\">Sostituire le guarnizioni interne<\/p>\n<\/li>\n<li data-start=\"1264\" data-end=\"1293\">\n<p data-start=\"1266\" data-end=\"1293\">Ripristino dell&#8217;impermeabilit\u00e0<\/p>\n<\/li>\n<li data-start=\"1294\" data-end=\"1334\">\n<p data-start=\"1296\" data-end=\"1334\">Recupera la corretta interruzione del gas<\/p>\n<\/li>\n<li data-start=\"1335\" data-end=\"1372\">\n<p data-start=\"1337\" data-end=\"1372\">Mantenere la sicurezza del sistema<\/p>\n<\/li>\n<\/ul>\n<p data-start=\"1374\" data-end=\"1501\">La manutenzione regolare della valvola di chiusura aiuta a prevenire perdite e garantisce un funzionamento affidabile del cambio.<\/p>\n<hr data-start=\"1503\" data-end=\"1506\">\n<h2 data-start=\"1508\" data-end=\"1525\">Compatibilit\u00e0<\/h2>\n<p data-start=\"1527\" data-end=\"1678\">Compatibile con i cambi Lovato RGJ-3, RGJ-3 DD, RGJ-3.2, RGJ-3.2L e RGJ-3.2L DD.<br data-start=\"1609\" data-end=\"1612\">Si consiglia di controllare la versione esatta prima dell&#8217;installazione.<\/p>\n<hr data-start=\"1680\" data-end=\"1683\">\n<h2 data-start=\"1685\" data-end=\"1691\">Domande frequenti<\/h2>\n<p data-start=\"1693\" data-end=\"1830\"><strong data-start=\"1693\" data-end=\"1722\">A cosa serve questo kit?<\/strong><br data-start=\"1722\" data-end=\"1725\">Permette di ricondizionare la valvola di chiusura del cambio sostituendo gli elementi di usura interni.<\/p>\n<p data-start=\"1832\" data-end=\"1937\"><strong data-start=\"1832\" data-end=\"1874\">\u00c8 valido per tutti i modelli RGJ?<\/strong><br data-start=\"1874\" data-end=\"1877\">\u00c8 destinato alle versioni 3, 3 DD, 3.2, 3.2L e 3.2L DD.<\/p>\n<p data-start=\"1939\" data-end=\"2032\"><strong data-start=\"1939\" data-end=\"1977\">Richiede un&#8217;installazione professionale?<\/strong><br data-start=\"1977\" data-end=\"1980\">S\u00ec, \u00e8 consigliato l&#8217;assemblaggio da parte di un tecnico specializzato.<\/p>\n","protected":false},"excerpt":{"rendered":"<p data-start=\"2418\" data-end=\"2508\">Kit di riparazione per valvola di chiusura riduttrice Lovato RGJ-3 e versioni 3.2 \/ 3.2L.<\/p>\n","protected":false},"featured_media":5056,"comment_status":"open","ping_status":"closed","template":"","meta":{"_uag_custom_page_level_css":""},"product_brand":[],"product_cat":[2135,2367,2144,2136],"product_tag":[],"class_list":{"0":"post-47103","1":"product","2":"type-product","3":"status-publish","4":"has-post-thumbnail","6":"product_cat-juegos-de-reparacion-glp","7":"product_cat-lovato","8":"product_cat-productos-por-marca","9":"product_cat-reguladores-de-presion","11":"first","12":"onbackorder","13":"taxable","14":"shipping-taxable","15":"purchasable","16":"product-type-simple"},"ct_brands":[],"yoast_head":"<!-- This site is optimized with the Yoast SEO Premium plugin v27.5 (Yoast SEO v27.5) - https:\/\/yoast.com\/product\/yoast-seo-premium-wordpress\/ -->\n<title>Kit di riparazione valvole di chiusura Lovato RGJ-3\/3\/3 DD\/3.2L DD |%Recambios EcoGas<\/title>\n<meta name=\"description\" content=\"Kit di riparazione valvole di chiusura Lovato RGJ 3 per la manutenzione dei modelli RGJ-3, 3.2 e 3.2L con ripristino della tenuta.\" \/>\n<meta name=\"robots\" content=\"index, follow, max-snippet:-1, max-image-preview:large, max-video-preview:-1\" \/>\n<link rel=\"canonical\" href=\"https:\/\/recambiosecogas.com\/it\/producto\/lovato-kit-de-reparacion-de-la-valvula-de-cierre-del-reductor-rgj-3-3-dd-3-2-3-2l-3-2l-dd\/\" \/>\n<meta property=\"og:locale\" content=\"it_IT\" \/>\n<meta property=\"og:type\" content=\"article\" \/>\n<meta property=\"og:title\" content=\"Kit di riparazione valvole di chiusura Lovato RGJ-3\/3\/3 DD\/3.2L DD\" \/>\n<meta property=\"og:description\" content=\"Kit di riparazione valvole di chiusura Lovato RGJ 3 per la manutenzione dei modelli RGJ-3, 3.2 e 3.2L con ripristino della tenuta.\" \/>\n<meta property=\"og:url\" content=\"https:\/\/recambiosecogas.com\/it\/producto\/lovato-kit-de-reparacion-de-la-valvula-de-cierre-del-reductor-rgj-3-3-dd-3-2-3-2l-3-2l-dd\/\" \/>\n<meta property=\"og:site_name\" content=\"Recambios EcoGas\" \/>\n<meta property=\"article:publisher\" content=\"https:\/\/www.facebook.com\/profile.php?id=100062419705358\" \/>\n<meta property=\"article:modified_time\" content=\"2026-04-27T08:19:23+00:00\" \/>\n<meta property=\"og:image\" content=\"https:\/\/recambiosecogas.com\/wp-content\/uploads\/2024\/10\/Lovato-kit-de-reparacion-de-la-valvula-de-cierre-del-reductor-RGJ-3-png.webp\" \/>\n\t<meta property=\"og:image:width\" content=\"1000\" \/>\n\t<meta property=\"og:image:height\" content=\"1000\" \/>\n\t<meta property=\"og:image:type\" content=\"image\/png\" \/>\n<meta name=\"twitter:card\" content=\"summary_large_image\" \/>\n<meta name=\"twitter:label1\" content=\"Prezzo\" \/>\n\t<meta name=\"twitter:data1\" content=\"5,70&nbsp;&euro; (Sin IVA: 4,71&nbsp;&euro;)\" \/>\n\t<meta name=\"twitter:label2\" content=\"Disponibilit\u00e0\" \/>\n\t<meta name=\"twitter:data2\" content=\"Su ordinazione\" \/>\n<script type=\"application\/ld+json\" class=\"yoast-schema-graph\">{\"@context\":\"https:\\\/\\\/schema.org\",\"@graph\":[{\"@type\":\"WebPage\",\"@id\":\"https:\\\/\\\/recambiosecogas.com\\\/it\\\/producto\\\/lovato-kit-de-reparacion-de-la-valvula-de-cierre-del-reductor-rgj-3-3-dd-3-2-3-2l-3-2l-dd\\\/\",\"url\":\"https:\\\/\\\/recambiosecogas.com\\\/it\\\/producto\\\/lovato-kit-de-reparacion-de-la-valvula-de-cierre-del-reductor-rgj-3-3-dd-3-2-3-2l-3-2l-dd\\\/\",\"name\":\"Kit di riparazione valvole di chiusura Lovato RGJ-3\\\/3\\\/3 DD\\\/3.2L DD |%Recambios EcoGas\",\"isPartOf\":{\"@id\":\"https:\\\/\\\/recambiosecogas.com\\\/it\\\/#website\"},\"primaryImageOfPage\":{\"@id\":\"https:\\\/\\\/recambiosecogas.com\\\/it\\\/producto\\\/lovato-kit-de-reparacion-de-la-valvula-de-cierre-del-reductor-rgj-3-3-dd-3-2-3-2l-3-2l-dd\\\/#primaryimage\"},\"image\":{\"@id\":\"https:\\\/\\\/recambiosecogas.com\\\/it\\\/producto\\\/lovato-kit-de-reparacion-de-la-valvula-de-cierre-del-reductor-rgj-3-3-dd-3-2-3-2l-3-2l-dd\\\/#primaryimage\"},\"thumbnailUrl\":\"https:\\\/\\\/recambiosecogas.com\\\/wp-content\\\/uploads\\\/2024\\\/10\\\/Lovato-kit-de-reparacion-de-la-valvula-de-cierre-del-reductor-RGJ-3-png.webp\",\"datePublished\":\"2024-10-19T13:51:58+00:00\",\"dateModified\":\"2026-04-27T08:19:23+00:00\",\"description\":\"Kit di riparazione valvole di chiusura Lovato RGJ 3 per la manutenzione dei modelli RGJ-3, 3.2 e 3.2L con ripristino della tenuta.\",\"breadcrumb\":{\"@id\":\"https:\\\/\\\/recambiosecogas.com\\\/it\\\/producto\\\/lovato-kit-de-reparacion-de-la-valvula-de-cierre-del-reductor-rgj-3-3-dd-3-2-3-2l-3-2l-dd\\\/#breadcrumb\"},\"inLanguage\":\"it-IT\",\"potentialAction\":[{\"@type\":\"ReadAction\",\"target\":[\"https:\\\/\\\/recambiosecogas.com\\\/it\\\/producto\\\/lovato-kit-de-reparacion-de-la-valvula-de-cierre-del-reductor-rgj-3-3-dd-3-2-3-2l-3-2l-dd\\\/\"]}]},{\"@type\":\"ImageObject\",\"inLanguage\":\"it-IT\",\"@id\":\"https:\\\/\\\/recambiosecogas.com\\\/it\\\/producto\\\/lovato-kit-de-reparacion-de-la-valvula-de-cierre-del-reductor-rgj-3-3-dd-3-2-3-2l-3-2l-dd\\\/#primaryimage\",\"url\":\"https:\\\/\\\/recambiosecogas.com\\\/wp-content\\\/uploads\\\/2024\\\/10\\\/Lovato-kit-de-reparacion-de-la-valvula-de-cierre-del-reductor-RGJ-3-png.webp\",\"contentUrl\":\"https:\\\/\\\/recambiosecogas.com\\\/wp-content\\\/uploads\\\/2024\\\/10\\\/Lovato-kit-de-reparacion-de-la-valvula-de-cierre-del-reductor-RGJ-3-png.webp\",\"width\":1000,\"height\":1000},{\"@type\":\"BreadcrumbList\",\"@id\":\"https:\\\/\\\/recambiosecogas.com\\\/it\\\/producto\\\/lovato-kit-de-reparacion-de-la-valvula-de-cierre-del-reductor-rgj-3-3-dd-3-2-3-2l-3-2l-dd\\\/#breadcrumb\",\"itemListElement\":[{\"@type\":\"ListItem\",\"position\":1,\"name\":\"Portada\",\"item\":\"https:\\\/\\\/recambiosecogas.com\\\/it\\\/\"},{\"@type\":\"ListItem\",\"position\":2,\"name\":\"Negozio\",\"item\":\"https:\\\/\\\/recambiosecogas.com\\\/it\\\/?page_id=46382\"},{\"@type\":\"ListItem\",\"position\":3,\"name\":\"Kit di riparazione valvole di chiusura Lovato RGJ-3\\\/3\\\/3 DD\\\/3.2L DD\"}]},{\"@type\":\"WebSite\",\"@id\":\"https:\\\/\\\/recambiosecogas.com\\\/it\\\/#website\",\"url\":\"https:\\\/\\\/recambiosecogas.com\\\/it\\\/\",\"name\":\"Recambios EcoGas\",\"description\":\"Recambios Multimarca para sistemas de GLP\\\/GNC\\\/GNL\\\/Hidr\u00f3geno\",\"publisher\":{\"@id\":\"https:\\\/\\\/recambiosecogas.com\\\/it\\\/#organization\"},\"alternateName\":\"Recambios Autogas GLP\",\"potentialAction\":[{\"@type\":\"SearchAction\",\"target\":{\"@type\":\"EntryPoint\",\"urlTemplate\":\"https:\\\/\\\/recambiosecogas.com\\\/it\\\/?s={search_term_string}\"},\"query-input\":{\"@type\":\"PropertyValueSpecification\",\"valueRequired\":true,\"valueName\":\"search_term_string\"}}],\"inLanguage\":\"it-IT\"},{\"@type\":[\"Organization\",\"Place\"],\"@id\":\"https:\\\/\\\/recambiosecogas.com\\\/it\\\/#organization\",\"name\":\"Recambios EcoGas\",\"alternateName\":\"Tienda Online GLP Espa\u00f1a\",\"url\":\"https:\\\/\\\/recambiosecogas.com\\\/it\\\/\",\"logo\":{\"@id\":\"https:\\\/\\\/recambiosecogas.com\\\/it\\\/producto\\\/lovato-kit-de-reparacion-de-la-valvula-de-cierre-del-reductor-rgj-3-3-dd-3-2-3-2l-3-2l-dd\\\/#local-main-organization-logo\"},\"image\":{\"@id\":\"https:\\\/\\\/recambiosecogas.com\\\/it\\\/producto\\\/lovato-kit-de-reparacion-de-la-valvula-de-cierre-del-reductor-rgj-3-3-dd-3-2-3-2l-3-2l-dd\\\/#local-main-organization-logo\"},\"sameAs\":[\"https:\\\/\\\/www.facebook.com\\\/profile.php?id=100062419705358\",\"https:\\\/\\\/www.instagram.com\\\/segimon_automocio\"],\"description\":\"Recambios EcoGas \u2013 Venta y distribuci\u00f3n de sistemas GLP y GNC en Espa\u00f1a y Portugal. Env\u00edos 24 h, soporte t\u00e9cnico a talleres y distribuidores.\",\"hasMerchantReturnPolicy\":{\"@type\":\"MerchantReturnPolicy\",\"merchantReturnLink\":\"https:\\\/\\\/recambiosecogas.com\\\/politicas-privacidad\\\/\"},\"address\":{\"@id\":\"https:\\\/\\\/recambiosecogas.com\\\/it\\\/producto\\\/lovato-kit-de-reparacion-de-la-valvula-de-cierre-del-reductor-rgj-3-3-dd-3-2-3-2l-3-2l-dd\\\/#local-main-place-address\"},\"telephone\":[\"616250633\"],\"contactPoint\":{\"@type\":\"ContactPoint\",\"email\":\"export@recambiosecogas.com\"},\"openingHoursSpecification\":[{\"@type\":\"OpeningHoursSpecification\",\"dayOfWeek\":[\"Monday\",\"Tuesday\",\"Wednesday\",\"Thursday\",\"Friday\",\"Saturday\",\"Sunday\"],\"opens\":\"09:00\",\"closes\":\"17:00\"}],\"email\":\"info@recambiosecogas.com\",\"faxNumber\":\"SEGIMON AUTOMOCION SL\",\"vatID\":\"ESB19819861\",\"globalLocationNumber\":\"938 616 339\"},{\"@type\":\"PostalAddress\",\"@id\":\"https:\\\/\\\/recambiosecogas.com\\\/it\\\/producto\\\/lovato-kit-de-reparacion-de-la-valvula-de-cierre-del-reductor-rgj-3-3-dd-3-2-3-2l-3-2l-dd\\\/#local-main-place-address\",\"streetAddress\":\"cami antic de vic, 29 (Nave 3), Pol\u00edgono Industrial Congost\",\"addressLocality\":\"CORRO D`AVALL\",\"postalCode\":\"08520\",\"addressRegion\":\"Barcelona\",\"addressCountry\":\"ES\"},{\"@type\":\"ImageObject\",\"inLanguage\":\"it-IT\",\"@id\":\"https:\\\/\\\/recambiosecogas.com\\\/it\\\/producto\\\/lovato-kit-de-reparacion-de-la-valvula-de-cierre-del-reductor-rgj-3-3-dd-3-2-3-2l-3-2l-dd\\\/#local-main-organization-logo\",\"url\":\"https:\\\/\\\/recambiosecogas.com\\\/wp-content\\\/uploads\\\/2024\\\/11\\\/cropped-RECAMBIOS-GLP-png.webp\",\"contentUrl\":\"https:\\\/\\\/recambiosecogas.com\\\/wp-content\\\/uploads\\\/2024\\\/11\\\/cropped-RECAMBIOS-GLP-png.webp\",\"width\":512,\"height\":512,\"caption\":\"Recambios EcoGas\"}]}<\/script>\n<meta property=\"product:price:amount\" content=\"5.70\" \/>\n<meta property=\"product:price:currency\" content=\"EUR\" \/>\n<meta property=\"og:availability\" content=\"backorder\" \/>\n<meta property=\"product:availability\" content=\"available for order\" \/>\n<meta property=\"product:retailer_item_id\" content=\"107270\" \/>\n<meta property=\"product:condition\" content=\"new\" \/>\n<meta name=\"geo.placename\" content=\"CORRO D`AVALL\" \/>\n<meta name=\"geo.region\" content=\"Spagna\" \/>\n<!-- \/ Yoast SEO Premium plugin. -->","yoast_head_json":{"title":"Kit di riparazione valvole di chiusura Lovato RGJ-3\/3\/3 DD\/3.2L DD |%Recambios EcoGas","description":"Kit di riparazione valvole di chiusura Lovato RGJ 3 per la manutenzione dei modelli RGJ-3, 3.2 e 3.2L con ripristino della tenuta.","robots":{"index":"index","follow":"follow","max-snippet":"max-snippet:-1","max-image-preview":"max-image-preview:large","max-video-preview":"max-video-preview:-1"},"canonical":"https:\/\/recambiosecogas.com\/it\/producto\/lovato-kit-de-reparacion-de-la-valvula-de-cierre-del-reductor-rgj-3-3-dd-3-2-3-2l-3-2l-dd\/","og_locale":"it_IT","og_type":"article","og_title":"Kit di riparazione valvole di chiusura Lovato RGJ-3\/3\/3 DD\/3.2L DD","og_description":"Kit di riparazione valvole di chiusura Lovato RGJ 3 per la manutenzione dei modelli RGJ-3, 3.2 e 3.2L con ripristino della tenuta.","og_url":"https:\/\/recambiosecogas.com\/it\/producto\/lovato-kit-de-reparacion-de-la-valvula-de-cierre-del-reductor-rgj-3-3-dd-3-2-3-2l-3-2l-dd\/","og_site_name":"Recambios EcoGas","article_publisher":"https:\/\/www.facebook.com\/profile.php?id=100062419705358","article_modified_time":"2026-04-27T08:19:23+00:00","og_image":[{"width":1000,"height":1000,"url":"https:\/\/recambiosecogas.com\/wp-content\/uploads\/2024\/10\/Lovato-kit-de-reparacion-de-la-valvula-de-cierre-del-reductor-RGJ-3-png.webp","type":"image\/png"}],"twitter_card":"summary_large_image","twitter_misc":{"Prezzo":"5,70&nbsp;&euro; (Sin IVA: 4,71&nbsp;&euro;)","Disponibilit\u00e0":"Su ordinazione"},"schema":{"@context":"https:\/\/schema.org","@graph":[{"@type":"WebPage","@id":"https:\/\/recambiosecogas.com\/it\/producto\/lovato-kit-de-reparacion-de-la-valvula-de-cierre-del-reductor-rgj-3-3-dd-3-2-3-2l-3-2l-dd\/","url":"https:\/\/recambiosecogas.com\/it\/producto\/lovato-kit-de-reparacion-de-la-valvula-de-cierre-del-reductor-rgj-3-3-dd-3-2-3-2l-3-2l-dd\/","name":"Kit di riparazione valvole di chiusura Lovato RGJ-3\/3\/3 DD\/3.2L DD |%Recambios EcoGas","isPartOf":{"@id":"https:\/\/recambiosecogas.com\/it\/#website"},"primaryImageOfPage":{"@id":"https:\/\/recambiosecogas.com\/it\/producto\/lovato-kit-de-reparacion-de-la-valvula-de-cierre-del-reductor-rgj-3-3-dd-3-2-3-2l-3-2l-dd\/#primaryimage"},"image":{"@id":"https:\/\/recambiosecogas.com\/it\/producto\/lovato-kit-de-reparacion-de-la-valvula-de-cierre-del-reductor-rgj-3-3-dd-3-2-3-2l-3-2l-dd\/#primaryimage"},"thumbnailUrl":"https:\/\/recambiosecogas.com\/wp-content\/uploads\/2024\/10\/Lovato-kit-de-reparacion-de-la-valvula-de-cierre-del-reductor-RGJ-3-png.webp","datePublished":"2024-10-19T13:51:58+00:00","dateModified":"2026-04-27T08:19:23+00:00","description":"Kit di riparazione valvole di chiusura Lovato RGJ 3 per la manutenzione dei modelli RGJ-3, 3.2 e 3.2L con ripristino della tenuta.","breadcrumb":{"@id":"https:\/\/recambiosecogas.com\/it\/producto\/lovato-kit-de-reparacion-de-la-valvula-de-cierre-del-reductor-rgj-3-3-dd-3-2-3-2l-3-2l-dd\/#breadcrumb"},"inLanguage":"it-IT","potentialAction":[{"@type":"ReadAction","target":["https:\/\/recambiosecogas.com\/it\/producto\/lovato-kit-de-reparacion-de-la-valvula-de-cierre-del-reductor-rgj-3-3-dd-3-2-3-2l-3-2l-dd\/"]}]},{"@type":"ImageObject","inLanguage":"it-IT","@id":"https:\/\/recambiosecogas.com\/it\/producto\/lovato-kit-de-reparacion-de-la-valvula-de-cierre-del-reductor-rgj-3-3-dd-3-2-3-2l-3-2l-dd\/#primaryimage","url":"https:\/\/recambiosecogas.com\/wp-content\/uploads\/2024\/10\/Lovato-kit-de-reparacion-de-la-valvula-de-cierre-del-reductor-RGJ-3-png.webp","contentUrl":"https:\/\/recambiosecogas.com\/wp-content\/uploads\/2024\/10\/Lovato-kit-de-reparacion-de-la-valvula-de-cierre-del-reductor-RGJ-3-png.webp","width":1000,"height":1000},{"@type":"BreadcrumbList","@id":"https:\/\/recambiosecogas.com\/it\/producto\/lovato-kit-de-reparacion-de-la-valvula-de-cierre-del-reductor-rgj-3-3-dd-3-2-3-2l-3-2l-dd\/#breadcrumb","itemListElement":[{"@type":"ListItem","position":1,"name":"Portada","item":"https:\/\/recambiosecogas.com\/it\/"},{"@type":"ListItem","position":2,"name":"Negozio","item":"https:\/\/recambiosecogas.com\/it\/?page_id=46382"},{"@type":"ListItem","position":3,"name":"Kit di riparazione valvole di chiusura Lovato RGJ-3\/3\/3 DD\/3.2L DD"}]},{"@type":"WebSite","@id":"https:\/\/recambiosecogas.com\/it\/#website","url":"https:\/\/recambiosecogas.com\/it\/","name":"Recambios EcoGas","description":"Recambios Multimarca para sistemas de GLP\/GNC\/GNL\/Hidr\u00f3geno","publisher":{"@id":"https:\/\/recambiosecogas.com\/it\/#organization"},"alternateName":"Recambios Autogas GLP","potentialAction":[{"@type":"SearchAction","target":{"@type":"EntryPoint","urlTemplate":"https:\/\/recambiosecogas.com\/it\/?s={search_term_string}"},"query-input":{"@type":"PropertyValueSpecification","valueRequired":true,"valueName":"search_term_string"}}],"inLanguage":"it-IT"},{"@type":["Organization","Place"],"@id":"https:\/\/recambiosecogas.com\/it\/#organization","name":"Recambios EcoGas","alternateName":"Tienda Online GLP Espa\u00f1a","url":"https:\/\/recambiosecogas.com\/it\/","logo":{"@id":"https:\/\/recambiosecogas.com\/it\/producto\/lovato-kit-de-reparacion-de-la-valvula-de-cierre-del-reductor-rgj-3-3-dd-3-2-3-2l-3-2l-dd\/#local-main-organization-logo"},"image":{"@id":"https:\/\/recambiosecogas.com\/it\/producto\/lovato-kit-de-reparacion-de-la-valvula-de-cierre-del-reductor-rgj-3-3-dd-3-2-3-2l-3-2l-dd\/#local-main-organization-logo"},"sameAs":["https:\/\/www.facebook.com\/profile.php?id=100062419705358","https:\/\/www.instagram.com\/segimon_automocio"],"description":"Recambios EcoGas \u2013 Venta y distribuci\u00f3n de sistemas GLP y GNC en Espa\u00f1a y Portugal. Env\u00edos 24 h, soporte t\u00e9cnico a talleres y distribuidores.","hasMerchantReturnPolicy":{"@type":"MerchantReturnPolicy","merchantReturnLink":"https:\/\/recambiosecogas.com\/politicas-privacidad\/"},"address":{"@id":"https:\/\/recambiosecogas.com\/it\/producto\/lovato-kit-de-reparacion-de-la-valvula-de-cierre-del-reductor-rgj-3-3-dd-3-2-3-2l-3-2l-dd\/#local-main-place-address"},"telephone":["616250633"],"contactPoint":{"@type":"ContactPoint","email":"export@recambiosecogas.com"},"openingHoursSpecification":[{"@type":"OpeningHoursSpecification","dayOfWeek":["Monday","Tuesday","Wednesday","Thursday","Friday","Saturday","Sunday"],"opens":"09:00","closes":"17:00"}],"email":"info@recambiosecogas.com","faxNumber":"SEGIMON AUTOMOCION SL","vatID":"ESB19819861","globalLocationNumber":"938 616 339"},{"@type":"PostalAddress","@id":"https:\/\/recambiosecogas.com\/it\/producto\/lovato-kit-de-reparacion-de-la-valvula-de-cierre-del-reductor-rgj-3-3-dd-3-2-3-2l-3-2l-dd\/#local-main-place-address","streetAddress":"cami antic de vic, 29 (Nave 3), Pol\u00edgono Industrial Congost","addressLocality":"CORRO D`AVALL","postalCode":"08520","addressRegion":"Barcelona","addressCountry":"ES"},{"@type":"ImageObject","inLanguage":"it-IT","@id":"https:\/\/recambiosecogas.com\/it\/producto\/lovato-kit-de-reparacion-de-la-valvula-de-cierre-del-reductor-rgj-3-3-dd-3-2-3-2l-3-2l-dd\/#local-main-organization-logo","url":"https:\/\/recambiosecogas.com\/wp-content\/uploads\/2024\/11\/cropped-RECAMBIOS-GLP-png.webp","contentUrl":"https:\/\/recambiosecogas.com\/wp-content\/uploads\/2024\/11\/cropped-RECAMBIOS-GLP-png.webp","width":512,"height":512,"caption":"Recambios EcoGas"}]},"product_price_amount":"5.70","product_price_currency":"EUR","og_availability":"backorder","product_availability":"available for order","product_retailer_item_id":"107270","product_condition":"new","geo.placename":"CORRO D`AVALL","geo.region":"Spagna"},"uagb_featured_image_src":{"full":["https:\/\/recambiosecogas.com\/wp-content\/uploads\/2024\/10\/Lovato-kit-de-reparacion-de-la-valvula-de-cierre-del-reductor-RGJ-3-png.webp",1000,1000,false],"thumbnail":["https:\/\/recambiosecogas.com\/wp-content\/uploads\/2024\/10\/Lovato-kit-de-reparacion-de-la-valvula-de-cierre-del-reductor-RGJ-3-png-150x150.webp",150,150,true],"medium":["https:\/\/recambiosecogas.com\/wp-content\/uploads\/2024\/10\/Lovato-kit-de-reparacion-de-la-valvula-de-cierre-del-reductor-RGJ-3-300x300.webp",300,300,true],"medium_large":["https:\/\/recambiosecogas.com\/wp-content\/uploads\/2024\/10\/Lovato-kit-de-reparacion-de-la-valvula-de-cierre-del-reductor-RGJ-3-png-768x768.webp",768,768,true],"large":["https:\/\/recambiosecogas.com\/wp-content\/uploads\/2024\/10\/Lovato-kit-de-reparacion-de-la-valvula-de-cierre-del-reductor-RGJ-3-png.webp",1000,1000,false],"1536x1536":["https:\/\/recambiosecogas.com\/wp-content\/uploads\/2024\/10\/Lovato-kit-de-reparacion-de-la-valvula-de-cierre-del-reductor-RGJ-3-png.webp",1000,1000,false],"2048x2048":["https:\/\/recambiosecogas.com\/wp-content\/uploads\/2024\/10\/Lovato-kit-de-reparacion-de-la-valvula-de-cierre-del-reductor-RGJ-3-png.webp",1000,1000,false],"woocommerce_archive_thumbnail":["https:\/\/recambiosecogas.com\/wp-content\/uploads\/2024\/10\/Lovato-kit-de-reparacion-de-la-valvula-de-cierre-del-reductor-RGJ-3-png.webp",1000,1000,false],"woocommerce_thumbnail":["https:\/\/recambiosecogas.com\/wp-content\/uploads\/2024\/10\/Lovato-kit-de-reparacion-de-la-valvula-de-cierre-del-reductor-RGJ-3-png-300x300.webp",300,300,true],"woocommerce_single":["https:\/\/recambiosecogas.com\/wp-content\/uploads\/2024\/10\/Lovato-kit-de-reparacion-de-la-valvula-de-cierre-del-reductor-RGJ-3-png.webp",1000,1000,false],"woocommerce_gallery_thumbnail":["https:\/\/recambiosecogas.com\/wp-content\/uploads\/2024\/10\/Lovato-kit-de-reparacion-de-la-valvula-de-cierre-del-reductor-RGJ-3-png.webp",1000,1000,false],"dgwt-wcas-product-suggestion":["https:\/\/recambiosecogas.com\/wp-content\/uploads\/2024\/10\/Lovato-kit-de-reparacion-de-la-valvula-de-cierre-del-reductor-RGJ-3-png-64x64.webp",64,64,true]},"uagb_author_info":{"display_name":"Fran - Soporte T\u00e9cnico","author_link":"https:\/\/recambiosecogas.com\/it\/author\/"},"uagb_comment_info":0,"uagb_excerpt":"Kit di riparazione per valvola di chiusura riduttrice Lovato RGJ-3 e versioni 3.2 \/ 3.2L.","_links":{"self":[{"href":"https:\/\/recambiosecogas.com\/it\/wp-json\/wp\/v2\/product\/47103","targetHints":{"allow":["GET"]}}],"collection":[{"href":"https:\/\/recambiosecogas.com\/it\/wp-json\/wp\/v2\/product"}],"about":[{"href":"https:\/\/recambiosecogas.com\/it\/wp-json\/wp\/v2\/types\/product"}],"replies":[{"embeddable":true,"href":"https:\/\/recambiosecogas.com\/it\/wp-json\/wp\/v2\/comments?post=47103"}],"wp:featuredmedia":[{"embeddable":true,"href":"https:\/\/recambiosecogas.com\/it\/wp-json\/wp\/v2\/media\/5056"}],"wp:attachment":[{"href":"https:\/\/recambiosecogas.com\/it\/wp-json\/wp\/v2\/media?parent=47103"}],"wp:term":[{"taxonomy":"product_brand","embeddable":true,"href":"https:\/\/recambiosecogas.com\/it\/wp-json\/wp\/v2\/product_brand?post=47103"},{"taxonomy":"product_cat","embeddable":true,"href":"https:\/\/recambiosecogas.com\/it\/wp-json\/wp\/v2\/product_cat?post=47103"},{"taxonomy":"product_tag","embeddable":true,"href":"https:\/\/recambiosecogas.com\/it\/wp-json\/wp\/v2\/product_tag?post=47103"}],"curies":[{"name":"wp","href":"https:\/\/api.w.org\/{rel}","templated":true}]}}