{"id":47092,"date":"2024-10-19T13:52:14","date_gmt":"2024-10-19T13:52:14","guid":{"rendered":"https:\/\/recambiosecogas.com\/producto\/kit-de-reparacion-del-reductor-voltran-v-sgi\/"},"modified":"2026-04-08T10:59:55","modified_gmt":"2026-04-08T09:59:55","slug":"kit-de-reparacion-del-reductor-voltran-v-sgi","status":"publish","type":"product","link":"https:\/\/recambiosecogas.com\/it\/producto\/kit-de-reparacion-del-reductor-voltran-v-sgi\/","title":{"rendered":"Kit di riparazione riduttori Voltran V-SGI"},"content":{"rendered":"<h1>Kit di riparazione riduttori Voltran V-SGI<\/h1>\n<p data-start=\"163\" data-end=\"673\">Il kit di riparazione riduttore Voltran V-SGI \u00e8 progettato per ripristinare l&#8217;efficienza operativa di questo vaporizzatore utilizzato nei sistemi di iniezione sequenziale a GPL. Il cambio V-SGI \u00e8 noto per la sua capacit\u00e0 di mantenere una pressione stabile e una conversione precisa del gas nei veicoli dotati di moderni impianti a gas. Tuttavia, come ogni riduttore, membrane, guarnizioni ed elementi interni si consumano nel tempo a causa della pressione, della temperatura e dell&#8217;uso continuo.  <\/p>\n<p data-start=\"675\" data-end=\"840\">Questo kit permette di rinnovare tutte le parti critiche responsabili della tenuta e del corretto controllo della pressione, riportando il sistema alle sue prestazioni originali.<\/p>\n<hr data-start=\"842\" data-end=\"845\">\n<h2 data-start=\"847\" data-end=\"898\">Cosa include il kit di riparazione Voltran V-SGI?<\/h2>\n<p data-start=\"900\" data-end=\"975\">La composizione pu\u00f2 variare a seconda del produttore, ma generalmente include:<\/p>\n<ul data-start=\"977\" data-end=\"1161\">\n<li data-start=\"977\" data-end=\"999\">\n<p data-start=\"979\" data-end=\"999\">Membrana principale<\/p>\n<\/li>\n<li data-start=\"1000\" data-end=\"1049\">\n<p data-start=\"1002\" data-end=\"1049\">Membrana secondaria (a seconda della versione V-SGI)<\/p>\n<\/li>\n<li data-start=\"1050\" data-end=\"1068\">\n<p data-start=\"1052\" data-end=\"1068\">O-ring<\/p>\n<\/li>\n<li data-start=\"1069\" data-end=\"1086\">\n<p data-start=\"1071\" data-end=\"1086\">Giunti piatti<\/p>\n<\/li>\n<li data-start=\"1087\" data-end=\"1113\">\n<p data-start=\"1089\" data-end=\"1113\">Sigilli di sigillamento<\/p>\n<\/li>\n<li data-start=\"1114\" data-end=\"1161\">\n<p data-start=\"1116\" data-end=\"1161\">Hardware ed elementi interni necessari<\/p>\n<\/li>\n<\/ul>\n<p data-start=\"1163\" data-end=\"1272\">Questi componenti permettono di recuperare la pressione, evitare perdite e ripristinare la corretta vaporizzazione del GPL.<\/p>\n<hr data-start=\"1274\" data-end=\"1277\">\n<h2 data-start=\"1279\" data-end=\"1304\">Compatibilit\u00e0 dei kit<\/h2>\n<p data-start=\"1306\" data-end=\"1333\">Questo kit \u00e8 compatibile con:<\/p>\n<ul data-start=\"1335\" data-end=\"1473\">\n<li data-start=\"1335\" data-end=\"1361\">\n<p data-start=\"1337\" data-end=\"1361\">Cambio Voltran V-SGI<\/p>\n<\/li>\n<li data-start=\"1362\" data-end=\"1406\">\n<p data-start=\"1364\" data-end=\"1406\">Sistemi di iniezione sequenziale Voltran<\/p>\n<\/li>\n<li data-start=\"1407\" data-end=\"1473\">\n<p data-start=\"1409\" data-end=\"1473\">Installazioni moderne di GPL che utilizzano vaporizzatori di tipo SGI<\/p>\n<\/li>\n<\/ul>\n<p data-start=\"1475\" data-end=\"1612\">\u00c8 ideale per veicoli che presentano sintomi come scatti scatto, instabilit\u00e0 al minimo, perdite di potenza o guasti alla commutazione del GPL.<\/p>\n<hr data-start=\"1614\" data-end=\"1617\">\n<h2 data-start=\"1619\" data-end=\"1695\">Specifiche tecniche del cambio Voltran V-SGI<\/h2>\n<p data-start=\"1697\" data-end=\"1800\"><em data-start=\"1697\" data-end=\"1800\">(Dati generici basati su categoria)<\/em><\/p>\n<div class=\"_tableContainer_1rjym_1\">\n<div class=\"group _tableWrapper_1rjym_13 flex w-fit flex-col-reverse\" tabindex=\"-1\">\n<table class=\"w-fit min-w-(--thread-content-width)\" data-start=\"1802\" data-end=\"2352\">\n<thead data-start=\"1802\" data-end=\"1834\">\n<tr data-start=\"1802\" data-end=\"1834\">\n<th data-start=\"1802\" data-end=\"1819\" data-col-size=\"sm\">Specifiche<\/th>\n<th data-start=\"1819\" data-end=\"1834\" data-col-size=\"md\">Descrizione<\/th>\n<\/tr>\n<\/thead>\n<tbody data-start=\"1868\" data-end=\"2352\">\n<tr data-start=\"1868\" data-end=\"1905\">\n<td data-start=\"1868\" data-end=\"1888\" data-col-size=\"sm\">Modello compatibile<\/td>\n<td data-col-size=\"md\" data-start=\"1888\" data-end=\"1905\">Voltran V-SGI<\/td>\n<\/tr>\n<tr data-start=\"1906\" data-end=\"1972\">\nTipo <\/p>\n<td data-start=\"1906\" data-end=\"1924\" data-col-size=\"sm\">di sistema<\/td>\n<td data-col-size=\"md\" data-start=\"1924\" data-end=\"1972\">Vaporizzatore a iniezione sequenziale di GPL<\/td>\n<\/tr>\n<tr data-start=\"1973\" data-end=\"2020\">\n<td data-start=\"1973\" data-end=\"1994\" data-col-size=\"sm\">Tipo di regolamentazione<\/td>\n<td data-col-size=\"md\" data-start=\"1994\" data-end=\"2020\">Meccanica per diaframma<\/td>\n<\/tr>\n<tr data-start=\"2021\" data-end=\"2070\">\n<td data-start=\"2021\" data-end=\"2030\" data-col-size=\"sm\">Fasi<\/td>\n<td data-col-size=\"md\" data-start=\"2030\" data-end=\"2070\">Uno o due a seconda della versione del cambio<\/td>\n<\/tr>\n<tr data-start=\"2071\" data-end=\"2105\">\n<td data-start=\"2071\" data-end=\"2093\" data-col-size=\"sm\">Materiale della carrozzeria<\/td>\n<td data-col-size=\"md\" data-start=\"2093\" data-end=\"2105\">Alluminio<\/td>\n<\/tr>\n<tr data-start=\"2106\" data-end=\"2156\">\n<td data-start=\"2106\" data-end=\"2116\" data-col-size=\"sm\">Funzione<\/td>\n<td data-col-size=\"md\" data-start=\"2116\" data-end=\"2156\">Vaporizzazione e regolazione della pressione<\/td>\n<\/tr>\n<tr data-start=\"2157\" data-end=\"2226\">\n<td data-start=\"2157\" data-end=\"2184\" data-col-size=\"sm\">Sistema di riscaldamento<\/td>\n<td data-col-size=\"md\" data-start=\"2184\" data-end=\"2226\">Collegamento al circuito dell&#8217;acqua del motore<\/td>\n<\/tr>\n<tr data-start=\"2227\" data-end=\"2295\">\nComponenti <\/p>\n<td data-start=\"2227\" data-end=\"2255\" data-col-size=\"sm\">sostituibili<\/td>\n<td data-col-size=\"md\" data-start=\"2255\" data-end=\"2295\">Membrane, guarnizioni, viti, guarnizioni<\/td>\n<\/tr>\n<tr data-start=\"2296\" data-end=\"2352\">\n<td data-start=\"2296\" data-end=\"2324\" data-col-size=\"sm\">Manutenzione consigliata<\/td>\n<td data-col-size=\"md\" data-start=\"2324\" data-end=\"2352\">Tra i 50.000 e i 70.000 km<\/td>\n<\/tr>\n<\/tbody>\n<\/table>\n<h2 data-start=\"2359\" data-end=\"2393\">Vantaggi dell&#8217;installazione di questo kit<\/h2>\n<ul data-start=\"2395\" data-end=\"2707\">\n<li data-start=\"2395\" data-end=\"2460\">\n<p data-start=\"2397\" data-end=\"2460\">Ripristina la pressione e il corretto funzionamento del cambio<\/p>\n<\/li>\n<li data-start=\"2461\" data-end=\"2511\">\n<p data-start=\"2463\" data-end=\"2511\">Elimina perdite di gas e perdita di tenuta<\/p>\n<\/li>\n<li data-start=\"2512\" data-end=\"2574\">\n<p data-start=\"2514\" data-end=\"2574\">Migliora la stabilit\u00e0 al minimo e la risposta del motore<\/p>\n<\/li>\n<li data-start=\"2575\" data-end=\"2612\">\n<p data-start=\"2577\" data-end=\"2612\">Riduce il consumo eccessivo di GPL<\/p>\n<\/li>\n<li data-start=\"2613\" data-end=\"2654\">\n<p data-start=\"2615\" data-end=\"2654\">Previene guasti di commutazione e scattamenti<\/p>\n<\/li>\n<li data-start=\"2655\" data-end=\"2707\">\n<p data-start=\"2657\" data-end=\"2707\">Estende la vita del cambio Voltran V-SGI<\/p>\n<\/li>\n<\/ul>\n<p data-start=\"2709\" data-end=\"2839\">Sostituire membrane e guarnizioni garantisce che il cambio possa regolare il gas con precisione e funzionare in sicurezza.<\/p>\n<\/div>\n<\/div>\n","protected":false},"excerpt":{"rendered":"<p>Kit di riparazione riduttori Voltran V-SGI<\/p>\n","protected":false},"featured_media":4918,"comment_status":"open","ping_status":"closed","template":"","meta":{"_uag_custom_page_level_css":""},"product_brand":[],"product_cat":[2135,2144,2136,2373,2374],"product_tag":[],"class_list":{"0":"post-47092","1":"product","2":"type-product","3":"status-publish","4":"has-post-thumbnail","6":"product_cat-juegos-de-reparacion-glp","7":"product_cat-productos-por-marca","8":"product_cat-reguladores-de-presion","9":"product_cat-voltran","10":"product_cat-zavoli","12":"first","13":"onbackorder","14":"taxable","15":"shipping-taxable","16":"purchasable","17":"product-type-simple"},"ct_brands":[],"yoast_head":"<!-- This site is optimized with the Yoast SEO Premium plugin v27.5 (Yoast SEO v27.5) - https:\/\/yoast.com\/product\/yoast-seo-premium-wordpress\/ -->\n<title>Kit di riparazione riduttori Voltran V-SGI | Recambios EcoGas | Sistemas GLP y GNC<\/title>\n<meta name=\"description\" content=\"Kit di riparazione per riduttore V-SGI Voltran. Include membrane e guarnizioni per ripristinare la pressione, la tenuta e le prestazioni del sistema GPL.\" \/>\n<meta name=\"robots\" content=\"index, follow, max-snippet:-1, max-image-preview:large, max-video-preview:-1\" \/>\n<link rel=\"canonical\" href=\"https:\/\/recambiosecogas.com\/it\/producto\/kit-de-reparacion-del-reductor-voltran-v-sgi\/\" \/>\n<meta property=\"og:locale\" content=\"it_IT\" \/>\n<meta property=\"og:type\" content=\"article\" \/>\n<meta property=\"og:title\" content=\"Kit di riparazione riduttori Voltran V-SGI\" \/>\n<meta property=\"og:description\" content=\"Kit di riparazione per riduttore V-SGI Voltran. Include membrane e guarnizioni per ripristinare la pressione, la tenuta e le prestazioni del sistema GPL.\" \/>\n<meta property=\"og:url\" content=\"https:\/\/recambiosecogas.com\/it\/producto\/kit-de-reparacion-del-reductor-voltran-v-sgi\/\" \/>\n<meta property=\"og:site_name\" content=\"Recambios EcoGas\" \/>\n<meta property=\"article:publisher\" content=\"https:\/\/www.facebook.com\/profile.php?id=100062419705358\" \/>\n<meta property=\"article:modified_time\" content=\"2026-04-08T09:59:55+00:00\" \/>\n<meta property=\"og:image\" content=\"https:\/\/recambiosecogas.com\/wp-content\/uploads\/2024\/10\/Kit-de-reparacion-del-reductor-Voltran-V-SGI-png.webp\" \/>\n\t<meta property=\"og:image:width\" content=\"1000\" \/>\n\t<meta property=\"og:image:height\" content=\"1000\" \/>\n\t<meta property=\"og:image:type\" content=\"image\/png\" \/>\n<meta name=\"twitter:card\" content=\"summary_large_image\" \/>\n<meta name=\"twitter:label1\" content=\"Prezzo\" \/>\n\t<meta name=\"twitter:data1\" content=\"18,74&nbsp;&euro; (Sin IVA: 15,49&nbsp;&euro;)\" \/>\n\t<meta name=\"twitter:label2\" content=\"Disponibilit\u00e0\" \/>\n\t<meta name=\"twitter:data2\" content=\"Su ordinazione\" \/>\n<script type=\"application\/ld+json\" class=\"yoast-schema-graph\">{\"@context\":\"https:\\\/\\\/schema.org\",\"@graph\":[{\"@type\":\"WebPage\",\"@id\":\"https:\\\/\\\/recambiosecogas.com\\\/it\\\/producto\\\/kit-de-reparacion-del-reductor-voltran-v-sgi\\\/\",\"url\":\"https:\\\/\\\/recambiosecogas.com\\\/it\\\/producto\\\/kit-de-reparacion-del-reductor-voltran-v-sgi\\\/\",\"name\":\"Kit di riparazione riduttori Voltran V-SGI | Recambios EcoGas | Sistemas GLP y GNC\",\"isPartOf\":{\"@id\":\"https:\\\/\\\/recambiosecogas.com\\\/it\\\/#website\"},\"primaryImageOfPage\":{\"@id\":\"https:\\\/\\\/recambiosecogas.com\\\/it\\\/producto\\\/kit-de-reparacion-del-reductor-voltran-v-sgi\\\/#primaryimage\"},\"image\":{\"@id\":\"https:\\\/\\\/recambiosecogas.com\\\/it\\\/producto\\\/kit-de-reparacion-del-reductor-voltran-v-sgi\\\/#primaryimage\"},\"thumbnailUrl\":\"https:\\\/\\\/recambiosecogas.com\\\/wp-content\\\/uploads\\\/2024\\\/10\\\/Kit-de-reparacion-del-reductor-Voltran-V-SGI-png.webp\",\"datePublished\":\"2024-10-19T13:52:14+00:00\",\"dateModified\":\"2026-04-08T09:59:55+00:00\",\"description\":\"Kit di riparazione per riduttore V-SGI Voltran. Include membrane e guarnizioni per ripristinare la pressione, la tenuta e le prestazioni del sistema GPL.\",\"breadcrumb\":{\"@id\":\"https:\\\/\\\/recambiosecogas.com\\\/it\\\/producto\\\/kit-de-reparacion-del-reductor-voltran-v-sgi\\\/#breadcrumb\"},\"inLanguage\":\"it-IT\",\"potentialAction\":[{\"@type\":\"ReadAction\",\"target\":[\"https:\\\/\\\/recambiosecogas.com\\\/it\\\/producto\\\/kit-de-reparacion-del-reductor-voltran-v-sgi\\\/\"]}]},{\"@type\":\"ImageObject\",\"inLanguage\":\"it-IT\",\"@id\":\"https:\\\/\\\/recambiosecogas.com\\\/it\\\/producto\\\/kit-de-reparacion-del-reductor-voltran-v-sgi\\\/#primaryimage\",\"url\":\"https:\\\/\\\/recambiosecogas.com\\\/wp-content\\\/uploads\\\/2024\\\/10\\\/Kit-de-reparacion-del-reductor-Voltran-V-SGI-png.webp\",\"contentUrl\":\"https:\\\/\\\/recambiosecogas.com\\\/wp-content\\\/uploads\\\/2024\\\/10\\\/Kit-de-reparacion-del-reductor-Voltran-V-SGI-png.webp\",\"width\":1000,\"height\":1000},{\"@type\":\"BreadcrumbList\",\"@id\":\"https:\\\/\\\/recambiosecogas.com\\\/it\\\/producto\\\/kit-de-reparacion-del-reductor-voltran-v-sgi\\\/#breadcrumb\",\"itemListElement\":[{\"@type\":\"ListItem\",\"position\":1,\"name\":\"Portada\",\"item\":\"https:\\\/\\\/recambiosecogas.com\\\/it\\\/\"},{\"@type\":\"ListItem\",\"position\":2,\"name\":\"Negozio\",\"item\":\"https:\\\/\\\/recambiosecogas.com\\\/it\\\/?page_id=46382\"},{\"@type\":\"ListItem\",\"position\":3,\"name\":\"Kit di riparazione riduttori Voltran V-SGI\"}]},{\"@type\":\"WebSite\",\"@id\":\"https:\\\/\\\/recambiosecogas.com\\\/it\\\/#website\",\"url\":\"https:\\\/\\\/recambiosecogas.com\\\/it\\\/\",\"name\":\"Recambios EcoGas\",\"description\":\"Recambios Multimarca para sistemas de GLP\\\/GNC\\\/GNL\\\/Hidr\u00f3geno\",\"publisher\":{\"@id\":\"https:\\\/\\\/recambiosecogas.com\\\/it\\\/#organization\"},\"alternateName\":\"Recambios Autogas GLP\",\"potentialAction\":[{\"@type\":\"SearchAction\",\"target\":{\"@type\":\"EntryPoint\",\"urlTemplate\":\"https:\\\/\\\/recambiosecogas.com\\\/it\\\/?s={search_term_string}\"},\"query-input\":{\"@type\":\"PropertyValueSpecification\",\"valueRequired\":true,\"valueName\":\"search_term_string\"}}],\"inLanguage\":\"it-IT\"},{\"@type\":[\"Organization\",\"Place\"],\"@id\":\"https:\\\/\\\/recambiosecogas.com\\\/it\\\/#organization\",\"name\":\"Recambios EcoGas\",\"alternateName\":\"Tienda Online GLP Espa\u00f1a\",\"url\":\"https:\\\/\\\/recambiosecogas.com\\\/it\\\/\",\"logo\":{\"@id\":\"https:\\\/\\\/recambiosecogas.com\\\/it\\\/producto\\\/kit-de-reparacion-del-reductor-voltran-v-sgi\\\/#local-main-organization-logo\"},\"image\":{\"@id\":\"https:\\\/\\\/recambiosecogas.com\\\/it\\\/producto\\\/kit-de-reparacion-del-reductor-voltran-v-sgi\\\/#local-main-organization-logo\"},\"sameAs\":[\"https:\\\/\\\/www.facebook.com\\\/profile.php?id=100062419705358\",\"https:\\\/\\\/www.instagram.com\\\/segimon_automocio\"],\"description\":\"Recambios EcoGas \u2013 Venta y distribuci\u00f3n de sistemas GLP y GNC en Espa\u00f1a y Portugal. Env\u00edos 24 h, soporte t\u00e9cnico a talleres y distribuidores.\",\"hasMerchantReturnPolicy\":{\"@type\":\"MerchantReturnPolicy\",\"merchantReturnLink\":\"https:\\\/\\\/recambiosecogas.com\\\/politicas-privacidad\\\/\"},\"address\":{\"@id\":\"https:\\\/\\\/recambiosecogas.com\\\/it\\\/producto\\\/kit-de-reparacion-del-reductor-voltran-v-sgi\\\/#local-main-place-address\"},\"telephone\":[\"616250633\"],\"contactPoint\":{\"@type\":\"ContactPoint\",\"email\":\"export@recambiosecogas.com\"},\"openingHoursSpecification\":[{\"@type\":\"OpeningHoursSpecification\",\"dayOfWeek\":[\"Monday\",\"Tuesday\",\"Wednesday\",\"Thursday\",\"Friday\",\"Saturday\",\"Sunday\"],\"opens\":\"09:00\",\"closes\":\"17:00\"}],\"email\":\"info@recambiosecogas.com\",\"faxNumber\":\"SEGIMON AUTOMOCION SL\",\"vatID\":\"ESB19819861\",\"globalLocationNumber\":\"938 616 339\"},{\"@type\":\"PostalAddress\",\"@id\":\"https:\\\/\\\/recambiosecogas.com\\\/it\\\/producto\\\/kit-de-reparacion-del-reductor-voltran-v-sgi\\\/#local-main-place-address\",\"streetAddress\":\"cami antic de vic, 29 (Nave 3), Pol\u00edgono Industrial Congost\",\"addressLocality\":\"CORRO D`AVALL\",\"postalCode\":\"08520\",\"addressRegion\":\"Barcelona\",\"addressCountry\":\"ES\"},{\"@type\":\"ImageObject\",\"inLanguage\":\"it-IT\",\"@id\":\"https:\\\/\\\/recambiosecogas.com\\\/it\\\/producto\\\/kit-de-reparacion-del-reductor-voltran-v-sgi\\\/#local-main-organization-logo\",\"url\":\"https:\\\/\\\/recambiosecogas.com\\\/wp-content\\\/uploads\\\/2024\\\/11\\\/cropped-RECAMBIOS-GLP-png.webp\",\"contentUrl\":\"https:\\\/\\\/recambiosecogas.com\\\/wp-content\\\/uploads\\\/2024\\\/11\\\/cropped-RECAMBIOS-GLP-png.webp\",\"width\":512,\"height\":512,\"caption\":\"Recambios EcoGas\"}]}<\/script>\n<meta property=\"product:price:amount\" content=\"18.74\" \/>\n<meta property=\"product:price:currency\" content=\"EUR\" \/>\n<meta property=\"og:availability\" content=\"backorder\" \/>\n<meta property=\"product:availability\" content=\"available for order\" \/>\n<meta property=\"product:retailer_item_id\" content=\"100918A\" \/>\n<meta property=\"product:condition\" content=\"new\" \/>\n<meta name=\"geo.placename\" content=\"CORRO D`AVALL\" \/>\n<meta name=\"geo.region\" content=\"Spagna\" \/>\n<!-- \/ Yoast SEO Premium plugin. -->","yoast_head_json":{"title":"Kit di riparazione riduttori Voltran V-SGI | Recambios EcoGas | Sistemas GLP y GNC","description":"Kit di riparazione per riduttore V-SGI Voltran. Include membrane e guarnizioni per ripristinare la pressione, la tenuta e le prestazioni del sistema GPL.","robots":{"index":"index","follow":"follow","max-snippet":"max-snippet:-1","max-image-preview":"max-image-preview:large","max-video-preview":"max-video-preview:-1"},"canonical":"https:\/\/recambiosecogas.com\/it\/producto\/kit-de-reparacion-del-reductor-voltran-v-sgi\/","og_locale":"it_IT","og_type":"article","og_title":"Kit di riparazione riduttori Voltran V-SGI","og_description":"Kit di riparazione per riduttore V-SGI Voltran. Include membrane e guarnizioni per ripristinare la pressione, la tenuta e le prestazioni del sistema GPL.","og_url":"https:\/\/recambiosecogas.com\/it\/producto\/kit-de-reparacion-del-reductor-voltran-v-sgi\/","og_site_name":"Recambios EcoGas","article_publisher":"https:\/\/www.facebook.com\/profile.php?id=100062419705358","article_modified_time":"2026-04-08T09:59:55+00:00","og_image":[{"width":1000,"height":1000,"url":"https:\/\/recambiosecogas.com\/wp-content\/uploads\/2024\/10\/Kit-de-reparacion-del-reductor-Voltran-V-SGI-png.webp","type":"image\/png"}],"twitter_card":"summary_large_image","twitter_misc":{"Prezzo":"18,74&nbsp;&euro; (Sin IVA: 15,49&nbsp;&euro;)","Disponibilit\u00e0":"Su ordinazione"},"schema":{"@context":"https:\/\/schema.org","@graph":[{"@type":"WebPage","@id":"https:\/\/recambiosecogas.com\/it\/producto\/kit-de-reparacion-del-reductor-voltran-v-sgi\/","url":"https:\/\/recambiosecogas.com\/it\/producto\/kit-de-reparacion-del-reductor-voltran-v-sgi\/","name":"Kit di riparazione riduttori Voltran V-SGI | Recambios EcoGas | Sistemas GLP y GNC","isPartOf":{"@id":"https:\/\/recambiosecogas.com\/it\/#website"},"primaryImageOfPage":{"@id":"https:\/\/recambiosecogas.com\/it\/producto\/kit-de-reparacion-del-reductor-voltran-v-sgi\/#primaryimage"},"image":{"@id":"https:\/\/recambiosecogas.com\/it\/producto\/kit-de-reparacion-del-reductor-voltran-v-sgi\/#primaryimage"},"thumbnailUrl":"https:\/\/recambiosecogas.com\/wp-content\/uploads\/2024\/10\/Kit-de-reparacion-del-reductor-Voltran-V-SGI-png.webp","datePublished":"2024-10-19T13:52:14+00:00","dateModified":"2026-04-08T09:59:55+00:00","description":"Kit di riparazione per riduttore V-SGI Voltran. Include membrane e guarnizioni per ripristinare la pressione, la tenuta e le prestazioni del sistema GPL.","breadcrumb":{"@id":"https:\/\/recambiosecogas.com\/it\/producto\/kit-de-reparacion-del-reductor-voltran-v-sgi\/#breadcrumb"},"inLanguage":"it-IT","potentialAction":[{"@type":"ReadAction","target":["https:\/\/recambiosecogas.com\/it\/producto\/kit-de-reparacion-del-reductor-voltran-v-sgi\/"]}]},{"@type":"ImageObject","inLanguage":"it-IT","@id":"https:\/\/recambiosecogas.com\/it\/producto\/kit-de-reparacion-del-reductor-voltran-v-sgi\/#primaryimage","url":"https:\/\/recambiosecogas.com\/wp-content\/uploads\/2024\/10\/Kit-de-reparacion-del-reductor-Voltran-V-SGI-png.webp","contentUrl":"https:\/\/recambiosecogas.com\/wp-content\/uploads\/2024\/10\/Kit-de-reparacion-del-reductor-Voltran-V-SGI-png.webp","width":1000,"height":1000},{"@type":"BreadcrumbList","@id":"https:\/\/recambiosecogas.com\/it\/producto\/kit-de-reparacion-del-reductor-voltran-v-sgi\/#breadcrumb","itemListElement":[{"@type":"ListItem","position":1,"name":"Portada","item":"https:\/\/recambiosecogas.com\/it\/"},{"@type":"ListItem","position":2,"name":"Negozio","item":"https:\/\/recambiosecogas.com\/it\/?page_id=46382"},{"@type":"ListItem","position":3,"name":"Kit di riparazione riduttori Voltran V-SGI"}]},{"@type":"WebSite","@id":"https:\/\/recambiosecogas.com\/it\/#website","url":"https:\/\/recambiosecogas.com\/it\/","name":"Recambios EcoGas","description":"Recambios Multimarca para sistemas de GLP\/GNC\/GNL\/Hidr\u00f3geno","publisher":{"@id":"https:\/\/recambiosecogas.com\/it\/#organization"},"alternateName":"Recambios Autogas GLP","potentialAction":[{"@type":"SearchAction","target":{"@type":"EntryPoint","urlTemplate":"https:\/\/recambiosecogas.com\/it\/?s={search_term_string}"},"query-input":{"@type":"PropertyValueSpecification","valueRequired":true,"valueName":"search_term_string"}}],"inLanguage":"it-IT"},{"@type":["Organization","Place"],"@id":"https:\/\/recambiosecogas.com\/it\/#organization","name":"Recambios EcoGas","alternateName":"Tienda Online GLP Espa\u00f1a","url":"https:\/\/recambiosecogas.com\/it\/","logo":{"@id":"https:\/\/recambiosecogas.com\/it\/producto\/kit-de-reparacion-del-reductor-voltran-v-sgi\/#local-main-organization-logo"},"image":{"@id":"https:\/\/recambiosecogas.com\/it\/producto\/kit-de-reparacion-del-reductor-voltran-v-sgi\/#local-main-organization-logo"},"sameAs":["https:\/\/www.facebook.com\/profile.php?id=100062419705358","https:\/\/www.instagram.com\/segimon_automocio"],"description":"Recambios EcoGas \u2013 Venta y distribuci\u00f3n de sistemas GLP y GNC en Espa\u00f1a y Portugal. Env\u00edos 24 h, soporte t\u00e9cnico a talleres y distribuidores.","hasMerchantReturnPolicy":{"@type":"MerchantReturnPolicy","merchantReturnLink":"https:\/\/recambiosecogas.com\/politicas-privacidad\/"},"address":{"@id":"https:\/\/recambiosecogas.com\/it\/producto\/kit-de-reparacion-del-reductor-voltran-v-sgi\/#local-main-place-address"},"telephone":["616250633"],"contactPoint":{"@type":"ContactPoint","email":"export@recambiosecogas.com"},"openingHoursSpecification":[{"@type":"OpeningHoursSpecification","dayOfWeek":["Monday","Tuesday","Wednesday","Thursday","Friday","Saturday","Sunday"],"opens":"09:00","closes":"17:00"}],"email":"info@recambiosecogas.com","faxNumber":"SEGIMON AUTOMOCION SL","vatID":"ESB19819861","globalLocationNumber":"938 616 339"},{"@type":"PostalAddress","@id":"https:\/\/recambiosecogas.com\/it\/producto\/kit-de-reparacion-del-reductor-voltran-v-sgi\/#local-main-place-address","streetAddress":"cami antic de vic, 29 (Nave 3), Pol\u00edgono Industrial Congost","addressLocality":"CORRO D`AVALL","postalCode":"08520","addressRegion":"Barcelona","addressCountry":"ES"},{"@type":"ImageObject","inLanguage":"it-IT","@id":"https:\/\/recambiosecogas.com\/it\/producto\/kit-de-reparacion-del-reductor-voltran-v-sgi\/#local-main-organization-logo","url":"https:\/\/recambiosecogas.com\/wp-content\/uploads\/2024\/11\/cropped-RECAMBIOS-GLP-png.webp","contentUrl":"https:\/\/recambiosecogas.com\/wp-content\/uploads\/2024\/11\/cropped-RECAMBIOS-GLP-png.webp","width":512,"height":512,"caption":"Recambios EcoGas"}]},"product_price_amount":"18.74","product_price_currency":"EUR","og_availability":"backorder","product_availability":"available for order","product_retailer_item_id":"100918A","product_condition":"new","geo.placename":"CORRO D`AVALL","geo.region":"Spagna"},"uagb_featured_image_src":{"full":["https:\/\/recambiosecogas.com\/wp-content\/uploads\/2024\/10\/Kit-de-reparacion-del-reductor-Voltran-V-SGI-png.webp",1000,1000,false],"thumbnail":["https:\/\/recambiosecogas.com\/wp-content\/uploads\/2024\/10\/Kit-de-reparacion-del-reductor-Voltran-V-SGI-png-150x150.webp",150,150,true],"medium":["https:\/\/recambiosecogas.com\/wp-content\/uploads\/2024\/10\/Kit-de-reparacion-del-reductor-Voltran-V-SGI-300x300.webp",300,300,true],"medium_large":["https:\/\/recambiosecogas.com\/wp-content\/uploads\/2024\/10\/Kit-de-reparacion-del-reductor-Voltran-V-SGI-png-768x768.webp",768,768,true],"large":["https:\/\/recambiosecogas.com\/wp-content\/uploads\/2024\/10\/Kit-de-reparacion-del-reductor-Voltran-V-SGI-png.webp",1000,1000,false],"1536x1536":["https:\/\/recambiosecogas.com\/wp-content\/uploads\/2024\/10\/Kit-de-reparacion-del-reductor-Voltran-V-SGI-png.webp",1000,1000,false],"2048x2048":["https:\/\/recambiosecogas.com\/wp-content\/uploads\/2024\/10\/Kit-de-reparacion-del-reductor-Voltran-V-SGI-png.webp",1000,1000,false],"woocommerce_archive_thumbnail":["https:\/\/recambiosecogas.com\/wp-content\/uploads\/2024\/10\/Kit-de-reparacion-del-reductor-Voltran-V-SGI-png.webp",1000,1000,false],"woocommerce_thumbnail":["https:\/\/recambiosecogas.com\/wp-content\/uploads\/2024\/10\/Kit-de-reparacion-del-reductor-Voltran-V-SGI-png-300x300.webp",300,300,true],"woocommerce_single":["https:\/\/recambiosecogas.com\/wp-content\/uploads\/2024\/10\/Kit-de-reparacion-del-reductor-Voltran-V-SGI-png.webp",1000,1000,false],"woocommerce_gallery_thumbnail":["https:\/\/recambiosecogas.com\/wp-content\/uploads\/2024\/10\/Kit-de-reparacion-del-reductor-Voltran-V-SGI-png.webp",1000,1000,false],"dgwt-wcas-product-suggestion":["https:\/\/recambiosecogas.com\/wp-content\/uploads\/2024\/10\/Kit-de-reparacion-del-reductor-Voltran-V-SGI-png-64x64.webp",64,64,true]},"uagb_author_info":{"display_name":"Fran - Soporte T\u00e9cnico","author_link":"https:\/\/recambiosecogas.com\/it\/author\/"},"uagb_comment_info":0,"uagb_excerpt":"Kit di riparazione riduttori Voltran V-SGI","_links":{"self":[{"href":"https:\/\/recambiosecogas.com\/it\/wp-json\/wp\/v2\/product\/47092","targetHints":{"allow":["GET"]}}],"collection":[{"href":"https:\/\/recambiosecogas.com\/it\/wp-json\/wp\/v2\/product"}],"about":[{"href":"https:\/\/recambiosecogas.com\/it\/wp-json\/wp\/v2\/types\/product"}],"replies":[{"embeddable":true,"href":"https:\/\/recambiosecogas.com\/it\/wp-json\/wp\/v2\/comments?post=47092"}],"wp:featuredmedia":[{"embeddable":true,"href":"https:\/\/recambiosecogas.com\/it\/wp-json\/wp\/v2\/media\/4918"}],"wp:attachment":[{"href":"https:\/\/recambiosecogas.com\/it\/wp-json\/wp\/v2\/media?parent=47092"}],"wp:term":[{"taxonomy":"product_brand","embeddable":true,"href":"https:\/\/recambiosecogas.com\/it\/wp-json\/wp\/v2\/product_brand?post=47092"},{"taxonomy":"product_cat","embeddable":true,"href":"https:\/\/recambiosecogas.com\/it\/wp-json\/wp\/v2\/product_cat?post=47092"},{"taxonomy":"product_tag","embeddable":true,"href":"https:\/\/recambiosecogas.com\/it\/wp-json\/wp\/v2\/product_tag?post=47092"}],"curies":[{"name":"wp","href":"https:\/\/api.w.org\/{rel}","templated":true}]}}