{"id":47037,"date":"2025-02-18T18:05:26","date_gmt":"2025-02-18T18:05:26","guid":{"rendered":"https:\/\/recambiosecogas.com\/producto\/reductor-glp-premo-150cv-europegas\/"},"modified":"2026-04-08T10:29:32","modified_gmt":"2026-04-08T09:29:32","slug":"reductor-glp-premo-150cv-europegas","status":"publish","type":"product","link":"https:\/\/recambiosecogas.com\/it\/producto\/reductor-glp-premo-150cv-europegas\/","title":{"rendered":"RIDUTTORE PREMO LPG 150Kw EUROPEGAS"},"content":{"rendered":"<h3 style=\"text-align: center;\" data-start=\"2298\" data-end=\"2323\">RIDUTTORE PREMO LPG 150Kw EUROPEGAS<\/h3>\n<p>RIDUTTORE PREMO LPG 150Kw EUROPEGAS<\/p>\n<h4 data-start=\"2298\" data-end=\"2323\"><strong data-start=\"2303\" data-end=\"2321\">Dati tecnici<\/strong><\/h4>\n<ul data-start=\"2324\" data-end=\"2915\">\n<li data-start=\"2324\" data-end=\"2385\"><strong data-start=\"2326\" data-end=\"2355\">Potenza massima supportata<\/strong>: <strong data-start=\"2357\" data-end=\"2383\">150 kW (circa 150 hp)<\/strong><\/li>\n<li data-start=\"2386\" data-end=\"2440\"><strong data-start=\"2388\" data-end=\"2419\">Intervallo di pressione di lavoro<\/strong>: <strong data-start=\"2421\" data-end=\"2438\">0,9 \u2013 1,3 bar<\/strong><\/li>\n<li data-start=\"2441\" data-end=\"2490\"><strong data-start=\"2443\" data-end=\"2461\">Ingresso del gas<\/strong>: <strong data-start=\"2463\" data-end=\"2488\">\u00f86 mm con filettatura M10x1<\/strong><\/li>\n<li data-start=\"2491\" data-end=\"2524\"><strong data-start=\"2493\" data-end=\"2510\">Uscita del gas<\/strong>: <strong data-start=\"2512\" data-end=\"2522\">\u00f812 mm<\/strong><\/li>\n<li data-start=\"2525\" data-end=\"2588\"><strong data-start=\"2527\" data-end=\"2575\">Collegamento di pressione al collettore di aspirazione<\/strong>: <strong data-start=\"2577\" data-end=\"2586\">\u00f84 mm<\/strong><\/li>\n<li data-start=\"2589\" data-end=\"2640\"><strong data-start=\"2591\" data-end=\"2626\">Collegamenti fluido riscaldante<\/strong>: <strong data-start=\"2628\" data-end=\"2638\">\u00f816 mm<\/strong><\/li>\n<li data-start=\"2641\" data-end=\"2694\"><strong data-start=\"2643\" data-end=\"2669\">Temperatura di lavoro<\/strong>: <strong data-start=\"2671\" data-end=\"2692\">da -40\u00baC a +120\u00baC<\/strong><\/li>\n<li data-start=\"2695\" data-end=\"2739\"><strong data-start=\"2697\" data-end=\"2709\">Materiale<\/strong>: alluminio pressofuso<\/li>\n<li data-start=\"2740\" data-end=\"2788\"><strong data-start=\"2742\" data-end=\"2767\">Sensore di temperatura<\/strong>: <strong data-start=\"2769\" data-end=\"2786\">4k7 integrato<\/strong><\/li>\n<li data-start=\"2789\" data-end=\"2830\"><strong data-start=\"2791\" data-end=\"2807\">Approvazione<\/strong>: <strong data-start=\"2809\" data-end=\"2828\">E20 67R-01 1053<\/strong><\/li>\n<li data-start=\"2831\" data-end=\"2915\"><strong data-start=\"2833\" data-end=\"2847\">Applicazione<\/strong>: Riduttore di gas per sistemi di iniezione di GPL nelle automobili<\/li>\n<\/ul>\n<p data-start=\"165\" data-end=\"510\">PREMO LPG REDUCER 150HP EUROPEGAS \u00e8 un <strong data-start=\"213\" data-end=\"246\">cambio compatto ed efficiente<\/strong>, progettato per <strong data-start=\"262\" data-end=\"303\">veicoli con motori fino a 150 CV,<\/strong> garantendo una <strong data-start=\"322\" data-end=\"382\">conversione stabile del GPL dalla fase liquida alla fase gassosa<\/strong>. La sua struttura ottimizzata permette <strong data-start=\"417\" data-end=\"458\">di mantenere stabile la pressione di uscita<\/strong> in ogni momento, indipendentemente dal carico del motore. <\/p>\n<p data-start=\"823\" data-end=\"1185\">Grazie al <strong data-start=\"836\" data-end=\"879\">suo sensore di temperatura integrato (4k7),<\/strong> <strong data-start=\"884\" data-end=\"909\">l&#8217;Europegas PREMO 150KW<\/strong> <strong data-start=\"910\" data-end=\"952\">ottimizza il passaggio all&#8217;alimentazione al GPL<\/strong>, garantendo una transizione efficiente e una combustione uniforme. Il suo avanzato design <strong data-start=\"1044\" data-end=\"1126\">termico mantiene la temperatura del gas anche in condizioni estreme fino a -40\u00baC<\/strong>, offrendo <strong data-start=\"1147\" data-end=\"1182\">una guida economica e dinamica<\/strong>. <\/p>\n<p data-start=\"1187\" data-end=\"1357\">Approvato secondo lo standard <strong data-start=\"1216\" data-end=\"1235\">E20 67R-01 1053<\/strong>, questo cambio \u00e8 progettato per offrire <strong data-start=\"1278\" data-end=\"1354\">alte prestazioni e stabilit\u00e0 in tutte le condizioni di guida.<\/strong><\/p>\n<h4 data-start=\"1359\" data-end=\"1398\"><strong data-start=\"1364\" data-end=\"1396\">Caratteristiche e vantaggi<\/strong><\/h4>\n<ul data-start=\"1399\" data-end=\"2296\">\n<li data-start=\"1399\" data-end=\"1490\"><strong data-start=\"1401\" data-end=\"1432\">Riduttore compatto e stabile<\/strong>: mantiene la pressione di uscita del gas senza variazioni.<\/li>\n<li data-start=\"1491\" data-end=\"1592\"><strong data-start=\"1493\" data-end=\"1521\">Valvola solenoide integrata<\/strong>: Riduce i tempi di installazione e migliora l&#8217;efficienza del sistema.<\/li>\n<li data-start=\"1593\" data-end=\"1705\"><strong data-start=\"1595\" data-end=\"1643\">Cartuccia universale di filtro facile da raggiungere<\/strong>: protezione contro impurit\u00e0 e durata del sistema pi\u00f9 lunga.<\/li>\n<li data-start=\"1706\" data-end=\"1818\"><strong data-start=\"1708\" data-end=\"1753\">Intervallo di pressione di lavoro 0,9 \u2013 1,3 bar<\/strong>: Adattabilit\u00e0 a varie configurazioni di iniezione di gas.<\/li>\n<li data-start=\"1819\" data-end=\"1905\"><strong data-start=\"1821\" data-end=\"1862\">Sensore di temperatura integrato 4k7<\/strong>: Ottimizza il passaggio dell&#8217;alimentazione al GPL.<\/li>\n<li data-start=\"1906\" data-end=\"1995\"><strong data-start=\"1908\" data-end=\"1933\">Connettori gireti<\/strong>: Installazione pi\u00f9 flessibile e adattabile a qualsiasi veicolo.<\/li>\n<li data-start=\"1996\" data-end=\"2088\"><strong data-start=\"1998\" data-end=\"2044\">Costruzione in alluminio pressofuso<\/strong>: maggiore resistenza termica e durabilit\u00e0.<\/li>\n<li data-start=\"2089\" data-end=\"2198\"><strong data-start=\"2091\" data-end=\"2135\">Temperatura di lavoro da -40\u00baC a +120\u00baC<\/strong>: Funziona in condizioni estreme senza perdita di efficienza.<\/li>\n<li data-start=\"2199\" data-end=\"2296\"><strong data-start=\"2201\" data-end=\"2233\">Approvazione E20 67R-01 1053<\/strong>: Soddisfa i pi\u00f9 alti standard di sicurezza e qualit\u00e0.<\/li>\n<\/ul>\n<p>PRENDI PI\u00d9 <a href=\"https:\/\/recambiosecogas.com\/it\/categoria-producto\/reguladores-de-presion\/reductores-glp\/\">UNIT\u00c0 EQUIPAGGIAMENTO<\/a> E<a href=\"https:\/\/recambiosecogas.com\/it\/categoria-producto\/reguladores-de-presion\/reductores-glp\/\"> KIT DI RIPARAZIONE<\/a><\/p>\n<p><a href=\"https:\/\/segimonautomocio.com\/\">PER LE CONVERSIONI LPG VISITA IL NOSTRO WORKSHOP SUL SITO WEB<\/a><\/p>\n","protected":false},"excerpt":{"rendered":"<p><a href=\"https:\/\/recambiosecogas.com\/wp-content\/uploads\/2025\/02\/EG_PREMO_assembling_instruction.pdf\">MANUALE DI INSTALLAZIONE<\/a> \/ <a href=\"https:\/\/recambiosecogas.com\/wp-content\/uploads\/2025\/02\/eg_premo_karta_produktowa_es.pdf\">SCHEDA TECNICA<\/a> \/ <a href=\"https:\/\/recambiosecogas.com\/wp-content\/uploads\/2025\/02\/e20_67r011053_ext02.pdf\">APPROVAZIONE<\/a><\/p>\n","protected":false},"featured_media":17371,"comment_status":"open","ping_status":"closed","template":"","meta":{"_uag_custom_page_level_css":""},"product_brand":[],"product_cat":[2143,2136],"product_tag":[],"class_list":{"0":"post-47037","1":"product","2":"type-product","3":"status-publish","4":"has-post-thumbnail","6":"product_cat-reductores-glp","7":"product_cat-reguladores-de-presion","9":"first","10":"onbackorder","11":"taxable","12":"shipping-taxable","13":"purchasable","14":"product-type-simple"},"ct_brands":[],"yoast_head":"<!-- This site is optimized with the Yoast SEO Premium plugin v27.5 (Yoast SEO v27.6) - https:\/\/yoast.com\/product\/yoast-seo-premium-wordpress\/ -->\n<title>RIDUTTORE PREMO LPG 150Kw EUROPEGAS | Recambios EcoGas | Sistemas GLP y GNC<\/title>\n<meta name=\"description\" content=\"CAMBIO PREMO LPG 150HP EUROPEGAS \u00e8 un cambio compatto ed efficiente, progettato per veicoli con motori fino a 150 CV\" \/>\n<meta name=\"robots\" content=\"index, follow, max-snippet:-1, max-image-preview:large, max-video-preview:-1\" \/>\n<link rel=\"canonical\" href=\"https:\/\/recambiosecogas.com\/it\/producto\/reductor-glp-premo-150cv-europegas\/\" \/>\n<meta property=\"og:locale\" content=\"it_IT\" \/>\n<meta property=\"og:type\" content=\"article\" \/>\n<meta property=\"og:title\" content=\"RIDUTTORE PREMO LPG 150Kw EUROPEGAS\" \/>\n<meta property=\"og:description\" content=\"CAMBIO PREMO LPG 150HP EUROPEGAS \u00e8 un cambio compatto ed efficiente, progettato per veicoli con motori fino a 150 CV\" \/>\n<meta property=\"og:url\" content=\"https:\/\/recambiosecogas.com\/it\/producto\/reductor-glp-premo-150cv-europegas\/\" \/>\n<meta property=\"og:site_name\" content=\"Recambios EcoGas\" \/>\n<meta property=\"article:publisher\" content=\"https:\/\/www.facebook.com\/profile.php?id=100062419705358\" \/>\n<meta property=\"article:modified_time\" content=\"2026-04-08T09:29:32+00:00\" \/>\n<meta property=\"og:image\" content=\"https:\/\/recambiosecogas.com\/wp-content\/uploads\/2025\/02\/eg-premo-1-png.webp\" \/>\n\t<meta property=\"og:image:width\" content=\"1000\" \/>\n\t<meta property=\"og:image:height\" content=\"1000\" \/>\n\t<meta property=\"og:image:type\" content=\"image\/png\" \/>\n<meta name=\"twitter:card\" content=\"summary_large_image\" \/>\n<meta name=\"twitter:label1\" content=\"Prezzo\" \/>\n\t<meta name=\"twitter:data1\" content=\"156,63&nbsp;&euro; (Sin IVA: 129,45&nbsp;&euro;)\" \/>\n\t<meta name=\"twitter:label2\" content=\"Disponibilit\u00e0\" \/>\n\t<meta name=\"twitter:data2\" content=\"Su ordinazione\" \/>\n<script type=\"application\/ld+json\" class=\"yoast-schema-graph\">{\"@context\":\"https:\\\/\\\/schema.org\",\"@graph\":[{\"@type\":\"WebPage\",\"@id\":\"https:\\\/\\\/recambiosecogas.com\\\/it\\\/producto\\\/reductor-glp-premo-150cv-europegas\\\/\",\"url\":\"https:\\\/\\\/recambiosecogas.com\\\/it\\\/producto\\\/reductor-glp-premo-150cv-europegas\\\/\",\"name\":\"RIDUTTORE PREMO LPG 150Kw EUROPEGAS | Recambios EcoGas | Sistemas GLP y GNC\",\"isPartOf\":{\"@id\":\"https:\\\/\\\/recambiosecogas.com\\\/it\\\/#website\"},\"primaryImageOfPage\":{\"@id\":\"https:\\\/\\\/recambiosecogas.com\\\/it\\\/producto\\\/reductor-glp-premo-150cv-europegas\\\/#primaryimage\"},\"image\":{\"@id\":\"https:\\\/\\\/recambiosecogas.com\\\/it\\\/producto\\\/reductor-glp-premo-150cv-europegas\\\/#primaryimage\"},\"thumbnailUrl\":\"https:\\\/\\\/recambiosecogas.com\\\/wp-content\\\/uploads\\\/2025\\\/02\\\/eg-premo-1-png.webp\",\"datePublished\":\"2025-02-18T18:05:26+00:00\",\"dateModified\":\"2026-04-08T09:29:32+00:00\",\"description\":\"CAMBIO PREMO LPG 150HP EUROPEGAS \u00e8 un cambio compatto ed efficiente, progettato per veicoli con motori fino a 150 CV\",\"breadcrumb\":{\"@id\":\"https:\\\/\\\/recambiosecogas.com\\\/it\\\/producto\\\/reductor-glp-premo-150cv-europegas\\\/#breadcrumb\"},\"inLanguage\":\"it-IT\",\"potentialAction\":[{\"@type\":\"ReadAction\",\"target\":[\"https:\\\/\\\/recambiosecogas.com\\\/it\\\/producto\\\/reductor-glp-premo-150cv-europegas\\\/\"]}]},{\"@type\":\"ImageObject\",\"inLanguage\":\"it-IT\",\"@id\":\"https:\\\/\\\/recambiosecogas.com\\\/it\\\/producto\\\/reductor-glp-premo-150cv-europegas\\\/#primaryimage\",\"url\":\"https:\\\/\\\/recambiosecogas.com\\\/wp-content\\\/uploads\\\/2025\\\/02\\\/eg-premo-1-png.webp\",\"contentUrl\":\"https:\\\/\\\/recambiosecogas.com\\\/wp-content\\\/uploads\\\/2025\\\/02\\\/eg-premo-1-png.webp\",\"width\":1000,\"height\":1000},{\"@type\":\"BreadcrumbList\",\"@id\":\"https:\\\/\\\/recambiosecogas.com\\\/it\\\/producto\\\/reductor-glp-premo-150cv-europegas\\\/#breadcrumb\",\"itemListElement\":[{\"@type\":\"ListItem\",\"position\":1,\"name\":\"Portada\",\"item\":\"https:\\\/\\\/recambiosecogas.com\\\/it\\\/\"},{\"@type\":\"ListItem\",\"position\":2,\"name\":\"Negozio\",\"item\":\"https:\\\/\\\/recambiosecogas.com\\\/it\\\/?page_id=46382\"},{\"@type\":\"ListItem\",\"position\":3,\"name\":\"RIDUTTORE PREMO LPG 150Kw EUROPEGAS\"}]},{\"@type\":\"WebSite\",\"@id\":\"https:\\\/\\\/recambiosecogas.com\\\/it\\\/#website\",\"url\":\"https:\\\/\\\/recambiosecogas.com\\\/it\\\/\",\"name\":\"Recambios EcoGas\",\"description\":\"Recambios Multimarca para sistemas de GLP\\\/GNC\\\/GNL\\\/Hidr\u00f3geno\",\"publisher\":{\"@id\":\"https:\\\/\\\/recambiosecogas.com\\\/it\\\/#organization\"},\"alternateName\":\"Recambios Autogas GLP\",\"potentialAction\":[{\"@type\":\"SearchAction\",\"target\":{\"@type\":\"EntryPoint\",\"urlTemplate\":\"https:\\\/\\\/recambiosecogas.com\\\/it\\\/?s={search_term_string}\"},\"query-input\":{\"@type\":\"PropertyValueSpecification\",\"valueRequired\":true,\"valueName\":\"search_term_string\"}}],\"inLanguage\":\"it-IT\"},{\"@type\":[\"Organization\",\"Place\"],\"@id\":\"https:\\\/\\\/recambiosecogas.com\\\/it\\\/#organization\",\"name\":\"Recambios EcoGas\",\"alternateName\":\"Tienda Online GLP Espa\u00f1a\",\"url\":\"https:\\\/\\\/recambiosecogas.com\\\/it\\\/\",\"logo\":{\"@id\":\"https:\\\/\\\/recambiosecogas.com\\\/it\\\/producto\\\/reductor-glp-premo-150cv-europegas\\\/#local-main-organization-logo\"},\"image\":{\"@id\":\"https:\\\/\\\/recambiosecogas.com\\\/it\\\/producto\\\/reductor-glp-premo-150cv-europegas\\\/#local-main-organization-logo\"},\"sameAs\":[\"https:\\\/\\\/www.facebook.com\\\/profile.php?id=100062419705358\",\"https:\\\/\\\/www.instagram.com\\\/segimon_automocio\"],\"description\":\"Recambios EcoGas \u2013 Venta y distribuci\u00f3n de sistemas GLP y GNC en Espa\u00f1a y Portugal. Env\u00edos 24 h, soporte t\u00e9cnico a talleres y distribuidores.\",\"hasMerchantReturnPolicy\":{\"@type\":\"MerchantReturnPolicy\",\"merchantReturnLink\":\"https:\\\/\\\/recambiosecogas.com\\\/politicas-privacidad\\\/\"},\"address\":{\"@id\":\"https:\\\/\\\/recambiosecogas.com\\\/it\\\/producto\\\/reductor-glp-premo-150cv-europegas\\\/#local-main-place-address\"},\"telephone\":[\"616250633\"],\"contactPoint\":{\"@type\":\"ContactPoint\",\"email\":\"export@recambiosecogas.com\"},\"openingHoursSpecification\":[{\"@type\":\"OpeningHoursSpecification\",\"dayOfWeek\":[\"Monday\",\"Tuesday\",\"Wednesday\",\"Thursday\",\"Friday\",\"Saturday\",\"Sunday\"],\"opens\":\"09:00\",\"closes\":\"17:00\"}],\"email\":\"info@recambiosecogas.com\",\"faxNumber\":\"SEGIMON AUTOMOCION SL\",\"vatID\":\"ESB19819861\",\"globalLocationNumber\":\"938 616 339\"},{\"@type\":\"PostalAddress\",\"@id\":\"https:\\\/\\\/recambiosecogas.com\\\/it\\\/producto\\\/reductor-glp-premo-150cv-europegas\\\/#local-main-place-address\",\"streetAddress\":\"cami antic de vic, 29 (Nave 3), Pol\u00edgono Industrial Congost\",\"addressLocality\":\"CORRO D`AVALL\",\"postalCode\":\"08520\",\"addressRegion\":\"Barcelona\",\"addressCountry\":\"ES\"},{\"@type\":\"ImageObject\",\"inLanguage\":\"it-IT\",\"@id\":\"https:\\\/\\\/recambiosecogas.com\\\/it\\\/producto\\\/reductor-glp-premo-150cv-europegas\\\/#local-main-organization-logo\",\"url\":\"https:\\\/\\\/recambiosecogas.com\\\/wp-content\\\/uploads\\\/2024\\\/11\\\/cropped-RECAMBIOS-GLP-png.webp\",\"contentUrl\":\"https:\\\/\\\/recambiosecogas.com\\\/wp-content\\\/uploads\\\/2024\\\/11\\\/cropped-RECAMBIOS-GLP-png.webp\",\"width\":512,\"height\":512,\"caption\":\"Recambios EcoGas\"}]}<\/script>\n<meta property=\"product:price:amount\" content=\"156.63\" \/>\n<meta property=\"product:price:currency\" content=\"EUR\" \/>\n<meta property=\"og:availability\" content=\"backorder\" \/>\n<meta property=\"product:availability\" content=\"available for order\" \/>\n<meta property=\"product:retailer_item_id\" content=\"107276A\" \/>\n<meta property=\"product:condition\" content=\"new\" \/>\n<meta name=\"geo.placename\" content=\"CORRO D`AVALL\" \/>\n<meta name=\"geo.region\" content=\"Spagna\" \/>\n<!-- \/ Yoast SEO Premium plugin. -->","yoast_head_json":{"title":"RIDUTTORE PREMO LPG 150Kw EUROPEGAS | Recambios EcoGas | Sistemas GLP y GNC","description":"CAMBIO PREMO LPG 150HP EUROPEGAS \u00e8 un cambio compatto ed efficiente, progettato per veicoli con motori fino a 150 CV","robots":{"index":"index","follow":"follow","max-snippet":"max-snippet:-1","max-image-preview":"max-image-preview:large","max-video-preview":"max-video-preview:-1"},"canonical":"https:\/\/recambiosecogas.com\/it\/producto\/reductor-glp-premo-150cv-europegas\/","og_locale":"it_IT","og_type":"article","og_title":"RIDUTTORE PREMO LPG 150Kw EUROPEGAS","og_description":"CAMBIO PREMO LPG 150HP EUROPEGAS \u00e8 un cambio compatto ed efficiente, progettato per veicoli con motori fino a 150 CV","og_url":"https:\/\/recambiosecogas.com\/it\/producto\/reductor-glp-premo-150cv-europegas\/","og_site_name":"Recambios EcoGas","article_publisher":"https:\/\/www.facebook.com\/profile.php?id=100062419705358","article_modified_time":"2026-04-08T09:29:32+00:00","og_image":[{"width":1000,"height":1000,"url":"https:\/\/recambiosecogas.com\/wp-content\/uploads\/2025\/02\/eg-premo-1-png.webp","type":"image\/png"}],"twitter_card":"summary_large_image","twitter_misc":{"Prezzo":"156,63&nbsp;&euro; (Sin IVA: 129,45&nbsp;&euro;)","Disponibilit\u00e0":"Su ordinazione"},"schema":{"@context":"https:\/\/schema.org","@graph":[{"@type":"WebPage","@id":"https:\/\/recambiosecogas.com\/it\/producto\/reductor-glp-premo-150cv-europegas\/","url":"https:\/\/recambiosecogas.com\/it\/producto\/reductor-glp-premo-150cv-europegas\/","name":"RIDUTTORE PREMO LPG 150Kw EUROPEGAS | Recambios EcoGas | Sistemas GLP y GNC","isPartOf":{"@id":"https:\/\/recambiosecogas.com\/it\/#website"},"primaryImageOfPage":{"@id":"https:\/\/recambiosecogas.com\/it\/producto\/reductor-glp-premo-150cv-europegas\/#primaryimage"},"image":{"@id":"https:\/\/recambiosecogas.com\/it\/producto\/reductor-glp-premo-150cv-europegas\/#primaryimage"},"thumbnailUrl":"https:\/\/recambiosecogas.com\/wp-content\/uploads\/2025\/02\/eg-premo-1-png.webp","datePublished":"2025-02-18T18:05:26+00:00","dateModified":"2026-04-08T09:29:32+00:00","description":"CAMBIO PREMO LPG 150HP EUROPEGAS \u00e8 un cambio compatto ed efficiente, progettato per veicoli con motori fino a 150 CV","breadcrumb":{"@id":"https:\/\/recambiosecogas.com\/it\/producto\/reductor-glp-premo-150cv-europegas\/#breadcrumb"},"inLanguage":"it-IT","potentialAction":[{"@type":"ReadAction","target":["https:\/\/recambiosecogas.com\/it\/producto\/reductor-glp-premo-150cv-europegas\/"]}]},{"@type":"ImageObject","inLanguage":"it-IT","@id":"https:\/\/recambiosecogas.com\/it\/producto\/reductor-glp-premo-150cv-europegas\/#primaryimage","url":"https:\/\/recambiosecogas.com\/wp-content\/uploads\/2025\/02\/eg-premo-1-png.webp","contentUrl":"https:\/\/recambiosecogas.com\/wp-content\/uploads\/2025\/02\/eg-premo-1-png.webp","width":1000,"height":1000},{"@type":"BreadcrumbList","@id":"https:\/\/recambiosecogas.com\/it\/producto\/reductor-glp-premo-150cv-europegas\/#breadcrumb","itemListElement":[{"@type":"ListItem","position":1,"name":"Portada","item":"https:\/\/recambiosecogas.com\/it\/"},{"@type":"ListItem","position":2,"name":"Negozio","item":"https:\/\/recambiosecogas.com\/it\/?page_id=46382"},{"@type":"ListItem","position":3,"name":"RIDUTTORE PREMO LPG 150Kw EUROPEGAS"}]},{"@type":"WebSite","@id":"https:\/\/recambiosecogas.com\/it\/#website","url":"https:\/\/recambiosecogas.com\/it\/","name":"Recambios EcoGas","description":"Recambios Multimarca para sistemas de GLP\/GNC\/GNL\/Hidr\u00f3geno","publisher":{"@id":"https:\/\/recambiosecogas.com\/it\/#organization"},"alternateName":"Recambios Autogas GLP","potentialAction":[{"@type":"SearchAction","target":{"@type":"EntryPoint","urlTemplate":"https:\/\/recambiosecogas.com\/it\/?s={search_term_string}"},"query-input":{"@type":"PropertyValueSpecification","valueRequired":true,"valueName":"search_term_string"}}],"inLanguage":"it-IT"},{"@type":["Organization","Place"],"@id":"https:\/\/recambiosecogas.com\/it\/#organization","name":"Recambios EcoGas","alternateName":"Tienda Online GLP Espa\u00f1a","url":"https:\/\/recambiosecogas.com\/it\/","logo":{"@id":"https:\/\/recambiosecogas.com\/it\/producto\/reductor-glp-premo-150cv-europegas\/#local-main-organization-logo"},"image":{"@id":"https:\/\/recambiosecogas.com\/it\/producto\/reductor-glp-premo-150cv-europegas\/#local-main-organization-logo"},"sameAs":["https:\/\/www.facebook.com\/profile.php?id=100062419705358","https:\/\/www.instagram.com\/segimon_automocio"],"description":"Recambios EcoGas \u2013 Venta y distribuci\u00f3n de sistemas GLP y GNC en Espa\u00f1a y Portugal. Env\u00edos 24 h, soporte t\u00e9cnico a talleres y distribuidores.","hasMerchantReturnPolicy":{"@type":"MerchantReturnPolicy","merchantReturnLink":"https:\/\/recambiosecogas.com\/politicas-privacidad\/"},"address":{"@id":"https:\/\/recambiosecogas.com\/it\/producto\/reductor-glp-premo-150cv-europegas\/#local-main-place-address"},"telephone":["616250633"],"contactPoint":{"@type":"ContactPoint","email":"export@recambiosecogas.com"},"openingHoursSpecification":[{"@type":"OpeningHoursSpecification","dayOfWeek":["Monday","Tuesday","Wednesday","Thursday","Friday","Saturday","Sunday"],"opens":"09:00","closes":"17:00"}],"email":"info@recambiosecogas.com","faxNumber":"SEGIMON AUTOMOCION SL","vatID":"ESB19819861","globalLocationNumber":"938 616 339"},{"@type":"PostalAddress","@id":"https:\/\/recambiosecogas.com\/it\/producto\/reductor-glp-premo-150cv-europegas\/#local-main-place-address","streetAddress":"cami antic de vic, 29 (Nave 3), Pol\u00edgono Industrial Congost","addressLocality":"CORRO D`AVALL","postalCode":"08520","addressRegion":"Barcelona","addressCountry":"ES"},{"@type":"ImageObject","inLanguage":"it-IT","@id":"https:\/\/recambiosecogas.com\/it\/producto\/reductor-glp-premo-150cv-europegas\/#local-main-organization-logo","url":"https:\/\/recambiosecogas.com\/wp-content\/uploads\/2024\/11\/cropped-RECAMBIOS-GLP-png.webp","contentUrl":"https:\/\/recambiosecogas.com\/wp-content\/uploads\/2024\/11\/cropped-RECAMBIOS-GLP-png.webp","width":512,"height":512,"caption":"Recambios EcoGas"}]},"product_price_amount":"156.63","product_price_currency":"EUR","og_availability":"backorder","product_availability":"available for order","product_retailer_item_id":"107276A","product_condition":"new","geo.placename":"CORRO D`AVALL","geo.region":"Spagna"},"uagb_featured_image_src":{"full":["https:\/\/recambiosecogas.com\/wp-content\/uploads\/2025\/02\/eg-premo-1-png.webp",1000,1000,false],"thumbnail":["https:\/\/recambiosecogas.com\/wp-content\/uploads\/2025\/02\/eg-premo-1-150x150.webp",150,150,true],"medium":["https:\/\/recambiosecogas.com\/wp-content\/uploads\/2025\/02\/eg-premo-1-300x300.webp",300,300,true],"medium_large":["https:\/\/recambiosecogas.com\/wp-content\/uploads\/2025\/02\/eg-premo-1-768x768.webp",768,768,true],"large":["https:\/\/recambiosecogas.com\/wp-content\/uploads\/2025\/02\/eg-premo-1-png.webp",1000,1000,false],"1536x1536":["https:\/\/recambiosecogas.com\/wp-content\/uploads\/2025\/02\/eg-premo-1-png.webp",1000,1000,false],"2048x2048":["https:\/\/recambiosecogas.com\/wp-content\/uploads\/2025\/02\/eg-premo-1-png.webp",1000,1000,false],"woocommerce_archive_thumbnail":["https:\/\/recambiosecogas.com\/wp-content\/uploads\/2025\/02\/eg-premo-1-png.webp",1000,1000,false],"woocommerce_thumbnail":["https:\/\/recambiosecogas.com\/wp-content\/uploads\/2025\/02\/eg-premo-1-300x300.webp",300,300,true],"woocommerce_single":["https:\/\/recambiosecogas.com\/wp-content\/uploads\/2025\/02\/eg-premo-1-png.webp",1000,1000,false],"woocommerce_gallery_thumbnail":["https:\/\/recambiosecogas.com\/wp-content\/uploads\/2025\/02\/eg-premo-1-png.webp",1000,1000,false],"dgwt-wcas-product-suggestion":["https:\/\/recambiosecogas.com\/wp-content\/uploads\/2025\/02\/eg-premo-1-64x64.webp",64,64,true]},"uagb_author_info":{"display_name":"Fran - Soporte T\u00e9cnico","author_link":"https:\/\/recambiosecogas.com\/it\/author\/"},"uagb_comment_info":0,"uagb_excerpt":"MANUALE DI INSTALLAZIONE \/ SCHEDA TECNICA \/ APPROVAZIONE","_links":{"self":[{"href":"https:\/\/recambiosecogas.com\/it\/wp-json\/wp\/v2\/product\/47037","targetHints":{"allow":["GET"]}}],"collection":[{"href":"https:\/\/recambiosecogas.com\/it\/wp-json\/wp\/v2\/product"}],"about":[{"href":"https:\/\/recambiosecogas.com\/it\/wp-json\/wp\/v2\/types\/product"}],"replies":[{"embeddable":true,"href":"https:\/\/recambiosecogas.com\/it\/wp-json\/wp\/v2\/comments?post=47037"}],"wp:featuredmedia":[{"embeddable":true,"href":"https:\/\/recambiosecogas.com\/it\/wp-json\/wp\/v2\/media\/17371"}],"wp:attachment":[{"href":"https:\/\/recambiosecogas.com\/it\/wp-json\/wp\/v2\/media?parent=47037"}],"wp:term":[{"taxonomy":"product_brand","embeddable":true,"href":"https:\/\/recambiosecogas.com\/it\/wp-json\/wp\/v2\/product_brand?post=47037"},{"taxonomy":"product_cat","embeddable":true,"href":"https:\/\/recambiosecogas.com\/it\/wp-json\/wp\/v2\/product_cat?post=47037"},{"taxonomy":"product_tag","embeddable":true,"href":"https:\/\/recambiosecogas.com\/it\/wp-json\/wp\/v2\/product_tag?post=47037"}],"curies":[{"name":"wp","href":"https:\/\/api.w.org\/{rel}","templated":true}]}}