{"id":47025,"date":"2024-10-19T14:23:52","date_gmt":"2024-10-19T13:23:52","guid":{"rendered":"https:\/\/recambiosecogas.com\/producto\/zeta-n-reductor-con-sensor-de-temperatura-1-2-bar-hasta-140-kw\/"},"modified":"2026-04-08T10:29:27","modified_gmt":"2026-04-08T09:29:27","slug":"zeta-n-reductor-con-sensor-de-temperatura-1-2-bar-hasta-140-kw","status":"publish","type":"product","link":"https:\/\/recambiosecogas.com\/it\/producto\/zeta-n-reductor-con-sensor-de-temperatura-1-2-bar-hasta-140-kw\/","title":{"rendered":"Riduttore Zeta N con sensore di temperatura (1,2 bar fino a 140 kW)"},"content":{"rendered":"<h3 style=\"text-align: center;\" data-start=\"196\" data-end=\"549\">Riduttore Zeta N con sensore di temperatura (1,2 bar fino a 140 kW)<\/h3>\n<p data-start=\"196\" data-end=\"549\"><strong data-start=\"199\" data-end=\"218\">Zeta N Reducer<\/strong> \u00e8 un <strong data-start=\"225\" data-end=\"256\">regolatore di pressione a GPL<\/strong> progettato per fornire una <strong data-start=\"287\" data-end=\"328\">fornitura stabile ed efficiente di gas<\/strong> nei veicoli con sistemi <strong data-start=\"371\" data-end=\"382\">di conversione GPL\/GNC<\/strong>. Con una <strong data-start=\"392\" data-end=\"424\">pressione di uscita di 1,2 bar<\/strong> e una capacit\u00e0 fino a <strong data-start=\"450\" data-end=\"460\">140 kW<\/strong>, questo cambio garantisce <strong data-start=\"488\" data-end=\"546\">combustione ottimale e prestazioni efficienti del motore<\/strong>. <\/p>\n<p data-start=\"551\" data-end=\"931\">Questo modello \u00e8 dotato di <strong data-start=\"584\" data-end=\"619\">un sensore di temperatura integrato<\/strong>, che consente <strong data-start=\"636\" data-end=\"683\">un controllo preciso della regolazione dei gas<\/strong> a seconda della temperatura del sistema. Il suo design robusto e <strong data-start=\"746\" data-end=\"801\">la compatibilit\u00e0 con molteplici sistemi di conversione<\/strong>, tra cui <strong data-start=\"814\" data-end=\"853\">Zavoli, T.A, STAG, EcoDrive e altri<\/strong>, lo rendono una scelta versatile per la conversione di veicoli al GPL. <\/p>\n<p data-start=\"933\" data-end=\"1164\">Approvato secondo lo standard <strong data-start=\"962\" data-end=\"981\">E13 67R-01 0276<\/strong>, lo <strong data-start=\"986\" data-end=\"1005\">Zeta N Reducer<\/strong> garantisce <strong data-start=\"1016\" data-end=\"1077\">sicurezza, affidabilit\u00e0 ed efficienza nella conversione al GPL<\/strong>, garantendo un flusso di gas regolato e stabile in qualsiasi condizione di guida.<\/p>\n<h3 data-start=\"1166\" data-end=\"1204\"><strong data-start=\"1170\" data-end=\"1202\">Caratteristiche e vantaggi<\/strong><\/h3>\n<ul data-start=\"1205\" data-end=\"1943\">\n<li data-start=\"1205\" data-end=\"1332\"><strong data-start=\"1207\" data-end=\"1261\">Regolatore di pressione a GPL con sensore di temperatura<\/strong>: Controllo preciso dell&#8217;alimentazione del gas a seconda della temperatura.<\/li>\n<li data-start=\"1333\" data-end=\"1429\"><strong data-start=\"1335\" data-end=\"1367\">Pressione di uscita di 1,2 bar<\/strong>: regolazione efficiente per prestazioni ottimali del motore.<\/li>\n<li data-start=\"1430\" data-end=\"1513\"><strong data-start=\"1432\" data-end=\"1461\">Capacit\u00e0 fino a 140 kW<\/strong>: Ideale per veicoli di media e alta potenza.<\/li>\n<li data-start=\"1514\" data-end=\"1626\"><strong data-start=\"1516\" data-end=\"1567\">Compatibile con sistemi di conversione multiplo<\/strong>: compatibile con <strong data-start=\"1584\" data-end=\"1623\">Zavoli, T.A, STAG, EcoDrive e altri<\/strong>.<\/li>\n<li data-start=\"1627\" data-end=\"1732\"><strong data-start=\"1629\" data-end=\"1661\">Approvazione E13 67R-01 0276<\/strong>: Rispetta gli standard di sicurezza e qualit\u00e0 per i sistemi a GPL.<\/li>\n<li data-start=\"1733\" data-end=\"1835\"><strong data-start=\"1735\" data-end=\"1767\">Design compatto e robusto<\/strong>: realizzato con materiali di alta qualit\u00e0 per una maggiore durata.<\/li>\n<li data-start=\"1836\" data-end=\"1943\"><strong data-start=\"1838\" data-end=\"1873\">Flusso di gas regolato e stabile<\/strong>: garantisce una combustione efficiente e un consumo di carburante pi\u00f9 basso.<\/li>\n<\/ul>\n<h3 data-start=\"1945\" data-end=\"1969\"><strong data-start=\"1949\" data-end=\"1967\">Dati tecnici<\/strong><\/h3>\n<ul data-start=\"1970\" data-end=\"2355\">\n<li data-start=\"1970\" data-end=\"1992\"><strong data-start=\"1972\" data-end=\"1982\">Modello n.<\/strong>: Zeta N<\/li>\n<li data-start=\"1993\" data-end=\"2035\"><strong data-start=\"1995\" data-end=\"2003\">Tipo<\/strong>: Riduttore di pressione a GPL<\/li>\n<li data-start=\"2036\" data-end=\"2074\"><strong data-start=\"2038\" data-end=\"2059\">Pressione di uscita<\/strong>: <strong data-start=\"2061\" data-end=\"2072\">1,2 bar<\/strong><\/li>\n<li data-start=\"2075\" data-end=\"2126\"><strong data-start=\"2077\" data-end=\"2106\">Potenza massima supportata<\/strong>: <strong data-start=\"2108\" data-end=\"2124\">fino a 140 kW<\/strong><\/li>\n<li data-start=\"2127\" data-end=\"2170\"><strong data-start=\"2129\" data-end=\"2164\">Sensore di temperatura integrato<\/strong>: S\u00ec<\/li>\n<li data-start=\"2171\" data-end=\"2243\"><strong data-start=\"2173\" data-end=\"2191\">Compatibilit\u00e0<\/strong>: <strong data-start=\"2202\" data-end=\"2241\">Zavoli, T.A, STAG, EcoDrive e altri<\/strong> sistemi<\/li>\n<li data-start=\"2244\" data-end=\"2285\"><strong data-start=\"2246\" data-end=\"2262\">Approvazione<\/strong>: <strong data-start=\"2264\" data-end=\"2283\">E13 67R-01 0276<\/strong><\/li>\n<li data-start=\"2286\" data-end=\"2355\"><strong data-start=\"2288\" data-end=\"2302\">Applicazione<\/strong>: Regolazione del gas nei sistemi di conversione GPL<\/li>\n<\/ul>\n<p>PRENDI PI\u00d9 <a href=\"https:\/\/recambiosecogas.com\/it\/categoria-producto\/reguladores-de-presion\/reductores-glp\/\">CAMBIO,<\/a><a href=\"https:\/\/recambiosecogas.com\/producto\/impco-kit-de-reparacion-para-el-reductor-de-glp-modelo-l\/\"> KIT DI RIPARAZIONE, <\/a><a href=\"http:\/\/www.segimonautomocio.com\">CONVERTI IN GPL<\/a><\/p>\n","protected":false},"excerpt":{"rendered":"<p>Riduttore Zeta N con sensore di temperatura (1,2 bar fino a 140 kW)<\/p>\n","protected":false},"featured_media":6673,"comment_status":"open","ping_status":"closed","template":"","meta":{"_uag_custom_page_level_css":""},"product_brand":[],"product_cat":[2143,2136],"product_tag":[],"class_list":{"0":"post-47025","1":"product","2":"type-product","3":"status-publish","4":"has-post-thumbnail","6":"product_cat-reductores-glp","7":"product_cat-reguladores-de-presion","9":"first","10":"onbackorder","11":"taxable","12":"shipping-taxable","13":"purchasable","14":"product-type-simple"},"ct_brands":[],"yoast_head":"<!-- This site is optimized with the Yoast SEO Premium plugin v27.5 (Yoast SEO v27.6) - https:\/\/yoast.com\/product\/yoast-seo-premium-wordpress\/ -->\n<title>Riduttore Zeta N con sensore di temperatura (1,2 bar fino a 140 kW) | Recambios EcoGas | Sistemas GLP y GNC<\/title>\n<meta name=\"description\" content=\"Il cambio Zeta N (1,2 bar fino a 140 kW) \u00e8 ideale per sistemi di conversione GPL come Zavoli, STAG ed EcoDrive.\" \/>\n<meta name=\"robots\" content=\"index, follow, max-snippet:-1, max-image-preview:large, max-video-preview:-1\" \/>\n<link rel=\"canonical\" href=\"https:\/\/recambiosecogas.com\/it\/producto\/zeta-n-reductor-con-sensor-de-temperatura-1-2-bar-hasta-140-kw\/\" \/>\n<meta property=\"og:locale\" content=\"it_IT\" \/>\n<meta property=\"og:type\" content=\"article\" \/>\n<meta property=\"og:title\" content=\"Riduttore Zeta N con sensore di temperatura (1,2 bar fino a 140 kW)\" \/>\n<meta property=\"og:description\" content=\"Il cambio Zeta N (1,2 bar fino a 140 kW) \u00e8 ideale per sistemi di conversione GPL come Zavoli, STAG ed EcoDrive.\" \/>\n<meta property=\"og:url\" content=\"https:\/\/recambiosecogas.com\/it\/producto\/zeta-n-reductor-con-sensor-de-temperatura-1-2-bar-hasta-140-kw\/\" \/>\n<meta property=\"og:site_name\" content=\"Recambios EcoGas\" \/>\n<meta property=\"article:publisher\" content=\"https:\/\/www.facebook.com\/profile.php?id=100062419705358\" \/>\n<meta property=\"article:modified_time\" content=\"2026-04-08T09:29:27+00:00\" \/>\n<meta property=\"og:image\" content=\"https:\/\/recambiosecogas.com\/wp-content\/uploads\/2024\/10\/Zeta-N-reductor-con-sensor-de-temperatura-1.2-bar-hasta-140-kW-png.webp\" \/>\n\t<meta property=\"og:image:width\" content=\"1000\" \/>\n\t<meta property=\"og:image:height\" content=\"1000\" \/>\n\t<meta property=\"og:image:type\" content=\"image\/png\" \/>\n<meta name=\"twitter:card\" content=\"summary_large_image\" \/>\n<meta name=\"twitter:label1\" content=\"Prezzo\" \/>\n\t<meta name=\"twitter:data1\" content=\"82,79&nbsp;&euro; (Sin IVA: 68,42&nbsp;&euro;)\" \/>\n\t<meta name=\"twitter:label2\" content=\"Disponibilit\u00e0\" \/>\n\t<meta name=\"twitter:data2\" content=\"Su ordinazione\" \/>\n<script type=\"application\/ld+json\" class=\"yoast-schema-graph\">{\"@context\":\"https:\\\/\\\/schema.org\",\"@graph\":[{\"@type\":\"WebPage\",\"@id\":\"https:\\\/\\\/recambiosecogas.com\\\/it\\\/producto\\\/zeta-n-reductor-con-sensor-de-temperatura-1-2-bar-hasta-140-kw\\\/\",\"url\":\"https:\\\/\\\/recambiosecogas.com\\\/it\\\/producto\\\/zeta-n-reductor-con-sensor-de-temperatura-1-2-bar-hasta-140-kw\\\/\",\"name\":\"Riduttore Zeta N con sensore di temperatura (1,2 bar fino a 140 kW) | Recambios EcoGas | Sistemas GLP y GNC\",\"isPartOf\":{\"@id\":\"https:\\\/\\\/recambiosecogas.com\\\/it\\\/#website\"},\"primaryImageOfPage\":{\"@id\":\"https:\\\/\\\/recambiosecogas.com\\\/it\\\/producto\\\/zeta-n-reductor-con-sensor-de-temperatura-1-2-bar-hasta-140-kw\\\/#primaryimage\"},\"image\":{\"@id\":\"https:\\\/\\\/recambiosecogas.com\\\/it\\\/producto\\\/zeta-n-reductor-con-sensor-de-temperatura-1-2-bar-hasta-140-kw\\\/#primaryimage\"},\"thumbnailUrl\":\"https:\\\/\\\/recambiosecogas.com\\\/wp-content\\\/uploads\\\/2024\\\/10\\\/Zeta-N-reductor-con-sensor-de-temperatura-1.2-bar-hasta-140-kW-png.webp\",\"datePublished\":\"2024-10-19T13:23:52+00:00\",\"dateModified\":\"2026-04-08T09:29:27+00:00\",\"description\":\"Il cambio Zeta N (1,2 bar fino a 140 kW) \u00e8 ideale per sistemi di conversione GPL come Zavoli, STAG ed EcoDrive.\",\"breadcrumb\":{\"@id\":\"https:\\\/\\\/recambiosecogas.com\\\/it\\\/producto\\\/zeta-n-reductor-con-sensor-de-temperatura-1-2-bar-hasta-140-kw\\\/#breadcrumb\"},\"inLanguage\":\"it-IT\",\"potentialAction\":[{\"@type\":\"ReadAction\",\"target\":[\"https:\\\/\\\/recambiosecogas.com\\\/it\\\/producto\\\/zeta-n-reductor-con-sensor-de-temperatura-1-2-bar-hasta-140-kw\\\/\"]}]},{\"@type\":\"ImageObject\",\"inLanguage\":\"it-IT\",\"@id\":\"https:\\\/\\\/recambiosecogas.com\\\/it\\\/producto\\\/zeta-n-reductor-con-sensor-de-temperatura-1-2-bar-hasta-140-kw\\\/#primaryimage\",\"url\":\"https:\\\/\\\/recambiosecogas.com\\\/wp-content\\\/uploads\\\/2024\\\/10\\\/Zeta-N-reductor-con-sensor-de-temperatura-1.2-bar-hasta-140-kW-png.webp\",\"contentUrl\":\"https:\\\/\\\/recambiosecogas.com\\\/wp-content\\\/uploads\\\/2024\\\/10\\\/Zeta-N-reductor-con-sensor-de-temperatura-1.2-bar-hasta-140-kW-png.webp\",\"width\":1000,\"height\":1000,\"caption\":\"Reductor Zeta S con sensor temp. hasta 250kw 1.4bar\"},{\"@type\":\"BreadcrumbList\",\"@id\":\"https:\\\/\\\/recambiosecogas.com\\\/it\\\/producto\\\/zeta-n-reductor-con-sensor-de-temperatura-1-2-bar-hasta-140-kw\\\/#breadcrumb\",\"itemListElement\":[{\"@type\":\"ListItem\",\"position\":1,\"name\":\"Portada\",\"item\":\"https:\\\/\\\/recambiosecogas.com\\\/it\\\/\"},{\"@type\":\"ListItem\",\"position\":2,\"name\":\"Negozio\",\"item\":\"https:\\\/\\\/recambiosecogas.com\\\/it\\\/?page_id=46382\"},{\"@type\":\"ListItem\",\"position\":3,\"name\":\"Riduttore Zeta N con sensore di temperatura (1,2 bar fino a 140 kW)\"}]},{\"@type\":\"WebSite\",\"@id\":\"https:\\\/\\\/recambiosecogas.com\\\/it\\\/#website\",\"url\":\"https:\\\/\\\/recambiosecogas.com\\\/it\\\/\",\"name\":\"Recambios EcoGas\",\"description\":\"Recambios Multimarca para sistemas de GLP\\\/GNC\\\/GNL\\\/Hidr\u00f3geno\",\"publisher\":{\"@id\":\"https:\\\/\\\/recambiosecogas.com\\\/it\\\/#organization\"},\"alternateName\":\"Recambios Autogas GLP\",\"potentialAction\":[{\"@type\":\"SearchAction\",\"target\":{\"@type\":\"EntryPoint\",\"urlTemplate\":\"https:\\\/\\\/recambiosecogas.com\\\/it\\\/?s={search_term_string}\"},\"query-input\":{\"@type\":\"PropertyValueSpecification\",\"valueRequired\":true,\"valueName\":\"search_term_string\"}}],\"inLanguage\":\"it-IT\"},{\"@type\":[\"Organization\",\"Place\"],\"@id\":\"https:\\\/\\\/recambiosecogas.com\\\/it\\\/#organization\",\"name\":\"Recambios EcoGas\",\"alternateName\":\"Tienda Online GLP Espa\u00f1a\",\"url\":\"https:\\\/\\\/recambiosecogas.com\\\/it\\\/\",\"logo\":{\"@id\":\"https:\\\/\\\/recambiosecogas.com\\\/it\\\/producto\\\/zeta-n-reductor-con-sensor-de-temperatura-1-2-bar-hasta-140-kw\\\/#local-main-organization-logo\"},\"image\":{\"@id\":\"https:\\\/\\\/recambiosecogas.com\\\/it\\\/producto\\\/zeta-n-reductor-con-sensor-de-temperatura-1-2-bar-hasta-140-kw\\\/#local-main-organization-logo\"},\"sameAs\":[\"https:\\\/\\\/www.facebook.com\\\/profile.php?id=100062419705358\",\"https:\\\/\\\/www.instagram.com\\\/segimon_automocio\"],\"description\":\"Recambios EcoGas \u2013 Venta y distribuci\u00f3n de sistemas GLP y GNC en Espa\u00f1a y Portugal. Env\u00edos 24 h, soporte t\u00e9cnico a talleres y distribuidores.\",\"hasMerchantReturnPolicy\":{\"@type\":\"MerchantReturnPolicy\",\"merchantReturnLink\":\"https:\\\/\\\/recambiosecogas.com\\\/politicas-privacidad\\\/\"},\"address\":{\"@id\":\"https:\\\/\\\/recambiosecogas.com\\\/it\\\/producto\\\/zeta-n-reductor-con-sensor-de-temperatura-1-2-bar-hasta-140-kw\\\/#local-main-place-address\"},\"telephone\":[\"616250633\"],\"contactPoint\":{\"@type\":\"ContactPoint\",\"email\":\"export@recambiosecogas.com\"},\"openingHoursSpecification\":[{\"@type\":\"OpeningHoursSpecification\",\"dayOfWeek\":[\"Monday\",\"Tuesday\",\"Wednesday\",\"Thursday\",\"Friday\",\"Saturday\",\"Sunday\"],\"opens\":\"09:00\",\"closes\":\"17:00\"}],\"email\":\"info@recambiosecogas.com\",\"faxNumber\":\"SEGIMON AUTOMOCION SL\",\"vatID\":\"ESB19819861\",\"globalLocationNumber\":\"938 616 339\"},{\"@type\":\"PostalAddress\",\"@id\":\"https:\\\/\\\/recambiosecogas.com\\\/it\\\/producto\\\/zeta-n-reductor-con-sensor-de-temperatura-1-2-bar-hasta-140-kw\\\/#local-main-place-address\",\"streetAddress\":\"cami antic de vic, 29 (Nave 3), Pol\u00edgono Industrial Congost\",\"addressLocality\":\"CORRO D`AVALL\",\"postalCode\":\"08520\",\"addressRegion\":\"Barcelona\",\"addressCountry\":\"ES\"},{\"@type\":\"ImageObject\",\"inLanguage\":\"it-IT\",\"@id\":\"https:\\\/\\\/recambiosecogas.com\\\/it\\\/producto\\\/zeta-n-reductor-con-sensor-de-temperatura-1-2-bar-hasta-140-kw\\\/#local-main-organization-logo\",\"url\":\"https:\\\/\\\/recambiosecogas.com\\\/wp-content\\\/uploads\\\/2024\\\/11\\\/cropped-RECAMBIOS-GLP-png.webp\",\"contentUrl\":\"https:\\\/\\\/recambiosecogas.com\\\/wp-content\\\/uploads\\\/2024\\\/11\\\/cropped-RECAMBIOS-GLP-png.webp\",\"width\":512,\"height\":512,\"caption\":\"Recambios EcoGas\"}]}<\/script>\n<meta property=\"product:price:amount\" content=\"82.79\" \/>\n<meta property=\"product:price:currency\" content=\"EUR\" \/>\n<meta property=\"og:availability\" content=\"backorder\" \/>\n<meta property=\"product:availability\" content=\"available for order\" \/>\n<meta property=\"product:retailer_item_id\" content=\"100463\" \/>\n<meta property=\"product:condition\" content=\"new\" \/>\n<meta name=\"geo.placename\" content=\"CORRO D`AVALL\" \/>\n<meta name=\"geo.region\" content=\"Spagna\" \/>\n<!-- \/ Yoast SEO Premium plugin. -->","yoast_head_json":{"title":"Riduttore Zeta N con sensore di temperatura (1,2 bar fino a 140 kW) | Recambios EcoGas | Sistemas GLP y GNC","description":"Il cambio Zeta N (1,2 bar fino a 140 kW) \u00e8 ideale per sistemi di conversione GPL come Zavoli, STAG ed EcoDrive.","robots":{"index":"index","follow":"follow","max-snippet":"max-snippet:-1","max-image-preview":"max-image-preview:large","max-video-preview":"max-video-preview:-1"},"canonical":"https:\/\/recambiosecogas.com\/it\/producto\/zeta-n-reductor-con-sensor-de-temperatura-1-2-bar-hasta-140-kw\/","og_locale":"it_IT","og_type":"article","og_title":"Riduttore Zeta N con sensore di temperatura (1,2 bar fino a 140 kW)","og_description":"Il cambio Zeta N (1,2 bar fino a 140 kW) \u00e8 ideale per sistemi di conversione GPL come Zavoli, STAG ed EcoDrive.","og_url":"https:\/\/recambiosecogas.com\/it\/producto\/zeta-n-reductor-con-sensor-de-temperatura-1-2-bar-hasta-140-kw\/","og_site_name":"Recambios EcoGas","article_publisher":"https:\/\/www.facebook.com\/profile.php?id=100062419705358","article_modified_time":"2026-04-08T09:29:27+00:00","og_image":[{"width":1000,"height":1000,"url":"https:\/\/recambiosecogas.com\/wp-content\/uploads\/2024\/10\/Zeta-N-reductor-con-sensor-de-temperatura-1.2-bar-hasta-140-kW-png.webp","type":"image\/png"}],"twitter_card":"summary_large_image","twitter_misc":{"Prezzo":"82,79&nbsp;&euro; (Sin IVA: 68,42&nbsp;&euro;)","Disponibilit\u00e0":"Su ordinazione"},"schema":{"@context":"https:\/\/schema.org","@graph":[{"@type":"WebPage","@id":"https:\/\/recambiosecogas.com\/it\/producto\/zeta-n-reductor-con-sensor-de-temperatura-1-2-bar-hasta-140-kw\/","url":"https:\/\/recambiosecogas.com\/it\/producto\/zeta-n-reductor-con-sensor-de-temperatura-1-2-bar-hasta-140-kw\/","name":"Riduttore Zeta N con sensore di temperatura (1,2 bar fino a 140 kW) | Recambios EcoGas | Sistemas GLP y GNC","isPartOf":{"@id":"https:\/\/recambiosecogas.com\/it\/#website"},"primaryImageOfPage":{"@id":"https:\/\/recambiosecogas.com\/it\/producto\/zeta-n-reductor-con-sensor-de-temperatura-1-2-bar-hasta-140-kw\/#primaryimage"},"image":{"@id":"https:\/\/recambiosecogas.com\/it\/producto\/zeta-n-reductor-con-sensor-de-temperatura-1-2-bar-hasta-140-kw\/#primaryimage"},"thumbnailUrl":"https:\/\/recambiosecogas.com\/wp-content\/uploads\/2024\/10\/Zeta-N-reductor-con-sensor-de-temperatura-1.2-bar-hasta-140-kW-png.webp","datePublished":"2024-10-19T13:23:52+00:00","dateModified":"2026-04-08T09:29:27+00:00","description":"Il cambio Zeta N (1,2 bar fino a 140 kW) \u00e8 ideale per sistemi di conversione GPL come Zavoli, STAG ed EcoDrive.","breadcrumb":{"@id":"https:\/\/recambiosecogas.com\/it\/producto\/zeta-n-reductor-con-sensor-de-temperatura-1-2-bar-hasta-140-kw\/#breadcrumb"},"inLanguage":"it-IT","potentialAction":[{"@type":"ReadAction","target":["https:\/\/recambiosecogas.com\/it\/producto\/zeta-n-reductor-con-sensor-de-temperatura-1-2-bar-hasta-140-kw\/"]}]},{"@type":"ImageObject","inLanguage":"it-IT","@id":"https:\/\/recambiosecogas.com\/it\/producto\/zeta-n-reductor-con-sensor-de-temperatura-1-2-bar-hasta-140-kw\/#primaryimage","url":"https:\/\/recambiosecogas.com\/wp-content\/uploads\/2024\/10\/Zeta-N-reductor-con-sensor-de-temperatura-1.2-bar-hasta-140-kW-png.webp","contentUrl":"https:\/\/recambiosecogas.com\/wp-content\/uploads\/2024\/10\/Zeta-N-reductor-con-sensor-de-temperatura-1.2-bar-hasta-140-kW-png.webp","width":1000,"height":1000,"caption":"Reductor Zeta S con sensor temp. hasta 250kw 1.4bar"},{"@type":"BreadcrumbList","@id":"https:\/\/recambiosecogas.com\/it\/producto\/zeta-n-reductor-con-sensor-de-temperatura-1-2-bar-hasta-140-kw\/#breadcrumb","itemListElement":[{"@type":"ListItem","position":1,"name":"Portada","item":"https:\/\/recambiosecogas.com\/it\/"},{"@type":"ListItem","position":2,"name":"Negozio","item":"https:\/\/recambiosecogas.com\/it\/?page_id=46382"},{"@type":"ListItem","position":3,"name":"Riduttore Zeta N con sensore di temperatura (1,2 bar fino a 140 kW)"}]},{"@type":"WebSite","@id":"https:\/\/recambiosecogas.com\/it\/#website","url":"https:\/\/recambiosecogas.com\/it\/","name":"Recambios EcoGas","description":"Recambios Multimarca para sistemas de GLP\/GNC\/GNL\/Hidr\u00f3geno","publisher":{"@id":"https:\/\/recambiosecogas.com\/it\/#organization"},"alternateName":"Recambios Autogas GLP","potentialAction":[{"@type":"SearchAction","target":{"@type":"EntryPoint","urlTemplate":"https:\/\/recambiosecogas.com\/it\/?s={search_term_string}"},"query-input":{"@type":"PropertyValueSpecification","valueRequired":true,"valueName":"search_term_string"}}],"inLanguage":"it-IT"},{"@type":["Organization","Place"],"@id":"https:\/\/recambiosecogas.com\/it\/#organization","name":"Recambios EcoGas","alternateName":"Tienda Online GLP Espa\u00f1a","url":"https:\/\/recambiosecogas.com\/it\/","logo":{"@id":"https:\/\/recambiosecogas.com\/it\/producto\/zeta-n-reductor-con-sensor-de-temperatura-1-2-bar-hasta-140-kw\/#local-main-organization-logo"},"image":{"@id":"https:\/\/recambiosecogas.com\/it\/producto\/zeta-n-reductor-con-sensor-de-temperatura-1-2-bar-hasta-140-kw\/#local-main-organization-logo"},"sameAs":["https:\/\/www.facebook.com\/profile.php?id=100062419705358","https:\/\/www.instagram.com\/segimon_automocio"],"description":"Recambios EcoGas \u2013 Venta y distribuci\u00f3n de sistemas GLP y GNC en Espa\u00f1a y Portugal. Env\u00edos 24 h, soporte t\u00e9cnico a talleres y distribuidores.","hasMerchantReturnPolicy":{"@type":"MerchantReturnPolicy","merchantReturnLink":"https:\/\/recambiosecogas.com\/politicas-privacidad\/"},"address":{"@id":"https:\/\/recambiosecogas.com\/it\/producto\/zeta-n-reductor-con-sensor-de-temperatura-1-2-bar-hasta-140-kw\/#local-main-place-address"},"telephone":["616250633"],"contactPoint":{"@type":"ContactPoint","email":"export@recambiosecogas.com"},"openingHoursSpecification":[{"@type":"OpeningHoursSpecification","dayOfWeek":["Monday","Tuesday","Wednesday","Thursday","Friday","Saturday","Sunday"],"opens":"09:00","closes":"17:00"}],"email":"info@recambiosecogas.com","faxNumber":"SEGIMON AUTOMOCION SL","vatID":"ESB19819861","globalLocationNumber":"938 616 339"},{"@type":"PostalAddress","@id":"https:\/\/recambiosecogas.com\/it\/producto\/zeta-n-reductor-con-sensor-de-temperatura-1-2-bar-hasta-140-kw\/#local-main-place-address","streetAddress":"cami antic de vic, 29 (Nave 3), Pol\u00edgono Industrial Congost","addressLocality":"CORRO D`AVALL","postalCode":"08520","addressRegion":"Barcelona","addressCountry":"ES"},{"@type":"ImageObject","inLanguage":"it-IT","@id":"https:\/\/recambiosecogas.com\/it\/producto\/zeta-n-reductor-con-sensor-de-temperatura-1-2-bar-hasta-140-kw\/#local-main-organization-logo","url":"https:\/\/recambiosecogas.com\/wp-content\/uploads\/2024\/11\/cropped-RECAMBIOS-GLP-png.webp","contentUrl":"https:\/\/recambiosecogas.com\/wp-content\/uploads\/2024\/11\/cropped-RECAMBIOS-GLP-png.webp","width":512,"height":512,"caption":"Recambios EcoGas"}]},"product_price_amount":"82.79","product_price_currency":"EUR","og_availability":"backorder","product_availability":"available for order","product_retailer_item_id":"100463","product_condition":"new","geo.placename":"CORRO D`AVALL","geo.region":"Spagna"},"uagb_featured_image_src":{"full":["https:\/\/recambiosecogas.com\/wp-content\/uploads\/2024\/10\/Zeta-N-reductor-con-sensor-de-temperatura-1.2-bar-hasta-140-kW-png.webp",1000,1000,false],"thumbnail":["https:\/\/recambiosecogas.com\/wp-content\/uploads\/2024\/10\/Zeta-N-reductor-con-sensor-de-temperatura-1.2-bar-hasta-140-kW-150x150.webp",150,150,true],"medium":["https:\/\/recambiosecogas.com\/wp-content\/uploads\/2024\/10\/Zeta-N-reductor-con-sensor-de-temperatura-1.2-bar-hasta-140-kW-300x300.webp",300,300,true],"medium_large":["https:\/\/recambiosecogas.com\/wp-content\/uploads\/2024\/10\/Zeta-N-reductor-con-sensor-de-temperatura-1.2-bar-hasta-140-kW-768x768.webp",768,768,true],"large":["https:\/\/recambiosecogas.com\/wp-content\/uploads\/2024\/10\/Zeta-N-reductor-con-sensor-de-temperatura-1.2-bar-hasta-140-kW-png.webp",1000,1000,false],"1536x1536":["https:\/\/recambiosecogas.com\/wp-content\/uploads\/2024\/10\/Zeta-N-reductor-con-sensor-de-temperatura-1.2-bar-hasta-140-kW-png.webp",1000,1000,false],"2048x2048":["https:\/\/recambiosecogas.com\/wp-content\/uploads\/2024\/10\/Zeta-N-reductor-con-sensor-de-temperatura-1.2-bar-hasta-140-kW-png.webp",1000,1000,false],"woocommerce_archive_thumbnail":["https:\/\/recambiosecogas.com\/wp-content\/uploads\/2024\/10\/Zeta-N-reductor-con-sensor-de-temperatura-1.2-bar-hasta-140-kW-png.webp",1000,1000,false],"woocommerce_thumbnail":["https:\/\/recambiosecogas.com\/wp-content\/uploads\/2024\/10\/Zeta-N-reductor-con-sensor-de-temperatura-1.2-bar-hasta-140-kW-png-300x300.webp",300,300,true],"woocommerce_single":["https:\/\/recambiosecogas.com\/wp-content\/uploads\/2024\/10\/Zeta-N-reductor-con-sensor-de-temperatura-1.2-bar-hasta-140-kW-png.webp",1000,1000,false],"woocommerce_gallery_thumbnail":["https:\/\/recambiosecogas.com\/wp-content\/uploads\/2024\/10\/Zeta-N-reductor-con-sensor-de-temperatura-1.2-bar-hasta-140-kW-png.webp",1000,1000,false],"dgwt-wcas-product-suggestion":["https:\/\/recambiosecogas.com\/wp-content\/uploads\/2024\/10\/Zeta-N-reductor-con-sensor-de-temperatura-1.2-bar-hasta-140-kW-png-64x64.webp",64,64,true]},"uagb_author_info":{"display_name":"Fran - Soporte T\u00e9cnico","author_link":"https:\/\/recambiosecogas.com\/it\/author\/"},"uagb_comment_info":0,"uagb_excerpt":"Riduttore Zeta N con sensore di temperatura (1,2 bar fino a 140 kW)","_links":{"self":[{"href":"https:\/\/recambiosecogas.com\/it\/wp-json\/wp\/v2\/product\/47025","targetHints":{"allow":["GET"]}}],"collection":[{"href":"https:\/\/recambiosecogas.com\/it\/wp-json\/wp\/v2\/product"}],"about":[{"href":"https:\/\/recambiosecogas.com\/it\/wp-json\/wp\/v2\/types\/product"}],"replies":[{"embeddable":true,"href":"https:\/\/recambiosecogas.com\/it\/wp-json\/wp\/v2\/comments?post=47025"}],"wp:featuredmedia":[{"embeddable":true,"href":"https:\/\/recambiosecogas.com\/it\/wp-json\/wp\/v2\/media\/6673"}],"wp:attachment":[{"href":"https:\/\/recambiosecogas.com\/it\/wp-json\/wp\/v2\/media?parent=47025"}],"wp:term":[{"taxonomy":"product_brand","embeddable":true,"href":"https:\/\/recambiosecogas.com\/it\/wp-json\/wp\/v2\/product_brand?post=47025"},{"taxonomy":"product_cat","embeddable":true,"href":"https:\/\/recambiosecogas.com\/it\/wp-json\/wp\/v2\/product_cat?post=47025"},{"taxonomy":"product_tag","embeddable":true,"href":"https:\/\/recambiosecogas.com\/it\/wp-json\/wp\/v2\/product_tag?post=47025"}],"curies":[{"name":"wp","href":"https:\/\/api.w.org\/{rel}","templated":true}]}}