{"id":47012,"date":"2024-10-19T14:23:51","date_gmt":"2024-10-19T13:23:51","guid":{"rendered":"https:\/\/recambiosecogas.com\/producto\/tomasetto-reductor-at10-moto\/"},"modified":"2026-04-08T10:29:20","modified_gmt":"2026-04-08T09:29:20","slug":"tomasetto-reductor-at10-moto","status":"publish","type":"product","link":"https:\/\/recambiosecogas.com\/it\/producto\/tomasetto-reductor-at10-moto\/","title":{"rendered":"Riduttore per motociclette AT10 Tomasetto"},"content":{"rendered":"<h3 style=\"text-align: center;\">AT10 Moto Tomasetto Reducer<\/h3>\n<table>\n<tbody>\n<tr>\n<td><strong>Dati tecnici del cambio AT10 MOTO<\/strong><\/td>\n<\/tr>\n<tr>\n<td>Materiale del vaporizzatore<\/td>\n<td>\n<div>Alluminio fuso<\/div>\n<\/td>\n<\/tr>\n<tr>\n<td>Peso<\/td>\n<td>\n<div>0,84 kg<\/div>\n<\/td>\n<\/tr>\n<tr>\n<td>Dimensioni<\/td>\n<td>\n<div>130x120x60 mm<\/div>\n<\/td>\n<\/tr>\n<tr>\n<td>Portata di GPL in 1 ora<\/td>\n<td>\n<div>&#8211;<\/div>\n<\/td>\n<\/tr>\n<tr>\n<td>Alimentazione a bobina<\/td>\n<td>\n<div>\n<div>3 W<\/div>\n<\/div>\n<\/td>\n<\/tr>\n<tr>\n<td>Tensione della bobina<\/td>\n<td>\n<div>12 V DC<\/div>\n<\/td>\n<\/tr>\n<tr>\n<td>Collegamento alla presa<\/td>\n<td>\n<div>\n<div>Collegamento al tubo \u00f88 mm<\/div>\n<\/div>\n<\/td>\n<\/tr>\n<tr>\n<td>Collegamento all&#8217;ingresso<\/td>\n<td>\n<div>Cavo M10x1 \u00f86 mm<\/div>\n<\/td>\n<\/tr>\n<\/tbody>\n<\/table>\n<p><em><strong>Numero di approvazione E8 67R-01 4066<\/strong><\/em><\/p>\n<p><em><strong>Nessun collegamento con il motore<\/strong><\/em><\/p>\n<p data-start=\"160\" data-end=\"458\">AT10 Moto Reducer Tomasetto \u00e8 un <strong data-start=\"202\" data-end=\"242\">vaporizzatore a GPL compatto e leggero<\/strong>, progettato specificamente per <strong data-start=\"274\" data-end=\"321\">motociclette e veicoli a bassa cilindrata<\/strong>. Realizzato in <strong data-start=\"336\" data-end=\"356\">alluminio fuso<\/strong>, questo riduttore garantisce <strong data-start=\"382\" data-end=\"455\">durabilit\u00e0, efficienza termica e resistenza in condizioni estreme<\/strong>. <\/p>\n<p data-start=\"460\" data-end=\"752\"><strong data-start=\"463\" data-end=\"476\">L&#8217;AT10 Moto<\/strong> consente una <strong data-start=\"489\" data-end=\"519\">regolazione stabile dei gas<\/strong> nei sistemi <strong data-start=\"535\" data-end=\"555\">di conversione a GPL<\/strong>, ottimizzando le prestazioni del motore e <strong data-start=\"607\" data-end=\"635\">garantendo una combustione efficiente<\/strong>. Il suo design compatto di <strong data-start=\"659\" data-end=\"676\">130x120x60 mm<\/strong> e il peso <strong data-start=\"687\" data-end=\"703\">di soli 0,84 kg<\/strong> facilita l&#8217;installazione in spazi ristretti. <\/p>\n<h3 data-start=\"1238\" data-end=\"1276\"><strong data-start=\"1242\" data-end=\"1274\">Caratteristiche e vantaggi<\/strong><\/h3>\n<ul data-start=\"1277\" data-end=\"2097\">\n<li data-start=\"1277\" data-end=\"1375\"><strong data-start=\"1279\" data-end=\"1316\">Riduttore di GPL leggero e compatto<\/strong>: Ideale per motociclette e veicoli a bassa cilindrata.<\/li>\n<li data-start=\"1376\" data-end=\"1455\"><strong data-start=\"1378\" data-end=\"1413\">Costruzione in alluminio fuso<\/strong>: alta resistenza ed efficienza termica.<\/li>\n<li data-start=\"1456\" data-end=\"1542\"><strong data-start=\"1458\" data-end=\"1498\">Bobina a basso consumo (3W \/ 12V DC): Ottimizzazione delle<\/strong> prestazioni energetiche.<\/li>\n<li data-start=\"1543\" data-end=\"1633\"><strong data-start=\"1545\" data-end=\"1568\">Collegamenti standard<\/strong>: <strong data-start=\"1578\" data-end=\"1603\">presa M10x1 per tubo da \u00d86<\/strong> mm, uscita <strong data-start=\"1612\" data-end=\"1630\">tubo da \u00d88<\/strong> mm.<\/li>\n<li data-start=\"1634\" data-end=\"1722\"><strong data-start=\"1636\" data-end=\"1667\">Approvazione E8 67R-01 4066<\/strong>: Conformit\u00e0 alle normative di sicurezza e qualit\u00e0.<\/li>\n<li data-start=\"1723\" data-end=\"1849\"><strong data-start=\"1725\" data-end=\"1768\">Sistema di collegamento acqua DREHMEISTER<\/strong>: <strong data-start=\"1791\" data-end=\"1800\">diametro esterno di 16<\/strong> mm, compatibile con <strong data-start=\"1831\" data-end=\"1846\">vaporizzatori PRINS e KME<\/strong>.<\/li>\n<\/ul>\n<h3 data-start=\"2099\" data-end=\"2123\"><strong data-start=\"2103\" data-end=\"2121\">Dati tecnici<\/strong><\/h3>\n<ul data-start=\"2124\" data-end=\"2626\">\n<li data-start=\"2124\" data-end=\"2159\"><strong data-start=\"2126\" data-end=\"2136\">Modello<\/strong>: Tomasetto AT10 Moto<\/li>\n<li data-start=\"2160\" data-end=\"2216\"><strong data-start=\"2162\" data-end=\"2170\">Tipo<\/strong>: Riduttore di pressione \/ Vaporizzatore a GPL<\/li>\n<li data-start=\"2217\" data-end=\"2251\"><strong data-start=\"2219\" data-end=\"2231\">Materiale<\/strong>: Alluminio fuso<\/li>\n<li data-start=\"2252\" data-end=\"2273\"><strong data-start=\"2254\" data-end=\"2262\">Peso<\/strong>: 0,84 kg<\/li>\n<li data-start=\"2274\" data-end=\"2308\"><strong data-start=\"2276\" data-end=\"2291\">Dimensioni<\/strong>: 130x120x60 mm<\/li>\n<li data-start=\"2309\" data-end=\"2347\"><strong data-start=\"2311\" data-end=\"2328\">Portata di GPL<\/strong>: Non specificato<\/li>\n<li data-start=\"2348\" data-end=\"2384\"><strong data-start=\"2350\" data-end=\"2374\">Tensione della bobina<\/strong>: 12V DC<\/li>\n<li data-start=\"2385\" data-end=\"2418\"><strong data-start=\"2387\" data-end=\"2412\">Potenza della bobina:<\/strong> 3W<\/li>\n<li data-start=\"2419\" data-end=\"2464\"><strong data-start=\"2421\" data-end=\"2439\">Ingresso del gas<\/strong>: M10x1 per tubo da \u00d86 mm<\/li>\n<li data-start=\"2465\" data-end=\"2514\"><strong data-start=\"2467\" data-end=\"2484\">Uscita gas:<\/strong> collegamento tubo \u00d88 mm<\/li>\n<li data-start=\"2515\" data-end=\"2589\"><strong data-start=\"2517\" data-end=\"2537\">Collegamento acqua<\/strong>: DREHMEISTER, \u00d816 mm (compatibile con PRINS e KME)<\/li>\n<li data-start=\"2590\" data-end=\"2626\"><strong data-start=\"2592\" data-end=\"2608\">Approvazione<\/strong>: E8 67R-01 4066<\/li>\n<\/ul>\n<p>Acquista online nel nostro negozio<\/p>\n<p>PRENDI PI\u00d9 <a href=\"https:\/\/recambiosecogas.com\/it\/categoria-producto\/reguladores-de-presion\/reductores-glp\/\">CAMBIO,<\/a><a href=\"https:\/\/recambiosecogas.com\/producto\/impco-kit-de-reparacion-para-el-reductor-de-glp-modelo-l\/\"> KIT DI RIPARAZIONE, <\/a><a href=\"http:\/\/www.segimonautomocio.com\">CONVERTI IN GPL<\/a><\/p>\n","protected":false},"excerpt":{"rendered":"<p>Tomasetto reducer AT10 Moto<\/p>\n","protected":false},"featured_media":6676,"comment_status":"open","ping_status":"closed","template":"","meta":{"_uag_custom_page_level_css":""},"product_brand":[],"product_cat":[2143,2136,2194],"product_tag":[],"class_list":{"0":"post-47012","1":"product","2":"type-product","3":"status-publish","4":"has-post-thumbnail","6":"product_cat-reductores-glp","7":"product_cat-reguladores-de-presion","8":"product_cat-tomaseto-achile","10":"first","11":"onbackorder","12":"taxable","13":"shipping-taxable","14":"purchasable","15":"product-type-simple"},"ct_brands":[],"yoast_head":"<!-- This site is optimized with the Yoast SEO Premium plugin v27.5 (Yoast SEO v27.5) - https:\/\/yoast.com\/product\/yoast-seo-premium-wordpress\/ -->\n<title>Riduttore per motociclette AT10 Tomasetto | Recambios EcoGas | Sistemas GLP y GNC<\/title>\n<meta name=\"description\" content=\"Tomasetto AT10 Moto. Riduttore di GPL leggero e compatto, bobina da 12V DC, connessioni standard e approvazione E8 67R-01 4066.\" \/>\n<meta name=\"robots\" content=\"index, follow, max-snippet:-1, max-image-preview:large, max-video-preview:-1\" \/>\n<link rel=\"canonical\" href=\"https:\/\/recambiosecogas.com\/it\/producto\/tomasetto-reductor-at10-moto\/\" \/>\n<meta property=\"og:locale\" content=\"it_IT\" \/>\n<meta property=\"og:type\" content=\"article\" \/>\n<meta property=\"og:title\" content=\"Riduttore per motociclette AT10 Tomasetto\" \/>\n<meta property=\"og:description\" content=\"Tomasetto AT10 Moto. Riduttore di GPL leggero e compatto, bobina da 12V DC, connessioni standard e approvazione E8 67R-01 4066.\" \/>\n<meta property=\"og:url\" content=\"https:\/\/recambiosecogas.com\/it\/producto\/tomasetto-reductor-at10-moto\/\" \/>\n<meta property=\"og:site_name\" content=\"Recambios EcoGas\" \/>\n<meta property=\"article:publisher\" content=\"https:\/\/www.facebook.com\/profile.php?id=100062419705358\" \/>\n<meta property=\"article:modified_time\" content=\"2026-04-08T09:29:20+00:00\" \/>\n<meta property=\"og:image\" content=\"https:\/\/recambiosecogas.com\/wp-content\/uploads\/2024\/10\/Tomasetto-reductor-AT10-Moto-png.webp\" \/>\n\t<meta property=\"og:image:width\" content=\"1000\" \/>\n\t<meta property=\"og:image:height\" content=\"1000\" \/>\n\t<meta property=\"og:image:type\" content=\"image\/png\" \/>\n<meta name=\"twitter:card\" content=\"summary_large_image\" \/>\n<meta name=\"twitter:label1\" content=\"Prezzo\" \/>\n\t<meta name=\"twitter:data1\" content=\"90,10&nbsp;&euro; (Sin IVA: 74,46&nbsp;&euro;)\" \/>\n\t<meta name=\"twitter:label2\" content=\"Disponibilit\u00e0\" \/>\n\t<meta name=\"twitter:data2\" content=\"Su ordinazione\" \/>\n<script type=\"application\/ld+json\" class=\"yoast-schema-graph\">{\"@context\":\"https:\\\/\\\/schema.org\",\"@graph\":[{\"@type\":\"WebPage\",\"@id\":\"https:\\\/\\\/recambiosecogas.com\\\/it\\\/producto\\\/tomasetto-reductor-at10-moto\\\/\",\"url\":\"https:\\\/\\\/recambiosecogas.com\\\/it\\\/producto\\\/tomasetto-reductor-at10-moto\\\/\",\"name\":\"Riduttore per motociclette AT10 Tomasetto | Recambios EcoGas | Sistemas GLP y GNC\",\"isPartOf\":{\"@id\":\"https:\\\/\\\/recambiosecogas.com\\\/it\\\/#website\"},\"primaryImageOfPage\":{\"@id\":\"https:\\\/\\\/recambiosecogas.com\\\/it\\\/producto\\\/tomasetto-reductor-at10-moto\\\/#primaryimage\"},\"image\":{\"@id\":\"https:\\\/\\\/recambiosecogas.com\\\/it\\\/producto\\\/tomasetto-reductor-at10-moto\\\/#primaryimage\"},\"thumbnailUrl\":\"https:\\\/\\\/recambiosecogas.com\\\/wp-content\\\/uploads\\\/2024\\\/10\\\/Tomasetto-reductor-AT10-Moto-png.webp\",\"datePublished\":\"2024-10-19T13:23:51+00:00\",\"dateModified\":\"2026-04-08T09:29:20+00:00\",\"description\":\"Tomasetto AT10 Moto. Riduttore di GPL leggero e compatto, bobina da 12V DC, connessioni standard e approvazione E8 67R-01 4066.\",\"breadcrumb\":{\"@id\":\"https:\\\/\\\/recambiosecogas.com\\\/it\\\/producto\\\/tomasetto-reductor-at10-moto\\\/#breadcrumb\"},\"inLanguage\":\"it-IT\",\"potentialAction\":[{\"@type\":\"ReadAction\",\"target\":[\"https:\\\/\\\/recambiosecogas.com\\\/it\\\/producto\\\/tomasetto-reductor-at10-moto\\\/\"]}]},{\"@type\":\"ImageObject\",\"inLanguage\":\"it-IT\",\"@id\":\"https:\\\/\\\/recambiosecogas.com\\\/it\\\/producto\\\/tomasetto-reductor-at10-moto\\\/#primaryimage\",\"url\":\"https:\\\/\\\/recambiosecogas.com\\\/wp-content\\\/uploads\\\/2024\\\/10\\\/Tomasetto-reductor-AT10-Moto-png.webp\",\"contentUrl\":\"https:\\\/\\\/recambiosecogas.com\\\/wp-content\\\/uploads\\\/2024\\\/10\\\/Tomasetto-reductor-AT10-Moto-png.webp\",\"width\":1000,\"height\":1000,\"caption\":\"Reductor AT10 Moto Tomasetto DREHMEISTER\"},{\"@type\":\"BreadcrumbList\",\"@id\":\"https:\\\/\\\/recambiosecogas.com\\\/it\\\/producto\\\/tomasetto-reductor-at10-moto\\\/#breadcrumb\",\"itemListElement\":[{\"@type\":\"ListItem\",\"position\":1,\"name\":\"Portada\",\"item\":\"https:\\\/\\\/recambiosecogas.com\\\/it\\\/\"},{\"@type\":\"ListItem\",\"position\":2,\"name\":\"Negozio\",\"item\":\"https:\\\/\\\/recambiosecogas.com\\\/it\\\/?page_id=46382\"},{\"@type\":\"ListItem\",\"position\":3,\"name\":\"Riduttore per motociclette AT10 Tomasetto\"}]},{\"@type\":\"WebSite\",\"@id\":\"https:\\\/\\\/recambiosecogas.com\\\/it\\\/#website\",\"url\":\"https:\\\/\\\/recambiosecogas.com\\\/it\\\/\",\"name\":\"Recambios EcoGas\",\"description\":\"Recambios Multimarca para sistemas de GLP\\\/GNC\\\/GNL\\\/Hidr\u00f3geno\",\"publisher\":{\"@id\":\"https:\\\/\\\/recambiosecogas.com\\\/it\\\/#organization\"},\"alternateName\":\"Recambios Autogas GLP\",\"potentialAction\":[{\"@type\":\"SearchAction\",\"target\":{\"@type\":\"EntryPoint\",\"urlTemplate\":\"https:\\\/\\\/recambiosecogas.com\\\/it\\\/?s={search_term_string}\"},\"query-input\":{\"@type\":\"PropertyValueSpecification\",\"valueRequired\":true,\"valueName\":\"search_term_string\"}}],\"inLanguage\":\"it-IT\"},{\"@type\":[\"Organization\",\"Place\"],\"@id\":\"https:\\\/\\\/recambiosecogas.com\\\/it\\\/#organization\",\"name\":\"Recambios EcoGas\",\"alternateName\":\"Tienda Online GLP Espa\u00f1a\",\"url\":\"https:\\\/\\\/recambiosecogas.com\\\/it\\\/\",\"logo\":{\"@id\":\"https:\\\/\\\/recambiosecogas.com\\\/it\\\/producto\\\/tomasetto-reductor-at10-moto\\\/#local-main-organization-logo\"},\"image\":{\"@id\":\"https:\\\/\\\/recambiosecogas.com\\\/it\\\/producto\\\/tomasetto-reductor-at10-moto\\\/#local-main-organization-logo\"},\"sameAs\":[\"https:\\\/\\\/www.facebook.com\\\/profile.php?id=100062419705358\",\"https:\\\/\\\/www.instagram.com\\\/segimon_automocio\"],\"description\":\"Recambios EcoGas \u2013 Venta y distribuci\u00f3n de sistemas GLP y GNC en Espa\u00f1a y Portugal. Env\u00edos 24 h, soporte t\u00e9cnico a talleres y distribuidores.\",\"hasMerchantReturnPolicy\":{\"@type\":\"MerchantReturnPolicy\",\"merchantReturnLink\":\"https:\\\/\\\/recambiosecogas.com\\\/politicas-privacidad\\\/\"},\"address\":{\"@id\":\"https:\\\/\\\/recambiosecogas.com\\\/it\\\/producto\\\/tomasetto-reductor-at10-moto\\\/#local-main-place-address\"},\"telephone\":[\"616250633\"],\"contactPoint\":{\"@type\":\"ContactPoint\",\"email\":\"export@recambiosecogas.com\"},\"openingHoursSpecification\":[{\"@type\":\"OpeningHoursSpecification\",\"dayOfWeek\":[\"Monday\",\"Tuesday\",\"Wednesday\",\"Thursday\",\"Friday\",\"Saturday\",\"Sunday\"],\"opens\":\"09:00\",\"closes\":\"17:00\"}],\"email\":\"info@recambiosecogas.com\",\"faxNumber\":\"SEGIMON AUTOMOCION SL\",\"vatID\":\"ESB19819861\",\"globalLocationNumber\":\"938 616 339\"},{\"@type\":\"PostalAddress\",\"@id\":\"https:\\\/\\\/recambiosecogas.com\\\/it\\\/producto\\\/tomasetto-reductor-at10-moto\\\/#local-main-place-address\",\"streetAddress\":\"cami antic de vic, 29 (Nave 3), Pol\u00edgono Industrial Congost\",\"addressLocality\":\"CORRO D`AVALL\",\"postalCode\":\"08520\",\"addressRegion\":\"Barcelona\",\"addressCountry\":\"ES\"},{\"@type\":\"ImageObject\",\"inLanguage\":\"it-IT\",\"@id\":\"https:\\\/\\\/recambiosecogas.com\\\/it\\\/producto\\\/tomasetto-reductor-at10-moto\\\/#local-main-organization-logo\",\"url\":\"https:\\\/\\\/recambiosecogas.com\\\/wp-content\\\/uploads\\\/2024\\\/11\\\/cropped-RECAMBIOS-GLP-png.webp\",\"contentUrl\":\"https:\\\/\\\/recambiosecogas.com\\\/wp-content\\\/uploads\\\/2024\\\/11\\\/cropped-RECAMBIOS-GLP-png.webp\",\"width\":512,\"height\":512,\"caption\":\"Recambios EcoGas\"}]}<\/script>\n<meta property=\"product:price:amount\" content=\"90.10\" \/>\n<meta property=\"product:price:currency\" content=\"EUR\" \/>\n<meta property=\"og:availability\" content=\"backorder\" \/>\n<meta property=\"product:availability\" content=\"available for order\" \/>\n<meta property=\"product:retailer_item_id\" content=\"103926A\" \/>\n<meta property=\"product:condition\" content=\"new\" \/>\n<meta name=\"geo.placename\" content=\"CORRO D`AVALL\" \/>\n<meta name=\"geo.region\" content=\"Spagna\" \/>\n<!-- \/ Yoast SEO Premium plugin. -->","yoast_head_json":{"title":"Riduttore per motociclette AT10 Tomasetto | Recambios EcoGas | Sistemas GLP y GNC","description":"Tomasetto AT10 Moto. Riduttore di GPL leggero e compatto, bobina da 12V DC, connessioni standard e approvazione E8 67R-01 4066.","robots":{"index":"index","follow":"follow","max-snippet":"max-snippet:-1","max-image-preview":"max-image-preview:large","max-video-preview":"max-video-preview:-1"},"canonical":"https:\/\/recambiosecogas.com\/it\/producto\/tomasetto-reductor-at10-moto\/","og_locale":"it_IT","og_type":"article","og_title":"Riduttore per motociclette AT10 Tomasetto","og_description":"Tomasetto AT10 Moto. Riduttore di GPL leggero e compatto, bobina da 12V DC, connessioni standard e approvazione E8 67R-01 4066.","og_url":"https:\/\/recambiosecogas.com\/it\/producto\/tomasetto-reductor-at10-moto\/","og_site_name":"Recambios EcoGas","article_publisher":"https:\/\/www.facebook.com\/profile.php?id=100062419705358","article_modified_time":"2026-04-08T09:29:20+00:00","og_image":[{"width":1000,"height":1000,"url":"https:\/\/recambiosecogas.com\/wp-content\/uploads\/2024\/10\/Tomasetto-reductor-AT10-Moto-png.webp","type":"image\/png"}],"twitter_card":"summary_large_image","twitter_misc":{"Prezzo":"90,10&nbsp;&euro; (Sin IVA: 74,46&nbsp;&euro;)","Disponibilit\u00e0":"Su ordinazione"},"schema":{"@context":"https:\/\/schema.org","@graph":[{"@type":"WebPage","@id":"https:\/\/recambiosecogas.com\/it\/producto\/tomasetto-reductor-at10-moto\/","url":"https:\/\/recambiosecogas.com\/it\/producto\/tomasetto-reductor-at10-moto\/","name":"Riduttore per motociclette AT10 Tomasetto | Recambios EcoGas | Sistemas GLP y GNC","isPartOf":{"@id":"https:\/\/recambiosecogas.com\/it\/#website"},"primaryImageOfPage":{"@id":"https:\/\/recambiosecogas.com\/it\/producto\/tomasetto-reductor-at10-moto\/#primaryimage"},"image":{"@id":"https:\/\/recambiosecogas.com\/it\/producto\/tomasetto-reductor-at10-moto\/#primaryimage"},"thumbnailUrl":"https:\/\/recambiosecogas.com\/wp-content\/uploads\/2024\/10\/Tomasetto-reductor-AT10-Moto-png.webp","datePublished":"2024-10-19T13:23:51+00:00","dateModified":"2026-04-08T09:29:20+00:00","description":"Tomasetto AT10 Moto. Riduttore di GPL leggero e compatto, bobina da 12V DC, connessioni standard e approvazione E8 67R-01 4066.","breadcrumb":{"@id":"https:\/\/recambiosecogas.com\/it\/producto\/tomasetto-reductor-at10-moto\/#breadcrumb"},"inLanguage":"it-IT","potentialAction":[{"@type":"ReadAction","target":["https:\/\/recambiosecogas.com\/it\/producto\/tomasetto-reductor-at10-moto\/"]}]},{"@type":"ImageObject","inLanguage":"it-IT","@id":"https:\/\/recambiosecogas.com\/it\/producto\/tomasetto-reductor-at10-moto\/#primaryimage","url":"https:\/\/recambiosecogas.com\/wp-content\/uploads\/2024\/10\/Tomasetto-reductor-AT10-Moto-png.webp","contentUrl":"https:\/\/recambiosecogas.com\/wp-content\/uploads\/2024\/10\/Tomasetto-reductor-AT10-Moto-png.webp","width":1000,"height":1000,"caption":"Reductor AT10 Moto Tomasetto DREHMEISTER"},{"@type":"BreadcrumbList","@id":"https:\/\/recambiosecogas.com\/it\/producto\/tomasetto-reductor-at10-moto\/#breadcrumb","itemListElement":[{"@type":"ListItem","position":1,"name":"Portada","item":"https:\/\/recambiosecogas.com\/it\/"},{"@type":"ListItem","position":2,"name":"Negozio","item":"https:\/\/recambiosecogas.com\/it\/?page_id=46382"},{"@type":"ListItem","position":3,"name":"Riduttore per motociclette AT10 Tomasetto"}]},{"@type":"WebSite","@id":"https:\/\/recambiosecogas.com\/it\/#website","url":"https:\/\/recambiosecogas.com\/it\/","name":"Recambios EcoGas","description":"Recambios Multimarca para sistemas de GLP\/GNC\/GNL\/Hidr\u00f3geno","publisher":{"@id":"https:\/\/recambiosecogas.com\/it\/#organization"},"alternateName":"Recambios Autogas GLP","potentialAction":[{"@type":"SearchAction","target":{"@type":"EntryPoint","urlTemplate":"https:\/\/recambiosecogas.com\/it\/?s={search_term_string}"},"query-input":{"@type":"PropertyValueSpecification","valueRequired":true,"valueName":"search_term_string"}}],"inLanguage":"it-IT"},{"@type":["Organization","Place"],"@id":"https:\/\/recambiosecogas.com\/it\/#organization","name":"Recambios EcoGas","alternateName":"Tienda Online GLP Espa\u00f1a","url":"https:\/\/recambiosecogas.com\/it\/","logo":{"@id":"https:\/\/recambiosecogas.com\/it\/producto\/tomasetto-reductor-at10-moto\/#local-main-organization-logo"},"image":{"@id":"https:\/\/recambiosecogas.com\/it\/producto\/tomasetto-reductor-at10-moto\/#local-main-organization-logo"},"sameAs":["https:\/\/www.facebook.com\/profile.php?id=100062419705358","https:\/\/www.instagram.com\/segimon_automocio"],"description":"Recambios EcoGas \u2013 Venta y distribuci\u00f3n de sistemas GLP y GNC en Espa\u00f1a y Portugal. Env\u00edos 24 h, soporte t\u00e9cnico a talleres y distribuidores.","hasMerchantReturnPolicy":{"@type":"MerchantReturnPolicy","merchantReturnLink":"https:\/\/recambiosecogas.com\/politicas-privacidad\/"},"address":{"@id":"https:\/\/recambiosecogas.com\/it\/producto\/tomasetto-reductor-at10-moto\/#local-main-place-address"},"telephone":["616250633"],"contactPoint":{"@type":"ContactPoint","email":"export@recambiosecogas.com"},"openingHoursSpecification":[{"@type":"OpeningHoursSpecification","dayOfWeek":["Monday","Tuesday","Wednesday","Thursday","Friday","Saturday","Sunday"],"opens":"09:00","closes":"17:00"}],"email":"info@recambiosecogas.com","faxNumber":"SEGIMON AUTOMOCION SL","vatID":"ESB19819861","globalLocationNumber":"938 616 339"},{"@type":"PostalAddress","@id":"https:\/\/recambiosecogas.com\/it\/producto\/tomasetto-reductor-at10-moto\/#local-main-place-address","streetAddress":"cami antic de vic, 29 (Nave 3), Pol\u00edgono Industrial Congost","addressLocality":"CORRO D`AVALL","postalCode":"08520","addressRegion":"Barcelona","addressCountry":"ES"},{"@type":"ImageObject","inLanguage":"it-IT","@id":"https:\/\/recambiosecogas.com\/it\/producto\/tomasetto-reductor-at10-moto\/#local-main-organization-logo","url":"https:\/\/recambiosecogas.com\/wp-content\/uploads\/2024\/11\/cropped-RECAMBIOS-GLP-png.webp","contentUrl":"https:\/\/recambiosecogas.com\/wp-content\/uploads\/2024\/11\/cropped-RECAMBIOS-GLP-png.webp","width":512,"height":512,"caption":"Recambios EcoGas"}]},"product_price_amount":"90.10","product_price_currency":"EUR","og_availability":"backorder","product_availability":"available for order","product_retailer_item_id":"103926A","product_condition":"new","geo.placename":"CORRO D`AVALL","geo.region":"Spagna"},"uagb_featured_image_src":{"full":["https:\/\/recambiosecogas.com\/wp-content\/uploads\/2024\/10\/Tomasetto-reductor-AT10-Moto-png.webp",1000,1000,false],"thumbnail":["https:\/\/recambiosecogas.com\/wp-content\/uploads\/2024\/10\/Tomasetto-reductor-AT10-Moto-150x150.webp",150,150,true],"medium":["https:\/\/recambiosecogas.com\/wp-content\/uploads\/2024\/10\/Tomasetto-reductor-AT10-Moto-300x300.webp",300,300,true],"medium_large":["https:\/\/recambiosecogas.com\/wp-content\/uploads\/2024\/10\/Tomasetto-reductor-AT10-Moto-768x768.webp",768,768,true],"large":["https:\/\/recambiosecogas.com\/wp-content\/uploads\/2024\/10\/Tomasetto-reductor-AT10-Moto-png.webp",1000,1000,false],"1536x1536":["https:\/\/recambiosecogas.com\/wp-content\/uploads\/2024\/10\/Tomasetto-reductor-AT10-Moto-png.webp",1000,1000,false],"2048x2048":["https:\/\/recambiosecogas.com\/wp-content\/uploads\/2024\/10\/Tomasetto-reductor-AT10-Moto-png.webp",1000,1000,false],"woocommerce_archive_thumbnail":["https:\/\/recambiosecogas.com\/wp-content\/uploads\/2024\/10\/Tomasetto-reductor-AT10-Moto-png.webp",1000,1000,false],"woocommerce_thumbnail":["https:\/\/recambiosecogas.com\/wp-content\/uploads\/2024\/10\/Tomasetto-reductor-AT10-Moto-png-300x300.webp",300,300,true],"woocommerce_single":["https:\/\/recambiosecogas.com\/wp-content\/uploads\/2024\/10\/Tomasetto-reductor-AT10-Moto-png.webp",1000,1000,false],"woocommerce_gallery_thumbnail":["https:\/\/recambiosecogas.com\/wp-content\/uploads\/2024\/10\/Tomasetto-reductor-AT10-Moto-png.webp",1000,1000,false],"dgwt-wcas-product-suggestion":["https:\/\/recambiosecogas.com\/wp-content\/uploads\/2024\/10\/Tomasetto-reductor-AT10-Moto-png-64x64.webp",64,64,true]},"uagb_author_info":{"display_name":"Fran - Soporte T\u00e9cnico","author_link":"https:\/\/recambiosecogas.com\/it\/author\/"},"uagb_comment_info":0,"uagb_excerpt":"Tomasetto reducer AT10 Moto","_links":{"self":[{"href":"https:\/\/recambiosecogas.com\/it\/wp-json\/wp\/v2\/product\/47012","targetHints":{"allow":["GET"]}}],"collection":[{"href":"https:\/\/recambiosecogas.com\/it\/wp-json\/wp\/v2\/product"}],"about":[{"href":"https:\/\/recambiosecogas.com\/it\/wp-json\/wp\/v2\/types\/product"}],"replies":[{"embeddable":true,"href":"https:\/\/recambiosecogas.com\/it\/wp-json\/wp\/v2\/comments?post=47012"}],"wp:featuredmedia":[{"embeddable":true,"href":"https:\/\/recambiosecogas.com\/it\/wp-json\/wp\/v2\/media\/6676"}],"wp:attachment":[{"href":"https:\/\/recambiosecogas.com\/it\/wp-json\/wp\/v2\/media?parent=47012"}],"wp:term":[{"taxonomy":"product_brand","embeddable":true,"href":"https:\/\/recambiosecogas.com\/it\/wp-json\/wp\/v2\/product_brand?post=47012"},{"taxonomy":"product_cat","embeddable":true,"href":"https:\/\/recambiosecogas.com\/it\/wp-json\/wp\/v2\/product_cat?post=47012"},{"taxonomy":"product_tag","embeddable":true,"href":"https:\/\/recambiosecogas.com\/it\/wp-json\/wp\/v2\/product_tag?post=47012"}],"curies":[{"name":"wp","href":"https:\/\/api.w.org\/{rel}","templated":true}]}}