{"id":47005,"date":"2024-10-19T14:23:50","date_gmt":"2024-10-19T13:23:50","guid":{"rendered":"https:\/\/recambiosecogas.com\/producto\/tomasetto-reductor-at09-nordic-xp-hasta-180-kw\/"},"modified":"2026-04-08T10:29:18","modified_gmt":"2026-04-08T09:29:18","slug":"tomasetto-reductor-at09-nordic-xp-hasta-180-kw","status":"publish","type":"product","link":"https:\/\/recambiosecogas.com\/it\/producto\/tomasetto-reductor-at09-nordic-xp-hasta-180-kw\/","title":{"rendered":"Tomasetto reducer AT09 Nordic XP (fino a 180 kW)"},"content":{"rendered":"<div>\n<h3 style=\"text-align: center;\">Cambio Tomasetto AT09 Nordic XP (fino a 180 kW)<\/h3>\n<table border=\"1\" width=\"52%\" cellspacing=\"0\" cellpadding=\"2\">\n<tbody>\n<tr>\n<td colspan=\"2\" bgcolor=\"#eeeeee\" height=\"20\"><strong>Dati tecnici del cambio AT09 Nordic XP<\/strong><\/td>\n<\/tr>\n<tr>\n<td width=\"155\" height=\"16\">Materiale<\/td>\n<td width=\"224\" height=\"16\">\n<div>Alluminio fuso<\/div>\n<\/td>\n<\/tr>\n<tr>\n<td bgcolor=\"#f1f2ed\" height=\"16\">Peso<\/td>\n<td bgcolor=\"#f1f2ed\" height=\"16\">\n<div>1,7 kg<\/div>\n<\/td>\n<\/tr>\n<tr>\n<td height=\"16\">Dimensioni<\/td>\n<td height=\"16\">\n<div>125x125x115 mm<\/div>\n<\/td>\n<\/tr>\n<tr>\n<td bgcolor=\"#f1f2ed\" height=\"16\">Pressione massima in ingresso<\/td>\n<td bgcolor=\"#f1f2ed\" height=\"16\">\n<div>3 MPa<\/div>\n<\/td>\n<\/tr>\n<tr>\n<td height=\"16\">Pressione di uscita<\/td>\n<td height=\"16\">\n<div>variabile da 90 a 180 kPa*<\/div>\n<\/td>\n<\/tr>\n<tr>\n<td bgcolor=\"#f1f2ed\" height=\"16\">Tensione della bobina<\/td>\n<td bgcolor=\"#f1f2ed\" height=\"16\">\n<div>12 V DC<\/div>\n<\/td>\n<\/tr>\n<tr>\n<td height=\"16\">Alimentazione a bobina<\/td>\n<td height=\"16\">\n<div>17 W<\/div>\n<\/td>\n<\/tr>\n<tr>\n<td bgcolor=\"#f1f2ed\" height=\"16\">Collegamento all&#8217;ingresso<\/td>\n<td bgcolor=\"#f1f2ed\" height=\"16\">\n<div>Cavo M12x1 \u00f88 mm<\/div>\n<\/td>\n<\/tr>\n<tr>\n<td height=\"16\">Collegamento alla presa<\/td>\n<td height=\"16\">\n<div>Collegamento al tubo \u00f812 mm<\/div>\n<\/td>\n<\/tr>\n<tr>\n<td bgcolor=\"#f1f2ed\" height=\"16\">Potenza in uscita<\/td>\n<td bgcolor=\"#f1f2ed\" height=\"16\">\n<div>fino a 180 KW<\/div>\n<\/td>\n<\/tr>\n<\/tbody>\n<\/table>\n<p>*Nessun collegamento con il motore<\/p>\n<p><a href=\"https:\/\/recambiosecogas.com\/wp-content\/uploads\/2024\/10\/espanol-AT09_Nordic_Nordic_XP_Guia_Rapida.pdf\">MANUALE  <\/a><\/p>\n<\/div>\n<p>Temperature pi\u00f9 basse possono ridurre l&#8217;efficienza del riduttore e le prestazioni del motore; In caso di temperature ambientali pi\u00f9 elevate, il cambio pu\u00f2 essere utilizzato anche in motori pi\u00f9 potenti.<\/p>\n<p data-start=\"180\" data-end=\"530\"><strong data-start=\"183\" data-end=\"220\"><span>Tomasetto AT09 Nordic XP Reducer<\/span><\/strong><span> \u00e8 un <\/span><strong data-start=\"227\" data-end=\"262\"><span>vaporizzatore ad alte prestazioni<\/span><\/strong><span> progettato per <\/span><strong data-start=\"277\" data-end=\"309\"><span>sistemi di conversione GPL<\/span><\/strong><span> in motori fino <\/span> a <strong data-start=\"330\" data-end=\"340\"><span>180 kW<\/span><\/strong><span>  . Il suo  <\/span><strong data-start=\"345\" data-end=\"391\"><span>La pressione di uscita variabile da 90 a 180 kPa<\/span><\/strong><span> garantisce <\/span><strong data-start=\"406\" data-end=\"445\"><span>una regolazione precisa del flusso di gas<\/span><\/strong><span>, garantendo <\/span><strong data-start=\"462\" data-end=\"527\"><span>una combustione stabile e ottimizzando le prestazioni del<\/span><\/strong> <span>motore.<\/span><\/p>\n<p data-start=\"748\" data-end=\"1027\"><span> <\/span><strong data-start=\"751\" data-end=\"769\"><span>L&#8217;AT09 Nordic XP<\/span><\/strong><span> \u00e8 progettato per resistere <\/span><strong data-start=\"798\" data-end=\"846\"><span>a pressioni di ingresso fino a 3 MPa (30 bar)<\/span><\/strong><span>  , garantendo un apporto costante di gas. Il suo   <\/span>La <strong data-start=\"894\" data-end=\"938\"><span>bobina da 12V DC con una potenza di 17W<\/span><\/strong><span> ottimizza il consumo energetico del sistema, migliorando l&#8217;efficienza operativa.<\/span><\/p>\n<p data-start=\"1029\" data-end=\"1404\"><span>Questo modello ha <\/span><strong data-start=\"1052\" data-end=\"1122\"><span>un&#8217;aspirazione standard M12x1 per tubi da \u00d88 mm e un&#8217;uscita tubo da \u00d812 mm<\/span><\/strong><span>  , permettendo l&#8217;integrazione in varie configurazioni di conversione. Inoltre, \u00e8 in grado di   <\/span><strong data-start=\"1217\" data-end=\"1267\"><span>Funzionano in condizioni meteorologiche diverse<\/span><\/strong><span> , anche se <\/span><strong data-start=\"1276\" data-end=\"1331\"><span>a temperature fredde possono diminuire la loro efficienza<\/span><\/strong><span> , mentre <\/span><strong data-start=\"1346\" data-end=\"1401\"><span>in climi caldi sono adatti a motori pi\u00f9 potenti<\/span><\/strong><span> .<\/span><\/p>\n<h3 data-start=\"1406\" data-end=\"1444\"><strong data-start=\"1410\" data-end=\"1442\"><span>Caratteristiche e vantaggi<\/span><\/strong><\/h3>\n<ul data-start=\"1445\" data-end=\"2321\">\n<li data-start=\"1445\" data-end=\"1534\"><strong data-start=\"1447\" data-end=\"1480\"><span>Regolazione precisa della pressione<\/span><\/strong><span> : pressione di uscita variabile tra <\/span><strong data-start=\"1515\" data-end=\"1531\"><span>90 e 180 kPa<\/span><\/strong><span> .<\/span><\/li>\n<li data-start=\"1535\" data-end=\"1635\"><strong data-start=\"1537\" data-end=\"1587\"><span>Progettazione ottimizzata per motori fino a 180 kW<\/span><\/strong><span>: garantisce una conversione efficiente <\/span><strong data-start=\"1625\" data-end=\"1632\"><span>del GPL<\/span><\/strong> <span> .<\/span><\/li>\n<li data-start=\"1636\" data-end=\"1740\"><strong data-start=\"1638\" data-end=\"1674\"><span>Costruzione in alluminio fuso<\/span><\/strong><span> : maggiore resistenza, durata e dissipazione termica efficiente.<\/span><\/li>\n<li data-start=\"1741\" data-end=\"1832\"><strong data-start=\"1743\" data-end=\"1789\"><span>Pressione di ingresso fino a 3 MPa (30 bar):<\/span><\/strong><span> garantisce una fornitura stabile di gas.<\/span><\/li>\n<li data-start=\"1833\" data-end=\"1906\"><strong data-start=\"1835\" data-end=\"1861\"><span>Bobina 12V DC &#8211; 17W<\/span><\/strong><span> : Consumo ottimizzato per maggiore efficienza.<\/span><\/li>\n<li data-start=\"1907\" data-end=\"2026\"><strong data-start=\"1909\" data-end=\"1932\"><span>Connessioni standard<\/span><\/strong><span> :<\/span>\n<ul data-start=\"1938\" data-end=\"2026\">\n<li data-start=\"1938\" data-end=\"1984\"><strong data-start=\"1940\" data-end=\"1958\"><span>Ingresso gas<\/span><\/strong><span> : M12x1 per tubo da \u00d88 mm.<\/span><\/li>\n<li data-start=\"1987\" data-end=\"2026\"><strong data-start=\"1989\" data-end=\"2006\"><span>Uscita gas<\/span><\/strong><span> : tubo \u00d812 mm.<\/span><\/li>\n<\/ul>\n<\/li>\n<li data-start=\"2027\" data-end=\"2143\"><strong data-start=\"2029\" data-end=\"2068\"><span>Design compatto e installazione facile<\/span><\/strong><span> : dimensioni <\/span><strong data-start=\"2085\" data-end=\"2103\"><span>125x125x115 mm<\/span><\/strong><span> , ideale per varie regolazioni.<\/span><\/li>\n<\/ul>\n<p>PRENDI PI\u00d9 <a href=\"https:\/\/recambiosecogas.com\/it\/categoria-producto\/reguladores-de-presion\/reductores-glp\/\">CAMBIO,<\/a><a href=\"https:\/\/recambiosecogas.com\/producto\/impco-kit-de-reparacion-para-el-reductor-de-glp-modelo-l\/\"> KIT DI RIPARAZIONE, <\/a><a href=\"http:\/\/www.segimonautomocio.com\">CONVERTI IN GPL<\/a><\/p>\n","protected":false},"excerpt":{"rendered":"<p><a href=\"https:\/\/recambiosecogas.com\/wp-content\/uploads\/2024\/10\/espanol-AT09_Nordic_Nordic_XP_Guia_Rapida.pdf\">MANUALE<\/a><\/p>\n","protected":false},"featured_media":6686,"comment_status":"open","ping_status":"closed","template":"","meta":{"_uag_custom_page_level_css":""},"product_brand":[],"product_cat":[2143,2136,2194],"product_tag":[],"class_list":{"0":"post-47005","1":"product","2":"type-product","3":"status-publish","4":"has-post-thumbnail","6":"product_cat-reductores-glp","7":"product_cat-reguladores-de-presion","8":"product_cat-tomaseto-achile","10":"first","11":"onbackorder","12":"taxable","13":"shipping-taxable","14":"purchasable","15":"product-type-simple"},"ct_brands":[],"yoast_head":"<!-- This site is optimized with the Yoast SEO Premium plugin v27.5 (Yoast SEO v27.6) - https:\/\/yoast.com\/product\/yoast-seo-premium-wordpress\/ -->\n<title>Tomasetto reducer AT09 Nordic XP (fino a 180 kW) | Recambios EcoGas | Sistemas GLP y GNC<\/title>\n<meta name=\"description\" content=\"Il Reducer Tomasetto AT09 Nordic XP \u00e8 un vaporizzatore a GPL ad alte prestazioni, con pressione regolabile da 90 a 180 kPa.\" \/>\n<meta name=\"robots\" content=\"index, follow, max-snippet:-1, max-image-preview:large, max-video-preview:-1\" \/>\n<link rel=\"canonical\" href=\"https:\/\/recambiosecogas.com\/it\/producto\/tomasetto-reductor-at09-nordic-xp-hasta-180-kw\/\" \/>\n<meta property=\"og:locale\" content=\"it_IT\" \/>\n<meta property=\"og:type\" content=\"article\" \/>\n<meta property=\"og:title\" content=\"Tomasetto reducer AT09 Nordic XP (fino a 180 kW)\" \/>\n<meta property=\"og:description\" content=\"Il Reducer Tomasetto AT09 Nordic XP \u00e8 un vaporizzatore a GPL ad alte prestazioni, con pressione regolabile da 90 a 180 kPa.\" \/>\n<meta property=\"og:url\" content=\"https:\/\/recambiosecogas.com\/it\/producto\/tomasetto-reductor-at09-nordic-xp-hasta-180-kw\/\" \/>\n<meta property=\"og:site_name\" content=\"Recambios EcoGas\" \/>\n<meta property=\"article:publisher\" content=\"https:\/\/www.facebook.com\/profile.php?id=100062419705358\" \/>\n<meta property=\"article:modified_time\" content=\"2026-04-08T09:29:18+00:00\" \/>\n<meta property=\"og:image\" content=\"https:\/\/recambiosecogas.com\/wp-content\/uploads\/2024\/10\/Tomasetto-reductor-AT09-Nordic-hasta-125-kW-png.webp\" \/>\n\t<meta property=\"og:image:width\" content=\"1000\" \/>\n\t<meta property=\"og:image:height\" content=\"1000\" \/>\n\t<meta property=\"og:image:type\" content=\"image\/png\" \/>\n<meta name=\"twitter:card\" content=\"summary_large_image\" \/>\n<meta name=\"twitter:label1\" content=\"Prezzo\" \/>\n\t<meta name=\"twitter:data1\" content=\"105,40&nbsp;&euro; (Sin IVA: 87,11&nbsp;&euro;)\" \/>\n\t<meta name=\"twitter:label2\" content=\"Disponibilit\u00e0\" \/>\n\t<meta name=\"twitter:data2\" content=\"Su ordinazione\" \/>\n<script type=\"application\/ld+json\" class=\"yoast-schema-graph\">{\"@context\":\"https:\\\/\\\/schema.org\",\"@graph\":[{\"@type\":\"WebPage\",\"@id\":\"https:\\\/\\\/recambiosecogas.com\\\/it\\\/producto\\\/tomasetto-reductor-at09-nordic-xp-hasta-180-kw\\\/\",\"url\":\"https:\\\/\\\/recambiosecogas.com\\\/it\\\/producto\\\/tomasetto-reductor-at09-nordic-xp-hasta-180-kw\\\/\",\"name\":\"Tomasetto reducer AT09 Nordic XP (fino a 180 kW) | Recambios EcoGas | Sistemas GLP y GNC\",\"isPartOf\":{\"@id\":\"https:\\\/\\\/recambiosecogas.com\\\/it\\\/#website\"},\"primaryImageOfPage\":{\"@id\":\"https:\\\/\\\/recambiosecogas.com\\\/it\\\/producto\\\/tomasetto-reductor-at09-nordic-xp-hasta-180-kw\\\/#primaryimage\"},\"image\":{\"@id\":\"https:\\\/\\\/recambiosecogas.com\\\/it\\\/producto\\\/tomasetto-reductor-at09-nordic-xp-hasta-180-kw\\\/#primaryimage\"},\"thumbnailUrl\":\"https:\\\/\\\/recambiosecogas.com\\\/wp-content\\\/uploads\\\/2024\\\/10\\\/Tomasetto-reductor-AT09-Nordic-hasta-125-kW-png.webp\",\"datePublished\":\"2024-10-19T13:23:50+00:00\",\"dateModified\":\"2026-04-08T09:29:18+00:00\",\"description\":\"Il Reducer Tomasetto AT09 Nordic XP \u00e8 un vaporizzatore a GPL ad alte prestazioni, con pressione regolabile da 90 a 180 kPa.\",\"breadcrumb\":{\"@id\":\"https:\\\/\\\/recambiosecogas.com\\\/it\\\/producto\\\/tomasetto-reductor-at09-nordic-xp-hasta-180-kw\\\/#breadcrumb\"},\"inLanguage\":\"it-IT\",\"potentialAction\":[{\"@type\":\"ReadAction\",\"target\":[\"https:\\\/\\\/recambiosecogas.com\\\/it\\\/producto\\\/tomasetto-reductor-at09-nordic-xp-hasta-180-kw\\\/\"]}]},{\"@type\":\"ImageObject\",\"inLanguage\":\"it-IT\",\"@id\":\"https:\\\/\\\/recambiosecogas.com\\\/it\\\/producto\\\/tomasetto-reductor-at09-nordic-xp-hasta-180-kw\\\/#primaryimage\",\"url\":\"https:\\\/\\\/recambiosecogas.com\\\/wp-content\\\/uploads\\\/2024\\\/10\\\/Tomasetto-reductor-AT09-Nordic-hasta-125-kW-png.webp\",\"contentUrl\":\"https:\\\/\\\/recambiosecogas.com\\\/wp-content\\\/uploads\\\/2024\\\/10\\\/Tomasetto-reductor-AT09-Nordic-hasta-125-kW-png.webp\",\"width\":1000,\"height\":1000,\"caption\":\"Reductor Tomasetto AT09 Nordic Tomasetto Achille\"},{\"@type\":\"BreadcrumbList\",\"@id\":\"https:\\\/\\\/recambiosecogas.com\\\/it\\\/producto\\\/tomasetto-reductor-at09-nordic-xp-hasta-180-kw\\\/#breadcrumb\",\"itemListElement\":[{\"@type\":\"ListItem\",\"position\":1,\"name\":\"Portada\",\"item\":\"https:\\\/\\\/recambiosecogas.com\\\/it\\\/\"},{\"@type\":\"ListItem\",\"position\":2,\"name\":\"Negozio\",\"item\":\"https:\\\/\\\/recambiosecogas.com\\\/it\\\/?page_id=46382\"},{\"@type\":\"ListItem\",\"position\":3,\"name\":\"Tomasetto reducer AT09 Nordic XP (fino a 180 kW)\"}]},{\"@type\":\"WebSite\",\"@id\":\"https:\\\/\\\/recambiosecogas.com\\\/it\\\/#website\",\"url\":\"https:\\\/\\\/recambiosecogas.com\\\/it\\\/\",\"name\":\"Recambios EcoGas\",\"description\":\"Recambios Multimarca para sistemas de GLP\\\/GNC\\\/GNL\\\/Hidr\u00f3geno\",\"publisher\":{\"@id\":\"https:\\\/\\\/recambiosecogas.com\\\/it\\\/#organization\"},\"alternateName\":\"Recambios Autogas GLP\",\"potentialAction\":[{\"@type\":\"SearchAction\",\"target\":{\"@type\":\"EntryPoint\",\"urlTemplate\":\"https:\\\/\\\/recambiosecogas.com\\\/it\\\/?s={search_term_string}\"},\"query-input\":{\"@type\":\"PropertyValueSpecification\",\"valueRequired\":true,\"valueName\":\"search_term_string\"}}],\"inLanguage\":\"it-IT\"},{\"@type\":[\"Organization\",\"Place\"],\"@id\":\"https:\\\/\\\/recambiosecogas.com\\\/it\\\/#organization\",\"name\":\"Recambios EcoGas\",\"alternateName\":\"Tienda Online GLP Espa\u00f1a\",\"url\":\"https:\\\/\\\/recambiosecogas.com\\\/it\\\/\",\"logo\":{\"@id\":\"https:\\\/\\\/recambiosecogas.com\\\/it\\\/producto\\\/tomasetto-reductor-at09-nordic-xp-hasta-180-kw\\\/#local-main-organization-logo\"},\"image\":{\"@id\":\"https:\\\/\\\/recambiosecogas.com\\\/it\\\/producto\\\/tomasetto-reductor-at09-nordic-xp-hasta-180-kw\\\/#local-main-organization-logo\"},\"sameAs\":[\"https:\\\/\\\/www.facebook.com\\\/profile.php?id=100062419705358\",\"https:\\\/\\\/www.instagram.com\\\/segimon_automocio\"],\"description\":\"Recambios EcoGas \u2013 Venta y distribuci\u00f3n de sistemas GLP y GNC en Espa\u00f1a y Portugal. Env\u00edos 24 h, soporte t\u00e9cnico a talleres y distribuidores.\",\"hasMerchantReturnPolicy\":{\"@type\":\"MerchantReturnPolicy\",\"merchantReturnLink\":\"https:\\\/\\\/recambiosecogas.com\\\/politicas-privacidad\\\/\"},\"address\":{\"@id\":\"https:\\\/\\\/recambiosecogas.com\\\/it\\\/producto\\\/tomasetto-reductor-at09-nordic-xp-hasta-180-kw\\\/#local-main-place-address\"},\"telephone\":[\"616250633\"],\"contactPoint\":{\"@type\":\"ContactPoint\",\"email\":\"export@recambiosecogas.com\"},\"openingHoursSpecification\":[{\"@type\":\"OpeningHoursSpecification\",\"dayOfWeek\":[\"Monday\",\"Tuesday\",\"Wednesday\",\"Thursday\",\"Friday\",\"Saturday\",\"Sunday\"],\"opens\":\"09:00\",\"closes\":\"17:00\"}],\"email\":\"info@recambiosecogas.com\",\"faxNumber\":\"SEGIMON AUTOMOCION SL\",\"vatID\":\"ESB19819861\",\"globalLocationNumber\":\"938 616 339\"},{\"@type\":\"PostalAddress\",\"@id\":\"https:\\\/\\\/recambiosecogas.com\\\/it\\\/producto\\\/tomasetto-reductor-at09-nordic-xp-hasta-180-kw\\\/#local-main-place-address\",\"streetAddress\":\"cami antic de vic, 29 (Nave 3), Pol\u00edgono Industrial Congost\",\"addressLocality\":\"CORRO D`AVALL\",\"postalCode\":\"08520\",\"addressRegion\":\"Barcelona\",\"addressCountry\":\"ES\"},{\"@type\":\"ImageObject\",\"inLanguage\":\"it-IT\",\"@id\":\"https:\\\/\\\/recambiosecogas.com\\\/it\\\/producto\\\/tomasetto-reductor-at09-nordic-xp-hasta-180-kw\\\/#local-main-organization-logo\",\"url\":\"https:\\\/\\\/recambiosecogas.com\\\/wp-content\\\/uploads\\\/2024\\\/11\\\/cropped-RECAMBIOS-GLP-png.webp\",\"contentUrl\":\"https:\\\/\\\/recambiosecogas.com\\\/wp-content\\\/uploads\\\/2024\\\/11\\\/cropped-RECAMBIOS-GLP-png.webp\",\"width\":512,\"height\":512,\"caption\":\"Recambios EcoGas\"}]}<\/script>\n<meta property=\"product:price:amount\" content=\"105.40\" \/>\n<meta property=\"product:price:currency\" content=\"EUR\" \/>\n<meta property=\"og:availability\" content=\"backorder\" \/>\n<meta property=\"product:availability\" content=\"available for order\" \/>\n<meta property=\"product:retailer_item_id\" content=\"107466\" \/>\n<meta property=\"product:condition\" content=\"new\" \/>\n<meta name=\"geo.placename\" content=\"CORRO D`AVALL\" \/>\n<meta name=\"geo.region\" content=\"Spagna\" \/>\n<!-- \/ Yoast SEO Premium plugin. -->","yoast_head_json":{"title":"Tomasetto reducer AT09 Nordic XP (fino a 180 kW) | Recambios EcoGas | Sistemas GLP y GNC","description":"Il Reducer Tomasetto AT09 Nordic XP \u00e8 un vaporizzatore a GPL ad alte prestazioni, con pressione regolabile da 90 a 180 kPa.","robots":{"index":"index","follow":"follow","max-snippet":"max-snippet:-1","max-image-preview":"max-image-preview:large","max-video-preview":"max-video-preview:-1"},"canonical":"https:\/\/recambiosecogas.com\/it\/producto\/tomasetto-reductor-at09-nordic-xp-hasta-180-kw\/","og_locale":"it_IT","og_type":"article","og_title":"Tomasetto reducer AT09 Nordic XP (fino a 180 kW)","og_description":"Il Reducer Tomasetto AT09 Nordic XP \u00e8 un vaporizzatore a GPL ad alte prestazioni, con pressione regolabile da 90 a 180 kPa.","og_url":"https:\/\/recambiosecogas.com\/it\/producto\/tomasetto-reductor-at09-nordic-xp-hasta-180-kw\/","og_site_name":"Recambios EcoGas","article_publisher":"https:\/\/www.facebook.com\/profile.php?id=100062419705358","article_modified_time":"2026-04-08T09:29:18+00:00","og_image":[{"width":1000,"height":1000,"url":"https:\/\/recambiosecogas.com\/wp-content\/uploads\/2024\/10\/Tomasetto-reductor-AT09-Nordic-hasta-125-kW-png.webp","type":"image\/png"}],"twitter_card":"summary_large_image","twitter_misc":{"Prezzo":"105,40&nbsp;&euro; (Sin IVA: 87,11&nbsp;&euro;)","Disponibilit\u00e0":"Su ordinazione"},"schema":{"@context":"https:\/\/schema.org","@graph":[{"@type":"WebPage","@id":"https:\/\/recambiosecogas.com\/it\/producto\/tomasetto-reductor-at09-nordic-xp-hasta-180-kw\/","url":"https:\/\/recambiosecogas.com\/it\/producto\/tomasetto-reductor-at09-nordic-xp-hasta-180-kw\/","name":"Tomasetto reducer AT09 Nordic XP (fino a 180 kW) | Recambios EcoGas | Sistemas GLP y GNC","isPartOf":{"@id":"https:\/\/recambiosecogas.com\/it\/#website"},"primaryImageOfPage":{"@id":"https:\/\/recambiosecogas.com\/it\/producto\/tomasetto-reductor-at09-nordic-xp-hasta-180-kw\/#primaryimage"},"image":{"@id":"https:\/\/recambiosecogas.com\/it\/producto\/tomasetto-reductor-at09-nordic-xp-hasta-180-kw\/#primaryimage"},"thumbnailUrl":"https:\/\/recambiosecogas.com\/wp-content\/uploads\/2024\/10\/Tomasetto-reductor-AT09-Nordic-hasta-125-kW-png.webp","datePublished":"2024-10-19T13:23:50+00:00","dateModified":"2026-04-08T09:29:18+00:00","description":"Il Reducer Tomasetto AT09 Nordic XP \u00e8 un vaporizzatore a GPL ad alte prestazioni, con pressione regolabile da 90 a 180 kPa.","breadcrumb":{"@id":"https:\/\/recambiosecogas.com\/it\/producto\/tomasetto-reductor-at09-nordic-xp-hasta-180-kw\/#breadcrumb"},"inLanguage":"it-IT","potentialAction":[{"@type":"ReadAction","target":["https:\/\/recambiosecogas.com\/it\/producto\/tomasetto-reductor-at09-nordic-xp-hasta-180-kw\/"]}]},{"@type":"ImageObject","inLanguage":"it-IT","@id":"https:\/\/recambiosecogas.com\/it\/producto\/tomasetto-reductor-at09-nordic-xp-hasta-180-kw\/#primaryimage","url":"https:\/\/recambiosecogas.com\/wp-content\/uploads\/2024\/10\/Tomasetto-reductor-AT09-Nordic-hasta-125-kW-png.webp","contentUrl":"https:\/\/recambiosecogas.com\/wp-content\/uploads\/2024\/10\/Tomasetto-reductor-AT09-Nordic-hasta-125-kW-png.webp","width":1000,"height":1000,"caption":"Reductor Tomasetto AT09 Nordic Tomasetto Achille"},{"@type":"BreadcrumbList","@id":"https:\/\/recambiosecogas.com\/it\/producto\/tomasetto-reductor-at09-nordic-xp-hasta-180-kw\/#breadcrumb","itemListElement":[{"@type":"ListItem","position":1,"name":"Portada","item":"https:\/\/recambiosecogas.com\/it\/"},{"@type":"ListItem","position":2,"name":"Negozio","item":"https:\/\/recambiosecogas.com\/it\/?page_id=46382"},{"@type":"ListItem","position":3,"name":"Tomasetto reducer AT09 Nordic XP (fino a 180 kW)"}]},{"@type":"WebSite","@id":"https:\/\/recambiosecogas.com\/it\/#website","url":"https:\/\/recambiosecogas.com\/it\/","name":"Recambios EcoGas","description":"Recambios Multimarca para sistemas de GLP\/GNC\/GNL\/Hidr\u00f3geno","publisher":{"@id":"https:\/\/recambiosecogas.com\/it\/#organization"},"alternateName":"Recambios Autogas GLP","potentialAction":[{"@type":"SearchAction","target":{"@type":"EntryPoint","urlTemplate":"https:\/\/recambiosecogas.com\/it\/?s={search_term_string}"},"query-input":{"@type":"PropertyValueSpecification","valueRequired":true,"valueName":"search_term_string"}}],"inLanguage":"it-IT"},{"@type":["Organization","Place"],"@id":"https:\/\/recambiosecogas.com\/it\/#organization","name":"Recambios EcoGas","alternateName":"Tienda Online GLP Espa\u00f1a","url":"https:\/\/recambiosecogas.com\/it\/","logo":{"@id":"https:\/\/recambiosecogas.com\/it\/producto\/tomasetto-reductor-at09-nordic-xp-hasta-180-kw\/#local-main-organization-logo"},"image":{"@id":"https:\/\/recambiosecogas.com\/it\/producto\/tomasetto-reductor-at09-nordic-xp-hasta-180-kw\/#local-main-organization-logo"},"sameAs":["https:\/\/www.facebook.com\/profile.php?id=100062419705358","https:\/\/www.instagram.com\/segimon_automocio"],"description":"Recambios EcoGas \u2013 Venta y distribuci\u00f3n de sistemas GLP y GNC en Espa\u00f1a y Portugal. Env\u00edos 24 h, soporte t\u00e9cnico a talleres y distribuidores.","hasMerchantReturnPolicy":{"@type":"MerchantReturnPolicy","merchantReturnLink":"https:\/\/recambiosecogas.com\/politicas-privacidad\/"},"address":{"@id":"https:\/\/recambiosecogas.com\/it\/producto\/tomasetto-reductor-at09-nordic-xp-hasta-180-kw\/#local-main-place-address"},"telephone":["616250633"],"contactPoint":{"@type":"ContactPoint","email":"export@recambiosecogas.com"},"openingHoursSpecification":[{"@type":"OpeningHoursSpecification","dayOfWeek":["Monday","Tuesday","Wednesday","Thursday","Friday","Saturday","Sunday"],"opens":"09:00","closes":"17:00"}],"email":"info@recambiosecogas.com","faxNumber":"SEGIMON AUTOMOCION SL","vatID":"ESB19819861","globalLocationNumber":"938 616 339"},{"@type":"PostalAddress","@id":"https:\/\/recambiosecogas.com\/it\/producto\/tomasetto-reductor-at09-nordic-xp-hasta-180-kw\/#local-main-place-address","streetAddress":"cami antic de vic, 29 (Nave 3), Pol\u00edgono Industrial Congost","addressLocality":"CORRO D`AVALL","postalCode":"08520","addressRegion":"Barcelona","addressCountry":"ES"},{"@type":"ImageObject","inLanguage":"it-IT","@id":"https:\/\/recambiosecogas.com\/it\/producto\/tomasetto-reductor-at09-nordic-xp-hasta-180-kw\/#local-main-organization-logo","url":"https:\/\/recambiosecogas.com\/wp-content\/uploads\/2024\/11\/cropped-RECAMBIOS-GLP-png.webp","contentUrl":"https:\/\/recambiosecogas.com\/wp-content\/uploads\/2024\/11\/cropped-RECAMBIOS-GLP-png.webp","width":512,"height":512,"caption":"Recambios EcoGas"}]},"product_price_amount":"105.40","product_price_currency":"EUR","og_availability":"backorder","product_availability":"available for order","product_retailer_item_id":"107466","product_condition":"new","geo.placename":"CORRO D`AVALL","geo.region":"Spagna"},"uagb_featured_image_src":{"full":["https:\/\/recambiosecogas.com\/wp-content\/uploads\/2024\/10\/Tomasetto-reductor-AT09-Nordic-hasta-125-kW-png.webp",1000,1000,false],"thumbnail":["https:\/\/recambiosecogas.com\/wp-content\/uploads\/2024\/10\/Tomasetto-reductor-AT09-Nordic-hasta-125-kW-150x150.webp",150,150,true],"medium":["https:\/\/recambiosecogas.com\/wp-content\/uploads\/2024\/10\/Tomasetto-reductor-AT09-Nordic-hasta-125-kW-300x300.webp",300,300,true],"medium_large":["https:\/\/recambiosecogas.com\/wp-content\/uploads\/2024\/10\/Tomasetto-reductor-AT09-Nordic-hasta-125-kW-768x768.webp",768,768,true],"large":["https:\/\/recambiosecogas.com\/wp-content\/uploads\/2024\/10\/Tomasetto-reductor-AT09-Nordic-hasta-125-kW-png.webp",1000,1000,false],"1536x1536":["https:\/\/recambiosecogas.com\/wp-content\/uploads\/2024\/10\/Tomasetto-reductor-AT09-Nordic-hasta-125-kW-png.webp",1000,1000,false],"2048x2048":["https:\/\/recambiosecogas.com\/wp-content\/uploads\/2024\/10\/Tomasetto-reductor-AT09-Nordic-hasta-125-kW-png.webp",1000,1000,false],"woocommerce_archive_thumbnail":["https:\/\/recambiosecogas.com\/wp-content\/uploads\/2024\/10\/Tomasetto-reductor-AT09-Nordic-hasta-125-kW-png.webp",1000,1000,false],"woocommerce_thumbnail":["https:\/\/recambiosecogas.com\/wp-content\/uploads\/2024\/10\/Tomasetto-reductor-AT09-Nordic-hasta-125-kW-png-300x300.webp",300,300,true],"woocommerce_single":["https:\/\/recambiosecogas.com\/wp-content\/uploads\/2024\/10\/Tomasetto-reductor-AT09-Nordic-hasta-125-kW-png.webp",1000,1000,false],"woocommerce_gallery_thumbnail":["https:\/\/recambiosecogas.com\/wp-content\/uploads\/2024\/10\/Tomasetto-reductor-AT09-Nordic-hasta-125-kW-png.webp",1000,1000,false],"dgwt-wcas-product-suggestion":["https:\/\/recambiosecogas.com\/wp-content\/uploads\/2024\/10\/Tomasetto-reductor-AT09-Nordic-hasta-125-kW-png-64x64.webp",64,64,true]},"uagb_author_info":{"display_name":"Fran - Soporte T\u00e9cnico","author_link":"https:\/\/recambiosecogas.com\/it\/author\/"},"uagb_comment_info":0,"uagb_excerpt":"MANUALE","_links":{"self":[{"href":"https:\/\/recambiosecogas.com\/it\/wp-json\/wp\/v2\/product\/47005","targetHints":{"allow":["GET"]}}],"collection":[{"href":"https:\/\/recambiosecogas.com\/it\/wp-json\/wp\/v2\/product"}],"about":[{"href":"https:\/\/recambiosecogas.com\/it\/wp-json\/wp\/v2\/types\/product"}],"replies":[{"embeddable":true,"href":"https:\/\/recambiosecogas.com\/it\/wp-json\/wp\/v2\/comments?post=47005"}],"wp:featuredmedia":[{"embeddable":true,"href":"https:\/\/recambiosecogas.com\/it\/wp-json\/wp\/v2\/media\/6686"}],"wp:attachment":[{"href":"https:\/\/recambiosecogas.com\/it\/wp-json\/wp\/v2\/media?parent=47005"}],"wp:term":[{"taxonomy":"product_brand","embeddable":true,"href":"https:\/\/recambiosecogas.com\/it\/wp-json\/wp\/v2\/product_brand?post=47005"},{"taxonomy":"product_cat","embeddable":true,"href":"https:\/\/recambiosecogas.com\/it\/wp-json\/wp\/v2\/product_cat?post=47005"},{"taxonomy":"product_tag","embeddable":true,"href":"https:\/\/recambiosecogas.com\/it\/wp-json\/wp\/v2\/product_tag?post=47005"}],"curies":[{"name":"wp","href":"https:\/\/api.w.org\/{rel}","templated":true}]}}