{"id":47000,"date":"2024-10-19T14:23:50","date_gmt":"2024-10-19T13:23:50","guid":{"rendered":"https:\/\/recambiosecogas.com\/producto\/tartarini-reductor-seq-estandar\/"},"modified":"2026-04-27T09:20:38","modified_gmt":"2026-04-27T08:20:38","slug":"tartarini-reductor-seq-estandar","status":"publish","type":"product","link":"https:\/\/recambiosecogas.com\/it\/producto\/tartarini-reductor-seq-estandar\/","title":{"rendered":"Tartarini reducer SEQ\u00dcENTIAL Standard"},"content":{"rendered":"<p>Riduttore TARTARINI G\/SEQ LPG per modello SGI standard che include valvola di chiusura da 8 mm &#8220;E08G&#8221; e sensore di temperatura.<\/p>\n<p data-start=\"172\" data-end=\"536\"><strong data-start=\"175\" data-end=\"210\">Il riduttore TARTARINI G\/SEQ LPG \u00e8<\/strong> un <strong data-start=\"217\" data-end=\"261\">regolatore di pressione ad alte prestazioni<\/strong> , progettato per <strong data-start=\"277\" data-end=\"359\">sistemi selettivi di autogas a GPL in veicoli con iniezione sequenziale (SGI).<\/strong> La sua funzione principale \u00e8 <strong data-start=\"385\" data-end=\"436\">convertire il GPL dalla fase liquida alla fase gassosa<\/strong> , garantendo una pressione di uscita stabile e un flusso di gas efficiente per una combustione ottimale. <\/p>\n<h3 data-start=\"1801\" data-end=\"1825\"><strong data-start=\"1805\" data-end=\"1823\">Dati tecnici<\/strong><\/h3>\n<ul data-start=\"1826\" data-end=\"2221\">\n<li data-start=\"1826\" data-end=\"1857\"><strong data-start=\"1828\" data-end=\"1838\">Modello<\/strong> : TARTARINI G\/SEQ<\/li>\n<li data-start=\"1858\" data-end=\"1928\"><strong data-start=\"1860\" data-end=\"1868\">Tipo<\/strong> : Riduttore di pressione a GPL per iniezione sequenziale SGI<\/li>\n<li data-start=\"1929\" data-end=\"1961\"><strong data-start=\"1931\" data-end=\"1947\">Approvazione<\/strong> : 67R01-0023<\/li>\n<li data-start=\"1962\" data-end=\"2009\"><strong data-start=\"1964\" data-end=\"1997\">ID produttore<\/strong> : 8950871C<\/li>\n<li data-start=\"2010\" data-end=\"2039\"><strong data-start=\"2012\" data-end=\"2030\">Ingresso del gas<\/strong> : \u00d86 mm<\/li>\n<li data-start=\"2040\" data-end=\"2090\"><strong data-start=\"2042\" data-end=\"2071\">Collegamento all&#8217;uscita del gas<\/strong> : tubo \u00d811 mm<\/li>\n<li data-start=\"2091\" data-end=\"2132\"><strong data-start=\"2093\" data-end=\"2113\">Collegamento acqua<\/strong> : tubo \u00d816 mm<\/li>\n<li data-start=\"2133\" data-end=\"2180\"><strong data-start=\"2135\" data-end=\"2163\">Valvola di chiusura del gas<\/strong> : E08G inclusa<\/li>\n<li data-start=\"2181\" data-end=\"2221\"><strong data-start=\"2183\" data-end=\"2208\">Sensore di temperatura<\/strong> : integrato<\/li>\n<\/ul>\n<p data-start=\"538\" data-end=\"881\">Questo modello include una <strong data-start=\"562\" data-end=\"613\">valvola di chiusura del gas esterna &#8220;E08G<\/strong> &#8221; da 8 mm e un <strong data-start=\"619\" data-end=\"654\">sensore di temperatura integrato<\/strong> , garantendo maggiore sicurezza e controllo sul sistema del gas. La sua <strong data-start=\"725\" data-end=\"748\">robusta produzione<\/strong> e <strong data-start=\"751\" data-end=\"774\">l&#8217;elevata compatibilit\u00e0<\/strong> con i sistemi Tartarini la rendono una scelta affidabile per <strong data-start=\"871\" data-end=\"878\">la conversione dei veicoli al GPL<\/strong> . <\/p>\n<p data-start=\"883\" data-end=\"1092\">Approvato secondo la norma <strong data-start=\"912\" data-end=\"926\">67R01-0023<\/strong> , <strong data-start=\"931\" data-end=\"950\">il TARTARINI G\/SEQ<\/strong> rispetta <strong data-start=\"962\" data-end=\"1005\">elevati standard di sicurezza e qualit\u00e0<\/strong> , garantendo un&#8217;installazione e un funzionamento ottimali nei sistemi a gas veicolari.<\/p>\n<h3 data-start=\"1094\" data-end=\"1132\"><strong data-start=\"1098\" data-end=\"1130\">Caratteristiche e vantaggi<\/strong><\/h3>\n<ul data-start=\"1133\" data-end=\"1799\">\n<li data-start=\"1133\" data-end=\"1233\"><strong data-start=\"1135\" data-end=\"1166\">Regolatore di pressione a GPL<\/strong> : Progettato per <strong data-start=\"1182\" data-end=\"1230\">sistemi SGI selettivi di autogas Tartarini<\/strong> .<\/li>\n<li data-start=\"1234\" data-end=\"1334\"><strong data-start=\"1236\" data-end=\"1279\">Include valvola di chiusura del gas &#8220;E08G<\/strong> &#8220;: maggiore sicurezza nell&#8217;installazione e nell&#8217;esercizio.<\/li>\n<li data-start=\"1335\" data-end=\"1431\"><strong data-start=\"1337\" data-end=\"1372\">Sensore di temperatura integrato<\/strong> : consente un controllo pi\u00f9 preciso della conversione del gas.<\/li>\n<li data-start=\"1432\" data-end=\"1535\"><strong data-start=\"1434\" data-end=\"1469\">Costruzione robusta e durevole<\/strong> : Materiali di alta qualit\u00e0 che garantiscono una lunga durata.<\/li>\n<li data-start=\"1536\" data-end=\"1717\"><strong data-start=\"1538\" data-end=\"1561\">Connessioni standard<\/strong> per un&#8217;installazione facile:\n<ul data-start=\"1594\" data-end=\"1717\">\n<li data-start=\"1594\" data-end=\"1624\"><strong data-start=\"1596\" data-end=\"1614\">Ingresso del gas<\/strong> : \u00d86 mm.<\/li>\n<li data-start=\"1627\" data-end=\"1669\"><strong data-start=\"1629\" data-end=\"1646\">Uscita del gas<\/strong> : tubo da \u00d811 mm.<\/li>\n<li data-start=\"1672\" data-end=\"1717\"><strong data-start=\"1674\" data-end=\"1694\">Collegamento acqua<\/strong> : tubo da \u00d816 mm.<\/li>\n<\/ul>\n<\/li>\n<li data-start=\"1718\" data-end=\"1799\"><strong data-start=\"1720\" data-end=\"1747\">Approvazione 67R01-0023<\/strong> : Conformi agli standard europei di sicurezza.<\/li>\n<\/ul>\n<p>PRENDI PI\u00d9 <a href=\"https:\/\/recambiosecogas.com\/it\/categoria-producto\/reguladores-de-presion\/reductores-glp\/\">CAMBIO,<\/a><a href=\"https:\/\/recambiosecogas.com\/producto\/impco-kit-de-reparacion-para-el-reductor-de-glp-modelo-l\/\"> KIT DI RIPARAZIONE, <\/a><a href=\"http:\/\/www.segimonautomocio.com\">CONVERTI IN GPL<\/a><\/p>\n<p><a href=\"https:\/\/segimonautomocio.com\/\">PER LE CONVERSIONI LPG VISITA IL NOSTRO WORKSHOP SUL SITO WEB<\/a><\/p>\n","protected":false},"excerpt":{"rendered":"<p>Tartarini reducer SEQ. Standard<\/p>\n","protected":false},"featured_media":6682,"comment_status":"open","ping_status":"closed","template":"","meta":{"_uag_custom_page_level_css":""},"product_brand":[],"product_cat":[2143,2136,2371],"product_tag":[],"class_list":{"0":"post-47000","1":"product","2":"type-product","3":"status-publish","4":"has-post-thumbnail","6":"product_cat-reductores-glp","7":"product_cat-reguladores-de-presion","8":"product_cat-tartarini","10":"first","11":"onbackorder","12":"taxable","13":"shipping-taxable","14":"purchasable","15":"product-type-simple"},"ct_brands":[],"yoast_head":"<!-- This site is optimized with the Yoast SEO Premium plugin v27.5 (Yoast SEO v27.5) - https:\/\/yoast.com\/product\/yoast-seo-premium-wordpress\/ -->\n<title>Tartarini reducer SEQ\u00dcENTIAL Standard | Recambios EcoGas | Sistemas GLP y GNC<\/title>\n<meta name=\"description\" content=\"Il riduttore Tartarini G\/SEQ LPG offre regolazione costante della pressione e combustione efficiente nei sistemi SGI. ACQUISTA ONLINE\" \/>\n<meta name=\"robots\" content=\"index, follow, max-snippet:-1, max-image-preview:large, max-video-preview:-1\" \/>\n<link rel=\"canonical\" href=\"https:\/\/recambiosecogas.com\/it\/producto\/tartarini-reductor-seq-estandar\/\" \/>\n<meta property=\"og:locale\" content=\"it_IT\" \/>\n<meta property=\"og:type\" content=\"article\" \/>\n<meta property=\"og:title\" content=\"Tartarini reducer SEQ\u00dcENTIAL Standard\" \/>\n<meta property=\"og:description\" content=\"Il riduttore Tartarini G\/SEQ LPG offre regolazione costante della pressione e combustione efficiente nei sistemi SGI. ACQUISTA ONLINE\" \/>\n<meta property=\"og:url\" content=\"https:\/\/recambiosecogas.com\/it\/producto\/tartarini-reductor-seq-estandar\/\" \/>\n<meta property=\"og:site_name\" content=\"Recambios EcoGas\" \/>\n<meta property=\"article:publisher\" content=\"https:\/\/www.facebook.com\/profile.php?id=100062419705358\" \/>\n<meta property=\"article:modified_time\" content=\"2026-04-27T08:20:38+00:00\" \/>\n<meta property=\"og:image\" content=\"https:\/\/recambiosecogas.com\/wp-content\/uploads\/2024\/10\/Tartarini-reductor-SEQ.-Estandar-png.webp\" \/>\n\t<meta property=\"og:image:width\" content=\"1000\" \/>\n\t<meta property=\"og:image:height\" content=\"1000\" \/>\n\t<meta property=\"og:image:type\" content=\"image\/png\" \/>\n<meta name=\"twitter:card\" content=\"summary_large_image\" \/>\n<meta name=\"twitter:label1\" content=\"Prezzo\" \/>\n\t<meta name=\"twitter:data1\" content=\"219,83&nbsp;&euro; (Sin IVA: 181,67&nbsp;&euro;)\" \/>\n\t<meta name=\"twitter:label2\" content=\"Disponibilit\u00e0\" \/>\n\t<meta name=\"twitter:data2\" content=\"Su ordinazione\" \/>\n<script type=\"application\/ld+json\" class=\"yoast-schema-graph\">{\"@context\":\"https:\\\/\\\/schema.org\",\"@graph\":[{\"@type\":\"WebPage\",\"@id\":\"https:\\\/\\\/recambiosecogas.com\\\/it\\\/producto\\\/tartarini-reductor-seq-estandar\\\/\",\"url\":\"https:\\\/\\\/recambiosecogas.com\\\/it\\\/producto\\\/tartarini-reductor-seq-estandar\\\/\",\"name\":\"Tartarini reducer SEQ\u00dcENTIAL Standard | Recambios EcoGas | Sistemas GLP y GNC\",\"isPartOf\":{\"@id\":\"https:\\\/\\\/recambiosecogas.com\\\/it\\\/#website\"},\"primaryImageOfPage\":{\"@id\":\"https:\\\/\\\/recambiosecogas.com\\\/it\\\/producto\\\/tartarini-reductor-seq-estandar\\\/#primaryimage\"},\"image\":{\"@id\":\"https:\\\/\\\/recambiosecogas.com\\\/it\\\/producto\\\/tartarini-reductor-seq-estandar\\\/#primaryimage\"},\"thumbnailUrl\":\"https:\\\/\\\/recambiosecogas.com\\\/wp-content\\\/uploads\\\/2024\\\/10\\\/Tartarini-reductor-SEQ.-Estandar-png.webp\",\"datePublished\":\"2024-10-19T13:23:50+00:00\",\"dateModified\":\"2026-04-27T08:20:38+00:00\",\"description\":\"Il riduttore Tartarini G\\\/SEQ LPG offre regolazione costante della pressione e combustione efficiente nei sistemi SGI. ACQUISTA ONLINE\",\"breadcrumb\":{\"@id\":\"https:\\\/\\\/recambiosecogas.com\\\/it\\\/producto\\\/tartarini-reductor-seq-estandar\\\/#breadcrumb\"},\"inLanguage\":\"it-IT\",\"potentialAction\":[{\"@type\":\"ReadAction\",\"target\":[\"https:\\\/\\\/recambiosecogas.com\\\/it\\\/producto\\\/tartarini-reductor-seq-estandar\\\/\"]}]},{\"@type\":\"ImageObject\",\"inLanguage\":\"it-IT\",\"@id\":\"https:\\\/\\\/recambiosecogas.com\\\/it\\\/producto\\\/tartarini-reductor-seq-estandar\\\/#primaryimage\",\"url\":\"https:\\\/\\\/recambiosecogas.com\\\/wp-content\\\/uploads\\\/2024\\\/10\\\/Tartarini-reductor-SEQ.-Estandar-png.webp\",\"contentUrl\":\"https:\\\/\\\/recambiosecogas.com\\\/wp-content\\\/uploads\\\/2024\\\/10\\\/Tartarini-reductor-SEQ.-Estandar-png.webp\",\"width\":1000,\"height\":1000,\"caption\":\"Tartarini reductor SEQ\u00dcENCIAL Est\u00e1ndar\"},{\"@type\":\"BreadcrumbList\",\"@id\":\"https:\\\/\\\/recambiosecogas.com\\\/it\\\/producto\\\/tartarini-reductor-seq-estandar\\\/#breadcrumb\",\"itemListElement\":[{\"@type\":\"ListItem\",\"position\":1,\"name\":\"Portada\",\"item\":\"https:\\\/\\\/recambiosecogas.com\\\/it\\\/\"},{\"@type\":\"ListItem\",\"position\":2,\"name\":\"Negozio\",\"item\":\"https:\\\/\\\/recambiosecogas.com\\\/it\\\/?page_id=46382\"},{\"@type\":\"ListItem\",\"position\":3,\"name\":\"Tartarini reducer SEQ\u00dcENTIAL Standard\"}]},{\"@type\":\"WebSite\",\"@id\":\"https:\\\/\\\/recambiosecogas.com\\\/it\\\/#website\",\"url\":\"https:\\\/\\\/recambiosecogas.com\\\/it\\\/\",\"name\":\"Recambios EcoGas\",\"description\":\"Recambios Multimarca para sistemas de GLP\\\/GNC\\\/GNL\\\/Hidr\u00f3geno\",\"publisher\":{\"@id\":\"https:\\\/\\\/recambiosecogas.com\\\/it\\\/#organization\"},\"alternateName\":\"Recambios Autogas GLP\",\"potentialAction\":[{\"@type\":\"SearchAction\",\"target\":{\"@type\":\"EntryPoint\",\"urlTemplate\":\"https:\\\/\\\/recambiosecogas.com\\\/it\\\/?s={search_term_string}\"},\"query-input\":{\"@type\":\"PropertyValueSpecification\",\"valueRequired\":true,\"valueName\":\"search_term_string\"}}],\"inLanguage\":\"it-IT\"},{\"@type\":[\"Organization\",\"Place\"],\"@id\":\"https:\\\/\\\/recambiosecogas.com\\\/it\\\/#organization\",\"name\":\"Recambios EcoGas\",\"alternateName\":\"Tienda Online GLP Espa\u00f1a\",\"url\":\"https:\\\/\\\/recambiosecogas.com\\\/it\\\/\",\"logo\":{\"@id\":\"https:\\\/\\\/recambiosecogas.com\\\/it\\\/producto\\\/tartarini-reductor-seq-estandar\\\/#local-main-organization-logo\"},\"image\":{\"@id\":\"https:\\\/\\\/recambiosecogas.com\\\/it\\\/producto\\\/tartarini-reductor-seq-estandar\\\/#local-main-organization-logo\"},\"sameAs\":[\"https:\\\/\\\/www.facebook.com\\\/profile.php?id=100062419705358\",\"https:\\\/\\\/www.instagram.com\\\/segimon_automocio\"],\"description\":\"Recambios EcoGas \u2013 Venta y distribuci\u00f3n de sistemas GLP y GNC en Espa\u00f1a y Portugal. Env\u00edos 24 h, soporte t\u00e9cnico a talleres y distribuidores.\",\"hasMerchantReturnPolicy\":{\"@type\":\"MerchantReturnPolicy\",\"merchantReturnLink\":\"https:\\\/\\\/recambiosecogas.com\\\/politicas-privacidad\\\/\"},\"address\":{\"@id\":\"https:\\\/\\\/recambiosecogas.com\\\/it\\\/producto\\\/tartarini-reductor-seq-estandar\\\/#local-main-place-address\"},\"telephone\":[\"616250633\"],\"contactPoint\":{\"@type\":\"ContactPoint\",\"email\":\"export@recambiosecogas.com\"},\"openingHoursSpecification\":[{\"@type\":\"OpeningHoursSpecification\",\"dayOfWeek\":[\"Monday\",\"Tuesday\",\"Wednesday\",\"Thursday\",\"Friday\",\"Saturday\",\"Sunday\"],\"opens\":\"09:00\",\"closes\":\"17:00\"}],\"email\":\"info@recambiosecogas.com\",\"faxNumber\":\"SEGIMON AUTOMOCION SL\",\"vatID\":\"ESB19819861\",\"globalLocationNumber\":\"938 616 339\"},{\"@type\":\"PostalAddress\",\"@id\":\"https:\\\/\\\/recambiosecogas.com\\\/it\\\/producto\\\/tartarini-reductor-seq-estandar\\\/#local-main-place-address\",\"streetAddress\":\"cami antic de vic, 29 (Nave 3), Pol\u00edgono Industrial Congost\",\"addressLocality\":\"CORRO D`AVALL\",\"postalCode\":\"08520\",\"addressRegion\":\"Barcelona\",\"addressCountry\":\"ES\"},{\"@type\":\"ImageObject\",\"inLanguage\":\"it-IT\",\"@id\":\"https:\\\/\\\/recambiosecogas.com\\\/it\\\/producto\\\/tartarini-reductor-seq-estandar\\\/#local-main-organization-logo\",\"url\":\"https:\\\/\\\/recambiosecogas.com\\\/wp-content\\\/uploads\\\/2024\\\/11\\\/cropped-RECAMBIOS-GLP-png.webp\",\"contentUrl\":\"https:\\\/\\\/recambiosecogas.com\\\/wp-content\\\/uploads\\\/2024\\\/11\\\/cropped-RECAMBIOS-GLP-png.webp\",\"width\":512,\"height\":512,\"caption\":\"Recambios EcoGas\"}]}<\/script>\n<meta property=\"product:price:amount\" content=\"219.83\" \/>\n<meta property=\"product:price:currency\" content=\"EUR\" \/>\n<meta property=\"og:availability\" content=\"backorder\" \/>\n<meta property=\"product:availability\" content=\"available for order\" \/>\n<meta property=\"product:retailer_item_id\" content=\"103383\" \/>\n<meta property=\"product:condition\" content=\"new\" \/>\n<meta name=\"geo.placename\" content=\"CORRO D`AVALL\" \/>\n<meta name=\"geo.region\" content=\"Spagna\" \/>\n<!-- \/ Yoast SEO Premium plugin. -->","yoast_head_json":{"title":"Tartarini reducer SEQ\u00dcENTIAL Standard | Recambios EcoGas | Sistemas GLP y GNC","description":"Il riduttore Tartarini G\/SEQ LPG offre regolazione costante della pressione e combustione efficiente nei sistemi SGI. ACQUISTA ONLINE","robots":{"index":"index","follow":"follow","max-snippet":"max-snippet:-1","max-image-preview":"max-image-preview:large","max-video-preview":"max-video-preview:-1"},"canonical":"https:\/\/recambiosecogas.com\/it\/producto\/tartarini-reductor-seq-estandar\/","og_locale":"it_IT","og_type":"article","og_title":"Tartarini reducer SEQ\u00dcENTIAL Standard","og_description":"Il riduttore Tartarini G\/SEQ LPG offre regolazione costante della pressione e combustione efficiente nei sistemi SGI. ACQUISTA ONLINE","og_url":"https:\/\/recambiosecogas.com\/it\/producto\/tartarini-reductor-seq-estandar\/","og_site_name":"Recambios EcoGas","article_publisher":"https:\/\/www.facebook.com\/profile.php?id=100062419705358","article_modified_time":"2026-04-27T08:20:38+00:00","og_image":[{"width":1000,"height":1000,"url":"https:\/\/recambiosecogas.com\/wp-content\/uploads\/2024\/10\/Tartarini-reductor-SEQ.-Estandar-png.webp","type":"image\/png"}],"twitter_card":"summary_large_image","twitter_misc":{"Prezzo":"219,83&nbsp;&euro; (Sin IVA: 181,67&nbsp;&euro;)","Disponibilit\u00e0":"Su ordinazione"},"schema":{"@context":"https:\/\/schema.org","@graph":[{"@type":"WebPage","@id":"https:\/\/recambiosecogas.com\/it\/producto\/tartarini-reductor-seq-estandar\/","url":"https:\/\/recambiosecogas.com\/it\/producto\/tartarini-reductor-seq-estandar\/","name":"Tartarini reducer SEQ\u00dcENTIAL Standard | Recambios EcoGas | Sistemas GLP y GNC","isPartOf":{"@id":"https:\/\/recambiosecogas.com\/it\/#website"},"primaryImageOfPage":{"@id":"https:\/\/recambiosecogas.com\/it\/producto\/tartarini-reductor-seq-estandar\/#primaryimage"},"image":{"@id":"https:\/\/recambiosecogas.com\/it\/producto\/tartarini-reductor-seq-estandar\/#primaryimage"},"thumbnailUrl":"https:\/\/recambiosecogas.com\/wp-content\/uploads\/2024\/10\/Tartarini-reductor-SEQ.-Estandar-png.webp","datePublished":"2024-10-19T13:23:50+00:00","dateModified":"2026-04-27T08:20:38+00:00","description":"Il riduttore Tartarini G\/SEQ LPG offre regolazione costante della pressione e combustione efficiente nei sistemi SGI. ACQUISTA ONLINE","breadcrumb":{"@id":"https:\/\/recambiosecogas.com\/it\/producto\/tartarini-reductor-seq-estandar\/#breadcrumb"},"inLanguage":"it-IT","potentialAction":[{"@type":"ReadAction","target":["https:\/\/recambiosecogas.com\/it\/producto\/tartarini-reductor-seq-estandar\/"]}]},{"@type":"ImageObject","inLanguage":"it-IT","@id":"https:\/\/recambiosecogas.com\/it\/producto\/tartarini-reductor-seq-estandar\/#primaryimage","url":"https:\/\/recambiosecogas.com\/wp-content\/uploads\/2024\/10\/Tartarini-reductor-SEQ.-Estandar-png.webp","contentUrl":"https:\/\/recambiosecogas.com\/wp-content\/uploads\/2024\/10\/Tartarini-reductor-SEQ.-Estandar-png.webp","width":1000,"height":1000,"caption":"Tartarini reductor SEQ\u00dcENCIAL Est\u00e1ndar"},{"@type":"BreadcrumbList","@id":"https:\/\/recambiosecogas.com\/it\/producto\/tartarini-reductor-seq-estandar\/#breadcrumb","itemListElement":[{"@type":"ListItem","position":1,"name":"Portada","item":"https:\/\/recambiosecogas.com\/it\/"},{"@type":"ListItem","position":2,"name":"Negozio","item":"https:\/\/recambiosecogas.com\/it\/?page_id=46382"},{"@type":"ListItem","position":3,"name":"Tartarini reducer SEQ\u00dcENTIAL Standard"}]},{"@type":"WebSite","@id":"https:\/\/recambiosecogas.com\/it\/#website","url":"https:\/\/recambiosecogas.com\/it\/","name":"Recambios EcoGas","description":"Recambios Multimarca para sistemas de GLP\/GNC\/GNL\/Hidr\u00f3geno","publisher":{"@id":"https:\/\/recambiosecogas.com\/it\/#organization"},"alternateName":"Recambios Autogas GLP","potentialAction":[{"@type":"SearchAction","target":{"@type":"EntryPoint","urlTemplate":"https:\/\/recambiosecogas.com\/it\/?s={search_term_string}"},"query-input":{"@type":"PropertyValueSpecification","valueRequired":true,"valueName":"search_term_string"}}],"inLanguage":"it-IT"},{"@type":["Organization","Place"],"@id":"https:\/\/recambiosecogas.com\/it\/#organization","name":"Recambios EcoGas","alternateName":"Tienda Online GLP Espa\u00f1a","url":"https:\/\/recambiosecogas.com\/it\/","logo":{"@id":"https:\/\/recambiosecogas.com\/it\/producto\/tartarini-reductor-seq-estandar\/#local-main-organization-logo"},"image":{"@id":"https:\/\/recambiosecogas.com\/it\/producto\/tartarini-reductor-seq-estandar\/#local-main-organization-logo"},"sameAs":["https:\/\/www.facebook.com\/profile.php?id=100062419705358","https:\/\/www.instagram.com\/segimon_automocio"],"description":"Recambios EcoGas \u2013 Venta y distribuci\u00f3n de sistemas GLP y GNC en Espa\u00f1a y Portugal. Env\u00edos 24 h, soporte t\u00e9cnico a talleres y distribuidores.","hasMerchantReturnPolicy":{"@type":"MerchantReturnPolicy","merchantReturnLink":"https:\/\/recambiosecogas.com\/politicas-privacidad\/"},"address":{"@id":"https:\/\/recambiosecogas.com\/it\/producto\/tartarini-reductor-seq-estandar\/#local-main-place-address"},"telephone":["616250633"],"contactPoint":{"@type":"ContactPoint","email":"export@recambiosecogas.com"},"openingHoursSpecification":[{"@type":"OpeningHoursSpecification","dayOfWeek":["Monday","Tuesday","Wednesday","Thursday","Friday","Saturday","Sunday"],"opens":"09:00","closes":"17:00"}],"email":"info@recambiosecogas.com","faxNumber":"SEGIMON AUTOMOCION SL","vatID":"ESB19819861","globalLocationNumber":"938 616 339"},{"@type":"PostalAddress","@id":"https:\/\/recambiosecogas.com\/it\/producto\/tartarini-reductor-seq-estandar\/#local-main-place-address","streetAddress":"cami antic de vic, 29 (Nave 3), Pol\u00edgono Industrial Congost","addressLocality":"CORRO D`AVALL","postalCode":"08520","addressRegion":"Barcelona","addressCountry":"ES"},{"@type":"ImageObject","inLanguage":"it-IT","@id":"https:\/\/recambiosecogas.com\/it\/producto\/tartarini-reductor-seq-estandar\/#local-main-organization-logo","url":"https:\/\/recambiosecogas.com\/wp-content\/uploads\/2024\/11\/cropped-RECAMBIOS-GLP-png.webp","contentUrl":"https:\/\/recambiosecogas.com\/wp-content\/uploads\/2024\/11\/cropped-RECAMBIOS-GLP-png.webp","width":512,"height":512,"caption":"Recambios EcoGas"}]},"product_price_amount":"219.83","product_price_currency":"EUR","og_availability":"backorder","product_availability":"available for order","product_retailer_item_id":"103383","product_condition":"new","geo.placename":"CORRO D`AVALL","geo.region":"Spagna"},"uagb_featured_image_src":{"full":["https:\/\/recambiosecogas.com\/wp-content\/uploads\/2024\/10\/Tartarini-reductor-SEQ.-Estandar-png.webp",1000,1000,false],"thumbnail":["https:\/\/recambiosecogas.com\/wp-content\/uploads\/2024\/10\/Tartarini-reductor-SEQ.-Estandar-150x150.webp",150,150,true],"medium":["https:\/\/recambiosecogas.com\/wp-content\/uploads\/2024\/10\/Tartarini-reductor-SEQ.-Estandar-300x300.webp",300,300,true],"medium_large":["https:\/\/recambiosecogas.com\/wp-content\/uploads\/2024\/10\/Tartarini-reductor-SEQ.-Estandar-768x768.webp",768,768,true],"large":["https:\/\/recambiosecogas.com\/wp-content\/uploads\/2024\/10\/Tartarini-reductor-SEQ.-Estandar-png.webp",1000,1000,false],"1536x1536":["https:\/\/recambiosecogas.com\/wp-content\/uploads\/2024\/10\/Tartarini-reductor-SEQ.-Estandar-png.webp",1000,1000,false],"2048x2048":["https:\/\/recambiosecogas.com\/wp-content\/uploads\/2024\/10\/Tartarini-reductor-SEQ.-Estandar-png.webp",1000,1000,false],"woocommerce_archive_thumbnail":["https:\/\/recambiosecogas.com\/wp-content\/uploads\/2024\/10\/Tartarini-reductor-SEQ.-Estandar-png.webp",1000,1000,false],"woocommerce_thumbnail":["https:\/\/recambiosecogas.com\/wp-content\/uploads\/2024\/10\/Tartarini-reductor-SEQ.-Estandar-png-300x300.webp",300,300,true],"woocommerce_single":["https:\/\/recambiosecogas.com\/wp-content\/uploads\/2024\/10\/Tartarini-reductor-SEQ.-Estandar-png.webp",1000,1000,false],"woocommerce_gallery_thumbnail":["https:\/\/recambiosecogas.com\/wp-content\/uploads\/2024\/10\/Tartarini-reductor-SEQ.-Estandar-png.webp",1000,1000,false],"dgwt-wcas-product-suggestion":["https:\/\/recambiosecogas.com\/wp-content\/uploads\/2024\/10\/Tartarini-reductor-SEQ.-Estandar-png-64x64.webp",64,64,true]},"uagb_author_info":{"display_name":"Fran - Soporte T\u00e9cnico","author_link":"https:\/\/recambiosecogas.com\/it\/author\/"},"uagb_comment_info":0,"uagb_excerpt":"Tartarini reducer SEQ. Standard","_links":{"self":[{"href":"https:\/\/recambiosecogas.com\/it\/wp-json\/wp\/v2\/product\/47000","targetHints":{"allow":["GET"]}}],"collection":[{"href":"https:\/\/recambiosecogas.com\/it\/wp-json\/wp\/v2\/product"}],"about":[{"href":"https:\/\/recambiosecogas.com\/it\/wp-json\/wp\/v2\/types\/product"}],"replies":[{"embeddable":true,"href":"https:\/\/recambiosecogas.com\/it\/wp-json\/wp\/v2\/comments?post=47000"}],"wp:featuredmedia":[{"embeddable":true,"href":"https:\/\/recambiosecogas.com\/it\/wp-json\/wp\/v2\/media\/6682"}],"wp:attachment":[{"href":"https:\/\/recambiosecogas.com\/it\/wp-json\/wp\/v2\/media?parent=47000"}],"wp:term":[{"taxonomy":"product_brand","embeddable":true,"href":"https:\/\/recambiosecogas.com\/it\/wp-json\/wp\/v2\/product_brand?post=47000"},{"taxonomy":"product_cat","embeddable":true,"href":"https:\/\/recambiosecogas.com\/it\/wp-json\/wp\/v2\/product_cat?post=47000"},{"taxonomy":"product_tag","embeddable":true,"href":"https:\/\/recambiosecogas.com\/it\/wp-json\/wp\/v2\/product_tag?post=47000"}],"curies":[{"name":"wp","href":"https:\/\/api.w.org\/{rel}","templated":true}]}}