{"id":46984,"date":"2024-10-19T14:23:49","date_gmt":"2024-10-19T13:23:49","guid":{"rendered":"https:\/\/recambiosecogas.com\/producto\/stargas-reductor-con-valvula-tipo-e-venturi\/"},"modified":"2026-04-08T10:29:09","modified_gmt":"2026-04-08T09:29:09","slug":"stargas-reductor-con-valvula-tipo-e-venturi","status":"publish","type":"product","link":"https:\/\/recambiosecogas.com\/it\/producto\/stargas-reductor-con-valvula-tipo-e-venturi\/","title":{"rendered":"Riduttore di Stargas con valvola di tipo E (Venturi)"},"content":{"rendered":"<h3 style=\"text-align: center;\">Riduttore di Stargas con valvola di tipo E (Venturi)<\/h3>\n<p class=\"\" data-start=\"34\" data-end=\"300\"><strong data-start=\"37\" data-end=\"74\">Il riduttore Stargas Tipo E (Venturi<\/strong> ) \u00e8 un regolatore <strong data-start=\"105\" data-end=\"112\">di pressione a GPL<\/strong> progettato per sistemi di conversione del gas che utilizzano la tecnologia Venturi. La sua funzione \u00e8 ridurre la pressione del gas per garantire un flusso costante e una combustione efficiente nel motore. <\/p>\n<p class=\"\" data-start=\"302\" data-end=\"502\">Questo modello della versione <strong data-start=\"328\" data-end=\"336\">2022<\/strong> \u00e8 approvato secondo lo standard <strong data-start=\"371\" data-end=\"390\">E13 67R-01 0111<\/strong>, che garantisce la conformit\u00e0 agli standard europei di sicurezza per i sistemi a gas automobilistici.<\/p>\n<hr class=\"\" data-start=\"504\" data-end=\"507\">\n<h2 class=\"\" data-start=\"509\" data-end=\"546\"><strong data-start=\"512\" data-end=\"544\">Caratteristiche e vantaggi<\/strong><\/h2>\n<ul data-start=\"547\" data-end=\"884\">\n<li class=\"\" data-start=\"547\" data-end=\"626\">\n<p class=\"\" data-start=\"549\" data-end=\"626\"><strong data-start=\"549\" data-end=\"571\">Venturi Technology<\/strong> \u2013 Maggiore efficienza e stabilit\u00e0 nel flusso di gas.<\/p>\n<\/li>\n<li class=\"\" data-start=\"627\" data-end=\"724\">\n<p class=\"\" data-start=\"629\" data-end=\"724\"><strong data-start=\"629\" data-end=\"661\">Design compatto e robusto<\/strong> \u2013 Facilita l&#8217;installazione e ottimizza lo spazio del motore.<\/p>\n<\/li>\n<li class=\"\" data-start=\"725\" data-end=\"811\">\n<p class=\"\" data-start=\"727\" data-end=\"811\"><strong data-start=\"727\" data-end=\"751\">Approvazione europea<\/strong> \u2013 Rispetta gli standard di sicurezza E13 67R-01 0111.<\/p>\n<\/li>\n<li class=\"\" data-start=\"812\" data-end=\"884\">\n<p class=\"\" data-start=\"814\" data-end=\"884\"><strong data-start=\"814\" data-end=\"848\">Uscita del gas di grande diametro<\/strong> \u2013 Flusso di gas senza restrizioni.<\/p>\n<\/li>\n<\/ul>\n<hr class=\"\" data-start=\"886\" data-end=\"889\">\n<h2 class=\"\" data-start=\"891\" data-end=\"914\"><strong data-start=\"894\" data-end=\"912\">Dati tecnici<\/strong><\/h2>\n<div class=\"overflow-x-auto contain-inline-size\">\n<table data-start=\"916\" data-end=\"1121\">\n<thead data-start=\"916\" data-end=\"944\">\n<tr data-start=\"916\" data-end=\"944\">\n<th data-start=\"916\" data-end=\"933\">Specifiche<\/th>\n<th data-start=\"933\" data-end=\"944\">Dettagli<\/th>\n<\/tr>\n<\/thead>\n<tbody data-start=\"973\" data-end=\"1121\">\n<tr data-start=\"973\" data-end=\"1014\">\n<td><strong data-start=\"975\" data-end=\"985\">Modello<\/strong><\/td>\n<td>Stargas Tipo E (Venturi)<\/td>\n<\/tr>\n<tr data-start=\"1015\" data-end=\"1051\">\n<td><strong data-start=\"1017\" data-end=\"1039\">Tipo di tecnologia<\/strong><\/td>\n<td>Venturi<\/td>\n<\/tr>\n<tr data-start=\"1052\" data-end=\"1082\">\n<td><strong data-start=\"1054\" data-end=\"1071\">Uscita del gas<\/strong><\/td>\n<td>\u00d819 mm<\/td>\n<\/tr>\n<tr data-start=\"1083\" data-end=\"1121\">\n<td><strong data-start=\"1085\" data-end=\"1101\">Approvazione<\/strong><\/td>\n<td>E13 67R-01 0111<\/td>\n<\/tr>\n<\/tbody>\n<\/table>\n<\/div>\n<hr class=\"\" data-start=\"1123\" data-end=\"1126\">\n<h2 class=\"\" data-start=\"1128\" data-end=\"1151\"><strong data-start=\"1131\" data-end=\"1149\">Compatibilit\u00e0<\/strong><\/h2>\n<p class=\"\" data-start=\"1152\" data-end=\"1203\">Il <strong data-start=\"1155\" data-end=\"1182\">cambio Stargas Type E<\/strong> \u00e8 compatibile con:<\/p>\n<ul data-start=\"1204\" data-end=\"1300\">\n<li class=\"\" data-start=\"1204\" data-end=\"1252\">\n<p class=\"\" data-start=\"1206\" data-end=\"1252\"><strong data-start=\"1206\" data-end=\"1250\">Sistemi di iniezione di GPL Venturi<\/strong><\/p>\n<\/li>\n<li class=\"\" data-start=\"1253\" data-end=\"1300\">\n<p class=\"\" data-start=\"1255\" data-end=\"1300\"><strong data-start=\"1255\" data-end=\"1298\">Motori aspirati e turbo<\/strong><\/p>\n<\/li>\n<\/ul>\n<hr class=\"\" data-start=\"1302\" data-end=\"1305\">\n<h2 class=\"\" data-start=\"1307\" data-end=\"1328\"><strong data-start=\"1310\" data-end=\"1326\">Applicazioni<\/strong><\/h2>\n<ul data-start=\"1329\" data-end=\"1473\">\n<li class=\"\" data-start=\"1329\" data-end=\"1366\">\n<p class=\"\" data-start=\"1331\" data-end=\"1366\"><strong data-start=\"1331\" data-end=\"1364\">Conversione dei veicoli al GPL<\/strong><\/p>\n<\/li>\n<li class=\"\" data-start=\"1367\" data-end=\"1419\">\n<p class=\"\" data-start=\"1369\" data-end=\"1419\"><strong data-start=\"1369\" data-end=\"1417\">Ottimizzazione dei sistemi di iniezione di gas<\/strong><\/p>\n<\/li>\n<li class=\"\" data-start=\"1420\" data-end=\"1473\">\n<p class=\"\" data-start=\"1422\" data-end=\"1473\"><strong data-start=\"1422\" data-end=\"1471\">Sostituzione e manutenzione del cambio OEM<\/strong><\/p>\n<\/li>\n<\/ul>\n<p><a href=\"https:\/\/recambiosecogas.com\/it\/categoria-producto\/reguladores-de-presion\/reductores-glp\/\">TROVA PI\u00d9 GEARBOX SUL NOSTRO SITO WEB<\/a><\/p>\n<p><a href=\"https:\/\/segimonautomocio.com\/\">PER LE CONVERSIONI LPG VISITA IL NOSTRO WORKSHOP SUL SITO WEB<\/a><\/p>\n","protected":false},"excerpt":{"rendered":"<p>Riduttore di Stargas con valvola di tipo E (Venturi)<\/p>\n","protected":false},"featured_media":6721,"comment_status":"open","ping_status":"closed","template":"","meta":{"_uag_custom_page_level_css":""},"product_brand":[],"product_cat":[2143,2136],"product_tag":[],"class_list":{"0":"post-46984","1":"product","2":"type-product","3":"status-publish","4":"has-post-thumbnail","6":"product_cat-reductores-glp","7":"product_cat-reguladores-de-presion","9":"first","10":"onbackorder","11":"taxable","12":"shipping-taxable","13":"purchasable","14":"product-type-simple"},"ct_brands":[],"yoast_head":"<!-- This site is optimized with the Yoast SEO Premium plugin v27.5 (Yoast SEO v27.5) - https:\/\/yoast.com\/product\/yoast-seo-premium-wordpress\/ -->\n<title>Riduttore di Stargas con valvola di tipo E (Venturi) | Recambios EcoGas | Sistemas GLP y GNC<\/title>\n<meta name=\"description\" content=\"Il cambio Stargas Tipo E (Venturi) offre una regolazione precisa della pressione nei sistemi a GPL. Omologazione Uscita \u00d819 mm ed E13 67R-01 0111.\" \/>\n<meta name=\"robots\" content=\"index, follow, max-snippet:-1, max-image-preview:large, max-video-preview:-1\" \/>\n<link rel=\"canonical\" href=\"https:\/\/recambiosecogas.com\/it\/producto\/stargas-reductor-con-valvula-tipo-e-venturi\/\" \/>\n<meta property=\"og:locale\" content=\"it_IT\" \/>\n<meta property=\"og:type\" content=\"article\" \/>\n<meta property=\"og:title\" content=\"Riduttore di Stargas con valvola di tipo E (Venturi)\" \/>\n<meta property=\"og:description\" content=\"Il cambio Stargas Tipo E (Venturi) offre una regolazione precisa della pressione nei sistemi a GPL. Omologazione Uscita \u00d819 mm ed E13 67R-01 0111.\" \/>\n<meta property=\"og:url\" content=\"https:\/\/recambiosecogas.com\/it\/producto\/stargas-reductor-con-valvula-tipo-e-venturi\/\" \/>\n<meta property=\"og:site_name\" content=\"Recambios EcoGas\" \/>\n<meta property=\"article:publisher\" content=\"https:\/\/www.facebook.com\/profile.php?id=100062419705358\" \/>\n<meta property=\"article:modified_time\" content=\"2026-04-08T09:29:09+00:00\" \/>\n<meta property=\"og:image\" content=\"https:\/\/recambiosecogas.com\/wp-content\/uploads\/2024\/10\/Stargas-reductor-con-valvula-tipo-E-Venturi-png.webp\" \/>\n\t<meta property=\"og:image:width\" content=\"1000\" \/>\n\t<meta property=\"og:image:height\" content=\"1000\" \/>\n\t<meta property=\"og:image:type\" content=\"image\/png\" \/>\n<meta name=\"twitter:card\" content=\"summary_large_image\" \/>\n<meta name=\"twitter:label1\" content=\"Prezzo\" \/>\n\t<meta name=\"twitter:data1\" content=\"96,78&nbsp;&euro; (Sin IVA: 79,98&nbsp;&euro;)\" \/>\n\t<meta name=\"twitter:label2\" content=\"Disponibilit\u00e0\" \/>\n\t<meta name=\"twitter:data2\" content=\"Su ordinazione\" \/>\n<script type=\"application\/ld+json\" class=\"yoast-schema-graph\">{\"@context\":\"https:\\\/\\\/schema.org\",\"@graph\":[{\"@type\":\"WebPage\",\"@id\":\"https:\\\/\\\/recambiosecogas.com\\\/it\\\/producto\\\/stargas-reductor-con-valvula-tipo-e-venturi\\\/\",\"url\":\"https:\\\/\\\/recambiosecogas.com\\\/it\\\/producto\\\/stargas-reductor-con-valvula-tipo-e-venturi\\\/\",\"name\":\"Riduttore di Stargas con valvola di tipo E (Venturi) | Recambios EcoGas | Sistemas GLP y GNC\",\"isPartOf\":{\"@id\":\"https:\\\/\\\/recambiosecogas.com\\\/it\\\/#website\"},\"primaryImageOfPage\":{\"@id\":\"https:\\\/\\\/recambiosecogas.com\\\/it\\\/producto\\\/stargas-reductor-con-valvula-tipo-e-venturi\\\/#primaryimage\"},\"image\":{\"@id\":\"https:\\\/\\\/recambiosecogas.com\\\/it\\\/producto\\\/stargas-reductor-con-valvula-tipo-e-venturi\\\/#primaryimage\"},\"thumbnailUrl\":\"https:\\\/\\\/recambiosecogas.com\\\/wp-content\\\/uploads\\\/2024\\\/10\\\/Stargas-reductor-con-valvula-tipo-E-Venturi-png.webp\",\"datePublished\":\"2024-10-19T13:23:49+00:00\",\"dateModified\":\"2026-04-08T09:29:09+00:00\",\"description\":\"Il cambio Stargas Tipo E (Venturi) offre una regolazione precisa della pressione nei sistemi a GPL. Omologazione Uscita \u00d819 mm ed E13 67R-01 0111.\",\"breadcrumb\":{\"@id\":\"https:\\\/\\\/recambiosecogas.com\\\/it\\\/producto\\\/stargas-reductor-con-valvula-tipo-e-venturi\\\/#breadcrumb\"},\"inLanguage\":\"it-IT\",\"potentialAction\":[{\"@type\":\"ReadAction\",\"target\":[\"https:\\\/\\\/recambiosecogas.com\\\/it\\\/producto\\\/stargas-reductor-con-valvula-tipo-e-venturi\\\/\"]}]},{\"@type\":\"ImageObject\",\"inLanguage\":\"it-IT\",\"@id\":\"https:\\\/\\\/recambiosecogas.com\\\/it\\\/producto\\\/stargas-reductor-con-valvula-tipo-e-venturi\\\/#primaryimage\",\"url\":\"https:\\\/\\\/recambiosecogas.com\\\/wp-content\\\/uploads\\\/2024\\\/10\\\/Stargas-reductor-con-valvula-tipo-E-Venturi-png.webp\",\"contentUrl\":\"https:\\\/\\\/recambiosecogas.com\\\/wp-content\\\/uploads\\\/2024\\\/10\\\/Stargas-reductor-con-valvula-tipo-E-Venturi-png.webp\",\"width\":1000,\"height\":1000,\"caption\":\"Stargas reductor con v\u00e1lvula tipo E\"},{\"@type\":\"BreadcrumbList\",\"@id\":\"https:\\\/\\\/recambiosecogas.com\\\/it\\\/producto\\\/stargas-reductor-con-valvula-tipo-e-venturi\\\/#breadcrumb\",\"itemListElement\":[{\"@type\":\"ListItem\",\"position\":1,\"name\":\"Portada\",\"item\":\"https:\\\/\\\/recambiosecogas.com\\\/it\\\/\"},{\"@type\":\"ListItem\",\"position\":2,\"name\":\"Negozio\",\"item\":\"https:\\\/\\\/recambiosecogas.com\\\/it\\\/?page_id=46382\"},{\"@type\":\"ListItem\",\"position\":3,\"name\":\"Riduttore di Stargas con valvola di tipo E (Venturi)\"}]},{\"@type\":\"WebSite\",\"@id\":\"https:\\\/\\\/recambiosecogas.com\\\/it\\\/#website\",\"url\":\"https:\\\/\\\/recambiosecogas.com\\\/it\\\/\",\"name\":\"Recambios EcoGas\",\"description\":\"Recambios Multimarca para sistemas de GLP\\\/GNC\\\/GNL\\\/Hidr\u00f3geno\",\"publisher\":{\"@id\":\"https:\\\/\\\/recambiosecogas.com\\\/it\\\/#organization\"},\"alternateName\":\"Recambios Autogas GLP\",\"potentialAction\":[{\"@type\":\"SearchAction\",\"target\":{\"@type\":\"EntryPoint\",\"urlTemplate\":\"https:\\\/\\\/recambiosecogas.com\\\/it\\\/?s={search_term_string}\"},\"query-input\":{\"@type\":\"PropertyValueSpecification\",\"valueRequired\":true,\"valueName\":\"search_term_string\"}}],\"inLanguage\":\"it-IT\"},{\"@type\":[\"Organization\",\"Place\"],\"@id\":\"https:\\\/\\\/recambiosecogas.com\\\/it\\\/#organization\",\"name\":\"Recambios EcoGas\",\"alternateName\":\"Tienda Online GLP Espa\u00f1a\",\"url\":\"https:\\\/\\\/recambiosecogas.com\\\/it\\\/\",\"logo\":{\"@id\":\"https:\\\/\\\/recambiosecogas.com\\\/it\\\/producto\\\/stargas-reductor-con-valvula-tipo-e-venturi\\\/#local-main-organization-logo\"},\"image\":{\"@id\":\"https:\\\/\\\/recambiosecogas.com\\\/it\\\/producto\\\/stargas-reductor-con-valvula-tipo-e-venturi\\\/#local-main-organization-logo\"},\"sameAs\":[\"https:\\\/\\\/www.facebook.com\\\/profile.php?id=100062419705358\",\"https:\\\/\\\/www.instagram.com\\\/segimon_automocio\"],\"description\":\"Recambios EcoGas \u2013 Venta y distribuci\u00f3n de sistemas GLP y GNC en Espa\u00f1a y Portugal. Env\u00edos 24 h, soporte t\u00e9cnico a talleres y distribuidores.\",\"hasMerchantReturnPolicy\":{\"@type\":\"MerchantReturnPolicy\",\"merchantReturnLink\":\"https:\\\/\\\/recambiosecogas.com\\\/politicas-privacidad\\\/\"},\"address\":{\"@id\":\"https:\\\/\\\/recambiosecogas.com\\\/it\\\/producto\\\/stargas-reductor-con-valvula-tipo-e-venturi\\\/#local-main-place-address\"},\"telephone\":[\"616250633\"],\"contactPoint\":{\"@type\":\"ContactPoint\",\"email\":\"export@recambiosecogas.com\"},\"openingHoursSpecification\":[{\"@type\":\"OpeningHoursSpecification\",\"dayOfWeek\":[\"Monday\",\"Tuesday\",\"Wednesday\",\"Thursday\",\"Friday\",\"Saturday\",\"Sunday\"],\"opens\":\"09:00\",\"closes\":\"17:00\"}],\"email\":\"info@recambiosecogas.com\",\"faxNumber\":\"SEGIMON AUTOMOCION SL\",\"vatID\":\"ESB19819861\",\"globalLocationNumber\":\"938 616 339\"},{\"@type\":\"PostalAddress\",\"@id\":\"https:\\\/\\\/recambiosecogas.com\\\/it\\\/producto\\\/stargas-reductor-con-valvula-tipo-e-venturi\\\/#local-main-place-address\",\"streetAddress\":\"cami antic de vic, 29 (Nave 3), Pol\u00edgono Industrial Congost\",\"addressLocality\":\"CORRO D`AVALL\",\"postalCode\":\"08520\",\"addressRegion\":\"Barcelona\",\"addressCountry\":\"ES\"},{\"@type\":\"ImageObject\",\"inLanguage\":\"it-IT\",\"@id\":\"https:\\\/\\\/recambiosecogas.com\\\/it\\\/producto\\\/stargas-reductor-con-valvula-tipo-e-venturi\\\/#local-main-organization-logo\",\"url\":\"https:\\\/\\\/recambiosecogas.com\\\/wp-content\\\/uploads\\\/2024\\\/11\\\/cropped-RECAMBIOS-GLP-png.webp\",\"contentUrl\":\"https:\\\/\\\/recambiosecogas.com\\\/wp-content\\\/uploads\\\/2024\\\/11\\\/cropped-RECAMBIOS-GLP-png.webp\",\"width\":512,\"height\":512,\"caption\":\"Recambios EcoGas\"}]}<\/script>\n<meta property=\"product:price:amount\" content=\"96.78\" \/>\n<meta property=\"product:price:currency\" content=\"EUR\" \/>\n<meta property=\"og:availability\" content=\"backorder\" \/>\n<meta property=\"product:availability\" content=\"available for order\" \/>\n<meta property=\"product:retailer_item_id\" content=\"102465A\" \/>\n<meta property=\"product:condition\" content=\"new\" \/>\n<meta name=\"geo.placename\" content=\"CORRO D`AVALL\" \/>\n<meta name=\"geo.region\" content=\"Spagna\" \/>\n<!-- \/ Yoast SEO Premium plugin. -->","yoast_head_json":{"title":"Riduttore di Stargas con valvola di tipo E (Venturi) | Recambios EcoGas | Sistemas GLP y GNC","description":"Il cambio Stargas Tipo E (Venturi) offre una regolazione precisa della pressione nei sistemi a GPL. Omologazione Uscita \u00d819 mm ed E13 67R-01 0111.","robots":{"index":"index","follow":"follow","max-snippet":"max-snippet:-1","max-image-preview":"max-image-preview:large","max-video-preview":"max-video-preview:-1"},"canonical":"https:\/\/recambiosecogas.com\/it\/producto\/stargas-reductor-con-valvula-tipo-e-venturi\/","og_locale":"it_IT","og_type":"article","og_title":"Riduttore di Stargas con valvola di tipo E (Venturi)","og_description":"Il cambio Stargas Tipo E (Venturi) offre una regolazione precisa della pressione nei sistemi a GPL. Omologazione Uscita \u00d819 mm ed E13 67R-01 0111.","og_url":"https:\/\/recambiosecogas.com\/it\/producto\/stargas-reductor-con-valvula-tipo-e-venturi\/","og_site_name":"Recambios EcoGas","article_publisher":"https:\/\/www.facebook.com\/profile.php?id=100062419705358","article_modified_time":"2026-04-08T09:29:09+00:00","og_image":[{"width":1000,"height":1000,"url":"https:\/\/recambiosecogas.com\/wp-content\/uploads\/2024\/10\/Stargas-reductor-con-valvula-tipo-E-Venturi-png.webp","type":"image\/png"}],"twitter_card":"summary_large_image","twitter_misc":{"Prezzo":"96,78&nbsp;&euro; (Sin IVA: 79,98&nbsp;&euro;)","Disponibilit\u00e0":"Su ordinazione"},"schema":{"@context":"https:\/\/schema.org","@graph":[{"@type":"WebPage","@id":"https:\/\/recambiosecogas.com\/it\/producto\/stargas-reductor-con-valvula-tipo-e-venturi\/","url":"https:\/\/recambiosecogas.com\/it\/producto\/stargas-reductor-con-valvula-tipo-e-venturi\/","name":"Riduttore di Stargas con valvola di tipo E (Venturi) | Recambios EcoGas | Sistemas GLP y GNC","isPartOf":{"@id":"https:\/\/recambiosecogas.com\/it\/#website"},"primaryImageOfPage":{"@id":"https:\/\/recambiosecogas.com\/it\/producto\/stargas-reductor-con-valvula-tipo-e-venturi\/#primaryimage"},"image":{"@id":"https:\/\/recambiosecogas.com\/it\/producto\/stargas-reductor-con-valvula-tipo-e-venturi\/#primaryimage"},"thumbnailUrl":"https:\/\/recambiosecogas.com\/wp-content\/uploads\/2024\/10\/Stargas-reductor-con-valvula-tipo-E-Venturi-png.webp","datePublished":"2024-10-19T13:23:49+00:00","dateModified":"2026-04-08T09:29:09+00:00","description":"Il cambio Stargas Tipo E (Venturi) offre una regolazione precisa della pressione nei sistemi a GPL. Omologazione Uscita \u00d819 mm ed E13 67R-01 0111.","breadcrumb":{"@id":"https:\/\/recambiosecogas.com\/it\/producto\/stargas-reductor-con-valvula-tipo-e-venturi\/#breadcrumb"},"inLanguage":"it-IT","potentialAction":[{"@type":"ReadAction","target":["https:\/\/recambiosecogas.com\/it\/producto\/stargas-reductor-con-valvula-tipo-e-venturi\/"]}]},{"@type":"ImageObject","inLanguage":"it-IT","@id":"https:\/\/recambiosecogas.com\/it\/producto\/stargas-reductor-con-valvula-tipo-e-venturi\/#primaryimage","url":"https:\/\/recambiosecogas.com\/wp-content\/uploads\/2024\/10\/Stargas-reductor-con-valvula-tipo-E-Venturi-png.webp","contentUrl":"https:\/\/recambiosecogas.com\/wp-content\/uploads\/2024\/10\/Stargas-reductor-con-valvula-tipo-E-Venturi-png.webp","width":1000,"height":1000,"caption":"Stargas reductor con v\u00e1lvula tipo E"},{"@type":"BreadcrumbList","@id":"https:\/\/recambiosecogas.com\/it\/producto\/stargas-reductor-con-valvula-tipo-e-venturi\/#breadcrumb","itemListElement":[{"@type":"ListItem","position":1,"name":"Portada","item":"https:\/\/recambiosecogas.com\/it\/"},{"@type":"ListItem","position":2,"name":"Negozio","item":"https:\/\/recambiosecogas.com\/it\/?page_id=46382"},{"@type":"ListItem","position":3,"name":"Riduttore di Stargas con valvola di tipo E (Venturi)"}]},{"@type":"WebSite","@id":"https:\/\/recambiosecogas.com\/it\/#website","url":"https:\/\/recambiosecogas.com\/it\/","name":"Recambios EcoGas","description":"Recambios Multimarca para sistemas de GLP\/GNC\/GNL\/Hidr\u00f3geno","publisher":{"@id":"https:\/\/recambiosecogas.com\/it\/#organization"},"alternateName":"Recambios Autogas GLP","potentialAction":[{"@type":"SearchAction","target":{"@type":"EntryPoint","urlTemplate":"https:\/\/recambiosecogas.com\/it\/?s={search_term_string}"},"query-input":{"@type":"PropertyValueSpecification","valueRequired":true,"valueName":"search_term_string"}}],"inLanguage":"it-IT"},{"@type":["Organization","Place"],"@id":"https:\/\/recambiosecogas.com\/it\/#organization","name":"Recambios EcoGas","alternateName":"Tienda Online GLP Espa\u00f1a","url":"https:\/\/recambiosecogas.com\/it\/","logo":{"@id":"https:\/\/recambiosecogas.com\/it\/producto\/stargas-reductor-con-valvula-tipo-e-venturi\/#local-main-organization-logo"},"image":{"@id":"https:\/\/recambiosecogas.com\/it\/producto\/stargas-reductor-con-valvula-tipo-e-venturi\/#local-main-organization-logo"},"sameAs":["https:\/\/www.facebook.com\/profile.php?id=100062419705358","https:\/\/www.instagram.com\/segimon_automocio"],"description":"Recambios EcoGas \u2013 Venta y distribuci\u00f3n de sistemas GLP y GNC en Espa\u00f1a y Portugal. Env\u00edos 24 h, soporte t\u00e9cnico a talleres y distribuidores.","hasMerchantReturnPolicy":{"@type":"MerchantReturnPolicy","merchantReturnLink":"https:\/\/recambiosecogas.com\/politicas-privacidad\/"},"address":{"@id":"https:\/\/recambiosecogas.com\/it\/producto\/stargas-reductor-con-valvula-tipo-e-venturi\/#local-main-place-address"},"telephone":["616250633"],"contactPoint":{"@type":"ContactPoint","email":"export@recambiosecogas.com"},"openingHoursSpecification":[{"@type":"OpeningHoursSpecification","dayOfWeek":["Monday","Tuesday","Wednesday","Thursday","Friday","Saturday","Sunday"],"opens":"09:00","closes":"17:00"}],"email":"info@recambiosecogas.com","faxNumber":"SEGIMON AUTOMOCION SL","vatID":"ESB19819861","globalLocationNumber":"938 616 339"},{"@type":"PostalAddress","@id":"https:\/\/recambiosecogas.com\/it\/producto\/stargas-reductor-con-valvula-tipo-e-venturi\/#local-main-place-address","streetAddress":"cami antic de vic, 29 (Nave 3), Pol\u00edgono Industrial Congost","addressLocality":"CORRO D`AVALL","postalCode":"08520","addressRegion":"Barcelona","addressCountry":"ES"},{"@type":"ImageObject","inLanguage":"it-IT","@id":"https:\/\/recambiosecogas.com\/it\/producto\/stargas-reductor-con-valvula-tipo-e-venturi\/#local-main-organization-logo","url":"https:\/\/recambiosecogas.com\/wp-content\/uploads\/2024\/11\/cropped-RECAMBIOS-GLP-png.webp","contentUrl":"https:\/\/recambiosecogas.com\/wp-content\/uploads\/2024\/11\/cropped-RECAMBIOS-GLP-png.webp","width":512,"height":512,"caption":"Recambios EcoGas"}]},"product_price_amount":"96.78","product_price_currency":"EUR","og_availability":"backorder","product_availability":"available for order","product_retailer_item_id":"102465A","product_condition":"new","geo.placename":"CORRO D`AVALL","geo.region":"Spagna"},"uagb_featured_image_src":{"full":["https:\/\/recambiosecogas.com\/wp-content\/uploads\/2024\/10\/Stargas-reductor-con-valvula-tipo-E-Venturi-png.webp",1000,1000,false],"thumbnail":["https:\/\/recambiosecogas.com\/wp-content\/uploads\/2024\/10\/Stargas-reductor-con-valvula-tipo-E-Venturi-150x150.webp",150,150,true],"medium":["https:\/\/recambiosecogas.com\/wp-content\/uploads\/2024\/10\/Stargas-reductor-con-valvula-tipo-E-Venturi-300x300.webp",300,300,true],"medium_large":["https:\/\/recambiosecogas.com\/wp-content\/uploads\/2024\/10\/Stargas-reductor-con-valvula-tipo-E-Venturi-768x768.webp",768,768,true],"large":["https:\/\/recambiosecogas.com\/wp-content\/uploads\/2024\/10\/Stargas-reductor-con-valvula-tipo-E-Venturi-png.webp",1000,1000,false],"1536x1536":["https:\/\/recambiosecogas.com\/wp-content\/uploads\/2024\/10\/Stargas-reductor-con-valvula-tipo-E-Venturi-png.webp",1000,1000,false],"2048x2048":["https:\/\/recambiosecogas.com\/wp-content\/uploads\/2024\/10\/Stargas-reductor-con-valvula-tipo-E-Venturi-png.webp",1000,1000,false],"woocommerce_archive_thumbnail":["https:\/\/recambiosecogas.com\/wp-content\/uploads\/2024\/10\/Stargas-reductor-con-valvula-tipo-E-Venturi-png.webp",1000,1000,false],"woocommerce_thumbnail":["https:\/\/recambiosecogas.com\/wp-content\/uploads\/2024\/10\/Stargas-reductor-con-valvula-tipo-E-Venturi-png-300x300.webp",300,300,true],"woocommerce_single":["https:\/\/recambiosecogas.com\/wp-content\/uploads\/2024\/10\/Stargas-reductor-con-valvula-tipo-E-Venturi-png.webp",1000,1000,false],"woocommerce_gallery_thumbnail":["https:\/\/recambiosecogas.com\/wp-content\/uploads\/2024\/10\/Stargas-reductor-con-valvula-tipo-E-Venturi-png.webp",1000,1000,false],"dgwt-wcas-product-suggestion":["https:\/\/recambiosecogas.com\/wp-content\/uploads\/2024\/10\/Stargas-reductor-con-valvula-tipo-E-Venturi-png-64x64.webp",64,64,true]},"uagb_author_info":{"display_name":"Fran - Soporte T\u00e9cnico","author_link":"https:\/\/recambiosecogas.com\/it\/author\/"},"uagb_comment_info":0,"uagb_excerpt":"Riduttore di Stargas con valvola di tipo E (Venturi)","_links":{"self":[{"href":"https:\/\/recambiosecogas.com\/it\/wp-json\/wp\/v2\/product\/46984","targetHints":{"allow":["GET"]}}],"collection":[{"href":"https:\/\/recambiosecogas.com\/it\/wp-json\/wp\/v2\/product"}],"about":[{"href":"https:\/\/recambiosecogas.com\/it\/wp-json\/wp\/v2\/types\/product"}],"replies":[{"embeddable":true,"href":"https:\/\/recambiosecogas.com\/it\/wp-json\/wp\/v2\/comments?post=46984"}],"wp:featuredmedia":[{"embeddable":true,"href":"https:\/\/recambiosecogas.com\/it\/wp-json\/wp\/v2\/media\/6721"}],"wp:attachment":[{"href":"https:\/\/recambiosecogas.com\/it\/wp-json\/wp\/v2\/media?parent=46984"}],"wp:term":[{"taxonomy":"product_brand","embeddable":true,"href":"https:\/\/recambiosecogas.com\/it\/wp-json\/wp\/v2\/product_brand?post=46984"},{"taxonomy":"product_cat","embeddable":true,"href":"https:\/\/recambiosecogas.com\/it\/wp-json\/wp\/v2\/product_cat?post=46984"},{"taxonomy":"product_tag","embeddable":true,"href":"https:\/\/recambiosecogas.com\/it\/wp-json\/wp\/v2\/product_tag?post=46984"}],"curies":[{"name":"wp","href":"https:\/\/api.w.org\/{rel}","templated":true}]}}