{"id":46976,"date":"2024-10-19T14:23:51","date_gmt":"2024-10-19T13:23:51","guid":{"rendered":"https:\/\/recambiosecogas.com\/producto\/tomasetto-reductor-at07-100-hp-hasta-75-kw\/"},"modified":"2026-04-27T09:20:36","modified_gmt":"2026-04-27T08:20:36","slug":"tomasetto-reductor-at07-100-hp-hasta-75-kw","status":"publish","type":"product","link":"https:\/\/recambiosecogas.com\/it\/producto\/tomasetto-reductor-at07-100-hp-hasta-75-kw\/","title":{"rendered":"AT07 100 CV (fino a 75 kW) cambio Tomasetto"},"content":{"rendered":"<div>\n<h3 style=\"text-align: center;\">AT07 100 CV (fino a 75 kW) cambio Tomasetto<\/h3>\n<table>\n<tbody>\n<tr>\n<td><strong>Dati tecnici del cambio AT07 100HP<\/strong><\/td>\n<\/tr>\n<tr>\n<td>Materiale riduttore<\/td>\n<td>\n<div>Alluminio fuso<\/div>\n<\/td>\n<\/tr>\n<tr>\n<td>Peso<\/td>\n<td>\n<div>1,5 kg<\/div>\n<\/td>\n<\/tr>\n<tr>\n<td>Dimensioni<\/td>\n<td>\n<div>150x160x110 mm<\/div>\n<\/td>\n<\/tr>\n<tr>\n<td>Pressione massima in ingresso<\/td>\n<td>\n<div>3 MPa (30 bar)<\/div>\n<\/td>\n<\/tr>\n<tr>\n<td>Pressione di uscita<\/td>\n<td>\n<div>a seconda del mixer<\/div>\n<\/td>\n<\/tr>\n<tr>\n<td>Tensione della bobina<\/td>\n<td>\n<div>12 V DC<\/div>\n<\/td>\n<\/tr>\n<tr>\n<td>Alimentazione a bobina<\/td>\n<td>\n<div>11 W<\/div>\n<\/td>\n<\/tr>\n<tr>\n<td>Collegamento all&#8217;ingresso<\/td>\n<td>\n<div>Cavo M10x1 \u00f86 mm<\/div>\n<\/td>\n<\/tr>\n<tr>\n<td>Collegamento alla presa<\/td>\n<td>\n<div>Collegamento tubo \u00f820 mm<\/div>\n<\/td>\n<\/tr>\n<tr>\n<td>Potenza in uscita<\/td>\n<td>\n<div>fino a 100 CV (75 kW)<\/div>\n<\/td>\n<\/tr>\n<\/tbody>\n<\/table>\n<p><span style=\"color: #ff0000;\"><strong>*Nessun collegamento con il motore<\/strong><\/span><\/p>\n<\/div>\n<p data-start=\"163\" data-end=\"554\"><strong data-start=\"166\" data-end=\"199\"><span>Tomasetto Reductor AT07 100HP<\/span><\/strong><span> \u00e8 un <\/span><strong data-start=\"206\" data-end=\"248\"><span>vaporizzatore ad alte prestazioni a GPL<\/span><\/strong><span>, progettato per <\/span> sistemi di conversione <strong data-start=\"290\" data-end=\"323\"><span>di gas di petrolio liquefatto (GPL<\/span><\/strong>) <span> in veicoli fino <\/span> a <strong data-start=\"346\" data-end=\"364\"><span>100 HP (75 kW)<\/span><\/strong><span>  . La sua funzione principale \u00e8  <\/span><strong data-start=\"390\" data-end=\"420\"><span>regolare la pressione del gas<\/span><\/strong><span> per garantire <\/span><strong data-start=\"441\" data-end=\"475\"><span>una combustione stabile ed efficiente<\/span><\/strong><span> , ottimizzando il consumo di carburante e migliorando le prestazioni del motore.<\/span><\/p>\n<p data-start=\"909\" data-end=\"1193\"><span>Ha <\/span><strong data-start=\"920\" data-end=\"964\"><span>una bobina DC da 12V e un consumo di 11W<\/span><\/strong><span>  , garantendo un funzionamento efficiente con un consumo energetico ottimizzato. Il suo   <\/span>la <strong data-start=\"1046\" data-end=\"1128\"><span>connessione standard M10x1 per tubi da \u00d86 mm e l&#8217;uscita del tubo da \u00d820 mm<\/span><\/strong><span> la rende compatibile con molteplici sistemi di iniezione di gas.<\/span><\/p>\n<p data-start=\"1195\" data-end=\"1494\"><span> <\/span><strong data-start=\"1198\" data-end=\"1212\"><span>L&#8217;AT07 100HP<\/span><\/strong><span> \u00e8 progettato per <\/span><strong data-start=\"1232\" data-end=\"1278\"><span>funzionare in varie condizioni ambientali<\/span><\/strong><span> , anche se <\/span><strong data-start=\"1287\" data-end=\"1342\"><span>le temperature fredde possono influire sulla sua efficienza<\/span><\/strong><span>  . In  <\/span><strong data-start=\"1347\" data-end=\"1369\"><span>Nei climi pi\u00f9<\/span><\/strong> <span>caldi, questo riduttore pu\u00f2 essere utilizzato anche in <\/span><strong data-start=\"1413\" data-end=\"1437\"><span>motori pi\u00f9 potenti<\/span><\/strong><span>, garantendo una conversione sicura e stabile del gas.<\/span><\/p>\n<h3 data-start=\"2314\" data-end=\"2338\"><strong data-start=\"2318\" data-end=\"2336\"><span>Dati tecnici<\/span><\/strong><\/h3>\n<ul data-start=\"2339\" data-end=\"2946\">\n<li data-start=\"2339\" data-end=\"2375\"><strong data-start=\"2341\" data-end=\"2351\"><span>Modello<\/span><\/strong><span> : Tomasetto AT07 100HP<\/span><\/li>\n<li data-start=\"2376\" data-end=\"2432\"><strong data-start=\"2378\" data-end=\"2386\"><span>Tipo<\/span><\/strong><span> : Riduttore di pressione \/ Vaporizzatore a GPL<\/span><\/li>\n<li data-start=\"2433\" data-end=\"2467\"><strong data-start=\"2435\" data-end=\"2447\"><span>Materiale<\/span><\/strong><span> : Alluminio fuso<\/span><\/li>\n<li data-start=\"2468\" data-end=\"2488\"><strong data-start=\"2470\" data-end=\"2478\"><span>Peso<\/span><\/strong><span> : 1,5 kg<\/span><\/li>\n<li data-start=\"2489\" data-end=\"2524\"><strong data-start=\"2491\" data-end=\"2506\"><span>Dimensioni<\/span><\/strong><span> : 150x160x110 mm<\/span><\/li>\n<li data-start=\"2525\" data-end=\"2574\"><strong data-start=\"2527\" data-end=\"2556\"><span>Pressione massima in ingresso<\/span><\/strong><span> : 3 MPa (30 bar)<\/span><\/li>\n<li data-start=\"2575\" data-end=\"2627\"><strong data-start=\"2577\" data-end=\"2598\"><span>Pressione di uscita<\/span><\/strong><span> : a seconda del mixer<\/span><\/li>\n<li data-start=\"2628\" data-end=\"2664\"><strong data-start=\"2630\" data-end=\"2654\"><span>Tensione della bobina<\/span><\/strong><span> : 12V DC<\/span><\/li>\n<li data-start=\"2665\" data-end=\"2699\"><strong data-start=\"2667\" data-end=\"2692\"><span>Potenza della bobina<\/span><\/strong><span> : 11W<\/span><\/li>\n<li data-start=\"2700\" data-end=\"2745\"><strong data-start=\"2702\" data-end=\"2720\"><span>Ingresso del gas<\/span><\/strong><span>: M10x1 per tubo da \u00d86<\/span> mm<\/li>\n<li data-start=\"2746\" data-end=\"2784\"><strong data-start=\"2748\" data-end=\"2765\"><span>Uscita del gas<\/span><\/strong><span> : tubo \u00d820 mm<\/span><\/li>\n<li data-start=\"2785\" data-end=\"2844\"><strong data-start=\"2787\" data-end=\"2816\"><span>Potenza massima<\/span><\/strong> <span>supportata: fino a <\/span><strong data-start=\"2824\" data-end=\"2842\"><span>100 hp (75 kW)<\/span><\/strong><\/li>\n<li data-start=\"2845\" data-end=\"2946\"><strong data-start=\"2847\" data-end=\"2874\"><span>Condizioni ambientali<\/span><\/strong><span> : <\/span><strong data-start=\"2876\" data-end=\"2944\"><span>Le temperature fredde possono influire sull&#8217;efficienza del cambio<\/span><\/strong><\/li>\n<\/ul>\n<p>PRENDI PI\u00d9 <a href=\"https:\/\/recambiosecogas.com\/it\/categoria-producto\/reguladores-de-presion\/reductores-glp\/\">CAMBIO,<\/a><a href=\"https:\/\/recambiosecogas.com\/producto\/impco-kit-de-reparacion-para-el-reductor-de-glp-modelo-l\/\"> KIT DI RIPARAZIONE, <\/a><a href=\"http:\/\/www.segimonautomocio.com\">CONVERTI IN GPL<\/a><\/p>\n","protected":false},"excerpt":{"rendered":"<p>Tomasetto reducer AT07 100 HP (fino a 75 kW)<\/p>\n","protected":false},"featured_media":6677,"comment_status":"open","ping_status":"closed","template":"","meta":{"_uag_custom_page_level_css":""},"product_brand":[],"product_cat":[2143,2136,2194],"product_tag":[],"class_list":{"0":"post-46976","1":"product","2":"type-product","3":"status-publish","4":"has-post-thumbnail","6":"product_cat-reductores-glp","7":"product_cat-reguladores-de-presion","8":"product_cat-tomaseto-achile","10":"first","11":"onbackorder","12":"taxable","13":"shipping-taxable","14":"purchasable","15":"product-type-simple"},"ct_brands":[],"yoast_head":"<!-- This site is optimized with the Yoast SEO Premium plugin v27.5 (Yoast SEO v27.6) - https:\/\/yoast.com\/product\/yoast-seo-premium-wordpress\/ -->\n<title>AT07 100 CV (fino a 75 kW) cambio Tomasetto | Recambios EcoGas | Sistemas GLP y GNC<\/title>\n<meta name=\"description\" content=\"Riduttore Tomasetto AT07 da 100HP. Regolazione ottimizzata dei gas, compatibile con sistemi di iniezione, bobina da 12V DC e installazione semplice.\" \/>\n<meta name=\"robots\" content=\"index, follow, max-snippet:-1, max-image-preview:large, max-video-preview:-1\" \/>\n<link rel=\"canonical\" href=\"https:\/\/recambiosecogas.com\/it\/producto\/tomasetto-reductor-at07-100-hp-hasta-75-kw\/\" \/>\n<meta property=\"og:locale\" content=\"it_IT\" \/>\n<meta property=\"og:type\" content=\"article\" \/>\n<meta property=\"og:title\" content=\"AT07 100 CV (fino a 75 kW) cambio Tomasetto\" \/>\n<meta property=\"og:description\" content=\"Riduttore Tomasetto AT07 da 100HP. Regolazione ottimizzata dei gas, compatibile con sistemi di iniezione, bobina da 12V DC e installazione semplice.\" \/>\n<meta property=\"og:url\" content=\"https:\/\/recambiosecogas.com\/it\/producto\/tomasetto-reductor-at07-100-hp-hasta-75-kw\/\" \/>\n<meta property=\"og:site_name\" content=\"Recambios EcoGas\" \/>\n<meta property=\"article:publisher\" content=\"https:\/\/www.facebook.com\/profile.php?id=100062419705358\" \/>\n<meta property=\"article:modified_time\" content=\"2026-04-27T08:20:36+00:00\" \/>\n<meta property=\"og:image\" content=\"https:\/\/recambiosecogas.com\/wp-content\/uploads\/2024\/10\/Tomasetto-reductor-AT07-100-HP-hasta-75-kW-1-png.webp\" \/>\n\t<meta property=\"og:image:width\" content=\"1000\" \/>\n\t<meta property=\"og:image:height\" content=\"1000\" \/>\n\t<meta property=\"og:image:type\" content=\"image\/png\" \/>\n<meta name=\"twitter:card\" content=\"summary_large_image\" \/>\n<meta name=\"twitter:label1\" content=\"Prezzo\" \/>\n\t<meta name=\"twitter:data1\" content=\"74,30&nbsp;&euro; (Sin IVA: 61,40&nbsp;&euro;)\" \/>\n\t<meta name=\"twitter:label2\" content=\"Disponibilit\u00e0\" \/>\n\t<meta name=\"twitter:data2\" content=\"Su ordinazione\" \/>\n<script type=\"application\/ld+json\" class=\"yoast-schema-graph\">{\"@context\":\"https:\\\/\\\/schema.org\",\"@graph\":[{\"@type\":\"WebPage\",\"@id\":\"https:\\\/\\\/recambiosecogas.com\\\/it\\\/producto\\\/tomasetto-reductor-at07-100-hp-hasta-75-kw\\\/\",\"url\":\"https:\\\/\\\/recambiosecogas.com\\\/it\\\/producto\\\/tomasetto-reductor-at07-100-hp-hasta-75-kw\\\/\",\"name\":\"AT07 100 CV (fino a 75 kW) cambio Tomasetto | Recambios EcoGas | Sistemas GLP y GNC\",\"isPartOf\":{\"@id\":\"https:\\\/\\\/recambiosecogas.com\\\/it\\\/#website\"},\"primaryImageOfPage\":{\"@id\":\"https:\\\/\\\/recambiosecogas.com\\\/it\\\/producto\\\/tomasetto-reductor-at07-100-hp-hasta-75-kw\\\/#primaryimage\"},\"image\":{\"@id\":\"https:\\\/\\\/recambiosecogas.com\\\/it\\\/producto\\\/tomasetto-reductor-at07-100-hp-hasta-75-kw\\\/#primaryimage\"},\"thumbnailUrl\":\"https:\\\/\\\/recambiosecogas.com\\\/wp-content\\\/uploads\\\/2024\\\/10\\\/Tomasetto-reductor-AT07-100-HP-hasta-75-kW-1-png.webp\",\"datePublished\":\"2024-10-19T13:23:51+00:00\",\"dateModified\":\"2026-04-27T08:20:36+00:00\",\"description\":\"Riduttore Tomasetto AT07 da 100HP. Regolazione ottimizzata dei gas, compatibile con sistemi di iniezione, bobina da 12V DC e installazione semplice.\",\"breadcrumb\":{\"@id\":\"https:\\\/\\\/recambiosecogas.com\\\/it\\\/producto\\\/tomasetto-reductor-at07-100-hp-hasta-75-kw\\\/#breadcrumb\"},\"inLanguage\":\"it-IT\",\"potentialAction\":[{\"@type\":\"ReadAction\",\"target\":[\"https:\\\/\\\/recambiosecogas.com\\\/it\\\/producto\\\/tomasetto-reductor-at07-100-hp-hasta-75-kw\\\/\"]}]},{\"@type\":\"ImageObject\",\"inLanguage\":\"it-IT\",\"@id\":\"https:\\\/\\\/recambiosecogas.com\\\/it\\\/producto\\\/tomasetto-reductor-at07-100-hp-hasta-75-kw\\\/#primaryimage\",\"url\":\"https:\\\/\\\/recambiosecogas.com\\\/wp-content\\\/uploads\\\/2024\\\/10\\\/Tomasetto-reductor-AT07-100-HP-hasta-75-kW-1-png.webp\",\"contentUrl\":\"https:\\\/\\\/recambiosecogas.com\\\/wp-content\\\/uploads\\\/2024\\\/10\\\/Tomasetto-reductor-AT07-100-HP-hasta-75-kW-1-png.webp\",\"width\":1000,\"height\":1000,\"caption\":\"tomasetto reductor GLP AT07 SUPER Tomasetto Achille\"},{\"@type\":\"BreadcrumbList\",\"@id\":\"https:\\\/\\\/recambiosecogas.com\\\/it\\\/producto\\\/tomasetto-reductor-at07-100-hp-hasta-75-kw\\\/#breadcrumb\",\"itemListElement\":[{\"@type\":\"ListItem\",\"position\":1,\"name\":\"Portada\",\"item\":\"https:\\\/\\\/recambiosecogas.com\\\/it\\\/\"},{\"@type\":\"ListItem\",\"position\":2,\"name\":\"Negozio\",\"item\":\"https:\\\/\\\/recambiosecogas.com\\\/it\\\/?page_id=46382\"},{\"@type\":\"ListItem\",\"position\":3,\"name\":\"AT07 100 CV (fino a 75 kW) cambio Tomasetto\"}]},{\"@type\":\"WebSite\",\"@id\":\"https:\\\/\\\/recambiosecogas.com\\\/it\\\/#website\",\"url\":\"https:\\\/\\\/recambiosecogas.com\\\/it\\\/\",\"name\":\"Recambios EcoGas\",\"description\":\"Recambios Multimarca para sistemas de GLP\\\/GNC\\\/GNL\\\/Hidr\u00f3geno\",\"publisher\":{\"@id\":\"https:\\\/\\\/recambiosecogas.com\\\/it\\\/#organization\"},\"alternateName\":\"Recambios Autogas GLP\",\"potentialAction\":[{\"@type\":\"SearchAction\",\"target\":{\"@type\":\"EntryPoint\",\"urlTemplate\":\"https:\\\/\\\/recambiosecogas.com\\\/it\\\/?s={search_term_string}\"},\"query-input\":{\"@type\":\"PropertyValueSpecification\",\"valueRequired\":true,\"valueName\":\"search_term_string\"}}],\"inLanguage\":\"it-IT\"},{\"@type\":[\"Organization\",\"Place\"],\"@id\":\"https:\\\/\\\/recambiosecogas.com\\\/it\\\/#organization\",\"name\":\"Recambios EcoGas\",\"alternateName\":\"Tienda Online GLP Espa\u00f1a\",\"url\":\"https:\\\/\\\/recambiosecogas.com\\\/it\\\/\",\"logo\":{\"@id\":\"https:\\\/\\\/recambiosecogas.com\\\/it\\\/producto\\\/tomasetto-reductor-at07-100-hp-hasta-75-kw\\\/#local-main-organization-logo\"},\"image\":{\"@id\":\"https:\\\/\\\/recambiosecogas.com\\\/it\\\/producto\\\/tomasetto-reductor-at07-100-hp-hasta-75-kw\\\/#local-main-organization-logo\"},\"sameAs\":[\"https:\\\/\\\/www.facebook.com\\\/profile.php?id=100062419705358\",\"https:\\\/\\\/www.instagram.com\\\/segimon_automocio\"],\"description\":\"Recambios EcoGas \u2013 Venta y distribuci\u00f3n de sistemas GLP y GNC en Espa\u00f1a y Portugal. Env\u00edos 24 h, soporte t\u00e9cnico a talleres y distribuidores.\",\"hasMerchantReturnPolicy\":{\"@type\":\"MerchantReturnPolicy\",\"merchantReturnLink\":\"https:\\\/\\\/recambiosecogas.com\\\/politicas-privacidad\\\/\"},\"address\":{\"@id\":\"https:\\\/\\\/recambiosecogas.com\\\/it\\\/producto\\\/tomasetto-reductor-at07-100-hp-hasta-75-kw\\\/#local-main-place-address\"},\"telephone\":[\"616250633\"],\"contactPoint\":{\"@type\":\"ContactPoint\",\"email\":\"export@recambiosecogas.com\"},\"openingHoursSpecification\":[{\"@type\":\"OpeningHoursSpecification\",\"dayOfWeek\":[\"Monday\",\"Tuesday\",\"Wednesday\",\"Thursday\",\"Friday\",\"Saturday\",\"Sunday\"],\"opens\":\"09:00\",\"closes\":\"17:00\"}],\"email\":\"info@recambiosecogas.com\",\"faxNumber\":\"SEGIMON AUTOMOCION SL\",\"vatID\":\"ESB19819861\",\"globalLocationNumber\":\"938 616 339\"},{\"@type\":\"PostalAddress\",\"@id\":\"https:\\\/\\\/recambiosecogas.com\\\/it\\\/producto\\\/tomasetto-reductor-at07-100-hp-hasta-75-kw\\\/#local-main-place-address\",\"streetAddress\":\"cami antic de vic, 29 (Nave 3), Pol\u00edgono Industrial Congost\",\"addressLocality\":\"CORRO D`AVALL\",\"postalCode\":\"08520\",\"addressRegion\":\"Barcelona\",\"addressCountry\":\"ES\"},{\"@type\":\"ImageObject\",\"inLanguage\":\"it-IT\",\"@id\":\"https:\\\/\\\/recambiosecogas.com\\\/it\\\/producto\\\/tomasetto-reductor-at07-100-hp-hasta-75-kw\\\/#local-main-organization-logo\",\"url\":\"https:\\\/\\\/recambiosecogas.com\\\/wp-content\\\/uploads\\\/2024\\\/11\\\/cropped-RECAMBIOS-GLP-png.webp\",\"contentUrl\":\"https:\\\/\\\/recambiosecogas.com\\\/wp-content\\\/uploads\\\/2024\\\/11\\\/cropped-RECAMBIOS-GLP-png.webp\",\"width\":512,\"height\":512,\"caption\":\"Recambios EcoGas\"}]}<\/script>\n<meta property=\"product:price:amount\" content=\"74.30\" \/>\n<meta property=\"product:price:currency\" content=\"EUR\" \/>\n<meta property=\"og:availability\" content=\"backorder\" \/>\n<meta property=\"product:availability\" content=\"available for order\" \/>\n<meta property=\"product:retailer_item_id\" content=\"101158\" \/>\n<meta property=\"product:condition\" content=\"new\" \/>\n<meta name=\"geo.placename\" content=\"CORRO D`AVALL\" \/>\n<meta name=\"geo.region\" content=\"Spagna\" \/>\n<!-- \/ Yoast SEO Premium plugin. -->","yoast_head_json":{"title":"AT07 100 CV (fino a 75 kW) cambio Tomasetto | Recambios EcoGas | Sistemas GLP y GNC","description":"Riduttore Tomasetto AT07 da 100HP. Regolazione ottimizzata dei gas, compatibile con sistemi di iniezione, bobina da 12V DC e installazione semplice.","robots":{"index":"index","follow":"follow","max-snippet":"max-snippet:-1","max-image-preview":"max-image-preview:large","max-video-preview":"max-video-preview:-1"},"canonical":"https:\/\/recambiosecogas.com\/it\/producto\/tomasetto-reductor-at07-100-hp-hasta-75-kw\/","og_locale":"it_IT","og_type":"article","og_title":"AT07 100 CV (fino a 75 kW) cambio Tomasetto","og_description":"Riduttore Tomasetto AT07 da 100HP. Regolazione ottimizzata dei gas, compatibile con sistemi di iniezione, bobina da 12V DC e installazione semplice.","og_url":"https:\/\/recambiosecogas.com\/it\/producto\/tomasetto-reductor-at07-100-hp-hasta-75-kw\/","og_site_name":"Recambios EcoGas","article_publisher":"https:\/\/www.facebook.com\/profile.php?id=100062419705358","article_modified_time":"2026-04-27T08:20:36+00:00","og_image":[{"width":1000,"height":1000,"url":"https:\/\/recambiosecogas.com\/wp-content\/uploads\/2024\/10\/Tomasetto-reductor-AT07-100-HP-hasta-75-kW-1-png.webp","type":"image\/png"}],"twitter_card":"summary_large_image","twitter_misc":{"Prezzo":"74,30&nbsp;&euro; (Sin IVA: 61,40&nbsp;&euro;)","Disponibilit\u00e0":"Su ordinazione"},"schema":{"@context":"https:\/\/schema.org","@graph":[{"@type":"WebPage","@id":"https:\/\/recambiosecogas.com\/it\/producto\/tomasetto-reductor-at07-100-hp-hasta-75-kw\/","url":"https:\/\/recambiosecogas.com\/it\/producto\/tomasetto-reductor-at07-100-hp-hasta-75-kw\/","name":"AT07 100 CV (fino a 75 kW) cambio Tomasetto | Recambios EcoGas | Sistemas GLP y GNC","isPartOf":{"@id":"https:\/\/recambiosecogas.com\/it\/#website"},"primaryImageOfPage":{"@id":"https:\/\/recambiosecogas.com\/it\/producto\/tomasetto-reductor-at07-100-hp-hasta-75-kw\/#primaryimage"},"image":{"@id":"https:\/\/recambiosecogas.com\/it\/producto\/tomasetto-reductor-at07-100-hp-hasta-75-kw\/#primaryimage"},"thumbnailUrl":"https:\/\/recambiosecogas.com\/wp-content\/uploads\/2024\/10\/Tomasetto-reductor-AT07-100-HP-hasta-75-kW-1-png.webp","datePublished":"2024-10-19T13:23:51+00:00","dateModified":"2026-04-27T08:20:36+00:00","description":"Riduttore Tomasetto AT07 da 100HP. Regolazione ottimizzata dei gas, compatibile con sistemi di iniezione, bobina da 12V DC e installazione semplice.","breadcrumb":{"@id":"https:\/\/recambiosecogas.com\/it\/producto\/tomasetto-reductor-at07-100-hp-hasta-75-kw\/#breadcrumb"},"inLanguage":"it-IT","potentialAction":[{"@type":"ReadAction","target":["https:\/\/recambiosecogas.com\/it\/producto\/tomasetto-reductor-at07-100-hp-hasta-75-kw\/"]}]},{"@type":"ImageObject","inLanguage":"it-IT","@id":"https:\/\/recambiosecogas.com\/it\/producto\/tomasetto-reductor-at07-100-hp-hasta-75-kw\/#primaryimage","url":"https:\/\/recambiosecogas.com\/wp-content\/uploads\/2024\/10\/Tomasetto-reductor-AT07-100-HP-hasta-75-kW-1-png.webp","contentUrl":"https:\/\/recambiosecogas.com\/wp-content\/uploads\/2024\/10\/Tomasetto-reductor-AT07-100-HP-hasta-75-kW-1-png.webp","width":1000,"height":1000,"caption":"tomasetto reductor GLP AT07 SUPER Tomasetto Achille"},{"@type":"BreadcrumbList","@id":"https:\/\/recambiosecogas.com\/it\/producto\/tomasetto-reductor-at07-100-hp-hasta-75-kw\/#breadcrumb","itemListElement":[{"@type":"ListItem","position":1,"name":"Portada","item":"https:\/\/recambiosecogas.com\/it\/"},{"@type":"ListItem","position":2,"name":"Negozio","item":"https:\/\/recambiosecogas.com\/it\/?page_id=46382"},{"@type":"ListItem","position":3,"name":"AT07 100 CV (fino a 75 kW) cambio Tomasetto"}]},{"@type":"WebSite","@id":"https:\/\/recambiosecogas.com\/it\/#website","url":"https:\/\/recambiosecogas.com\/it\/","name":"Recambios EcoGas","description":"Recambios Multimarca para sistemas de GLP\/GNC\/GNL\/Hidr\u00f3geno","publisher":{"@id":"https:\/\/recambiosecogas.com\/it\/#organization"},"alternateName":"Recambios Autogas GLP","potentialAction":[{"@type":"SearchAction","target":{"@type":"EntryPoint","urlTemplate":"https:\/\/recambiosecogas.com\/it\/?s={search_term_string}"},"query-input":{"@type":"PropertyValueSpecification","valueRequired":true,"valueName":"search_term_string"}}],"inLanguage":"it-IT"},{"@type":["Organization","Place"],"@id":"https:\/\/recambiosecogas.com\/it\/#organization","name":"Recambios EcoGas","alternateName":"Tienda Online GLP Espa\u00f1a","url":"https:\/\/recambiosecogas.com\/it\/","logo":{"@id":"https:\/\/recambiosecogas.com\/it\/producto\/tomasetto-reductor-at07-100-hp-hasta-75-kw\/#local-main-organization-logo"},"image":{"@id":"https:\/\/recambiosecogas.com\/it\/producto\/tomasetto-reductor-at07-100-hp-hasta-75-kw\/#local-main-organization-logo"},"sameAs":["https:\/\/www.facebook.com\/profile.php?id=100062419705358","https:\/\/www.instagram.com\/segimon_automocio"],"description":"Recambios EcoGas \u2013 Venta y distribuci\u00f3n de sistemas GLP y GNC en Espa\u00f1a y Portugal. Env\u00edos 24 h, soporte t\u00e9cnico a talleres y distribuidores.","hasMerchantReturnPolicy":{"@type":"MerchantReturnPolicy","merchantReturnLink":"https:\/\/recambiosecogas.com\/politicas-privacidad\/"},"address":{"@id":"https:\/\/recambiosecogas.com\/it\/producto\/tomasetto-reductor-at07-100-hp-hasta-75-kw\/#local-main-place-address"},"telephone":["616250633"],"contactPoint":{"@type":"ContactPoint","email":"export@recambiosecogas.com"},"openingHoursSpecification":[{"@type":"OpeningHoursSpecification","dayOfWeek":["Monday","Tuesday","Wednesday","Thursday","Friday","Saturday","Sunday"],"opens":"09:00","closes":"17:00"}],"email":"info@recambiosecogas.com","faxNumber":"SEGIMON AUTOMOCION SL","vatID":"ESB19819861","globalLocationNumber":"938 616 339"},{"@type":"PostalAddress","@id":"https:\/\/recambiosecogas.com\/it\/producto\/tomasetto-reductor-at07-100-hp-hasta-75-kw\/#local-main-place-address","streetAddress":"cami antic de vic, 29 (Nave 3), Pol\u00edgono Industrial Congost","addressLocality":"CORRO D`AVALL","postalCode":"08520","addressRegion":"Barcelona","addressCountry":"ES"},{"@type":"ImageObject","inLanguage":"it-IT","@id":"https:\/\/recambiosecogas.com\/it\/producto\/tomasetto-reductor-at07-100-hp-hasta-75-kw\/#local-main-organization-logo","url":"https:\/\/recambiosecogas.com\/wp-content\/uploads\/2024\/11\/cropped-RECAMBIOS-GLP-png.webp","contentUrl":"https:\/\/recambiosecogas.com\/wp-content\/uploads\/2024\/11\/cropped-RECAMBIOS-GLP-png.webp","width":512,"height":512,"caption":"Recambios EcoGas"}]},"product_price_amount":"74.30","product_price_currency":"EUR","og_availability":"backorder","product_availability":"available for order","product_retailer_item_id":"101158","product_condition":"new","geo.placename":"CORRO D`AVALL","geo.region":"Spagna"},"uagb_featured_image_src":{"full":["https:\/\/recambiosecogas.com\/wp-content\/uploads\/2024\/10\/Tomasetto-reductor-AT07-100-HP-hasta-75-kW-1-png.webp",1000,1000,false],"thumbnail":["https:\/\/recambiosecogas.com\/wp-content\/uploads\/2024\/10\/Tomasetto-reductor-AT07-100-HP-hasta-75-kW-1-150x150.webp",150,150,true],"medium":["https:\/\/recambiosecogas.com\/wp-content\/uploads\/2024\/10\/Tomasetto-reductor-AT07-100-HP-hasta-75-kW-1-300x300.webp",300,300,true],"medium_large":["https:\/\/recambiosecogas.com\/wp-content\/uploads\/2024\/10\/Tomasetto-reductor-AT07-100-HP-hasta-75-kW-1-768x768.webp",768,768,true],"large":["https:\/\/recambiosecogas.com\/wp-content\/uploads\/2024\/10\/Tomasetto-reductor-AT07-100-HP-hasta-75-kW-1-png.webp",1000,1000,false],"1536x1536":["https:\/\/recambiosecogas.com\/wp-content\/uploads\/2024\/10\/Tomasetto-reductor-AT07-100-HP-hasta-75-kW-1-png.webp",1000,1000,false],"2048x2048":["https:\/\/recambiosecogas.com\/wp-content\/uploads\/2024\/10\/Tomasetto-reductor-AT07-100-HP-hasta-75-kW-1-png.webp",1000,1000,false],"woocommerce_archive_thumbnail":["https:\/\/recambiosecogas.com\/wp-content\/uploads\/2024\/10\/Tomasetto-reductor-AT07-100-HP-hasta-75-kW-1-png.webp",1000,1000,false],"woocommerce_thumbnail":["https:\/\/recambiosecogas.com\/wp-content\/uploads\/2024\/10\/Tomasetto-reductor-AT07-100-HP-hasta-75-kW-1-png-300x300.webp",300,300,true],"woocommerce_single":["https:\/\/recambiosecogas.com\/wp-content\/uploads\/2024\/10\/Tomasetto-reductor-AT07-100-HP-hasta-75-kW-1-png.webp",1000,1000,false],"woocommerce_gallery_thumbnail":["https:\/\/recambiosecogas.com\/wp-content\/uploads\/2024\/10\/Tomasetto-reductor-AT07-100-HP-hasta-75-kW-1-png.webp",1000,1000,false],"dgwt-wcas-product-suggestion":["https:\/\/recambiosecogas.com\/wp-content\/uploads\/2024\/10\/Tomasetto-reductor-AT07-100-HP-hasta-75-kW-1-png-64x64.webp",64,64,true]},"uagb_author_info":{"display_name":"Fran - Soporte T\u00e9cnico","author_link":"https:\/\/recambiosecogas.com\/it\/author\/"},"uagb_comment_info":0,"uagb_excerpt":"Tomasetto reducer AT07 100 HP (fino a 75 kW)","_links":{"self":[{"href":"https:\/\/recambiosecogas.com\/it\/wp-json\/wp\/v2\/product\/46976","targetHints":{"allow":["GET"]}}],"collection":[{"href":"https:\/\/recambiosecogas.com\/it\/wp-json\/wp\/v2\/product"}],"about":[{"href":"https:\/\/recambiosecogas.com\/it\/wp-json\/wp\/v2\/types\/product"}],"replies":[{"embeddable":true,"href":"https:\/\/recambiosecogas.com\/it\/wp-json\/wp\/v2\/comments?post=46976"}],"wp:featuredmedia":[{"embeddable":true,"href":"https:\/\/recambiosecogas.com\/it\/wp-json\/wp\/v2\/media\/6677"}],"wp:attachment":[{"href":"https:\/\/recambiosecogas.com\/it\/wp-json\/wp\/v2\/media?parent=46976"}],"wp:term":[{"taxonomy":"product_brand","embeddable":true,"href":"https:\/\/recambiosecogas.com\/it\/wp-json\/wp\/v2\/product_brand?post=46976"},{"taxonomy":"product_cat","embeddable":true,"href":"https:\/\/recambiosecogas.com\/it\/wp-json\/wp\/v2\/product_cat?post=46976"},{"taxonomy":"product_tag","embeddable":true,"href":"https:\/\/recambiosecogas.com\/it\/wp-json\/wp\/v2\/product_tag?post=46976"}],"curies":[{"name":"wp","href":"https:\/\/api.w.org\/{rel}","templated":true}]}}