{"id":46920,"date":"2024-10-19T14:23:45","date_gmt":"2024-10-19T13:23:45","guid":{"rendered":"https:\/\/recambiosecogas.com\/producto\/lovato-easyfast-reductor-rgj-hp-hasta-260kw\/"},"modified":"2026-04-08T10:28:20","modified_gmt":"2026-04-08T09:28:20","slug":"lovato-easyfast-reductor-rgj-hp-hasta-260kw","status":"publish","type":"product","link":"https:\/\/recambiosecogas.com\/it\/producto\/lovato-easyfast-reductor-rgj-hp-hasta-260kw\/","title":{"rendered":"Riduttore HP Lovato EasyFast RGJ fino a 260KW"},"content":{"rendered":"<p style=\"text-align: center;\" data-start=\"268\" data-end=\"666\">Riduttore HP Lovato EasyFast RGJ fino a 260KW<\/p>\n<p class=\"\" data-start=\"268\" data-end=\"666\"><strong data-start=\"271\" data-end=\"306\">Il cambio Lovato EasyFast RGJ HP<\/strong> \u00e8 progettato appositamente per <strong data-start=\"340\" data-end=\"393\">sistemi di iniezione sequenziale a GPL (Autogas)<\/strong> in veicoli ad alte prestazioni. Questo cambio monofase si distingue per la <strong data-start=\"468\" data-end=\"511\">sua elevata capacit\u00e0 fino a 260 kW (354 hp)<\/strong> ed <strong data-start=\"519\" data-end=\"559\">\u00e8 approvato secondo lo standard ECE 67R-01<\/strong>, rendendolo un&#8217;opzione sicura, affidabile ed efficiente per le conversioni a GPL di motori potenti. <\/p>\n<p class=\"\" data-start=\"668\" data-end=\"929\">Il suo design compatto e robusto in <strong data-start=\"700\" data-end=\"720\">alluminio fuso<\/strong> consente un&#8217;installazione facile, anche in compartimenti ristretti. Inoltre, dispone <strong data-start=\"811\" data-end=\"860\">di una valvola a solenoide integrata e di un filtro di aspirazione<\/strong>, che facilitano l&#8217;assemblaggio e proteggono il sistema dalle impurit\u00e0. <\/p>\n<p class=\"\" data-start=\"931\" data-end=\"1252\">La <strong data-start=\"934\" data-end=\"963\">pressione di uscita del gas<\/strong> viene <strong data-start=\"967\" data-end=\"1049\">compensata automaticamente in modo lineare in base alla depressione del motore<\/strong>, garantendo una consegna precisa, stabile ed efficiente in tutte le condizioni di guida. Questo si traduce in migliori prestazioni del motore e un&#8217;esperienza di guida fluida e ottimizzata. <\/p>\n<p class=\"\" data-start=\"1254\" data-end=\"1457\">Grazie alla sua affidabilit\u00e0, precisione e design funzionale, il <strong data-start=\"1312\" data-end=\"1338\">Lovato RGJ HP Reducer<\/strong> \u00e8 ideale per veicoli che richiedono una conversione GPL di alto livello, sia in ambito urbano, misto o su autostrada.<\/p>\n<hr class=\"\" data-start=\"1459\" data-end=\"1462\">\n<h3 class=\"\" data-start=\"1464\" data-end=\"1521\"><strong data-start=\"1468\" data-end=\"1521\">Caratteristiche tecniche \u2013 Lovato EasyFast RGJ HP<\/strong><\/h3>\n<div class=\"overflow-x-auto contain-inline-size\">\n<table data-start=\"1523\" data-end=\"2232\">\n<thead data-start=\"1523\" data-end=\"1594\">\n<tr data-start=\"1523\" data-end=\"1594\">\n<th data-start=\"1523\" data-end=\"1552\">Specifiche<\/th>\n<th data-start=\"1552\" data-end=\"1594\">Dettagli<\/th>\n<\/tr>\n<\/thead>\n<tbody data-start=\"1666\" data-end=\"2232\">\n<tr data-start=\"1666\" data-end=\"1736\">\n<p>Tipo <\/p>\n<td><strong data-start=\"1668\" data-end=\"1687\">di sistema<\/strong><\/td>\n<td>Iniezione sequenziale di GPL<\/td>\n<\/tr>\n<tr data-start=\"1737\" data-end=\"1807\">\n<td><strong data-start=\"1739\" data-end=\"1755\">Approvazione<\/strong><\/td>\n<td>ECE 67R-01<\/td>\n<\/tr>\n<tr data-start=\"1808\" data-end=\"1877\">\n<td><strong data-start=\"1810\" data-end=\"1833\">Materiale della carrozzeria<\/strong><\/td>\n<td>Alluminio fuso<\/td>\n<\/tr>\n<tr data-start=\"1878\" data-end=\"1948\">\n<td><strong data-start=\"1880\" data-end=\"1901\">Pressione di uscita<\/strong><\/td>\n<td>Compensato automaticamente (lineare)<\/td>\n<\/tr>\n<tr data-start=\"1949\" data-end=\"2019\">\n<td><strong data-start=\"1951\" data-end=\"1969\">Valvola<\/strong><\/td>\n<p> solenoide<\/p>\n<td>Integrato<\/td>\n<\/tr>\n<tr data-start=\"2020\" data-end=\"2090\">\n<td><strong data-start=\"2022\" data-end=\"2043\">Filtro di ingresso<\/strong><\/td>\n<td>Potenziati e integrati<\/td>\n<\/tr>\n<tr data-start=\"2091\" data-end=\"2161\">\n<td><strong data-start=\"2093\" data-end=\"2108\">Installazione<\/strong><\/td>\n<td>Compatto e semplificato<\/td>\n<\/tr>\n<tr data-start=\"2162\" data-end=\"2232\">\n<td><strong data-start=\"2164\" data-end=\"2183\">Potenza massima<\/strong><\/td>\n<td>Fino a 260 kW (354 hp)*<\/td>\n<\/tr>\n<\/tbody>\n<\/table>\n<\/div>\n<p class=\"\" data-start=\"2234\" data-end=\"2323\">*La potenza massima pu\u00f2 variare leggermente a seconda delle condizioni termiche dell&#8217;ambiente.<\/p>\n<p data-start=\"2234\" data-end=\"2323\"><a href=\"https:\/\/recambiosecogas.com\/it\/categoria-producto\/reguladores-de-presion\/reductores-glp\/\">TROVA PI\u00d9 GEARBOX SUL NOSTRO SITO<\/a><\/p>\n<p> WEB<a href=\"https:\/\/segimonautomocio.com\/\">PER LE CONVERSIONI LPG VISITA IL NOSTRO WORKSHOP SUL SITO WEB<\/a><\/p>\n","protected":false},"excerpt":{"rendered":"<p>Riduttore HP Lovato EasyFast RGJ fino a 260KW<\/p>\n","protected":false},"featured_media":7098,"comment_status":"open","ping_status":"closed","template":"","meta":{"_uag_custom_page_level_css":""},"product_brand":[],"product_cat":[2367,2143,2136],"product_tag":[],"class_list":{"0":"post-46920","1":"product","2":"type-product","3":"status-publish","4":"has-post-thumbnail","6":"product_cat-lovato","7":"product_cat-reductores-glp","8":"product_cat-reguladores-de-presion","10":"first","11":"onbackorder","12":"taxable","13":"shipping-taxable","14":"purchasable","15":"product-type-simple"},"ct_brands":[],"yoast_head":"<!-- This site is optimized with the Yoast SEO Premium plugin v27.5 (Yoast SEO v27.5) - https:\/\/yoast.com\/product\/yoast-seo-premium-wordpress\/ -->\n<title>Riduttore Lovato EasyFast RGJ HP 260KW | Pezzi di ricambio Ecogas<\/title>\n<meta name=\"description\" content=\"Cambio Lovato EasyFast RGJ HP per sistemi di iniezione sequenziale a GPL, ideale per motori fino a 260KW, garantendo prestazioni ottimali.\" \/>\n<meta name=\"robots\" content=\"index, follow, max-snippet:-1, max-image-preview:large, max-video-preview:-1\" \/>\n<link rel=\"canonical\" href=\"https:\/\/recambiosecogas.com\/it\/producto\/lovato-easyfast-reductor-rgj-hp-hasta-260kw\/\" \/>\n<meta property=\"og:locale\" content=\"it_IT\" \/>\n<meta property=\"og:type\" content=\"article\" \/>\n<meta property=\"og:title\" content=\"Riduttore HP Lovato EasyFast RGJ fino a 260KW\" \/>\n<meta property=\"og:description\" content=\"Cambio Lovato EasyFast RGJ HP per sistemi di iniezione sequenziale a GPL, ideale per motori fino a 260KW, garantendo prestazioni ottimali.\" \/>\n<meta property=\"og:url\" content=\"https:\/\/recambiosecogas.com\/it\/producto\/lovato-easyfast-reductor-rgj-hp-hasta-260kw\/\" \/>\n<meta property=\"og:site_name\" content=\"Recambios EcoGas\" \/>\n<meta property=\"article:publisher\" content=\"https:\/\/www.facebook.com\/profile.php?id=100062419705358\" \/>\n<meta property=\"article:modified_time\" content=\"2026-04-08T09:28:20+00:00\" \/>\n<meta property=\"og:image\" content=\"https:\/\/recambiosecogas.com\/wp-content\/uploads\/2024\/10\/Lovato-EasyFast-reductor-RGJ-HP-hasta-260KW-png.webp\" \/>\n\t<meta property=\"og:image:width\" content=\"1000\" \/>\n\t<meta property=\"og:image:height\" content=\"1000\" \/>\n\t<meta property=\"og:image:type\" content=\"image\/png\" \/>\n<meta name=\"twitter:card\" content=\"summary_large_image\" \/>\n<meta name=\"twitter:label1\" content=\"Prezzo\" \/>\n\t<meta name=\"twitter:data1\" content=\"278,71&nbsp;&euro; (Sin IVA: 230,33&nbsp;&euro;)\" \/>\n\t<meta name=\"twitter:label2\" content=\"Disponibilit\u00e0\" \/>\n\t<meta name=\"twitter:data2\" content=\"Su ordinazione\" \/>\n<script type=\"application\/ld+json\" class=\"yoast-schema-graph\">{\"@context\":\"https:\\\/\\\/schema.org\",\"@graph\":[{\"@type\":\"WebPage\",\"@id\":\"https:\\\/\\\/recambiosecogas.com\\\/it\\\/producto\\\/lovato-easyfast-reductor-rgj-hp-hasta-260kw\\\/\",\"url\":\"https:\\\/\\\/recambiosecogas.com\\\/it\\\/producto\\\/lovato-easyfast-reductor-rgj-hp-hasta-260kw\\\/\",\"name\":\"Riduttore Lovato EasyFast RGJ HP 260KW | Pezzi di ricambio Ecogas\",\"isPartOf\":{\"@id\":\"https:\\\/\\\/recambiosecogas.com\\\/it\\\/#website\"},\"primaryImageOfPage\":{\"@id\":\"https:\\\/\\\/recambiosecogas.com\\\/it\\\/producto\\\/lovato-easyfast-reductor-rgj-hp-hasta-260kw\\\/#primaryimage\"},\"image\":{\"@id\":\"https:\\\/\\\/recambiosecogas.com\\\/it\\\/producto\\\/lovato-easyfast-reductor-rgj-hp-hasta-260kw\\\/#primaryimage\"},\"thumbnailUrl\":\"https:\\\/\\\/recambiosecogas.com\\\/wp-content\\\/uploads\\\/2024\\\/10\\\/Lovato-EasyFast-reductor-RGJ-HP-hasta-260KW-png.webp\",\"datePublished\":\"2024-10-19T13:23:45+00:00\",\"dateModified\":\"2026-04-08T09:28:20+00:00\",\"description\":\"Cambio Lovato EasyFast RGJ HP per sistemi di iniezione sequenziale a GPL, ideale per motori fino a 260KW, garantendo prestazioni ottimali.\",\"breadcrumb\":{\"@id\":\"https:\\\/\\\/recambiosecogas.com\\\/it\\\/producto\\\/lovato-easyfast-reductor-rgj-hp-hasta-260kw\\\/#breadcrumb\"},\"inLanguage\":\"it-IT\",\"potentialAction\":[{\"@type\":\"ReadAction\",\"target\":[\"https:\\\/\\\/recambiosecogas.com\\\/it\\\/producto\\\/lovato-easyfast-reductor-rgj-hp-hasta-260kw\\\/\"]}]},{\"@type\":\"ImageObject\",\"inLanguage\":\"it-IT\",\"@id\":\"https:\\\/\\\/recambiosecogas.com\\\/it\\\/producto\\\/lovato-easyfast-reductor-rgj-hp-hasta-260kw\\\/#primaryimage\",\"url\":\"https:\\\/\\\/recambiosecogas.com\\\/wp-content\\\/uploads\\\/2024\\\/10\\\/Lovato-EasyFast-reductor-RGJ-HP-hasta-260KW-png.webp\",\"contentUrl\":\"https:\\\/\\\/recambiosecogas.com\\\/wp-content\\\/uploads\\\/2024\\\/10\\\/Lovato-EasyFast-reductor-RGJ-HP-hasta-260KW-png.webp\",\"width\":1000,\"height\":1000,\"caption\":\"Lovato EasyFast reductor RGJ HP\"},{\"@type\":\"BreadcrumbList\",\"@id\":\"https:\\\/\\\/recambiosecogas.com\\\/it\\\/producto\\\/lovato-easyfast-reductor-rgj-hp-hasta-260kw\\\/#breadcrumb\",\"itemListElement\":[{\"@type\":\"ListItem\",\"position\":1,\"name\":\"Portada\",\"item\":\"https:\\\/\\\/recambiosecogas.com\\\/it\\\/\"},{\"@type\":\"ListItem\",\"position\":2,\"name\":\"Negozio\",\"item\":\"https:\\\/\\\/recambiosecogas.com\\\/it\\\/?page_id=46382\"},{\"@type\":\"ListItem\",\"position\":3,\"name\":\"Riduttore HP Lovato EasyFast RGJ fino a 260KW\"}]},{\"@type\":\"WebSite\",\"@id\":\"https:\\\/\\\/recambiosecogas.com\\\/it\\\/#website\",\"url\":\"https:\\\/\\\/recambiosecogas.com\\\/it\\\/\",\"name\":\"Recambios EcoGas\",\"description\":\"Recambios Multimarca para sistemas de GLP\\\/GNC\\\/GNL\\\/Hidr\u00f3geno\",\"publisher\":{\"@id\":\"https:\\\/\\\/recambiosecogas.com\\\/it\\\/#organization\"},\"alternateName\":\"Recambios Autogas GLP\",\"potentialAction\":[{\"@type\":\"SearchAction\",\"target\":{\"@type\":\"EntryPoint\",\"urlTemplate\":\"https:\\\/\\\/recambiosecogas.com\\\/it\\\/?s={search_term_string}\"},\"query-input\":{\"@type\":\"PropertyValueSpecification\",\"valueRequired\":true,\"valueName\":\"search_term_string\"}}],\"inLanguage\":\"it-IT\"},{\"@type\":[\"Organization\",\"Place\"],\"@id\":\"https:\\\/\\\/recambiosecogas.com\\\/it\\\/#organization\",\"name\":\"Recambios EcoGas\",\"alternateName\":\"Tienda Online GLP Espa\u00f1a\",\"url\":\"https:\\\/\\\/recambiosecogas.com\\\/it\\\/\",\"logo\":{\"@id\":\"https:\\\/\\\/recambiosecogas.com\\\/it\\\/producto\\\/lovato-easyfast-reductor-rgj-hp-hasta-260kw\\\/#local-main-organization-logo\"},\"image\":{\"@id\":\"https:\\\/\\\/recambiosecogas.com\\\/it\\\/producto\\\/lovato-easyfast-reductor-rgj-hp-hasta-260kw\\\/#local-main-organization-logo\"},\"sameAs\":[\"https:\\\/\\\/www.facebook.com\\\/profile.php?id=100062419705358\",\"https:\\\/\\\/www.instagram.com\\\/segimon_automocio\"],\"description\":\"Recambios EcoGas \u2013 Venta y distribuci\u00f3n de sistemas GLP y GNC en Espa\u00f1a y Portugal. Env\u00edos 24 h, soporte t\u00e9cnico a talleres y distribuidores.\",\"hasMerchantReturnPolicy\":{\"@type\":\"MerchantReturnPolicy\",\"merchantReturnLink\":\"https:\\\/\\\/recambiosecogas.com\\\/politicas-privacidad\\\/\"},\"address\":{\"@id\":\"https:\\\/\\\/recambiosecogas.com\\\/it\\\/producto\\\/lovato-easyfast-reductor-rgj-hp-hasta-260kw\\\/#local-main-place-address\"},\"telephone\":[\"616250633\"],\"contactPoint\":{\"@type\":\"ContactPoint\",\"email\":\"export@recambiosecogas.com\"},\"openingHoursSpecification\":[{\"@type\":\"OpeningHoursSpecification\",\"dayOfWeek\":[\"Monday\",\"Tuesday\",\"Wednesday\",\"Thursday\",\"Friday\",\"Saturday\",\"Sunday\"],\"opens\":\"09:00\",\"closes\":\"17:00\"}],\"email\":\"info@recambiosecogas.com\",\"faxNumber\":\"SEGIMON AUTOMOCION SL\",\"vatID\":\"ESB19819861\",\"globalLocationNumber\":\"938 616 339\"},{\"@type\":\"PostalAddress\",\"@id\":\"https:\\\/\\\/recambiosecogas.com\\\/it\\\/producto\\\/lovato-easyfast-reductor-rgj-hp-hasta-260kw\\\/#local-main-place-address\",\"streetAddress\":\"cami antic de vic, 29 (Nave 3), Pol\u00edgono Industrial Congost\",\"addressLocality\":\"CORRO D`AVALL\",\"postalCode\":\"08520\",\"addressRegion\":\"Barcelona\",\"addressCountry\":\"ES\"},{\"@type\":\"ImageObject\",\"inLanguage\":\"it-IT\",\"@id\":\"https:\\\/\\\/recambiosecogas.com\\\/it\\\/producto\\\/lovato-easyfast-reductor-rgj-hp-hasta-260kw\\\/#local-main-organization-logo\",\"url\":\"https:\\\/\\\/recambiosecogas.com\\\/wp-content\\\/uploads\\\/2024\\\/11\\\/cropped-RECAMBIOS-GLP-png.webp\",\"contentUrl\":\"https:\\\/\\\/recambiosecogas.com\\\/wp-content\\\/uploads\\\/2024\\\/11\\\/cropped-RECAMBIOS-GLP-png.webp\",\"width\":512,\"height\":512,\"caption\":\"Recambios EcoGas\"}]}<\/script>\n<meta property=\"product:price:amount\" content=\"278.71\" \/>\n<meta property=\"product:price:currency\" content=\"EUR\" \/>\n<meta property=\"og:availability\" content=\"backorder\" \/>\n<meta property=\"product:availability\" content=\"available for order\" \/>\n<meta property=\"product:retailer_item_id\" content=\"108313A\" \/>\n<meta property=\"product:condition\" content=\"new\" \/>\n<meta name=\"geo.placename\" content=\"CORRO D`AVALL\" \/>\n<meta name=\"geo.region\" content=\"Spagna\" \/>\n<!-- \/ Yoast SEO Premium plugin. -->","yoast_head_json":{"title":"Riduttore Lovato EasyFast RGJ HP 260KW | Pezzi di ricambio Ecogas","description":"Cambio Lovato EasyFast RGJ HP per sistemi di iniezione sequenziale a GPL, ideale per motori fino a 260KW, garantendo prestazioni ottimali.","robots":{"index":"index","follow":"follow","max-snippet":"max-snippet:-1","max-image-preview":"max-image-preview:large","max-video-preview":"max-video-preview:-1"},"canonical":"https:\/\/recambiosecogas.com\/it\/producto\/lovato-easyfast-reductor-rgj-hp-hasta-260kw\/","og_locale":"it_IT","og_type":"article","og_title":"Riduttore HP Lovato EasyFast RGJ fino a 260KW","og_description":"Cambio Lovato EasyFast RGJ HP per sistemi di iniezione sequenziale a GPL, ideale per motori fino a 260KW, garantendo prestazioni ottimali.","og_url":"https:\/\/recambiosecogas.com\/it\/producto\/lovato-easyfast-reductor-rgj-hp-hasta-260kw\/","og_site_name":"Recambios EcoGas","article_publisher":"https:\/\/www.facebook.com\/profile.php?id=100062419705358","article_modified_time":"2026-04-08T09:28:20+00:00","og_image":[{"width":1000,"height":1000,"url":"https:\/\/recambiosecogas.com\/wp-content\/uploads\/2024\/10\/Lovato-EasyFast-reductor-RGJ-HP-hasta-260KW-png.webp","type":"image\/png"}],"twitter_card":"summary_large_image","twitter_misc":{"Prezzo":"278,71&nbsp;&euro; (Sin IVA: 230,33&nbsp;&euro;)","Disponibilit\u00e0":"Su ordinazione"},"schema":{"@context":"https:\/\/schema.org","@graph":[{"@type":"WebPage","@id":"https:\/\/recambiosecogas.com\/it\/producto\/lovato-easyfast-reductor-rgj-hp-hasta-260kw\/","url":"https:\/\/recambiosecogas.com\/it\/producto\/lovato-easyfast-reductor-rgj-hp-hasta-260kw\/","name":"Riduttore Lovato EasyFast RGJ HP 260KW | Pezzi di ricambio Ecogas","isPartOf":{"@id":"https:\/\/recambiosecogas.com\/it\/#website"},"primaryImageOfPage":{"@id":"https:\/\/recambiosecogas.com\/it\/producto\/lovato-easyfast-reductor-rgj-hp-hasta-260kw\/#primaryimage"},"image":{"@id":"https:\/\/recambiosecogas.com\/it\/producto\/lovato-easyfast-reductor-rgj-hp-hasta-260kw\/#primaryimage"},"thumbnailUrl":"https:\/\/recambiosecogas.com\/wp-content\/uploads\/2024\/10\/Lovato-EasyFast-reductor-RGJ-HP-hasta-260KW-png.webp","datePublished":"2024-10-19T13:23:45+00:00","dateModified":"2026-04-08T09:28:20+00:00","description":"Cambio Lovato EasyFast RGJ HP per sistemi di iniezione sequenziale a GPL, ideale per motori fino a 260KW, garantendo prestazioni ottimali.","breadcrumb":{"@id":"https:\/\/recambiosecogas.com\/it\/producto\/lovato-easyfast-reductor-rgj-hp-hasta-260kw\/#breadcrumb"},"inLanguage":"it-IT","potentialAction":[{"@type":"ReadAction","target":["https:\/\/recambiosecogas.com\/it\/producto\/lovato-easyfast-reductor-rgj-hp-hasta-260kw\/"]}]},{"@type":"ImageObject","inLanguage":"it-IT","@id":"https:\/\/recambiosecogas.com\/it\/producto\/lovato-easyfast-reductor-rgj-hp-hasta-260kw\/#primaryimage","url":"https:\/\/recambiosecogas.com\/wp-content\/uploads\/2024\/10\/Lovato-EasyFast-reductor-RGJ-HP-hasta-260KW-png.webp","contentUrl":"https:\/\/recambiosecogas.com\/wp-content\/uploads\/2024\/10\/Lovato-EasyFast-reductor-RGJ-HP-hasta-260KW-png.webp","width":1000,"height":1000,"caption":"Lovato EasyFast reductor RGJ HP"},{"@type":"BreadcrumbList","@id":"https:\/\/recambiosecogas.com\/it\/producto\/lovato-easyfast-reductor-rgj-hp-hasta-260kw\/#breadcrumb","itemListElement":[{"@type":"ListItem","position":1,"name":"Portada","item":"https:\/\/recambiosecogas.com\/it\/"},{"@type":"ListItem","position":2,"name":"Negozio","item":"https:\/\/recambiosecogas.com\/it\/?page_id=46382"},{"@type":"ListItem","position":3,"name":"Riduttore HP Lovato EasyFast RGJ fino a 260KW"}]},{"@type":"WebSite","@id":"https:\/\/recambiosecogas.com\/it\/#website","url":"https:\/\/recambiosecogas.com\/it\/","name":"Recambios EcoGas","description":"Recambios Multimarca para sistemas de GLP\/GNC\/GNL\/Hidr\u00f3geno","publisher":{"@id":"https:\/\/recambiosecogas.com\/it\/#organization"},"alternateName":"Recambios Autogas GLP","potentialAction":[{"@type":"SearchAction","target":{"@type":"EntryPoint","urlTemplate":"https:\/\/recambiosecogas.com\/it\/?s={search_term_string}"},"query-input":{"@type":"PropertyValueSpecification","valueRequired":true,"valueName":"search_term_string"}}],"inLanguage":"it-IT"},{"@type":["Organization","Place"],"@id":"https:\/\/recambiosecogas.com\/it\/#organization","name":"Recambios EcoGas","alternateName":"Tienda Online GLP Espa\u00f1a","url":"https:\/\/recambiosecogas.com\/it\/","logo":{"@id":"https:\/\/recambiosecogas.com\/it\/producto\/lovato-easyfast-reductor-rgj-hp-hasta-260kw\/#local-main-organization-logo"},"image":{"@id":"https:\/\/recambiosecogas.com\/it\/producto\/lovato-easyfast-reductor-rgj-hp-hasta-260kw\/#local-main-organization-logo"},"sameAs":["https:\/\/www.facebook.com\/profile.php?id=100062419705358","https:\/\/www.instagram.com\/segimon_automocio"],"description":"Recambios EcoGas \u2013 Venta y distribuci\u00f3n de sistemas GLP y GNC en Espa\u00f1a y Portugal. Env\u00edos 24 h, soporte t\u00e9cnico a talleres y distribuidores.","hasMerchantReturnPolicy":{"@type":"MerchantReturnPolicy","merchantReturnLink":"https:\/\/recambiosecogas.com\/politicas-privacidad\/"},"address":{"@id":"https:\/\/recambiosecogas.com\/it\/producto\/lovato-easyfast-reductor-rgj-hp-hasta-260kw\/#local-main-place-address"},"telephone":["616250633"],"contactPoint":{"@type":"ContactPoint","email":"export@recambiosecogas.com"},"openingHoursSpecification":[{"@type":"OpeningHoursSpecification","dayOfWeek":["Monday","Tuesday","Wednesday","Thursday","Friday","Saturday","Sunday"],"opens":"09:00","closes":"17:00"}],"email":"info@recambiosecogas.com","faxNumber":"SEGIMON AUTOMOCION SL","vatID":"ESB19819861","globalLocationNumber":"938 616 339"},{"@type":"PostalAddress","@id":"https:\/\/recambiosecogas.com\/it\/producto\/lovato-easyfast-reductor-rgj-hp-hasta-260kw\/#local-main-place-address","streetAddress":"cami antic de vic, 29 (Nave 3), Pol\u00edgono Industrial Congost","addressLocality":"CORRO D`AVALL","postalCode":"08520","addressRegion":"Barcelona","addressCountry":"ES"},{"@type":"ImageObject","inLanguage":"it-IT","@id":"https:\/\/recambiosecogas.com\/it\/producto\/lovato-easyfast-reductor-rgj-hp-hasta-260kw\/#local-main-organization-logo","url":"https:\/\/recambiosecogas.com\/wp-content\/uploads\/2024\/11\/cropped-RECAMBIOS-GLP-png.webp","contentUrl":"https:\/\/recambiosecogas.com\/wp-content\/uploads\/2024\/11\/cropped-RECAMBIOS-GLP-png.webp","width":512,"height":512,"caption":"Recambios EcoGas"}]},"product_price_amount":"278.71","product_price_currency":"EUR","og_availability":"backorder","product_availability":"available for order","product_retailer_item_id":"108313A","product_condition":"new","geo.placename":"CORRO D`AVALL","geo.region":"Spagna"},"uagb_featured_image_src":{"full":["https:\/\/recambiosecogas.com\/wp-content\/uploads\/2024\/10\/Lovato-EasyFast-reductor-RGJ-HP-hasta-260KW-png.webp",1000,1000,false],"thumbnail":["https:\/\/recambiosecogas.com\/wp-content\/uploads\/2024\/10\/Lovato-EasyFast-reductor-RGJ-HP-hasta-260KW-150x150.webp",150,150,true],"medium":["https:\/\/recambiosecogas.com\/wp-content\/uploads\/2024\/10\/Lovato-EasyFast-reductor-RGJ-HP-hasta-260KW-300x300.webp",300,300,true],"medium_large":["https:\/\/recambiosecogas.com\/wp-content\/uploads\/2024\/10\/Lovato-EasyFast-reductor-RGJ-HP-hasta-260KW-768x768.webp",768,768,true],"large":["https:\/\/recambiosecogas.com\/wp-content\/uploads\/2024\/10\/Lovato-EasyFast-reductor-RGJ-HP-hasta-260KW-png.webp",1000,1000,false],"1536x1536":["https:\/\/recambiosecogas.com\/wp-content\/uploads\/2024\/10\/Lovato-EasyFast-reductor-RGJ-HP-hasta-260KW-png.webp",1000,1000,false],"2048x2048":["https:\/\/recambiosecogas.com\/wp-content\/uploads\/2024\/10\/Lovato-EasyFast-reductor-RGJ-HP-hasta-260KW-png.webp",1000,1000,false],"woocommerce_archive_thumbnail":["https:\/\/recambiosecogas.com\/wp-content\/uploads\/2024\/10\/Lovato-EasyFast-reductor-RGJ-HP-hasta-260KW-png.webp",1000,1000,false],"woocommerce_thumbnail":["https:\/\/recambiosecogas.com\/wp-content\/uploads\/2024\/10\/Lovato-EasyFast-reductor-RGJ-HP-hasta-260KW-png-300x300.webp",300,300,true],"woocommerce_single":["https:\/\/recambiosecogas.com\/wp-content\/uploads\/2024\/10\/Lovato-EasyFast-reductor-RGJ-HP-hasta-260KW-png.webp",1000,1000,false],"woocommerce_gallery_thumbnail":["https:\/\/recambiosecogas.com\/wp-content\/uploads\/2024\/10\/Lovato-EasyFast-reductor-RGJ-HP-hasta-260KW-png.webp",1000,1000,false],"dgwt-wcas-product-suggestion":["https:\/\/recambiosecogas.com\/wp-content\/uploads\/2024\/10\/Lovato-EasyFast-reductor-RGJ-HP-hasta-260KW-png-64x64.webp",64,64,true]},"uagb_author_info":{"display_name":"Fran - Soporte T\u00e9cnico","author_link":"https:\/\/recambiosecogas.com\/it\/author\/"},"uagb_comment_info":0,"uagb_excerpt":"Riduttore HP Lovato EasyFast RGJ fino a 260KW","_links":{"self":[{"href":"https:\/\/recambiosecogas.com\/it\/wp-json\/wp\/v2\/product\/46920","targetHints":{"allow":["GET"]}}],"collection":[{"href":"https:\/\/recambiosecogas.com\/it\/wp-json\/wp\/v2\/product"}],"about":[{"href":"https:\/\/recambiosecogas.com\/it\/wp-json\/wp\/v2\/types\/product"}],"replies":[{"embeddable":true,"href":"https:\/\/recambiosecogas.com\/it\/wp-json\/wp\/v2\/comments?post=46920"}],"wp:featuredmedia":[{"embeddable":true,"href":"https:\/\/recambiosecogas.com\/it\/wp-json\/wp\/v2\/media\/7098"}],"wp:attachment":[{"href":"https:\/\/recambiosecogas.com\/it\/wp-json\/wp\/v2\/media?parent=46920"}],"wp:term":[{"taxonomy":"product_brand","embeddable":true,"href":"https:\/\/recambiosecogas.com\/it\/wp-json\/wp\/v2\/product_brand?post=46920"},{"taxonomy":"product_cat","embeddable":true,"href":"https:\/\/recambiosecogas.com\/it\/wp-json\/wp\/v2\/product_cat?post=46920"},{"taxonomy":"product_tag","embeddable":true,"href":"https:\/\/recambiosecogas.com\/it\/wp-json\/wp\/v2\/product_tag?post=46920"}],"curies":[{"name":"wp","href":"https:\/\/api.w.org\/{rel}","templated":true}]}}