{"id":46915,"date":"2024-10-19T14:23:47","date_gmt":"2024-10-19T13:23:47","guid":{"rendered":"https:\/\/recambiosecogas.com\/producto\/lovato-easyfast-reductor-rgj-uhp-hasta-260-kw\/"},"modified":"2026-04-08T10:28:20","modified_gmt":"2026-04-08T09:28:20","slug":"lovato-easyfast-reductor-rgj-uhp-hasta-260-kw","status":"publish","type":"product","link":"https:\/\/recambiosecogas.com\/it\/producto\/lovato-easyfast-reductor-rgj-uhp-hasta-260-kw\/","title":{"rendered":"RGJ UHP LOVATO LPG REDUCER"},"content":{"rendered":"<h3 style=\"text-align: center;\">RIDUTTORE RGJ UHP LPG<\/h3>\n<p class=\"\" data-start=\"73\" data-end=\"493\"><strong data-start=\"76\" data-end=\"118\">Il cambio Lovato EasyFast RGJ UHP 260KW<\/strong> \u00e8 un componente ad alte prestazioni progettato per sistemi di iniezione <strong data-start=\"206\" data-end=\"213\">sequenziale di GPL<\/strong>. Questo cambio monofase \u00e8 approvato secondo <strong data-start=\"276\" data-end=\"290\">lo standard ECE 67R-01<\/strong>, garantendo un funzionamento sicuro ed efficiente nei veicoli convertiti al GPL. Il suo design compatto e robusto facilita l&#8217;installazione e garantisce una risposta precisa e stabile durante la guida.  <\/p>\n<p class=\"\" data-start=\"495\" data-end=\"841\">Il cambio RGJ UHP \u00e8 dotato di <strong data-start=\"537\" data-end=\"565\">una valvola solenoide integrata<\/strong> e di <strong data-start=\"571\" data-end=\"599\">un filtro ad alta capacit\u00e0<\/strong> all&#8217;ingresso, che permettono un&#8217;installazione rapida e semplice. La pressione all&#8217;uscita del gas si regola automaticamente in modo lineare in base alla depressione del motore, ottimizzando le prestazioni e l&#8217;efficienza del sistema a GPL. <\/p>\n<p class=\"\" data-start=\"843\" data-end=\"1142\">Con una capacit\u00e0 fino a <strong data-start=\"870\" data-end=\"889\">260 kW (354 CV),<\/strong> il <strong data-start=\"894\" data-end=\"921\">cambio Lovato RGJ UHP<\/strong> \u00e8 ideale per motori ad alta potenza. Inoltre, il suo design <strong data-start=\"983\" data-end=\"1003\">in alluminio fuso<\/strong> offre un&#8217;eccellente resistenza alla corrosione e al calore, aumentando la durata e le prestazioni in condizioni impegnative. <\/p>\n<p class=\"\" data-start=\"1144\" data-end=\"1422\">Il cambio \u00e8 progettato per mantenere un funzionamento stabile anche in climi freddi, anche se temperature pi\u00f9 basse possono influire leggermente sulle sue prestazioni. In ambienti pi\u00f9 caldi, il cambio pu\u00f2 essere utilizzato in motori ad alta potenza senza perdita di efficienza. <\/p>\n<h3 class=\"\" data-start=\"1424\" data-end=\"1466\"><strong data-start=\"1428\" data-end=\"1464\">Caratteristiche e Dati Tecnici<\/strong><\/h3>\n<div class=\"overflow-x-auto contain-inline-size\">\n<table data-start=\"1468\" data-end=\"1991\">\n<thead data-start=\"1468\" data-end=\"1499\">\n<tr data-start=\"1468\" data-end=\"1499\">\n<th data-start=\"1468\" data-end=\"1485\">Specifiche<\/th>\n<th data-start=\"1485\" data-end=\"1499\">Dettagli<\/th>\n<\/tr>\n<\/thead>\n<tbody data-start=\"1531\" data-end=\"1991\">\n<tr data-start=\"1531\" data-end=\"1568\">\n<td><strong data-start=\"1533\" data-end=\"1545\">Materiale<\/strong><\/td>\n<td>Alluminio fuso<\/td>\n<\/tr>\n<tr data-start=\"1569\" data-end=\"1593\">\n<td><strong data-start=\"1571\" data-end=\"1579\">Peso<\/strong><\/td>\n<td>2,45 kg<\/td>\n<\/tr>\n<tr data-start=\"1594\" data-end=\"1637\">\n<td><strong data-start=\"1596\" data-end=\"1611\">Dimensioni<\/strong><\/td>\n<td>1520 x 116 x 152 mm<\/td>\n<\/tr>\n<tr data-start=\"1638\" data-end=\"1691\">\n<td><strong data-start=\"1640\" data-end=\"1669\">Pressione massima in ingresso<\/strong><\/td>\n<td>Non specificato<\/td>\n<\/tr>\n<tr data-start=\"1692\" data-end=\"1748\">\n<td><strong data-start=\"1694\" data-end=\"1715\">Pressione di uscita<\/strong><\/td>\n<td>Compensato automaticamente<\/td>\n<\/tr>\n<tr data-start=\"1749\" data-end=\"1789\">\n<p>Tensione <\/p>\n<td><strong data-start=\"1751\" data-end=\"1775\">della bobina<\/strong><\/td>\n<td>12 V DC<\/td>\n<\/tr>\n<tr data-start=\"1790\" data-end=\"1830\">\n<p>Alimentazione <\/p>\n<td><strong data-start=\"1792\" data-end=\"1817\">a<\/strong><\/td>\n<p> bobina<\/p>\n<td>15,5 W<\/td>\n<\/tr>\n<tr data-start=\"1831\" data-end=\"1884\">\n<td><strong data-start=\"1833\" data-end=\"1856\">Collegamento con l&#8217;ingresso<\/strong><\/td>\n<td>M12x1 per tubo di \u00f88 mm<\/td>\n<\/tr>\n<tr data-start=\"1885\" data-end=\"1931\">\n<td><strong data-start=\"1887\" data-end=\"1909\">Connessione in uscita<\/strong><\/td>\n<td>Tubo \u00f812 mm<\/td>\n<\/tr>\n<tr data-start=\"1932\" data-end=\"1991\">\n<td><strong data-start=\"1934\" data-end=\"1963\">Potenza massima supportata<\/strong><\/td>\n<td>Fino a 260 kW (354 CV)<\/td>\n<\/tr>\n<\/tbody>\n<\/table>\n<\/div>\n<p class=\"\" data-start=\"1993\" data-end=\"2257\"><a href=\"https:\/\/recambiosecogas.com\/it\/categoria-producto\/reguladores-de-presion\/reductores-glp\/\">TROVA PI\u00d9 GEARBOX SUL NOSTRO SITO<\/a><\/p>\n<p> WEB<a href=\"https:\/\/segimonautomocio.com\/\">PER LE CONVERSIONI LPG VISITA IL NOSTRO WORKSHOP SUL SITO WEB<\/a><\/p>\n","protected":false},"excerpt":{"rendered":"<p><a href=\"https:\/\/recambiosecogas.com\/wp-content\/uploads\/2024\/10\/lovato-squenzial.pdf\">DATI TECNICI<\/a><\/p>\n","protected":false},"featured_media":6735,"comment_status":"open","ping_status":"closed","template":"","meta":{"_uag_custom_page_level_css":""},"product_brand":[],"product_cat":[2367,2143,2136],"product_tag":[],"class_list":{"0":"post-46915","1":"product","2":"type-product","3":"status-publish","4":"has-post-thumbnail","6":"product_cat-lovato","7":"product_cat-reductores-glp","8":"product_cat-reguladores-de-presion","10":"first","11":"onbackorder","12":"taxable","13":"shipping-taxable","14":"purchasable","15":"product-type-simple"},"ct_brands":[],"yoast_head":"<!-- This site is optimized with the Yoast SEO Premium plugin v27.5 (Yoast SEO v27.5) - https:\/\/yoast.com\/product\/yoast-seo-premium-wordpress\/ -->\n<title>RGJ UHP LOVATO LPG REDUCER | Recambios EcoGas | Sistemas GLP y GNC<\/title>\n<meta name=\"description\" content=\"Cambio Lovato RGJ UHP per GPL fino a 260 kW. Installazione semplice, valvola solenoide integrata e pressione di uscita compensata. Approvazione ECE 67R-01.\" \/>\n<meta name=\"robots\" content=\"index, follow, max-snippet:-1, max-image-preview:large, max-video-preview:-1\" \/>\n<link rel=\"canonical\" href=\"https:\/\/recambiosecogas.com\/it\/producto\/lovato-easyfast-reductor-rgj-uhp-hasta-260-kw\/\" \/>\n<meta property=\"og:locale\" content=\"it_IT\" \/>\n<meta property=\"og:type\" content=\"article\" \/>\n<meta property=\"og:title\" content=\"RGJ UHP LOVATO LPG REDUCER\" \/>\n<meta property=\"og:description\" content=\"Cambio Lovato RGJ UHP per GPL fino a 260 kW. Installazione semplice, valvola solenoide integrata e pressione di uscita compensata. Approvazione ECE 67R-01.\" \/>\n<meta property=\"og:url\" content=\"https:\/\/recambiosecogas.com\/it\/producto\/lovato-easyfast-reductor-rgj-uhp-hasta-260-kw\/\" \/>\n<meta property=\"og:site_name\" content=\"Recambios EcoGas\" \/>\n<meta property=\"article:publisher\" content=\"https:\/\/www.facebook.com\/profile.php?id=100062419705358\" \/>\n<meta property=\"article:modified_time\" content=\"2026-04-08T09:28:20+00:00\" \/>\n<meta property=\"og:image\" content=\"https:\/\/recambiosecogas.com\/wp-content\/uploads\/2024\/10\/Lovato-EasyFast-reductor-RGJ-UHP-hasta-260-KW-png.webp\" \/>\n\t<meta property=\"og:image:width\" content=\"1000\" \/>\n\t<meta property=\"og:image:height\" content=\"1000\" \/>\n\t<meta property=\"og:image:type\" content=\"image\/png\" \/>\n<meta name=\"twitter:card\" content=\"summary_large_image\" \/>\n<meta name=\"twitter:label1\" content=\"Prezzo\" \/>\n\t<meta name=\"twitter:data1\" content=\"312,24&nbsp;&euro; (Sin IVA: 258,05&nbsp;&euro;)\" \/>\n\t<meta name=\"twitter:label2\" content=\"Disponibilit\u00e0\" \/>\n\t<meta name=\"twitter:data2\" content=\"Su ordinazione\" \/>\n<script type=\"application\/ld+json\" class=\"yoast-schema-graph\">{\"@context\":\"https:\\\/\\\/schema.org\",\"@graph\":[{\"@type\":\"WebPage\",\"@id\":\"https:\\\/\\\/recambiosecogas.com\\\/it\\\/producto\\\/lovato-easyfast-reductor-rgj-uhp-hasta-260-kw\\\/\",\"url\":\"https:\\\/\\\/recambiosecogas.com\\\/it\\\/producto\\\/lovato-easyfast-reductor-rgj-uhp-hasta-260-kw\\\/\",\"name\":\"RGJ UHP LOVATO LPG REDUCER | Recambios EcoGas | Sistemas GLP y GNC\",\"isPartOf\":{\"@id\":\"https:\\\/\\\/recambiosecogas.com\\\/it\\\/#website\"},\"primaryImageOfPage\":{\"@id\":\"https:\\\/\\\/recambiosecogas.com\\\/it\\\/producto\\\/lovato-easyfast-reductor-rgj-uhp-hasta-260-kw\\\/#primaryimage\"},\"image\":{\"@id\":\"https:\\\/\\\/recambiosecogas.com\\\/it\\\/producto\\\/lovato-easyfast-reductor-rgj-uhp-hasta-260-kw\\\/#primaryimage\"},\"thumbnailUrl\":\"https:\\\/\\\/recambiosecogas.com\\\/wp-content\\\/uploads\\\/2024\\\/10\\\/Lovato-EasyFast-reductor-RGJ-UHP-hasta-260-KW-png.webp\",\"datePublished\":\"2024-10-19T13:23:47+00:00\",\"dateModified\":\"2026-04-08T09:28:20+00:00\",\"description\":\"Cambio Lovato RGJ UHP per GPL fino a 260 kW. Installazione semplice, valvola solenoide integrata e pressione di uscita compensata. Approvazione ECE 67R-01.\",\"breadcrumb\":{\"@id\":\"https:\\\/\\\/recambiosecogas.com\\\/it\\\/producto\\\/lovato-easyfast-reductor-rgj-uhp-hasta-260-kw\\\/#breadcrumb\"},\"inLanguage\":\"it-IT\",\"potentialAction\":[{\"@type\":\"ReadAction\",\"target\":[\"https:\\\/\\\/recambiosecogas.com\\\/it\\\/producto\\\/lovato-easyfast-reductor-rgj-uhp-hasta-260-kw\\\/\"]}]},{\"@type\":\"ImageObject\",\"inLanguage\":\"it-IT\",\"@id\":\"https:\\\/\\\/recambiosecogas.com\\\/it\\\/producto\\\/lovato-easyfast-reductor-rgj-uhp-hasta-260-kw\\\/#primaryimage\",\"url\":\"https:\\\/\\\/recambiosecogas.com\\\/wp-content\\\/uploads\\\/2024\\\/10\\\/Lovato-EasyFast-reductor-RGJ-UHP-hasta-260-KW-png.webp\",\"contentUrl\":\"https:\\\/\\\/recambiosecogas.com\\\/wp-content\\\/uploads\\\/2024\\\/10\\\/Lovato-EasyFast-reductor-RGJ-UHP-hasta-260-KW-png.webp\",\"width\":1000,\"height\":1000,\"caption\":\"REDUCTOR GLP RGJ UHP LOVATO\"},{\"@type\":\"BreadcrumbList\",\"@id\":\"https:\\\/\\\/recambiosecogas.com\\\/it\\\/producto\\\/lovato-easyfast-reductor-rgj-uhp-hasta-260-kw\\\/#breadcrumb\",\"itemListElement\":[{\"@type\":\"ListItem\",\"position\":1,\"name\":\"Portada\",\"item\":\"https:\\\/\\\/recambiosecogas.com\\\/it\\\/\"},{\"@type\":\"ListItem\",\"position\":2,\"name\":\"Negozio\",\"item\":\"https:\\\/\\\/recambiosecogas.com\\\/it\\\/?page_id=46382\"},{\"@type\":\"ListItem\",\"position\":3,\"name\":\"RGJ UHP LOVATO LPG REDUCER\"}]},{\"@type\":\"WebSite\",\"@id\":\"https:\\\/\\\/recambiosecogas.com\\\/it\\\/#website\",\"url\":\"https:\\\/\\\/recambiosecogas.com\\\/it\\\/\",\"name\":\"Recambios EcoGas\",\"description\":\"Recambios Multimarca para sistemas de GLP\\\/GNC\\\/GNL\\\/Hidr\u00f3geno\",\"publisher\":{\"@id\":\"https:\\\/\\\/recambiosecogas.com\\\/it\\\/#organization\"},\"alternateName\":\"Recambios Autogas GLP\",\"potentialAction\":[{\"@type\":\"SearchAction\",\"target\":{\"@type\":\"EntryPoint\",\"urlTemplate\":\"https:\\\/\\\/recambiosecogas.com\\\/it\\\/?s={search_term_string}\"},\"query-input\":{\"@type\":\"PropertyValueSpecification\",\"valueRequired\":true,\"valueName\":\"search_term_string\"}}],\"inLanguage\":\"it-IT\"},{\"@type\":[\"Organization\",\"Place\"],\"@id\":\"https:\\\/\\\/recambiosecogas.com\\\/it\\\/#organization\",\"name\":\"Recambios EcoGas\",\"alternateName\":\"Tienda Online GLP Espa\u00f1a\",\"url\":\"https:\\\/\\\/recambiosecogas.com\\\/it\\\/\",\"logo\":{\"@id\":\"https:\\\/\\\/recambiosecogas.com\\\/it\\\/producto\\\/lovato-easyfast-reductor-rgj-uhp-hasta-260-kw\\\/#local-main-organization-logo\"},\"image\":{\"@id\":\"https:\\\/\\\/recambiosecogas.com\\\/it\\\/producto\\\/lovato-easyfast-reductor-rgj-uhp-hasta-260-kw\\\/#local-main-organization-logo\"},\"sameAs\":[\"https:\\\/\\\/www.facebook.com\\\/profile.php?id=100062419705358\",\"https:\\\/\\\/www.instagram.com\\\/segimon_automocio\"],\"description\":\"Recambios EcoGas \u2013 Venta y distribuci\u00f3n de sistemas GLP y GNC en Espa\u00f1a y Portugal. Env\u00edos 24 h, soporte t\u00e9cnico a talleres y distribuidores.\",\"hasMerchantReturnPolicy\":{\"@type\":\"MerchantReturnPolicy\",\"merchantReturnLink\":\"https:\\\/\\\/recambiosecogas.com\\\/politicas-privacidad\\\/\"},\"address\":{\"@id\":\"https:\\\/\\\/recambiosecogas.com\\\/it\\\/producto\\\/lovato-easyfast-reductor-rgj-uhp-hasta-260-kw\\\/#local-main-place-address\"},\"telephone\":[\"616250633\"],\"contactPoint\":{\"@type\":\"ContactPoint\",\"email\":\"export@recambiosecogas.com\"},\"openingHoursSpecification\":[{\"@type\":\"OpeningHoursSpecification\",\"dayOfWeek\":[\"Monday\",\"Tuesday\",\"Wednesday\",\"Thursday\",\"Friday\",\"Saturday\",\"Sunday\"],\"opens\":\"09:00\",\"closes\":\"17:00\"}],\"email\":\"info@recambiosecogas.com\",\"faxNumber\":\"SEGIMON AUTOMOCION SL\",\"vatID\":\"ESB19819861\",\"globalLocationNumber\":\"938 616 339\"},{\"@type\":\"PostalAddress\",\"@id\":\"https:\\\/\\\/recambiosecogas.com\\\/it\\\/producto\\\/lovato-easyfast-reductor-rgj-uhp-hasta-260-kw\\\/#local-main-place-address\",\"streetAddress\":\"cami antic de vic, 29 (Nave 3), Pol\u00edgono Industrial Congost\",\"addressLocality\":\"CORRO D`AVALL\",\"postalCode\":\"08520\",\"addressRegion\":\"Barcelona\",\"addressCountry\":\"ES\"},{\"@type\":\"ImageObject\",\"inLanguage\":\"it-IT\",\"@id\":\"https:\\\/\\\/recambiosecogas.com\\\/it\\\/producto\\\/lovato-easyfast-reductor-rgj-uhp-hasta-260-kw\\\/#local-main-organization-logo\",\"url\":\"https:\\\/\\\/recambiosecogas.com\\\/wp-content\\\/uploads\\\/2024\\\/11\\\/cropped-RECAMBIOS-GLP-png.webp\",\"contentUrl\":\"https:\\\/\\\/recambiosecogas.com\\\/wp-content\\\/uploads\\\/2024\\\/11\\\/cropped-RECAMBIOS-GLP-png.webp\",\"width\":512,\"height\":512,\"caption\":\"Recambios EcoGas\"}]}<\/script>\n<meta property=\"product:price:amount\" content=\"312.24\" \/>\n<meta property=\"product:price:currency\" content=\"EUR\" \/>\n<meta property=\"og:availability\" content=\"backorder\" \/>\n<meta property=\"product:availability\" content=\"available for order\" \/>\n<meta property=\"product:retailer_item_id\" content=\"102518P\" \/>\n<meta property=\"product:condition\" content=\"new\" \/>\n<meta name=\"geo.placename\" content=\"CORRO D`AVALL\" \/>\n<meta name=\"geo.region\" content=\"Spagna\" \/>\n<!-- \/ Yoast SEO Premium plugin. -->","yoast_head_json":{"title":"RGJ UHP LOVATO LPG REDUCER | Recambios EcoGas | Sistemas GLP y GNC","description":"Cambio Lovato RGJ UHP per GPL fino a 260 kW. Installazione semplice, valvola solenoide integrata e pressione di uscita compensata. Approvazione ECE 67R-01.","robots":{"index":"index","follow":"follow","max-snippet":"max-snippet:-1","max-image-preview":"max-image-preview:large","max-video-preview":"max-video-preview:-1"},"canonical":"https:\/\/recambiosecogas.com\/it\/producto\/lovato-easyfast-reductor-rgj-uhp-hasta-260-kw\/","og_locale":"it_IT","og_type":"article","og_title":"RGJ UHP LOVATO LPG REDUCER","og_description":"Cambio Lovato RGJ UHP per GPL fino a 260 kW. Installazione semplice, valvola solenoide integrata e pressione di uscita compensata. Approvazione ECE 67R-01.","og_url":"https:\/\/recambiosecogas.com\/it\/producto\/lovato-easyfast-reductor-rgj-uhp-hasta-260-kw\/","og_site_name":"Recambios EcoGas","article_publisher":"https:\/\/www.facebook.com\/profile.php?id=100062419705358","article_modified_time":"2026-04-08T09:28:20+00:00","og_image":[{"width":1000,"height":1000,"url":"https:\/\/recambiosecogas.com\/wp-content\/uploads\/2024\/10\/Lovato-EasyFast-reductor-RGJ-UHP-hasta-260-KW-png.webp","type":"image\/png"}],"twitter_card":"summary_large_image","twitter_misc":{"Prezzo":"312,24&nbsp;&euro; (Sin IVA: 258,05&nbsp;&euro;)","Disponibilit\u00e0":"Su ordinazione"},"schema":{"@context":"https:\/\/schema.org","@graph":[{"@type":"WebPage","@id":"https:\/\/recambiosecogas.com\/it\/producto\/lovato-easyfast-reductor-rgj-uhp-hasta-260-kw\/","url":"https:\/\/recambiosecogas.com\/it\/producto\/lovato-easyfast-reductor-rgj-uhp-hasta-260-kw\/","name":"RGJ UHP LOVATO LPG REDUCER | Recambios EcoGas | Sistemas GLP y GNC","isPartOf":{"@id":"https:\/\/recambiosecogas.com\/it\/#website"},"primaryImageOfPage":{"@id":"https:\/\/recambiosecogas.com\/it\/producto\/lovato-easyfast-reductor-rgj-uhp-hasta-260-kw\/#primaryimage"},"image":{"@id":"https:\/\/recambiosecogas.com\/it\/producto\/lovato-easyfast-reductor-rgj-uhp-hasta-260-kw\/#primaryimage"},"thumbnailUrl":"https:\/\/recambiosecogas.com\/wp-content\/uploads\/2024\/10\/Lovato-EasyFast-reductor-RGJ-UHP-hasta-260-KW-png.webp","datePublished":"2024-10-19T13:23:47+00:00","dateModified":"2026-04-08T09:28:20+00:00","description":"Cambio Lovato RGJ UHP per GPL fino a 260 kW. Installazione semplice, valvola solenoide integrata e pressione di uscita compensata. Approvazione ECE 67R-01.","breadcrumb":{"@id":"https:\/\/recambiosecogas.com\/it\/producto\/lovato-easyfast-reductor-rgj-uhp-hasta-260-kw\/#breadcrumb"},"inLanguage":"it-IT","potentialAction":[{"@type":"ReadAction","target":["https:\/\/recambiosecogas.com\/it\/producto\/lovato-easyfast-reductor-rgj-uhp-hasta-260-kw\/"]}]},{"@type":"ImageObject","inLanguage":"it-IT","@id":"https:\/\/recambiosecogas.com\/it\/producto\/lovato-easyfast-reductor-rgj-uhp-hasta-260-kw\/#primaryimage","url":"https:\/\/recambiosecogas.com\/wp-content\/uploads\/2024\/10\/Lovato-EasyFast-reductor-RGJ-UHP-hasta-260-KW-png.webp","contentUrl":"https:\/\/recambiosecogas.com\/wp-content\/uploads\/2024\/10\/Lovato-EasyFast-reductor-RGJ-UHP-hasta-260-KW-png.webp","width":1000,"height":1000,"caption":"REDUCTOR GLP RGJ UHP LOVATO"},{"@type":"BreadcrumbList","@id":"https:\/\/recambiosecogas.com\/it\/producto\/lovato-easyfast-reductor-rgj-uhp-hasta-260-kw\/#breadcrumb","itemListElement":[{"@type":"ListItem","position":1,"name":"Portada","item":"https:\/\/recambiosecogas.com\/it\/"},{"@type":"ListItem","position":2,"name":"Negozio","item":"https:\/\/recambiosecogas.com\/it\/?page_id=46382"},{"@type":"ListItem","position":3,"name":"RGJ UHP LOVATO LPG REDUCER"}]},{"@type":"WebSite","@id":"https:\/\/recambiosecogas.com\/it\/#website","url":"https:\/\/recambiosecogas.com\/it\/","name":"Recambios EcoGas","description":"Recambios Multimarca para sistemas de GLP\/GNC\/GNL\/Hidr\u00f3geno","publisher":{"@id":"https:\/\/recambiosecogas.com\/it\/#organization"},"alternateName":"Recambios Autogas GLP","potentialAction":[{"@type":"SearchAction","target":{"@type":"EntryPoint","urlTemplate":"https:\/\/recambiosecogas.com\/it\/?s={search_term_string}"},"query-input":{"@type":"PropertyValueSpecification","valueRequired":true,"valueName":"search_term_string"}}],"inLanguage":"it-IT"},{"@type":["Organization","Place"],"@id":"https:\/\/recambiosecogas.com\/it\/#organization","name":"Recambios EcoGas","alternateName":"Tienda Online GLP Espa\u00f1a","url":"https:\/\/recambiosecogas.com\/it\/","logo":{"@id":"https:\/\/recambiosecogas.com\/it\/producto\/lovato-easyfast-reductor-rgj-uhp-hasta-260-kw\/#local-main-organization-logo"},"image":{"@id":"https:\/\/recambiosecogas.com\/it\/producto\/lovato-easyfast-reductor-rgj-uhp-hasta-260-kw\/#local-main-organization-logo"},"sameAs":["https:\/\/www.facebook.com\/profile.php?id=100062419705358","https:\/\/www.instagram.com\/segimon_automocio"],"description":"Recambios EcoGas \u2013 Venta y distribuci\u00f3n de sistemas GLP y GNC en Espa\u00f1a y Portugal. Env\u00edos 24 h, soporte t\u00e9cnico a talleres y distribuidores.","hasMerchantReturnPolicy":{"@type":"MerchantReturnPolicy","merchantReturnLink":"https:\/\/recambiosecogas.com\/politicas-privacidad\/"},"address":{"@id":"https:\/\/recambiosecogas.com\/it\/producto\/lovato-easyfast-reductor-rgj-uhp-hasta-260-kw\/#local-main-place-address"},"telephone":["616250633"],"contactPoint":{"@type":"ContactPoint","email":"export@recambiosecogas.com"},"openingHoursSpecification":[{"@type":"OpeningHoursSpecification","dayOfWeek":["Monday","Tuesday","Wednesday","Thursday","Friday","Saturday","Sunday"],"opens":"09:00","closes":"17:00"}],"email":"info@recambiosecogas.com","faxNumber":"SEGIMON AUTOMOCION SL","vatID":"ESB19819861","globalLocationNumber":"938 616 339"},{"@type":"PostalAddress","@id":"https:\/\/recambiosecogas.com\/it\/producto\/lovato-easyfast-reductor-rgj-uhp-hasta-260-kw\/#local-main-place-address","streetAddress":"cami antic de vic, 29 (Nave 3), Pol\u00edgono Industrial Congost","addressLocality":"CORRO D`AVALL","postalCode":"08520","addressRegion":"Barcelona","addressCountry":"ES"},{"@type":"ImageObject","inLanguage":"it-IT","@id":"https:\/\/recambiosecogas.com\/it\/producto\/lovato-easyfast-reductor-rgj-uhp-hasta-260-kw\/#local-main-organization-logo","url":"https:\/\/recambiosecogas.com\/wp-content\/uploads\/2024\/11\/cropped-RECAMBIOS-GLP-png.webp","contentUrl":"https:\/\/recambiosecogas.com\/wp-content\/uploads\/2024\/11\/cropped-RECAMBIOS-GLP-png.webp","width":512,"height":512,"caption":"Recambios EcoGas"}]},"product_price_amount":"312.24","product_price_currency":"EUR","og_availability":"backorder","product_availability":"available for order","product_retailer_item_id":"102518P","product_condition":"new","geo.placename":"CORRO D`AVALL","geo.region":"Spagna"},"uagb_featured_image_src":{"full":["https:\/\/recambiosecogas.com\/wp-content\/uploads\/2024\/10\/Lovato-EasyFast-reductor-RGJ-UHP-hasta-260-KW-png.webp",1000,1000,false],"thumbnail":["https:\/\/recambiosecogas.com\/wp-content\/uploads\/2024\/10\/Lovato-EasyFast-reductor-RGJ-UHP-hasta-260-KW-150x150.webp",150,150,true],"medium":["https:\/\/recambiosecogas.com\/wp-content\/uploads\/2024\/10\/Lovato-EasyFast-reductor-RGJ-UHP-hasta-260-KW-300x300.webp",300,300,true],"medium_large":["https:\/\/recambiosecogas.com\/wp-content\/uploads\/2024\/10\/Lovato-EasyFast-reductor-RGJ-UHP-hasta-260-KW-768x768.webp",768,768,true],"large":["https:\/\/recambiosecogas.com\/wp-content\/uploads\/2024\/10\/Lovato-EasyFast-reductor-RGJ-UHP-hasta-260-KW-png.webp",1000,1000,false],"1536x1536":["https:\/\/recambiosecogas.com\/wp-content\/uploads\/2024\/10\/Lovato-EasyFast-reductor-RGJ-UHP-hasta-260-KW-png.webp",1000,1000,false],"2048x2048":["https:\/\/recambiosecogas.com\/wp-content\/uploads\/2024\/10\/Lovato-EasyFast-reductor-RGJ-UHP-hasta-260-KW-png.webp",1000,1000,false],"woocommerce_archive_thumbnail":["https:\/\/recambiosecogas.com\/wp-content\/uploads\/2024\/10\/Lovato-EasyFast-reductor-RGJ-UHP-hasta-260-KW-png.webp",1000,1000,false],"woocommerce_thumbnail":["https:\/\/recambiosecogas.com\/wp-content\/uploads\/2024\/10\/Lovato-EasyFast-reductor-RGJ-UHP-hasta-260-KW-png-300x300.webp",300,300,true],"woocommerce_single":["https:\/\/recambiosecogas.com\/wp-content\/uploads\/2024\/10\/Lovato-EasyFast-reductor-RGJ-UHP-hasta-260-KW-png.webp",1000,1000,false],"woocommerce_gallery_thumbnail":["https:\/\/recambiosecogas.com\/wp-content\/uploads\/2024\/10\/Lovato-EasyFast-reductor-RGJ-UHP-hasta-260-KW-png.webp",1000,1000,false],"dgwt-wcas-product-suggestion":["https:\/\/recambiosecogas.com\/wp-content\/uploads\/2024\/10\/Lovato-EasyFast-reductor-RGJ-UHP-hasta-260-KW-png-64x64.webp",64,64,true]},"uagb_author_info":{"display_name":"Fran - Soporte T\u00e9cnico","author_link":"https:\/\/recambiosecogas.com\/it\/author\/"},"uagb_comment_info":0,"uagb_excerpt":"DATI TECNICI","_links":{"self":[{"href":"https:\/\/recambiosecogas.com\/it\/wp-json\/wp\/v2\/product\/46915","targetHints":{"allow":["GET"]}}],"collection":[{"href":"https:\/\/recambiosecogas.com\/it\/wp-json\/wp\/v2\/product"}],"about":[{"href":"https:\/\/recambiosecogas.com\/it\/wp-json\/wp\/v2\/types\/product"}],"replies":[{"embeddable":true,"href":"https:\/\/recambiosecogas.com\/it\/wp-json\/wp\/v2\/comments?post=46915"}],"wp:featuredmedia":[{"embeddable":true,"href":"https:\/\/recambiosecogas.com\/it\/wp-json\/wp\/v2\/media\/6735"}],"wp:attachment":[{"href":"https:\/\/recambiosecogas.com\/it\/wp-json\/wp\/v2\/media?parent=46915"}],"wp:term":[{"taxonomy":"product_brand","embeddable":true,"href":"https:\/\/recambiosecogas.com\/it\/wp-json\/wp\/v2\/product_brand?post=46915"},{"taxonomy":"product_cat","embeddable":true,"href":"https:\/\/recambiosecogas.com\/it\/wp-json\/wp\/v2\/product_cat?post=46915"},{"taxonomy":"product_tag","embeddable":true,"href":"https:\/\/recambiosecogas.com\/it\/wp-json\/wp\/v2\/product_tag?post=46915"}],"curies":[{"name":"wp","href":"https:\/\/api.w.org\/{rel}","templated":true}]}}