{"id":46912,"date":"2024-10-19T14:23:46","date_gmt":"2024-10-19T13:23:46","guid":{"rendered":"https:\/\/recambiosecogas.com\/producto\/lovato-reductor-rgv140-para-carburador-90-140-kw-venturi\/"},"modified":"2026-04-08T10:28:08","modified_gmt":"2026-04-08T09:28:08","slug":"lovato-reductor-rgv140-para-carburador-90-140-kw-venturi","status":"publish","type":"product","link":"https:\/\/recambiosecogas.com\/it\/producto\/lovato-reductor-rgv140-para-carburador-90-140-kw-venturi\/","title":{"rendered":"Riduttore di GPL Lovato RGV140"},"content":{"rendered":"<h2 style=\"text-align: center;\" data-start=\"66\" data-end=\"368\">Riduttore di GPL Lovato RGV140<\/h2>\n<p class=\"\" data-start=\"66\" data-end=\"368\">Il <strong data-start=\"69\" data-end=\"95\">riduttore Lovato RGV140<\/strong> \u00e8 un componente ad alte prestazioni progettato per sistemi <strong data-start=\"159\" data-end=\"166\">a GPL<\/strong> nei veicoli a carburatore. Questo cambio a due stadi \u00e8 approvato secondo lo standard <strong data-start=\"263\" data-end=\"277\">ECE 67R-01<\/strong>, che ne garantisce sicurezza e affidabilit\u00e0 nei veicoli con sistemi tradizionali a GPL. <\/p>\n<p class=\"\" data-start=\"370\" data-end=\"704\">Il cambio RGV140 \u00e8 dotato di <strong data-start=\"410\" data-end=\"431\">avviamento elettrico<\/strong> e di <strong data-start=\"437\" data-end=\"469\">una sninatura minima integrata<\/strong>, che facilita l&#8217;avviamento e il controllo della pressione di uscita. La pressione di uscita viene regolata aspirando il motore, garantendo un approvvigionamento costante e stabile di benzina durante la guida. <\/p>\n<p class=\"\" data-start=\"706\" data-end=\"986\">Con una cilindrata fino a <strong data-start=\"733\" data-end=\"752\">140 kW (190 hp),<\/strong> il <strong data-start=\"757\" data-end=\"783\">cambio Lovato RGV140<\/strong> \u00e8 ideale per motori di medie dimensioni. Il suo design <strong data-start=\"836\" data-end=\"856\">in alluminio fuso<\/strong> e i tappi <strong data-start=\"868\" data-end=\"877\">in acciaio<\/strong> garantiscono un&#8217;eccellente resistenza alla corrosione e una lunga durata operativa anche in condizioni difficili. <\/p>\n<p class=\"\" data-start=\"988\" data-end=\"1287\">Grazie alla sensibilit\u00e0 della sua membrana e alla precisione del suo funzionamento, il <strong data-start=\"1071\" data-end=\"1090\">cambio RGV140<\/strong> offre una risposta fluida e un&#8217;esperienza di guida ottimizzata. Il suo design compatto e la facilit\u00e0 di installazione lo rendono una scelta ideale per i sistemi tradizionali a GPL. <\/p>\n<h3 class=\"\" data-start=\"1289\" data-end=\"1331\"><strong data-start=\"1293\" data-end=\"1329\">Caratteristiche e Dati Tecnici<\/strong><\/h3>\n<div class=\"overflow-x-auto contain-inline-size\">\n<table data-start=\"1333\" data-end=\"1860\">\n<thead data-start=\"1333\" data-end=\"1364\">\n<tr data-start=\"1333\" data-end=\"1364\">\n<th data-start=\"1333\" data-end=\"1350\">Specifiche<\/th>\n<th data-start=\"1350\" data-end=\"1364\">Dettagli<\/th>\n<\/tr>\n<\/thead>\n<tbody data-start=\"1396\" data-end=\"1860\">\n<tr data-start=\"1396\" data-end=\"1463\">\n<p>Tipo <\/p>\n<td><strong data-start=\"1398\" data-end=\"1417\">di sistema<\/strong><\/td>\n<td>Sistemi a GPL per carburatore (aspirato)<\/td>\n<\/tr>\n<tr data-start=\"1464\" data-end=\"1512\">\n<td><strong data-start=\"1466\" data-end=\"1489\">Materiale della carrozzeria<\/strong><\/td>\n<td>Alluminio fuso<\/td>\n<\/tr>\n<tr data-start=\"1513\" data-end=\"1536\">\n<td><strong data-start=\"1515\" data-end=\"1524\">Tapas<\/strong><\/td>\n<td>Acciaio<\/td>\n<\/tr>\n<tr data-start=\"1537\" data-end=\"1561\">\n<td><strong data-start=\"1539\" data-end=\"1547\">Peso<\/strong><\/td>\n<td>1,80 kg<\/td>\n<\/tr>\n<tr data-start=\"1562\" data-end=\"1604\">\n<td><strong data-start=\"1564\" data-end=\"1579\">Dimensioni<\/strong><\/td>\n<td>180 x 125 x 195 mm<\/td>\n<\/tr>\n<tr data-start=\"1605\" data-end=\"1664\">\n<td><strong data-start=\"1607\" data-end=\"1636\">Potenza massima supportata<\/strong><\/td>\n<td>Fino a 140 kW (190 CV)<\/td>\n<\/tr>\n<tr data-start=\"1665\" data-end=\"1705\">\n<p>Tensione <\/p>\n<td><strong data-start=\"1667\" data-end=\"1691\">della bobina<\/strong><\/td>\n<td>12 V DC<\/td>\n<\/tr>\n<tr data-start=\"1706\" data-end=\"1744\">\n<p>Alimentazione <\/p>\n<td><strong data-start=\"1708\" data-end=\"1733\">a<\/strong><\/td>\n<p> bobina<\/p>\n<td>42 W<\/td>\n<\/tr>\n<tr data-start=\"1745\" data-end=\"1800\">\n<td><strong data-start=\"1747\" data-end=\"1770\">Collegamento con l&#8217;ingresso<\/strong><\/td>\n<td>M10 per tubo \u00d8 da 6 mm<\/td>\n<\/tr>\n<tr data-start=\"1801\" data-end=\"1860\">\n<td><strong data-start=\"1803\" data-end=\"1825\">Connessione in uscita<\/strong><\/td>\n<td>Tubo regolabile \u00d8 19 mm<\/td>\n<\/tr>\n<\/tbody>\n<\/table>\n<\/div>\n<p class=\"\" data-start=\"1862\" data-end=\"2083\">Il <strong data-start=\"1865\" data-end=\"1891\">Lovato RGV140 Reducer<\/strong> \u00e8 una soluzione efficiente e affidabile per i sistemi tradizionali a GPL nei veicoli a carburatore, offrendo prestazioni stabili e una regolazione precisa della pressione di uscita.<\/p>\n<p data-start=\"1862\" data-end=\"2083\"><a href=\"https:\/\/recambiosecogas.com\/it\/categoria-producto\/reguladores-de-presion\/reductores-glp\/\">TROVA PI\u00d9 GEARBOX SUL NOSTRO SITO<\/a><\/p>\n<p> WEB<a href=\"https:\/\/segimonautomocio.com\/\">PER LE CONVERSIONI LPG VISITA IL NOSTRO WORKSHOP SUL SITO WEB<\/a><\/p>\n","protected":false},"excerpt":{"rendered":"<p><a href=\"https:\/\/recambiosecogas.com\/wp-content\/uploads\/2024\/10\/160805-115738-LPG-tradizionali_ES.pdf\">DATI TECNICI<\/a><\/p>\n","protected":false},"featured_media":7082,"comment_status":"open","ping_status":"closed","template":"","meta":{"_uag_custom_page_level_css":""},"product_brand":[],"product_cat":[2367,2143,2136],"product_tag":[],"class_list":{"0":"post-46912","1":"product","2":"type-product","3":"status-publish","4":"has-post-thumbnail","6":"product_cat-lovato","7":"product_cat-reductores-glp","8":"product_cat-reguladores-de-presion","10":"first","11":"onbackorder","12":"taxable","13":"shipping-taxable","14":"purchasable","15":"product-type-simple"},"ct_brands":[],"yoast_head":"<!-- This site is optimized with the Yoast SEO Premium plugin v27.5 (Yoast SEO v27.5) - https:\/\/yoast.com\/product\/yoast-seo-premium-wordpress\/ -->\n<title>Riduttore di GPL Lovato RGV140 | Recambios EcoGas | Sistemas GLP y GNC<\/title>\n<meta name=\"description\" content=\"Riduttore Lovato RGV140 per sistemi a GPL aspirato. Fino a 140 kW (190 hp), con avviamento elettrico e immatricolazione minima. ECE 67R-01 approvato.\" \/>\n<meta name=\"robots\" content=\"index, follow, max-snippet:-1, max-image-preview:large, max-video-preview:-1\" \/>\n<link rel=\"canonical\" href=\"https:\/\/recambiosecogas.com\/it\/producto\/lovato-reductor-rgv140-para-carburador-90-140-kw-venturi\/\" \/>\n<meta property=\"og:locale\" content=\"it_IT\" \/>\n<meta property=\"og:type\" content=\"article\" \/>\n<meta property=\"og:title\" content=\"Riduttore di GPL Lovato RGV140\" \/>\n<meta property=\"og:description\" content=\"Riduttore Lovato RGV140 per sistemi a GPL aspirato. Fino a 140 kW (190 hp), con avviamento elettrico e immatricolazione minima. ECE 67R-01 approvato.\" \/>\n<meta property=\"og:url\" content=\"https:\/\/recambiosecogas.com\/it\/producto\/lovato-reductor-rgv140-para-carburador-90-140-kw-venturi\/\" \/>\n<meta property=\"og:site_name\" content=\"Recambios EcoGas\" \/>\n<meta property=\"article:publisher\" content=\"https:\/\/www.facebook.com\/profile.php?id=100062419705358\" \/>\n<meta property=\"article:modified_time\" content=\"2026-04-08T09:28:08+00:00\" \/>\n<meta property=\"og:image\" content=\"https:\/\/recambiosecogas.com\/wp-content\/uploads\/2024\/10\/Lovato-reductor-RGV140-para-carburador-90-140-KW-Venturi-png.webp\" \/>\n\t<meta property=\"og:image:width\" content=\"1000\" \/>\n\t<meta property=\"og:image:height\" content=\"1000\" \/>\n\t<meta property=\"og:image:type\" content=\"image\/png\" \/>\n<meta name=\"twitter:card\" content=\"summary_large_image\" \/>\n<meta name=\"twitter:label1\" content=\"Prezzo\" \/>\n\t<meta name=\"twitter:data1\" content=\"119,99&nbsp;&euro; (Sin IVA: 99,17&nbsp;&euro;)\" \/>\n\t<meta name=\"twitter:label2\" content=\"Disponibilit\u00e0\" \/>\n\t<meta name=\"twitter:data2\" content=\"Su ordinazione\" \/>\n<script type=\"application\/ld+json\" class=\"yoast-schema-graph\">{\"@context\":\"https:\\\/\\\/schema.org\",\"@graph\":[{\"@type\":\"WebPage\",\"@id\":\"https:\\\/\\\/recambiosecogas.com\\\/it\\\/producto\\\/lovato-reductor-rgv140-para-carburador-90-140-kw-venturi\\\/\",\"url\":\"https:\\\/\\\/recambiosecogas.com\\\/it\\\/producto\\\/lovato-reductor-rgv140-para-carburador-90-140-kw-venturi\\\/\",\"name\":\"Riduttore di GPL Lovato RGV140 | Recambios EcoGas | Sistemas GLP y GNC\",\"isPartOf\":{\"@id\":\"https:\\\/\\\/recambiosecogas.com\\\/it\\\/#website\"},\"primaryImageOfPage\":{\"@id\":\"https:\\\/\\\/recambiosecogas.com\\\/it\\\/producto\\\/lovato-reductor-rgv140-para-carburador-90-140-kw-venturi\\\/#primaryimage\"},\"image\":{\"@id\":\"https:\\\/\\\/recambiosecogas.com\\\/it\\\/producto\\\/lovato-reductor-rgv140-para-carburador-90-140-kw-venturi\\\/#primaryimage\"},\"thumbnailUrl\":\"https:\\\/\\\/recambiosecogas.com\\\/wp-content\\\/uploads\\\/2024\\\/10\\\/Lovato-reductor-RGV140-para-carburador-90-140-KW-Venturi-png.webp\",\"datePublished\":\"2024-10-19T13:23:46+00:00\",\"dateModified\":\"2026-04-08T09:28:08+00:00\",\"description\":\"Riduttore Lovato RGV140 per sistemi a GPL aspirato. Fino a 140 kW (190 hp), con avviamento elettrico e immatricolazione minima. ECE 67R-01 approvato.\",\"breadcrumb\":{\"@id\":\"https:\\\/\\\/recambiosecogas.com\\\/it\\\/producto\\\/lovato-reductor-rgv140-para-carburador-90-140-kw-venturi\\\/#breadcrumb\"},\"inLanguage\":\"it-IT\",\"potentialAction\":[{\"@type\":\"ReadAction\",\"target\":[\"https:\\\/\\\/recambiosecogas.com\\\/it\\\/producto\\\/lovato-reductor-rgv140-para-carburador-90-140-kw-venturi\\\/\"]}]},{\"@type\":\"ImageObject\",\"inLanguage\":\"it-IT\",\"@id\":\"https:\\\/\\\/recambiosecogas.com\\\/it\\\/producto\\\/lovato-reductor-rgv140-para-carburador-90-140-kw-venturi\\\/#primaryimage\",\"url\":\"https:\\\/\\\/recambiosecogas.com\\\/wp-content\\\/uploads\\\/2024\\\/10\\\/Lovato-reductor-RGV140-para-carburador-90-140-KW-Venturi-png.webp\",\"contentUrl\":\"https:\\\/\\\/recambiosecogas.com\\\/wp-content\\\/uploads\\\/2024\\\/10\\\/Lovato-reductor-RGV140-para-carburador-90-140-KW-Venturi-png.webp\",\"width\":1000,\"height\":1000,\"caption\":\"Reductor GLP Lovato RGV140\"},{\"@type\":\"BreadcrumbList\",\"@id\":\"https:\\\/\\\/recambiosecogas.com\\\/it\\\/producto\\\/lovato-reductor-rgv140-para-carburador-90-140-kw-venturi\\\/#breadcrumb\",\"itemListElement\":[{\"@type\":\"ListItem\",\"position\":1,\"name\":\"Portada\",\"item\":\"https:\\\/\\\/recambiosecogas.com\\\/it\\\/\"},{\"@type\":\"ListItem\",\"position\":2,\"name\":\"Negozio\",\"item\":\"https:\\\/\\\/recambiosecogas.com\\\/it\\\/?page_id=46382\"},{\"@type\":\"ListItem\",\"position\":3,\"name\":\"Riduttore di GPL Lovato RGV140\"}]},{\"@type\":\"WebSite\",\"@id\":\"https:\\\/\\\/recambiosecogas.com\\\/it\\\/#website\",\"url\":\"https:\\\/\\\/recambiosecogas.com\\\/it\\\/\",\"name\":\"Recambios EcoGas\",\"description\":\"Recambios Multimarca para sistemas de GLP\\\/GNC\\\/GNL\\\/Hidr\u00f3geno\",\"publisher\":{\"@id\":\"https:\\\/\\\/recambiosecogas.com\\\/it\\\/#organization\"},\"alternateName\":\"Recambios Autogas GLP\",\"potentialAction\":[{\"@type\":\"SearchAction\",\"target\":{\"@type\":\"EntryPoint\",\"urlTemplate\":\"https:\\\/\\\/recambiosecogas.com\\\/it\\\/?s={search_term_string}\"},\"query-input\":{\"@type\":\"PropertyValueSpecification\",\"valueRequired\":true,\"valueName\":\"search_term_string\"}}],\"inLanguage\":\"it-IT\"},{\"@type\":[\"Organization\",\"Place\"],\"@id\":\"https:\\\/\\\/recambiosecogas.com\\\/it\\\/#organization\",\"name\":\"Recambios EcoGas\",\"alternateName\":\"Tienda Online GLP Espa\u00f1a\",\"url\":\"https:\\\/\\\/recambiosecogas.com\\\/it\\\/\",\"logo\":{\"@id\":\"https:\\\/\\\/recambiosecogas.com\\\/it\\\/producto\\\/lovato-reductor-rgv140-para-carburador-90-140-kw-venturi\\\/#local-main-organization-logo\"},\"image\":{\"@id\":\"https:\\\/\\\/recambiosecogas.com\\\/it\\\/producto\\\/lovato-reductor-rgv140-para-carburador-90-140-kw-venturi\\\/#local-main-organization-logo\"},\"sameAs\":[\"https:\\\/\\\/www.facebook.com\\\/profile.php?id=100062419705358\",\"https:\\\/\\\/www.instagram.com\\\/segimon_automocio\"],\"description\":\"Recambios EcoGas \u2013 Venta y distribuci\u00f3n de sistemas GLP y GNC en Espa\u00f1a y Portugal. Env\u00edos 24 h, soporte t\u00e9cnico a talleres y distribuidores.\",\"hasMerchantReturnPolicy\":{\"@type\":\"MerchantReturnPolicy\",\"merchantReturnLink\":\"https:\\\/\\\/recambiosecogas.com\\\/politicas-privacidad\\\/\"},\"address\":{\"@id\":\"https:\\\/\\\/recambiosecogas.com\\\/it\\\/producto\\\/lovato-reductor-rgv140-para-carburador-90-140-kw-venturi\\\/#local-main-place-address\"},\"telephone\":[\"616250633\"],\"contactPoint\":{\"@type\":\"ContactPoint\",\"email\":\"export@recambiosecogas.com\"},\"openingHoursSpecification\":[{\"@type\":\"OpeningHoursSpecification\",\"dayOfWeek\":[\"Monday\",\"Tuesday\",\"Wednesday\",\"Thursday\",\"Friday\",\"Saturday\",\"Sunday\"],\"opens\":\"09:00\",\"closes\":\"17:00\"}],\"email\":\"info@recambiosecogas.com\",\"faxNumber\":\"SEGIMON AUTOMOCION SL\",\"vatID\":\"ESB19819861\",\"globalLocationNumber\":\"938 616 339\"},{\"@type\":\"PostalAddress\",\"@id\":\"https:\\\/\\\/recambiosecogas.com\\\/it\\\/producto\\\/lovato-reductor-rgv140-para-carburador-90-140-kw-venturi\\\/#local-main-place-address\",\"streetAddress\":\"cami antic de vic, 29 (Nave 3), Pol\u00edgono Industrial Congost\",\"addressLocality\":\"CORRO D`AVALL\",\"postalCode\":\"08520\",\"addressRegion\":\"Barcelona\",\"addressCountry\":\"ES\"},{\"@type\":\"ImageObject\",\"inLanguage\":\"it-IT\",\"@id\":\"https:\\\/\\\/recambiosecogas.com\\\/it\\\/producto\\\/lovato-reductor-rgv140-para-carburador-90-140-kw-venturi\\\/#local-main-organization-logo\",\"url\":\"https:\\\/\\\/recambiosecogas.com\\\/wp-content\\\/uploads\\\/2024\\\/11\\\/cropped-RECAMBIOS-GLP-png.webp\",\"contentUrl\":\"https:\\\/\\\/recambiosecogas.com\\\/wp-content\\\/uploads\\\/2024\\\/11\\\/cropped-RECAMBIOS-GLP-png.webp\",\"width\":512,\"height\":512,\"caption\":\"Recambios EcoGas\"}]}<\/script>\n<meta property=\"product:price:amount\" content=\"119.99\" \/>\n<meta property=\"product:price:currency\" content=\"EUR\" \/>\n<meta property=\"og:availability\" content=\"backorder\" \/>\n<meta property=\"product:availability\" content=\"available for order\" \/>\n<meta property=\"product:retailer_item_id\" content=\"104669\" \/>\n<meta property=\"product:condition\" content=\"new\" \/>\n<meta name=\"geo.placename\" content=\"CORRO D`AVALL\" \/>\n<meta name=\"geo.region\" content=\"Spagna\" \/>\n<!-- \/ Yoast SEO Premium plugin. -->","yoast_head_json":{"title":"Riduttore di GPL Lovato RGV140 | Recambios EcoGas | Sistemas GLP y GNC","description":"Riduttore Lovato RGV140 per sistemi a GPL aspirato. Fino a 140 kW (190 hp), con avviamento elettrico e immatricolazione minima. ECE 67R-01 approvato.","robots":{"index":"index","follow":"follow","max-snippet":"max-snippet:-1","max-image-preview":"max-image-preview:large","max-video-preview":"max-video-preview:-1"},"canonical":"https:\/\/recambiosecogas.com\/it\/producto\/lovato-reductor-rgv140-para-carburador-90-140-kw-venturi\/","og_locale":"it_IT","og_type":"article","og_title":"Riduttore di GPL Lovato RGV140","og_description":"Riduttore Lovato RGV140 per sistemi a GPL aspirato. Fino a 140 kW (190 hp), con avviamento elettrico e immatricolazione minima. ECE 67R-01 approvato.","og_url":"https:\/\/recambiosecogas.com\/it\/producto\/lovato-reductor-rgv140-para-carburador-90-140-kw-venturi\/","og_site_name":"Recambios EcoGas","article_publisher":"https:\/\/www.facebook.com\/profile.php?id=100062419705358","article_modified_time":"2026-04-08T09:28:08+00:00","og_image":[{"width":1000,"height":1000,"url":"https:\/\/recambiosecogas.com\/wp-content\/uploads\/2024\/10\/Lovato-reductor-RGV140-para-carburador-90-140-KW-Venturi-png.webp","type":"image\/png"}],"twitter_card":"summary_large_image","twitter_misc":{"Prezzo":"119,99&nbsp;&euro; (Sin IVA: 99,17&nbsp;&euro;)","Disponibilit\u00e0":"Su ordinazione"},"schema":{"@context":"https:\/\/schema.org","@graph":[{"@type":"WebPage","@id":"https:\/\/recambiosecogas.com\/it\/producto\/lovato-reductor-rgv140-para-carburador-90-140-kw-venturi\/","url":"https:\/\/recambiosecogas.com\/it\/producto\/lovato-reductor-rgv140-para-carburador-90-140-kw-venturi\/","name":"Riduttore di GPL Lovato RGV140 | Recambios EcoGas | Sistemas GLP y GNC","isPartOf":{"@id":"https:\/\/recambiosecogas.com\/it\/#website"},"primaryImageOfPage":{"@id":"https:\/\/recambiosecogas.com\/it\/producto\/lovato-reductor-rgv140-para-carburador-90-140-kw-venturi\/#primaryimage"},"image":{"@id":"https:\/\/recambiosecogas.com\/it\/producto\/lovato-reductor-rgv140-para-carburador-90-140-kw-venturi\/#primaryimage"},"thumbnailUrl":"https:\/\/recambiosecogas.com\/wp-content\/uploads\/2024\/10\/Lovato-reductor-RGV140-para-carburador-90-140-KW-Venturi-png.webp","datePublished":"2024-10-19T13:23:46+00:00","dateModified":"2026-04-08T09:28:08+00:00","description":"Riduttore Lovato RGV140 per sistemi a GPL aspirato. Fino a 140 kW (190 hp), con avviamento elettrico e immatricolazione minima. ECE 67R-01 approvato.","breadcrumb":{"@id":"https:\/\/recambiosecogas.com\/it\/producto\/lovato-reductor-rgv140-para-carburador-90-140-kw-venturi\/#breadcrumb"},"inLanguage":"it-IT","potentialAction":[{"@type":"ReadAction","target":["https:\/\/recambiosecogas.com\/it\/producto\/lovato-reductor-rgv140-para-carburador-90-140-kw-venturi\/"]}]},{"@type":"ImageObject","inLanguage":"it-IT","@id":"https:\/\/recambiosecogas.com\/it\/producto\/lovato-reductor-rgv140-para-carburador-90-140-kw-venturi\/#primaryimage","url":"https:\/\/recambiosecogas.com\/wp-content\/uploads\/2024\/10\/Lovato-reductor-RGV140-para-carburador-90-140-KW-Venturi-png.webp","contentUrl":"https:\/\/recambiosecogas.com\/wp-content\/uploads\/2024\/10\/Lovato-reductor-RGV140-para-carburador-90-140-KW-Venturi-png.webp","width":1000,"height":1000,"caption":"Reductor GLP Lovato RGV140"},{"@type":"BreadcrumbList","@id":"https:\/\/recambiosecogas.com\/it\/producto\/lovato-reductor-rgv140-para-carburador-90-140-kw-venturi\/#breadcrumb","itemListElement":[{"@type":"ListItem","position":1,"name":"Portada","item":"https:\/\/recambiosecogas.com\/it\/"},{"@type":"ListItem","position":2,"name":"Negozio","item":"https:\/\/recambiosecogas.com\/it\/?page_id=46382"},{"@type":"ListItem","position":3,"name":"Riduttore di GPL Lovato RGV140"}]},{"@type":"WebSite","@id":"https:\/\/recambiosecogas.com\/it\/#website","url":"https:\/\/recambiosecogas.com\/it\/","name":"Recambios EcoGas","description":"Recambios Multimarca para sistemas de GLP\/GNC\/GNL\/Hidr\u00f3geno","publisher":{"@id":"https:\/\/recambiosecogas.com\/it\/#organization"},"alternateName":"Recambios Autogas GLP","potentialAction":[{"@type":"SearchAction","target":{"@type":"EntryPoint","urlTemplate":"https:\/\/recambiosecogas.com\/it\/?s={search_term_string}"},"query-input":{"@type":"PropertyValueSpecification","valueRequired":true,"valueName":"search_term_string"}}],"inLanguage":"it-IT"},{"@type":["Organization","Place"],"@id":"https:\/\/recambiosecogas.com\/it\/#organization","name":"Recambios EcoGas","alternateName":"Tienda Online GLP Espa\u00f1a","url":"https:\/\/recambiosecogas.com\/it\/","logo":{"@id":"https:\/\/recambiosecogas.com\/it\/producto\/lovato-reductor-rgv140-para-carburador-90-140-kw-venturi\/#local-main-organization-logo"},"image":{"@id":"https:\/\/recambiosecogas.com\/it\/producto\/lovato-reductor-rgv140-para-carburador-90-140-kw-venturi\/#local-main-organization-logo"},"sameAs":["https:\/\/www.facebook.com\/profile.php?id=100062419705358","https:\/\/www.instagram.com\/segimon_automocio"],"description":"Recambios EcoGas \u2013 Venta y distribuci\u00f3n de sistemas GLP y GNC en Espa\u00f1a y Portugal. Env\u00edos 24 h, soporte t\u00e9cnico a talleres y distribuidores.","hasMerchantReturnPolicy":{"@type":"MerchantReturnPolicy","merchantReturnLink":"https:\/\/recambiosecogas.com\/politicas-privacidad\/"},"address":{"@id":"https:\/\/recambiosecogas.com\/it\/producto\/lovato-reductor-rgv140-para-carburador-90-140-kw-venturi\/#local-main-place-address"},"telephone":["616250633"],"contactPoint":{"@type":"ContactPoint","email":"export@recambiosecogas.com"},"openingHoursSpecification":[{"@type":"OpeningHoursSpecification","dayOfWeek":["Monday","Tuesday","Wednesday","Thursday","Friday","Saturday","Sunday"],"opens":"09:00","closes":"17:00"}],"email":"info@recambiosecogas.com","faxNumber":"SEGIMON AUTOMOCION SL","vatID":"ESB19819861","globalLocationNumber":"938 616 339"},{"@type":"PostalAddress","@id":"https:\/\/recambiosecogas.com\/it\/producto\/lovato-reductor-rgv140-para-carburador-90-140-kw-venturi\/#local-main-place-address","streetAddress":"cami antic de vic, 29 (Nave 3), Pol\u00edgono Industrial Congost","addressLocality":"CORRO D`AVALL","postalCode":"08520","addressRegion":"Barcelona","addressCountry":"ES"},{"@type":"ImageObject","inLanguage":"it-IT","@id":"https:\/\/recambiosecogas.com\/it\/producto\/lovato-reductor-rgv140-para-carburador-90-140-kw-venturi\/#local-main-organization-logo","url":"https:\/\/recambiosecogas.com\/wp-content\/uploads\/2024\/11\/cropped-RECAMBIOS-GLP-png.webp","contentUrl":"https:\/\/recambiosecogas.com\/wp-content\/uploads\/2024\/11\/cropped-RECAMBIOS-GLP-png.webp","width":512,"height":512,"caption":"Recambios EcoGas"}]},"product_price_amount":"119.99","product_price_currency":"EUR","og_availability":"backorder","product_availability":"available for order","product_retailer_item_id":"104669","product_condition":"new","geo.placename":"CORRO D`AVALL","geo.region":"Spagna"},"uagb_featured_image_src":{"full":["https:\/\/recambiosecogas.com\/wp-content\/uploads\/2024\/10\/Lovato-reductor-RGV140-para-carburador-90-140-KW-Venturi-png.webp",1000,1000,false],"thumbnail":["https:\/\/recambiosecogas.com\/wp-content\/uploads\/2024\/10\/Lovato-reductor-RGV140-para-carburador-90-140-KW-Venturi-150x150.webp",150,150,true],"medium":["https:\/\/recambiosecogas.com\/wp-content\/uploads\/2024\/10\/Lovato-reductor-RGV140-para-carburador-90-140-KW-Venturi-300x300.webp",300,300,true],"medium_large":["https:\/\/recambiosecogas.com\/wp-content\/uploads\/2024\/10\/Lovato-reductor-RGV140-para-carburador-90-140-KW-Venturi-768x768.webp",768,768,true],"large":["https:\/\/recambiosecogas.com\/wp-content\/uploads\/2024\/10\/Lovato-reductor-RGV140-para-carburador-90-140-KW-Venturi-png.webp",1000,1000,false],"1536x1536":["https:\/\/recambiosecogas.com\/wp-content\/uploads\/2024\/10\/Lovato-reductor-RGV140-para-carburador-90-140-KW-Venturi-png.webp",1000,1000,false],"2048x2048":["https:\/\/recambiosecogas.com\/wp-content\/uploads\/2024\/10\/Lovato-reductor-RGV140-para-carburador-90-140-KW-Venturi-png.webp",1000,1000,false],"woocommerce_archive_thumbnail":["https:\/\/recambiosecogas.com\/wp-content\/uploads\/2024\/10\/Lovato-reductor-RGV140-para-carburador-90-140-KW-Venturi-png.webp",1000,1000,false],"woocommerce_thumbnail":["https:\/\/recambiosecogas.com\/wp-content\/uploads\/2024\/10\/Lovato-reductor-RGV140-para-carburador-90-140-KW-Venturi-png-300x300.webp",300,300,true],"woocommerce_single":["https:\/\/recambiosecogas.com\/wp-content\/uploads\/2024\/10\/Lovato-reductor-RGV140-para-carburador-90-140-KW-Venturi-png.webp",1000,1000,false],"woocommerce_gallery_thumbnail":["https:\/\/recambiosecogas.com\/wp-content\/uploads\/2024\/10\/Lovato-reductor-RGV140-para-carburador-90-140-KW-Venturi-png.webp",1000,1000,false],"dgwt-wcas-product-suggestion":["https:\/\/recambiosecogas.com\/wp-content\/uploads\/2024\/10\/Lovato-reductor-RGV140-para-carburador-90-140-KW-Venturi-png-64x64.webp",64,64,true]},"uagb_author_info":{"display_name":"Fran - Soporte T\u00e9cnico","author_link":"https:\/\/recambiosecogas.com\/it\/author\/"},"uagb_comment_info":0,"uagb_excerpt":"DATI TECNICI","_links":{"self":[{"href":"https:\/\/recambiosecogas.com\/it\/wp-json\/wp\/v2\/product\/46912","targetHints":{"allow":["GET"]}}],"collection":[{"href":"https:\/\/recambiosecogas.com\/it\/wp-json\/wp\/v2\/product"}],"about":[{"href":"https:\/\/recambiosecogas.com\/it\/wp-json\/wp\/v2\/types\/product"}],"replies":[{"embeddable":true,"href":"https:\/\/recambiosecogas.com\/it\/wp-json\/wp\/v2\/comments?post=46912"}],"wp:featuredmedia":[{"embeddable":true,"href":"https:\/\/recambiosecogas.com\/it\/wp-json\/wp\/v2\/media\/7082"}],"wp:attachment":[{"href":"https:\/\/recambiosecogas.com\/it\/wp-json\/wp\/v2\/media?parent=46912"}],"wp:term":[{"taxonomy":"product_brand","embeddable":true,"href":"https:\/\/recambiosecogas.com\/it\/wp-json\/wp\/v2\/product_brand?post=46912"},{"taxonomy":"product_cat","embeddable":true,"href":"https:\/\/recambiosecogas.com\/it\/wp-json\/wp\/v2\/product_cat?post=46912"},{"taxonomy":"product_tag","embeddable":true,"href":"https:\/\/recambiosecogas.com\/it\/wp-json\/wp\/v2\/product_tag?post=46912"}],"curies":[{"name":"wp","href":"https:\/\/api.w.org\/{rel}","templated":true}]}}