{"id":46898,"date":"2024-10-19T14:23:49","date_gmt":"2024-10-19T13:23:49","guid":{"rendered":"https:\/\/recambiosecogas.com\/producto\/alex-shark-1500-reductor\/"},"modified":"2026-04-08T10:27:51","modified_gmt":"2026-04-08T09:27:51","slug":"alex-shark-1500-reductor","status":"publish","type":"product","link":"https:\/\/recambiosecogas.com\/it\/producto\/alex-shark-1500-reductor\/","title":{"rendered":"ALEX Shark 1500 Reducer"},"content":{"rendered":"<h2 style=\"text-align: center;\" data-start=\"34\" data-end=\"363\">ALEX Shark 1500 Reducer<\/h2>\n<p class=\"\" data-start=\"34\" data-end=\"363\"><strong data-start=\"37\" data-end=\"65\">Il cambio ALEX Shark 1500<\/strong> \u00e8 un regolatore <strong data-start=\"96\" data-end=\"103\">di pressione ad alto rendimento a GPL<\/strong> progettato per sistemi di iniezione sequenziale in veicoli con una potenza fino a <strong data-start=\"210\" data-end=\"229\">147 kW (200 hp).<\/strong> La sua funzione \u00e8 vaporizzare il gas e mantenere una pressione costante per garantire un funzionamento efficiente e stabile del sistema. <\/p>\n<p class=\"\" data-start=\"365\" data-end=\"644\">Dotato di <strong data-start=\"382\" data-end=\"411\">una valvola solenoide da 8 mm<\/strong> e di <strong data-start=\"417\" data-end=\"453\">un filtro integrato in fase liquida<\/strong>, garantisce un flusso costante di gas senza restrizioni, migliorando la risposta e l&#8217;efficienza del motore. Il suo design compatto e versatile consente un&#8217;installazione facile in pi\u00f9 posizioni. <\/p>\n<h4 data-start=\"1087\" data-end=\"1110\"><strong data-start=\"1090\" data-end=\"1108\">Dati tecnici<\/strong><\/h4>\n<div class=\"overflow-x-auto contain-inline-size\">\n<table data-start=\"1112\" data-end=\"1566\">\n<thead data-start=\"1112\" data-end=\"1140\">\n<tr data-start=\"1112\" data-end=\"1140\">\n<th data-start=\"1112\" data-end=\"1129\">Specifiche<\/th>\n<th data-start=\"1129\" data-end=\"1140\">Dettagli<\/th>\n<\/tr>\n<\/thead>\n<tbody data-start=\"1169\" data-end=\"1566\">\n<tr data-start=\"1169\" data-end=\"1201\">\n<td><strong data-start=\"1171\" data-end=\"1181\">Modello<\/strong><\/td>\n<td>ALEX Shark 1500<\/td>\n<\/tr>\n<tr data-start=\"1202\" data-end=\"1237\">\n<td><strong data-start=\"1204\" data-end=\"1225\">Pressione di uscita<\/strong><\/td>\n<td>1,5 bar<\/td>\n<\/tr>\n<tr data-start=\"1238\" data-end=\"1288\">\n<td><strong data-start=\"1240\" data-end=\"1270\">Intervallo di regolazione della pressione<\/strong><\/td>\n<td>1,3 \u00f7 1,9 bar<\/td>\n<\/tr>\n<tr data-start=\"1289\" data-end=\"1330\">\n<td><strong data-start=\"1291\" data-end=\"1310\">Potenza massima<\/strong><\/td>\n<td>147 kW (200 CV)<\/td>\n<\/tr>\n<tr data-start=\"1331\" data-end=\"1376\">\n<td><strong data-start=\"1333\" data-end=\"1351\">Valvola<\/strong><\/td>\n<p> solenoide<\/p>\n<td>Alimentazione a 12V<\/td>\n<\/tr>\n<tr data-start=\"1377\" data-end=\"1407\">\n<td><strong data-start=\"1379\" data-end=\"1397\">Ingresso di gas<\/strong><\/td>\n<td>\u00d88 mm<\/td>\n<\/tr>\n<tr data-start=\"1408\" data-end=\"1438\">\n<td><strong data-start=\"1410\" data-end=\"1427\">Uscita del gas<\/strong><\/td>\n<td>\u00d812 mm<\/td>\n<\/tr>\n<tr data-start=\"1439\" data-end=\"1472\">\n<p>Collegamento <\/p>\n<td><strong data-start=\"1441\" data-end=\"1461\">idrico<\/strong><\/td>\n<td>\u00d816 mm<\/td>\n<\/tr>\n<tr data-start=\"1473\" data-end=\"1505\">\n<td><strong data-start=\"1475\" data-end=\"1495\">Ingresso a vuoto<\/strong><\/td>\n<td>\u00d85 mm<\/td>\n<\/tr>\n<tr data-start=\"1506\" data-end=\"1544\">\n<td><strong data-start=\"1508\" data-end=\"1523\">Dimensioni<\/strong><\/td>\n<td>95 x 109 x 93 mm<\/td>\n<\/tr>\n<tr data-start=\"1545\" data-end=\"1566\">\n<td><strong data-start=\"1547\" data-end=\"1555\">Peso<\/strong><\/td>\n<td>1,6 kg<\/td>\n<\/tr>\n<\/tbody>\n<\/table>\n<h4 data-start=\"651\" data-end=\"688\"><strong data-start=\"654\" data-end=\"686\">Caratteristiche e vantaggi<\/strong><\/h4>\n<ul data-start=\"689\" data-end=\"1080\">\n<li class=\"\" data-start=\"689\" data-end=\"771\">\n<p class=\"\" data-start=\"691\" data-end=\"771\"><strong data-start=\"691\" data-end=\"725\">Potenza fino a 147 kW (200 hp)<\/strong> \u2013 Ideale per veicoli ad alte prestazioni.<\/p>\n<\/li>\n<li class=\"\" data-start=\"772\" data-end=\"837\">\n<p class=\"\" data-start=\"774\" data-end=\"837\"><strong data-start=\"774\" data-end=\"812\">Pressione costante e regolazione precisa<\/strong> \u2013 Tra 1,3 e 1,9 bar.<\/p>\n<\/li>\n<li class=\"\" data-start=\"838\" data-end=\"911\">\n<p class=\"\" data-start=\"840\" data-end=\"911\"><strong data-start=\"840\" data-end=\"869\">Valvola solenoide 8mm<\/strong> \u2013 Garantisce un flusso illimitato.<\/p>\n<\/li>\n<li class=\"\" data-start=\"912\" data-end=\"1004\">\n<p class=\"\" data-start=\"914\" data-end=\"1004\"><strong data-start=\"914\" data-end=\"950\">Filtro Integrato a Fase Liquida<\/strong> \u2013 Migliora l&#8217;efficienza e la protezione del sistema.<\/p>\n<\/li>\n<li class=\"\" data-start=\"1005\" data-end=\"1080\">\n<p class=\"\" data-start=\"1007\" data-end=\"1080\"><strong data-start=\"1007\" data-end=\"1035\">Design compatto e leggero<\/strong> \u2013 Installazione semplice in spazi ristretti.<\/p>\n<\/li>\n<\/ul>\n<p><a href=\"https:\/\/recambiosecogas.com\/it\/categoria-producto\/reguladores-de-presion\/reductores-glp\/\">TROVA PI\u00d9 GEARBOX SUL NOSTRO SITO WEB<\/a><\/p>\n<p><a href=\"https:\/\/segimonautomocio.com\/\">PER LE CONVERSIONI LPG VISITA IL NOSTRO WORKSHOP SUL SITO WEB<\/a><\/p>\n<\/div>\n","protected":false},"excerpt":{"rendered":"<p>Riduttore ALEX Shark 1500<\/p>\n","protected":false},"featured_media":6715,"comment_status":"open","ping_status":"closed","template":"","meta":{"_uag_custom_page_level_css":""},"product_brand":[],"product_cat":[2143,2136],"product_tag":[],"class_list":{"0":"post-46898","1":"product","2":"type-product","3":"status-publish","4":"has-post-thumbnail","6":"product_cat-reductores-glp","7":"product_cat-reguladores-de-presion","9":"first","10":"onbackorder","11":"taxable","12":"shipping-taxable","13":"purchasable","14":"product-type-simple"},"ct_brands":[],"yoast_head":"<!-- This site is optimized with the Yoast SEO Premium plugin v27.5 (Yoast SEO v27.6) - https:\/\/yoast.com\/product\/yoast-seo-premium-wordpress\/ -->\n<title>ALEX Shark 1500 Reducer | Recambios EcoGas | Sistemas GLP y GNC<\/title>\n<meta name=\"description\" content=\"Cambio ALEX Shark 1500 per sistemi a GPL. Potenza a 147 kW e pressione costante. ACQUISTA ONLINE NEL NOSTRO NEGOZIO.\" \/>\n<meta name=\"robots\" content=\"index, follow, max-snippet:-1, max-image-preview:large, max-video-preview:-1\" \/>\n<link rel=\"canonical\" href=\"https:\/\/recambiosecogas.com\/it\/producto\/alex-shark-1500-reductor\/\" \/>\n<meta property=\"og:locale\" content=\"it_IT\" \/>\n<meta property=\"og:type\" content=\"article\" \/>\n<meta property=\"og:title\" content=\"ALEX Shark 1500 Reducer\" \/>\n<meta property=\"og:description\" content=\"Cambio ALEX Shark 1500 per sistemi a GPL. Potenza a 147 kW e pressione costante. ACQUISTA ONLINE NEL NOSTRO NEGOZIO.\" \/>\n<meta property=\"og:url\" content=\"https:\/\/recambiosecogas.com\/it\/producto\/alex-shark-1500-reductor\/\" \/>\n<meta property=\"og:site_name\" content=\"Recambios EcoGas\" \/>\n<meta property=\"article:publisher\" content=\"https:\/\/www.facebook.com\/profile.php?id=100062419705358\" \/>\n<meta property=\"article:modified_time\" content=\"2026-04-08T09:27:51+00:00\" \/>\n<meta property=\"og:image\" content=\"https:\/\/recambiosecogas.com\/wp-content\/uploads\/2024\/10\/ALEX-Shark-1500-reductor-png.webp\" \/>\n\t<meta property=\"og:image:width\" content=\"1000\" \/>\n\t<meta property=\"og:image:height\" content=\"1000\" \/>\n\t<meta property=\"og:image:type\" content=\"image\/png\" \/>\n<meta name=\"twitter:card\" content=\"summary_large_image\" \/>\n<meta name=\"twitter:label1\" content=\"Prezzo\" \/>\n\t<meta name=\"twitter:data1\" content=\"96,36&nbsp;&euro; (Sin IVA: 79,63&nbsp;&euro;)\" \/>\n\t<meta name=\"twitter:label2\" content=\"Disponibilit\u00e0\" \/>\n\t<meta name=\"twitter:data2\" content=\"Su ordinazione\" \/>\n<script type=\"application\/ld+json\" class=\"yoast-schema-graph\">{\"@context\":\"https:\\\/\\\/schema.org\",\"@graph\":[{\"@type\":\"WebPage\",\"@id\":\"https:\\\/\\\/recambiosecogas.com\\\/it\\\/producto\\\/alex-shark-1500-reductor\\\/\",\"url\":\"https:\\\/\\\/recambiosecogas.com\\\/it\\\/producto\\\/alex-shark-1500-reductor\\\/\",\"name\":\"ALEX Shark 1500 Reducer | Recambios EcoGas | Sistemas GLP y GNC\",\"isPartOf\":{\"@id\":\"https:\\\/\\\/recambiosecogas.com\\\/it\\\/#website\"},\"primaryImageOfPage\":{\"@id\":\"https:\\\/\\\/recambiosecogas.com\\\/it\\\/producto\\\/alex-shark-1500-reductor\\\/#primaryimage\"},\"image\":{\"@id\":\"https:\\\/\\\/recambiosecogas.com\\\/it\\\/producto\\\/alex-shark-1500-reductor\\\/#primaryimage\"},\"thumbnailUrl\":\"https:\\\/\\\/recambiosecogas.com\\\/wp-content\\\/uploads\\\/2024\\\/10\\\/ALEX-Shark-1500-reductor-png.webp\",\"datePublished\":\"2024-10-19T13:23:49+00:00\",\"dateModified\":\"2026-04-08T09:27:51+00:00\",\"description\":\"Cambio ALEX Shark 1500 per sistemi a GPL. Potenza a 147 kW e pressione costante. ACQUISTA ONLINE NEL NOSTRO NEGOZIO.\",\"breadcrumb\":{\"@id\":\"https:\\\/\\\/recambiosecogas.com\\\/it\\\/producto\\\/alex-shark-1500-reductor\\\/#breadcrumb\"},\"inLanguage\":\"it-IT\",\"potentialAction\":[{\"@type\":\"ReadAction\",\"target\":[\"https:\\\/\\\/recambiosecogas.com\\\/it\\\/producto\\\/alex-shark-1500-reductor\\\/\"]}]},{\"@type\":\"ImageObject\",\"inLanguage\":\"it-IT\",\"@id\":\"https:\\\/\\\/recambiosecogas.com\\\/it\\\/producto\\\/alex-shark-1500-reductor\\\/#primaryimage\",\"url\":\"https:\\\/\\\/recambiosecogas.com\\\/wp-content\\\/uploads\\\/2024\\\/10\\\/ALEX-Shark-1500-reductor-png.webp\",\"contentUrl\":\"https:\\\/\\\/recambiosecogas.com\\\/wp-content\\\/uploads\\\/2024\\\/10\\\/ALEX-Shark-1500-reductor-png.webp\",\"width\":1000,\"height\":1000,\"caption\":\"Reductor ALEX Shark 1500 ALEX BARRACUDA\"},{\"@type\":\"BreadcrumbList\",\"@id\":\"https:\\\/\\\/recambiosecogas.com\\\/it\\\/producto\\\/alex-shark-1500-reductor\\\/#breadcrumb\",\"itemListElement\":[{\"@type\":\"ListItem\",\"position\":1,\"name\":\"Portada\",\"item\":\"https:\\\/\\\/recambiosecogas.com\\\/it\\\/\"},{\"@type\":\"ListItem\",\"position\":2,\"name\":\"Negozio\",\"item\":\"https:\\\/\\\/recambiosecogas.com\\\/it\\\/?page_id=46382\"},{\"@type\":\"ListItem\",\"position\":3,\"name\":\"ALEX Shark 1500 Reducer\"}]},{\"@type\":\"WebSite\",\"@id\":\"https:\\\/\\\/recambiosecogas.com\\\/it\\\/#website\",\"url\":\"https:\\\/\\\/recambiosecogas.com\\\/it\\\/\",\"name\":\"Recambios EcoGas\",\"description\":\"Recambios Multimarca para sistemas de GLP\\\/GNC\\\/GNL\\\/Hidr\u00f3geno\",\"publisher\":{\"@id\":\"https:\\\/\\\/recambiosecogas.com\\\/it\\\/#organization\"},\"alternateName\":\"Recambios Autogas GLP\",\"potentialAction\":[{\"@type\":\"SearchAction\",\"target\":{\"@type\":\"EntryPoint\",\"urlTemplate\":\"https:\\\/\\\/recambiosecogas.com\\\/it\\\/?s={search_term_string}\"},\"query-input\":{\"@type\":\"PropertyValueSpecification\",\"valueRequired\":true,\"valueName\":\"search_term_string\"}}],\"inLanguage\":\"it-IT\"},{\"@type\":[\"Organization\",\"Place\"],\"@id\":\"https:\\\/\\\/recambiosecogas.com\\\/it\\\/#organization\",\"name\":\"Recambios EcoGas\",\"alternateName\":\"Tienda Online GLP Espa\u00f1a\",\"url\":\"https:\\\/\\\/recambiosecogas.com\\\/it\\\/\",\"logo\":{\"@id\":\"https:\\\/\\\/recambiosecogas.com\\\/it\\\/producto\\\/alex-shark-1500-reductor\\\/#local-main-organization-logo\"},\"image\":{\"@id\":\"https:\\\/\\\/recambiosecogas.com\\\/it\\\/producto\\\/alex-shark-1500-reductor\\\/#local-main-organization-logo\"},\"sameAs\":[\"https:\\\/\\\/www.facebook.com\\\/profile.php?id=100062419705358\",\"https:\\\/\\\/www.instagram.com\\\/segimon_automocio\"],\"description\":\"Recambios EcoGas \u2013 Venta y distribuci\u00f3n de sistemas GLP y GNC en Espa\u00f1a y Portugal. Env\u00edos 24 h, soporte t\u00e9cnico a talleres y distribuidores.\",\"hasMerchantReturnPolicy\":{\"@type\":\"MerchantReturnPolicy\",\"merchantReturnLink\":\"https:\\\/\\\/recambiosecogas.com\\\/politicas-privacidad\\\/\"},\"address\":{\"@id\":\"https:\\\/\\\/recambiosecogas.com\\\/it\\\/producto\\\/alex-shark-1500-reductor\\\/#local-main-place-address\"},\"telephone\":[\"616250633\"],\"contactPoint\":{\"@type\":\"ContactPoint\",\"email\":\"export@recambiosecogas.com\"},\"openingHoursSpecification\":[{\"@type\":\"OpeningHoursSpecification\",\"dayOfWeek\":[\"Monday\",\"Tuesday\",\"Wednesday\",\"Thursday\",\"Friday\",\"Saturday\",\"Sunday\"],\"opens\":\"09:00\",\"closes\":\"17:00\"}],\"email\":\"info@recambiosecogas.com\",\"faxNumber\":\"SEGIMON AUTOMOCION SL\",\"vatID\":\"ESB19819861\",\"globalLocationNumber\":\"938 616 339\"},{\"@type\":\"PostalAddress\",\"@id\":\"https:\\\/\\\/recambiosecogas.com\\\/it\\\/producto\\\/alex-shark-1500-reductor\\\/#local-main-place-address\",\"streetAddress\":\"cami antic de vic, 29 (Nave 3), Pol\u00edgono Industrial Congost\",\"addressLocality\":\"CORRO D`AVALL\",\"postalCode\":\"08520\",\"addressRegion\":\"Barcelona\",\"addressCountry\":\"ES\"},{\"@type\":\"ImageObject\",\"inLanguage\":\"it-IT\",\"@id\":\"https:\\\/\\\/recambiosecogas.com\\\/it\\\/producto\\\/alex-shark-1500-reductor\\\/#local-main-organization-logo\",\"url\":\"https:\\\/\\\/recambiosecogas.com\\\/wp-content\\\/uploads\\\/2024\\\/11\\\/cropped-RECAMBIOS-GLP-png.webp\",\"contentUrl\":\"https:\\\/\\\/recambiosecogas.com\\\/wp-content\\\/uploads\\\/2024\\\/11\\\/cropped-RECAMBIOS-GLP-png.webp\",\"width\":512,\"height\":512,\"caption\":\"Recambios EcoGas\"}]}<\/script>\n<meta property=\"product:price:amount\" content=\"96.36\" \/>\n<meta property=\"product:price:currency\" content=\"EUR\" \/>\n<meta property=\"og:availability\" content=\"backorder\" \/>\n<meta property=\"product:availability\" content=\"available for order\" \/>\n<meta property=\"product:retailer_item_id\" content=\"108808A\" \/>\n<meta property=\"product:condition\" content=\"new\" \/>\n<meta name=\"geo.placename\" content=\"CORRO D`AVALL\" \/>\n<meta name=\"geo.region\" content=\"Spagna\" \/>\n<!-- \/ Yoast SEO Premium plugin. -->","yoast_head_json":{"title":"ALEX Shark 1500 Reducer | Recambios EcoGas | Sistemas GLP y GNC","description":"Cambio ALEX Shark 1500 per sistemi a GPL. Potenza a 147 kW e pressione costante. ACQUISTA ONLINE NEL NOSTRO NEGOZIO.","robots":{"index":"index","follow":"follow","max-snippet":"max-snippet:-1","max-image-preview":"max-image-preview:large","max-video-preview":"max-video-preview:-1"},"canonical":"https:\/\/recambiosecogas.com\/it\/producto\/alex-shark-1500-reductor\/","og_locale":"it_IT","og_type":"article","og_title":"ALEX Shark 1500 Reducer","og_description":"Cambio ALEX Shark 1500 per sistemi a GPL. Potenza a 147 kW e pressione costante. ACQUISTA ONLINE NEL NOSTRO NEGOZIO.","og_url":"https:\/\/recambiosecogas.com\/it\/producto\/alex-shark-1500-reductor\/","og_site_name":"Recambios EcoGas","article_publisher":"https:\/\/www.facebook.com\/profile.php?id=100062419705358","article_modified_time":"2026-04-08T09:27:51+00:00","og_image":[{"width":1000,"height":1000,"url":"https:\/\/recambiosecogas.com\/wp-content\/uploads\/2024\/10\/ALEX-Shark-1500-reductor-png.webp","type":"image\/png"}],"twitter_card":"summary_large_image","twitter_misc":{"Prezzo":"96,36&nbsp;&euro; (Sin IVA: 79,63&nbsp;&euro;)","Disponibilit\u00e0":"Su ordinazione"},"schema":{"@context":"https:\/\/schema.org","@graph":[{"@type":"WebPage","@id":"https:\/\/recambiosecogas.com\/it\/producto\/alex-shark-1500-reductor\/","url":"https:\/\/recambiosecogas.com\/it\/producto\/alex-shark-1500-reductor\/","name":"ALEX Shark 1500 Reducer | Recambios EcoGas | Sistemas GLP y GNC","isPartOf":{"@id":"https:\/\/recambiosecogas.com\/it\/#website"},"primaryImageOfPage":{"@id":"https:\/\/recambiosecogas.com\/it\/producto\/alex-shark-1500-reductor\/#primaryimage"},"image":{"@id":"https:\/\/recambiosecogas.com\/it\/producto\/alex-shark-1500-reductor\/#primaryimage"},"thumbnailUrl":"https:\/\/recambiosecogas.com\/wp-content\/uploads\/2024\/10\/ALEX-Shark-1500-reductor-png.webp","datePublished":"2024-10-19T13:23:49+00:00","dateModified":"2026-04-08T09:27:51+00:00","description":"Cambio ALEX Shark 1500 per sistemi a GPL. Potenza a 147 kW e pressione costante. ACQUISTA ONLINE NEL NOSTRO NEGOZIO.","breadcrumb":{"@id":"https:\/\/recambiosecogas.com\/it\/producto\/alex-shark-1500-reductor\/#breadcrumb"},"inLanguage":"it-IT","potentialAction":[{"@type":"ReadAction","target":["https:\/\/recambiosecogas.com\/it\/producto\/alex-shark-1500-reductor\/"]}]},{"@type":"ImageObject","inLanguage":"it-IT","@id":"https:\/\/recambiosecogas.com\/it\/producto\/alex-shark-1500-reductor\/#primaryimage","url":"https:\/\/recambiosecogas.com\/wp-content\/uploads\/2024\/10\/ALEX-Shark-1500-reductor-png.webp","contentUrl":"https:\/\/recambiosecogas.com\/wp-content\/uploads\/2024\/10\/ALEX-Shark-1500-reductor-png.webp","width":1000,"height":1000,"caption":"Reductor ALEX Shark 1500 ALEX BARRACUDA"},{"@type":"BreadcrumbList","@id":"https:\/\/recambiosecogas.com\/it\/producto\/alex-shark-1500-reductor\/#breadcrumb","itemListElement":[{"@type":"ListItem","position":1,"name":"Portada","item":"https:\/\/recambiosecogas.com\/it\/"},{"@type":"ListItem","position":2,"name":"Negozio","item":"https:\/\/recambiosecogas.com\/it\/?page_id=46382"},{"@type":"ListItem","position":3,"name":"ALEX Shark 1500 Reducer"}]},{"@type":"WebSite","@id":"https:\/\/recambiosecogas.com\/it\/#website","url":"https:\/\/recambiosecogas.com\/it\/","name":"Recambios EcoGas","description":"Recambios Multimarca para sistemas de GLP\/GNC\/GNL\/Hidr\u00f3geno","publisher":{"@id":"https:\/\/recambiosecogas.com\/it\/#organization"},"alternateName":"Recambios Autogas GLP","potentialAction":[{"@type":"SearchAction","target":{"@type":"EntryPoint","urlTemplate":"https:\/\/recambiosecogas.com\/it\/?s={search_term_string}"},"query-input":{"@type":"PropertyValueSpecification","valueRequired":true,"valueName":"search_term_string"}}],"inLanguage":"it-IT"},{"@type":["Organization","Place"],"@id":"https:\/\/recambiosecogas.com\/it\/#organization","name":"Recambios EcoGas","alternateName":"Tienda Online GLP Espa\u00f1a","url":"https:\/\/recambiosecogas.com\/it\/","logo":{"@id":"https:\/\/recambiosecogas.com\/it\/producto\/alex-shark-1500-reductor\/#local-main-organization-logo"},"image":{"@id":"https:\/\/recambiosecogas.com\/it\/producto\/alex-shark-1500-reductor\/#local-main-organization-logo"},"sameAs":["https:\/\/www.facebook.com\/profile.php?id=100062419705358","https:\/\/www.instagram.com\/segimon_automocio"],"description":"Recambios EcoGas \u2013 Venta y distribuci\u00f3n de sistemas GLP y GNC en Espa\u00f1a y Portugal. Env\u00edos 24 h, soporte t\u00e9cnico a talleres y distribuidores.","hasMerchantReturnPolicy":{"@type":"MerchantReturnPolicy","merchantReturnLink":"https:\/\/recambiosecogas.com\/politicas-privacidad\/"},"address":{"@id":"https:\/\/recambiosecogas.com\/it\/producto\/alex-shark-1500-reductor\/#local-main-place-address"},"telephone":["616250633"],"contactPoint":{"@type":"ContactPoint","email":"export@recambiosecogas.com"},"openingHoursSpecification":[{"@type":"OpeningHoursSpecification","dayOfWeek":["Monday","Tuesday","Wednesday","Thursday","Friday","Saturday","Sunday"],"opens":"09:00","closes":"17:00"}],"email":"info@recambiosecogas.com","faxNumber":"SEGIMON AUTOMOCION SL","vatID":"ESB19819861","globalLocationNumber":"938 616 339"},{"@type":"PostalAddress","@id":"https:\/\/recambiosecogas.com\/it\/producto\/alex-shark-1500-reductor\/#local-main-place-address","streetAddress":"cami antic de vic, 29 (Nave 3), Pol\u00edgono Industrial Congost","addressLocality":"CORRO D`AVALL","postalCode":"08520","addressRegion":"Barcelona","addressCountry":"ES"},{"@type":"ImageObject","inLanguage":"it-IT","@id":"https:\/\/recambiosecogas.com\/it\/producto\/alex-shark-1500-reductor\/#local-main-organization-logo","url":"https:\/\/recambiosecogas.com\/wp-content\/uploads\/2024\/11\/cropped-RECAMBIOS-GLP-png.webp","contentUrl":"https:\/\/recambiosecogas.com\/wp-content\/uploads\/2024\/11\/cropped-RECAMBIOS-GLP-png.webp","width":512,"height":512,"caption":"Recambios EcoGas"}]},"product_price_amount":"96.36","product_price_currency":"EUR","og_availability":"backorder","product_availability":"available for order","product_retailer_item_id":"108808A","product_condition":"new","geo.placename":"CORRO D`AVALL","geo.region":"Spagna"},"uagb_featured_image_src":{"full":["https:\/\/recambiosecogas.com\/wp-content\/uploads\/2024\/10\/ALEX-Shark-1500-reductor-png.webp",1000,1000,false],"thumbnail":["https:\/\/recambiosecogas.com\/wp-content\/uploads\/2024\/10\/ALEX-Shark-1500-reductor-150x150.png",150,150,true],"medium":["https:\/\/recambiosecogas.com\/wp-content\/uploads\/2024\/10\/ALEX-Shark-1500-reductor-300x300.png",300,300,true],"medium_large":["https:\/\/recambiosecogas.com\/wp-content\/uploads\/2024\/10\/ALEX-Shark-1500-reductor-768x768.png",768,768,true],"large":["https:\/\/recambiosecogas.com\/wp-content\/uploads\/2024\/10\/ALEX-Shark-1500-reductor-png.webp",1000,1000,false],"1536x1536":["https:\/\/recambiosecogas.com\/wp-content\/uploads\/2024\/10\/ALEX-Shark-1500-reductor-png.webp",1000,1000,false],"2048x2048":["https:\/\/recambiosecogas.com\/wp-content\/uploads\/2024\/10\/ALEX-Shark-1500-reductor-png.webp",1000,1000,false],"woocommerce_archive_thumbnail":["https:\/\/recambiosecogas.com\/wp-content\/uploads\/2024\/10\/ALEX-Shark-1500-reductor-png.webp",1000,1000,false],"woocommerce_thumbnail":["https:\/\/recambiosecogas.com\/wp-content\/uploads\/2024\/10\/ALEX-Shark-1500-reductor-png-300x300.webp",300,300,true],"woocommerce_single":["https:\/\/recambiosecogas.com\/wp-content\/uploads\/2024\/10\/ALEX-Shark-1500-reductor-png.webp",1000,1000,false],"woocommerce_gallery_thumbnail":["https:\/\/recambiosecogas.com\/wp-content\/uploads\/2024\/10\/ALEX-Shark-1500-reductor-png.webp",1000,1000,false],"dgwt-wcas-product-suggestion":["https:\/\/recambiosecogas.com\/wp-content\/uploads\/2024\/10\/ALEX-Shark-1500-reductor-png-64x64.webp",64,64,true]},"uagb_author_info":{"display_name":"Fran - Soporte T\u00e9cnico","author_link":"https:\/\/recambiosecogas.com\/it\/author\/"},"uagb_comment_info":0,"uagb_excerpt":"Riduttore ALEX Shark 1500","_links":{"self":[{"href":"https:\/\/recambiosecogas.com\/it\/wp-json\/wp\/v2\/product\/46898","targetHints":{"allow":["GET"]}}],"collection":[{"href":"https:\/\/recambiosecogas.com\/it\/wp-json\/wp\/v2\/product"}],"about":[{"href":"https:\/\/recambiosecogas.com\/it\/wp-json\/wp\/v2\/types\/product"}],"replies":[{"embeddable":true,"href":"https:\/\/recambiosecogas.com\/it\/wp-json\/wp\/v2\/comments?post=46898"}],"wp:featuredmedia":[{"embeddable":true,"href":"https:\/\/recambiosecogas.com\/it\/wp-json\/wp\/v2\/media\/6715"}],"wp:attachment":[{"href":"https:\/\/recambiosecogas.com\/it\/wp-json\/wp\/v2\/media?parent=46898"}],"wp:term":[{"taxonomy":"product_brand","embeddable":true,"href":"https:\/\/recambiosecogas.com\/it\/wp-json\/wp\/v2\/product_brand?post=46898"},{"taxonomy":"product_cat","embeddable":true,"href":"https:\/\/recambiosecogas.com\/it\/wp-json\/wp\/v2\/product_cat?post=46898"},{"taxonomy":"product_tag","embeddable":true,"href":"https:\/\/recambiosecogas.com\/it\/wp-json\/wp\/v2\/product_tag?post=46898"}],"curies":[{"name":"wp","href":"https:\/\/api.w.org\/{rel}","templated":true}]}}