{"id":46892,"date":"2025-02-18T18:05:03","date_gmt":"2025-02-18T18:05:03","guid":{"rendered":"https:\/\/recambiosecogas.com\/producto\/reductor-glp-supremo-270kw-europegas\/"},"modified":"2026-04-08T10:27:34","modified_gmt":"2026-04-08T09:27:34","slug":"reductor-glp-supremo-270kw-europegas","status":"publish","type":"product","link":"https:\/\/recambiosecogas.com\/it\/producto\/reductor-glp-supremo-270kw-europegas\/","title":{"rendered":"SUPREMO RIDUTTORE LPG 270KW EUROPEGAS"},"content":{"rendered":"<h3 style=\"text-align: center;\" data-start=\"2468\" data-end=\"2493\">SUPREMO RIDUTTORE LPG 270KW EUROPEGAS<\/h3>\n<h4 data-start=\"2468\" data-end=\"2493\"><strong data-start=\"2473\" data-end=\"2491\">Dati tecnici<\/strong><\/h4>\n<ul data-start=\"2494\" data-end=\"3085\">\n<li data-start=\"2494\" data-end=\"2555\"><strong data-start=\"2496\" data-end=\"2525\">Potenza massima supportata<\/strong>: <strong data-start=\"2527\" data-end=\"2553\">270 kW (circa 270 hp)<\/strong><\/li>\n<li data-start=\"2556\" data-end=\"2610\"><strong data-start=\"2558\" data-end=\"2589\">Intervallo di pressione di lavoro<\/strong>: <strong data-start=\"2591\" data-end=\"2608\">0,9 \u2013 1,3 bar<\/strong><\/li>\n<li data-start=\"2611\" data-end=\"2660\"><strong data-start=\"2613\" data-end=\"2631\">Ingresso del gas<\/strong>: <strong data-start=\"2633\" data-end=\"2658\">\u00f88 mm con filettatura M12x1<\/strong><\/li>\n<li data-start=\"2661\" data-end=\"2694\"><strong data-start=\"2663\" data-end=\"2680\">Uscita del gas<\/strong>: <strong data-start=\"2682\" data-end=\"2692\">\u00f816 mm<\/strong><\/li>\n<li data-start=\"2695\" data-end=\"2758\"><strong data-start=\"2697\" data-end=\"2745\">Collegamento di pressione al collettore di aspirazione<\/strong>: <strong data-start=\"2747\" data-end=\"2756\">\u00f84 mm<\/strong><\/li>\n<li data-start=\"2759\" data-end=\"2810\"><strong data-start=\"2761\" data-end=\"2796\">Collegamenti fluido riscaldante<\/strong>: <strong data-start=\"2798\" data-end=\"2808\">\u00f816 mm<\/strong><\/li>\n<li data-start=\"2811\" data-end=\"2864\"><strong data-start=\"2813\" data-end=\"2839\">Temperatura di lavoro<\/strong>: <strong data-start=\"2841\" data-end=\"2862\">da -40\u00baC a +120\u00baC<\/strong><\/li>\n<li data-start=\"2865\" data-end=\"2909\"><strong data-start=\"2867\" data-end=\"2879\">Materiale<\/strong>: alluminio pressofuso<\/li>\n<li data-start=\"2910\" data-end=\"2958\"><strong data-start=\"2912\" data-end=\"2937\">Sensore di temperatura<\/strong>: <strong data-start=\"2939\" data-end=\"2956\">4k7 integrato<\/strong><\/li>\n<li data-start=\"2959\" data-end=\"3000\"><strong data-start=\"2961\" data-end=\"2977\">Approvazione<\/strong>: <strong data-start=\"2979\" data-end=\"2998\">ECE 67R-01 1053<\/strong><\/li>\n<li data-start=\"3001\" data-end=\"3085\"><strong data-start=\"3003\" data-end=\"3017\">Applicazione<\/strong>: Riduttore di gas per sistemi di iniezione di GPL nelle automobili<\/li>\n<\/ul>\n<p data-start=\"168\" data-end=\"442\"><strong data-start=\"171\" data-end=\"211\">Europegas SUPREMO 270KW LPG Reducer<\/strong> \u00e8 un <strong data-start=\"218\" data-end=\"249\">riduttore ad alta efficienza<\/strong> progettato per <strong data-start=\"264\" data-end=\"305\">veicoli con motori fino a 270 CV, che<\/strong> garantisce <strong data-start=\"326\" data-end=\"385\">la conversione ottimale del GPL dalla fase liquida alla fase gassosa<\/strong> e mantiene una pressione stabile al gas.<\/p>\n<p data-start=\"444\" data-end=\"818\">Questo riduttore <strong data-start=\"458\" data-end=\"522\">integra una valvola solenoide e una cartuccia filtro universale<\/strong>, che ne ottimizza le prestazioni e ne facilita la manutenzione. Il suo design <strong data-start=\"594\" data-end=\"677\">con riscaldamento in fase liquida a GPL e il riscaldamento della camera del filtro<\/strong> garantisce <strong data-start=\"692\" data-end=\"725\">un&#8217;efficace evaporazione del gas<\/strong>, garantendo un funzionamento stabile anche a <strong data-start=\"775\" data-end=\"815\">temperature estreme fino a -40\u00baC<\/strong>. <\/p>\n<p data-start=\"1173\" data-end=\"1464\">Approvato secondo lo standard <strong data-start=\"1202\" data-end=\"1217\">67R-01 1053<\/strong>, <strong data-start=\"1222\" data-end=\"1242\">l&#8217;EG SUPREMO 270KW<\/strong> \u00e8 una delle soluzioni pi\u00f9 avanzate per l&#8217;installazione <strong data-start=\"1305\" data-end=\"1345\">di GPL in veicoli ad alte prestazioni<\/strong>, garantendo <strong data-start=\"1360\" data-end=\"1431\">alta efficienza energetica, stabilit\u00e0 di pressione e affidabilit\u00e0<\/strong> in qualsiasi condizione di utilizzo.<\/p>\n<h4 data-start=\"1466\" data-end=\"1505\"><strong data-start=\"1471\" data-end=\"1503\">Caratteristiche e vantaggi<\/strong><\/h4>\n<ul data-start=\"1506\" data-end=\"2466\">\n<li data-start=\"1506\" data-end=\"1609\"><strong data-start=\"1508\" data-end=\"1549\">Riduttore integrato con valvola solenoide<\/strong>: ottimizza la conversione del GPL e facilita l&#8217;installazione.<\/li>\n<li data-start=\"1610\" data-end=\"1700\"><strong data-start=\"1612\" data-end=\"1652\">Riscaldamento in fase liquida a GPG<\/strong>: Migliora l&#8217;efficienza di evaporazione del gas.<\/li>\n<li data-start=\"1701\" data-end=\"1787\"><strong data-start=\"1703\" data-end=\"1743\">Riscaldamento della camera del filtro<\/strong>: mantiene la stabilit\u00e0 termica ottimale.<\/li>\n<li data-start=\"1886\" data-end=\"1993\"><strong data-start=\"1888\" data-end=\"1936\">Intervallo di pressione operativa da 0,9 a 1,3 bar<\/strong>: pressione stabile per prestazioni ottimali del motore.<\/li>\n<li data-start=\"1994\" data-end=\"2091\"><strong data-start=\"1996\" data-end=\"2028\">Sistema di blocco di interruzione<\/strong>: Riduce la sovrapressione del gas durante la frenata motore.<\/li>\n<li data-start=\"2092\" data-end=\"2202\"><strong data-start=\"2094\" data-end=\"2135\">Sensore di temperatura 4k7 integrato<\/strong>: monitora la temperatura per ottimizzare la regolazione dei gas.<\/li>\n<li data-start=\"2382\" data-end=\"2466\"><strong data-start=\"2384\" data-end=\"2414\">Approvazione ECE 67R-01 1053<\/strong>: Conforme agli standard europei di sicurezza.<br \/>\nPRENDI PI\u00d9 <a href=\"https:\/\/recambiosecogas.com\/it\/categoria-producto\/reguladores-de-presion\/reductores-glp\/\">UNIT\u00c0 EQUIPAGGIAMENTO<\/a> E<a href=\"https:\/\/recambiosecogas.com\/producto\/impco-kit-de-reparacion-para-el-reductor-de-glp-modelo-l\/\"> KIT DI RIPARAZIONE<\/a><\/li>\n<\/ul>\n","protected":false},"excerpt":{"rendered":"<p><a href=\"https:\/\/recambiosecogas.com\/wp-content\/uploads\/2025\/02\/eg_supremo.pdf\">MANUALE DI INSTALLAZIONE<\/a> \/ <a href=\"https:\/\/recambiosecogas.com\/wp-content\/uploads\/2025\/02\/eg_supremo_es.pdf\">SCHEDA TECNICA<\/a> \/ <a href=\"https:\/\/recambiosecogas.com\/wp-content\/uploads\/2025\/02\/homologacja_e20_67r-01_1053.pdf\">APPROVAZIONE<\/a><\/p>\n","protected":false},"featured_media":17362,"comment_status":"open","ping_status":"closed","template":"","meta":{"_uag_custom_page_level_css":""},"product_brand":[],"product_cat":[2143,2136],"product_tag":[],"class_list":{"0":"post-46892","1":"product","2":"type-product","3":"status-publish","4":"has-post-thumbnail","6":"product_cat-reductores-glp","7":"product_cat-reguladores-de-presion","9":"first","10":"onbackorder","11":"taxable","12":"shipping-taxable","13":"purchasable","14":"product-type-simple"},"ct_brands":[],"yoast_head":"<!-- This site is optimized with the Yoast SEO Premium plugin v27.5 (Yoast SEO v27.6) - https:\/\/yoast.com\/product\/yoast-seo-premium-wordpress\/ -->\n<title>SUPREMO RIDUTTORE LPG 270KW EUROPEGAS | Recambios EcoGas | Sistemas GLP y GNC<\/title>\n<meta name=\"description\" content=\"Il riduttore di GPL Europegas SUPREMO da 270KW \u00e8 un riduttore ad alta efficienza progettato per veicoli con motori fino a 270 CV\" \/>\n<meta name=\"robots\" content=\"index, follow, max-snippet:-1, max-image-preview:large, max-video-preview:-1\" \/>\n<link rel=\"canonical\" href=\"https:\/\/recambiosecogas.com\/it\/producto\/reductor-glp-supremo-270kw-europegas\/\" \/>\n<meta property=\"og:locale\" content=\"it_IT\" \/>\n<meta property=\"og:type\" content=\"article\" \/>\n<meta property=\"og:title\" content=\"SUPREMO RIDUTTORE LPG 270KW EUROPEGAS\" \/>\n<meta property=\"og:description\" content=\"Il riduttore di GPL Europegas SUPREMO da 270KW \u00e8 un riduttore ad alta efficienza progettato per veicoli con motori fino a 270 CV\" \/>\n<meta property=\"og:url\" content=\"https:\/\/recambiosecogas.com\/it\/producto\/reductor-glp-supremo-270kw-europegas\/\" \/>\n<meta property=\"og:site_name\" content=\"Recambios EcoGas\" \/>\n<meta property=\"article:publisher\" content=\"https:\/\/www.facebook.com\/profile.php?id=100062419705358\" \/>\n<meta property=\"article:modified_time\" content=\"2026-04-08T09:27:34+00:00\" \/>\n<meta property=\"og:image\" content=\"https:\/\/recambiosecogas.com\/wp-content\/uploads\/2025\/02\/EG-SUPREMO-270HP-png.webp\" \/>\n\t<meta property=\"og:image:width\" content=\"1000\" \/>\n\t<meta property=\"og:image:height\" content=\"1000\" \/>\n\t<meta property=\"og:image:type\" content=\"image\/png\" \/>\n<meta name=\"twitter:card\" content=\"summary_large_image\" \/>\n<meta name=\"twitter:label1\" content=\"Prezzo\" \/>\n\t<meta name=\"twitter:data1\" content=\"155,25&nbsp;&euro; (Sin IVA: 128,31&nbsp;&euro;)\" \/>\n\t<meta name=\"twitter:label2\" content=\"Disponibilit\u00e0\" \/>\n\t<meta name=\"twitter:data2\" content=\"Su ordinazione\" \/>\n<script type=\"application\/ld+json\" class=\"yoast-schema-graph\">{\"@context\":\"https:\\\/\\\/schema.org\",\"@graph\":[{\"@type\":\"WebPage\",\"@id\":\"https:\\\/\\\/recambiosecogas.com\\\/it\\\/producto\\\/reductor-glp-supremo-270kw-europegas\\\/\",\"url\":\"https:\\\/\\\/recambiosecogas.com\\\/it\\\/producto\\\/reductor-glp-supremo-270kw-europegas\\\/\",\"name\":\"SUPREMO RIDUTTORE LPG 270KW EUROPEGAS | Recambios EcoGas | Sistemas GLP y GNC\",\"isPartOf\":{\"@id\":\"https:\\\/\\\/recambiosecogas.com\\\/it\\\/#website\"},\"primaryImageOfPage\":{\"@id\":\"https:\\\/\\\/recambiosecogas.com\\\/it\\\/producto\\\/reductor-glp-supremo-270kw-europegas\\\/#primaryimage\"},\"image\":{\"@id\":\"https:\\\/\\\/recambiosecogas.com\\\/it\\\/producto\\\/reductor-glp-supremo-270kw-europegas\\\/#primaryimage\"},\"thumbnailUrl\":\"https:\\\/\\\/recambiosecogas.com\\\/wp-content\\\/uploads\\\/2025\\\/02\\\/EG-SUPREMO-270HP-png.webp\",\"datePublished\":\"2025-02-18T18:05:03+00:00\",\"dateModified\":\"2026-04-08T09:27:34+00:00\",\"description\":\"Il riduttore di GPL Europegas SUPREMO da 270KW \u00e8 un riduttore ad alta efficienza progettato per veicoli con motori fino a 270 CV\",\"breadcrumb\":{\"@id\":\"https:\\\/\\\/recambiosecogas.com\\\/it\\\/producto\\\/reductor-glp-supremo-270kw-europegas\\\/#breadcrumb\"},\"inLanguage\":\"it-IT\",\"potentialAction\":[{\"@type\":\"ReadAction\",\"target\":[\"https:\\\/\\\/recambiosecogas.com\\\/it\\\/producto\\\/reductor-glp-supremo-270kw-europegas\\\/\"]}]},{\"@type\":\"ImageObject\",\"inLanguage\":\"it-IT\",\"@id\":\"https:\\\/\\\/recambiosecogas.com\\\/it\\\/producto\\\/reductor-glp-supremo-270kw-europegas\\\/#primaryimage\",\"url\":\"https:\\\/\\\/recambiosecogas.com\\\/wp-content\\\/uploads\\\/2025\\\/02\\\/EG-SUPREMO-270HP-png.webp\",\"contentUrl\":\"https:\\\/\\\/recambiosecogas.com\\\/wp-content\\\/uploads\\\/2025\\\/02\\\/EG-SUPREMO-270HP-png.webp\",\"width\":1000,\"height\":1000},{\"@type\":\"BreadcrumbList\",\"@id\":\"https:\\\/\\\/recambiosecogas.com\\\/it\\\/producto\\\/reductor-glp-supremo-270kw-europegas\\\/#breadcrumb\",\"itemListElement\":[{\"@type\":\"ListItem\",\"position\":1,\"name\":\"Portada\",\"item\":\"https:\\\/\\\/recambiosecogas.com\\\/it\\\/\"},{\"@type\":\"ListItem\",\"position\":2,\"name\":\"Negozio\",\"item\":\"https:\\\/\\\/recambiosecogas.com\\\/it\\\/?page_id=46382\"},{\"@type\":\"ListItem\",\"position\":3,\"name\":\"SUPREMO RIDUTTORE LPG 270KW EUROPEGAS\"}]},{\"@type\":\"WebSite\",\"@id\":\"https:\\\/\\\/recambiosecogas.com\\\/it\\\/#website\",\"url\":\"https:\\\/\\\/recambiosecogas.com\\\/it\\\/\",\"name\":\"Recambios EcoGas\",\"description\":\"Recambios Multimarca para sistemas de GLP\\\/GNC\\\/GNL\\\/Hidr\u00f3geno\",\"publisher\":{\"@id\":\"https:\\\/\\\/recambiosecogas.com\\\/it\\\/#organization\"},\"alternateName\":\"Recambios Autogas GLP\",\"potentialAction\":[{\"@type\":\"SearchAction\",\"target\":{\"@type\":\"EntryPoint\",\"urlTemplate\":\"https:\\\/\\\/recambiosecogas.com\\\/it\\\/?s={search_term_string}\"},\"query-input\":{\"@type\":\"PropertyValueSpecification\",\"valueRequired\":true,\"valueName\":\"search_term_string\"}}],\"inLanguage\":\"it-IT\"},{\"@type\":[\"Organization\",\"Place\"],\"@id\":\"https:\\\/\\\/recambiosecogas.com\\\/it\\\/#organization\",\"name\":\"Recambios EcoGas\",\"alternateName\":\"Tienda Online GLP Espa\u00f1a\",\"url\":\"https:\\\/\\\/recambiosecogas.com\\\/it\\\/\",\"logo\":{\"@id\":\"https:\\\/\\\/recambiosecogas.com\\\/it\\\/producto\\\/reductor-glp-supremo-270kw-europegas\\\/#local-main-organization-logo\"},\"image\":{\"@id\":\"https:\\\/\\\/recambiosecogas.com\\\/it\\\/producto\\\/reductor-glp-supremo-270kw-europegas\\\/#local-main-organization-logo\"},\"sameAs\":[\"https:\\\/\\\/www.facebook.com\\\/profile.php?id=100062419705358\",\"https:\\\/\\\/www.instagram.com\\\/segimon_automocio\"],\"description\":\"Recambios EcoGas \u2013 Venta y distribuci\u00f3n de sistemas GLP y GNC en Espa\u00f1a y Portugal. Env\u00edos 24 h, soporte t\u00e9cnico a talleres y distribuidores.\",\"hasMerchantReturnPolicy\":{\"@type\":\"MerchantReturnPolicy\",\"merchantReturnLink\":\"https:\\\/\\\/recambiosecogas.com\\\/politicas-privacidad\\\/\"},\"address\":{\"@id\":\"https:\\\/\\\/recambiosecogas.com\\\/it\\\/producto\\\/reductor-glp-supremo-270kw-europegas\\\/#local-main-place-address\"},\"telephone\":[\"616250633\"],\"contactPoint\":{\"@type\":\"ContactPoint\",\"email\":\"export@recambiosecogas.com\"},\"openingHoursSpecification\":[{\"@type\":\"OpeningHoursSpecification\",\"dayOfWeek\":[\"Monday\",\"Tuesday\",\"Wednesday\",\"Thursday\",\"Friday\",\"Saturday\",\"Sunday\"],\"opens\":\"09:00\",\"closes\":\"17:00\"}],\"email\":\"info@recambiosecogas.com\",\"faxNumber\":\"SEGIMON AUTOMOCION SL\",\"vatID\":\"ESB19819861\",\"globalLocationNumber\":\"938 616 339\"},{\"@type\":\"PostalAddress\",\"@id\":\"https:\\\/\\\/recambiosecogas.com\\\/it\\\/producto\\\/reductor-glp-supremo-270kw-europegas\\\/#local-main-place-address\",\"streetAddress\":\"cami antic de vic, 29 (Nave 3), Pol\u00edgono Industrial Congost\",\"addressLocality\":\"CORRO D`AVALL\",\"postalCode\":\"08520\",\"addressRegion\":\"Barcelona\",\"addressCountry\":\"ES\"},{\"@type\":\"ImageObject\",\"inLanguage\":\"it-IT\",\"@id\":\"https:\\\/\\\/recambiosecogas.com\\\/it\\\/producto\\\/reductor-glp-supremo-270kw-europegas\\\/#local-main-organization-logo\",\"url\":\"https:\\\/\\\/recambiosecogas.com\\\/wp-content\\\/uploads\\\/2024\\\/11\\\/cropped-RECAMBIOS-GLP-png.webp\",\"contentUrl\":\"https:\\\/\\\/recambiosecogas.com\\\/wp-content\\\/uploads\\\/2024\\\/11\\\/cropped-RECAMBIOS-GLP-png.webp\",\"width\":512,\"height\":512,\"caption\":\"Recambios EcoGas\"}]}<\/script>\n<meta property=\"product:price:amount\" content=\"155.25\" \/>\n<meta property=\"product:price:currency\" content=\"EUR\" \/>\n<meta property=\"og:availability\" content=\"backorder\" \/>\n<meta property=\"product:availability\" content=\"available for order\" \/>\n<meta property=\"product:retailer_item_id\" content=\"107277A\" \/>\n<meta property=\"product:condition\" content=\"new\" \/>\n<meta name=\"geo.placename\" content=\"CORRO D`AVALL\" \/>\n<meta name=\"geo.region\" content=\"Spagna\" \/>\n<!-- \/ Yoast SEO Premium plugin. -->","yoast_head_json":{"title":"SUPREMO RIDUTTORE LPG 270KW EUROPEGAS | Recambios EcoGas | Sistemas GLP y GNC","description":"Il riduttore di GPL Europegas SUPREMO da 270KW \u00e8 un riduttore ad alta efficienza progettato per veicoli con motori fino a 270 CV","robots":{"index":"index","follow":"follow","max-snippet":"max-snippet:-1","max-image-preview":"max-image-preview:large","max-video-preview":"max-video-preview:-1"},"canonical":"https:\/\/recambiosecogas.com\/it\/producto\/reductor-glp-supremo-270kw-europegas\/","og_locale":"it_IT","og_type":"article","og_title":"SUPREMO RIDUTTORE LPG 270KW EUROPEGAS","og_description":"Il riduttore di GPL Europegas SUPREMO da 270KW \u00e8 un riduttore ad alta efficienza progettato per veicoli con motori fino a 270 CV","og_url":"https:\/\/recambiosecogas.com\/it\/producto\/reductor-glp-supremo-270kw-europegas\/","og_site_name":"Recambios EcoGas","article_publisher":"https:\/\/www.facebook.com\/profile.php?id=100062419705358","article_modified_time":"2026-04-08T09:27:34+00:00","og_image":[{"width":1000,"height":1000,"url":"https:\/\/recambiosecogas.com\/wp-content\/uploads\/2025\/02\/EG-SUPREMO-270HP-png.webp","type":"image\/png"}],"twitter_card":"summary_large_image","twitter_misc":{"Prezzo":"155,25&nbsp;&euro; (Sin IVA: 128,31&nbsp;&euro;)","Disponibilit\u00e0":"Su ordinazione"},"schema":{"@context":"https:\/\/schema.org","@graph":[{"@type":"WebPage","@id":"https:\/\/recambiosecogas.com\/it\/producto\/reductor-glp-supremo-270kw-europegas\/","url":"https:\/\/recambiosecogas.com\/it\/producto\/reductor-glp-supremo-270kw-europegas\/","name":"SUPREMO RIDUTTORE LPG 270KW EUROPEGAS | Recambios EcoGas | Sistemas GLP y GNC","isPartOf":{"@id":"https:\/\/recambiosecogas.com\/it\/#website"},"primaryImageOfPage":{"@id":"https:\/\/recambiosecogas.com\/it\/producto\/reductor-glp-supremo-270kw-europegas\/#primaryimage"},"image":{"@id":"https:\/\/recambiosecogas.com\/it\/producto\/reductor-glp-supremo-270kw-europegas\/#primaryimage"},"thumbnailUrl":"https:\/\/recambiosecogas.com\/wp-content\/uploads\/2025\/02\/EG-SUPREMO-270HP-png.webp","datePublished":"2025-02-18T18:05:03+00:00","dateModified":"2026-04-08T09:27:34+00:00","description":"Il riduttore di GPL Europegas SUPREMO da 270KW \u00e8 un riduttore ad alta efficienza progettato per veicoli con motori fino a 270 CV","breadcrumb":{"@id":"https:\/\/recambiosecogas.com\/it\/producto\/reductor-glp-supremo-270kw-europegas\/#breadcrumb"},"inLanguage":"it-IT","potentialAction":[{"@type":"ReadAction","target":["https:\/\/recambiosecogas.com\/it\/producto\/reductor-glp-supremo-270kw-europegas\/"]}]},{"@type":"ImageObject","inLanguage":"it-IT","@id":"https:\/\/recambiosecogas.com\/it\/producto\/reductor-glp-supremo-270kw-europegas\/#primaryimage","url":"https:\/\/recambiosecogas.com\/wp-content\/uploads\/2025\/02\/EG-SUPREMO-270HP-png.webp","contentUrl":"https:\/\/recambiosecogas.com\/wp-content\/uploads\/2025\/02\/EG-SUPREMO-270HP-png.webp","width":1000,"height":1000},{"@type":"BreadcrumbList","@id":"https:\/\/recambiosecogas.com\/it\/producto\/reductor-glp-supremo-270kw-europegas\/#breadcrumb","itemListElement":[{"@type":"ListItem","position":1,"name":"Portada","item":"https:\/\/recambiosecogas.com\/it\/"},{"@type":"ListItem","position":2,"name":"Negozio","item":"https:\/\/recambiosecogas.com\/it\/?page_id=46382"},{"@type":"ListItem","position":3,"name":"SUPREMO RIDUTTORE LPG 270KW EUROPEGAS"}]},{"@type":"WebSite","@id":"https:\/\/recambiosecogas.com\/it\/#website","url":"https:\/\/recambiosecogas.com\/it\/","name":"Recambios EcoGas","description":"Recambios Multimarca para sistemas de GLP\/GNC\/GNL\/Hidr\u00f3geno","publisher":{"@id":"https:\/\/recambiosecogas.com\/it\/#organization"},"alternateName":"Recambios Autogas GLP","potentialAction":[{"@type":"SearchAction","target":{"@type":"EntryPoint","urlTemplate":"https:\/\/recambiosecogas.com\/it\/?s={search_term_string}"},"query-input":{"@type":"PropertyValueSpecification","valueRequired":true,"valueName":"search_term_string"}}],"inLanguage":"it-IT"},{"@type":["Organization","Place"],"@id":"https:\/\/recambiosecogas.com\/it\/#organization","name":"Recambios EcoGas","alternateName":"Tienda Online GLP Espa\u00f1a","url":"https:\/\/recambiosecogas.com\/it\/","logo":{"@id":"https:\/\/recambiosecogas.com\/it\/producto\/reductor-glp-supremo-270kw-europegas\/#local-main-organization-logo"},"image":{"@id":"https:\/\/recambiosecogas.com\/it\/producto\/reductor-glp-supremo-270kw-europegas\/#local-main-organization-logo"},"sameAs":["https:\/\/www.facebook.com\/profile.php?id=100062419705358","https:\/\/www.instagram.com\/segimon_automocio"],"description":"Recambios EcoGas \u2013 Venta y distribuci\u00f3n de sistemas GLP y GNC en Espa\u00f1a y Portugal. Env\u00edos 24 h, soporte t\u00e9cnico a talleres y distribuidores.","hasMerchantReturnPolicy":{"@type":"MerchantReturnPolicy","merchantReturnLink":"https:\/\/recambiosecogas.com\/politicas-privacidad\/"},"address":{"@id":"https:\/\/recambiosecogas.com\/it\/producto\/reductor-glp-supremo-270kw-europegas\/#local-main-place-address"},"telephone":["616250633"],"contactPoint":{"@type":"ContactPoint","email":"export@recambiosecogas.com"},"openingHoursSpecification":[{"@type":"OpeningHoursSpecification","dayOfWeek":["Monday","Tuesday","Wednesday","Thursday","Friday","Saturday","Sunday"],"opens":"09:00","closes":"17:00"}],"email":"info@recambiosecogas.com","faxNumber":"SEGIMON AUTOMOCION SL","vatID":"ESB19819861","globalLocationNumber":"938 616 339"},{"@type":"PostalAddress","@id":"https:\/\/recambiosecogas.com\/it\/producto\/reductor-glp-supremo-270kw-europegas\/#local-main-place-address","streetAddress":"cami antic de vic, 29 (Nave 3), Pol\u00edgono Industrial Congost","addressLocality":"CORRO D`AVALL","postalCode":"08520","addressRegion":"Barcelona","addressCountry":"ES"},{"@type":"ImageObject","inLanguage":"it-IT","@id":"https:\/\/recambiosecogas.com\/it\/producto\/reductor-glp-supremo-270kw-europegas\/#local-main-organization-logo","url":"https:\/\/recambiosecogas.com\/wp-content\/uploads\/2024\/11\/cropped-RECAMBIOS-GLP-png.webp","contentUrl":"https:\/\/recambiosecogas.com\/wp-content\/uploads\/2024\/11\/cropped-RECAMBIOS-GLP-png.webp","width":512,"height":512,"caption":"Recambios EcoGas"}]},"product_price_amount":"155.25","product_price_currency":"EUR","og_availability":"backorder","product_availability":"available for order","product_retailer_item_id":"107277A","product_condition":"new","geo.placename":"CORRO D`AVALL","geo.region":"Spagna"},"uagb_featured_image_src":{"full":["https:\/\/recambiosecogas.com\/wp-content\/uploads\/2025\/02\/EG-SUPREMO-270HP-png.webp",1000,1000,false],"thumbnail":["https:\/\/recambiosecogas.com\/wp-content\/uploads\/2025\/02\/EG-SUPREMO-270HP-150x150.webp",150,150,true],"medium":["https:\/\/recambiosecogas.com\/wp-content\/uploads\/2025\/02\/EG-SUPREMO-270HP-300x300.webp",300,300,true],"medium_large":["https:\/\/recambiosecogas.com\/wp-content\/uploads\/2025\/02\/EG-SUPREMO-270HP-768x768.webp",768,768,true],"large":["https:\/\/recambiosecogas.com\/wp-content\/uploads\/2025\/02\/EG-SUPREMO-270HP-png.webp",1000,1000,false],"1536x1536":["https:\/\/recambiosecogas.com\/wp-content\/uploads\/2025\/02\/EG-SUPREMO-270HP-png.webp",1000,1000,false],"2048x2048":["https:\/\/recambiosecogas.com\/wp-content\/uploads\/2025\/02\/EG-SUPREMO-270HP-png.webp",1000,1000,false],"woocommerce_archive_thumbnail":["https:\/\/recambiosecogas.com\/wp-content\/uploads\/2025\/02\/EG-SUPREMO-270HP-png.webp",1000,1000,false],"woocommerce_thumbnail":["https:\/\/recambiosecogas.com\/wp-content\/uploads\/2025\/02\/EG-SUPREMO-270HP-300x300.webp",300,300,true],"woocommerce_single":["https:\/\/recambiosecogas.com\/wp-content\/uploads\/2025\/02\/EG-SUPREMO-270HP-png.webp",1000,1000,false],"woocommerce_gallery_thumbnail":["https:\/\/recambiosecogas.com\/wp-content\/uploads\/2025\/02\/EG-SUPREMO-270HP-png.webp",1000,1000,false],"dgwt-wcas-product-suggestion":["https:\/\/recambiosecogas.com\/wp-content\/uploads\/2025\/02\/EG-SUPREMO-270HP-64x64.webp",64,64,true]},"uagb_author_info":{"display_name":"Fran - Soporte T\u00e9cnico","author_link":"https:\/\/recambiosecogas.com\/it\/author\/"},"uagb_comment_info":0,"uagb_excerpt":"MANUALE DI INSTALLAZIONE \/ SCHEDA TECNICA \/ APPROVAZIONE","_links":{"self":[{"href":"https:\/\/recambiosecogas.com\/it\/wp-json\/wp\/v2\/product\/46892","targetHints":{"allow":["GET"]}}],"collection":[{"href":"https:\/\/recambiosecogas.com\/it\/wp-json\/wp\/v2\/product"}],"about":[{"href":"https:\/\/recambiosecogas.com\/it\/wp-json\/wp\/v2\/types\/product"}],"replies":[{"embeddable":true,"href":"https:\/\/recambiosecogas.com\/it\/wp-json\/wp\/v2\/comments?post=46892"}],"wp:featuredmedia":[{"embeddable":true,"href":"https:\/\/recambiosecogas.com\/it\/wp-json\/wp\/v2\/media\/17362"}],"wp:attachment":[{"href":"https:\/\/recambiosecogas.com\/it\/wp-json\/wp\/v2\/media?parent=46892"}],"wp:term":[{"taxonomy":"product_brand","embeddable":true,"href":"https:\/\/recambiosecogas.com\/it\/wp-json\/wp\/v2\/product_brand?post=46892"},{"taxonomy":"product_cat","embeddable":true,"href":"https:\/\/recambiosecogas.com\/it\/wp-json\/wp\/v2\/product_cat?post=46892"},{"taxonomy":"product_tag","embeddable":true,"href":"https:\/\/recambiosecogas.com\/it\/wp-json\/wp\/v2\/product_tag?post=46892"}],"curies":[{"name":"wp","href":"https:\/\/api.w.org\/{rel}","templated":true}]}}