{"id":46848,"date":"2024-12-19T11:11:09","date_gmt":"2024-12-19T11:11:09","guid":{"rendered":"https:\/\/recambiosecogas.com\/producto\/bigas-solenoide-12-v-11-w-multivalvula\/"},"modified":"2026-04-08T10:24:08","modified_gmt":"2026-04-08T09:24:08","slug":"bigas-solenoide-12-v-11-w-multivalvula","status":"publish","type":"product","link":"https:\/\/recambiosecogas.com\/it\/producto\/bigas-solenoide-12-v-11-w-multivalvula\/","title":{"rendered":"Solenoide fasci 12 V 11 W (multivalva)"},"content":{"rendered":"<h1 data-start=\"238\" data-end=\"283\">Bobina magnetica multivalvole Bigas 12V 11W<\/h1>\n<p data-start=\"285\" data-end=\"579\">La <strong data-start=\"288\" data-end=\"335\">bobina magnetica multivalvole Bigas 12V 11W<\/strong> \u00e8 un componente elettromagnetico progettato per le multivalvole a serbatoio nei sistemi a GPL Autogas. Permette l&#8217;apertura e la chiusura del passaggio del gas tramite attivazione elettrica a 12 volt, garantendo il controllo dell&#8217;alimentazione dal serbatoio. <\/p>\n<p data-start=\"581\" data-end=\"690\">Viene utilizzata come sostituzione tecnica quando la bobina originale subisce guasti elettrici o perdita di prestazioni.<\/p>\n<hr data-start=\"692\" data-end=\"695\">\n<h2 data-start=\"697\" data-end=\"746\">Specifiche tecniche della bobina 12V 11W<\/h2>\n<div class=\"TyagGW_tableContainer\">\n<div class=\"group TyagGW_tableWrapper flex flex-col-reverse w-fit\" tabindex=\"-1\">\n<table class=\"w-fit min-w-(--thread-content-width)\" data-start=\"748\" data-end=\"1130\">\n<thead data-start=\"748\" data-end=\"776\">\n<tr data-start=\"748\" data-end=\"776\">\n<th class=\"\" data-start=\"748\" data-end=\"765\" data-col-size=\"sm\">Caratteristiche<\/th>\n<th class=\"\" data-start=\"765\" data-end=\"776\" data-col-size=\"sm\">Dettagli<\/th>\n<\/tr>\n<\/thead>\n<tbody data-start=\"806\" data-end=\"1130\">\n<tr data-start=\"806\" data-end=\"837\">\n<td data-start=\"806\" data-end=\"817\" data-col-size=\"sm\">Prodotto<\/td>\n<td data-start=\"817\" data-end=\"837\" data-col-size=\"sm\">Bobina magnetica<\/td>\n<\/tr>\n<tr data-start=\"838\" data-end=\"855\">\n<td data-start=\"838\" data-end=\"846\" data-col-size=\"sm\">Marchio<\/td>\n<td data-start=\"846\" data-end=\"855\" data-col-size=\"sm\">Bigas<\/td>\n<\/tr>\n<tr data-start=\"856\" data-end=\"894\">\n<td data-start=\"856\" data-end=\"869\" data-col-size=\"sm\">Applicazione<\/td>\n<td data-start=\"869\" data-end=\"894\" data-col-size=\"sm\">Serbatoio multivalvola<\/td>\n<\/tr>\n<tr data-start=\"895\" data-end=\"913\">\n<td data-start=\"895\" data-end=\"905\" data-col-size=\"sm\">Tensione<\/td>\n<td data-start=\"905\" data-end=\"913\" data-col-size=\"sm\">12 V<\/td>\n<\/tr>\n<tr data-start=\"914\" data-end=\"933\">\n<td data-start=\"914\" data-end=\"925\" data-col-size=\"sm\">Potenza<\/td>\n<td data-start=\"925\" data-end=\"933\" data-col-size=\"sm\">11 W<\/td>\n<\/tr>\n<tr data-start=\"934\" data-end=\"977\">\n<td data-start=\"934\" data-end=\"967\" data-col-size=\"sm\">Diametro esterno (lato lungo)<\/td>\n<td data-start=\"967\" data-end=\"977\" data-col-size=\"sm\">4,8 cm<\/td>\n<\/tr>\n<tr data-start=\"978\" data-end=\"1021\">\n<td data-start=\"978\" data-end=\"1011\" data-col-size=\"sm\">Diametro esterno (lato corto)<\/td>\n<td data-col-size=\"sm\" data-start=\"1011\" data-end=\"1021\">2,7 cm<\/td>\n<\/tr>\n<tr data-start=\"1022\" data-end=\"1039\">\n<td data-start=\"1022\" data-end=\"1031\" data-col-size=\"sm\">Altezza<\/td>\n<td data-start=\"1031\" data-end=\"1039\" data-col-size=\"sm\">3 cm<\/td>\n<\/tr>\n<tr data-start=\"1040\" data-end=\"1070\">\n<td data-start=\"1040\" data-end=\"1060\" data-col-size=\"sm\">Diametro interno<\/td>\n<td data-col-size=\"sm\" data-start=\"1060\" data-end=\"1070\">0,9 cm<\/td>\n<\/tr>\n<tr data-start=\"1071\" data-end=\"1092\">\n<td data-start=\"1071\" data-end=\"1085\" data-col-size=\"sm\">Carburante<\/td>\n<td data-start=\"1085\" data-end=\"1092\" data-col-size=\"sm\">GPL<\/td>\n<\/tr>\n<tr data-start=\"1093\" data-end=\"1130\">\n<td data-start=\"1093\" data-end=\"1099\" data-col-size=\"sm\">Applicazione<\/td>\n<td data-start=\"1099\" data-end=\"1130\" data-col-size=\"sm\">Sostituzione \/ Manutenzione<\/td>\n<\/tr>\n<\/tbody>\n<\/table>\n<\/div>\n<\/div>\n<hr data-start=\"1132\" data-end=\"1135\">\n<h2 data-start=\"1137\" data-end=\"1178\">Compatibilit\u00e0 con le multivalvole Bigas<\/h2>\n<p data-start=\"1180\" data-end=\"1273\">Compatibile con le multivalvole Bigas che utilizzano bobina da 12V 11W con le dimensioni indicate.<\/p>\n<p data-start=\"1275\" data-end=\"1333\">Controlla le misure e il modello esatto prima dell&#8217;installazione.<\/p>\n<hr data-start=\"1335\" data-end=\"1338\">\n<h2 data-start=\"1340\" data-end=\"1398\">Vantaggi del sistema elettromagnetico per serbatoi di GPL<\/h2>\n<ul data-start=\"1400\" data-end=\"1598\">\n<li data-start=\"1400\" data-end=\"1428\">\n<p data-start=\"1402\" data-end=\"1428\">Attivazione stabile a 12V<\/p>\n<\/li>\n<li data-start=\"1429\" data-end=\"1456\">\n<p data-start=\"1431\" data-end=\"1456\">Potenza nominale 11W<\/p>\n<\/li>\n<li data-start=\"1457\" data-end=\"1508\">\n<p data-start=\"1459\" data-end=\"1508\">Dimensioni specifiche: 4,8 cm \/ 2,7 cm \/ 3 cm<\/p>\n<\/li>\n<li data-start=\"1509\" data-end=\"1560\">\n<p data-start=\"1511\" data-end=\"1560\">Ricambio tecnico per manutenzione professionale<\/p>\n<\/li>\n<li data-start=\"1561\" data-end=\"1598\">\n<p data-start=\"1563\" data-end=\"1598\">Applicabile nei sistemi a GPL autogas<\/p>\n<\/li>\n<\/ul>\n<hr data-start=\"1600\" data-end=\"1603\">\n<h2 data-start=\"1605\" data-end=\"1611\">Domande frequenti<\/h2>\n<p data-start=\"1613\" data-end=\"1740\"><strong data-start=\"1613\" data-end=\"1664\">A cosa serve questa bobina nel multivalvole?<\/strong><br data-start=\"1664\" data-end=\"1667\">Permette l&#8217;apertura e la chiusura elettrica del passaggio del gas dal serbatoio.<\/p>\n<p data-start=\"1742\" data-end=\"1831\"><strong data-start=\"1742\" data-end=\"1785\">Quali specifiche elettriche ha?<\/strong><br data-start=\"1785\" data-end=\"1788\">Funziona a 12V con una potenza nominale di 11W.<\/p>\n<p data-start=\"1833\" data-end=\"1952\"><strong data-start=\"1833\" data-end=\"1874\">\u00c8 importante verificare le misurazioni?<\/strong><br data-start=\"1874\" data-end=\"1877\">S\u00ec. Il diametro esterno, l&#8217;interno e l&#8217;altezza devono corrispondere prima dell&#8217;installazione. <\/p>\n<p data-start=\"1954\" data-end=\"2021\"><strong data-start=\"1954\" data-end=\"1978\">\u00c8 valido per il CNG?<\/strong><br data-start=\"1978\" data-end=\"1981\">\u00c8 progettato per multivalvole a GPL.<\/p>\n","protected":false},"excerpt":{"rendered":"<div class=\"flex flex-col text-sm pb-25\">\n<article class=\"text-token-text-primary w-full focus:outline-none [--shadow-height:45px] has-data-writing-block:pointer-events-none has-data-writing-block:-mt-(--shadow-height) has-data-writing-block:pt-(--shadow-height) [&amp;:has([data-writing-block])&gt;*]:pointer-events-auto scroll-mt-[calc(var(--header-height)+min(200px,max(70px,20svh)))]\" dir=\"auto\" tabindex=\"-1\" data-turn-id=\"request-WEB:b3bb4a5a-92e7-4fc9-8a3c-1f467c7c261b-50\" data-testid=\"conversation-turn-102\" data-scroll-anchor=\"true\" data-turn=\"assistant\">\n<div class=\"text-base my-auto mx-auto pb-10 [--thread-content-margin:--spacing(4)] @w-sm\/main:[--thread-content-margin:--spacing(6)] @w-lg\/main:[--thread-content-margin:--spacing(16)] px-(--thread-content-margin)\">\n<div class=\"[--thread-content-max-width:40rem] @w-lg\/main:[--thread-content-max-width:48rem] mx-auto max-w-(--thread-content-max-width) flex-1 group\/turn-messages focus-visible:outline-hidden relative flex w-full min-w-0 flex-col agent-turn\" tabindex=\"-1\">\n<div class=\"flex max-w-full flex-col grow\">\n<div class=\"min-h-8 text-message relative flex w-full flex-col items-end gap-2 text-start break-words whitespace-normal [.text-message+&amp;]:mt-1\" dir=\"auto\" data-message-author-role=\"assistant\" data-message-id=\"fea24790-11a1-4b8f-bd21-df2a8253b555\" data-message-model-slug=\"gpt-5-2\">\n<div class=\"flex w-full flex-col gap-1 empty:hidden first:pt-[1px]\">\n<div class=\"markdown prose dark:prose-invert w-full wrap-break-word light markdown-new-styling\">\n<p data-start=\"2405\" data-end=\"2542\" data-is-last-node=\"\" data-is-only-node=\"\">Bobina magnetica Bigas 12V 11W per multivalvole a serbatoio LPG con dimensioni 4,8 cm x 2,7 cm x 3 cm. Pezzo di ricambio tecnico per manutenzione. <\/p>\n<\/div>\n<\/div>\n<\/div>\n<\/div>\n<div class=\"z-0 flex min-h-[46px] justify-start\"><\/div>\n<div class=\"mt-3 w-full empty:hidden\">\n<div class=\"text-center\"><\/div>\n<\/div>\n<\/div>\n<\/div>\n<\/article>\n<\/div>\n<div class=\"pointer-events-none h-px w-px absolute bottom-0\" aria-hidden=\"true\" data-edge=\"true\"><\/div>\n","protected":false},"featured_media":13710,"comment_status":"open","ping_status":"closed","template":"","meta":{"_uag_custom_page_level_css":""},"product_brand":[],"product_cat":[2361,2180],"product_tag":[],"class_list":{"0":"post-46848","1":"product","2":"type-product","3":"status-publish","4":"has-post-thumbnail","6":"product_cat-bigas","7":"product_cat-bobinas-magneticas","9":"first","10":"onbackorder","11":"taxable","12":"shipping-taxable","13":"purchasable","14":"product-type-simple"},"ct_brands":[],"yoast_head":"<!-- This site is optimized with the Yoast SEO Premium plugin v27.5 (Yoast SEO v27.6) - https:\/\/yoast.com\/product\/yoast-seo-premium-wordpress\/ -->\n<title>Solenoide fasci 12 V 11 W (multivalva) | Recambios EcoGas | Sistemas GLP y GNC<\/title>\n<meta name=\"description\" content=\"Bobina magnetica Bigas 12V 11W per multivalvole in serbatoio GPL. Misure 4,8 cm x 2,7 cm x 3 cm. Sostituzione tecnica dei sistemi Autogas.\" \/>\n<meta name=\"robots\" content=\"index, follow, max-snippet:-1, max-image-preview:large, max-video-preview:-1\" \/>\n<link rel=\"canonical\" href=\"https:\/\/recambiosecogas.com\/it\/producto\/bigas-solenoide-12-v-11-w-multivalvula\/\" \/>\n<meta property=\"og:locale\" content=\"it_IT\" \/>\n<meta property=\"og:type\" content=\"article\" \/>\n<meta property=\"og:title\" content=\"Solenoide fasci 12 V 11 W (multivalva)\" \/>\n<meta property=\"og:description\" content=\"Bobina magnetica Bigas 12V 11W per multivalvole in serbatoio GPL. Misure 4,8 cm x 2,7 cm x 3 cm. Sostituzione tecnica dei sistemi Autogas.\" \/>\n<meta property=\"og:url\" content=\"https:\/\/recambiosecogas.com\/it\/producto\/bigas-solenoide-12-v-11-w-multivalvula\/\" \/>\n<meta property=\"og:site_name\" content=\"Recambios EcoGas\" \/>\n<meta property=\"article:publisher\" content=\"https:\/\/www.facebook.com\/profile.php?id=100062419705358\" \/>\n<meta property=\"article:modified_time\" content=\"2026-04-08T09:24:08+00:00\" \/>\n<meta property=\"og:image\" content=\"https:\/\/recambiosecogas.com\/wp-content\/uploads\/2024\/12\/Bobina-magnetica-Bigas-multivalvula-png.webp\" \/>\n\t<meta property=\"og:image:width\" content=\"1000\" \/>\n\t<meta property=\"og:image:height\" content=\"1000\" \/>\n\t<meta property=\"og:image:type\" content=\"image\/png\" \/>\n<meta name=\"twitter:card\" content=\"summary_large_image\" \/>\n<meta name=\"twitter:label1\" content=\"Prezzo\" \/>\n\t<meta name=\"twitter:data1\" content=\"10,87&nbsp;&euro; (Sin IVA: 8,98&nbsp;&euro;)\" \/>\n\t<meta name=\"twitter:label2\" content=\"Disponibilit\u00e0\" \/>\n\t<meta name=\"twitter:data2\" content=\"Su ordinazione\" \/>\n<script type=\"application\/ld+json\" class=\"yoast-schema-graph\">{\"@context\":\"https:\\\/\\\/schema.org\",\"@graph\":[{\"@type\":\"WebPage\",\"@id\":\"https:\\\/\\\/recambiosecogas.com\\\/it\\\/producto\\\/bigas-solenoide-12-v-11-w-multivalvula\\\/\",\"url\":\"https:\\\/\\\/recambiosecogas.com\\\/it\\\/producto\\\/bigas-solenoide-12-v-11-w-multivalvula\\\/\",\"name\":\"Solenoide fasci 12 V 11 W (multivalva) | Recambios EcoGas | Sistemas GLP y GNC\",\"isPartOf\":{\"@id\":\"https:\\\/\\\/recambiosecogas.com\\\/it\\\/#website\"},\"primaryImageOfPage\":{\"@id\":\"https:\\\/\\\/recambiosecogas.com\\\/it\\\/producto\\\/bigas-solenoide-12-v-11-w-multivalvula\\\/#primaryimage\"},\"image\":{\"@id\":\"https:\\\/\\\/recambiosecogas.com\\\/it\\\/producto\\\/bigas-solenoide-12-v-11-w-multivalvula\\\/#primaryimage\"},\"thumbnailUrl\":\"https:\\\/\\\/recambiosecogas.com\\\/wp-content\\\/uploads\\\/2024\\\/12\\\/Bobina-magnetica-Bigas-multivalvula-png.webp\",\"datePublished\":\"2024-12-19T11:11:09+00:00\",\"dateModified\":\"2026-04-08T09:24:08+00:00\",\"description\":\"Bobina magnetica Bigas 12V 11W per multivalvole in serbatoio GPL. Misure 4,8 cm x 2,7 cm x 3 cm. Sostituzione tecnica dei sistemi Autogas.\",\"breadcrumb\":{\"@id\":\"https:\\\/\\\/recambiosecogas.com\\\/it\\\/producto\\\/bigas-solenoide-12-v-11-w-multivalvula\\\/#breadcrumb\"},\"inLanguage\":\"it-IT\",\"potentialAction\":[{\"@type\":\"ReadAction\",\"target\":[\"https:\\\/\\\/recambiosecogas.com\\\/it\\\/producto\\\/bigas-solenoide-12-v-11-w-multivalvula\\\/\"]}]},{\"@type\":\"ImageObject\",\"inLanguage\":\"it-IT\",\"@id\":\"https:\\\/\\\/recambiosecogas.com\\\/it\\\/producto\\\/bigas-solenoide-12-v-11-w-multivalvula\\\/#primaryimage\",\"url\":\"https:\\\/\\\/recambiosecogas.com\\\/wp-content\\\/uploads\\\/2024\\\/12\\\/Bobina-magnetica-Bigas-multivalvula-png.webp\",\"contentUrl\":\"https:\\\/\\\/recambiosecogas.com\\\/wp-content\\\/uploads\\\/2024\\\/12\\\/Bobina-magnetica-Bigas-multivalvula-png.webp\",\"width\":1000,\"height\":1000},{\"@type\":\"BreadcrumbList\",\"@id\":\"https:\\\/\\\/recambiosecogas.com\\\/it\\\/producto\\\/bigas-solenoide-12-v-11-w-multivalvula\\\/#breadcrumb\",\"itemListElement\":[{\"@type\":\"ListItem\",\"position\":1,\"name\":\"Portada\",\"item\":\"https:\\\/\\\/recambiosecogas.com\\\/it\\\/\"},{\"@type\":\"ListItem\",\"position\":2,\"name\":\"Negozio\",\"item\":\"https:\\\/\\\/recambiosecogas.com\\\/it\\\/?page_id=46382\"},{\"@type\":\"ListItem\",\"position\":3,\"name\":\"Solenoide fasci 12 V 11 W (multivalva)\"}]},{\"@type\":\"WebSite\",\"@id\":\"https:\\\/\\\/recambiosecogas.com\\\/it\\\/#website\",\"url\":\"https:\\\/\\\/recambiosecogas.com\\\/it\\\/\",\"name\":\"Recambios EcoGas\",\"description\":\"Recambios Multimarca para sistemas de GLP\\\/GNC\\\/GNL\\\/Hidr\u00f3geno\",\"publisher\":{\"@id\":\"https:\\\/\\\/recambiosecogas.com\\\/it\\\/#organization\"},\"alternateName\":\"Recambios Autogas GLP\",\"potentialAction\":[{\"@type\":\"SearchAction\",\"target\":{\"@type\":\"EntryPoint\",\"urlTemplate\":\"https:\\\/\\\/recambiosecogas.com\\\/it\\\/?s={search_term_string}\"},\"query-input\":{\"@type\":\"PropertyValueSpecification\",\"valueRequired\":true,\"valueName\":\"search_term_string\"}}],\"inLanguage\":\"it-IT\"},{\"@type\":[\"Organization\",\"Place\"],\"@id\":\"https:\\\/\\\/recambiosecogas.com\\\/it\\\/#organization\",\"name\":\"Recambios EcoGas\",\"alternateName\":\"Tienda Online GLP Espa\u00f1a\",\"url\":\"https:\\\/\\\/recambiosecogas.com\\\/it\\\/\",\"logo\":{\"@id\":\"https:\\\/\\\/recambiosecogas.com\\\/it\\\/producto\\\/bigas-solenoide-12-v-11-w-multivalvula\\\/#local-main-organization-logo\"},\"image\":{\"@id\":\"https:\\\/\\\/recambiosecogas.com\\\/it\\\/producto\\\/bigas-solenoide-12-v-11-w-multivalvula\\\/#local-main-organization-logo\"},\"sameAs\":[\"https:\\\/\\\/www.facebook.com\\\/profile.php?id=100062419705358\",\"https:\\\/\\\/www.instagram.com\\\/segimon_automocio\"],\"description\":\"Recambios EcoGas \u2013 Venta y distribuci\u00f3n de sistemas GLP y GNC en Espa\u00f1a y Portugal. Env\u00edos 24 h, soporte t\u00e9cnico a talleres y distribuidores.\",\"hasMerchantReturnPolicy\":{\"@type\":\"MerchantReturnPolicy\",\"merchantReturnLink\":\"https:\\\/\\\/recambiosecogas.com\\\/politicas-privacidad\\\/\"},\"address\":{\"@id\":\"https:\\\/\\\/recambiosecogas.com\\\/it\\\/producto\\\/bigas-solenoide-12-v-11-w-multivalvula\\\/#local-main-place-address\"},\"telephone\":[\"616250633\"],\"contactPoint\":{\"@type\":\"ContactPoint\",\"email\":\"export@recambiosecogas.com\"},\"openingHoursSpecification\":[{\"@type\":\"OpeningHoursSpecification\",\"dayOfWeek\":[\"Monday\",\"Tuesday\",\"Wednesday\",\"Thursday\",\"Friday\",\"Saturday\",\"Sunday\"],\"opens\":\"09:00\",\"closes\":\"17:00\"}],\"email\":\"info@recambiosecogas.com\",\"faxNumber\":\"SEGIMON AUTOMOCION SL\",\"vatID\":\"ESB19819861\",\"globalLocationNumber\":\"938 616 339\"},{\"@type\":\"PostalAddress\",\"@id\":\"https:\\\/\\\/recambiosecogas.com\\\/it\\\/producto\\\/bigas-solenoide-12-v-11-w-multivalvula\\\/#local-main-place-address\",\"streetAddress\":\"cami antic de vic, 29 (Nave 3), Pol\u00edgono Industrial Congost\",\"addressLocality\":\"CORRO D`AVALL\",\"postalCode\":\"08520\",\"addressRegion\":\"Barcelona\",\"addressCountry\":\"ES\"},{\"@type\":\"ImageObject\",\"inLanguage\":\"it-IT\",\"@id\":\"https:\\\/\\\/recambiosecogas.com\\\/it\\\/producto\\\/bigas-solenoide-12-v-11-w-multivalvula\\\/#local-main-organization-logo\",\"url\":\"https:\\\/\\\/recambiosecogas.com\\\/wp-content\\\/uploads\\\/2024\\\/11\\\/cropped-RECAMBIOS-GLP-png.webp\",\"contentUrl\":\"https:\\\/\\\/recambiosecogas.com\\\/wp-content\\\/uploads\\\/2024\\\/11\\\/cropped-RECAMBIOS-GLP-png.webp\",\"width\":512,\"height\":512,\"caption\":\"Recambios EcoGas\"}]}<\/script>\n<meta property=\"product:price:amount\" content=\"10.87\" \/>\n<meta property=\"product:price:currency\" content=\"EUR\" \/>\n<meta property=\"og:availability\" content=\"backorder\" \/>\n<meta property=\"product:availability\" content=\"available for order\" \/>\n<meta property=\"product:retailer_item_id\" content=\"102253\" \/>\n<meta property=\"product:condition\" content=\"new\" \/>\n<meta name=\"geo.placename\" content=\"CORRO D`AVALL\" \/>\n<meta name=\"geo.region\" content=\"Spagna\" \/>\n<!-- \/ Yoast SEO Premium plugin. -->","yoast_head_json":{"title":"Solenoide fasci 12 V 11 W (multivalva) | Recambios EcoGas | Sistemas GLP y GNC","description":"Bobina magnetica Bigas 12V 11W per multivalvole in serbatoio GPL. Misure 4,8 cm x 2,7 cm x 3 cm. Sostituzione tecnica dei sistemi Autogas.","robots":{"index":"index","follow":"follow","max-snippet":"max-snippet:-1","max-image-preview":"max-image-preview:large","max-video-preview":"max-video-preview:-1"},"canonical":"https:\/\/recambiosecogas.com\/it\/producto\/bigas-solenoide-12-v-11-w-multivalvula\/","og_locale":"it_IT","og_type":"article","og_title":"Solenoide fasci 12 V 11 W (multivalva)","og_description":"Bobina magnetica Bigas 12V 11W per multivalvole in serbatoio GPL. Misure 4,8 cm x 2,7 cm x 3 cm. Sostituzione tecnica dei sistemi Autogas.","og_url":"https:\/\/recambiosecogas.com\/it\/producto\/bigas-solenoide-12-v-11-w-multivalvula\/","og_site_name":"Recambios EcoGas","article_publisher":"https:\/\/www.facebook.com\/profile.php?id=100062419705358","article_modified_time":"2026-04-08T09:24:08+00:00","og_image":[{"width":1000,"height":1000,"url":"https:\/\/recambiosecogas.com\/wp-content\/uploads\/2024\/12\/Bobina-magnetica-Bigas-multivalvula-png.webp","type":"image\/png"}],"twitter_card":"summary_large_image","twitter_misc":{"Prezzo":"10,87&nbsp;&euro; (Sin IVA: 8,98&nbsp;&euro;)","Disponibilit\u00e0":"Su ordinazione"},"schema":{"@context":"https:\/\/schema.org","@graph":[{"@type":"WebPage","@id":"https:\/\/recambiosecogas.com\/it\/producto\/bigas-solenoide-12-v-11-w-multivalvula\/","url":"https:\/\/recambiosecogas.com\/it\/producto\/bigas-solenoide-12-v-11-w-multivalvula\/","name":"Solenoide fasci 12 V 11 W (multivalva) | Recambios EcoGas | Sistemas GLP y GNC","isPartOf":{"@id":"https:\/\/recambiosecogas.com\/it\/#website"},"primaryImageOfPage":{"@id":"https:\/\/recambiosecogas.com\/it\/producto\/bigas-solenoide-12-v-11-w-multivalvula\/#primaryimage"},"image":{"@id":"https:\/\/recambiosecogas.com\/it\/producto\/bigas-solenoide-12-v-11-w-multivalvula\/#primaryimage"},"thumbnailUrl":"https:\/\/recambiosecogas.com\/wp-content\/uploads\/2024\/12\/Bobina-magnetica-Bigas-multivalvula-png.webp","datePublished":"2024-12-19T11:11:09+00:00","dateModified":"2026-04-08T09:24:08+00:00","description":"Bobina magnetica Bigas 12V 11W per multivalvole in serbatoio GPL. Misure 4,8 cm x 2,7 cm x 3 cm. Sostituzione tecnica dei sistemi Autogas.","breadcrumb":{"@id":"https:\/\/recambiosecogas.com\/it\/producto\/bigas-solenoide-12-v-11-w-multivalvula\/#breadcrumb"},"inLanguage":"it-IT","potentialAction":[{"@type":"ReadAction","target":["https:\/\/recambiosecogas.com\/it\/producto\/bigas-solenoide-12-v-11-w-multivalvula\/"]}]},{"@type":"ImageObject","inLanguage":"it-IT","@id":"https:\/\/recambiosecogas.com\/it\/producto\/bigas-solenoide-12-v-11-w-multivalvula\/#primaryimage","url":"https:\/\/recambiosecogas.com\/wp-content\/uploads\/2024\/12\/Bobina-magnetica-Bigas-multivalvula-png.webp","contentUrl":"https:\/\/recambiosecogas.com\/wp-content\/uploads\/2024\/12\/Bobina-magnetica-Bigas-multivalvula-png.webp","width":1000,"height":1000},{"@type":"BreadcrumbList","@id":"https:\/\/recambiosecogas.com\/it\/producto\/bigas-solenoide-12-v-11-w-multivalvula\/#breadcrumb","itemListElement":[{"@type":"ListItem","position":1,"name":"Portada","item":"https:\/\/recambiosecogas.com\/it\/"},{"@type":"ListItem","position":2,"name":"Negozio","item":"https:\/\/recambiosecogas.com\/it\/?page_id=46382"},{"@type":"ListItem","position":3,"name":"Solenoide fasci 12 V 11 W (multivalva)"}]},{"@type":"WebSite","@id":"https:\/\/recambiosecogas.com\/it\/#website","url":"https:\/\/recambiosecogas.com\/it\/","name":"Recambios EcoGas","description":"Recambios Multimarca para sistemas de GLP\/GNC\/GNL\/Hidr\u00f3geno","publisher":{"@id":"https:\/\/recambiosecogas.com\/it\/#organization"},"alternateName":"Recambios Autogas GLP","potentialAction":[{"@type":"SearchAction","target":{"@type":"EntryPoint","urlTemplate":"https:\/\/recambiosecogas.com\/it\/?s={search_term_string}"},"query-input":{"@type":"PropertyValueSpecification","valueRequired":true,"valueName":"search_term_string"}}],"inLanguage":"it-IT"},{"@type":["Organization","Place"],"@id":"https:\/\/recambiosecogas.com\/it\/#organization","name":"Recambios EcoGas","alternateName":"Tienda Online GLP Espa\u00f1a","url":"https:\/\/recambiosecogas.com\/it\/","logo":{"@id":"https:\/\/recambiosecogas.com\/it\/producto\/bigas-solenoide-12-v-11-w-multivalvula\/#local-main-organization-logo"},"image":{"@id":"https:\/\/recambiosecogas.com\/it\/producto\/bigas-solenoide-12-v-11-w-multivalvula\/#local-main-organization-logo"},"sameAs":["https:\/\/www.facebook.com\/profile.php?id=100062419705358","https:\/\/www.instagram.com\/segimon_automocio"],"description":"Recambios EcoGas \u2013 Venta y distribuci\u00f3n de sistemas GLP y GNC en Espa\u00f1a y Portugal. Env\u00edos 24 h, soporte t\u00e9cnico a talleres y distribuidores.","hasMerchantReturnPolicy":{"@type":"MerchantReturnPolicy","merchantReturnLink":"https:\/\/recambiosecogas.com\/politicas-privacidad\/"},"address":{"@id":"https:\/\/recambiosecogas.com\/it\/producto\/bigas-solenoide-12-v-11-w-multivalvula\/#local-main-place-address"},"telephone":["616250633"],"contactPoint":{"@type":"ContactPoint","email":"export@recambiosecogas.com"},"openingHoursSpecification":[{"@type":"OpeningHoursSpecification","dayOfWeek":["Monday","Tuesday","Wednesday","Thursday","Friday","Saturday","Sunday"],"opens":"09:00","closes":"17:00"}],"email":"info@recambiosecogas.com","faxNumber":"SEGIMON AUTOMOCION SL","vatID":"ESB19819861","globalLocationNumber":"938 616 339"},{"@type":"PostalAddress","@id":"https:\/\/recambiosecogas.com\/it\/producto\/bigas-solenoide-12-v-11-w-multivalvula\/#local-main-place-address","streetAddress":"cami antic de vic, 29 (Nave 3), Pol\u00edgono Industrial Congost","addressLocality":"CORRO D`AVALL","postalCode":"08520","addressRegion":"Barcelona","addressCountry":"ES"},{"@type":"ImageObject","inLanguage":"it-IT","@id":"https:\/\/recambiosecogas.com\/it\/producto\/bigas-solenoide-12-v-11-w-multivalvula\/#local-main-organization-logo","url":"https:\/\/recambiosecogas.com\/wp-content\/uploads\/2024\/11\/cropped-RECAMBIOS-GLP-png.webp","contentUrl":"https:\/\/recambiosecogas.com\/wp-content\/uploads\/2024\/11\/cropped-RECAMBIOS-GLP-png.webp","width":512,"height":512,"caption":"Recambios EcoGas"}]},"product_price_amount":"10.87","product_price_currency":"EUR","og_availability":"backorder","product_availability":"available for order","product_retailer_item_id":"102253","product_condition":"new","geo.placename":"CORRO D`AVALL","geo.region":"Spagna"},"uagb_featured_image_src":{"full":["https:\/\/recambiosecogas.com\/wp-content\/uploads\/2024\/12\/Bobina-magnetica-Bigas-multivalvula-png.webp",1000,1000,false],"thumbnail":["https:\/\/recambiosecogas.com\/wp-content\/uploads\/2024\/12\/Bobina-magnetica-Bigas-multivalvula-150x150.webp",150,150,true],"medium":["https:\/\/recambiosecogas.com\/wp-content\/uploads\/2024\/12\/Bobina-magnetica-Bigas-multivalvula-300x300.webp",300,300,true],"medium_large":["https:\/\/recambiosecogas.com\/wp-content\/uploads\/2024\/12\/Bobina-magnetica-Bigas-multivalvula-768x768.webp",768,768,true],"large":["https:\/\/recambiosecogas.com\/wp-content\/uploads\/2024\/12\/Bobina-magnetica-Bigas-multivalvula-png.webp",1000,1000,false],"1536x1536":["https:\/\/recambiosecogas.com\/wp-content\/uploads\/2024\/12\/Bobina-magnetica-Bigas-multivalvula-png.webp",1000,1000,false],"2048x2048":["https:\/\/recambiosecogas.com\/wp-content\/uploads\/2024\/12\/Bobina-magnetica-Bigas-multivalvula-png.webp",1000,1000,false],"woocommerce_archive_thumbnail":["https:\/\/recambiosecogas.com\/wp-content\/uploads\/2024\/12\/Bobina-magnetica-Bigas-multivalvula-png.webp",1000,1000,false],"woocommerce_thumbnail":["https:\/\/recambiosecogas.com\/wp-content\/uploads\/2024\/12\/Bobina-magnetica-Bigas-multivalvula-300x300.webp",300,300,true],"woocommerce_single":["https:\/\/recambiosecogas.com\/wp-content\/uploads\/2024\/12\/Bobina-magnetica-Bigas-multivalvula-png.webp",1000,1000,false],"woocommerce_gallery_thumbnail":["https:\/\/recambiosecogas.com\/wp-content\/uploads\/2024\/12\/Bobina-magnetica-Bigas-multivalvula-png.webp",1000,1000,false],"dgwt-wcas-product-suggestion":["https:\/\/recambiosecogas.com\/wp-content\/uploads\/2024\/12\/Bobina-magnetica-Bigas-multivalvula-64x64.webp",64,64,true]},"uagb_author_info":{"display_name":"Fran - Soporte T\u00e9cnico","author_link":"https:\/\/recambiosecogas.com\/it\/author\/"},"uagb_comment_info":0,"uagb_excerpt":"Bobina magnetica Bigas 12V 11W per multivalvole a serbatoio LPG con dimensioni 4,8 cm x 2,7 cm x 3 cm. Pezzo di ricambio tecnico per manutenzione.","_links":{"self":[{"href":"https:\/\/recambiosecogas.com\/it\/wp-json\/wp\/v2\/product\/46848","targetHints":{"allow":["GET"]}}],"collection":[{"href":"https:\/\/recambiosecogas.com\/it\/wp-json\/wp\/v2\/product"}],"about":[{"href":"https:\/\/recambiosecogas.com\/it\/wp-json\/wp\/v2\/types\/product"}],"replies":[{"embeddable":true,"href":"https:\/\/recambiosecogas.com\/it\/wp-json\/wp\/v2\/comments?post=46848"}],"wp:featuredmedia":[{"embeddable":true,"href":"https:\/\/recambiosecogas.com\/it\/wp-json\/wp\/v2\/media\/13710"}],"wp:attachment":[{"href":"https:\/\/recambiosecogas.com\/it\/wp-json\/wp\/v2\/media?parent=46848"}],"wp:term":[{"taxonomy":"product_brand","embeddable":true,"href":"https:\/\/recambiosecogas.com\/it\/wp-json\/wp\/v2\/product_brand?post=46848"},{"taxonomy":"product_cat","embeddable":true,"href":"https:\/\/recambiosecogas.com\/it\/wp-json\/wp\/v2\/product_cat?post=46848"},{"taxonomy":"product_tag","embeddable":true,"href":"https:\/\/recambiosecogas.com\/it\/wp-json\/wp\/v2\/product_tag?post=46848"}],"curies":[{"name":"wp","href":"https:\/\/api.w.org\/{rel}","templated":true}]}}