{"id":46796,"date":"2024-12-04T09:59:15","date_gmt":"2024-12-04T08:59:15","guid":{"rendered":"https:\/\/recambiosecogas.com\/producto\/acme-adaptador-de-boquilla-de-suministro-10-mm-con-filtro\/"},"modified":"2026-05-01T10:32:17","modified_gmt":"2026-05-01T09:32:17","slug":"acme-adaptador-de-boquilla-de-suministro-10-mm-con-filtro","status":"publish","type":"product","link":"https:\/\/recambiosecogas.com\/it\/producto\/acme-adaptador-de-boquilla-de-suministro-10-mm-con-filtro\/","title":{"rendered":"Adattatore per ugello di alimentazione ACME da 10 mm con filtro"},"content":{"rendered":"<p>L&#8217;adattatore per ugello di alimentazione da 10 mm con filtro \u00e8 un componente essenziale per i sistemi a gas GPL, facilitando il rifornimento di Autogas nei veicoli dotati di questo tipo di installazione. Questo adattatore si collega alle valvole di ricarica, garantendo un corretto flusso ed eliminando impurit\u00e0 che potrebbero influire sulle prestazioni del sistema. <\/p>\n<p>Il suo design in ottone garantisce durabilit\u00e0 e resistenza alla corrosione, elementi fondamentali per mantenere l&#8217;integrit\u00e0 del sistema di rifornimento. Questo adattatore \u00e8 ideale per chi cerca un prodotto affidabile ed efficiente per il rifornimento di autogas. <\/p>\n<p>L&#8217;adattatore \u00e8 compatibile con varie configurazioni di ugelli di alimentazione, permettendo l&#8217;uso in diverse stazioni di servizio a GPL. Si consiglia di verificare la compatibilit\u00e0 con il proprio sistema specifico prima dell&#8217;acquisto per assicurarsi che calzi correttamente. <\/p>\n<p>Compatibilit\u00e0<br \/>\nCompatibile con veicoli dotati di sistema GPL di fabbrica. Si consiglia di verificare il riferimento originale prima di effettuare l&#8217;acquisto. <\/p>\n","protected":false},"excerpt":{"rendered":"<p>Adattatore per ugello di alimentazione da 10 mm con filtro, progettato per sistemi a GPL. Permette un rifornimento efficiente e sicuro dell&#8217;Autogas. <\/p>\n","protected":false},"featured_media":8573,"comment_status":"open","ping_status":"closed","template":"","meta":{"_uag_custom_page_level_css":""},"product_brand":[],"product_cat":[2188,2189,2350,2162],"product_tag":[2316,2313,2318,2312,2315,2317,2314],"class_list":{"0":"post-46796","1":"product","2":"type-product","3":"status-publish","4":"has-post-thumbnail","6":"product_cat-adaptador-glp","7":"product_cat-adaptadores-glp","8":"product_cat-certools","9":"product_cat-repostar","10":"product_tag-adattatore-glp-australia","11":"product_tag-adattatore-gpl-belgio","12":"product_tag-adattatore-gpl-canadese","13":"product_tag-adattatore-gpl-germania","14":"product_tag-adattatore-gpl-irlanda","15":"product_tag-adattatore-gpl-stati-uniti","16":"product_tag-adattatore-gpl-svizzera","18":"first","19":"onbackorder","20":"taxable","21":"shipping-taxable","22":"purchasable","23":"product-type-variable"},"ct_brands":[],"yoast_head":"<!-- This site is optimized with the Yoast SEO Premium plugin v27.5 (Yoast SEO v27.6) - https:\/\/yoast.com\/product\/yoast-seo-premium-wordpress\/ -->\n<title>Adattatore per ugello di alimentazione 10 mm con filtro | Pezzi di ricambio Ecogas<\/title>\n<meta name=\"description\" content=\"Adattatore per ugello di alimentazione da 10 mm con filtro per sistemi a GPL. Ideale per rifornire Autogas in modo efficiente e sicuro.\" \/>\n<meta name=\"robots\" content=\"index, follow, max-snippet:-1, max-image-preview:large, max-video-preview:-1\" \/>\n<link rel=\"canonical\" href=\"https:\/\/recambiosecogas.com\/it\/producto\/acme-adaptador-de-boquilla-de-suministro-10-mm-con-filtro\/\" \/>\n<meta property=\"og:locale\" content=\"it_IT\" \/>\n<meta property=\"og:type\" content=\"article\" \/>\n<meta property=\"og:title\" content=\"Adattatore per ugello di alimentazione ACME da 10 mm con filtro\" \/>\n<meta property=\"og:description\" content=\"Adattatore per ugello di alimentazione da 10 mm con filtro per sistemi a GPL. Ideale per rifornire Autogas in modo efficiente e sicuro.\" \/>\n<meta property=\"og:url\" content=\"https:\/\/recambiosecogas.com\/it\/producto\/acme-adaptador-de-boquilla-de-suministro-10-mm-con-filtro\/\" \/>\n<meta property=\"og:site_name\" content=\"Recambios EcoGas\" \/>\n<meta property=\"article:publisher\" content=\"https:\/\/www.facebook.com\/profile.php?id=100062419705358\" \/>\n<meta property=\"article:modified_time\" content=\"2026-05-01T09:32:17+00:00\" \/>\n<meta property=\"og:image\" content=\"https:\/\/recambiosecogas.com\/wp-content\/uploads\/2024\/12\/ACME-adaptador-de-boquilla-de-suministro-10-mm-con-filtro-png.webp\" \/>\n\t<meta property=\"og:image:width\" content=\"1000\" \/>\n\t<meta property=\"og:image:height\" content=\"1000\" \/>\n\t<meta property=\"og:image:type\" content=\"image\/png\" \/>\n<meta name=\"twitter:card\" content=\"summary_large_image\" \/>\n<meta name=\"twitter:label1\" content=\"Disponibilit\u00e0\" \/>\n\t<meta name=\"twitter:data1\" content=\"Su ordinazione\" \/>\n<script type=\"application\/ld+json\" class=\"yoast-schema-graph\">{\"@context\":\"https:\\\/\\\/schema.org\",\"@graph\":[{\"@type\":\"WebPage\",\"@id\":\"https:\\\/\\\/recambiosecogas.com\\\/it\\\/producto\\\/acme-adaptador-de-boquilla-de-suministro-10-mm-con-filtro\\\/\",\"url\":\"https:\\\/\\\/recambiosecogas.com\\\/it\\\/producto\\\/acme-adaptador-de-boquilla-de-suministro-10-mm-con-filtro\\\/\",\"name\":\"Adattatore per ugello di alimentazione 10 mm con filtro | Pezzi di ricambio Ecogas\",\"isPartOf\":{\"@id\":\"https:\\\/\\\/recambiosecogas.com\\\/it\\\/#website\"},\"primaryImageOfPage\":{\"@id\":\"https:\\\/\\\/recambiosecogas.com\\\/it\\\/producto\\\/acme-adaptador-de-boquilla-de-suministro-10-mm-con-filtro\\\/#primaryimage\"},\"image\":{\"@id\":\"https:\\\/\\\/recambiosecogas.com\\\/it\\\/producto\\\/acme-adaptador-de-boquilla-de-suministro-10-mm-con-filtro\\\/#primaryimage\"},\"thumbnailUrl\":\"https:\\\/\\\/recambiosecogas.com\\\/wp-content\\\/uploads\\\/2024\\\/12\\\/ACME-adaptador-de-boquilla-de-suministro-10-mm-con-filtro-png.webp\",\"datePublished\":\"2024-12-04T08:59:15+00:00\",\"dateModified\":\"2026-05-01T09:32:17+00:00\",\"description\":\"Adattatore per ugello di alimentazione da 10 mm con filtro per sistemi a GPL. Ideale per rifornire Autogas in modo efficiente e sicuro.\",\"breadcrumb\":{\"@id\":\"https:\\\/\\\/recambiosecogas.com\\\/it\\\/producto\\\/acme-adaptador-de-boquilla-de-suministro-10-mm-con-filtro\\\/#breadcrumb\"},\"inLanguage\":\"it-IT\",\"potentialAction\":[{\"@type\":\"ReadAction\",\"target\":[\"https:\\\/\\\/recambiosecogas.com\\\/it\\\/producto\\\/acme-adaptador-de-boquilla-de-suministro-10-mm-con-filtro\\\/\"]}]},{\"@type\":\"ImageObject\",\"inLanguage\":\"it-IT\",\"@id\":\"https:\\\/\\\/recambiosecogas.com\\\/it\\\/producto\\\/acme-adaptador-de-boquilla-de-suministro-10-mm-con-filtro\\\/#primaryimage\",\"url\":\"https:\\\/\\\/recambiosecogas.com\\\/wp-content\\\/uploads\\\/2024\\\/12\\\/ACME-adaptador-de-boquilla-de-suministro-10-mm-con-filtro-png.webp\",\"contentUrl\":\"https:\\\/\\\/recambiosecogas.com\\\/wp-content\\\/uploads\\\/2024\\\/12\\\/ACME-adaptador-de-boquilla-de-suministro-10-mm-con-filtro-png.webp\",\"width\":1000,\"height\":1000},{\"@type\":\"BreadcrumbList\",\"@id\":\"https:\\\/\\\/recambiosecogas.com\\\/it\\\/producto\\\/acme-adaptador-de-boquilla-de-suministro-10-mm-con-filtro\\\/#breadcrumb\",\"itemListElement\":[{\"@type\":\"ListItem\",\"position\":1,\"name\":\"Portada\",\"item\":\"https:\\\/\\\/recambiosecogas.com\\\/it\\\/\"},{\"@type\":\"ListItem\",\"position\":2,\"name\":\"Negozio\",\"item\":\"https:\\\/\\\/recambiosecogas.com\\\/it\\\/?page_id=46382\"},{\"@type\":\"ListItem\",\"position\":3,\"name\":\"Adattatore per ugello di alimentazione ACME da 10 mm con filtro\"}]},{\"@type\":\"WebSite\",\"@id\":\"https:\\\/\\\/recambiosecogas.com\\\/it\\\/#website\",\"url\":\"https:\\\/\\\/recambiosecogas.com\\\/it\\\/\",\"name\":\"Recambios EcoGas\",\"description\":\"Recambios Multimarca para sistemas de GLP\\\/GNC\\\/GNL\\\/Hidr\u00f3geno\",\"publisher\":{\"@id\":\"https:\\\/\\\/recambiosecogas.com\\\/it\\\/#organization\"},\"alternateName\":\"Recambios Autogas GLP\",\"potentialAction\":[{\"@type\":\"SearchAction\",\"target\":{\"@type\":\"EntryPoint\",\"urlTemplate\":\"https:\\\/\\\/recambiosecogas.com\\\/it\\\/?s={search_term_string}\"},\"query-input\":{\"@type\":\"PropertyValueSpecification\",\"valueRequired\":true,\"valueName\":\"search_term_string\"}}],\"inLanguage\":\"it-IT\"},{\"@type\":[\"Organization\",\"Place\"],\"@id\":\"https:\\\/\\\/recambiosecogas.com\\\/it\\\/#organization\",\"name\":\"Recambios EcoGas\",\"alternateName\":\"Tienda Online GLP Espa\u00f1a\",\"url\":\"https:\\\/\\\/recambiosecogas.com\\\/it\\\/\",\"logo\":{\"@id\":\"https:\\\/\\\/recambiosecogas.com\\\/it\\\/producto\\\/acme-adaptador-de-boquilla-de-suministro-10-mm-con-filtro\\\/#local-main-organization-logo\"},\"image\":{\"@id\":\"https:\\\/\\\/recambiosecogas.com\\\/it\\\/producto\\\/acme-adaptador-de-boquilla-de-suministro-10-mm-con-filtro\\\/#local-main-organization-logo\"},\"sameAs\":[\"https:\\\/\\\/www.facebook.com\\\/profile.php?id=100062419705358\",\"https:\\\/\\\/www.instagram.com\\\/segimon_automocio\"],\"description\":\"Recambios EcoGas \u2013 Venta y distribuci\u00f3n de sistemas GLP y GNC en Espa\u00f1a y Portugal. Env\u00edos 24 h, soporte t\u00e9cnico a talleres y distribuidores.\",\"hasMerchantReturnPolicy\":{\"@type\":\"MerchantReturnPolicy\",\"merchantReturnLink\":\"https:\\\/\\\/recambiosecogas.com\\\/politicas-privacidad\\\/\"},\"address\":{\"@id\":\"https:\\\/\\\/recambiosecogas.com\\\/it\\\/producto\\\/acme-adaptador-de-boquilla-de-suministro-10-mm-con-filtro\\\/#local-main-place-address\"},\"telephone\":[\"616250633\"],\"contactPoint\":{\"@type\":\"ContactPoint\",\"email\":\"export@recambiosecogas.com\"},\"openingHoursSpecification\":[{\"@type\":\"OpeningHoursSpecification\",\"dayOfWeek\":[\"Monday\",\"Tuesday\",\"Wednesday\",\"Thursday\",\"Friday\",\"Saturday\",\"Sunday\"],\"opens\":\"09:00\",\"closes\":\"17:00\"}],\"email\":\"info@recambiosecogas.com\",\"faxNumber\":\"SEGIMON AUTOMOCION SL\",\"vatID\":\"ESB19819861\",\"globalLocationNumber\":\"938 616 339\"},{\"@type\":\"PostalAddress\",\"@id\":\"https:\\\/\\\/recambiosecogas.com\\\/it\\\/producto\\\/acme-adaptador-de-boquilla-de-suministro-10-mm-con-filtro\\\/#local-main-place-address\",\"streetAddress\":\"cami antic de vic, 29 (Nave 3), Pol\u00edgono Industrial Congost\",\"addressLocality\":\"CORRO D`AVALL\",\"postalCode\":\"08520\",\"addressRegion\":\"Barcelona\",\"addressCountry\":\"ES\"},{\"@type\":\"ImageObject\",\"inLanguage\":\"it-IT\",\"@id\":\"https:\\\/\\\/recambiosecogas.com\\\/it\\\/producto\\\/acme-adaptador-de-boquilla-de-suministro-10-mm-con-filtro\\\/#local-main-organization-logo\",\"url\":\"https:\\\/\\\/recambiosecogas.com\\\/wp-content\\\/uploads\\\/2024\\\/11\\\/cropped-RECAMBIOS-GLP-png.webp\",\"contentUrl\":\"https:\\\/\\\/recambiosecogas.com\\\/wp-content\\\/uploads\\\/2024\\\/11\\\/cropped-RECAMBIOS-GLP-png.webp\",\"width\":512,\"height\":512,\"caption\":\"Recambios EcoGas\"}]}<\/script>\n<meta property=\"og:availability\" content=\"backorder\" \/>\n<meta property=\"product:availability\" content=\"available for order\" \/>\n<meta property=\"product:retailer_item_id\" content=\"111500\" \/>\n<meta property=\"product:condition\" content=\"new\" \/>\n<meta name=\"geo.placename\" content=\"CORRO D`AVALL\" \/>\n<meta name=\"geo.region\" content=\"Spagna\" \/>\n<!-- \/ Yoast SEO Premium plugin. -->","yoast_head_json":{"title":"Adattatore per ugello di alimentazione 10 mm con filtro | Pezzi di ricambio Ecogas","description":"Adattatore per ugello di alimentazione da 10 mm con filtro per sistemi a GPL. Ideale per rifornire Autogas in modo efficiente e sicuro.","robots":{"index":"index","follow":"follow","max-snippet":"max-snippet:-1","max-image-preview":"max-image-preview:large","max-video-preview":"max-video-preview:-1"},"canonical":"https:\/\/recambiosecogas.com\/it\/producto\/acme-adaptador-de-boquilla-de-suministro-10-mm-con-filtro\/","og_locale":"it_IT","og_type":"article","og_title":"Adattatore per ugello di alimentazione ACME da 10 mm con filtro","og_description":"Adattatore per ugello di alimentazione da 10 mm con filtro per sistemi a GPL. Ideale per rifornire Autogas in modo efficiente e sicuro.","og_url":"https:\/\/recambiosecogas.com\/it\/producto\/acme-adaptador-de-boquilla-de-suministro-10-mm-con-filtro\/","og_site_name":"Recambios EcoGas","article_publisher":"https:\/\/www.facebook.com\/profile.php?id=100062419705358","article_modified_time":"2026-05-01T09:32:17+00:00","og_image":[{"width":1000,"height":1000,"url":"https:\/\/recambiosecogas.com\/wp-content\/uploads\/2024\/12\/ACME-adaptador-de-boquilla-de-suministro-10-mm-con-filtro-png.webp","type":"image\/png"}],"twitter_card":"summary_large_image","twitter_misc":{"Disponibilit\u00e0":"Su ordinazione"},"schema":{"@context":"https:\/\/schema.org","@graph":[{"@type":"WebPage","@id":"https:\/\/recambiosecogas.com\/it\/producto\/acme-adaptador-de-boquilla-de-suministro-10-mm-con-filtro\/","url":"https:\/\/recambiosecogas.com\/it\/producto\/acme-adaptador-de-boquilla-de-suministro-10-mm-con-filtro\/","name":"Adattatore per ugello di alimentazione 10 mm con filtro | Pezzi di ricambio Ecogas","isPartOf":{"@id":"https:\/\/recambiosecogas.com\/it\/#website"},"primaryImageOfPage":{"@id":"https:\/\/recambiosecogas.com\/it\/producto\/acme-adaptador-de-boquilla-de-suministro-10-mm-con-filtro\/#primaryimage"},"image":{"@id":"https:\/\/recambiosecogas.com\/it\/producto\/acme-adaptador-de-boquilla-de-suministro-10-mm-con-filtro\/#primaryimage"},"thumbnailUrl":"https:\/\/recambiosecogas.com\/wp-content\/uploads\/2024\/12\/ACME-adaptador-de-boquilla-de-suministro-10-mm-con-filtro-png.webp","datePublished":"2024-12-04T08:59:15+00:00","dateModified":"2026-05-01T09:32:17+00:00","description":"Adattatore per ugello di alimentazione da 10 mm con filtro per sistemi a GPL. Ideale per rifornire Autogas in modo efficiente e sicuro.","breadcrumb":{"@id":"https:\/\/recambiosecogas.com\/it\/producto\/acme-adaptador-de-boquilla-de-suministro-10-mm-con-filtro\/#breadcrumb"},"inLanguage":"it-IT","potentialAction":[{"@type":"ReadAction","target":["https:\/\/recambiosecogas.com\/it\/producto\/acme-adaptador-de-boquilla-de-suministro-10-mm-con-filtro\/"]}]},{"@type":"ImageObject","inLanguage":"it-IT","@id":"https:\/\/recambiosecogas.com\/it\/producto\/acme-adaptador-de-boquilla-de-suministro-10-mm-con-filtro\/#primaryimage","url":"https:\/\/recambiosecogas.com\/wp-content\/uploads\/2024\/12\/ACME-adaptador-de-boquilla-de-suministro-10-mm-con-filtro-png.webp","contentUrl":"https:\/\/recambiosecogas.com\/wp-content\/uploads\/2024\/12\/ACME-adaptador-de-boquilla-de-suministro-10-mm-con-filtro-png.webp","width":1000,"height":1000},{"@type":"BreadcrumbList","@id":"https:\/\/recambiosecogas.com\/it\/producto\/acme-adaptador-de-boquilla-de-suministro-10-mm-con-filtro\/#breadcrumb","itemListElement":[{"@type":"ListItem","position":1,"name":"Portada","item":"https:\/\/recambiosecogas.com\/it\/"},{"@type":"ListItem","position":2,"name":"Negozio","item":"https:\/\/recambiosecogas.com\/it\/?page_id=46382"},{"@type":"ListItem","position":3,"name":"Adattatore per ugello di alimentazione ACME da 10 mm con filtro"}]},{"@type":"WebSite","@id":"https:\/\/recambiosecogas.com\/it\/#website","url":"https:\/\/recambiosecogas.com\/it\/","name":"Recambios EcoGas","description":"Recambios Multimarca para sistemas de GLP\/GNC\/GNL\/Hidr\u00f3geno","publisher":{"@id":"https:\/\/recambiosecogas.com\/it\/#organization"},"alternateName":"Recambios Autogas GLP","potentialAction":[{"@type":"SearchAction","target":{"@type":"EntryPoint","urlTemplate":"https:\/\/recambiosecogas.com\/it\/?s={search_term_string}"},"query-input":{"@type":"PropertyValueSpecification","valueRequired":true,"valueName":"search_term_string"}}],"inLanguage":"it-IT"},{"@type":["Organization","Place"],"@id":"https:\/\/recambiosecogas.com\/it\/#organization","name":"Recambios EcoGas","alternateName":"Tienda Online GLP Espa\u00f1a","url":"https:\/\/recambiosecogas.com\/it\/","logo":{"@id":"https:\/\/recambiosecogas.com\/it\/producto\/acme-adaptador-de-boquilla-de-suministro-10-mm-con-filtro\/#local-main-organization-logo"},"image":{"@id":"https:\/\/recambiosecogas.com\/it\/producto\/acme-adaptador-de-boquilla-de-suministro-10-mm-con-filtro\/#local-main-organization-logo"},"sameAs":["https:\/\/www.facebook.com\/profile.php?id=100062419705358","https:\/\/www.instagram.com\/segimon_automocio"],"description":"Recambios EcoGas \u2013 Venta y distribuci\u00f3n de sistemas GLP y GNC en Espa\u00f1a y Portugal. Env\u00edos 24 h, soporte t\u00e9cnico a talleres y distribuidores.","hasMerchantReturnPolicy":{"@type":"MerchantReturnPolicy","merchantReturnLink":"https:\/\/recambiosecogas.com\/politicas-privacidad\/"},"address":{"@id":"https:\/\/recambiosecogas.com\/it\/producto\/acme-adaptador-de-boquilla-de-suministro-10-mm-con-filtro\/#local-main-place-address"},"telephone":["616250633"],"contactPoint":{"@type":"ContactPoint","email":"export@recambiosecogas.com"},"openingHoursSpecification":[{"@type":"OpeningHoursSpecification","dayOfWeek":["Monday","Tuesday","Wednesday","Thursday","Friday","Saturday","Sunday"],"opens":"09:00","closes":"17:00"}],"email":"info@recambiosecogas.com","faxNumber":"SEGIMON AUTOMOCION SL","vatID":"ESB19819861","globalLocationNumber":"938 616 339"},{"@type":"PostalAddress","@id":"https:\/\/recambiosecogas.com\/it\/producto\/acme-adaptador-de-boquilla-de-suministro-10-mm-con-filtro\/#local-main-place-address","streetAddress":"cami antic de vic, 29 (Nave 3), Pol\u00edgono Industrial Congost","addressLocality":"CORRO D`AVALL","postalCode":"08520","addressRegion":"Barcelona","addressCountry":"ES"},{"@type":"ImageObject","inLanguage":"it-IT","@id":"https:\/\/recambiosecogas.com\/it\/producto\/acme-adaptador-de-boquilla-de-suministro-10-mm-con-filtro\/#local-main-organization-logo","url":"https:\/\/recambiosecogas.com\/wp-content\/uploads\/2024\/11\/cropped-RECAMBIOS-GLP-png.webp","contentUrl":"https:\/\/recambiosecogas.com\/wp-content\/uploads\/2024\/11\/cropped-RECAMBIOS-GLP-png.webp","width":512,"height":512,"caption":"Recambios EcoGas"}]},"og_availability":"backorder","product_availability":"available for order","product_retailer_item_id":"111500","product_condition":"new","geo.placename":"CORRO D`AVALL","geo.region":"Spagna"},"uagb_featured_image_src":{"full":["https:\/\/recambiosecogas.com\/wp-content\/uploads\/2024\/12\/ACME-adaptador-de-boquilla-de-suministro-10-mm-con-filtro-png.webp",1000,1000,false],"thumbnail":["https:\/\/recambiosecogas.com\/wp-content\/uploads\/2024\/12\/ACME-adaptador-de-boquilla-de-suministro-10-mm-con-filtro-150x150.webp",150,150,true],"medium":["https:\/\/recambiosecogas.com\/wp-content\/uploads\/2024\/12\/ACME-adaptador-de-boquilla-de-suministro-10-mm-con-filtro-300x300.webp",300,300,true],"medium_large":["https:\/\/recambiosecogas.com\/wp-content\/uploads\/2024\/12\/ACME-adaptador-de-boquilla-de-suministro-10-mm-con-filtro-768x768.webp",768,768,true],"large":["https:\/\/recambiosecogas.com\/wp-content\/uploads\/2024\/12\/ACME-adaptador-de-boquilla-de-suministro-10-mm-con-filtro-png.webp",1000,1000,false],"1536x1536":["https:\/\/recambiosecogas.com\/wp-content\/uploads\/2024\/12\/ACME-adaptador-de-boquilla-de-suministro-10-mm-con-filtro-png.webp",1000,1000,false],"2048x2048":["https:\/\/recambiosecogas.com\/wp-content\/uploads\/2024\/12\/ACME-adaptador-de-boquilla-de-suministro-10-mm-con-filtro-png.webp",1000,1000,false],"woocommerce_archive_thumbnail":["https:\/\/recambiosecogas.com\/wp-content\/uploads\/2024\/12\/ACME-adaptador-de-boquilla-de-suministro-10-mm-con-filtro-png.webp",1000,1000,false],"woocommerce_thumbnail":["https:\/\/recambiosecogas.com\/wp-content\/uploads\/2024\/12\/ACME-adaptador-de-boquilla-de-suministro-10-mm-con-filtro-png-300x300.webp",300,300,true],"woocommerce_single":["https:\/\/recambiosecogas.com\/wp-content\/uploads\/2024\/12\/ACME-adaptador-de-boquilla-de-suministro-10-mm-con-filtro-png.webp",1000,1000,false],"woocommerce_gallery_thumbnail":["https:\/\/recambiosecogas.com\/wp-content\/uploads\/2024\/12\/ACME-adaptador-de-boquilla-de-suministro-10-mm-con-filtro-png.webp",1000,1000,false],"dgwt-wcas-product-suggestion":["https:\/\/recambiosecogas.com\/wp-content\/uploads\/2024\/12\/ACME-adaptador-de-boquilla-de-suministro-10-mm-con-filtro-png-64x64.webp",64,64,true]},"uagb_author_info":{"display_name":"Fran - Soporte T\u00e9cnico","author_link":"https:\/\/recambiosecogas.com\/it\/author\/"},"uagb_comment_info":0,"uagb_excerpt":"Adattatore per ugello di alimentazione da 10 mm con filtro, progettato per sistemi a GPL. Permette un rifornimento efficiente e sicuro dell'Autogas.","_links":{"self":[{"href":"https:\/\/recambiosecogas.com\/it\/wp-json\/wp\/v2\/product\/46796","targetHints":{"allow":["GET"]}}],"collection":[{"href":"https:\/\/recambiosecogas.com\/it\/wp-json\/wp\/v2\/product"}],"about":[{"href":"https:\/\/recambiosecogas.com\/it\/wp-json\/wp\/v2\/types\/product"}],"replies":[{"embeddable":true,"href":"https:\/\/recambiosecogas.com\/it\/wp-json\/wp\/v2\/comments?post=46796"}],"wp:featuredmedia":[{"embeddable":true,"href":"https:\/\/recambiosecogas.com\/it\/wp-json\/wp\/v2\/media\/8573"}],"wp:attachment":[{"href":"https:\/\/recambiosecogas.com\/it\/wp-json\/wp\/v2\/media?parent=46796"}],"wp:term":[{"taxonomy":"product_brand","embeddable":true,"href":"https:\/\/recambiosecogas.com\/it\/wp-json\/wp\/v2\/product_brand?post=46796"},{"taxonomy":"product_cat","embeddable":true,"href":"https:\/\/recambiosecogas.com\/it\/wp-json\/wp\/v2\/product_cat?post=46796"},{"taxonomy":"product_tag","embeddable":true,"href":"https:\/\/recambiosecogas.com\/it\/wp-json\/wp\/v2\/product_tag?post=46796"}],"curies":[{"name":"wp","href":"https:\/\/api.w.org\/{rel}","templated":true}]}}