{"id":46790,"date":"2024-12-04T17:44:01","date_gmt":"2024-12-04T17:44:01","guid":{"rendered":"https:\/\/recambiosecogas.com\/producto\/adaptador-de-boquilla-de-suministro-dish-10-mm-corto\/"},"modified":"2026-04-08T10:23:13","modified_gmt":"2026-04-08T09:23:13","slug":"adaptador-de-boquilla-de-suministro-dish-10-mm-corto","status":"publish","type":"product","link":"https:\/\/recambiosecogas.com\/it\/producto\/adaptador-de-boquilla-de-suministro-dish-10-mm-corto\/","title":{"rendered":"Adattatore GPL DISH M10 Cortocircuito"},"content":{"rendered":"<h3 class=\"\" style=\"text-align: center;\" data-start=\"275\" data-end=\"356\"><strong data-start=\"279\" data-end=\"356\">Adattatore GPL DISH M10 corto \u2013 filettatura esterna in acciaio omologato 67R-01<\/strong><\/h3>\n<p class=\"\" data-start=\"358\" data-end=\"727\">L&#8217;adattatore corto GPL DISH M10 \u00e8 una soluzione compatta e affidabile per il rifornimento di veicoli con sistemi a gas liquefatto (GPL) nei paesi dove viene utilizzata la <strong data-start=\"541\" data-end=\"549\">connessione standard DISH<\/strong>. Con una <strong data-start=\"559\" data-end=\"586\">lunghezza totale di 60 mm<\/strong> e una <strong data-start=\"589\" data-end=\"615\">filettatura esterna di 10 mm<\/strong>, questo adattatore \u00e8 realizzato <strong data-start=\"650\" data-end=\"679\">in acciaio ad alta resistenza<\/strong> ed <strong data-start=\"687\" data-end=\"726\">\u00e8 approvato secondo lo standard ECE 67R-01<\/strong>. <\/p>\n<p class=\"\" data-start=\"729\" data-end=\"1075\">La sua piccola ingombro la rende una scelta perfetta per l&#8217;accesso normale o quando non \u00e8 necessario un adattatore esteso. Fornisce un <strong data-start=\"870\" data-end=\"908\">collegamento solido, impermeabile e duraturo<\/strong> all&#8217;ugello delle stazioni di servizio in paesi come <strong data-start=\"968\" data-end=\"1074\">Italia, Francia, Svizzera, Polonia, Austria, Portogallo, Grecia e molti altri dell&#8217;Europa centrale e orientale<\/strong>. <\/p>\n<hr class=\"\" data-start=\"1077\" data-end=\"1080\">\n<h4 data-start=\"1082\" data-end=\"1147\"><strong data-start=\"1086\" data-end=\"1147\">Caratteristiche tecniche \u2013 Adattatore GPL DISH M10 corto<\/strong><\/h4>\n<div class=\"overflow-x-auto contain-inline-size\">\n<table data-start=\"1149\" data-end=\"2304\">\n<thead data-start=\"1149\" data-end=\"1254\">\n<tr data-start=\"1149\" data-end=\"1254\">\n<th data-start=\"1149\" data-end=\"1178\">Specifiche<\/th>\n<th data-start=\"1178\" data-end=\"1254\">Dettagli<\/th>\n<\/tr>\n<\/thead>\n<tbody data-start=\"1360\" data-end=\"2304\">\n<tr data-start=\"1360\" data-end=\"1464\">\nTipo <\/p>\n<td><strong data-start=\"1362\" data-end=\"1382\">di prodotto<\/strong><\/td>\n<td>Adattatore di rifornimento GPL \u2013 <span style=\"color: #ffffff;\">Pezzi di ricambio tipo DISH \u00a9EcoGas<\/span><\/td>\n<\/tr>\n<tr data-start=\"1465\" data-end=\"1569\">\n<td><strong data-start=\"1467\" data-end=\"1490\">Sistema di Connessione<\/strong><\/td>\n<td><span style=\"color: #ffffff;\">Ricariche DISH \u00a9EcoGas<\/span><\/td>\n<\/tr>\n<tr data-start=\"1570\" data-end=\"1674\">\n<td><strong data-start=\"1572\" data-end=\"1593\">Filo di collegamento<\/strong><\/td>\n<td>Esterno \u2013 Ricarica EcoGas da 10 mm <span style=\"color: #ffffff;\">\u00a9<\/span><\/td>\n<\/tr>\n<tr data-start=\"1675\" data-end=\"1779\">\n<td><strong data-start=\"1677\" data-end=\"1694\">Filettatura interna<\/strong><\/td>\n<td><span style=\"color: #ffffff;\">Ricambi &#8212;<\/span><span style=\"color: #ffffff;\">\u00a9EcoGas<\/span><\/td>\n<\/tr>\n<tr data-start=\"1780\" data-end=\"1884\">\n<td><strong data-start=\"1782\" data-end=\"1800\">Lunghezza complessiva<\/strong><\/td>\n<td>Ricarica EcoGas da 60 mm <span style=\"color: #ffffff;\">\u00a9<\/span><\/td>\n<\/tr>\n<tr data-start=\"1885\" data-end=\"1989\">\n<td><strong data-start=\"1887\" data-end=\"1899\">Materiale<\/strong><\/td>\n<td><span style=\"color: #ffffff;\">Pezzi di ricambio in acciaio \u00a9EcoGas<\/span><\/td>\n<\/tr>\n<tr data-start=\"1990\" data-end=\"2094\">\n<td><strong data-start=\"1992\" data-end=\"2008\">Approvazione<\/strong><\/td>\n<td>Pezzi di ricambio ECE 67R-01 <span style=\"color: #ffffff;\">\u00a9EcoGas<\/span><\/td>\n<\/tr>\n<tr data-start=\"2095\" data-end=\"2199\">\n<td><strong data-start=\"2097\" data-end=\"2113\">Aree di utilizzo<\/strong><\/td>\n<td>Austria, Italia, Francia, Svizzera, Polonia, Portogallo, Grecia, ecc.<\/td>\n<\/tr>\n<tr data-start=\"2200\" data-end=\"2304\">\n<td><strong data-start=\"2202\" data-end=\"2216\">Applicazione<\/strong><\/td>\n<td>Rifornimento di veicoli con GPL\/autogas<\/td>\n<\/tr>\n<\/tbody>\n<\/table>\n<\/div>\n<blockquote data-start=\"2306\" data-end=\"2426\">\n<p class=\"\" data-start=\"2308\" data-end=\"2426\">Ideale per il rifornimento di GPL in Europa. Compatto, affidabile e costruito per resistere all&#8217;uso continuo in condizioni impegnative.   <span style=\"color: #ffffff;\">\u00a9Ricambi EcoGas<\/span><\/p>\n<\/blockquote>\n<p>Collegamento DAST: Austria, Bosnia, Bulgaria, Svizzera, Repubblica Ceca, Danimarca, Estonia, Francia, Grecia, Ungheria, Croazia, Italia, Lettonia, Lituania, Macedonia, Macedonia, Portogallo, Polonia, Romania, Svezia, Slovacchia, Slovenia, Turchia, Ucraina, Romania.<\/p>\n<p><a href=\"https:\/\/recambiosecogas.com\/it\/categoria-producto\/filtros\/\">ACQUISTA PI\u00d9 PRODOTTI ONLINE NEL NOSTRO NEGOZIO<\/a><\/p>\n<p><a href=\"http:\/\/www.segimonautomocio.com\/\">CONVERTITE IN LPG NEL NOSTRO OFFICINO UFFICIALE DI INSTALLAZIONE, MAGGIORI INFORMAZIONI SUL SITO WEB DEL NOSTRO WORKSHOP<\/a><\/p>\n","protected":false},"excerpt":{"rendered":"<p>TOMASETTO<\/p>\n","protected":false},"featured_media":8444,"comment_status":"closed","ping_status":"closed","template":"","meta":{"_uag_custom_page_level_css":""},"product_brand":[],"product_cat":[2188,2189,2162,2194],"product_tag":[2319,2320,2321,2328,2323,2324,2325,2326,2330,2331,2332,2334,2333,2322,2336,2338,2339,2340,2327,2329,2335,2337,2341,2351],"class_list":{"0":"post-46790","1":"product","2":"type-product","3":"status-publish","4":"has-post-thumbnail","6":"product_cat-adaptador-glp","7":"product_cat-adaptadores-glp","8":"product_cat-repostar","9":"product_cat-tomaseto-achile","10":"product_tag-adattatore-gpl-austria","11":"product_tag-adattatore-gpl-bosnia","12":"product_tag-adattatore-gpl-bulgaro","13":"product_tag-adattatore-gpl-croazia","14":"product_tag-adattatore-gpl-danimarca","15":"product_tag-adattatore-gpl-estonia","16":"product_tag-adattatore-gpl-francia","17":"product_tag-adattatore-gpl-grecia","18":"product_tag-adattatore-gpl-lettonia","19":"product_tag-adattatore-gpl-lituania","20":"product_tag-adattatore-gpl-macedonia","21":"product_tag-adattatore-gpl-polonia","22":"product_tag-adattatore-gpl-portogallo","23":"product_tag-adattatore-gpl-repubblica-ceca","24":"product_tag-adattatore-gpl-russia","25":"product_tag-adattatore-gpl-slovacchia","26":"product_tag-adattatore-gpl-slovenia","27":"product_tag-adattatore-gpl-turchia","28":"product_tag-adattatore-gpl-ungheria","29":"product_tag-adattatore-lpg-italia","30":"product_tag-adattatore-lpg-romania","31":"product_tag-adattatore-lpg-svezia","32":"product_tag-adattatore-per-gpl-ucraina","33":"product_tag-svizzera","35":"first","36":"instock","37":"taxable","38":"shipping-taxable","39":"purchasable","40":"product-type-simple"},"ct_brands":[],"yoast_head":"<!-- This site is optimized with the Yoast SEO Premium plugin v27.5 (Yoast SEO v27.5) - https:\/\/yoast.com\/product\/yoast-seo-premium-wordpress\/ -->\n<title>Adattatore GPL DISH M10 Cortocircuito | Recambios EcoGas | Sistemas GLP y GNC<\/title>\n<meta name=\"description\" content=\"Acquista un adattatore GPL corto tipo DISH da 10 mm. Fatto d&#039;acciaio. Rifornimento nelle stazioni europee. Alta resistenza e precisione.\" \/>\n<meta name=\"robots\" content=\"index, follow, max-snippet:-1, max-image-preview:large, max-video-preview:-1\" \/>\n<link rel=\"canonical\" href=\"https:\/\/recambiosecogas.com\/it\/producto\/adaptador-de-boquilla-de-suministro-dish-10-mm-corto\/\" \/>\n<meta property=\"og:locale\" content=\"it_IT\" \/>\n<meta property=\"og:type\" content=\"article\" \/>\n<meta property=\"og:title\" content=\"Adattatore GPL DISH M10 Cortocircuito\" \/>\n<meta property=\"og:description\" content=\"Acquista un adattatore GPL corto tipo DISH da 10 mm. Fatto d&#039;acciaio. Rifornimento nelle stazioni europee. Alta resistenza e precisione.\" \/>\n<meta property=\"og:url\" content=\"https:\/\/recambiosecogas.com\/it\/producto\/adaptador-de-boquilla-de-suministro-dish-10-mm-corto\/\" \/>\n<meta property=\"og:site_name\" content=\"Recambios EcoGas\" \/>\n<meta property=\"article:publisher\" content=\"https:\/\/www.facebook.com\/profile.php?id=100062419705358\" \/>\n<meta property=\"article:modified_time\" content=\"2026-04-08T09:23:13+00:00\" \/>\n<meta property=\"og:image\" content=\"https:\/\/recambiosecogas.com\/wp-content\/uploads\/2024\/12\/Adaptador-de-boquilla-de-suministro-DISH-10-mm-corto-png.webp\" \/>\n\t<meta property=\"og:image:width\" content=\"1000\" \/>\n\t<meta property=\"og:image:height\" content=\"1000\" \/>\n\t<meta property=\"og:image:type\" content=\"image\/png\" \/>\n<meta name=\"twitter:card\" content=\"summary_large_image\" \/>\n<meta name=\"twitter:label1\" content=\"Prezzo\" \/>\n\t<meta name=\"twitter:data1\" content=\"8,19&nbsp;&euro; (Sin IVA: 6,77&nbsp;&euro;)\" \/>\n\t<meta name=\"twitter:label2\" content=\"Disponibilit\u00e0\" \/>\n\t<meta name=\"twitter:data2\" content=\"In stock\" \/>\n<script type=\"application\/ld+json\" class=\"yoast-schema-graph\">{\"@context\":\"https:\\\/\\\/schema.org\",\"@graph\":[{\"@type\":\"WebPage\",\"@id\":\"https:\\\/\\\/recambiosecogas.com\\\/it\\\/producto\\\/adaptador-de-boquilla-de-suministro-dish-10-mm-corto\\\/\",\"url\":\"https:\\\/\\\/recambiosecogas.com\\\/it\\\/producto\\\/adaptador-de-boquilla-de-suministro-dish-10-mm-corto\\\/\",\"name\":\"Adattatore GPL DISH M10 Cortocircuito | Recambios EcoGas | Sistemas GLP y GNC\",\"isPartOf\":{\"@id\":\"https:\\\/\\\/recambiosecogas.com\\\/it\\\/#website\"},\"primaryImageOfPage\":{\"@id\":\"https:\\\/\\\/recambiosecogas.com\\\/it\\\/producto\\\/adaptador-de-boquilla-de-suministro-dish-10-mm-corto\\\/#primaryimage\"},\"image\":{\"@id\":\"https:\\\/\\\/recambiosecogas.com\\\/it\\\/producto\\\/adaptador-de-boquilla-de-suministro-dish-10-mm-corto\\\/#primaryimage\"},\"thumbnailUrl\":\"https:\\\/\\\/recambiosecogas.com\\\/wp-content\\\/uploads\\\/2024\\\/12\\\/Adaptador-de-boquilla-de-suministro-DISH-10-mm-corto-png.webp\",\"datePublished\":\"2024-12-04T17:44:01+00:00\",\"dateModified\":\"2026-04-08T09:23:13+00:00\",\"description\":\"Acquista un adattatore GPL corto tipo DISH da 10 mm. Fatto d'acciaio. Rifornimento nelle stazioni europee. Alta resistenza e precisione.\",\"breadcrumb\":{\"@id\":\"https:\\\/\\\/recambiosecogas.com\\\/it\\\/producto\\\/adaptador-de-boquilla-de-suministro-dish-10-mm-corto\\\/#breadcrumb\"},\"inLanguage\":\"it-IT\",\"potentialAction\":[{\"@type\":\"ReadAction\",\"target\":[\"https:\\\/\\\/recambiosecogas.com\\\/it\\\/producto\\\/adaptador-de-boquilla-de-suministro-dish-10-mm-corto\\\/\"]}]},{\"@type\":\"ImageObject\",\"inLanguage\":\"it-IT\",\"@id\":\"https:\\\/\\\/recambiosecogas.com\\\/it\\\/producto\\\/adaptador-de-boquilla-de-suministro-dish-10-mm-corto\\\/#primaryimage\",\"url\":\"https:\\\/\\\/recambiosecogas.com\\\/wp-content\\\/uploads\\\/2024\\\/12\\\/Adaptador-de-boquilla-de-suministro-DISH-10-mm-corto-png.webp\",\"contentUrl\":\"https:\\\/\\\/recambiosecogas.com\\\/wp-content\\\/uploads\\\/2024\\\/12\\\/Adaptador-de-boquilla-de-suministro-DISH-10-mm-corto-png.webp\",\"width\":1000,\"height\":1000},{\"@type\":\"BreadcrumbList\",\"@id\":\"https:\\\/\\\/recambiosecogas.com\\\/it\\\/producto\\\/adaptador-de-boquilla-de-suministro-dish-10-mm-corto\\\/#breadcrumb\",\"itemListElement\":[{\"@type\":\"ListItem\",\"position\":1,\"name\":\"Portada\",\"item\":\"https:\\\/\\\/recambiosecogas.com\\\/it\\\/\"},{\"@type\":\"ListItem\",\"position\":2,\"name\":\"Negozio\",\"item\":\"https:\\\/\\\/recambiosecogas.com\\\/it\\\/?page_id=46382\"},{\"@type\":\"ListItem\",\"position\":3,\"name\":\"Adattatore GPL DISH M10 Cortocircuito\"}]},{\"@type\":\"WebSite\",\"@id\":\"https:\\\/\\\/recambiosecogas.com\\\/it\\\/#website\",\"url\":\"https:\\\/\\\/recambiosecogas.com\\\/it\\\/\",\"name\":\"Recambios EcoGas\",\"description\":\"Recambios Multimarca para sistemas de GLP\\\/GNC\\\/GNL\\\/Hidr\u00f3geno\",\"publisher\":{\"@id\":\"https:\\\/\\\/recambiosecogas.com\\\/it\\\/#organization\"},\"alternateName\":\"Recambios Autogas GLP\",\"potentialAction\":[{\"@type\":\"SearchAction\",\"target\":{\"@type\":\"EntryPoint\",\"urlTemplate\":\"https:\\\/\\\/recambiosecogas.com\\\/it\\\/?s={search_term_string}\"},\"query-input\":{\"@type\":\"PropertyValueSpecification\",\"valueRequired\":true,\"valueName\":\"search_term_string\"}}],\"inLanguage\":\"it-IT\"},{\"@type\":[\"Organization\",\"Place\"],\"@id\":\"https:\\\/\\\/recambiosecogas.com\\\/it\\\/#organization\",\"name\":\"Recambios EcoGas\",\"alternateName\":\"Tienda Online GLP Espa\u00f1a\",\"url\":\"https:\\\/\\\/recambiosecogas.com\\\/it\\\/\",\"logo\":{\"@id\":\"https:\\\/\\\/recambiosecogas.com\\\/it\\\/producto\\\/adaptador-de-boquilla-de-suministro-dish-10-mm-corto\\\/#local-main-organization-logo\"},\"image\":{\"@id\":\"https:\\\/\\\/recambiosecogas.com\\\/it\\\/producto\\\/adaptador-de-boquilla-de-suministro-dish-10-mm-corto\\\/#local-main-organization-logo\"},\"sameAs\":[\"https:\\\/\\\/www.facebook.com\\\/profile.php?id=100062419705358\",\"https:\\\/\\\/www.instagram.com\\\/segimon_automocio\"],\"description\":\"Recambios EcoGas \u2013 Venta y distribuci\u00f3n de sistemas GLP y GNC en Espa\u00f1a y Portugal. Env\u00edos 24 h, soporte t\u00e9cnico a talleres y distribuidores.\",\"hasMerchantReturnPolicy\":{\"@type\":\"MerchantReturnPolicy\",\"merchantReturnLink\":\"https:\\\/\\\/recambiosecogas.com\\\/politicas-privacidad\\\/\"},\"address\":{\"@id\":\"https:\\\/\\\/recambiosecogas.com\\\/it\\\/producto\\\/adaptador-de-boquilla-de-suministro-dish-10-mm-corto\\\/#local-main-place-address\"},\"telephone\":[\"616250633\"],\"contactPoint\":{\"@type\":\"ContactPoint\",\"email\":\"export@recambiosecogas.com\"},\"openingHoursSpecification\":[{\"@type\":\"OpeningHoursSpecification\",\"dayOfWeek\":[\"Monday\",\"Tuesday\",\"Wednesday\",\"Thursday\",\"Friday\",\"Saturday\",\"Sunday\"],\"opens\":\"09:00\",\"closes\":\"17:00\"}],\"email\":\"info@recambiosecogas.com\",\"faxNumber\":\"SEGIMON AUTOMOCION SL\",\"vatID\":\"ESB19819861\",\"globalLocationNumber\":\"938 616 339\"},{\"@type\":\"PostalAddress\",\"@id\":\"https:\\\/\\\/recambiosecogas.com\\\/it\\\/producto\\\/adaptador-de-boquilla-de-suministro-dish-10-mm-corto\\\/#local-main-place-address\",\"streetAddress\":\"cami antic de vic, 29 (Nave 3), Pol\u00edgono Industrial Congost\",\"addressLocality\":\"CORRO D`AVALL\",\"postalCode\":\"08520\",\"addressRegion\":\"Barcelona\",\"addressCountry\":\"ES\"},{\"@type\":\"ImageObject\",\"inLanguage\":\"it-IT\",\"@id\":\"https:\\\/\\\/recambiosecogas.com\\\/it\\\/producto\\\/adaptador-de-boquilla-de-suministro-dish-10-mm-corto\\\/#local-main-organization-logo\",\"url\":\"https:\\\/\\\/recambiosecogas.com\\\/wp-content\\\/uploads\\\/2024\\\/11\\\/cropped-RECAMBIOS-GLP-png.webp\",\"contentUrl\":\"https:\\\/\\\/recambiosecogas.com\\\/wp-content\\\/uploads\\\/2024\\\/11\\\/cropped-RECAMBIOS-GLP-png.webp\",\"width\":512,\"height\":512,\"caption\":\"Recambios EcoGas\"}]}<\/script>\n<meta property=\"product:price:amount\" content=\"8.19\" \/>\n<meta property=\"product:price:currency\" content=\"EUR\" \/>\n<meta property=\"og:availability\" content=\"instock\" \/>\n<meta property=\"product:availability\" content=\"instock\" \/>\n<meta property=\"product:retailer_item_id\" content=\"101517\" \/>\n<meta property=\"product:condition\" content=\"new\" \/>\n<meta name=\"geo.placename\" content=\"CORRO D`AVALL\" \/>\n<meta name=\"geo.region\" content=\"Spagna\" \/>\n<!-- \/ Yoast SEO Premium plugin. -->","yoast_head_json":{"title":"Adattatore GPL DISH M10 Cortocircuito | Recambios EcoGas | Sistemas GLP y GNC","description":"Acquista un adattatore GPL corto tipo DISH da 10 mm. Fatto d'acciaio. Rifornimento nelle stazioni europee. Alta resistenza e precisione.","robots":{"index":"index","follow":"follow","max-snippet":"max-snippet:-1","max-image-preview":"max-image-preview:large","max-video-preview":"max-video-preview:-1"},"canonical":"https:\/\/recambiosecogas.com\/it\/producto\/adaptador-de-boquilla-de-suministro-dish-10-mm-corto\/","og_locale":"it_IT","og_type":"article","og_title":"Adattatore GPL DISH M10 Cortocircuito","og_description":"Acquista un adattatore GPL corto tipo DISH da 10 mm. Fatto d'acciaio. Rifornimento nelle stazioni europee. Alta resistenza e precisione.","og_url":"https:\/\/recambiosecogas.com\/it\/producto\/adaptador-de-boquilla-de-suministro-dish-10-mm-corto\/","og_site_name":"Recambios EcoGas","article_publisher":"https:\/\/www.facebook.com\/profile.php?id=100062419705358","article_modified_time":"2026-04-08T09:23:13+00:00","og_image":[{"width":1000,"height":1000,"url":"https:\/\/recambiosecogas.com\/wp-content\/uploads\/2024\/12\/Adaptador-de-boquilla-de-suministro-DISH-10-mm-corto-png.webp","type":"image\/png"}],"twitter_card":"summary_large_image","twitter_misc":{"Prezzo":"8,19&nbsp;&euro; (Sin IVA: 6,77&nbsp;&euro;)","Disponibilit\u00e0":"In stock"},"schema":{"@context":"https:\/\/schema.org","@graph":[{"@type":"WebPage","@id":"https:\/\/recambiosecogas.com\/it\/producto\/adaptador-de-boquilla-de-suministro-dish-10-mm-corto\/","url":"https:\/\/recambiosecogas.com\/it\/producto\/adaptador-de-boquilla-de-suministro-dish-10-mm-corto\/","name":"Adattatore GPL DISH M10 Cortocircuito | Recambios EcoGas | Sistemas GLP y GNC","isPartOf":{"@id":"https:\/\/recambiosecogas.com\/it\/#website"},"primaryImageOfPage":{"@id":"https:\/\/recambiosecogas.com\/it\/producto\/adaptador-de-boquilla-de-suministro-dish-10-mm-corto\/#primaryimage"},"image":{"@id":"https:\/\/recambiosecogas.com\/it\/producto\/adaptador-de-boquilla-de-suministro-dish-10-mm-corto\/#primaryimage"},"thumbnailUrl":"https:\/\/recambiosecogas.com\/wp-content\/uploads\/2024\/12\/Adaptador-de-boquilla-de-suministro-DISH-10-mm-corto-png.webp","datePublished":"2024-12-04T17:44:01+00:00","dateModified":"2026-04-08T09:23:13+00:00","description":"Acquista un adattatore GPL corto tipo DISH da 10 mm. Fatto d'acciaio. Rifornimento nelle stazioni europee. Alta resistenza e precisione.","breadcrumb":{"@id":"https:\/\/recambiosecogas.com\/it\/producto\/adaptador-de-boquilla-de-suministro-dish-10-mm-corto\/#breadcrumb"},"inLanguage":"it-IT","potentialAction":[{"@type":"ReadAction","target":["https:\/\/recambiosecogas.com\/it\/producto\/adaptador-de-boquilla-de-suministro-dish-10-mm-corto\/"]}]},{"@type":"ImageObject","inLanguage":"it-IT","@id":"https:\/\/recambiosecogas.com\/it\/producto\/adaptador-de-boquilla-de-suministro-dish-10-mm-corto\/#primaryimage","url":"https:\/\/recambiosecogas.com\/wp-content\/uploads\/2024\/12\/Adaptador-de-boquilla-de-suministro-DISH-10-mm-corto-png.webp","contentUrl":"https:\/\/recambiosecogas.com\/wp-content\/uploads\/2024\/12\/Adaptador-de-boquilla-de-suministro-DISH-10-mm-corto-png.webp","width":1000,"height":1000},{"@type":"BreadcrumbList","@id":"https:\/\/recambiosecogas.com\/it\/producto\/adaptador-de-boquilla-de-suministro-dish-10-mm-corto\/#breadcrumb","itemListElement":[{"@type":"ListItem","position":1,"name":"Portada","item":"https:\/\/recambiosecogas.com\/it\/"},{"@type":"ListItem","position":2,"name":"Negozio","item":"https:\/\/recambiosecogas.com\/it\/?page_id=46382"},{"@type":"ListItem","position":3,"name":"Adattatore GPL DISH M10 Cortocircuito"}]},{"@type":"WebSite","@id":"https:\/\/recambiosecogas.com\/it\/#website","url":"https:\/\/recambiosecogas.com\/it\/","name":"Recambios EcoGas","description":"Recambios Multimarca para sistemas de GLP\/GNC\/GNL\/Hidr\u00f3geno","publisher":{"@id":"https:\/\/recambiosecogas.com\/it\/#organization"},"alternateName":"Recambios Autogas GLP","potentialAction":[{"@type":"SearchAction","target":{"@type":"EntryPoint","urlTemplate":"https:\/\/recambiosecogas.com\/it\/?s={search_term_string}"},"query-input":{"@type":"PropertyValueSpecification","valueRequired":true,"valueName":"search_term_string"}}],"inLanguage":"it-IT"},{"@type":["Organization","Place"],"@id":"https:\/\/recambiosecogas.com\/it\/#organization","name":"Recambios EcoGas","alternateName":"Tienda Online GLP Espa\u00f1a","url":"https:\/\/recambiosecogas.com\/it\/","logo":{"@id":"https:\/\/recambiosecogas.com\/it\/producto\/adaptador-de-boquilla-de-suministro-dish-10-mm-corto\/#local-main-organization-logo"},"image":{"@id":"https:\/\/recambiosecogas.com\/it\/producto\/adaptador-de-boquilla-de-suministro-dish-10-mm-corto\/#local-main-organization-logo"},"sameAs":["https:\/\/www.facebook.com\/profile.php?id=100062419705358","https:\/\/www.instagram.com\/segimon_automocio"],"description":"Recambios EcoGas \u2013 Venta y distribuci\u00f3n de sistemas GLP y GNC en Espa\u00f1a y Portugal. Env\u00edos 24 h, soporte t\u00e9cnico a talleres y distribuidores.","hasMerchantReturnPolicy":{"@type":"MerchantReturnPolicy","merchantReturnLink":"https:\/\/recambiosecogas.com\/politicas-privacidad\/"},"address":{"@id":"https:\/\/recambiosecogas.com\/it\/producto\/adaptador-de-boquilla-de-suministro-dish-10-mm-corto\/#local-main-place-address"},"telephone":["616250633"],"contactPoint":{"@type":"ContactPoint","email":"export@recambiosecogas.com"},"openingHoursSpecification":[{"@type":"OpeningHoursSpecification","dayOfWeek":["Monday","Tuesday","Wednesday","Thursday","Friday","Saturday","Sunday"],"opens":"09:00","closes":"17:00"}],"email":"info@recambiosecogas.com","faxNumber":"SEGIMON AUTOMOCION SL","vatID":"ESB19819861","globalLocationNumber":"938 616 339"},{"@type":"PostalAddress","@id":"https:\/\/recambiosecogas.com\/it\/producto\/adaptador-de-boquilla-de-suministro-dish-10-mm-corto\/#local-main-place-address","streetAddress":"cami antic de vic, 29 (Nave 3), Pol\u00edgono Industrial Congost","addressLocality":"CORRO D`AVALL","postalCode":"08520","addressRegion":"Barcelona","addressCountry":"ES"},{"@type":"ImageObject","inLanguage":"it-IT","@id":"https:\/\/recambiosecogas.com\/it\/producto\/adaptador-de-boquilla-de-suministro-dish-10-mm-corto\/#local-main-organization-logo","url":"https:\/\/recambiosecogas.com\/wp-content\/uploads\/2024\/11\/cropped-RECAMBIOS-GLP-png.webp","contentUrl":"https:\/\/recambiosecogas.com\/wp-content\/uploads\/2024\/11\/cropped-RECAMBIOS-GLP-png.webp","width":512,"height":512,"caption":"Recambios EcoGas"}]},"product_price_amount":"8.19","product_price_currency":"EUR","og_availability":"instock","product_availability":"instock","product_retailer_item_id":"101517","product_condition":"new","geo.placename":"CORRO D`AVALL","geo.region":"Spagna"},"uagb_featured_image_src":{"full":["https:\/\/recambiosecogas.com\/wp-content\/uploads\/2024\/12\/Adaptador-de-boquilla-de-suministro-DISH-10-mm-corto-png.webp",1000,1000,false],"thumbnail":["https:\/\/recambiosecogas.com\/wp-content\/uploads\/2024\/12\/Adaptador-de-boquilla-de-suministro-DISH-10-mm-corto-150x150.webp",150,150,true],"medium":["https:\/\/recambiosecogas.com\/wp-content\/uploads\/2024\/12\/Adaptador-de-boquilla-de-suministro-DISH-10-mm-corto-300x300.webp",300,300,true],"medium_large":["https:\/\/recambiosecogas.com\/wp-content\/uploads\/2024\/12\/Adaptador-de-boquilla-de-suministro-DISH-10-mm-corto-768x768.webp",768,768,true],"large":["https:\/\/recambiosecogas.com\/wp-content\/uploads\/2024\/12\/Adaptador-de-boquilla-de-suministro-DISH-10-mm-corto-png.webp",1000,1000,false],"1536x1536":["https:\/\/recambiosecogas.com\/wp-content\/uploads\/2024\/12\/Adaptador-de-boquilla-de-suministro-DISH-10-mm-corto-png.webp",1000,1000,false],"2048x2048":["https:\/\/recambiosecogas.com\/wp-content\/uploads\/2024\/12\/Adaptador-de-boquilla-de-suministro-DISH-10-mm-corto-png.webp",1000,1000,false],"woocommerce_archive_thumbnail":["https:\/\/recambiosecogas.com\/wp-content\/uploads\/2024\/12\/Adaptador-de-boquilla-de-suministro-DISH-10-mm-corto-png.webp",1000,1000,false],"woocommerce_thumbnail":["https:\/\/recambiosecogas.com\/wp-content\/uploads\/2024\/12\/Adaptador-de-boquilla-de-suministro-DISH-10-mm-corto-png-300x300.webp",300,300,true],"woocommerce_single":["https:\/\/recambiosecogas.com\/wp-content\/uploads\/2024\/12\/Adaptador-de-boquilla-de-suministro-DISH-10-mm-corto-png.webp",1000,1000,false],"woocommerce_gallery_thumbnail":["https:\/\/recambiosecogas.com\/wp-content\/uploads\/2024\/12\/Adaptador-de-boquilla-de-suministro-DISH-10-mm-corto-png.webp",1000,1000,false],"dgwt-wcas-product-suggestion":["https:\/\/recambiosecogas.com\/wp-content\/uploads\/2024\/12\/Adaptador-de-boquilla-de-suministro-DISH-10-mm-corto-png-64x64.webp",64,64,true]},"uagb_author_info":{"display_name":"Fran - Soporte T\u00e9cnico","author_link":"https:\/\/recambiosecogas.com\/it\/author\/"},"uagb_comment_info":0,"uagb_excerpt":"TOMASETTO","_links":{"self":[{"href":"https:\/\/recambiosecogas.com\/it\/wp-json\/wp\/v2\/product\/46790","targetHints":{"allow":["GET"]}}],"collection":[{"href":"https:\/\/recambiosecogas.com\/it\/wp-json\/wp\/v2\/product"}],"about":[{"href":"https:\/\/recambiosecogas.com\/it\/wp-json\/wp\/v2\/types\/product"}],"replies":[{"embeddable":true,"href":"https:\/\/recambiosecogas.com\/it\/wp-json\/wp\/v2\/comments?post=46790"}],"wp:featuredmedia":[{"embeddable":true,"href":"https:\/\/recambiosecogas.com\/it\/wp-json\/wp\/v2\/media\/8444"}],"wp:attachment":[{"href":"https:\/\/recambiosecogas.com\/it\/wp-json\/wp\/v2\/media?parent=46790"}],"wp:term":[{"taxonomy":"product_brand","embeddable":true,"href":"https:\/\/recambiosecogas.com\/it\/wp-json\/wp\/v2\/product_brand?post=46790"},{"taxonomy":"product_cat","embeddable":true,"href":"https:\/\/recambiosecogas.com\/it\/wp-json\/wp\/v2\/product_cat?post=46790"},{"taxonomy":"product_tag","embeddable":true,"href":"https:\/\/recambiosecogas.com\/it\/wp-json\/wp\/v2\/product_tag?post=46790"}],"curies":[{"name":"wp","href":"https:\/\/api.w.org\/{rel}","templated":true}]}}