{"id":46788,"date":"2024-12-19T12:11:17","date_gmt":"2024-12-19T11:11:17","guid":{"rendered":"https:\/\/recambiosecogas.com\/producto\/tartarini-solenoide-g-seq-g-etagas-12-v-11-w\/"},"modified":"2026-04-08T10:23:04","modified_gmt":"2026-04-08T09:23:04","slug":"tartarini-solenoide-g-seq-g-etagas-12-v-11-w","status":"publish","type":"product","link":"https:\/\/recambiosecogas.com\/it\/producto\/tartarini-solenoide-g-seq-g-etagas-12-v-11-w\/","title":{"rendered":"Solenoide Tartarini G\/seq. + G\/eTAgas 12 V 11 W"},"content":{"rendered":"<p>Il solenoide Tartarini G\/seq. + G\/eTAgas \u00e8 un componente cruciale nei sistemi Autogas, progettato per controllare il flusso del gas nell&#8217;iniezione. Questo solenoide funziona a 12V e 11W, garantendo un funzionamento efficiente e sicuro del sistema di iniezione del gas.  <\/p>\n<p>Questo solenoide agisce come un interruttore elettromagnetico che permette o blocca il passaggio del gas, assicurando che il sistema di iniezione funzioni in modo ottimale. Il suo corretto funzionamento \u00e8 fondamentale per mantenere la stabilit\u00e0 del motore ed evitare problemi di prestazioni. <\/p>\n<p>Questo solenoide \u00e8 necessario nei veicoli che utilizzano sistemi Autogas ed \u00e8 consigliato di installarlo in caso di guasti nel sistema di iniezione o durante la manutenzione.<\/p>\n<p>Sintomi di guasta:<br \/>\n* Il veicolo non passa dalla benzina alla benzina<br \/>\n* Nessuna attivazione nel sistema<br \/>\n* Interruzione della fornitura di carburante<\/p>\n<p>Compatibilit\u00e0<br \/>\nCompatibile con veicoli dotati di sistemi Autogas. Si consiglia di verificare il riferimento originale prima di effettuare l&#8217;acquisto. <\/p>\n","protected":false},"excerpt":{"rendered":"<p>Solenoide Tartarini G\/seq. + G\/eTAgas, essenziali per i sistemi Autogas. Garantisce un funzionamento efficiente e sicuro nell&#8217;iniezione di gas.  <\/p>\n","protected":false},"featured_media":4388,"comment_status":"open","ping_status":"closed","template":"","meta":{"googlesitekit_rrm_CAowud7EDA:productID":"","_uag_custom_page_level_css":""},"product_brand":[],"product_cat":[2180,2176],"product_tag":[],"class_list":{"0":"post-46788","1":"product","2":"type-product","3":"status-publish","4":"has-post-thumbnail","6":"product_cat-bobinas-magneticas","7":"product_cat-valvulas-solenoides","9":"first","10":"onbackorder","11":"taxable","12":"shipping-taxable","13":"purchasable","14":"product-type-simple"},"ct_brands":[],"yoast_head":"<!-- This site is optimized with the Yoast SEO Premium plugin v27.4 (Yoast SEO v27.4) - https:\/\/yoast.com\/product\/yoast-seo-premium-wordpress\/ -->\n<title>Solenoide Tartarini G\/seq. + G\/eTAgas 12V 11W | Pezzi di ricambio Ecogas<\/title>\n<meta name=\"description\" content=\"Solenoide Tartarini G\/seq. + G\/eTAgas, essenziali per i sistemi Autogas. Garantisce un funzionamento efficiente e sicuro nell&#039;iniezione di gas.\" \/>\n<meta name=\"robots\" content=\"index, follow, max-snippet:-1, max-image-preview:large, max-video-preview:-1\" \/>\n<link rel=\"canonical\" href=\"https:\/\/recambiosecogas.com\/it\/producto\/tartarini-solenoide-g-seq-g-etagas-12-v-11-w\/\" \/>\n<meta property=\"og:locale\" content=\"it_IT\" \/>\n<meta property=\"og:type\" content=\"article\" \/>\n<meta property=\"og:title\" content=\"Solenoide Tartarini G\/seq. + G\/eTAgas 12 V 11 W\" \/>\n<meta property=\"og:description\" content=\"Solenoide Tartarini G\/seq. + G\/eTAgas, essenziali per i sistemi Autogas. Garantisce un funzionamento efficiente e sicuro nell&#039;iniezione di gas.\" \/>\n<meta property=\"og:url\" content=\"https:\/\/recambiosecogas.com\/it\/producto\/tartarini-solenoide-g-seq-g-etagas-12-v-11-w\/\" \/>\n<meta property=\"og:site_name\" content=\"Recambios EcoGas\" \/>\n<meta property=\"article:publisher\" content=\"https:\/\/www.facebook.com\/profile.php?id=100062419705358\" \/>\n<meta property=\"article:modified_time\" content=\"2026-04-08T09:23:04+00:00\" \/>\n<meta property=\"og:image\" content=\"https:\/\/recambiosecogas.com\/wp-content\/uploads\/2024\/10\/IMAGEN-NO-DISPONIBLE-png.webp\" \/>\n\t<meta property=\"og:image:width\" content=\"1000\" \/>\n\t<meta property=\"og:image:height\" content=\"1000\" \/>\n\t<meta property=\"og:image:type\" content=\"image\/png\" \/>\n<meta name=\"twitter:card\" content=\"summary_large_image\" \/>\n<meta name=\"twitter:label1\" content=\"Prezzo\" \/>\n\t<meta name=\"twitter:data1\" content=\"66,12&nbsp;&euro; (IVA incl.: 80,01&nbsp;&euro;)\" \/>\n\t<meta name=\"twitter:label2\" content=\"Disponibilit\u00e0\" \/>\n\t<meta name=\"twitter:data2\" content=\"Su ordinazione\" \/>\n<script type=\"application\/ld+json\" class=\"yoast-schema-graph\">{\"@context\":\"https:\\\/\\\/schema.org\",\"@graph\":[{\"@type\":\"WebPage\",\"@id\":\"https:\\\/\\\/recambiosecogas.com\\\/it\\\/producto\\\/tartarini-solenoide-g-seq-g-etagas-12-v-11-w\\\/\",\"url\":\"https:\\\/\\\/recambiosecogas.com\\\/it\\\/producto\\\/tartarini-solenoide-g-seq-g-etagas-12-v-11-w\\\/\",\"name\":\"Solenoide Tartarini G\\\/seq. + G\\\/eTAgas 12V 11W | Pezzi di ricambio Ecogas\",\"isPartOf\":{\"@id\":\"https:\\\/\\\/recambiosecogas.com\\\/it\\\/#website\"},\"primaryImageOfPage\":{\"@id\":\"https:\\\/\\\/recambiosecogas.com\\\/it\\\/producto\\\/tartarini-solenoide-g-seq-g-etagas-12-v-11-w\\\/#primaryimage\"},\"image\":{\"@id\":\"https:\\\/\\\/recambiosecogas.com\\\/it\\\/producto\\\/tartarini-solenoide-g-seq-g-etagas-12-v-11-w\\\/#primaryimage\"},\"thumbnailUrl\":\"https:\\\/\\\/recambiosecogas.com\\\/wp-content\\\/uploads\\\/2024\\\/10\\\/IMAGEN-NO-DISPONIBLE-png.webp\",\"datePublished\":\"2024-12-19T11:11:17+00:00\",\"dateModified\":\"2026-04-08T09:23:04+00:00\",\"description\":\"Solenoide Tartarini G\\\/seq. + G\\\/eTAgas, essenziali per i sistemi Autogas. Garantisce un funzionamento efficiente e sicuro nell'iniezione di gas.\",\"breadcrumb\":{\"@id\":\"https:\\\/\\\/recambiosecogas.com\\\/it\\\/producto\\\/tartarini-solenoide-g-seq-g-etagas-12-v-11-w\\\/#breadcrumb\"},\"inLanguage\":\"it-IT\",\"potentialAction\":[{\"@type\":\"ReadAction\",\"target\":[\"https:\\\/\\\/recambiosecogas.com\\\/it\\\/producto\\\/tartarini-solenoide-g-seq-g-etagas-12-v-11-w\\\/\"]}]},{\"@type\":\"ImageObject\",\"inLanguage\":\"it-IT\",\"@id\":\"https:\\\/\\\/recambiosecogas.com\\\/it\\\/producto\\\/tartarini-solenoide-g-seq-g-etagas-12-v-11-w\\\/#primaryimage\",\"url\":\"https:\\\/\\\/recambiosecogas.com\\\/wp-content\\\/uploads\\\/2024\\\/10\\\/IMAGEN-NO-DISPONIBLE-png.webp\",\"contentUrl\":\"https:\\\/\\\/recambiosecogas.com\\\/wp-content\\\/uploads\\\/2024\\\/10\\\/IMAGEN-NO-DISPONIBLE-png.webp\",\"width\":1000,\"height\":1000,\"caption\":\"Reductor Lovato MAJOR TURBO\"},{\"@type\":\"BreadcrumbList\",\"@id\":\"https:\\\/\\\/recambiosecogas.com\\\/it\\\/producto\\\/tartarini-solenoide-g-seq-g-etagas-12-v-11-w\\\/#breadcrumb\",\"itemListElement\":[{\"@type\":\"ListItem\",\"position\":1,\"name\":\"Portada\",\"item\":\"https:\\\/\\\/recambiosecogas.com\\\/it\\\/\"},{\"@type\":\"ListItem\",\"position\":2,\"name\":\"Negozio\",\"item\":\"https:\\\/\\\/recambiosecogas.com\\\/it\\\/?page_id=46382\"},{\"@type\":\"ListItem\",\"position\":3,\"name\":\"Solenoide Tartarini G\\\/seq. + G\\\/eTAgas 12 V 11 W\"}]},{\"@type\":\"WebSite\",\"@id\":\"https:\\\/\\\/recambiosecogas.com\\\/it\\\/#website\",\"url\":\"https:\\\/\\\/recambiosecogas.com\\\/it\\\/\",\"name\":\"Recambios EcoGas\",\"description\":\"Recambios Multimarca para sistemas de GLP\\\/GNC\\\/GNL\\\/Hidr\u00f3geno\",\"publisher\":{\"@id\":\"https:\\\/\\\/recambiosecogas.com\\\/it\\\/#organization\"},\"alternateName\":\"Recambios Autogas GLP\",\"potentialAction\":[{\"@type\":\"SearchAction\",\"target\":{\"@type\":\"EntryPoint\",\"urlTemplate\":\"https:\\\/\\\/recambiosecogas.com\\\/it\\\/?s={search_term_string}\"},\"query-input\":{\"@type\":\"PropertyValueSpecification\",\"valueRequired\":true,\"valueName\":\"search_term_string\"}}],\"inLanguage\":\"it-IT\"},{\"@type\":[\"Organization\",\"Place\"],\"@id\":\"https:\\\/\\\/recambiosecogas.com\\\/it\\\/#organization\",\"name\":\"Recambios EcoGas\",\"alternateName\":\"Tienda Online GLP Espa\u00f1a\",\"url\":\"https:\\\/\\\/recambiosecogas.com\\\/it\\\/\",\"logo\":{\"@id\":\"https:\\\/\\\/recambiosecogas.com\\\/it\\\/producto\\\/tartarini-solenoide-g-seq-g-etagas-12-v-11-w\\\/#local-main-organization-logo\"},\"image\":{\"@id\":\"https:\\\/\\\/recambiosecogas.com\\\/it\\\/producto\\\/tartarini-solenoide-g-seq-g-etagas-12-v-11-w\\\/#local-main-organization-logo\"},\"sameAs\":[\"https:\\\/\\\/www.facebook.com\\\/profile.php?id=100062419705358\",\"https:\\\/\\\/www.instagram.com\\\/segimon_automocio\"],\"description\":\"Recambios EcoGas \u2013 Venta y distribuci\u00f3n de sistemas GLP y GNC en Espa\u00f1a y Portugal. Env\u00edos 24 h, soporte t\u00e9cnico a talleres y distribuidores.\",\"hasMerchantReturnPolicy\":{\"@type\":\"MerchantReturnPolicy\",\"merchantReturnLink\":\"https:\\\/\\\/recambiosecogas.com\\\/politicas-privacidad\\\/\"},\"address\":{\"@id\":\"https:\\\/\\\/recambiosecogas.com\\\/it\\\/producto\\\/tartarini-solenoide-g-seq-g-etagas-12-v-11-w\\\/#local-main-place-address\"},\"telephone\":[\"616250633\"],\"contactPoint\":{\"@type\":\"ContactPoint\",\"email\":\"export@recambiosecogas.com\"},\"openingHoursSpecification\":[{\"@type\":\"OpeningHoursSpecification\",\"dayOfWeek\":[\"Monday\",\"Tuesday\",\"Wednesday\",\"Thursday\",\"Friday\",\"Saturday\",\"Sunday\"],\"opens\":\"09:00\",\"closes\":\"17:00\"}],\"email\":\"info@recambiosecogas.com\",\"faxNumber\":\"SEGIMON AUTOMOCION SL\",\"vatID\":\"ESB19819861\",\"globalLocationNumber\":\"938 616 339\"},{\"@type\":\"PostalAddress\",\"@id\":\"https:\\\/\\\/recambiosecogas.com\\\/it\\\/producto\\\/tartarini-solenoide-g-seq-g-etagas-12-v-11-w\\\/#local-main-place-address\",\"streetAddress\":\"cami antic de vic, 29 (Nave 3), Pol\u00edgono Industrial Congost\",\"addressLocality\":\"CORRO D`AVALL\",\"postalCode\":\"08520\",\"addressRegion\":\"Barcelona\",\"addressCountry\":\"ES\"},{\"@type\":\"ImageObject\",\"inLanguage\":\"it-IT\",\"@id\":\"https:\\\/\\\/recambiosecogas.com\\\/it\\\/producto\\\/tartarini-solenoide-g-seq-g-etagas-12-v-11-w\\\/#local-main-organization-logo\",\"url\":\"https:\\\/\\\/recambiosecogas.com\\\/wp-content\\\/uploads\\\/2024\\\/11\\\/cropped-RECAMBIOS-GLP-png.webp\",\"contentUrl\":\"https:\\\/\\\/recambiosecogas.com\\\/wp-content\\\/uploads\\\/2024\\\/11\\\/cropped-RECAMBIOS-GLP-png.webp\",\"width\":512,\"height\":512,\"caption\":\"Recambios EcoGas\"}]}<\/script>\n<meta property=\"product:price:amount\" content=\"66.12\" \/>\n<meta property=\"product:price:currency\" content=\"EUR\" \/>\n<meta property=\"og:availability\" content=\"backorder\" \/>\n<meta property=\"product:availability\" content=\"available for order\" \/>\n<meta property=\"product:retailer_item_id\" content=\"109127A\" \/>\n<meta property=\"product:condition\" content=\"new\" \/>\n<meta name=\"geo.placename\" content=\"CORRO D`AVALL\" \/>\n<meta name=\"geo.region\" content=\"Spagna\" \/>\n<!-- \/ Yoast SEO Premium plugin. -->","yoast_head_json":{"title":"Solenoide Tartarini G\/seq. + G\/eTAgas 12V 11W | Pezzi di ricambio Ecogas","description":"Solenoide Tartarini G\/seq. + G\/eTAgas, essenziali per i sistemi Autogas. Garantisce un funzionamento efficiente e sicuro nell'iniezione di gas.","robots":{"index":"index","follow":"follow","max-snippet":"max-snippet:-1","max-image-preview":"max-image-preview:large","max-video-preview":"max-video-preview:-1"},"canonical":"https:\/\/recambiosecogas.com\/it\/producto\/tartarini-solenoide-g-seq-g-etagas-12-v-11-w\/","og_locale":"it_IT","og_type":"article","og_title":"Solenoide Tartarini G\/seq. + G\/eTAgas 12 V 11 W","og_description":"Solenoide Tartarini G\/seq. + G\/eTAgas, essenziali per i sistemi Autogas. Garantisce un funzionamento efficiente e sicuro nell'iniezione di gas.","og_url":"https:\/\/recambiosecogas.com\/it\/producto\/tartarini-solenoide-g-seq-g-etagas-12-v-11-w\/","og_site_name":"Recambios EcoGas","article_publisher":"https:\/\/www.facebook.com\/profile.php?id=100062419705358","article_modified_time":"2026-04-08T09:23:04+00:00","og_image":[{"width":1000,"height":1000,"url":"https:\/\/recambiosecogas.com\/wp-content\/uploads\/2024\/10\/IMAGEN-NO-DISPONIBLE-png.webp","type":"image\/png"}],"twitter_card":"summary_large_image","twitter_misc":{"Prezzo":"66,12&nbsp;&euro; (IVA incl.: 80,01&nbsp;&euro;)","Disponibilit\u00e0":"Su ordinazione"},"schema":{"@context":"https:\/\/schema.org","@graph":[{"@type":"WebPage","@id":"https:\/\/recambiosecogas.com\/it\/producto\/tartarini-solenoide-g-seq-g-etagas-12-v-11-w\/","url":"https:\/\/recambiosecogas.com\/it\/producto\/tartarini-solenoide-g-seq-g-etagas-12-v-11-w\/","name":"Solenoide Tartarini G\/seq. + G\/eTAgas 12V 11W | Pezzi di ricambio Ecogas","isPartOf":{"@id":"https:\/\/recambiosecogas.com\/it\/#website"},"primaryImageOfPage":{"@id":"https:\/\/recambiosecogas.com\/it\/producto\/tartarini-solenoide-g-seq-g-etagas-12-v-11-w\/#primaryimage"},"image":{"@id":"https:\/\/recambiosecogas.com\/it\/producto\/tartarini-solenoide-g-seq-g-etagas-12-v-11-w\/#primaryimage"},"thumbnailUrl":"https:\/\/recambiosecogas.com\/wp-content\/uploads\/2024\/10\/IMAGEN-NO-DISPONIBLE-png.webp","datePublished":"2024-12-19T11:11:17+00:00","dateModified":"2026-04-08T09:23:04+00:00","description":"Solenoide Tartarini G\/seq. + G\/eTAgas, essenziali per i sistemi Autogas. Garantisce un funzionamento efficiente e sicuro nell'iniezione di gas.","breadcrumb":{"@id":"https:\/\/recambiosecogas.com\/it\/producto\/tartarini-solenoide-g-seq-g-etagas-12-v-11-w\/#breadcrumb"},"inLanguage":"it-IT","potentialAction":[{"@type":"ReadAction","target":["https:\/\/recambiosecogas.com\/it\/producto\/tartarini-solenoide-g-seq-g-etagas-12-v-11-w\/"]}]},{"@type":"ImageObject","inLanguage":"it-IT","@id":"https:\/\/recambiosecogas.com\/it\/producto\/tartarini-solenoide-g-seq-g-etagas-12-v-11-w\/#primaryimage","url":"https:\/\/recambiosecogas.com\/wp-content\/uploads\/2024\/10\/IMAGEN-NO-DISPONIBLE-png.webp","contentUrl":"https:\/\/recambiosecogas.com\/wp-content\/uploads\/2024\/10\/IMAGEN-NO-DISPONIBLE-png.webp","width":1000,"height":1000,"caption":"Reductor Lovato MAJOR TURBO"},{"@type":"BreadcrumbList","@id":"https:\/\/recambiosecogas.com\/it\/producto\/tartarini-solenoide-g-seq-g-etagas-12-v-11-w\/#breadcrumb","itemListElement":[{"@type":"ListItem","position":1,"name":"Portada","item":"https:\/\/recambiosecogas.com\/it\/"},{"@type":"ListItem","position":2,"name":"Negozio","item":"https:\/\/recambiosecogas.com\/it\/?page_id=46382"},{"@type":"ListItem","position":3,"name":"Solenoide Tartarini G\/seq. + G\/eTAgas 12 V 11 W"}]},{"@type":"WebSite","@id":"https:\/\/recambiosecogas.com\/it\/#website","url":"https:\/\/recambiosecogas.com\/it\/","name":"Recambios EcoGas","description":"Recambios Multimarca para sistemas de GLP\/GNC\/GNL\/Hidr\u00f3geno","publisher":{"@id":"https:\/\/recambiosecogas.com\/it\/#organization"},"alternateName":"Recambios Autogas GLP","potentialAction":[{"@type":"SearchAction","target":{"@type":"EntryPoint","urlTemplate":"https:\/\/recambiosecogas.com\/it\/?s={search_term_string}"},"query-input":{"@type":"PropertyValueSpecification","valueRequired":true,"valueName":"search_term_string"}}],"inLanguage":"it-IT"},{"@type":["Organization","Place"],"@id":"https:\/\/recambiosecogas.com\/it\/#organization","name":"Recambios EcoGas","alternateName":"Tienda Online GLP Espa\u00f1a","url":"https:\/\/recambiosecogas.com\/it\/","logo":{"@id":"https:\/\/recambiosecogas.com\/it\/producto\/tartarini-solenoide-g-seq-g-etagas-12-v-11-w\/#local-main-organization-logo"},"image":{"@id":"https:\/\/recambiosecogas.com\/it\/producto\/tartarini-solenoide-g-seq-g-etagas-12-v-11-w\/#local-main-organization-logo"},"sameAs":["https:\/\/www.facebook.com\/profile.php?id=100062419705358","https:\/\/www.instagram.com\/segimon_automocio"],"description":"Recambios EcoGas \u2013 Venta y distribuci\u00f3n de sistemas GLP y GNC en Espa\u00f1a y Portugal. Env\u00edos 24 h, soporte t\u00e9cnico a talleres y distribuidores.","hasMerchantReturnPolicy":{"@type":"MerchantReturnPolicy","merchantReturnLink":"https:\/\/recambiosecogas.com\/politicas-privacidad\/"},"address":{"@id":"https:\/\/recambiosecogas.com\/it\/producto\/tartarini-solenoide-g-seq-g-etagas-12-v-11-w\/#local-main-place-address"},"telephone":["616250633"],"contactPoint":{"@type":"ContactPoint","email":"export@recambiosecogas.com"},"openingHoursSpecification":[{"@type":"OpeningHoursSpecification","dayOfWeek":["Monday","Tuesday","Wednesday","Thursday","Friday","Saturday","Sunday"],"opens":"09:00","closes":"17:00"}],"email":"info@recambiosecogas.com","faxNumber":"SEGIMON AUTOMOCION SL","vatID":"ESB19819861","globalLocationNumber":"938 616 339"},{"@type":"PostalAddress","@id":"https:\/\/recambiosecogas.com\/it\/producto\/tartarini-solenoide-g-seq-g-etagas-12-v-11-w\/#local-main-place-address","streetAddress":"cami antic de vic, 29 (Nave 3), Pol\u00edgono Industrial Congost","addressLocality":"CORRO D`AVALL","postalCode":"08520","addressRegion":"Barcelona","addressCountry":"ES"},{"@type":"ImageObject","inLanguage":"it-IT","@id":"https:\/\/recambiosecogas.com\/it\/producto\/tartarini-solenoide-g-seq-g-etagas-12-v-11-w\/#local-main-organization-logo","url":"https:\/\/recambiosecogas.com\/wp-content\/uploads\/2024\/11\/cropped-RECAMBIOS-GLP-png.webp","contentUrl":"https:\/\/recambiosecogas.com\/wp-content\/uploads\/2024\/11\/cropped-RECAMBIOS-GLP-png.webp","width":512,"height":512,"caption":"Recambios EcoGas"}]},"product_price_amount":"66.12","product_price_currency":"EUR","og_availability":"backorder","product_availability":"available for order","product_retailer_item_id":"109127A","product_condition":"new","geo.placename":"CORRO D`AVALL","geo.region":"Spagna"},"uagb_featured_image_src":{"full":["https:\/\/recambiosecogas.com\/wp-content\/uploads\/2024\/10\/IMAGEN-NO-DISPONIBLE-png.webp",1000,1000,false],"thumbnail":["https:\/\/recambiosecogas.com\/wp-content\/uploads\/2024\/10\/IMAGEN-NO-DISPONIBLE-png-150x150.webp",150,150,true],"medium":["https:\/\/recambiosecogas.com\/wp-content\/uploads\/2024\/10\/IMAGEN-NO-DISPONIBLE-300x300.png",300,300,true],"medium_large":["https:\/\/recambiosecogas.com\/wp-content\/uploads\/2024\/10\/IMAGEN-NO-DISPONIBLE-png-768x768.webp",768,768,true],"large":["https:\/\/recambiosecogas.com\/wp-content\/uploads\/2024\/10\/IMAGEN-NO-DISPONIBLE-png.webp",1000,1000,false],"1536x1536":["https:\/\/recambiosecogas.com\/wp-content\/uploads\/2024\/10\/IMAGEN-NO-DISPONIBLE-png.webp",1000,1000,false],"2048x2048":["https:\/\/recambiosecogas.com\/wp-content\/uploads\/2024\/10\/IMAGEN-NO-DISPONIBLE-png.webp",1000,1000,false],"woocommerce_archive_thumbnail":["https:\/\/recambiosecogas.com\/wp-content\/uploads\/2024\/10\/IMAGEN-NO-DISPONIBLE-png.webp",1000,1000,false],"woocommerce_thumbnail":["https:\/\/recambiosecogas.com\/wp-content\/uploads\/2024\/10\/IMAGEN-NO-DISPONIBLE-png-300x300.webp",300,300,true],"woocommerce_single":["https:\/\/recambiosecogas.com\/wp-content\/uploads\/2024\/10\/IMAGEN-NO-DISPONIBLE-png.webp",1000,1000,false],"woocommerce_gallery_thumbnail":["https:\/\/recambiosecogas.com\/wp-content\/uploads\/2024\/10\/IMAGEN-NO-DISPONIBLE-png.webp",1000,1000,false],"dgwt-wcas-product-suggestion":["https:\/\/recambiosecogas.com\/wp-content\/uploads\/2024\/10\/IMAGEN-NO-DISPONIBLE-png-64x64.webp",64,64,true]},"uagb_author_info":{"display_name":"Fran - Soporte T\u00e9cnico","author_link":"https:\/\/recambiosecogas.com\/it\/author\/"},"uagb_comment_info":0,"uagb_excerpt":"Solenoide Tartarini G\/seq. + G\/eTAgas, essenziali per i sistemi Autogas. Garantisce un funzionamento efficiente e sicuro nell'iniezione di gas.","_links":{"self":[{"href":"https:\/\/recambiosecogas.com\/it\/wp-json\/wp\/v2\/product\/46788","targetHints":{"allow":["GET"]}}],"collection":[{"href":"https:\/\/recambiosecogas.com\/it\/wp-json\/wp\/v2\/product"}],"about":[{"href":"https:\/\/recambiosecogas.com\/it\/wp-json\/wp\/v2\/types\/product"}],"replies":[{"embeddable":true,"href":"https:\/\/recambiosecogas.com\/it\/wp-json\/wp\/v2\/comments?post=46788"}],"wp:featuredmedia":[{"embeddable":true,"href":"https:\/\/recambiosecogas.com\/it\/wp-json\/wp\/v2\/media\/4388"}],"wp:attachment":[{"href":"https:\/\/recambiosecogas.com\/it\/wp-json\/wp\/v2\/media?parent=46788"}],"wp:term":[{"taxonomy":"product_brand","embeddable":true,"href":"https:\/\/recambiosecogas.com\/it\/wp-json\/wp\/v2\/product_brand?post=46788"},{"taxonomy":"product_cat","embeddable":true,"href":"https:\/\/recambiosecogas.com\/it\/wp-json\/wp\/v2\/product_cat?post=46788"},{"taxonomy":"product_tag","embeddable":true,"href":"https:\/\/recambiosecogas.com\/it\/wp-json\/wp\/v2\/product_tag?post=46788"}],"curies":[{"name":"wp","href":"https:\/\/api.w.org\/{rel}","templated":true}]}}