{"id":46754,"date":"2024-12-19T11:11:19","date_gmt":"2024-12-19T11:11:19","guid":{"rendered":"https:\/\/recambiosecogas.com\/producto\/landirenzo-bobina-de-solenoide-bm-12v-11w-para-li10-reductor-oem-dacia\/"},"modified":"2026-04-08T10:22:47","modified_gmt":"2026-04-08T09:22:47","slug":"landirenzo-bobina-de-solenoide-bm-12v-11w-para-li10-reductor-oem-dacia","status":"publish","type":"product","link":"https:\/\/recambiosecogas.com\/it\/producto\/landirenzo-bobina-de-solenoide-bm-12v-11w-para-li10-reductor-oem-dacia\/","title":{"rendered":"LandiRenzo BM 12V &#8211; Bobina Solenoide 11W per riduttore OEM Li10 Dacia"},"content":{"rendered":"<h1 data-start=\"382\" data-end=\"447\"><strong data-start=\"384\" data-end=\"447\">Bobina Landi Renzo BM12 \u2013 Bobina 12V 11W per riduttore Li10<\/strong><\/h1>\n<h2 data-start=\"449\" data-end=\"467\"><strong data-start=\"452\" data-end=\"467\">Descrizione<\/strong><\/h2>\n<p data-start=\"468\" data-end=\"910\">La <strong data-start=\"471\" data-end=\"498\">bobina Landi Renzo BM12<\/strong> \u00e8 un pezzo di ricambio originale progettato per il cambio <strong data-start=\"549\" data-end=\"569\">Landi Renzo Li10<\/strong> utilizzato nei veicoli Dacia con sistemi GPL di fabbrica. Questa bobina aziona la valvola solenoide del riduttore, controllando con precisione il passaggio del gas durante l&#8217;avvio e il funzionamento del motore. <br data-start=\"766\" data-end=\"769\"><strong data-start=\"769\" data-end=\"779\">Inoltre<\/strong>, la sua robusta costruzione garantisce una risposta rapida e stabile, garantendo un funzionamento sicuro in tutto il sistema GPL.<\/p>\n<p data-start=\"912\" data-end=\"1198\"><strong data-start=\"912\" data-end=\"924\">Allo stesso modo<\/strong>, questa bobina ha le attuali approvazioni europee E3, che ne confermano la compatibilit\u00e0 con le installazioni originali senza la necessit\u00e0 di adattamenti. <strong data-start=\"1080\" data-end=\"1092\">Pertanto, \u00e8<\/strong> la sostituzione giusta quando la bobina originale presenta guasti elettrici o problemi di attivazione.<\/p>\n<hr data-start=\"1200\" data-end=\"1203\">\n<h2 data-start=\"1205\" data-end=\"1226\"><strong data-start=\"1208\" data-end=\"1226\">Compatibilit\u00e0<\/strong><\/h2>\n<ul data-start=\"1227\" data-end=\"1369\">\n<li data-start=\"1227\" data-end=\"1270\">\n<p data-start=\"1229\" data-end=\"1270\"><strong data-start=\"1238\" data-end=\"1268\">Landi Renzo Li10 OEM Dacia<\/strong> Reducer<\/p>\n<\/li>\n<li data-start=\"1271\" data-end=\"1369\">\n<p data-start=\"1273\" data-end=\"1300\">Veicoli GPL di fabbrica:<\/p>\n<ul data-start=\"1303\" data-end=\"1369\">\n<li data-start=\"1303\" data-end=\"1324\">\n<p data-start=\"1305\" data-end=\"1324\">Dacia Sandero LPG<\/p>\n<\/li>\n<li data-start=\"1327\" data-end=\"1346\">\n<p data-start=\"1329\" data-end=\"1346\">Dacia Logan LPG<\/p>\n<\/li>\n<li data-start=\"1349\" data-end=\"1369\">\n<p data-start=\"1351\" data-end=\"1369\">Dacia Duster LPG<\/p>\n<\/li>\n<\/ul>\n<\/li>\n<\/ul>\n<p data-start=\"1371\" data-end=\"1503\"><strong data-start=\"1371\" data-end=\"1389\">D&#8217;altra parte<\/strong>, pu\u00f2 essere utilizzato anche in altre varianti del cambio Li10 installate nei motori Renault\/Dacia a seconda della versione.<\/p>\n<hr data-start=\"1505\" data-end=\"1508\">\n<h2 data-start=\"1510\" data-end=\"1531\"><strong data-start=\"1513\" data-end=\"1531\">Approvazioni<\/strong><\/h2>\n<ul data-start=\"1532\" data-end=\"1563\">\n<li data-start=\"1532\" data-end=\"1546\">\n<p data-start=\"1534\" data-end=\"1546\">E3 03-6230<\/p>\n<\/li>\n<li data-start=\"1547\" data-end=\"1563\">\n<p data-start=\"1549\" data-end=\"1563\">E3 10R-03 6344<\/p>\n<\/li>\n<\/ul>\n<hr data-start=\"1565\" data-end=\"1568\">\n<h2 data-start=\"1570\" data-end=\"1590\"><strong data-start=\"1573\" data-end=\"1590\">Scheda tecnica<\/strong><\/h2>\n<ul data-start=\"1591\" data-end=\"1729\">\n<li data-start=\"1591\" data-end=\"1605\">\n<p data-start=\"1593\" data-end=\"1605\">Tipo: BM12<\/p>\n<\/li>\n<li data-start=\"1606\" data-end=\"1622\">\n<p data-start=\"1608\" data-end=\"1622\">Tensione: 12V<\/p>\n<\/li>\n<li data-start=\"1623\" data-end=\"1640\">\n<p data-start=\"1625\" data-end=\"1640\">Potenza: 11W<\/p>\n<\/li>\n<li data-start=\"1641\" data-end=\"1692\">\n<p data-start=\"1643\" data-end=\"1692\">Applicazione: Valvola solenoide riduttore di GPL Li10<\/p>\n<\/li>\n<li data-start=\"1693\" data-end=\"1729\">\n<p data-start=\"1695\" data-end=\"1729\">Montaggio: sostituzione diretta OEM<\/p>\n<\/li>\n<\/ul>\n<hr data-start=\"1731\" data-end=\"1734\">\n<h2 data-start=\"1736\" data-end=\"1759\"><strong data-start=\"1739\" data-end=\"1759\">Specifiche<\/strong><\/h2>\n<div class=\"_tableContainer_1rjym_1\">\n<div class=\"group _tableWrapper_1rjym_13 flex w-fit flex-col-reverse\" tabindex=\"-1\">\n<table class=\"w-fit min-w-(--thread-content-width)\" data-start=\"1760\" data-end=\"1973\">\n<thead data-start=\"1760\" data-end=\"1788\">\n<tr data-start=\"1760\" data-end=\"1788\">\n<th data-start=\"1760\" data-end=\"1777\" data-col-size=\"sm\">Caratteristiche<\/th>\n<th data-start=\"1777\" data-end=\"1788\" data-col-size=\"sm\">Dettagli<\/th>\n<\/tr>\n<\/thead>\n<tbody data-start=\"1818\" data-end=\"1973\">\n<tr data-start=\"1818\" data-end=\"1858\">\n<td data-start=\"1818\" data-end=\"1829\" data-col-size=\"sm\">Prodotto<\/td>\n<td data-start=\"1829\" data-end=\"1858\" data-col-size=\"sm\">Landi Renzo BM12 (bobina<\/td>\n<p>)<br \/>\n<\/tr>\n<tr data-start=\"1859\" data-end=\"1876\">\n<td data-start=\"1859\" data-end=\"1869\" data-col-size=\"sm\">Tensione<\/td>\n<td data-start=\"1869\" data-end=\"1876\" data-col-size=\"sm\">12V<\/td>\n<\/tr>\n<tr data-start=\"1877\" data-end=\"1895\">\n<td data-start=\"1877\" data-end=\"1888\" data-col-size=\"sm\">Potenza<\/td>\n<td data-start=\"1888\" data-end=\"1895\" data-col-size=\"sm\">11W<\/td>\n<\/tr>\n<tr data-start=\"1896\" data-end=\"1939\">\n<td data-start=\"1896\" data-end=\"1911\" data-col-size=\"sm\">Approvazione<\/td>\n<td data-col-size=\"sm\" data-start=\"1911\" data-end=\"1939\">E3 03-6230 \/ 10R-03 6344<\/td>\n<\/tr>\n<tr data-start=\"1940\" data-end=\"1973\">\n<td data-start=\"1940\" data-end=\"1946\" data-col-size=\"sm\">Applicazione<\/td>\n<td data-start=\"1946\" data-end=\"1973\" data-col-size=\"sm\">Riduttore OEM Dacia Li10<\/td>\n<\/tr>\n<\/tbody>\n<\/table>\n<\/div>\n<\/div>\n<hr data-start=\"1975\" data-end=\"1978\">\n<h2 data-start=\"1980\" data-end=\"1997\"><strong data-start=\"1983\" data-end=\"1997\">Benefici<\/strong><\/h2>\n<ul data-start=\"1998\" data-end=\"2279\">\n<li data-start=\"1998\" data-end=\"2049\">\n<p data-start=\"2000\" data-end=\"2049\">Piena compatibilit\u00e0 con i cambi originali.<\/p>\n<\/li>\n<li data-start=\"2050\" data-end=\"2122\">\n<p data-start=\"2052\" data-end=\"2122\"><strong data-start=\"2052\" data-end=\"2062\">Inoltre<\/strong>, offre un&#8217;attivazione precisa e stabile del passaggio gassoso.<\/p>\n<\/li>\n<li data-start=\"2123\" data-end=\"2158\">\n<p data-start=\"2125\" data-end=\"2158\">Installazione rapida senza aggiustamenti.<\/p>\n<\/li>\n<li data-start=\"2159\" data-end=\"2212\">\n<p data-start=\"2161\" data-end=\"2212\">Materiali resistenti al calore e all&#8217;uso continuo.<\/p>\n<\/li>\n<li data-start=\"2213\" data-end=\"2279\">\n<p data-start=\"2215\" data-end=\"2279\"><strong data-start=\"2215\" data-end=\"2229\">Infine<\/strong>, ripristina le prestazioni corrette del cambio.<\/p>\n<\/li>\n<\/ul>\n","protected":false},"excerpt":{"rendered":"<p data-start=\"3123\" data-end=\"3252\">Landi Renzo BM12 bobina 12V\u201311W per riduttore Dacia OEM Li10. Approvazione E3 e piena compatibilit\u00e0 con i sistemi originali a GPL. <\/p>\n","protected":false},"featured_media":41901,"comment_status":"open","ping_status":"closed","template":"","meta":{"_uag_custom_page_level_css":""},"product_brand":[],"product_cat":[2180,2123,2125,2181,2176],"product_tag":[],"class_list":{"0":"post-46754","1":"product","2":"type-product","3":"status-publish","4":"has-post-thumbnail","6":"product_cat-bobinas-magneticas","7":"product_cat-landirenzo","8":"product_cat-recambios-oem","9":"product_cat-recambios-oem-dacia","10":"product_cat-valvulas-solenoides","12":"first","13":"instock","14":"taxable","15":"shipping-taxable","16":"purchasable","17":"product-type-simple"},"ct_brands":[],"yoast_head":"<!-- This site is optimized with the Yoast SEO Premium plugin v27.5 (Yoast SEO v27.6) - https:\/\/yoast.com\/product\/yoast-seo-premium-wordpress\/ -->\n<title>LandiRenzo BM 12V - Bobina Solenoide 11W per riduttore OEM Li10 Dacia |%Recambios EcoGas<\/title>\n<meta name=\"description\" content=\"La bobina Landi Renzo BM12 12V-11W \u00e8 la sostituta originale del riduttore Dacia Li10. Installazione approvata e diretta.\" \/>\n<meta name=\"robots\" content=\"index, follow, max-snippet:-1, max-image-preview:large, max-video-preview:-1\" \/>\n<link rel=\"canonical\" href=\"https:\/\/recambiosecogas.com\/it\/producto\/landirenzo-bobina-de-solenoide-bm-12v-11w-para-li10-reductor-oem-dacia\/\" \/>\n<meta property=\"og:locale\" content=\"it_IT\" \/>\n<meta property=\"og:type\" content=\"article\" \/>\n<meta property=\"og:title\" content=\"LandiRenzo BM 12V - Bobina Solenoide 11W per riduttore OEM Li10 Dacia\" \/>\n<meta property=\"og:description\" content=\"La bobina Landi Renzo BM12 12V-11W \u00e8 la sostituta originale del riduttore Dacia Li10. Installazione approvata e diretta.\" \/>\n<meta property=\"og:url\" content=\"https:\/\/recambiosecogas.com\/it\/producto\/landirenzo-bobina-de-solenoide-bm-12v-11w-para-li10-reductor-oem-dacia\/\" \/>\n<meta property=\"og:site_name\" content=\"Recambios EcoGas\" \/>\n<meta property=\"article:publisher\" content=\"https:\/\/www.facebook.com\/profile.php?id=100062419705358\" \/>\n<meta property=\"article:modified_time\" content=\"2026-04-08T09:22:47+00:00\" \/>\n<meta property=\"og:image\" content=\"https:\/\/recambiosecogas.com\/wp-content\/uploads\/2024\/12\/landi-renzo-solenoide.webp\" \/>\n\t<meta property=\"og:image:width\" content=\"1000\" \/>\n\t<meta property=\"og:image:height\" content=\"1000\" \/>\n\t<meta property=\"og:image:type\" content=\"image\/png\" \/>\n<meta name=\"twitter:card\" content=\"summary_large_image\" \/>\n<meta name=\"twitter:label1\" content=\"Prezzo\" \/>\n\t<meta name=\"twitter:data1\" content=\"61,50&nbsp;&euro; (Sin IVA: 50,83&nbsp;&euro;)\" \/>\n\t<meta name=\"twitter:label2\" content=\"Disponibilit\u00e0\" \/>\n\t<meta name=\"twitter:data2\" content=\"In stock\" \/>\n<script type=\"application\/ld+json\" class=\"yoast-schema-graph\">{\"@context\":\"https:\\\/\\\/schema.org\",\"@graph\":[{\"@type\":\"WebPage\",\"@id\":\"https:\\\/\\\/recambiosecogas.com\\\/it\\\/producto\\\/landirenzo-bobina-de-solenoide-bm-12v-11w-para-li10-reductor-oem-dacia\\\/\",\"url\":\"https:\\\/\\\/recambiosecogas.com\\\/it\\\/producto\\\/landirenzo-bobina-de-solenoide-bm-12v-11w-para-li10-reductor-oem-dacia\\\/\",\"name\":\"LandiRenzo BM 12V - Bobina Solenoide 11W per riduttore OEM Li10 Dacia |%Recambios EcoGas\",\"isPartOf\":{\"@id\":\"https:\\\/\\\/recambiosecogas.com\\\/it\\\/#website\"},\"primaryImageOfPage\":{\"@id\":\"https:\\\/\\\/recambiosecogas.com\\\/it\\\/producto\\\/landirenzo-bobina-de-solenoide-bm-12v-11w-para-li10-reductor-oem-dacia\\\/#primaryimage\"},\"image\":{\"@id\":\"https:\\\/\\\/recambiosecogas.com\\\/it\\\/producto\\\/landirenzo-bobina-de-solenoide-bm-12v-11w-para-li10-reductor-oem-dacia\\\/#primaryimage\"},\"thumbnailUrl\":\"https:\\\/\\\/recambiosecogas.com\\\/wp-content\\\/uploads\\\/2024\\\/12\\\/landi-renzo-solenoide.webp\",\"datePublished\":\"2024-12-19T11:11:19+00:00\",\"dateModified\":\"2026-04-08T09:22:47+00:00\",\"description\":\"La bobina Landi Renzo BM12 12V-11W \u00e8 la sostituta originale del riduttore Dacia Li10. Installazione approvata e diretta.\",\"breadcrumb\":{\"@id\":\"https:\\\/\\\/recambiosecogas.com\\\/it\\\/producto\\\/landirenzo-bobina-de-solenoide-bm-12v-11w-para-li10-reductor-oem-dacia\\\/#breadcrumb\"},\"inLanguage\":\"it-IT\",\"potentialAction\":[{\"@type\":\"ReadAction\",\"target\":[\"https:\\\/\\\/recambiosecogas.com\\\/it\\\/producto\\\/landirenzo-bobina-de-solenoide-bm-12v-11w-para-li10-reductor-oem-dacia\\\/\"]}]},{\"@type\":\"ImageObject\",\"inLanguage\":\"it-IT\",\"@id\":\"https:\\\/\\\/recambiosecogas.com\\\/it\\\/producto\\\/landirenzo-bobina-de-solenoide-bm-12v-11w-para-li10-reductor-oem-dacia\\\/#primaryimage\",\"url\":\"https:\\\/\\\/recambiosecogas.com\\\/wp-content\\\/uploads\\\/2024\\\/12\\\/landi-renzo-solenoide.webp\",\"contentUrl\":\"https:\\\/\\\/recambiosecogas.com\\\/wp-content\\\/uploads\\\/2024\\\/12\\\/landi-renzo-solenoide.webp\",\"width\":1000,\"height\":1000},{\"@type\":\"BreadcrumbList\",\"@id\":\"https:\\\/\\\/recambiosecogas.com\\\/it\\\/producto\\\/landirenzo-bobina-de-solenoide-bm-12v-11w-para-li10-reductor-oem-dacia\\\/#breadcrumb\",\"itemListElement\":[{\"@type\":\"ListItem\",\"position\":1,\"name\":\"Portada\",\"item\":\"https:\\\/\\\/recambiosecogas.com\\\/it\\\/\"},{\"@type\":\"ListItem\",\"position\":2,\"name\":\"Negozio\",\"item\":\"https:\\\/\\\/recambiosecogas.com\\\/it\\\/?page_id=46382\"},{\"@type\":\"ListItem\",\"position\":3,\"name\":\"LandiRenzo BM 12V &#8211; Bobina Solenoide 11W per riduttore OEM Li10 Dacia\"}]},{\"@type\":\"WebSite\",\"@id\":\"https:\\\/\\\/recambiosecogas.com\\\/it\\\/#website\",\"url\":\"https:\\\/\\\/recambiosecogas.com\\\/it\\\/\",\"name\":\"Recambios EcoGas\",\"description\":\"Recambios Multimarca para sistemas de GLP\\\/GNC\\\/GNL\\\/Hidr\u00f3geno\",\"publisher\":{\"@id\":\"https:\\\/\\\/recambiosecogas.com\\\/it\\\/#organization\"},\"alternateName\":\"Recambios Autogas GLP\",\"potentialAction\":[{\"@type\":\"SearchAction\",\"target\":{\"@type\":\"EntryPoint\",\"urlTemplate\":\"https:\\\/\\\/recambiosecogas.com\\\/it\\\/?s={search_term_string}\"},\"query-input\":{\"@type\":\"PropertyValueSpecification\",\"valueRequired\":true,\"valueName\":\"search_term_string\"}}],\"inLanguage\":\"it-IT\"},{\"@type\":[\"Organization\",\"Place\"],\"@id\":\"https:\\\/\\\/recambiosecogas.com\\\/it\\\/#organization\",\"name\":\"Recambios EcoGas\",\"alternateName\":\"Tienda Online GLP Espa\u00f1a\",\"url\":\"https:\\\/\\\/recambiosecogas.com\\\/it\\\/\",\"logo\":{\"@id\":\"https:\\\/\\\/recambiosecogas.com\\\/it\\\/producto\\\/landirenzo-bobina-de-solenoide-bm-12v-11w-para-li10-reductor-oem-dacia\\\/#local-main-organization-logo\"},\"image\":{\"@id\":\"https:\\\/\\\/recambiosecogas.com\\\/it\\\/producto\\\/landirenzo-bobina-de-solenoide-bm-12v-11w-para-li10-reductor-oem-dacia\\\/#local-main-organization-logo\"},\"sameAs\":[\"https:\\\/\\\/www.facebook.com\\\/profile.php?id=100062419705358\",\"https:\\\/\\\/www.instagram.com\\\/segimon_automocio\"],\"description\":\"Recambios EcoGas \u2013 Venta y distribuci\u00f3n de sistemas GLP y GNC en Espa\u00f1a y Portugal. Env\u00edos 24 h, soporte t\u00e9cnico a talleres y distribuidores.\",\"hasMerchantReturnPolicy\":{\"@type\":\"MerchantReturnPolicy\",\"merchantReturnLink\":\"https:\\\/\\\/recambiosecogas.com\\\/politicas-privacidad\\\/\"},\"address\":{\"@id\":\"https:\\\/\\\/recambiosecogas.com\\\/it\\\/producto\\\/landirenzo-bobina-de-solenoide-bm-12v-11w-para-li10-reductor-oem-dacia\\\/#local-main-place-address\"},\"telephone\":[\"616250633\"],\"contactPoint\":{\"@type\":\"ContactPoint\",\"email\":\"export@recambiosecogas.com\"},\"openingHoursSpecification\":[{\"@type\":\"OpeningHoursSpecification\",\"dayOfWeek\":[\"Monday\",\"Tuesday\",\"Wednesday\",\"Thursday\",\"Friday\",\"Saturday\",\"Sunday\"],\"opens\":\"09:00\",\"closes\":\"17:00\"}],\"email\":\"info@recambiosecogas.com\",\"faxNumber\":\"SEGIMON AUTOMOCION SL\",\"vatID\":\"ESB19819861\",\"globalLocationNumber\":\"938 616 339\"},{\"@type\":\"PostalAddress\",\"@id\":\"https:\\\/\\\/recambiosecogas.com\\\/it\\\/producto\\\/landirenzo-bobina-de-solenoide-bm-12v-11w-para-li10-reductor-oem-dacia\\\/#local-main-place-address\",\"streetAddress\":\"cami antic de vic, 29 (Nave 3), Pol\u00edgono Industrial Congost\",\"addressLocality\":\"CORRO D`AVALL\",\"postalCode\":\"08520\",\"addressRegion\":\"Barcelona\",\"addressCountry\":\"ES\"},{\"@type\":\"ImageObject\",\"inLanguage\":\"it-IT\",\"@id\":\"https:\\\/\\\/recambiosecogas.com\\\/it\\\/producto\\\/landirenzo-bobina-de-solenoide-bm-12v-11w-para-li10-reductor-oem-dacia\\\/#local-main-organization-logo\",\"url\":\"https:\\\/\\\/recambiosecogas.com\\\/wp-content\\\/uploads\\\/2024\\\/11\\\/cropped-RECAMBIOS-GLP-png.webp\",\"contentUrl\":\"https:\\\/\\\/recambiosecogas.com\\\/wp-content\\\/uploads\\\/2024\\\/11\\\/cropped-RECAMBIOS-GLP-png.webp\",\"width\":512,\"height\":512,\"caption\":\"Recambios EcoGas\"}]}<\/script>\n<meta property=\"product:price:amount\" content=\"61.50\" \/>\n<meta property=\"product:price:currency\" content=\"EUR\" \/>\n<meta property=\"og:availability\" content=\"instock\" \/>\n<meta property=\"product:availability\" content=\"instock\" \/>\n<meta property=\"product:retailer_item_id\" content=\"124651A\" \/>\n<meta property=\"product:condition\" content=\"new\" \/>\n<meta name=\"geo.placename\" content=\"CORRO D`AVALL\" \/>\n<meta name=\"geo.region\" content=\"Spagna\" \/>\n<!-- \/ Yoast SEO Premium plugin. -->","yoast_head_json":{"title":"LandiRenzo BM 12V - Bobina Solenoide 11W per riduttore OEM Li10 Dacia |%Recambios EcoGas","description":"La bobina Landi Renzo BM12 12V-11W \u00e8 la sostituta originale del riduttore Dacia Li10. Installazione approvata e diretta.","robots":{"index":"index","follow":"follow","max-snippet":"max-snippet:-1","max-image-preview":"max-image-preview:large","max-video-preview":"max-video-preview:-1"},"canonical":"https:\/\/recambiosecogas.com\/it\/producto\/landirenzo-bobina-de-solenoide-bm-12v-11w-para-li10-reductor-oem-dacia\/","og_locale":"it_IT","og_type":"article","og_title":"LandiRenzo BM 12V - Bobina Solenoide 11W per riduttore OEM Li10 Dacia","og_description":"La bobina Landi Renzo BM12 12V-11W \u00e8 la sostituta originale del riduttore Dacia Li10. Installazione approvata e diretta.","og_url":"https:\/\/recambiosecogas.com\/it\/producto\/landirenzo-bobina-de-solenoide-bm-12v-11w-para-li10-reductor-oem-dacia\/","og_site_name":"Recambios EcoGas","article_publisher":"https:\/\/www.facebook.com\/profile.php?id=100062419705358","article_modified_time":"2026-04-08T09:22:47+00:00","og_image":[{"width":1000,"height":1000,"url":"https:\/\/recambiosecogas.com\/wp-content\/uploads\/2024\/12\/landi-renzo-solenoide.webp","type":"image\/png"}],"twitter_card":"summary_large_image","twitter_misc":{"Prezzo":"61,50&nbsp;&euro; (Sin IVA: 50,83&nbsp;&euro;)","Disponibilit\u00e0":"In stock"},"schema":{"@context":"https:\/\/schema.org","@graph":[{"@type":"WebPage","@id":"https:\/\/recambiosecogas.com\/it\/producto\/landirenzo-bobina-de-solenoide-bm-12v-11w-para-li10-reductor-oem-dacia\/","url":"https:\/\/recambiosecogas.com\/it\/producto\/landirenzo-bobina-de-solenoide-bm-12v-11w-para-li10-reductor-oem-dacia\/","name":"LandiRenzo BM 12V - Bobina Solenoide 11W per riduttore OEM Li10 Dacia |%Recambios EcoGas","isPartOf":{"@id":"https:\/\/recambiosecogas.com\/it\/#website"},"primaryImageOfPage":{"@id":"https:\/\/recambiosecogas.com\/it\/producto\/landirenzo-bobina-de-solenoide-bm-12v-11w-para-li10-reductor-oem-dacia\/#primaryimage"},"image":{"@id":"https:\/\/recambiosecogas.com\/it\/producto\/landirenzo-bobina-de-solenoide-bm-12v-11w-para-li10-reductor-oem-dacia\/#primaryimage"},"thumbnailUrl":"https:\/\/recambiosecogas.com\/wp-content\/uploads\/2024\/12\/landi-renzo-solenoide.webp","datePublished":"2024-12-19T11:11:19+00:00","dateModified":"2026-04-08T09:22:47+00:00","description":"La bobina Landi Renzo BM12 12V-11W \u00e8 la sostituta originale del riduttore Dacia Li10. Installazione approvata e diretta.","breadcrumb":{"@id":"https:\/\/recambiosecogas.com\/it\/producto\/landirenzo-bobina-de-solenoide-bm-12v-11w-para-li10-reductor-oem-dacia\/#breadcrumb"},"inLanguage":"it-IT","potentialAction":[{"@type":"ReadAction","target":["https:\/\/recambiosecogas.com\/it\/producto\/landirenzo-bobina-de-solenoide-bm-12v-11w-para-li10-reductor-oem-dacia\/"]}]},{"@type":"ImageObject","inLanguage":"it-IT","@id":"https:\/\/recambiosecogas.com\/it\/producto\/landirenzo-bobina-de-solenoide-bm-12v-11w-para-li10-reductor-oem-dacia\/#primaryimage","url":"https:\/\/recambiosecogas.com\/wp-content\/uploads\/2024\/12\/landi-renzo-solenoide.webp","contentUrl":"https:\/\/recambiosecogas.com\/wp-content\/uploads\/2024\/12\/landi-renzo-solenoide.webp","width":1000,"height":1000},{"@type":"BreadcrumbList","@id":"https:\/\/recambiosecogas.com\/it\/producto\/landirenzo-bobina-de-solenoide-bm-12v-11w-para-li10-reductor-oem-dacia\/#breadcrumb","itemListElement":[{"@type":"ListItem","position":1,"name":"Portada","item":"https:\/\/recambiosecogas.com\/it\/"},{"@type":"ListItem","position":2,"name":"Negozio","item":"https:\/\/recambiosecogas.com\/it\/?page_id=46382"},{"@type":"ListItem","position":3,"name":"LandiRenzo BM 12V &#8211; Bobina Solenoide 11W per riduttore OEM Li10 Dacia"}]},{"@type":"WebSite","@id":"https:\/\/recambiosecogas.com\/it\/#website","url":"https:\/\/recambiosecogas.com\/it\/","name":"Recambios EcoGas","description":"Recambios Multimarca para sistemas de GLP\/GNC\/GNL\/Hidr\u00f3geno","publisher":{"@id":"https:\/\/recambiosecogas.com\/it\/#organization"},"alternateName":"Recambios Autogas GLP","potentialAction":[{"@type":"SearchAction","target":{"@type":"EntryPoint","urlTemplate":"https:\/\/recambiosecogas.com\/it\/?s={search_term_string}"},"query-input":{"@type":"PropertyValueSpecification","valueRequired":true,"valueName":"search_term_string"}}],"inLanguage":"it-IT"},{"@type":["Organization","Place"],"@id":"https:\/\/recambiosecogas.com\/it\/#organization","name":"Recambios EcoGas","alternateName":"Tienda Online GLP Espa\u00f1a","url":"https:\/\/recambiosecogas.com\/it\/","logo":{"@id":"https:\/\/recambiosecogas.com\/it\/producto\/landirenzo-bobina-de-solenoide-bm-12v-11w-para-li10-reductor-oem-dacia\/#local-main-organization-logo"},"image":{"@id":"https:\/\/recambiosecogas.com\/it\/producto\/landirenzo-bobina-de-solenoide-bm-12v-11w-para-li10-reductor-oem-dacia\/#local-main-organization-logo"},"sameAs":["https:\/\/www.facebook.com\/profile.php?id=100062419705358","https:\/\/www.instagram.com\/segimon_automocio"],"description":"Recambios EcoGas \u2013 Venta y distribuci\u00f3n de sistemas GLP y GNC en Espa\u00f1a y Portugal. Env\u00edos 24 h, soporte t\u00e9cnico a talleres y distribuidores.","hasMerchantReturnPolicy":{"@type":"MerchantReturnPolicy","merchantReturnLink":"https:\/\/recambiosecogas.com\/politicas-privacidad\/"},"address":{"@id":"https:\/\/recambiosecogas.com\/it\/producto\/landirenzo-bobina-de-solenoide-bm-12v-11w-para-li10-reductor-oem-dacia\/#local-main-place-address"},"telephone":["616250633"],"contactPoint":{"@type":"ContactPoint","email":"export@recambiosecogas.com"},"openingHoursSpecification":[{"@type":"OpeningHoursSpecification","dayOfWeek":["Monday","Tuesday","Wednesday","Thursday","Friday","Saturday","Sunday"],"opens":"09:00","closes":"17:00"}],"email":"info@recambiosecogas.com","faxNumber":"SEGIMON AUTOMOCION SL","vatID":"ESB19819861","globalLocationNumber":"938 616 339"},{"@type":"PostalAddress","@id":"https:\/\/recambiosecogas.com\/it\/producto\/landirenzo-bobina-de-solenoide-bm-12v-11w-para-li10-reductor-oem-dacia\/#local-main-place-address","streetAddress":"cami antic de vic, 29 (Nave 3), Pol\u00edgono Industrial Congost","addressLocality":"CORRO D`AVALL","postalCode":"08520","addressRegion":"Barcelona","addressCountry":"ES"},{"@type":"ImageObject","inLanguage":"it-IT","@id":"https:\/\/recambiosecogas.com\/it\/producto\/landirenzo-bobina-de-solenoide-bm-12v-11w-para-li10-reductor-oem-dacia\/#local-main-organization-logo","url":"https:\/\/recambiosecogas.com\/wp-content\/uploads\/2024\/11\/cropped-RECAMBIOS-GLP-png.webp","contentUrl":"https:\/\/recambiosecogas.com\/wp-content\/uploads\/2024\/11\/cropped-RECAMBIOS-GLP-png.webp","width":512,"height":512,"caption":"Recambios EcoGas"}]},"product_price_amount":"61.50","product_price_currency":"EUR","og_availability":"instock","product_availability":"instock","product_retailer_item_id":"124651A","product_condition":"new","geo.placename":"CORRO D`AVALL","geo.region":"Spagna"},"uagb_featured_image_src":{"full":["https:\/\/recambiosecogas.com\/wp-content\/uploads\/2024\/12\/landi-renzo-solenoide.webp",1000,1000,false],"thumbnail":["https:\/\/recambiosecogas.com\/wp-content\/uploads\/2024\/12\/landi-renzo-solenoide-150x150.webp",150,150,true],"medium":["https:\/\/recambiosecogas.com\/wp-content\/uploads\/2024\/12\/landi-renzo-solenoide-300x300.webp",300,300,true],"medium_large":["https:\/\/recambiosecogas.com\/wp-content\/uploads\/2024\/12\/landi-renzo-solenoide-768x768.webp",768,768,true],"large":["https:\/\/recambiosecogas.com\/wp-content\/uploads\/2024\/12\/landi-renzo-solenoide.webp",1000,1000,false],"1536x1536":["https:\/\/recambiosecogas.com\/wp-content\/uploads\/2024\/12\/landi-renzo-solenoide.webp",1000,1000,false],"2048x2048":["https:\/\/recambiosecogas.com\/wp-content\/uploads\/2024\/12\/landi-renzo-solenoide.webp",1000,1000,false],"woocommerce_archive_thumbnail":["https:\/\/recambiosecogas.com\/wp-content\/uploads\/2024\/12\/landi-renzo-solenoide.webp",1000,1000,false],"woocommerce_thumbnail":["https:\/\/recambiosecogas.com\/wp-content\/uploads\/2024\/12\/landi-renzo-solenoide-300x300.webp",300,300,true],"woocommerce_single":["https:\/\/recambiosecogas.com\/wp-content\/uploads\/2024\/12\/landi-renzo-solenoide.webp",1000,1000,false],"woocommerce_gallery_thumbnail":["https:\/\/recambiosecogas.com\/wp-content\/uploads\/2024\/12\/landi-renzo-solenoide.webp",1000,1000,false],"dgwt-wcas-product-suggestion":["https:\/\/recambiosecogas.com\/wp-content\/uploads\/2024\/12\/landi-renzo-solenoide-64x64.webp",64,64,true]},"uagb_author_info":{"display_name":"Fran - Soporte T\u00e9cnico","author_link":"https:\/\/recambiosecogas.com\/it\/author\/"},"uagb_comment_info":0,"uagb_excerpt":"Landi Renzo BM12 bobina 12V\u201311W per riduttore Dacia OEM Li10. Approvazione E3 e piena compatibilit\u00e0 con i sistemi originali a GPL.","_links":{"self":[{"href":"https:\/\/recambiosecogas.com\/it\/wp-json\/wp\/v2\/product\/46754","targetHints":{"allow":["GET"]}}],"collection":[{"href":"https:\/\/recambiosecogas.com\/it\/wp-json\/wp\/v2\/product"}],"about":[{"href":"https:\/\/recambiosecogas.com\/it\/wp-json\/wp\/v2\/types\/product"}],"replies":[{"embeddable":true,"href":"https:\/\/recambiosecogas.com\/it\/wp-json\/wp\/v2\/comments?post=46754"}],"wp:featuredmedia":[{"embeddable":true,"href":"https:\/\/recambiosecogas.com\/it\/wp-json\/wp\/v2\/media\/41901"}],"wp:attachment":[{"href":"https:\/\/recambiosecogas.com\/it\/wp-json\/wp\/v2\/media?parent=46754"}],"wp:term":[{"taxonomy":"product_brand","embeddable":true,"href":"https:\/\/recambiosecogas.com\/it\/wp-json\/wp\/v2\/product_brand?post=46754"},{"taxonomy":"product_cat","embeddable":true,"href":"https:\/\/recambiosecogas.com\/it\/wp-json\/wp\/v2\/product_cat?post=46754"},{"taxonomy":"product_tag","embeddable":true,"href":"https:\/\/recambiosecogas.com\/it\/wp-json\/wp\/v2\/product_tag?post=46754"}],"curies":[{"name":"wp","href":"https:\/\/api.w.org\/{rel}","templated":true}]}}