{"id":46716,"date":"2024-12-19T11:11:15","date_gmt":"2024-12-19T11:11:15","guid":{"rendered":"https:\/\/recambiosecogas.com\/producto\/tartarini-solenoide-para-valvula-de-corte-ii\/"},"modified":"2026-04-08T10:22:30","modified_gmt":"2026-04-08T09:22:30","slug":"tartarini-solenoide-para-valvula-de-corte-ii","status":"publish","type":"product","link":"https:\/\/recambiosecogas.com\/it\/producto\/tartarini-solenoide-para-valvula-de-corte-ii\/","title":{"rendered":"Solenoide Tartarini per valvola di chiusura II"},"content":{"rendered":"<h1 data-start=\"225\" data-end=\"271\">Solenoide Tartarini per valvola di chiusura II<\/h1>\n<p data-start=\"273\" data-end=\"579\">La <strong data-start=\"276\" data-end=\"319\">valvola di chiusura del solenoide Tartarini II<\/strong> \u00e8 una bobina elettromagnetica progettata per controllare l&#8217;apertura e la chiusura del passaggio del gas nelle valvole di chiusura Tartarini installate nei sistemi Autogas, GPL e CNG. La sua funzione \u00e8 permettere l&#8217;alimentazione di gas tramite attivazione elettrica all&#8217;interno del circuito. <\/p>\n<p data-start=\"581\" data-end=\"699\">Viene utilizzato come sostituto tecnico nelle operazioni di manutenzione quando la bobina subisce guasti elettrici o usura.<\/p>\n<hr data-start=\"701\" data-end=\"704\">\n<h2 data-start=\"706\" data-end=\"765\">Solenoide elettromagnetico per valvola gassica Tartarini<\/h2>\n<div class=\"TyagGW_tableContainer\">\n<div class=\"group TyagGW_tableWrapper flex flex-col-reverse w-fit\" tabindex=\"-1\">\n<table class=\"w-fit min-w-(--thread-content-width)\" data-start=\"767\" data-end=\"1048\">\n<thead data-start=\"767\" data-end=\"795\">\n<tr data-start=\"767\" data-end=\"795\">\n<th class=\"\" data-start=\"767\" data-end=\"784\" data-col-size=\"sm\">Caratteristiche<\/th>\n<th class=\"\" data-start=\"784\" data-end=\"795\" data-col-size=\"sm\">Dettagli<\/th>\n<\/tr>\n<\/thead>\n<tbody data-start=\"825\" data-end=\"1048\">\n<tr data-start=\"825\" data-end=\"875\">\n<td data-start=\"825\" data-end=\"836\" data-col-size=\"sm\">Prodotto<\/td>\n<td data-start=\"836\" data-end=\"875\" data-col-size=\"sm\">Solenoide \/ Bobina elettromagnetica<\/td>\n<\/tr>\n<tr data-start=\"876\" data-end=\"897\">\n<td data-start=\"876\" data-end=\"884\" data-col-size=\"sm\">Marchio<\/td>\n<td data-col-size=\"sm\" data-start=\"884\" data-end=\"897\">Tartarini<\/td>\n<\/tr>\n<tr data-start=\"898\" data-end=\"934\">\n<td data-start=\"898\" data-end=\"911\" data-col-size=\"sm\">Applicazione<\/td>\n<td data-col-size=\"sm\" data-start=\"911\" data-end=\"934\">Valvalla di chiusura II<\/td>\n<\/tr>\n<tr data-start=\"935\" data-end=\"982\">\n<td data-start=\"935\" data-end=\"945\" data-col-size=\"sm\">Funzione<\/td>\n<td data-col-size=\"sm\" data-start=\"945\" data-end=\"982\">Apertura e chiusura del passaggio del gas<\/td>\n<\/tr>\n<tr data-start=\"983\" data-end=\"1010\">\n<td data-start=\"983\" data-end=\"997\" data-col-size=\"sm\">Carburante<\/td>\n<td data-col-size=\"sm\" data-start=\"997\" data-end=\"1010\">GPL \/ GNC<\/td>\n<\/tr>\n<tr data-start=\"1011\" data-end=\"1048\">\n<td data-start=\"1011\" data-end=\"1017\" data-col-size=\"sm\">Applicazione<\/td>\n<td data-col-size=\"sm\" data-start=\"1017\" data-end=\"1048\">Sostituzione \/ Manutenzione<\/td>\n<\/tr>\n<\/tbody>\n<\/table>\n<\/div>\n<\/div>\n<hr data-start=\"1050\" data-end=\"1053\">\n<h2 data-start=\"1055\" data-end=\"1094\">Compatibilit\u00e0 delle valvole Model II<\/h2>\n<p data-start=\"1096\" data-end=\"1199\">Il <strong data-start=\"1099\" data-end=\"1142\">solenoide di chiusura della valvola II<\/strong> \u00e8 compatibile con le valvole di chiusura Tartarini Model II.<\/p>\n<p data-start=\"1201\" data-end=\"1266\">Si consiglia di controllare il modello esatto prima dell&#8217;installazione.<\/p>\n<hr data-start=\"1268\" data-end=\"1271\">\n<h2 data-start=\"1273\" data-end=\"1318\">Vantaggi della componente di taglio elettrico<\/h2>\n<ul data-start=\"1320\" data-end=\"1492\">\n<li data-start=\"1320\" data-end=\"1355\">\n<p data-start=\"1322\" data-end=\"1355\">Controllo sicuro del flusso di gas<\/p>\n<\/li>\n<li data-start=\"1356\" data-end=\"1402\">\n<p data-start=\"1358\" data-end=\"1402\">Sostituzione specifica per la valvola modello II<\/p>\n<\/li>\n<li data-start=\"1403\" data-end=\"1448\">\n<p data-start=\"1405\" data-end=\"1448\">Adatto per installazioni autogas LPG e CNG<\/p>\n<\/li>\n<li data-start=\"1449\" data-end=\"1492\">\n<p data-start=\"1451\" data-end=\"1492\">Soluzione per la manutenzione professionale<\/p>\n<\/li>\n<\/ul>\n<hr data-start=\"1494\" data-end=\"1497\">\n<h2 data-start=\"1499\" data-end=\"1505\">Domande frequenti<\/h2>\n<p data-start=\"1507\" data-end=\"1650\"><strong data-start=\"1507\" data-end=\"1570\">A cosa serve la valvola di chiusura del solenoide II?<\/strong><br data-start=\"1570\" data-end=\"1573\">Permette di aprire e chiudere il flusso di gas nella valvola tramite un segnale elettrico.<\/p>\n<p data-start=\"1652\" data-end=\"1771\"><strong data-start=\"1652\" data-end=\"1704\">\u00c8 compatibile con tutte le valvole Tartarini?<\/strong><br data-start=\"1704\" data-end=\"1707\">No. \u00c8 indicato solo per la valvola di chiusura modello II. <\/p>\n<p data-start=\"1773\" data-end=\"1875\"><strong data-start=\"1773\" data-end=\"1808\">Pu\u00f2 essere usato nel GPL e nel GNC?<\/strong><br data-start=\"1808\" data-end=\"1811\">S\u00ec, purch\u00e9 sia installato in un sistema Autogas compatibile.<\/p>\n<p data-start=\"1877\" data-end=\"1975\"><strong data-start=\"1877\" data-end=\"1920\">\u00c8 consigliata un&#8217;installazione professionale?<\/strong><br data-start=\"1920\" data-end=\"1923\">S\u00ec, dato che \u00e8 un componente del sistema a gas.<\/p>\n","protected":false},"excerpt":{"rendered":"<div class=\"flex flex-col text-sm pb-25\">\n<article class=\"text-token-text-primary w-full focus:outline-none [--shadow-height:45px] has-data-writing-block:pointer-events-none has-data-writing-block:-mt-(--shadow-height) has-data-writing-block:pt-(--shadow-height) [&amp;:has([data-writing-block])&gt;*]:pointer-events-auto scroll-mt-[calc(var(--header-height)+min(200px,max(70px,20svh)))]\" dir=\"auto\" tabindex=\"-1\" data-turn-id=\"request-WEB:b3bb4a5a-92e7-4fc9-8a3c-1f467c7c261b-17\" data-testid=\"conversation-turn-36\" data-scroll-anchor=\"true\" data-turn=\"assistant\">\n<div class=\"text-base my-auto mx-auto pb-10 [--thread-content-margin:--spacing(4)] @w-sm\/main:[--thread-content-margin:--spacing(6)] @w-lg\/main:[--thread-content-margin:--spacing(16)] px-(--thread-content-margin)\">\n<div class=\"[--thread-content-max-width:40rem] @w-lg\/main:[--thread-content-max-width:48rem] mx-auto max-w-(--thread-content-max-width) flex-1 group\/turn-messages focus-visible:outline-hidden relative flex w-full min-w-0 flex-col agent-turn\" tabindex=\"-1\">\n<div class=\"flex max-w-full flex-col grow\">\n<div class=\"min-h-8 text-message relative flex w-full flex-col items-end gap-2 text-start break-words whitespace-normal [.text-message+&amp;]:mt-1\" dir=\"auto\" data-message-author-role=\"assistant\" data-message-id=\"9d2fc598-8af2-44d6-90ab-a4142d6058b2\" data-message-model-slug=\"gpt-5-2\">\n<div class=\"flex w-full flex-col gap-1 empty:hidden first:pt-[1px]\">\n<div class=\"markdown prose dark:prose-invert w-full wrap-break-word light markdown-new-styling\">\n<p data-start=\"2381\" data-end=\"2507\" data-is-last-node=\"\" data-is-only-node=\"\">Valvola di chiusura a solenoide Tartarini II per sistemi autogas a GPL e CNG. Sostituzione elettromagnetica per la manutenzione tecnica. <\/p>\n<\/div>\n<\/div>\n<\/div>\n<\/div>\n<div class=\"z-0 flex min-h-[46px] justify-start\"><\/div>\n<div class=\"mt-3 w-full empty:hidden\">\n<div class=\"text-center\"><\/div>\n<\/div>\n<\/div>\n<\/div>\n<\/article>\n<\/div>\n<div class=\"pointer-events-none h-px w-px absolute bottom-0\" aria-hidden=\"true\" data-edge=\"true\"><\/div>\n","protected":false},"featured_media":13664,"comment_status":"open","ping_status":"closed","template":"","meta":{"googlesitekit_rrm_CAowud7EDA:productID":"","_uag_custom_page_level_css":""},"product_brand":[],"product_cat":[2180],"product_tag":[],"class_list":{"0":"post-46716","1":"product","2":"type-product","3":"status-publish","4":"has-post-thumbnail","6":"product_cat-bobinas-magneticas","8":"first","9":"onbackorder","10":"taxable","11":"shipping-taxable","12":"purchasable","13":"product-type-simple"},"ct_brands":[],"yoast_head":"<!-- This site is optimized with the Yoast SEO Premium plugin v27.4 (Yoast SEO v27.4) - https:\/\/yoast.com\/product\/yoast-seo-premium-wordpress\/ -->\n<title>Solenoide Tartarini per valvola di chiusura II | Recambios EcoGas | Sistemas GLP y GNC<\/title>\n<meta name=\"description\" content=\"Valvola di chiusura a solenoide Tartarini II per sistemi autogas a GPL e CNG. Bobina elettromagnetica per la sostituzione e la manutenzione tecnica.\" \/>\n<meta name=\"robots\" content=\"index, follow, max-snippet:-1, max-image-preview:large, max-video-preview:-1\" \/>\n<link rel=\"canonical\" href=\"https:\/\/recambiosecogas.com\/it\/producto\/tartarini-solenoide-para-valvula-de-corte-ii\/\" \/>\n<meta property=\"og:locale\" content=\"it_IT\" \/>\n<meta property=\"og:type\" content=\"article\" \/>\n<meta property=\"og:title\" content=\"Solenoide Tartarini per valvola di chiusura II\" \/>\n<meta property=\"og:description\" content=\"Valvola di chiusura a solenoide Tartarini II per sistemi autogas a GPL e CNG. Bobina elettromagnetica per la sostituzione e la manutenzione tecnica.\" \/>\n<meta property=\"og:url\" content=\"https:\/\/recambiosecogas.com\/it\/producto\/tartarini-solenoide-para-valvula-de-corte-ii\/\" \/>\n<meta property=\"og:site_name\" content=\"Recambios EcoGas\" \/>\n<meta property=\"article:publisher\" content=\"https:\/\/www.facebook.com\/profile.php?id=100062419705358\" \/>\n<meta property=\"article:modified_time\" content=\"2026-04-08T09:22:30+00:00\" \/>\n<meta property=\"og:image\" content=\"https:\/\/recambiosecogas.com\/wp-content\/uploads\/2024\/12\/Tartarini-solenoide-para-valvula-de-corte-II-png.webp\" \/>\n\t<meta property=\"og:image:width\" content=\"1000\" \/>\n\t<meta property=\"og:image:height\" content=\"1000\" \/>\n\t<meta property=\"og:image:type\" content=\"image\/png\" \/>\n<meta name=\"twitter:card\" content=\"summary_large_image\" \/>\n<meta name=\"twitter:label1\" content=\"Prezzo\" \/>\n\t<meta name=\"twitter:data1\" content=\"17,33&nbsp;&euro; (IVA incl.: 20,97&nbsp;&euro;)\" \/>\n\t<meta name=\"twitter:label2\" content=\"Disponibilit\u00e0\" \/>\n\t<meta name=\"twitter:data2\" content=\"Su ordinazione\" \/>\n<script type=\"application\/ld+json\" class=\"yoast-schema-graph\">{\"@context\":\"https:\\\/\\\/schema.org\",\"@graph\":[{\"@type\":\"WebPage\",\"@id\":\"https:\\\/\\\/recambiosecogas.com\\\/it\\\/producto\\\/tartarini-solenoide-para-valvula-de-corte-ii\\\/\",\"url\":\"https:\\\/\\\/recambiosecogas.com\\\/it\\\/producto\\\/tartarini-solenoide-para-valvula-de-corte-ii\\\/\",\"name\":\"Solenoide Tartarini per valvola di chiusura II | Recambios EcoGas | Sistemas GLP y GNC\",\"isPartOf\":{\"@id\":\"https:\\\/\\\/recambiosecogas.com\\\/it\\\/#website\"},\"primaryImageOfPage\":{\"@id\":\"https:\\\/\\\/recambiosecogas.com\\\/it\\\/producto\\\/tartarini-solenoide-para-valvula-de-corte-ii\\\/#primaryimage\"},\"image\":{\"@id\":\"https:\\\/\\\/recambiosecogas.com\\\/it\\\/producto\\\/tartarini-solenoide-para-valvula-de-corte-ii\\\/#primaryimage\"},\"thumbnailUrl\":\"https:\\\/\\\/recambiosecogas.com\\\/wp-content\\\/uploads\\\/2024\\\/12\\\/Tartarini-solenoide-para-valvula-de-corte-II-png.webp\",\"datePublished\":\"2024-12-19T11:11:15+00:00\",\"dateModified\":\"2026-04-08T09:22:30+00:00\",\"description\":\"Valvola di chiusura a solenoide Tartarini II per sistemi autogas a GPL e CNG. Bobina elettromagnetica per la sostituzione e la manutenzione tecnica.\",\"breadcrumb\":{\"@id\":\"https:\\\/\\\/recambiosecogas.com\\\/it\\\/producto\\\/tartarini-solenoide-para-valvula-de-corte-ii\\\/#breadcrumb\"},\"inLanguage\":\"it-IT\",\"potentialAction\":[{\"@type\":\"ReadAction\",\"target\":[\"https:\\\/\\\/recambiosecogas.com\\\/it\\\/producto\\\/tartarini-solenoide-para-valvula-de-corte-ii\\\/\"]}]},{\"@type\":\"ImageObject\",\"inLanguage\":\"it-IT\",\"@id\":\"https:\\\/\\\/recambiosecogas.com\\\/it\\\/producto\\\/tartarini-solenoide-para-valvula-de-corte-ii\\\/#primaryimage\",\"url\":\"https:\\\/\\\/recambiosecogas.com\\\/wp-content\\\/uploads\\\/2024\\\/12\\\/Tartarini-solenoide-para-valvula-de-corte-II-png.webp\",\"contentUrl\":\"https:\\\/\\\/recambiosecogas.com\\\/wp-content\\\/uploads\\\/2024\\\/12\\\/Tartarini-solenoide-para-valvula-de-corte-II-png.webp\",\"width\":1000,\"height\":1000},{\"@type\":\"BreadcrumbList\",\"@id\":\"https:\\\/\\\/recambiosecogas.com\\\/it\\\/producto\\\/tartarini-solenoide-para-valvula-de-corte-ii\\\/#breadcrumb\",\"itemListElement\":[{\"@type\":\"ListItem\",\"position\":1,\"name\":\"Portada\",\"item\":\"https:\\\/\\\/recambiosecogas.com\\\/it\\\/\"},{\"@type\":\"ListItem\",\"position\":2,\"name\":\"Negozio\",\"item\":\"https:\\\/\\\/recambiosecogas.com\\\/it\\\/?page_id=46382\"},{\"@type\":\"ListItem\",\"position\":3,\"name\":\"Solenoide Tartarini per valvola di chiusura II\"}]},{\"@type\":\"WebSite\",\"@id\":\"https:\\\/\\\/recambiosecogas.com\\\/it\\\/#website\",\"url\":\"https:\\\/\\\/recambiosecogas.com\\\/it\\\/\",\"name\":\"Recambios EcoGas\",\"description\":\"Recambios Multimarca para sistemas de GLP\\\/GNC\\\/GNL\\\/Hidr\u00f3geno\",\"publisher\":{\"@id\":\"https:\\\/\\\/recambiosecogas.com\\\/it\\\/#organization\"},\"alternateName\":\"Recambios Autogas GLP\",\"potentialAction\":[{\"@type\":\"SearchAction\",\"target\":{\"@type\":\"EntryPoint\",\"urlTemplate\":\"https:\\\/\\\/recambiosecogas.com\\\/it\\\/?s={search_term_string}\"},\"query-input\":{\"@type\":\"PropertyValueSpecification\",\"valueRequired\":true,\"valueName\":\"search_term_string\"}}],\"inLanguage\":\"it-IT\"},{\"@type\":[\"Organization\",\"Place\"],\"@id\":\"https:\\\/\\\/recambiosecogas.com\\\/it\\\/#organization\",\"name\":\"Recambios EcoGas\",\"alternateName\":\"Tienda Online GLP Espa\u00f1a\",\"url\":\"https:\\\/\\\/recambiosecogas.com\\\/it\\\/\",\"logo\":{\"@id\":\"https:\\\/\\\/recambiosecogas.com\\\/it\\\/producto\\\/tartarini-solenoide-para-valvula-de-corte-ii\\\/#local-main-organization-logo\"},\"image\":{\"@id\":\"https:\\\/\\\/recambiosecogas.com\\\/it\\\/producto\\\/tartarini-solenoide-para-valvula-de-corte-ii\\\/#local-main-organization-logo\"},\"sameAs\":[\"https:\\\/\\\/www.facebook.com\\\/profile.php?id=100062419705358\",\"https:\\\/\\\/www.instagram.com\\\/segimon_automocio\"],\"description\":\"Recambios EcoGas \u2013 Venta y distribuci\u00f3n de sistemas GLP y GNC en Espa\u00f1a y Portugal. Env\u00edos 24 h, soporte t\u00e9cnico a talleres y distribuidores.\",\"hasMerchantReturnPolicy\":{\"@type\":\"MerchantReturnPolicy\",\"merchantReturnLink\":\"https:\\\/\\\/recambiosecogas.com\\\/politicas-privacidad\\\/\"},\"address\":{\"@id\":\"https:\\\/\\\/recambiosecogas.com\\\/it\\\/producto\\\/tartarini-solenoide-para-valvula-de-corte-ii\\\/#local-main-place-address\"},\"telephone\":[\"616250633\"],\"contactPoint\":{\"@type\":\"ContactPoint\",\"email\":\"export@recambiosecogas.com\"},\"openingHoursSpecification\":[{\"@type\":\"OpeningHoursSpecification\",\"dayOfWeek\":[\"Monday\",\"Tuesday\",\"Wednesday\",\"Thursday\",\"Friday\",\"Saturday\",\"Sunday\"],\"opens\":\"09:00\",\"closes\":\"17:00\"}],\"email\":\"info@recambiosecogas.com\",\"faxNumber\":\"SEGIMON AUTOMOCION SL\",\"vatID\":\"ESB19819861\",\"globalLocationNumber\":\"938 616 339\"},{\"@type\":\"PostalAddress\",\"@id\":\"https:\\\/\\\/recambiosecogas.com\\\/it\\\/producto\\\/tartarini-solenoide-para-valvula-de-corte-ii\\\/#local-main-place-address\",\"streetAddress\":\"cami antic de vic, 29 (Nave 3), Pol\u00edgono Industrial Congost\",\"addressLocality\":\"CORRO D`AVALL\",\"postalCode\":\"08520\",\"addressRegion\":\"Barcelona\",\"addressCountry\":\"ES\"},{\"@type\":\"ImageObject\",\"inLanguage\":\"it-IT\",\"@id\":\"https:\\\/\\\/recambiosecogas.com\\\/it\\\/producto\\\/tartarini-solenoide-para-valvula-de-corte-ii\\\/#local-main-organization-logo\",\"url\":\"https:\\\/\\\/recambiosecogas.com\\\/wp-content\\\/uploads\\\/2024\\\/11\\\/cropped-RECAMBIOS-GLP-png.webp\",\"contentUrl\":\"https:\\\/\\\/recambiosecogas.com\\\/wp-content\\\/uploads\\\/2024\\\/11\\\/cropped-RECAMBIOS-GLP-png.webp\",\"width\":512,\"height\":512,\"caption\":\"Recambios EcoGas\"}]}<\/script>\n<meta property=\"product:price:amount\" content=\"17.33\" \/>\n<meta property=\"product:price:currency\" content=\"EUR\" \/>\n<meta property=\"og:availability\" content=\"backorder\" \/>\n<meta property=\"product:availability\" content=\"available for order\" \/>\n<meta property=\"product:retailer_item_id\" content=\"105233A\" \/>\n<meta property=\"product:condition\" content=\"new\" \/>\n<meta name=\"geo.placename\" content=\"CORRO D`AVALL\" \/>\n<meta name=\"geo.region\" content=\"Spagna\" \/>\n<!-- \/ Yoast SEO Premium plugin. -->","yoast_head_json":{"title":"Solenoide Tartarini per valvola di chiusura II | Recambios EcoGas | Sistemas GLP y GNC","description":"Valvola di chiusura a solenoide Tartarini II per sistemi autogas a GPL e CNG. Bobina elettromagnetica per la sostituzione e la manutenzione tecnica.","robots":{"index":"index","follow":"follow","max-snippet":"max-snippet:-1","max-image-preview":"max-image-preview:large","max-video-preview":"max-video-preview:-1"},"canonical":"https:\/\/recambiosecogas.com\/it\/producto\/tartarini-solenoide-para-valvula-de-corte-ii\/","og_locale":"it_IT","og_type":"article","og_title":"Solenoide Tartarini per valvola di chiusura II","og_description":"Valvola di chiusura a solenoide Tartarini II per sistemi autogas a GPL e CNG. Bobina elettromagnetica per la sostituzione e la manutenzione tecnica.","og_url":"https:\/\/recambiosecogas.com\/it\/producto\/tartarini-solenoide-para-valvula-de-corte-ii\/","og_site_name":"Recambios EcoGas","article_publisher":"https:\/\/www.facebook.com\/profile.php?id=100062419705358","article_modified_time":"2026-04-08T09:22:30+00:00","og_image":[{"width":1000,"height":1000,"url":"https:\/\/recambiosecogas.com\/wp-content\/uploads\/2024\/12\/Tartarini-solenoide-para-valvula-de-corte-II-png.webp","type":"image\/png"}],"twitter_card":"summary_large_image","twitter_misc":{"Prezzo":"17,33&nbsp;&euro; (IVA incl.: 20,97&nbsp;&euro;)","Disponibilit\u00e0":"Su ordinazione"},"schema":{"@context":"https:\/\/schema.org","@graph":[{"@type":"WebPage","@id":"https:\/\/recambiosecogas.com\/it\/producto\/tartarini-solenoide-para-valvula-de-corte-ii\/","url":"https:\/\/recambiosecogas.com\/it\/producto\/tartarini-solenoide-para-valvula-de-corte-ii\/","name":"Solenoide Tartarini per valvola di chiusura II | Recambios EcoGas | Sistemas GLP y GNC","isPartOf":{"@id":"https:\/\/recambiosecogas.com\/it\/#website"},"primaryImageOfPage":{"@id":"https:\/\/recambiosecogas.com\/it\/producto\/tartarini-solenoide-para-valvula-de-corte-ii\/#primaryimage"},"image":{"@id":"https:\/\/recambiosecogas.com\/it\/producto\/tartarini-solenoide-para-valvula-de-corte-ii\/#primaryimage"},"thumbnailUrl":"https:\/\/recambiosecogas.com\/wp-content\/uploads\/2024\/12\/Tartarini-solenoide-para-valvula-de-corte-II-png.webp","datePublished":"2024-12-19T11:11:15+00:00","dateModified":"2026-04-08T09:22:30+00:00","description":"Valvola di chiusura a solenoide Tartarini II per sistemi autogas a GPL e CNG. Bobina elettromagnetica per la sostituzione e la manutenzione tecnica.","breadcrumb":{"@id":"https:\/\/recambiosecogas.com\/it\/producto\/tartarini-solenoide-para-valvula-de-corte-ii\/#breadcrumb"},"inLanguage":"it-IT","potentialAction":[{"@type":"ReadAction","target":["https:\/\/recambiosecogas.com\/it\/producto\/tartarini-solenoide-para-valvula-de-corte-ii\/"]}]},{"@type":"ImageObject","inLanguage":"it-IT","@id":"https:\/\/recambiosecogas.com\/it\/producto\/tartarini-solenoide-para-valvula-de-corte-ii\/#primaryimage","url":"https:\/\/recambiosecogas.com\/wp-content\/uploads\/2024\/12\/Tartarini-solenoide-para-valvula-de-corte-II-png.webp","contentUrl":"https:\/\/recambiosecogas.com\/wp-content\/uploads\/2024\/12\/Tartarini-solenoide-para-valvula-de-corte-II-png.webp","width":1000,"height":1000},{"@type":"BreadcrumbList","@id":"https:\/\/recambiosecogas.com\/it\/producto\/tartarini-solenoide-para-valvula-de-corte-ii\/#breadcrumb","itemListElement":[{"@type":"ListItem","position":1,"name":"Portada","item":"https:\/\/recambiosecogas.com\/it\/"},{"@type":"ListItem","position":2,"name":"Negozio","item":"https:\/\/recambiosecogas.com\/it\/?page_id=46382"},{"@type":"ListItem","position":3,"name":"Solenoide Tartarini per valvola di chiusura II"}]},{"@type":"WebSite","@id":"https:\/\/recambiosecogas.com\/it\/#website","url":"https:\/\/recambiosecogas.com\/it\/","name":"Recambios EcoGas","description":"Recambios Multimarca para sistemas de GLP\/GNC\/GNL\/Hidr\u00f3geno","publisher":{"@id":"https:\/\/recambiosecogas.com\/it\/#organization"},"alternateName":"Recambios Autogas GLP","potentialAction":[{"@type":"SearchAction","target":{"@type":"EntryPoint","urlTemplate":"https:\/\/recambiosecogas.com\/it\/?s={search_term_string}"},"query-input":{"@type":"PropertyValueSpecification","valueRequired":true,"valueName":"search_term_string"}}],"inLanguage":"it-IT"},{"@type":["Organization","Place"],"@id":"https:\/\/recambiosecogas.com\/it\/#organization","name":"Recambios EcoGas","alternateName":"Tienda Online GLP Espa\u00f1a","url":"https:\/\/recambiosecogas.com\/it\/","logo":{"@id":"https:\/\/recambiosecogas.com\/it\/producto\/tartarini-solenoide-para-valvula-de-corte-ii\/#local-main-organization-logo"},"image":{"@id":"https:\/\/recambiosecogas.com\/it\/producto\/tartarini-solenoide-para-valvula-de-corte-ii\/#local-main-organization-logo"},"sameAs":["https:\/\/www.facebook.com\/profile.php?id=100062419705358","https:\/\/www.instagram.com\/segimon_automocio"],"description":"Recambios EcoGas \u2013 Venta y distribuci\u00f3n de sistemas GLP y GNC en Espa\u00f1a y Portugal. Env\u00edos 24 h, soporte t\u00e9cnico a talleres y distribuidores.","hasMerchantReturnPolicy":{"@type":"MerchantReturnPolicy","merchantReturnLink":"https:\/\/recambiosecogas.com\/politicas-privacidad\/"},"address":{"@id":"https:\/\/recambiosecogas.com\/it\/producto\/tartarini-solenoide-para-valvula-de-corte-ii\/#local-main-place-address"},"telephone":["616250633"],"contactPoint":{"@type":"ContactPoint","email":"export@recambiosecogas.com"},"openingHoursSpecification":[{"@type":"OpeningHoursSpecification","dayOfWeek":["Monday","Tuesday","Wednesday","Thursday","Friday","Saturday","Sunday"],"opens":"09:00","closes":"17:00"}],"email":"info@recambiosecogas.com","faxNumber":"SEGIMON AUTOMOCION SL","vatID":"ESB19819861","globalLocationNumber":"938 616 339"},{"@type":"PostalAddress","@id":"https:\/\/recambiosecogas.com\/it\/producto\/tartarini-solenoide-para-valvula-de-corte-ii\/#local-main-place-address","streetAddress":"cami antic de vic, 29 (Nave 3), Pol\u00edgono Industrial Congost","addressLocality":"CORRO D`AVALL","postalCode":"08520","addressRegion":"Barcelona","addressCountry":"ES"},{"@type":"ImageObject","inLanguage":"it-IT","@id":"https:\/\/recambiosecogas.com\/it\/producto\/tartarini-solenoide-para-valvula-de-corte-ii\/#local-main-organization-logo","url":"https:\/\/recambiosecogas.com\/wp-content\/uploads\/2024\/11\/cropped-RECAMBIOS-GLP-png.webp","contentUrl":"https:\/\/recambiosecogas.com\/wp-content\/uploads\/2024\/11\/cropped-RECAMBIOS-GLP-png.webp","width":512,"height":512,"caption":"Recambios EcoGas"}]},"product_price_amount":"17.33","product_price_currency":"EUR","og_availability":"backorder","product_availability":"available for order","product_retailer_item_id":"105233A","product_condition":"new","geo.placename":"CORRO D`AVALL","geo.region":"Spagna"},"uagb_featured_image_src":{"full":["https:\/\/recambiosecogas.com\/wp-content\/uploads\/2024\/12\/Tartarini-solenoide-para-valvula-de-corte-II-png.webp",1000,1000,false],"thumbnail":["https:\/\/recambiosecogas.com\/wp-content\/uploads\/2024\/12\/Tartarini-solenoide-para-valvula-de-corte-II-150x150.webp",150,150,true],"medium":["https:\/\/recambiosecogas.com\/wp-content\/uploads\/2024\/12\/Tartarini-solenoide-para-valvula-de-corte-II-300x300.webp",300,300,true],"medium_large":["https:\/\/recambiosecogas.com\/wp-content\/uploads\/2024\/12\/Tartarini-solenoide-para-valvula-de-corte-II-768x768.webp",768,768,true],"large":["https:\/\/recambiosecogas.com\/wp-content\/uploads\/2024\/12\/Tartarini-solenoide-para-valvula-de-corte-II-png.webp",1000,1000,false],"1536x1536":["https:\/\/recambiosecogas.com\/wp-content\/uploads\/2024\/12\/Tartarini-solenoide-para-valvula-de-corte-II-png.webp",1000,1000,false],"2048x2048":["https:\/\/recambiosecogas.com\/wp-content\/uploads\/2024\/12\/Tartarini-solenoide-para-valvula-de-corte-II-png.webp",1000,1000,false],"woocommerce_archive_thumbnail":["https:\/\/recambiosecogas.com\/wp-content\/uploads\/2024\/12\/Tartarini-solenoide-para-valvula-de-corte-II-png.webp",1000,1000,false],"woocommerce_thumbnail":["https:\/\/recambiosecogas.com\/wp-content\/uploads\/2024\/12\/Tartarini-solenoide-para-valvula-de-corte-II-300x300.webp",300,300,true],"woocommerce_single":["https:\/\/recambiosecogas.com\/wp-content\/uploads\/2024\/12\/Tartarini-solenoide-para-valvula-de-corte-II-png.webp",1000,1000,false],"woocommerce_gallery_thumbnail":["https:\/\/recambiosecogas.com\/wp-content\/uploads\/2024\/12\/Tartarini-solenoide-para-valvula-de-corte-II-png.webp",1000,1000,false],"dgwt-wcas-product-suggestion":["https:\/\/recambiosecogas.com\/wp-content\/uploads\/2024\/12\/Tartarini-solenoide-para-valvula-de-corte-II-64x64.webp",64,64,true]},"uagb_author_info":{"display_name":"Fran - Soporte T\u00e9cnico","author_link":"https:\/\/recambiosecogas.com\/it\/author\/"},"uagb_comment_info":0,"uagb_excerpt":"Valvola di chiusura a solenoide Tartarini II per sistemi autogas a GPL e CNG. Sostituzione elettromagnetica per la manutenzione tecnica.","_links":{"self":[{"href":"https:\/\/recambiosecogas.com\/it\/wp-json\/wp\/v2\/product\/46716","targetHints":{"allow":["GET"]}}],"collection":[{"href":"https:\/\/recambiosecogas.com\/it\/wp-json\/wp\/v2\/product"}],"about":[{"href":"https:\/\/recambiosecogas.com\/it\/wp-json\/wp\/v2\/types\/product"}],"replies":[{"embeddable":true,"href":"https:\/\/recambiosecogas.com\/it\/wp-json\/wp\/v2\/comments?post=46716"}],"wp:featuredmedia":[{"embeddable":true,"href":"https:\/\/recambiosecogas.com\/it\/wp-json\/wp\/v2\/media\/13664"}],"wp:attachment":[{"href":"https:\/\/recambiosecogas.com\/it\/wp-json\/wp\/v2\/media?parent=46716"}],"wp:term":[{"taxonomy":"product_brand","embeddable":true,"href":"https:\/\/recambiosecogas.com\/it\/wp-json\/wp\/v2\/product_brand?post=46716"},{"taxonomy":"product_cat","embeddable":true,"href":"https:\/\/recambiosecogas.com\/it\/wp-json\/wp\/v2\/product_cat?post=46716"},{"taxonomy":"product_tag","embeddable":true,"href":"https:\/\/recambiosecogas.com\/it\/wp-json\/wp\/v2\/product_tag?post=46716"}],"curies":[{"name":"wp","href":"https:\/\/api.w.org\/{rel}","templated":true}]}}