{"id":46680,"date":"2024-12-23T15:32:26","date_gmt":"2024-12-23T14:32:26","guid":{"rendered":"https:\/\/recambiosecogas.com\/producto\/adaptador-m10x1-5-euro-unificado-sin-valvula-ar-intermedio-gmt\/"},"modified":"2026-04-08T10:21:51","modified_gmt":"2026-04-08T09:21:51","slug":"adaptador-m10x1-5-euro-unificado-sin-valvula-ar-intermedio-gmt","status":"publish","type":"product","link":"https:\/\/recambiosecogas.com\/it\/producto\/adaptador-m10x1-5-euro-unificado-sin-valvula-ar-intermedio-gmt\/","title":{"rendered":"Adattatore unificato europeo M10x1.5 senza valvola \u2013 AR Intermediate GMT"},"content":{"rendered":"<div class=\"flex flex-grow flex-col max-w-full\">\n<div class=\"min-h-[20px] text-message flex flex-col items-start whitespace-pre-wrap break-words [.text-message+&amp;]:mt-5 juice:w-full juice:items-end overflow-x-auto gap-2\" dir=\"auto\" data-message-author-role=\"assistant\" data-message-id=\"7fc54c0a-810e-41c0-acf3-242b605cca90\">\n<div class=\"flex w-full flex-col gap-1 juice:empty:hidden juice:first:pt-[3px]\">\n<div class=\"markdown prose w-full break-words dark:prose-invert light\">\n<h3 style=\"text-align: center;\" data-start=\"394\" data-end=\"780\">Adattatore unificato europeo M10x1.5 senza valvola \u2013 AR Intermediate GMT<\/h3>\n<p class=\"\" data-start=\"394\" data-end=\"780\"><strong data-start=\"397\" data-end=\"465\">L&#8217;adattatore valvola GMT intermedio M10x1.5 \/ Euro<\/strong> Unified senza AR \u00e8 una soluzione affidabile e sicura per installazioni e manutenzione nei sistemi <strong data-start=\"546\" data-end=\"579\">di GPL (gas di petrolio liquefatto<\/strong>). Il suo design \u00e8 pensato per offrire una <strong data-start=\"630\" data-end=\"695\">connessione solida e senza perdite, compatibile con configurazioni specifiche<\/strong>, ideale per veicoli che richiedono un connettore intermedio con filettatura M10x1.5 <span style=\"color: #ffffff;\">\u00a9. Ricambi EcoGas<\/span> <\/p>\n<p class=\"\" data-start=\"782\" data-end=\"1055\">Realizzato con <strong data-start=\"796\" data-end=\"837\">materiali resistenti alla corrosione<\/strong>, questo adattatore garantisce una lunga durata e resiste a condizioni impegnative. \u00c8 ampiamente utilizzato da <strong data-start=\"940\" data-end=\"974\">officine specializzate di GPL<\/strong>, sia per l&#8217;assemblaggio iniziale sia per l&#8217;aggiornamento e la riparazione. <span style=\"color: #ffffff;\">\u00a9Ricambi EcoGas<\/span> <\/p>\n<p class=\"\" data-start=\"1057\" data-end=\"1250\">L&#8217;assenza di una valvola lo rende un modello <strong data-start=\"1106\" data-end=\"1130\">intermedio unificato<\/strong> , particolarmente pratico per alcune applicazioni specifiche, senza influire sulle prestazioni o sulla sicurezza del sistema.<\/p>\n<hr class=\"\" data-start=\"1252\" data-end=\"1255\">\n<h4 data-start=\"1257\" data-end=\"1330\"><strong data-start=\"1261\" data-end=\"1330\">Caratteristiche tecniche \u2013 Adattatore M10x1.5 \/ Ricambi GMT<span style=\"color: #ffffff;\">\u00a9EcoGas<\/span> Euro Unified<\/strong><\/h4>\n<div class=\"overflow-x-auto contain-inline-size\">\n<table data-start=\"1332\" data-end=\"2364\">\n<thead data-start=\"1332\" data-end=\"1426\">\n<tr data-start=\"1332\" data-end=\"1426\">\n<th data-start=\"1332\" data-end=\"1361\">Specifiche<\/th>\n<th data-start=\"1361\" data-end=\"1426\">Dettagli<\/th>\n<\/tr>\n<\/thead>\n<tbody data-start=\"1521\" data-end=\"2364\">\n<tr data-start=\"1521\" data-end=\"1614\">\nTipo <\/p>\n<td><strong data-start=\"1523\" data-end=\"1543\">di prodotto<\/strong><\/td>\n<td>Adattatore intermedio senza valvole<\/td>\n<\/tr>\n<tr data-start=\"1615\" data-end=\"1708\">\n<td><strong data-start=\"1617\" data-end=\"1626\">Filo<\/strong><\/td>\n<td>M10x1.5<\/td>\n<\/tr>\n<tr data-start=\"1709\" data-end=\"1802\">\n<td><strong data-start=\"1711\" data-end=\"1722\">Sistema<\/strong><\/td>\n<td>Euro Unificato<\/td>\n<\/tr>\n<tr data-start=\"1803\" data-end=\"1896\">\n<td><strong data-start=\"1805\" data-end=\"1817\">Materiale<\/strong><\/td>\n<td>Metallo resistente alla corrosione<\/td>\n<\/tr>\n<tr data-start=\"1897\" data-end=\"1990\">\n<td><strong data-start=\"1899\" data-end=\"1910\">Valvola<\/strong><\/td>\n<td>Valvola non inclusa<\/td>\n<\/tr>\n<tr data-start=\"1991\" data-end=\"2083\">\n<td><strong data-start=\"1993\" data-end=\"2007\">Applicazione<\/strong><\/td>\n<td>Sistemi a gas GPL nei veicoli<\/td>\n<\/tr>\n<tr data-start=\"2084\" data-end=\"2176\">\n<td><strong data-start=\"2086\" data-end=\"2104\">Compatibilit\u00e0<\/strong><\/td>\n<td>Configurazioni multiple a autogas<\/td>\n<\/tr>\n<tr data-start=\"2177\" data-end=\"2270\">\n<td><strong data-start=\"2179\" data-end=\"2194\">Installazione<\/strong><\/td>\n<td>Veloce, nessuna modifica aggiuntiva<\/td>\n<\/tr>\n<tr data-start=\"2271\" data-end=\"2364\">\n<td><strong data-start=\"2273\" data-end=\"2287\">Produttore<\/strong><\/td>\n<td>GMT<\/td>\n<\/tr>\n<\/tbody>\n<\/table>\n<\/div>\n<blockquote data-start=\"2366\" data-end=\"2490\">\n<p class=\"\" data-start=\"2368\" data-end=\"2490\"><em><strong>Consigliato per officine professionali di GPL e aggiornamenti tecnici dei veicoli. Garantisce una connessione solida e sicura. <span style=\"color: #ffffff;\">\u00a9Ricambi EcoGas<\/span><\/strong><\/em><\/p>\n<\/blockquote>\n<p><a href=\"https:\/\/recambiosecogas.com\/it\/categoria-producto\/filtros\/\">ACQUISTA PI\u00d9 PRODOTTI ONLINE NEL NOSTRO NEGOZIO<\/a><\/p>\n<p><a href=\"http:\/\/www.segimonautomocio.com\/\">CONVERTITE IN LPG NEL NOSTRO OFFICINO UFFICIALE DI INSTALLAZIONE, MAGGIORI INFORMAZIONI SUL SITO WEB DEL NOSTRO WORKSHOP<\/a><\/p>\n<\/div>\n<\/div>\n<\/div>\n<\/div>\n<p>Questo adattatore \u00e8 essenziale per chi desidera convertire all&#8217;Autogas o mantenere i propri sistemi a GPL in condizioni ottimali. Il suo design senza valvole consente un&#8217;installazione pi\u00f9 semplice e veloce, ideale per officine che necessitano di un componente affidabile e duraturo. Assicurati che il tuo veicolo sia preparato per questo tipo di adattatore e goditi di una connessione sicura ed efficiente al tuo sistema di gas.  <\/p>\n","protected":false},"excerpt":{"rendered":"<p>Adattatore unificato europeo M10x1.5 senza valvola \u2013 AR Intermediate GMT L&#8217;adattatore valvola GMT intermedio M10x1.5 \/ Euro Unified senza AR \u00e8 una soluzione affidabile e sicura per installazioni e manutenzione nei sistemi di GPL (gas di petrolio liquefatto). Il suo design \u00e8 pensato per offrire una connessione solida e senza perdite, compatibile con configurazioni specifiche, [&hellip;]<\/p>\n","protected":false},"featured_media":5645,"comment_status":"open","ping_status":"closed","template":"","meta":{"_uag_custom_page_level_css":""},"product_brand":[],"product_cat":[2188,2189,2347,2162],"product_tag":[],"class_list":{"0":"post-46680","1":"product","2":"type-product","3":"status-publish","4":"has-post-thumbnail","6":"product_cat-adaptador-glp","7":"product_cat-adaptadores-glp","8":"product_cat-adattatori-per-paese","9":"product_cat-repostar","11":"first","12":"onbackorder","13":"taxable","14":"shipping-taxable","15":"purchasable","16":"product-type-simple"},"ct_brands":[],"yoast_head":"<!-- This site is optimized with the Yoast SEO Premium plugin v27.5 (Yoast SEO v27.6) - https:\/\/yoast.com\/product\/yoast-seo-premium-wordpress\/ -->\n<title>Adattatore M10x1.5 LPG Euro Unified senza valvola | Pezzi di ricambio Ecogas<\/title>\n<meta name=\"description\" content=\"Adattatore unificato europeo M10x1.5 senza valvole, ideale per sistemi a GPL. Connessione sicura e duratura per i veicoli. Acquista online.\" \/>\n<meta name=\"robots\" content=\"index, follow, max-snippet:-1, max-image-preview:large, max-video-preview:-1\" \/>\n<link rel=\"canonical\" href=\"https:\/\/recambiosecogas.com\/it\/producto\/adaptador-m10x1-5-euro-unificado-sin-valvula-ar-intermedio-gmt\/\" \/>\n<meta property=\"og:locale\" content=\"it_IT\" \/>\n<meta property=\"og:type\" content=\"article\" \/>\n<meta property=\"og:title\" content=\"Adattatore unificato europeo M10x1.5 senza valvola \u2013 AR Intermediate GMT\" \/>\n<meta property=\"og:description\" content=\"Adattatore unificato europeo M10x1.5 senza valvole, ideale per sistemi a GPL. Connessione sicura e duratura per i veicoli. Acquista online.\" \/>\n<meta property=\"og:url\" content=\"https:\/\/recambiosecogas.com\/it\/producto\/adaptador-m10x1-5-euro-unificado-sin-valvula-ar-intermedio-gmt\/\" \/>\n<meta property=\"og:site_name\" content=\"Recambios EcoGas\" \/>\n<meta property=\"article:publisher\" content=\"https:\/\/www.facebook.com\/profile.php?id=100062419705358\" \/>\n<meta property=\"article:modified_time\" content=\"2026-04-08T09:21:51+00:00\" \/>\n<meta property=\"og:image\" content=\"https:\/\/recambiosecogas.com\/wp-content\/uploads\/2024\/10\/ADAPTADOR-M10X1.5-TOMA-DE-CARGA-ITALIANA-SIN-AR-TOMASETTO-1-2.webp\" \/>\n\t<meta property=\"og:image:width\" content=\"1000\" \/>\n\t<meta property=\"og:image:height\" content=\"1000\" \/>\n\t<meta property=\"og:image:type\" content=\"image\/jpeg\" \/>\n<meta name=\"twitter:card\" content=\"summary_large_image\" \/>\n<meta name=\"twitter:label1\" content=\"Prezzo\" \/>\n\t<meta name=\"twitter:data1\" content=\"29,92&nbsp;&euro; (Sin IVA: 24,73&nbsp;&euro;)\" \/>\n\t<meta name=\"twitter:label2\" content=\"Disponibilit\u00e0\" \/>\n\t<meta name=\"twitter:data2\" content=\"Su ordinazione\" \/>\n<script type=\"application\/ld+json\" class=\"yoast-schema-graph\">{\"@context\":\"https:\\\/\\\/schema.org\",\"@graph\":[{\"@type\":\"WebPage\",\"@id\":\"https:\\\/\\\/recambiosecogas.com\\\/it\\\/producto\\\/adaptador-m10x1-5-euro-unificado-sin-valvula-ar-intermedio-gmt\\\/\",\"url\":\"https:\\\/\\\/recambiosecogas.com\\\/it\\\/producto\\\/adaptador-m10x1-5-euro-unificado-sin-valvula-ar-intermedio-gmt\\\/\",\"name\":\"Adattatore M10x1.5 LPG Euro Unified senza valvola | Pezzi di ricambio Ecogas\",\"isPartOf\":{\"@id\":\"https:\\\/\\\/recambiosecogas.com\\\/it\\\/#website\"},\"primaryImageOfPage\":{\"@id\":\"https:\\\/\\\/recambiosecogas.com\\\/it\\\/producto\\\/adaptador-m10x1-5-euro-unificado-sin-valvula-ar-intermedio-gmt\\\/#primaryimage\"},\"image\":{\"@id\":\"https:\\\/\\\/recambiosecogas.com\\\/it\\\/producto\\\/adaptador-m10x1-5-euro-unificado-sin-valvula-ar-intermedio-gmt\\\/#primaryimage\"},\"thumbnailUrl\":\"https:\\\/\\\/recambiosecogas.com\\\/wp-content\\\/uploads\\\/2024\\\/10\\\/ADAPTADOR-M10X1.5-TOMA-DE-CARGA-ITALIANA-SIN-AR-TOMASETTO-1-2.webp\",\"datePublished\":\"2024-12-23T14:32:26+00:00\",\"dateModified\":\"2026-04-08T09:21:51+00:00\",\"description\":\"Adattatore unificato europeo M10x1.5 senza valvole, ideale per sistemi a GPL. Connessione sicura e duratura per i veicoli. Acquista online.\",\"breadcrumb\":{\"@id\":\"https:\\\/\\\/recambiosecogas.com\\\/it\\\/producto\\\/adaptador-m10x1-5-euro-unificado-sin-valvula-ar-intermedio-gmt\\\/#breadcrumb\"},\"inLanguage\":\"it-IT\",\"potentialAction\":[{\"@type\":\"ReadAction\",\"target\":[\"https:\\\/\\\/recambiosecogas.com\\\/it\\\/producto\\\/adaptador-m10x1-5-euro-unificado-sin-valvula-ar-intermedio-gmt\\\/\"]}]},{\"@type\":\"ImageObject\",\"inLanguage\":\"it-IT\",\"@id\":\"https:\\\/\\\/recambiosecogas.com\\\/it\\\/producto\\\/adaptador-m10x1-5-euro-unificado-sin-valvula-ar-intermedio-gmt\\\/#primaryimage\",\"url\":\"https:\\\/\\\/recambiosecogas.com\\\/wp-content\\\/uploads\\\/2024\\\/10\\\/ADAPTADOR-M10X1.5-TOMA-DE-CARGA-ITALIANA-SIN-AR-TOMASETTO-1-2.webp\",\"contentUrl\":\"https:\\\/\\\/recambiosecogas.com\\\/wp-content\\\/uploads\\\/2024\\\/10\\\/ADAPTADOR-M10X1.5-TOMA-DE-CARGA-ITALIANA-SIN-AR-TOMASETTO-1-2.webp\",\"width\":1000,\"height\":1000},{\"@type\":\"BreadcrumbList\",\"@id\":\"https:\\\/\\\/recambiosecogas.com\\\/it\\\/producto\\\/adaptador-m10x1-5-euro-unificado-sin-valvula-ar-intermedio-gmt\\\/#breadcrumb\",\"itemListElement\":[{\"@type\":\"ListItem\",\"position\":1,\"name\":\"Portada\",\"item\":\"https:\\\/\\\/recambiosecogas.com\\\/it\\\/\"},{\"@type\":\"ListItem\",\"position\":2,\"name\":\"Negozio\",\"item\":\"https:\\\/\\\/recambiosecogas.com\\\/it\\\/?page_id=46382\"},{\"@type\":\"ListItem\",\"position\":3,\"name\":\"Adattatore unificato europeo M10x1.5 senza valvola \u2013 AR Intermediate GMT\"}]},{\"@type\":\"WebSite\",\"@id\":\"https:\\\/\\\/recambiosecogas.com\\\/it\\\/#website\",\"url\":\"https:\\\/\\\/recambiosecogas.com\\\/it\\\/\",\"name\":\"Recambios EcoGas\",\"description\":\"Recambios Multimarca para sistemas de GLP\\\/GNC\\\/GNL\\\/Hidr\u00f3geno\",\"publisher\":{\"@id\":\"https:\\\/\\\/recambiosecogas.com\\\/it\\\/#organization\"},\"alternateName\":\"Recambios Autogas GLP\",\"potentialAction\":[{\"@type\":\"SearchAction\",\"target\":{\"@type\":\"EntryPoint\",\"urlTemplate\":\"https:\\\/\\\/recambiosecogas.com\\\/it\\\/?s={search_term_string}\"},\"query-input\":{\"@type\":\"PropertyValueSpecification\",\"valueRequired\":true,\"valueName\":\"search_term_string\"}}],\"inLanguage\":\"it-IT\"},{\"@type\":[\"Organization\",\"Place\"],\"@id\":\"https:\\\/\\\/recambiosecogas.com\\\/it\\\/#organization\",\"name\":\"Recambios EcoGas\",\"alternateName\":\"Tienda Online GLP Espa\u00f1a\",\"url\":\"https:\\\/\\\/recambiosecogas.com\\\/it\\\/\",\"logo\":{\"@id\":\"https:\\\/\\\/recambiosecogas.com\\\/it\\\/producto\\\/adaptador-m10x1-5-euro-unificado-sin-valvula-ar-intermedio-gmt\\\/#local-main-organization-logo\"},\"image\":{\"@id\":\"https:\\\/\\\/recambiosecogas.com\\\/it\\\/producto\\\/adaptador-m10x1-5-euro-unificado-sin-valvula-ar-intermedio-gmt\\\/#local-main-organization-logo\"},\"sameAs\":[\"https:\\\/\\\/www.facebook.com\\\/profile.php?id=100062419705358\",\"https:\\\/\\\/www.instagram.com\\\/segimon_automocio\"],\"description\":\"Recambios EcoGas \u2013 Venta y distribuci\u00f3n de sistemas GLP y GNC en Espa\u00f1a y Portugal. Env\u00edos 24 h, soporte t\u00e9cnico a talleres y distribuidores.\",\"hasMerchantReturnPolicy\":{\"@type\":\"MerchantReturnPolicy\",\"merchantReturnLink\":\"https:\\\/\\\/recambiosecogas.com\\\/politicas-privacidad\\\/\"},\"address\":{\"@id\":\"https:\\\/\\\/recambiosecogas.com\\\/it\\\/producto\\\/adaptador-m10x1-5-euro-unificado-sin-valvula-ar-intermedio-gmt\\\/#local-main-place-address\"},\"telephone\":[\"616250633\"],\"contactPoint\":{\"@type\":\"ContactPoint\",\"email\":\"export@recambiosecogas.com\"},\"openingHoursSpecification\":[{\"@type\":\"OpeningHoursSpecification\",\"dayOfWeek\":[\"Monday\",\"Tuesday\",\"Wednesday\",\"Thursday\",\"Friday\",\"Saturday\",\"Sunday\"],\"opens\":\"09:00\",\"closes\":\"17:00\"}],\"email\":\"info@recambiosecogas.com\",\"faxNumber\":\"SEGIMON AUTOMOCION SL\",\"vatID\":\"ESB19819861\",\"globalLocationNumber\":\"938 616 339\"},{\"@type\":\"PostalAddress\",\"@id\":\"https:\\\/\\\/recambiosecogas.com\\\/it\\\/producto\\\/adaptador-m10x1-5-euro-unificado-sin-valvula-ar-intermedio-gmt\\\/#local-main-place-address\",\"streetAddress\":\"cami antic de vic, 29 (Nave 3), Pol\u00edgono Industrial Congost\",\"addressLocality\":\"CORRO D`AVALL\",\"postalCode\":\"08520\",\"addressRegion\":\"Barcelona\",\"addressCountry\":\"ES\"},{\"@type\":\"ImageObject\",\"inLanguage\":\"it-IT\",\"@id\":\"https:\\\/\\\/recambiosecogas.com\\\/it\\\/producto\\\/adaptador-m10x1-5-euro-unificado-sin-valvula-ar-intermedio-gmt\\\/#local-main-organization-logo\",\"url\":\"https:\\\/\\\/recambiosecogas.com\\\/wp-content\\\/uploads\\\/2024\\\/11\\\/cropped-RECAMBIOS-GLP-png.webp\",\"contentUrl\":\"https:\\\/\\\/recambiosecogas.com\\\/wp-content\\\/uploads\\\/2024\\\/11\\\/cropped-RECAMBIOS-GLP-png.webp\",\"width\":512,\"height\":512,\"caption\":\"Recambios EcoGas\"}]}<\/script>\n<meta property=\"product:price:amount\" content=\"29.92\" \/>\n<meta property=\"product:price:currency\" content=\"EUR\" \/>\n<meta property=\"og:availability\" content=\"backorder\" \/>\n<meta property=\"product:availability\" content=\"available for order\" \/>\n<meta property=\"product:retailer_item_id\" content=\"2841\" \/>\n<meta property=\"product:condition\" content=\"new\" \/>\n<meta name=\"geo.placename\" content=\"CORRO D`AVALL\" \/>\n<meta name=\"geo.region\" content=\"Spagna\" \/>\n<!-- \/ Yoast SEO Premium plugin. -->","yoast_head_json":{"title":"Adattatore M10x1.5 LPG Euro Unified senza valvola | Pezzi di ricambio Ecogas","description":"Adattatore unificato europeo M10x1.5 senza valvole, ideale per sistemi a GPL. Connessione sicura e duratura per i veicoli. Acquista online.","robots":{"index":"index","follow":"follow","max-snippet":"max-snippet:-1","max-image-preview":"max-image-preview:large","max-video-preview":"max-video-preview:-1"},"canonical":"https:\/\/recambiosecogas.com\/it\/producto\/adaptador-m10x1-5-euro-unificado-sin-valvula-ar-intermedio-gmt\/","og_locale":"it_IT","og_type":"article","og_title":"Adattatore unificato europeo M10x1.5 senza valvola \u2013 AR Intermediate GMT","og_description":"Adattatore unificato europeo M10x1.5 senza valvole, ideale per sistemi a GPL. Connessione sicura e duratura per i veicoli. Acquista online.","og_url":"https:\/\/recambiosecogas.com\/it\/producto\/adaptador-m10x1-5-euro-unificado-sin-valvula-ar-intermedio-gmt\/","og_site_name":"Recambios EcoGas","article_publisher":"https:\/\/www.facebook.com\/profile.php?id=100062419705358","article_modified_time":"2026-04-08T09:21:51+00:00","og_image":[{"width":1000,"height":1000,"url":"https:\/\/recambiosecogas.com\/wp-content\/uploads\/2024\/10\/ADAPTADOR-M10X1.5-TOMA-DE-CARGA-ITALIANA-SIN-AR-TOMASETTO-1-2.webp","type":"image\/jpeg"}],"twitter_card":"summary_large_image","twitter_misc":{"Prezzo":"29,92&nbsp;&euro; (Sin IVA: 24,73&nbsp;&euro;)","Disponibilit\u00e0":"Su ordinazione"},"schema":{"@context":"https:\/\/schema.org","@graph":[{"@type":"WebPage","@id":"https:\/\/recambiosecogas.com\/it\/producto\/adaptador-m10x1-5-euro-unificado-sin-valvula-ar-intermedio-gmt\/","url":"https:\/\/recambiosecogas.com\/it\/producto\/adaptador-m10x1-5-euro-unificado-sin-valvula-ar-intermedio-gmt\/","name":"Adattatore M10x1.5 LPG Euro Unified senza valvola | Pezzi di ricambio Ecogas","isPartOf":{"@id":"https:\/\/recambiosecogas.com\/it\/#website"},"primaryImageOfPage":{"@id":"https:\/\/recambiosecogas.com\/it\/producto\/adaptador-m10x1-5-euro-unificado-sin-valvula-ar-intermedio-gmt\/#primaryimage"},"image":{"@id":"https:\/\/recambiosecogas.com\/it\/producto\/adaptador-m10x1-5-euro-unificado-sin-valvula-ar-intermedio-gmt\/#primaryimage"},"thumbnailUrl":"https:\/\/recambiosecogas.com\/wp-content\/uploads\/2024\/10\/ADAPTADOR-M10X1.5-TOMA-DE-CARGA-ITALIANA-SIN-AR-TOMASETTO-1-2.webp","datePublished":"2024-12-23T14:32:26+00:00","dateModified":"2026-04-08T09:21:51+00:00","description":"Adattatore unificato europeo M10x1.5 senza valvole, ideale per sistemi a GPL. Connessione sicura e duratura per i veicoli. Acquista online.","breadcrumb":{"@id":"https:\/\/recambiosecogas.com\/it\/producto\/adaptador-m10x1-5-euro-unificado-sin-valvula-ar-intermedio-gmt\/#breadcrumb"},"inLanguage":"it-IT","potentialAction":[{"@type":"ReadAction","target":["https:\/\/recambiosecogas.com\/it\/producto\/adaptador-m10x1-5-euro-unificado-sin-valvula-ar-intermedio-gmt\/"]}]},{"@type":"ImageObject","inLanguage":"it-IT","@id":"https:\/\/recambiosecogas.com\/it\/producto\/adaptador-m10x1-5-euro-unificado-sin-valvula-ar-intermedio-gmt\/#primaryimage","url":"https:\/\/recambiosecogas.com\/wp-content\/uploads\/2024\/10\/ADAPTADOR-M10X1.5-TOMA-DE-CARGA-ITALIANA-SIN-AR-TOMASETTO-1-2.webp","contentUrl":"https:\/\/recambiosecogas.com\/wp-content\/uploads\/2024\/10\/ADAPTADOR-M10X1.5-TOMA-DE-CARGA-ITALIANA-SIN-AR-TOMASETTO-1-2.webp","width":1000,"height":1000},{"@type":"BreadcrumbList","@id":"https:\/\/recambiosecogas.com\/it\/producto\/adaptador-m10x1-5-euro-unificado-sin-valvula-ar-intermedio-gmt\/#breadcrumb","itemListElement":[{"@type":"ListItem","position":1,"name":"Portada","item":"https:\/\/recambiosecogas.com\/it\/"},{"@type":"ListItem","position":2,"name":"Negozio","item":"https:\/\/recambiosecogas.com\/it\/?page_id=46382"},{"@type":"ListItem","position":3,"name":"Adattatore unificato europeo M10x1.5 senza valvola \u2013 AR Intermediate GMT"}]},{"@type":"WebSite","@id":"https:\/\/recambiosecogas.com\/it\/#website","url":"https:\/\/recambiosecogas.com\/it\/","name":"Recambios EcoGas","description":"Recambios Multimarca para sistemas de GLP\/GNC\/GNL\/Hidr\u00f3geno","publisher":{"@id":"https:\/\/recambiosecogas.com\/it\/#organization"},"alternateName":"Recambios Autogas GLP","potentialAction":[{"@type":"SearchAction","target":{"@type":"EntryPoint","urlTemplate":"https:\/\/recambiosecogas.com\/it\/?s={search_term_string}"},"query-input":{"@type":"PropertyValueSpecification","valueRequired":true,"valueName":"search_term_string"}}],"inLanguage":"it-IT"},{"@type":["Organization","Place"],"@id":"https:\/\/recambiosecogas.com\/it\/#organization","name":"Recambios EcoGas","alternateName":"Tienda Online GLP Espa\u00f1a","url":"https:\/\/recambiosecogas.com\/it\/","logo":{"@id":"https:\/\/recambiosecogas.com\/it\/producto\/adaptador-m10x1-5-euro-unificado-sin-valvula-ar-intermedio-gmt\/#local-main-organization-logo"},"image":{"@id":"https:\/\/recambiosecogas.com\/it\/producto\/adaptador-m10x1-5-euro-unificado-sin-valvula-ar-intermedio-gmt\/#local-main-organization-logo"},"sameAs":["https:\/\/www.facebook.com\/profile.php?id=100062419705358","https:\/\/www.instagram.com\/segimon_automocio"],"description":"Recambios EcoGas \u2013 Venta y distribuci\u00f3n de sistemas GLP y GNC en Espa\u00f1a y Portugal. Env\u00edos 24 h, soporte t\u00e9cnico a talleres y distribuidores.","hasMerchantReturnPolicy":{"@type":"MerchantReturnPolicy","merchantReturnLink":"https:\/\/recambiosecogas.com\/politicas-privacidad\/"},"address":{"@id":"https:\/\/recambiosecogas.com\/it\/producto\/adaptador-m10x1-5-euro-unificado-sin-valvula-ar-intermedio-gmt\/#local-main-place-address"},"telephone":["616250633"],"contactPoint":{"@type":"ContactPoint","email":"export@recambiosecogas.com"},"openingHoursSpecification":[{"@type":"OpeningHoursSpecification","dayOfWeek":["Monday","Tuesday","Wednesday","Thursday","Friday","Saturday","Sunday"],"opens":"09:00","closes":"17:00"}],"email":"info@recambiosecogas.com","faxNumber":"SEGIMON AUTOMOCION SL","vatID":"ESB19819861","globalLocationNumber":"938 616 339"},{"@type":"PostalAddress","@id":"https:\/\/recambiosecogas.com\/it\/producto\/adaptador-m10x1-5-euro-unificado-sin-valvula-ar-intermedio-gmt\/#local-main-place-address","streetAddress":"cami antic de vic, 29 (Nave 3), Pol\u00edgono Industrial Congost","addressLocality":"CORRO D`AVALL","postalCode":"08520","addressRegion":"Barcelona","addressCountry":"ES"},{"@type":"ImageObject","inLanguage":"it-IT","@id":"https:\/\/recambiosecogas.com\/it\/producto\/adaptador-m10x1-5-euro-unificado-sin-valvula-ar-intermedio-gmt\/#local-main-organization-logo","url":"https:\/\/recambiosecogas.com\/wp-content\/uploads\/2024\/11\/cropped-RECAMBIOS-GLP-png.webp","contentUrl":"https:\/\/recambiosecogas.com\/wp-content\/uploads\/2024\/11\/cropped-RECAMBIOS-GLP-png.webp","width":512,"height":512,"caption":"Recambios EcoGas"}]},"product_price_amount":"29.92","product_price_currency":"EUR","og_availability":"backorder","product_availability":"available for order","product_retailer_item_id":"2841","product_condition":"new","geo.placename":"CORRO D`AVALL","geo.region":"Spagna"},"uagb_featured_image_src":{"full":["https:\/\/recambiosecogas.com\/wp-content\/uploads\/2024\/10\/ADAPTADOR-M10X1.5-TOMA-DE-CARGA-ITALIANA-SIN-AR-TOMASETTO-1-2.webp",1000,1000,false],"thumbnail":["https:\/\/recambiosecogas.com\/wp-content\/uploads\/2024\/10\/ADAPTADOR-M10X1.5-TOMA-DE-CARGA-ITALIANA-SIN-AR-TOMASETTO-1-2-150x150.jpg",150,150,true],"medium":["https:\/\/recambiosecogas.com\/wp-content\/uploads\/2024\/10\/ADAPTADOR-M10X1.5-TOMA-DE-CARGA-ITALIANA-SIN-AR-TOMASETTO-1-2-300x300.jpg",300,300,true],"medium_large":["https:\/\/recambiosecogas.com\/wp-content\/uploads\/2024\/10\/ADAPTADOR-M10X1.5-TOMA-DE-CARGA-ITALIANA-SIN-AR-TOMASETTO-1-2-768x768.jpg",768,768,true],"large":["https:\/\/recambiosecogas.com\/wp-content\/uploads\/2024\/10\/ADAPTADOR-M10X1.5-TOMA-DE-CARGA-ITALIANA-SIN-AR-TOMASETTO-1-2.webp",1000,1000,false],"1536x1536":["https:\/\/recambiosecogas.com\/wp-content\/uploads\/2024\/10\/ADAPTADOR-M10X1.5-TOMA-DE-CARGA-ITALIANA-SIN-AR-TOMASETTO-1-2.webp",1000,1000,false],"2048x2048":["https:\/\/recambiosecogas.com\/wp-content\/uploads\/2024\/10\/ADAPTADOR-M10X1.5-TOMA-DE-CARGA-ITALIANA-SIN-AR-TOMASETTO-1-2.webp",1000,1000,false],"woocommerce_archive_thumbnail":["https:\/\/recambiosecogas.com\/wp-content\/uploads\/2024\/10\/ADAPTADOR-M10X1.5-TOMA-DE-CARGA-ITALIANA-SIN-AR-TOMASETTO-1-2.webp",1000,1000,false],"woocommerce_thumbnail":["https:\/\/recambiosecogas.com\/wp-content\/uploads\/2024\/10\/ADAPTADOR-M10X1.5-TOMA-DE-CARGA-ITALIANA-SIN-AR-TOMASETTO-1-2-300x300.webp",300,300,true],"woocommerce_single":["https:\/\/recambiosecogas.com\/wp-content\/uploads\/2024\/10\/ADAPTADOR-M10X1.5-TOMA-DE-CARGA-ITALIANA-SIN-AR-TOMASETTO-1-2.webp",1000,1000,false],"woocommerce_gallery_thumbnail":["https:\/\/recambiosecogas.com\/wp-content\/uploads\/2024\/10\/ADAPTADOR-M10X1.5-TOMA-DE-CARGA-ITALIANA-SIN-AR-TOMASETTO-1-2.webp",1000,1000,false],"dgwt-wcas-product-suggestion":["https:\/\/recambiosecogas.com\/wp-content\/uploads\/2024\/10\/ADAPTADOR-M10X1.5-TOMA-DE-CARGA-ITALIANA-SIN-AR-TOMASETTO-1-2-64x64.webp",64,64,true]},"uagb_author_info":{"display_name":"Fran - Soporte T\u00e9cnico","author_link":"https:\/\/recambiosecogas.com\/it\/author\/"},"uagb_comment_info":0,"uagb_excerpt":"Adattatore unificato europeo M10x1.5 senza valvola \u2013 AR Intermediate GMT L&#8217;adattatore valvola GMT intermedio M10x1.5 \/ Euro Unified senza AR \u00e8 una soluzione affidabile e sicura per installazioni e manutenzione nei sistemi di GPL (gas di petrolio liquefatto). Il suo design \u00e8 pensato per offrire una connessione solida e senza perdite, compatibile con configurazioni specifiche,&hellip;","_links":{"self":[{"href":"https:\/\/recambiosecogas.com\/it\/wp-json\/wp\/v2\/product\/46680","targetHints":{"allow":["GET"]}}],"collection":[{"href":"https:\/\/recambiosecogas.com\/it\/wp-json\/wp\/v2\/product"}],"about":[{"href":"https:\/\/recambiosecogas.com\/it\/wp-json\/wp\/v2\/types\/product"}],"replies":[{"embeddable":true,"href":"https:\/\/recambiosecogas.com\/it\/wp-json\/wp\/v2\/comments?post=46680"}],"wp:featuredmedia":[{"embeddable":true,"href":"https:\/\/recambiosecogas.com\/it\/wp-json\/wp\/v2\/media\/5645"}],"wp:attachment":[{"href":"https:\/\/recambiosecogas.com\/it\/wp-json\/wp\/v2\/media?parent=46680"}],"wp:term":[{"taxonomy":"product_brand","embeddable":true,"href":"https:\/\/recambiosecogas.com\/it\/wp-json\/wp\/v2\/product_brand?post=46680"},{"taxonomy":"product_cat","embeddable":true,"href":"https:\/\/recambiosecogas.com\/it\/wp-json\/wp\/v2\/product_cat?post=46680"},{"taxonomy":"product_tag","embeddable":true,"href":"https:\/\/recambiosecogas.com\/it\/wp-json\/wp\/v2\/product_tag?post=46680"}],"curies":[{"name":"wp","href":"https:\/\/api.w.org\/{rel}","templated":true}]}}