{"id":46666,"date":"2024-12-23T14:31:44","date_gmt":"2024-12-23T14:31:44","guid":{"rendered":"https:\/\/recambiosecogas.com\/producto\/adaptador-m10x1-5-toma-de-carga-italiana-sin-ar-tomasetto\/"},"modified":"2026-04-08T10:21:43","modified_gmt":"2026-04-08T09:21:43","slug":"adaptador-m10x1-5-toma-de-carga-italiana-sin-ar-tomasetto","status":"publish","type":"product","link":"https:\/\/recambiosecogas.com\/it\/producto\/adaptador-m10x1-5-toma-de-carga-italiana-sin-ar-tomasetto\/","title":{"rendered":"Adattatore GPL DISH M10x1.5"},"content":{"rendered":"<h3 class=\"\" style=\"text-align: center;\" data-start=\"328\" data-end=\"401\"><strong data-start=\"332\" data-end=\"401\">Adattatore GPL Tomasetto M10x1.5 | Italian DISH Connection \u2013 Nessun AR<\/strong><\/h3>\n<p class=\"\" data-start=\"403\" data-end=\"671\"><strong data-start=\"406\" data-end=\"480\">L&#8217;adattatore GPL Tomasetto M10x1.5 con presa di ricarica italiana DISH senza AR<\/strong> \u00e8 una soluzione essenziale per il rifornimento dei veicoli a benzina nei paesi che utilizzano il <strong data-start=\"568\" data-end=\"596\">sistema di connessione DISH<\/strong>, come <strong data-start=\"603\" data-end=\"657\">Italia, Francia, Svizzera, Austria, Portogallo, Polonia<\/strong>, tra gli altri.<\/p>\n<p class=\"\" data-start=\"673\" data-end=\"940\">Questo adattatore ad alta precisione \u00e8 progettato con <strong data-start=\"724\" data-end=\"741\">filettatura M10x1.5<\/strong>, ideale per sistemi di ricarica nascosti come <strong data-start=\"792\" data-end=\"805\">quelli di Tomasetto<\/strong>, e fornisce una connessione <strong data-start=\"834\" data-end=\"863\">stabile, sicura e impermeabile<\/strong> all&#8217;ugello di ricarica delle stazioni di servizio secondo lo standard europeo DISH. <span style=\"color: #ffffff;\">\u00a9Ricambi EcoGas<\/span><\/p>\n<p class=\"\" data-start=\"942\" data-end=\"1124\">Realizzato con materiali <strong data-start=\"969\" data-end=\"1003\">altamente resistenti e resistenti<\/strong>, questo modello senza valvola AR (anti-return) \u00e8 perfetto per le applicazioni in cui \u00e8 necessario un connettore diretto e affidabile.<\/p>\n<p class=\"\" data-start=\"1126\" data-end=\"1267\">Le sue dimensioni compatte lo rendono un accessorio indispensabile per viaggi in Europa su <strong data-start=\"1214\" data-end=\"1239\">veicoli a GPL<\/strong>, caravan e camper. <span style=\"color: #ffffff;\">\u00a9Ricambi EcoGas<\/span><\/p>\n<p data-start=\"1126\" data-end=\"1267\"><b>Collegamento DAST<\/b>: Austria, Bosnia, Bulgaria, Svizzera, Repubblica Ceca, Danimarca, Estonia, Francia, Grecia, Ungheria, Croazia, Italia, Lettonia, Lituania, Macedonia, Macedonia, Portogallo, Polonia, Romania, Svezia, Slovacchia, Slovenia, Turchia, Ucraina, Romania. <span style=\"color: #ffffff;\">\u00a9Ricambi EcoGas<\/span><\/p>\n<hr class=\"\" data-start=\"1269\" data-end=\"1272\">\n<h3 class=\"\" data-start=\"1274\" data-end=\"1350\"><strong data-start=\"1278\" data-end=\"1350\">Caratteristiche tecniche \u2013 Adattatore Tomasetto DISH M10x1.5 (senza AR) <span style=\"color: #ffffff;\">\u00a9Pezzi di ricambio EcoGas<\/span><\/strong><\/h3>\n<div class=\"overflow-x-auto contain-inline-size\">\n<table data-start=\"1352\" data-end=\"2496\">\n<thead data-start=\"1352\" data-end=\"1456\">\n<tr data-start=\"1352\" data-end=\"1456\">\n<th data-start=\"1352\" data-end=\"1381\">Specifiche<\/th>\n<th data-start=\"1381\" data-end=\"1456\">Dettagli<\/th>\n<\/tr>\n<\/thead>\n<tbody data-start=\"1561\" data-end=\"2496\">\n<tr data-start=\"1561\" data-end=\"1664\">\nTipo <\/p>\n<td><strong data-start=\"1563\" data-end=\"1583\">di prodotto<\/strong><\/td>\n<td>Adattatore di rifornimento GPL \u2013 Tipo DISH (italiano)<\/td>\n<\/tr>\n<tr data-start=\"1665\" data-end=\"1768\">\n<td><strong data-start=\"1667\" data-end=\"1690\">Sistema di Connessione<\/strong><\/td>\n<td>DISH<\/td>\n<\/tr>\n<tr data-start=\"1769\" data-end=\"1872\">\n<td><strong data-start=\"1771\" data-end=\"1791\">Filettatura di ingresso<\/strong><\/td>\n<td>M10x1.5<\/td>\n<\/tr>\n<tr data-start=\"1873\" data-end=\"1976\">\n<td><strong data-start=\"1875\" data-end=\"1889\">Valvola AR<\/strong><\/td>\n<td>Non inclusa (modello non ritorno)<\/td>\n<\/tr>\n<tr data-start=\"1977\" data-end=\"2080\">\n<td><strong data-start=\"1979\" data-end=\"1991\">Materiale<\/strong><\/td>\n<td>Ottone \/ metallo di alta qualit\u00e0<\/td>\n<\/tr>\n<tr data-start=\"2081\" data-end=\"2184\">\n<td><strong data-start=\"2083\" data-end=\"2097\">Applicazione<\/strong><\/td>\n<td>Rifornimento di veicoli con gas liquefatto (GPL \/ Autogas)<\/td>\n<\/tr>\n<tr data-start=\"2185\" data-end=\"2288\">\n<td><strong data-start=\"2187\" data-end=\"2205\">Compatibilit\u00e0<\/strong><\/td>\n<td>Sistemi di rifornimento mini Tomasetto e altri mini con filettatura M10x1.5<\/td>\n<\/tr>\n<tr data-start=\"2289\" data-end=\"2392\">\n<td><strong data-start=\"2291\" data-end=\"2307\">Aree di utilizzo<\/strong><\/td>\n<td>Italia, Francia, Austria, Svizzera, Polonia, Portogallo, Slovenia, Turchia&#8230;<\/td>\n<\/tr>\n<tr data-start=\"2393\" data-end=\"2496\">\n<td><strong data-start=\"2395\" data-end=\"2409\">Produttore<\/strong><\/td>\n<td>Tomasetto<\/td>\n<\/tr>\n<\/tbody>\n<\/table>\n<\/div>\n<blockquote data-start=\"2498\" data-end=\"2600\">\n<p class=\"\" data-start=\"2500\" data-end=\"2600\">Adattatore compatto e robusto. Ideale per il rifornimento internazionale presso stazioni con collegamento DASH.   <span style=\"color: #ffffff;\">\u00a9Ricambi EcoGas<\/span><\/p>\n<\/blockquote>\n<p><a href=\"https:\/\/recambiosecogas.com\/it\/categoria-producto\/filtros\/\">ACQUISTA PI\u00d9 PRODOTTI ONLINE NEL NOSTRO NEGOZIO<\/a><\/p>\n<p><a href=\"http:\/\/www.segimonautomocio.com\/\">CONVERTITE IN LPG NEL NOSTRO OFFICINO UFFICIALE DI INSTALLAZIONE, MAGGIORI INFORMAZIONI SUL SITO WEB DEL NOSTRO WORKSHOP<\/a><\/p>\n","protected":false},"excerpt":{"rendered":"<p>L&#8217;adattatore Tomasetto M10x1.5 \u00e8 la soluzione perfetta per collegare facilmente il tuo sistema gas alle prese di ricarica italiane senza AR. Progettato per garantire una connessione sicura ed efficiente, questo adattatore \u00e8 indispensabile per un&#8217;installazione senza complicazioni e per prestazioni affidabili nel tuo veicolo. <\/p>\n","protected":false},"featured_media":19222,"comment_status":"open","ping_status":"closed","template":"","meta":{"_uag_custom_page_level_css":""},"product_brand":[],"product_cat":[2188,2189,2347,2162,2194],"product_tag":[2319,2320,2321,2328,2323,2324,2325,2326,2330,2331,2332,2334,2333,2322,2336,2338,2339,2340,2327,2329,2335,2337,2341,2351],"class_list":{"0":"post-46666","1":"product","2":"type-product","3":"status-publish","4":"has-post-thumbnail","6":"product_cat-adaptador-glp","7":"product_cat-adaptadores-glp","8":"product_cat-adattatori-per-paese","9":"product_cat-repostar","10":"product_cat-tomaseto-achile","11":"product_tag-adattatore-gpl-austria","12":"product_tag-adattatore-gpl-bosnia","13":"product_tag-adattatore-gpl-bulgaro","14":"product_tag-adattatore-gpl-croazia","15":"product_tag-adattatore-gpl-danimarca","16":"product_tag-adattatore-gpl-estonia","17":"product_tag-adattatore-gpl-francia","18":"product_tag-adattatore-gpl-grecia","19":"product_tag-adattatore-gpl-lettonia","20":"product_tag-adattatore-gpl-lituania","21":"product_tag-adattatore-gpl-macedonia","22":"product_tag-adattatore-gpl-polonia","23":"product_tag-adattatore-gpl-portogallo","24":"product_tag-adattatore-gpl-repubblica-ceca","25":"product_tag-adattatore-gpl-russia","26":"product_tag-adattatore-gpl-slovacchia","27":"product_tag-adattatore-gpl-slovenia","28":"product_tag-adattatore-gpl-turchia","29":"product_tag-adattatore-gpl-ungheria","30":"product_tag-adattatore-lpg-italia","31":"product_tag-adattatore-lpg-romania","32":"product_tag-adattatore-lpg-svezia","33":"product_tag-adattatore-per-gpl-ucraina","34":"product_tag-svizzera","36":"first","37":"onbackorder","38":"featured","39":"taxable","40":"shipping-taxable","41":"purchasable","42":"product-type-simple"},"ct_brands":[],"yoast_head":"<!-- This site is optimized with the Yoast SEO Premium plugin v27.5 (Yoast SEO v27.5) - https:\/\/yoast.com\/product\/yoast-seo-premium-wordpress\/ -->\n<title>Adattatore GPL DISH M10x1.5 | Recambios EcoGas | Sistemas GLP y GNC<\/title>\n<meta name=\"description\" content=\"Adattatore DISH tipo Tomasetto M10x1.5 senza valvola AR. Compatibile con stazioni in Italia, Francia, Austria, Portogallo e altro.\" \/>\n<meta name=\"robots\" content=\"index, follow, max-snippet:-1, max-image-preview:large, max-video-preview:-1\" \/>\n<link rel=\"canonical\" href=\"https:\/\/recambiosecogas.com\/it\/producto\/adaptador-m10x1-5-toma-de-carga-italiana-sin-ar-tomasetto\/\" \/>\n<meta property=\"og:locale\" content=\"it_IT\" \/>\n<meta property=\"og:type\" content=\"article\" \/>\n<meta property=\"og:title\" content=\"Adattatore GPL DISH M10x1.5\" \/>\n<meta property=\"og:description\" content=\"Adattatore DISH tipo Tomasetto M10x1.5 senza valvola AR. Compatibile con stazioni in Italia, Francia, Austria, Portogallo e altro.\" \/>\n<meta property=\"og:url\" content=\"https:\/\/recambiosecogas.com\/it\/producto\/adaptador-m10x1-5-toma-de-carga-italiana-sin-ar-tomasetto\/\" \/>\n<meta property=\"og:site_name\" content=\"Recambios EcoGas\" \/>\n<meta property=\"article:publisher\" content=\"https:\/\/www.facebook.com\/profile.php?id=100062419705358\" \/>\n<meta property=\"article:modified_time\" content=\"2026-04-08T09:21:43+00:00\" \/>\n<meta property=\"og:image\" content=\"https:\/\/recambiosecogas.com\/wp-content\/uploads\/2024\/12\/Adaptador-GLP-DISH-M10x1.5-png.webp\" \/>\n\t<meta property=\"og:image:width\" content=\"1000\" \/>\n\t<meta property=\"og:image:height\" content=\"1000\" \/>\n\t<meta property=\"og:image:type\" content=\"image\/png\" \/>\n<meta name=\"twitter:card\" content=\"summary_large_image\" \/>\n<meta name=\"twitter:label1\" content=\"Prezzo\" \/>\n\t<meta name=\"twitter:data1\" content=\"18,40&nbsp;&euro; (Sin IVA: 15,21&nbsp;&euro;)\" \/>\n\t<meta name=\"twitter:label2\" content=\"Disponibilit\u00e0\" \/>\n\t<meta name=\"twitter:data2\" content=\"Su ordinazione\" \/>\n<script type=\"application\/ld+json\" class=\"yoast-schema-graph\">{\"@context\":\"https:\\\/\\\/schema.org\",\"@graph\":[{\"@type\":\"WebPage\",\"@id\":\"https:\\\/\\\/recambiosecogas.com\\\/it\\\/producto\\\/adaptador-m10x1-5-toma-de-carga-italiana-sin-ar-tomasetto\\\/\",\"url\":\"https:\\\/\\\/recambiosecogas.com\\\/it\\\/producto\\\/adaptador-m10x1-5-toma-de-carga-italiana-sin-ar-tomasetto\\\/\",\"name\":\"Adattatore GPL DISH M10x1.5 | Recambios EcoGas | Sistemas GLP y GNC\",\"isPartOf\":{\"@id\":\"https:\\\/\\\/recambiosecogas.com\\\/it\\\/#website\"},\"primaryImageOfPage\":{\"@id\":\"https:\\\/\\\/recambiosecogas.com\\\/it\\\/producto\\\/adaptador-m10x1-5-toma-de-carga-italiana-sin-ar-tomasetto\\\/#primaryimage\"},\"image\":{\"@id\":\"https:\\\/\\\/recambiosecogas.com\\\/it\\\/producto\\\/adaptador-m10x1-5-toma-de-carga-italiana-sin-ar-tomasetto\\\/#primaryimage\"},\"thumbnailUrl\":\"https:\\\/\\\/recambiosecogas.com\\\/wp-content\\\/uploads\\\/2024\\\/12\\\/Adaptador-GLP-DISH-M10x1.5-png.webp\",\"datePublished\":\"2024-12-23T14:31:44+00:00\",\"dateModified\":\"2026-04-08T09:21:43+00:00\",\"description\":\"Adattatore DISH tipo Tomasetto M10x1.5 senza valvola AR. Compatibile con stazioni in Italia, Francia, Austria, Portogallo e altro.\",\"breadcrumb\":{\"@id\":\"https:\\\/\\\/recambiosecogas.com\\\/it\\\/producto\\\/adaptador-m10x1-5-toma-de-carga-italiana-sin-ar-tomasetto\\\/#breadcrumb\"},\"inLanguage\":\"it-IT\",\"potentialAction\":[{\"@type\":\"ReadAction\",\"target\":[\"https:\\\/\\\/recambiosecogas.com\\\/it\\\/producto\\\/adaptador-m10x1-5-toma-de-carga-italiana-sin-ar-tomasetto\\\/\"]}]},{\"@type\":\"ImageObject\",\"inLanguage\":\"it-IT\",\"@id\":\"https:\\\/\\\/recambiosecogas.com\\\/it\\\/producto\\\/adaptador-m10x1-5-toma-de-carga-italiana-sin-ar-tomasetto\\\/#primaryimage\",\"url\":\"https:\\\/\\\/recambiosecogas.com\\\/wp-content\\\/uploads\\\/2024\\\/12\\\/Adaptador-GLP-DISH-M10x1.5-png.webp\",\"contentUrl\":\"https:\\\/\\\/recambiosecogas.com\\\/wp-content\\\/uploads\\\/2024\\\/12\\\/Adaptador-GLP-DISH-M10x1.5-png.webp\",\"width\":1000,\"height\":1000},{\"@type\":\"BreadcrumbList\",\"@id\":\"https:\\\/\\\/recambiosecogas.com\\\/it\\\/producto\\\/adaptador-m10x1-5-toma-de-carga-italiana-sin-ar-tomasetto\\\/#breadcrumb\",\"itemListElement\":[{\"@type\":\"ListItem\",\"position\":1,\"name\":\"Portada\",\"item\":\"https:\\\/\\\/recambiosecogas.com\\\/it\\\/\"},{\"@type\":\"ListItem\",\"position\":2,\"name\":\"Negozio\",\"item\":\"https:\\\/\\\/recambiosecogas.com\\\/it\\\/?page_id=46382\"},{\"@type\":\"ListItem\",\"position\":3,\"name\":\"Adattatore GPL DISH M10x1.5\"}]},{\"@type\":\"WebSite\",\"@id\":\"https:\\\/\\\/recambiosecogas.com\\\/it\\\/#website\",\"url\":\"https:\\\/\\\/recambiosecogas.com\\\/it\\\/\",\"name\":\"Recambios EcoGas\",\"description\":\"Recambios Multimarca para sistemas de GLP\\\/GNC\\\/GNL\\\/Hidr\u00f3geno\",\"publisher\":{\"@id\":\"https:\\\/\\\/recambiosecogas.com\\\/it\\\/#organization\"},\"alternateName\":\"Recambios Autogas GLP\",\"potentialAction\":[{\"@type\":\"SearchAction\",\"target\":{\"@type\":\"EntryPoint\",\"urlTemplate\":\"https:\\\/\\\/recambiosecogas.com\\\/it\\\/?s={search_term_string}\"},\"query-input\":{\"@type\":\"PropertyValueSpecification\",\"valueRequired\":true,\"valueName\":\"search_term_string\"}}],\"inLanguage\":\"it-IT\"},{\"@type\":[\"Organization\",\"Place\"],\"@id\":\"https:\\\/\\\/recambiosecogas.com\\\/it\\\/#organization\",\"name\":\"Recambios EcoGas\",\"alternateName\":\"Tienda Online GLP Espa\u00f1a\",\"url\":\"https:\\\/\\\/recambiosecogas.com\\\/it\\\/\",\"logo\":{\"@id\":\"https:\\\/\\\/recambiosecogas.com\\\/it\\\/producto\\\/adaptador-m10x1-5-toma-de-carga-italiana-sin-ar-tomasetto\\\/#local-main-organization-logo\"},\"image\":{\"@id\":\"https:\\\/\\\/recambiosecogas.com\\\/it\\\/producto\\\/adaptador-m10x1-5-toma-de-carga-italiana-sin-ar-tomasetto\\\/#local-main-organization-logo\"},\"sameAs\":[\"https:\\\/\\\/www.facebook.com\\\/profile.php?id=100062419705358\",\"https:\\\/\\\/www.instagram.com\\\/segimon_automocio\"],\"description\":\"Recambios EcoGas \u2013 Venta y distribuci\u00f3n de sistemas GLP y GNC en Espa\u00f1a y Portugal. Env\u00edos 24 h, soporte t\u00e9cnico a talleres y distribuidores.\",\"hasMerchantReturnPolicy\":{\"@type\":\"MerchantReturnPolicy\",\"merchantReturnLink\":\"https:\\\/\\\/recambiosecogas.com\\\/politicas-privacidad\\\/\"},\"address\":{\"@id\":\"https:\\\/\\\/recambiosecogas.com\\\/it\\\/producto\\\/adaptador-m10x1-5-toma-de-carga-italiana-sin-ar-tomasetto\\\/#local-main-place-address\"},\"telephone\":[\"616250633\"],\"contactPoint\":{\"@type\":\"ContactPoint\",\"email\":\"export@recambiosecogas.com\"},\"openingHoursSpecification\":[{\"@type\":\"OpeningHoursSpecification\",\"dayOfWeek\":[\"Monday\",\"Tuesday\",\"Wednesday\",\"Thursday\",\"Friday\",\"Saturday\",\"Sunday\"],\"opens\":\"09:00\",\"closes\":\"17:00\"}],\"email\":\"info@recambiosecogas.com\",\"faxNumber\":\"SEGIMON AUTOMOCION SL\",\"vatID\":\"ESB19819861\",\"globalLocationNumber\":\"938 616 339\"},{\"@type\":\"PostalAddress\",\"@id\":\"https:\\\/\\\/recambiosecogas.com\\\/it\\\/producto\\\/adaptador-m10x1-5-toma-de-carga-italiana-sin-ar-tomasetto\\\/#local-main-place-address\",\"streetAddress\":\"cami antic de vic, 29 (Nave 3), Pol\u00edgono Industrial Congost\",\"addressLocality\":\"CORRO D`AVALL\",\"postalCode\":\"08520\",\"addressRegion\":\"Barcelona\",\"addressCountry\":\"ES\"},{\"@type\":\"ImageObject\",\"inLanguage\":\"it-IT\",\"@id\":\"https:\\\/\\\/recambiosecogas.com\\\/it\\\/producto\\\/adaptador-m10x1-5-toma-de-carga-italiana-sin-ar-tomasetto\\\/#local-main-organization-logo\",\"url\":\"https:\\\/\\\/recambiosecogas.com\\\/wp-content\\\/uploads\\\/2024\\\/11\\\/cropped-RECAMBIOS-GLP-png.webp\",\"contentUrl\":\"https:\\\/\\\/recambiosecogas.com\\\/wp-content\\\/uploads\\\/2024\\\/11\\\/cropped-RECAMBIOS-GLP-png.webp\",\"width\":512,\"height\":512,\"caption\":\"Recambios EcoGas\"}]}<\/script>\n<meta property=\"product:price:amount\" content=\"18.40\" \/>\n<meta property=\"product:price:currency\" content=\"EUR\" \/>\n<meta property=\"og:availability\" content=\"backorder\" \/>\n<meta property=\"product:availability\" content=\"available for order\" \/>\n<meta property=\"product:condition\" content=\"new\" \/>\n<meta name=\"geo.placename\" content=\"CORRO D`AVALL\" \/>\n<meta name=\"geo.region\" content=\"Spagna\" \/>\n<!-- \/ Yoast SEO Premium plugin. -->","yoast_head_json":{"title":"Adattatore GPL DISH M10x1.5 | Recambios EcoGas | Sistemas GLP y GNC","description":"Adattatore DISH tipo Tomasetto M10x1.5 senza valvola AR. Compatibile con stazioni in Italia, Francia, Austria, Portogallo e altro.","robots":{"index":"index","follow":"follow","max-snippet":"max-snippet:-1","max-image-preview":"max-image-preview:large","max-video-preview":"max-video-preview:-1"},"canonical":"https:\/\/recambiosecogas.com\/it\/producto\/adaptador-m10x1-5-toma-de-carga-italiana-sin-ar-tomasetto\/","og_locale":"it_IT","og_type":"article","og_title":"Adattatore GPL DISH M10x1.5","og_description":"Adattatore DISH tipo Tomasetto M10x1.5 senza valvola AR. Compatibile con stazioni in Italia, Francia, Austria, Portogallo e altro.","og_url":"https:\/\/recambiosecogas.com\/it\/producto\/adaptador-m10x1-5-toma-de-carga-italiana-sin-ar-tomasetto\/","og_site_name":"Recambios EcoGas","article_publisher":"https:\/\/www.facebook.com\/profile.php?id=100062419705358","article_modified_time":"2026-04-08T09:21:43+00:00","og_image":[{"width":1000,"height":1000,"url":"https:\/\/recambiosecogas.com\/wp-content\/uploads\/2024\/12\/Adaptador-GLP-DISH-M10x1.5-png.webp","type":"image\/png"}],"twitter_card":"summary_large_image","twitter_misc":{"Prezzo":"18,40&nbsp;&euro; (Sin IVA: 15,21&nbsp;&euro;)","Disponibilit\u00e0":"Su ordinazione"},"schema":{"@context":"https:\/\/schema.org","@graph":[{"@type":"WebPage","@id":"https:\/\/recambiosecogas.com\/it\/producto\/adaptador-m10x1-5-toma-de-carga-italiana-sin-ar-tomasetto\/","url":"https:\/\/recambiosecogas.com\/it\/producto\/adaptador-m10x1-5-toma-de-carga-italiana-sin-ar-tomasetto\/","name":"Adattatore GPL DISH M10x1.5 | Recambios EcoGas | Sistemas GLP y GNC","isPartOf":{"@id":"https:\/\/recambiosecogas.com\/it\/#website"},"primaryImageOfPage":{"@id":"https:\/\/recambiosecogas.com\/it\/producto\/adaptador-m10x1-5-toma-de-carga-italiana-sin-ar-tomasetto\/#primaryimage"},"image":{"@id":"https:\/\/recambiosecogas.com\/it\/producto\/adaptador-m10x1-5-toma-de-carga-italiana-sin-ar-tomasetto\/#primaryimage"},"thumbnailUrl":"https:\/\/recambiosecogas.com\/wp-content\/uploads\/2024\/12\/Adaptador-GLP-DISH-M10x1.5-png.webp","datePublished":"2024-12-23T14:31:44+00:00","dateModified":"2026-04-08T09:21:43+00:00","description":"Adattatore DISH tipo Tomasetto M10x1.5 senza valvola AR. Compatibile con stazioni in Italia, Francia, Austria, Portogallo e altro.","breadcrumb":{"@id":"https:\/\/recambiosecogas.com\/it\/producto\/adaptador-m10x1-5-toma-de-carga-italiana-sin-ar-tomasetto\/#breadcrumb"},"inLanguage":"it-IT","potentialAction":[{"@type":"ReadAction","target":["https:\/\/recambiosecogas.com\/it\/producto\/adaptador-m10x1-5-toma-de-carga-italiana-sin-ar-tomasetto\/"]}]},{"@type":"ImageObject","inLanguage":"it-IT","@id":"https:\/\/recambiosecogas.com\/it\/producto\/adaptador-m10x1-5-toma-de-carga-italiana-sin-ar-tomasetto\/#primaryimage","url":"https:\/\/recambiosecogas.com\/wp-content\/uploads\/2024\/12\/Adaptador-GLP-DISH-M10x1.5-png.webp","contentUrl":"https:\/\/recambiosecogas.com\/wp-content\/uploads\/2024\/12\/Adaptador-GLP-DISH-M10x1.5-png.webp","width":1000,"height":1000},{"@type":"BreadcrumbList","@id":"https:\/\/recambiosecogas.com\/it\/producto\/adaptador-m10x1-5-toma-de-carga-italiana-sin-ar-tomasetto\/#breadcrumb","itemListElement":[{"@type":"ListItem","position":1,"name":"Portada","item":"https:\/\/recambiosecogas.com\/it\/"},{"@type":"ListItem","position":2,"name":"Negozio","item":"https:\/\/recambiosecogas.com\/it\/?page_id=46382"},{"@type":"ListItem","position":3,"name":"Adattatore GPL DISH M10x1.5"}]},{"@type":"WebSite","@id":"https:\/\/recambiosecogas.com\/it\/#website","url":"https:\/\/recambiosecogas.com\/it\/","name":"Recambios EcoGas","description":"Recambios Multimarca para sistemas de GLP\/GNC\/GNL\/Hidr\u00f3geno","publisher":{"@id":"https:\/\/recambiosecogas.com\/it\/#organization"},"alternateName":"Recambios Autogas GLP","potentialAction":[{"@type":"SearchAction","target":{"@type":"EntryPoint","urlTemplate":"https:\/\/recambiosecogas.com\/it\/?s={search_term_string}"},"query-input":{"@type":"PropertyValueSpecification","valueRequired":true,"valueName":"search_term_string"}}],"inLanguage":"it-IT"},{"@type":["Organization","Place"],"@id":"https:\/\/recambiosecogas.com\/it\/#organization","name":"Recambios EcoGas","alternateName":"Tienda Online GLP Espa\u00f1a","url":"https:\/\/recambiosecogas.com\/it\/","logo":{"@id":"https:\/\/recambiosecogas.com\/it\/producto\/adaptador-m10x1-5-toma-de-carga-italiana-sin-ar-tomasetto\/#local-main-organization-logo"},"image":{"@id":"https:\/\/recambiosecogas.com\/it\/producto\/adaptador-m10x1-5-toma-de-carga-italiana-sin-ar-tomasetto\/#local-main-organization-logo"},"sameAs":["https:\/\/www.facebook.com\/profile.php?id=100062419705358","https:\/\/www.instagram.com\/segimon_automocio"],"description":"Recambios EcoGas \u2013 Venta y distribuci\u00f3n de sistemas GLP y GNC en Espa\u00f1a y Portugal. Env\u00edos 24 h, soporte t\u00e9cnico a talleres y distribuidores.","hasMerchantReturnPolicy":{"@type":"MerchantReturnPolicy","merchantReturnLink":"https:\/\/recambiosecogas.com\/politicas-privacidad\/"},"address":{"@id":"https:\/\/recambiosecogas.com\/it\/producto\/adaptador-m10x1-5-toma-de-carga-italiana-sin-ar-tomasetto\/#local-main-place-address"},"telephone":["616250633"],"contactPoint":{"@type":"ContactPoint","email":"export@recambiosecogas.com"},"openingHoursSpecification":[{"@type":"OpeningHoursSpecification","dayOfWeek":["Monday","Tuesday","Wednesday","Thursday","Friday","Saturday","Sunday"],"opens":"09:00","closes":"17:00"}],"email":"info@recambiosecogas.com","faxNumber":"SEGIMON AUTOMOCION SL","vatID":"ESB19819861","globalLocationNumber":"938 616 339"},{"@type":"PostalAddress","@id":"https:\/\/recambiosecogas.com\/it\/producto\/adaptador-m10x1-5-toma-de-carga-italiana-sin-ar-tomasetto\/#local-main-place-address","streetAddress":"cami antic de vic, 29 (Nave 3), Pol\u00edgono Industrial Congost","addressLocality":"CORRO D`AVALL","postalCode":"08520","addressRegion":"Barcelona","addressCountry":"ES"},{"@type":"ImageObject","inLanguage":"it-IT","@id":"https:\/\/recambiosecogas.com\/it\/producto\/adaptador-m10x1-5-toma-de-carga-italiana-sin-ar-tomasetto\/#local-main-organization-logo","url":"https:\/\/recambiosecogas.com\/wp-content\/uploads\/2024\/11\/cropped-RECAMBIOS-GLP-png.webp","contentUrl":"https:\/\/recambiosecogas.com\/wp-content\/uploads\/2024\/11\/cropped-RECAMBIOS-GLP-png.webp","width":512,"height":512,"caption":"Recambios EcoGas"}]},"product_price_amount":"18.40","product_price_currency":"EUR","og_availability":"backorder","product_availability":"available for order","product_condition":"new","geo.placename":"CORRO D`AVALL","geo.region":"Spagna"},"uagb_featured_image_src":{"full":["https:\/\/recambiosecogas.com\/wp-content\/uploads\/2024\/12\/Adaptador-GLP-DISH-M10x1.5-png.webp",1000,1000,false],"thumbnail":["https:\/\/recambiosecogas.com\/wp-content\/uploads\/2024\/12\/Adaptador-GLP-DISH-M10x1.5-150x150.webp",150,150,true],"medium":["https:\/\/recambiosecogas.com\/wp-content\/uploads\/2024\/12\/Adaptador-GLP-DISH-M10x1.5-300x300.webp",300,300,true],"medium_large":["https:\/\/recambiosecogas.com\/wp-content\/uploads\/2024\/12\/Adaptador-GLP-DISH-M10x1.5-768x768.webp",768,768,true],"large":["https:\/\/recambiosecogas.com\/wp-content\/uploads\/2024\/12\/Adaptador-GLP-DISH-M10x1.5-png.webp",1000,1000,false],"1536x1536":["https:\/\/recambiosecogas.com\/wp-content\/uploads\/2024\/12\/Adaptador-GLP-DISH-M10x1.5-png.webp",1000,1000,false],"2048x2048":["https:\/\/recambiosecogas.com\/wp-content\/uploads\/2024\/12\/Adaptador-GLP-DISH-M10x1.5-png.webp",1000,1000,false],"woocommerce_archive_thumbnail":["https:\/\/recambiosecogas.com\/wp-content\/uploads\/2024\/12\/Adaptador-GLP-DISH-M10x1.5-png.webp",1000,1000,false],"woocommerce_thumbnail":["https:\/\/recambiosecogas.com\/wp-content\/uploads\/2024\/12\/Adaptador-GLP-DISH-M10x1.5-300x300.webp",300,300,true],"woocommerce_single":["https:\/\/recambiosecogas.com\/wp-content\/uploads\/2024\/12\/Adaptador-GLP-DISH-M10x1.5-png.webp",1000,1000,false],"woocommerce_gallery_thumbnail":["https:\/\/recambiosecogas.com\/wp-content\/uploads\/2024\/12\/Adaptador-GLP-DISH-M10x1.5-png.webp",1000,1000,false],"dgwt-wcas-product-suggestion":["https:\/\/recambiosecogas.com\/wp-content\/uploads\/2024\/12\/Adaptador-GLP-DISH-M10x1.5-64x64.webp",64,64,true]},"uagb_author_info":{"display_name":"Fran - Soporte T\u00e9cnico","author_link":"https:\/\/recambiosecogas.com\/it\/author\/"},"uagb_comment_info":0,"uagb_excerpt":"L'adattatore Tomasetto M10x1.5 \u00e8 la soluzione perfetta per collegare facilmente il tuo sistema gas alle prese di ricarica italiane senza AR. Progettato per garantire una connessione sicura ed efficiente, questo adattatore \u00e8 indispensabile per un'installazione senza complicazioni e per prestazioni affidabili nel tuo veicolo.","_links":{"self":[{"href":"https:\/\/recambiosecogas.com\/it\/wp-json\/wp\/v2\/product\/46666","targetHints":{"allow":["GET"]}}],"collection":[{"href":"https:\/\/recambiosecogas.com\/it\/wp-json\/wp\/v2\/product"}],"about":[{"href":"https:\/\/recambiosecogas.com\/it\/wp-json\/wp\/v2\/types\/product"}],"replies":[{"embeddable":true,"href":"https:\/\/recambiosecogas.com\/it\/wp-json\/wp\/v2\/comments?post=46666"}],"wp:featuredmedia":[{"embeddable":true,"href":"https:\/\/recambiosecogas.com\/it\/wp-json\/wp\/v2\/media\/19222"}],"wp:attachment":[{"href":"https:\/\/recambiosecogas.com\/it\/wp-json\/wp\/v2\/media?parent=46666"}],"wp:term":[{"taxonomy":"product_brand","embeddable":true,"href":"https:\/\/recambiosecogas.com\/it\/wp-json\/wp\/v2\/product_brand?post=46666"},{"taxonomy":"product_cat","embeddable":true,"href":"https:\/\/recambiosecogas.com\/it\/wp-json\/wp\/v2\/product_cat?post=46666"},{"taxonomy":"product_tag","embeddable":true,"href":"https:\/\/recambiosecogas.com\/it\/wp-json\/wp\/v2\/product_tag?post=46666"}],"curies":[{"name":"wp","href":"https:\/\/api.w.org\/{rel}","templated":true}]}}