{"id":46658,"date":"2024-12-05T17:12:28","date_gmt":"2024-12-05T17:12:28","guid":{"rendered":"https:\/\/recambiosecogas.com\/producto\/drehmeister-adaptador-de-boquilla-de-suministro-euronozzle-m16-rosca-interna\/"},"modified":"2026-04-08T10:21:40","modified_gmt":"2026-04-08T09:21:40","slug":"drehmeister-adaptador-de-boquilla-de-suministro-euronozzle-m16-rosca-interna","status":"publish","type":"product","link":"https:\/\/recambiosecogas.com\/it\/producto\/drehmeister-adaptador-de-boquilla-de-suministro-euronozzle-m16-rosca-interna\/","title":{"rendered":"Adattatore GPL Euronozzle M16 | Filo interno"},"content":{"rendered":"<h3 style=\"text-align: center;\" data-start=\"203\" data-end=\"311\"><strong data-start=\"207\" data-end=\"311\">Adattatore GPL Euronozzle M16 | DREHMEISTER 64mm\/95,5mm \u2013 Compatibile con sistemi di rifornimento mini<\/strong><\/h3>\n<p data-start=\"313\" data-end=\"766\">Adattatore GPL Euronozzle M16 | DREHMEISTER \u2013 Compatibile con mini sistemi di rifornimento con <strong data-start=\"373\" data-end=\"390\">filettatura interna<\/strong> , \u00e8 progettato per veicoli con sistemi integrati di rifornimento a GPL, come <strong data-start=\"471\" data-end=\"512\">Tomasetto, OMB o mini-sistemi Rotarex<\/strong>, che hanno filettature M10, M12, M14 o M16 dietro il tappo del serbatoio. Questo adattatore \u00e8 essenziale per il rifornimento <strong data-start=\"648\" data-end=\"665\">di GPL (autogas)<\/strong> presso le stazioni di servizio che utilizzano il <strong data-start=\"708\" data-end=\"730\">sistema Euronozzle<\/strong>, standard in <strong data-start=\"744\" data-end=\"765\">Spagna e Portogallo<\/strong>. <span style=\"color: #ffffff;\">\u00a9Ricambi EcoGas<\/span> <\/p>\n<p data-start=\"768\" data-end=\"1017\">Realizzato <strong data-start=\"781\" data-end=\"806\">in ottone di alta qualit\u00e0<\/strong>, garantisce un <strong data-start=\"822\" data-end=\"861\">collegamento sicuro, impermeabile e duraturo<\/strong> tra la valvola del serbatoio del veicolo e il cannone di alimentazione. Il suo design compatto e preciso permette un accesso confortevole anche in spazi ristretti. <span style=\"color: #ffffff;\">\u00a9Ricambi EcoGas<\/span><\/p>\n<p data-start=\"1019\" data-end=\"1243\">Grazie <strong data-start=\"1032\" data-end=\"1064\">all&#8217;elevata precisione lavorativa<\/strong> di DREHMEISTER, questo adattatore offre <strong data-start=\"1117\" data-end=\"1173\">eccellente tenuta, resistenza e compatibilit\u00e0 universale<\/strong>, conforme agli standard europei per un rifornimento sicuro di GPL. <span style=\"color: #ffffff;\">\u00a9Ricambi EcoGas<\/span><\/p>\n<hr class=\"\" data-start=\"1245\" data-end=\"1248\">\n<h4 data-start=\"1250\" data-end=\"1325\"><strong data-start=\"1254\" data-end=\"1325\">Specifiche tecniche \u2013 Adattatore EUROPEO a GPL M16 | <span style=\"color: #ffffff;\">Ricambi DREHMEISTER\u00a9EcoGas<\/span><\/strong><\/h4>\n<div class=\"overflow-x-auto contain-inline-size\">\n<table data-start=\"1327\" data-end=\"2347\">\n<thead data-start=\"1327\" data-end=\"1429\">\n<tr data-start=\"1327\" data-end=\"1429\">\n<th data-start=\"1327\" data-end=\"1356\">Specifiche<\/th>\n<th data-start=\"1356\" data-end=\"1429\">Dettagli<\/th>\n<\/tr>\n<\/thead>\n<tbody data-start=\"1532\" data-end=\"2347\">\n<tr data-start=\"1532\" data-end=\"1633\">\nTipo <\/p>\n<td><strong data-start=\"1534\" data-end=\"1554\">di prodotto<\/strong><\/td>\n<td>Adattatore per ugello di alimentazione GPL<\/td>\n<\/tr>\n<tr data-start=\"1634\" data-end=\"1735\">\n<td><strong data-start=\"1636\" data-end=\"1659\">Sistema di Connessione<\/strong><\/td>\n<td>Eurougello<\/td>\n<\/tr>\n<tr data-start=\"1736\" data-end=\"1837\">\n<td><strong data-start=\"1738\" data-end=\"1759\">Filo di collegamento<\/strong><\/td>\n<td>M16 (filettatura interna) 64mm\/95,5mm<\/td>\n<\/tr>\n<tr data-start=\"1838\" data-end=\"1939\">\n<td><strong data-start=\"1840\" data-end=\"1852\">Materiale<\/strong><\/td>\n<td>Ottone<\/td>\n<\/tr>\n<tr data-start=\"1940\" data-end=\"2041\">\n<td><strong data-start=\"1942\" data-end=\"1956\">Applicazione<\/strong><\/td>\n<td>Rifornimento di veicoli a GPL\/Autogas<\/td>\n<\/tr>\n<tr data-start=\"2042\" data-end=\"2143\">\n<td><strong data-start=\"2044\" data-end=\"2062\">Compatibile con<\/strong><\/td>\n<td>Tomasetto, OMB, Rotarex (mini sistemi di rifornimento)<\/td>\n<\/tr>\n<tr data-start=\"2144\" data-end=\"2245\">\n<td><strong data-start=\"2146\" data-end=\"2162\">Aree di utilizzo<\/strong><\/td>\n<td>Stazioni LPG in Spagna e Portogallo<\/td>\n<\/tr>\n<tr data-start=\"2246\" data-end=\"2347\">\n<td><strong data-start=\"2248\" data-end=\"2262\">Produttore<\/strong><\/td>\n<td>DREHMEISTER<\/td>\n<\/tr>\n<\/tbody>\n<\/table>\n<\/div>\n<blockquote data-start=\"2349\" data-end=\"2499\"><p><em><strong>Consigliato per veicoli con punto di ricarica a GPL nascosto dietro il tappo del carburante. Facilita il rifornimento presso le stazioni di servizio standard Euronozzle. <\/strong><\/em><\/p><\/blockquote>\n<p><a href=\"https:\/\/recambiosecogas.com\/it\/categoria-producto\/filtros\/\">ACQUISTA PI\u00d9 PRODOTTI ONLINE NEL NOSTRO NEGOZIO<\/a><\/p>\n<p><a href=\"http:\/\/www.segimonautomocio.com\/\">CONVERTITE IN LPG NEL NOSTRO OFFICINO UFFICIALE DI INSTALLAZIONE, MAGGIORI INFORMAZIONI SUL SITO WEB DEL NOSTRO WORKSHOP<\/a><\/p>\n","protected":false},"excerpt":{"rendered":"<p>Adattatore GPL Euronozzle M16 | DREHMEISTER 64mm\/95,5mm \u2013 Compatibile con sistemi di rifornimento mini Adattatore GPL Euronozzle M16 | DREHMEISTER \u2013 Compatibile con mini sistemi di rifornimento con filettatura interna , \u00e8 progettato per veicoli con sistemi integrati di rifornimento a GPL, come Tomasetto, OMB o mini-sistemi Rotarex, che hanno filettature M10, M12, M14 o [&hellip;]<\/p>\n","protected":false},"featured_media":9430,"comment_status":"open","ping_status":"closed","template":"","meta":{"googlesitekit_rrm_CAowud7EDA:productID":"","_uag_custom_page_level_css":""},"product_brand":[],"product_cat":[2188,2189,2347,2348,2162],"product_tag":[2353],"class_list":{"0":"post-46658","1":"product","2":"type-product","3":"status-publish","4":"has-post-thumbnail","6":"product_cat-adaptador-glp","7":"product_cat-adaptadores-glp","8":"product_cat-adattatori-per-paese","9":"product_cat-drehmeister","10":"product_cat-repostar","11":"product_tag-adattatore-gpl-spagna-e-portogallo","13":"first","14":"instock","15":"taxable","16":"shipping-taxable","17":"purchasable","18":"product-type-variable"},"ct_brands":[],"yoast_head":"<!-- This site is optimized with the Yoast SEO Premium plugin v27.4 (Yoast SEO v27.5) - https:\/\/yoast.com\/product\/yoast-seo-premium-wordpress\/ -->\n<title>Adattatore GPL Euronozzle M16 | Filo interno |%Recambios EcoGas<\/title>\n<meta name=\"description\" content=\"Adattatore GPL DREHMEISTER Euronozzle M16. Filo interno. Compatibile con mini-sistemi Tomasetto, OMB, Rotarex. Per Spagna e Portogallo.\" \/>\n<meta name=\"robots\" content=\"index, follow, max-snippet:-1, max-image-preview:large, max-video-preview:-1\" \/>\n<link rel=\"canonical\" href=\"https:\/\/recambiosecogas.com\/it\/producto\/drehmeister-adaptador-de-boquilla-de-suministro-euronozzle-m16-rosca-interna\/\" \/>\n<meta property=\"og:locale\" content=\"it_IT\" \/>\n<meta property=\"og:type\" content=\"article\" \/>\n<meta property=\"og:title\" content=\"Adattatore GPL Euronozzle M16 | Filo interno\" \/>\n<meta property=\"og:description\" content=\"Adattatore GPL DREHMEISTER Euronozzle M16. Filo interno. Compatibile con mini-sistemi Tomasetto, OMB, Rotarex. Per Spagna e Portogallo.\" \/>\n<meta property=\"og:url\" content=\"https:\/\/recambiosecogas.com\/it\/producto\/drehmeister-adaptador-de-boquilla-de-suministro-euronozzle-m16-rosca-interna\/\" \/>\n<meta property=\"og:site_name\" content=\"Recambios EcoGas\" \/>\n<meta property=\"article:publisher\" content=\"https:\/\/www.facebook.com\/profile.php?id=100062419705358\" \/>\n<meta property=\"article:modified_time\" content=\"2026-04-08T09:21:40+00:00\" \/>\n<meta property=\"og:image\" content=\"https:\/\/recambiosecogas.com\/wp-content\/uploads\/2024\/12\/DREHMEISTER-adaptador-de-boquilla-de-suministro-Euronozzle-M16-rosca-interna-png.webp\" \/>\n\t<meta property=\"og:image:width\" content=\"1000\" \/>\n\t<meta property=\"og:image:height\" content=\"1000\" \/>\n\t<meta property=\"og:image:type\" content=\"image\/png\" \/>\n<meta name=\"twitter:card\" content=\"summary_large_image\" \/>\n<meta name=\"twitter:label1\" content=\"Disponibilit\u00e0\" \/>\n\t<meta name=\"twitter:data1\" content=\"In stock\" \/>\n<script type=\"application\/ld+json\" class=\"yoast-schema-graph\">{\"@context\":\"https:\\\/\\\/schema.org\",\"@graph\":[{\"@type\":\"WebPage\",\"@id\":\"https:\\\/\\\/recambiosecogas.com\\\/it\\\/producto\\\/drehmeister-adaptador-de-boquilla-de-suministro-euronozzle-m16-rosca-interna\\\/\",\"url\":\"https:\\\/\\\/recambiosecogas.com\\\/it\\\/producto\\\/drehmeister-adaptador-de-boquilla-de-suministro-euronozzle-m16-rosca-interna\\\/\",\"name\":\"Adattatore GPL Euronozzle M16 | Filo interno |%Recambios EcoGas\",\"isPartOf\":{\"@id\":\"https:\\\/\\\/recambiosecogas.com\\\/it\\\/#website\"},\"primaryImageOfPage\":{\"@id\":\"https:\\\/\\\/recambiosecogas.com\\\/it\\\/producto\\\/drehmeister-adaptador-de-boquilla-de-suministro-euronozzle-m16-rosca-interna\\\/#primaryimage\"},\"image\":{\"@id\":\"https:\\\/\\\/recambiosecogas.com\\\/it\\\/producto\\\/drehmeister-adaptador-de-boquilla-de-suministro-euronozzle-m16-rosca-interna\\\/#primaryimage\"},\"thumbnailUrl\":\"https:\\\/\\\/recambiosecogas.com\\\/wp-content\\\/uploads\\\/2024\\\/12\\\/DREHMEISTER-adaptador-de-boquilla-de-suministro-Euronozzle-M16-rosca-interna-png.webp\",\"datePublished\":\"2024-12-05T17:12:28+00:00\",\"dateModified\":\"2026-04-08T09:21:40+00:00\",\"description\":\"Adattatore GPL DREHMEISTER Euronozzle M16. Filo interno. Compatibile con mini-sistemi Tomasetto, OMB, Rotarex. Per Spagna e Portogallo.\",\"breadcrumb\":{\"@id\":\"https:\\\/\\\/recambiosecogas.com\\\/it\\\/producto\\\/drehmeister-adaptador-de-boquilla-de-suministro-euronozzle-m16-rosca-interna\\\/#breadcrumb\"},\"inLanguage\":\"it-IT\",\"potentialAction\":[{\"@type\":\"ReadAction\",\"target\":[\"https:\\\/\\\/recambiosecogas.com\\\/it\\\/producto\\\/drehmeister-adaptador-de-boquilla-de-suministro-euronozzle-m16-rosca-interna\\\/\"]}]},{\"@type\":\"ImageObject\",\"inLanguage\":\"it-IT\",\"@id\":\"https:\\\/\\\/recambiosecogas.com\\\/it\\\/producto\\\/drehmeister-adaptador-de-boquilla-de-suministro-euronozzle-m16-rosca-interna\\\/#primaryimage\",\"url\":\"https:\\\/\\\/recambiosecogas.com\\\/wp-content\\\/uploads\\\/2024\\\/12\\\/DREHMEISTER-adaptador-de-boquilla-de-suministro-Euronozzle-M16-rosca-interna-png.webp\",\"contentUrl\":\"https:\\\/\\\/recambiosecogas.com\\\/wp-content\\\/uploads\\\/2024\\\/12\\\/DREHMEISTER-adaptador-de-boquilla-de-suministro-Euronozzle-M16-rosca-interna-png.webp\",\"width\":1000,\"height\":1000},{\"@type\":\"BreadcrumbList\",\"@id\":\"https:\\\/\\\/recambiosecogas.com\\\/it\\\/producto\\\/drehmeister-adaptador-de-boquilla-de-suministro-euronozzle-m16-rosca-interna\\\/#breadcrumb\",\"itemListElement\":[{\"@type\":\"ListItem\",\"position\":1,\"name\":\"Portada\",\"item\":\"https:\\\/\\\/recambiosecogas.com\\\/it\\\/\"},{\"@type\":\"ListItem\",\"position\":2,\"name\":\"Negozio\",\"item\":\"https:\\\/\\\/recambiosecogas.com\\\/it\\\/?page_id=46382\"},{\"@type\":\"ListItem\",\"position\":3,\"name\":\"Adattatore GPL Euronozzle M16 | Filo interno\"}]},{\"@type\":\"WebSite\",\"@id\":\"https:\\\/\\\/recambiosecogas.com\\\/it\\\/#website\",\"url\":\"https:\\\/\\\/recambiosecogas.com\\\/it\\\/\",\"name\":\"Recambios EcoGas\",\"description\":\"Recambios Multimarca para sistemas de GLP\\\/GNC\\\/GNL\\\/Hidr\u00f3geno\",\"publisher\":{\"@id\":\"https:\\\/\\\/recambiosecogas.com\\\/it\\\/#organization\"},\"alternateName\":\"Recambios Autogas GLP\",\"potentialAction\":[{\"@type\":\"SearchAction\",\"target\":{\"@type\":\"EntryPoint\",\"urlTemplate\":\"https:\\\/\\\/recambiosecogas.com\\\/it\\\/?s={search_term_string}\"},\"query-input\":{\"@type\":\"PropertyValueSpecification\",\"valueRequired\":true,\"valueName\":\"search_term_string\"}}],\"inLanguage\":\"it-IT\"},{\"@type\":[\"Organization\",\"Place\"],\"@id\":\"https:\\\/\\\/recambiosecogas.com\\\/it\\\/#organization\",\"name\":\"Recambios EcoGas\",\"alternateName\":\"Tienda Online GLP Espa\u00f1a\",\"url\":\"https:\\\/\\\/recambiosecogas.com\\\/it\\\/\",\"logo\":{\"@id\":\"https:\\\/\\\/recambiosecogas.com\\\/it\\\/producto\\\/drehmeister-adaptador-de-boquilla-de-suministro-euronozzle-m16-rosca-interna\\\/#local-main-organization-logo\"},\"image\":{\"@id\":\"https:\\\/\\\/recambiosecogas.com\\\/it\\\/producto\\\/drehmeister-adaptador-de-boquilla-de-suministro-euronozzle-m16-rosca-interna\\\/#local-main-organization-logo\"},\"sameAs\":[\"https:\\\/\\\/www.facebook.com\\\/profile.php?id=100062419705358\",\"https:\\\/\\\/www.instagram.com\\\/segimon_automocio\"],\"description\":\"Recambios EcoGas \u2013 Venta y distribuci\u00f3n de sistemas GLP y GNC en Espa\u00f1a y Portugal. Env\u00edos 24 h, soporte t\u00e9cnico a talleres y distribuidores.\",\"hasMerchantReturnPolicy\":{\"@type\":\"MerchantReturnPolicy\",\"merchantReturnLink\":\"https:\\\/\\\/recambiosecogas.com\\\/politicas-privacidad\\\/\"},\"address\":{\"@id\":\"https:\\\/\\\/recambiosecogas.com\\\/it\\\/producto\\\/drehmeister-adaptador-de-boquilla-de-suministro-euronozzle-m16-rosca-interna\\\/#local-main-place-address\"},\"telephone\":[\"616250633\"],\"contactPoint\":{\"@type\":\"ContactPoint\",\"email\":\"export@recambiosecogas.com\"},\"openingHoursSpecification\":[{\"@type\":\"OpeningHoursSpecification\",\"dayOfWeek\":[\"Monday\",\"Tuesday\",\"Wednesday\",\"Thursday\",\"Friday\",\"Saturday\",\"Sunday\"],\"opens\":\"09:00\",\"closes\":\"17:00\"}],\"email\":\"info@recambiosecogas.com\",\"faxNumber\":\"SEGIMON AUTOMOCION SL\",\"vatID\":\"ESB19819861\",\"globalLocationNumber\":\"938 616 339\"},{\"@type\":\"PostalAddress\",\"@id\":\"https:\\\/\\\/recambiosecogas.com\\\/it\\\/producto\\\/drehmeister-adaptador-de-boquilla-de-suministro-euronozzle-m16-rosca-interna\\\/#local-main-place-address\",\"streetAddress\":\"cami antic de vic, 29 (Nave 3), Pol\u00edgono Industrial Congost\",\"addressLocality\":\"CORRO D`AVALL\",\"postalCode\":\"08520\",\"addressRegion\":\"Barcelona\",\"addressCountry\":\"ES\"},{\"@type\":\"ImageObject\",\"inLanguage\":\"it-IT\",\"@id\":\"https:\\\/\\\/recambiosecogas.com\\\/it\\\/producto\\\/drehmeister-adaptador-de-boquilla-de-suministro-euronozzle-m16-rosca-interna\\\/#local-main-organization-logo\",\"url\":\"https:\\\/\\\/recambiosecogas.com\\\/wp-content\\\/uploads\\\/2024\\\/11\\\/cropped-RECAMBIOS-GLP-png.webp\",\"contentUrl\":\"https:\\\/\\\/recambiosecogas.com\\\/wp-content\\\/uploads\\\/2024\\\/11\\\/cropped-RECAMBIOS-GLP-png.webp\",\"width\":512,\"height\":512,\"caption\":\"Recambios EcoGas\"}]}<\/script>\n<meta property=\"og:availability\" content=\"instock\" \/>\n<meta property=\"product:availability\" content=\"instock\" \/>\n<meta property=\"product:retailer_item_id\" content=\"111524\" \/>\n<meta property=\"product:condition\" content=\"new\" \/>\n<meta name=\"geo.placename\" content=\"CORRO D`AVALL\" \/>\n<meta name=\"geo.region\" content=\"Spagna\" \/>\n<!-- \/ Yoast SEO Premium plugin. -->","yoast_head_json":{"title":"Adattatore GPL Euronozzle M16 | Filo interno |%Recambios EcoGas","description":"Adattatore GPL DREHMEISTER Euronozzle M16. Filo interno. Compatibile con mini-sistemi Tomasetto, OMB, Rotarex. Per Spagna e Portogallo.","robots":{"index":"index","follow":"follow","max-snippet":"max-snippet:-1","max-image-preview":"max-image-preview:large","max-video-preview":"max-video-preview:-1"},"canonical":"https:\/\/recambiosecogas.com\/it\/producto\/drehmeister-adaptador-de-boquilla-de-suministro-euronozzle-m16-rosca-interna\/","og_locale":"it_IT","og_type":"article","og_title":"Adattatore GPL Euronozzle M16 | Filo interno","og_description":"Adattatore GPL DREHMEISTER Euronozzle M16. Filo interno. Compatibile con mini-sistemi Tomasetto, OMB, Rotarex. Per Spagna e Portogallo.","og_url":"https:\/\/recambiosecogas.com\/it\/producto\/drehmeister-adaptador-de-boquilla-de-suministro-euronozzle-m16-rosca-interna\/","og_site_name":"Recambios EcoGas","article_publisher":"https:\/\/www.facebook.com\/profile.php?id=100062419705358","article_modified_time":"2026-04-08T09:21:40+00:00","og_image":[{"width":1000,"height":1000,"url":"https:\/\/recambiosecogas.com\/wp-content\/uploads\/2024\/12\/DREHMEISTER-adaptador-de-boquilla-de-suministro-Euronozzle-M16-rosca-interna-png.webp","type":"image\/png"}],"twitter_card":"summary_large_image","twitter_misc":{"Disponibilit\u00e0":"In stock"},"schema":{"@context":"https:\/\/schema.org","@graph":[{"@type":"WebPage","@id":"https:\/\/recambiosecogas.com\/it\/producto\/drehmeister-adaptador-de-boquilla-de-suministro-euronozzle-m16-rosca-interna\/","url":"https:\/\/recambiosecogas.com\/it\/producto\/drehmeister-adaptador-de-boquilla-de-suministro-euronozzle-m16-rosca-interna\/","name":"Adattatore GPL Euronozzle M16 | Filo interno |%Recambios EcoGas","isPartOf":{"@id":"https:\/\/recambiosecogas.com\/it\/#website"},"primaryImageOfPage":{"@id":"https:\/\/recambiosecogas.com\/it\/producto\/drehmeister-adaptador-de-boquilla-de-suministro-euronozzle-m16-rosca-interna\/#primaryimage"},"image":{"@id":"https:\/\/recambiosecogas.com\/it\/producto\/drehmeister-adaptador-de-boquilla-de-suministro-euronozzle-m16-rosca-interna\/#primaryimage"},"thumbnailUrl":"https:\/\/recambiosecogas.com\/wp-content\/uploads\/2024\/12\/DREHMEISTER-adaptador-de-boquilla-de-suministro-Euronozzle-M16-rosca-interna-png.webp","datePublished":"2024-12-05T17:12:28+00:00","dateModified":"2026-04-08T09:21:40+00:00","description":"Adattatore GPL DREHMEISTER Euronozzle M16. Filo interno. Compatibile con mini-sistemi Tomasetto, OMB, Rotarex. Per Spagna e Portogallo.","breadcrumb":{"@id":"https:\/\/recambiosecogas.com\/it\/producto\/drehmeister-adaptador-de-boquilla-de-suministro-euronozzle-m16-rosca-interna\/#breadcrumb"},"inLanguage":"it-IT","potentialAction":[{"@type":"ReadAction","target":["https:\/\/recambiosecogas.com\/it\/producto\/drehmeister-adaptador-de-boquilla-de-suministro-euronozzle-m16-rosca-interna\/"]}]},{"@type":"ImageObject","inLanguage":"it-IT","@id":"https:\/\/recambiosecogas.com\/it\/producto\/drehmeister-adaptador-de-boquilla-de-suministro-euronozzle-m16-rosca-interna\/#primaryimage","url":"https:\/\/recambiosecogas.com\/wp-content\/uploads\/2024\/12\/DREHMEISTER-adaptador-de-boquilla-de-suministro-Euronozzle-M16-rosca-interna-png.webp","contentUrl":"https:\/\/recambiosecogas.com\/wp-content\/uploads\/2024\/12\/DREHMEISTER-adaptador-de-boquilla-de-suministro-Euronozzle-M16-rosca-interna-png.webp","width":1000,"height":1000},{"@type":"BreadcrumbList","@id":"https:\/\/recambiosecogas.com\/it\/producto\/drehmeister-adaptador-de-boquilla-de-suministro-euronozzle-m16-rosca-interna\/#breadcrumb","itemListElement":[{"@type":"ListItem","position":1,"name":"Portada","item":"https:\/\/recambiosecogas.com\/it\/"},{"@type":"ListItem","position":2,"name":"Negozio","item":"https:\/\/recambiosecogas.com\/it\/?page_id=46382"},{"@type":"ListItem","position":3,"name":"Adattatore GPL Euronozzle M16 | Filo interno"}]},{"@type":"WebSite","@id":"https:\/\/recambiosecogas.com\/it\/#website","url":"https:\/\/recambiosecogas.com\/it\/","name":"Recambios EcoGas","description":"Recambios Multimarca para sistemas de GLP\/GNC\/GNL\/Hidr\u00f3geno","publisher":{"@id":"https:\/\/recambiosecogas.com\/it\/#organization"},"alternateName":"Recambios Autogas GLP","potentialAction":[{"@type":"SearchAction","target":{"@type":"EntryPoint","urlTemplate":"https:\/\/recambiosecogas.com\/it\/?s={search_term_string}"},"query-input":{"@type":"PropertyValueSpecification","valueRequired":true,"valueName":"search_term_string"}}],"inLanguage":"it-IT"},{"@type":["Organization","Place"],"@id":"https:\/\/recambiosecogas.com\/it\/#organization","name":"Recambios EcoGas","alternateName":"Tienda Online GLP Espa\u00f1a","url":"https:\/\/recambiosecogas.com\/it\/","logo":{"@id":"https:\/\/recambiosecogas.com\/it\/producto\/drehmeister-adaptador-de-boquilla-de-suministro-euronozzle-m16-rosca-interna\/#local-main-organization-logo"},"image":{"@id":"https:\/\/recambiosecogas.com\/it\/producto\/drehmeister-adaptador-de-boquilla-de-suministro-euronozzle-m16-rosca-interna\/#local-main-organization-logo"},"sameAs":["https:\/\/www.facebook.com\/profile.php?id=100062419705358","https:\/\/www.instagram.com\/segimon_automocio"],"description":"Recambios EcoGas \u2013 Venta y distribuci\u00f3n de sistemas GLP y GNC en Espa\u00f1a y Portugal. Env\u00edos 24 h, soporte t\u00e9cnico a talleres y distribuidores.","hasMerchantReturnPolicy":{"@type":"MerchantReturnPolicy","merchantReturnLink":"https:\/\/recambiosecogas.com\/politicas-privacidad\/"},"address":{"@id":"https:\/\/recambiosecogas.com\/it\/producto\/drehmeister-adaptador-de-boquilla-de-suministro-euronozzle-m16-rosca-interna\/#local-main-place-address"},"telephone":["616250633"],"contactPoint":{"@type":"ContactPoint","email":"export@recambiosecogas.com"},"openingHoursSpecification":[{"@type":"OpeningHoursSpecification","dayOfWeek":["Monday","Tuesday","Wednesday","Thursday","Friday","Saturday","Sunday"],"opens":"09:00","closes":"17:00"}],"email":"info@recambiosecogas.com","faxNumber":"SEGIMON AUTOMOCION SL","vatID":"ESB19819861","globalLocationNumber":"938 616 339"},{"@type":"PostalAddress","@id":"https:\/\/recambiosecogas.com\/it\/producto\/drehmeister-adaptador-de-boquilla-de-suministro-euronozzle-m16-rosca-interna\/#local-main-place-address","streetAddress":"cami antic de vic, 29 (Nave 3), Pol\u00edgono Industrial Congost","addressLocality":"CORRO D`AVALL","postalCode":"08520","addressRegion":"Barcelona","addressCountry":"ES"},{"@type":"ImageObject","inLanguage":"it-IT","@id":"https:\/\/recambiosecogas.com\/it\/producto\/drehmeister-adaptador-de-boquilla-de-suministro-euronozzle-m16-rosca-interna\/#local-main-organization-logo","url":"https:\/\/recambiosecogas.com\/wp-content\/uploads\/2024\/11\/cropped-RECAMBIOS-GLP-png.webp","contentUrl":"https:\/\/recambiosecogas.com\/wp-content\/uploads\/2024\/11\/cropped-RECAMBIOS-GLP-png.webp","width":512,"height":512,"caption":"Recambios EcoGas"}]},"og_availability":"instock","product_availability":"instock","product_retailer_item_id":"111524","product_condition":"new","geo.placename":"CORRO D`AVALL","geo.region":"Spagna"},"uagb_featured_image_src":{"full":["https:\/\/recambiosecogas.com\/wp-content\/uploads\/2024\/12\/DREHMEISTER-adaptador-de-boquilla-de-suministro-Euronozzle-M16-rosca-interna-png.webp",1000,1000,false],"thumbnail":["https:\/\/recambiosecogas.com\/wp-content\/uploads\/2024\/12\/DREHMEISTER-adaptador-de-boquilla-de-suministro-Euronozzle-M16-rosca-interna-150x150.webp",150,150,true],"medium":["https:\/\/recambiosecogas.com\/wp-content\/uploads\/2024\/12\/DREHMEISTER-adaptador-de-boquilla-de-suministro-Euronozzle-M16-rosca-interna-300x300.webp",300,300,true],"medium_large":["https:\/\/recambiosecogas.com\/wp-content\/uploads\/2024\/12\/DREHMEISTER-adaptador-de-boquilla-de-suministro-Euronozzle-M16-rosca-interna-768x768.webp",768,768,true],"large":["https:\/\/recambiosecogas.com\/wp-content\/uploads\/2024\/12\/DREHMEISTER-adaptador-de-boquilla-de-suministro-Euronozzle-M16-rosca-interna-png.webp",1000,1000,false],"1536x1536":["https:\/\/recambiosecogas.com\/wp-content\/uploads\/2024\/12\/DREHMEISTER-adaptador-de-boquilla-de-suministro-Euronozzle-M16-rosca-interna-png.webp",1000,1000,false],"2048x2048":["https:\/\/recambiosecogas.com\/wp-content\/uploads\/2024\/12\/DREHMEISTER-adaptador-de-boquilla-de-suministro-Euronozzle-M16-rosca-interna-png.webp",1000,1000,false],"woocommerce_archive_thumbnail":["https:\/\/recambiosecogas.com\/wp-content\/uploads\/2024\/12\/DREHMEISTER-adaptador-de-boquilla-de-suministro-Euronozzle-M16-rosca-interna-png.webp",1000,1000,false],"woocommerce_thumbnail":["https:\/\/recambiosecogas.com\/wp-content\/uploads\/2024\/12\/DREHMEISTER-adaptador-de-boquilla-de-suministro-Euronozzle-M16-rosca-interna-png-300x300.webp",300,300,true],"woocommerce_single":["https:\/\/recambiosecogas.com\/wp-content\/uploads\/2024\/12\/DREHMEISTER-adaptador-de-boquilla-de-suministro-Euronozzle-M16-rosca-interna-png.webp",1000,1000,false],"woocommerce_gallery_thumbnail":["https:\/\/recambiosecogas.com\/wp-content\/uploads\/2024\/12\/DREHMEISTER-adaptador-de-boquilla-de-suministro-Euronozzle-M16-rosca-interna-png.webp",1000,1000,false],"dgwt-wcas-product-suggestion":["https:\/\/recambiosecogas.com\/wp-content\/uploads\/2024\/12\/DREHMEISTER-adaptador-de-boquilla-de-suministro-Euronozzle-M16-rosca-interna-png-64x64.webp",64,64,true]},"uagb_author_info":{"display_name":"Fran - Soporte T\u00e9cnico","author_link":"https:\/\/recambiosecogas.com\/it\/author\/"},"uagb_comment_info":0,"uagb_excerpt":"Adattatore GPL Euronozzle M16 | DREHMEISTER 64mm\/95,5mm \u2013 Compatibile con sistemi di rifornimento mini Adattatore GPL Euronozzle M16 | DREHMEISTER \u2013 Compatibile con mini sistemi di rifornimento con filettatura interna , \u00e8 progettato per veicoli con sistemi integrati di rifornimento a GPL, come Tomasetto, OMB o mini-sistemi Rotarex, che hanno filettature M10, M12, M14 o&hellip;","_links":{"self":[{"href":"https:\/\/recambiosecogas.com\/it\/wp-json\/wp\/v2\/product\/46658","targetHints":{"allow":["GET"]}}],"collection":[{"href":"https:\/\/recambiosecogas.com\/it\/wp-json\/wp\/v2\/product"}],"about":[{"href":"https:\/\/recambiosecogas.com\/it\/wp-json\/wp\/v2\/types\/product"}],"replies":[{"embeddable":true,"href":"https:\/\/recambiosecogas.com\/it\/wp-json\/wp\/v2\/comments?post=46658"}],"wp:featuredmedia":[{"embeddable":true,"href":"https:\/\/recambiosecogas.com\/it\/wp-json\/wp\/v2\/media\/9430"}],"wp:attachment":[{"href":"https:\/\/recambiosecogas.com\/it\/wp-json\/wp\/v2\/media?parent=46658"}],"wp:term":[{"taxonomy":"product_brand","embeddable":true,"href":"https:\/\/recambiosecogas.com\/it\/wp-json\/wp\/v2\/product_brand?post=46658"},{"taxonomy":"product_cat","embeddable":true,"href":"https:\/\/recambiosecogas.com\/it\/wp-json\/wp\/v2\/product_cat?post=46658"},{"taxonomy":"product_tag","embeddable":true,"href":"https:\/\/recambiosecogas.com\/it\/wp-json\/wp\/v2\/product_tag?post=46658"}],"curies":[{"name":"wp","href":"https:\/\/api.w.org\/{rel}","templated":true}]}}