{"id":46653,"date":"2024-12-23T14:31:44","date_gmt":"2024-12-23T14:31:44","guid":{"rendered":"https:\/\/recambiosecogas.com\/producto\/adaptador-para-glp-m10-acme-para-alemania\/"},"modified":"2026-04-08T10:21:38","modified_gmt":"2026-04-08T09:21:38","slug":"adaptador-para-glp-m10-acme-para-alemania","status":"publish","type":"product","link":"https:\/\/recambiosecogas.com\/it\/producto\/adaptador-para-glp-m10-acme-para-alemania\/","title":{"rendered":"Adattatore LPG ACME Long M10x1.5 | GMT"},"content":{"rendered":"<h3 style=\"text-align: center;\" data-start=\"293\" data-end=\"368\"><strong data-start=\"297\" data-end=\"368\">Adattatore LPG ACME Long M10x1.5 | GMT \u2013 Per il rifornimento in Germania<\/strong><\/h3>\n<p data-start=\"370\" data-end=\"743\"><strong data-start=\"373\" data-end=\"409\">L&#8217;adattatore LPG ACME lungo GMT M10x1.5<\/strong> \u00e8 il connettore ideale per il rifornimento di veicoli a gas liquefatto (GPL) in <strong data-start=\"489\" data-end=\"501\">Germania<\/strong> e in altri paesi dove viene utilizzato lo standard <strong data-start=\"546\" data-end=\"554\">ACME<\/strong>.<strong data-start=\"413\" data-end=\"420\"> Il suo design <strong data-start=\"570\" data-end=\"587\">filettato M10x1.5<\/strong> \u00e8 compatibile con i sistemi di ricarica nascosti pi\u00f9 comunemente usati, come <strong data-start=\"657\" data-end=\"685\">Tomasetto, OMB e Rotarex<\/strong>, fornendo una connessione <strong data-start=\"715\" data-end=\"742\">solida, stagna e sicura<\/strong>.<\/strong> <\/p>\n<p data-start=\"745\" data-end=\"1059\">Con una <strong data-start=\"753\" data-end=\"780\">lunghezza complessiva di 79 mm<\/strong>, questo adattatore lungo rende facile accedere al punto di ricarica anche quando \u00e8 pi\u00f9 profondo o in posizioni difficili. Realizzata <strong data-start=\"928\" data-end=\"957\">interamente in ottone ad alta resistenza<\/strong>, offre durabilit\u00e0, resistenza alla corrosione e un uso duraturo anche in condizioni impegnative. <\/p>\n<p data-start=\"1061\" data-end=\"1177\">\u00c8 un&#8217;opzione indispensabile per chi viaggia o fa rifornimento regolarmente in Germania e in altre aree con standard ACME.<\/p>\n<hr class=\"\" data-start=\"1179\" data-end=\"1182\">\n<h4 data-start=\"1184\" data-end=\"1247\"><strong data-start=\"1188\" data-end=\"1247\">Caratteristiche tecniche \u2013 ACME Long Adapter M10x1.5<\/strong><\/h4>\n<div class=\"overflow-x-auto contain-inline-size\">\n<table data-start=\"1249\" data-end=\"2370\">\n<thead data-start=\"1249\" data-end=\"1351\">\n<tr data-start=\"1249\" data-end=\"1351\">\n<th data-start=\"1249\" data-end=\"1278\">Specifiche<\/th>\n<th data-start=\"1278\" data-end=\"1351\">Dettagli<\/th>\n<\/tr>\n<\/thead>\n<tbody data-start=\"1454\" data-end=\"2370\">\n<tr data-start=\"1454\" data-end=\"1555\">\nTipo <\/p>\n<td><strong data-start=\"1456\" data-end=\"1476\">di prodotto<\/strong><\/td>\n<td>Adattatore di rifornimento GPL \u2013 tipo ACME<\/td>\n<\/tr>\n<tr data-start=\"1556\" data-end=\"1657\">\n<td><strong data-start=\"1558\" data-end=\"1581\">Sistema di Connessione<\/strong><\/td>\n<td>ACME<\/td>\n<\/tr>\n<tr data-start=\"1658\" data-end=\"1759\">\n<td><strong data-start=\"1660\" data-end=\"1680\">Filettatura di ingresso<\/strong><\/td>\n<td>M10x1.5<\/td>\n<\/tr>\n<tr data-start=\"1760\" data-end=\"1861\">\n<td><strong data-start=\"1762\" data-end=\"1780\">Lunghezza complessiva<\/strong><\/td>\n<td>79 mm<\/td>\n<\/tr>\n<tr data-start=\"1862\" data-end=\"1963\">\n<td><strong data-start=\"1864\" data-end=\"1876\">Materiale<\/strong><\/td>\n<td>Ottone<\/td>\n<\/tr>\n<tr data-start=\"1964\" data-end=\"2064\">\n<td><strong data-start=\"1966\" data-end=\"1980\">Applicazione<\/strong><\/td>\n<td>Rifornimento di veicoli con GPL\/autogas<\/td>\n<\/tr>\n<tr data-start=\"2065\" data-end=\"2166\">\n<td><strong data-start=\"2067\" data-end=\"2085\">Compatibilit\u00e0<\/strong><\/td>\n<td>Tomasetto, OMB, Rotarex (mini sistemi di rifornimento)<\/td>\n<\/tr>\n<tr data-start=\"2167\" data-end=\"2268\">\n<td><strong data-start=\"2169\" data-end=\"2185\">Aree di utilizzo<\/strong><\/td>\n<td>Germania, paesi con sistema ACME<\/td>\n<\/tr>\n<tr data-start=\"2269\" data-end=\"2370\">\n<td><strong data-start=\"2271\" data-end=\"2285\">Produttore<\/strong><\/td>\n<td>GMT<\/td>\n<\/tr>\n<\/tbody>\n<\/table>\n<\/div>\n<blockquote data-start=\"2372\" data-end=\"2490\">\n<p data-start=\"2374\" data-end=\"2490\">Raccomandato per il rifornimento di GPL in Germania. Lunghezza estesa per un accesso comodo e sicuro al punto di ricarica nascosto. <\/p>\n<\/blockquote>\n<p data-start=\"2492\" data-end=\"2508\">\u00a9Ricambi EcoGas<\/p>\n<p><a href=\"https:\/\/recambiosecogas.com\/it\/categoria-producto\/filtros\/\">ACQUISTA PI\u00d9 PRODOTTI ONLINE NEL NOSTRO NEGOZIO<\/a><\/p>\n<p><a href=\"http:\/\/www.segimonautomocio.com\/\">CONVERTITE IN LPG NEL NOSTRO OFFICINO UFFICIALE DI INSTALLAZIONE, MAGGIORI INFORMAZIONI SUL SITO WEB DEL NOSTRO WORKSHOP<\/a><\/p>\n","protected":false},"excerpt":{"rendered":"<p>ADATTATORE PER PRESA DI RICARICA AUTOMATICA GERMANIA M10X1.5 \/ ACME LONG GMT GLP<\/p>\n","protected":false},"featured_media":12418,"comment_status":"open","ping_status":"closed","template":"","meta":{"_uag_custom_page_level_css":""},"product_brand":[],"product_cat":[2188,2189,2347,2162],"product_tag":[2316,2313,2318,2312,2315,2317,2314],"class_list":{"0":"post-46653","1":"product","2":"type-product","3":"status-publish","4":"has-post-thumbnail","6":"product_cat-adaptador-glp","7":"product_cat-adaptadores-glp","8":"product_cat-adattatori-per-paese","9":"product_cat-repostar","10":"product_tag-adattatore-glp-australia","11":"product_tag-adattatore-gpl-belgio","12":"product_tag-adattatore-gpl-canadese","13":"product_tag-adattatore-gpl-germania","14":"product_tag-adattatore-gpl-irlanda","15":"product_tag-adattatore-gpl-stati-uniti","16":"product_tag-adattatore-gpl-svizzera","18":"first","19":"onbackorder","20":"sale","21":"taxable","22":"shipping-taxable","23":"purchasable","24":"product-type-simple"},"ct_brands":[],"yoast_head":"<!-- This site is optimized with the Yoast SEO Premium plugin v27.5 (Yoast SEO v27.5) - https:\/\/yoast.com\/product\/yoast-seo-premium-wordpress\/ -->\n<title>Adattatore LPG ACME Long M10x1.5 | GMT | Recambios EcoGas | Sistemas GLP y GNC<\/title>\n<meta name=\"description\" content=\"Adattatore ACME GLP lungo M10x1.5 GMT. 79 mm. Ideale per il rifornimento in Germania. Compatibile con Tomasetto, OMB, Rotarex. Ottone resistente.\" \/>\n<meta name=\"robots\" content=\"index, follow, max-snippet:-1, max-image-preview:large, max-video-preview:-1\" \/>\n<link rel=\"canonical\" href=\"https:\/\/recambiosecogas.com\/it\/producto\/adaptador-para-glp-m10-acme-para-alemania\/\" \/>\n<meta property=\"og:locale\" content=\"it_IT\" \/>\n<meta property=\"og:type\" content=\"article\" \/>\n<meta property=\"og:title\" content=\"Adattatore LPG ACME Long M10x1.5 | GMT\" \/>\n<meta property=\"og:description\" content=\"Adattatore ACME GLP lungo M10x1.5 GMT. 79 mm. Ideale per il rifornimento in Germania. Compatibile con Tomasetto, OMB, Rotarex. Ottone resistente.\" \/>\n<meta property=\"og:url\" content=\"https:\/\/recambiosecogas.com\/it\/producto\/adaptador-para-glp-m10-acme-para-alemania\/\" \/>\n<meta property=\"og:site_name\" content=\"Recambios EcoGas\" \/>\n<meta property=\"article:publisher\" content=\"https:\/\/www.facebook.com\/profile.php?id=100062419705358\" \/>\n<meta property=\"article:modified_time\" content=\"2026-04-08T09:21:38+00:00\" \/>\n<meta property=\"og:image\" content=\"https:\/\/recambiosecogas.com\/wp-content\/uploads\/2024\/12\/Adaptador-para-GLP-M10-ACME-para-ALEMANIA-1-png.webp\" \/>\n\t<meta property=\"og:image:width\" content=\"1000\" \/>\n\t<meta property=\"og:image:height\" content=\"1000\" \/>\n\t<meta property=\"og:image:type\" content=\"image\/png\" \/>\n<meta name=\"twitter:card\" content=\"summary_large_image\" \/>\n<meta name=\"twitter:label1\" content=\"Prezzo\" \/>\n\t<meta name=\"twitter:data1\" content=\"26,99&nbsp;&euro; (Sin IVA: 22,31&nbsp;&euro;)\" \/>\n\t<meta name=\"twitter:label2\" content=\"Disponibilit\u00e0\" \/>\n\t<meta name=\"twitter:data2\" content=\"Su ordinazione\" \/>\n<script type=\"application\/ld+json\" class=\"yoast-schema-graph\">{\"@context\":\"https:\\\/\\\/schema.org\",\"@graph\":[{\"@type\":\"WebPage\",\"@id\":\"https:\\\/\\\/recambiosecogas.com\\\/it\\\/producto\\\/adaptador-para-glp-m10-acme-para-alemania\\\/\",\"url\":\"https:\\\/\\\/recambiosecogas.com\\\/it\\\/producto\\\/adaptador-para-glp-m10-acme-para-alemania\\\/\",\"name\":\"Adattatore LPG ACME Long M10x1.5 | GMT | Recambios EcoGas | Sistemas GLP y GNC\",\"isPartOf\":{\"@id\":\"https:\\\/\\\/recambiosecogas.com\\\/it\\\/#website\"},\"primaryImageOfPage\":{\"@id\":\"https:\\\/\\\/recambiosecogas.com\\\/it\\\/producto\\\/adaptador-para-glp-m10-acme-para-alemania\\\/#primaryimage\"},\"image\":{\"@id\":\"https:\\\/\\\/recambiosecogas.com\\\/it\\\/producto\\\/adaptador-para-glp-m10-acme-para-alemania\\\/#primaryimage\"},\"thumbnailUrl\":\"https:\\\/\\\/recambiosecogas.com\\\/wp-content\\\/uploads\\\/2024\\\/12\\\/Adaptador-para-GLP-M10-ACME-para-ALEMANIA-1-png.webp\",\"datePublished\":\"2024-12-23T14:31:44+00:00\",\"dateModified\":\"2026-04-08T09:21:38+00:00\",\"description\":\"Adattatore ACME GLP lungo M10x1.5 GMT. 79 mm. Ideale per il rifornimento in Germania. Compatibile con Tomasetto, OMB, Rotarex. Ottone resistente.\",\"breadcrumb\":{\"@id\":\"https:\\\/\\\/recambiosecogas.com\\\/it\\\/producto\\\/adaptador-para-glp-m10-acme-para-alemania\\\/#breadcrumb\"},\"inLanguage\":\"it-IT\",\"potentialAction\":[{\"@type\":\"ReadAction\",\"target\":[\"https:\\\/\\\/recambiosecogas.com\\\/it\\\/producto\\\/adaptador-para-glp-m10-acme-para-alemania\\\/\"]}]},{\"@type\":\"ImageObject\",\"inLanguage\":\"it-IT\",\"@id\":\"https:\\\/\\\/recambiosecogas.com\\\/it\\\/producto\\\/adaptador-para-glp-m10-acme-para-alemania\\\/#primaryimage\",\"url\":\"https:\\\/\\\/recambiosecogas.com\\\/wp-content\\\/uploads\\\/2024\\\/12\\\/Adaptador-para-GLP-M10-ACME-para-ALEMANIA-1-png.webp\",\"contentUrl\":\"https:\\\/\\\/recambiosecogas.com\\\/wp-content\\\/uploads\\\/2024\\\/12\\\/Adaptador-para-GLP-M10-ACME-para-ALEMANIA-1-png.webp\",\"width\":1000,\"height\":1000},{\"@type\":\"BreadcrumbList\",\"@id\":\"https:\\\/\\\/recambiosecogas.com\\\/it\\\/producto\\\/adaptador-para-glp-m10-acme-para-alemania\\\/#breadcrumb\",\"itemListElement\":[{\"@type\":\"ListItem\",\"position\":1,\"name\":\"Portada\",\"item\":\"https:\\\/\\\/recambiosecogas.com\\\/it\\\/\"},{\"@type\":\"ListItem\",\"position\":2,\"name\":\"Negozio\",\"item\":\"https:\\\/\\\/recambiosecogas.com\\\/it\\\/?page_id=46382\"},{\"@type\":\"ListItem\",\"position\":3,\"name\":\"Adattatore LPG ACME Long M10x1.5 | GMT\"}]},{\"@type\":\"WebSite\",\"@id\":\"https:\\\/\\\/recambiosecogas.com\\\/it\\\/#website\",\"url\":\"https:\\\/\\\/recambiosecogas.com\\\/it\\\/\",\"name\":\"Recambios EcoGas\",\"description\":\"Recambios Multimarca para sistemas de GLP\\\/GNC\\\/GNL\\\/Hidr\u00f3geno\",\"publisher\":{\"@id\":\"https:\\\/\\\/recambiosecogas.com\\\/it\\\/#organization\"},\"alternateName\":\"Recambios Autogas GLP\",\"potentialAction\":[{\"@type\":\"SearchAction\",\"target\":{\"@type\":\"EntryPoint\",\"urlTemplate\":\"https:\\\/\\\/recambiosecogas.com\\\/it\\\/?s={search_term_string}\"},\"query-input\":{\"@type\":\"PropertyValueSpecification\",\"valueRequired\":true,\"valueName\":\"search_term_string\"}}],\"inLanguage\":\"it-IT\"},{\"@type\":[\"Organization\",\"Place\"],\"@id\":\"https:\\\/\\\/recambiosecogas.com\\\/it\\\/#organization\",\"name\":\"Recambios EcoGas\",\"alternateName\":\"Tienda Online GLP Espa\u00f1a\",\"url\":\"https:\\\/\\\/recambiosecogas.com\\\/it\\\/\",\"logo\":{\"@id\":\"https:\\\/\\\/recambiosecogas.com\\\/it\\\/producto\\\/adaptador-para-glp-m10-acme-para-alemania\\\/#local-main-organization-logo\"},\"image\":{\"@id\":\"https:\\\/\\\/recambiosecogas.com\\\/it\\\/producto\\\/adaptador-para-glp-m10-acme-para-alemania\\\/#local-main-organization-logo\"},\"sameAs\":[\"https:\\\/\\\/www.facebook.com\\\/profile.php?id=100062419705358\",\"https:\\\/\\\/www.instagram.com\\\/segimon_automocio\"],\"description\":\"Recambios EcoGas \u2013 Venta y distribuci\u00f3n de sistemas GLP y GNC en Espa\u00f1a y Portugal. Env\u00edos 24 h, soporte t\u00e9cnico a talleres y distribuidores.\",\"hasMerchantReturnPolicy\":{\"@type\":\"MerchantReturnPolicy\",\"merchantReturnLink\":\"https:\\\/\\\/recambiosecogas.com\\\/politicas-privacidad\\\/\"},\"address\":{\"@id\":\"https:\\\/\\\/recambiosecogas.com\\\/it\\\/producto\\\/adaptador-para-glp-m10-acme-para-alemania\\\/#local-main-place-address\"},\"telephone\":[\"616250633\"],\"contactPoint\":{\"@type\":\"ContactPoint\",\"email\":\"export@recambiosecogas.com\"},\"openingHoursSpecification\":[{\"@type\":\"OpeningHoursSpecification\",\"dayOfWeek\":[\"Monday\",\"Tuesday\",\"Wednesday\",\"Thursday\",\"Friday\",\"Saturday\",\"Sunday\"],\"opens\":\"09:00\",\"closes\":\"17:00\"}],\"email\":\"info@recambiosecogas.com\",\"faxNumber\":\"SEGIMON AUTOMOCION SL\",\"vatID\":\"ESB19819861\",\"globalLocationNumber\":\"938 616 339\"},{\"@type\":\"PostalAddress\",\"@id\":\"https:\\\/\\\/recambiosecogas.com\\\/it\\\/producto\\\/adaptador-para-glp-m10-acme-para-alemania\\\/#local-main-place-address\",\"streetAddress\":\"cami antic de vic, 29 (Nave 3), Pol\u00edgono Industrial Congost\",\"addressLocality\":\"CORRO D`AVALL\",\"postalCode\":\"08520\",\"addressRegion\":\"Barcelona\",\"addressCountry\":\"ES\"},{\"@type\":\"ImageObject\",\"inLanguage\":\"it-IT\",\"@id\":\"https:\\\/\\\/recambiosecogas.com\\\/it\\\/producto\\\/adaptador-para-glp-m10-acme-para-alemania\\\/#local-main-organization-logo\",\"url\":\"https:\\\/\\\/recambiosecogas.com\\\/wp-content\\\/uploads\\\/2024\\\/11\\\/cropped-RECAMBIOS-GLP-png.webp\",\"contentUrl\":\"https:\\\/\\\/recambiosecogas.com\\\/wp-content\\\/uploads\\\/2024\\\/11\\\/cropped-RECAMBIOS-GLP-png.webp\",\"width\":512,\"height\":512,\"caption\":\"Recambios EcoGas\"}]}<\/script>\n<meta property=\"product:price:amount\" content=\"26.99\" \/>\n<meta property=\"product:price:currency\" content=\"EUR\" \/>\n<meta property=\"og:availability\" content=\"backorder\" \/>\n<meta property=\"product:availability\" content=\"available for order\" \/>\n<meta property=\"product:condition\" content=\"new\" \/>\n<meta name=\"geo.placename\" content=\"CORRO D`AVALL\" \/>\n<meta name=\"geo.region\" content=\"Spagna\" \/>\n<!-- \/ Yoast SEO Premium plugin. -->","yoast_head_json":{"title":"Adattatore LPG ACME Long M10x1.5 | GMT | Recambios EcoGas | Sistemas GLP y GNC","description":"Adattatore ACME GLP lungo M10x1.5 GMT. 79 mm. Ideale per il rifornimento in Germania. Compatibile con Tomasetto, OMB, Rotarex. Ottone resistente.","robots":{"index":"index","follow":"follow","max-snippet":"max-snippet:-1","max-image-preview":"max-image-preview:large","max-video-preview":"max-video-preview:-1"},"canonical":"https:\/\/recambiosecogas.com\/it\/producto\/adaptador-para-glp-m10-acme-para-alemania\/","og_locale":"it_IT","og_type":"article","og_title":"Adattatore LPG ACME Long M10x1.5 | GMT","og_description":"Adattatore ACME GLP lungo M10x1.5 GMT. 79 mm. Ideale per il rifornimento in Germania. Compatibile con Tomasetto, OMB, Rotarex. Ottone resistente.","og_url":"https:\/\/recambiosecogas.com\/it\/producto\/adaptador-para-glp-m10-acme-para-alemania\/","og_site_name":"Recambios EcoGas","article_publisher":"https:\/\/www.facebook.com\/profile.php?id=100062419705358","article_modified_time":"2026-04-08T09:21:38+00:00","og_image":[{"width":1000,"height":1000,"url":"https:\/\/recambiosecogas.com\/wp-content\/uploads\/2024\/12\/Adaptador-para-GLP-M10-ACME-para-ALEMANIA-1-png.webp","type":"image\/png"}],"twitter_card":"summary_large_image","twitter_misc":{"Prezzo":"26,99&nbsp;&euro; (Sin IVA: 22,31&nbsp;&euro;)","Disponibilit\u00e0":"Su ordinazione"},"schema":{"@context":"https:\/\/schema.org","@graph":[{"@type":"WebPage","@id":"https:\/\/recambiosecogas.com\/it\/producto\/adaptador-para-glp-m10-acme-para-alemania\/","url":"https:\/\/recambiosecogas.com\/it\/producto\/adaptador-para-glp-m10-acme-para-alemania\/","name":"Adattatore LPG ACME Long M10x1.5 | GMT | Recambios EcoGas | Sistemas GLP y GNC","isPartOf":{"@id":"https:\/\/recambiosecogas.com\/it\/#website"},"primaryImageOfPage":{"@id":"https:\/\/recambiosecogas.com\/it\/producto\/adaptador-para-glp-m10-acme-para-alemania\/#primaryimage"},"image":{"@id":"https:\/\/recambiosecogas.com\/it\/producto\/adaptador-para-glp-m10-acme-para-alemania\/#primaryimage"},"thumbnailUrl":"https:\/\/recambiosecogas.com\/wp-content\/uploads\/2024\/12\/Adaptador-para-GLP-M10-ACME-para-ALEMANIA-1-png.webp","datePublished":"2024-12-23T14:31:44+00:00","dateModified":"2026-04-08T09:21:38+00:00","description":"Adattatore ACME GLP lungo M10x1.5 GMT. 79 mm. Ideale per il rifornimento in Germania. Compatibile con Tomasetto, OMB, Rotarex. Ottone resistente.","breadcrumb":{"@id":"https:\/\/recambiosecogas.com\/it\/producto\/adaptador-para-glp-m10-acme-para-alemania\/#breadcrumb"},"inLanguage":"it-IT","potentialAction":[{"@type":"ReadAction","target":["https:\/\/recambiosecogas.com\/it\/producto\/adaptador-para-glp-m10-acme-para-alemania\/"]}]},{"@type":"ImageObject","inLanguage":"it-IT","@id":"https:\/\/recambiosecogas.com\/it\/producto\/adaptador-para-glp-m10-acme-para-alemania\/#primaryimage","url":"https:\/\/recambiosecogas.com\/wp-content\/uploads\/2024\/12\/Adaptador-para-GLP-M10-ACME-para-ALEMANIA-1-png.webp","contentUrl":"https:\/\/recambiosecogas.com\/wp-content\/uploads\/2024\/12\/Adaptador-para-GLP-M10-ACME-para-ALEMANIA-1-png.webp","width":1000,"height":1000},{"@type":"BreadcrumbList","@id":"https:\/\/recambiosecogas.com\/it\/producto\/adaptador-para-glp-m10-acme-para-alemania\/#breadcrumb","itemListElement":[{"@type":"ListItem","position":1,"name":"Portada","item":"https:\/\/recambiosecogas.com\/it\/"},{"@type":"ListItem","position":2,"name":"Negozio","item":"https:\/\/recambiosecogas.com\/it\/?page_id=46382"},{"@type":"ListItem","position":3,"name":"Adattatore LPG ACME Long M10x1.5 | GMT"}]},{"@type":"WebSite","@id":"https:\/\/recambiosecogas.com\/it\/#website","url":"https:\/\/recambiosecogas.com\/it\/","name":"Recambios EcoGas","description":"Recambios Multimarca para sistemas de GLP\/GNC\/GNL\/Hidr\u00f3geno","publisher":{"@id":"https:\/\/recambiosecogas.com\/it\/#organization"},"alternateName":"Recambios Autogas GLP","potentialAction":[{"@type":"SearchAction","target":{"@type":"EntryPoint","urlTemplate":"https:\/\/recambiosecogas.com\/it\/?s={search_term_string}"},"query-input":{"@type":"PropertyValueSpecification","valueRequired":true,"valueName":"search_term_string"}}],"inLanguage":"it-IT"},{"@type":["Organization","Place"],"@id":"https:\/\/recambiosecogas.com\/it\/#organization","name":"Recambios EcoGas","alternateName":"Tienda Online GLP Espa\u00f1a","url":"https:\/\/recambiosecogas.com\/it\/","logo":{"@id":"https:\/\/recambiosecogas.com\/it\/producto\/adaptador-para-glp-m10-acme-para-alemania\/#local-main-organization-logo"},"image":{"@id":"https:\/\/recambiosecogas.com\/it\/producto\/adaptador-para-glp-m10-acme-para-alemania\/#local-main-organization-logo"},"sameAs":["https:\/\/www.facebook.com\/profile.php?id=100062419705358","https:\/\/www.instagram.com\/segimon_automocio"],"description":"Recambios EcoGas \u2013 Venta y distribuci\u00f3n de sistemas GLP y GNC en Espa\u00f1a y Portugal. Env\u00edos 24 h, soporte t\u00e9cnico a talleres y distribuidores.","hasMerchantReturnPolicy":{"@type":"MerchantReturnPolicy","merchantReturnLink":"https:\/\/recambiosecogas.com\/politicas-privacidad\/"},"address":{"@id":"https:\/\/recambiosecogas.com\/it\/producto\/adaptador-para-glp-m10-acme-para-alemania\/#local-main-place-address"},"telephone":["616250633"],"contactPoint":{"@type":"ContactPoint","email":"export@recambiosecogas.com"},"openingHoursSpecification":[{"@type":"OpeningHoursSpecification","dayOfWeek":["Monday","Tuesday","Wednesday","Thursday","Friday","Saturday","Sunday"],"opens":"09:00","closes":"17:00"}],"email":"info@recambiosecogas.com","faxNumber":"SEGIMON AUTOMOCION SL","vatID":"ESB19819861","globalLocationNumber":"938 616 339"},{"@type":"PostalAddress","@id":"https:\/\/recambiosecogas.com\/it\/producto\/adaptador-para-glp-m10-acme-para-alemania\/#local-main-place-address","streetAddress":"cami antic de vic, 29 (Nave 3), Pol\u00edgono Industrial Congost","addressLocality":"CORRO D`AVALL","postalCode":"08520","addressRegion":"Barcelona","addressCountry":"ES"},{"@type":"ImageObject","inLanguage":"it-IT","@id":"https:\/\/recambiosecogas.com\/it\/producto\/adaptador-para-glp-m10-acme-para-alemania\/#local-main-organization-logo","url":"https:\/\/recambiosecogas.com\/wp-content\/uploads\/2024\/11\/cropped-RECAMBIOS-GLP-png.webp","contentUrl":"https:\/\/recambiosecogas.com\/wp-content\/uploads\/2024\/11\/cropped-RECAMBIOS-GLP-png.webp","width":512,"height":512,"caption":"Recambios EcoGas"}]},"product_price_amount":"26.99","product_price_currency":"EUR","og_availability":"backorder","product_availability":"available for order","product_condition":"new","geo.placename":"CORRO D`AVALL","geo.region":"Spagna"},"uagb_featured_image_src":{"full":["https:\/\/recambiosecogas.com\/wp-content\/uploads\/2024\/12\/Adaptador-para-GLP-M10-ACME-para-ALEMANIA-1-png.webp",1000,1000,false],"thumbnail":["https:\/\/recambiosecogas.com\/wp-content\/uploads\/2024\/12\/Adaptador-para-GLP-M10-ACME-para-ALEMANIA-1-150x150.webp",150,150,true],"medium":["https:\/\/recambiosecogas.com\/wp-content\/uploads\/2024\/12\/Adaptador-para-GLP-M10-ACME-para-ALEMANIA-1-300x300.webp",300,300,true],"medium_large":["https:\/\/recambiosecogas.com\/wp-content\/uploads\/2024\/12\/Adaptador-para-GLP-M10-ACME-para-ALEMANIA-1-768x768.webp",768,768,true],"large":["https:\/\/recambiosecogas.com\/wp-content\/uploads\/2024\/12\/Adaptador-para-GLP-M10-ACME-para-ALEMANIA-1-png.webp",1000,1000,false],"1536x1536":["https:\/\/recambiosecogas.com\/wp-content\/uploads\/2024\/12\/Adaptador-para-GLP-M10-ACME-para-ALEMANIA-1-png.webp",1000,1000,false],"2048x2048":["https:\/\/recambiosecogas.com\/wp-content\/uploads\/2024\/12\/Adaptador-para-GLP-M10-ACME-para-ALEMANIA-1-png.webp",1000,1000,false],"woocommerce_archive_thumbnail":["https:\/\/recambiosecogas.com\/wp-content\/uploads\/2024\/12\/Adaptador-para-GLP-M10-ACME-para-ALEMANIA-1-png.webp",1000,1000,false],"woocommerce_thumbnail":["https:\/\/recambiosecogas.com\/wp-content\/uploads\/2024\/12\/Adaptador-para-GLP-M10-ACME-para-ALEMANIA-1-300x300.webp",300,300,true],"woocommerce_single":["https:\/\/recambiosecogas.com\/wp-content\/uploads\/2024\/12\/Adaptador-para-GLP-M10-ACME-para-ALEMANIA-1-png.webp",1000,1000,false],"woocommerce_gallery_thumbnail":["https:\/\/recambiosecogas.com\/wp-content\/uploads\/2024\/12\/Adaptador-para-GLP-M10-ACME-para-ALEMANIA-1-png.webp",1000,1000,false],"dgwt-wcas-product-suggestion":["https:\/\/recambiosecogas.com\/wp-content\/uploads\/2024\/12\/Adaptador-para-GLP-M10-ACME-para-ALEMANIA-1-64x64.webp",64,64,true]},"uagb_author_info":{"display_name":"Fran - Soporte T\u00e9cnico","author_link":"https:\/\/recambiosecogas.com\/it\/author\/"},"uagb_comment_info":0,"uagb_excerpt":"ADATTATORE PER PRESA DI RICARICA AUTOMATICA GERMANIA M10X1.5 \/ ACME LONG GMT GLP","_links":{"self":[{"href":"https:\/\/recambiosecogas.com\/it\/wp-json\/wp\/v2\/product\/46653","targetHints":{"allow":["GET"]}}],"collection":[{"href":"https:\/\/recambiosecogas.com\/it\/wp-json\/wp\/v2\/product"}],"about":[{"href":"https:\/\/recambiosecogas.com\/it\/wp-json\/wp\/v2\/types\/product"}],"replies":[{"embeddable":true,"href":"https:\/\/recambiosecogas.com\/it\/wp-json\/wp\/v2\/comments?post=46653"}],"wp:featuredmedia":[{"embeddable":true,"href":"https:\/\/recambiosecogas.com\/it\/wp-json\/wp\/v2\/media\/12418"}],"wp:attachment":[{"href":"https:\/\/recambiosecogas.com\/it\/wp-json\/wp\/v2\/media?parent=46653"}],"wp:term":[{"taxonomy":"product_brand","embeddable":true,"href":"https:\/\/recambiosecogas.com\/it\/wp-json\/wp\/v2\/product_brand?post=46653"},{"taxonomy":"product_cat","embeddable":true,"href":"https:\/\/recambiosecogas.com\/it\/wp-json\/wp\/v2\/product_cat?post=46653"},{"taxonomy":"product_tag","embeddable":true,"href":"https:\/\/recambiosecogas.com\/it\/wp-json\/wp\/v2\/product_tag?post=46653"}],"curies":[{"name":"wp","href":"https:\/\/api.w.org\/{rel}","templated":true}]}}