{"id":46650,"date":"2024-12-05T17:10:03","date_gmt":"2024-12-05T17:10:03","guid":{"rendered":"https:\/\/recambiosecogas.com\/producto\/drehmeister-adaptador-de-boquilla-de-suministro-bayoneta-m16-rosca-interna\/"},"modified":"2026-04-08T10:21:38","modified_gmt":"2026-04-08T09:21:38","slug":"drehmeister-adaptador-de-boquilla-de-suministro-bayoneta-m16-rosca-interna","status":"publish","type":"product","link":"https:\/\/recambiosecogas.com\/it\/producto\/drehmeister-adaptador-de-boquilla-de-suministro-bayoneta-m16-rosca-interna\/","title":{"rendered":"Adattatore LPG a baionetta M16 | Filo interno"},"content":{"rendered":"<h3 data-start=\"306\" data-end=\"411\"><strong data-start=\"310\" data-end=\"411\">Adattatore LPG a baionetta M16 | DREHMEISTER \u2013 Compatibile con sistemi di mini-rifornimento<\/strong><\/h3>\n<p data-start=\"413\" data-end=\"883\">Adattatore LPG a baionetta M16 | DREHMEISTER \u00e8 un accessorio essenziale per il rifornimento di veicoli a autogas nei paesi che utilizzano il <strong data-start=\"571\" data-end=\"603\">sistema di connessione a baionetta<\/strong>, come <strong data-start=\"610\" data-end=\"674\">Regno Unito, Paesi Bassi, Norvegia e alcune zone della Spagna<\/strong>. Progettato per essere montato su sistemi di rifornimento nascosti come <strong data-start=\"740\" data-end=\"768\">Tomasetto, OMB o Rotarex<\/strong>, questo adattatore consente una connessione sicura e stagna tra la valvola del serbatoio e il cannone di rifornimento a GPL. <\/p>\n<p data-start=\"885\" data-end=\"1332\">Realizzato <strong data-start=\"898\" data-end=\"923\">in ottone di alta qualit\u00e0<\/strong> e lavorato con grande precisione, garantisce <strong data-start=\"971\" data-end=\"1005\">un&#8217;installazione stabile, senza perdite<\/strong> e una calzata perfetta anche in spazi ristretti. Inoltre, il <strong data-start=\"1080\" data-end=\"1109\">suo design con filettatura interna W21.8&#215;1\/14&#8243;<\/strong> permette di essere utilizzato come <strong data-start=\"1138\" data-end=\"1198\">prolunga per altri adattatori ACME, DISH o Euronozzle<\/strong> che utilizzano filettatura esterna W21.8&#215;1\/14&#8243;. <em data-start=\"1240\" data-end=\"1332\">(Si consiglia cautela per evitare leva eccessiva sulla valvola del serbatoio di GPL.) <span style=\"color: #ffffff;\">\u00a9Ricambi EcoGas<\/span><\/em> <\/p>\n<p data-start=\"885\" data-end=\"1332\"><strong data-start=\"610\" data-end=\"674\">Regno Unito, Paesi Bassi, Norvegia e alcune aree della Spagna<\/strong>. <span style=\"color: #ffffff;\">\u00a9Ricambi EcoGas<\/span><\/p>\n<p data-start=\"1334\" data-end=\"1438\">Disponibile in <strong data-start=\"1348\" data-end=\"1363\">due dimensioni<\/strong>: 64 mm e 88 mm di lunghezza, a seconda delle esigenze di accesso al punto di ricarica. <span style=\"color: #ffffff;\">\u00a9Ricambi EcoGas<\/span><\/p>\n<hr class=\"\" data-start=\"1440\" data-end=\"1443\">\n<h4 data-start=\"1445\" data-end=\"1518\"><strong data-start=\"1449\" data-end=\"1518\">Caratteristiche tecniche \u2013 Adattatore a baionetta M16 (filettatura interna) <span style=\"color: #ffffff;\">\u00a9Ricambi EcoGas<\/span><\/strong><\/h4>\n<div class=\"overflow-x-auto contain-inline-size\">\n<table data-start=\"1520\" data-end=\"2632\">\n<thead data-start=\"1520\" data-end=\"1621\">\n<tr data-start=\"1520\" data-end=\"1621\">\n<th data-start=\"1520\" data-end=\"1549\">Specifiche<\/th>\n<th data-start=\"1549\" data-end=\"1621\">Dettagli<\/th>\n<\/tr>\n<\/thead>\n<tbody data-start=\"1723\" data-end=\"2632\">\n<tr data-start=\"1723\" data-end=\"1823\">\nTipo <\/p>\n<td><strong data-start=\"1725\" data-end=\"1745\">di prodotto<\/strong><\/td>\n<td>Adattatore ugello a GPL \u2013 tipo baionetta<\/td>\n<\/tr>\n<tr data-start=\"1824\" data-end=\"1924\">\n<td><strong data-start=\"1826\" data-end=\"1849\">Sistema di Connessione<\/strong><\/td>\n<td>Baionetta (baionetta)<\/td>\n<\/tr>\n<tr data-start=\"1925\" data-end=\"2025\">\n<td><strong data-start=\"1927\" data-end=\"1948\">Filo di collegamento<\/strong><\/td>\n<td>M16x1.5 (filettatura interna)<\/td>\n<\/tr>\n<tr data-start=\"2026\" data-end=\"2126\">\n<td><strong data-start=\"2028\" data-end=\"2040\">Materiale<\/strong><\/td>\n<td>Ottone<\/td>\n<\/tr>\n<tr data-start=\"2127\" data-end=\"2227\">\n<td><strong data-start=\"2129\" data-end=\"2155\">Durate<\/strong><\/td>\n<p> disponibili<\/p>\n<td>64 mm \/ 88 mm<\/td>\n<\/tr>\n<tr data-start=\"2228\" data-end=\"2330\">\n<td><strong data-start=\"2230\" data-end=\"2244\">Applicazione<\/strong><\/td>\n<td>Rifornimento di veicoli a GPL nel Regno Unito, nei Paesi Bassi, in Norvegia, ecc.<\/td>\n<\/tr>\n<tr data-start=\"2331\" data-end=\"2431\">\nFunzione <\/p>\n<td><strong data-start=\"2333\" data-end=\"2354\">aggiuntiva<\/strong><\/td>\n<td>Pu\u00f2 essere usato come estensione per adattatori con filettatura W21.8&#215;1\/14&#8243;<\/td>\n<\/tr>\n<tr data-start=\"2432\" data-end=\"2531\">\n<td><strong data-start=\"2434\" data-end=\"2452\">Compatibile con<\/strong><\/td>\n<td>Tomasetto, OMB, Rotarex (mini sistemi di rifornimento)<\/td>\n<\/tr>\n<tr data-start=\"2532\" data-end=\"2632\">\n<td><strong data-start=\"2534\" data-end=\"2548\">Produttore<\/strong><\/td>\n<td>DREHMEISTER<\/td>\n<\/tr>\n<\/tbody>\n<\/table>\n<\/div>\n<blockquote data-start=\"2634\" data-end=\"2750\">\n<p data-start=\"2636\" data-end=\"2750\"><em><strong>Ideale per veicoli con un punto di ricarica nascosto e rifornimento internazionale presso stazioni a baionetta.<span style=\"color: #ffffff;\">\u00a9Ricambi EcoGas<\/span><\/strong><\/em><\/p>\n<\/blockquote>\n<p><a href=\"https:\/\/recambiosecogas.com\/it\/categoria-producto\/filtros\/\">ACQUISTA PI\u00d9 PRODOTTI ONLINE NEL NOSTRO NEGOZIO<\/a><\/p>\n<p><a href=\"http:\/\/www.segimonautomocio.com\/\">CONVERTITE IN LPG NEL NOSTRO OFFICINO UFFICIALE DI INSTALLAZIONE, MAGGIORI INFORMAZIONI SUL SITO WEB DEL NOSTRO WORKSHOP<\/a><\/p>\n","protected":false},"excerpt":{"rendered":"<p>Adattatore LPG a baionetta M16 | DREHMEISTER \u2013 Compatibile con sistemi di mini-rifornimento Adattatore LPG a baionetta M16 | DREHMEISTER \u00e8 un accessorio essenziale per il rifornimento di veicoli a autogas nei paesi che utilizzano il sistema di connessione a baionetta, come Regno Unito, Paesi Bassi, Norvegia e alcune zone della Spagna. Progettato per essere [&hellip;]<\/p>\n","protected":false},"featured_media":9432,"comment_status":"open","ping_status":"closed","template":"","meta":{"googlesitekit_rrm_CAowud7EDA:productID":"","_uag_custom_page_level_css":""},"product_brand":[],"product_cat":[2188,2189,2347,2348,2162],"product_tag":[2292,2293,2352],"class_list":{"0":"post-46650","1":"product","2":"type-product","3":"status-publish","4":"has-post-thumbnail","6":"product_cat-adaptador-glp","7":"product_cat-adaptadores-glp","8":"product_cat-adattatori-per-paese","9":"product_cat-drehmeister","10":"product_cat-repostar","11":"product_tag-adaptador-noruega","12":"product_tag-adaptador-paises-bajos","13":"product_tag-adapter-gran-bretagna","15":"first","16":"onbackorder","17":"taxable","18":"shipping-taxable","19":"purchasable","20":"product-type-variable"},"ct_brands":[],"yoast_head":"<!-- This site is optimized with the Yoast SEO Premium plugin v27.4 (Yoast SEO v27.5) - https:\/\/yoast.com\/product\/yoast-seo-premium-wordpress\/ -->\n<title>Adattatore LPG a baionetta M16 | Filo interno |Recambios EcoGas |<\/title>\n<meta name=\"description\" content=\"Adattatore a baionetta DREHMEISTER M16 filettatura interna per GPL. Compatibile con mini-sistemi Tomasetto, OMB e Rotarex. Lunghezza 64 o 88 mm.\" \/>\n<meta name=\"robots\" content=\"index, follow, max-snippet:-1, max-image-preview:large, max-video-preview:-1\" \/>\n<link rel=\"canonical\" href=\"https:\/\/recambiosecogas.com\/it\/producto\/drehmeister-adaptador-de-boquilla-de-suministro-bayoneta-m16-rosca-interna\/\" \/>\n<meta property=\"og:locale\" content=\"it_IT\" \/>\n<meta property=\"og:type\" content=\"article\" \/>\n<meta property=\"og:title\" content=\"Adattatore LPG a baionetta M16 | Filo interno\" \/>\n<meta property=\"og:description\" content=\"Adattatore a baionetta DREHMEISTER M16 filettatura interna per GPL. Compatibile con mini-sistemi Tomasetto, OMB e Rotarex. Lunghezza 64 o 88 mm.\" \/>\n<meta property=\"og:url\" content=\"https:\/\/recambiosecogas.com\/it\/producto\/drehmeister-adaptador-de-boquilla-de-suministro-bayoneta-m16-rosca-interna\/\" \/>\n<meta property=\"og:site_name\" content=\"Recambios EcoGas\" \/>\n<meta property=\"article:publisher\" content=\"https:\/\/www.facebook.com\/profile.php?id=100062419705358\" \/>\n<meta property=\"article:modified_time\" content=\"2026-04-08T09:21:38+00:00\" \/>\n<meta property=\"og:image\" content=\"https:\/\/recambiosecogas.com\/wp-content\/uploads\/2024\/12\/DREHMEISTER-adaptador-de-boquilla-de-suministro-Bayoneta-M16-rosca-interna-png.webp\" \/>\n\t<meta property=\"og:image:width\" content=\"1000\" \/>\n\t<meta property=\"og:image:height\" content=\"1000\" \/>\n\t<meta property=\"og:image:type\" content=\"image\/png\" \/>\n<meta name=\"twitter:card\" content=\"summary_large_image\" \/>\n<meta name=\"twitter:label1\" content=\"Disponibilit\u00e0\" \/>\n\t<meta name=\"twitter:data1\" content=\"Su ordinazione\" \/>\n<script type=\"application\/ld+json\" class=\"yoast-schema-graph\">{\"@context\":\"https:\\\/\\\/schema.org\",\"@graph\":[{\"@type\":\"WebPage\",\"@id\":\"https:\\\/\\\/recambiosecogas.com\\\/it\\\/producto\\\/drehmeister-adaptador-de-boquilla-de-suministro-bayoneta-m16-rosca-interna\\\/\",\"url\":\"https:\\\/\\\/recambiosecogas.com\\\/it\\\/producto\\\/drehmeister-adaptador-de-boquilla-de-suministro-bayoneta-m16-rosca-interna\\\/\",\"name\":\"Adattatore LPG a baionetta M16 | Filo interno |Recambios EcoGas |\",\"isPartOf\":{\"@id\":\"https:\\\/\\\/recambiosecogas.com\\\/it\\\/#website\"},\"primaryImageOfPage\":{\"@id\":\"https:\\\/\\\/recambiosecogas.com\\\/it\\\/producto\\\/drehmeister-adaptador-de-boquilla-de-suministro-bayoneta-m16-rosca-interna\\\/#primaryimage\"},\"image\":{\"@id\":\"https:\\\/\\\/recambiosecogas.com\\\/it\\\/producto\\\/drehmeister-adaptador-de-boquilla-de-suministro-bayoneta-m16-rosca-interna\\\/#primaryimage\"},\"thumbnailUrl\":\"https:\\\/\\\/recambiosecogas.com\\\/wp-content\\\/uploads\\\/2024\\\/12\\\/DREHMEISTER-adaptador-de-boquilla-de-suministro-Bayoneta-M16-rosca-interna-png.webp\",\"datePublished\":\"2024-12-05T17:10:03+00:00\",\"dateModified\":\"2026-04-08T09:21:38+00:00\",\"description\":\"Adattatore a baionetta DREHMEISTER M16 filettatura interna per GPL. Compatibile con mini-sistemi Tomasetto, OMB e Rotarex. Lunghezza 64 o 88 mm.\",\"breadcrumb\":{\"@id\":\"https:\\\/\\\/recambiosecogas.com\\\/it\\\/producto\\\/drehmeister-adaptador-de-boquilla-de-suministro-bayoneta-m16-rosca-interna\\\/#breadcrumb\"},\"inLanguage\":\"it-IT\",\"potentialAction\":[{\"@type\":\"ReadAction\",\"target\":[\"https:\\\/\\\/recambiosecogas.com\\\/it\\\/producto\\\/drehmeister-adaptador-de-boquilla-de-suministro-bayoneta-m16-rosca-interna\\\/\"]}]},{\"@type\":\"ImageObject\",\"inLanguage\":\"it-IT\",\"@id\":\"https:\\\/\\\/recambiosecogas.com\\\/it\\\/producto\\\/drehmeister-adaptador-de-boquilla-de-suministro-bayoneta-m16-rosca-interna\\\/#primaryimage\",\"url\":\"https:\\\/\\\/recambiosecogas.com\\\/wp-content\\\/uploads\\\/2024\\\/12\\\/DREHMEISTER-adaptador-de-boquilla-de-suministro-Bayoneta-M16-rosca-interna-png.webp\",\"contentUrl\":\"https:\\\/\\\/recambiosecogas.com\\\/wp-content\\\/uploads\\\/2024\\\/12\\\/DREHMEISTER-adaptador-de-boquilla-de-suministro-Bayoneta-M16-rosca-interna-png.webp\",\"width\":1000,\"height\":1000},{\"@type\":\"BreadcrumbList\",\"@id\":\"https:\\\/\\\/recambiosecogas.com\\\/it\\\/producto\\\/drehmeister-adaptador-de-boquilla-de-suministro-bayoneta-m16-rosca-interna\\\/#breadcrumb\",\"itemListElement\":[{\"@type\":\"ListItem\",\"position\":1,\"name\":\"Portada\",\"item\":\"https:\\\/\\\/recambiosecogas.com\\\/it\\\/\"},{\"@type\":\"ListItem\",\"position\":2,\"name\":\"Negozio\",\"item\":\"https:\\\/\\\/recambiosecogas.com\\\/it\\\/?page_id=46382\"},{\"@type\":\"ListItem\",\"position\":3,\"name\":\"Adattatore LPG a baionetta M16 | Filo interno\"}]},{\"@type\":\"WebSite\",\"@id\":\"https:\\\/\\\/recambiosecogas.com\\\/it\\\/#website\",\"url\":\"https:\\\/\\\/recambiosecogas.com\\\/it\\\/\",\"name\":\"Recambios EcoGas\",\"description\":\"Recambios Multimarca para sistemas de GLP\\\/GNC\\\/GNL\\\/Hidr\u00f3geno\",\"publisher\":{\"@id\":\"https:\\\/\\\/recambiosecogas.com\\\/it\\\/#organization\"},\"alternateName\":\"Recambios Autogas GLP\",\"potentialAction\":[{\"@type\":\"SearchAction\",\"target\":{\"@type\":\"EntryPoint\",\"urlTemplate\":\"https:\\\/\\\/recambiosecogas.com\\\/it\\\/?s={search_term_string}\"},\"query-input\":{\"@type\":\"PropertyValueSpecification\",\"valueRequired\":true,\"valueName\":\"search_term_string\"}}],\"inLanguage\":\"it-IT\"},{\"@type\":[\"Organization\",\"Place\"],\"@id\":\"https:\\\/\\\/recambiosecogas.com\\\/it\\\/#organization\",\"name\":\"Recambios EcoGas\",\"alternateName\":\"Tienda Online GLP Espa\u00f1a\",\"url\":\"https:\\\/\\\/recambiosecogas.com\\\/it\\\/\",\"logo\":{\"@id\":\"https:\\\/\\\/recambiosecogas.com\\\/it\\\/producto\\\/drehmeister-adaptador-de-boquilla-de-suministro-bayoneta-m16-rosca-interna\\\/#local-main-organization-logo\"},\"image\":{\"@id\":\"https:\\\/\\\/recambiosecogas.com\\\/it\\\/producto\\\/drehmeister-adaptador-de-boquilla-de-suministro-bayoneta-m16-rosca-interna\\\/#local-main-organization-logo\"},\"sameAs\":[\"https:\\\/\\\/www.facebook.com\\\/profile.php?id=100062419705358\",\"https:\\\/\\\/www.instagram.com\\\/segimon_automocio\"],\"description\":\"Recambios EcoGas \u2013 Venta y distribuci\u00f3n de sistemas GLP y GNC en Espa\u00f1a y Portugal. Env\u00edos 24 h, soporte t\u00e9cnico a talleres y distribuidores.\",\"hasMerchantReturnPolicy\":{\"@type\":\"MerchantReturnPolicy\",\"merchantReturnLink\":\"https:\\\/\\\/recambiosecogas.com\\\/politicas-privacidad\\\/\"},\"address\":{\"@id\":\"https:\\\/\\\/recambiosecogas.com\\\/it\\\/producto\\\/drehmeister-adaptador-de-boquilla-de-suministro-bayoneta-m16-rosca-interna\\\/#local-main-place-address\"},\"telephone\":[\"616250633\"],\"contactPoint\":{\"@type\":\"ContactPoint\",\"email\":\"export@recambiosecogas.com\"},\"openingHoursSpecification\":[{\"@type\":\"OpeningHoursSpecification\",\"dayOfWeek\":[\"Monday\",\"Tuesday\",\"Wednesday\",\"Thursday\",\"Friday\",\"Saturday\",\"Sunday\"],\"opens\":\"09:00\",\"closes\":\"17:00\"}],\"email\":\"info@recambiosecogas.com\",\"faxNumber\":\"SEGIMON AUTOMOCION SL\",\"vatID\":\"ESB19819861\",\"globalLocationNumber\":\"938 616 339\"},{\"@type\":\"PostalAddress\",\"@id\":\"https:\\\/\\\/recambiosecogas.com\\\/it\\\/producto\\\/drehmeister-adaptador-de-boquilla-de-suministro-bayoneta-m16-rosca-interna\\\/#local-main-place-address\",\"streetAddress\":\"cami antic de vic, 29 (Nave 3), Pol\u00edgono Industrial Congost\",\"addressLocality\":\"CORRO D`AVALL\",\"postalCode\":\"08520\",\"addressRegion\":\"Barcelona\",\"addressCountry\":\"ES\"},{\"@type\":\"ImageObject\",\"inLanguage\":\"it-IT\",\"@id\":\"https:\\\/\\\/recambiosecogas.com\\\/it\\\/producto\\\/drehmeister-adaptador-de-boquilla-de-suministro-bayoneta-m16-rosca-interna\\\/#local-main-organization-logo\",\"url\":\"https:\\\/\\\/recambiosecogas.com\\\/wp-content\\\/uploads\\\/2024\\\/11\\\/cropped-RECAMBIOS-GLP-png.webp\",\"contentUrl\":\"https:\\\/\\\/recambiosecogas.com\\\/wp-content\\\/uploads\\\/2024\\\/11\\\/cropped-RECAMBIOS-GLP-png.webp\",\"width\":512,\"height\":512,\"caption\":\"Recambios EcoGas\"}]}<\/script>\n<meta property=\"og:availability\" content=\"backorder\" \/>\n<meta property=\"product:availability\" content=\"available for order\" \/>\n<meta property=\"product:retailer_item_id\" content=\"111526\" \/>\n<meta property=\"product:condition\" content=\"new\" \/>\n<meta name=\"geo.placename\" content=\"CORRO D`AVALL\" \/>\n<meta name=\"geo.region\" content=\"Spagna\" \/>\n<!-- \/ Yoast SEO Premium plugin. -->","yoast_head_json":{"title":"Adattatore LPG a baionetta M16 | Filo interno |Recambios EcoGas |","description":"Adattatore a baionetta DREHMEISTER M16 filettatura interna per GPL. Compatibile con mini-sistemi Tomasetto, OMB e Rotarex. Lunghezza 64 o 88 mm.","robots":{"index":"index","follow":"follow","max-snippet":"max-snippet:-1","max-image-preview":"max-image-preview:large","max-video-preview":"max-video-preview:-1"},"canonical":"https:\/\/recambiosecogas.com\/it\/producto\/drehmeister-adaptador-de-boquilla-de-suministro-bayoneta-m16-rosca-interna\/","og_locale":"it_IT","og_type":"article","og_title":"Adattatore LPG a baionetta M16 | Filo interno","og_description":"Adattatore a baionetta DREHMEISTER M16 filettatura interna per GPL. Compatibile con mini-sistemi Tomasetto, OMB e Rotarex. Lunghezza 64 o 88 mm.","og_url":"https:\/\/recambiosecogas.com\/it\/producto\/drehmeister-adaptador-de-boquilla-de-suministro-bayoneta-m16-rosca-interna\/","og_site_name":"Recambios EcoGas","article_publisher":"https:\/\/www.facebook.com\/profile.php?id=100062419705358","article_modified_time":"2026-04-08T09:21:38+00:00","og_image":[{"width":1000,"height":1000,"url":"https:\/\/recambiosecogas.com\/wp-content\/uploads\/2024\/12\/DREHMEISTER-adaptador-de-boquilla-de-suministro-Bayoneta-M16-rosca-interna-png.webp","type":"image\/png"}],"twitter_card":"summary_large_image","twitter_misc":{"Disponibilit\u00e0":"Su ordinazione"},"schema":{"@context":"https:\/\/schema.org","@graph":[{"@type":"WebPage","@id":"https:\/\/recambiosecogas.com\/it\/producto\/drehmeister-adaptador-de-boquilla-de-suministro-bayoneta-m16-rosca-interna\/","url":"https:\/\/recambiosecogas.com\/it\/producto\/drehmeister-adaptador-de-boquilla-de-suministro-bayoneta-m16-rosca-interna\/","name":"Adattatore LPG a baionetta M16 | Filo interno |Recambios EcoGas |","isPartOf":{"@id":"https:\/\/recambiosecogas.com\/it\/#website"},"primaryImageOfPage":{"@id":"https:\/\/recambiosecogas.com\/it\/producto\/drehmeister-adaptador-de-boquilla-de-suministro-bayoneta-m16-rosca-interna\/#primaryimage"},"image":{"@id":"https:\/\/recambiosecogas.com\/it\/producto\/drehmeister-adaptador-de-boquilla-de-suministro-bayoneta-m16-rosca-interna\/#primaryimage"},"thumbnailUrl":"https:\/\/recambiosecogas.com\/wp-content\/uploads\/2024\/12\/DREHMEISTER-adaptador-de-boquilla-de-suministro-Bayoneta-M16-rosca-interna-png.webp","datePublished":"2024-12-05T17:10:03+00:00","dateModified":"2026-04-08T09:21:38+00:00","description":"Adattatore a baionetta DREHMEISTER M16 filettatura interna per GPL. Compatibile con mini-sistemi Tomasetto, OMB e Rotarex. Lunghezza 64 o 88 mm.","breadcrumb":{"@id":"https:\/\/recambiosecogas.com\/it\/producto\/drehmeister-adaptador-de-boquilla-de-suministro-bayoneta-m16-rosca-interna\/#breadcrumb"},"inLanguage":"it-IT","potentialAction":[{"@type":"ReadAction","target":["https:\/\/recambiosecogas.com\/it\/producto\/drehmeister-adaptador-de-boquilla-de-suministro-bayoneta-m16-rosca-interna\/"]}]},{"@type":"ImageObject","inLanguage":"it-IT","@id":"https:\/\/recambiosecogas.com\/it\/producto\/drehmeister-adaptador-de-boquilla-de-suministro-bayoneta-m16-rosca-interna\/#primaryimage","url":"https:\/\/recambiosecogas.com\/wp-content\/uploads\/2024\/12\/DREHMEISTER-adaptador-de-boquilla-de-suministro-Bayoneta-M16-rosca-interna-png.webp","contentUrl":"https:\/\/recambiosecogas.com\/wp-content\/uploads\/2024\/12\/DREHMEISTER-adaptador-de-boquilla-de-suministro-Bayoneta-M16-rosca-interna-png.webp","width":1000,"height":1000},{"@type":"BreadcrumbList","@id":"https:\/\/recambiosecogas.com\/it\/producto\/drehmeister-adaptador-de-boquilla-de-suministro-bayoneta-m16-rosca-interna\/#breadcrumb","itemListElement":[{"@type":"ListItem","position":1,"name":"Portada","item":"https:\/\/recambiosecogas.com\/it\/"},{"@type":"ListItem","position":2,"name":"Negozio","item":"https:\/\/recambiosecogas.com\/it\/?page_id=46382"},{"@type":"ListItem","position":3,"name":"Adattatore LPG a baionetta M16 | Filo interno"}]},{"@type":"WebSite","@id":"https:\/\/recambiosecogas.com\/it\/#website","url":"https:\/\/recambiosecogas.com\/it\/","name":"Recambios EcoGas","description":"Recambios Multimarca para sistemas de GLP\/GNC\/GNL\/Hidr\u00f3geno","publisher":{"@id":"https:\/\/recambiosecogas.com\/it\/#organization"},"alternateName":"Recambios Autogas GLP","potentialAction":[{"@type":"SearchAction","target":{"@type":"EntryPoint","urlTemplate":"https:\/\/recambiosecogas.com\/it\/?s={search_term_string}"},"query-input":{"@type":"PropertyValueSpecification","valueRequired":true,"valueName":"search_term_string"}}],"inLanguage":"it-IT"},{"@type":["Organization","Place"],"@id":"https:\/\/recambiosecogas.com\/it\/#organization","name":"Recambios EcoGas","alternateName":"Tienda Online GLP Espa\u00f1a","url":"https:\/\/recambiosecogas.com\/it\/","logo":{"@id":"https:\/\/recambiosecogas.com\/it\/producto\/drehmeister-adaptador-de-boquilla-de-suministro-bayoneta-m16-rosca-interna\/#local-main-organization-logo"},"image":{"@id":"https:\/\/recambiosecogas.com\/it\/producto\/drehmeister-adaptador-de-boquilla-de-suministro-bayoneta-m16-rosca-interna\/#local-main-organization-logo"},"sameAs":["https:\/\/www.facebook.com\/profile.php?id=100062419705358","https:\/\/www.instagram.com\/segimon_automocio"],"description":"Recambios EcoGas \u2013 Venta y distribuci\u00f3n de sistemas GLP y GNC en Espa\u00f1a y Portugal. Env\u00edos 24 h, soporte t\u00e9cnico a talleres y distribuidores.","hasMerchantReturnPolicy":{"@type":"MerchantReturnPolicy","merchantReturnLink":"https:\/\/recambiosecogas.com\/politicas-privacidad\/"},"address":{"@id":"https:\/\/recambiosecogas.com\/it\/producto\/drehmeister-adaptador-de-boquilla-de-suministro-bayoneta-m16-rosca-interna\/#local-main-place-address"},"telephone":["616250633"],"contactPoint":{"@type":"ContactPoint","email":"export@recambiosecogas.com"},"openingHoursSpecification":[{"@type":"OpeningHoursSpecification","dayOfWeek":["Monday","Tuesday","Wednesday","Thursday","Friday","Saturday","Sunday"],"opens":"09:00","closes":"17:00"}],"email":"info@recambiosecogas.com","faxNumber":"SEGIMON AUTOMOCION SL","vatID":"ESB19819861","globalLocationNumber":"938 616 339"},{"@type":"PostalAddress","@id":"https:\/\/recambiosecogas.com\/it\/producto\/drehmeister-adaptador-de-boquilla-de-suministro-bayoneta-m16-rosca-interna\/#local-main-place-address","streetAddress":"cami antic de vic, 29 (Nave 3), Pol\u00edgono Industrial Congost","addressLocality":"CORRO D`AVALL","postalCode":"08520","addressRegion":"Barcelona","addressCountry":"ES"},{"@type":"ImageObject","inLanguage":"it-IT","@id":"https:\/\/recambiosecogas.com\/it\/producto\/drehmeister-adaptador-de-boquilla-de-suministro-bayoneta-m16-rosca-interna\/#local-main-organization-logo","url":"https:\/\/recambiosecogas.com\/wp-content\/uploads\/2024\/11\/cropped-RECAMBIOS-GLP-png.webp","contentUrl":"https:\/\/recambiosecogas.com\/wp-content\/uploads\/2024\/11\/cropped-RECAMBIOS-GLP-png.webp","width":512,"height":512,"caption":"Recambios EcoGas"}]},"og_availability":"backorder","product_availability":"available for order","product_retailer_item_id":"111526","product_condition":"new","geo.placename":"CORRO D`AVALL","geo.region":"Spagna"},"uagb_featured_image_src":{"full":["https:\/\/recambiosecogas.com\/wp-content\/uploads\/2024\/12\/DREHMEISTER-adaptador-de-boquilla-de-suministro-Bayoneta-M16-rosca-interna-png.webp",1000,1000,false],"thumbnail":["https:\/\/recambiosecogas.com\/wp-content\/uploads\/2024\/12\/DREHMEISTER-adaptador-de-boquilla-de-suministro-Bayoneta-M16-rosca-interna-150x150.webp",150,150,true],"medium":["https:\/\/recambiosecogas.com\/wp-content\/uploads\/2024\/12\/DREHMEISTER-adaptador-de-boquilla-de-suministro-Bayoneta-M16-rosca-interna-300x300.webp",300,300,true],"medium_large":["https:\/\/recambiosecogas.com\/wp-content\/uploads\/2024\/12\/DREHMEISTER-adaptador-de-boquilla-de-suministro-Bayoneta-M16-rosca-interna-768x768.webp",768,768,true],"large":["https:\/\/recambiosecogas.com\/wp-content\/uploads\/2024\/12\/DREHMEISTER-adaptador-de-boquilla-de-suministro-Bayoneta-M16-rosca-interna-png.webp",1000,1000,false],"1536x1536":["https:\/\/recambiosecogas.com\/wp-content\/uploads\/2024\/12\/DREHMEISTER-adaptador-de-boquilla-de-suministro-Bayoneta-M16-rosca-interna-png.webp",1000,1000,false],"2048x2048":["https:\/\/recambiosecogas.com\/wp-content\/uploads\/2024\/12\/DREHMEISTER-adaptador-de-boquilla-de-suministro-Bayoneta-M16-rosca-interna-png.webp",1000,1000,false],"woocommerce_archive_thumbnail":["https:\/\/recambiosecogas.com\/wp-content\/uploads\/2024\/12\/DREHMEISTER-adaptador-de-boquilla-de-suministro-Bayoneta-M16-rosca-interna-png.webp",1000,1000,false],"woocommerce_thumbnail":["https:\/\/recambiosecogas.com\/wp-content\/uploads\/2024\/12\/DREHMEISTER-adaptador-de-boquilla-de-suministro-Bayoneta-M16-rosca-interna-png-300x300.webp",300,300,true],"woocommerce_single":["https:\/\/recambiosecogas.com\/wp-content\/uploads\/2024\/12\/DREHMEISTER-adaptador-de-boquilla-de-suministro-Bayoneta-M16-rosca-interna-png.webp",1000,1000,false],"woocommerce_gallery_thumbnail":["https:\/\/recambiosecogas.com\/wp-content\/uploads\/2024\/12\/DREHMEISTER-adaptador-de-boquilla-de-suministro-Bayoneta-M16-rosca-interna-png.webp",1000,1000,false],"dgwt-wcas-product-suggestion":["https:\/\/recambiosecogas.com\/wp-content\/uploads\/2024\/12\/DREHMEISTER-adaptador-de-boquilla-de-suministro-Bayoneta-M16-rosca-interna-png-64x64.webp",64,64,true]},"uagb_author_info":{"display_name":"Fran - Soporte T\u00e9cnico","author_link":"https:\/\/recambiosecogas.com\/it\/author\/"},"uagb_comment_info":0,"uagb_excerpt":"Adattatore LPG a baionetta M16 | DREHMEISTER \u2013 Compatibile con sistemi di mini-rifornimento Adattatore LPG a baionetta M16 | DREHMEISTER \u00e8 un accessorio essenziale per il rifornimento di veicoli a autogas nei paesi che utilizzano il sistema di connessione a baionetta, come Regno Unito, Paesi Bassi, Norvegia e alcune zone della Spagna. Progettato per essere&hellip;","_links":{"self":[{"href":"https:\/\/recambiosecogas.com\/it\/wp-json\/wp\/v2\/product\/46650","targetHints":{"allow":["GET"]}}],"collection":[{"href":"https:\/\/recambiosecogas.com\/it\/wp-json\/wp\/v2\/product"}],"about":[{"href":"https:\/\/recambiosecogas.com\/it\/wp-json\/wp\/v2\/types\/product"}],"replies":[{"embeddable":true,"href":"https:\/\/recambiosecogas.com\/it\/wp-json\/wp\/v2\/comments?post=46650"}],"wp:featuredmedia":[{"embeddable":true,"href":"https:\/\/recambiosecogas.com\/it\/wp-json\/wp\/v2\/media\/9432"}],"wp:attachment":[{"href":"https:\/\/recambiosecogas.com\/it\/wp-json\/wp\/v2\/media?parent=46650"}],"wp:term":[{"taxonomy":"product_brand","embeddable":true,"href":"https:\/\/recambiosecogas.com\/it\/wp-json\/wp\/v2\/product_brand?post=46650"},{"taxonomy":"product_cat","embeddable":true,"href":"https:\/\/recambiosecogas.com\/it\/wp-json\/wp\/v2\/product_cat?post=46650"},{"taxonomy":"product_tag","embeddable":true,"href":"https:\/\/recambiosecogas.com\/it\/wp-json\/wp\/v2\/product_tag?post=46650"}],"curies":[{"name":"wp","href":"https:\/\/api.w.org\/{rel}","templated":true}]}}