{"id":46641,"date":"2024-12-05T15:50:05","date_gmt":"2024-12-05T14:50:05","guid":{"rendered":"https:\/\/recambiosecogas.com\/producto\/drehmeister-dish-adaptador-de-boquilla-de-suministro-m10-m12-m14\/"},"modified":"2026-04-08T10:21:34","modified_gmt":"2026-04-08T09:21:34","slug":"drehmeister-dish-adaptador-de-boquilla-de-suministro-m10-m12-m14","status":"publish","type":"product","link":"https:\/\/recambiosecogas.com\/it\/producto\/drehmeister-dish-adaptador-de-boquilla-de-suministro-m10-m12-m14\/","title":{"rendered":"Adattatore LPG ACME M10\/M12\/M14 | DREHMEISTER"},"content":{"rendered":"<h3 style=\"text-align: center;\" data-start=\"274\" data-end=\"378\">Adattatore LPG ACME M10\/M12\/M14 | DREHMEISTER<\/h3>\n<p data-start=\"380\" data-end=\"634\">Adattatore LPG ACME M10\/M12\/M14 | DREHMEISTER consente il rifornimento sicuro di veicoli con sistemi di rifornimento LPG nascosti nei paesi in cui <strong data-start=\"567\" data-end=\"583\">viene utilizzato il sistema ACME<\/strong>, come <strong data-start=\"590\" data-end=\"633\">Germania, Belgio, Irlanda e Lussemburgo<\/strong>. <span style=\"color: #ffffff;\">\u00a9Ricambi EcoGas<\/span><\/p>\n<p data-start=\"636\" data-end=\"917\">Progettato per essere collegato a <strong data-start=\"662\" data-end=\"691\">sistemi di mini-rifornimento<\/strong> situati dietro il tappo del serbatoio (come <strong data-start=\"748\" data-end=\"775\">Tomasetto, OMB, Rotarex<\/strong>), questo adattatore garantisce una <strong data-start=\"807\" data-end=\"846\">connessione salda, stagna e senza perdite<\/strong> tra la valvola del serbatoio e il cannone della stazione di servizio. <span style=\"color: #ffffff;\">\u00a9Ricambi EcoGas<\/span><\/p>\n<p data-start=\"919\" data-end=\"1194\">Realizzato in <strong data-start=\"932\" data-end=\"974\">ottone con accenti in acciaio inossidabile<\/strong>, questo adattatore offre <strong data-start=\"998\" data-end=\"1044\">alta durabilit\u00e0 e lavorazione meccanica di precisione<\/strong>, ideale per chi guida in paesi con normative ACME. Fa parte del sistema internazionale di connessione insieme a DISH, Bayonet e Euronozzle. <span style=\"color: #ffffff;\">\u00a9Ricambi EcoGas<\/span><\/p>\n<hr class=\"\" data-start=\"1196\" data-end=\"1199\">\n<h4 data-start=\"1201\" data-end=\"1266\"><strong data-start=\"1205\" data-end=\"1266\">Caratteristiche tecniche \u2013 Ricambi ACME M10 \/ M12 \/ M14<span style=\"color: #ffffff;\">\u00a9Adapter EcoGas<\/span><\/strong><\/h4>\n<div class=\"overflow-x-auto contain-inline-size\">\n<table data-start=\"1268\" data-end=\"2288\">\n<thead data-start=\"1268\" data-end=\"1370\">\n<tr data-start=\"1268\" data-end=\"1370\">\n<th data-start=\"1268\" data-end=\"1297\">Specifiche<\/th>\n<th data-start=\"1297\" data-end=\"1370\">Dettagli<\/th>\n<\/tr>\n<\/thead>\n<tbody data-start=\"1473\" data-end=\"2288\">\n<tr data-start=\"1473\" data-end=\"1574\">\nTipo <\/p>\n<td><strong data-start=\"1475\" data-end=\"1495\">di prodotto<\/strong><\/td>\n<td>Adattatore di rifornimento GPL \u2013 tipo ACME<\/td>\n<\/tr>\n<tr data-start=\"1575\" data-end=\"1676\">\n<td><strong data-start=\"1577\" data-end=\"1600\">Sistema di Connessione<\/strong><\/td>\n<td><span style=\"color: #ffffff;\">Ricambi ACME\u00a9EcoGas<\/span><\/td>\n<\/tr>\n<tr data-start=\"1677\" data-end=\"1778\">\n<td><strong data-start=\"1679\" data-end=\"1701\">Filettature<\/strong><\/td>\n<p> disponibili<\/p>\n<td>M10 \/ M12 \/ M14 (filettatura interna) <span style=\"color: #ffffff;\">\u00a9Ricambi EcoGas<\/span><\/td>\n<\/tr>\n<tr data-start=\"1779\" data-end=\"1880\">\n<td><strong data-start=\"1781\" data-end=\"1793\">Materiale<\/strong><\/td>\n<td>Ricariche EcoGas in ottone + acciaio inossidabile<span style=\"color: #ffffff;\">\u00a9<\/span><\/td>\n<\/tr>\n<tr data-start=\"1881\" data-end=\"1982\">\n<td><strong data-start=\"1883\" data-end=\"1897\">Applicazione<\/strong><\/td>\n<td><span style=\"color: #ffffff;\">Rifornimento veicoli a GPL\/autogas\u00a9Pezzi di ricambio EcoGas<\/span><\/td>\n<\/tr>\n<tr data-start=\"1983\" data-end=\"2084\">\n<td><strong data-start=\"1985\" data-end=\"2003\">Compatibilit\u00e0<\/strong><\/td>\n<td>Tomasetto, OMB, Rotarex (mini sistemi di rifornimento)<\/td>\n<\/tr>\n<tr data-start=\"2085\" data-end=\"2186\">\n<td><strong data-start=\"2087\" data-end=\"2103\">Aree di utilizzo<\/strong><\/td>\n<td>Germania, Belgio, Irlanda, <span style=\"color: #ffffff;\">Lussemburgo\u00a9Ricambi EcoGas<\/span><\/td>\n<\/tr>\n<tr data-start=\"2187\" data-end=\"2288\">\n<td><strong data-start=\"2189\" data-end=\"2203\">Produttore<\/strong><\/td>\n<td><span style=\"color: #ffffff;\">Ricambi DREHMEISTER\u00a9EcoGas<\/span><\/td>\n<\/tr>\n<\/tbody>\n<\/table>\n<\/div>\n<blockquote data-start=\"2290\" data-end=\"2424\">\n<p data-start=\"2292\" data-end=\"2424\"><em><strong>Adattatore robusto e ad alta precisione per il rifornimento di GPL nelle stazioni con sistema ACME. Compatibile con mini-sistemi di ricarica nascosti. <\/strong><\/em><\/p>\n<\/blockquote>\n<p><a href=\"https:\/\/recambiosecogas.com\/it\/categoria-producto\/filtros\/\">ACQUISTA PI\u00d9 PRODOTTI ONLINE NEL NOSTRO NEGOZIO<\/a><\/p>\n<p><a href=\"http:\/\/www.segimonautomocio.com\/\">CONVERTITE IN LPG NEL NOSTRO OFFICINO UFFICIALE DI INSTALLAZIONE, MAGGIORI INFORMAZIONI SUL SITO WEB DEL NOSTRO WORKSHOP<\/a><\/p>\n<p>L&#8217;adattatore a GPL ACME M10\/M12\/M14 \u00e8 essenziale per chi utilizza veicoli con sistemi di rifornimento nascosti in Europa. Questo adattatore non solo facilita il rifornimento alle stazioni di servizio, ma garantisce anche una connessione sicura e senza perdite, fondamentale per la sicurezza dell&#8217;utente. Ideale per chi cerca un prodotto di alta qualit\u00e0 e durevole, questo adattatore \u00e8 compatibile con sistemi di rifornimento come Tomasetto e OMB, garantendo prestazioni ottimali nei paesi in cui si applicano le normative ACME.  <\/p>\n","protected":false},"excerpt":{"rendered":"<p>Adattatore LPG ACME M10\/M12\/M14 | DREHMEISTER Adattatore LPG ACME M10\/M12\/M14 | DREHMEISTER consente il rifornimento sicuro di veicoli con sistemi di rifornimento LPG nascosti nei paesi in cui viene utilizzato il sistema ACME, come Germania, Belgio, Irlanda e Lussemburgo. \u00a9Ricambi EcoGas Progettato per essere collegato a sistemi di mini-rifornimento situati dietro il tappo del serbatoio [&hellip;]<\/p>\n","protected":false},"featured_media":9440,"comment_status":"open","ping_status":"closed","template":"","meta":{"googlesitekit_rrm_CAowud7EDA:productID":"","_uag_custom_page_level_css":""},"product_brand":[],"product_cat":[2188,2189,2347,2348,2162],"product_tag":[2316,2313,2318,2312,2315,2317,2314],"class_list":{"0":"post-46641","1":"product","2":"type-product","3":"status-publish","4":"has-post-thumbnail","6":"product_cat-adaptador-glp","7":"product_cat-adaptadores-glp","8":"product_cat-adattatori-per-paese","9":"product_cat-drehmeister","10":"product_cat-repostar","11":"product_tag-adattatore-glp-australia","12":"product_tag-adattatore-gpl-belgio","13":"product_tag-adattatore-gpl-canadese","14":"product_tag-adattatore-gpl-germania","15":"product_tag-adattatore-gpl-irlanda","16":"product_tag-adattatore-gpl-stati-uniti","17":"product_tag-adattatore-gpl-svizzera","19":"first","20":"instock","21":"taxable","22":"shipping-taxable","23":"purchasable","24":"product-type-variable"},"ct_brands":[],"yoast_head":"<!-- This site is optimized with the Yoast SEO Premium plugin v27.4 (Yoast SEO v27.4) - https:\/\/yoast.com\/product\/yoast-seo-premium-wordpress\/ -->\n<title>Adattatore LPG ACME M10\/M12\/M14 | Pezzi di ricambio Ecogas<\/title>\n<meta name=\"description\" content=\"Adattatore di GPL DREHMEISTER ACME M10\/M12\/M14, ideale per il rifornimento in Germania, Belgio, Irlanda e Lussemburgo. Connessione sicura e senza perdite.\" \/>\n<meta name=\"robots\" content=\"index, follow, max-snippet:-1, max-image-preview:large, max-video-preview:-1\" \/>\n<link rel=\"canonical\" href=\"https:\/\/recambiosecogas.com\/it\/producto\/drehmeister-dish-adaptador-de-boquilla-de-suministro-m10-m12-m14\/\" \/>\n<meta property=\"og:locale\" content=\"it_IT\" \/>\n<meta property=\"og:type\" content=\"article\" \/>\n<meta property=\"og:title\" content=\"Adattatore LPG ACME M10\/M12\/M14 | DREHMEISTER\" \/>\n<meta property=\"og:description\" content=\"Adattatore di GPL DREHMEISTER ACME M10\/M12\/M14, ideale per il rifornimento in Germania, Belgio, Irlanda e Lussemburgo. Connessione sicura e senza perdite.\" \/>\n<meta property=\"og:url\" content=\"https:\/\/recambiosecogas.com\/it\/producto\/drehmeister-dish-adaptador-de-boquilla-de-suministro-m10-m12-m14\/\" \/>\n<meta property=\"og:site_name\" content=\"Recambios EcoGas\" \/>\n<meta property=\"article:publisher\" content=\"https:\/\/www.facebook.com\/profile.php?id=100062419705358\" \/>\n<meta property=\"article:modified_time\" content=\"2026-04-08T09:21:34+00:00\" \/>\n<meta property=\"og:image\" content=\"https:\/\/recambiosecogas.com\/wp-content\/uploads\/2024\/12\/DREHMEISTER-adaptador-de-boquilla-de-suministro-ACME-M10M12M14-png.webp\" \/>\n\t<meta property=\"og:image:width\" content=\"1000\" \/>\n\t<meta property=\"og:image:height\" content=\"1000\" \/>\n\t<meta property=\"og:image:type\" content=\"image\/png\" \/>\n<meta name=\"twitter:card\" content=\"summary_large_image\" \/>\n<meta name=\"twitter:label1\" content=\"Disponibilit\u00e0\" \/>\n\t<meta name=\"twitter:data1\" content=\"In stock\" \/>\n<script type=\"application\/ld+json\" class=\"yoast-schema-graph\">{\"@context\":\"https:\\\/\\\/schema.org\",\"@graph\":[{\"@type\":\"WebPage\",\"@id\":\"https:\\\/\\\/recambiosecogas.com\\\/it\\\/producto\\\/drehmeister-dish-adaptador-de-boquilla-de-suministro-m10-m12-m14\\\/\",\"url\":\"https:\\\/\\\/recambiosecogas.com\\\/it\\\/producto\\\/drehmeister-dish-adaptador-de-boquilla-de-suministro-m10-m12-m14\\\/\",\"name\":\"Adattatore LPG ACME M10\\\/M12\\\/M14 | Pezzi di ricambio Ecogas\",\"isPartOf\":{\"@id\":\"https:\\\/\\\/recambiosecogas.com\\\/it\\\/#website\"},\"primaryImageOfPage\":{\"@id\":\"https:\\\/\\\/recambiosecogas.com\\\/it\\\/producto\\\/drehmeister-dish-adaptador-de-boquilla-de-suministro-m10-m12-m14\\\/#primaryimage\"},\"image\":{\"@id\":\"https:\\\/\\\/recambiosecogas.com\\\/it\\\/producto\\\/drehmeister-dish-adaptador-de-boquilla-de-suministro-m10-m12-m14\\\/#primaryimage\"},\"thumbnailUrl\":\"https:\\\/\\\/recambiosecogas.com\\\/wp-content\\\/uploads\\\/2024\\\/12\\\/DREHMEISTER-adaptador-de-boquilla-de-suministro-ACME-M10M12M14-png.webp\",\"datePublished\":\"2024-12-05T14:50:05+00:00\",\"dateModified\":\"2026-04-08T09:21:34+00:00\",\"description\":\"Adattatore di GPL DREHMEISTER ACME M10\\\/M12\\\/M14, ideale per il rifornimento in Germania, Belgio, Irlanda e Lussemburgo. Connessione sicura e senza perdite.\",\"breadcrumb\":{\"@id\":\"https:\\\/\\\/recambiosecogas.com\\\/it\\\/producto\\\/drehmeister-dish-adaptador-de-boquilla-de-suministro-m10-m12-m14\\\/#breadcrumb\"},\"inLanguage\":\"it-IT\",\"potentialAction\":[{\"@type\":\"ReadAction\",\"target\":[\"https:\\\/\\\/recambiosecogas.com\\\/it\\\/producto\\\/drehmeister-dish-adaptador-de-boquilla-de-suministro-m10-m12-m14\\\/\"]}]},{\"@type\":\"ImageObject\",\"inLanguage\":\"it-IT\",\"@id\":\"https:\\\/\\\/recambiosecogas.com\\\/it\\\/producto\\\/drehmeister-dish-adaptador-de-boquilla-de-suministro-m10-m12-m14\\\/#primaryimage\",\"url\":\"https:\\\/\\\/recambiosecogas.com\\\/wp-content\\\/uploads\\\/2024\\\/12\\\/DREHMEISTER-adaptador-de-boquilla-de-suministro-ACME-M10M12M14-png.webp\",\"contentUrl\":\"https:\\\/\\\/recambiosecogas.com\\\/wp-content\\\/uploads\\\/2024\\\/12\\\/DREHMEISTER-adaptador-de-boquilla-de-suministro-ACME-M10M12M14-png.webp\",\"width\":1000,\"height\":1000},{\"@type\":\"BreadcrumbList\",\"@id\":\"https:\\\/\\\/recambiosecogas.com\\\/it\\\/producto\\\/drehmeister-dish-adaptador-de-boquilla-de-suministro-m10-m12-m14\\\/#breadcrumb\",\"itemListElement\":[{\"@type\":\"ListItem\",\"position\":1,\"name\":\"Portada\",\"item\":\"https:\\\/\\\/recambiosecogas.com\\\/it\\\/\"},{\"@type\":\"ListItem\",\"position\":2,\"name\":\"Negozio\",\"item\":\"https:\\\/\\\/recambiosecogas.com\\\/it\\\/?page_id=46382\"},{\"@type\":\"ListItem\",\"position\":3,\"name\":\"Adattatore LPG ACME M10\\\/M12\\\/M14 | DREHMEISTER\"}]},{\"@type\":\"WebSite\",\"@id\":\"https:\\\/\\\/recambiosecogas.com\\\/it\\\/#website\",\"url\":\"https:\\\/\\\/recambiosecogas.com\\\/it\\\/\",\"name\":\"Recambios EcoGas\",\"description\":\"Recambios Multimarca para sistemas de GLP\\\/GNC\\\/GNL\\\/Hidr\u00f3geno\",\"publisher\":{\"@id\":\"https:\\\/\\\/recambiosecogas.com\\\/it\\\/#organization\"},\"alternateName\":\"Recambios Autogas GLP\",\"potentialAction\":[{\"@type\":\"SearchAction\",\"target\":{\"@type\":\"EntryPoint\",\"urlTemplate\":\"https:\\\/\\\/recambiosecogas.com\\\/it\\\/?s={search_term_string}\"},\"query-input\":{\"@type\":\"PropertyValueSpecification\",\"valueRequired\":true,\"valueName\":\"search_term_string\"}}],\"inLanguage\":\"it-IT\"},{\"@type\":[\"Organization\",\"Place\"],\"@id\":\"https:\\\/\\\/recambiosecogas.com\\\/it\\\/#organization\",\"name\":\"Recambios EcoGas\",\"alternateName\":\"Tienda Online GLP Espa\u00f1a\",\"url\":\"https:\\\/\\\/recambiosecogas.com\\\/it\\\/\",\"logo\":{\"@id\":\"https:\\\/\\\/recambiosecogas.com\\\/it\\\/producto\\\/drehmeister-dish-adaptador-de-boquilla-de-suministro-m10-m12-m14\\\/#local-main-organization-logo\"},\"image\":{\"@id\":\"https:\\\/\\\/recambiosecogas.com\\\/it\\\/producto\\\/drehmeister-dish-adaptador-de-boquilla-de-suministro-m10-m12-m14\\\/#local-main-organization-logo\"},\"sameAs\":[\"https:\\\/\\\/www.facebook.com\\\/profile.php?id=100062419705358\",\"https:\\\/\\\/www.instagram.com\\\/segimon_automocio\"],\"description\":\"Recambios EcoGas \u2013 Venta y distribuci\u00f3n de sistemas GLP y GNC en Espa\u00f1a y Portugal. Env\u00edos 24 h, soporte t\u00e9cnico a talleres y distribuidores.\",\"hasMerchantReturnPolicy\":{\"@type\":\"MerchantReturnPolicy\",\"merchantReturnLink\":\"https:\\\/\\\/recambiosecogas.com\\\/politicas-privacidad\\\/\"},\"address\":{\"@id\":\"https:\\\/\\\/recambiosecogas.com\\\/it\\\/producto\\\/drehmeister-dish-adaptador-de-boquilla-de-suministro-m10-m12-m14\\\/#local-main-place-address\"},\"telephone\":[\"616250633\"],\"contactPoint\":{\"@type\":\"ContactPoint\",\"email\":\"export@recambiosecogas.com\"},\"openingHoursSpecification\":[{\"@type\":\"OpeningHoursSpecification\",\"dayOfWeek\":[\"Monday\",\"Tuesday\",\"Wednesday\",\"Thursday\",\"Friday\",\"Saturday\",\"Sunday\"],\"opens\":\"09:00\",\"closes\":\"17:00\"}],\"email\":\"info@recambiosecogas.com\",\"faxNumber\":\"SEGIMON AUTOMOCION SL\",\"vatID\":\"ESB19819861\",\"globalLocationNumber\":\"938 616 339\"},{\"@type\":\"PostalAddress\",\"@id\":\"https:\\\/\\\/recambiosecogas.com\\\/it\\\/producto\\\/drehmeister-dish-adaptador-de-boquilla-de-suministro-m10-m12-m14\\\/#local-main-place-address\",\"streetAddress\":\"cami antic de vic, 29 (Nave 3), Pol\u00edgono Industrial Congost\",\"addressLocality\":\"CORRO D`AVALL\",\"postalCode\":\"08520\",\"addressRegion\":\"Barcelona\",\"addressCountry\":\"ES\"},{\"@type\":\"ImageObject\",\"inLanguage\":\"it-IT\",\"@id\":\"https:\\\/\\\/recambiosecogas.com\\\/it\\\/producto\\\/drehmeister-dish-adaptador-de-boquilla-de-suministro-m10-m12-m14\\\/#local-main-organization-logo\",\"url\":\"https:\\\/\\\/recambiosecogas.com\\\/wp-content\\\/uploads\\\/2024\\\/11\\\/cropped-RECAMBIOS-GLP-png.webp\",\"contentUrl\":\"https:\\\/\\\/recambiosecogas.com\\\/wp-content\\\/uploads\\\/2024\\\/11\\\/cropped-RECAMBIOS-GLP-png.webp\",\"width\":512,\"height\":512,\"caption\":\"Recambios EcoGas\"}]}<\/script>\n<meta property=\"og:availability\" content=\"instock\" \/>\n<meta property=\"product:availability\" content=\"instock\" \/>\n<meta property=\"product:retailer_item_id\" content=\"111519\" \/>\n<meta property=\"product:condition\" content=\"new\" \/>\n<meta name=\"geo.placename\" content=\"CORRO D`AVALL\" \/>\n<meta name=\"geo.region\" content=\"Spagna\" \/>\n<!-- \/ Yoast SEO Premium plugin. -->","yoast_head_json":{"title":"Adattatore LPG ACME M10\/M12\/M14 | Pezzi di ricambio Ecogas","description":"Adattatore di GPL DREHMEISTER ACME M10\/M12\/M14, ideale per il rifornimento in Germania, Belgio, Irlanda e Lussemburgo. Connessione sicura e senza perdite.","robots":{"index":"index","follow":"follow","max-snippet":"max-snippet:-1","max-image-preview":"max-image-preview:large","max-video-preview":"max-video-preview:-1"},"canonical":"https:\/\/recambiosecogas.com\/it\/producto\/drehmeister-dish-adaptador-de-boquilla-de-suministro-m10-m12-m14\/","og_locale":"it_IT","og_type":"article","og_title":"Adattatore LPG ACME M10\/M12\/M14 | DREHMEISTER","og_description":"Adattatore di GPL DREHMEISTER ACME M10\/M12\/M14, ideale per il rifornimento in Germania, Belgio, Irlanda e Lussemburgo. Connessione sicura e senza perdite.","og_url":"https:\/\/recambiosecogas.com\/it\/producto\/drehmeister-dish-adaptador-de-boquilla-de-suministro-m10-m12-m14\/","og_site_name":"Recambios EcoGas","article_publisher":"https:\/\/www.facebook.com\/profile.php?id=100062419705358","article_modified_time":"2026-04-08T09:21:34+00:00","og_image":[{"width":1000,"height":1000,"url":"https:\/\/recambiosecogas.com\/wp-content\/uploads\/2024\/12\/DREHMEISTER-adaptador-de-boquilla-de-suministro-ACME-M10M12M14-png.webp","type":"image\/png"}],"twitter_card":"summary_large_image","twitter_misc":{"Disponibilit\u00e0":"In stock"},"schema":{"@context":"https:\/\/schema.org","@graph":[{"@type":"WebPage","@id":"https:\/\/recambiosecogas.com\/it\/producto\/drehmeister-dish-adaptador-de-boquilla-de-suministro-m10-m12-m14\/","url":"https:\/\/recambiosecogas.com\/it\/producto\/drehmeister-dish-adaptador-de-boquilla-de-suministro-m10-m12-m14\/","name":"Adattatore LPG ACME M10\/M12\/M14 | Pezzi di ricambio Ecogas","isPartOf":{"@id":"https:\/\/recambiosecogas.com\/it\/#website"},"primaryImageOfPage":{"@id":"https:\/\/recambiosecogas.com\/it\/producto\/drehmeister-dish-adaptador-de-boquilla-de-suministro-m10-m12-m14\/#primaryimage"},"image":{"@id":"https:\/\/recambiosecogas.com\/it\/producto\/drehmeister-dish-adaptador-de-boquilla-de-suministro-m10-m12-m14\/#primaryimage"},"thumbnailUrl":"https:\/\/recambiosecogas.com\/wp-content\/uploads\/2024\/12\/DREHMEISTER-adaptador-de-boquilla-de-suministro-ACME-M10M12M14-png.webp","datePublished":"2024-12-05T14:50:05+00:00","dateModified":"2026-04-08T09:21:34+00:00","description":"Adattatore di GPL DREHMEISTER ACME M10\/M12\/M14, ideale per il rifornimento in Germania, Belgio, Irlanda e Lussemburgo. Connessione sicura e senza perdite.","breadcrumb":{"@id":"https:\/\/recambiosecogas.com\/it\/producto\/drehmeister-dish-adaptador-de-boquilla-de-suministro-m10-m12-m14\/#breadcrumb"},"inLanguage":"it-IT","potentialAction":[{"@type":"ReadAction","target":["https:\/\/recambiosecogas.com\/it\/producto\/drehmeister-dish-adaptador-de-boquilla-de-suministro-m10-m12-m14\/"]}]},{"@type":"ImageObject","inLanguage":"it-IT","@id":"https:\/\/recambiosecogas.com\/it\/producto\/drehmeister-dish-adaptador-de-boquilla-de-suministro-m10-m12-m14\/#primaryimage","url":"https:\/\/recambiosecogas.com\/wp-content\/uploads\/2024\/12\/DREHMEISTER-adaptador-de-boquilla-de-suministro-ACME-M10M12M14-png.webp","contentUrl":"https:\/\/recambiosecogas.com\/wp-content\/uploads\/2024\/12\/DREHMEISTER-adaptador-de-boquilla-de-suministro-ACME-M10M12M14-png.webp","width":1000,"height":1000},{"@type":"BreadcrumbList","@id":"https:\/\/recambiosecogas.com\/it\/producto\/drehmeister-dish-adaptador-de-boquilla-de-suministro-m10-m12-m14\/#breadcrumb","itemListElement":[{"@type":"ListItem","position":1,"name":"Portada","item":"https:\/\/recambiosecogas.com\/it\/"},{"@type":"ListItem","position":2,"name":"Negozio","item":"https:\/\/recambiosecogas.com\/it\/?page_id=46382"},{"@type":"ListItem","position":3,"name":"Adattatore LPG ACME M10\/M12\/M14 | DREHMEISTER"}]},{"@type":"WebSite","@id":"https:\/\/recambiosecogas.com\/it\/#website","url":"https:\/\/recambiosecogas.com\/it\/","name":"Recambios EcoGas","description":"Recambios Multimarca para sistemas de GLP\/GNC\/GNL\/Hidr\u00f3geno","publisher":{"@id":"https:\/\/recambiosecogas.com\/it\/#organization"},"alternateName":"Recambios Autogas GLP","potentialAction":[{"@type":"SearchAction","target":{"@type":"EntryPoint","urlTemplate":"https:\/\/recambiosecogas.com\/it\/?s={search_term_string}"},"query-input":{"@type":"PropertyValueSpecification","valueRequired":true,"valueName":"search_term_string"}}],"inLanguage":"it-IT"},{"@type":["Organization","Place"],"@id":"https:\/\/recambiosecogas.com\/it\/#organization","name":"Recambios EcoGas","alternateName":"Tienda Online GLP Espa\u00f1a","url":"https:\/\/recambiosecogas.com\/it\/","logo":{"@id":"https:\/\/recambiosecogas.com\/it\/producto\/drehmeister-dish-adaptador-de-boquilla-de-suministro-m10-m12-m14\/#local-main-organization-logo"},"image":{"@id":"https:\/\/recambiosecogas.com\/it\/producto\/drehmeister-dish-adaptador-de-boquilla-de-suministro-m10-m12-m14\/#local-main-organization-logo"},"sameAs":["https:\/\/www.facebook.com\/profile.php?id=100062419705358","https:\/\/www.instagram.com\/segimon_automocio"],"description":"Recambios EcoGas \u2013 Venta y distribuci\u00f3n de sistemas GLP y GNC en Espa\u00f1a y Portugal. Env\u00edos 24 h, soporte t\u00e9cnico a talleres y distribuidores.","hasMerchantReturnPolicy":{"@type":"MerchantReturnPolicy","merchantReturnLink":"https:\/\/recambiosecogas.com\/politicas-privacidad\/"},"address":{"@id":"https:\/\/recambiosecogas.com\/it\/producto\/drehmeister-dish-adaptador-de-boquilla-de-suministro-m10-m12-m14\/#local-main-place-address"},"telephone":["616250633"],"contactPoint":{"@type":"ContactPoint","email":"export@recambiosecogas.com"},"openingHoursSpecification":[{"@type":"OpeningHoursSpecification","dayOfWeek":["Monday","Tuesday","Wednesday","Thursday","Friday","Saturday","Sunday"],"opens":"09:00","closes":"17:00"}],"email":"info@recambiosecogas.com","faxNumber":"SEGIMON AUTOMOCION SL","vatID":"ESB19819861","globalLocationNumber":"938 616 339"},{"@type":"PostalAddress","@id":"https:\/\/recambiosecogas.com\/it\/producto\/drehmeister-dish-adaptador-de-boquilla-de-suministro-m10-m12-m14\/#local-main-place-address","streetAddress":"cami antic de vic, 29 (Nave 3), Pol\u00edgono Industrial Congost","addressLocality":"CORRO D`AVALL","postalCode":"08520","addressRegion":"Barcelona","addressCountry":"ES"},{"@type":"ImageObject","inLanguage":"it-IT","@id":"https:\/\/recambiosecogas.com\/it\/producto\/drehmeister-dish-adaptador-de-boquilla-de-suministro-m10-m12-m14\/#local-main-organization-logo","url":"https:\/\/recambiosecogas.com\/wp-content\/uploads\/2024\/11\/cropped-RECAMBIOS-GLP-png.webp","contentUrl":"https:\/\/recambiosecogas.com\/wp-content\/uploads\/2024\/11\/cropped-RECAMBIOS-GLP-png.webp","width":512,"height":512,"caption":"Recambios EcoGas"}]},"og_availability":"instock","product_availability":"instock","product_retailer_item_id":"111519","product_condition":"new","geo.placename":"CORRO D`AVALL","geo.region":"Spagna"},"uagb_featured_image_src":{"full":["https:\/\/recambiosecogas.com\/wp-content\/uploads\/2024\/12\/DREHMEISTER-adaptador-de-boquilla-de-suministro-ACME-M10M12M14-png.webp",1000,1000,false],"thumbnail":["https:\/\/recambiosecogas.com\/wp-content\/uploads\/2024\/12\/DREHMEISTER-adaptador-de-boquilla-de-suministro-ACME-M10M12M14-150x150.webp",150,150,true],"medium":["https:\/\/recambiosecogas.com\/wp-content\/uploads\/2024\/12\/DREHMEISTER-adaptador-de-boquilla-de-suministro-ACME-M10M12M14-300x300.webp",300,300,true],"medium_large":["https:\/\/recambiosecogas.com\/wp-content\/uploads\/2024\/12\/DREHMEISTER-adaptador-de-boquilla-de-suministro-ACME-M10M12M14-768x768.webp",768,768,true],"large":["https:\/\/recambiosecogas.com\/wp-content\/uploads\/2024\/12\/DREHMEISTER-adaptador-de-boquilla-de-suministro-ACME-M10M12M14-png.webp",1000,1000,false],"1536x1536":["https:\/\/recambiosecogas.com\/wp-content\/uploads\/2024\/12\/DREHMEISTER-adaptador-de-boquilla-de-suministro-ACME-M10M12M14-png.webp",1000,1000,false],"2048x2048":["https:\/\/recambiosecogas.com\/wp-content\/uploads\/2024\/12\/DREHMEISTER-adaptador-de-boquilla-de-suministro-ACME-M10M12M14-png.webp",1000,1000,false],"woocommerce_archive_thumbnail":["https:\/\/recambiosecogas.com\/wp-content\/uploads\/2024\/12\/DREHMEISTER-adaptador-de-boquilla-de-suministro-ACME-M10M12M14-png.webp",1000,1000,false],"woocommerce_thumbnail":["https:\/\/recambiosecogas.com\/wp-content\/uploads\/2024\/12\/DREHMEISTER-adaptador-de-boquilla-de-suministro-ACME-M10M12M14-png-300x300.webp",300,300,true],"woocommerce_single":["https:\/\/recambiosecogas.com\/wp-content\/uploads\/2024\/12\/DREHMEISTER-adaptador-de-boquilla-de-suministro-ACME-M10M12M14-png.webp",1000,1000,false],"woocommerce_gallery_thumbnail":["https:\/\/recambiosecogas.com\/wp-content\/uploads\/2024\/12\/DREHMEISTER-adaptador-de-boquilla-de-suministro-ACME-M10M12M14-png.webp",1000,1000,false],"dgwt-wcas-product-suggestion":["https:\/\/recambiosecogas.com\/wp-content\/uploads\/2024\/12\/DREHMEISTER-adaptador-de-boquilla-de-suministro-ACME-M10M12M14-png-64x64.webp",64,64,true]},"uagb_author_info":{"display_name":"Fran - Soporte T\u00e9cnico","author_link":"https:\/\/recambiosecogas.com\/it\/author\/"},"uagb_comment_info":0,"uagb_excerpt":"Adattatore LPG ACME M10\/M12\/M14 | DREHMEISTER Adattatore LPG ACME M10\/M12\/M14 | DREHMEISTER consente il rifornimento sicuro di veicoli con sistemi di rifornimento LPG nascosti nei paesi in cui viene utilizzato il sistema ACME, come Germania, Belgio, Irlanda e Lussemburgo. \u00a9Ricambi EcoGas Progettato per essere collegato a sistemi di mini-rifornimento situati dietro il tappo del serbatoio&hellip;","_links":{"self":[{"href":"https:\/\/recambiosecogas.com\/it\/wp-json\/wp\/v2\/product\/46641","targetHints":{"allow":["GET"]}}],"collection":[{"href":"https:\/\/recambiosecogas.com\/it\/wp-json\/wp\/v2\/product"}],"about":[{"href":"https:\/\/recambiosecogas.com\/it\/wp-json\/wp\/v2\/types\/product"}],"replies":[{"embeddable":true,"href":"https:\/\/recambiosecogas.com\/it\/wp-json\/wp\/v2\/comments?post=46641"}],"wp:featuredmedia":[{"embeddable":true,"href":"https:\/\/recambiosecogas.com\/it\/wp-json\/wp\/v2\/media\/9440"}],"wp:attachment":[{"href":"https:\/\/recambiosecogas.com\/it\/wp-json\/wp\/v2\/media?parent=46641"}],"wp:term":[{"taxonomy":"product_brand","embeddable":true,"href":"https:\/\/recambiosecogas.com\/it\/wp-json\/wp\/v2\/product_brand?post=46641"},{"taxonomy":"product_cat","embeddable":true,"href":"https:\/\/recambiosecogas.com\/it\/wp-json\/wp\/v2\/product_cat?post=46641"},{"taxonomy":"product_tag","embeddable":true,"href":"https:\/\/recambiosecogas.com\/it\/wp-json\/wp\/v2\/product_tag?post=46641"}],"curies":[{"name":"wp","href":"https:\/\/api.w.org\/{rel}","templated":true}]}}