{"id":46621,"date":"2024-12-05T15:36:09","date_gmt":"2024-12-05T15:36:09","guid":{"rendered":"https:\/\/recambiosecogas.com\/producto\/drehmeister-adaptador-de-boquilla-de-suministro-bayoneta-m10-m12-m14\/"},"modified":"2026-04-08T10:21:32","modified_gmt":"2026-04-08T09:21:32","slug":"drehmeister-adaptador-de-boquilla-de-suministro-bayoneta-m10-m12-m14","status":"publish","type":"product","link":"https:\/\/recambiosecogas.com\/it\/producto\/drehmeister-adaptador-de-boquilla-de-suministro-bayoneta-m10-m12-m14\/","title":{"rendered":"Adattatore LPG a baionetta M10\/M12\/M14 | DREHMEISTER"},"content":{"rendered":"<h3 data-start=\"281\" data-end=\"373\"><strong data-start=\"285\" data-end=\"373\">Adattatore a baionetta DREHMEISTER M10 \/ M12 \/ M14 \u2013 Alta compatibilit\u00e0 e precisione<\/strong><\/h3>\n<p data-start=\"375\" data-end=\"666\">L&#8217;adattatore a baionetta <strong data-start=\"378\" data-end=\"421\">DREHMEISTER<\/strong> con <strong data-start=\"426\" data-end=\"458\">filettatura interna M10, M12 o M14<\/strong> \u00e8 progettato appositamente per il rifornimento di veicoli a gas automatico in paesi come <strong data-start=\"534\" data-end=\"582\">Gran Bretagna, Paesi Bassi, Norvegia e Spagna<\/strong>, dove lo <strong data-start=\"613\" data-end=\"635\">standard a baionetta viene<\/strong> utilizzato nelle stazioni di servizio. <span style=\"color: #ffffff;\">\u00a9Ricambi EcoGas<\/span><\/p>\n<p data-start=\"668\" data-end=\"1068\">Realizzato con una combinazione di <strong data-start=\"701\" data-end=\"729\">ottone e acciaio inox<\/strong>, questo adattatore si distingue per <strong data-start=\"761\" data-end=\"816\">la sua alta durata, la sigillatura perfetta e la misura precisa<\/strong>. \u00c8 destinato all&#8217;uso con <strong data-start=\"847\" data-end=\"880\">sistemi di mini-rifornimento a GPL<\/strong> montati dietro il tappo del serbatoio, come <strong data-start=\"942\" data-end=\"970\">Tomasetto, OMB o Rotarex<\/strong>, fornendo una connessione sicura tra la valvola del serbatoio e l&#8217;ugello della stazione di servizio. <span style=\"color: #ffffff;\">\u00a9Ricambi EcoGas<\/span> <\/p>\n<p data-start=\"1070\" data-end=\"1351\">Inoltre, grazie alla <strong data-start=\"1091\" data-end=\"1121\">filettatura interna W21.8&#215;1\/14&#8243;<\/strong> sul lato baionetta, questo adattatore pu\u00f2 essere utilizzato come <strong data-start=\"1186\" data-end=\"1259\">prolunga per adattatori ACME, DISH o Euronozzle con filettatura esterna<\/strong>, anche se si consiglia di evitare uno stress eccessivo sulla valvola di caricamento per non danneggiarla. <span style=\"color: #ffffff;\">\u00a9Ricambi EcoGas<\/span><\/p>\n<hr class=\"\" data-start=\"1353\" data-end=\"1356\">\n<h3 data-start=\"1358\" data-end=\"1427\"><strong data-start=\"1362\" data-end=\"1427\">Caratteristiche tecniche \u2013 <span style=\"color: #ffffff;\">Ricariche EcoGas adattatore baionetta M10 \/ M12 \/ M14\u00a9<\/span><\/strong><\/h3>\n<div class=\"overflow-x-auto contain-inline-size\">\n<table data-start=\"1429\" data-end=\"2551\">\n<thead data-start=\"1429\" data-end=\"1531\">\n<tr data-start=\"1429\" data-end=\"1531\">\n<th data-start=\"1429\" data-end=\"1458\">Specifiche<\/th>\n<th data-start=\"1458\" data-end=\"1531\">Dettagli<\/th>\n<\/tr>\n<\/thead>\n<tbody data-start=\"1634\" data-end=\"2551\">\n<tr data-start=\"1634\" data-end=\"1735\">\nTipo <\/p>\n<td><strong data-start=\"1636\" data-end=\"1656\">di prodotto<\/strong><\/td>\n<td>Adattatore di rifornimento GPL \u2013 <span style=\"color: #ffffff;\">Pezzi di ricambio EcoGas tipo baionetta\u00a9<\/span><\/td>\n<\/tr>\n<tr data-start=\"1736\" data-end=\"1837\">\n<td><strong data-start=\"1738\" data-end=\"1762\">Sistemi di connessione<\/strong><\/td>\n<td>Baionetta (Baionetta) <span style=\"color: #ffffff;\">\u00a9Pezzi di ricambio EcoGas<\/span><\/td>\n<\/tr>\n<tr data-start=\"1838\" data-end=\"1939\">\n<td><strong data-start=\"1840\" data-end=\"1862\">Filettature<\/strong><\/td>\n<p> disponibili<\/p>\n<td>M10, M12, M14 (filettatura interna)<\/td>\n<\/tr>\n<tr data-start=\"1940\" data-end=\"2041\">\n<td><strong data-start=\"1942\" data-end=\"1954\">Materiale<\/strong><\/td>\n<td>Ricariche EcoGas in ottone + acciaio inossidabile<span style=\"color: #ffffff;\">\u00a9<\/span><\/td>\n<\/tr>\n<tr data-start=\"2042\" data-end=\"2143\">\n<td><strong data-start=\"2044\" data-end=\"2058\">Applicazione<\/strong><\/td>\n<td>Rifornimento di veicoli con gas liquefatto (GPL \/ Autogas)<\/td>\n<\/tr>\n<tr data-start=\"2144\" data-end=\"2245\">\n<td><strong data-start=\"2146\" data-end=\"2164\">Compatibilit\u00e0<\/strong><\/td>\n<td>Tomasetto, OMB, Rotarex (mini sistemi di rifornimento)<\/td>\n<\/tr>\n<tr data-start=\"2246\" data-end=\"2347\">\nFunzione <\/p>\n<td><strong data-start=\"2248\" data-end=\"2269\">aggiuntiva<\/strong><\/td>\n<td>Prolunga per adattatori con filettatura esterna W21.8&#215;1\/14&#8243;<\/td>\n<\/tr>\n<tr data-start=\"2348\" data-end=\"2449\">\n<td><strong data-start=\"2350\" data-end=\"2366\">Aree di utilizzo<\/strong><\/td>\n<td>Regno Unito, Paesi Bassi, Norvegia, <span style=\"color: #ffffff;\">Spagna\u00a9Ricambi EcoGas<\/span><\/td>\n<\/tr>\n<tr data-start=\"2450\" data-end=\"2551\">\n<td><strong data-start=\"2452\" data-end=\"2466\">Produttore<\/strong><\/td>\n<td><span style=\"color: #ffffff;\">Ricambi DREHMEISTER\u00a9EcoGas<\/span><\/td>\n<\/tr>\n<\/tbody>\n<\/table>\n<p><a href=\"https:\/\/recambiosecogas.com\/it\/categoria-producto\/filtros\/\">ACQUISTA PI\u00d9 PRODOTTI ONLINE NEL NOSTRO NEGOZIO<\/a><\/p>\n<p><a href=\"http:\/\/www.segimonautomocio.com\/\">CONVERTITE IN LPG NEL NOSTRO OFFICINO UFFICIALE DI INSTALLAZIONE, MAGGIORI INFORMAZIONI SUL SITO WEB DEL NOSTRO WORKSHOP<\/a><\/p>\n<\/div>\n","protected":false},"excerpt":{"rendered":"<p>Adattatore a baionetta DREHMEISTER M10 \/ M12 \/ M14 \u2013 Alta compatibilit\u00e0 e precisione L&#8217;adattatore a baionetta DREHMEISTER con filettatura interna M10, M12 o M14 \u00e8 progettato appositamente per il rifornimento di veicoli a gas automatico in paesi come Gran Bretagna, Paesi Bassi, Norvegia e Spagna, dove lo standard a baionetta viene utilizzato nelle stazioni [&hellip;]<\/p>\n","protected":false},"featured_media":9434,"comment_status":"open","ping_status":"closed","template":"","meta":{"_uag_custom_page_level_css":""},"product_brand":[],"product_cat":[2188,2189,2347,2348,2162],"product_tag":[2292,2293,2352],"class_list":{"0":"post-46621","1":"product","2":"type-product","3":"status-publish","4":"has-post-thumbnail","6":"product_cat-adaptador-glp","7":"product_cat-adaptadores-glp","8":"product_cat-adattatori-per-paese","9":"product_cat-drehmeister","10":"product_cat-repostar","11":"product_tag-adaptador-noruega","12":"product_tag-adaptador-paises-bajos","13":"product_tag-adapter-gran-bretagna","15":"first","16":"instock","17":"taxable","18":"shipping-taxable","19":"purchasable","20":"product-type-variable"},"ct_brands":[],"yoast_head":"<!-- This site is optimized with the Yoast SEO Premium plugin v27.5 (Yoast SEO v27.6) - https:\/\/yoast.com\/product\/yoast-seo-premium-wordpress\/ -->\n<title>Adattatore LPG a baionetta M10\/M12\/M14 | DREHMEISTER |Recambios EcoGas |<\/title>\n<meta name=\"description\" content=\"Adattatore per baionetta a GPL DREHMEISTER M10\/M12\/M14. Alta compatibilit\u00e0 con i sistemi Tomasetto, OMB e Rotarex. Thread interno W21.8.\" \/>\n<meta name=\"robots\" content=\"index, follow, max-snippet:-1, max-image-preview:large, max-video-preview:-1\" \/>\n<link rel=\"canonical\" href=\"https:\/\/recambiosecogas.com\/it\/producto\/drehmeister-adaptador-de-boquilla-de-suministro-bayoneta-m10-m12-m14\/\" \/>\n<meta property=\"og:locale\" content=\"it_IT\" \/>\n<meta property=\"og:type\" content=\"article\" \/>\n<meta property=\"og:title\" content=\"Adattatore LPG a baionetta M10\/M12\/M14 | DREHMEISTER\" \/>\n<meta property=\"og:description\" content=\"Adattatore per baionetta a GPL DREHMEISTER M10\/M12\/M14. Alta compatibilit\u00e0 con i sistemi Tomasetto, OMB e Rotarex. Thread interno W21.8.\" \/>\n<meta property=\"og:url\" content=\"https:\/\/recambiosecogas.com\/it\/producto\/drehmeister-adaptador-de-boquilla-de-suministro-bayoneta-m10-m12-m14\/\" \/>\n<meta property=\"og:site_name\" content=\"Recambios EcoGas\" \/>\n<meta property=\"article:publisher\" content=\"https:\/\/www.facebook.com\/profile.php?id=100062419705358\" \/>\n<meta property=\"article:modified_time\" content=\"2026-04-08T09:21:32+00:00\" \/>\n<meta property=\"og:image\" content=\"https:\/\/recambiosecogas.com\/wp-content\/uploads\/2024\/12\/DREHMEISTER-adaptador-de-boquilla-de-suministro-Bayoneta-M10M12M14-png.webp\" \/>\n\t<meta property=\"og:image:width\" content=\"1000\" \/>\n\t<meta property=\"og:image:height\" content=\"1000\" \/>\n\t<meta property=\"og:image:type\" content=\"image\/png\" \/>\n<meta name=\"twitter:card\" content=\"summary_large_image\" \/>\n<meta name=\"twitter:label1\" content=\"Disponibilit\u00e0\" \/>\n\t<meta name=\"twitter:data1\" content=\"In stock\" \/>\n<script type=\"application\/ld+json\" class=\"yoast-schema-graph\">{\"@context\":\"https:\\\/\\\/schema.org\",\"@graph\":[{\"@type\":\"WebPage\",\"@id\":\"https:\\\/\\\/recambiosecogas.com\\\/it\\\/producto\\\/drehmeister-adaptador-de-boquilla-de-suministro-bayoneta-m10-m12-m14\\\/\",\"url\":\"https:\\\/\\\/recambiosecogas.com\\\/it\\\/producto\\\/drehmeister-adaptador-de-boquilla-de-suministro-bayoneta-m10-m12-m14\\\/\",\"name\":\"Adattatore LPG a baionetta M10\\\/M12\\\/M14 | DREHMEISTER |Recambios EcoGas |\",\"isPartOf\":{\"@id\":\"https:\\\/\\\/recambiosecogas.com\\\/it\\\/#website\"},\"primaryImageOfPage\":{\"@id\":\"https:\\\/\\\/recambiosecogas.com\\\/it\\\/producto\\\/drehmeister-adaptador-de-boquilla-de-suministro-bayoneta-m10-m12-m14\\\/#primaryimage\"},\"image\":{\"@id\":\"https:\\\/\\\/recambiosecogas.com\\\/it\\\/producto\\\/drehmeister-adaptador-de-boquilla-de-suministro-bayoneta-m10-m12-m14\\\/#primaryimage\"},\"thumbnailUrl\":\"https:\\\/\\\/recambiosecogas.com\\\/wp-content\\\/uploads\\\/2024\\\/12\\\/DREHMEISTER-adaptador-de-boquilla-de-suministro-Bayoneta-M10M12M14-png.webp\",\"datePublished\":\"2024-12-05T15:36:09+00:00\",\"dateModified\":\"2026-04-08T09:21:32+00:00\",\"description\":\"Adattatore per baionetta a GPL DREHMEISTER M10\\\/M12\\\/M14. Alta compatibilit\u00e0 con i sistemi Tomasetto, OMB e Rotarex. Thread interno W21.8.\",\"breadcrumb\":{\"@id\":\"https:\\\/\\\/recambiosecogas.com\\\/it\\\/producto\\\/drehmeister-adaptador-de-boquilla-de-suministro-bayoneta-m10-m12-m14\\\/#breadcrumb\"},\"inLanguage\":\"it-IT\",\"potentialAction\":[{\"@type\":\"ReadAction\",\"target\":[\"https:\\\/\\\/recambiosecogas.com\\\/it\\\/producto\\\/drehmeister-adaptador-de-boquilla-de-suministro-bayoneta-m10-m12-m14\\\/\"]}]},{\"@type\":\"ImageObject\",\"inLanguage\":\"it-IT\",\"@id\":\"https:\\\/\\\/recambiosecogas.com\\\/it\\\/producto\\\/drehmeister-adaptador-de-boquilla-de-suministro-bayoneta-m10-m12-m14\\\/#primaryimage\",\"url\":\"https:\\\/\\\/recambiosecogas.com\\\/wp-content\\\/uploads\\\/2024\\\/12\\\/DREHMEISTER-adaptador-de-boquilla-de-suministro-Bayoneta-M10M12M14-png.webp\",\"contentUrl\":\"https:\\\/\\\/recambiosecogas.com\\\/wp-content\\\/uploads\\\/2024\\\/12\\\/DREHMEISTER-adaptador-de-boquilla-de-suministro-Bayoneta-M10M12M14-png.webp\",\"width\":1000,\"height\":1000},{\"@type\":\"BreadcrumbList\",\"@id\":\"https:\\\/\\\/recambiosecogas.com\\\/it\\\/producto\\\/drehmeister-adaptador-de-boquilla-de-suministro-bayoneta-m10-m12-m14\\\/#breadcrumb\",\"itemListElement\":[{\"@type\":\"ListItem\",\"position\":1,\"name\":\"Portada\",\"item\":\"https:\\\/\\\/recambiosecogas.com\\\/it\\\/\"},{\"@type\":\"ListItem\",\"position\":2,\"name\":\"Negozio\",\"item\":\"https:\\\/\\\/recambiosecogas.com\\\/it\\\/?page_id=46382\"},{\"@type\":\"ListItem\",\"position\":3,\"name\":\"Adattatore LPG a baionetta M10\\\/M12\\\/M14 | DREHMEISTER\"}]},{\"@type\":\"WebSite\",\"@id\":\"https:\\\/\\\/recambiosecogas.com\\\/it\\\/#website\",\"url\":\"https:\\\/\\\/recambiosecogas.com\\\/it\\\/\",\"name\":\"Recambios EcoGas\",\"description\":\"Recambios Multimarca para sistemas de GLP\\\/GNC\\\/GNL\\\/Hidr\u00f3geno\",\"publisher\":{\"@id\":\"https:\\\/\\\/recambiosecogas.com\\\/it\\\/#organization\"},\"alternateName\":\"Recambios Autogas GLP\",\"potentialAction\":[{\"@type\":\"SearchAction\",\"target\":{\"@type\":\"EntryPoint\",\"urlTemplate\":\"https:\\\/\\\/recambiosecogas.com\\\/it\\\/?s={search_term_string}\"},\"query-input\":{\"@type\":\"PropertyValueSpecification\",\"valueRequired\":true,\"valueName\":\"search_term_string\"}}],\"inLanguage\":\"it-IT\"},{\"@type\":[\"Organization\",\"Place\"],\"@id\":\"https:\\\/\\\/recambiosecogas.com\\\/it\\\/#organization\",\"name\":\"Recambios EcoGas\",\"alternateName\":\"Tienda Online GLP Espa\u00f1a\",\"url\":\"https:\\\/\\\/recambiosecogas.com\\\/it\\\/\",\"logo\":{\"@id\":\"https:\\\/\\\/recambiosecogas.com\\\/it\\\/producto\\\/drehmeister-adaptador-de-boquilla-de-suministro-bayoneta-m10-m12-m14\\\/#local-main-organization-logo\"},\"image\":{\"@id\":\"https:\\\/\\\/recambiosecogas.com\\\/it\\\/producto\\\/drehmeister-adaptador-de-boquilla-de-suministro-bayoneta-m10-m12-m14\\\/#local-main-organization-logo\"},\"sameAs\":[\"https:\\\/\\\/www.facebook.com\\\/profile.php?id=100062419705358\",\"https:\\\/\\\/www.instagram.com\\\/segimon_automocio\"],\"description\":\"Recambios EcoGas \u2013 Venta y distribuci\u00f3n de sistemas GLP y GNC en Espa\u00f1a y Portugal. Env\u00edos 24 h, soporte t\u00e9cnico a talleres y distribuidores.\",\"hasMerchantReturnPolicy\":{\"@type\":\"MerchantReturnPolicy\",\"merchantReturnLink\":\"https:\\\/\\\/recambiosecogas.com\\\/politicas-privacidad\\\/\"},\"address\":{\"@id\":\"https:\\\/\\\/recambiosecogas.com\\\/it\\\/producto\\\/drehmeister-adaptador-de-boquilla-de-suministro-bayoneta-m10-m12-m14\\\/#local-main-place-address\"},\"telephone\":[\"616250633\"],\"contactPoint\":{\"@type\":\"ContactPoint\",\"email\":\"export@recambiosecogas.com\"},\"openingHoursSpecification\":[{\"@type\":\"OpeningHoursSpecification\",\"dayOfWeek\":[\"Monday\",\"Tuesday\",\"Wednesday\",\"Thursday\",\"Friday\",\"Saturday\",\"Sunday\"],\"opens\":\"09:00\",\"closes\":\"17:00\"}],\"email\":\"info@recambiosecogas.com\",\"faxNumber\":\"SEGIMON AUTOMOCION SL\",\"vatID\":\"ESB19819861\",\"globalLocationNumber\":\"938 616 339\"},{\"@type\":\"PostalAddress\",\"@id\":\"https:\\\/\\\/recambiosecogas.com\\\/it\\\/producto\\\/drehmeister-adaptador-de-boquilla-de-suministro-bayoneta-m10-m12-m14\\\/#local-main-place-address\",\"streetAddress\":\"cami antic de vic, 29 (Nave 3), Pol\u00edgono Industrial Congost\",\"addressLocality\":\"CORRO D`AVALL\",\"postalCode\":\"08520\",\"addressRegion\":\"Barcelona\",\"addressCountry\":\"ES\"},{\"@type\":\"ImageObject\",\"inLanguage\":\"it-IT\",\"@id\":\"https:\\\/\\\/recambiosecogas.com\\\/it\\\/producto\\\/drehmeister-adaptador-de-boquilla-de-suministro-bayoneta-m10-m12-m14\\\/#local-main-organization-logo\",\"url\":\"https:\\\/\\\/recambiosecogas.com\\\/wp-content\\\/uploads\\\/2024\\\/11\\\/cropped-RECAMBIOS-GLP-png.webp\",\"contentUrl\":\"https:\\\/\\\/recambiosecogas.com\\\/wp-content\\\/uploads\\\/2024\\\/11\\\/cropped-RECAMBIOS-GLP-png.webp\",\"width\":512,\"height\":512,\"caption\":\"Recambios EcoGas\"}]}<\/script>\n<meta property=\"og:availability\" content=\"instock\" \/>\n<meta property=\"product:availability\" content=\"instock\" \/>\n<meta property=\"product:retailer_item_id\" content=\"111516\" \/>\n<meta property=\"product:condition\" content=\"new\" \/>\n<meta name=\"geo.placename\" content=\"CORRO D`AVALL\" \/>\n<meta name=\"geo.region\" content=\"Spagna\" \/>\n<!-- \/ Yoast SEO Premium plugin. -->","yoast_head_json":{"title":"Adattatore LPG a baionetta M10\/M12\/M14 | DREHMEISTER |Recambios EcoGas |","description":"Adattatore per baionetta a GPL DREHMEISTER M10\/M12\/M14. Alta compatibilit\u00e0 con i sistemi Tomasetto, OMB e Rotarex. Thread interno W21.8.","robots":{"index":"index","follow":"follow","max-snippet":"max-snippet:-1","max-image-preview":"max-image-preview:large","max-video-preview":"max-video-preview:-1"},"canonical":"https:\/\/recambiosecogas.com\/it\/producto\/drehmeister-adaptador-de-boquilla-de-suministro-bayoneta-m10-m12-m14\/","og_locale":"it_IT","og_type":"article","og_title":"Adattatore LPG a baionetta M10\/M12\/M14 | DREHMEISTER","og_description":"Adattatore per baionetta a GPL DREHMEISTER M10\/M12\/M14. Alta compatibilit\u00e0 con i sistemi Tomasetto, OMB e Rotarex. Thread interno W21.8.","og_url":"https:\/\/recambiosecogas.com\/it\/producto\/drehmeister-adaptador-de-boquilla-de-suministro-bayoneta-m10-m12-m14\/","og_site_name":"Recambios EcoGas","article_publisher":"https:\/\/www.facebook.com\/profile.php?id=100062419705358","article_modified_time":"2026-04-08T09:21:32+00:00","og_image":[{"width":1000,"height":1000,"url":"https:\/\/recambiosecogas.com\/wp-content\/uploads\/2024\/12\/DREHMEISTER-adaptador-de-boquilla-de-suministro-Bayoneta-M10M12M14-png.webp","type":"image\/png"}],"twitter_card":"summary_large_image","twitter_misc":{"Disponibilit\u00e0":"In stock"},"schema":{"@context":"https:\/\/schema.org","@graph":[{"@type":"WebPage","@id":"https:\/\/recambiosecogas.com\/it\/producto\/drehmeister-adaptador-de-boquilla-de-suministro-bayoneta-m10-m12-m14\/","url":"https:\/\/recambiosecogas.com\/it\/producto\/drehmeister-adaptador-de-boquilla-de-suministro-bayoneta-m10-m12-m14\/","name":"Adattatore LPG a baionetta M10\/M12\/M14 | DREHMEISTER |Recambios EcoGas |","isPartOf":{"@id":"https:\/\/recambiosecogas.com\/it\/#website"},"primaryImageOfPage":{"@id":"https:\/\/recambiosecogas.com\/it\/producto\/drehmeister-adaptador-de-boquilla-de-suministro-bayoneta-m10-m12-m14\/#primaryimage"},"image":{"@id":"https:\/\/recambiosecogas.com\/it\/producto\/drehmeister-adaptador-de-boquilla-de-suministro-bayoneta-m10-m12-m14\/#primaryimage"},"thumbnailUrl":"https:\/\/recambiosecogas.com\/wp-content\/uploads\/2024\/12\/DREHMEISTER-adaptador-de-boquilla-de-suministro-Bayoneta-M10M12M14-png.webp","datePublished":"2024-12-05T15:36:09+00:00","dateModified":"2026-04-08T09:21:32+00:00","description":"Adattatore per baionetta a GPL DREHMEISTER M10\/M12\/M14. Alta compatibilit\u00e0 con i sistemi Tomasetto, OMB e Rotarex. Thread interno W21.8.","breadcrumb":{"@id":"https:\/\/recambiosecogas.com\/it\/producto\/drehmeister-adaptador-de-boquilla-de-suministro-bayoneta-m10-m12-m14\/#breadcrumb"},"inLanguage":"it-IT","potentialAction":[{"@type":"ReadAction","target":["https:\/\/recambiosecogas.com\/it\/producto\/drehmeister-adaptador-de-boquilla-de-suministro-bayoneta-m10-m12-m14\/"]}]},{"@type":"ImageObject","inLanguage":"it-IT","@id":"https:\/\/recambiosecogas.com\/it\/producto\/drehmeister-adaptador-de-boquilla-de-suministro-bayoneta-m10-m12-m14\/#primaryimage","url":"https:\/\/recambiosecogas.com\/wp-content\/uploads\/2024\/12\/DREHMEISTER-adaptador-de-boquilla-de-suministro-Bayoneta-M10M12M14-png.webp","contentUrl":"https:\/\/recambiosecogas.com\/wp-content\/uploads\/2024\/12\/DREHMEISTER-adaptador-de-boquilla-de-suministro-Bayoneta-M10M12M14-png.webp","width":1000,"height":1000},{"@type":"BreadcrumbList","@id":"https:\/\/recambiosecogas.com\/it\/producto\/drehmeister-adaptador-de-boquilla-de-suministro-bayoneta-m10-m12-m14\/#breadcrumb","itemListElement":[{"@type":"ListItem","position":1,"name":"Portada","item":"https:\/\/recambiosecogas.com\/it\/"},{"@type":"ListItem","position":2,"name":"Negozio","item":"https:\/\/recambiosecogas.com\/it\/?page_id=46382"},{"@type":"ListItem","position":3,"name":"Adattatore LPG a baionetta M10\/M12\/M14 | DREHMEISTER"}]},{"@type":"WebSite","@id":"https:\/\/recambiosecogas.com\/it\/#website","url":"https:\/\/recambiosecogas.com\/it\/","name":"Recambios EcoGas","description":"Recambios Multimarca para sistemas de GLP\/GNC\/GNL\/Hidr\u00f3geno","publisher":{"@id":"https:\/\/recambiosecogas.com\/it\/#organization"},"alternateName":"Recambios Autogas GLP","potentialAction":[{"@type":"SearchAction","target":{"@type":"EntryPoint","urlTemplate":"https:\/\/recambiosecogas.com\/it\/?s={search_term_string}"},"query-input":{"@type":"PropertyValueSpecification","valueRequired":true,"valueName":"search_term_string"}}],"inLanguage":"it-IT"},{"@type":["Organization","Place"],"@id":"https:\/\/recambiosecogas.com\/it\/#organization","name":"Recambios EcoGas","alternateName":"Tienda Online GLP Espa\u00f1a","url":"https:\/\/recambiosecogas.com\/it\/","logo":{"@id":"https:\/\/recambiosecogas.com\/it\/producto\/drehmeister-adaptador-de-boquilla-de-suministro-bayoneta-m10-m12-m14\/#local-main-organization-logo"},"image":{"@id":"https:\/\/recambiosecogas.com\/it\/producto\/drehmeister-adaptador-de-boquilla-de-suministro-bayoneta-m10-m12-m14\/#local-main-organization-logo"},"sameAs":["https:\/\/www.facebook.com\/profile.php?id=100062419705358","https:\/\/www.instagram.com\/segimon_automocio"],"description":"Recambios EcoGas \u2013 Venta y distribuci\u00f3n de sistemas GLP y GNC en Espa\u00f1a y Portugal. Env\u00edos 24 h, soporte t\u00e9cnico a talleres y distribuidores.","hasMerchantReturnPolicy":{"@type":"MerchantReturnPolicy","merchantReturnLink":"https:\/\/recambiosecogas.com\/politicas-privacidad\/"},"address":{"@id":"https:\/\/recambiosecogas.com\/it\/producto\/drehmeister-adaptador-de-boquilla-de-suministro-bayoneta-m10-m12-m14\/#local-main-place-address"},"telephone":["616250633"],"contactPoint":{"@type":"ContactPoint","email":"export@recambiosecogas.com"},"openingHoursSpecification":[{"@type":"OpeningHoursSpecification","dayOfWeek":["Monday","Tuesday","Wednesday","Thursday","Friday","Saturday","Sunday"],"opens":"09:00","closes":"17:00"}],"email":"info@recambiosecogas.com","faxNumber":"SEGIMON AUTOMOCION SL","vatID":"ESB19819861","globalLocationNumber":"938 616 339"},{"@type":"PostalAddress","@id":"https:\/\/recambiosecogas.com\/it\/producto\/drehmeister-adaptador-de-boquilla-de-suministro-bayoneta-m10-m12-m14\/#local-main-place-address","streetAddress":"cami antic de vic, 29 (Nave 3), Pol\u00edgono Industrial Congost","addressLocality":"CORRO D`AVALL","postalCode":"08520","addressRegion":"Barcelona","addressCountry":"ES"},{"@type":"ImageObject","inLanguage":"it-IT","@id":"https:\/\/recambiosecogas.com\/it\/producto\/drehmeister-adaptador-de-boquilla-de-suministro-bayoneta-m10-m12-m14\/#local-main-organization-logo","url":"https:\/\/recambiosecogas.com\/wp-content\/uploads\/2024\/11\/cropped-RECAMBIOS-GLP-png.webp","contentUrl":"https:\/\/recambiosecogas.com\/wp-content\/uploads\/2024\/11\/cropped-RECAMBIOS-GLP-png.webp","width":512,"height":512,"caption":"Recambios EcoGas"}]},"og_availability":"instock","product_availability":"instock","product_retailer_item_id":"111516","product_condition":"new","geo.placename":"CORRO D`AVALL","geo.region":"Spagna"},"uagb_featured_image_src":{"full":["https:\/\/recambiosecogas.com\/wp-content\/uploads\/2024\/12\/DREHMEISTER-adaptador-de-boquilla-de-suministro-Bayoneta-M10M12M14-png.webp",1000,1000,false],"thumbnail":["https:\/\/recambiosecogas.com\/wp-content\/uploads\/2024\/12\/DREHMEISTER-adaptador-de-boquilla-de-suministro-Bayoneta-M10M12M14-150x150.webp",150,150,true],"medium":["https:\/\/recambiosecogas.com\/wp-content\/uploads\/2024\/12\/DREHMEISTER-adaptador-de-boquilla-de-suministro-Bayoneta-M10M12M14-300x300.webp",300,300,true],"medium_large":["https:\/\/recambiosecogas.com\/wp-content\/uploads\/2024\/12\/DREHMEISTER-adaptador-de-boquilla-de-suministro-Bayoneta-M10M12M14-768x768.webp",768,768,true],"large":["https:\/\/recambiosecogas.com\/wp-content\/uploads\/2024\/12\/DREHMEISTER-adaptador-de-boquilla-de-suministro-Bayoneta-M10M12M14-png.webp",1000,1000,false],"1536x1536":["https:\/\/recambiosecogas.com\/wp-content\/uploads\/2024\/12\/DREHMEISTER-adaptador-de-boquilla-de-suministro-Bayoneta-M10M12M14-png.webp",1000,1000,false],"2048x2048":["https:\/\/recambiosecogas.com\/wp-content\/uploads\/2024\/12\/DREHMEISTER-adaptador-de-boquilla-de-suministro-Bayoneta-M10M12M14-png.webp",1000,1000,false],"woocommerce_archive_thumbnail":["https:\/\/recambiosecogas.com\/wp-content\/uploads\/2024\/12\/DREHMEISTER-adaptador-de-boquilla-de-suministro-Bayoneta-M10M12M14-png.webp",1000,1000,false],"woocommerce_thumbnail":["https:\/\/recambiosecogas.com\/wp-content\/uploads\/2024\/12\/DREHMEISTER-adaptador-de-boquilla-de-suministro-Bayoneta-M10M12M14-png-300x300.webp",300,300,true],"woocommerce_single":["https:\/\/recambiosecogas.com\/wp-content\/uploads\/2024\/12\/DREHMEISTER-adaptador-de-boquilla-de-suministro-Bayoneta-M10M12M14-png.webp",1000,1000,false],"woocommerce_gallery_thumbnail":["https:\/\/recambiosecogas.com\/wp-content\/uploads\/2024\/12\/DREHMEISTER-adaptador-de-boquilla-de-suministro-Bayoneta-M10M12M14-png.webp",1000,1000,false],"dgwt-wcas-product-suggestion":["https:\/\/recambiosecogas.com\/wp-content\/uploads\/2024\/12\/DREHMEISTER-adaptador-de-boquilla-de-suministro-Bayoneta-M10M12M14-png-64x64.webp",64,64,true]},"uagb_author_info":{"display_name":"Fran - Soporte T\u00e9cnico","author_link":"https:\/\/recambiosecogas.com\/it\/author\/"},"uagb_comment_info":0,"uagb_excerpt":"Adattatore a baionetta DREHMEISTER M10 \/ M12 \/ M14 \u2013 Alta compatibilit\u00e0 e precisione L&#8217;adattatore a baionetta DREHMEISTER con filettatura interna M10, M12 o M14 \u00e8 progettato appositamente per il rifornimento di veicoli a gas automatico in paesi come Gran Bretagna, Paesi Bassi, Norvegia e Spagna, dove lo standard a baionetta viene utilizzato nelle stazioni&hellip;","_links":{"self":[{"href":"https:\/\/recambiosecogas.com\/it\/wp-json\/wp\/v2\/product\/46621","targetHints":{"allow":["GET"]}}],"collection":[{"href":"https:\/\/recambiosecogas.com\/it\/wp-json\/wp\/v2\/product"}],"about":[{"href":"https:\/\/recambiosecogas.com\/it\/wp-json\/wp\/v2\/types\/product"}],"replies":[{"embeddable":true,"href":"https:\/\/recambiosecogas.com\/it\/wp-json\/wp\/v2\/comments?post=46621"}],"wp:featuredmedia":[{"embeddable":true,"href":"https:\/\/recambiosecogas.com\/it\/wp-json\/wp\/v2\/media\/9434"}],"wp:attachment":[{"href":"https:\/\/recambiosecogas.com\/it\/wp-json\/wp\/v2\/media?parent=46621"}],"wp:term":[{"taxonomy":"product_brand","embeddable":true,"href":"https:\/\/recambiosecogas.com\/it\/wp-json\/wp\/v2\/product_brand?post=46621"},{"taxonomy":"product_cat","embeddable":true,"href":"https:\/\/recambiosecogas.com\/it\/wp-json\/wp\/v2\/product_cat?post=46621"},{"taxonomy":"product_tag","embeddable":true,"href":"https:\/\/recambiosecogas.com\/it\/wp-json\/wp\/v2\/product_tag?post=46621"}],"curies":[{"name":"wp","href":"https:\/\/api.w.org\/{rel}","templated":true}]}}