{"id":46614,"date":"2024-12-05T16:08:06","date_gmt":"2024-12-05T15:08:06","guid":{"rendered":"https:\/\/recambiosecogas.com\/producto\/drehmeister-dish-adaptador-de-boquilla-de-suministro-m10-m12-m14-2\/"},"modified":"2026-04-08T10:21:30","modified_gmt":"2026-04-08T09:21:30","slug":"drehmeister-dish-adaptador-de-boquilla-de-suministro-m10-m12-m14-2","status":"publish","type":"product","link":"https:\/\/recambiosecogas.com\/it\/producto\/drehmeister-dish-adaptador-de-boquilla-de-suministro-m10-m12-m14-2\/","title":{"rendered":"Adattatore GPL DISH M10\/M12\/M14 | DREHMEISTER"},"content":{"rendered":"<h3 style=\"text-align: center;\">Adattatore GPL DISH M10\/M12\/M14 | DREHMEISTER<\/h3>\n<p class=\"\" data-start=\"374\" data-end=\"723\">Adattatore GPL DISH M10\/M12\/M14 | DREHMEISTER consente il rifornimento di veicoli a GPL nei paesi dove il <strong data-start=\"503\" data-end=\"519\">sistema DISH<\/strong> \u00e8 lo standard nelle stazioni di servizio. Il suo design \u00e8 progettato per <strong data-start=\"590\" data-end=\"627\">sistemi di rifornimento mini nascosti<\/strong>, come quelli di <strong data-start=\"641\" data-end=\"669\">Tomasetto, OMB o Rotarex<\/strong>, situati dietro il tappo del serbatoio. <span style=\"color: #ffffff;\">\u00a9Ricambi EcoGas<\/span> <\/p>\n<p class=\"\" data-start=\"725\" data-end=\"1069\">Supporta pi\u00f9 di 20 paesi europei come <strong data-start=\"774\" data-end=\"848\">Austria, Francia, Italia, Grecia, Svizzera, Polonia, Turchia e molti altri<\/strong>, rendendo facile il rifornimento sicuro durante i viaggi internazionali. Questo adattatore garantisce <strong data-start=\"937\" data-end=\"994\">una calzata precisa, una tenuta totale e la massima sicurezza<\/strong>, grazie alla sua produzione in <strong data-start=\"1024\" data-end=\"1068\">ottone e acciaio inossidabile di alta qualit\u00e0<\/strong>. <span style=\"color: #ffffff;\">\u00a9Ricambi EcoGas<\/span> <\/p>\n<p class=\"\" data-start=\"1071\" data-end=\"1283\">Ha una <strong data-start=\"1086\" data-end=\"1121\">filettatura interna ad alta precisione<\/strong>, che consente un collegamento saldo alla valvola del serbatoio. Si consiglia estrema cautela durante l&#8217;installazione per non forzare o danneggiare la filettatura del serbatoio. <span style=\"color: #ffffff;\">\u00a9Ricambi EcoGas<\/span><\/p>\n<hr class=\"\" data-start=\"1285\" data-end=\"1288\">\n<h3 class=\"\" data-start=\"1290\" data-end=\"1355\"><strong data-start=\"1294\" data-end=\"1355\">Caratteristiche tecniche \u2013 Adattatore di ricarica DISH M10 \/ M12 \/ M14<span style=\"color: #ffffff;\">\u00a9EcoGas<\/span><\/strong><\/h3>\n<div class=\"overflow-x-auto contain-inline-size\">\n<table data-start=\"1357\" data-end=\"2377\">\n<thead data-start=\"1357\" data-end=\"1459\">\n<tr data-start=\"1357\" data-end=\"1459\">\n<th data-start=\"1357\" data-end=\"1386\">Specifiche<\/th>\n<th data-start=\"1386\" data-end=\"1459\">Dettagli<\/th>\n<\/tr>\n<\/thead>\n<tbody data-start=\"1562\" data-end=\"2377\">\n<tr data-start=\"1562\" data-end=\"1663\">\nTipo <\/p>\n<td><strong data-start=\"1564\" data-end=\"1584\">di prodotto<\/strong><\/td>\n<td>Adattatore di rifornimento GPL \u2013 Tipo DISH<\/td>\n<\/tr>\n<tr data-start=\"1664\" data-end=\"1765\">\n<td><strong data-start=\"1666\" data-end=\"1689\">Sistema di Connessione<\/strong><\/td>\n<td>DISH<\/td>\n<\/tr>\n<tr data-start=\"1766\" data-end=\"1867\">\n<td><strong data-start=\"1768\" data-end=\"1790\">Filettature<\/strong><\/td>\n<p> disponibili<\/p>\n<td>M10 \/ M12 \/ M14 (filettatura interna)<\/td>\n<\/tr>\n<tr data-start=\"1868\" data-end=\"1969\">\n<td><strong data-start=\"1870\" data-end=\"1882\">Materiale<\/strong><\/td>\n<td>Ottone + Acciaio inossidabile<\/td>\n<\/tr>\n<tr data-start=\"1970\" data-end=\"2071\">\n<td><strong data-start=\"1972\" data-end=\"1986\">Applicazione<\/strong><\/td>\n<td>Rifornimento di veicoli a GPL\/autogas<\/td>\n<\/tr>\n<tr data-start=\"2072\" data-end=\"2173\">\n<td><strong data-start=\"2074\" data-end=\"2092\">Compatibilit\u00e0<\/strong><\/td>\n<td>Tomasetto, OMB, Rotarex (mini sistemi di rifornimento)<\/td>\n<\/tr>\n<tr data-start=\"2174\" data-end=\"2275\">\n<td><strong data-start=\"2176\" data-end=\"2192\">Aree di utilizzo<\/strong><\/td>\n<td>Austria, Francia, Italia, Grecia, Polonia, Svizzera, ecc. (sistema DISH)<\/td>\n<\/tr>\n<tr data-start=\"2276\" data-end=\"2377\">\n<td><strong data-start=\"2278\" data-end=\"2292\">Produttore<\/strong><\/td>\n<td>DREHMEISTER<\/td>\n<\/tr>\n<\/tbody>\n<\/table>\n<\/div>\n<blockquote data-start=\"2379\" data-end=\"2486\">\n<p class=\"\" data-start=\"2381\" data-end=\"2486\">Attenzione: evitare di avvitare ad angolo o con pressione eccessiva per non danneggiare la valvola del serbatoio di GPL.<\/p>\n<\/blockquote>\n<p class=\"\" data-start=\"2488\" data-end=\"2504\">\u00a9Ricambi EcoGas<\/p>\n<p><a href=\"https:\/\/recambiosecogas.com\/it\/categoria-producto\/filtros\/\">ACQUISTA PI\u00d9 PRODOTTI ONLINE NEL NOSTRO NEGOZIO<\/a><\/p>\n<p><a href=\"http:\/\/www.segimonautomocio.com\/\">CONVERTITE IN LPG NEL NOSTRO OFFICINO UFFICIALE DI INSTALLAZIONE, MAGGIORI INFORMAZIONI SUL SITO WEB DEL NOSTRO WORKSHOP<\/a><\/p>\n<p>L&#8217;adattatore GPL DISH M10\/M12\/M14 \u00e8 una soluzione indispensabile per chi viaggia in Europa e necessita di rifornirsi presso stazioni che utilizzano il sistema DASH. Questo adattatore non solo facilita il rifornimento in pi\u00f9 di 20 paesi, ma garantisce anche una connessione sicura ed efficiente nei sistemi di rifornimento come quelli di Tomasetto e OMB. Con la sua costruzione in ottone e acciaio inossidabile, garantisce durabilit\u00e0 e resistenza, rendendo ogni rifornimento un&#8217;esperienza senza complicazioni.  <\/p>\n","protected":false},"excerpt":{"rendered":"<p>Adattatore GPL DISH M10\/M12\/M14 | DREHMEISTER Adattatore GPL DISH M10\/M12\/M14 | DREHMEISTER consente il rifornimento di veicoli a GPL nei paesi dove il sistema DISH \u00e8 lo standard nelle stazioni di servizio. Il suo design \u00e8 progettato per sistemi di rifornimento mini nascosti, come quelli di Tomasetto, OMB o Rotarex, situati dietro il tappo del [&hellip;]<\/p>\n","protected":false},"featured_media":9438,"comment_status":"open","ping_status":"closed","template":"","meta":{"_uag_custom_page_level_css":""},"product_brand":[],"product_cat":[2188,2189,2347,2348,2162],"product_tag":[2319,2320,2321,2328,2323,2324,2325,2326,2330,2331,2332,2334,2333,2322,2336,2338,2339,2340,2327,2329,2335,2337,2341,2351],"class_list":{"0":"post-46614","1":"product","2":"type-product","3":"status-publish","4":"has-post-thumbnail","6":"product_cat-adaptador-glp","7":"product_cat-adaptadores-glp","8":"product_cat-adattatori-per-paese","9":"product_cat-drehmeister","10":"product_cat-repostar","11":"product_tag-adattatore-gpl-austria","12":"product_tag-adattatore-gpl-bosnia","13":"product_tag-adattatore-gpl-bulgaro","14":"product_tag-adattatore-gpl-croazia","15":"product_tag-adattatore-gpl-danimarca","16":"product_tag-adattatore-gpl-estonia","17":"product_tag-adattatore-gpl-francia","18":"product_tag-adattatore-gpl-grecia","19":"product_tag-adattatore-gpl-lettonia","20":"product_tag-adattatore-gpl-lituania","21":"product_tag-adattatore-gpl-macedonia","22":"product_tag-adattatore-gpl-polonia","23":"product_tag-adattatore-gpl-portogallo","24":"product_tag-adattatore-gpl-repubblica-ceca","25":"product_tag-adattatore-gpl-russia","26":"product_tag-adattatore-gpl-slovacchia","27":"product_tag-adattatore-gpl-slovenia","28":"product_tag-adattatore-gpl-turchia","29":"product_tag-adattatore-gpl-ungheria","30":"product_tag-adattatore-lpg-italia","31":"product_tag-adattatore-lpg-romania","32":"product_tag-adattatore-lpg-svezia","33":"product_tag-adattatore-per-gpl-ucraina","34":"product_tag-svizzera","36":"first","37":"instock","38":"taxable","39":"shipping-taxable","40":"purchasable","41":"product-type-variable"},"ct_brands":[],"yoast_head":"<!-- This site is optimized with the Yoast SEO Premium plugin v27.5 (Yoast SEO v27.6) - https:\/\/yoast.com\/product\/yoast-seo-premium-wordpress\/ -->\n<title>Adattatore GPL DISH M10\/M12\/M14 | Pezzi di ricambio Ecogas<\/title>\n<meta name=\"description\" content=\"Adattatore GPL DISH M10\/M12\/M14 per veicoli di rifornimento in Europa. Realizzato in ottone e acciaio inossidabile, garantisce sicurezza e precisione.\" \/>\n<meta name=\"robots\" content=\"index, follow, max-snippet:-1, max-image-preview:large, max-video-preview:-1\" \/>\n<link rel=\"canonical\" href=\"https:\/\/recambiosecogas.com\/it\/producto\/drehmeister-dish-adaptador-de-boquilla-de-suministro-m10-m12-m14-2\/\" \/>\n<meta property=\"og:locale\" content=\"it_IT\" \/>\n<meta property=\"og:type\" content=\"article\" \/>\n<meta property=\"og:title\" content=\"Adattatore GPL DISH M10\/M12\/M14 | DREHMEISTER\" \/>\n<meta property=\"og:description\" content=\"Adattatore GPL DISH M10\/M12\/M14 per veicoli di rifornimento in Europa. Realizzato in ottone e acciaio inossidabile, garantisce sicurezza e precisione.\" \/>\n<meta property=\"og:url\" content=\"https:\/\/recambiosecogas.com\/it\/producto\/drehmeister-dish-adaptador-de-boquilla-de-suministro-m10-m12-m14-2\/\" \/>\n<meta property=\"og:site_name\" content=\"Recambios EcoGas\" \/>\n<meta property=\"article:publisher\" content=\"https:\/\/www.facebook.com\/profile.php?id=100062419705358\" \/>\n<meta property=\"article:modified_time\" content=\"2026-04-08T09:21:30+00:00\" \/>\n<meta property=\"og:image\" content=\"https:\/\/recambiosecogas.com\/wp-content\/uploads\/2024\/12\/DREHMEISTER-DISH-adaptador-de-boquilla-de-suministro-M10M12M14-2-png.webp\" \/>\n\t<meta property=\"og:image:width\" content=\"1000\" \/>\n\t<meta property=\"og:image:height\" content=\"1000\" \/>\n\t<meta property=\"og:image:type\" content=\"image\/png\" \/>\n<meta name=\"twitter:card\" content=\"summary_large_image\" \/>\n<meta name=\"twitter:label1\" content=\"Disponibilit\u00e0\" \/>\n\t<meta name=\"twitter:data1\" content=\"In stock\" \/>\n<script type=\"application\/ld+json\" class=\"yoast-schema-graph\">{\"@context\":\"https:\\\/\\\/schema.org\",\"@graph\":[{\"@type\":\"WebPage\",\"@id\":\"https:\\\/\\\/recambiosecogas.com\\\/it\\\/producto\\\/drehmeister-dish-adaptador-de-boquilla-de-suministro-m10-m12-m14-2\\\/\",\"url\":\"https:\\\/\\\/recambiosecogas.com\\\/it\\\/producto\\\/drehmeister-dish-adaptador-de-boquilla-de-suministro-m10-m12-m14-2\\\/\",\"name\":\"Adattatore GPL DISH M10\\\/M12\\\/M14 | Pezzi di ricambio Ecogas\",\"isPartOf\":{\"@id\":\"https:\\\/\\\/recambiosecogas.com\\\/it\\\/#website\"},\"primaryImageOfPage\":{\"@id\":\"https:\\\/\\\/recambiosecogas.com\\\/it\\\/producto\\\/drehmeister-dish-adaptador-de-boquilla-de-suministro-m10-m12-m14-2\\\/#primaryimage\"},\"image\":{\"@id\":\"https:\\\/\\\/recambiosecogas.com\\\/it\\\/producto\\\/drehmeister-dish-adaptador-de-boquilla-de-suministro-m10-m12-m14-2\\\/#primaryimage\"},\"thumbnailUrl\":\"https:\\\/\\\/recambiosecogas.com\\\/wp-content\\\/uploads\\\/2024\\\/12\\\/DREHMEISTER-DISH-adaptador-de-boquilla-de-suministro-M10M12M14-2-png.webp\",\"datePublished\":\"2024-12-05T15:08:06+00:00\",\"dateModified\":\"2026-04-08T09:21:30+00:00\",\"description\":\"Adattatore GPL DISH M10\\\/M12\\\/M14 per veicoli di rifornimento in Europa. Realizzato in ottone e acciaio inossidabile, garantisce sicurezza e precisione.\",\"breadcrumb\":{\"@id\":\"https:\\\/\\\/recambiosecogas.com\\\/it\\\/producto\\\/drehmeister-dish-adaptador-de-boquilla-de-suministro-m10-m12-m14-2\\\/#breadcrumb\"},\"inLanguage\":\"it-IT\",\"potentialAction\":[{\"@type\":\"ReadAction\",\"target\":[\"https:\\\/\\\/recambiosecogas.com\\\/it\\\/producto\\\/drehmeister-dish-adaptador-de-boquilla-de-suministro-m10-m12-m14-2\\\/\"]}]},{\"@type\":\"ImageObject\",\"inLanguage\":\"it-IT\",\"@id\":\"https:\\\/\\\/recambiosecogas.com\\\/it\\\/producto\\\/drehmeister-dish-adaptador-de-boquilla-de-suministro-m10-m12-m14-2\\\/#primaryimage\",\"url\":\"https:\\\/\\\/recambiosecogas.com\\\/wp-content\\\/uploads\\\/2024\\\/12\\\/DREHMEISTER-DISH-adaptador-de-boquilla-de-suministro-M10M12M14-2-png.webp\",\"contentUrl\":\"https:\\\/\\\/recambiosecogas.com\\\/wp-content\\\/uploads\\\/2024\\\/12\\\/DREHMEISTER-DISH-adaptador-de-boquilla-de-suministro-M10M12M14-2-png.webp\",\"width\":1000,\"height\":1000},{\"@type\":\"BreadcrumbList\",\"@id\":\"https:\\\/\\\/recambiosecogas.com\\\/it\\\/producto\\\/drehmeister-dish-adaptador-de-boquilla-de-suministro-m10-m12-m14-2\\\/#breadcrumb\",\"itemListElement\":[{\"@type\":\"ListItem\",\"position\":1,\"name\":\"Portada\",\"item\":\"https:\\\/\\\/recambiosecogas.com\\\/it\\\/\"},{\"@type\":\"ListItem\",\"position\":2,\"name\":\"Negozio\",\"item\":\"https:\\\/\\\/recambiosecogas.com\\\/it\\\/?page_id=46382\"},{\"@type\":\"ListItem\",\"position\":3,\"name\":\"Adattatore GPL DISH M10\\\/M12\\\/M14 | DREHMEISTER\"}]},{\"@type\":\"WebSite\",\"@id\":\"https:\\\/\\\/recambiosecogas.com\\\/it\\\/#website\",\"url\":\"https:\\\/\\\/recambiosecogas.com\\\/it\\\/\",\"name\":\"Recambios EcoGas\",\"description\":\"Recambios Multimarca para sistemas de GLP\\\/GNC\\\/GNL\\\/Hidr\u00f3geno\",\"publisher\":{\"@id\":\"https:\\\/\\\/recambiosecogas.com\\\/it\\\/#organization\"},\"alternateName\":\"Recambios Autogas GLP\",\"potentialAction\":[{\"@type\":\"SearchAction\",\"target\":{\"@type\":\"EntryPoint\",\"urlTemplate\":\"https:\\\/\\\/recambiosecogas.com\\\/it\\\/?s={search_term_string}\"},\"query-input\":{\"@type\":\"PropertyValueSpecification\",\"valueRequired\":true,\"valueName\":\"search_term_string\"}}],\"inLanguage\":\"it-IT\"},{\"@type\":[\"Organization\",\"Place\"],\"@id\":\"https:\\\/\\\/recambiosecogas.com\\\/it\\\/#organization\",\"name\":\"Recambios EcoGas\",\"alternateName\":\"Tienda Online GLP Espa\u00f1a\",\"url\":\"https:\\\/\\\/recambiosecogas.com\\\/it\\\/\",\"logo\":{\"@id\":\"https:\\\/\\\/recambiosecogas.com\\\/it\\\/producto\\\/drehmeister-dish-adaptador-de-boquilla-de-suministro-m10-m12-m14-2\\\/#local-main-organization-logo\"},\"image\":{\"@id\":\"https:\\\/\\\/recambiosecogas.com\\\/it\\\/producto\\\/drehmeister-dish-adaptador-de-boquilla-de-suministro-m10-m12-m14-2\\\/#local-main-organization-logo\"},\"sameAs\":[\"https:\\\/\\\/www.facebook.com\\\/profile.php?id=100062419705358\",\"https:\\\/\\\/www.instagram.com\\\/segimon_automocio\"],\"description\":\"Recambios EcoGas \u2013 Venta y distribuci\u00f3n de sistemas GLP y GNC en Espa\u00f1a y Portugal. Env\u00edos 24 h, soporte t\u00e9cnico a talleres y distribuidores.\",\"hasMerchantReturnPolicy\":{\"@type\":\"MerchantReturnPolicy\",\"merchantReturnLink\":\"https:\\\/\\\/recambiosecogas.com\\\/politicas-privacidad\\\/\"},\"address\":{\"@id\":\"https:\\\/\\\/recambiosecogas.com\\\/it\\\/producto\\\/drehmeister-dish-adaptador-de-boquilla-de-suministro-m10-m12-m14-2\\\/#local-main-place-address\"},\"telephone\":[\"616250633\"],\"contactPoint\":{\"@type\":\"ContactPoint\",\"email\":\"export@recambiosecogas.com\"},\"openingHoursSpecification\":[{\"@type\":\"OpeningHoursSpecification\",\"dayOfWeek\":[\"Monday\",\"Tuesday\",\"Wednesday\",\"Thursday\",\"Friday\",\"Saturday\",\"Sunday\"],\"opens\":\"09:00\",\"closes\":\"17:00\"}],\"email\":\"info@recambiosecogas.com\",\"faxNumber\":\"SEGIMON AUTOMOCION SL\",\"vatID\":\"ESB19819861\",\"globalLocationNumber\":\"938 616 339\"},{\"@type\":\"PostalAddress\",\"@id\":\"https:\\\/\\\/recambiosecogas.com\\\/it\\\/producto\\\/drehmeister-dish-adaptador-de-boquilla-de-suministro-m10-m12-m14-2\\\/#local-main-place-address\",\"streetAddress\":\"cami antic de vic, 29 (Nave 3), Pol\u00edgono Industrial Congost\",\"addressLocality\":\"CORRO D`AVALL\",\"postalCode\":\"08520\",\"addressRegion\":\"Barcelona\",\"addressCountry\":\"ES\"},{\"@type\":\"ImageObject\",\"inLanguage\":\"it-IT\",\"@id\":\"https:\\\/\\\/recambiosecogas.com\\\/it\\\/producto\\\/drehmeister-dish-adaptador-de-boquilla-de-suministro-m10-m12-m14-2\\\/#local-main-organization-logo\",\"url\":\"https:\\\/\\\/recambiosecogas.com\\\/wp-content\\\/uploads\\\/2024\\\/11\\\/cropped-RECAMBIOS-GLP-png.webp\",\"contentUrl\":\"https:\\\/\\\/recambiosecogas.com\\\/wp-content\\\/uploads\\\/2024\\\/11\\\/cropped-RECAMBIOS-GLP-png.webp\",\"width\":512,\"height\":512,\"caption\":\"Recambios EcoGas\"}]}<\/script>\n<meta property=\"og:availability\" content=\"instock\" \/>\n<meta property=\"product:availability\" content=\"instock\" \/>\n<meta property=\"product:retailer_item_id\" content=\"111525\" \/>\n<meta property=\"product:condition\" content=\"new\" \/>\n<meta name=\"geo.placename\" content=\"CORRO D`AVALL\" \/>\n<meta name=\"geo.region\" content=\"Spagna\" \/>\n<!-- \/ Yoast SEO Premium plugin. -->","yoast_head_json":{"title":"Adattatore GPL DISH M10\/M12\/M14 | Pezzi di ricambio Ecogas","description":"Adattatore GPL DISH M10\/M12\/M14 per veicoli di rifornimento in Europa. Realizzato in ottone e acciaio inossidabile, garantisce sicurezza e precisione.","robots":{"index":"index","follow":"follow","max-snippet":"max-snippet:-1","max-image-preview":"max-image-preview:large","max-video-preview":"max-video-preview:-1"},"canonical":"https:\/\/recambiosecogas.com\/it\/producto\/drehmeister-dish-adaptador-de-boquilla-de-suministro-m10-m12-m14-2\/","og_locale":"it_IT","og_type":"article","og_title":"Adattatore GPL DISH M10\/M12\/M14 | DREHMEISTER","og_description":"Adattatore GPL DISH M10\/M12\/M14 per veicoli di rifornimento in Europa. Realizzato in ottone e acciaio inossidabile, garantisce sicurezza e precisione.","og_url":"https:\/\/recambiosecogas.com\/it\/producto\/drehmeister-dish-adaptador-de-boquilla-de-suministro-m10-m12-m14-2\/","og_site_name":"Recambios EcoGas","article_publisher":"https:\/\/www.facebook.com\/profile.php?id=100062419705358","article_modified_time":"2026-04-08T09:21:30+00:00","og_image":[{"width":1000,"height":1000,"url":"https:\/\/recambiosecogas.com\/wp-content\/uploads\/2024\/12\/DREHMEISTER-DISH-adaptador-de-boquilla-de-suministro-M10M12M14-2-png.webp","type":"image\/png"}],"twitter_card":"summary_large_image","twitter_misc":{"Disponibilit\u00e0":"In stock"},"schema":{"@context":"https:\/\/schema.org","@graph":[{"@type":"WebPage","@id":"https:\/\/recambiosecogas.com\/it\/producto\/drehmeister-dish-adaptador-de-boquilla-de-suministro-m10-m12-m14-2\/","url":"https:\/\/recambiosecogas.com\/it\/producto\/drehmeister-dish-adaptador-de-boquilla-de-suministro-m10-m12-m14-2\/","name":"Adattatore GPL DISH M10\/M12\/M14 | Pezzi di ricambio Ecogas","isPartOf":{"@id":"https:\/\/recambiosecogas.com\/it\/#website"},"primaryImageOfPage":{"@id":"https:\/\/recambiosecogas.com\/it\/producto\/drehmeister-dish-adaptador-de-boquilla-de-suministro-m10-m12-m14-2\/#primaryimage"},"image":{"@id":"https:\/\/recambiosecogas.com\/it\/producto\/drehmeister-dish-adaptador-de-boquilla-de-suministro-m10-m12-m14-2\/#primaryimage"},"thumbnailUrl":"https:\/\/recambiosecogas.com\/wp-content\/uploads\/2024\/12\/DREHMEISTER-DISH-adaptador-de-boquilla-de-suministro-M10M12M14-2-png.webp","datePublished":"2024-12-05T15:08:06+00:00","dateModified":"2026-04-08T09:21:30+00:00","description":"Adattatore GPL DISH M10\/M12\/M14 per veicoli di rifornimento in Europa. Realizzato in ottone e acciaio inossidabile, garantisce sicurezza e precisione.","breadcrumb":{"@id":"https:\/\/recambiosecogas.com\/it\/producto\/drehmeister-dish-adaptador-de-boquilla-de-suministro-m10-m12-m14-2\/#breadcrumb"},"inLanguage":"it-IT","potentialAction":[{"@type":"ReadAction","target":["https:\/\/recambiosecogas.com\/it\/producto\/drehmeister-dish-adaptador-de-boquilla-de-suministro-m10-m12-m14-2\/"]}]},{"@type":"ImageObject","inLanguage":"it-IT","@id":"https:\/\/recambiosecogas.com\/it\/producto\/drehmeister-dish-adaptador-de-boquilla-de-suministro-m10-m12-m14-2\/#primaryimage","url":"https:\/\/recambiosecogas.com\/wp-content\/uploads\/2024\/12\/DREHMEISTER-DISH-adaptador-de-boquilla-de-suministro-M10M12M14-2-png.webp","contentUrl":"https:\/\/recambiosecogas.com\/wp-content\/uploads\/2024\/12\/DREHMEISTER-DISH-adaptador-de-boquilla-de-suministro-M10M12M14-2-png.webp","width":1000,"height":1000},{"@type":"BreadcrumbList","@id":"https:\/\/recambiosecogas.com\/it\/producto\/drehmeister-dish-adaptador-de-boquilla-de-suministro-m10-m12-m14-2\/#breadcrumb","itemListElement":[{"@type":"ListItem","position":1,"name":"Portada","item":"https:\/\/recambiosecogas.com\/it\/"},{"@type":"ListItem","position":2,"name":"Negozio","item":"https:\/\/recambiosecogas.com\/it\/?page_id=46382"},{"@type":"ListItem","position":3,"name":"Adattatore GPL DISH M10\/M12\/M14 | DREHMEISTER"}]},{"@type":"WebSite","@id":"https:\/\/recambiosecogas.com\/it\/#website","url":"https:\/\/recambiosecogas.com\/it\/","name":"Recambios EcoGas","description":"Recambios Multimarca para sistemas de GLP\/GNC\/GNL\/Hidr\u00f3geno","publisher":{"@id":"https:\/\/recambiosecogas.com\/it\/#organization"},"alternateName":"Recambios Autogas GLP","potentialAction":[{"@type":"SearchAction","target":{"@type":"EntryPoint","urlTemplate":"https:\/\/recambiosecogas.com\/it\/?s={search_term_string}"},"query-input":{"@type":"PropertyValueSpecification","valueRequired":true,"valueName":"search_term_string"}}],"inLanguage":"it-IT"},{"@type":["Organization","Place"],"@id":"https:\/\/recambiosecogas.com\/it\/#organization","name":"Recambios EcoGas","alternateName":"Tienda Online GLP Espa\u00f1a","url":"https:\/\/recambiosecogas.com\/it\/","logo":{"@id":"https:\/\/recambiosecogas.com\/it\/producto\/drehmeister-dish-adaptador-de-boquilla-de-suministro-m10-m12-m14-2\/#local-main-organization-logo"},"image":{"@id":"https:\/\/recambiosecogas.com\/it\/producto\/drehmeister-dish-adaptador-de-boquilla-de-suministro-m10-m12-m14-2\/#local-main-organization-logo"},"sameAs":["https:\/\/www.facebook.com\/profile.php?id=100062419705358","https:\/\/www.instagram.com\/segimon_automocio"],"description":"Recambios EcoGas \u2013 Venta y distribuci\u00f3n de sistemas GLP y GNC en Espa\u00f1a y Portugal. Env\u00edos 24 h, soporte t\u00e9cnico a talleres y distribuidores.","hasMerchantReturnPolicy":{"@type":"MerchantReturnPolicy","merchantReturnLink":"https:\/\/recambiosecogas.com\/politicas-privacidad\/"},"address":{"@id":"https:\/\/recambiosecogas.com\/it\/producto\/drehmeister-dish-adaptador-de-boquilla-de-suministro-m10-m12-m14-2\/#local-main-place-address"},"telephone":["616250633"],"contactPoint":{"@type":"ContactPoint","email":"export@recambiosecogas.com"},"openingHoursSpecification":[{"@type":"OpeningHoursSpecification","dayOfWeek":["Monday","Tuesday","Wednesday","Thursday","Friday","Saturday","Sunday"],"opens":"09:00","closes":"17:00"}],"email":"info@recambiosecogas.com","faxNumber":"SEGIMON AUTOMOCION SL","vatID":"ESB19819861","globalLocationNumber":"938 616 339"},{"@type":"PostalAddress","@id":"https:\/\/recambiosecogas.com\/it\/producto\/drehmeister-dish-adaptador-de-boquilla-de-suministro-m10-m12-m14-2\/#local-main-place-address","streetAddress":"cami antic de vic, 29 (Nave 3), Pol\u00edgono Industrial Congost","addressLocality":"CORRO D`AVALL","postalCode":"08520","addressRegion":"Barcelona","addressCountry":"ES"},{"@type":"ImageObject","inLanguage":"it-IT","@id":"https:\/\/recambiosecogas.com\/it\/producto\/drehmeister-dish-adaptador-de-boquilla-de-suministro-m10-m12-m14-2\/#local-main-organization-logo","url":"https:\/\/recambiosecogas.com\/wp-content\/uploads\/2024\/11\/cropped-RECAMBIOS-GLP-png.webp","contentUrl":"https:\/\/recambiosecogas.com\/wp-content\/uploads\/2024\/11\/cropped-RECAMBIOS-GLP-png.webp","width":512,"height":512,"caption":"Recambios EcoGas"}]},"og_availability":"instock","product_availability":"instock","product_retailer_item_id":"111525","product_condition":"new","geo.placename":"CORRO D`AVALL","geo.region":"Spagna"},"uagb_featured_image_src":{"full":["https:\/\/recambiosecogas.com\/wp-content\/uploads\/2024\/12\/DREHMEISTER-DISH-adaptador-de-boquilla-de-suministro-M10M12M14-2-png.webp",1000,1000,false],"thumbnail":["https:\/\/recambiosecogas.com\/wp-content\/uploads\/2024\/12\/DREHMEISTER-DISH-adaptador-de-boquilla-de-suministro-M10M12M14-2-150x150.webp",150,150,true],"medium":["https:\/\/recambiosecogas.com\/wp-content\/uploads\/2024\/12\/DREHMEISTER-DISH-adaptador-de-boquilla-de-suministro-M10M12M14-2-300x300.webp",300,300,true],"medium_large":["https:\/\/recambiosecogas.com\/wp-content\/uploads\/2024\/12\/DREHMEISTER-DISH-adaptador-de-boquilla-de-suministro-M10M12M14-2-768x768.webp",768,768,true],"large":["https:\/\/recambiosecogas.com\/wp-content\/uploads\/2024\/12\/DREHMEISTER-DISH-adaptador-de-boquilla-de-suministro-M10M12M14-2-png.webp",1000,1000,false],"1536x1536":["https:\/\/recambiosecogas.com\/wp-content\/uploads\/2024\/12\/DREHMEISTER-DISH-adaptador-de-boquilla-de-suministro-M10M12M14-2-png.webp",1000,1000,false],"2048x2048":["https:\/\/recambiosecogas.com\/wp-content\/uploads\/2024\/12\/DREHMEISTER-DISH-adaptador-de-boquilla-de-suministro-M10M12M14-2-png.webp",1000,1000,false],"woocommerce_archive_thumbnail":["https:\/\/recambiosecogas.com\/wp-content\/uploads\/2024\/12\/DREHMEISTER-DISH-adaptador-de-boquilla-de-suministro-M10M12M14-2-png.webp",1000,1000,false],"woocommerce_thumbnail":["https:\/\/recambiosecogas.com\/wp-content\/uploads\/2024\/12\/DREHMEISTER-DISH-adaptador-de-boquilla-de-suministro-M10M12M14-2-png-300x300.webp",300,300,true],"woocommerce_single":["https:\/\/recambiosecogas.com\/wp-content\/uploads\/2024\/12\/DREHMEISTER-DISH-adaptador-de-boquilla-de-suministro-M10M12M14-2-png.webp",1000,1000,false],"woocommerce_gallery_thumbnail":["https:\/\/recambiosecogas.com\/wp-content\/uploads\/2024\/12\/DREHMEISTER-DISH-adaptador-de-boquilla-de-suministro-M10M12M14-2-png.webp",1000,1000,false],"dgwt-wcas-product-suggestion":["https:\/\/recambiosecogas.com\/wp-content\/uploads\/2024\/12\/DREHMEISTER-DISH-adaptador-de-boquilla-de-suministro-M10M12M14-2-png-64x64.webp",64,64,true]},"uagb_author_info":{"display_name":"Fran - Soporte T\u00e9cnico","author_link":"https:\/\/recambiosecogas.com\/it\/author\/"},"uagb_comment_info":0,"uagb_excerpt":"Adattatore GPL DISH M10\/M12\/M14 | DREHMEISTER Adattatore GPL DISH M10\/M12\/M14 | DREHMEISTER consente il rifornimento di veicoli a GPL nei paesi dove il sistema DISH \u00e8 lo standard nelle stazioni di servizio. Il suo design \u00e8 progettato per sistemi di rifornimento mini nascosti, come quelli di Tomasetto, OMB o Rotarex, situati dietro il tappo del&hellip;","_links":{"self":[{"href":"https:\/\/recambiosecogas.com\/it\/wp-json\/wp\/v2\/product\/46614","targetHints":{"allow":["GET"]}}],"collection":[{"href":"https:\/\/recambiosecogas.com\/it\/wp-json\/wp\/v2\/product"}],"about":[{"href":"https:\/\/recambiosecogas.com\/it\/wp-json\/wp\/v2\/types\/product"}],"replies":[{"embeddable":true,"href":"https:\/\/recambiosecogas.com\/it\/wp-json\/wp\/v2\/comments?post=46614"}],"wp:featuredmedia":[{"embeddable":true,"href":"https:\/\/recambiosecogas.com\/it\/wp-json\/wp\/v2\/media\/9438"}],"wp:attachment":[{"href":"https:\/\/recambiosecogas.com\/it\/wp-json\/wp\/v2\/media?parent=46614"}],"wp:term":[{"taxonomy":"product_brand","embeddable":true,"href":"https:\/\/recambiosecogas.com\/it\/wp-json\/wp\/v2\/product_brand?post=46614"},{"taxonomy":"product_cat","embeddable":true,"href":"https:\/\/recambiosecogas.com\/it\/wp-json\/wp\/v2\/product_cat?post=46614"},{"taxonomy":"product_tag","embeddable":true,"href":"https:\/\/recambiosecogas.com\/it\/wp-json\/wp\/v2\/product_tag?post=46614"}],"curies":[{"name":"wp","href":"https:\/\/api.w.org\/{rel}","templated":true}]}}