{"id":46564,"date":"2024-12-04T18:44:00","date_gmt":"2024-12-04T17:44:00","guid":{"rendered":"https:\/\/recambiosecogas.com\/producto\/adaptador-de-boquilla-de-suministro-dish-a-acme\/"},"modified":"2026-04-08T10:21:03","modified_gmt":"2026-04-08T09:21:03","slug":"adaptador-de-boquilla-de-suministro-dish-a-acme","status":"publish","type":"product","link":"https:\/\/recambiosecogas.com\/it\/producto\/adaptador-de-boquilla-de-suministro-dish-a-acme\/","title":{"rendered":"Adattatore DISH a ACME LPG"},"content":{"rendered":"<h3 class=\"\" style=\"text-align: center;\" data-start=\"300\" data-end=\"405\"><strong data-start=\"304\" data-end=\"405\">Adattatore da DISH a ACME GPL \u2013 Collegamento universale per il rifornimento tra sistemi europei<\/strong><\/h3>\n<p class=\"\" data-start=\"407\" data-end=\"826\"><strong data-start=\"410\" data-end=\"454\">L&#8217;Adattatore per Ugello LPG da DISH ad ACME<\/strong> \u00e8 un componente essenziale per gli utenti di veicoli a gas liquefatto che viaggiano tra paesi con diversi sistemi di ricarica. Consente la conversione dell&#8217;uscita di un ugello <strong data-start=\"623\" data-end=\"631\">DISH<\/strong> (comune in Italia, Francia, Portogallo, Svizzera, ecc.) in un ingresso <strong data-start=\"701\" data-end=\"709\">di tipo ACME<\/strong> (standard in Germania, Belgio, Irlanda e Lussemburgo), <strong data-start=\"791\" data-end=\"825\">garantendo una connessione ermetica, sicura e approvata<\/strong>. <span style=\"color: #ffffff;\">\u00a9Ricambi EcoGas<\/span> <\/p>\n<p class=\"\" data-start=\"828\" data-end=\"1058\">Realizzato in <strong data-start=\"841\" data-end=\"857\">ottone massiccio<\/strong>, questo adattatore resiste ad alte pressioni e condizioni di uso intensive. Il suo design compatto e robusto consente una connessione rapida tra entrambi gli standard, senza la necessit\u00e0 di modificare il sistema del veicolo.   <span style=\"color: #ffffff;\">\u00a9Ricambi EcoGas<\/span><\/p>\n<p class=\"\" data-start=\"1060\" data-end=\"1322\">Compatibile con valvole di rifornimento <strong data-start=\"1097\" data-end=\"1132\">Tomasetto, OMB, Rotarex, Lovato<\/strong> e sistemi di mini-caricamento a GPL. Il suo utilizzo \u00e8 ideale in <strong data-start=\"1181\" data-end=\"1249\">camper, veicoli convertiti a GPL, flotte professionali<\/strong> o utenti frequenti del sistema internazionale di rifornimento autogas. <span style=\"color: #ffffff;\">\u00a9Ricambi EcoGas<\/span> <\/p>\n<hr class=\"\" data-start=\"1324\" data-end=\"1327\">\n<h4 data-start=\"1329\" data-end=\"1389\"><strong data-start=\"1333\" data-end=\"1389\">Caratteristiche tecniche \u2013 <span style=\"color: #ffffff;\">Ricambi EcoGas adattatore da DISH a ACME \u00a9<\/span><\/strong><\/h4>\n<div class=\"overflow-x-auto contain-inline-size\">\n<table data-start=\"1391\" data-end=\"2259\">\n<thead data-start=\"1391\" data-end=\"1488\">\n<tr data-start=\"1391\" data-end=\"1488\">\n<th data-start=\"1391\" data-end=\"1420\">Specifiche<\/th>\n<th data-start=\"1420\" data-end=\"1488\">Dettagli<\/th>\n<\/tr>\n<\/thead>\n<tbody data-start=\"1586\" data-end=\"2259\">\n<tr data-start=\"1586\" data-end=\"1681\">\n<p>Tipo <\/p>\n<td><strong data-start=\"1588\" data-end=\"1608\">di prodotto<\/strong><\/td>\n<td>Adattatore di rifornimento GPL \u2013 Conversione ugello<\/td>\n<\/tr>\n<tr data-start=\"1682\" data-end=\"1777\">\n<td><strong data-start=\"1684\" data-end=\"1698\">Conversione<\/strong><\/td>\n<td>Da DISH (ingresso) a <span style=\"color: #ffffff;\">pezzi di ricambio ACME (uscita) \u00a9EcoGas<\/span><\/td>\n<\/tr>\n<tr data-start=\"1778\" data-end=\"1873\">\n<td><strong data-start=\"1780\" data-end=\"1792\">Materiale<\/strong><\/td>\n<td><span style=\"color: #ffffff;\">Pezzi di ricambio EcoGas in ottone lavorato di alta qualit\u00e0 \u00a9<\/span><\/td>\n<\/tr>\n<tr data-start=\"1874\" data-end=\"1970\">\n<td><strong data-start=\"1876\" data-end=\"1892\">Approvazione<\/strong><\/td>\n<td>Pezzi di ricambio ECE 67R-01 <span style=\"color: #ffffff;\">\u00a9EcoGas<\/span><\/td>\n<\/tr>\n<tr data-start=\"1971\" data-end=\"2066\">\n<td><strong data-start=\"1973\" data-end=\"1995\">Filettature di connessione<\/strong><\/td>\n<td><span style=\"color: #ffffff;\">Ricariche ACME \u00a9<\/span>esterne interne DISH &#x2194; EcoGas<\/td>\n<\/tr>\n<tr data-start=\"2067\" data-end=\"2163\">\n<td><strong data-start=\"2069\" data-end=\"2087\">Compatibilit\u00e0<\/strong><\/td>\n<td>Tomasetto, OMB, Rotarex, Lovato, Universal LPG Mini Load<\/td>\n<\/tr>\n<tr data-start=\"2164\" data-end=\"2259\">\n<td><strong data-start=\"2166\" data-end=\"2180\">Applicazione<\/strong><\/td>\n<td>Rifornimento di GPL tra paesi europei con ugelli diversi<\/td>\n<\/tr>\n<\/tbody>\n<\/table>\n<\/div>\n<blockquote data-start=\"2261\" data-end=\"2416\">\n<p class=\"\" data-start=\"2263\" data-end=\"2416\">Permette un rifornimento senza complicazioni nei paesi con sistemi ACME da stazioni a ugello DISH. Accessorio essenziale per viaggiare in Europa.   <span style=\"color: #ffffff;\">\u00a9Ricambi EcoGas  <\/span><\/p>\n<\/blockquote>\n<p><a href=\"https:\/\/recambiosecogas.com\/it\/categoria-producto\/filtros\/\">ACQUISTA PI\u00d9 PRODOTTI ONLINE NEL NOSTRO NEGOZIO<\/a><\/p>\n<p><a href=\"http:\/\/www.segimonautomocio.com\/\">CONVERTITE IN LPG NEL NOSTRO OFFICINO UFFICIALE DI INSTALLAZIONE, MAGGIORI INFORMAZIONI SUL SITO WEB DEL NOSTRO WORKSHOP<\/a><\/p>\n<p>il sistema ACME. Inoltre, essendo compatibile con varie valvole di rifornimento, \u00e8 una soluzione versatile per camper e veicoli convertiti al GPL. Non solo semplifica il processo di rifornimento, ma garantisce anche che gli utenti possano godersi i viaggi senza preoccupazioni. Si consiglia di verificare il riferimento originale prima di effettuare l&#8217;acquisto.   <\/p>\n","protected":false},"excerpt":{"rendered":"<p>SONSTIGES<\/p>\n","protected":false},"featured_media":8495,"comment_status":"closed","ping_status":"closed","template":"","meta":{"_uag_custom_page_level_css":""},"product_brand":[],"product_cat":[2188,2189,2162,2354],"product_tag":[2316,2313,2318,2312,2315,2317,2314],"class_list":{"0":"post-46564","1":"product","2":"type-product","3":"status-publish","4":"has-post-thumbnail","6":"product_cat-adaptador-glp","7":"product_cat-adaptadores-glp","8":"product_cat-repostar","9":"product_cat-sonstiges","10":"product_tag-adattatore-glp-australia","11":"product_tag-adattatore-gpl-belgio","12":"product_tag-adattatore-gpl-canadese","13":"product_tag-adattatore-gpl-germania","14":"product_tag-adattatore-gpl-irlanda","15":"product_tag-adattatore-gpl-stati-uniti","16":"product_tag-adattatore-gpl-svizzera","18":"first","19":"onbackorder","20":"taxable","21":"shipping-taxable","22":"purchasable","23":"product-type-simple"},"ct_brands":[],"yoast_head":"<!-- This site is optimized with the Yoast SEO Premium plugin v27.5 (Yoast SEO v27.6) - https:\/\/yoast.com\/product\/yoast-seo-premium-wordpress\/ -->\n<title>Adattatore DISH a ACME GPL | Pezzi di ricambio Ecogas<\/title>\n<meta name=\"description\" content=\"Adattatore da DISH ad ACME GLP, ideale per il rifornimento in Europa. Connessione sicura e approvata, compatibile con i sistemi di mini-caricamento LPG.\" \/>\n<meta name=\"robots\" content=\"index, follow, max-snippet:-1, max-image-preview:large, max-video-preview:-1\" \/>\n<link rel=\"canonical\" href=\"https:\/\/recambiosecogas.com\/it\/producto\/adaptador-de-boquilla-de-suministro-dish-a-acme\/\" \/>\n<meta property=\"og:locale\" content=\"it_IT\" \/>\n<meta property=\"og:type\" content=\"article\" \/>\n<meta property=\"og:title\" content=\"Adattatore DISH a ACME LPG\" \/>\n<meta property=\"og:description\" content=\"Adattatore da DISH ad ACME GLP, ideale per il rifornimento in Europa. Connessione sicura e approvata, compatibile con i sistemi di mini-caricamento LPG.\" \/>\n<meta property=\"og:url\" content=\"https:\/\/recambiosecogas.com\/it\/producto\/adaptador-de-boquilla-de-suministro-dish-a-acme\/\" \/>\n<meta property=\"og:site_name\" content=\"Recambios EcoGas\" \/>\n<meta property=\"article:publisher\" content=\"https:\/\/www.facebook.com\/profile.php?id=100062419705358\" \/>\n<meta property=\"article:modified_time\" content=\"2026-04-08T09:21:03+00:00\" \/>\n<meta property=\"og:image\" content=\"https:\/\/recambiosecogas.com\/wp-content\/uploads\/2024\/12\/Adaptador-de-boquilla-de-suministro-DISH-a-ACME-png.webp\" \/>\n\t<meta property=\"og:image:width\" content=\"1000\" \/>\n\t<meta property=\"og:image:height\" content=\"1000\" \/>\n\t<meta property=\"og:image:type\" content=\"image\/png\" \/>\n<meta name=\"twitter:card\" content=\"summary_large_image\" \/>\n<meta name=\"twitter:label1\" content=\"Prezzo\" \/>\n\t<meta name=\"twitter:data1\" content=\"41,18&nbsp;&euro; (Sin IVA: 34,03&nbsp;&euro;)\" \/>\n\t<meta name=\"twitter:label2\" content=\"Disponibilit\u00e0\" \/>\n\t<meta name=\"twitter:data2\" content=\"Su ordinazione\" \/>\n<script type=\"application\/ld+json\" class=\"yoast-schema-graph\">{\"@context\":\"https:\\\/\\\/schema.org\",\"@graph\":[{\"@type\":\"WebPage\",\"@id\":\"https:\\\/\\\/recambiosecogas.com\\\/it\\\/producto\\\/adaptador-de-boquilla-de-suministro-dish-a-acme\\\/\",\"url\":\"https:\\\/\\\/recambiosecogas.com\\\/it\\\/producto\\\/adaptador-de-boquilla-de-suministro-dish-a-acme\\\/\",\"name\":\"Adattatore DISH a ACME GPL | Pezzi di ricambio Ecogas\",\"isPartOf\":{\"@id\":\"https:\\\/\\\/recambiosecogas.com\\\/it\\\/#website\"},\"primaryImageOfPage\":{\"@id\":\"https:\\\/\\\/recambiosecogas.com\\\/it\\\/producto\\\/adaptador-de-boquilla-de-suministro-dish-a-acme\\\/#primaryimage\"},\"image\":{\"@id\":\"https:\\\/\\\/recambiosecogas.com\\\/it\\\/producto\\\/adaptador-de-boquilla-de-suministro-dish-a-acme\\\/#primaryimage\"},\"thumbnailUrl\":\"https:\\\/\\\/recambiosecogas.com\\\/wp-content\\\/uploads\\\/2024\\\/12\\\/Adaptador-de-boquilla-de-suministro-DISH-a-ACME-png.webp\",\"datePublished\":\"2024-12-04T17:44:00+00:00\",\"dateModified\":\"2026-04-08T09:21:03+00:00\",\"description\":\"Adattatore da DISH ad ACME GLP, ideale per il rifornimento in Europa. Connessione sicura e approvata, compatibile con i sistemi di mini-caricamento LPG.\",\"breadcrumb\":{\"@id\":\"https:\\\/\\\/recambiosecogas.com\\\/it\\\/producto\\\/adaptador-de-boquilla-de-suministro-dish-a-acme\\\/#breadcrumb\"},\"inLanguage\":\"it-IT\",\"potentialAction\":[{\"@type\":\"ReadAction\",\"target\":[\"https:\\\/\\\/recambiosecogas.com\\\/it\\\/producto\\\/adaptador-de-boquilla-de-suministro-dish-a-acme\\\/\"]}]},{\"@type\":\"ImageObject\",\"inLanguage\":\"it-IT\",\"@id\":\"https:\\\/\\\/recambiosecogas.com\\\/it\\\/producto\\\/adaptador-de-boquilla-de-suministro-dish-a-acme\\\/#primaryimage\",\"url\":\"https:\\\/\\\/recambiosecogas.com\\\/wp-content\\\/uploads\\\/2024\\\/12\\\/Adaptador-de-boquilla-de-suministro-DISH-a-ACME-png.webp\",\"contentUrl\":\"https:\\\/\\\/recambiosecogas.com\\\/wp-content\\\/uploads\\\/2024\\\/12\\\/Adaptador-de-boquilla-de-suministro-DISH-a-ACME-png.webp\",\"width\":1000,\"height\":1000},{\"@type\":\"BreadcrumbList\",\"@id\":\"https:\\\/\\\/recambiosecogas.com\\\/it\\\/producto\\\/adaptador-de-boquilla-de-suministro-dish-a-acme\\\/#breadcrumb\",\"itemListElement\":[{\"@type\":\"ListItem\",\"position\":1,\"name\":\"Portada\",\"item\":\"https:\\\/\\\/recambiosecogas.com\\\/it\\\/\"},{\"@type\":\"ListItem\",\"position\":2,\"name\":\"Negozio\",\"item\":\"https:\\\/\\\/recambiosecogas.com\\\/it\\\/?page_id=46382\"},{\"@type\":\"ListItem\",\"position\":3,\"name\":\"Adattatore DISH a ACME LPG\"}]},{\"@type\":\"WebSite\",\"@id\":\"https:\\\/\\\/recambiosecogas.com\\\/it\\\/#website\",\"url\":\"https:\\\/\\\/recambiosecogas.com\\\/it\\\/\",\"name\":\"Recambios EcoGas\",\"description\":\"Recambios Multimarca para sistemas de GLP\\\/GNC\\\/GNL\\\/Hidr\u00f3geno\",\"publisher\":{\"@id\":\"https:\\\/\\\/recambiosecogas.com\\\/it\\\/#organization\"},\"alternateName\":\"Recambios Autogas GLP\",\"potentialAction\":[{\"@type\":\"SearchAction\",\"target\":{\"@type\":\"EntryPoint\",\"urlTemplate\":\"https:\\\/\\\/recambiosecogas.com\\\/it\\\/?s={search_term_string}\"},\"query-input\":{\"@type\":\"PropertyValueSpecification\",\"valueRequired\":true,\"valueName\":\"search_term_string\"}}],\"inLanguage\":\"it-IT\"},{\"@type\":[\"Organization\",\"Place\"],\"@id\":\"https:\\\/\\\/recambiosecogas.com\\\/it\\\/#organization\",\"name\":\"Recambios EcoGas\",\"alternateName\":\"Tienda Online GLP Espa\u00f1a\",\"url\":\"https:\\\/\\\/recambiosecogas.com\\\/it\\\/\",\"logo\":{\"@id\":\"https:\\\/\\\/recambiosecogas.com\\\/it\\\/producto\\\/adaptador-de-boquilla-de-suministro-dish-a-acme\\\/#local-main-organization-logo\"},\"image\":{\"@id\":\"https:\\\/\\\/recambiosecogas.com\\\/it\\\/producto\\\/adaptador-de-boquilla-de-suministro-dish-a-acme\\\/#local-main-organization-logo\"},\"sameAs\":[\"https:\\\/\\\/www.facebook.com\\\/profile.php?id=100062419705358\",\"https:\\\/\\\/www.instagram.com\\\/segimon_automocio\"],\"description\":\"Recambios EcoGas \u2013 Venta y distribuci\u00f3n de sistemas GLP y GNC en Espa\u00f1a y Portugal. Env\u00edos 24 h, soporte t\u00e9cnico a talleres y distribuidores.\",\"hasMerchantReturnPolicy\":{\"@type\":\"MerchantReturnPolicy\",\"merchantReturnLink\":\"https:\\\/\\\/recambiosecogas.com\\\/politicas-privacidad\\\/\"},\"address\":{\"@id\":\"https:\\\/\\\/recambiosecogas.com\\\/it\\\/producto\\\/adaptador-de-boquilla-de-suministro-dish-a-acme\\\/#local-main-place-address\"},\"telephone\":[\"616250633\"],\"contactPoint\":{\"@type\":\"ContactPoint\",\"email\":\"export@recambiosecogas.com\"},\"openingHoursSpecification\":[{\"@type\":\"OpeningHoursSpecification\",\"dayOfWeek\":[\"Monday\",\"Tuesday\",\"Wednesday\",\"Thursday\",\"Friday\",\"Saturday\",\"Sunday\"],\"opens\":\"09:00\",\"closes\":\"17:00\"}],\"email\":\"info@recambiosecogas.com\",\"faxNumber\":\"SEGIMON AUTOMOCION SL\",\"vatID\":\"ESB19819861\",\"globalLocationNumber\":\"938 616 339\"},{\"@type\":\"PostalAddress\",\"@id\":\"https:\\\/\\\/recambiosecogas.com\\\/it\\\/producto\\\/adaptador-de-boquilla-de-suministro-dish-a-acme\\\/#local-main-place-address\",\"streetAddress\":\"cami antic de vic, 29 (Nave 3), Pol\u00edgono Industrial Congost\",\"addressLocality\":\"CORRO D`AVALL\",\"postalCode\":\"08520\",\"addressRegion\":\"Barcelona\",\"addressCountry\":\"ES\"},{\"@type\":\"ImageObject\",\"inLanguage\":\"it-IT\",\"@id\":\"https:\\\/\\\/recambiosecogas.com\\\/it\\\/producto\\\/adaptador-de-boquilla-de-suministro-dish-a-acme\\\/#local-main-organization-logo\",\"url\":\"https:\\\/\\\/recambiosecogas.com\\\/wp-content\\\/uploads\\\/2024\\\/11\\\/cropped-RECAMBIOS-GLP-png.webp\",\"contentUrl\":\"https:\\\/\\\/recambiosecogas.com\\\/wp-content\\\/uploads\\\/2024\\\/11\\\/cropped-RECAMBIOS-GLP-png.webp\",\"width\":512,\"height\":512,\"caption\":\"Recambios EcoGas\"}]}<\/script>\n<meta property=\"product:price:amount\" content=\"41.18\" \/>\n<meta property=\"product:price:currency\" content=\"EUR\" \/>\n<meta property=\"og:availability\" content=\"backorder\" \/>\n<meta property=\"product:availability\" content=\"available for order\" \/>\n<meta property=\"product:retailer_item_id\" content=\"103579A\" \/>\n<meta property=\"product:condition\" content=\"new\" \/>\n<meta name=\"geo.placename\" content=\"CORRO D`AVALL\" \/>\n<meta name=\"geo.region\" content=\"Spagna\" \/>\n<!-- \/ Yoast SEO Premium plugin. -->","yoast_head_json":{"title":"Adattatore DISH a ACME GPL | Pezzi di ricambio Ecogas","description":"Adattatore da DISH ad ACME GLP, ideale per il rifornimento in Europa. Connessione sicura e approvata, compatibile con i sistemi di mini-caricamento LPG.","robots":{"index":"index","follow":"follow","max-snippet":"max-snippet:-1","max-image-preview":"max-image-preview:large","max-video-preview":"max-video-preview:-1"},"canonical":"https:\/\/recambiosecogas.com\/it\/producto\/adaptador-de-boquilla-de-suministro-dish-a-acme\/","og_locale":"it_IT","og_type":"article","og_title":"Adattatore DISH a ACME LPG","og_description":"Adattatore da DISH ad ACME GLP, ideale per il rifornimento in Europa. Connessione sicura e approvata, compatibile con i sistemi di mini-caricamento LPG.","og_url":"https:\/\/recambiosecogas.com\/it\/producto\/adaptador-de-boquilla-de-suministro-dish-a-acme\/","og_site_name":"Recambios EcoGas","article_publisher":"https:\/\/www.facebook.com\/profile.php?id=100062419705358","article_modified_time":"2026-04-08T09:21:03+00:00","og_image":[{"width":1000,"height":1000,"url":"https:\/\/recambiosecogas.com\/wp-content\/uploads\/2024\/12\/Adaptador-de-boquilla-de-suministro-DISH-a-ACME-png.webp","type":"image\/png"}],"twitter_card":"summary_large_image","twitter_misc":{"Prezzo":"41,18&nbsp;&euro; (Sin IVA: 34,03&nbsp;&euro;)","Disponibilit\u00e0":"Su ordinazione"},"schema":{"@context":"https:\/\/schema.org","@graph":[{"@type":"WebPage","@id":"https:\/\/recambiosecogas.com\/it\/producto\/adaptador-de-boquilla-de-suministro-dish-a-acme\/","url":"https:\/\/recambiosecogas.com\/it\/producto\/adaptador-de-boquilla-de-suministro-dish-a-acme\/","name":"Adattatore DISH a ACME GPL | Pezzi di ricambio Ecogas","isPartOf":{"@id":"https:\/\/recambiosecogas.com\/it\/#website"},"primaryImageOfPage":{"@id":"https:\/\/recambiosecogas.com\/it\/producto\/adaptador-de-boquilla-de-suministro-dish-a-acme\/#primaryimage"},"image":{"@id":"https:\/\/recambiosecogas.com\/it\/producto\/adaptador-de-boquilla-de-suministro-dish-a-acme\/#primaryimage"},"thumbnailUrl":"https:\/\/recambiosecogas.com\/wp-content\/uploads\/2024\/12\/Adaptador-de-boquilla-de-suministro-DISH-a-ACME-png.webp","datePublished":"2024-12-04T17:44:00+00:00","dateModified":"2026-04-08T09:21:03+00:00","description":"Adattatore da DISH ad ACME GLP, ideale per il rifornimento in Europa. Connessione sicura e approvata, compatibile con i sistemi di mini-caricamento LPG.","breadcrumb":{"@id":"https:\/\/recambiosecogas.com\/it\/producto\/adaptador-de-boquilla-de-suministro-dish-a-acme\/#breadcrumb"},"inLanguage":"it-IT","potentialAction":[{"@type":"ReadAction","target":["https:\/\/recambiosecogas.com\/it\/producto\/adaptador-de-boquilla-de-suministro-dish-a-acme\/"]}]},{"@type":"ImageObject","inLanguage":"it-IT","@id":"https:\/\/recambiosecogas.com\/it\/producto\/adaptador-de-boquilla-de-suministro-dish-a-acme\/#primaryimage","url":"https:\/\/recambiosecogas.com\/wp-content\/uploads\/2024\/12\/Adaptador-de-boquilla-de-suministro-DISH-a-ACME-png.webp","contentUrl":"https:\/\/recambiosecogas.com\/wp-content\/uploads\/2024\/12\/Adaptador-de-boquilla-de-suministro-DISH-a-ACME-png.webp","width":1000,"height":1000},{"@type":"BreadcrumbList","@id":"https:\/\/recambiosecogas.com\/it\/producto\/adaptador-de-boquilla-de-suministro-dish-a-acme\/#breadcrumb","itemListElement":[{"@type":"ListItem","position":1,"name":"Portada","item":"https:\/\/recambiosecogas.com\/it\/"},{"@type":"ListItem","position":2,"name":"Negozio","item":"https:\/\/recambiosecogas.com\/it\/?page_id=46382"},{"@type":"ListItem","position":3,"name":"Adattatore DISH a ACME LPG"}]},{"@type":"WebSite","@id":"https:\/\/recambiosecogas.com\/it\/#website","url":"https:\/\/recambiosecogas.com\/it\/","name":"Recambios EcoGas","description":"Recambios Multimarca para sistemas de GLP\/GNC\/GNL\/Hidr\u00f3geno","publisher":{"@id":"https:\/\/recambiosecogas.com\/it\/#organization"},"alternateName":"Recambios Autogas GLP","potentialAction":[{"@type":"SearchAction","target":{"@type":"EntryPoint","urlTemplate":"https:\/\/recambiosecogas.com\/it\/?s={search_term_string}"},"query-input":{"@type":"PropertyValueSpecification","valueRequired":true,"valueName":"search_term_string"}}],"inLanguage":"it-IT"},{"@type":["Organization","Place"],"@id":"https:\/\/recambiosecogas.com\/it\/#organization","name":"Recambios EcoGas","alternateName":"Tienda Online GLP Espa\u00f1a","url":"https:\/\/recambiosecogas.com\/it\/","logo":{"@id":"https:\/\/recambiosecogas.com\/it\/producto\/adaptador-de-boquilla-de-suministro-dish-a-acme\/#local-main-organization-logo"},"image":{"@id":"https:\/\/recambiosecogas.com\/it\/producto\/adaptador-de-boquilla-de-suministro-dish-a-acme\/#local-main-organization-logo"},"sameAs":["https:\/\/www.facebook.com\/profile.php?id=100062419705358","https:\/\/www.instagram.com\/segimon_automocio"],"description":"Recambios EcoGas \u2013 Venta y distribuci\u00f3n de sistemas GLP y GNC en Espa\u00f1a y Portugal. Env\u00edos 24 h, soporte t\u00e9cnico a talleres y distribuidores.","hasMerchantReturnPolicy":{"@type":"MerchantReturnPolicy","merchantReturnLink":"https:\/\/recambiosecogas.com\/politicas-privacidad\/"},"address":{"@id":"https:\/\/recambiosecogas.com\/it\/producto\/adaptador-de-boquilla-de-suministro-dish-a-acme\/#local-main-place-address"},"telephone":["616250633"],"contactPoint":{"@type":"ContactPoint","email":"export@recambiosecogas.com"},"openingHoursSpecification":[{"@type":"OpeningHoursSpecification","dayOfWeek":["Monday","Tuesday","Wednesday","Thursday","Friday","Saturday","Sunday"],"opens":"09:00","closes":"17:00"}],"email":"info@recambiosecogas.com","faxNumber":"SEGIMON AUTOMOCION SL","vatID":"ESB19819861","globalLocationNumber":"938 616 339"},{"@type":"PostalAddress","@id":"https:\/\/recambiosecogas.com\/it\/producto\/adaptador-de-boquilla-de-suministro-dish-a-acme\/#local-main-place-address","streetAddress":"cami antic de vic, 29 (Nave 3), Pol\u00edgono Industrial Congost","addressLocality":"CORRO D`AVALL","postalCode":"08520","addressRegion":"Barcelona","addressCountry":"ES"},{"@type":"ImageObject","inLanguage":"it-IT","@id":"https:\/\/recambiosecogas.com\/it\/producto\/adaptador-de-boquilla-de-suministro-dish-a-acme\/#local-main-organization-logo","url":"https:\/\/recambiosecogas.com\/wp-content\/uploads\/2024\/11\/cropped-RECAMBIOS-GLP-png.webp","contentUrl":"https:\/\/recambiosecogas.com\/wp-content\/uploads\/2024\/11\/cropped-RECAMBIOS-GLP-png.webp","width":512,"height":512,"caption":"Recambios EcoGas"}]},"product_price_amount":"41.18","product_price_currency":"EUR","og_availability":"backorder","product_availability":"available for order","product_retailer_item_id":"103579A","product_condition":"new","geo.placename":"CORRO D`AVALL","geo.region":"Spagna"},"uagb_featured_image_src":{"full":["https:\/\/recambiosecogas.com\/wp-content\/uploads\/2024\/12\/Adaptador-de-boquilla-de-suministro-DISH-a-ACME-png.webp",1000,1000,false],"thumbnail":["https:\/\/recambiosecogas.com\/wp-content\/uploads\/2024\/12\/Adaptador-de-boquilla-de-suministro-DISH-a-ACME-150x150.webp",150,150,true],"medium":["https:\/\/recambiosecogas.com\/wp-content\/uploads\/2024\/12\/Adaptador-de-boquilla-de-suministro-DISH-a-ACME-300x300.webp",300,300,true],"medium_large":["https:\/\/recambiosecogas.com\/wp-content\/uploads\/2024\/12\/Adaptador-de-boquilla-de-suministro-DISH-a-ACME-768x768.webp",768,768,true],"large":["https:\/\/recambiosecogas.com\/wp-content\/uploads\/2024\/12\/Adaptador-de-boquilla-de-suministro-DISH-a-ACME-png.webp",1000,1000,false],"1536x1536":["https:\/\/recambiosecogas.com\/wp-content\/uploads\/2024\/12\/Adaptador-de-boquilla-de-suministro-DISH-a-ACME-png.webp",1000,1000,false],"2048x2048":["https:\/\/recambiosecogas.com\/wp-content\/uploads\/2024\/12\/Adaptador-de-boquilla-de-suministro-DISH-a-ACME-png.webp",1000,1000,false],"woocommerce_archive_thumbnail":["https:\/\/recambiosecogas.com\/wp-content\/uploads\/2024\/12\/Adaptador-de-boquilla-de-suministro-DISH-a-ACME-png.webp",1000,1000,false],"woocommerce_thumbnail":["https:\/\/recambiosecogas.com\/wp-content\/uploads\/2024\/12\/Adaptador-de-boquilla-de-suministro-DISH-a-ACME-png-300x300.webp",300,300,true],"woocommerce_single":["https:\/\/recambiosecogas.com\/wp-content\/uploads\/2024\/12\/Adaptador-de-boquilla-de-suministro-DISH-a-ACME-png.webp",1000,1000,false],"woocommerce_gallery_thumbnail":["https:\/\/recambiosecogas.com\/wp-content\/uploads\/2024\/12\/Adaptador-de-boquilla-de-suministro-DISH-a-ACME-png.webp",1000,1000,false],"dgwt-wcas-product-suggestion":["https:\/\/recambiosecogas.com\/wp-content\/uploads\/2024\/12\/Adaptador-de-boquilla-de-suministro-DISH-a-ACME-png-64x64.webp",64,64,true]},"uagb_author_info":{"display_name":"Fran - Soporte T\u00e9cnico","author_link":"https:\/\/recambiosecogas.com\/it\/author\/"},"uagb_comment_info":0,"uagb_excerpt":"SONSTIGES","_links":{"self":[{"href":"https:\/\/recambiosecogas.com\/it\/wp-json\/wp\/v2\/product\/46564","targetHints":{"allow":["GET"]}}],"collection":[{"href":"https:\/\/recambiosecogas.com\/it\/wp-json\/wp\/v2\/product"}],"about":[{"href":"https:\/\/recambiosecogas.com\/it\/wp-json\/wp\/v2\/types\/product"}],"replies":[{"embeddable":true,"href":"https:\/\/recambiosecogas.com\/it\/wp-json\/wp\/v2\/comments?post=46564"}],"wp:featuredmedia":[{"embeddable":true,"href":"https:\/\/recambiosecogas.com\/it\/wp-json\/wp\/v2\/media\/8495"}],"wp:attachment":[{"href":"https:\/\/recambiosecogas.com\/it\/wp-json\/wp\/v2\/media?parent=46564"}],"wp:term":[{"taxonomy":"product_brand","embeddable":true,"href":"https:\/\/recambiosecogas.com\/it\/wp-json\/wp\/v2\/product_brand?post=46564"},{"taxonomy":"product_cat","embeddable":true,"href":"https:\/\/recambiosecogas.com\/it\/wp-json\/wp\/v2\/product_cat?post=46564"},{"taxonomy":"product_tag","embeddable":true,"href":"https:\/\/recambiosecogas.com\/it\/wp-json\/wp\/v2\/product_tag?post=46564"}],"curies":[{"name":"wp","href":"https:\/\/api.w.org\/{rel}","templated":true}]}}