{"id":46556,"date":"2024-12-04T18:43:59","date_gmt":"2024-12-04T17:43:59","guid":{"rendered":"https:\/\/recambiosecogas.com\/producto\/drehmeister-adaptador-glp-de-bayoneta-w21-8x1-14-version-corta\/"},"modified":"2026-04-08T10:21:02","modified_gmt":"2026-04-08T09:21:02","slug":"drehmeister-adaptador-glp-de-bayoneta-w21-8x1-14-version-corta","status":"publish","type":"product","link":"https:\/\/recambiosecogas.com\/it\/producto\/drehmeister-adaptador-glp-de-bayoneta-w21-8x1-14-version-corta\/","title":{"rendered":"Adattatore LPG a baionetta (W21.8) | DREHMEISTER"},"content":{"rendered":"<h3 class=\"\" data-start=\"289\" data-end=\"378\"><strong data-start=\"293\" data-end=\"378\">Adattatore LPG a baionetta (W21.8) | DREHMEISTER \u2013 Versione breve per il rifornimento in Europa<\/strong><\/h3>\n<p class=\"\" data-start=\"380\" data-end=\"671\"><strong data-start=\"383\" data-end=\"460\">L&#8217;adattatore baionetta LPG DREHMEISTER W21.8&#215;1\/14&#8243; \u2013 versione breve (49 mm)<\/strong> permette di collegare rapidamente e in sicurezza un sistema europeo di rifornimento GPL con valvola piatta di tipo <strong data-start=\"562\" data-end=\"568\">HK<\/strong> a un ugello a <strong data-start=\"584\" data-end=\"596\">baionetta<\/strong>, utilizzato in paesi come <strong data-start=\"623\" data-end=\"670\">Regno Unito, Paesi Bassi, Norvegia e Spagna<\/strong>. <span style=\"color: #ffffff;\">\u00a9Ricambi EcoGas<\/span><\/p>\n<p class=\"\" data-start=\"673\" data-end=\"966\">Progettato per veicoli a GPL, camper, camper e cilindri ricaricabili con un stop di riempimento dell&#8217;80%, questo adattatore offre una <strong data-start=\"802\" data-end=\"844\">connessione impermeabile, precisa e resistente<\/strong>. Realizzato <strong data-start=\"859\" data-end=\"891\">in ottone massiccio di alta qualit\u00e0<\/strong>, garantisce la durata anche in condizioni di uso intensivo e impegnativa. <span style=\"color: #ffffff;\">\u00a9Ricambi EcoGas<\/span> <\/p>\n<p class=\"\" data-start=\"968\" data-end=\"1235\">La <strong data-start=\"989\" data-end=\"1020\">filettatura di connessione W21.8&#215;1\/14&#8243; (filettatura interna)<\/strong> la rende compatibile con i sistemi mini-load pi\u00f9 comuni come <strong data-start=\"1087\" data-end=\"1114\">Tomasetto, OMB, Rotarex<\/strong>, e pu\u00f2 essere utilizzata come <strong data-start=\"1136\" data-end=\"1149\">prolunga<\/strong> per altri adattatori con la stessa filettatura esterna, come <strong data-start=\"1207\" data-end=\"1234\">ACME, DISH o Euronozzle<\/strong>. <span style=\"color: #ffffff;\">\u00a9Ricambi EcoGas<\/span><\/p>\n<p class=\"\" data-start=\"1237\" data-end=\"1399\">Certificato con l&#8217;approvazione <strong data-start=\"1266\" data-end=\"1280\">ECE 67R-01<\/strong>, questo adattatore rispetta i pi\u00f9 rigorosi standard europei di sicurezza e prestazioni per il rifornimento di autogas. <span style=\"color: #ffffff;\">\u00a9Ricambi EcoGas<\/span><\/p>\n<hr class=\"\" data-start=\"1401\" data-end=\"1404\">\n<h3 class=\"\" data-start=\"1406\" data-end=\"1491\"><strong data-start=\"1410\" data-end=\"1491\">Caratteristiche tecniche \u2013 Adattatore baionetta W21.8&#215;1\/14&#8243; DREHMEISTER (corto)<\/strong><\/h3>\n<div class=\"overflow-x-auto contain-inline-size\">\n<table data-start=\"1493\" data-end=\"2614\">\n<thead data-start=\"1493\" data-end=\"1595\">\n<tr data-start=\"1493\" data-end=\"1595\">\n<th data-start=\"1493\" data-end=\"1522\">Specifiche<\/th>\n<th data-start=\"1522\" data-end=\"1595\">Dettagli<\/th>\n<\/tr>\n<\/thead>\n<tbody data-start=\"1698\" data-end=\"2614\">\n<tr data-start=\"1698\" data-end=\"1799\">\n<td><strong data-start=\"1700\" data-end=\"1721\">Tipo di adattatore<\/strong><\/td>\n<td>Baionetta a GPL \u2013 Versione breve <span style=\"color: #ffffff;\">\u00a9delle riempzioni EcoGas<\/span><\/td>\n<\/tr>\n<tr data-start=\"1800\" data-end=\"1901\">\n<td><strong data-start=\"1802\" data-end=\"1823\">Filo di collegamento<\/strong><\/td>\n<td>Ricarica EcoGas W21.8&#215;1\/14&#8243; (filettatura <span style=\"color: #ffffff;\">\u00a9<\/span>interna<\/td>\n<p>)<\/p>\n<\/tr>\n<tr data-start=\"1902\" data-end=\"2003\">\n<td><strong data-start=\"1904\" data-end=\"1924\">Diametro esterno<\/strong><\/td>\n<td>Ricambi EcoGas da \u00d822 mm <span style=\"color: #ffffff;\">\u00a9<\/span><\/td>\n<\/tr>\n<tr data-start=\"2004\" data-end=\"2105\">\n<td><strong data-start=\"2006\" data-end=\"2024\">Lunghezza complessiva<\/strong><\/td>\n<td><span style=\"color: #ffffff;\">Ricariche EcoGas da 49 mm \u00a9<\/span><\/td>\n<\/tr>\n<tr data-start=\"2106\" data-end=\"2207\">\n<td><strong data-start=\"2108\" data-end=\"2120\">Materiale<\/strong><\/td>\n<td><span style=\"color: #ffffff;\">Ricariche in ottone \u00a9EcoGas<\/span><\/td>\n<\/tr>\n<tr data-start=\"2208\" data-end=\"2309\">\n<td><strong data-start=\"2210\" data-end=\"2226\">Approvazione<\/strong><\/td>\n<td>Pezzi di ricambio ECE 67R-01 <span style=\"color: #ffffff;\">\u00a9EcoGas<\/span><\/td>\n<\/tr>\n<tr data-start=\"2310\" data-end=\"2411\">\n<td><strong data-start=\"2312\" data-end=\"2330\">Compatibilit\u00e0<\/strong><\/td>\n<td>Tomasetto, Rotarex, OMB, miniload LPG<\/td>\n<\/tr>\n<tr data-start=\"2412\" data-end=\"2513\">\n<td><strong data-start=\"2414\" data-end=\"2430\">Applicazioni<\/strong><\/td>\n<td>Rifornimento in camper, camper, furgoni e veicoli GPL<\/td>\n<\/tr>\n<tr data-start=\"2514\" data-end=\"2614\">\n<p>Funzione <\/p>\n<td><strong data-start=\"2516\" data-end=\"2537\">aggiuntiva<\/strong><\/td>\n<td>Serve anche come estensione per adattatori LPG di tipo ACME, DISH<\/td>\n<\/tr>\n<\/tbody>\n<\/table>\n<\/div>\n<blockquote data-start=\"2616\" data-end=\"2782\">\n<p class=\"\" data-start=\"2618\" data-end=\"2782\"><em><strong>Essenziale per il rifornimento con ugelli a baionetta durante i viaggi nel Regno Unito, in Spagna o nei Paesi Bassi. Compatibile con i sistemi di ricarica montati sulla carrozzeria.   <\/strong><\/em><\/p>\n<\/blockquote>\n<p><a href=\"https:\/\/recambiosecogas.com\/it\/categoria-producto\/filtros\/\">ACQUISTA PI\u00d9 PRODOTTI ONLINE NEL NOSTRO NEGOZIO<\/a><\/p>\n<p><a href=\"http:\/\/www.segimonautomocio.com\/\">CONVERTITE IN LPG NEL NOSTRO OFFICINO UFFICIALE DI INSTALLAZIONE, MAGGIORI INFORMAZIONI SUL SITO WEB DEL NOSTRO WORKSHOP<\/a><\/p>\n<p>Una combinazione di sistemi di mini-caricamento garantisce un rifornimento rapido e sicuro, evitando perdite di gas e garantendo prestazioni ottimali del sistema Autogas. Ideale per camper e camper, questo adattatore facilita il rifornimento presso le stazioni di servizio che utilizzano ugelli a baionetta, rendendolo un accessorio indispensabile per ogni viaggiatore. <\/p>\n<p>ACQUISTA PI\u00d9 PRODOTTI ONLINE NEL NOSTRO NEGOZIO<\/p>\n<p>CONVERTITE IN LPG NEL NOSTRO OFFICINO UFFICIALE DI INSTALLAZIONE, MAGGIORI INFORMAZIONI SUL SITO WEB DEL NOSTRO WORKSHOP<\/p>\n","protected":false},"excerpt":{"rendered":"<p>DREHMEISTER<\/p>\n","protected":false},"featured_media":8525,"comment_status":"closed","ping_status":"closed","template":"","meta":{"_uag_custom_page_level_css":""},"product_brand":[],"product_cat":[2188,2189,2348,2162],"product_tag":[2292,2293,2352],"class_list":{"0":"post-46556","1":"product","2":"type-product","3":"status-publish","4":"has-post-thumbnail","6":"product_cat-adaptador-glp","7":"product_cat-adaptadores-glp","8":"product_cat-drehmeister","9":"product_cat-repostar","10":"product_tag-adaptador-noruega","11":"product_tag-adaptador-paises-bajos","12":"product_tag-adapter-gran-bretagna","14":"first","15":"instock","16":"taxable","17":"shipping-taxable","18":"purchasable","19":"product-type-simple"},"ct_brands":[],"yoast_head":"<!-- This site is optimized with the Yoast SEO Premium plugin v27.5 (Yoast SEO v27.5) - https:\/\/yoast.com\/product\/yoast-seo-premium-wordpress\/ -->\n<title>Adattatore LPG a baionetta DREHMEISTER W21.8 | Pezzi di ricambio Ecogas<\/title>\n<meta name=\"description\" content=\"Adattatore GPL a baionetta DREHMEISTER W21.8, ideale per il rifornimento in Europa. Connessione sicura e compatibile con i sistemi di ricarica mini.\" \/>\n<meta name=\"robots\" content=\"index, follow, max-snippet:-1, max-image-preview:large, max-video-preview:-1\" \/>\n<link rel=\"canonical\" href=\"https:\/\/recambiosecogas.com\/it\/producto\/drehmeister-adaptador-glp-de-bayoneta-w21-8x1-14-version-corta\/\" \/>\n<meta property=\"og:locale\" content=\"it_IT\" \/>\n<meta property=\"og:type\" content=\"article\" \/>\n<meta property=\"og:title\" content=\"Adattatore LPG a baionetta (W21.8) | DREHMEISTER\" \/>\n<meta property=\"og:description\" content=\"Adattatore GPL a baionetta DREHMEISTER W21.8, ideale per il rifornimento in Europa. Connessione sicura e compatibile con i sistemi di ricarica mini.\" \/>\n<meta property=\"og:url\" content=\"https:\/\/recambiosecogas.com\/it\/producto\/drehmeister-adaptador-glp-de-bayoneta-w21-8x1-14-version-corta\/\" \/>\n<meta property=\"og:site_name\" content=\"Recambios EcoGas\" \/>\n<meta property=\"article:publisher\" content=\"https:\/\/www.facebook.com\/profile.php?id=100062419705358\" \/>\n<meta property=\"article:modified_time\" content=\"2026-04-08T09:21:02+00:00\" \/>\n<meta property=\"og:image\" content=\"https:\/\/recambiosecogas.com\/wp-content\/uploads\/2024\/12\/DREHMEISTER-adaptador-GLP-de-bayoneta-W21.8x114-version-corta-png.webp\" \/>\n\t<meta property=\"og:image:width\" content=\"1000\" \/>\n\t<meta property=\"og:image:height\" content=\"1000\" \/>\n\t<meta property=\"og:image:type\" content=\"image\/png\" \/>\n<meta name=\"twitter:card\" content=\"summary_large_image\" \/>\n<meta name=\"twitter:label1\" content=\"Prezzo\" \/>\n\t<meta name=\"twitter:data1\" content=\"11,83&nbsp;&euro; (Sin IVA: 9,78&nbsp;&euro;)\" \/>\n\t<meta name=\"twitter:label2\" content=\"Disponibilit\u00e0\" \/>\n\t<meta name=\"twitter:data2\" content=\"In stock\" \/>\n<script type=\"application\/ld+json\" class=\"yoast-schema-graph\">{\"@context\":\"https:\\\/\\\/schema.org\",\"@graph\":[{\"@type\":\"WebPage\",\"@id\":\"https:\\\/\\\/recambiosecogas.com\\\/it\\\/producto\\\/drehmeister-adaptador-glp-de-bayoneta-w21-8x1-14-version-corta\\\/\",\"url\":\"https:\\\/\\\/recambiosecogas.com\\\/it\\\/producto\\\/drehmeister-adaptador-glp-de-bayoneta-w21-8x1-14-version-corta\\\/\",\"name\":\"Adattatore LPG a baionetta DREHMEISTER W21.8 | Pezzi di ricambio Ecogas\",\"isPartOf\":{\"@id\":\"https:\\\/\\\/recambiosecogas.com\\\/it\\\/#website\"},\"primaryImageOfPage\":{\"@id\":\"https:\\\/\\\/recambiosecogas.com\\\/it\\\/producto\\\/drehmeister-adaptador-glp-de-bayoneta-w21-8x1-14-version-corta\\\/#primaryimage\"},\"image\":{\"@id\":\"https:\\\/\\\/recambiosecogas.com\\\/it\\\/producto\\\/drehmeister-adaptador-glp-de-bayoneta-w21-8x1-14-version-corta\\\/#primaryimage\"},\"thumbnailUrl\":\"https:\\\/\\\/recambiosecogas.com\\\/wp-content\\\/uploads\\\/2024\\\/12\\\/DREHMEISTER-adaptador-GLP-de-bayoneta-W21.8x114-version-corta-png.webp\",\"datePublished\":\"2024-12-04T17:43:59+00:00\",\"dateModified\":\"2026-04-08T09:21:02+00:00\",\"description\":\"Adattatore GPL a baionetta DREHMEISTER W21.8, ideale per il rifornimento in Europa. Connessione sicura e compatibile con i sistemi di ricarica mini.\",\"breadcrumb\":{\"@id\":\"https:\\\/\\\/recambiosecogas.com\\\/it\\\/producto\\\/drehmeister-adaptador-glp-de-bayoneta-w21-8x1-14-version-corta\\\/#breadcrumb\"},\"inLanguage\":\"it-IT\",\"potentialAction\":[{\"@type\":\"ReadAction\",\"target\":[\"https:\\\/\\\/recambiosecogas.com\\\/it\\\/producto\\\/drehmeister-adaptador-glp-de-bayoneta-w21-8x1-14-version-corta\\\/\"]}]},{\"@type\":\"ImageObject\",\"inLanguage\":\"it-IT\",\"@id\":\"https:\\\/\\\/recambiosecogas.com\\\/it\\\/producto\\\/drehmeister-adaptador-glp-de-bayoneta-w21-8x1-14-version-corta\\\/#primaryimage\",\"url\":\"https:\\\/\\\/recambiosecogas.com\\\/wp-content\\\/uploads\\\/2024\\\/12\\\/DREHMEISTER-adaptador-GLP-de-bayoneta-W21.8x114-version-corta-png.webp\",\"contentUrl\":\"https:\\\/\\\/recambiosecogas.com\\\/wp-content\\\/uploads\\\/2024\\\/12\\\/DREHMEISTER-adaptador-GLP-de-bayoneta-W21.8x114-version-corta-png.webp\",\"width\":1000,\"height\":1000},{\"@type\":\"BreadcrumbList\",\"@id\":\"https:\\\/\\\/recambiosecogas.com\\\/it\\\/producto\\\/drehmeister-adaptador-glp-de-bayoneta-w21-8x1-14-version-corta\\\/#breadcrumb\",\"itemListElement\":[{\"@type\":\"ListItem\",\"position\":1,\"name\":\"Portada\",\"item\":\"https:\\\/\\\/recambiosecogas.com\\\/it\\\/\"},{\"@type\":\"ListItem\",\"position\":2,\"name\":\"Negozio\",\"item\":\"https:\\\/\\\/recambiosecogas.com\\\/it\\\/?page_id=46382\"},{\"@type\":\"ListItem\",\"position\":3,\"name\":\"Adattatore LPG a baionetta (W21.8) | DREHMEISTER\"}]},{\"@type\":\"WebSite\",\"@id\":\"https:\\\/\\\/recambiosecogas.com\\\/it\\\/#website\",\"url\":\"https:\\\/\\\/recambiosecogas.com\\\/it\\\/\",\"name\":\"Recambios EcoGas\",\"description\":\"Recambios Multimarca para sistemas de GLP\\\/GNC\\\/GNL\\\/Hidr\u00f3geno\",\"publisher\":{\"@id\":\"https:\\\/\\\/recambiosecogas.com\\\/it\\\/#organization\"},\"alternateName\":\"Recambios Autogas GLP\",\"potentialAction\":[{\"@type\":\"SearchAction\",\"target\":{\"@type\":\"EntryPoint\",\"urlTemplate\":\"https:\\\/\\\/recambiosecogas.com\\\/it\\\/?s={search_term_string}\"},\"query-input\":{\"@type\":\"PropertyValueSpecification\",\"valueRequired\":true,\"valueName\":\"search_term_string\"}}],\"inLanguage\":\"it-IT\"},{\"@type\":[\"Organization\",\"Place\"],\"@id\":\"https:\\\/\\\/recambiosecogas.com\\\/it\\\/#organization\",\"name\":\"Recambios EcoGas\",\"alternateName\":\"Tienda Online GLP Espa\u00f1a\",\"url\":\"https:\\\/\\\/recambiosecogas.com\\\/it\\\/\",\"logo\":{\"@id\":\"https:\\\/\\\/recambiosecogas.com\\\/it\\\/producto\\\/drehmeister-adaptador-glp-de-bayoneta-w21-8x1-14-version-corta\\\/#local-main-organization-logo\"},\"image\":{\"@id\":\"https:\\\/\\\/recambiosecogas.com\\\/it\\\/producto\\\/drehmeister-adaptador-glp-de-bayoneta-w21-8x1-14-version-corta\\\/#local-main-organization-logo\"},\"sameAs\":[\"https:\\\/\\\/www.facebook.com\\\/profile.php?id=100062419705358\",\"https:\\\/\\\/www.instagram.com\\\/segimon_automocio\"],\"description\":\"Recambios EcoGas \u2013 Venta y distribuci\u00f3n de sistemas GLP y GNC en Espa\u00f1a y Portugal. Env\u00edos 24 h, soporte t\u00e9cnico a talleres y distribuidores.\",\"hasMerchantReturnPolicy\":{\"@type\":\"MerchantReturnPolicy\",\"merchantReturnLink\":\"https:\\\/\\\/recambiosecogas.com\\\/politicas-privacidad\\\/\"},\"address\":{\"@id\":\"https:\\\/\\\/recambiosecogas.com\\\/it\\\/producto\\\/drehmeister-adaptador-glp-de-bayoneta-w21-8x1-14-version-corta\\\/#local-main-place-address\"},\"telephone\":[\"616250633\"],\"contactPoint\":{\"@type\":\"ContactPoint\",\"email\":\"export@recambiosecogas.com\"},\"openingHoursSpecification\":[{\"@type\":\"OpeningHoursSpecification\",\"dayOfWeek\":[\"Monday\",\"Tuesday\",\"Wednesday\",\"Thursday\",\"Friday\",\"Saturday\",\"Sunday\"],\"opens\":\"09:00\",\"closes\":\"17:00\"}],\"email\":\"info@recambiosecogas.com\",\"faxNumber\":\"SEGIMON AUTOMOCION SL\",\"vatID\":\"ESB19819861\",\"globalLocationNumber\":\"938 616 339\"},{\"@type\":\"PostalAddress\",\"@id\":\"https:\\\/\\\/recambiosecogas.com\\\/it\\\/producto\\\/drehmeister-adaptador-glp-de-bayoneta-w21-8x1-14-version-corta\\\/#local-main-place-address\",\"streetAddress\":\"cami antic de vic, 29 (Nave 3), Pol\u00edgono Industrial Congost\",\"addressLocality\":\"CORRO D`AVALL\",\"postalCode\":\"08520\",\"addressRegion\":\"Barcelona\",\"addressCountry\":\"ES\"},{\"@type\":\"ImageObject\",\"inLanguage\":\"it-IT\",\"@id\":\"https:\\\/\\\/recambiosecogas.com\\\/it\\\/producto\\\/drehmeister-adaptador-glp-de-bayoneta-w21-8x1-14-version-corta\\\/#local-main-organization-logo\",\"url\":\"https:\\\/\\\/recambiosecogas.com\\\/wp-content\\\/uploads\\\/2024\\\/11\\\/cropped-RECAMBIOS-GLP-png.webp\",\"contentUrl\":\"https:\\\/\\\/recambiosecogas.com\\\/wp-content\\\/uploads\\\/2024\\\/11\\\/cropped-RECAMBIOS-GLP-png.webp\",\"width\":512,\"height\":512,\"caption\":\"Recambios EcoGas\"}]}<\/script>\n<meta property=\"product:price:amount\" content=\"11.83\" \/>\n<meta property=\"product:price:currency\" content=\"EUR\" \/>\n<meta property=\"og:availability\" content=\"instock\" \/>\n<meta property=\"product:availability\" content=\"instock\" \/>\n<meta property=\"product:retailer_item_id\" content=\"112634\" \/>\n<meta property=\"product:condition\" content=\"new\" \/>\n<meta name=\"geo.placename\" content=\"CORRO D`AVALL\" \/>\n<meta name=\"geo.region\" content=\"Spagna\" \/>\n<!-- \/ Yoast SEO Premium plugin. -->","yoast_head_json":{"title":"Adattatore LPG a baionetta DREHMEISTER W21.8 | Pezzi di ricambio Ecogas","description":"Adattatore GPL a baionetta DREHMEISTER W21.8, ideale per il rifornimento in Europa. Connessione sicura e compatibile con i sistemi di ricarica mini.","robots":{"index":"index","follow":"follow","max-snippet":"max-snippet:-1","max-image-preview":"max-image-preview:large","max-video-preview":"max-video-preview:-1"},"canonical":"https:\/\/recambiosecogas.com\/it\/producto\/drehmeister-adaptador-glp-de-bayoneta-w21-8x1-14-version-corta\/","og_locale":"it_IT","og_type":"article","og_title":"Adattatore LPG a baionetta (W21.8) | DREHMEISTER","og_description":"Adattatore GPL a baionetta DREHMEISTER W21.8, ideale per il rifornimento in Europa. Connessione sicura e compatibile con i sistemi di ricarica mini.","og_url":"https:\/\/recambiosecogas.com\/it\/producto\/drehmeister-adaptador-glp-de-bayoneta-w21-8x1-14-version-corta\/","og_site_name":"Recambios EcoGas","article_publisher":"https:\/\/www.facebook.com\/profile.php?id=100062419705358","article_modified_time":"2026-04-08T09:21:02+00:00","og_image":[{"width":1000,"height":1000,"url":"https:\/\/recambiosecogas.com\/wp-content\/uploads\/2024\/12\/DREHMEISTER-adaptador-GLP-de-bayoneta-W21.8x114-version-corta-png.webp","type":"image\/png"}],"twitter_card":"summary_large_image","twitter_misc":{"Prezzo":"11,83&nbsp;&euro; (Sin IVA: 9,78&nbsp;&euro;)","Disponibilit\u00e0":"In stock"},"schema":{"@context":"https:\/\/schema.org","@graph":[{"@type":"WebPage","@id":"https:\/\/recambiosecogas.com\/it\/producto\/drehmeister-adaptador-glp-de-bayoneta-w21-8x1-14-version-corta\/","url":"https:\/\/recambiosecogas.com\/it\/producto\/drehmeister-adaptador-glp-de-bayoneta-w21-8x1-14-version-corta\/","name":"Adattatore LPG a baionetta DREHMEISTER W21.8 | Pezzi di ricambio Ecogas","isPartOf":{"@id":"https:\/\/recambiosecogas.com\/it\/#website"},"primaryImageOfPage":{"@id":"https:\/\/recambiosecogas.com\/it\/producto\/drehmeister-adaptador-glp-de-bayoneta-w21-8x1-14-version-corta\/#primaryimage"},"image":{"@id":"https:\/\/recambiosecogas.com\/it\/producto\/drehmeister-adaptador-glp-de-bayoneta-w21-8x1-14-version-corta\/#primaryimage"},"thumbnailUrl":"https:\/\/recambiosecogas.com\/wp-content\/uploads\/2024\/12\/DREHMEISTER-adaptador-GLP-de-bayoneta-W21.8x114-version-corta-png.webp","datePublished":"2024-12-04T17:43:59+00:00","dateModified":"2026-04-08T09:21:02+00:00","description":"Adattatore GPL a baionetta DREHMEISTER W21.8, ideale per il rifornimento in Europa. Connessione sicura e compatibile con i sistemi di ricarica mini.","breadcrumb":{"@id":"https:\/\/recambiosecogas.com\/it\/producto\/drehmeister-adaptador-glp-de-bayoneta-w21-8x1-14-version-corta\/#breadcrumb"},"inLanguage":"it-IT","potentialAction":[{"@type":"ReadAction","target":["https:\/\/recambiosecogas.com\/it\/producto\/drehmeister-adaptador-glp-de-bayoneta-w21-8x1-14-version-corta\/"]}]},{"@type":"ImageObject","inLanguage":"it-IT","@id":"https:\/\/recambiosecogas.com\/it\/producto\/drehmeister-adaptador-glp-de-bayoneta-w21-8x1-14-version-corta\/#primaryimage","url":"https:\/\/recambiosecogas.com\/wp-content\/uploads\/2024\/12\/DREHMEISTER-adaptador-GLP-de-bayoneta-W21.8x114-version-corta-png.webp","contentUrl":"https:\/\/recambiosecogas.com\/wp-content\/uploads\/2024\/12\/DREHMEISTER-adaptador-GLP-de-bayoneta-W21.8x114-version-corta-png.webp","width":1000,"height":1000},{"@type":"BreadcrumbList","@id":"https:\/\/recambiosecogas.com\/it\/producto\/drehmeister-adaptador-glp-de-bayoneta-w21-8x1-14-version-corta\/#breadcrumb","itemListElement":[{"@type":"ListItem","position":1,"name":"Portada","item":"https:\/\/recambiosecogas.com\/it\/"},{"@type":"ListItem","position":2,"name":"Negozio","item":"https:\/\/recambiosecogas.com\/it\/?page_id=46382"},{"@type":"ListItem","position":3,"name":"Adattatore LPG a baionetta (W21.8) | DREHMEISTER"}]},{"@type":"WebSite","@id":"https:\/\/recambiosecogas.com\/it\/#website","url":"https:\/\/recambiosecogas.com\/it\/","name":"Recambios EcoGas","description":"Recambios Multimarca para sistemas de GLP\/GNC\/GNL\/Hidr\u00f3geno","publisher":{"@id":"https:\/\/recambiosecogas.com\/it\/#organization"},"alternateName":"Recambios Autogas GLP","potentialAction":[{"@type":"SearchAction","target":{"@type":"EntryPoint","urlTemplate":"https:\/\/recambiosecogas.com\/it\/?s={search_term_string}"},"query-input":{"@type":"PropertyValueSpecification","valueRequired":true,"valueName":"search_term_string"}}],"inLanguage":"it-IT"},{"@type":["Organization","Place"],"@id":"https:\/\/recambiosecogas.com\/it\/#organization","name":"Recambios EcoGas","alternateName":"Tienda Online GLP Espa\u00f1a","url":"https:\/\/recambiosecogas.com\/it\/","logo":{"@id":"https:\/\/recambiosecogas.com\/it\/producto\/drehmeister-adaptador-glp-de-bayoneta-w21-8x1-14-version-corta\/#local-main-organization-logo"},"image":{"@id":"https:\/\/recambiosecogas.com\/it\/producto\/drehmeister-adaptador-glp-de-bayoneta-w21-8x1-14-version-corta\/#local-main-organization-logo"},"sameAs":["https:\/\/www.facebook.com\/profile.php?id=100062419705358","https:\/\/www.instagram.com\/segimon_automocio"],"description":"Recambios EcoGas \u2013 Venta y distribuci\u00f3n de sistemas GLP y GNC en Espa\u00f1a y Portugal. Env\u00edos 24 h, soporte t\u00e9cnico a talleres y distribuidores.","hasMerchantReturnPolicy":{"@type":"MerchantReturnPolicy","merchantReturnLink":"https:\/\/recambiosecogas.com\/politicas-privacidad\/"},"address":{"@id":"https:\/\/recambiosecogas.com\/it\/producto\/drehmeister-adaptador-glp-de-bayoneta-w21-8x1-14-version-corta\/#local-main-place-address"},"telephone":["616250633"],"contactPoint":{"@type":"ContactPoint","email":"export@recambiosecogas.com"},"openingHoursSpecification":[{"@type":"OpeningHoursSpecification","dayOfWeek":["Monday","Tuesday","Wednesday","Thursday","Friday","Saturday","Sunday"],"opens":"09:00","closes":"17:00"}],"email":"info@recambiosecogas.com","faxNumber":"SEGIMON AUTOMOCION SL","vatID":"ESB19819861","globalLocationNumber":"938 616 339"},{"@type":"PostalAddress","@id":"https:\/\/recambiosecogas.com\/it\/producto\/drehmeister-adaptador-glp-de-bayoneta-w21-8x1-14-version-corta\/#local-main-place-address","streetAddress":"cami antic de vic, 29 (Nave 3), Pol\u00edgono Industrial Congost","addressLocality":"CORRO D`AVALL","postalCode":"08520","addressRegion":"Barcelona","addressCountry":"ES"},{"@type":"ImageObject","inLanguage":"it-IT","@id":"https:\/\/recambiosecogas.com\/it\/producto\/drehmeister-adaptador-glp-de-bayoneta-w21-8x1-14-version-corta\/#local-main-organization-logo","url":"https:\/\/recambiosecogas.com\/wp-content\/uploads\/2024\/11\/cropped-RECAMBIOS-GLP-png.webp","contentUrl":"https:\/\/recambiosecogas.com\/wp-content\/uploads\/2024\/11\/cropped-RECAMBIOS-GLP-png.webp","width":512,"height":512,"caption":"Recambios EcoGas"}]},"product_price_amount":"11.83","product_price_currency":"EUR","og_availability":"instock","product_availability":"instock","product_retailer_item_id":"112634","product_condition":"new","geo.placename":"CORRO D`AVALL","geo.region":"Spagna"},"uagb_featured_image_src":{"full":["https:\/\/recambiosecogas.com\/wp-content\/uploads\/2024\/12\/DREHMEISTER-adaptador-GLP-de-bayoneta-W21.8x114-version-corta-png.webp",1000,1000,false],"thumbnail":["https:\/\/recambiosecogas.com\/wp-content\/uploads\/2024\/12\/DREHMEISTER-adaptador-GLP-de-bayoneta-W21.8x114-version-corta-150x150.webp",150,150,true],"medium":["https:\/\/recambiosecogas.com\/wp-content\/uploads\/2024\/12\/DREHMEISTER-adaptador-GLP-de-bayoneta-W21.8x114-version-corta-300x300.webp",300,300,true],"medium_large":["https:\/\/recambiosecogas.com\/wp-content\/uploads\/2024\/12\/DREHMEISTER-adaptador-GLP-de-bayoneta-W21.8x114-version-corta-768x768.webp",768,768,true],"large":["https:\/\/recambiosecogas.com\/wp-content\/uploads\/2024\/12\/DREHMEISTER-adaptador-GLP-de-bayoneta-W21.8x114-version-corta-png.webp",1000,1000,false],"1536x1536":["https:\/\/recambiosecogas.com\/wp-content\/uploads\/2024\/12\/DREHMEISTER-adaptador-GLP-de-bayoneta-W21.8x114-version-corta-png.webp",1000,1000,false],"2048x2048":["https:\/\/recambiosecogas.com\/wp-content\/uploads\/2024\/12\/DREHMEISTER-adaptador-GLP-de-bayoneta-W21.8x114-version-corta-png.webp",1000,1000,false],"woocommerce_archive_thumbnail":["https:\/\/recambiosecogas.com\/wp-content\/uploads\/2024\/12\/DREHMEISTER-adaptador-GLP-de-bayoneta-W21.8x114-version-corta-png.webp",1000,1000,false],"woocommerce_thumbnail":["https:\/\/recambiosecogas.com\/wp-content\/uploads\/2024\/12\/DREHMEISTER-adaptador-GLP-de-bayoneta-W21.8x114-version-corta-png-300x300.webp",300,300,true],"woocommerce_single":["https:\/\/recambiosecogas.com\/wp-content\/uploads\/2024\/12\/DREHMEISTER-adaptador-GLP-de-bayoneta-W21.8x114-version-corta-png.webp",1000,1000,false],"woocommerce_gallery_thumbnail":["https:\/\/recambiosecogas.com\/wp-content\/uploads\/2024\/12\/DREHMEISTER-adaptador-GLP-de-bayoneta-W21.8x114-version-corta-png.webp",1000,1000,false],"dgwt-wcas-product-suggestion":["https:\/\/recambiosecogas.com\/wp-content\/uploads\/2024\/12\/DREHMEISTER-adaptador-GLP-de-bayoneta-W21.8x114-version-corta-png-64x64.webp",64,64,true]},"uagb_author_info":{"display_name":"Fran - Soporte T\u00e9cnico","author_link":"https:\/\/recambiosecogas.com\/it\/author\/"},"uagb_comment_info":0,"uagb_excerpt":"DREHMEISTER","_links":{"self":[{"href":"https:\/\/recambiosecogas.com\/it\/wp-json\/wp\/v2\/product\/46556","targetHints":{"allow":["GET"]}}],"collection":[{"href":"https:\/\/recambiosecogas.com\/it\/wp-json\/wp\/v2\/product"}],"about":[{"href":"https:\/\/recambiosecogas.com\/it\/wp-json\/wp\/v2\/types\/product"}],"replies":[{"embeddable":true,"href":"https:\/\/recambiosecogas.com\/it\/wp-json\/wp\/v2\/comments?post=46556"}],"wp:featuredmedia":[{"embeddable":true,"href":"https:\/\/recambiosecogas.com\/it\/wp-json\/wp\/v2\/media\/8525"}],"wp:attachment":[{"href":"https:\/\/recambiosecogas.com\/it\/wp-json\/wp\/v2\/media?parent=46556"}],"wp:term":[{"taxonomy":"product_brand","embeddable":true,"href":"https:\/\/recambiosecogas.com\/it\/wp-json\/wp\/v2\/product_brand?post=46556"},{"taxonomy":"product_cat","embeddable":true,"href":"https:\/\/recambiosecogas.com\/it\/wp-json\/wp\/v2\/product_cat?post=46556"},{"taxonomy":"product_tag","embeddable":true,"href":"https:\/\/recambiosecogas.com\/it\/wp-json\/wp\/v2\/product_tag?post=46556"}],"curies":[{"name":"wp","href":"https:\/\/api.w.org\/{rel}","templated":true}]}}