{"id":46535,"date":"2024-12-04T18:43:58","date_gmt":"2024-12-04T17:43:58","guid":{"rendered":"https:\/\/recambiosecogas.com\/producto\/drehmeister-adaptador-de-boquilla-de-suministro-bayoneta-o22-mm-w218-laton\/"},"modified":"2026-04-08T10:20:55","modified_gmt":"2026-04-08T09:20:55","slug":"drehmeister-adaptador-de-boquilla-de-suministro-bayoneta-o22-mm-w218-laton","status":"publish","type":"product","link":"https:\/\/recambiosecogas.com\/it\/producto\/drehmeister-adaptador-de-boquilla-de-suministro-bayoneta-o22-mm-w218-laton\/","title":{"rendered":"Adattatore BAYONETA M22 GPL (W21,8) | DREHMEISTER"},"content":{"rendered":"<h3 style=\"text-align: center;\">Adattatore BAYONETA M22 GPL (W21,8) | DREHMEISTER<\/h3>\n<h4 data-start=\"440\" data-end=\"560\"><strong data-start=\"444\" data-end=\"560\">Adattatore baionetta DREHMEISTER LPG \u00d822 mm \u2013 Filettatura W21.8&#215;1\/14&#8243; | Collegamento per Regno Unito, Paesi Bassi e Spagna<\/strong><\/h4>\n<p class=\"\" data-start=\"562\" data-end=\"816\"><strong data-start=\"565\" data-end=\"626\">L&#8217;adattatore per ugello di alimentazione per baionetta a<\/strong> <strong data-start=\"630\" data-end=\"645\">baionetta DREHMEISTER<\/strong> M22 \u00e8 progettato per il rifornimento di GPL\/autogas in paesi come <strong data-start=\"701\" data-end=\"748\">Spagna, Regno Unito, Paesi Bassi e Norvegia<\/strong>, dove il sistema <strong data-start=\"778\" data-end=\"789\">baionetta<\/strong> \u00e8 utilizzato come standard di connessione. <span style=\"color: #ffffff;\">\u00a9Ricambi EcoGas<\/span><\/p>\n<p class=\"\" data-start=\"818\" data-end=\"1168\">Con la <strong data-start=\"825\" data-end=\"855\">sua filettatura W21.8&#215;1\/14&#8243; (\u00d822 mm<\/strong>), questo adattatore \u00e8 completamente <strong data-start=\"910\" data-end=\"923\">compatibile con valvole HK piatte<\/strong>, comuni nelle installazioni a GPL fisso in <strong data-start=\"969\" data-end=\"1007\">veicoli, camper e camper<\/strong>. Grazie alla <strong data-start=\"1022\" data-end=\"1051\">sua lunghezza complessiva di 72,8 mm<\/strong>, pu\u00f2 essere utilizzato anche come <strong data-start=\"1079\" data-end=\"1094\">prolunga<\/strong> per altri adattatori (ACME, DISH, Euronozzle) con filettatura esterna W21.8. <\/p>\n<p class=\"\" data-start=\"1170\" data-end=\"1339\">Realizzato <strong data-start=\"1183\" data-end=\"1208\">in ottone di alta qualit\u00e0<\/strong>, l&#8217;adattatore DREHMEISTER garantisce una connessione <strong data-start=\"1258\" data-end=\"1287\">precisa, stagna e sicura<\/strong>, anche in condizioni di uso intensivo e impegnative. <span style=\"color: #ffffff;\">\u00a9Ricambi EcoGas<\/span><\/p>\n<hr class=\"\" data-start=\"1341\" data-end=\"1344\">\n<h4 data-start=\"1346\" data-end=\"1429\"><strong data-start=\"1350\" data-end=\"1429\">Caratteristiche tecniche \u2013 Adattatore BAYONETA M22 GPL (W21,8) | <span style=\"color: #ffffff;\">Ricambi DREHMEISTER \u00a9EcoGas<\/span><\/strong><\/h4>\n<div class=\"overflow-x-auto contain-inline-size\">\n<table data-start=\"1431\" data-end=\"2461\">\n<thead data-start=\"1431\" data-end=\"1534\">\n<tr data-start=\"1431\" data-end=\"1534\">\n<th data-start=\"1431\" data-end=\"1460\">Specifiche<\/th>\n<th data-start=\"1460\" data-end=\"1534\">Dettagli<\/th>\n<\/tr>\n<\/thead>\n<tbody data-start=\"1638\" data-end=\"2461\">\n<tr data-start=\"1638\" data-end=\"1740\">\n<td><strong data-start=\"1640\" data-end=\"1661\">Tipo di adattatore<\/strong><\/td>\n<td>Baionetta \u2013 standard Regno Unito, Paesi Bassi, Norvegia, Spagna<\/td>\n<\/tr>\n<tr data-start=\"1741\" data-end=\"1843\">\n<td><strong data-start=\"1743\" data-end=\"1764\">Filo di collegamento<\/strong><\/td>\n<td>L21.8&#215;1\/14&#8243; (Filettatura femmina di tipo HK)<\/td>\n<\/tr>\n<tr data-start=\"1844\" data-end=\"1947\">\n<td><strong data-start=\"1846\" data-end=\"1864\">Lunghezza complessiva<\/strong><\/td>\n<td><span style=\"color: #ffffff;\">Pezzi di ricambio EcoGas da 72,8 mm \u00a9<\/span><\/td>\n<\/tr>\n<tr data-start=\"1948\" data-end=\"2050\">\n<td><strong data-start=\"1950\" data-end=\"1962\">Materiale<\/strong><\/td>\n<td><span style=\"color: #ffffff;\">Ricariche in ottone \u00a9EcoGas<\/span><\/td>\n<\/tr>\n<tr data-start=\"2051\" data-end=\"2153\">\n<td><strong data-start=\"2053\" data-end=\"2069\">Approvazione<\/strong><\/td>\n<td>Pezzi di ricambio ECE 67R-01 <span style=\"color: #ffffff;\">\u00a9EcoGas<\/span><\/td>\n<\/tr>\n<tr data-start=\"2154\" data-end=\"2255\">\n<td><strong data-start=\"2156\" data-end=\"2172\">Applicazioni<\/strong><\/td>\n<td>Rifornimento di GPL in veicoli, camper, camper<\/td>\n<p>,<\/p>\n<\/tr>\n<tr data-start=\"2256\" data-end=\"2358\">\n<td><strong data-start=\"2258\" data-end=\"2276\">Compatibilit\u00e0<\/strong><\/td>\n<td>Tomasetto, OMB, Rotarex, Lovato, valvole miniload con piatto HK<\/td>\n<\/tr>\n<tr data-start=\"2359\" data-end=\"2461\">\n<p>Funzione <\/p>\n<td><strong data-start=\"2361\" data-end=\"2382\">aggiuntiva<\/strong><\/td>\n<td>Pu\u00f2 essere usato come prolunga per adattatori ACME, DISH e Euronozzle<\/td>\n<\/tr>\n<\/tbody>\n<\/table>\n<\/div>\n<blockquote data-start=\"2463\" data-end=\"2588\">\n<p class=\"\" data-start=\"2465\" data-end=\"2588\"><em><strong>Soluzione essenziale per il rifornimento nei paesi con sistema a baionetta. Forza, sicurezza e compatibilit\u00e0 garantite.   <span style=\"color: #ffffff;\">\u00a9Ricambi EcoGas<\/span><\/strong><\/em><\/p>\n<\/blockquote>\n<p><a href=\"https:\/\/recambiosecogas.com\/it\/categoria-producto\/repostar\/adaptadores-glp\/\">ACQUISTA PI\u00d9 PRODOTTI ONLINE NEL NOSTRO NEGOZIO<\/a><\/p>\n<p><a href=\"http:\/\/www.segimonautomocio.com\/\">CONVERTITE IN LPG NEL NOSTRO OFFICINO UFFICIALE DI INSTALLAZIONE, MAGGIORI INFORMAZIONI SUL SITO WEB DEL NOSTRO WORKSHOP<\/a><\/p>\n<p>L&#8217;adattatore GPL BAYONETA M22 \u00e8 uno strumento essenziale per chi utilizza Autogas in Europa. Il suo design specifico consente un rifornimento efficiente e sicuro nelle stazioni che operano con il sistema baionetta. Questo adattatore non solo facilita il rifornimento, ma garantisce anche l&#8217;integrit\u00e0 del sistema di alimentazione, prevenendo perdite e garantendo prestazioni ottimali del veicolo. Ideale per gli utenti di camper e camper, questo adattatore \u00e8 un investimento che migliora l&#8217;esperienza di rifornimento e la sicurezza nell&#8217;uso dell&#8217;Autogas.   <\/p>\n","protected":false},"excerpt":{"rendered":"<p>DREHMEISTER<\/p>\n","protected":false},"featured_media":8542,"comment_status":"closed","ping_status":"closed","template":"","meta":{"_uag_custom_page_level_css":""},"product_brand":[],"product_cat":[2188,2189,2348,2162],"product_tag":[2292,2293,2352,2353],"class_list":{"0":"post-46535","1":"product","2":"type-product","3":"status-publish","4":"has-post-thumbnail","6":"product_cat-adaptador-glp","7":"product_cat-adaptadores-glp","8":"product_cat-drehmeister","9":"product_cat-repostar","10":"product_tag-adaptador-noruega","11":"product_tag-adaptador-paises-bajos","12":"product_tag-adapter-gran-bretagna","13":"product_tag-adattatore-gpl-spagna-e-portogallo","15":"first","16":"onbackorder","17":"taxable","18":"shipping-taxable","19":"purchasable","20":"product-type-simple"},"ct_brands":[],"yoast_head":"<!-- This site is optimized with the Yoast SEO Premium plugin v27.5 (Yoast SEO v27.5) - https:\/\/yoast.com\/product\/yoast-seo-premium-wordpress\/ -->\n<title>Adattatore BAYONETA M22 GPL (W21,8) | Pezzi di ricambio Ecogas<\/title>\n<meta name=\"description\" content=\"Adattatore GPL DREHMEISTER BAYONETA M22 (W21,8) per rifornimento nel Regno Unito e in Europa. Alta qualit\u00e0 in ottone, approvata ECE 67R-01.\" \/>\n<meta name=\"robots\" content=\"index, follow, max-snippet:-1, max-image-preview:large, max-video-preview:-1\" \/>\n<link rel=\"canonical\" href=\"https:\/\/recambiosecogas.com\/it\/producto\/drehmeister-adaptador-de-boquilla-de-suministro-bayoneta-o22-mm-w218-laton\/\" \/>\n<meta property=\"og:locale\" content=\"it_IT\" \/>\n<meta property=\"og:type\" content=\"article\" \/>\n<meta property=\"og:title\" content=\"Adattatore BAYONETA M22 GPL (W21,8) | DREHMEISTER\" \/>\n<meta property=\"og:description\" content=\"Adattatore GPL DREHMEISTER BAYONETA M22 (W21,8) per rifornimento nel Regno Unito e in Europa. Alta qualit\u00e0 in ottone, approvata ECE 67R-01.\" \/>\n<meta property=\"og:url\" content=\"https:\/\/recambiosecogas.com\/it\/producto\/drehmeister-adaptador-de-boquilla-de-suministro-bayoneta-o22-mm-w218-laton\/\" \/>\n<meta property=\"og:site_name\" content=\"Recambios EcoGas\" \/>\n<meta property=\"article:publisher\" content=\"https:\/\/www.facebook.com\/profile.php?id=100062419705358\" \/>\n<meta property=\"article:modified_time\" content=\"2026-04-08T09:20:55+00:00\" \/>\n<meta property=\"og:image\" content=\"https:\/\/recambiosecogas.com\/wp-content\/uploads\/2024\/12\/DREHMEISTER-adaptador-de-boquilla-de-suministro-Bayoneta-O22-mm-W218-laton-png.webp\" \/>\n\t<meta property=\"og:image:width\" content=\"1000\" \/>\n\t<meta property=\"og:image:height\" content=\"1000\" \/>\n\t<meta property=\"og:image:type\" content=\"image\/png\" \/>\n<meta name=\"twitter:card\" content=\"summary_large_image\" \/>\n<meta name=\"twitter:label1\" content=\"Prezzo\" \/>\n\t<meta name=\"twitter:data1\" content=\"20,69&nbsp;&euro; (Sin IVA: 17,10&nbsp;&euro;)\" \/>\n\t<meta name=\"twitter:label2\" content=\"Disponibilit\u00e0\" \/>\n\t<meta name=\"twitter:data2\" content=\"Su ordinazione\" \/>\n<script type=\"application\/ld+json\" class=\"yoast-schema-graph\">{\"@context\":\"https:\\\/\\\/schema.org\",\"@graph\":[{\"@type\":\"WebPage\",\"@id\":\"https:\\\/\\\/recambiosecogas.com\\\/it\\\/producto\\\/drehmeister-adaptador-de-boquilla-de-suministro-bayoneta-o22-mm-w218-laton\\\/\",\"url\":\"https:\\\/\\\/recambiosecogas.com\\\/it\\\/producto\\\/drehmeister-adaptador-de-boquilla-de-suministro-bayoneta-o22-mm-w218-laton\\\/\",\"name\":\"Adattatore BAYONETA M22 GPL (W21,8) | Pezzi di ricambio Ecogas\",\"isPartOf\":{\"@id\":\"https:\\\/\\\/recambiosecogas.com\\\/it\\\/#website\"},\"primaryImageOfPage\":{\"@id\":\"https:\\\/\\\/recambiosecogas.com\\\/it\\\/producto\\\/drehmeister-adaptador-de-boquilla-de-suministro-bayoneta-o22-mm-w218-laton\\\/#primaryimage\"},\"image\":{\"@id\":\"https:\\\/\\\/recambiosecogas.com\\\/it\\\/producto\\\/drehmeister-adaptador-de-boquilla-de-suministro-bayoneta-o22-mm-w218-laton\\\/#primaryimage\"},\"thumbnailUrl\":\"https:\\\/\\\/recambiosecogas.com\\\/wp-content\\\/uploads\\\/2024\\\/12\\\/DREHMEISTER-adaptador-de-boquilla-de-suministro-Bayoneta-O22-mm-W218-laton-png.webp\",\"datePublished\":\"2024-12-04T17:43:58+00:00\",\"dateModified\":\"2026-04-08T09:20:55+00:00\",\"description\":\"Adattatore GPL DREHMEISTER BAYONETA M22 (W21,8) per rifornimento nel Regno Unito e in Europa. Alta qualit\u00e0 in ottone, approvata ECE 67R-01.\",\"breadcrumb\":{\"@id\":\"https:\\\/\\\/recambiosecogas.com\\\/it\\\/producto\\\/drehmeister-adaptador-de-boquilla-de-suministro-bayoneta-o22-mm-w218-laton\\\/#breadcrumb\"},\"inLanguage\":\"it-IT\",\"potentialAction\":[{\"@type\":\"ReadAction\",\"target\":[\"https:\\\/\\\/recambiosecogas.com\\\/it\\\/producto\\\/drehmeister-adaptador-de-boquilla-de-suministro-bayoneta-o22-mm-w218-laton\\\/\"]}]},{\"@type\":\"ImageObject\",\"inLanguage\":\"it-IT\",\"@id\":\"https:\\\/\\\/recambiosecogas.com\\\/it\\\/producto\\\/drehmeister-adaptador-de-boquilla-de-suministro-bayoneta-o22-mm-w218-laton\\\/#primaryimage\",\"url\":\"https:\\\/\\\/recambiosecogas.com\\\/wp-content\\\/uploads\\\/2024\\\/12\\\/DREHMEISTER-adaptador-de-boquilla-de-suministro-Bayoneta-O22-mm-W218-laton-png.webp\",\"contentUrl\":\"https:\\\/\\\/recambiosecogas.com\\\/wp-content\\\/uploads\\\/2024\\\/12\\\/DREHMEISTER-adaptador-de-boquilla-de-suministro-Bayoneta-O22-mm-W218-laton-png.webp\",\"width\":1000,\"height\":1000},{\"@type\":\"BreadcrumbList\",\"@id\":\"https:\\\/\\\/recambiosecogas.com\\\/it\\\/producto\\\/drehmeister-adaptador-de-boquilla-de-suministro-bayoneta-o22-mm-w218-laton\\\/#breadcrumb\",\"itemListElement\":[{\"@type\":\"ListItem\",\"position\":1,\"name\":\"Portada\",\"item\":\"https:\\\/\\\/recambiosecogas.com\\\/it\\\/\"},{\"@type\":\"ListItem\",\"position\":2,\"name\":\"Negozio\",\"item\":\"https:\\\/\\\/recambiosecogas.com\\\/it\\\/?page_id=46382\"},{\"@type\":\"ListItem\",\"position\":3,\"name\":\"Adattatore BAYONETA M22 GPL (W21,8) | DREHMEISTER\"}]},{\"@type\":\"WebSite\",\"@id\":\"https:\\\/\\\/recambiosecogas.com\\\/it\\\/#website\",\"url\":\"https:\\\/\\\/recambiosecogas.com\\\/it\\\/\",\"name\":\"Recambios EcoGas\",\"description\":\"Recambios Multimarca para sistemas de GLP\\\/GNC\\\/GNL\\\/Hidr\u00f3geno\",\"publisher\":{\"@id\":\"https:\\\/\\\/recambiosecogas.com\\\/it\\\/#organization\"},\"alternateName\":\"Recambios Autogas GLP\",\"potentialAction\":[{\"@type\":\"SearchAction\",\"target\":{\"@type\":\"EntryPoint\",\"urlTemplate\":\"https:\\\/\\\/recambiosecogas.com\\\/it\\\/?s={search_term_string}\"},\"query-input\":{\"@type\":\"PropertyValueSpecification\",\"valueRequired\":true,\"valueName\":\"search_term_string\"}}],\"inLanguage\":\"it-IT\"},{\"@type\":[\"Organization\",\"Place\"],\"@id\":\"https:\\\/\\\/recambiosecogas.com\\\/it\\\/#organization\",\"name\":\"Recambios EcoGas\",\"alternateName\":\"Tienda Online GLP Espa\u00f1a\",\"url\":\"https:\\\/\\\/recambiosecogas.com\\\/it\\\/\",\"logo\":{\"@id\":\"https:\\\/\\\/recambiosecogas.com\\\/it\\\/producto\\\/drehmeister-adaptador-de-boquilla-de-suministro-bayoneta-o22-mm-w218-laton\\\/#local-main-organization-logo\"},\"image\":{\"@id\":\"https:\\\/\\\/recambiosecogas.com\\\/it\\\/producto\\\/drehmeister-adaptador-de-boquilla-de-suministro-bayoneta-o22-mm-w218-laton\\\/#local-main-organization-logo\"},\"sameAs\":[\"https:\\\/\\\/www.facebook.com\\\/profile.php?id=100062419705358\",\"https:\\\/\\\/www.instagram.com\\\/segimon_automocio\"],\"description\":\"Recambios EcoGas \u2013 Venta y distribuci\u00f3n de sistemas GLP y GNC en Espa\u00f1a y Portugal. Env\u00edos 24 h, soporte t\u00e9cnico a talleres y distribuidores.\",\"hasMerchantReturnPolicy\":{\"@type\":\"MerchantReturnPolicy\",\"merchantReturnLink\":\"https:\\\/\\\/recambiosecogas.com\\\/politicas-privacidad\\\/\"},\"address\":{\"@id\":\"https:\\\/\\\/recambiosecogas.com\\\/it\\\/producto\\\/drehmeister-adaptador-de-boquilla-de-suministro-bayoneta-o22-mm-w218-laton\\\/#local-main-place-address\"},\"telephone\":[\"616250633\"],\"contactPoint\":{\"@type\":\"ContactPoint\",\"email\":\"export@recambiosecogas.com\"},\"openingHoursSpecification\":[{\"@type\":\"OpeningHoursSpecification\",\"dayOfWeek\":[\"Monday\",\"Tuesday\",\"Wednesday\",\"Thursday\",\"Friday\",\"Saturday\",\"Sunday\"],\"opens\":\"09:00\",\"closes\":\"17:00\"}],\"email\":\"info@recambiosecogas.com\",\"faxNumber\":\"SEGIMON AUTOMOCION SL\",\"vatID\":\"ESB19819861\",\"globalLocationNumber\":\"938 616 339\"},{\"@type\":\"PostalAddress\",\"@id\":\"https:\\\/\\\/recambiosecogas.com\\\/it\\\/producto\\\/drehmeister-adaptador-de-boquilla-de-suministro-bayoneta-o22-mm-w218-laton\\\/#local-main-place-address\",\"streetAddress\":\"cami antic de vic, 29 (Nave 3), Pol\u00edgono Industrial Congost\",\"addressLocality\":\"CORRO D`AVALL\",\"postalCode\":\"08520\",\"addressRegion\":\"Barcelona\",\"addressCountry\":\"ES\"},{\"@type\":\"ImageObject\",\"inLanguage\":\"it-IT\",\"@id\":\"https:\\\/\\\/recambiosecogas.com\\\/it\\\/producto\\\/drehmeister-adaptador-de-boquilla-de-suministro-bayoneta-o22-mm-w218-laton\\\/#local-main-organization-logo\",\"url\":\"https:\\\/\\\/recambiosecogas.com\\\/wp-content\\\/uploads\\\/2024\\\/11\\\/cropped-RECAMBIOS-GLP-png.webp\",\"contentUrl\":\"https:\\\/\\\/recambiosecogas.com\\\/wp-content\\\/uploads\\\/2024\\\/11\\\/cropped-RECAMBIOS-GLP-png.webp\",\"width\":512,\"height\":512,\"caption\":\"Recambios EcoGas\"}]}<\/script>\n<meta property=\"product:price:amount\" content=\"20.69\" \/>\n<meta property=\"product:price:currency\" content=\"EUR\" \/>\n<meta property=\"og:availability\" content=\"backorder\" \/>\n<meta property=\"product:availability\" content=\"available for order\" \/>\n<meta property=\"product:retailer_item_id\" content=\"101172\" \/>\n<meta property=\"product:condition\" content=\"new\" \/>\n<meta name=\"geo.placename\" content=\"CORRO D`AVALL\" \/>\n<meta name=\"geo.region\" content=\"Spagna\" \/>\n<!-- \/ Yoast SEO Premium plugin. -->","yoast_head_json":{"title":"Adattatore BAYONETA M22 GPL (W21,8) | Pezzi di ricambio Ecogas","description":"Adattatore GPL DREHMEISTER BAYONETA M22 (W21,8) per rifornimento nel Regno Unito e in Europa. Alta qualit\u00e0 in ottone, approvata ECE 67R-01.","robots":{"index":"index","follow":"follow","max-snippet":"max-snippet:-1","max-image-preview":"max-image-preview:large","max-video-preview":"max-video-preview:-1"},"canonical":"https:\/\/recambiosecogas.com\/it\/producto\/drehmeister-adaptador-de-boquilla-de-suministro-bayoneta-o22-mm-w218-laton\/","og_locale":"it_IT","og_type":"article","og_title":"Adattatore BAYONETA M22 GPL (W21,8) | DREHMEISTER","og_description":"Adattatore GPL DREHMEISTER BAYONETA M22 (W21,8) per rifornimento nel Regno Unito e in Europa. Alta qualit\u00e0 in ottone, approvata ECE 67R-01.","og_url":"https:\/\/recambiosecogas.com\/it\/producto\/drehmeister-adaptador-de-boquilla-de-suministro-bayoneta-o22-mm-w218-laton\/","og_site_name":"Recambios EcoGas","article_publisher":"https:\/\/www.facebook.com\/profile.php?id=100062419705358","article_modified_time":"2026-04-08T09:20:55+00:00","og_image":[{"width":1000,"height":1000,"url":"https:\/\/recambiosecogas.com\/wp-content\/uploads\/2024\/12\/DREHMEISTER-adaptador-de-boquilla-de-suministro-Bayoneta-O22-mm-W218-laton-png.webp","type":"image\/png"}],"twitter_card":"summary_large_image","twitter_misc":{"Prezzo":"20,69&nbsp;&euro; (Sin IVA: 17,10&nbsp;&euro;)","Disponibilit\u00e0":"Su ordinazione"},"schema":{"@context":"https:\/\/schema.org","@graph":[{"@type":"WebPage","@id":"https:\/\/recambiosecogas.com\/it\/producto\/drehmeister-adaptador-de-boquilla-de-suministro-bayoneta-o22-mm-w218-laton\/","url":"https:\/\/recambiosecogas.com\/it\/producto\/drehmeister-adaptador-de-boquilla-de-suministro-bayoneta-o22-mm-w218-laton\/","name":"Adattatore BAYONETA M22 GPL (W21,8) | Pezzi di ricambio Ecogas","isPartOf":{"@id":"https:\/\/recambiosecogas.com\/it\/#website"},"primaryImageOfPage":{"@id":"https:\/\/recambiosecogas.com\/it\/producto\/drehmeister-adaptador-de-boquilla-de-suministro-bayoneta-o22-mm-w218-laton\/#primaryimage"},"image":{"@id":"https:\/\/recambiosecogas.com\/it\/producto\/drehmeister-adaptador-de-boquilla-de-suministro-bayoneta-o22-mm-w218-laton\/#primaryimage"},"thumbnailUrl":"https:\/\/recambiosecogas.com\/wp-content\/uploads\/2024\/12\/DREHMEISTER-adaptador-de-boquilla-de-suministro-Bayoneta-O22-mm-W218-laton-png.webp","datePublished":"2024-12-04T17:43:58+00:00","dateModified":"2026-04-08T09:20:55+00:00","description":"Adattatore GPL DREHMEISTER BAYONETA M22 (W21,8) per rifornimento nel Regno Unito e in Europa. Alta qualit\u00e0 in ottone, approvata ECE 67R-01.","breadcrumb":{"@id":"https:\/\/recambiosecogas.com\/it\/producto\/drehmeister-adaptador-de-boquilla-de-suministro-bayoneta-o22-mm-w218-laton\/#breadcrumb"},"inLanguage":"it-IT","potentialAction":[{"@type":"ReadAction","target":["https:\/\/recambiosecogas.com\/it\/producto\/drehmeister-adaptador-de-boquilla-de-suministro-bayoneta-o22-mm-w218-laton\/"]}]},{"@type":"ImageObject","inLanguage":"it-IT","@id":"https:\/\/recambiosecogas.com\/it\/producto\/drehmeister-adaptador-de-boquilla-de-suministro-bayoneta-o22-mm-w218-laton\/#primaryimage","url":"https:\/\/recambiosecogas.com\/wp-content\/uploads\/2024\/12\/DREHMEISTER-adaptador-de-boquilla-de-suministro-Bayoneta-O22-mm-W218-laton-png.webp","contentUrl":"https:\/\/recambiosecogas.com\/wp-content\/uploads\/2024\/12\/DREHMEISTER-adaptador-de-boquilla-de-suministro-Bayoneta-O22-mm-W218-laton-png.webp","width":1000,"height":1000},{"@type":"BreadcrumbList","@id":"https:\/\/recambiosecogas.com\/it\/producto\/drehmeister-adaptador-de-boquilla-de-suministro-bayoneta-o22-mm-w218-laton\/#breadcrumb","itemListElement":[{"@type":"ListItem","position":1,"name":"Portada","item":"https:\/\/recambiosecogas.com\/it\/"},{"@type":"ListItem","position":2,"name":"Negozio","item":"https:\/\/recambiosecogas.com\/it\/?page_id=46382"},{"@type":"ListItem","position":3,"name":"Adattatore BAYONETA M22 GPL (W21,8) | DREHMEISTER"}]},{"@type":"WebSite","@id":"https:\/\/recambiosecogas.com\/it\/#website","url":"https:\/\/recambiosecogas.com\/it\/","name":"Recambios EcoGas","description":"Recambios Multimarca para sistemas de GLP\/GNC\/GNL\/Hidr\u00f3geno","publisher":{"@id":"https:\/\/recambiosecogas.com\/it\/#organization"},"alternateName":"Recambios Autogas GLP","potentialAction":[{"@type":"SearchAction","target":{"@type":"EntryPoint","urlTemplate":"https:\/\/recambiosecogas.com\/it\/?s={search_term_string}"},"query-input":{"@type":"PropertyValueSpecification","valueRequired":true,"valueName":"search_term_string"}}],"inLanguage":"it-IT"},{"@type":["Organization","Place"],"@id":"https:\/\/recambiosecogas.com\/it\/#organization","name":"Recambios EcoGas","alternateName":"Tienda Online GLP Espa\u00f1a","url":"https:\/\/recambiosecogas.com\/it\/","logo":{"@id":"https:\/\/recambiosecogas.com\/it\/producto\/drehmeister-adaptador-de-boquilla-de-suministro-bayoneta-o22-mm-w218-laton\/#local-main-organization-logo"},"image":{"@id":"https:\/\/recambiosecogas.com\/it\/producto\/drehmeister-adaptador-de-boquilla-de-suministro-bayoneta-o22-mm-w218-laton\/#local-main-organization-logo"},"sameAs":["https:\/\/www.facebook.com\/profile.php?id=100062419705358","https:\/\/www.instagram.com\/segimon_automocio"],"description":"Recambios EcoGas \u2013 Venta y distribuci\u00f3n de sistemas GLP y GNC en Espa\u00f1a y Portugal. Env\u00edos 24 h, soporte t\u00e9cnico a talleres y distribuidores.","hasMerchantReturnPolicy":{"@type":"MerchantReturnPolicy","merchantReturnLink":"https:\/\/recambiosecogas.com\/politicas-privacidad\/"},"address":{"@id":"https:\/\/recambiosecogas.com\/it\/producto\/drehmeister-adaptador-de-boquilla-de-suministro-bayoneta-o22-mm-w218-laton\/#local-main-place-address"},"telephone":["616250633"],"contactPoint":{"@type":"ContactPoint","email":"export@recambiosecogas.com"},"openingHoursSpecification":[{"@type":"OpeningHoursSpecification","dayOfWeek":["Monday","Tuesday","Wednesday","Thursday","Friday","Saturday","Sunday"],"opens":"09:00","closes":"17:00"}],"email":"info@recambiosecogas.com","faxNumber":"SEGIMON AUTOMOCION SL","vatID":"ESB19819861","globalLocationNumber":"938 616 339"},{"@type":"PostalAddress","@id":"https:\/\/recambiosecogas.com\/it\/producto\/drehmeister-adaptador-de-boquilla-de-suministro-bayoneta-o22-mm-w218-laton\/#local-main-place-address","streetAddress":"cami antic de vic, 29 (Nave 3), Pol\u00edgono Industrial Congost","addressLocality":"CORRO D`AVALL","postalCode":"08520","addressRegion":"Barcelona","addressCountry":"ES"},{"@type":"ImageObject","inLanguage":"it-IT","@id":"https:\/\/recambiosecogas.com\/it\/producto\/drehmeister-adaptador-de-boquilla-de-suministro-bayoneta-o22-mm-w218-laton\/#local-main-organization-logo","url":"https:\/\/recambiosecogas.com\/wp-content\/uploads\/2024\/11\/cropped-RECAMBIOS-GLP-png.webp","contentUrl":"https:\/\/recambiosecogas.com\/wp-content\/uploads\/2024\/11\/cropped-RECAMBIOS-GLP-png.webp","width":512,"height":512,"caption":"Recambios EcoGas"}]},"product_price_amount":"20.69","product_price_currency":"EUR","og_availability":"backorder","product_availability":"available for order","product_retailer_item_id":"101172","product_condition":"new","geo.placename":"CORRO D`AVALL","geo.region":"Spagna"},"uagb_featured_image_src":{"full":["https:\/\/recambiosecogas.com\/wp-content\/uploads\/2024\/12\/DREHMEISTER-adaptador-de-boquilla-de-suministro-Bayoneta-O22-mm-W218-laton-png.webp",1000,1000,false],"thumbnail":["https:\/\/recambiosecogas.com\/wp-content\/uploads\/2024\/12\/DREHMEISTER-adaptador-de-boquilla-de-suministro-Bayoneta-O22-mm-W218-laton-150x150.webp",150,150,true],"medium":["https:\/\/recambiosecogas.com\/wp-content\/uploads\/2024\/12\/DREHMEISTER-adaptador-de-boquilla-de-suministro-Bayoneta-O22-mm-W218-laton-300x300.webp",300,300,true],"medium_large":["https:\/\/recambiosecogas.com\/wp-content\/uploads\/2024\/12\/DREHMEISTER-adaptador-de-boquilla-de-suministro-Bayoneta-O22-mm-W218-laton-768x768.webp",768,768,true],"large":["https:\/\/recambiosecogas.com\/wp-content\/uploads\/2024\/12\/DREHMEISTER-adaptador-de-boquilla-de-suministro-Bayoneta-O22-mm-W218-laton-png.webp",1000,1000,false],"1536x1536":["https:\/\/recambiosecogas.com\/wp-content\/uploads\/2024\/12\/DREHMEISTER-adaptador-de-boquilla-de-suministro-Bayoneta-O22-mm-W218-laton-png.webp",1000,1000,false],"2048x2048":["https:\/\/recambiosecogas.com\/wp-content\/uploads\/2024\/12\/DREHMEISTER-adaptador-de-boquilla-de-suministro-Bayoneta-O22-mm-W218-laton-png.webp",1000,1000,false],"woocommerce_archive_thumbnail":["https:\/\/recambiosecogas.com\/wp-content\/uploads\/2024\/12\/DREHMEISTER-adaptador-de-boquilla-de-suministro-Bayoneta-O22-mm-W218-laton-png.webp",1000,1000,false],"woocommerce_thumbnail":["https:\/\/recambiosecogas.com\/wp-content\/uploads\/2024\/12\/DREHMEISTER-adaptador-de-boquilla-de-suministro-Bayoneta-O22-mm-W218-laton-png-300x300.webp",300,300,true],"woocommerce_single":["https:\/\/recambiosecogas.com\/wp-content\/uploads\/2024\/12\/DREHMEISTER-adaptador-de-boquilla-de-suministro-Bayoneta-O22-mm-W218-laton-png.webp",1000,1000,false],"woocommerce_gallery_thumbnail":["https:\/\/recambiosecogas.com\/wp-content\/uploads\/2024\/12\/DREHMEISTER-adaptador-de-boquilla-de-suministro-Bayoneta-O22-mm-W218-laton-png.webp",1000,1000,false],"dgwt-wcas-product-suggestion":["https:\/\/recambiosecogas.com\/wp-content\/uploads\/2024\/12\/DREHMEISTER-adaptador-de-boquilla-de-suministro-Bayoneta-O22-mm-W218-laton-png-64x64.webp",64,64,true]},"uagb_author_info":{"display_name":"Fran - Soporte T\u00e9cnico","author_link":"https:\/\/recambiosecogas.com\/it\/author\/"},"uagb_comment_info":0,"uagb_excerpt":"DREHMEISTER","_links":{"self":[{"href":"https:\/\/recambiosecogas.com\/it\/wp-json\/wp\/v2\/product\/46535","targetHints":{"allow":["GET"]}}],"collection":[{"href":"https:\/\/recambiosecogas.com\/it\/wp-json\/wp\/v2\/product"}],"about":[{"href":"https:\/\/recambiosecogas.com\/it\/wp-json\/wp\/v2\/types\/product"}],"replies":[{"embeddable":true,"href":"https:\/\/recambiosecogas.com\/it\/wp-json\/wp\/v2\/comments?post=46535"}],"wp:featuredmedia":[{"embeddable":true,"href":"https:\/\/recambiosecogas.com\/it\/wp-json\/wp\/v2\/media\/8542"}],"wp:attachment":[{"href":"https:\/\/recambiosecogas.com\/it\/wp-json\/wp\/v2\/media?parent=46535"}],"wp:term":[{"taxonomy":"product_brand","embeddable":true,"href":"https:\/\/recambiosecogas.com\/it\/wp-json\/wp\/v2\/product_brand?post=46535"},{"taxonomy":"product_cat","embeddable":true,"href":"https:\/\/recambiosecogas.com\/it\/wp-json\/wp\/v2\/product_cat?post=46535"},{"taxonomy":"product_tag","embeddable":true,"href":"https:\/\/recambiosecogas.com\/it\/wp-json\/wp\/v2\/product_tag?post=46535"}],"curies":[{"name":"wp","href":"https:\/\/api.w.org\/{rel}","templated":true}]}}