{"id":46527,"date":"2024-12-04T18:43:59","date_gmt":"2024-12-04T17:43:59","guid":{"rendered":"https:\/\/recambiosecogas.com\/producto\/drehmeister-adaptador-de-boquilla-de-suministro-acme-con-rosca-interna-m16x15\/"},"modified":"2026-04-08T10:20:55","modified_gmt":"2026-04-08T09:20:55","slug":"drehmeister-adaptador-de-boquilla-de-suministro-acme-con-rosca-interna-m16x15","status":"publish","type":"product","link":"https:\/\/recambiosecogas.com\/it\/producto\/drehmeister-adaptador-de-boquilla-de-suministro-acme-con-rosca-interna-m16x15\/","title":{"rendered":"Thread interno dell&#8217;adattatore LPG ACME M16 | DREHMEISTER"},"content":{"rendered":"<h3 class=\"\" data-start=\"242\" data-end=\"351\"><strong data-start=\"246\" data-end=\"351\">Filettatura interna dell&#8217;adattatore LPG ACME M16 \u2013 DREHMEISTER | Connessione sicura per il rifornimento internazionale<\/strong><\/h3>\n<p class=\"\" data-start=\"353\" data-end=\"717\"><strong data-start=\"356\" data-end=\"435\">L&#8217;adattatore per ugello di alimentazione GPL di tipo ACME con filettatura interna M16x1.5<\/strong> del <strong data-start=\"449\" data-end=\"464\">marchio DREHMEISTER<\/strong> \u00e8 progettato per garantire una connessione solida, sicura e impermeabile tra la valvola del serbatoio di GPL del veicolo e il cannone di rifornimento delle stazioni che operano secondo lo standard <strong data-start=\"650\" data-end=\"658\">ACME<\/strong>, utilizzato in <strong data-start=\"673\" data-end=\"716\">Germania, Belgio, Irlanda e Lussemburgo<\/strong>.<\/p>\n<p class=\"\" data-start=\"719\" data-end=\"1002\">Realizzato <strong data-start=\"732\" data-end=\"757\">in ottone di alta qualit\u00e0<\/strong>, questo adattatore \u00e8 progettato per integrarsi perfettamente con mini valvole di rifornimento come <strong data-start=\"853\" data-end=\"881\">Tomasetto, OMB o Rotarex<\/strong>, garantendo un&#8217;installazione rapida e precisa nelle bocche di rifornimento situate dietro il tappo del serbatoio. <span style=\"color: #ffffff;\">\u00a9Ricambi EcoGas<\/span><\/p>\n<p class=\"\" data-start=\"1004\" data-end=\"1248\">Con una lunghezza totale <strong data-start=\"1030\" data-end=\"1041\">di 60,5 mm<\/strong>, l&#8217;adattatore <strong data-start=\"1056\" data-end=\"1067\">M16x1,5<\/strong> \u00e8 classificato come <strong data-start=\"1086\" data-end=\"1115\">adattatore gas da 16 mm<\/strong>, ideale per sistemi di rifornimento fissi o mini-ricarica su <strong data-start=\"1171\" data-end=\"1221\">veicoli dotati di GPL\/autogas, camper, camper e furgoni<\/strong> . <span style=\"color: #ffffff;\">\u00a9Ricambi EcoGas<\/span><\/p>\n<hr class=\"\" data-start=\"1250\" data-end=\"1253\">\n<h3 class=\"\" data-start=\"1255\" data-end=\"1328\"><strong data-start=\"1259\" data-end=\"1328\">Caratteristiche tecniche \u2013 Adattatore interno DREHMEISTER ACME M16<\/strong><\/h3>\n<div class=\"overflow-x-auto contain-inline-size\">\n<table data-start=\"1330\" data-end=\"2350\">\n<thead data-start=\"1330\" data-end=\"1432\">\n<tr data-start=\"1330\" data-end=\"1432\">\n<th data-start=\"1330\" data-end=\"1359\">Specifiche<\/th>\n<th data-start=\"1359\" data-end=\"1432\">Dettagli<\/th>\n<\/tr>\n<\/thead>\n<tbody data-start=\"1535\" data-end=\"2350\">\n<tr data-start=\"1535\" data-end=\"1636\">\n<td><strong data-start=\"1537\" data-end=\"1558\">Tipo di adattatore<\/strong><\/td>\n<td>ACME \u2013 <span style=\"color: #ffffff;\">Ricambi EcoGas per rifornimento GPL \u00a9<\/span><\/td>\n<\/tr>\n<tr data-start=\"1637\" data-end=\"1738\">\n<td><strong data-start=\"1639\" data-end=\"1660\">Filo di collegamento<\/strong><\/td>\n<td>Ricambi EcoGas M16x1.5 (filettatura <span style=\"color: #ffffff;\">\u00a9<\/span>interna<\/td>\n<p>)<\/p>\n<\/tr>\n<tr data-start=\"1739\" data-end=\"1840\">\n<td><strong data-start=\"1741\" data-end=\"1759\">Lunghezza complessiva<\/strong><\/td>\n<td><span style=\"color: #ffffff;\">Ricariche EcoGas 60,5 mm \u00a9<\/span><\/td>\n<\/tr>\n<tr data-start=\"1841\" data-end=\"1942\">\n<td><strong data-start=\"1843\" data-end=\"1863\">Diametro esterno<\/strong><\/td>\n<td>Ricambi EcoGas da 22 mm (adattatori GPL standard) <span style=\"color: #ffffff;\">\u00a9<\/span><\/td>\n<\/tr>\n<tr data-start=\"1943\" data-end=\"2044\">\n<td><strong data-start=\"1945\" data-end=\"1957\">Materiale<\/strong><\/td>\n<td><span style=\"color: #ffffff;\">Pezzi di ricambio EcoGas in ottone \u00a9<\/span>lavorato<\/td>\n<\/tr>\n<tr data-start=\"2045\" data-end=\"2146\">\n<td><strong data-start=\"2047\" data-end=\"2063\">Approvazione<\/strong><\/td>\n<td>Pezzi di ricambio ECE 67R-01 <span style=\"color: #ffffff;\">\u00a9EcoGas<\/span><\/td>\n<\/tr>\n<tr data-start=\"2147\" data-end=\"2248\">\n<td><strong data-start=\"2149\" data-end=\"2167\">Compatibilit\u00e0<\/strong><\/td>\n<td>Tomasetto, OMB, <span style=\"color: #ffffff;\">Ricambi Rotarex LPG \u00a9Miniload EcoGas<\/span><\/td>\n<\/tr>\n<tr data-start=\"2249\" data-end=\"2350\">\n<td><strong data-start=\"2251\" data-end=\"2265\">Applicazione<\/strong><\/td>\n<td>Rifornimento di veicoli, camper e camper con valvola HK piatta<\/td>\n<\/tr>\n<\/tbody>\n<\/table>\n<\/div>\n<blockquote data-start=\"2352\" data-end=\"2466\">\n<p class=\"\" data-start=\"2354\" data-end=\"2466\">Adattatore robusto e compatto. Ideale per viaggiare in Europa e fare rifornimento alle stazioni ACME in assoluta sicurezza. <\/p>\n<\/blockquote>\n<p><a href=\"https:\/\/recambiosecogas.com\/it\/categoria-producto\/repostar\/adaptadores-glp\/\">ACQUISTA PI\u00d9 PRODOTTI ONLINE NEL NOSTRO NEGOZIO<\/a><\/p>\n<p><a href=\"http:\/\/www.segimonautomocio.com\/\">CONVERTITE IN LPG NEL NOSTRO OFFICINO UFFICIALE DI INSTALLAZIONE, MAGGIORI INFORMAZIONI SUL SITO WEB DEL NOSTRO WORKSHOP<\/a><\/p>\n<p>Questo adattatore \u00e8 una soluzione essenziale per chi viaggia in Europa e ha bisogno di fare rifornimento presso stazioni che utilizzano il sistema ACME. Il suo design robusto e la compatibilit\u00e0 con le mini valvole di rifornimento garantiscono un rifornimento efficiente e sicuro, prevenendo perdite e garantendo l&#8217;integrit\u00e0 del sistema di carburante. Con l&#8217;adattatore a GPL ACME M16, gli utenti possono godere di un&#8217;esperienza di rifornimento senza complicazioni in diversi paesi, facilitando cos\u00ec la loro mobilit\u00e0 e tranquillit\u00e0 sulla strada.  <\/p>\n","protected":false},"excerpt":{"rendered":"<p>DREHMEISTER<\/p>\n","protected":false},"featured_media":8518,"comment_status":"closed","ping_status":"closed","template":"","meta":{"_uag_custom_page_level_css":""},"product_brand":[],"product_cat":[2188,2189,2348,2162],"product_tag":[2316,2313,2318,2312,2315,2317,2314],"class_list":{"0":"post-46527","1":"product","2":"type-product","3":"status-publish","4":"has-post-thumbnail","6":"product_cat-adaptador-glp","7":"product_cat-adaptadores-glp","8":"product_cat-drehmeister","9":"product_cat-repostar","10":"product_tag-adattatore-glp-australia","11":"product_tag-adattatore-gpl-belgio","12":"product_tag-adattatore-gpl-canadese","13":"product_tag-adattatore-gpl-germania","14":"product_tag-adattatore-gpl-irlanda","15":"product_tag-adattatore-gpl-stati-uniti","16":"product_tag-adattatore-gpl-svizzera","18":"first","19":"instock","20":"taxable","21":"shipping-taxable","22":"purchasable","23":"product-type-simple"},"ct_brands":[],"yoast_head":"<!-- This site is optimized with the Yoast SEO Premium plugin v27.5 (Yoast SEO v27.6) - https:\/\/yoast.com\/product\/yoast-seo-premium-wordpress\/ -->\n<title>Thread interno dell&#039;adattatore LPG ACME M16 | Pezzi di ricambio Ecogas<\/title>\n<meta name=\"description\" content=\"Adattatore LPG DREHMEISTER ACME M16, ideale per il rifornimento presso le stazioni ACME in Europa. Realizzato in ottone e approvato ECE 67R-01.\" \/>\n<meta name=\"robots\" content=\"index, follow, max-snippet:-1, max-image-preview:large, max-video-preview:-1\" \/>\n<link rel=\"canonical\" href=\"https:\/\/recambiosecogas.com\/it\/producto\/drehmeister-adaptador-de-boquilla-de-suministro-acme-con-rosca-interna-m16x15\/\" \/>\n<meta property=\"og:locale\" content=\"it_IT\" \/>\n<meta property=\"og:type\" content=\"article\" \/>\n<meta property=\"og:title\" content=\"Thread interno dell&#039;adattatore LPG ACME M16 | DREHMEISTER\" \/>\n<meta property=\"og:description\" content=\"Adattatore LPG DREHMEISTER ACME M16, ideale per il rifornimento presso le stazioni ACME in Europa. Realizzato in ottone e approvato ECE 67R-01.\" \/>\n<meta property=\"og:url\" content=\"https:\/\/recambiosecogas.com\/it\/producto\/drehmeister-adaptador-de-boquilla-de-suministro-acme-con-rosca-interna-m16x15\/\" \/>\n<meta property=\"og:site_name\" content=\"Recambios EcoGas\" \/>\n<meta property=\"article:publisher\" content=\"https:\/\/www.facebook.com\/profile.php?id=100062419705358\" \/>\n<meta property=\"article:modified_time\" content=\"2026-04-08T09:20:55+00:00\" \/>\n<meta property=\"og:image\" content=\"https:\/\/recambiosecogas.com\/wp-content\/uploads\/2024\/12\/DREHMEISTER-adaptador-de-boquilla-de-suministro-ACME-con-rosca-interna-M16x15-png.webp\" \/>\n\t<meta property=\"og:image:width\" content=\"1000\" \/>\n\t<meta property=\"og:image:height\" content=\"1000\" \/>\n\t<meta property=\"og:image:type\" content=\"image\/png\" \/>\n<meta name=\"twitter:card\" content=\"summary_large_image\" \/>\n<meta name=\"twitter:label1\" content=\"Prezzo\" \/>\n\t<meta name=\"twitter:data1\" content=\"15,96&nbsp;&euro; (Sin IVA: 13,19&nbsp;&euro;)\" \/>\n\t<meta name=\"twitter:label2\" content=\"Disponibilit\u00e0\" \/>\n\t<meta name=\"twitter:data2\" content=\"In stock\" \/>\n<script type=\"application\/ld+json\" class=\"yoast-schema-graph\">{\"@context\":\"https:\\\/\\\/schema.org\",\"@graph\":[{\"@type\":\"WebPage\",\"@id\":\"https:\\\/\\\/recambiosecogas.com\\\/it\\\/producto\\\/drehmeister-adaptador-de-boquilla-de-suministro-acme-con-rosca-interna-m16x15\\\/\",\"url\":\"https:\\\/\\\/recambiosecogas.com\\\/it\\\/producto\\\/drehmeister-adaptador-de-boquilla-de-suministro-acme-con-rosca-interna-m16x15\\\/\",\"name\":\"Thread interno dell'adattatore LPG ACME M16 | Pezzi di ricambio Ecogas\",\"isPartOf\":{\"@id\":\"https:\\\/\\\/recambiosecogas.com\\\/it\\\/#website\"},\"primaryImageOfPage\":{\"@id\":\"https:\\\/\\\/recambiosecogas.com\\\/it\\\/producto\\\/drehmeister-adaptador-de-boquilla-de-suministro-acme-con-rosca-interna-m16x15\\\/#primaryimage\"},\"image\":{\"@id\":\"https:\\\/\\\/recambiosecogas.com\\\/it\\\/producto\\\/drehmeister-adaptador-de-boquilla-de-suministro-acme-con-rosca-interna-m16x15\\\/#primaryimage\"},\"thumbnailUrl\":\"https:\\\/\\\/recambiosecogas.com\\\/wp-content\\\/uploads\\\/2024\\\/12\\\/DREHMEISTER-adaptador-de-boquilla-de-suministro-ACME-con-rosca-interna-M16x15-png.webp\",\"datePublished\":\"2024-12-04T17:43:59+00:00\",\"dateModified\":\"2026-04-08T09:20:55+00:00\",\"description\":\"Adattatore LPG DREHMEISTER ACME M16, ideale per il rifornimento presso le stazioni ACME in Europa. Realizzato in ottone e approvato ECE 67R-01.\",\"breadcrumb\":{\"@id\":\"https:\\\/\\\/recambiosecogas.com\\\/it\\\/producto\\\/drehmeister-adaptador-de-boquilla-de-suministro-acme-con-rosca-interna-m16x15\\\/#breadcrumb\"},\"inLanguage\":\"it-IT\",\"potentialAction\":[{\"@type\":\"ReadAction\",\"target\":[\"https:\\\/\\\/recambiosecogas.com\\\/it\\\/producto\\\/drehmeister-adaptador-de-boquilla-de-suministro-acme-con-rosca-interna-m16x15\\\/\"]}]},{\"@type\":\"ImageObject\",\"inLanguage\":\"it-IT\",\"@id\":\"https:\\\/\\\/recambiosecogas.com\\\/it\\\/producto\\\/drehmeister-adaptador-de-boquilla-de-suministro-acme-con-rosca-interna-m16x15\\\/#primaryimage\",\"url\":\"https:\\\/\\\/recambiosecogas.com\\\/wp-content\\\/uploads\\\/2024\\\/12\\\/DREHMEISTER-adaptador-de-boquilla-de-suministro-ACME-con-rosca-interna-M16x15-png.webp\",\"contentUrl\":\"https:\\\/\\\/recambiosecogas.com\\\/wp-content\\\/uploads\\\/2024\\\/12\\\/DREHMEISTER-adaptador-de-boquilla-de-suministro-ACME-con-rosca-interna-M16x15-png.webp\",\"width\":1000,\"height\":1000},{\"@type\":\"BreadcrumbList\",\"@id\":\"https:\\\/\\\/recambiosecogas.com\\\/it\\\/producto\\\/drehmeister-adaptador-de-boquilla-de-suministro-acme-con-rosca-interna-m16x15\\\/#breadcrumb\",\"itemListElement\":[{\"@type\":\"ListItem\",\"position\":1,\"name\":\"Portada\",\"item\":\"https:\\\/\\\/recambiosecogas.com\\\/it\\\/\"},{\"@type\":\"ListItem\",\"position\":2,\"name\":\"Negozio\",\"item\":\"https:\\\/\\\/recambiosecogas.com\\\/it\\\/?page_id=46382\"},{\"@type\":\"ListItem\",\"position\":3,\"name\":\"Thread interno dell&#8217;adattatore LPG ACME M16 | DREHMEISTER\"}]},{\"@type\":\"WebSite\",\"@id\":\"https:\\\/\\\/recambiosecogas.com\\\/it\\\/#website\",\"url\":\"https:\\\/\\\/recambiosecogas.com\\\/it\\\/\",\"name\":\"Recambios EcoGas\",\"description\":\"Recambios Multimarca para sistemas de GLP\\\/GNC\\\/GNL\\\/Hidr\u00f3geno\",\"publisher\":{\"@id\":\"https:\\\/\\\/recambiosecogas.com\\\/it\\\/#organization\"},\"alternateName\":\"Recambios Autogas GLP\",\"potentialAction\":[{\"@type\":\"SearchAction\",\"target\":{\"@type\":\"EntryPoint\",\"urlTemplate\":\"https:\\\/\\\/recambiosecogas.com\\\/it\\\/?s={search_term_string}\"},\"query-input\":{\"@type\":\"PropertyValueSpecification\",\"valueRequired\":true,\"valueName\":\"search_term_string\"}}],\"inLanguage\":\"it-IT\"},{\"@type\":[\"Organization\",\"Place\"],\"@id\":\"https:\\\/\\\/recambiosecogas.com\\\/it\\\/#organization\",\"name\":\"Recambios EcoGas\",\"alternateName\":\"Tienda Online GLP Espa\u00f1a\",\"url\":\"https:\\\/\\\/recambiosecogas.com\\\/it\\\/\",\"logo\":{\"@id\":\"https:\\\/\\\/recambiosecogas.com\\\/it\\\/producto\\\/drehmeister-adaptador-de-boquilla-de-suministro-acme-con-rosca-interna-m16x15\\\/#local-main-organization-logo\"},\"image\":{\"@id\":\"https:\\\/\\\/recambiosecogas.com\\\/it\\\/producto\\\/drehmeister-adaptador-de-boquilla-de-suministro-acme-con-rosca-interna-m16x15\\\/#local-main-organization-logo\"},\"sameAs\":[\"https:\\\/\\\/www.facebook.com\\\/profile.php?id=100062419705358\",\"https:\\\/\\\/www.instagram.com\\\/segimon_automocio\"],\"description\":\"Recambios EcoGas \u2013 Venta y distribuci\u00f3n de sistemas GLP y GNC en Espa\u00f1a y Portugal. Env\u00edos 24 h, soporte t\u00e9cnico a talleres y distribuidores.\",\"hasMerchantReturnPolicy\":{\"@type\":\"MerchantReturnPolicy\",\"merchantReturnLink\":\"https:\\\/\\\/recambiosecogas.com\\\/politicas-privacidad\\\/\"},\"address\":{\"@id\":\"https:\\\/\\\/recambiosecogas.com\\\/it\\\/producto\\\/drehmeister-adaptador-de-boquilla-de-suministro-acme-con-rosca-interna-m16x15\\\/#local-main-place-address\"},\"telephone\":[\"616250633\"],\"contactPoint\":{\"@type\":\"ContactPoint\",\"email\":\"export@recambiosecogas.com\"},\"openingHoursSpecification\":[{\"@type\":\"OpeningHoursSpecification\",\"dayOfWeek\":[\"Monday\",\"Tuesday\",\"Wednesday\",\"Thursday\",\"Friday\",\"Saturday\",\"Sunday\"],\"opens\":\"09:00\",\"closes\":\"17:00\"}],\"email\":\"info@recambiosecogas.com\",\"faxNumber\":\"SEGIMON AUTOMOCION SL\",\"vatID\":\"ESB19819861\",\"globalLocationNumber\":\"938 616 339\"},{\"@type\":\"PostalAddress\",\"@id\":\"https:\\\/\\\/recambiosecogas.com\\\/it\\\/producto\\\/drehmeister-adaptador-de-boquilla-de-suministro-acme-con-rosca-interna-m16x15\\\/#local-main-place-address\",\"streetAddress\":\"cami antic de vic, 29 (Nave 3), Pol\u00edgono Industrial Congost\",\"addressLocality\":\"CORRO D`AVALL\",\"postalCode\":\"08520\",\"addressRegion\":\"Barcelona\",\"addressCountry\":\"ES\"},{\"@type\":\"ImageObject\",\"inLanguage\":\"it-IT\",\"@id\":\"https:\\\/\\\/recambiosecogas.com\\\/it\\\/producto\\\/drehmeister-adaptador-de-boquilla-de-suministro-acme-con-rosca-interna-m16x15\\\/#local-main-organization-logo\",\"url\":\"https:\\\/\\\/recambiosecogas.com\\\/wp-content\\\/uploads\\\/2024\\\/11\\\/cropped-RECAMBIOS-GLP-png.webp\",\"contentUrl\":\"https:\\\/\\\/recambiosecogas.com\\\/wp-content\\\/uploads\\\/2024\\\/11\\\/cropped-RECAMBIOS-GLP-png.webp\",\"width\":512,\"height\":512,\"caption\":\"Recambios EcoGas\"}]}<\/script>\n<meta property=\"product:price:amount\" content=\"15.96\" \/>\n<meta property=\"product:price:currency\" content=\"EUR\" \/>\n<meta property=\"og:availability\" content=\"instock\" \/>\n<meta property=\"product:availability\" content=\"instock\" \/>\n<meta property=\"product:retailer_item_id\" content=\"101167\" \/>\n<meta property=\"product:condition\" content=\"new\" \/>\n<meta name=\"geo.placename\" content=\"CORRO D`AVALL\" \/>\n<meta name=\"geo.region\" content=\"Spagna\" \/>\n<!-- \/ Yoast SEO Premium plugin. -->","yoast_head_json":{"title":"Thread interno dell'adattatore LPG ACME M16 | Pezzi di ricambio Ecogas","description":"Adattatore LPG DREHMEISTER ACME M16, ideale per il rifornimento presso le stazioni ACME in Europa. Realizzato in ottone e approvato ECE 67R-01.","robots":{"index":"index","follow":"follow","max-snippet":"max-snippet:-1","max-image-preview":"max-image-preview:large","max-video-preview":"max-video-preview:-1"},"canonical":"https:\/\/recambiosecogas.com\/it\/producto\/drehmeister-adaptador-de-boquilla-de-suministro-acme-con-rosca-interna-m16x15\/","og_locale":"it_IT","og_type":"article","og_title":"Thread interno dell'adattatore LPG ACME M16 | DREHMEISTER","og_description":"Adattatore LPG DREHMEISTER ACME M16, ideale per il rifornimento presso le stazioni ACME in Europa. Realizzato in ottone e approvato ECE 67R-01.","og_url":"https:\/\/recambiosecogas.com\/it\/producto\/drehmeister-adaptador-de-boquilla-de-suministro-acme-con-rosca-interna-m16x15\/","og_site_name":"Recambios EcoGas","article_publisher":"https:\/\/www.facebook.com\/profile.php?id=100062419705358","article_modified_time":"2026-04-08T09:20:55+00:00","og_image":[{"width":1000,"height":1000,"url":"https:\/\/recambiosecogas.com\/wp-content\/uploads\/2024\/12\/DREHMEISTER-adaptador-de-boquilla-de-suministro-ACME-con-rosca-interna-M16x15-png.webp","type":"image\/png"}],"twitter_card":"summary_large_image","twitter_misc":{"Prezzo":"15,96&nbsp;&euro; (Sin IVA: 13,19&nbsp;&euro;)","Disponibilit\u00e0":"In stock"},"schema":{"@context":"https:\/\/schema.org","@graph":[{"@type":"WebPage","@id":"https:\/\/recambiosecogas.com\/it\/producto\/drehmeister-adaptador-de-boquilla-de-suministro-acme-con-rosca-interna-m16x15\/","url":"https:\/\/recambiosecogas.com\/it\/producto\/drehmeister-adaptador-de-boquilla-de-suministro-acme-con-rosca-interna-m16x15\/","name":"Thread interno dell'adattatore LPG ACME M16 | Pezzi di ricambio Ecogas","isPartOf":{"@id":"https:\/\/recambiosecogas.com\/it\/#website"},"primaryImageOfPage":{"@id":"https:\/\/recambiosecogas.com\/it\/producto\/drehmeister-adaptador-de-boquilla-de-suministro-acme-con-rosca-interna-m16x15\/#primaryimage"},"image":{"@id":"https:\/\/recambiosecogas.com\/it\/producto\/drehmeister-adaptador-de-boquilla-de-suministro-acme-con-rosca-interna-m16x15\/#primaryimage"},"thumbnailUrl":"https:\/\/recambiosecogas.com\/wp-content\/uploads\/2024\/12\/DREHMEISTER-adaptador-de-boquilla-de-suministro-ACME-con-rosca-interna-M16x15-png.webp","datePublished":"2024-12-04T17:43:59+00:00","dateModified":"2026-04-08T09:20:55+00:00","description":"Adattatore LPG DREHMEISTER ACME M16, ideale per il rifornimento presso le stazioni ACME in Europa. Realizzato in ottone e approvato ECE 67R-01.","breadcrumb":{"@id":"https:\/\/recambiosecogas.com\/it\/producto\/drehmeister-adaptador-de-boquilla-de-suministro-acme-con-rosca-interna-m16x15\/#breadcrumb"},"inLanguage":"it-IT","potentialAction":[{"@type":"ReadAction","target":["https:\/\/recambiosecogas.com\/it\/producto\/drehmeister-adaptador-de-boquilla-de-suministro-acme-con-rosca-interna-m16x15\/"]}]},{"@type":"ImageObject","inLanguage":"it-IT","@id":"https:\/\/recambiosecogas.com\/it\/producto\/drehmeister-adaptador-de-boquilla-de-suministro-acme-con-rosca-interna-m16x15\/#primaryimage","url":"https:\/\/recambiosecogas.com\/wp-content\/uploads\/2024\/12\/DREHMEISTER-adaptador-de-boquilla-de-suministro-ACME-con-rosca-interna-M16x15-png.webp","contentUrl":"https:\/\/recambiosecogas.com\/wp-content\/uploads\/2024\/12\/DREHMEISTER-adaptador-de-boquilla-de-suministro-ACME-con-rosca-interna-M16x15-png.webp","width":1000,"height":1000},{"@type":"BreadcrumbList","@id":"https:\/\/recambiosecogas.com\/it\/producto\/drehmeister-adaptador-de-boquilla-de-suministro-acme-con-rosca-interna-m16x15\/#breadcrumb","itemListElement":[{"@type":"ListItem","position":1,"name":"Portada","item":"https:\/\/recambiosecogas.com\/it\/"},{"@type":"ListItem","position":2,"name":"Negozio","item":"https:\/\/recambiosecogas.com\/it\/?page_id=46382"},{"@type":"ListItem","position":3,"name":"Thread interno dell&#8217;adattatore LPG ACME M16 | DREHMEISTER"}]},{"@type":"WebSite","@id":"https:\/\/recambiosecogas.com\/it\/#website","url":"https:\/\/recambiosecogas.com\/it\/","name":"Recambios EcoGas","description":"Recambios Multimarca para sistemas de GLP\/GNC\/GNL\/Hidr\u00f3geno","publisher":{"@id":"https:\/\/recambiosecogas.com\/it\/#organization"},"alternateName":"Recambios Autogas GLP","potentialAction":[{"@type":"SearchAction","target":{"@type":"EntryPoint","urlTemplate":"https:\/\/recambiosecogas.com\/it\/?s={search_term_string}"},"query-input":{"@type":"PropertyValueSpecification","valueRequired":true,"valueName":"search_term_string"}}],"inLanguage":"it-IT"},{"@type":["Organization","Place"],"@id":"https:\/\/recambiosecogas.com\/it\/#organization","name":"Recambios EcoGas","alternateName":"Tienda Online GLP Espa\u00f1a","url":"https:\/\/recambiosecogas.com\/it\/","logo":{"@id":"https:\/\/recambiosecogas.com\/it\/producto\/drehmeister-adaptador-de-boquilla-de-suministro-acme-con-rosca-interna-m16x15\/#local-main-organization-logo"},"image":{"@id":"https:\/\/recambiosecogas.com\/it\/producto\/drehmeister-adaptador-de-boquilla-de-suministro-acme-con-rosca-interna-m16x15\/#local-main-organization-logo"},"sameAs":["https:\/\/www.facebook.com\/profile.php?id=100062419705358","https:\/\/www.instagram.com\/segimon_automocio"],"description":"Recambios EcoGas \u2013 Venta y distribuci\u00f3n de sistemas GLP y GNC en Espa\u00f1a y Portugal. Env\u00edos 24 h, soporte t\u00e9cnico a talleres y distribuidores.","hasMerchantReturnPolicy":{"@type":"MerchantReturnPolicy","merchantReturnLink":"https:\/\/recambiosecogas.com\/politicas-privacidad\/"},"address":{"@id":"https:\/\/recambiosecogas.com\/it\/producto\/drehmeister-adaptador-de-boquilla-de-suministro-acme-con-rosca-interna-m16x15\/#local-main-place-address"},"telephone":["616250633"],"contactPoint":{"@type":"ContactPoint","email":"export@recambiosecogas.com"},"openingHoursSpecification":[{"@type":"OpeningHoursSpecification","dayOfWeek":["Monday","Tuesday","Wednesday","Thursday","Friday","Saturday","Sunday"],"opens":"09:00","closes":"17:00"}],"email":"info@recambiosecogas.com","faxNumber":"SEGIMON AUTOMOCION SL","vatID":"ESB19819861","globalLocationNumber":"938 616 339"},{"@type":"PostalAddress","@id":"https:\/\/recambiosecogas.com\/it\/producto\/drehmeister-adaptador-de-boquilla-de-suministro-acme-con-rosca-interna-m16x15\/#local-main-place-address","streetAddress":"cami antic de vic, 29 (Nave 3), Pol\u00edgono Industrial Congost","addressLocality":"CORRO D`AVALL","postalCode":"08520","addressRegion":"Barcelona","addressCountry":"ES"},{"@type":"ImageObject","inLanguage":"it-IT","@id":"https:\/\/recambiosecogas.com\/it\/producto\/drehmeister-adaptador-de-boquilla-de-suministro-acme-con-rosca-interna-m16x15\/#local-main-organization-logo","url":"https:\/\/recambiosecogas.com\/wp-content\/uploads\/2024\/11\/cropped-RECAMBIOS-GLP-png.webp","contentUrl":"https:\/\/recambiosecogas.com\/wp-content\/uploads\/2024\/11\/cropped-RECAMBIOS-GLP-png.webp","width":512,"height":512,"caption":"Recambios EcoGas"}]},"product_price_amount":"15.96","product_price_currency":"EUR","og_availability":"instock","product_availability":"instock","product_retailer_item_id":"101167","product_condition":"new","geo.placename":"CORRO D`AVALL","geo.region":"Spagna"},"uagb_featured_image_src":{"full":["https:\/\/recambiosecogas.com\/wp-content\/uploads\/2024\/12\/DREHMEISTER-adaptador-de-boquilla-de-suministro-ACME-con-rosca-interna-M16x15-png.webp",1000,1000,false],"thumbnail":["https:\/\/recambiosecogas.com\/wp-content\/uploads\/2024\/12\/DREHMEISTER-adaptador-de-boquilla-de-suministro-ACME-con-rosca-interna-M16x15-150x150.webp",150,150,true],"medium":["https:\/\/recambiosecogas.com\/wp-content\/uploads\/2024\/12\/DREHMEISTER-adaptador-de-boquilla-de-suministro-ACME-con-rosca-interna-M16x15-300x300.webp",300,300,true],"medium_large":["https:\/\/recambiosecogas.com\/wp-content\/uploads\/2024\/12\/DREHMEISTER-adaptador-de-boquilla-de-suministro-ACME-con-rosca-interna-M16x15-768x768.webp",768,768,true],"large":["https:\/\/recambiosecogas.com\/wp-content\/uploads\/2024\/12\/DREHMEISTER-adaptador-de-boquilla-de-suministro-ACME-con-rosca-interna-M16x15-png.webp",1000,1000,false],"1536x1536":["https:\/\/recambiosecogas.com\/wp-content\/uploads\/2024\/12\/DREHMEISTER-adaptador-de-boquilla-de-suministro-ACME-con-rosca-interna-M16x15-png.webp",1000,1000,false],"2048x2048":["https:\/\/recambiosecogas.com\/wp-content\/uploads\/2024\/12\/DREHMEISTER-adaptador-de-boquilla-de-suministro-ACME-con-rosca-interna-M16x15-png.webp",1000,1000,false],"woocommerce_archive_thumbnail":["https:\/\/recambiosecogas.com\/wp-content\/uploads\/2024\/12\/DREHMEISTER-adaptador-de-boquilla-de-suministro-ACME-con-rosca-interna-M16x15-png.webp",1000,1000,false],"woocommerce_thumbnail":["https:\/\/recambiosecogas.com\/wp-content\/uploads\/2024\/12\/DREHMEISTER-adaptador-de-boquilla-de-suministro-ACME-con-rosca-interna-M16x15-png-300x300.webp",300,300,true],"woocommerce_single":["https:\/\/recambiosecogas.com\/wp-content\/uploads\/2024\/12\/DREHMEISTER-adaptador-de-boquilla-de-suministro-ACME-con-rosca-interna-M16x15-png.webp",1000,1000,false],"woocommerce_gallery_thumbnail":["https:\/\/recambiosecogas.com\/wp-content\/uploads\/2024\/12\/DREHMEISTER-adaptador-de-boquilla-de-suministro-ACME-con-rosca-interna-M16x15-png.webp",1000,1000,false],"dgwt-wcas-product-suggestion":["https:\/\/recambiosecogas.com\/wp-content\/uploads\/2024\/12\/DREHMEISTER-adaptador-de-boquilla-de-suministro-ACME-con-rosca-interna-M16x15-png-64x64.webp",64,64,true]},"uagb_author_info":{"display_name":"Fran - Soporte T\u00e9cnico","author_link":"https:\/\/recambiosecogas.com\/it\/author\/"},"uagb_comment_info":0,"uagb_excerpt":"DREHMEISTER","_links":{"self":[{"href":"https:\/\/recambiosecogas.com\/it\/wp-json\/wp\/v2\/product\/46527","targetHints":{"allow":["GET"]}}],"collection":[{"href":"https:\/\/recambiosecogas.com\/it\/wp-json\/wp\/v2\/product"}],"about":[{"href":"https:\/\/recambiosecogas.com\/it\/wp-json\/wp\/v2\/types\/product"}],"replies":[{"embeddable":true,"href":"https:\/\/recambiosecogas.com\/it\/wp-json\/wp\/v2\/comments?post=46527"}],"wp:featuredmedia":[{"embeddable":true,"href":"https:\/\/recambiosecogas.com\/it\/wp-json\/wp\/v2\/media\/8518"}],"wp:attachment":[{"href":"https:\/\/recambiosecogas.com\/it\/wp-json\/wp\/v2\/media?parent=46527"}],"wp:term":[{"taxonomy":"product_brand","embeddable":true,"href":"https:\/\/recambiosecogas.com\/it\/wp-json\/wp\/v2\/product_brand?post=46527"},{"taxonomy":"product_cat","embeddable":true,"href":"https:\/\/recambiosecogas.com\/it\/wp-json\/wp\/v2\/product_cat?post=46527"},{"taxonomy":"product_tag","embeddable":true,"href":"https:\/\/recambiosecogas.com\/it\/wp-json\/wp\/v2\/product_tag?post=46527"}],"curies":[{"name":"wp","href":"https:\/\/api.w.org\/{rel}","templated":true}]}}