{"id":46502,"date":"2024-12-04T17:58:58","date_gmt":"2024-12-04T17:58:58","guid":{"rendered":"https:\/\/recambiosecogas.com\/producto\/drehmeister-kit-de-adaptadores-en-valija-para-cilindros-de-gas-m10-m12-m14\/"},"modified":"2026-04-27T11:14:50","modified_gmt":"2026-04-27T10:14:50","slug":"drehmeister-kit-de-adaptadores-en-valija-para-cilindros-de-gas-m10-m12-m14","status":"publish","type":"product","link":"https:\/\/recambiosecogas.com\/it\/producto\/drehmeister-kit-de-adaptadores-en-valija-para-cilindros-de-gas-m10-m12-m14\/","title":{"rendered":"Kit adattatore LPG DREHMEISTER \u2013 M10 \/ M12 \/ M14 Rifornimento Internazionale"},"content":{"rendered":"<h3 style=\"text-align: center;\" data-start=\"342\" data-end=\"441\"><strong data-start=\"346\" data-end=\"441\">Kit adattatore LPG DREHMEISTER in valigia \u2013 M10 \/ M12 \/ M14 per rifornimento internazionale<\/strong><\/h3>\n<p data-start=\"443\" data-end=\"833\">Il <strong data-start=\"446\" data-end=\"499\">kit adattatore per serbatoi di GPL DREHMEISTER<\/strong> \u00e8 la soluzione perfetta per viaggiare in giro per il mondo con il tuo veicolo a gas liquefatto. Disponibile nelle versioni <strong data-start=\"609\" data-end=\"627\">M10, M12 e M14<\/strong>, questo set include <strong data-start=\"646\" data-end=\"693\">i 4 sistemi internazionali di rifornimento<\/strong> (ACME, DISH, Bayonet ed Euronozzle), presentati in <strong data-start=\"749\" data-end=\"776\">una custodia di alta qualit\u00e0<\/strong> e con una scelta tra <strong data-start=\"801\" data-end=\"832\">modelli corti, lunghi o rinforzati<\/strong>. <span style=\"color: #ffffff;\">\u00a9Ricambi EcoGas<\/span> <\/p>\n<p data-start=\"835\" data-end=\"1218\">Realizzati in <strong data-start=\"850\" data-end=\"891\">robusto ottone e finiture di precisione<\/strong>, questi adattatori garantiscono una <strong data-start=\"926\" data-end=\"955\">connessione sicura e impermeabile<\/strong> tra la valvola del serbatoio di GPL del veicolo e le pistole di rifornimento utilizzate in diversi paesi. Ideale per <strong data-start=\"1074\" data-end=\"1151\">camper, caravan, depositi portatili e sistemi di ricarica nascosta<\/strong>, consente un rifornimento senza complicazioni ovunque in Europa. <span style=\"color: #ffffff;\">\u00a9Ricambi EcoGas<\/span> <\/p>\n<blockquote data-start=\"1220\" data-end=\"1394\">\n<p data-start=\"1222\" data-end=\"1394\">Nota: la versione M14 \u00e8 pensata per i manici cargo LOVATO, ma <strong data-start=\"1298\" data-end=\"1340\">non tutti i modelli LOVATO hanno M14<\/strong>, quindi si consiglia di confermare prima di acquistare.<\/p>\n<\/blockquote>\n<hr class=\"\" data-start=\"258\" data-end=\"261\">\n<h4 data-start=\"263\" data-end=\"327\"><strong data-start=\"267\" data-end=\"327\">Confronto tecnico \u2013 <span style=\"color: #ffffff;\">Kit adattatore LPG DREHMEISTER \u00a9Ricambi EcoGas<\/span><\/strong><\/h4>\n<div class=\"overflow-x-auto contain-inline-size\">\n<table data-start=\"329\" data-end=\"1531\">\n<thead data-start=\"329\" data-end=\"497\">\n<tr data-start=\"329\" data-end=\"497\">\n<th data-start=\"329\" data-end=\"347\">Versione<\/th>\n<th data-start=\"347\" data-end=\"367\">Tipo di adattatore<\/th>\n<th data-start=\"367\" data-end=\"383\">Lunghezza ACME<\/th>\n<th data-start=\"383\" data-end=\"399\">Lunghezza DISH<\/th>\n<th data-start=\"399\" data-end=\"419\">Lunghezza della baionetta<\/th>\n<th data-start=\"419\" data-end=\"441\">Lunghezza dell&#8217;ugello europeo<\/th>\n<th data-start=\"441\" data-end=\"449\">Filo<\/th>\n<th data-start=\"449\" data-end=\"497\">Osservazioni<\/th>\n<\/tr>\n<\/thead>\n<tbody data-start=\"671\" data-end=\"1531\">\n<tr data-start=\"671\" data-end=\"842\">\n<td><strong data-start=\"673\" data-end=\"688\">M10 \u2013 Cortos<\/strong><\/td>\n<td>Standard<\/td>\n<td>42 mm<\/td>\n<td>59 mm<\/td>\n<td>73 mm<\/td>\n<td>74 mm<\/td>\n<td>M10x1.0<\/td>\n<td>Kit di base. Ideale per l&#8217;uso generale <\/td>\n<\/tr>\n<tr data-start=\"843\" data-end=\"1014\">\n<td><strong data-start=\"845\" data-end=\"860\">M10 \u2013 Long<\/strong><\/td>\n<td>Versione estesa<\/td>\n<td>80 mm<\/td>\n<td>59 mm<\/td>\n<td>73 mm<\/td>\n<td>74 mm<\/td>\n<td>M10x1.0<\/td>\n<td>Lunghezza extra per accesso profondo<\/td>\n<\/tr>\n<tr data-start=\"1015\" data-end=\"1185\">\n<td><strong data-start=\"1017\" data-end=\"1036\">M10 \u2013 Rinforzato<\/strong><\/td>\n<td>Rinforzato<\/td>\n<td>76 mm<\/td>\n<td>76 mm<\/td>\n<td>75 mm<\/td>\n<td>80 mm<\/td>\n<td>M10x1.0<\/td>\n<td>Materiale pi\u00f9 robusto. Uso intensivo <\/td>\n<\/tr>\n<tr data-start=\"1186\" data-end=\"1356\">\n<td><strong data-start=\"1188\" data-end=\"1207\">M12 \u2013 Rinforzato<\/strong><\/td>\n<td>Rinforzato<\/td>\n<td>76 mm<\/td>\n<td>76 mm<\/td>\n<td>75 mm<\/td>\n<td>80 mm<\/td>\n<td>M12x1.0<\/td>\n<td>Stesso design della filettatura rinforzata M10 e M12<\/td>\n<\/tr>\n<tr data-start=\"1357\" data-end=\"1531\">\n<td><strong data-start=\"1359\" data-end=\"1378\">M14 \u2013 Rinforzato<\/strong><\/td>\n<td>Rinforzato<\/td>\n<td>76 mm<\/td>\n<td>76 mm<\/td>\n<td>75 mm<\/td>\n<td>80 mm<\/td>\n<td>M14x1.0<\/td>\n<td>Per alcuni manici a carico LOVATO (controllata)<\/td>\n<\/tr>\n<\/tbody>\n<\/table>\n<\/div>\n<hr class=\"\" data-start=\"1533\" data-end=\"1536\">\n<p><a href=\"https:\/\/recambiosecogas.com\/it\/categoria-producto\/filtros\/\">ACQUISTA PI\u00d9 PRODOTTI ONLINE NEL NOSTRO NEGOZIO<\/a><\/p>\n<p><a href=\"http:\/\/www.segimonautomocio.com\/\">CONVERTITE IN LPG NEL NOSTRO OFFICINO UFFICIALE DI INSTALLAZIONE, MAGGIORI INFORMAZIONI SUL SITO WEB DEL NOSTRO WORKSHOP<\/a><\/p>\n","protected":false},"excerpt":{"rendered":"<p>Kit adattatore LPG DREHMEISTER in valigia \u2013 M10 \/ M12 \/ M14 per rifornimento internazionale Il kit adattatore per serbatoi di GPL DREHMEISTER \u00e8 la soluzione perfetta per viaggiare in giro per il mondo con il tuo veicolo a gas liquefatto. Disponibile nelle versioni M10, M12 e M14, questo set include i 4 sistemi internazionali [&hellip;]<\/p>\n","protected":false},"featured_media":8421,"comment_status":"open","ping_status":"closed","template":"","meta":{"_uag_custom_page_level_css":""},"product_brand":[],"product_cat":[2188,2189,2347,2348,2162],"product_tag":[2295],"class_list":{"0":"post-46502","1":"product","2":"type-product","3":"status-publish","4":"has-post-thumbnail","6":"product_cat-adaptador-glp","7":"product_cat-adaptadores-glp","8":"product_cat-adattatori-per-paese","9":"product_cat-drehmeister","10":"product_cat-repostar","11":"product_tag-kit-de-adaptadores-glp-global","13":"first","14":"instock","15":"taxable","16":"shipping-taxable","17":"purchasable","18":"product-type-variable"},"ct_brands":[],"yoast_head":"<!-- This site is optimized with the Yoast SEO Premium plugin v27.5 (Yoast SEO v27.5) - https:\/\/yoast.com\/product\/yoast-seo-premium-wordpress\/ -->\n<title>LPG Adapter Kit|Recambios EcoGas| Sistemi LPG e CNG<\/title>\n<meta name=\"description\" content=\"Kit adattatore LPG DREHMEISTER \u2013 M10 \/ M12 \/ M14 International Refueling. Fai acquisti nel nostro negozio fisico o online.\" \/>\n<meta name=\"robots\" content=\"index, follow, max-snippet:-1, max-image-preview:large, max-video-preview:-1\" \/>\n<link rel=\"canonical\" href=\"https:\/\/recambiosecogas.com\/it\/producto\/drehmeister-kit-de-adaptadores-en-valija-para-cilindros-de-gas-m10-m12-m14\/\" \/>\n<meta property=\"og:locale\" content=\"it_IT\" \/>\n<meta property=\"og:type\" content=\"article\" \/>\n<meta property=\"og:title\" content=\"Kit adattatore LPG DREHMEISTER \u2013 M10 \/ M12 \/ M14 Rifornimento Internazionale\" \/>\n<meta property=\"og:description\" content=\"Kit adattatore LPG DREHMEISTER \u2013 M10 \/ M12 \/ M14 International Refueling. Fai acquisti nel nostro negozio fisico o online.\" \/>\n<meta property=\"og:url\" content=\"https:\/\/recambiosecogas.com\/it\/producto\/drehmeister-kit-de-adaptadores-en-valija-para-cilindros-de-gas-m10-m12-m14\/\" \/>\n<meta property=\"og:site_name\" content=\"Recambios EcoGas\" \/>\n<meta property=\"article:publisher\" content=\"https:\/\/www.facebook.com\/profile.php?id=100062419705358\" \/>\n<meta property=\"article:modified_time\" content=\"2026-04-27T10:14:50+00:00\" \/>\n<meta property=\"og:image\" content=\"https:\/\/recambiosecogas.com\/wp-content\/uploads\/2024\/12\/DREHMEISTER-kit-de-adaptadores-en-valija-para-cilindros-de-gas-M10M12M14-1-png.webp\" \/>\n\t<meta property=\"og:image:width\" content=\"1000\" \/>\n\t<meta property=\"og:image:height\" content=\"1000\" \/>\n\t<meta property=\"og:image:type\" content=\"image\/png\" \/>\n<meta name=\"twitter:card\" content=\"summary_large_image\" \/>\n<meta name=\"twitter:label1\" content=\"Disponibilit\u00e0\" \/>\n\t<meta name=\"twitter:data1\" content=\"In stock\" \/>\n<script type=\"application\/ld+json\" class=\"yoast-schema-graph\">{\"@context\":\"https:\\\/\\\/schema.org\",\"@graph\":[{\"@type\":\"WebPage\",\"@id\":\"https:\\\/\\\/recambiosecogas.com\\\/it\\\/producto\\\/drehmeister-kit-de-adaptadores-en-valija-para-cilindros-de-gas-m10-m12-m14\\\/\",\"url\":\"https:\\\/\\\/recambiosecogas.com\\\/it\\\/producto\\\/drehmeister-kit-de-adaptadores-en-valija-para-cilindros-de-gas-m10-m12-m14\\\/\",\"name\":\"LPG Adapter Kit|Recambios EcoGas| Sistemi LPG e CNG\",\"isPartOf\":{\"@id\":\"https:\\\/\\\/recambiosecogas.com\\\/it\\\/#website\"},\"primaryImageOfPage\":{\"@id\":\"https:\\\/\\\/recambiosecogas.com\\\/it\\\/producto\\\/drehmeister-kit-de-adaptadores-en-valija-para-cilindros-de-gas-m10-m12-m14\\\/#primaryimage\"},\"image\":{\"@id\":\"https:\\\/\\\/recambiosecogas.com\\\/it\\\/producto\\\/drehmeister-kit-de-adaptadores-en-valija-para-cilindros-de-gas-m10-m12-m14\\\/#primaryimage\"},\"thumbnailUrl\":\"https:\\\/\\\/recambiosecogas.com\\\/wp-content\\\/uploads\\\/2024\\\/12\\\/DREHMEISTER-kit-de-adaptadores-en-valija-para-cilindros-de-gas-M10M12M14-1-png.webp\",\"datePublished\":\"2024-12-04T17:58:58+00:00\",\"dateModified\":\"2026-04-27T10:14:50+00:00\",\"description\":\"Kit adattatore LPG DREHMEISTER \u2013 M10 \\\/ M12 \\\/ M14 International Refueling. Fai acquisti nel nostro negozio fisico o online.\",\"breadcrumb\":{\"@id\":\"https:\\\/\\\/recambiosecogas.com\\\/it\\\/producto\\\/drehmeister-kit-de-adaptadores-en-valija-para-cilindros-de-gas-m10-m12-m14\\\/#breadcrumb\"},\"inLanguage\":\"it-IT\",\"potentialAction\":[{\"@type\":\"ReadAction\",\"target\":[\"https:\\\/\\\/recambiosecogas.com\\\/it\\\/producto\\\/drehmeister-kit-de-adaptadores-en-valija-para-cilindros-de-gas-m10-m12-m14\\\/\"]}]},{\"@type\":\"ImageObject\",\"inLanguage\":\"it-IT\",\"@id\":\"https:\\\/\\\/recambiosecogas.com\\\/it\\\/producto\\\/drehmeister-kit-de-adaptadores-en-valija-para-cilindros-de-gas-m10-m12-m14\\\/#primaryimage\",\"url\":\"https:\\\/\\\/recambiosecogas.com\\\/wp-content\\\/uploads\\\/2024\\\/12\\\/DREHMEISTER-kit-de-adaptadores-en-valija-para-cilindros-de-gas-M10M12M14-1-png.webp\",\"contentUrl\":\"https:\\\/\\\/recambiosecogas.com\\\/wp-content\\\/uploads\\\/2024\\\/12\\\/DREHMEISTER-kit-de-adaptadores-en-valija-para-cilindros-de-gas-M10M12M14-1-png.webp\",\"width\":1000,\"height\":1000},{\"@type\":\"BreadcrumbList\",\"@id\":\"https:\\\/\\\/recambiosecogas.com\\\/it\\\/producto\\\/drehmeister-kit-de-adaptadores-en-valija-para-cilindros-de-gas-m10-m12-m14\\\/#breadcrumb\",\"itemListElement\":[{\"@type\":\"ListItem\",\"position\":1,\"name\":\"Portada\",\"item\":\"https:\\\/\\\/recambiosecogas.com\\\/it\\\/\"},{\"@type\":\"ListItem\",\"position\":2,\"name\":\"Negozio\",\"item\":\"https:\\\/\\\/recambiosecogas.com\\\/it\\\/?page_id=46382\"},{\"@type\":\"ListItem\",\"position\":3,\"name\":\"Kit adattatore LPG DREHMEISTER \u2013 M10 \\\/ M12 \\\/ M14 Rifornimento Internazionale\"}]},{\"@type\":\"WebSite\",\"@id\":\"https:\\\/\\\/recambiosecogas.com\\\/it\\\/#website\",\"url\":\"https:\\\/\\\/recambiosecogas.com\\\/it\\\/\",\"name\":\"Recambios EcoGas\",\"description\":\"Recambios Multimarca para sistemas de GLP\\\/GNC\\\/GNL\\\/Hidr\u00f3geno\",\"publisher\":{\"@id\":\"https:\\\/\\\/recambiosecogas.com\\\/it\\\/#organization\"},\"alternateName\":\"Recambios Autogas GLP\",\"potentialAction\":[{\"@type\":\"SearchAction\",\"target\":{\"@type\":\"EntryPoint\",\"urlTemplate\":\"https:\\\/\\\/recambiosecogas.com\\\/it\\\/?s={search_term_string}\"},\"query-input\":{\"@type\":\"PropertyValueSpecification\",\"valueRequired\":true,\"valueName\":\"search_term_string\"}}],\"inLanguage\":\"it-IT\"},{\"@type\":[\"Organization\",\"Place\"],\"@id\":\"https:\\\/\\\/recambiosecogas.com\\\/it\\\/#organization\",\"name\":\"Recambios EcoGas\",\"alternateName\":\"Tienda Online GLP Espa\u00f1a\",\"url\":\"https:\\\/\\\/recambiosecogas.com\\\/it\\\/\",\"logo\":{\"@id\":\"https:\\\/\\\/recambiosecogas.com\\\/it\\\/producto\\\/drehmeister-kit-de-adaptadores-en-valija-para-cilindros-de-gas-m10-m12-m14\\\/#local-main-organization-logo\"},\"image\":{\"@id\":\"https:\\\/\\\/recambiosecogas.com\\\/it\\\/producto\\\/drehmeister-kit-de-adaptadores-en-valija-para-cilindros-de-gas-m10-m12-m14\\\/#local-main-organization-logo\"},\"sameAs\":[\"https:\\\/\\\/www.facebook.com\\\/profile.php?id=100062419705358\",\"https:\\\/\\\/www.instagram.com\\\/segimon_automocio\"],\"description\":\"Recambios EcoGas \u2013 Venta y distribuci\u00f3n de sistemas GLP y GNC en Espa\u00f1a y Portugal. Env\u00edos 24 h, soporte t\u00e9cnico a talleres y distribuidores.\",\"hasMerchantReturnPolicy\":{\"@type\":\"MerchantReturnPolicy\",\"merchantReturnLink\":\"https:\\\/\\\/recambiosecogas.com\\\/politicas-privacidad\\\/\"},\"address\":{\"@id\":\"https:\\\/\\\/recambiosecogas.com\\\/it\\\/producto\\\/drehmeister-kit-de-adaptadores-en-valija-para-cilindros-de-gas-m10-m12-m14\\\/#local-main-place-address\"},\"telephone\":[\"616250633\"],\"contactPoint\":{\"@type\":\"ContactPoint\",\"email\":\"export@recambiosecogas.com\"},\"openingHoursSpecification\":[{\"@type\":\"OpeningHoursSpecification\",\"dayOfWeek\":[\"Monday\",\"Tuesday\",\"Wednesday\",\"Thursday\",\"Friday\",\"Saturday\",\"Sunday\"],\"opens\":\"09:00\",\"closes\":\"17:00\"}],\"email\":\"info@recambiosecogas.com\",\"faxNumber\":\"SEGIMON AUTOMOCION SL\",\"vatID\":\"ESB19819861\",\"globalLocationNumber\":\"938 616 339\"},{\"@type\":\"PostalAddress\",\"@id\":\"https:\\\/\\\/recambiosecogas.com\\\/it\\\/producto\\\/drehmeister-kit-de-adaptadores-en-valija-para-cilindros-de-gas-m10-m12-m14\\\/#local-main-place-address\",\"streetAddress\":\"cami antic de vic, 29 (Nave 3), Pol\u00edgono Industrial Congost\",\"addressLocality\":\"CORRO D`AVALL\",\"postalCode\":\"08520\",\"addressRegion\":\"Barcelona\",\"addressCountry\":\"ES\"},{\"@type\":\"ImageObject\",\"inLanguage\":\"it-IT\",\"@id\":\"https:\\\/\\\/recambiosecogas.com\\\/it\\\/producto\\\/drehmeister-kit-de-adaptadores-en-valija-para-cilindros-de-gas-m10-m12-m14\\\/#local-main-organization-logo\",\"url\":\"https:\\\/\\\/recambiosecogas.com\\\/wp-content\\\/uploads\\\/2024\\\/11\\\/cropped-RECAMBIOS-GLP-png.webp\",\"contentUrl\":\"https:\\\/\\\/recambiosecogas.com\\\/wp-content\\\/uploads\\\/2024\\\/11\\\/cropped-RECAMBIOS-GLP-png.webp\",\"width\":512,\"height\":512,\"caption\":\"Recambios EcoGas\"}]}<\/script>\n<meta property=\"og:availability\" content=\"instock\" \/>\n<meta property=\"product:availability\" content=\"instock\" \/>\n<meta property=\"product:retailer_item_id\" content=\"111515\" \/>\n<meta property=\"product:condition\" content=\"new\" \/>\n<meta name=\"geo.placename\" content=\"CORRO D`AVALL\" \/>\n<meta name=\"geo.region\" content=\"Spagna\" \/>\n<!-- \/ Yoast SEO Premium plugin. -->","yoast_head_json":{"title":"LPG Adapter Kit|Recambios EcoGas| Sistemi LPG e CNG","description":"Kit adattatore LPG DREHMEISTER \u2013 M10 \/ M12 \/ M14 International Refueling. Fai acquisti nel nostro negozio fisico o online.","robots":{"index":"index","follow":"follow","max-snippet":"max-snippet:-1","max-image-preview":"max-image-preview:large","max-video-preview":"max-video-preview:-1"},"canonical":"https:\/\/recambiosecogas.com\/it\/producto\/drehmeister-kit-de-adaptadores-en-valija-para-cilindros-de-gas-m10-m12-m14\/","og_locale":"it_IT","og_type":"article","og_title":"Kit adattatore LPG DREHMEISTER \u2013 M10 \/ M12 \/ M14 Rifornimento Internazionale","og_description":"Kit adattatore LPG DREHMEISTER \u2013 M10 \/ M12 \/ M14 International Refueling. Fai acquisti nel nostro negozio fisico o online.","og_url":"https:\/\/recambiosecogas.com\/it\/producto\/drehmeister-kit-de-adaptadores-en-valija-para-cilindros-de-gas-m10-m12-m14\/","og_site_name":"Recambios EcoGas","article_publisher":"https:\/\/www.facebook.com\/profile.php?id=100062419705358","article_modified_time":"2026-04-27T10:14:50+00:00","og_image":[{"width":1000,"height":1000,"url":"https:\/\/recambiosecogas.com\/wp-content\/uploads\/2024\/12\/DREHMEISTER-kit-de-adaptadores-en-valija-para-cilindros-de-gas-M10M12M14-1-png.webp","type":"image\/png"}],"twitter_card":"summary_large_image","twitter_misc":{"Disponibilit\u00e0":"In stock"},"schema":{"@context":"https:\/\/schema.org","@graph":[{"@type":"WebPage","@id":"https:\/\/recambiosecogas.com\/it\/producto\/drehmeister-kit-de-adaptadores-en-valija-para-cilindros-de-gas-m10-m12-m14\/","url":"https:\/\/recambiosecogas.com\/it\/producto\/drehmeister-kit-de-adaptadores-en-valija-para-cilindros-de-gas-m10-m12-m14\/","name":"LPG Adapter Kit|Recambios EcoGas| Sistemi LPG e CNG","isPartOf":{"@id":"https:\/\/recambiosecogas.com\/it\/#website"},"primaryImageOfPage":{"@id":"https:\/\/recambiosecogas.com\/it\/producto\/drehmeister-kit-de-adaptadores-en-valija-para-cilindros-de-gas-m10-m12-m14\/#primaryimage"},"image":{"@id":"https:\/\/recambiosecogas.com\/it\/producto\/drehmeister-kit-de-adaptadores-en-valija-para-cilindros-de-gas-m10-m12-m14\/#primaryimage"},"thumbnailUrl":"https:\/\/recambiosecogas.com\/wp-content\/uploads\/2024\/12\/DREHMEISTER-kit-de-adaptadores-en-valija-para-cilindros-de-gas-M10M12M14-1-png.webp","datePublished":"2024-12-04T17:58:58+00:00","dateModified":"2026-04-27T10:14:50+00:00","description":"Kit adattatore LPG DREHMEISTER \u2013 M10 \/ M12 \/ M14 International Refueling. Fai acquisti nel nostro negozio fisico o online.","breadcrumb":{"@id":"https:\/\/recambiosecogas.com\/it\/producto\/drehmeister-kit-de-adaptadores-en-valija-para-cilindros-de-gas-m10-m12-m14\/#breadcrumb"},"inLanguage":"it-IT","potentialAction":[{"@type":"ReadAction","target":["https:\/\/recambiosecogas.com\/it\/producto\/drehmeister-kit-de-adaptadores-en-valija-para-cilindros-de-gas-m10-m12-m14\/"]}]},{"@type":"ImageObject","inLanguage":"it-IT","@id":"https:\/\/recambiosecogas.com\/it\/producto\/drehmeister-kit-de-adaptadores-en-valija-para-cilindros-de-gas-m10-m12-m14\/#primaryimage","url":"https:\/\/recambiosecogas.com\/wp-content\/uploads\/2024\/12\/DREHMEISTER-kit-de-adaptadores-en-valija-para-cilindros-de-gas-M10M12M14-1-png.webp","contentUrl":"https:\/\/recambiosecogas.com\/wp-content\/uploads\/2024\/12\/DREHMEISTER-kit-de-adaptadores-en-valija-para-cilindros-de-gas-M10M12M14-1-png.webp","width":1000,"height":1000},{"@type":"BreadcrumbList","@id":"https:\/\/recambiosecogas.com\/it\/producto\/drehmeister-kit-de-adaptadores-en-valija-para-cilindros-de-gas-m10-m12-m14\/#breadcrumb","itemListElement":[{"@type":"ListItem","position":1,"name":"Portada","item":"https:\/\/recambiosecogas.com\/it\/"},{"@type":"ListItem","position":2,"name":"Negozio","item":"https:\/\/recambiosecogas.com\/it\/?page_id=46382"},{"@type":"ListItem","position":3,"name":"Kit adattatore LPG DREHMEISTER \u2013 M10 \/ M12 \/ M14 Rifornimento Internazionale"}]},{"@type":"WebSite","@id":"https:\/\/recambiosecogas.com\/it\/#website","url":"https:\/\/recambiosecogas.com\/it\/","name":"Recambios EcoGas","description":"Recambios Multimarca para sistemas de GLP\/GNC\/GNL\/Hidr\u00f3geno","publisher":{"@id":"https:\/\/recambiosecogas.com\/it\/#organization"},"alternateName":"Recambios Autogas GLP","potentialAction":[{"@type":"SearchAction","target":{"@type":"EntryPoint","urlTemplate":"https:\/\/recambiosecogas.com\/it\/?s={search_term_string}"},"query-input":{"@type":"PropertyValueSpecification","valueRequired":true,"valueName":"search_term_string"}}],"inLanguage":"it-IT"},{"@type":["Organization","Place"],"@id":"https:\/\/recambiosecogas.com\/it\/#organization","name":"Recambios EcoGas","alternateName":"Tienda Online GLP Espa\u00f1a","url":"https:\/\/recambiosecogas.com\/it\/","logo":{"@id":"https:\/\/recambiosecogas.com\/it\/producto\/drehmeister-kit-de-adaptadores-en-valija-para-cilindros-de-gas-m10-m12-m14\/#local-main-organization-logo"},"image":{"@id":"https:\/\/recambiosecogas.com\/it\/producto\/drehmeister-kit-de-adaptadores-en-valija-para-cilindros-de-gas-m10-m12-m14\/#local-main-organization-logo"},"sameAs":["https:\/\/www.facebook.com\/profile.php?id=100062419705358","https:\/\/www.instagram.com\/segimon_automocio"],"description":"Recambios EcoGas \u2013 Venta y distribuci\u00f3n de sistemas GLP y GNC en Espa\u00f1a y Portugal. Env\u00edos 24 h, soporte t\u00e9cnico a talleres y distribuidores.","hasMerchantReturnPolicy":{"@type":"MerchantReturnPolicy","merchantReturnLink":"https:\/\/recambiosecogas.com\/politicas-privacidad\/"},"address":{"@id":"https:\/\/recambiosecogas.com\/it\/producto\/drehmeister-kit-de-adaptadores-en-valija-para-cilindros-de-gas-m10-m12-m14\/#local-main-place-address"},"telephone":["616250633"],"contactPoint":{"@type":"ContactPoint","email":"export@recambiosecogas.com"},"openingHoursSpecification":[{"@type":"OpeningHoursSpecification","dayOfWeek":["Monday","Tuesday","Wednesday","Thursday","Friday","Saturday","Sunday"],"opens":"09:00","closes":"17:00"}],"email":"info@recambiosecogas.com","faxNumber":"SEGIMON AUTOMOCION SL","vatID":"ESB19819861","globalLocationNumber":"938 616 339"},{"@type":"PostalAddress","@id":"https:\/\/recambiosecogas.com\/it\/producto\/drehmeister-kit-de-adaptadores-en-valija-para-cilindros-de-gas-m10-m12-m14\/#local-main-place-address","streetAddress":"cami antic de vic, 29 (Nave 3), Pol\u00edgono Industrial Congost","addressLocality":"CORRO D`AVALL","postalCode":"08520","addressRegion":"Barcelona","addressCountry":"ES"},{"@type":"ImageObject","inLanguage":"it-IT","@id":"https:\/\/recambiosecogas.com\/it\/producto\/drehmeister-kit-de-adaptadores-en-valija-para-cilindros-de-gas-m10-m12-m14\/#local-main-organization-logo","url":"https:\/\/recambiosecogas.com\/wp-content\/uploads\/2024\/11\/cropped-RECAMBIOS-GLP-png.webp","contentUrl":"https:\/\/recambiosecogas.com\/wp-content\/uploads\/2024\/11\/cropped-RECAMBIOS-GLP-png.webp","width":512,"height":512,"caption":"Recambios EcoGas"}]},"og_availability":"instock","product_availability":"instock","product_retailer_item_id":"111515","product_condition":"new","geo.placename":"CORRO D`AVALL","geo.region":"Spagna"},"uagb_featured_image_src":{"full":["https:\/\/recambiosecogas.com\/wp-content\/uploads\/2024\/12\/DREHMEISTER-kit-de-adaptadores-en-valija-para-cilindros-de-gas-M10M12M14-1-png.webp",1000,1000,false],"thumbnail":["https:\/\/recambiosecogas.com\/wp-content\/uploads\/2024\/12\/DREHMEISTER-kit-de-adaptadores-en-valija-para-cilindros-de-gas-M10M12M14-1-150x150.webp",150,150,true],"medium":["https:\/\/recambiosecogas.com\/wp-content\/uploads\/2024\/12\/DREHMEISTER-kit-de-adaptadores-en-valija-para-cilindros-de-gas-M10M12M14-1-300x300.webp",300,300,true],"medium_large":["https:\/\/recambiosecogas.com\/wp-content\/uploads\/2024\/12\/DREHMEISTER-kit-de-adaptadores-en-valija-para-cilindros-de-gas-M10M12M14-1-768x768.webp",768,768,true],"large":["https:\/\/recambiosecogas.com\/wp-content\/uploads\/2024\/12\/DREHMEISTER-kit-de-adaptadores-en-valija-para-cilindros-de-gas-M10M12M14-1-png.webp",1000,1000,false],"1536x1536":["https:\/\/recambiosecogas.com\/wp-content\/uploads\/2024\/12\/DREHMEISTER-kit-de-adaptadores-en-valija-para-cilindros-de-gas-M10M12M14-1-png.webp",1000,1000,false],"2048x2048":["https:\/\/recambiosecogas.com\/wp-content\/uploads\/2024\/12\/DREHMEISTER-kit-de-adaptadores-en-valija-para-cilindros-de-gas-M10M12M14-1-png.webp",1000,1000,false],"woocommerce_archive_thumbnail":["https:\/\/recambiosecogas.com\/wp-content\/uploads\/2024\/12\/DREHMEISTER-kit-de-adaptadores-en-valija-para-cilindros-de-gas-M10M12M14-1-png.webp",1000,1000,false],"woocommerce_thumbnail":["https:\/\/recambiosecogas.com\/wp-content\/uploads\/2024\/12\/DREHMEISTER-kit-de-adaptadores-en-valija-para-cilindros-de-gas-M10M12M14-1-png-300x300.webp",300,300,true],"woocommerce_single":["https:\/\/recambiosecogas.com\/wp-content\/uploads\/2024\/12\/DREHMEISTER-kit-de-adaptadores-en-valija-para-cilindros-de-gas-M10M12M14-1-png.webp",1000,1000,false],"woocommerce_gallery_thumbnail":["https:\/\/recambiosecogas.com\/wp-content\/uploads\/2024\/12\/DREHMEISTER-kit-de-adaptadores-en-valija-para-cilindros-de-gas-M10M12M14-1-png.webp",1000,1000,false],"dgwt-wcas-product-suggestion":["https:\/\/recambiosecogas.com\/wp-content\/uploads\/2024\/12\/DREHMEISTER-kit-de-adaptadores-en-valija-para-cilindros-de-gas-M10M12M14-1-png-64x64.webp",64,64,true]},"uagb_author_info":{"display_name":"Fran - Soporte T\u00e9cnico","author_link":"https:\/\/recambiosecogas.com\/it\/author\/"},"uagb_comment_info":0,"uagb_excerpt":"Kit adattatore LPG DREHMEISTER in valigia \u2013 M10 \/ M12 \/ M14 per rifornimento internazionale Il kit adattatore per serbatoi di GPL DREHMEISTER \u00e8 la soluzione perfetta per viaggiare in giro per il mondo con il tuo veicolo a gas liquefatto. Disponibile nelle versioni M10, M12 e M14, questo set include i 4 sistemi internazionali&hellip;","_links":{"self":[{"href":"https:\/\/recambiosecogas.com\/it\/wp-json\/wp\/v2\/product\/46502","targetHints":{"allow":["GET"]}}],"collection":[{"href":"https:\/\/recambiosecogas.com\/it\/wp-json\/wp\/v2\/product"}],"about":[{"href":"https:\/\/recambiosecogas.com\/it\/wp-json\/wp\/v2\/types\/product"}],"replies":[{"embeddable":true,"href":"https:\/\/recambiosecogas.com\/it\/wp-json\/wp\/v2\/comments?post=46502"}],"wp:featuredmedia":[{"embeddable":true,"href":"https:\/\/recambiosecogas.com\/it\/wp-json\/wp\/v2\/media\/8421"}],"wp:attachment":[{"href":"https:\/\/recambiosecogas.com\/it\/wp-json\/wp\/v2\/media?parent=46502"}],"wp:term":[{"taxonomy":"product_brand","embeddable":true,"href":"https:\/\/recambiosecogas.com\/it\/wp-json\/wp\/v2\/product_brand?post=46502"},{"taxonomy":"product_cat","embeddable":true,"href":"https:\/\/recambiosecogas.com\/it\/wp-json\/wp\/v2\/product_cat?post=46502"},{"taxonomy":"product_tag","embeddable":true,"href":"https:\/\/recambiosecogas.com\/it\/wp-json\/wp\/v2\/product_tag?post=46502"}],"curies":[{"name":"wp","href":"https:\/\/api.w.org\/{rel}","templated":true}]}}