{"id":46468,"date":"2024-11-18T09:57:02","date_gmt":"2024-11-18T08:57:02","guid":{"rendered":"https:\/\/recambiosecogas.com\/producto\/emer-boquilla-de-suministro-gnc-t-d-6m12x1-s-mic-c3-europa-incl-caja\/"},"modified":"2026-04-08T10:20:31","modified_gmt":"2026-04-08T09:20:31","slug":"emer-boquilla-de-suministro-gnc-t-d-6m12x1-s-mic-c3-europa-incl-caja","status":"publish","type":"product","link":"https:\/\/recambiosecogas.com\/it\/producto\/emer-boquilla-de-suministro-gnc-t-d-6m12x1-s-mic-c3-europa-incl-caja\/","title":{"rendered":"Ugello di alimentazione CNG EMER T.D.6M12X1 S\/MIC C3 EUROPE incluso. Caso"},"content":{"rendered":"<p>Ugello di alimentazione CNG Ugello EMER T.D.6M12X1<br \/>\nUgello di alimentazione per sistemi CNG<\/p>\n<p>L&#8217;ugello di alimentazione CNG EMER con connessione T.D.6M12X1 \u00e8 un componente essenziale per il riempimento del gas naturale compresso nei veicoli. Progettato per applicazioni in Europa, questo ugello garantisce una connessione sicura ed efficiente durante il processo di rifornimento. <\/p>\n<p>L&#8217;ugello funziona come punto di trasferimento del gas, permettendo il passaggio del GNC dal distributore al serbatoio del veicolo. Il suo design garantisce una corretta sigillatura, minimizzando le perdite e garantendo la sicurezza del sistema. <\/p>\n<p>Questo ugello \u00e8 necessario quando \u00e8 necessario sostituirlo a causa di usura o danni al componente originale. \u00c8 compatibile con sistemi di riempimento che utilizzano connessioni T.D.6M12X1. <\/p>\n<p>Realizzato con materiali resistenti, l&#8217;ugello EMER offre una lunga durata operativa e resistenza a condizioni d&#8217;uso impegnative. Garantisce prestazioni affidabili su ogni riempimento. <\/p>\n<p>Compatibilit\u00e0<br \/>\n: Compatibile con sistemi di riempimento CNG che utilizzano connessioni T.D.6M12X1. Si consiglia di verificare il riferimento originale prima di effettuare l&#8217;acquisto. <\/p>\n","protected":false},"excerpt":{"rendered":"<p>Ugello di alimentazione EMER CNG per sistemi di riempimento con connessione T.D.6M12X1, ideale per applicazioni in Europa.<\/p>\n","protected":false},"featured_media":6954,"comment_status":"closed","ping_status":"closed","template":"","meta":{"_uag_custom_page_level_css":""},"product_brand":[],"product_cat":[2188,2162,2345],"product_tag":[],"class_list":{"0":"post-46468","1":"product","2":"type-product","3":"status-publish","4":"has-post-thumbnail","6":"product_cat-adaptador-glp","7":"product_cat-repostar","8":"product_cat-riempimento-al-gnc","10":"first","11":"onbackorder","12":"taxable","13":"shipping-taxable","14":"purchasable","15":"product-type-simple"},"ct_brands":[],"yoast_head":"<!-- This site is optimized with the Yoast SEO Premium plugin v27.5 (Yoast SEO v27.5) - https:\/\/yoast.com\/product\/yoast-seo-premium-wordpress\/ -->\n<title>Ugello di alimentazione CNG EMER | Pezzi di ricambio Ecogas<\/title>\n<meta name=\"description\" content=\"Ugello di alimentazione CNG EMER per sistemi di riempimento (GER). Compatibile con le connessioni T.D.6M12X1.\" \/>\n<meta name=\"robots\" content=\"index, follow, max-snippet:-1, max-image-preview:large, max-video-preview:-1\" \/>\n<link rel=\"canonical\" href=\"https:\/\/recambiosecogas.com\/it\/producto\/emer-boquilla-de-suministro-gnc-t-d-6m12x1-s-mic-c3-europa-incl-caja\/\" \/>\n<meta property=\"og:locale\" content=\"it_IT\" \/>\n<meta property=\"og:type\" content=\"article\" \/>\n<meta property=\"og:title\" content=\"Ugello di alimentazione CNG EMER T.D.6M12X1 S\/MIC C3 EUROPE incluso. Caso\" \/>\n<meta property=\"og:description\" content=\"Ugello di alimentazione CNG EMER per sistemi di riempimento (GER). Compatibile con le connessioni T.D.6M12X1.\" \/>\n<meta property=\"og:url\" content=\"https:\/\/recambiosecogas.com\/it\/producto\/emer-boquilla-de-suministro-gnc-t-d-6m12x1-s-mic-c3-europa-incl-caja\/\" \/>\n<meta property=\"og:site_name\" content=\"Recambios EcoGas\" \/>\n<meta property=\"article:publisher\" content=\"https:\/\/www.facebook.com\/profile.php?id=100062419705358\" \/>\n<meta property=\"article:modified_time\" content=\"2026-04-08T09:20:31+00:00\" \/>\n<meta property=\"og:image\" content=\"https:\/\/recambiosecogas.com\/wp-content\/uploads\/2024\/11\/EMER-boquilla-de-suministro-GNC-T.D.6M12X1-SMIC-C3-EUROPA-incl.-caja-png.webp\" \/>\n\t<meta property=\"og:image:width\" content=\"1000\" \/>\n\t<meta property=\"og:image:height\" content=\"1000\" \/>\n\t<meta property=\"og:image:type\" content=\"image\/png\" \/>\n<meta name=\"twitter:card\" content=\"summary_large_image\" \/>\n<meta name=\"twitter:label1\" content=\"Prezzo\" \/>\n\t<meta name=\"twitter:data1\" content=\"80,94&nbsp;&euro; (Sin IVA: 66,89&nbsp;&euro;)\" \/>\n\t<meta name=\"twitter:label2\" content=\"Disponibilit\u00e0\" \/>\n\t<meta name=\"twitter:data2\" content=\"Su ordinazione\" \/>\n<script type=\"application\/ld+json\" class=\"yoast-schema-graph\">{\"@context\":\"https:\\\/\\\/schema.org\",\"@graph\":[{\"@type\":\"WebPage\",\"@id\":\"https:\\\/\\\/recambiosecogas.com\\\/it\\\/producto\\\/emer-boquilla-de-suministro-gnc-t-d-6m12x1-s-mic-c3-europa-incl-caja\\\/\",\"url\":\"https:\\\/\\\/recambiosecogas.com\\\/it\\\/producto\\\/emer-boquilla-de-suministro-gnc-t-d-6m12x1-s-mic-c3-europa-incl-caja\\\/\",\"name\":\"Ugello di alimentazione CNG EMER | Pezzi di ricambio Ecogas\",\"isPartOf\":{\"@id\":\"https:\\\/\\\/recambiosecogas.com\\\/it\\\/#website\"},\"primaryImageOfPage\":{\"@id\":\"https:\\\/\\\/recambiosecogas.com\\\/it\\\/producto\\\/emer-boquilla-de-suministro-gnc-t-d-6m12x1-s-mic-c3-europa-incl-caja\\\/#primaryimage\"},\"image\":{\"@id\":\"https:\\\/\\\/recambiosecogas.com\\\/it\\\/producto\\\/emer-boquilla-de-suministro-gnc-t-d-6m12x1-s-mic-c3-europa-incl-caja\\\/#primaryimage\"},\"thumbnailUrl\":\"https:\\\/\\\/recambiosecogas.com\\\/wp-content\\\/uploads\\\/2024\\\/11\\\/EMER-boquilla-de-suministro-GNC-T.D.6M12X1-SMIC-C3-EUROPA-incl.-caja-png.webp\",\"datePublished\":\"2024-11-18T08:57:02+00:00\",\"dateModified\":\"2026-04-08T09:20:31+00:00\",\"description\":\"Ugello di alimentazione CNG EMER per sistemi di riempimento (GER). Compatibile con le connessioni T.D.6M12X1.\",\"breadcrumb\":{\"@id\":\"https:\\\/\\\/recambiosecogas.com\\\/it\\\/producto\\\/emer-boquilla-de-suministro-gnc-t-d-6m12x1-s-mic-c3-europa-incl-caja\\\/#breadcrumb\"},\"inLanguage\":\"it-IT\",\"potentialAction\":[{\"@type\":\"ReadAction\",\"target\":[\"https:\\\/\\\/recambiosecogas.com\\\/it\\\/producto\\\/emer-boquilla-de-suministro-gnc-t-d-6m12x1-s-mic-c3-europa-incl-caja\\\/\"]}]},{\"@type\":\"ImageObject\",\"inLanguage\":\"it-IT\",\"@id\":\"https:\\\/\\\/recambiosecogas.com\\\/it\\\/producto\\\/emer-boquilla-de-suministro-gnc-t-d-6m12x1-s-mic-c3-europa-incl-caja\\\/#primaryimage\",\"url\":\"https:\\\/\\\/recambiosecogas.com\\\/wp-content\\\/uploads\\\/2024\\\/11\\\/EMER-boquilla-de-suministro-GNC-T.D.6M12X1-SMIC-C3-EUROPA-incl.-caja-png.webp\",\"contentUrl\":\"https:\\\/\\\/recambiosecogas.com\\\/wp-content\\\/uploads\\\/2024\\\/11\\\/EMER-boquilla-de-suministro-GNC-T.D.6M12X1-SMIC-C3-EUROPA-incl.-caja-png.webp\",\"width\":1000,\"height\":1000},{\"@type\":\"BreadcrumbList\",\"@id\":\"https:\\\/\\\/recambiosecogas.com\\\/it\\\/producto\\\/emer-boquilla-de-suministro-gnc-t-d-6m12x1-s-mic-c3-europa-incl-caja\\\/#breadcrumb\",\"itemListElement\":[{\"@type\":\"ListItem\",\"position\":1,\"name\":\"Portada\",\"item\":\"https:\\\/\\\/recambiosecogas.com\\\/it\\\/\"},{\"@type\":\"ListItem\",\"position\":2,\"name\":\"Negozio\",\"item\":\"https:\\\/\\\/recambiosecogas.com\\\/it\\\/?page_id=46382\"},{\"@type\":\"ListItem\",\"position\":3,\"name\":\"Ugello di alimentazione CNG EMER T.D.6M12X1 S\\\/MIC C3 EUROPE incluso. Caso\"}]},{\"@type\":\"WebSite\",\"@id\":\"https:\\\/\\\/recambiosecogas.com\\\/it\\\/#website\",\"url\":\"https:\\\/\\\/recambiosecogas.com\\\/it\\\/\",\"name\":\"Recambios EcoGas\",\"description\":\"Recambios Multimarca para sistemas de GLP\\\/GNC\\\/GNL\\\/Hidr\u00f3geno\",\"publisher\":{\"@id\":\"https:\\\/\\\/recambiosecogas.com\\\/it\\\/#organization\"},\"alternateName\":\"Recambios Autogas GLP\",\"potentialAction\":[{\"@type\":\"SearchAction\",\"target\":{\"@type\":\"EntryPoint\",\"urlTemplate\":\"https:\\\/\\\/recambiosecogas.com\\\/it\\\/?s={search_term_string}\"},\"query-input\":{\"@type\":\"PropertyValueSpecification\",\"valueRequired\":true,\"valueName\":\"search_term_string\"}}],\"inLanguage\":\"it-IT\"},{\"@type\":[\"Organization\",\"Place\"],\"@id\":\"https:\\\/\\\/recambiosecogas.com\\\/it\\\/#organization\",\"name\":\"Recambios EcoGas\",\"alternateName\":\"Tienda Online GLP Espa\u00f1a\",\"url\":\"https:\\\/\\\/recambiosecogas.com\\\/it\\\/\",\"logo\":{\"@id\":\"https:\\\/\\\/recambiosecogas.com\\\/it\\\/producto\\\/emer-boquilla-de-suministro-gnc-t-d-6m12x1-s-mic-c3-europa-incl-caja\\\/#local-main-organization-logo\"},\"image\":{\"@id\":\"https:\\\/\\\/recambiosecogas.com\\\/it\\\/producto\\\/emer-boquilla-de-suministro-gnc-t-d-6m12x1-s-mic-c3-europa-incl-caja\\\/#local-main-organization-logo\"},\"sameAs\":[\"https:\\\/\\\/www.facebook.com\\\/profile.php?id=100062419705358\",\"https:\\\/\\\/www.instagram.com\\\/segimon_automocio\"],\"description\":\"Recambios EcoGas \u2013 Venta y distribuci\u00f3n de sistemas GLP y GNC en Espa\u00f1a y Portugal. Env\u00edos 24 h, soporte t\u00e9cnico a talleres y distribuidores.\",\"hasMerchantReturnPolicy\":{\"@type\":\"MerchantReturnPolicy\",\"merchantReturnLink\":\"https:\\\/\\\/recambiosecogas.com\\\/politicas-privacidad\\\/\"},\"address\":{\"@id\":\"https:\\\/\\\/recambiosecogas.com\\\/it\\\/producto\\\/emer-boquilla-de-suministro-gnc-t-d-6m12x1-s-mic-c3-europa-incl-caja\\\/#local-main-place-address\"},\"telephone\":[\"616250633\"],\"contactPoint\":{\"@type\":\"ContactPoint\",\"email\":\"export@recambiosecogas.com\"},\"openingHoursSpecification\":[{\"@type\":\"OpeningHoursSpecification\",\"dayOfWeek\":[\"Monday\",\"Tuesday\",\"Wednesday\",\"Thursday\",\"Friday\",\"Saturday\",\"Sunday\"],\"opens\":\"09:00\",\"closes\":\"17:00\"}],\"email\":\"info@recambiosecogas.com\",\"faxNumber\":\"SEGIMON AUTOMOCION SL\",\"vatID\":\"ESB19819861\",\"globalLocationNumber\":\"938 616 339\"},{\"@type\":\"PostalAddress\",\"@id\":\"https:\\\/\\\/recambiosecogas.com\\\/it\\\/producto\\\/emer-boquilla-de-suministro-gnc-t-d-6m12x1-s-mic-c3-europa-incl-caja\\\/#local-main-place-address\",\"streetAddress\":\"cami antic de vic, 29 (Nave 3), Pol\u00edgono Industrial Congost\",\"addressLocality\":\"CORRO D`AVALL\",\"postalCode\":\"08520\",\"addressRegion\":\"Barcelona\",\"addressCountry\":\"ES\"},{\"@type\":\"ImageObject\",\"inLanguage\":\"it-IT\",\"@id\":\"https:\\\/\\\/recambiosecogas.com\\\/it\\\/producto\\\/emer-boquilla-de-suministro-gnc-t-d-6m12x1-s-mic-c3-europa-incl-caja\\\/#local-main-organization-logo\",\"url\":\"https:\\\/\\\/recambiosecogas.com\\\/wp-content\\\/uploads\\\/2024\\\/11\\\/cropped-RECAMBIOS-GLP-png.webp\",\"contentUrl\":\"https:\\\/\\\/recambiosecogas.com\\\/wp-content\\\/uploads\\\/2024\\\/11\\\/cropped-RECAMBIOS-GLP-png.webp\",\"width\":512,\"height\":512,\"caption\":\"Recambios EcoGas\"}]}<\/script>\n<meta property=\"product:price:amount\" content=\"80.94\" \/>\n<meta property=\"product:price:currency\" content=\"EUR\" \/>\n<meta property=\"og:availability\" content=\"backorder\" \/>\n<meta property=\"product:availability\" content=\"available for order\" \/>\n<meta property=\"product:retailer_item_id\" content=\"106102\" \/>\n<meta property=\"product:condition\" content=\"new\" \/>\n<meta name=\"geo.placename\" content=\"CORRO D`AVALL\" \/>\n<meta name=\"geo.region\" content=\"Spagna\" \/>\n<!-- \/ Yoast SEO Premium plugin. -->","yoast_head_json":{"title":"Ugello di alimentazione CNG EMER | Pezzi di ricambio Ecogas","description":"Ugello di alimentazione CNG EMER per sistemi di riempimento (GER). Compatibile con le connessioni T.D.6M12X1.","robots":{"index":"index","follow":"follow","max-snippet":"max-snippet:-1","max-image-preview":"max-image-preview:large","max-video-preview":"max-video-preview:-1"},"canonical":"https:\/\/recambiosecogas.com\/it\/producto\/emer-boquilla-de-suministro-gnc-t-d-6m12x1-s-mic-c3-europa-incl-caja\/","og_locale":"it_IT","og_type":"article","og_title":"Ugello di alimentazione CNG EMER T.D.6M12X1 S\/MIC C3 EUROPE incluso. Caso","og_description":"Ugello di alimentazione CNG EMER per sistemi di riempimento (GER). Compatibile con le connessioni T.D.6M12X1.","og_url":"https:\/\/recambiosecogas.com\/it\/producto\/emer-boquilla-de-suministro-gnc-t-d-6m12x1-s-mic-c3-europa-incl-caja\/","og_site_name":"Recambios EcoGas","article_publisher":"https:\/\/www.facebook.com\/profile.php?id=100062419705358","article_modified_time":"2026-04-08T09:20:31+00:00","og_image":[{"width":1000,"height":1000,"url":"https:\/\/recambiosecogas.com\/wp-content\/uploads\/2024\/11\/EMER-boquilla-de-suministro-GNC-T.D.6M12X1-SMIC-C3-EUROPA-incl.-caja-png.webp","type":"image\/png"}],"twitter_card":"summary_large_image","twitter_misc":{"Prezzo":"80,94&nbsp;&euro; (Sin IVA: 66,89&nbsp;&euro;)","Disponibilit\u00e0":"Su ordinazione"},"schema":{"@context":"https:\/\/schema.org","@graph":[{"@type":"WebPage","@id":"https:\/\/recambiosecogas.com\/it\/producto\/emer-boquilla-de-suministro-gnc-t-d-6m12x1-s-mic-c3-europa-incl-caja\/","url":"https:\/\/recambiosecogas.com\/it\/producto\/emer-boquilla-de-suministro-gnc-t-d-6m12x1-s-mic-c3-europa-incl-caja\/","name":"Ugello di alimentazione CNG EMER | Pezzi di ricambio Ecogas","isPartOf":{"@id":"https:\/\/recambiosecogas.com\/it\/#website"},"primaryImageOfPage":{"@id":"https:\/\/recambiosecogas.com\/it\/producto\/emer-boquilla-de-suministro-gnc-t-d-6m12x1-s-mic-c3-europa-incl-caja\/#primaryimage"},"image":{"@id":"https:\/\/recambiosecogas.com\/it\/producto\/emer-boquilla-de-suministro-gnc-t-d-6m12x1-s-mic-c3-europa-incl-caja\/#primaryimage"},"thumbnailUrl":"https:\/\/recambiosecogas.com\/wp-content\/uploads\/2024\/11\/EMER-boquilla-de-suministro-GNC-T.D.6M12X1-SMIC-C3-EUROPA-incl.-caja-png.webp","datePublished":"2024-11-18T08:57:02+00:00","dateModified":"2026-04-08T09:20:31+00:00","description":"Ugello di alimentazione CNG EMER per sistemi di riempimento (GER). Compatibile con le connessioni T.D.6M12X1.","breadcrumb":{"@id":"https:\/\/recambiosecogas.com\/it\/producto\/emer-boquilla-de-suministro-gnc-t-d-6m12x1-s-mic-c3-europa-incl-caja\/#breadcrumb"},"inLanguage":"it-IT","potentialAction":[{"@type":"ReadAction","target":["https:\/\/recambiosecogas.com\/it\/producto\/emer-boquilla-de-suministro-gnc-t-d-6m12x1-s-mic-c3-europa-incl-caja\/"]}]},{"@type":"ImageObject","inLanguage":"it-IT","@id":"https:\/\/recambiosecogas.com\/it\/producto\/emer-boquilla-de-suministro-gnc-t-d-6m12x1-s-mic-c3-europa-incl-caja\/#primaryimage","url":"https:\/\/recambiosecogas.com\/wp-content\/uploads\/2024\/11\/EMER-boquilla-de-suministro-GNC-T.D.6M12X1-SMIC-C3-EUROPA-incl.-caja-png.webp","contentUrl":"https:\/\/recambiosecogas.com\/wp-content\/uploads\/2024\/11\/EMER-boquilla-de-suministro-GNC-T.D.6M12X1-SMIC-C3-EUROPA-incl.-caja-png.webp","width":1000,"height":1000},{"@type":"BreadcrumbList","@id":"https:\/\/recambiosecogas.com\/it\/producto\/emer-boquilla-de-suministro-gnc-t-d-6m12x1-s-mic-c3-europa-incl-caja\/#breadcrumb","itemListElement":[{"@type":"ListItem","position":1,"name":"Portada","item":"https:\/\/recambiosecogas.com\/it\/"},{"@type":"ListItem","position":2,"name":"Negozio","item":"https:\/\/recambiosecogas.com\/it\/?page_id=46382"},{"@type":"ListItem","position":3,"name":"Ugello di alimentazione CNG EMER T.D.6M12X1 S\/MIC C3 EUROPE incluso. Caso"}]},{"@type":"WebSite","@id":"https:\/\/recambiosecogas.com\/it\/#website","url":"https:\/\/recambiosecogas.com\/it\/","name":"Recambios EcoGas","description":"Recambios Multimarca para sistemas de GLP\/GNC\/GNL\/Hidr\u00f3geno","publisher":{"@id":"https:\/\/recambiosecogas.com\/it\/#organization"},"alternateName":"Recambios Autogas GLP","potentialAction":[{"@type":"SearchAction","target":{"@type":"EntryPoint","urlTemplate":"https:\/\/recambiosecogas.com\/it\/?s={search_term_string}"},"query-input":{"@type":"PropertyValueSpecification","valueRequired":true,"valueName":"search_term_string"}}],"inLanguage":"it-IT"},{"@type":["Organization","Place"],"@id":"https:\/\/recambiosecogas.com\/it\/#organization","name":"Recambios EcoGas","alternateName":"Tienda Online GLP Espa\u00f1a","url":"https:\/\/recambiosecogas.com\/it\/","logo":{"@id":"https:\/\/recambiosecogas.com\/it\/producto\/emer-boquilla-de-suministro-gnc-t-d-6m12x1-s-mic-c3-europa-incl-caja\/#local-main-organization-logo"},"image":{"@id":"https:\/\/recambiosecogas.com\/it\/producto\/emer-boquilla-de-suministro-gnc-t-d-6m12x1-s-mic-c3-europa-incl-caja\/#local-main-organization-logo"},"sameAs":["https:\/\/www.facebook.com\/profile.php?id=100062419705358","https:\/\/www.instagram.com\/segimon_automocio"],"description":"Recambios EcoGas \u2013 Venta y distribuci\u00f3n de sistemas GLP y GNC en Espa\u00f1a y Portugal. Env\u00edos 24 h, soporte t\u00e9cnico a talleres y distribuidores.","hasMerchantReturnPolicy":{"@type":"MerchantReturnPolicy","merchantReturnLink":"https:\/\/recambiosecogas.com\/politicas-privacidad\/"},"address":{"@id":"https:\/\/recambiosecogas.com\/it\/producto\/emer-boquilla-de-suministro-gnc-t-d-6m12x1-s-mic-c3-europa-incl-caja\/#local-main-place-address"},"telephone":["616250633"],"contactPoint":{"@type":"ContactPoint","email":"export@recambiosecogas.com"},"openingHoursSpecification":[{"@type":"OpeningHoursSpecification","dayOfWeek":["Monday","Tuesday","Wednesday","Thursday","Friday","Saturday","Sunday"],"opens":"09:00","closes":"17:00"}],"email":"info@recambiosecogas.com","faxNumber":"SEGIMON AUTOMOCION SL","vatID":"ESB19819861","globalLocationNumber":"938 616 339"},{"@type":"PostalAddress","@id":"https:\/\/recambiosecogas.com\/it\/producto\/emer-boquilla-de-suministro-gnc-t-d-6m12x1-s-mic-c3-europa-incl-caja\/#local-main-place-address","streetAddress":"cami antic de vic, 29 (Nave 3), Pol\u00edgono Industrial Congost","addressLocality":"CORRO D`AVALL","postalCode":"08520","addressRegion":"Barcelona","addressCountry":"ES"},{"@type":"ImageObject","inLanguage":"it-IT","@id":"https:\/\/recambiosecogas.com\/it\/producto\/emer-boquilla-de-suministro-gnc-t-d-6m12x1-s-mic-c3-europa-incl-caja\/#local-main-organization-logo","url":"https:\/\/recambiosecogas.com\/wp-content\/uploads\/2024\/11\/cropped-RECAMBIOS-GLP-png.webp","contentUrl":"https:\/\/recambiosecogas.com\/wp-content\/uploads\/2024\/11\/cropped-RECAMBIOS-GLP-png.webp","width":512,"height":512,"caption":"Recambios EcoGas"}]},"product_price_amount":"80.94","product_price_currency":"EUR","og_availability":"backorder","product_availability":"available for order","product_retailer_item_id":"106102","product_condition":"new","geo.placename":"CORRO D`AVALL","geo.region":"Spagna"},"uagb_featured_image_src":{"full":["https:\/\/recambiosecogas.com\/wp-content\/uploads\/2024\/11\/EMER-boquilla-de-suministro-GNC-T.D.6M12X1-SMIC-C3-EUROPA-incl.-caja-png.webp",1000,1000,false],"thumbnail":["https:\/\/recambiosecogas.com\/wp-content\/uploads\/2024\/11\/EMER-boquilla-de-suministro-GNC-T.D.6M12X1-SMIC-C3-EUROPA-incl.-caja-150x150.webp",150,150,true],"medium":["https:\/\/recambiosecogas.com\/wp-content\/uploads\/2024\/11\/EMER-boquilla-de-suministro-GNC-T.D.6M12X1-SMIC-C3-EUROPA-incl.-caja-300x300.webp",300,300,true],"medium_large":["https:\/\/recambiosecogas.com\/wp-content\/uploads\/2024\/11\/EMER-boquilla-de-suministro-GNC-T.D.6M12X1-SMIC-C3-EUROPA-incl.-caja-768x768.webp",768,768,true],"large":["https:\/\/recambiosecogas.com\/wp-content\/uploads\/2024\/11\/EMER-boquilla-de-suministro-GNC-T.D.6M12X1-SMIC-C3-EUROPA-incl.-caja-png.webp",1000,1000,false],"1536x1536":["https:\/\/recambiosecogas.com\/wp-content\/uploads\/2024\/11\/EMER-boquilla-de-suministro-GNC-T.D.6M12X1-SMIC-C3-EUROPA-incl.-caja-png.webp",1000,1000,false],"2048x2048":["https:\/\/recambiosecogas.com\/wp-content\/uploads\/2024\/11\/EMER-boquilla-de-suministro-GNC-T.D.6M12X1-SMIC-C3-EUROPA-incl.-caja-png.webp",1000,1000,false],"woocommerce_archive_thumbnail":["https:\/\/recambiosecogas.com\/wp-content\/uploads\/2024\/11\/EMER-boquilla-de-suministro-GNC-T.D.6M12X1-SMIC-C3-EUROPA-incl.-caja-png.webp",1000,1000,false],"woocommerce_thumbnail":["https:\/\/recambiosecogas.com\/wp-content\/uploads\/2024\/11\/EMER-boquilla-de-suministro-GNC-T.D.6M12X1-SMIC-C3-EUROPA-incl.-caja-png-300x300.webp",300,300,true],"woocommerce_single":["https:\/\/recambiosecogas.com\/wp-content\/uploads\/2024\/11\/EMER-boquilla-de-suministro-GNC-T.D.6M12X1-SMIC-C3-EUROPA-incl.-caja-png.webp",1000,1000,false],"woocommerce_gallery_thumbnail":["https:\/\/recambiosecogas.com\/wp-content\/uploads\/2024\/11\/EMER-boquilla-de-suministro-GNC-T.D.6M12X1-SMIC-C3-EUROPA-incl.-caja-png.webp",1000,1000,false],"dgwt-wcas-product-suggestion":["https:\/\/recambiosecogas.com\/wp-content\/uploads\/2024\/11\/EMER-boquilla-de-suministro-GNC-T.D.6M12X1-SMIC-C3-EUROPA-incl.-caja-png-64x64.webp",64,64,true]},"uagb_author_info":{"display_name":"Fran - Soporte T\u00e9cnico","author_link":"https:\/\/recambiosecogas.com\/it\/author\/"},"uagb_comment_info":0,"uagb_excerpt":"Ugello di alimentazione EMER CNG per sistemi di riempimento con connessione T.D.6M12X1, ideale per applicazioni in Europa.","_links":{"self":[{"href":"https:\/\/recambiosecogas.com\/it\/wp-json\/wp\/v2\/product\/46468","targetHints":{"allow":["GET"]}}],"collection":[{"href":"https:\/\/recambiosecogas.com\/it\/wp-json\/wp\/v2\/product"}],"about":[{"href":"https:\/\/recambiosecogas.com\/it\/wp-json\/wp\/v2\/types\/product"}],"replies":[{"embeddable":true,"href":"https:\/\/recambiosecogas.com\/it\/wp-json\/wp\/v2\/comments?post=46468"}],"wp:featuredmedia":[{"embeddable":true,"href":"https:\/\/recambiosecogas.com\/it\/wp-json\/wp\/v2\/media\/6954"}],"wp:attachment":[{"href":"https:\/\/recambiosecogas.com\/it\/wp-json\/wp\/v2\/media?parent=46468"}],"wp:term":[{"taxonomy":"product_brand","embeddable":true,"href":"https:\/\/recambiosecogas.com\/it\/wp-json\/wp\/v2\/product_brand?post=46468"},{"taxonomy":"product_cat","embeddable":true,"href":"https:\/\/recambiosecogas.com\/it\/wp-json\/wp\/v2\/product_cat?post=46468"},{"taxonomy":"product_tag","embeddable":true,"href":"https:\/\/recambiosecogas.com\/it\/wp-json\/wp\/v2\/product_tag?post=46468"}],"curies":[{"name":"wp","href":"https:\/\/api.w.org\/{rel}","templated":true}]}}