{"id":46451,"date":"2024-11-18T09:56:59","date_gmt":"2024-11-18T08:56:59","guid":{"rendered":"https:\/\/recambiosecogas.com\/producto\/boquilla-de-suministro-mini-m10-dish-adaptador-de-repostaje-corto-de-laton\/"},"modified":"2026-04-08T10:20:22","modified_gmt":"2026-04-08T09:20:22","slug":"boquilla-de-suministro-mini-m10-dish-adaptador-de-repostaje-corto-de-laton","status":"publish","type":"product","link":"https:\/\/recambiosecogas.com\/it\/producto\/boquilla-de-suministro-mini-m10-dish-adaptador-de-repostaje-corto-de-laton\/","title":{"rendered":"Ugello di alimentazione M10 Mini + Adattatore di rifornimento corto in ottone DISH"},"content":{"rendered":"<p>Ugello di alimentazione M10 Mini + adattatore di rifornimento corto<br \/>\nin ottone DISH per sistemi autogas<\/p>\n<p>L&#8217;ugello di alimentazione del mini M10 con adattatore DISH in ottone \u00e8 un componente essenziale per il rifornimento dei veicoli dotati di sistemi a GPL. Progettato per garantire un accoppiamento sicuro ed efficiente, questo ugello \u00e8 compatibile con diversi tipi di connessioni di riempimento. <\/p>\n<p>Questo adattatore in ottone fornisce una connessione robusta e affidabile, permettendo il corretto flusso di gas durante il processo di rifornimento. Il suo design compatto lo rende facile da maneggiare e conservare, rendendolo un&#8217;opzione pratica per gli utenti Autogas. <\/p>\n<p>L&#8217;uso di questo adattatore \u00e8 necessario quando \u00e8 necessaria una connessione sicura tra l&#8217;ugello di alimentazione e il sistema di riempimento del veicolo. \u00c8 ideale per i sistemi a GPL che utilizzano lo standard di connessione DISH. <\/p>\n<p>Realizzato in ottone, questo adattatore garantisce durabilit\u00e0 e resistenza alla corrosione, caratteristiche essenziali per l&#8217;uso negli ambienti di rifornimento. La sua costruzione garantisce prestazioni ottimali in condizioni impegnative. <\/p>\n<p>Compatibilit\u00e0<br \/>\n: Compatibile con veicoli dotati di sistema OEM GLP\/CNG gi\u00e0 in fabbrica. Si consiglia di verificare il riferimento originale prima di effettuare l&#8217;acquisto. <\/p>\n","protected":false},"excerpt":{"rendered":"<p>Ugello di alimentazione Mini M10 con adattatore DISH in ottone, ideale per il rifornimento nei sistemi a GPL.<\/p>\n","protected":false},"featured_media":6958,"comment_status":"closed","ping_status":"closed","template":"","meta":{"_uag_custom_page_level_css":""},"product_brand":[],"product_cat":[2188,2190,2162,2311,2342,2343],"product_tag":[2319,2320,2321,2328,2323,2324,2325,2326,2330,2331,2332,2334,2333,2322,2336,2338,2339,2314,2340,2327,2329,2335,2337,2341],"class_list":{"0":"post-46451","1":"product","2":"type-product","3":"status-publish","4":"has-post-thumbnail","6":"product_cat-adaptador-glp","7":"product_cat-repostaje-retirada-de-gas-autocaravanas","8":"product_cat-repostar","9":"product_cat-riempimento-a-gpl","10":"product_cat-srg-rotarex","11":"product_cat-valvole-di-riempimento-a-gpl","12":"product_tag-adattatore-gpl-austria","13":"product_tag-adattatore-gpl-bosnia","14":"product_tag-adattatore-gpl-bulgaro","15":"product_tag-adattatore-gpl-croazia","16":"product_tag-adattatore-gpl-danimarca","17":"product_tag-adattatore-gpl-estonia","18":"product_tag-adattatore-gpl-francia","19":"product_tag-adattatore-gpl-grecia","20":"product_tag-adattatore-gpl-lettonia","21":"product_tag-adattatore-gpl-lituania","22":"product_tag-adattatore-gpl-macedonia","23":"product_tag-adattatore-gpl-polonia","24":"product_tag-adattatore-gpl-portogallo","25":"product_tag-adattatore-gpl-repubblica-ceca","26":"product_tag-adattatore-gpl-russia","27":"product_tag-adattatore-gpl-slovacchia","28":"product_tag-adattatore-gpl-slovenia","29":"product_tag-adattatore-gpl-svizzera","30":"product_tag-adattatore-gpl-turchia","31":"product_tag-adattatore-gpl-ungheria","32":"product_tag-adattatore-lpg-italia","33":"product_tag-adattatore-lpg-romania","34":"product_tag-adattatore-lpg-svezia","35":"product_tag-adattatore-per-gpl-ucraina","37":"first","38":"onbackorder","39":"taxable","40":"shipping-taxable","41":"purchasable","42":"product-type-simple"},"ct_brands":[],"yoast_head":"<!-- This site is optimized with the Yoast SEO Premium plugin v27.5 (Yoast SEO v27.5) - https:\/\/yoast.com\/product\/yoast-seo-premium-wordpress\/ -->\n<title>Bocchino M10 + Adattatore DISH | Pezzi di ricambio Ecogas<\/title>\n<meta name=\"description\" content=\"Ugello di alimentazione Mini M10 con adattatore DISH in ottone per il rifornimento di GPL. Ideale per sistemi Autogas.\" \/>\n<meta name=\"robots\" content=\"index, follow, max-snippet:-1, max-image-preview:large, max-video-preview:-1\" \/>\n<link rel=\"canonical\" href=\"https:\/\/recambiosecogas.com\/it\/producto\/boquilla-de-suministro-mini-m10-dish-adaptador-de-repostaje-corto-de-laton\/\" \/>\n<meta property=\"og:locale\" content=\"it_IT\" \/>\n<meta property=\"og:type\" content=\"article\" \/>\n<meta property=\"og:title\" content=\"Ugello di alimentazione M10 Mini + Adattatore di rifornimento corto in ottone DISH\" \/>\n<meta property=\"og:description\" content=\"Ugello di alimentazione Mini M10 con adattatore DISH in ottone per il rifornimento di GPL. Ideale per sistemi Autogas.\" \/>\n<meta property=\"og:url\" content=\"https:\/\/recambiosecogas.com\/it\/producto\/boquilla-de-suministro-mini-m10-dish-adaptador-de-repostaje-corto-de-laton\/\" \/>\n<meta property=\"og:site_name\" content=\"Recambios EcoGas\" \/>\n<meta property=\"article:publisher\" content=\"https:\/\/www.facebook.com\/profile.php?id=100062419705358\" \/>\n<meta property=\"article:modified_time\" content=\"2026-04-08T09:20:22+00:00\" \/>\n<meta property=\"og:image\" content=\"https:\/\/recambiosecogas.com\/wp-content\/uploads\/2024\/11\/Boquilla-de-suministro-mini-M10-DISH-adaptador-de-repostaje-corto-de-laton-png.webp\" \/>\n\t<meta property=\"og:image:width\" content=\"1000\" \/>\n\t<meta property=\"og:image:height\" content=\"1000\" \/>\n\t<meta property=\"og:image:type\" content=\"image\/png\" \/>\n<meta name=\"twitter:card\" content=\"summary_large_image\" \/>\n<meta name=\"twitter:label1\" content=\"Prezzo\" \/>\n\t<meta name=\"twitter:data1\" content=\"18,73&nbsp;&euro; (Sin IVA: 15,48&nbsp;&euro;)\" \/>\n\t<meta name=\"twitter:label2\" content=\"Disponibilit\u00e0\" \/>\n\t<meta name=\"twitter:data2\" content=\"Su ordinazione\" \/>\n<script type=\"application\/ld+json\" class=\"yoast-schema-graph\">{\"@context\":\"https:\\\/\\\/schema.org\",\"@graph\":[{\"@type\":\"WebPage\",\"@id\":\"https:\\\/\\\/recambiosecogas.com\\\/it\\\/producto\\\/boquilla-de-suministro-mini-m10-dish-adaptador-de-repostaje-corto-de-laton\\\/\",\"url\":\"https:\\\/\\\/recambiosecogas.com\\\/it\\\/producto\\\/boquilla-de-suministro-mini-m10-dish-adaptador-de-repostaje-corto-de-laton\\\/\",\"name\":\"Bocchino M10 + Adattatore DISH | Pezzi di ricambio Ecogas\",\"isPartOf\":{\"@id\":\"https:\\\/\\\/recambiosecogas.com\\\/it\\\/#website\"},\"primaryImageOfPage\":{\"@id\":\"https:\\\/\\\/recambiosecogas.com\\\/it\\\/producto\\\/boquilla-de-suministro-mini-m10-dish-adaptador-de-repostaje-corto-de-laton\\\/#primaryimage\"},\"image\":{\"@id\":\"https:\\\/\\\/recambiosecogas.com\\\/it\\\/producto\\\/boquilla-de-suministro-mini-m10-dish-adaptador-de-repostaje-corto-de-laton\\\/#primaryimage\"},\"thumbnailUrl\":\"https:\\\/\\\/recambiosecogas.com\\\/wp-content\\\/uploads\\\/2024\\\/11\\\/Boquilla-de-suministro-mini-M10-DISH-adaptador-de-repostaje-corto-de-laton-png.webp\",\"datePublished\":\"2024-11-18T08:56:59+00:00\",\"dateModified\":\"2026-04-08T09:20:22+00:00\",\"description\":\"Ugello di alimentazione Mini M10 con adattatore DISH in ottone per il rifornimento di GPL. Ideale per sistemi Autogas.\",\"breadcrumb\":{\"@id\":\"https:\\\/\\\/recambiosecogas.com\\\/it\\\/producto\\\/boquilla-de-suministro-mini-m10-dish-adaptador-de-repostaje-corto-de-laton\\\/#breadcrumb\"},\"inLanguage\":\"it-IT\",\"potentialAction\":[{\"@type\":\"ReadAction\",\"target\":[\"https:\\\/\\\/recambiosecogas.com\\\/it\\\/producto\\\/boquilla-de-suministro-mini-m10-dish-adaptador-de-repostaje-corto-de-laton\\\/\"]}]},{\"@type\":\"ImageObject\",\"inLanguage\":\"it-IT\",\"@id\":\"https:\\\/\\\/recambiosecogas.com\\\/it\\\/producto\\\/boquilla-de-suministro-mini-m10-dish-adaptador-de-repostaje-corto-de-laton\\\/#primaryimage\",\"url\":\"https:\\\/\\\/recambiosecogas.com\\\/wp-content\\\/uploads\\\/2024\\\/11\\\/Boquilla-de-suministro-mini-M10-DISH-adaptador-de-repostaje-corto-de-laton-png.webp\",\"contentUrl\":\"https:\\\/\\\/recambiosecogas.com\\\/wp-content\\\/uploads\\\/2024\\\/11\\\/Boquilla-de-suministro-mini-M10-DISH-adaptador-de-repostaje-corto-de-laton-png.webp\",\"width\":1000,\"height\":1000},{\"@type\":\"BreadcrumbList\",\"@id\":\"https:\\\/\\\/recambiosecogas.com\\\/it\\\/producto\\\/boquilla-de-suministro-mini-m10-dish-adaptador-de-repostaje-corto-de-laton\\\/#breadcrumb\",\"itemListElement\":[{\"@type\":\"ListItem\",\"position\":1,\"name\":\"Portada\",\"item\":\"https:\\\/\\\/recambiosecogas.com\\\/it\\\/\"},{\"@type\":\"ListItem\",\"position\":2,\"name\":\"Negozio\",\"item\":\"https:\\\/\\\/recambiosecogas.com\\\/it\\\/?page_id=46382\"},{\"@type\":\"ListItem\",\"position\":3,\"name\":\"Ugello di alimentazione M10 Mini + Adattatore di rifornimento corto in ottone DISH\"}]},{\"@type\":\"WebSite\",\"@id\":\"https:\\\/\\\/recambiosecogas.com\\\/it\\\/#website\",\"url\":\"https:\\\/\\\/recambiosecogas.com\\\/it\\\/\",\"name\":\"Recambios EcoGas\",\"description\":\"Recambios Multimarca para sistemas de GLP\\\/GNC\\\/GNL\\\/Hidr\u00f3geno\",\"publisher\":{\"@id\":\"https:\\\/\\\/recambiosecogas.com\\\/it\\\/#organization\"},\"alternateName\":\"Recambios Autogas GLP\",\"potentialAction\":[{\"@type\":\"SearchAction\",\"target\":{\"@type\":\"EntryPoint\",\"urlTemplate\":\"https:\\\/\\\/recambiosecogas.com\\\/it\\\/?s={search_term_string}\"},\"query-input\":{\"@type\":\"PropertyValueSpecification\",\"valueRequired\":true,\"valueName\":\"search_term_string\"}}],\"inLanguage\":\"it-IT\"},{\"@type\":[\"Organization\",\"Place\"],\"@id\":\"https:\\\/\\\/recambiosecogas.com\\\/it\\\/#organization\",\"name\":\"Recambios EcoGas\",\"alternateName\":\"Tienda Online GLP Espa\u00f1a\",\"url\":\"https:\\\/\\\/recambiosecogas.com\\\/it\\\/\",\"logo\":{\"@id\":\"https:\\\/\\\/recambiosecogas.com\\\/it\\\/producto\\\/boquilla-de-suministro-mini-m10-dish-adaptador-de-repostaje-corto-de-laton\\\/#local-main-organization-logo\"},\"image\":{\"@id\":\"https:\\\/\\\/recambiosecogas.com\\\/it\\\/producto\\\/boquilla-de-suministro-mini-m10-dish-adaptador-de-repostaje-corto-de-laton\\\/#local-main-organization-logo\"},\"sameAs\":[\"https:\\\/\\\/www.facebook.com\\\/profile.php?id=100062419705358\",\"https:\\\/\\\/www.instagram.com\\\/segimon_automocio\"],\"description\":\"Recambios EcoGas \u2013 Venta y distribuci\u00f3n de sistemas GLP y GNC en Espa\u00f1a y Portugal. Env\u00edos 24 h, soporte t\u00e9cnico a talleres y distribuidores.\",\"hasMerchantReturnPolicy\":{\"@type\":\"MerchantReturnPolicy\",\"merchantReturnLink\":\"https:\\\/\\\/recambiosecogas.com\\\/politicas-privacidad\\\/\"},\"address\":{\"@id\":\"https:\\\/\\\/recambiosecogas.com\\\/it\\\/producto\\\/boquilla-de-suministro-mini-m10-dish-adaptador-de-repostaje-corto-de-laton\\\/#local-main-place-address\"},\"telephone\":[\"616250633\"],\"contactPoint\":{\"@type\":\"ContactPoint\",\"email\":\"export@recambiosecogas.com\"},\"openingHoursSpecification\":[{\"@type\":\"OpeningHoursSpecification\",\"dayOfWeek\":[\"Monday\",\"Tuesday\",\"Wednesday\",\"Thursday\",\"Friday\",\"Saturday\",\"Sunday\"],\"opens\":\"09:00\",\"closes\":\"17:00\"}],\"email\":\"info@recambiosecogas.com\",\"faxNumber\":\"SEGIMON AUTOMOCION SL\",\"vatID\":\"ESB19819861\",\"globalLocationNumber\":\"938 616 339\"},{\"@type\":\"PostalAddress\",\"@id\":\"https:\\\/\\\/recambiosecogas.com\\\/it\\\/producto\\\/boquilla-de-suministro-mini-m10-dish-adaptador-de-repostaje-corto-de-laton\\\/#local-main-place-address\",\"streetAddress\":\"cami antic de vic, 29 (Nave 3), Pol\u00edgono Industrial Congost\",\"addressLocality\":\"CORRO D`AVALL\",\"postalCode\":\"08520\",\"addressRegion\":\"Barcelona\",\"addressCountry\":\"ES\"},{\"@type\":\"ImageObject\",\"inLanguage\":\"it-IT\",\"@id\":\"https:\\\/\\\/recambiosecogas.com\\\/it\\\/producto\\\/boquilla-de-suministro-mini-m10-dish-adaptador-de-repostaje-corto-de-laton\\\/#local-main-organization-logo\",\"url\":\"https:\\\/\\\/recambiosecogas.com\\\/wp-content\\\/uploads\\\/2024\\\/11\\\/cropped-RECAMBIOS-GLP-png.webp\",\"contentUrl\":\"https:\\\/\\\/recambiosecogas.com\\\/wp-content\\\/uploads\\\/2024\\\/11\\\/cropped-RECAMBIOS-GLP-png.webp\",\"width\":512,\"height\":512,\"caption\":\"Recambios EcoGas\"}]}<\/script>\n<meta property=\"product:price:amount\" content=\"18.73\" \/>\n<meta property=\"product:price:currency\" content=\"EUR\" \/>\n<meta property=\"og:availability\" content=\"backorder\" \/>\n<meta property=\"product:availability\" content=\"available for order\" \/>\n<meta property=\"product:retailer_item_id\" content=\"105281\" \/>\n<meta property=\"product:condition\" content=\"new\" \/>\n<meta name=\"geo.placename\" content=\"CORRO D`AVALL\" \/>\n<meta name=\"geo.region\" content=\"Spagna\" \/>\n<!-- \/ Yoast SEO Premium plugin. -->","yoast_head_json":{"title":"Bocchino M10 + Adattatore DISH | Pezzi di ricambio Ecogas","description":"Ugello di alimentazione Mini M10 con adattatore DISH in ottone per il rifornimento di GPL. Ideale per sistemi Autogas.","robots":{"index":"index","follow":"follow","max-snippet":"max-snippet:-1","max-image-preview":"max-image-preview:large","max-video-preview":"max-video-preview:-1"},"canonical":"https:\/\/recambiosecogas.com\/it\/producto\/boquilla-de-suministro-mini-m10-dish-adaptador-de-repostaje-corto-de-laton\/","og_locale":"it_IT","og_type":"article","og_title":"Ugello di alimentazione M10 Mini + Adattatore di rifornimento corto in ottone DISH","og_description":"Ugello di alimentazione Mini M10 con adattatore DISH in ottone per il rifornimento di GPL. Ideale per sistemi Autogas.","og_url":"https:\/\/recambiosecogas.com\/it\/producto\/boquilla-de-suministro-mini-m10-dish-adaptador-de-repostaje-corto-de-laton\/","og_site_name":"Recambios EcoGas","article_publisher":"https:\/\/www.facebook.com\/profile.php?id=100062419705358","article_modified_time":"2026-04-08T09:20:22+00:00","og_image":[{"width":1000,"height":1000,"url":"https:\/\/recambiosecogas.com\/wp-content\/uploads\/2024\/11\/Boquilla-de-suministro-mini-M10-DISH-adaptador-de-repostaje-corto-de-laton-png.webp","type":"image\/png"}],"twitter_card":"summary_large_image","twitter_misc":{"Prezzo":"18,73&nbsp;&euro; (Sin IVA: 15,48&nbsp;&euro;)","Disponibilit\u00e0":"Su ordinazione"},"schema":{"@context":"https:\/\/schema.org","@graph":[{"@type":"WebPage","@id":"https:\/\/recambiosecogas.com\/it\/producto\/boquilla-de-suministro-mini-m10-dish-adaptador-de-repostaje-corto-de-laton\/","url":"https:\/\/recambiosecogas.com\/it\/producto\/boquilla-de-suministro-mini-m10-dish-adaptador-de-repostaje-corto-de-laton\/","name":"Bocchino M10 + Adattatore DISH | Pezzi di ricambio Ecogas","isPartOf":{"@id":"https:\/\/recambiosecogas.com\/it\/#website"},"primaryImageOfPage":{"@id":"https:\/\/recambiosecogas.com\/it\/producto\/boquilla-de-suministro-mini-m10-dish-adaptador-de-repostaje-corto-de-laton\/#primaryimage"},"image":{"@id":"https:\/\/recambiosecogas.com\/it\/producto\/boquilla-de-suministro-mini-m10-dish-adaptador-de-repostaje-corto-de-laton\/#primaryimage"},"thumbnailUrl":"https:\/\/recambiosecogas.com\/wp-content\/uploads\/2024\/11\/Boquilla-de-suministro-mini-M10-DISH-adaptador-de-repostaje-corto-de-laton-png.webp","datePublished":"2024-11-18T08:56:59+00:00","dateModified":"2026-04-08T09:20:22+00:00","description":"Ugello di alimentazione Mini M10 con adattatore DISH in ottone per il rifornimento di GPL. Ideale per sistemi Autogas.","breadcrumb":{"@id":"https:\/\/recambiosecogas.com\/it\/producto\/boquilla-de-suministro-mini-m10-dish-adaptador-de-repostaje-corto-de-laton\/#breadcrumb"},"inLanguage":"it-IT","potentialAction":[{"@type":"ReadAction","target":["https:\/\/recambiosecogas.com\/it\/producto\/boquilla-de-suministro-mini-m10-dish-adaptador-de-repostaje-corto-de-laton\/"]}]},{"@type":"ImageObject","inLanguage":"it-IT","@id":"https:\/\/recambiosecogas.com\/it\/producto\/boquilla-de-suministro-mini-m10-dish-adaptador-de-repostaje-corto-de-laton\/#primaryimage","url":"https:\/\/recambiosecogas.com\/wp-content\/uploads\/2024\/11\/Boquilla-de-suministro-mini-M10-DISH-adaptador-de-repostaje-corto-de-laton-png.webp","contentUrl":"https:\/\/recambiosecogas.com\/wp-content\/uploads\/2024\/11\/Boquilla-de-suministro-mini-M10-DISH-adaptador-de-repostaje-corto-de-laton-png.webp","width":1000,"height":1000},{"@type":"BreadcrumbList","@id":"https:\/\/recambiosecogas.com\/it\/producto\/boquilla-de-suministro-mini-m10-dish-adaptador-de-repostaje-corto-de-laton\/#breadcrumb","itemListElement":[{"@type":"ListItem","position":1,"name":"Portada","item":"https:\/\/recambiosecogas.com\/it\/"},{"@type":"ListItem","position":2,"name":"Negozio","item":"https:\/\/recambiosecogas.com\/it\/?page_id=46382"},{"@type":"ListItem","position":3,"name":"Ugello di alimentazione M10 Mini + Adattatore di rifornimento corto in ottone DISH"}]},{"@type":"WebSite","@id":"https:\/\/recambiosecogas.com\/it\/#website","url":"https:\/\/recambiosecogas.com\/it\/","name":"Recambios EcoGas","description":"Recambios Multimarca para sistemas de GLP\/GNC\/GNL\/Hidr\u00f3geno","publisher":{"@id":"https:\/\/recambiosecogas.com\/it\/#organization"},"alternateName":"Recambios Autogas GLP","potentialAction":[{"@type":"SearchAction","target":{"@type":"EntryPoint","urlTemplate":"https:\/\/recambiosecogas.com\/it\/?s={search_term_string}"},"query-input":{"@type":"PropertyValueSpecification","valueRequired":true,"valueName":"search_term_string"}}],"inLanguage":"it-IT"},{"@type":["Organization","Place"],"@id":"https:\/\/recambiosecogas.com\/it\/#organization","name":"Recambios EcoGas","alternateName":"Tienda Online GLP Espa\u00f1a","url":"https:\/\/recambiosecogas.com\/it\/","logo":{"@id":"https:\/\/recambiosecogas.com\/it\/producto\/boquilla-de-suministro-mini-m10-dish-adaptador-de-repostaje-corto-de-laton\/#local-main-organization-logo"},"image":{"@id":"https:\/\/recambiosecogas.com\/it\/producto\/boquilla-de-suministro-mini-m10-dish-adaptador-de-repostaje-corto-de-laton\/#local-main-organization-logo"},"sameAs":["https:\/\/www.facebook.com\/profile.php?id=100062419705358","https:\/\/www.instagram.com\/segimon_automocio"],"description":"Recambios EcoGas \u2013 Venta y distribuci\u00f3n de sistemas GLP y GNC en Espa\u00f1a y Portugal. Env\u00edos 24 h, soporte t\u00e9cnico a talleres y distribuidores.","hasMerchantReturnPolicy":{"@type":"MerchantReturnPolicy","merchantReturnLink":"https:\/\/recambiosecogas.com\/politicas-privacidad\/"},"address":{"@id":"https:\/\/recambiosecogas.com\/it\/producto\/boquilla-de-suministro-mini-m10-dish-adaptador-de-repostaje-corto-de-laton\/#local-main-place-address"},"telephone":["616250633"],"contactPoint":{"@type":"ContactPoint","email":"export@recambiosecogas.com"},"openingHoursSpecification":[{"@type":"OpeningHoursSpecification","dayOfWeek":["Monday","Tuesday","Wednesday","Thursday","Friday","Saturday","Sunday"],"opens":"09:00","closes":"17:00"}],"email":"info@recambiosecogas.com","faxNumber":"SEGIMON AUTOMOCION SL","vatID":"ESB19819861","globalLocationNumber":"938 616 339"},{"@type":"PostalAddress","@id":"https:\/\/recambiosecogas.com\/it\/producto\/boquilla-de-suministro-mini-m10-dish-adaptador-de-repostaje-corto-de-laton\/#local-main-place-address","streetAddress":"cami antic de vic, 29 (Nave 3), Pol\u00edgono Industrial Congost","addressLocality":"CORRO D`AVALL","postalCode":"08520","addressRegion":"Barcelona","addressCountry":"ES"},{"@type":"ImageObject","inLanguage":"it-IT","@id":"https:\/\/recambiosecogas.com\/it\/producto\/boquilla-de-suministro-mini-m10-dish-adaptador-de-repostaje-corto-de-laton\/#local-main-organization-logo","url":"https:\/\/recambiosecogas.com\/wp-content\/uploads\/2024\/11\/cropped-RECAMBIOS-GLP-png.webp","contentUrl":"https:\/\/recambiosecogas.com\/wp-content\/uploads\/2024\/11\/cropped-RECAMBIOS-GLP-png.webp","width":512,"height":512,"caption":"Recambios EcoGas"}]},"product_price_amount":"18.73","product_price_currency":"EUR","og_availability":"backorder","product_availability":"available for order","product_retailer_item_id":"105281","product_condition":"new","geo.placename":"CORRO D`AVALL","geo.region":"Spagna"},"uagb_featured_image_src":{"full":["https:\/\/recambiosecogas.com\/wp-content\/uploads\/2024\/11\/Boquilla-de-suministro-mini-M10-DISH-adaptador-de-repostaje-corto-de-laton-png.webp",1000,1000,false],"thumbnail":["https:\/\/recambiosecogas.com\/wp-content\/uploads\/2024\/11\/Boquilla-de-suministro-mini-M10-DISH-adaptador-de-repostaje-corto-de-laton-150x150.webp",150,150,true],"medium":["https:\/\/recambiosecogas.com\/wp-content\/uploads\/2024\/11\/Boquilla-de-suministro-mini-M10-DISH-adaptador-de-repostaje-corto-de-laton-300x300.webp",300,300,true],"medium_large":["https:\/\/recambiosecogas.com\/wp-content\/uploads\/2024\/11\/Boquilla-de-suministro-mini-M10-DISH-adaptador-de-repostaje-corto-de-laton-768x768.webp",768,768,true],"large":["https:\/\/recambiosecogas.com\/wp-content\/uploads\/2024\/11\/Boquilla-de-suministro-mini-M10-DISH-adaptador-de-repostaje-corto-de-laton-png.webp",1000,1000,false],"1536x1536":["https:\/\/recambiosecogas.com\/wp-content\/uploads\/2024\/11\/Boquilla-de-suministro-mini-M10-DISH-adaptador-de-repostaje-corto-de-laton-png.webp",1000,1000,false],"2048x2048":["https:\/\/recambiosecogas.com\/wp-content\/uploads\/2024\/11\/Boquilla-de-suministro-mini-M10-DISH-adaptador-de-repostaje-corto-de-laton-png.webp",1000,1000,false],"woocommerce_archive_thumbnail":["https:\/\/recambiosecogas.com\/wp-content\/uploads\/2024\/11\/Boquilla-de-suministro-mini-M10-DISH-adaptador-de-repostaje-corto-de-laton-png.webp",1000,1000,false],"woocommerce_thumbnail":["https:\/\/recambiosecogas.com\/wp-content\/uploads\/2024\/11\/Boquilla-de-suministro-mini-M10-DISH-adaptador-de-repostaje-corto-de-laton-png-300x300.webp",300,300,true],"woocommerce_single":["https:\/\/recambiosecogas.com\/wp-content\/uploads\/2024\/11\/Boquilla-de-suministro-mini-M10-DISH-adaptador-de-repostaje-corto-de-laton-png.webp",1000,1000,false],"woocommerce_gallery_thumbnail":["https:\/\/recambiosecogas.com\/wp-content\/uploads\/2024\/11\/Boquilla-de-suministro-mini-M10-DISH-adaptador-de-repostaje-corto-de-laton-png.webp",1000,1000,false],"dgwt-wcas-product-suggestion":["https:\/\/recambiosecogas.com\/wp-content\/uploads\/2024\/11\/Boquilla-de-suministro-mini-M10-DISH-adaptador-de-repostaje-corto-de-laton-png-64x64.webp",64,64,true]},"uagb_author_info":{"display_name":"Fran - Soporte T\u00e9cnico","author_link":"https:\/\/recambiosecogas.com\/it\/author\/"},"uagb_comment_info":0,"uagb_excerpt":"Ugello di alimentazione Mini M10 con adattatore DISH in ottone, ideale per il rifornimento nei sistemi a GPL.","_links":{"self":[{"href":"https:\/\/recambiosecogas.com\/it\/wp-json\/wp\/v2\/product\/46451","targetHints":{"allow":["GET"]}}],"collection":[{"href":"https:\/\/recambiosecogas.com\/it\/wp-json\/wp\/v2\/product"}],"about":[{"href":"https:\/\/recambiosecogas.com\/it\/wp-json\/wp\/v2\/types\/product"}],"replies":[{"embeddable":true,"href":"https:\/\/recambiosecogas.com\/it\/wp-json\/wp\/v2\/comments?post=46451"}],"wp:featuredmedia":[{"embeddable":true,"href":"https:\/\/recambiosecogas.com\/it\/wp-json\/wp\/v2\/media\/6958"}],"wp:attachment":[{"href":"https:\/\/recambiosecogas.com\/it\/wp-json\/wp\/v2\/media?parent=46451"}],"wp:term":[{"taxonomy":"product_brand","embeddable":true,"href":"https:\/\/recambiosecogas.com\/it\/wp-json\/wp\/v2\/product_brand?post=46451"},{"taxonomy":"product_cat","embeddable":true,"href":"https:\/\/recambiosecogas.com\/it\/wp-json\/wp\/v2\/product_cat?post=46451"},{"taxonomy":"product_tag","embeddable":true,"href":"https:\/\/recambiosecogas.com\/it\/wp-json\/wp\/v2\/product_tag?post=46451"}],"curies":[{"name":"wp","href":"https:\/\/api.w.org\/{rel}","templated":true}]}}