{"id":46443,"date":"2024-11-18T09:56:57","date_gmt":"2024-11-18T08:56:57","guid":{"rendered":"https:\/\/recambiosecogas.com\/producto\/tomasetto-boquilla-de-suministro-dish-soporte-de-metal-y-tapa-para-manguera-flexible-8-mm\/"},"modified":"2026-04-08T10:20:19","modified_gmt":"2026-04-08T09:20:19","slug":"tomasetto-boquilla-de-suministro-dish-soporte-de-metal-y-tapa-para-manguera-flexible-8-mm","status":"publish","type":"product","link":"https:\/\/recambiosecogas.com\/it\/producto\/tomasetto-boquilla-de-suministro-dish-soporte-de-metal-y-tapa-para-manguera-flexible-8-mm\/","title":{"rendered":"Ugello di alimentazione Tomasetto DISH + portatubo metallico e tappo flessibile 8 mm"},"content":{"rendered":"<p>Ugello di alimentazione DISH da 8mm con portametallo<br \/>\n, ugello di alimentazione GPL di tipo DISH con supporto metallico e tappo flessibile da 8 mm<\/p>\n<p>Questo ugello di alimentazione di tipo DISH \u00e8 progettato per facilitare il rifornimento dei veicoli con sistemi a GPL. Include un robusto supporto in metallo e un tappo per proteggere il tubo flessibile da 8 mm, garantendo una connessione sicura ed efficiente durante il riempimento. <\/p>\n<p>Il design dell&#8217;ugello DISH consente una connessione rapida e sicura, riducendo al minimo il rischio di perdite e garantendo un flusso costante di gas. \u00c8 un componente essenziale per le stazioni di servizio e gli utenti che cercano una soluzione affidabile per il rifornimento di autogas. <\/p>\n<p>Ideale per sistemi di riempimento che richiedono un tubo flessibile da 8 mm, questo ugello si integra facilmente nelle configurazioni esistenti, offrendo una soluzione pratica e durevole.<\/p>\n<p>Realizzato con materiali ad alta resistenza, questo ugello garantisce una lunga durata e prestazioni ottimali in condizioni di uso intensivo. Il suo design compatto rende facile l&#8217;installazione e la manutenzione. <\/p>\n<p>Compatibilit\u00e0<br \/>\nCompatibile con sistemi di riempimento a GPL che utilizzano ugelli di tipo DISH. Si consiglia di verificare la compatibilit\u00e0 con il proprio sistema specifico prima dell&#8217;acquisto per assicurarsi che calzi correttamente. <\/p>\n","protected":false},"excerpt":{"rendered":"<p>Ugello di alimentazione Tomasetto DISH + portatubo metallico e tappo flessibile 8 mm<\/p>\n","protected":false},"featured_media":6960,"comment_status":"closed","ping_status":"closed","template":"","meta":{"_uag_custom_page_level_css":""},"product_brand":[],"product_cat":[2188,2162,2311,2194],"product_tag":[2319,2320,2321,2328,2323,2324,2325,2326,2330,2331,2332,2334,2333,2322,2336,2338,2339,2314,2340,2327,2329,2335,2337,2341],"class_list":{"0":"post-46443","1":"product","2":"type-product","3":"status-publish","4":"has-post-thumbnail","6":"product_cat-adaptador-glp","7":"product_cat-repostar","8":"product_cat-riempimento-a-gpl","9":"product_cat-tomaseto-achile","10":"product_tag-adattatore-gpl-austria","11":"product_tag-adattatore-gpl-bosnia","12":"product_tag-adattatore-gpl-bulgaro","13":"product_tag-adattatore-gpl-croazia","14":"product_tag-adattatore-gpl-danimarca","15":"product_tag-adattatore-gpl-estonia","16":"product_tag-adattatore-gpl-francia","17":"product_tag-adattatore-gpl-grecia","18":"product_tag-adattatore-gpl-lettonia","19":"product_tag-adattatore-gpl-lituania","20":"product_tag-adattatore-gpl-macedonia","21":"product_tag-adattatore-gpl-polonia","22":"product_tag-adattatore-gpl-portogallo","23":"product_tag-adattatore-gpl-repubblica-ceca","24":"product_tag-adattatore-gpl-russia","25":"product_tag-adattatore-gpl-slovacchia","26":"product_tag-adattatore-gpl-slovenia","27":"product_tag-adattatore-gpl-svizzera","28":"product_tag-adattatore-gpl-turchia","29":"product_tag-adattatore-gpl-ungheria","30":"product_tag-adattatore-lpg-italia","31":"product_tag-adattatore-lpg-romania","32":"product_tag-adattatore-lpg-svezia","33":"product_tag-adattatore-per-gpl-ucraina","35":"first","36":"onbackorder","37":"taxable","38":"shipping-taxable","39":"purchasable","40":"product-type-simple"},"ct_brands":[],"yoast_head":"<!-- This site is optimized with the Yoast SEO Premium plugin v27.5 (Yoast SEO v27.5) - https:\/\/yoast.com\/product\/yoast-seo-premium-wordpress\/ -->\n<title>Bocchino di fornitura DISH 8mm | Pezzi di ricambio Ecogas<\/title>\n<meta name=\"description\" content=\"Ugello di alimentazione DISH con portatubi metallico e tappo flessibile da 8 mm. Ideale per sistemi a GPL.\" \/>\n<meta name=\"robots\" content=\"index, follow, max-snippet:-1, max-image-preview:large, max-video-preview:-1\" \/>\n<link rel=\"canonical\" href=\"https:\/\/recambiosecogas.com\/it\/producto\/tomasetto-boquilla-de-suministro-dish-soporte-de-metal-y-tapa-para-manguera-flexible-8-mm\/\" \/>\n<meta property=\"og:locale\" content=\"it_IT\" \/>\n<meta property=\"og:type\" content=\"article\" \/>\n<meta property=\"og:title\" content=\"Ugello di alimentazione Tomasetto DISH + portatubo metallico e tappo flessibile 8 mm\" \/>\n<meta property=\"og:description\" content=\"Ugello di alimentazione DISH con portatubi metallico e tappo flessibile da 8 mm. Ideale per sistemi a GPL.\" \/>\n<meta property=\"og:url\" content=\"https:\/\/recambiosecogas.com\/it\/producto\/tomasetto-boquilla-de-suministro-dish-soporte-de-metal-y-tapa-para-manguera-flexible-8-mm\/\" \/>\n<meta property=\"og:site_name\" content=\"Recambios EcoGas\" \/>\n<meta property=\"article:publisher\" content=\"https:\/\/www.facebook.com\/profile.php?id=100062419705358\" \/>\n<meta property=\"article:modified_time\" content=\"2026-04-08T09:20:19+00:00\" \/>\n<meta property=\"og:image\" content=\"https:\/\/recambiosecogas.com\/wp-content\/uploads\/2024\/11\/Tomasetto-boquilla-de-suministro-DISH-soporte-de-metal-y-tapa-para-manguera-flexible-8-mm-png.webp\" \/>\n\t<meta property=\"og:image:width\" content=\"1000\" \/>\n\t<meta property=\"og:image:height\" content=\"1000\" \/>\n\t<meta property=\"og:image:type\" content=\"image\/png\" \/>\n<meta name=\"twitter:card\" content=\"summary_large_image\" \/>\n<meta name=\"twitter:label1\" content=\"Prezzo\" \/>\n\t<meta name=\"twitter:data1\" content=\"10,87&nbsp;&euro; (Sin IVA: 8,98&nbsp;&euro;)\" \/>\n\t<meta name=\"twitter:label2\" content=\"Disponibilit\u00e0\" \/>\n\t<meta name=\"twitter:data2\" content=\"Su ordinazione\" \/>\n<script type=\"application\/ld+json\" class=\"yoast-schema-graph\">{\"@context\":\"https:\\\/\\\/schema.org\",\"@graph\":[{\"@type\":\"WebPage\",\"@id\":\"https:\\\/\\\/recambiosecogas.com\\\/it\\\/producto\\\/tomasetto-boquilla-de-suministro-dish-soporte-de-metal-y-tapa-para-manguera-flexible-8-mm\\\/\",\"url\":\"https:\\\/\\\/recambiosecogas.com\\\/it\\\/producto\\\/tomasetto-boquilla-de-suministro-dish-soporte-de-metal-y-tapa-para-manguera-flexible-8-mm\\\/\",\"name\":\"Bocchino di fornitura DISH 8mm | Pezzi di ricambio Ecogas\",\"isPartOf\":{\"@id\":\"https:\\\/\\\/recambiosecogas.com\\\/it\\\/#website\"},\"primaryImageOfPage\":{\"@id\":\"https:\\\/\\\/recambiosecogas.com\\\/it\\\/producto\\\/tomasetto-boquilla-de-suministro-dish-soporte-de-metal-y-tapa-para-manguera-flexible-8-mm\\\/#primaryimage\"},\"image\":{\"@id\":\"https:\\\/\\\/recambiosecogas.com\\\/it\\\/producto\\\/tomasetto-boquilla-de-suministro-dish-soporte-de-metal-y-tapa-para-manguera-flexible-8-mm\\\/#primaryimage\"},\"thumbnailUrl\":\"https:\\\/\\\/recambiosecogas.com\\\/wp-content\\\/uploads\\\/2024\\\/11\\\/Tomasetto-boquilla-de-suministro-DISH-soporte-de-metal-y-tapa-para-manguera-flexible-8-mm-png.webp\",\"datePublished\":\"2024-11-18T08:56:57+00:00\",\"dateModified\":\"2026-04-08T09:20:19+00:00\",\"description\":\"Ugello di alimentazione DISH con portatubi metallico e tappo flessibile da 8 mm. Ideale per sistemi a GPL.\",\"breadcrumb\":{\"@id\":\"https:\\\/\\\/recambiosecogas.com\\\/it\\\/producto\\\/tomasetto-boquilla-de-suministro-dish-soporte-de-metal-y-tapa-para-manguera-flexible-8-mm\\\/#breadcrumb\"},\"inLanguage\":\"it-IT\",\"potentialAction\":[{\"@type\":\"ReadAction\",\"target\":[\"https:\\\/\\\/recambiosecogas.com\\\/it\\\/producto\\\/tomasetto-boquilla-de-suministro-dish-soporte-de-metal-y-tapa-para-manguera-flexible-8-mm\\\/\"]}]},{\"@type\":\"ImageObject\",\"inLanguage\":\"it-IT\",\"@id\":\"https:\\\/\\\/recambiosecogas.com\\\/it\\\/producto\\\/tomasetto-boquilla-de-suministro-dish-soporte-de-metal-y-tapa-para-manguera-flexible-8-mm\\\/#primaryimage\",\"url\":\"https:\\\/\\\/recambiosecogas.com\\\/wp-content\\\/uploads\\\/2024\\\/11\\\/Tomasetto-boquilla-de-suministro-DISH-soporte-de-metal-y-tapa-para-manguera-flexible-8-mm-png.webp\",\"contentUrl\":\"https:\\\/\\\/recambiosecogas.com\\\/wp-content\\\/uploads\\\/2024\\\/11\\\/Tomasetto-boquilla-de-suministro-DISH-soporte-de-metal-y-tapa-para-manguera-flexible-8-mm-png.webp\",\"width\":1000,\"height\":1000},{\"@type\":\"BreadcrumbList\",\"@id\":\"https:\\\/\\\/recambiosecogas.com\\\/it\\\/producto\\\/tomasetto-boquilla-de-suministro-dish-soporte-de-metal-y-tapa-para-manguera-flexible-8-mm\\\/#breadcrumb\",\"itemListElement\":[{\"@type\":\"ListItem\",\"position\":1,\"name\":\"Portada\",\"item\":\"https:\\\/\\\/recambiosecogas.com\\\/it\\\/\"},{\"@type\":\"ListItem\",\"position\":2,\"name\":\"Negozio\",\"item\":\"https:\\\/\\\/recambiosecogas.com\\\/it\\\/?page_id=46382\"},{\"@type\":\"ListItem\",\"position\":3,\"name\":\"Ugello di alimentazione Tomasetto DISH + portatubo metallico e tappo flessibile 8 mm\"}]},{\"@type\":\"WebSite\",\"@id\":\"https:\\\/\\\/recambiosecogas.com\\\/it\\\/#website\",\"url\":\"https:\\\/\\\/recambiosecogas.com\\\/it\\\/\",\"name\":\"Recambios EcoGas\",\"description\":\"Recambios Multimarca para sistemas de GLP\\\/GNC\\\/GNL\\\/Hidr\u00f3geno\",\"publisher\":{\"@id\":\"https:\\\/\\\/recambiosecogas.com\\\/it\\\/#organization\"},\"alternateName\":\"Recambios Autogas GLP\",\"potentialAction\":[{\"@type\":\"SearchAction\",\"target\":{\"@type\":\"EntryPoint\",\"urlTemplate\":\"https:\\\/\\\/recambiosecogas.com\\\/it\\\/?s={search_term_string}\"},\"query-input\":{\"@type\":\"PropertyValueSpecification\",\"valueRequired\":true,\"valueName\":\"search_term_string\"}}],\"inLanguage\":\"it-IT\"},{\"@type\":[\"Organization\",\"Place\"],\"@id\":\"https:\\\/\\\/recambiosecogas.com\\\/it\\\/#organization\",\"name\":\"Recambios EcoGas\",\"alternateName\":\"Tienda Online GLP Espa\u00f1a\",\"url\":\"https:\\\/\\\/recambiosecogas.com\\\/it\\\/\",\"logo\":{\"@id\":\"https:\\\/\\\/recambiosecogas.com\\\/it\\\/producto\\\/tomasetto-boquilla-de-suministro-dish-soporte-de-metal-y-tapa-para-manguera-flexible-8-mm\\\/#local-main-organization-logo\"},\"image\":{\"@id\":\"https:\\\/\\\/recambiosecogas.com\\\/it\\\/producto\\\/tomasetto-boquilla-de-suministro-dish-soporte-de-metal-y-tapa-para-manguera-flexible-8-mm\\\/#local-main-organization-logo\"},\"sameAs\":[\"https:\\\/\\\/www.facebook.com\\\/profile.php?id=100062419705358\",\"https:\\\/\\\/www.instagram.com\\\/segimon_automocio\"],\"description\":\"Recambios EcoGas \u2013 Venta y distribuci\u00f3n de sistemas GLP y GNC en Espa\u00f1a y Portugal. Env\u00edos 24 h, soporte t\u00e9cnico a talleres y distribuidores.\",\"hasMerchantReturnPolicy\":{\"@type\":\"MerchantReturnPolicy\",\"merchantReturnLink\":\"https:\\\/\\\/recambiosecogas.com\\\/politicas-privacidad\\\/\"},\"address\":{\"@id\":\"https:\\\/\\\/recambiosecogas.com\\\/it\\\/producto\\\/tomasetto-boquilla-de-suministro-dish-soporte-de-metal-y-tapa-para-manguera-flexible-8-mm\\\/#local-main-place-address\"},\"telephone\":[\"616250633\"],\"contactPoint\":{\"@type\":\"ContactPoint\",\"email\":\"export@recambiosecogas.com\"},\"openingHoursSpecification\":[{\"@type\":\"OpeningHoursSpecification\",\"dayOfWeek\":[\"Monday\",\"Tuesday\",\"Wednesday\",\"Thursday\",\"Friday\",\"Saturday\",\"Sunday\"],\"opens\":\"09:00\",\"closes\":\"17:00\"}],\"email\":\"info@recambiosecogas.com\",\"faxNumber\":\"SEGIMON AUTOMOCION SL\",\"vatID\":\"ESB19819861\",\"globalLocationNumber\":\"938 616 339\"},{\"@type\":\"PostalAddress\",\"@id\":\"https:\\\/\\\/recambiosecogas.com\\\/it\\\/producto\\\/tomasetto-boquilla-de-suministro-dish-soporte-de-metal-y-tapa-para-manguera-flexible-8-mm\\\/#local-main-place-address\",\"streetAddress\":\"cami antic de vic, 29 (Nave 3), Pol\u00edgono Industrial Congost\",\"addressLocality\":\"CORRO D`AVALL\",\"postalCode\":\"08520\",\"addressRegion\":\"Barcelona\",\"addressCountry\":\"ES\"},{\"@type\":\"ImageObject\",\"inLanguage\":\"it-IT\",\"@id\":\"https:\\\/\\\/recambiosecogas.com\\\/it\\\/producto\\\/tomasetto-boquilla-de-suministro-dish-soporte-de-metal-y-tapa-para-manguera-flexible-8-mm\\\/#local-main-organization-logo\",\"url\":\"https:\\\/\\\/recambiosecogas.com\\\/wp-content\\\/uploads\\\/2024\\\/11\\\/cropped-RECAMBIOS-GLP-png.webp\",\"contentUrl\":\"https:\\\/\\\/recambiosecogas.com\\\/wp-content\\\/uploads\\\/2024\\\/11\\\/cropped-RECAMBIOS-GLP-png.webp\",\"width\":512,\"height\":512,\"caption\":\"Recambios EcoGas\"}]}<\/script>\n<meta property=\"product:price:amount\" content=\"10.87\" \/>\n<meta property=\"product:price:currency\" content=\"EUR\" \/>\n<meta property=\"og:availability\" content=\"backorder\" \/>\n<meta property=\"product:availability\" content=\"available for order\" \/>\n<meta property=\"product:retailer_item_id\" content=\"108169\" \/>\n<meta property=\"product:condition\" content=\"new\" \/>\n<meta name=\"geo.placename\" content=\"CORRO D`AVALL\" \/>\n<meta name=\"geo.region\" content=\"Spagna\" \/>\n<!-- \/ Yoast SEO Premium plugin. -->","yoast_head_json":{"title":"Bocchino di fornitura DISH 8mm | Pezzi di ricambio Ecogas","description":"Ugello di alimentazione DISH con portatubi metallico e tappo flessibile da 8 mm. Ideale per sistemi a GPL.","robots":{"index":"index","follow":"follow","max-snippet":"max-snippet:-1","max-image-preview":"max-image-preview:large","max-video-preview":"max-video-preview:-1"},"canonical":"https:\/\/recambiosecogas.com\/it\/producto\/tomasetto-boquilla-de-suministro-dish-soporte-de-metal-y-tapa-para-manguera-flexible-8-mm\/","og_locale":"it_IT","og_type":"article","og_title":"Ugello di alimentazione Tomasetto DISH + portatubo metallico e tappo flessibile 8 mm","og_description":"Ugello di alimentazione DISH con portatubi metallico e tappo flessibile da 8 mm. Ideale per sistemi a GPL.","og_url":"https:\/\/recambiosecogas.com\/it\/producto\/tomasetto-boquilla-de-suministro-dish-soporte-de-metal-y-tapa-para-manguera-flexible-8-mm\/","og_site_name":"Recambios EcoGas","article_publisher":"https:\/\/www.facebook.com\/profile.php?id=100062419705358","article_modified_time":"2026-04-08T09:20:19+00:00","og_image":[{"width":1000,"height":1000,"url":"https:\/\/recambiosecogas.com\/wp-content\/uploads\/2024\/11\/Tomasetto-boquilla-de-suministro-DISH-soporte-de-metal-y-tapa-para-manguera-flexible-8-mm-png.webp","type":"image\/png"}],"twitter_card":"summary_large_image","twitter_misc":{"Prezzo":"10,87&nbsp;&euro; (Sin IVA: 8,98&nbsp;&euro;)","Disponibilit\u00e0":"Su ordinazione"},"schema":{"@context":"https:\/\/schema.org","@graph":[{"@type":"WebPage","@id":"https:\/\/recambiosecogas.com\/it\/producto\/tomasetto-boquilla-de-suministro-dish-soporte-de-metal-y-tapa-para-manguera-flexible-8-mm\/","url":"https:\/\/recambiosecogas.com\/it\/producto\/tomasetto-boquilla-de-suministro-dish-soporte-de-metal-y-tapa-para-manguera-flexible-8-mm\/","name":"Bocchino di fornitura DISH 8mm | Pezzi di ricambio Ecogas","isPartOf":{"@id":"https:\/\/recambiosecogas.com\/it\/#website"},"primaryImageOfPage":{"@id":"https:\/\/recambiosecogas.com\/it\/producto\/tomasetto-boquilla-de-suministro-dish-soporte-de-metal-y-tapa-para-manguera-flexible-8-mm\/#primaryimage"},"image":{"@id":"https:\/\/recambiosecogas.com\/it\/producto\/tomasetto-boquilla-de-suministro-dish-soporte-de-metal-y-tapa-para-manguera-flexible-8-mm\/#primaryimage"},"thumbnailUrl":"https:\/\/recambiosecogas.com\/wp-content\/uploads\/2024\/11\/Tomasetto-boquilla-de-suministro-DISH-soporte-de-metal-y-tapa-para-manguera-flexible-8-mm-png.webp","datePublished":"2024-11-18T08:56:57+00:00","dateModified":"2026-04-08T09:20:19+00:00","description":"Ugello di alimentazione DISH con portatubi metallico e tappo flessibile da 8 mm. Ideale per sistemi a GPL.","breadcrumb":{"@id":"https:\/\/recambiosecogas.com\/it\/producto\/tomasetto-boquilla-de-suministro-dish-soporte-de-metal-y-tapa-para-manguera-flexible-8-mm\/#breadcrumb"},"inLanguage":"it-IT","potentialAction":[{"@type":"ReadAction","target":["https:\/\/recambiosecogas.com\/it\/producto\/tomasetto-boquilla-de-suministro-dish-soporte-de-metal-y-tapa-para-manguera-flexible-8-mm\/"]}]},{"@type":"ImageObject","inLanguage":"it-IT","@id":"https:\/\/recambiosecogas.com\/it\/producto\/tomasetto-boquilla-de-suministro-dish-soporte-de-metal-y-tapa-para-manguera-flexible-8-mm\/#primaryimage","url":"https:\/\/recambiosecogas.com\/wp-content\/uploads\/2024\/11\/Tomasetto-boquilla-de-suministro-DISH-soporte-de-metal-y-tapa-para-manguera-flexible-8-mm-png.webp","contentUrl":"https:\/\/recambiosecogas.com\/wp-content\/uploads\/2024\/11\/Tomasetto-boquilla-de-suministro-DISH-soporte-de-metal-y-tapa-para-manguera-flexible-8-mm-png.webp","width":1000,"height":1000},{"@type":"BreadcrumbList","@id":"https:\/\/recambiosecogas.com\/it\/producto\/tomasetto-boquilla-de-suministro-dish-soporte-de-metal-y-tapa-para-manguera-flexible-8-mm\/#breadcrumb","itemListElement":[{"@type":"ListItem","position":1,"name":"Portada","item":"https:\/\/recambiosecogas.com\/it\/"},{"@type":"ListItem","position":2,"name":"Negozio","item":"https:\/\/recambiosecogas.com\/it\/?page_id=46382"},{"@type":"ListItem","position":3,"name":"Ugello di alimentazione Tomasetto DISH + portatubo metallico e tappo flessibile 8 mm"}]},{"@type":"WebSite","@id":"https:\/\/recambiosecogas.com\/it\/#website","url":"https:\/\/recambiosecogas.com\/it\/","name":"Recambios EcoGas","description":"Recambios Multimarca para sistemas de GLP\/GNC\/GNL\/Hidr\u00f3geno","publisher":{"@id":"https:\/\/recambiosecogas.com\/it\/#organization"},"alternateName":"Recambios Autogas GLP","potentialAction":[{"@type":"SearchAction","target":{"@type":"EntryPoint","urlTemplate":"https:\/\/recambiosecogas.com\/it\/?s={search_term_string}"},"query-input":{"@type":"PropertyValueSpecification","valueRequired":true,"valueName":"search_term_string"}}],"inLanguage":"it-IT"},{"@type":["Organization","Place"],"@id":"https:\/\/recambiosecogas.com\/it\/#organization","name":"Recambios EcoGas","alternateName":"Tienda Online GLP Espa\u00f1a","url":"https:\/\/recambiosecogas.com\/it\/","logo":{"@id":"https:\/\/recambiosecogas.com\/it\/producto\/tomasetto-boquilla-de-suministro-dish-soporte-de-metal-y-tapa-para-manguera-flexible-8-mm\/#local-main-organization-logo"},"image":{"@id":"https:\/\/recambiosecogas.com\/it\/producto\/tomasetto-boquilla-de-suministro-dish-soporte-de-metal-y-tapa-para-manguera-flexible-8-mm\/#local-main-organization-logo"},"sameAs":["https:\/\/www.facebook.com\/profile.php?id=100062419705358","https:\/\/www.instagram.com\/segimon_automocio"],"description":"Recambios EcoGas \u2013 Venta y distribuci\u00f3n de sistemas GLP y GNC en Espa\u00f1a y Portugal. Env\u00edos 24 h, soporte t\u00e9cnico a talleres y distribuidores.","hasMerchantReturnPolicy":{"@type":"MerchantReturnPolicy","merchantReturnLink":"https:\/\/recambiosecogas.com\/politicas-privacidad\/"},"address":{"@id":"https:\/\/recambiosecogas.com\/it\/producto\/tomasetto-boquilla-de-suministro-dish-soporte-de-metal-y-tapa-para-manguera-flexible-8-mm\/#local-main-place-address"},"telephone":["616250633"],"contactPoint":{"@type":"ContactPoint","email":"export@recambiosecogas.com"},"openingHoursSpecification":[{"@type":"OpeningHoursSpecification","dayOfWeek":["Monday","Tuesday","Wednesday","Thursday","Friday","Saturday","Sunday"],"opens":"09:00","closes":"17:00"}],"email":"info@recambiosecogas.com","faxNumber":"SEGIMON AUTOMOCION SL","vatID":"ESB19819861","globalLocationNumber":"938 616 339"},{"@type":"PostalAddress","@id":"https:\/\/recambiosecogas.com\/it\/producto\/tomasetto-boquilla-de-suministro-dish-soporte-de-metal-y-tapa-para-manguera-flexible-8-mm\/#local-main-place-address","streetAddress":"cami antic de vic, 29 (Nave 3), Pol\u00edgono Industrial Congost","addressLocality":"CORRO D`AVALL","postalCode":"08520","addressRegion":"Barcelona","addressCountry":"ES"},{"@type":"ImageObject","inLanguage":"it-IT","@id":"https:\/\/recambiosecogas.com\/it\/producto\/tomasetto-boquilla-de-suministro-dish-soporte-de-metal-y-tapa-para-manguera-flexible-8-mm\/#local-main-organization-logo","url":"https:\/\/recambiosecogas.com\/wp-content\/uploads\/2024\/11\/cropped-RECAMBIOS-GLP-png.webp","contentUrl":"https:\/\/recambiosecogas.com\/wp-content\/uploads\/2024\/11\/cropped-RECAMBIOS-GLP-png.webp","width":512,"height":512,"caption":"Recambios EcoGas"}]},"product_price_amount":"10.87","product_price_currency":"EUR","og_availability":"backorder","product_availability":"available for order","product_retailer_item_id":"108169","product_condition":"new","geo.placename":"CORRO D`AVALL","geo.region":"Spagna"},"uagb_featured_image_src":{"full":["https:\/\/recambiosecogas.com\/wp-content\/uploads\/2024\/11\/Tomasetto-boquilla-de-suministro-DISH-soporte-de-metal-y-tapa-para-manguera-flexible-8-mm-png.webp",1000,1000,false],"thumbnail":["https:\/\/recambiosecogas.com\/wp-content\/uploads\/2024\/11\/Tomasetto-boquilla-de-suministro-DISH-soporte-de-metal-y-tapa-para-manguera-flexible-8-mm-150x150.webp",150,150,true],"medium":["https:\/\/recambiosecogas.com\/wp-content\/uploads\/2024\/11\/Tomasetto-boquilla-de-suministro-DISH-soporte-de-metal-y-tapa-para-manguera-flexible-8-mm-300x300.webp",300,300,true],"medium_large":["https:\/\/recambiosecogas.com\/wp-content\/uploads\/2024\/11\/Tomasetto-boquilla-de-suministro-DISH-soporte-de-metal-y-tapa-para-manguera-flexible-8-mm-768x768.webp",768,768,true],"large":["https:\/\/recambiosecogas.com\/wp-content\/uploads\/2024\/11\/Tomasetto-boquilla-de-suministro-DISH-soporte-de-metal-y-tapa-para-manguera-flexible-8-mm-png.webp",1000,1000,false],"1536x1536":["https:\/\/recambiosecogas.com\/wp-content\/uploads\/2024\/11\/Tomasetto-boquilla-de-suministro-DISH-soporte-de-metal-y-tapa-para-manguera-flexible-8-mm-png.webp",1000,1000,false],"2048x2048":["https:\/\/recambiosecogas.com\/wp-content\/uploads\/2024\/11\/Tomasetto-boquilla-de-suministro-DISH-soporte-de-metal-y-tapa-para-manguera-flexible-8-mm-png.webp",1000,1000,false],"woocommerce_archive_thumbnail":["https:\/\/recambiosecogas.com\/wp-content\/uploads\/2024\/11\/Tomasetto-boquilla-de-suministro-DISH-soporte-de-metal-y-tapa-para-manguera-flexible-8-mm-png.webp",1000,1000,false],"woocommerce_thumbnail":["https:\/\/recambiosecogas.com\/wp-content\/uploads\/2024\/11\/Tomasetto-boquilla-de-suministro-DISH-soporte-de-metal-y-tapa-para-manguera-flexible-8-mm-png-300x300.webp",300,300,true],"woocommerce_single":["https:\/\/recambiosecogas.com\/wp-content\/uploads\/2024\/11\/Tomasetto-boquilla-de-suministro-DISH-soporte-de-metal-y-tapa-para-manguera-flexible-8-mm-png.webp",1000,1000,false],"woocommerce_gallery_thumbnail":["https:\/\/recambiosecogas.com\/wp-content\/uploads\/2024\/11\/Tomasetto-boquilla-de-suministro-DISH-soporte-de-metal-y-tapa-para-manguera-flexible-8-mm-png.webp",1000,1000,false],"dgwt-wcas-product-suggestion":["https:\/\/recambiosecogas.com\/wp-content\/uploads\/2024\/11\/Tomasetto-boquilla-de-suministro-DISH-soporte-de-metal-y-tapa-para-manguera-flexible-8-mm-png-64x64.webp",64,64,true]},"uagb_author_info":{"display_name":"Fran - Soporte T\u00e9cnico","author_link":"https:\/\/recambiosecogas.com\/it\/author\/"},"uagb_comment_info":0,"uagb_excerpt":"Ugello di alimentazione Tomasetto DISH + portatubo metallico e tappo flessibile 8 mm","_links":{"self":[{"href":"https:\/\/recambiosecogas.com\/it\/wp-json\/wp\/v2\/product\/46443","targetHints":{"allow":["GET"]}}],"collection":[{"href":"https:\/\/recambiosecogas.com\/it\/wp-json\/wp\/v2\/product"}],"about":[{"href":"https:\/\/recambiosecogas.com\/it\/wp-json\/wp\/v2\/types\/product"}],"replies":[{"embeddable":true,"href":"https:\/\/recambiosecogas.com\/it\/wp-json\/wp\/v2\/comments?post=46443"}],"wp:featuredmedia":[{"embeddable":true,"href":"https:\/\/recambiosecogas.com\/it\/wp-json\/wp\/v2\/media\/6960"}],"wp:attachment":[{"href":"https:\/\/recambiosecogas.com\/it\/wp-json\/wp\/v2\/media?parent=46443"}],"wp:term":[{"taxonomy":"product_brand","embeddable":true,"href":"https:\/\/recambiosecogas.com\/it\/wp-json\/wp\/v2\/product_brand?post=46443"},{"taxonomy":"product_cat","embeddable":true,"href":"https:\/\/recambiosecogas.com\/it\/wp-json\/wp\/v2\/product_cat?post=46443"},{"taxonomy":"product_tag","embeddable":true,"href":"https:\/\/recambiosecogas.com\/it\/wp-json\/wp\/v2\/product_tag?post=46443"}],"curies":[{"name":"wp","href":"https:\/\/api.w.org\/{rel}","templated":true}]}}