{"id":46354,"date":"2024-12-30T12:55:13","date_gmt":"2024-12-30T11:55:13","guid":{"rendered":"https:\/\/recambiosecogas.com\/producto\/lpg-fit-tuberia-termoplastica-kit-xd-3-6mm-m10x1-6-metros\/"},"modified":"2026-04-08T10:11:06","modified_gmt":"2026-04-08T09:11:06","slug":"lpg-fit-tuberia-termoplastica-kit-xd-3-6mm-m10x1-6-metros","status":"publish","type":"product","link":"https:\/\/recambiosecogas.com\/it\/producto\/lpg-fit-tuberia-termoplastica-kit-xd-3-6mm-m10x1-6-metros\/","title":{"rendered":"Kit tubi termoplastici LPG-FIT XD-3 (=6mm) M10x1 (6 metri)"},"content":{"rendered":"<p>Il <strong>tubo flessibile a GPL da 5 mm M10x1<\/strong> \u00e8 un componente essenziale per i sistemi <strong>Autogas<\/strong>. Questo kit include 6 metri di tubo, offrendo un&#8217;alternativa pratica e flessibile alle linee rigide, facilitandone l&#8217;installazione in varie applicazioni. Approvato secondo ECE-R67, garantisce prestazioni sicure ed efficienti nei sistemi a gas.  <\/p>\n<p>Realizzato con un nucleo interno in <strong>nylon (poliammide 6),<\/strong> il tubo presenta un legame chimico tra il nucleo e il rinforzo, fornendo grande resistenza e durata. Anche la corazza esterna \u00e8 in nylon, garantendo un&#8217;elevata resistenza all&#8217;abrasione e alle condizioni ambientali. <\/p>\n<p>Le dimensioni del tubo sono le seguenti:<\/p>\n<h4>Dati tecnici<\/h4>\n<p><strong>Materiale:<\/strong><\/p>\n<ul>\n<li>Nucleo interno: Nylon (poliammide 6)<\/li>\n<li>Legame: nucleo interno chimicamente legato e rinforzo<\/li>\n<li>Guscio esterno: Nylon (poliammide 6), nero<\/li>\n<\/ul>\n<p><strong>Dimensioni:<\/strong><\/p>\n<ul>\n<li>Diametro interno: <strong>5,2 mm<\/strong><\/li>\n<li>Diametro esterno: <strong>8,0 mm<\/strong><\/li>\n<li>Raggio di flessione: <strong>35 mm<\/strong><\/li>\n<li>Peso: <strong>34 gr\/m<\/strong><\/li>\n<\/ul>\n<p><strong>Propriet\u00e0:<\/strong><\/p>\n<ul>\n<li>Test di pressione di scoppio: <strong>370 bar<\/strong><\/li>\n<li>Pressione operativa: <strong>90 bar<\/strong><\/li>\n<li>Temperatura di lavoro: <strong>-40\u00b0C a +125\u00b0C<\/strong><\/li>\n<\/ul>\n<p>\u00c8 fondamentale verificare la compatibilit\u00e0 del tubo con i sistemi esistenti prima di effettuare l&#8217;acquisto. L&#8217;uso di un tubo di qualit\u00e0 \u00e8 fondamentale per il corretto funzionamento del sistema Autogas, poich\u00e9 un tubo difettoso pu\u00f2 causare perdite o guasti nell&#8217;approvvigionamento del gas. <\/p>\n","protected":false},"excerpt":{"rendered":"<p>Tubo flessibile M10x1 da 5 mm per GPL, ideale per sistemi Autogas. Kit da 6 metri con accessori, resistente e approvato. <\/p>\n","protected":false},"featured_media":13134,"comment_status":"open","ping_status":"closed","template":"","meta":{"_uag_custom_page_level_css":""},"product_brand":[],"product_cat":[2309,2304,2310],"product_tag":[],"class_list":{"0":"post-46354","1":"product","2":"type-product","3":"status-publish","4":"has-post-thumbnail","6":"product_cat-fit-gpg","7":"product_cat-piping","8":"product_cat-tubi-flessibili","10":"first","11":"onbackorder","12":"taxable","13":"shipping-taxable","14":"purchasable","15":"product-type-simple"},"ct_brands":[],"yoast_head":"<!-- This site is optimized with the Yoast SEO Premium plugin v27.5 (Yoast SEO v27.5) - https:\/\/yoast.com\/product\/yoast-seo-premium-wordpress\/ -->\n<title>Tubo flessibile da 5 mm M10x1 a GPL (6 metri) | Pezzi di ricambio Ecogas<\/title>\n<meta name=\"description\" content=\"Tubo flessibile M10x1 da 5 mm per GPL, ideale per sistemi Autogas. Kit da 6 metri con accessori, resistente e approvato.\" \/>\n<meta name=\"robots\" content=\"index, follow, max-snippet:-1, max-image-preview:large, max-video-preview:-1\" \/>\n<link rel=\"canonical\" href=\"https:\/\/recambiosecogas.com\/it\/producto\/lpg-fit-tuberia-termoplastica-kit-xd-3-6mm-m10x1-6-metros\/\" \/>\n<meta property=\"og:locale\" content=\"it_IT\" \/>\n<meta property=\"og:type\" content=\"article\" \/>\n<meta property=\"og:title\" content=\"Kit tubi termoplastici LPG-FIT XD-3 (=6mm) M10x1 (6 metri)\" \/>\n<meta property=\"og:description\" content=\"Tubo flessibile M10x1 da 5 mm per GPL, ideale per sistemi Autogas. Kit da 6 metri con accessori, resistente e approvato.\" \/>\n<meta property=\"og:url\" content=\"https:\/\/recambiosecogas.com\/it\/producto\/lpg-fit-tuberia-termoplastica-kit-xd-3-6mm-m10x1-6-metros\/\" \/>\n<meta property=\"og:site_name\" content=\"Recambios EcoGas\" \/>\n<meta property=\"article:publisher\" content=\"https:\/\/www.facebook.com\/profile.php?id=100062419705358\" \/>\n<meta property=\"article:modified_time\" content=\"2026-04-08T09:11:06+00:00\" \/>\n<meta property=\"og:image\" content=\"https:\/\/recambiosecogas.com\/wp-content\/uploads\/2024\/12\/LPG-FIT-Manguera-termoplastica-kit-XD-3-6mm-M10x1-6-metros-png.webp\" \/>\n\t<meta property=\"og:image:width\" content=\"1000\" \/>\n\t<meta property=\"og:image:height\" content=\"1000\" \/>\n\t<meta property=\"og:image:type\" content=\"image\/png\" \/>\n<meta name=\"twitter:card\" content=\"summary_large_image\" \/>\n<meta name=\"twitter:label1\" content=\"Prezzo\" \/>\n\t<meta name=\"twitter:data1\" content=\"71,76&nbsp;&euro; (Sin IVA: 59,31&nbsp;&euro;)\" \/>\n\t<meta name=\"twitter:label2\" content=\"Disponibilit\u00e0\" \/>\n\t<meta name=\"twitter:data2\" content=\"Su ordinazione\" \/>\n<script type=\"application\/ld+json\" class=\"yoast-schema-graph\">{\"@context\":\"https:\\\/\\\/schema.org\",\"@graph\":[{\"@type\":\"WebPage\",\"@id\":\"https:\\\/\\\/recambiosecogas.com\\\/it\\\/producto\\\/lpg-fit-tuberia-termoplastica-kit-xd-3-6mm-m10x1-6-metros\\\/\",\"url\":\"https:\\\/\\\/recambiosecogas.com\\\/it\\\/producto\\\/lpg-fit-tuberia-termoplastica-kit-xd-3-6mm-m10x1-6-metros\\\/\",\"name\":\"Tubo flessibile da 5 mm M10x1 a GPL (6 metri) | Pezzi di ricambio Ecogas\",\"isPartOf\":{\"@id\":\"https:\\\/\\\/recambiosecogas.com\\\/it\\\/#website\"},\"primaryImageOfPage\":{\"@id\":\"https:\\\/\\\/recambiosecogas.com\\\/it\\\/producto\\\/lpg-fit-tuberia-termoplastica-kit-xd-3-6mm-m10x1-6-metros\\\/#primaryimage\"},\"image\":{\"@id\":\"https:\\\/\\\/recambiosecogas.com\\\/it\\\/producto\\\/lpg-fit-tuberia-termoplastica-kit-xd-3-6mm-m10x1-6-metros\\\/#primaryimage\"},\"thumbnailUrl\":\"https:\\\/\\\/recambiosecogas.com\\\/wp-content\\\/uploads\\\/2024\\\/12\\\/LPG-FIT-Manguera-termoplastica-kit-XD-3-6mm-M10x1-6-metros-png.webp\",\"datePublished\":\"2024-12-30T11:55:13+00:00\",\"dateModified\":\"2026-04-08T09:11:06+00:00\",\"description\":\"Tubo flessibile M10x1 da 5 mm per GPL, ideale per sistemi Autogas. Kit da 6 metri con accessori, resistente e approvato.\",\"breadcrumb\":{\"@id\":\"https:\\\/\\\/recambiosecogas.com\\\/it\\\/producto\\\/lpg-fit-tuberia-termoplastica-kit-xd-3-6mm-m10x1-6-metros\\\/#breadcrumb\"},\"inLanguage\":\"it-IT\",\"potentialAction\":[{\"@type\":\"ReadAction\",\"target\":[\"https:\\\/\\\/recambiosecogas.com\\\/it\\\/producto\\\/lpg-fit-tuberia-termoplastica-kit-xd-3-6mm-m10x1-6-metros\\\/\"]}]},{\"@type\":\"ImageObject\",\"inLanguage\":\"it-IT\",\"@id\":\"https:\\\/\\\/recambiosecogas.com\\\/it\\\/producto\\\/lpg-fit-tuberia-termoplastica-kit-xd-3-6mm-m10x1-6-metros\\\/#primaryimage\",\"url\":\"https:\\\/\\\/recambiosecogas.com\\\/wp-content\\\/uploads\\\/2024\\\/12\\\/LPG-FIT-Manguera-termoplastica-kit-XD-3-6mm-M10x1-6-metros-png.webp\",\"contentUrl\":\"https:\\\/\\\/recambiosecogas.com\\\/wp-content\\\/uploads\\\/2024\\\/12\\\/LPG-FIT-Manguera-termoplastica-kit-XD-3-6mm-M10x1-6-metros-png.webp\",\"width\":1000,\"height\":1000},{\"@type\":\"BreadcrumbList\",\"@id\":\"https:\\\/\\\/recambiosecogas.com\\\/it\\\/producto\\\/lpg-fit-tuberia-termoplastica-kit-xd-3-6mm-m10x1-6-metros\\\/#breadcrumb\",\"itemListElement\":[{\"@type\":\"ListItem\",\"position\":1,\"name\":\"Portada\",\"item\":\"https:\\\/\\\/recambiosecogas.com\\\/it\\\/\"},{\"@type\":\"ListItem\",\"position\":2,\"name\":\"Negozio\",\"item\":\"https:\\\/\\\/recambiosecogas.com\\\/it\\\/?page_id=46382\"},{\"@type\":\"ListItem\",\"position\":3,\"name\":\"Kit tubi termoplastici LPG-FIT XD-3 (=6mm) M10x1 (6 metri)\"}]},{\"@type\":\"WebSite\",\"@id\":\"https:\\\/\\\/recambiosecogas.com\\\/it\\\/#website\",\"url\":\"https:\\\/\\\/recambiosecogas.com\\\/it\\\/\",\"name\":\"Recambios EcoGas\",\"description\":\"Recambios Multimarca para sistemas de GLP\\\/GNC\\\/GNL\\\/Hidr\u00f3geno\",\"publisher\":{\"@id\":\"https:\\\/\\\/recambiosecogas.com\\\/it\\\/#organization\"},\"alternateName\":\"Recambios Autogas GLP\",\"potentialAction\":[{\"@type\":\"SearchAction\",\"target\":{\"@type\":\"EntryPoint\",\"urlTemplate\":\"https:\\\/\\\/recambiosecogas.com\\\/it\\\/?s={search_term_string}\"},\"query-input\":{\"@type\":\"PropertyValueSpecification\",\"valueRequired\":true,\"valueName\":\"search_term_string\"}}],\"inLanguage\":\"it-IT\"},{\"@type\":[\"Organization\",\"Place\"],\"@id\":\"https:\\\/\\\/recambiosecogas.com\\\/it\\\/#organization\",\"name\":\"Recambios EcoGas\",\"alternateName\":\"Tienda Online GLP Espa\u00f1a\",\"url\":\"https:\\\/\\\/recambiosecogas.com\\\/it\\\/\",\"logo\":{\"@id\":\"https:\\\/\\\/recambiosecogas.com\\\/it\\\/producto\\\/lpg-fit-tuberia-termoplastica-kit-xd-3-6mm-m10x1-6-metros\\\/#local-main-organization-logo\"},\"image\":{\"@id\":\"https:\\\/\\\/recambiosecogas.com\\\/it\\\/producto\\\/lpg-fit-tuberia-termoplastica-kit-xd-3-6mm-m10x1-6-metros\\\/#local-main-organization-logo\"},\"sameAs\":[\"https:\\\/\\\/www.facebook.com\\\/profile.php?id=100062419705358\",\"https:\\\/\\\/www.instagram.com\\\/segimon_automocio\"],\"description\":\"Recambios EcoGas \u2013 Venta y distribuci\u00f3n de sistemas GLP y GNC en Espa\u00f1a y Portugal. Env\u00edos 24 h, soporte t\u00e9cnico a talleres y distribuidores.\",\"hasMerchantReturnPolicy\":{\"@type\":\"MerchantReturnPolicy\",\"merchantReturnLink\":\"https:\\\/\\\/recambiosecogas.com\\\/politicas-privacidad\\\/\"},\"address\":{\"@id\":\"https:\\\/\\\/recambiosecogas.com\\\/it\\\/producto\\\/lpg-fit-tuberia-termoplastica-kit-xd-3-6mm-m10x1-6-metros\\\/#local-main-place-address\"},\"telephone\":[\"616250633\"],\"contactPoint\":{\"@type\":\"ContactPoint\",\"email\":\"export@recambiosecogas.com\"},\"openingHoursSpecification\":[{\"@type\":\"OpeningHoursSpecification\",\"dayOfWeek\":[\"Monday\",\"Tuesday\",\"Wednesday\",\"Thursday\",\"Friday\",\"Saturday\",\"Sunday\"],\"opens\":\"09:00\",\"closes\":\"17:00\"}],\"email\":\"info@recambiosecogas.com\",\"faxNumber\":\"SEGIMON AUTOMOCION SL\",\"vatID\":\"ESB19819861\",\"globalLocationNumber\":\"938 616 339\"},{\"@type\":\"PostalAddress\",\"@id\":\"https:\\\/\\\/recambiosecogas.com\\\/it\\\/producto\\\/lpg-fit-tuberia-termoplastica-kit-xd-3-6mm-m10x1-6-metros\\\/#local-main-place-address\",\"streetAddress\":\"cami antic de vic, 29 (Nave 3), Pol\u00edgono Industrial Congost\",\"addressLocality\":\"CORRO D`AVALL\",\"postalCode\":\"08520\",\"addressRegion\":\"Barcelona\",\"addressCountry\":\"ES\"},{\"@type\":\"ImageObject\",\"inLanguage\":\"it-IT\",\"@id\":\"https:\\\/\\\/recambiosecogas.com\\\/it\\\/producto\\\/lpg-fit-tuberia-termoplastica-kit-xd-3-6mm-m10x1-6-metros\\\/#local-main-organization-logo\",\"url\":\"https:\\\/\\\/recambiosecogas.com\\\/wp-content\\\/uploads\\\/2024\\\/11\\\/cropped-RECAMBIOS-GLP-png.webp\",\"contentUrl\":\"https:\\\/\\\/recambiosecogas.com\\\/wp-content\\\/uploads\\\/2024\\\/11\\\/cropped-RECAMBIOS-GLP-png.webp\",\"width\":512,\"height\":512,\"caption\":\"Recambios EcoGas\"}]}<\/script>\n<meta property=\"product:price:amount\" content=\"71.76\" \/>\n<meta property=\"product:price:currency\" content=\"EUR\" \/>\n<meta property=\"og:availability\" content=\"backorder\" \/>\n<meta property=\"product:availability\" content=\"available for order\" \/>\n<meta property=\"product:retailer_item_id\" content=\"104189\" \/>\n<meta property=\"product:condition\" content=\"new\" \/>\n<meta name=\"geo.placename\" content=\"CORRO D`AVALL\" \/>\n<meta name=\"geo.region\" content=\"Spagna\" \/>\n<!-- \/ Yoast SEO Premium plugin. -->","yoast_head_json":{"title":"Tubo flessibile da 5 mm M10x1 a GPL (6 metri) | Pezzi di ricambio Ecogas","description":"Tubo flessibile M10x1 da 5 mm per GPL, ideale per sistemi Autogas. Kit da 6 metri con accessori, resistente e approvato.","robots":{"index":"index","follow":"follow","max-snippet":"max-snippet:-1","max-image-preview":"max-image-preview:large","max-video-preview":"max-video-preview:-1"},"canonical":"https:\/\/recambiosecogas.com\/it\/producto\/lpg-fit-tuberia-termoplastica-kit-xd-3-6mm-m10x1-6-metros\/","og_locale":"it_IT","og_type":"article","og_title":"Kit tubi termoplastici LPG-FIT XD-3 (=6mm) M10x1 (6 metri)","og_description":"Tubo flessibile M10x1 da 5 mm per GPL, ideale per sistemi Autogas. Kit da 6 metri con accessori, resistente e approvato.","og_url":"https:\/\/recambiosecogas.com\/it\/producto\/lpg-fit-tuberia-termoplastica-kit-xd-3-6mm-m10x1-6-metros\/","og_site_name":"Recambios EcoGas","article_publisher":"https:\/\/www.facebook.com\/profile.php?id=100062419705358","article_modified_time":"2026-04-08T09:11:06+00:00","og_image":[{"width":1000,"height":1000,"url":"https:\/\/recambiosecogas.com\/wp-content\/uploads\/2024\/12\/LPG-FIT-Manguera-termoplastica-kit-XD-3-6mm-M10x1-6-metros-png.webp","type":"image\/png"}],"twitter_card":"summary_large_image","twitter_misc":{"Prezzo":"71,76&nbsp;&euro; (Sin IVA: 59,31&nbsp;&euro;)","Disponibilit\u00e0":"Su ordinazione"},"schema":{"@context":"https:\/\/schema.org","@graph":[{"@type":"WebPage","@id":"https:\/\/recambiosecogas.com\/it\/producto\/lpg-fit-tuberia-termoplastica-kit-xd-3-6mm-m10x1-6-metros\/","url":"https:\/\/recambiosecogas.com\/it\/producto\/lpg-fit-tuberia-termoplastica-kit-xd-3-6mm-m10x1-6-metros\/","name":"Tubo flessibile da 5 mm M10x1 a GPL (6 metri) | Pezzi di ricambio Ecogas","isPartOf":{"@id":"https:\/\/recambiosecogas.com\/it\/#website"},"primaryImageOfPage":{"@id":"https:\/\/recambiosecogas.com\/it\/producto\/lpg-fit-tuberia-termoplastica-kit-xd-3-6mm-m10x1-6-metros\/#primaryimage"},"image":{"@id":"https:\/\/recambiosecogas.com\/it\/producto\/lpg-fit-tuberia-termoplastica-kit-xd-3-6mm-m10x1-6-metros\/#primaryimage"},"thumbnailUrl":"https:\/\/recambiosecogas.com\/wp-content\/uploads\/2024\/12\/LPG-FIT-Manguera-termoplastica-kit-XD-3-6mm-M10x1-6-metros-png.webp","datePublished":"2024-12-30T11:55:13+00:00","dateModified":"2026-04-08T09:11:06+00:00","description":"Tubo flessibile M10x1 da 5 mm per GPL, ideale per sistemi Autogas. Kit da 6 metri con accessori, resistente e approvato.","breadcrumb":{"@id":"https:\/\/recambiosecogas.com\/it\/producto\/lpg-fit-tuberia-termoplastica-kit-xd-3-6mm-m10x1-6-metros\/#breadcrumb"},"inLanguage":"it-IT","potentialAction":[{"@type":"ReadAction","target":["https:\/\/recambiosecogas.com\/it\/producto\/lpg-fit-tuberia-termoplastica-kit-xd-3-6mm-m10x1-6-metros\/"]}]},{"@type":"ImageObject","inLanguage":"it-IT","@id":"https:\/\/recambiosecogas.com\/it\/producto\/lpg-fit-tuberia-termoplastica-kit-xd-3-6mm-m10x1-6-metros\/#primaryimage","url":"https:\/\/recambiosecogas.com\/wp-content\/uploads\/2024\/12\/LPG-FIT-Manguera-termoplastica-kit-XD-3-6mm-M10x1-6-metros-png.webp","contentUrl":"https:\/\/recambiosecogas.com\/wp-content\/uploads\/2024\/12\/LPG-FIT-Manguera-termoplastica-kit-XD-3-6mm-M10x1-6-metros-png.webp","width":1000,"height":1000},{"@type":"BreadcrumbList","@id":"https:\/\/recambiosecogas.com\/it\/producto\/lpg-fit-tuberia-termoplastica-kit-xd-3-6mm-m10x1-6-metros\/#breadcrumb","itemListElement":[{"@type":"ListItem","position":1,"name":"Portada","item":"https:\/\/recambiosecogas.com\/it\/"},{"@type":"ListItem","position":2,"name":"Negozio","item":"https:\/\/recambiosecogas.com\/it\/?page_id=46382"},{"@type":"ListItem","position":3,"name":"Kit tubi termoplastici LPG-FIT XD-3 (=6mm) M10x1 (6 metri)"}]},{"@type":"WebSite","@id":"https:\/\/recambiosecogas.com\/it\/#website","url":"https:\/\/recambiosecogas.com\/it\/","name":"Recambios EcoGas","description":"Recambios Multimarca para sistemas de GLP\/GNC\/GNL\/Hidr\u00f3geno","publisher":{"@id":"https:\/\/recambiosecogas.com\/it\/#organization"},"alternateName":"Recambios Autogas GLP","potentialAction":[{"@type":"SearchAction","target":{"@type":"EntryPoint","urlTemplate":"https:\/\/recambiosecogas.com\/it\/?s={search_term_string}"},"query-input":{"@type":"PropertyValueSpecification","valueRequired":true,"valueName":"search_term_string"}}],"inLanguage":"it-IT"},{"@type":["Organization","Place"],"@id":"https:\/\/recambiosecogas.com\/it\/#organization","name":"Recambios EcoGas","alternateName":"Tienda Online GLP Espa\u00f1a","url":"https:\/\/recambiosecogas.com\/it\/","logo":{"@id":"https:\/\/recambiosecogas.com\/it\/producto\/lpg-fit-tuberia-termoplastica-kit-xd-3-6mm-m10x1-6-metros\/#local-main-organization-logo"},"image":{"@id":"https:\/\/recambiosecogas.com\/it\/producto\/lpg-fit-tuberia-termoplastica-kit-xd-3-6mm-m10x1-6-metros\/#local-main-organization-logo"},"sameAs":["https:\/\/www.facebook.com\/profile.php?id=100062419705358","https:\/\/www.instagram.com\/segimon_automocio"],"description":"Recambios EcoGas \u2013 Venta y distribuci\u00f3n de sistemas GLP y GNC en Espa\u00f1a y Portugal. Env\u00edos 24 h, soporte t\u00e9cnico a talleres y distribuidores.","hasMerchantReturnPolicy":{"@type":"MerchantReturnPolicy","merchantReturnLink":"https:\/\/recambiosecogas.com\/politicas-privacidad\/"},"address":{"@id":"https:\/\/recambiosecogas.com\/it\/producto\/lpg-fit-tuberia-termoplastica-kit-xd-3-6mm-m10x1-6-metros\/#local-main-place-address"},"telephone":["616250633"],"contactPoint":{"@type":"ContactPoint","email":"export@recambiosecogas.com"},"openingHoursSpecification":[{"@type":"OpeningHoursSpecification","dayOfWeek":["Monday","Tuesday","Wednesday","Thursday","Friday","Saturday","Sunday"],"opens":"09:00","closes":"17:00"}],"email":"info@recambiosecogas.com","faxNumber":"SEGIMON AUTOMOCION SL","vatID":"ESB19819861","globalLocationNumber":"938 616 339"},{"@type":"PostalAddress","@id":"https:\/\/recambiosecogas.com\/it\/producto\/lpg-fit-tuberia-termoplastica-kit-xd-3-6mm-m10x1-6-metros\/#local-main-place-address","streetAddress":"cami antic de vic, 29 (Nave 3), Pol\u00edgono Industrial Congost","addressLocality":"CORRO D`AVALL","postalCode":"08520","addressRegion":"Barcelona","addressCountry":"ES"},{"@type":"ImageObject","inLanguage":"it-IT","@id":"https:\/\/recambiosecogas.com\/it\/producto\/lpg-fit-tuberia-termoplastica-kit-xd-3-6mm-m10x1-6-metros\/#local-main-organization-logo","url":"https:\/\/recambiosecogas.com\/wp-content\/uploads\/2024\/11\/cropped-RECAMBIOS-GLP-png.webp","contentUrl":"https:\/\/recambiosecogas.com\/wp-content\/uploads\/2024\/11\/cropped-RECAMBIOS-GLP-png.webp","width":512,"height":512,"caption":"Recambios EcoGas"}]},"product_price_amount":"71.76","product_price_currency":"EUR","og_availability":"backorder","product_availability":"available for order","product_retailer_item_id":"104189","product_condition":"new","geo.placename":"CORRO D`AVALL","geo.region":"Spagna"},"uagb_featured_image_src":{"full":["https:\/\/recambiosecogas.com\/wp-content\/uploads\/2024\/12\/LPG-FIT-Manguera-termoplastica-kit-XD-3-6mm-M10x1-6-metros-png.webp",1000,1000,false],"thumbnail":["https:\/\/recambiosecogas.com\/wp-content\/uploads\/2024\/12\/LPG-FIT-Manguera-termoplastica-kit-XD-3-6mm-M10x1-6-metros-150x150.webp",150,150,true],"medium":["https:\/\/recambiosecogas.com\/wp-content\/uploads\/2024\/12\/LPG-FIT-Manguera-termoplastica-kit-XD-3-6mm-M10x1-6-metros-300x300.webp",300,300,true],"medium_large":["https:\/\/recambiosecogas.com\/wp-content\/uploads\/2024\/12\/LPG-FIT-Manguera-termoplastica-kit-XD-3-6mm-M10x1-6-metros-768x768.webp",768,768,true],"large":["https:\/\/recambiosecogas.com\/wp-content\/uploads\/2024\/12\/LPG-FIT-Manguera-termoplastica-kit-XD-3-6mm-M10x1-6-metros-png.webp",1000,1000,false],"1536x1536":["https:\/\/recambiosecogas.com\/wp-content\/uploads\/2024\/12\/LPG-FIT-Manguera-termoplastica-kit-XD-3-6mm-M10x1-6-metros-png.webp",1000,1000,false],"2048x2048":["https:\/\/recambiosecogas.com\/wp-content\/uploads\/2024\/12\/LPG-FIT-Manguera-termoplastica-kit-XD-3-6mm-M10x1-6-metros-png.webp",1000,1000,false],"woocommerce_archive_thumbnail":["https:\/\/recambiosecogas.com\/wp-content\/uploads\/2024\/12\/LPG-FIT-Manguera-termoplastica-kit-XD-3-6mm-M10x1-6-metros-png.webp",1000,1000,false],"woocommerce_thumbnail":["https:\/\/recambiosecogas.com\/wp-content\/uploads\/2024\/12\/LPG-FIT-Manguera-termoplastica-kit-XD-3-6mm-M10x1-6-metros-300x300.webp",300,300,true],"woocommerce_single":["https:\/\/recambiosecogas.com\/wp-content\/uploads\/2024\/12\/LPG-FIT-Manguera-termoplastica-kit-XD-3-6mm-M10x1-6-metros-png.webp",1000,1000,false],"woocommerce_gallery_thumbnail":["https:\/\/recambiosecogas.com\/wp-content\/uploads\/2024\/12\/LPG-FIT-Manguera-termoplastica-kit-XD-3-6mm-M10x1-6-metros-png.webp",1000,1000,false],"dgwt-wcas-product-suggestion":["https:\/\/recambiosecogas.com\/wp-content\/uploads\/2024\/12\/LPG-FIT-Manguera-termoplastica-kit-XD-3-6mm-M10x1-6-metros-64x64.webp",64,64,true]},"uagb_author_info":{"display_name":"Fran - Soporte T\u00e9cnico","author_link":"https:\/\/recambiosecogas.com\/it\/author\/"},"uagb_comment_info":0,"uagb_excerpt":"Tubo flessibile M10x1 da 5 mm per GPL, ideale per sistemi Autogas. Kit da 6 metri con accessori, resistente e approvato.","_links":{"self":[{"href":"https:\/\/recambiosecogas.com\/it\/wp-json\/wp\/v2\/product\/46354","targetHints":{"allow":["GET"]}}],"collection":[{"href":"https:\/\/recambiosecogas.com\/it\/wp-json\/wp\/v2\/product"}],"about":[{"href":"https:\/\/recambiosecogas.com\/it\/wp-json\/wp\/v2\/types\/product"}],"replies":[{"embeddable":true,"href":"https:\/\/recambiosecogas.com\/it\/wp-json\/wp\/v2\/comments?post=46354"}],"wp:featuredmedia":[{"embeddable":true,"href":"https:\/\/recambiosecogas.com\/it\/wp-json\/wp\/v2\/media\/13134"}],"wp:attachment":[{"href":"https:\/\/recambiosecogas.com\/it\/wp-json\/wp\/v2\/media?parent=46354"}],"wp:term":[{"taxonomy":"product_brand","embeddable":true,"href":"https:\/\/recambiosecogas.com\/it\/wp-json\/wp\/v2\/product_brand?post=46354"},{"taxonomy":"product_cat","embeddable":true,"href":"https:\/\/recambiosecogas.com\/it\/wp-json\/wp\/v2\/product_cat?post=46354"},{"taxonomy":"product_tag","embeddable":true,"href":"https:\/\/recambiosecogas.com\/it\/wp-json\/wp\/v2\/product_tag?post=46354"}],"curies":[{"name":"wp","href":"https:\/\/api.w.org\/{rel}","templated":true}]}}