{"id":46305,"date":"2026-04-07T12:03:39","date_gmt":"2026-04-07T11:03:39","guid":{"rendered":"https:\/\/recambiosecogas.com\/producto\/25200848-rampa-inyectora-opel\/"},"modified":"2026-04-08T10:04:02","modified_gmt":"2026-04-08T09:04:02","slug":"25200848-rampa-inyectora-opel","status":"publish","type":"product","link":"https:\/\/recambiosecogas.com\/it\/producto\/25200848-rampa-inyectora-opel\/","title":{"rendered":"25200848 rampa dell&#8217;iniettore OPEL"},"content":{"rendered":"<p>Riferimento OEM: 25200848<\/p>\n<p>La <strong>rampa di iniezione OPEL 25200848<\/strong> \u00e8 un componente essenziale per i sistemi a gas GPL nei veicoli OBEL. Questa rampa \u00e8 progettata per fornire un adeguato approvvigionamento di gas agli iniettori, garantendo un funzionamento efficiente e stabile del motore. <\/p>\n<p>La rampa dell&#8217;iniettore controlla il flusso di benzina verso gli iniettori, cosa cruciale per le prestazioni del motore e l&#8217;efficienza del consumo. Il corretto funzionamento di questa rampa \u00e8 fondamentale per evitare problemi di iniezione che possono influire sulle prestazioni del veicolo. <\/p>\n<p>Questo componente \u00e8 necessario in caso di guasti nella rampa esistente o durante la conversione al GPL. \u00c8 facilmente integrato nei sistemi di iniezione sequenziale, offrendo prestazioni ottimali. <\/p>\n<p>\u00c8 importante verificare prima il riferimento originale per garantire la compatibilit\u00e0. Se hai dubbi sull&#8217;equivalenza, puoi inviarci un&#8217;immagine della rampa attuale per conferma. <\/p>\n<p>La rampa di iniezione 25200848 OPEL \u00e8 ideale per chi desidera ottimizzare le prestazioni dei propri veicoli dotati di sistemi Autogas. Garantendo un flusso costante di gas, consente un funzionamento pi\u00f9 efficiente e un consumo di carburante pi\u00f9 basso, con conseguente risparmi significativi nel lungo periodo. Inoltre, il suo design robusto garantisce la capacit\u00e0 di resistere a condizioni difficili, rendendolo una scelta affidabile per qualsiasi proprietario di veicolo che utilizzi GPL.<\/p>\n","protected":false},"excerpt":{"rendered":"<p>OPEL 25200848 rampa di iniezione, essenziale per i sistemi a GPL. Garantisce un adeguato apporto di carburante per prestazioni ottimali del motore.<\/p>\n","protected":false},"featured_media":46295,"comment_status":"open","ping_status":"closed","template":"","meta":{"googlesitekit_rrm_CAowud7EDA:productID":"","_uag_custom_page_level_css":""},"product_brand":[],"product_cat":[2121,2122,2124,2125,2126],"product_tag":[],"class_list":{"0":"post-46305","1":"product","2":"type-product","3":"status-publish","4":"has-post-thumbnail","6":"product_cat-inyectores-menu","7":"product_cat-inyectores-rail","8":"product_cat-rail-riel-rampa-inyectora","9":"product_cat-recambios-oem","10":"product_cat-recambios-oem-opel","12":"first","13":"onbackorder","14":"taxable","15":"shipping-taxable","16":"purchasable","17":"product-type-simple"},"ct_brands":[],"yoast_head":"<!-- This site is optimized with the Yoast SEO Premium plugin v27.3 (Yoast SEO v27.3) - https:\/\/yoast.com\/product\/yoast-seo-premium-wordpress\/ -->\n<title>Rampa di iniezione 25200848 OPEL | Pezzi di ricambio Ecogas<\/title>\n<meta name=\"description\" content=\"OPEL 25200848 rampa di iniezione, essenziale per i sistemi a GPL. Garantisce un adeguato apporto di carburante per prestazioni ottimali del motore.\" \/>\n<meta name=\"robots\" content=\"index, follow, max-snippet:-1, max-image-preview:large, max-video-preview:-1\" \/>\n<link rel=\"canonical\" href=\"https:\/\/recambiosecogas.com\/it\/producto\/25200848-rampa-inyectora-opel\/\" \/>\n<meta property=\"og:locale\" content=\"it_IT\" \/>\n<meta property=\"og:type\" content=\"article\" \/>\n<meta property=\"og:title\" content=\"25200848 rampa dell&#039;iniettore OPEL\" \/>\n<meta property=\"og:description\" content=\"OPEL 25200848 rampa di iniezione, essenziale per i sistemi a GPL. Garantisce un adeguato apporto di carburante per prestazioni ottimali del motore.\" \/>\n<meta property=\"og:url\" content=\"https:\/\/recambiosecogas.com\/it\/producto\/25200848-rampa-inyectora-opel\/\" \/>\n<meta property=\"og:site_name\" content=\"Recambios EcoGas\" \/>\n<meta property=\"article:publisher\" content=\"https:\/\/www.facebook.com\/profile.php?id=100062419705358\" \/>\n<meta property=\"article:modified_time\" content=\"2026-04-08T09:04:02+00:00\" \/>\n<meta property=\"og:image\" content=\"https:\/\/recambiosecogas.com\/wp-content\/uploads\/2026\/04\/opel-rampa3.png\" \/>\n\t<meta property=\"og:image:width\" content=\"1000\" \/>\n\t<meta property=\"og:image:height\" content=\"1000\" \/>\n\t<meta property=\"og:image:type\" content=\"image\/png\" \/>\n<meta name=\"twitter:card\" content=\"summary_large_image\" \/>\n<meta name=\"twitter:label1\" content=\"Prezzo\" \/>\n\t<meta name=\"twitter:data1\" content=\"885,41&nbsp;&euro; (IVA incl.: 1.071,35&nbsp;&euro;)\" \/>\n\t<meta name=\"twitter:label2\" content=\"Disponibilit\u00e0\" \/>\n\t<meta name=\"twitter:data2\" content=\"Su ordinazione\" \/>\n<script type=\"application\/ld+json\" class=\"yoast-schema-graph\">{\"@context\":\"https:\\\/\\\/schema.org\",\"@graph\":[{\"@type\":\"WebPage\",\"@id\":\"https:\\\/\\\/recambiosecogas.com\\\/it\\\/producto\\\/25200848-rampa-inyectora-opel\\\/\",\"url\":\"https:\\\/\\\/recambiosecogas.com\\\/it\\\/producto\\\/25200848-rampa-inyectora-opel\\\/\",\"name\":\"Rampa di iniezione 25200848 OPEL | Pezzi di ricambio Ecogas\",\"isPartOf\":{\"@id\":\"https:\\\/\\\/recambiosecogas.com\\\/it\\\/#website\"},\"primaryImageOfPage\":{\"@id\":\"https:\\\/\\\/recambiosecogas.com\\\/it\\\/producto\\\/25200848-rampa-inyectora-opel\\\/#primaryimage\"},\"image\":{\"@id\":\"https:\\\/\\\/recambiosecogas.com\\\/it\\\/producto\\\/25200848-rampa-inyectora-opel\\\/#primaryimage\"},\"thumbnailUrl\":\"https:\\\/\\\/recambiosecogas.com\\\/wp-content\\\/uploads\\\/2026\\\/04\\\/opel-rampa3.png\",\"datePublished\":\"2026-04-07T11:03:39+00:00\",\"dateModified\":\"2026-04-08T09:04:02+00:00\",\"description\":\"OPEL 25200848 rampa di iniezione, essenziale per i sistemi a GPL. Garantisce un adeguato apporto di carburante per prestazioni ottimali del motore.\",\"breadcrumb\":{\"@id\":\"https:\\\/\\\/recambiosecogas.com\\\/it\\\/producto\\\/25200848-rampa-inyectora-opel\\\/#breadcrumb\"},\"inLanguage\":\"it-IT\",\"potentialAction\":[{\"@type\":\"ReadAction\",\"target\":[\"https:\\\/\\\/recambiosecogas.com\\\/it\\\/producto\\\/25200848-rampa-inyectora-opel\\\/\"]}]},{\"@type\":\"ImageObject\",\"inLanguage\":\"it-IT\",\"@id\":\"https:\\\/\\\/recambiosecogas.com\\\/it\\\/producto\\\/25200848-rampa-inyectora-opel\\\/#primaryimage\",\"url\":\"https:\\\/\\\/recambiosecogas.com\\\/wp-content\\\/uploads\\\/2026\\\/04\\\/opel-rampa3.png\",\"contentUrl\":\"https:\\\/\\\/recambiosecogas.com\\\/wp-content\\\/uploads\\\/2026\\\/04\\\/opel-rampa3.png\",\"width\":1000,\"height\":1000},{\"@type\":\"BreadcrumbList\",\"@id\":\"https:\\\/\\\/recambiosecogas.com\\\/it\\\/producto\\\/25200848-rampa-inyectora-opel\\\/#breadcrumb\",\"itemListElement\":[{\"@type\":\"ListItem\",\"position\":1,\"name\":\"Portada\",\"item\":\"https:\\\/\\\/recambiosecogas.com\\\/it\\\/\"},{\"@type\":\"ListItem\",\"position\":2,\"name\":\"Negozio\",\"item\":\"https:\\\/\\\/recambiosecogas.com\\\/it\\\/?page_id=46382\"},{\"@type\":\"ListItem\",\"position\":3,\"name\":\"25200848 rampa dell&#8217;iniettore OPEL\"}]},{\"@type\":\"WebSite\",\"@id\":\"https:\\\/\\\/recambiosecogas.com\\\/it\\\/#website\",\"url\":\"https:\\\/\\\/recambiosecogas.com\\\/it\\\/\",\"name\":\"Recambios EcoGas\",\"description\":\"Recambios Multimarca para sistemas de GLP\\\/GNC\\\/GNL\\\/Hidr\u00f3geno\",\"publisher\":{\"@id\":\"https:\\\/\\\/recambiosecogas.com\\\/it\\\/#organization\"},\"alternateName\":\"Recambios Autogas GLP\",\"potentialAction\":[{\"@type\":\"SearchAction\",\"target\":{\"@type\":\"EntryPoint\",\"urlTemplate\":\"https:\\\/\\\/recambiosecogas.com\\\/it\\\/?s={search_term_string}\"},\"query-input\":{\"@type\":\"PropertyValueSpecification\",\"valueRequired\":true,\"valueName\":\"search_term_string\"}}],\"inLanguage\":\"it-IT\"},{\"@type\":[\"Organization\",\"Place\"],\"@id\":\"https:\\\/\\\/recambiosecogas.com\\\/it\\\/#organization\",\"name\":\"Recambios EcoGas\",\"alternateName\":\"Tienda Online GLP Espa\u00f1a\",\"url\":\"https:\\\/\\\/recambiosecogas.com\\\/it\\\/\",\"logo\":{\"@id\":\"https:\\\/\\\/recambiosecogas.com\\\/it\\\/producto\\\/25200848-rampa-inyectora-opel\\\/#local-main-organization-logo\"},\"image\":{\"@id\":\"https:\\\/\\\/recambiosecogas.com\\\/it\\\/producto\\\/25200848-rampa-inyectora-opel\\\/#local-main-organization-logo\"},\"sameAs\":[\"https:\\\/\\\/www.facebook.com\\\/profile.php?id=100062419705358\",\"https:\\\/\\\/www.instagram.com\\\/segimon_automocio\"],\"description\":\"Recambios EcoGas \u2013 Venta y distribuci\u00f3n de sistemas GLP y GNC en Espa\u00f1a y Portugal. Env\u00edos 24 h, soporte t\u00e9cnico a talleres y distribuidores.\",\"hasMerchantReturnPolicy\":{\"@type\":\"MerchantReturnPolicy\",\"merchantReturnLink\":\"https:\\\/\\\/recambiosecogas.com\\\/politicas-privacidad\\\/\"},\"address\":{\"@id\":\"https:\\\/\\\/recambiosecogas.com\\\/it\\\/producto\\\/25200848-rampa-inyectora-opel\\\/#local-main-place-address\"},\"telephone\":[\"616250633\"],\"contactPoint\":{\"@type\":\"ContactPoint\",\"email\":\"export@recambiosecogas.com\"},\"openingHoursSpecification\":[{\"@type\":\"OpeningHoursSpecification\",\"dayOfWeek\":[\"Monday\",\"Tuesday\",\"Wednesday\",\"Thursday\",\"Friday\",\"Saturday\",\"Sunday\"],\"opens\":\"09:00\",\"closes\":\"17:00\"}],\"email\":\"info@recambiosecogas.com\",\"faxNumber\":\"SEGIMON AUTOMOCION SL\",\"vatID\":\"ESB19819861\",\"globalLocationNumber\":\"938 616 339\"},{\"@type\":\"PostalAddress\",\"@id\":\"https:\\\/\\\/recambiosecogas.com\\\/it\\\/producto\\\/25200848-rampa-inyectora-opel\\\/#local-main-place-address\",\"streetAddress\":\"cami antic de vic, 29 (Nave 3), Pol\u00edgono Industrial Congost\",\"addressLocality\":\"CORRO D`AVALL\",\"postalCode\":\"08520\",\"addressRegion\":\"Barcelona\",\"addressCountry\":\"ES\"},{\"@type\":\"ImageObject\",\"inLanguage\":\"it-IT\",\"@id\":\"https:\\\/\\\/recambiosecogas.com\\\/it\\\/producto\\\/25200848-rampa-inyectora-opel\\\/#local-main-organization-logo\",\"url\":\"https:\\\/\\\/recambiosecogas.com\\\/wp-content\\\/uploads\\\/2024\\\/11\\\/cropped-RECAMBIOS-GLP-png.webp\",\"contentUrl\":\"https:\\\/\\\/recambiosecogas.com\\\/wp-content\\\/uploads\\\/2024\\\/11\\\/cropped-RECAMBIOS-GLP-png.webp\",\"width\":512,\"height\":512,\"caption\":\"Recambios EcoGas\"}]}<\/script>\n<meta property=\"product:price:amount\" content=\"885.41\" \/>\n<meta property=\"product:price:currency\" content=\"EUR\" \/>\n<meta property=\"og:availability\" content=\"backorder\" \/>\n<meta property=\"product:availability\" content=\"available for order\" \/>\n<meta property=\"product:retailer_item_id\" content=\"RE25200848\" \/>\n<meta property=\"product:condition\" content=\"new\" \/>\n<meta name=\"geo.placename\" content=\"CORRO D`AVALL\" \/>\n<meta name=\"geo.region\" content=\"Spagna\" \/>\n<!-- \/ Yoast SEO Premium plugin. -->","yoast_head_json":{"title":"Rampa di iniezione 25200848 OPEL | Pezzi di ricambio Ecogas","description":"OPEL 25200848 rampa di iniezione, essenziale per i sistemi a GPL. Garantisce un adeguato apporto di carburante per prestazioni ottimali del motore.","robots":{"index":"index","follow":"follow","max-snippet":"max-snippet:-1","max-image-preview":"max-image-preview:large","max-video-preview":"max-video-preview:-1"},"canonical":"https:\/\/recambiosecogas.com\/it\/producto\/25200848-rampa-inyectora-opel\/","og_locale":"it_IT","og_type":"article","og_title":"25200848 rampa dell'iniettore OPEL","og_description":"OPEL 25200848 rampa di iniezione, essenziale per i sistemi a GPL. Garantisce un adeguato apporto di carburante per prestazioni ottimali del motore.","og_url":"https:\/\/recambiosecogas.com\/it\/producto\/25200848-rampa-inyectora-opel\/","og_site_name":"Recambios EcoGas","article_publisher":"https:\/\/www.facebook.com\/profile.php?id=100062419705358","article_modified_time":"2026-04-08T09:04:02+00:00","og_image":[{"width":1000,"height":1000,"url":"https:\/\/recambiosecogas.com\/wp-content\/uploads\/2026\/04\/opel-rampa3.png","type":"image\/png"}],"twitter_card":"summary_large_image","twitter_misc":{"Prezzo":"885,41&nbsp;&euro; (IVA incl.: 1.071,35&nbsp;&euro;)","Disponibilit\u00e0":"Su ordinazione"},"schema":{"@context":"https:\/\/schema.org","@graph":[{"@type":"WebPage","@id":"https:\/\/recambiosecogas.com\/it\/producto\/25200848-rampa-inyectora-opel\/","url":"https:\/\/recambiosecogas.com\/it\/producto\/25200848-rampa-inyectora-opel\/","name":"Rampa di iniezione 25200848 OPEL | Pezzi di ricambio Ecogas","isPartOf":{"@id":"https:\/\/recambiosecogas.com\/it\/#website"},"primaryImageOfPage":{"@id":"https:\/\/recambiosecogas.com\/it\/producto\/25200848-rampa-inyectora-opel\/#primaryimage"},"image":{"@id":"https:\/\/recambiosecogas.com\/it\/producto\/25200848-rampa-inyectora-opel\/#primaryimage"},"thumbnailUrl":"https:\/\/recambiosecogas.com\/wp-content\/uploads\/2026\/04\/opel-rampa3.png","datePublished":"2026-04-07T11:03:39+00:00","dateModified":"2026-04-08T09:04:02+00:00","description":"OPEL 25200848 rampa di iniezione, essenziale per i sistemi a GPL. Garantisce un adeguato apporto di carburante per prestazioni ottimali del motore.","breadcrumb":{"@id":"https:\/\/recambiosecogas.com\/it\/producto\/25200848-rampa-inyectora-opel\/#breadcrumb"},"inLanguage":"it-IT","potentialAction":[{"@type":"ReadAction","target":["https:\/\/recambiosecogas.com\/it\/producto\/25200848-rampa-inyectora-opel\/"]}]},{"@type":"ImageObject","inLanguage":"it-IT","@id":"https:\/\/recambiosecogas.com\/it\/producto\/25200848-rampa-inyectora-opel\/#primaryimage","url":"https:\/\/recambiosecogas.com\/wp-content\/uploads\/2026\/04\/opel-rampa3.png","contentUrl":"https:\/\/recambiosecogas.com\/wp-content\/uploads\/2026\/04\/opel-rampa3.png","width":1000,"height":1000},{"@type":"BreadcrumbList","@id":"https:\/\/recambiosecogas.com\/it\/producto\/25200848-rampa-inyectora-opel\/#breadcrumb","itemListElement":[{"@type":"ListItem","position":1,"name":"Portada","item":"https:\/\/recambiosecogas.com\/it\/"},{"@type":"ListItem","position":2,"name":"Negozio","item":"https:\/\/recambiosecogas.com\/it\/?page_id=46382"},{"@type":"ListItem","position":3,"name":"25200848 rampa dell&#8217;iniettore OPEL"}]},{"@type":"WebSite","@id":"https:\/\/recambiosecogas.com\/it\/#website","url":"https:\/\/recambiosecogas.com\/it\/","name":"Recambios EcoGas","description":"Recambios Multimarca para sistemas de GLP\/GNC\/GNL\/Hidr\u00f3geno","publisher":{"@id":"https:\/\/recambiosecogas.com\/it\/#organization"},"alternateName":"Recambios Autogas GLP","potentialAction":[{"@type":"SearchAction","target":{"@type":"EntryPoint","urlTemplate":"https:\/\/recambiosecogas.com\/it\/?s={search_term_string}"},"query-input":{"@type":"PropertyValueSpecification","valueRequired":true,"valueName":"search_term_string"}}],"inLanguage":"it-IT"},{"@type":["Organization","Place"],"@id":"https:\/\/recambiosecogas.com\/it\/#organization","name":"Recambios EcoGas","alternateName":"Tienda Online GLP Espa\u00f1a","url":"https:\/\/recambiosecogas.com\/it\/","logo":{"@id":"https:\/\/recambiosecogas.com\/it\/producto\/25200848-rampa-inyectora-opel\/#local-main-organization-logo"},"image":{"@id":"https:\/\/recambiosecogas.com\/it\/producto\/25200848-rampa-inyectora-opel\/#local-main-organization-logo"},"sameAs":["https:\/\/www.facebook.com\/profile.php?id=100062419705358","https:\/\/www.instagram.com\/segimon_automocio"],"description":"Recambios EcoGas \u2013 Venta y distribuci\u00f3n de sistemas GLP y GNC en Espa\u00f1a y Portugal. Env\u00edos 24 h, soporte t\u00e9cnico a talleres y distribuidores.","hasMerchantReturnPolicy":{"@type":"MerchantReturnPolicy","merchantReturnLink":"https:\/\/recambiosecogas.com\/politicas-privacidad\/"},"address":{"@id":"https:\/\/recambiosecogas.com\/it\/producto\/25200848-rampa-inyectora-opel\/#local-main-place-address"},"telephone":["616250633"],"contactPoint":{"@type":"ContactPoint","email":"export@recambiosecogas.com"},"openingHoursSpecification":[{"@type":"OpeningHoursSpecification","dayOfWeek":["Monday","Tuesday","Wednesday","Thursday","Friday","Saturday","Sunday"],"opens":"09:00","closes":"17:00"}],"email":"info@recambiosecogas.com","faxNumber":"SEGIMON AUTOMOCION SL","vatID":"ESB19819861","globalLocationNumber":"938 616 339"},{"@type":"PostalAddress","@id":"https:\/\/recambiosecogas.com\/it\/producto\/25200848-rampa-inyectora-opel\/#local-main-place-address","streetAddress":"cami antic de vic, 29 (Nave 3), Pol\u00edgono Industrial Congost","addressLocality":"CORRO D`AVALL","postalCode":"08520","addressRegion":"Barcelona","addressCountry":"ES"},{"@type":"ImageObject","inLanguage":"it-IT","@id":"https:\/\/recambiosecogas.com\/it\/producto\/25200848-rampa-inyectora-opel\/#local-main-organization-logo","url":"https:\/\/recambiosecogas.com\/wp-content\/uploads\/2024\/11\/cropped-RECAMBIOS-GLP-png.webp","contentUrl":"https:\/\/recambiosecogas.com\/wp-content\/uploads\/2024\/11\/cropped-RECAMBIOS-GLP-png.webp","width":512,"height":512,"caption":"Recambios EcoGas"}]},"product_price_amount":"885.41","product_price_currency":"EUR","og_availability":"backorder","product_availability":"available for order","product_retailer_item_id":"RE25200848","product_condition":"new","geo.placename":"CORRO D`AVALL","geo.region":"Spagna"},"uagb_featured_image_src":{"full":["https:\/\/recambiosecogas.com\/wp-content\/uploads\/2026\/04\/opel-rampa3.png",1000,1000,false],"thumbnail":["https:\/\/recambiosecogas.com\/wp-content\/uploads\/2026\/04\/opel-rampa3-150x150.png",150,150,true],"medium":["https:\/\/recambiosecogas.com\/wp-content\/uploads\/2026\/04\/opel-rampa3-300x300.png",300,300,true],"medium_large":["https:\/\/recambiosecogas.com\/wp-content\/uploads\/2026\/04\/opel-rampa3-768x768.png",768,768,true],"large":["https:\/\/recambiosecogas.com\/wp-content\/uploads\/2026\/04\/opel-rampa3.png",1000,1000,false],"1536x1536":["https:\/\/recambiosecogas.com\/wp-content\/uploads\/2026\/04\/opel-rampa3.png",1000,1000,false],"2048x2048":["https:\/\/recambiosecogas.com\/wp-content\/uploads\/2026\/04\/opel-rampa3.png",1000,1000,false],"woocommerce_archive_thumbnail":["https:\/\/recambiosecogas.com\/wp-content\/uploads\/2026\/04\/opel-rampa3.png",1000,1000,false],"woocommerce_thumbnail":["https:\/\/recambiosecogas.com\/wp-content\/uploads\/2026\/04\/opel-rampa3-300x300.png",300,300,true],"woocommerce_single":["https:\/\/recambiosecogas.com\/wp-content\/uploads\/2026\/04\/opel-rampa3.png",1000,1000,false],"woocommerce_gallery_thumbnail":["https:\/\/recambiosecogas.com\/wp-content\/uploads\/2026\/04\/opel-rampa3.png",1000,1000,false],"dgwt-wcas-product-suggestion":["https:\/\/recambiosecogas.com\/wp-content\/uploads\/2026\/04\/opel-rampa3-64x64.png",64,64,true]},"uagb_author_info":{"display_name":"Gertjan Recambios EcoGas","author_link":"https:\/\/recambiosecogas.com\/it\/author\/"},"uagb_comment_info":0,"uagb_excerpt":"OPEL 25200848 rampa di iniezione, essenziale per i sistemi a GPL. Garantisce un adeguato apporto di carburante per prestazioni ottimali del motore.","_links":{"self":[{"href":"https:\/\/recambiosecogas.com\/it\/wp-json\/wp\/v2\/product\/46305","targetHints":{"allow":["GET"]}}],"collection":[{"href":"https:\/\/recambiosecogas.com\/it\/wp-json\/wp\/v2\/product"}],"about":[{"href":"https:\/\/recambiosecogas.com\/it\/wp-json\/wp\/v2\/types\/product"}],"replies":[{"embeddable":true,"href":"https:\/\/recambiosecogas.com\/it\/wp-json\/wp\/v2\/comments?post=46305"}],"wp:featuredmedia":[{"embeddable":true,"href":"https:\/\/recambiosecogas.com\/it\/wp-json\/wp\/v2\/media\/46295"}],"wp:attachment":[{"href":"https:\/\/recambiosecogas.com\/it\/wp-json\/wp\/v2\/media?parent=46305"}],"wp:term":[{"taxonomy":"product_brand","embeddable":true,"href":"https:\/\/recambiosecogas.com\/it\/wp-json\/wp\/v2\/product_brand?post=46305"},{"taxonomy":"product_cat","embeddable":true,"href":"https:\/\/recambiosecogas.com\/it\/wp-json\/wp\/v2\/product_cat?post=46305"},{"taxonomy":"product_tag","embeddable":true,"href":"https:\/\/recambiosecogas.com\/it\/wp-json\/wp\/v2\/product_tag?post=46305"}],"curies":[{"name":"wp","href":"https:\/\/api.w.org\/{rel}","templated":true}]}}