{"id":46130,"date":"2025-02-24T11:25:26","date_gmt":"2025-02-24T10:25:26","guid":{"rendered":"https:\/\/recambiosecogas.com\/producto\/gok-sistema-regulador-50-mbar-en61-1-kg-h-rvs-8-mm-x-uv-sku-x-rvs-8-mm\/"},"modified":"2026-03-26T11:59:58","modified_gmt":"2026-03-26T10:59:58","slug":"gok-sistema-regulador-50-mbar-en61-1-kg-h-rvs-8-mm-x-uv-sku-x-rvs-8-mm","status":"publish","type":"product","link":"https:\/\/recambiosecogas.com\/it\/producto\/gok-sistema-regulador-50-mbar-en61-1-kg-h-rvs-8-mm-x-uv-sku-x-rvs-8-mm\/","title":{"rendered":"GOK sistema regulador 50 mbar EN61- 1 kg\/h RVS 8 mm x UV\/SKU x RVS 8 mm"},"content":{"rendered":"<p>El regulador de presi\u00f3n de gas GOK EN61 PS 16bar se utiliza para la conexi\u00f3n directa a la botella de gas a trav\u00e9s de una conexi\u00f3n roscada en la autocaravana o caravana. El regulador de presi\u00f3n regula la presi\u00f3n del gas para que se puedan conectar los aparatos deseados y es adecuado\u00a0<strong>para las <\/strong><strong>auto caravanas <\/strong><strong>Westfalia\/Volkswagen <\/strong><strong>VW T 2, 3, 4<\/strong>. El regulador de gas tiene una v\u00e1lvula de purga de seguridad (PRV) y un conector de ventilaci\u00f3n, que tambi\u00e9n evita que la humedad, por ejemplo el agua de lluvia, entre en el interior del regulador.<\/p>\n<p>En Alemania, el regulador de presi\u00f3n s\u00f3lo puede conectarse a botellas m\u00f3viles en el exterior, por ejemplo, en obras, barbacoas, etc. Existe homologaci\u00f3n seg\u00fan el examen CE de tipo DGR.<\/p>\n<p>Presi\u00f3n de salida<strong>:50mbar<\/strong><br \/>\nCaudal<strong>:1,0kg por hora<\/strong><\/p>\n<p><strong>V\u00e1lvula basculante y <\/strong>acoplamiento enchufable SKU con v\u00e1lvula de\u00a0<strong>cierre <\/strong>para la comprobaci\u00f3n de estanqueidad y para la alimentaci\u00f3n de\u00a0<strong>emergencia <\/strong>de aparatos externos como barbacoas, calefactores radiantes, etc.<\/p>\n<p>-Conexi\u00f3n\u00a0<strong>para <\/strong><strong>Truma Eis-Ex<\/strong><\/p>\n<p>Presi\u00f3n de salida<strong>: 50 mbar<\/strong><br \/>\nCaudal<strong>: 1 kg por hora<\/strong><\/p>\n<p><strong>Conexi\u00f3n combinada dep\u00f3sito de gas\/ bombona de gas<\/strong><\/p>\n<p>&#8211; Conexi\u00f3n roscada para tubo de 8 mm<br \/>\n&#8211; G. 5 Conexi\u00f3n para bombonas grandes (bombonas de gas de 5, 11 kg)<br \/>\n&#8211; G. 12 Conexi\u00f3n para botellas peque\u00f1as (botellas de gas de 33 kg)<br \/>\n&#8211; Conexi\u00f3n directa al dep\u00f3sito de gas combustible (21,8 mm)<\/p>\n<p><strong>Conexiones adecuadas Salida:<\/strong><\/p>\n<p>&#8211; Racor de 8 mm<br \/>\n&#8211; Tuber\u00eda de 8 mm<\/p>\n<p><strong>Conexi\u00f3n salida v\u00e1lvula de prueba\/ suministro de emergencia<\/strong><\/p>\n<p>&#8211; Acoplamiento r\u00e1pido SKU<\/p>\n<p>Material: varios<br \/>\nPiezas internas: Acero inoxidable<\/p>\n<p><u>Conformidad\/ Aprobaci\u00f3n:<\/u><\/p>\n<p>&#8211; Marcado CE\/ Examen CE de tipo seg\u00fan DGR<\/p>\n<p>El <strong>regulador de presi\u00f3n de gas GOK 50 mbar EN61<\/strong> es un componente esencial para la conexi\u00f3n directa a botellas de gas en autocaravanas y caravanas. Este regulador regula la presi\u00f3n del gas, permitiendo la conexi\u00f3n de diversos aparatos de gas, garantizando un suministro seguro y eficiente. Es compatible con veh\u00edculos de marcas como <strong>Westfalia y Volkswagen<\/strong>, espec\u00edficamente los modelos <strong>VW T2, T3 y T4<\/strong>.<\/p>\n<p>Este regulador cuenta con una <strong>v\u00e1lvula de purga de seguridad<\/strong> (PRV) y un conector de ventilaci\u00f3n, que previene la entrada de humedad, como el agua de lluvia, al interior del regulador. En Alemania, su uso est\u00e1 restringido a botellas m\u00f3viles en exteriores, como en obras o barbacoas, y cumple con la homologaci\u00f3n CE de tipo DGR.<\/p>\n<p>Las especificaciones del regulador son las siguientes:<\/p>\n<h4>Datos t\u00e9cnicos<\/h4>\n<p>Presi\u00f3n de salida: <strong>50 mbar<\/strong><br \/>Caudal: <strong>1 kg\/h<\/strong><\/p>\n<p>El regulador incluye un <strong>acoplamiento enchufable SKU<\/strong> que permite comprobar la estanqueidad y proporciona un suministro de emergencia para aparatos externos como barbacoas y calefactores. Adem\u00e1s, cuenta con conexiones adecuadas para diferentes tipos de botellas de gas:<\/p>\n<ul>\n<li>Conexi\u00f3n roscada para tubo de <strong>8 mm<\/strong><\/li>\n<li>Conexi\u00f3n G. 5 para bombonas grandes (5 y 11 kg)<\/li>\n<li>Conexi\u00f3n G. 12 para botellas peque\u00f1as (33 kg)<\/li>\n<li>Conexi\u00f3n directa al dep\u00f3sito de gas combustible (21,8 mm)<\/li>\n<\/ul>\n<p>El <strong>material del regulador<\/strong> incluye componentes de acero inoxidable, lo que asegura su durabilidad y resistencia. Este regulador es ideal para quienes buscan un suministro de gas seguro y eficiente en sus autocaravanas y caravanas.<\/p>\n<h4>Conformidad \/ Aprobaci\u00f3n<\/h4>\n<p>Marcado CE \/ Examen CE de tipo seg\u00fan DGR.<\/p>\n","protected":false},"excerpt":{"rendered":"<p>GOK<\/p>\n","protected":false},"featured_media":46132,"comment_status":"open","ping_status":"closed","template":"","meta":{"googlesitekit_rrm_CAowud7EDA:productID":"","_uag_custom_page_level_css":""},"product_brand":[],"product_cat":[2300],"product_tag":[],"class_list":{"0":"post-46130","1":"product","2":"type-product","3":"status-publish","4":"has-post-thumbnail","6":"product_cat-reguladores-para-depositos-glp","8":"first","9":"onbackorder","10":"taxable","11":"shipping-taxable","12":"purchasable","13":"product-type-simple"},"ct_brands":[],"yoast_head":"<!-- This site is optimized with the Yoast SEO Premium plugin v27.3 (Yoast SEO v27.3) - https:\/\/yoast.com\/product\/yoast-seo-premium-wordpress\/ -->\n<title>GOK sistema regulador 50 mbar EN61- 1 kg\/h RVS 8 mm x UV\/SKU x RVS 8 mm | Recambios EcoGas | Sistemas GLP y GNC<\/title>\n<meta name=\"robots\" content=\"index, follow, max-snippet:-1, max-image-preview:large, max-video-preview:-1\" \/>\n<link rel=\"canonical\" href=\"https:\/\/recambiosecogas.com\/it\/producto\/gok-sistema-regulador-50-mbar-en61-1-kg-h-rvs-8-mm-x-uv-sku-x-rvs-8-mm\/\" \/>\n<meta property=\"og:locale\" content=\"it_IT\" \/>\n<meta property=\"og:type\" content=\"article\" \/>\n<meta property=\"og:title\" content=\"GOK sistema regulador 50 mbar EN61- 1 kg\/h RVS 8 mm x UV\/SKU x RVS 8 mm\" \/>\n<meta property=\"og:description\" content=\"GOK\" \/>\n<meta property=\"og:url\" content=\"https:\/\/recambiosecogas.com\/it\/producto\/gok-sistema-regulador-50-mbar-en61-1-kg-h-rvs-8-mm-x-uv-sku-x-rvs-8-mm\/\" \/>\n<meta property=\"og:site_name\" content=\"Recambios EcoGas\" \/>\n<meta property=\"article:publisher\" content=\"https:\/\/www.facebook.com\/profile.php?id=100062419705358\" \/>\n<meta property=\"article:modified_time\" content=\"2026-03-26T10:59:58+00:00\" \/>\n<meta property=\"og:image\" content=\"https:\/\/recambiosecogas.com\/wp-content\/uploads\/2025\/02\/GOK-sistema-regulador-50-mbar-EN61-1-kg-h-RVS-8-mm-x-UV-SKU-x-RVS-8-mm-png.webp\" \/>\n\t<meta property=\"og:image:width\" content=\"1000\" \/>\n\t<meta property=\"og:image:height\" content=\"1000\" \/>\n\t<meta property=\"og:image:type\" content=\"image\/png\" \/>\n<meta name=\"twitter:card\" content=\"summary_large_image\" \/>\n<meta name=\"twitter:label1\" content=\"Prezzo\" \/>\n\t<meta name=\"twitter:data1\" content=\"286,02&nbsp;&euro; (IVA incl.: 346,08&nbsp;&euro;)\" \/>\n\t<meta name=\"twitter:label2\" content=\"Disponibilit\u00e0\" \/>\n\t<meta name=\"twitter:data2\" content=\"Su ordinazione\" \/>\n<script type=\"application\/ld+json\" class=\"yoast-schema-graph\">{\"@context\":\"https:\\\/\\\/schema.org\",\"@graph\":[{\"@type\":\"WebPage\",\"@id\":\"https:\\\/\\\/recambiosecogas.com\\\/it\\\/producto\\\/gok-sistema-regulador-50-mbar-en61-1-kg-h-rvs-8-mm-x-uv-sku-x-rvs-8-mm\\\/\",\"url\":\"https:\\\/\\\/recambiosecogas.com\\\/it\\\/producto\\\/gok-sistema-regulador-50-mbar-en61-1-kg-h-rvs-8-mm-x-uv-sku-x-rvs-8-mm\\\/\",\"name\":\"GOK sistema regulador 50 mbar EN61- 1 kg\\\/h RVS 8 mm x UV\\\/SKU x RVS 8 mm | Recambios EcoGas | Sistemas GLP y GNC\",\"isPartOf\":{\"@id\":\"https:\\\/\\\/recambiosecogas.com\\\/it\\\/#website\"},\"primaryImageOfPage\":{\"@id\":\"https:\\\/\\\/recambiosecogas.com\\\/it\\\/producto\\\/gok-sistema-regulador-50-mbar-en61-1-kg-h-rvs-8-mm-x-uv-sku-x-rvs-8-mm\\\/#primaryimage\"},\"image\":{\"@id\":\"https:\\\/\\\/recambiosecogas.com\\\/it\\\/producto\\\/gok-sistema-regulador-50-mbar-en61-1-kg-h-rvs-8-mm-x-uv-sku-x-rvs-8-mm\\\/#primaryimage\"},\"thumbnailUrl\":\"https:\\\/\\\/recambiosecogas.com\\\/wp-content\\\/uploads\\\/2025\\\/02\\\/GOK-sistema-regulador-50-mbar-EN61-1-kg-h-RVS-8-mm-x-UV-SKU-x-RVS-8-mm-png.webp\",\"datePublished\":\"2025-02-24T10:25:26+00:00\",\"dateModified\":\"2026-03-26T10:59:58+00:00\",\"breadcrumb\":{\"@id\":\"https:\\\/\\\/recambiosecogas.com\\\/it\\\/producto\\\/gok-sistema-regulador-50-mbar-en61-1-kg-h-rvs-8-mm-x-uv-sku-x-rvs-8-mm\\\/#breadcrumb\"},\"inLanguage\":\"it-IT\",\"potentialAction\":[{\"@type\":\"ReadAction\",\"target\":[\"https:\\\/\\\/recambiosecogas.com\\\/it\\\/producto\\\/gok-sistema-regulador-50-mbar-en61-1-kg-h-rvs-8-mm-x-uv-sku-x-rvs-8-mm\\\/\"]}]},{\"@type\":\"ImageObject\",\"inLanguage\":\"it-IT\",\"@id\":\"https:\\\/\\\/recambiosecogas.com\\\/it\\\/producto\\\/gok-sistema-regulador-50-mbar-en61-1-kg-h-rvs-8-mm-x-uv-sku-x-rvs-8-mm\\\/#primaryimage\",\"url\":\"https:\\\/\\\/recambiosecogas.com\\\/wp-content\\\/uploads\\\/2025\\\/02\\\/GOK-sistema-regulador-50-mbar-EN61-1-kg-h-RVS-8-mm-x-UV-SKU-x-RVS-8-mm-png.webp\",\"contentUrl\":\"https:\\\/\\\/recambiosecogas.com\\\/wp-content\\\/uploads\\\/2025\\\/02\\\/GOK-sistema-regulador-50-mbar-EN61-1-kg-h-RVS-8-mm-x-UV-SKU-x-RVS-8-mm-png.webp\",\"width\":1000,\"height\":1000},{\"@type\":\"BreadcrumbList\",\"@id\":\"https:\\\/\\\/recambiosecogas.com\\\/it\\\/producto\\\/gok-sistema-regulador-50-mbar-en61-1-kg-h-rvs-8-mm-x-uv-sku-x-rvs-8-mm\\\/#breadcrumb\",\"itemListElement\":[{\"@type\":\"ListItem\",\"position\":1,\"name\":\"Portada\",\"item\":\"https:\\\/\\\/recambiosecogas.com\\\/it\\\/\"},{\"@type\":\"ListItem\",\"position\":2,\"name\":\"Negozio\",\"item\":\"https:\\\/\\\/recambiosecogas.com\\\/it\\\/?page_id=46382\"},{\"@type\":\"ListItem\",\"position\":3,\"name\":\"GOK sistema regulador 50 mbar EN61- 1 kg\\\/h RVS 8 mm x UV\\\/SKU x RVS 8 mm\"}]},{\"@type\":\"WebSite\",\"@id\":\"https:\\\/\\\/recambiosecogas.com\\\/it\\\/#website\",\"url\":\"https:\\\/\\\/recambiosecogas.com\\\/it\\\/\",\"name\":\"Recambios EcoGas\",\"description\":\"Recambios Multimarca para sistemas de GLP\\\/GNC\\\/GNL\\\/Hidr\u00f3geno\",\"publisher\":{\"@id\":\"https:\\\/\\\/recambiosecogas.com\\\/it\\\/#organization\"},\"alternateName\":\"Recambios Autogas GLP\",\"potentialAction\":[{\"@type\":\"SearchAction\",\"target\":{\"@type\":\"EntryPoint\",\"urlTemplate\":\"https:\\\/\\\/recambiosecogas.com\\\/it\\\/?s={search_term_string}\"},\"query-input\":{\"@type\":\"PropertyValueSpecification\",\"valueRequired\":true,\"valueName\":\"search_term_string\"}}],\"inLanguage\":\"it-IT\"},{\"@type\":[\"Organization\",\"Place\"],\"@id\":\"https:\\\/\\\/recambiosecogas.com\\\/it\\\/#organization\",\"name\":\"Recambios EcoGas\",\"alternateName\":\"Tienda Online GLP Espa\u00f1a\",\"url\":\"https:\\\/\\\/recambiosecogas.com\\\/it\\\/\",\"logo\":{\"@id\":\"https:\\\/\\\/recambiosecogas.com\\\/it\\\/producto\\\/gok-sistema-regulador-50-mbar-en61-1-kg-h-rvs-8-mm-x-uv-sku-x-rvs-8-mm\\\/#local-main-organization-logo\"},\"image\":{\"@id\":\"https:\\\/\\\/recambiosecogas.com\\\/it\\\/producto\\\/gok-sistema-regulador-50-mbar-en61-1-kg-h-rvs-8-mm-x-uv-sku-x-rvs-8-mm\\\/#local-main-organization-logo\"},\"sameAs\":[\"https:\\\/\\\/www.facebook.com\\\/profile.php?id=100062419705358\",\"https:\\\/\\\/www.instagram.com\\\/segimon_automocio\"],\"description\":\"Recambios EcoGas \u2013 Venta y distribuci\u00f3n de sistemas GLP y GNC en Espa\u00f1a y Portugal. Env\u00edos 24 h, soporte t\u00e9cnico a talleres y distribuidores.\",\"hasMerchantReturnPolicy\":{\"@type\":\"MerchantReturnPolicy\",\"merchantReturnLink\":\"https:\\\/\\\/recambiosecogas.com\\\/politicas-privacidad\\\/\"},\"address\":{\"@id\":\"https:\\\/\\\/recambiosecogas.com\\\/it\\\/producto\\\/gok-sistema-regulador-50-mbar-en61-1-kg-h-rvs-8-mm-x-uv-sku-x-rvs-8-mm\\\/#local-main-place-address\"},\"telephone\":[\"616250633\"],\"contactPoint\":{\"@type\":\"ContactPoint\",\"email\":\"export@recambiosecogas.com\"},\"openingHoursSpecification\":[{\"@type\":\"OpeningHoursSpecification\",\"dayOfWeek\":[\"Monday\",\"Tuesday\",\"Wednesday\",\"Thursday\",\"Friday\",\"Saturday\",\"Sunday\"],\"opens\":\"09:00\",\"closes\":\"17:00\"}],\"email\":\"info@recambiosecogas.com\",\"faxNumber\":\"SEGIMON AUTOMOCION SL\",\"vatID\":\"ESB19819861\",\"globalLocationNumber\":\"938 616 339\"},{\"@type\":\"PostalAddress\",\"@id\":\"https:\\\/\\\/recambiosecogas.com\\\/it\\\/producto\\\/gok-sistema-regulador-50-mbar-en61-1-kg-h-rvs-8-mm-x-uv-sku-x-rvs-8-mm\\\/#local-main-place-address\",\"streetAddress\":\"cami antic de vic, 29 (Nave 3), Pol\u00edgono Industrial Congost\",\"addressLocality\":\"CORRO D`AVALL\",\"postalCode\":\"08520\",\"addressRegion\":\"Barcelona\",\"addressCountry\":\"ES\"},{\"@type\":\"ImageObject\",\"inLanguage\":\"it-IT\",\"@id\":\"https:\\\/\\\/recambiosecogas.com\\\/it\\\/producto\\\/gok-sistema-regulador-50-mbar-en61-1-kg-h-rvs-8-mm-x-uv-sku-x-rvs-8-mm\\\/#local-main-organization-logo\",\"url\":\"https:\\\/\\\/recambiosecogas.com\\\/wp-content\\\/uploads\\\/2024\\\/11\\\/cropped-RECAMBIOS-GLP-png.webp\",\"contentUrl\":\"https:\\\/\\\/recambiosecogas.com\\\/wp-content\\\/uploads\\\/2024\\\/11\\\/cropped-RECAMBIOS-GLP-png.webp\",\"width\":512,\"height\":512,\"caption\":\"Recambios EcoGas\"}]}<\/script>\n<meta property=\"product:price:amount\" content=\"286.02\" \/>\n<meta property=\"product:price:currency\" content=\"EUR\" \/>\n<meta property=\"og:availability\" content=\"backorder\" \/>\n<meta property=\"product:availability\" content=\"available for order\" \/>\n<meta property=\"product:retailer_item_id\" content=\"108183A\" \/>\n<meta property=\"product:condition\" content=\"new\" \/>\n<meta name=\"geo.placename\" content=\"CORRO D`AVALL\" \/>\n<meta name=\"geo.region\" content=\"Spagna\" \/>\n<!-- \/ Yoast SEO Premium plugin. -->","yoast_head_json":{"title":"GOK sistema regulador 50 mbar EN61- 1 kg\/h RVS 8 mm x UV\/SKU x RVS 8 mm | Recambios EcoGas | Sistemas GLP y GNC","robots":{"index":"index","follow":"follow","max-snippet":"max-snippet:-1","max-image-preview":"max-image-preview:large","max-video-preview":"max-video-preview:-1"},"canonical":"https:\/\/recambiosecogas.com\/it\/producto\/gok-sistema-regulador-50-mbar-en61-1-kg-h-rvs-8-mm-x-uv-sku-x-rvs-8-mm\/","og_locale":"it_IT","og_type":"article","og_title":"GOK sistema regulador 50 mbar EN61- 1 kg\/h RVS 8 mm x UV\/SKU x RVS 8 mm","og_description":"GOK","og_url":"https:\/\/recambiosecogas.com\/it\/producto\/gok-sistema-regulador-50-mbar-en61-1-kg-h-rvs-8-mm-x-uv-sku-x-rvs-8-mm\/","og_site_name":"Recambios EcoGas","article_publisher":"https:\/\/www.facebook.com\/profile.php?id=100062419705358","article_modified_time":"2026-03-26T10:59:58+00:00","og_image":[{"width":1000,"height":1000,"url":"https:\/\/recambiosecogas.com\/wp-content\/uploads\/2025\/02\/GOK-sistema-regulador-50-mbar-EN61-1-kg-h-RVS-8-mm-x-UV-SKU-x-RVS-8-mm-png.webp","type":"image\/png"}],"twitter_card":"summary_large_image","twitter_misc":{"Prezzo":"286,02&nbsp;&euro; (IVA incl.: 346,08&nbsp;&euro;)","Disponibilit\u00e0":"Su ordinazione"},"schema":{"@context":"https:\/\/schema.org","@graph":[{"@type":"WebPage","@id":"https:\/\/recambiosecogas.com\/it\/producto\/gok-sistema-regulador-50-mbar-en61-1-kg-h-rvs-8-mm-x-uv-sku-x-rvs-8-mm\/","url":"https:\/\/recambiosecogas.com\/it\/producto\/gok-sistema-regulador-50-mbar-en61-1-kg-h-rvs-8-mm-x-uv-sku-x-rvs-8-mm\/","name":"GOK sistema regulador 50 mbar EN61- 1 kg\/h RVS 8 mm x UV\/SKU x RVS 8 mm | Recambios EcoGas | Sistemas GLP y GNC","isPartOf":{"@id":"https:\/\/recambiosecogas.com\/it\/#website"},"primaryImageOfPage":{"@id":"https:\/\/recambiosecogas.com\/it\/producto\/gok-sistema-regulador-50-mbar-en61-1-kg-h-rvs-8-mm-x-uv-sku-x-rvs-8-mm\/#primaryimage"},"image":{"@id":"https:\/\/recambiosecogas.com\/it\/producto\/gok-sistema-regulador-50-mbar-en61-1-kg-h-rvs-8-mm-x-uv-sku-x-rvs-8-mm\/#primaryimage"},"thumbnailUrl":"https:\/\/recambiosecogas.com\/wp-content\/uploads\/2025\/02\/GOK-sistema-regulador-50-mbar-EN61-1-kg-h-RVS-8-mm-x-UV-SKU-x-RVS-8-mm-png.webp","datePublished":"2025-02-24T10:25:26+00:00","dateModified":"2026-03-26T10:59:58+00:00","breadcrumb":{"@id":"https:\/\/recambiosecogas.com\/it\/producto\/gok-sistema-regulador-50-mbar-en61-1-kg-h-rvs-8-mm-x-uv-sku-x-rvs-8-mm\/#breadcrumb"},"inLanguage":"it-IT","potentialAction":[{"@type":"ReadAction","target":["https:\/\/recambiosecogas.com\/it\/producto\/gok-sistema-regulador-50-mbar-en61-1-kg-h-rvs-8-mm-x-uv-sku-x-rvs-8-mm\/"]}]},{"@type":"ImageObject","inLanguage":"it-IT","@id":"https:\/\/recambiosecogas.com\/it\/producto\/gok-sistema-regulador-50-mbar-en61-1-kg-h-rvs-8-mm-x-uv-sku-x-rvs-8-mm\/#primaryimage","url":"https:\/\/recambiosecogas.com\/wp-content\/uploads\/2025\/02\/GOK-sistema-regulador-50-mbar-EN61-1-kg-h-RVS-8-mm-x-UV-SKU-x-RVS-8-mm-png.webp","contentUrl":"https:\/\/recambiosecogas.com\/wp-content\/uploads\/2025\/02\/GOK-sistema-regulador-50-mbar-EN61-1-kg-h-RVS-8-mm-x-UV-SKU-x-RVS-8-mm-png.webp","width":1000,"height":1000},{"@type":"BreadcrumbList","@id":"https:\/\/recambiosecogas.com\/it\/producto\/gok-sistema-regulador-50-mbar-en61-1-kg-h-rvs-8-mm-x-uv-sku-x-rvs-8-mm\/#breadcrumb","itemListElement":[{"@type":"ListItem","position":1,"name":"Portada","item":"https:\/\/recambiosecogas.com\/it\/"},{"@type":"ListItem","position":2,"name":"Negozio","item":"https:\/\/recambiosecogas.com\/it\/?page_id=46382"},{"@type":"ListItem","position":3,"name":"GOK sistema regulador 50 mbar EN61- 1 kg\/h RVS 8 mm x UV\/SKU x RVS 8 mm"}]},{"@type":"WebSite","@id":"https:\/\/recambiosecogas.com\/it\/#website","url":"https:\/\/recambiosecogas.com\/it\/","name":"Recambios EcoGas","description":"Recambios Multimarca para sistemas de GLP\/GNC\/GNL\/Hidr\u00f3geno","publisher":{"@id":"https:\/\/recambiosecogas.com\/it\/#organization"},"alternateName":"Recambios Autogas GLP","potentialAction":[{"@type":"SearchAction","target":{"@type":"EntryPoint","urlTemplate":"https:\/\/recambiosecogas.com\/it\/?s={search_term_string}"},"query-input":{"@type":"PropertyValueSpecification","valueRequired":true,"valueName":"search_term_string"}}],"inLanguage":"it-IT"},{"@type":["Organization","Place"],"@id":"https:\/\/recambiosecogas.com\/it\/#organization","name":"Recambios EcoGas","alternateName":"Tienda Online GLP Espa\u00f1a","url":"https:\/\/recambiosecogas.com\/it\/","logo":{"@id":"https:\/\/recambiosecogas.com\/it\/producto\/gok-sistema-regulador-50-mbar-en61-1-kg-h-rvs-8-mm-x-uv-sku-x-rvs-8-mm\/#local-main-organization-logo"},"image":{"@id":"https:\/\/recambiosecogas.com\/it\/producto\/gok-sistema-regulador-50-mbar-en61-1-kg-h-rvs-8-mm-x-uv-sku-x-rvs-8-mm\/#local-main-organization-logo"},"sameAs":["https:\/\/www.facebook.com\/profile.php?id=100062419705358","https:\/\/www.instagram.com\/segimon_automocio"],"description":"Recambios EcoGas \u2013 Venta y distribuci\u00f3n de sistemas GLP y GNC en Espa\u00f1a y Portugal. Env\u00edos 24 h, soporte t\u00e9cnico a talleres y distribuidores.","hasMerchantReturnPolicy":{"@type":"MerchantReturnPolicy","merchantReturnLink":"https:\/\/recambiosecogas.com\/politicas-privacidad\/"},"address":{"@id":"https:\/\/recambiosecogas.com\/it\/producto\/gok-sistema-regulador-50-mbar-en61-1-kg-h-rvs-8-mm-x-uv-sku-x-rvs-8-mm\/#local-main-place-address"},"telephone":["616250633"],"contactPoint":{"@type":"ContactPoint","email":"export@recambiosecogas.com"},"openingHoursSpecification":[{"@type":"OpeningHoursSpecification","dayOfWeek":["Monday","Tuesday","Wednesday","Thursday","Friday","Saturday","Sunday"],"opens":"09:00","closes":"17:00"}],"email":"info@recambiosecogas.com","faxNumber":"SEGIMON AUTOMOCION SL","vatID":"ESB19819861","globalLocationNumber":"938 616 339"},{"@type":"PostalAddress","@id":"https:\/\/recambiosecogas.com\/it\/producto\/gok-sistema-regulador-50-mbar-en61-1-kg-h-rvs-8-mm-x-uv-sku-x-rvs-8-mm\/#local-main-place-address","streetAddress":"cami antic de vic, 29 (Nave 3), Pol\u00edgono Industrial Congost","addressLocality":"CORRO D`AVALL","postalCode":"08520","addressRegion":"Barcelona","addressCountry":"ES"},{"@type":"ImageObject","inLanguage":"it-IT","@id":"https:\/\/recambiosecogas.com\/it\/producto\/gok-sistema-regulador-50-mbar-en61-1-kg-h-rvs-8-mm-x-uv-sku-x-rvs-8-mm\/#local-main-organization-logo","url":"https:\/\/recambiosecogas.com\/wp-content\/uploads\/2024\/11\/cropped-RECAMBIOS-GLP-png.webp","contentUrl":"https:\/\/recambiosecogas.com\/wp-content\/uploads\/2024\/11\/cropped-RECAMBIOS-GLP-png.webp","width":512,"height":512,"caption":"Recambios EcoGas"}]},"product_price_amount":"286.02","product_price_currency":"EUR","og_availability":"backorder","product_availability":"available for order","product_retailer_item_id":"108183A","product_condition":"new","geo.placename":"CORRO D`AVALL","geo.region":"Spagna"},"uagb_featured_image_src":{"full":["https:\/\/recambiosecogas.com\/wp-content\/uploads\/2025\/02\/GOK-sistema-regulador-50-mbar-EN61-1-kg-h-RVS-8-mm-x-UV-SKU-x-RVS-8-mm-png.webp",1000,1000,false],"thumbnail":["https:\/\/recambiosecogas.com\/wp-content\/uploads\/2025\/02\/GOK-sistema-regulador-50-mbar-EN61-1-kg-h-RVS-8-mm-x-UV-SKU-x-RVS-8-mm-150x150.webp",150,150,true],"medium":["https:\/\/recambiosecogas.com\/wp-content\/uploads\/2025\/02\/GOK-sistema-regulador-50-mbar-EN61-1-kg-h-RVS-8-mm-x-UV-SKU-x-RVS-8-mm-300x300.webp",300,300,true],"medium_large":["https:\/\/recambiosecogas.com\/wp-content\/uploads\/2025\/02\/GOK-sistema-regulador-50-mbar-EN61-1-kg-h-RVS-8-mm-x-UV-SKU-x-RVS-8-mm-768x768.webp",768,768,true],"large":["https:\/\/recambiosecogas.com\/wp-content\/uploads\/2025\/02\/GOK-sistema-regulador-50-mbar-EN61-1-kg-h-RVS-8-mm-x-UV-SKU-x-RVS-8-mm-png.webp",1000,1000,false],"1536x1536":["https:\/\/recambiosecogas.com\/wp-content\/uploads\/2025\/02\/GOK-sistema-regulador-50-mbar-EN61-1-kg-h-RVS-8-mm-x-UV-SKU-x-RVS-8-mm-png.webp",1000,1000,false],"2048x2048":["https:\/\/recambiosecogas.com\/wp-content\/uploads\/2025\/02\/GOK-sistema-regulador-50-mbar-EN61-1-kg-h-RVS-8-mm-x-UV-SKU-x-RVS-8-mm-png.webp",1000,1000,false],"woocommerce_archive_thumbnail":["https:\/\/recambiosecogas.com\/wp-content\/uploads\/2025\/02\/GOK-sistema-regulador-50-mbar-EN61-1-kg-h-RVS-8-mm-x-UV-SKU-x-RVS-8-mm-png.webp",1000,1000,false],"woocommerce_thumbnail":["https:\/\/recambiosecogas.com\/wp-content\/uploads\/2025\/02\/GOK-sistema-regulador-50-mbar-EN61-1-kg-h-RVS-8-mm-x-UV-SKU-x-RVS-8-mm-300x300.webp",300,300,true],"woocommerce_single":["https:\/\/recambiosecogas.com\/wp-content\/uploads\/2025\/02\/GOK-sistema-regulador-50-mbar-EN61-1-kg-h-RVS-8-mm-x-UV-SKU-x-RVS-8-mm-png.webp",1000,1000,false],"woocommerce_gallery_thumbnail":["https:\/\/recambiosecogas.com\/wp-content\/uploads\/2025\/02\/GOK-sistema-regulador-50-mbar-EN61-1-kg-h-RVS-8-mm-x-UV-SKU-x-RVS-8-mm-png.webp",1000,1000,false],"dgwt-wcas-product-suggestion":["https:\/\/recambiosecogas.com\/wp-content\/uploads\/2025\/02\/GOK-sistema-regulador-50-mbar-EN61-1-kg-h-RVS-8-mm-x-UV-SKU-x-RVS-8-mm-64x64.webp",64,64,true]},"uagb_author_info":{"display_name":"Fran - Soporte T\u00e9cnico","author_link":"https:\/\/recambiosecogas.com\/it\/author\/"},"uagb_comment_info":0,"uagb_excerpt":"GOK","_links":{"self":[{"href":"https:\/\/recambiosecogas.com\/it\/wp-json\/wp\/v2\/product\/46130","targetHints":{"allow":["GET"]}}],"collection":[{"href":"https:\/\/recambiosecogas.com\/it\/wp-json\/wp\/v2\/product"}],"about":[{"href":"https:\/\/recambiosecogas.com\/it\/wp-json\/wp\/v2\/types\/product"}],"replies":[{"embeddable":true,"href":"https:\/\/recambiosecogas.com\/it\/wp-json\/wp\/v2\/comments?post=46130"}],"wp:featuredmedia":[{"embeddable":true,"href":"https:\/\/recambiosecogas.com\/it\/wp-json\/wp\/v2\/media\/46132"}],"wp:attachment":[{"href":"https:\/\/recambiosecogas.com\/it\/wp-json\/wp\/v2\/media?parent=46130"}],"wp:term":[{"taxonomy":"product_brand","embeddable":true,"href":"https:\/\/recambiosecogas.com\/it\/wp-json\/wp\/v2\/product_brand?post=46130"},{"taxonomy":"product_cat","embeddable":true,"href":"https:\/\/recambiosecogas.com\/it\/wp-json\/wp\/v2\/product_cat?post=46130"},{"taxonomy":"product_tag","embeddable":true,"href":"https:\/\/recambiosecogas.com\/it\/wp-json\/wp\/v2\/product_tag?post=46130"}],"curies":[{"name":"wp","href":"https:\/\/api.w.org\/{rel}","templated":true}]}}