{"id":46083,"date":"2025-01-21T10:42:02","date_gmt":"2025-01-21T09:42:02","guid":{"rendered":"https:\/\/recambiosecogas.com\/producto\/calentador-de-agua-autoterm-flow-5d-calentador-de-liquido-12v-5kw-diesel-con-panel-de-control-pu-27\/"},"modified":"2026-03-26T12:04:27","modified_gmt":"2026-03-26T11:04:27","slug":"calentador-de-agua-autoterm-flow-5d-calentador-de-liquido-12v-5kw-diesel-con-panel-de-control-pu-27","status":"publish","type":"product","link":"https:\/\/recambiosecogas.com\/it\/producto\/calentador-de-agua-autoterm-flow-5d-calentador-de-liquido-12v-5kw-diesel-con-panel-de-control-pu-27\/","title":{"rendered":"Calentador de agua Autoterm Flow 5D, calentador de l\u00edquido (12V) 5KW, diesel, con panel de control PU-27"},"content":{"rendered":"<p><strong>Calentador de l\u00edquido di\u00e9sel\/calentador de agua para\u00a0coches, furgonetas, autocaravanas, barcos\/yates<\/strong><\/p>\n<p>AUTOTERM Flow 5D\/5B es un calentador de l\u00edquido muy vers\u00e1til tambi\u00e9n conocido como calentador de agua que funciona independientemente del motor. Anteriormente conocido como BINAR 5S.<\/p>\n<p>Este calentador compacto tiene una salida de calor de 5-kW y est\u00e1\u00a0<strong>dise\u00f1ado para precalentar<\/strong>\u00a0el motor y el compartimento de un veh\u00edculo, eliminando as\u00ed el arranque en fr\u00edo del motor, y alargando su vida \u00fatil, a la vez que trabaja al un\u00edsono con el ventilador del sal\u00f3n del coche para suministrar aire caliente y confortable al compartimento de los pasajeros en la estaci\u00f3n fr\u00eda. Los modelos de coche m\u00e1s nuevos pueden requerir un bloque EPCU de terceros para calentar el habit\u00e1culo. Como el calefactor est\u00e1 vinculado al sistema de refrigeraci\u00f3n del veh\u00edculo, no hay necesidad de conductos de aire adicionales para proporcionar aire caliente al habit\u00e1culo.<\/p>\n<p>Este producto<strong>\u00a0se ofrece para 2 tipos de sistemas de combustible:<\/strong>\u00a0Gasolina (B)\u2013 12V \/ Diesel (D)\u2013 12V o 24V<\/p>\n<p>En entornos extremadamente fr\u00edos, el precalentador AUTOTERM Flow 5D\/5B<strong>\u00a0funciona tambi\u00e9n como calentador auxiliar<\/strong>, \u00a0ayudando al motor a alcanzar y mantener autom\u00e1ticamente su temperatura \u00f3ptima de trabajo cuando sea necesario durante la conducci\u00f3n.<\/p>\n<p>AUTOTERM Flow 5D\/5B, con sus<strong>\u00a0diversas opciones de instalaci\u00f3n<\/strong>, tambi\u00e9n puede utilizarse como calentador para peque\u00f1os sistemas de radiadores o calderas con una capacidad m\u00e1xima de 30 litros.<\/p>\n<p>Este producto es el m\u00e1s adecuado para aquellos que quieran calentar adicionalmente veh\u00edculos con una capacidad de motor de hasta 4 litros, autocaravanas o barcos con sistemas de calefacci\u00f3n por l\u00edquido.<\/p>\n<p><strong>Combustible:<\/strong>\u00a0Gasolina, gas\u00f3leo<\/p>\n<p><strong>Tensi\u00f3n:<\/strong>\u00a012V, 12V, 24V<\/p>\n<p><strong>Medio de calentamiento Refrigerante, refrigerante anticongelante Volumen \u00f3ptimo de l\u00edquido\/refrigerante:<\/strong>\u00a010 &#8211; 12 L<\/p>\n<p><strong>Caudal de l\u00edquido refrigerante a 0 bar de presi\u00f3n en el sistema:<\/strong>\u00a01200 l\/h<\/p>\n<p><strong>Caudal de l\u00edquido refrigerante a 0. 18 bar de presi\u00f3n en el sistema:<\/strong>\u00a0800 l\/h<\/p>\n<p><strong>Potencia de calentamiento:<\/strong>\u00a05 kW<\/p>\n<p><strong>Consumo de energ\u00eda:<\/strong>\u00a042 W<\/p>\n<p><strong>Consumo de energ\u00eda, en el arranque:<\/strong>\u00a0122 W (12V) \/ 120 W (24V)<\/p>\n<p><strong>M\u00e1x. trabajo (MASL):<\/strong>\u00a01000 m<\/p>\n<p><strong>Consumo de combustible:<\/strong>\u00a00,70 l\/h m\u00e1x. \/ 0,62 l\/h m\u00e1x. 62 l\/h<\/p>\n<p><strong>Di\u00e1metro m\u00e1ximo de entrada\/salida del refrigerante:<\/strong>\u00a0OD &#8211; \u00d8 18 mm<\/p>\n<p><strong>Modo de control:<\/strong>\u00a0Manual, control remoto est\u00e1ndar, m\u00f3dem<\/p>\n<p><strong>Paneles de control compatibles:<\/strong>\u00a0PU-20, PU-27, Comfort Control<\/p>\n<p><strong>Peso del calentador:<\/strong>\u00a02. 4 kg<\/p>\n<p><strong>Peso del conjunto:<\/strong>\u00a08 kg<\/p>\n<p><strong>Dimensiones del calentador:<\/strong>\u00a0220x90x136 mm<\/p>\n<p><strong>Dimensiones del paquete:<\/strong>\u00a055x39x15 cm<\/p>\n<p>&nbsp;<\/p>\n<p>El <strong>calentador de agua Autoterm Flow 5D<\/strong> es un dispositivo vers\u00e1til dise\u00f1ado para funcionar independientemente del motor, ofreciendo una potencia de <strong>5 kW<\/strong> y operando a <strong>12V<\/strong>. Este calentador es ideal para veh\u00edculos, autocaravanas y barcos, proporcionando un sistema de calefacci\u00f3n eficiente y confiable.<\/p>\n<p>Este modelo permite precalentar el motor y el compartimento del veh\u00edculo, eliminando el arranque en fr\u00edo y prolongando la vida \u00fatil del motor. Adem\u00e1s, trabaja en conjunto con el ventilador del sal\u00f3n del coche, asegurando un ambiente c\u00e1lido y confortable para los pasajeros durante el invierno. En condiciones de fr\u00edo extremo, el Autoterm Flow 5D tambi\u00e9n act\u00faa como un calentador auxiliar, ayudando al motor a alcanzar y mantener su temperatura \u00f3ptima de funcionamiento.<\/p>\n<p>El calentador es compatible con sistemas de combustible di\u00e9sel y gasolina, y es especialmente adecuado para veh\u00edculos con motores de hasta 4 litros. Su dise\u00f1o compacto permite diversas opciones de instalaci\u00f3n, incluso en peque\u00f1os sistemas de radiadores o calderas con una capacidad m\u00e1xima de 30 litros. Es importante verificar la compatibilidad con el sistema de refrigeraci\u00f3n del veh\u00edculo antes de la instalaci\u00f3n.<\/p>\n<p>Si no se reemplaza un calentador defectuoso, puede haber problemas de calefacci\u00f3n, lo que afectar\u00e1 el rendimiento del motor y la comodidad de los pasajeros. Por lo tanto, se recomienda realizar un mantenimiento regular y revisar el estado del calentador para asegurar su correcto funcionamiento.<\/p>\n<h4>Datos t\u00e9cnicos<\/h4>\n<p><strong>Potencia de calentamiento:<\/strong> 5 kW<br \/><strong>Consumo de energ\u00eda:<\/strong> 42 W<br \/><strong>Consumo de energ\u00eda en el arranque:<\/strong> 122 W (12V) \/ 120 W (24V)<br \/><strong>Caudal de l\u00edquido refrigerante a 0 bar:<\/strong> 1200 l\/h<br \/><strong>Di\u00e1metro de entrada\/salida del refrigerante:<\/strong> \u00d8 18 mm<br \/><strong>Peso del calentador:<\/strong> 2.4 kg<br \/><strong>Dimensiones del calentador:<\/strong> 220x90x136 mm<\/p>\n<h4>S\u00edntomas de fallo<\/h4>\n<ul>\n<li>Falta de calefacci\u00f3n en el habit\u00e1culo<\/li>\n<li>Ruidos anormales durante el funcionamiento<\/li>\n<li>Consumo excesivo de combustible<\/li>\n<li>Fugas de refrigerante<\/li>\n<\/ul>\n<h4>Compatibilidad<\/h4>\n<p>Compatible con veh\u00edculos y autocaravanas que requieren un sistema de calefacci\u00f3n eficiente. Se recomienda verificar la referencia original antes de realizar la compra.<\/p>\n","protected":false},"excerpt":{"rendered":"<p>PLANAR AUTOTERM<\/p>\n","protected":false},"featured_media":46084,"comment_status":"open","ping_status":"closed","template":"","meta":{"googlesitekit_rrm_CAowud7EDA:productID":"","_uag_custom_page_level_css":""},"product_brand":[],"product_cat":[2298],"product_tag":[],"class_list":{"0":"post-46083","1":"product","2":"type-product","3":"status-publish","4":"has-post-thumbnail","6":"product_cat-calentador-de-agua","8":"first","9":"outofstock","10":"taxable","11":"shipping-taxable","12":"purchasable","13":"product-type-simple"},"ct_brands":[],"yoast_head":"<!-- This site is optimized with the Yoast SEO Premium plugin v27.3 (Yoast SEO v27.3) - https:\/\/yoast.com\/product\/yoast-seo-premium-wordpress\/ -->\n<title>Calentador de agua Autoterm Flow 5D, calentador de l\u00edquido (12V) 5KW, diesel, con panel de control PU-27 | Recambios EcoGas | Sistemas GLP y GNC<\/title>\n<meta name=\"robots\" content=\"index, follow, max-snippet:-1, max-image-preview:large, max-video-preview:-1\" \/>\n<link rel=\"canonical\" href=\"https:\/\/recambiosecogas.com\/it\/producto\/calentador-de-agua-autoterm-flow-5d-calentador-de-liquido-12v-5kw-diesel-con-panel-de-control-pu-27\/\" \/>\n<meta property=\"og:locale\" content=\"it_IT\" \/>\n<meta property=\"og:type\" content=\"article\" \/>\n<meta property=\"og:title\" content=\"Calentador de agua Autoterm Flow 5D, calentador de l\u00edquido (12V) 5KW, diesel, con panel de control PU-27\" \/>\n<meta property=\"og:description\" content=\"PLANAR AUTOTERM\" \/>\n<meta property=\"og:url\" content=\"https:\/\/recambiosecogas.com\/it\/producto\/calentador-de-agua-autoterm-flow-5d-calentador-de-liquido-12v-5kw-diesel-con-panel-de-control-pu-27\/\" \/>\n<meta property=\"og:site_name\" content=\"Recambios EcoGas\" \/>\n<meta property=\"article:publisher\" content=\"https:\/\/www.facebook.com\/profile.php?id=100062419705358\" \/>\n<meta property=\"article:modified_time\" content=\"2026-03-26T11:04:27+00:00\" \/>\n<meta property=\"og:image\" content=\"https:\/\/recambiosecogas.com\/wp-content\/uploads\/2025\/01\/Calentador-de-liquidos-AUTOTERM-Flow-14D-png.webp\" \/>\n\t<meta property=\"og:image:width\" content=\"1000\" \/>\n\t<meta property=\"og:image:height\" content=\"1000\" \/>\n\t<meta property=\"og:image:type\" content=\"image\/png\" \/>\n<meta name=\"twitter:card\" content=\"summary_large_image\" \/>\n<meta name=\"twitter:label1\" content=\"Prezzo\" \/>\n\t<meta name=\"twitter:data1\" content=\"840,00&nbsp;&euro; (IVA incl.: 1.016,40&nbsp;&euro;)\" \/>\n\t<meta name=\"twitter:label2\" content=\"Disponibilit\u00e0\" \/>\n\t<meta name=\"twitter:data2\" content=\"Esaurito\" \/>\n<script type=\"application\/ld+json\" class=\"yoast-schema-graph\">{\"@context\":\"https:\\\/\\\/schema.org\",\"@graph\":[{\"@type\":\"WebPage\",\"@id\":\"https:\\\/\\\/recambiosecogas.com\\\/it\\\/producto\\\/calentador-de-agua-autoterm-flow-5d-calentador-de-liquido-12v-5kw-diesel-con-panel-de-control-pu-27\\\/\",\"url\":\"https:\\\/\\\/recambiosecogas.com\\\/it\\\/producto\\\/calentador-de-agua-autoterm-flow-5d-calentador-de-liquido-12v-5kw-diesel-con-panel-de-control-pu-27\\\/\",\"name\":\"Calentador de agua Autoterm Flow 5D, calentador de l\u00edquido (12V) 5KW, diesel, con panel de control PU-27 | Recambios EcoGas | Sistemas GLP y GNC\",\"isPartOf\":{\"@id\":\"https:\\\/\\\/recambiosecogas.com\\\/it\\\/#website\"},\"primaryImageOfPage\":{\"@id\":\"https:\\\/\\\/recambiosecogas.com\\\/it\\\/producto\\\/calentador-de-agua-autoterm-flow-5d-calentador-de-liquido-12v-5kw-diesel-con-panel-de-control-pu-27\\\/#primaryimage\"},\"image\":{\"@id\":\"https:\\\/\\\/recambiosecogas.com\\\/it\\\/producto\\\/calentador-de-agua-autoterm-flow-5d-calentador-de-liquido-12v-5kw-diesel-con-panel-de-control-pu-27\\\/#primaryimage\"},\"thumbnailUrl\":\"https:\\\/\\\/recambiosecogas.com\\\/wp-content\\\/uploads\\\/2025\\\/01\\\/Calentador-de-liquidos-AUTOTERM-Flow-14D-png.webp\",\"datePublished\":\"2025-01-21T09:42:02+00:00\",\"dateModified\":\"2026-03-26T11:04:27+00:00\",\"breadcrumb\":{\"@id\":\"https:\\\/\\\/recambiosecogas.com\\\/it\\\/producto\\\/calentador-de-agua-autoterm-flow-5d-calentador-de-liquido-12v-5kw-diesel-con-panel-de-control-pu-27\\\/#breadcrumb\"},\"inLanguage\":\"it-IT\",\"potentialAction\":[{\"@type\":\"ReadAction\",\"target\":[\"https:\\\/\\\/recambiosecogas.com\\\/it\\\/producto\\\/calentador-de-agua-autoterm-flow-5d-calentador-de-liquido-12v-5kw-diesel-con-panel-de-control-pu-27\\\/\"]}]},{\"@type\":\"ImageObject\",\"inLanguage\":\"it-IT\",\"@id\":\"https:\\\/\\\/recambiosecogas.com\\\/it\\\/producto\\\/calentador-de-agua-autoterm-flow-5d-calentador-de-liquido-12v-5kw-diesel-con-panel-de-control-pu-27\\\/#primaryimage\",\"url\":\"https:\\\/\\\/recambiosecogas.com\\\/wp-content\\\/uploads\\\/2025\\\/01\\\/Calentador-de-liquidos-AUTOTERM-Flow-14D-png.webp\",\"contentUrl\":\"https:\\\/\\\/recambiosecogas.com\\\/wp-content\\\/uploads\\\/2025\\\/01\\\/Calentador-de-liquidos-AUTOTERM-Flow-14D-png.webp\",\"width\":1000,\"height\":1000},{\"@type\":\"BreadcrumbList\",\"@id\":\"https:\\\/\\\/recambiosecogas.com\\\/it\\\/producto\\\/calentador-de-agua-autoterm-flow-5d-calentador-de-liquido-12v-5kw-diesel-con-panel-de-control-pu-27\\\/#breadcrumb\",\"itemListElement\":[{\"@type\":\"ListItem\",\"position\":1,\"name\":\"Portada\",\"item\":\"https:\\\/\\\/recambiosecogas.com\\\/it\\\/\"},{\"@type\":\"ListItem\",\"position\":2,\"name\":\"Negozio\",\"item\":\"https:\\\/\\\/recambiosecogas.com\\\/it\\\/?page_id=46382\"},{\"@type\":\"ListItem\",\"position\":3,\"name\":\"Calentador de agua Autoterm Flow 5D, calentador de l\u00edquido (12V) 5KW, diesel, con panel de control PU-27\"}]},{\"@type\":\"WebSite\",\"@id\":\"https:\\\/\\\/recambiosecogas.com\\\/it\\\/#website\",\"url\":\"https:\\\/\\\/recambiosecogas.com\\\/it\\\/\",\"name\":\"Recambios EcoGas\",\"description\":\"Recambios Multimarca para sistemas de GLP\\\/GNC\\\/GNL\\\/Hidr\u00f3geno\",\"publisher\":{\"@id\":\"https:\\\/\\\/recambiosecogas.com\\\/it\\\/#organization\"},\"alternateName\":\"Recambios Autogas GLP\",\"potentialAction\":[{\"@type\":\"SearchAction\",\"target\":{\"@type\":\"EntryPoint\",\"urlTemplate\":\"https:\\\/\\\/recambiosecogas.com\\\/it\\\/?s={search_term_string}\"},\"query-input\":{\"@type\":\"PropertyValueSpecification\",\"valueRequired\":true,\"valueName\":\"search_term_string\"}}],\"inLanguage\":\"it-IT\"},{\"@type\":[\"Organization\",\"Place\"],\"@id\":\"https:\\\/\\\/recambiosecogas.com\\\/it\\\/#organization\",\"name\":\"Recambios EcoGas\",\"alternateName\":\"Tienda Online GLP Espa\u00f1a\",\"url\":\"https:\\\/\\\/recambiosecogas.com\\\/it\\\/\",\"logo\":{\"@id\":\"https:\\\/\\\/recambiosecogas.com\\\/it\\\/producto\\\/calentador-de-agua-autoterm-flow-5d-calentador-de-liquido-12v-5kw-diesel-con-panel-de-control-pu-27\\\/#local-main-organization-logo\"},\"image\":{\"@id\":\"https:\\\/\\\/recambiosecogas.com\\\/it\\\/producto\\\/calentador-de-agua-autoterm-flow-5d-calentador-de-liquido-12v-5kw-diesel-con-panel-de-control-pu-27\\\/#local-main-organization-logo\"},\"sameAs\":[\"https:\\\/\\\/www.facebook.com\\\/profile.php?id=100062419705358\",\"https:\\\/\\\/www.instagram.com\\\/segimon_automocio\"],\"description\":\"Recambios EcoGas \u2013 Venta y distribuci\u00f3n de sistemas GLP y GNC en Espa\u00f1a y Portugal. Env\u00edos 24 h, soporte t\u00e9cnico a talleres y distribuidores.\",\"hasMerchantReturnPolicy\":{\"@type\":\"MerchantReturnPolicy\",\"merchantReturnLink\":\"https:\\\/\\\/recambiosecogas.com\\\/politicas-privacidad\\\/\"},\"address\":{\"@id\":\"https:\\\/\\\/recambiosecogas.com\\\/it\\\/producto\\\/calentador-de-agua-autoterm-flow-5d-calentador-de-liquido-12v-5kw-diesel-con-panel-de-control-pu-27\\\/#local-main-place-address\"},\"telephone\":[\"616250633\"],\"contactPoint\":{\"@type\":\"ContactPoint\",\"email\":\"export@recambiosecogas.com\"},\"openingHoursSpecification\":[{\"@type\":\"OpeningHoursSpecification\",\"dayOfWeek\":[\"Monday\",\"Tuesday\",\"Wednesday\",\"Thursday\",\"Friday\",\"Saturday\",\"Sunday\"],\"opens\":\"09:00\",\"closes\":\"17:00\"}],\"email\":\"info@recambiosecogas.com\",\"faxNumber\":\"SEGIMON AUTOMOCION SL\",\"vatID\":\"ESB19819861\",\"globalLocationNumber\":\"938 616 339\"},{\"@type\":\"PostalAddress\",\"@id\":\"https:\\\/\\\/recambiosecogas.com\\\/it\\\/producto\\\/calentador-de-agua-autoterm-flow-5d-calentador-de-liquido-12v-5kw-diesel-con-panel-de-control-pu-27\\\/#local-main-place-address\",\"streetAddress\":\"cami antic de vic, 29 (Nave 3), Pol\u00edgono Industrial Congost\",\"addressLocality\":\"CORRO D`AVALL\",\"postalCode\":\"08520\",\"addressRegion\":\"Barcelona\",\"addressCountry\":\"ES\"},{\"@type\":\"ImageObject\",\"inLanguage\":\"it-IT\",\"@id\":\"https:\\\/\\\/recambiosecogas.com\\\/it\\\/producto\\\/calentador-de-agua-autoterm-flow-5d-calentador-de-liquido-12v-5kw-diesel-con-panel-de-control-pu-27\\\/#local-main-organization-logo\",\"url\":\"https:\\\/\\\/recambiosecogas.com\\\/wp-content\\\/uploads\\\/2024\\\/11\\\/cropped-RECAMBIOS-GLP-png.webp\",\"contentUrl\":\"https:\\\/\\\/recambiosecogas.com\\\/wp-content\\\/uploads\\\/2024\\\/11\\\/cropped-RECAMBIOS-GLP-png.webp\",\"width\":512,\"height\":512,\"caption\":\"Recambios EcoGas\"}]}<\/script>\n<meta property=\"product:price:amount\" content=\"840.00\" \/>\n<meta property=\"product:price:currency\" content=\"EUR\" \/>\n<meta property=\"og:availability\" content=\"out of stock\" \/>\n<meta property=\"product:availability\" content=\"out of stock\" \/>\n<meta property=\"product:retailer_item_id\" content=\"109951A\" \/>\n<meta property=\"product:condition\" content=\"new\" \/>\n<meta name=\"geo.placename\" content=\"CORRO D`AVALL\" \/>\n<meta name=\"geo.region\" content=\"Spagna\" \/>\n<!-- \/ Yoast SEO Premium plugin. -->","yoast_head_json":{"title":"Calentador de agua Autoterm Flow 5D, calentador de l\u00edquido (12V) 5KW, diesel, con panel de control PU-27 | Recambios EcoGas | Sistemas GLP y GNC","robots":{"index":"index","follow":"follow","max-snippet":"max-snippet:-1","max-image-preview":"max-image-preview:large","max-video-preview":"max-video-preview:-1"},"canonical":"https:\/\/recambiosecogas.com\/it\/producto\/calentador-de-agua-autoterm-flow-5d-calentador-de-liquido-12v-5kw-diesel-con-panel-de-control-pu-27\/","og_locale":"it_IT","og_type":"article","og_title":"Calentador de agua Autoterm Flow 5D, calentador de l\u00edquido (12V) 5KW, diesel, con panel de control PU-27","og_description":"PLANAR AUTOTERM","og_url":"https:\/\/recambiosecogas.com\/it\/producto\/calentador-de-agua-autoterm-flow-5d-calentador-de-liquido-12v-5kw-diesel-con-panel-de-control-pu-27\/","og_site_name":"Recambios EcoGas","article_publisher":"https:\/\/www.facebook.com\/profile.php?id=100062419705358","article_modified_time":"2026-03-26T11:04:27+00:00","og_image":[{"width":1000,"height":1000,"url":"https:\/\/recambiosecogas.com\/wp-content\/uploads\/2025\/01\/Calentador-de-liquidos-AUTOTERM-Flow-14D-png.webp","type":"image\/png"}],"twitter_card":"summary_large_image","twitter_misc":{"Prezzo":"840,00&nbsp;&euro; (IVA incl.: 1.016,40&nbsp;&euro;)","Disponibilit\u00e0":"Esaurito"},"schema":{"@context":"https:\/\/schema.org","@graph":[{"@type":"WebPage","@id":"https:\/\/recambiosecogas.com\/it\/producto\/calentador-de-agua-autoterm-flow-5d-calentador-de-liquido-12v-5kw-diesel-con-panel-de-control-pu-27\/","url":"https:\/\/recambiosecogas.com\/it\/producto\/calentador-de-agua-autoterm-flow-5d-calentador-de-liquido-12v-5kw-diesel-con-panel-de-control-pu-27\/","name":"Calentador de agua Autoterm Flow 5D, calentador de l\u00edquido (12V) 5KW, diesel, con panel de control PU-27 | Recambios EcoGas | Sistemas GLP y GNC","isPartOf":{"@id":"https:\/\/recambiosecogas.com\/it\/#website"},"primaryImageOfPage":{"@id":"https:\/\/recambiosecogas.com\/it\/producto\/calentador-de-agua-autoterm-flow-5d-calentador-de-liquido-12v-5kw-diesel-con-panel-de-control-pu-27\/#primaryimage"},"image":{"@id":"https:\/\/recambiosecogas.com\/it\/producto\/calentador-de-agua-autoterm-flow-5d-calentador-de-liquido-12v-5kw-diesel-con-panel-de-control-pu-27\/#primaryimage"},"thumbnailUrl":"https:\/\/recambiosecogas.com\/wp-content\/uploads\/2025\/01\/Calentador-de-liquidos-AUTOTERM-Flow-14D-png.webp","datePublished":"2025-01-21T09:42:02+00:00","dateModified":"2026-03-26T11:04:27+00:00","breadcrumb":{"@id":"https:\/\/recambiosecogas.com\/it\/producto\/calentador-de-agua-autoterm-flow-5d-calentador-de-liquido-12v-5kw-diesel-con-panel-de-control-pu-27\/#breadcrumb"},"inLanguage":"it-IT","potentialAction":[{"@type":"ReadAction","target":["https:\/\/recambiosecogas.com\/it\/producto\/calentador-de-agua-autoterm-flow-5d-calentador-de-liquido-12v-5kw-diesel-con-panel-de-control-pu-27\/"]}]},{"@type":"ImageObject","inLanguage":"it-IT","@id":"https:\/\/recambiosecogas.com\/it\/producto\/calentador-de-agua-autoterm-flow-5d-calentador-de-liquido-12v-5kw-diesel-con-panel-de-control-pu-27\/#primaryimage","url":"https:\/\/recambiosecogas.com\/wp-content\/uploads\/2025\/01\/Calentador-de-liquidos-AUTOTERM-Flow-14D-png.webp","contentUrl":"https:\/\/recambiosecogas.com\/wp-content\/uploads\/2025\/01\/Calentador-de-liquidos-AUTOTERM-Flow-14D-png.webp","width":1000,"height":1000},{"@type":"BreadcrumbList","@id":"https:\/\/recambiosecogas.com\/it\/producto\/calentador-de-agua-autoterm-flow-5d-calentador-de-liquido-12v-5kw-diesel-con-panel-de-control-pu-27\/#breadcrumb","itemListElement":[{"@type":"ListItem","position":1,"name":"Portada","item":"https:\/\/recambiosecogas.com\/it\/"},{"@type":"ListItem","position":2,"name":"Negozio","item":"https:\/\/recambiosecogas.com\/it\/?page_id=46382"},{"@type":"ListItem","position":3,"name":"Calentador de agua Autoterm Flow 5D, calentador de l\u00edquido (12V) 5KW, diesel, con panel de control PU-27"}]},{"@type":"WebSite","@id":"https:\/\/recambiosecogas.com\/it\/#website","url":"https:\/\/recambiosecogas.com\/it\/","name":"Recambios EcoGas","description":"Recambios Multimarca para sistemas de GLP\/GNC\/GNL\/Hidr\u00f3geno","publisher":{"@id":"https:\/\/recambiosecogas.com\/it\/#organization"},"alternateName":"Recambios Autogas GLP","potentialAction":[{"@type":"SearchAction","target":{"@type":"EntryPoint","urlTemplate":"https:\/\/recambiosecogas.com\/it\/?s={search_term_string}"},"query-input":{"@type":"PropertyValueSpecification","valueRequired":true,"valueName":"search_term_string"}}],"inLanguage":"it-IT"},{"@type":["Organization","Place"],"@id":"https:\/\/recambiosecogas.com\/it\/#organization","name":"Recambios EcoGas","alternateName":"Tienda Online GLP Espa\u00f1a","url":"https:\/\/recambiosecogas.com\/it\/","logo":{"@id":"https:\/\/recambiosecogas.com\/it\/producto\/calentador-de-agua-autoterm-flow-5d-calentador-de-liquido-12v-5kw-diesel-con-panel-de-control-pu-27\/#local-main-organization-logo"},"image":{"@id":"https:\/\/recambiosecogas.com\/it\/producto\/calentador-de-agua-autoterm-flow-5d-calentador-de-liquido-12v-5kw-diesel-con-panel-de-control-pu-27\/#local-main-organization-logo"},"sameAs":["https:\/\/www.facebook.com\/profile.php?id=100062419705358","https:\/\/www.instagram.com\/segimon_automocio"],"description":"Recambios EcoGas \u2013 Venta y distribuci\u00f3n de sistemas GLP y GNC en Espa\u00f1a y Portugal. Env\u00edos 24 h, soporte t\u00e9cnico a talleres y distribuidores.","hasMerchantReturnPolicy":{"@type":"MerchantReturnPolicy","merchantReturnLink":"https:\/\/recambiosecogas.com\/politicas-privacidad\/"},"address":{"@id":"https:\/\/recambiosecogas.com\/it\/producto\/calentador-de-agua-autoterm-flow-5d-calentador-de-liquido-12v-5kw-diesel-con-panel-de-control-pu-27\/#local-main-place-address"},"telephone":["616250633"],"contactPoint":{"@type":"ContactPoint","email":"export@recambiosecogas.com"},"openingHoursSpecification":[{"@type":"OpeningHoursSpecification","dayOfWeek":["Monday","Tuesday","Wednesday","Thursday","Friday","Saturday","Sunday"],"opens":"09:00","closes":"17:00"}],"email":"info@recambiosecogas.com","faxNumber":"SEGIMON AUTOMOCION SL","vatID":"ESB19819861","globalLocationNumber":"938 616 339"},{"@type":"PostalAddress","@id":"https:\/\/recambiosecogas.com\/it\/producto\/calentador-de-agua-autoterm-flow-5d-calentador-de-liquido-12v-5kw-diesel-con-panel-de-control-pu-27\/#local-main-place-address","streetAddress":"cami antic de vic, 29 (Nave 3), Pol\u00edgono Industrial Congost","addressLocality":"CORRO D`AVALL","postalCode":"08520","addressRegion":"Barcelona","addressCountry":"ES"},{"@type":"ImageObject","inLanguage":"it-IT","@id":"https:\/\/recambiosecogas.com\/it\/producto\/calentador-de-agua-autoterm-flow-5d-calentador-de-liquido-12v-5kw-diesel-con-panel-de-control-pu-27\/#local-main-organization-logo","url":"https:\/\/recambiosecogas.com\/wp-content\/uploads\/2024\/11\/cropped-RECAMBIOS-GLP-png.webp","contentUrl":"https:\/\/recambiosecogas.com\/wp-content\/uploads\/2024\/11\/cropped-RECAMBIOS-GLP-png.webp","width":512,"height":512,"caption":"Recambios EcoGas"}]},"product_price_amount":"840.00","product_price_currency":"EUR","og_availability":"out of stock","product_availability":"out of stock","product_retailer_item_id":"109951A","product_condition":"new","geo.placename":"CORRO D`AVALL","geo.region":"Spagna"},"uagb_featured_image_src":{"full":["https:\/\/recambiosecogas.com\/wp-content\/uploads\/2025\/01\/Calentador-de-liquidos-AUTOTERM-Flow-14D-png.webp",1000,1000,false],"thumbnail":["https:\/\/recambiosecogas.com\/wp-content\/uploads\/2025\/01\/Calentador-de-liquidos-AUTOTERM-Flow-14D-150x150.webp",150,150,true],"medium":["https:\/\/recambiosecogas.com\/wp-content\/uploads\/2025\/01\/Calentador-de-liquidos-AUTOTERM-Flow-14D-300x300.webp",300,300,true],"medium_large":["https:\/\/recambiosecogas.com\/wp-content\/uploads\/2025\/01\/Calentador-de-liquidos-AUTOTERM-Flow-14D-768x768.webp",768,768,true],"large":["https:\/\/recambiosecogas.com\/wp-content\/uploads\/2025\/01\/Calentador-de-liquidos-AUTOTERM-Flow-14D-png.webp",1000,1000,false],"1536x1536":["https:\/\/recambiosecogas.com\/wp-content\/uploads\/2025\/01\/Calentador-de-liquidos-AUTOTERM-Flow-14D-png.webp",1000,1000,false],"2048x2048":["https:\/\/recambiosecogas.com\/wp-content\/uploads\/2025\/01\/Calentador-de-liquidos-AUTOTERM-Flow-14D-png.webp",1000,1000,false],"woocommerce_archive_thumbnail":["https:\/\/recambiosecogas.com\/wp-content\/uploads\/2025\/01\/Calentador-de-liquidos-AUTOTERM-Flow-14D-png.webp",1000,1000,false],"woocommerce_thumbnail":["https:\/\/recambiosecogas.com\/wp-content\/uploads\/2025\/01\/Calentador-de-liquidos-AUTOTERM-Flow-14D-300x300.webp",300,300,true],"woocommerce_single":["https:\/\/recambiosecogas.com\/wp-content\/uploads\/2025\/01\/Calentador-de-liquidos-AUTOTERM-Flow-14D-png.webp",1000,1000,false],"woocommerce_gallery_thumbnail":["https:\/\/recambiosecogas.com\/wp-content\/uploads\/2025\/01\/Calentador-de-liquidos-AUTOTERM-Flow-14D-png.webp",1000,1000,false],"dgwt-wcas-product-suggestion":["https:\/\/recambiosecogas.com\/wp-content\/uploads\/2025\/01\/Calentador-de-liquidos-AUTOTERM-Flow-14D-64x64.webp",64,64,true]},"uagb_author_info":{"display_name":"Fran - Soporte T\u00e9cnico","author_link":"https:\/\/recambiosecogas.com\/it\/author\/"},"uagb_comment_info":0,"uagb_excerpt":"PLANAR AUTOTERM","_links":{"self":[{"href":"https:\/\/recambiosecogas.com\/it\/wp-json\/wp\/v2\/product\/46083","targetHints":{"allow":["GET"]}}],"collection":[{"href":"https:\/\/recambiosecogas.com\/it\/wp-json\/wp\/v2\/product"}],"about":[{"href":"https:\/\/recambiosecogas.com\/it\/wp-json\/wp\/v2\/types\/product"}],"replies":[{"embeddable":true,"href":"https:\/\/recambiosecogas.com\/it\/wp-json\/wp\/v2\/comments?post=46083"}],"wp:featuredmedia":[{"embeddable":true,"href":"https:\/\/recambiosecogas.com\/it\/wp-json\/wp\/v2\/media\/46084"}],"wp:attachment":[{"href":"https:\/\/recambiosecogas.com\/it\/wp-json\/wp\/v2\/media?parent=46083"}],"wp:term":[{"taxonomy":"product_brand","embeddable":true,"href":"https:\/\/recambiosecogas.com\/it\/wp-json\/wp\/v2\/product_brand?post=46083"},{"taxonomy":"product_cat","embeddable":true,"href":"https:\/\/recambiosecogas.com\/it\/wp-json\/wp\/v2\/product_cat?post=46083"},{"taxonomy":"product_tag","embeddable":true,"href":"https:\/\/recambiosecogas.com\/it\/wp-json\/wp\/v2\/product_tag?post=46083"}],"curies":[{"name":"wp","href":"https:\/\/api.w.org\/{rel}","templated":true}]}}