{"id":46075,"date":"2025-01-21T10:42:04","date_gmt":"2025-01-21T09:42:04","guid":{"rendered":"https:\/\/recambiosecogas.com\/producto\/calentador-de-agua-webasto-calentador-diesel-thermo-top-evo-5kw-d-12v-rv-basis\/"},"modified":"2026-03-26T12:04:35","modified_gmt":"2026-03-26T11:04:35","slug":"calentador-de-agua-webasto-calentador-diesel-thermo-top-evo-5kw-d-12v-rv-basis","status":"publish","type":"product","link":"https:\/\/recambiosecogas.com\/it\/producto\/calentador-de-agua-webasto-calentador-diesel-thermo-top-evo-5kw-d-12v-rv-basis\/","title":{"rendered":"Calentador de agua Webasto, calentador diesel Thermo Top Evo 5kW D 12V RV Basis"},"content":{"rendered":"<p>Calentador de agua Webasto Thermo Top Evo, calentador de estacionamiento de agua para autocaravanas, veh\u00edculos de camping<\/p>\n<p>El Thermo Top Evo es una combinaci\u00f3n del popular calentador de estacionamiento Webasto y los requisitos espec\u00edficos de los entusiastas de las autocaravanas. El dispositivo permite\u00a0<strong>calentar sin restricciones<\/strong>\u00a0y ofrece dos funciones, por un lado\u00a0<strong>calentar el interior<\/strong>\u00a0y por otro\u00a0<strong>precalentar el motor<\/strong>.<\/p>\n<p>El Thermo Top Evo\u00a0<strong>precalienta autom\u00e1ticamente la zona del conductor<\/strong>, as\u00ed como el motor. En primer lugar, el circuito de agua del veh\u00edculo se calienta y calienta la zona del conductor. Todo el calor disponible se conduce a trav\u00e9s del salpicadero a la cabina del conductor.<br \/>\nUna vez que la zona del conductor est\u00e1 suficientemente caliente, el termostato se abre y el motor se calienta con el agua caliente. El efecto puede aumentar a\u00fan m\u00e1s si se baja la ventilaci\u00f3n.<\/p>\n<p><strong>Ventajas del Thermo Top Evo:<\/strong><\/p>\n<p><strong>Regulaci\u00f3n continua<\/strong>\u00a0de la potencia calor\u00edfica entre\u00a0<strong>2, 5 y 5 kW<\/strong><\/p>\n<p>El calentador de agua m\u00e1s peque\u00f1o del mercado<\/p>\n<p><strong>M\u00e1s confort<\/strong>\u00a0en la zona delantera del veh\u00edculo al distribuir el calor a trav\u00e9s de las salidas del salpicadero<\/p>\n<p>Compatible con el nuevo elemento de mando MultiControl<\/p>\n<p><strong>Tiempo de calentamiento muy r\u00e1pido<\/strong><\/p>\n<p>Funcionamiento silencioso<\/p>\n<p><strong>Alcance de la entrega:<\/strong><\/p>\n<p>Calentamiento (Thermo Top Evo)<br \/>\nMalla de cables<br \/>\nBomba dosificadora DP2<br \/>\nSilenciador de escape<br \/>\nSilenciador para el aire de combusti\u00f3n<br \/>\nPiezas de instalaci\u00f3n<br \/>\nDocumentaci\u00f3n<br \/>\nBomba de circulaci\u00f3n 4847<br \/>\nMultiControl Thermo Top<\/p>\n<p><strong>Capacidad de calentamiento (kW)<\/strong>\u00a02,5 &#8211; 5,0<\/p>\n<p><strong>Combustible<\/strong><\/p>\n<p><strong>Consumo de combustible (l\/h)<\/strong>\u00a00,31 &#8211; 0,62<\/p>\n<p><strong>Tensi\u00f3n nominal (V)<\/strong>\u00a012<\/p>\n<p><strong>Rango de tensi\u00f3n de funcionamiento (V)<\/strong>\u00a011 &#8211; 16, 5<\/p>\n<p><strong>Consumo nominal de energ\u00eda (W)<\/strong>\u00a012 &#8211; 33<\/p>\n<p><strong>Dimensiones L x W x H (mm)<\/strong>\u00a0218 x 91 x 147<\/p>\n<p><strong>Peso (kg)<\/strong>\u00a02,1<\/p>\n<p>El <strong>Calentador de Agua Webasto Thermo Top Evo 5kW 12V<\/strong> es un dispositivo dise\u00f1ado espec\u00edficamente para <strong>autocaravanas<\/strong> y veh\u00edculos de camping. Este calentador de estacionamiento permite calentar el interior del veh\u00edculo y precalentar el motor, ofreciendo una soluci\u00f3n eficiente para los entusiastas de las autocaravanas.<\/p>\n<p>El Thermo Top Evo funciona mediante un sistema que calienta el circuito de agua del veh\u00edculo, lo que a su vez calienta la zona del conductor. Una vez que la cabina est\u00e1 a una temperatura confortable, el termostato se activa, permitiendo que el agua caliente fluya hacia el motor, asegurando un arranque \u00f3ptimo incluso en condiciones fr\u00edas. Este calentador es conocido por su <strong>regulaci\u00f3n continua<\/strong> de potencia calor\u00edfica, que var\u00eda entre <strong>2,5 y 5 kW<\/strong>, adapt\u00e1ndose a las necesidades del usuario.<\/p>\n<p>Entre las ventajas del Thermo Top Evo se incluyen su tama\u00f1o compacto, lo que lo convierte en el calentador de agua m\u00e1s peque\u00f1o del mercado, y su funcionamiento silencioso, que mejora el confort en la zona delantera del veh\u00edculo. Adem\u00e1s, es compatible con el nuevo elemento de mando MultiControl, lo que facilita su operaci\u00f3n.<\/p>\n<p>Este calentador es ideal para situaciones donde se necesita un calentamiento r\u00e1pido y eficiente. Su instalaci\u00f3n incluye una malla de cables, bomba dosificadora DP2, silenciador de escape, silenciador para el aire de combusti\u00f3n, piezas de instalaci\u00f3n y documentaci\u00f3n necesaria para su correcta utilizaci\u00f3n.<\/p>\n<h4>Datos t\u00e9cnicos<\/h4>\n<p>Capacidad de calentamiento: <strong>2,5 &#8211; 5,0 kW<\/strong>.<br \/>Consumo de combustible: <strong>0,31 &#8211; 0,62 l\/h<\/strong>.<br \/>Tensi\u00f3n nominal: <strong>12 V<\/strong>.<br \/>Rango de tensi\u00f3n de funcionamiento: <strong>11 &#8211; 16,5 V<\/strong>.<br \/>Consumo nominal de energ\u00eda: <strong>12 &#8211; 33 W<\/strong>.<br \/>Dimensiones (L x W x H): <strong>218 x 91 x 147 mm<\/strong>.<br \/>Peso: <strong>2,1 kg<\/strong>.<\/p>\n<p>Este calentador es una excelente opci\u00f3n para quienes buscan un sistema de calefacci\u00f3n eficaz y confiable para sus autocaravanas. Su dise\u00f1o y funcionalidad aseguran un rendimiento \u00f3ptimo, mejorando la experiencia de viaje en condiciones fr\u00edas.<\/p>\n","protected":false},"excerpt":{"rendered":"<p>WEBASTO<\/p>\n","protected":false},"featured_media":45407,"comment_status":"open","ping_status":"closed","template":"","meta":{"googlesitekit_rrm_CAowud7EDA:productID":"","_uag_custom_page_level_css":""},"product_brand":[],"product_cat":[2298],"product_tag":[],"class_list":{"0":"post-46075","1":"product","2":"type-product","3":"status-publish","4":"has-post-thumbnail","6":"product_cat-calentador-de-agua","8":"first","9":"outofstock","10":"taxable","11":"shipping-taxable","12":"purchasable","13":"product-type-simple"},"ct_brands":[],"yoast_head":"<!-- This site is optimized with the Yoast SEO Premium plugin v27.3 (Yoast SEO v27.3) - https:\/\/yoast.com\/product\/yoast-seo-premium-wordpress\/ -->\n<title>Calentador de agua Webasto, calentador diesel Thermo Top Evo 5kW D 12V RV Basis | Recambios EcoGas | Sistemas GLP y GNC<\/title>\n<meta name=\"robots\" content=\"index, follow, max-snippet:-1, max-image-preview:large, max-video-preview:-1\" \/>\n<link rel=\"canonical\" href=\"https:\/\/recambiosecogas.com\/it\/producto\/calentador-de-agua-webasto-calentador-diesel-thermo-top-evo-5kw-d-12v-rv-basis\/\" \/>\n<meta property=\"og:locale\" content=\"it_IT\" \/>\n<meta property=\"og:type\" content=\"article\" \/>\n<meta property=\"og:title\" content=\"Calentador de agua Webasto, calentador diesel Thermo Top Evo 5kW D 12V RV Basis\" \/>\n<meta property=\"og:description\" content=\"WEBASTO\" \/>\n<meta property=\"og:url\" content=\"https:\/\/recambiosecogas.com\/it\/producto\/calentador-de-agua-webasto-calentador-diesel-thermo-top-evo-5kw-d-12v-rv-basis\/\" \/>\n<meta property=\"og:site_name\" content=\"Recambios EcoGas\" \/>\n<meta property=\"article:publisher\" content=\"https:\/\/www.facebook.com\/profile.php?id=100062419705358\" \/>\n<meta property=\"article:modified_time\" content=\"2026-03-26T11:04:35+00:00\" \/>\n<meta property=\"og:image\" content=\"https:\/\/recambiosecogas.com\/wp-content\/uploads\/2025\/02\/imagen-no-disponible-recambios-ecogas-png.webp\" \/>\n\t<meta property=\"og:image:width\" content=\"1000\" \/>\n\t<meta property=\"og:image:height\" content=\"1000\" \/>\n\t<meta property=\"og:image:type\" content=\"image\/png\" \/>\n<meta name=\"twitter:card\" content=\"summary_large_image\" \/>\n<meta name=\"twitter:label1\" content=\"Prezzo\" \/>\n\t<meta name=\"twitter:data1\" content=\"1.319,07&nbsp;&euro; (IVA incl.: 1.596,07&nbsp;&euro;)\" \/>\n\t<meta name=\"twitter:label2\" content=\"Disponibilit\u00e0\" \/>\n\t<meta name=\"twitter:data2\" content=\"Esaurito\" \/>\n<script type=\"application\/ld+json\" class=\"yoast-schema-graph\">{\"@context\":\"https:\\\/\\\/schema.org\",\"@graph\":[{\"@type\":\"WebPage\",\"@id\":\"https:\\\/\\\/recambiosecogas.com\\\/it\\\/producto\\\/calentador-de-agua-webasto-calentador-diesel-thermo-top-evo-5kw-d-12v-rv-basis\\\/\",\"url\":\"https:\\\/\\\/recambiosecogas.com\\\/it\\\/producto\\\/calentador-de-agua-webasto-calentador-diesel-thermo-top-evo-5kw-d-12v-rv-basis\\\/\",\"name\":\"Calentador de agua Webasto, calentador diesel Thermo Top Evo 5kW D 12V RV Basis | Recambios EcoGas | Sistemas GLP y GNC\",\"isPartOf\":{\"@id\":\"https:\\\/\\\/recambiosecogas.com\\\/it\\\/#website\"},\"primaryImageOfPage\":{\"@id\":\"https:\\\/\\\/recambiosecogas.com\\\/it\\\/producto\\\/calentador-de-agua-webasto-calentador-diesel-thermo-top-evo-5kw-d-12v-rv-basis\\\/#primaryimage\"},\"image\":{\"@id\":\"https:\\\/\\\/recambiosecogas.com\\\/it\\\/producto\\\/calentador-de-agua-webasto-calentador-diesel-thermo-top-evo-5kw-d-12v-rv-basis\\\/#primaryimage\"},\"thumbnailUrl\":\"https:\\\/\\\/recambiosecogas.com\\\/wp-content\\\/uploads\\\/2025\\\/02\\\/imagen-no-disponible-recambios-ecogas-png.webp\",\"datePublished\":\"2025-01-21T09:42:04+00:00\",\"dateModified\":\"2026-03-26T11:04:35+00:00\",\"breadcrumb\":{\"@id\":\"https:\\\/\\\/recambiosecogas.com\\\/it\\\/producto\\\/calentador-de-agua-webasto-calentador-diesel-thermo-top-evo-5kw-d-12v-rv-basis\\\/#breadcrumb\"},\"inLanguage\":\"it-IT\",\"potentialAction\":[{\"@type\":\"ReadAction\",\"target\":[\"https:\\\/\\\/recambiosecogas.com\\\/it\\\/producto\\\/calentador-de-agua-webasto-calentador-diesel-thermo-top-evo-5kw-d-12v-rv-basis\\\/\"]}]},{\"@type\":\"ImageObject\",\"inLanguage\":\"it-IT\",\"@id\":\"https:\\\/\\\/recambiosecogas.com\\\/it\\\/producto\\\/calentador-de-agua-webasto-calentador-diesel-thermo-top-evo-5kw-d-12v-rv-basis\\\/#primaryimage\",\"url\":\"https:\\\/\\\/recambiosecogas.com\\\/wp-content\\\/uploads\\\/2025\\\/02\\\/imagen-no-disponible-recambios-ecogas-png.webp\",\"contentUrl\":\"https:\\\/\\\/recambiosecogas.com\\\/wp-content\\\/uploads\\\/2025\\\/02\\\/imagen-no-disponible-recambios-ecogas-png.webp\",\"width\":1000,\"height\":1000},{\"@type\":\"BreadcrumbList\",\"@id\":\"https:\\\/\\\/recambiosecogas.com\\\/it\\\/producto\\\/calentador-de-agua-webasto-calentador-diesel-thermo-top-evo-5kw-d-12v-rv-basis\\\/#breadcrumb\",\"itemListElement\":[{\"@type\":\"ListItem\",\"position\":1,\"name\":\"Portada\",\"item\":\"https:\\\/\\\/recambiosecogas.com\\\/it\\\/\"},{\"@type\":\"ListItem\",\"position\":2,\"name\":\"Negozio\",\"item\":\"https:\\\/\\\/recambiosecogas.com\\\/it\\\/?page_id=46382\"},{\"@type\":\"ListItem\",\"position\":3,\"name\":\"Calentador de agua Webasto, calentador diesel Thermo Top Evo 5kW D 12V RV Basis\"}]},{\"@type\":\"WebSite\",\"@id\":\"https:\\\/\\\/recambiosecogas.com\\\/it\\\/#website\",\"url\":\"https:\\\/\\\/recambiosecogas.com\\\/it\\\/\",\"name\":\"Recambios EcoGas\",\"description\":\"Recambios Multimarca para sistemas de GLP\\\/GNC\\\/GNL\\\/Hidr\u00f3geno\",\"publisher\":{\"@id\":\"https:\\\/\\\/recambiosecogas.com\\\/it\\\/#organization\"},\"alternateName\":\"Recambios Autogas GLP\",\"potentialAction\":[{\"@type\":\"SearchAction\",\"target\":{\"@type\":\"EntryPoint\",\"urlTemplate\":\"https:\\\/\\\/recambiosecogas.com\\\/it\\\/?s={search_term_string}\"},\"query-input\":{\"@type\":\"PropertyValueSpecification\",\"valueRequired\":true,\"valueName\":\"search_term_string\"}}],\"inLanguage\":\"it-IT\"},{\"@type\":[\"Organization\",\"Place\"],\"@id\":\"https:\\\/\\\/recambiosecogas.com\\\/it\\\/#organization\",\"name\":\"Recambios EcoGas\",\"alternateName\":\"Tienda Online GLP Espa\u00f1a\",\"url\":\"https:\\\/\\\/recambiosecogas.com\\\/it\\\/\",\"logo\":{\"@id\":\"https:\\\/\\\/recambiosecogas.com\\\/it\\\/producto\\\/calentador-de-agua-webasto-calentador-diesel-thermo-top-evo-5kw-d-12v-rv-basis\\\/#local-main-organization-logo\"},\"image\":{\"@id\":\"https:\\\/\\\/recambiosecogas.com\\\/it\\\/producto\\\/calentador-de-agua-webasto-calentador-diesel-thermo-top-evo-5kw-d-12v-rv-basis\\\/#local-main-organization-logo\"},\"sameAs\":[\"https:\\\/\\\/www.facebook.com\\\/profile.php?id=100062419705358\",\"https:\\\/\\\/www.instagram.com\\\/segimon_automocio\"],\"description\":\"Recambios EcoGas \u2013 Venta y distribuci\u00f3n de sistemas GLP y GNC en Espa\u00f1a y Portugal. Env\u00edos 24 h, soporte t\u00e9cnico a talleres y distribuidores.\",\"hasMerchantReturnPolicy\":{\"@type\":\"MerchantReturnPolicy\",\"merchantReturnLink\":\"https:\\\/\\\/recambiosecogas.com\\\/politicas-privacidad\\\/\"},\"address\":{\"@id\":\"https:\\\/\\\/recambiosecogas.com\\\/it\\\/producto\\\/calentador-de-agua-webasto-calentador-diesel-thermo-top-evo-5kw-d-12v-rv-basis\\\/#local-main-place-address\"},\"telephone\":[\"616250633\"],\"contactPoint\":{\"@type\":\"ContactPoint\",\"email\":\"export@recambiosecogas.com\"},\"openingHoursSpecification\":[{\"@type\":\"OpeningHoursSpecification\",\"dayOfWeek\":[\"Monday\",\"Tuesday\",\"Wednesday\",\"Thursday\",\"Friday\",\"Saturday\",\"Sunday\"],\"opens\":\"09:00\",\"closes\":\"17:00\"}],\"email\":\"info@recambiosecogas.com\",\"faxNumber\":\"SEGIMON AUTOMOCION SL\",\"vatID\":\"ESB19819861\",\"globalLocationNumber\":\"938 616 339\"},{\"@type\":\"PostalAddress\",\"@id\":\"https:\\\/\\\/recambiosecogas.com\\\/it\\\/producto\\\/calentador-de-agua-webasto-calentador-diesel-thermo-top-evo-5kw-d-12v-rv-basis\\\/#local-main-place-address\",\"streetAddress\":\"cami antic de vic, 29 (Nave 3), Pol\u00edgono Industrial Congost\",\"addressLocality\":\"CORRO D`AVALL\",\"postalCode\":\"08520\",\"addressRegion\":\"Barcelona\",\"addressCountry\":\"ES\"},{\"@type\":\"ImageObject\",\"inLanguage\":\"it-IT\",\"@id\":\"https:\\\/\\\/recambiosecogas.com\\\/it\\\/producto\\\/calentador-de-agua-webasto-calentador-diesel-thermo-top-evo-5kw-d-12v-rv-basis\\\/#local-main-organization-logo\",\"url\":\"https:\\\/\\\/recambiosecogas.com\\\/wp-content\\\/uploads\\\/2024\\\/11\\\/cropped-RECAMBIOS-GLP-png.webp\",\"contentUrl\":\"https:\\\/\\\/recambiosecogas.com\\\/wp-content\\\/uploads\\\/2024\\\/11\\\/cropped-RECAMBIOS-GLP-png.webp\",\"width\":512,\"height\":512,\"caption\":\"Recambios EcoGas\"}]}<\/script>\n<meta property=\"product:price:amount\" content=\"1319.07\" \/>\n<meta property=\"product:price:currency\" content=\"EUR\" \/>\n<meta property=\"og:availability\" content=\"out of stock\" \/>\n<meta property=\"product:availability\" content=\"out of stock\" \/>\n<meta property=\"product:retailer_item_id\" content=\"109854\" \/>\n<meta property=\"product:condition\" content=\"new\" \/>\n<meta name=\"geo.placename\" content=\"CORRO D`AVALL\" \/>\n<meta name=\"geo.region\" content=\"Spagna\" \/>\n<!-- \/ Yoast SEO Premium plugin. -->","yoast_head_json":{"title":"Calentador de agua Webasto, calentador diesel Thermo Top Evo 5kW D 12V RV Basis | Recambios EcoGas | Sistemas GLP y GNC","robots":{"index":"index","follow":"follow","max-snippet":"max-snippet:-1","max-image-preview":"max-image-preview:large","max-video-preview":"max-video-preview:-1"},"canonical":"https:\/\/recambiosecogas.com\/it\/producto\/calentador-de-agua-webasto-calentador-diesel-thermo-top-evo-5kw-d-12v-rv-basis\/","og_locale":"it_IT","og_type":"article","og_title":"Calentador de agua Webasto, calentador diesel Thermo Top Evo 5kW D 12V RV Basis","og_description":"WEBASTO","og_url":"https:\/\/recambiosecogas.com\/it\/producto\/calentador-de-agua-webasto-calentador-diesel-thermo-top-evo-5kw-d-12v-rv-basis\/","og_site_name":"Recambios EcoGas","article_publisher":"https:\/\/www.facebook.com\/profile.php?id=100062419705358","article_modified_time":"2026-03-26T11:04:35+00:00","og_image":[{"width":1000,"height":1000,"url":"https:\/\/recambiosecogas.com\/wp-content\/uploads\/2025\/02\/imagen-no-disponible-recambios-ecogas-png.webp","type":"image\/png"}],"twitter_card":"summary_large_image","twitter_misc":{"Prezzo":"1.319,07&nbsp;&euro; (IVA incl.: 1.596,07&nbsp;&euro;)","Disponibilit\u00e0":"Esaurito"},"schema":{"@context":"https:\/\/schema.org","@graph":[{"@type":"WebPage","@id":"https:\/\/recambiosecogas.com\/it\/producto\/calentador-de-agua-webasto-calentador-diesel-thermo-top-evo-5kw-d-12v-rv-basis\/","url":"https:\/\/recambiosecogas.com\/it\/producto\/calentador-de-agua-webasto-calentador-diesel-thermo-top-evo-5kw-d-12v-rv-basis\/","name":"Calentador de agua Webasto, calentador diesel Thermo Top Evo 5kW D 12V RV Basis | Recambios EcoGas | Sistemas GLP y GNC","isPartOf":{"@id":"https:\/\/recambiosecogas.com\/it\/#website"},"primaryImageOfPage":{"@id":"https:\/\/recambiosecogas.com\/it\/producto\/calentador-de-agua-webasto-calentador-diesel-thermo-top-evo-5kw-d-12v-rv-basis\/#primaryimage"},"image":{"@id":"https:\/\/recambiosecogas.com\/it\/producto\/calentador-de-agua-webasto-calentador-diesel-thermo-top-evo-5kw-d-12v-rv-basis\/#primaryimage"},"thumbnailUrl":"https:\/\/recambiosecogas.com\/wp-content\/uploads\/2025\/02\/imagen-no-disponible-recambios-ecogas-png.webp","datePublished":"2025-01-21T09:42:04+00:00","dateModified":"2026-03-26T11:04:35+00:00","breadcrumb":{"@id":"https:\/\/recambiosecogas.com\/it\/producto\/calentador-de-agua-webasto-calentador-diesel-thermo-top-evo-5kw-d-12v-rv-basis\/#breadcrumb"},"inLanguage":"it-IT","potentialAction":[{"@type":"ReadAction","target":["https:\/\/recambiosecogas.com\/it\/producto\/calentador-de-agua-webasto-calentador-diesel-thermo-top-evo-5kw-d-12v-rv-basis\/"]}]},{"@type":"ImageObject","inLanguage":"it-IT","@id":"https:\/\/recambiosecogas.com\/it\/producto\/calentador-de-agua-webasto-calentador-diesel-thermo-top-evo-5kw-d-12v-rv-basis\/#primaryimage","url":"https:\/\/recambiosecogas.com\/wp-content\/uploads\/2025\/02\/imagen-no-disponible-recambios-ecogas-png.webp","contentUrl":"https:\/\/recambiosecogas.com\/wp-content\/uploads\/2025\/02\/imagen-no-disponible-recambios-ecogas-png.webp","width":1000,"height":1000},{"@type":"BreadcrumbList","@id":"https:\/\/recambiosecogas.com\/it\/producto\/calentador-de-agua-webasto-calentador-diesel-thermo-top-evo-5kw-d-12v-rv-basis\/#breadcrumb","itemListElement":[{"@type":"ListItem","position":1,"name":"Portada","item":"https:\/\/recambiosecogas.com\/it\/"},{"@type":"ListItem","position":2,"name":"Negozio","item":"https:\/\/recambiosecogas.com\/it\/?page_id=46382"},{"@type":"ListItem","position":3,"name":"Calentador de agua Webasto, calentador diesel Thermo Top Evo 5kW D 12V RV Basis"}]},{"@type":"WebSite","@id":"https:\/\/recambiosecogas.com\/it\/#website","url":"https:\/\/recambiosecogas.com\/it\/","name":"Recambios EcoGas","description":"Recambios Multimarca para sistemas de GLP\/GNC\/GNL\/Hidr\u00f3geno","publisher":{"@id":"https:\/\/recambiosecogas.com\/it\/#organization"},"alternateName":"Recambios Autogas GLP","potentialAction":[{"@type":"SearchAction","target":{"@type":"EntryPoint","urlTemplate":"https:\/\/recambiosecogas.com\/it\/?s={search_term_string}"},"query-input":{"@type":"PropertyValueSpecification","valueRequired":true,"valueName":"search_term_string"}}],"inLanguage":"it-IT"},{"@type":["Organization","Place"],"@id":"https:\/\/recambiosecogas.com\/it\/#organization","name":"Recambios EcoGas","alternateName":"Tienda Online GLP Espa\u00f1a","url":"https:\/\/recambiosecogas.com\/it\/","logo":{"@id":"https:\/\/recambiosecogas.com\/it\/producto\/calentador-de-agua-webasto-calentador-diesel-thermo-top-evo-5kw-d-12v-rv-basis\/#local-main-organization-logo"},"image":{"@id":"https:\/\/recambiosecogas.com\/it\/producto\/calentador-de-agua-webasto-calentador-diesel-thermo-top-evo-5kw-d-12v-rv-basis\/#local-main-organization-logo"},"sameAs":["https:\/\/www.facebook.com\/profile.php?id=100062419705358","https:\/\/www.instagram.com\/segimon_automocio"],"description":"Recambios EcoGas \u2013 Venta y distribuci\u00f3n de sistemas GLP y GNC en Espa\u00f1a y Portugal. Env\u00edos 24 h, soporte t\u00e9cnico a talleres y distribuidores.","hasMerchantReturnPolicy":{"@type":"MerchantReturnPolicy","merchantReturnLink":"https:\/\/recambiosecogas.com\/politicas-privacidad\/"},"address":{"@id":"https:\/\/recambiosecogas.com\/it\/producto\/calentador-de-agua-webasto-calentador-diesel-thermo-top-evo-5kw-d-12v-rv-basis\/#local-main-place-address"},"telephone":["616250633"],"contactPoint":{"@type":"ContactPoint","email":"export@recambiosecogas.com"},"openingHoursSpecification":[{"@type":"OpeningHoursSpecification","dayOfWeek":["Monday","Tuesday","Wednesday","Thursday","Friday","Saturday","Sunday"],"opens":"09:00","closes":"17:00"}],"email":"info@recambiosecogas.com","faxNumber":"SEGIMON AUTOMOCION SL","vatID":"ESB19819861","globalLocationNumber":"938 616 339"},{"@type":"PostalAddress","@id":"https:\/\/recambiosecogas.com\/it\/producto\/calentador-de-agua-webasto-calentador-diesel-thermo-top-evo-5kw-d-12v-rv-basis\/#local-main-place-address","streetAddress":"cami antic de vic, 29 (Nave 3), Pol\u00edgono Industrial Congost","addressLocality":"CORRO D`AVALL","postalCode":"08520","addressRegion":"Barcelona","addressCountry":"ES"},{"@type":"ImageObject","inLanguage":"it-IT","@id":"https:\/\/recambiosecogas.com\/it\/producto\/calentador-de-agua-webasto-calentador-diesel-thermo-top-evo-5kw-d-12v-rv-basis\/#local-main-organization-logo","url":"https:\/\/recambiosecogas.com\/wp-content\/uploads\/2024\/11\/cropped-RECAMBIOS-GLP-png.webp","contentUrl":"https:\/\/recambiosecogas.com\/wp-content\/uploads\/2024\/11\/cropped-RECAMBIOS-GLP-png.webp","width":512,"height":512,"caption":"Recambios EcoGas"}]},"product_price_amount":"1319.07","product_price_currency":"EUR","og_availability":"out of stock","product_availability":"out of stock","product_retailer_item_id":"109854","product_condition":"new","geo.placename":"CORRO D`AVALL","geo.region":"Spagna"},"uagb_featured_image_src":{"full":["https:\/\/recambiosecogas.com\/wp-content\/uploads\/2025\/02\/imagen-no-disponible-recambios-ecogas-png.webp",1000,1000,false],"thumbnail":["https:\/\/recambiosecogas.com\/wp-content\/uploads\/2025\/02\/imagen-no-disponible-recambios-ecogas-150x150.webp",150,150,true],"medium":["https:\/\/recambiosecogas.com\/wp-content\/uploads\/2025\/02\/imagen-no-disponible-recambios-ecogas-300x300.webp",300,300,true],"medium_large":["https:\/\/recambiosecogas.com\/wp-content\/uploads\/2025\/02\/imagen-no-disponible-recambios-ecogas-768x768.webp",768,768,true],"large":["https:\/\/recambiosecogas.com\/wp-content\/uploads\/2025\/02\/imagen-no-disponible-recambios-ecogas-png.webp",1000,1000,false],"1536x1536":["https:\/\/recambiosecogas.com\/wp-content\/uploads\/2025\/02\/imagen-no-disponible-recambios-ecogas-png.webp",1000,1000,false],"2048x2048":["https:\/\/recambiosecogas.com\/wp-content\/uploads\/2025\/02\/imagen-no-disponible-recambios-ecogas-png.webp",1000,1000,false],"woocommerce_archive_thumbnail":["https:\/\/recambiosecogas.com\/wp-content\/uploads\/2025\/02\/imagen-no-disponible-recambios-ecogas-png.webp",1000,1000,false],"woocommerce_thumbnail":["https:\/\/recambiosecogas.com\/wp-content\/uploads\/2025\/02\/imagen-no-disponible-recambios-ecogas-300x300.webp",300,300,true],"woocommerce_single":["https:\/\/recambiosecogas.com\/wp-content\/uploads\/2025\/02\/imagen-no-disponible-recambios-ecogas-png.webp",1000,1000,false],"woocommerce_gallery_thumbnail":["https:\/\/recambiosecogas.com\/wp-content\/uploads\/2025\/02\/imagen-no-disponible-recambios-ecogas-png.webp",1000,1000,false],"dgwt-wcas-product-suggestion":["https:\/\/recambiosecogas.com\/wp-content\/uploads\/2025\/02\/imagen-no-disponible-recambios-ecogas-64x64.webp",64,64,true]},"uagb_author_info":{"display_name":"Fran - Soporte T\u00e9cnico","author_link":"https:\/\/recambiosecogas.com\/it\/author\/"},"uagb_comment_info":0,"uagb_excerpt":"WEBASTO","_links":{"self":[{"href":"https:\/\/recambiosecogas.com\/it\/wp-json\/wp\/v2\/product\/46075","targetHints":{"allow":["GET"]}}],"collection":[{"href":"https:\/\/recambiosecogas.com\/it\/wp-json\/wp\/v2\/product"}],"about":[{"href":"https:\/\/recambiosecogas.com\/it\/wp-json\/wp\/v2\/types\/product"}],"replies":[{"embeddable":true,"href":"https:\/\/recambiosecogas.com\/it\/wp-json\/wp\/v2\/comments?post=46075"}],"wp:featuredmedia":[{"embeddable":true,"href":"https:\/\/recambiosecogas.com\/it\/wp-json\/wp\/v2\/media\/45407"}],"wp:attachment":[{"href":"https:\/\/recambiosecogas.com\/it\/wp-json\/wp\/v2\/media?parent=46075"}],"wp:term":[{"taxonomy":"product_brand","embeddable":true,"href":"https:\/\/recambiosecogas.com\/it\/wp-json\/wp\/v2\/product_brand?post=46075"},{"taxonomy":"product_cat","embeddable":true,"href":"https:\/\/recambiosecogas.com\/it\/wp-json\/wp\/v2\/product_cat?post=46075"},{"taxonomy":"product_tag","embeddable":true,"href":"https:\/\/recambiosecogas.com\/it\/wp-json\/wp\/v2\/product_tag?post=46075"}],"curies":[{"name":"wp","href":"https:\/\/api.w.org\/{rel}","templated":true}]}}