{"id":46072,"date":"2025-01-21T10:42:05","date_gmt":"2025-01-21T09:42:05","guid":{"rendered":"https:\/\/recambiosecogas.com\/producto\/calentador-de-estacionamiento-webasto-calentador-de-agua-ethermo-top-eco-30-p-basic\/"},"modified":"2026-03-26T12:04:47","modified_gmt":"2026-03-26T11:04:47","slug":"calentador-de-estacionamiento-webasto-calentador-de-agua-ethermo-top-eco-30-p-basic","status":"publish","type":"product","link":"https:\/\/recambiosecogas.com\/it\/producto\/calentador-de-estacionamiento-webasto-calentador-de-agua-ethermo-top-eco-30-p-basic\/","title":{"rendered":"Calentador de agua el\u00e9ctrico eThermo Top Eco 20 P Webasto"},"content":{"rendered":"<div class=\"product_content__element\">\n<div class=\"product_content__element__content\">\n<p>El calefactor el\u00e9ctrico eThermo Top Eco impresiona por sus peque\u00f1as dimensiones y su bajo peso. Este calentador puramente el\u00e9ctrico funciona a trav\u00e9s de la red el\u00e9ctrica de 230 V del veh\u00edculo. Otro aspecto destacado del calefactor es la funci\u00f3n de carga por goteo integrada e inteligente de la bater\u00eda del veh\u00edculo.<\/p>\n<p>El eThermo Top Eco precalienta autom\u00e1ticamente el habit\u00e1culo y el motor:<br \/>\nEn primer lugar, el agua caliente circula por el circuito de agua del veh\u00edculo, calentando as\u00ed el habit\u00e1culo. Todo el calor disponible se transfiere a la cabina del conductor a trav\u00e9s del sistema de ventilaci\u00f3n del veh\u00edculo.<\/p>\n<p><strong>Datos t\u00e9cnicos:<\/strong><\/p>\n<table border=\"1\">\n<tbody>\n<tr>\n<td><\/td>\n<td><strong>eThermo Top Eco 20 P<\/strong><\/td>\n<td><strong>eThermo Top Eco 30 P<\/strong><\/td>\n<\/tr>\n<tr>\n<td>Capacidad de calefacci\u00f3n (kW)<\/td>\n<td>2<\/td>\n<td>3<\/td>\n<\/tr>\n<tr>\n<td>Combustible<\/td>\n<td>accionado el\u00e9ctricamente<\/td>\n<td>accionado el\u00e9ctricamente<\/td>\n<\/tr>\n<tr>\n<td>Alimentaci\u00f3n (V) (50 Hz)<\/td>\n<td>230<\/td>\n<td>230<\/td>\n<\/tr>\n<tr>\n<td>Amperaje requerido (A)<\/td>\n<td>\u2265 10<\/td>\n<td>\u2265 16<\/td>\n<\/tr>\n<tr>\n<td>Funci\u00f3n de carga de la bater\u00eda* (W)<\/td>\n<td>25<\/td>\n<td>25<\/td>\n<\/tr>\n<tr>\n<td>Dimensiones LxAxA (mm)<\/td>\n<td>181 x 91 x 133<\/td>\n<td>181 x 91 x 133<\/td>\n<\/tr>\n<tr>\n<td>Peso (kg)<\/td>\n<td>1,2<\/td>\n<td>1,2<\/td>\n<\/tr>\n<\/tbody>\n<\/table>\n<p>*Alimentaci\u00f3n de la bomba de circulaci\u00f3n y del ventilador del veh\u00edculo y protecci\u00f3n contra la descarga de la bater\u00eda en funci\u00f3n de la carga t\u00e9rmica y de las condiciones ambientales.<\/p>\n<p><strong>Alcance de la entrega:<\/strong><\/p>\n<ul>\n<li>Calentador (eThermo Top Eco)<\/li>\n<li>Mazo de cables<\/li>\n<li>Cable de montaje<\/li>\n<li>Piezas de montaje<\/li>\n<li>Documentaci\u00f3n<\/li>\n<li>Bomba de circulaci\u00f3n 4847<\/li>\n<\/ul>\n<p><strong>Nota:<\/strong><\/p>\n<p>Para poder realizar una aplicaci\u00f3n completa, tambi\u00e9n es necesario el kit de instalaci\u00f3n. Esto no est\u00e1 incluido en el volumen de suministro.<\/p>\n<\/div>\n<\/div>\n<div class=\"product_content__element\">\n<div class=\"vmaster vmaster177210\" data-varid=\"177199\">\n<div class=\"vproduct vproduct177199 vvisible\" data-uk-observe=\"\">\n<div class=\"product_content__element__head\">\n<h2>Propiedades<\/h2>\n<\/div>\n<div class=\"product_content__element__content productfeatures\">\n<table class=\"uk-table uk-table-striped\">\n<tbody>\n<tr>\n<td class=\"uk-width-1-2\">Tipo de sistemas de aire caliente<\/td>\n<td>Sistema de aire caliente<\/td>\n<\/tr>\n<tr>\n<td class=\"uk-width-1-2\">Versi\u00f3n<\/td>\n<td>20 P<\/td>\n<\/tr>\n<tr>\n<td class=\"uk-width-1-2\">ean<\/td>\n<td>4054037245497<\/td>\n<\/tr>\n<tr>\n<td class=\"uk-width-1-2\">Fabricante N\u00ba de art\u00edculo<\/td>\n<td>1330002A<\/td>\n<\/tr>\n<\/tbody>\n<\/table>\n<\/div>\n<\/div>\n<\/div>\n<\/div>\n<p>El <strong>calentador de agua el\u00e9ctrico eThermo Top Eco 20 P<\/strong> es un dispositivo compacto y eficiente dise\u00f1ado para calentar el habit\u00e1culo y el motor de veh\u00edculos mediante la red el\u00e9ctrica de 230 V. Este calentador destaca por su bajo peso y su capacidad para precalentar autom\u00e1ticamente el agua, asegurando un ambiente c\u00e1lido y confortable en el interior del veh\u00edculo.<\/p>\n<p>El funcionamiento del eThermo Top Eco es sencillo: el agua caliente circula a trav\u00e9s del circuito de agua del veh\u00edculo, transfiriendo el calor disponible al habit\u00e1culo a trav\u00e9s del sistema de ventilaci\u00f3n. Adem\u00e1s, cuenta con una funci\u00f3n de carga de bater\u00eda inteligente que ayuda a mantener la carga de la bater\u00eda del veh\u00edculo, optimizando su rendimiento.<\/p>\n<p>Este calentador es ideal para su uso en condiciones fr\u00edas, donde el precalentamiento del motor y el habit\u00e1culo es crucial para un arranque eficiente y un confort \u00f3ptimo. Es importante considerar que para una instalaci\u00f3n completa, se requiere un kit de instalaci\u00f3n adicional, que no est\u00e1 incluido en el volumen de suministro.<\/p>\n<p>Si no se utiliza un calentador adecuado, el veh\u00edculo puede experimentar dificultades para arrancar en climas fr\u00edos, lo que puede afectar su rendimiento y la comodidad del conductor y pasajeros. Por lo tanto, es recomendable verificar la compatibilidad del calentador con el sistema de calefacci\u00f3n del veh\u00edculo antes de realizar la compra.<\/p>\n<h4>Datos t\u00e9cnicos<\/h4>\n<table border=\"1\">\n<tbody>\n<tr>\n<td><\/td>\n<td><strong>eThermo Top Eco 20 P<\/strong><\/td>\n<td><strong>eThermo Top Eco 30 P<\/strong><\/td>\n<\/tr>\n<tr>\n<td>Capacidad de calefacci\u00f3n (kW)<\/td>\n<td>2<\/td>\n<td>3<\/td>\n<\/tr>\n<tr>\n<td>Combustible<\/td>\n<td>accionado el\u00e9ctricamente<\/td>\n<td>accionado el\u00e9ctricamente<\/td>\n<\/tr>\n<tr>\n<td>Alimentaci\u00f3n (V) (50 Hz)<\/td>\n<td>230<\/td>\n<td>230<\/td>\n<\/tr>\n<tr>\n<td>Amperaje requerido (A)<\/td>\n<td>\u2265 10<\/td>\n<td>\u2265 16<\/td>\n<\/tr>\n<tr>\n<td>Funci\u00f3n de carga de la bater\u00eda* (W)<\/td>\n<td>25<\/td>\n<td>25<\/td>\n<\/tr>\n<tr>\n<td>Dimensiones LxAxA (mm)<\/td>\n<td>181 x 91 x 133<\/td>\n<td>181 x 91 x 133<\/td>\n<\/tr>\n<tr>\n<td>Peso (kg)<\/td>\n<td>1,2<\/td>\n<td>1,2<\/td>\n<\/tr>\n<\/tbody>\n<\/table>\n<p>*Alimentaci\u00f3n de la bomba de circulaci\u00f3n y del ventilador del veh\u00edculo y protecci\u00f3n contra la descarga de la bater\u00eda en funci\u00f3n de la carga t\u00e9rmica y de las condiciones ambientales.<\/p>\n<h4>Alcance de la entrega<\/h4>\n<ul>\n<li>Calentador (eThermo Top Eco)<\/li>\n<li>Mazo de cables<\/li>\n<li>Cable de montaje<\/li>\n<li>Piezas de montaje<\/li>\n<li>Documentaci\u00f3n<\/li>\n<li>Bomba de circulaci\u00f3n 4847<\/li>\n<\/ul>\n<p><strong>Nota:<\/strong> Para poder realizar una aplicaci\u00f3n completa, tambi\u00e9n es necesario el kit de instalaci\u00f3n. Esto no est\u00e1 incluido en el volumen de suministro.<\/p>\n","protected":false},"excerpt":{"rendered":"<p>WEBASTO<\/p>\n","protected":false},"featured_media":46073,"comment_status":"open","ping_status":"closed","template":"","meta":{"googlesitekit_rrm_CAowud7EDA:productID":"","_uag_custom_page_level_css":""},"product_brand":[],"product_cat":[2298],"product_tag":[],"class_list":{"0":"post-46072","1":"product","2":"type-product","3":"status-publish","4":"has-post-thumbnail","6":"product_cat-calentador-de-agua","8":"first","9":"outofstock","10":"taxable","11":"shipping-taxable","12":"purchasable","13":"product-type-simple"},"ct_brands":[],"yoast_head":"<!-- This site is optimized with the Yoast SEO Premium plugin v27.3 (Yoast SEO v27.3) - https:\/\/yoast.com\/product\/yoast-seo-premium-wordpress\/ -->\n<title>Calentador de agua el\u00e9ctrico eThermo Top Eco 20 P Webasto | Recambios EcoGas | Sistemas GLP y GNC<\/title>\n<meta name=\"robots\" content=\"index, follow, max-snippet:-1, max-image-preview:large, max-video-preview:-1\" \/>\n<link rel=\"canonical\" href=\"https:\/\/recambiosecogas.com\/it\/producto\/calentador-de-estacionamiento-webasto-calentador-de-agua-ethermo-top-eco-30-p-basic\/\" \/>\n<meta property=\"og:locale\" content=\"it_IT\" \/>\n<meta property=\"og:type\" content=\"article\" \/>\n<meta property=\"og:title\" content=\"Calentador de agua el\u00e9ctrico eThermo Top Eco 20 P Webasto\" \/>\n<meta property=\"og:description\" content=\"WEBASTO\" \/>\n<meta property=\"og:url\" content=\"https:\/\/recambiosecogas.com\/it\/producto\/calentador-de-estacionamiento-webasto-calentador-de-agua-ethermo-top-eco-30-p-basic\/\" \/>\n<meta property=\"og:site_name\" content=\"Recambios EcoGas\" \/>\n<meta property=\"article:publisher\" content=\"https:\/\/www.facebook.com\/profile.php?id=100062419705358\" \/>\n<meta property=\"article:modified_time\" content=\"2026-03-26T11:04:47+00:00\" \/>\n<meta property=\"og:image\" content=\"https:\/\/recambiosecogas.com\/wp-content\/uploads\/2025\/01\/Calentador-de-agua-electrico-eThermo-Top-Eco-20-P-Webasto-png.webp\" \/>\n\t<meta property=\"og:image:width\" content=\"1000\" \/>\n\t<meta property=\"og:image:height\" content=\"1000\" \/>\n\t<meta property=\"og:image:type\" content=\"image\/png\" \/>\n<meta name=\"twitter:card\" content=\"summary_large_image\" \/>\n<meta name=\"twitter:label1\" content=\"Prezzo\" \/>\n\t<meta name=\"twitter:data1\" content=\"652,08&nbsp;&euro; (IVA incl.: 789,02&nbsp;&euro;)\" \/>\n\t<meta name=\"twitter:label2\" content=\"Disponibilit\u00e0\" \/>\n\t<meta name=\"twitter:data2\" content=\"Esaurito\" \/>\n<script type=\"application\/ld+json\" class=\"yoast-schema-graph\">{\"@context\":\"https:\\\/\\\/schema.org\",\"@graph\":[{\"@type\":\"WebPage\",\"@id\":\"https:\\\/\\\/recambiosecogas.com\\\/it\\\/producto\\\/calentador-de-estacionamiento-webasto-calentador-de-agua-ethermo-top-eco-30-p-basic\\\/\",\"url\":\"https:\\\/\\\/recambiosecogas.com\\\/it\\\/producto\\\/calentador-de-estacionamiento-webasto-calentador-de-agua-ethermo-top-eco-30-p-basic\\\/\",\"name\":\"Calentador de agua el\u00e9ctrico eThermo Top Eco 20 P Webasto | Recambios EcoGas | Sistemas GLP y GNC\",\"isPartOf\":{\"@id\":\"https:\\\/\\\/recambiosecogas.com\\\/it\\\/#website\"},\"primaryImageOfPage\":{\"@id\":\"https:\\\/\\\/recambiosecogas.com\\\/it\\\/producto\\\/calentador-de-estacionamiento-webasto-calentador-de-agua-ethermo-top-eco-30-p-basic\\\/#primaryimage\"},\"image\":{\"@id\":\"https:\\\/\\\/recambiosecogas.com\\\/it\\\/producto\\\/calentador-de-estacionamiento-webasto-calentador-de-agua-ethermo-top-eco-30-p-basic\\\/#primaryimage\"},\"thumbnailUrl\":\"https:\\\/\\\/recambiosecogas.com\\\/wp-content\\\/uploads\\\/2025\\\/01\\\/Calentador-de-agua-electrico-eThermo-Top-Eco-20-P-Webasto-png.webp\",\"datePublished\":\"2025-01-21T09:42:05+00:00\",\"dateModified\":\"2026-03-26T11:04:47+00:00\",\"breadcrumb\":{\"@id\":\"https:\\\/\\\/recambiosecogas.com\\\/it\\\/producto\\\/calentador-de-estacionamiento-webasto-calentador-de-agua-ethermo-top-eco-30-p-basic\\\/#breadcrumb\"},\"inLanguage\":\"it-IT\",\"potentialAction\":[{\"@type\":\"ReadAction\",\"target\":[\"https:\\\/\\\/recambiosecogas.com\\\/it\\\/producto\\\/calentador-de-estacionamiento-webasto-calentador-de-agua-ethermo-top-eco-30-p-basic\\\/\"]}]},{\"@type\":\"ImageObject\",\"inLanguage\":\"it-IT\",\"@id\":\"https:\\\/\\\/recambiosecogas.com\\\/it\\\/producto\\\/calentador-de-estacionamiento-webasto-calentador-de-agua-ethermo-top-eco-30-p-basic\\\/#primaryimage\",\"url\":\"https:\\\/\\\/recambiosecogas.com\\\/wp-content\\\/uploads\\\/2025\\\/01\\\/Calentador-de-agua-electrico-eThermo-Top-Eco-20-P-Webasto-png.webp\",\"contentUrl\":\"https:\\\/\\\/recambiosecogas.com\\\/wp-content\\\/uploads\\\/2025\\\/01\\\/Calentador-de-agua-electrico-eThermo-Top-Eco-20-P-Webasto-png.webp\",\"width\":1000,\"height\":1000},{\"@type\":\"BreadcrumbList\",\"@id\":\"https:\\\/\\\/recambiosecogas.com\\\/it\\\/producto\\\/calentador-de-estacionamiento-webasto-calentador-de-agua-ethermo-top-eco-30-p-basic\\\/#breadcrumb\",\"itemListElement\":[{\"@type\":\"ListItem\",\"position\":1,\"name\":\"Portada\",\"item\":\"https:\\\/\\\/recambiosecogas.com\\\/it\\\/\"},{\"@type\":\"ListItem\",\"position\":2,\"name\":\"Negozio\",\"item\":\"https:\\\/\\\/recambiosecogas.com\\\/it\\\/?page_id=46382\"},{\"@type\":\"ListItem\",\"position\":3,\"name\":\"Calentador de agua el\u00e9ctrico eThermo Top Eco 20 P Webasto\"}]},{\"@type\":\"WebSite\",\"@id\":\"https:\\\/\\\/recambiosecogas.com\\\/it\\\/#website\",\"url\":\"https:\\\/\\\/recambiosecogas.com\\\/it\\\/\",\"name\":\"Recambios EcoGas\",\"description\":\"Recambios Multimarca para sistemas de GLP\\\/GNC\\\/GNL\\\/Hidr\u00f3geno\",\"publisher\":{\"@id\":\"https:\\\/\\\/recambiosecogas.com\\\/it\\\/#organization\"},\"alternateName\":\"Recambios Autogas GLP\",\"potentialAction\":[{\"@type\":\"SearchAction\",\"target\":{\"@type\":\"EntryPoint\",\"urlTemplate\":\"https:\\\/\\\/recambiosecogas.com\\\/it\\\/?s={search_term_string}\"},\"query-input\":{\"@type\":\"PropertyValueSpecification\",\"valueRequired\":true,\"valueName\":\"search_term_string\"}}],\"inLanguage\":\"it-IT\"},{\"@type\":[\"Organization\",\"Place\"],\"@id\":\"https:\\\/\\\/recambiosecogas.com\\\/it\\\/#organization\",\"name\":\"Recambios EcoGas\",\"alternateName\":\"Tienda Online GLP Espa\u00f1a\",\"url\":\"https:\\\/\\\/recambiosecogas.com\\\/it\\\/\",\"logo\":{\"@id\":\"https:\\\/\\\/recambiosecogas.com\\\/it\\\/producto\\\/calentador-de-estacionamiento-webasto-calentador-de-agua-ethermo-top-eco-30-p-basic\\\/#local-main-organization-logo\"},\"image\":{\"@id\":\"https:\\\/\\\/recambiosecogas.com\\\/it\\\/producto\\\/calentador-de-estacionamiento-webasto-calentador-de-agua-ethermo-top-eco-30-p-basic\\\/#local-main-organization-logo\"},\"sameAs\":[\"https:\\\/\\\/www.facebook.com\\\/profile.php?id=100062419705358\",\"https:\\\/\\\/www.instagram.com\\\/segimon_automocio\"],\"description\":\"Recambios EcoGas \u2013 Venta y distribuci\u00f3n de sistemas GLP y GNC en Espa\u00f1a y Portugal. Env\u00edos 24 h, soporte t\u00e9cnico a talleres y distribuidores.\",\"hasMerchantReturnPolicy\":{\"@type\":\"MerchantReturnPolicy\",\"merchantReturnLink\":\"https:\\\/\\\/recambiosecogas.com\\\/politicas-privacidad\\\/\"},\"address\":{\"@id\":\"https:\\\/\\\/recambiosecogas.com\\\/it\\\/producto\\\/calentador-de-estacionamiento-webasto-calentador-de-agua-ethermo-top-eco-30-p-basic\\\/#local-main-place-address\"},\"telephone\":[\"616250633\"],\"contactPoint\":{\"@type\":\"ContactPoint\",\"email\":\"export@recambiosecogas.com\"},\"openingHoursSpecification\":[{\"@type\":\"OpeningHoursSpecification\",\"dayOfWeek\":[\"Monday\",\"Tuesday\",\"Wednesday\",\"Thursday\",\"Friday\",\"Saturday\",\"Sunday\"],\"opens\":\"09:00\",\"closes\":\"17:00\"}],\"email\":\"info@recambiosecogas.com\",\"faxNumber\":\"SEGIMON AUTOMOCION SL\",\"vatID\":\"ESB19819861\",\"globalLocationNumber\":\"938 616 339\"},{\"@type\":\"PostalAddress\",\"@id\":\"https:\\\/\\\/recambiosecogas.com\\\/it\\\/producto\\\/calentador-de-estacionamiento-webasto-calentador-de-agua-ethermo-top-eco-30-p-basic\\\/#local-main-place-address\",\"streetAddress\":\"cami antic de vic, 29 (Nave 3), Pol\u00edgono Industrial Congost\",\"addressLocality\":\"CORRO D`AVALL\",\"postalCode\":\"08520\",\"addressRegion\":\"Barcelona\",\"addressCountry\":\"ES\"},{\"@type\":\"ImageObject\",\"inLanguage\":\"it-IT\",\"@id\":\"https:\\\/\\\/recambiosecogas.com\\\/it\\\/producto\\\/calentador-de-estacionamiento-webasto-calentador-de-agua-ethermo-top-eco-30-p-basic\\\/#local-main-organization-logo\",\"url\":\"https:\\\/\\\/recambiosecogas.com\\\/wp-content\\\/uploads\\\/2024\\\/11\\\/cropped-RECAMBIOS-GLP-png.webp\",\"contentUrl\":\"https:\\\/\\\/recambiosecogas.com\\\/wp-content\\\/uploads\\\/2024\\\/11\\\/cropped-RECAMBIOS-GLP-png.webp\",\"width\":512,\"height\":512,\"caption\":\"Recambios EcoGas\"}]}<\/script>\n<meta property=\"product:price:amount\" content=\"652.08\" \/>\n<meta property=\"product:price:currency\" content=\"EUR\" \/>\n<meta property=\"og:availability\" content=\"out of stock\" \/>\n<meta property=\"product:availability\" content=\"out of stock\" \/>\n<meta property=\"product:retailer_item_id\" content=\"109859\" \/>\n<meta property=\"product:condition\" content=\"new\" \/>\n<meta name=\"geo.placename\" content=\"CORRO D`AVALL\" \/>\n<meta name=\"geo.region\" content=\"Spagna\" \/>\n<!-- \/ Yoast SEO Premium plugin. -->","yoast_head_json":{"title":"Calentador de agua el\u00e9ctrico eThermo Top Eco 20 P Webasto | Recambios EcoGas | Sistemas GLP y GNC","robots":{"index":"index","follow":"follow","max-snippet":"max-snippet:-1","max-image-preview":"max-image-preview:large","max-video-preview":"max-video-preview:-1"},"canonical":"https:\/\/recambiosecogas.com\/it\/producto\/calentador-de-estacionamiento-webasto-calentador-de-agua-ethermo-top-eco-30-p-basic\/","og_locale":"it_IT","og_type":"article","og_title":"Calentador de agua el\u00e9ctrico eThermo Top Eco 20 P Webasto","og_description":"WEBASTO","og_url":"https:\/\/recambiosecogas.com\/it\/producto\/calentador-de-estacionamiento-webasto-calentador-de-agua-ethermo-top-eco-30-p-basic\/","og_site_name":"Recambios EcoGas","article_publisher":"https:\/\/www.facebook.com\/profile.php?id=100062419705358","article_modified_time":"2026-03-26T11:04:47+00:00","og_image":[{"width":1000,"height":1000,"url":"https:\/\/recambiosecogas.com\/wp-content\/uploads\/2025\/01\/Calentador-de-agua-electrico-eThermo-Top-Eco-20-P-Webasto-png.webp","type":"image\/png"}],"twitter_card":"summary_large_image","twitter_misc":{"Prezzo":"652,08&nbsp;&euro; (IVA incl.: 789,02&nbsp;&euro;)","Disponibilit\u00e0":"Esaurito"},"schema":{"@context":"https:\/\/schema.org","@graph":[{"@type":"WebPage","@id":"https:\/\/recambiosecogas.com\/it\/producto\/calentador-de-estacionamiento-webasto-calentador-de-agua-ethermo-top-eco-30-p-basic\/","url":"https:\/\/recambiosecogas.com\/it\/producto\/calentador-de-estacionamiento-webasto-calentador-de-agua-ethermo-top-eco-30-p-basic\/","name":"Calentador de agua el\u00e9ctrico eThermo Top Eco 20 P Webasto | Recambios EcoGas | Sistemas GLP y GNC","isPartOf":{"@id":"https:\/\/recambiosecogas.com\/it\/#website"},"primaryImageOfPage":{"@id":"https:\/\/recambiosecogas.com\/it\/producto\/calentador-de-estacionamiento-webasto-calentador-de-agua-ethermo-top-eco-30-p-basic\/#primaryimage"},"image":{"@id":"https:\/\/recambiosecogas.com\/it\/producto\/calentador-de-estacionamiento-webasto-calentador-de-agua-ethermo-top-eco-30-p-basic\/#primaryimage"},"thumbnailUrl":"https:\/\/recambiosecogas.com\/wp-content\/uploads\/2025\/01\/Calentador-de-agua-electrico-eThermo-Top-Eco-20-P-Webasto-png.webp","datePublished":"2025-01-21T09:42:05+00:00","dateModified":"2026-03-26T11:04:47+00:00","breadcrumb":{"@id":"https:\/\/recambiosecogas.com\/it\/producto\/calentador-de-estacionamiento-webasto-calentador-de-agua-ethermo-top-eco-30-p-basic\/#breadcrumb"},"inLanguage":"it-IT","potentialAction":[{"@type":"ReadAction","target":["https:\/\/recambiosecogas.com\/it\/producto\/calentador-de-estacionamiento-webasto-calentador-de-agua-ethermo-top-eco-30-p-basic\/"]}]},{"@type":"ImageObject","inLanguage":"it-IT","@id":"https:\/\/recambiosecogas.com\/it\/producto\/calentador-de-estacionamiento-webasto-calentador-de-agua-ethermo-top-eco-30-p-basic\/#primaryimage","url":"https:\/\/recambiosecogas.com\/wp-content\/uploads\/2025\/01\/Calentador-de-agua-electrico-eThermo-Top-Eco-20-P-Webasto-png.webp","contentUrl":"https:\/\/recambiosecogas.com\/wp-content\/uploads\/2025\/01\/Calentador-de-agua-electrico-eThermo-Top-Eco-20-P-Webasto-png.webp","width":1000,"height":1000},{"@type":"BreadcrumbList","@id":"https:\/\/recambiosecogas.com\/it\/producto\/calentador-de-estacionamiento-webasto-calentador-de-agua-ethermo-top-eco-30-p-basic\/#breadcrumb","itemListElement":[{"@type":"ListItem","position":1,"name":"Portada","item":"https:\/\/recambiosecogas.com\/it\/"},{"@type":"ListItem","position":2,"name":"Negozio","item":"https:\/\/recambiosecogas.com\/it\/?page_id=46382"},{"@type":"ListItem","position":3,"name":"Calentador de agua el\u00e9ctrico eThermo Top Eco 20 P Webasto"}]},{"@type":"WebSite","@id":"https:\/\/recambiosecogas.com\/it\/#website","url":"https:\/\/recambiosecogas.com\/it\/","name":"Recambios EcoGas","description":"Recambios Multimarca para sistemas de GLP\/GNC\/GNL\/Hidr\u00f3geno","publisher":{"@id":"https:\/\/recambiosecogas.com\/it\/#organization"},"alternateName":"Recambios Autogas GLP","potentialAction":[{"@type":"SearchAction","target":{"@type":"EntryPoint","urlTemplate":"https:\/\/recambiosecogas.com\/it\/?s={search_term_string}"},"query-input":{"@type":"PropertyValueSpecification","valueRequired":true,"valueName":"search_term_string"}}],"inLanguage":"it-IT"},{"@type":["Organization","Place"],"@id":"https:\/\/recambiosecogas.com\/it\/#organization","name":"Recambios EcoGas","alternateName":"Tienda Online GLP Espa\u00f1a","url":"https:\/\/recambiosecogas.com\/it\/","logo":{"@id":"https:\/\/recambiosecogas.com\/it\/producto\/calentador-de-estacionamiento-webasto-calentador-de-agua-ethermo-top-eco-30-p-basic\/#local-main-organization-logo"},"image":{"@id":"https:\/\/recambiosecogas.com\/it\/producto\/calentador-de-estacionamiento-webasto-calentador-de-agua-ethermo-top-eco-30-p-basic\/#local-main-organization-logo"},"sameAs":["https:\/\/www.facebook.com\/profile.php?id=100062419705358","https:\/\/www.instagram.com\/segimon_automocio"],"description":"Recambios EcoGas \u2013 Venta y distribuci\u00f3n de sistemas GLP y GNC en Espa\u00f1a y Portugal. Env\u00edos 24 h, soporte t\u00e9cnico a talleres y distribuidores.","hasMerchantReturnPolicy":{"@type":"MerchantReturnPolicy","merchantReturnLink":"https:\/\/recambiosecogas.com\/politicas-privacidad\/"},"address":{"@id":"https:\/\/recambiosecogas.com\/it\/producto\/calentador-de-estacionamiento-webasto-calentador-de-agua-ethermo-top-eco-30-p-basic\/#local-main-place-address"},"telephone":["616250633"],"contactPoint":{"@type":"ContactPoint","email":"export@recambiosecogas.com"},"openingHoursSpecification":[{"@type":"OpeningHoursSpecification","dayOfWeek":["Monday","Tuesday","Wednesday","Thursday","Friday","Saturday","Sunday"],"opens":"09:00","closes":"17:00"}],"email":"info@recambiosecogas.com","faxNumber":"SEGIMON AUTOMOCION SL","vatID":"ESB19819861","globalLocationNumber":"938 616 339"},{"@type":"PostalAddress","@id":"https:\/\/recambiosecogas.com\/it\/producto\/calentador-de-estacionamiento-webasto-calentador-de-agua-ethermo-top-eco-30-p-basic\/#local-main-place-address","streetAddress":"cami antic de vic, 29 (Nave 3), Pol\u00edgono Industrial Congost","addressLocality":"CORRO D`AVALL","postalCode":"08520","addressRegion":"Barcelona","addressCountry":"ES"},{"@type":"ImageObject","inLanguage":"it-IT","@id":"https:\/\/recambiosecogas.com\/it\/producto\/calentador-de-estacionamiento-webasto-calentador-de-agua-ethermo-top-eco-30-p-basic\/#local-main-organization-logo","url":"https:\/\/recambiosecogas.com\/wp-content\/uploads\/2024\/11\/cropped-RECAMBIOS-GLP-png.webp","contentUrl":"https:\/\/recambiosecogas.com\/wp-content\/uploads\/2024\/11\/cropped-RECAMBIOS-GLP-png.webp","width":512,"height":512,"caption":"Recambios EcoGas"}]},"product_price_amount":"652.08","product_price_currency":"EUR","og_availability":"out of stock","product_availability":"out of stock","product_retailer_item_id":"109859","product_condition":"new","geo.placename":"CORRO D`AVALL","geo.region":"Spagna"},"uagb_featured_image_src":{"full":["https:\/\/recambiosecogas.com\/wp-content\/uploads\/2025\/01\/Calentador-de-agua-electrico-eThermo-Top-Eco-20-P-Webasto-png.webp",1000,1000,false],"thumbnail":["https:\/\/recambiosecogas.com\/wp-content\/uploads\/2025\/01\/Calentador-de-agua-electrico-eThermo-Top-Eco-20-P-Webasto-150x150.webp",150,150,true],"medium":["https:\/\/recambiosecogas.com\/wp-content\/uploads\/2025\/01\/Calentador-de-agua-electrico-eThermo-Top-Eco-20-P-Webasto-300x300.webp",300,300,true],"medium_large":["https:\/\/recambiosecogas.com\/wp-content\/uploads\/2025\/01\/Calentador-de-agua-electrico-eThermo-Top-Eco-20-P-Webasto-768x768.webp",768,768,true],"large":["https:\/\/recambiosecogas.com\/wp-content\/uploads\/2025\/01\/Calentador-de-agua-electrico-eThermo-Top-Eco-20-P-Webasto-png.webp",1000,1000,false],"1536x1536":["https:\/\/recambiosecogas.com\/wp-content\/uploads\/2025\/01\/Calentador-de-agua-electrico-eThermo-Top-Eco-20-P-Webasto-png.webp",1000,1000,false],"2048x2048":["https:\/\/recambiosecogas.com\/wp-content\/uploads\/2025\/01\/Calentador-de-agua-electrico-eThermo-Top-Eco-20-P-Webasto-png.webp",1000,1000,false],"woocommerce_archive_thumbnail":["https:\/\/recambiosecogas.com\/wp-content\/uploads\/2025\/01\/Calentador-de-agua-electrico-eThermo-Top-Eco-20-P-Webasto-png.webp",1000,1000,false],"woocommerce_thumbnail":["https:\/\/recambiosecogas.com\/wp-content\/uploads\/2025\/01\/Calentador-de-agua-electrico-eThermo-Top-Eco-20-P-Webasto-300x300.webp",300,300,true],"woocommerce_single":["https:\/\/recambiosecogas.com\/wp-content\/uploads\/2025\/01\/Calentador-de-agua-electrico-eThermo-Top-Eco-20-P-Webasto-png.webp",1000,1000,false],"woocommerce_gallery_thumbnail":["https:\/\/recambiosecogas.com\/wp-content\/uploads\/2025\/01\/Calentador-de-agua-electrico-eThermo-Top-Eco-20-P-Webasto-png.webp",1000,1000,false],"dgwt-wcas-product-suggestion":["https:\/\/recambiosecogas.com\/wp-content\/uploads\/2025\/01\/Calentador-de-agua-electrico-eThermo-Top-Eco-20-P-Webasto-64x64.webp",64,64,true]},"uagb_author_info":{"display_name":"Fran - Soporte T\u00e9cnico","author_link":"https:\/\/recambiosecogas.com\/it\/author\/"},"uagb_comment_info":0,"uagb_excerpt":"WEBASTO","_links":{"self":[{"href":"https:\/\/recambiosecogas.com\/it\/wp-json\/wp\/v2\/product\/46072","targetHints":{"allow":["GET"]}}],"collection":[{"href":"https:\/\/recambiosecogas.com\/it\/wp-json\/wp\/v2\/product"}],"about":[{"href":"https:\/\/recambiosecogas.com\/it\/wp-json\/wp\/v2\/types\/product"}],"replies":[{"embeddable":true,"href":"https:\/\/recambiosecogas.com\/it\/wp-json\/wp\/v2\/comments?post=46072"}],"wp:featuredmedia":[{"embeddable":true,"href":"https:\/\/recambiosecogas.com\/it\/wp-json\/wp\/v2\/media\/46073"}],"wp:attachment":[{"href":"https:\/\/recambiosecogas.com\/it\/wp-json\/wp\/v2\/media?parent=46072"}],"wp:term":[{"taxonomy":"product_brand","embeddable":true,"href":"https:\/\/recambiosecogas.com\/it\/wp-json\/wp\/v2\/product_brand?post=46072"},{"taxonomy":"product_cat","embeddable":true,"href":"https:\/\/recambiosecogas.com\/it\/wp-json\/wp\/v2\/product_cat?post=46072"},{"taxonomy":"product_tag","embeddable":true,"href":"https:\/\/recambiosecogas.com\/it\/wp-json\/wp\/v2\/product_tag?post=46072"}],"curies":[{"name":"wp","href":"https:\/\/api.w.org\/{rel}","templated":true}]}}