{"id":46068,"date":"2025-01-21T10:42:05","date_gmt":"2025-01-21T09:42:05","guid":{"rendered":"https:\/\/recambiosecogas.com\/producto\/calentador-de-estacionamiento-webasto-calentador-de-agua-thermo-pro-90-d-12v-basic\/"},"modified":"2026-03-26T12:04:43","modified_gmt":"2026-03-26T11:04:43","slug":"calentador-de-estacionamiento-webasto-calentador-de-agua-thermo-pro-90-d-12v-basic","status":"publish","type":"product","link":"https:\/\/recambiosecogas.com\/it\/producto\/calentador-de-estacionamiento-webasto-calentador-de-agua-thermo-pro-90-d-12v-basic\/","title":{"rendered":"Thermo Pro 90 Sistema de calefacci\u00f3n marino \/ 24 V \/ 9,1 kW"},"content":{"rendered":"<p><strong>Calentador de nivel de agua Thermo Pro 90 de Webasto para autocaravanas, campers<\/strong><\/p>\n<p>El Thermo Top Pro 90 permite precalentar el motor y el interior del veh\u00edculo en veh\u00edculos medianos y grandes.<\/p>\n<p><strong>Ventajas del Thermo Pro 90:<\/strong><\/p>\n<p>Alta potencia calor\u00edfica desde\u00a0<strong>1,8 hasta 9,1 kW<\/strong><\/p>\n<p><strong>Bajo peso<\/strong>, dise\u00f1o compacto<\/p>\n<p>Alta disponibilidad operativa del veh\u00edculo a bajas temperaturas<\/p>\n<p>Ajuste autom\u00e1tico de altitud hasta 3.500 m de altitud<\/p>\n<p>Los sistemas de calentadores de agua Webasto se utilizan en la industria del autom\u00f3vil y est\u00e1n disponibles en varios niveles de potencia y tama\u00f1os. El potente calentador de agua Thermo 90 ST tiene una potencia calor\u00edfica de 9,1 kW y se caracteriza por una sofisticada l\u00f3gica de control, unas dimensiones compactas y un peso reducido.<\/p>\n<div>\n<div><strong>Ventajas a simple vista:<\/strong><\/div>\n<ul>\n<li>Instalaci\u00f3n que ahorra espacio en la sala de m\u00e1quinas<\/li>\n<li>Precalentamiento del motor<\/li>\n<li>Agua caliente para la cocina y la ducha<\/li>\n<li>La temperatura adecuada &#8211; sin aire seco<\/li>\n<li>Bajo consumo de combustible<\/li>\n<li>Instalaci\u00f3n que ahorra espacio con tuber\u00edas finas de agua caliente (cobre, tuber\u00edas de pl\u00e1stico o tubos)<\/li>\n<li>Posibilidad de conexi\u00f3n a un ventilador del calentador de agua caliente<\/li>\n<\/ul>\n<div>\n<p><strong>Datos t\u00e9cnicos:<\/strong><\/p>\n<div class=\"tableWrapper\">\n<table class=\"ordinary\">\n<tbody>\n<tr>\n<td>Potencia calor\u00edfica<\/td>\n<td>Continua 9,1 kW<\/td>\n<\/tr>\n<tr>\n<td>Fuente de combustible<\/td>\n<td>Fuel dom\u00e9stico<\/td>\n<\/tr>\n<tr>\n<td>Potencia absorbida<\/td>\n<td>37 &#8211; 83 W<\/td>\n<\/tr>\n<tr>\n<td>Consumo de combustible<\/td>\n<td>0,19 &#8211; 0,9 l\/h<\/td>\n<\/tr>\n<tr>\n<td>Bomba de circulaci\u00f3n<\/td>\n<td>700 l\/h<\/td>\n<\/tr>\n<tr>\n<td>Dimensiones<\/td>\n<td>355 x 133 x 232 mm<\/td>\n<\/tr>\n<tr>\n<td>Peso<\/td>\n<td>4,8 kg<\/td>\n<\/tr>\n<tr>\n<td>Tubo de escape<\/td>\n<td>\u00f8 38 mm<\/td>\n<\/tr>\n<tr>\n<td>Tipo de calefacci\u00f3n<\/td>\n<td>Calentamiento de agua continuo<\/td>\n<\/tr>\n<tr>\n<td>Para longitudes de recipiente<\/td>\n<td>10-15 m<\/td>\n<\/tr>\n<tr>\n<td>Equipo<\/td>\n<td>Marina<\/td>\n<\/tr>\n<\/tbody>\n<\/table>\n<\/div>\n<div><\/div>\n<div><\/div>\n<div><strong>Contenido de la entrega:<\/strong><\/div>\n<\/div>\n<\/div>\n<ul>\n<li>Calentador de 24 V con bomba de circulaci\u00f3n<\/li>\n<li>Soporte para calentador<\/li>\n<li>Mazo de cables<\/li>\n<li>Interruptor con luz<\/li>\n<li>Manguera de combustible de medici\u00f3n 6 m<\/li>\n<li>Manguera de admisi\u00f3n 0,4 m<\/li>\n<li>Silenciador de escape, acero inoxidable<\/li>\n<li>Caja de reducci\u00f3n de escape<\/li>\n<li>Tubos de pl\u00e1stico + abrazaderas<\/li>\n<li>Accesorios pasacascos<\/li>\n<li>Mangueras<\/li>\n<\/ul>\n<p>El <strong>Calentador de Agua Thermo Pro 90<\/strong> de Webasto es un sistema de calefacci\u00f3n marino dise\u00f1ado para veh\u00edculos medianos y grandes, que permite precalentar tanto el motor como el interior del veh\u00edculo. Con una potencia calor\u00edfica que var\u00eda desde <strong>1,8 hasta 9,1 kW<\/strong>, este calentador es perfecto para mantener la disponibilidad operativa del veh\u00edculo incluso en condiciones de bajas temperaturas.<\/p>\n<p>Este modelo cuenta con un ajuste autom\u00e1tico de altitud que permite su funcionamiento efectivo hasta <strong>3.500 m de altitud<\/strong>. Su dise\u00f1o compacto y ligero facilita la instalaci\u00f3n en espacios reducidos, lo que lo convierte en una opci\u00f3n ideal para autocaravanas y campers.<\/p>\n<p>El Thermo Pro 90 no solo se encarga de precalentar el motor, sino que tambi\u00e9n proporciona agua caliente para la cocina y la ducha, asegurando una temperatura adecuada sin generar aire seco. Adem\u00e1s, su bajo consumo de combustible lo hace a\u00fan m\u00e1s atractivo para los usuarios que buscan eficiencia y rendimiento.<\/p>\n<h4>Datos t\u00e9cnicos<\/h4>\n<div class=\"tableWrapper\">\n<table class=\"ordinary\">\n<tbody>\n<tr>\n<td>Potencia calor\u00edfica<\/td>\n<td>Continua 9,1 kW<\/td>\n<\/tr>\n<tr>\n<td>Fuente de combustible<\/td>\n<td>Fuel dom\u00e9stico<\/td>\n<\/tr>\n<tr>\n<td>Potencia absorbida<\/td>\n<td>37 &#8211; 83 W<\/td>\n<\/tr>\n<tr>\n<td>Consumo de combustible<\/td>\n<td>0,19 &#8211; 0,9 l\/h<\/td>\n<\/tr>\n<tr>\n<td>Bomba de circulaci\u00f3n<\/td>\n<td>700 l\/h<\/td>\n<\/tr>\n<tr>\n<td>Dimensiones<\/td>\n<td>355 x 133 x 232 mm<\/td>\n<\/tr>\n<tr>\n<td>Peso<\/td>\n<td>4,8 kg<\/td>\n<\/tr>\n<tr>\n<td>Tubo de escape<\/td>\n<td>\u00f8 38 mm<\/td>\n<\/tr>\n<tr>\n<td>Tipo de calefacci\u00f3n<\/td>\n<td>Calentamiento de agua continuo<\/td>\n<\/tr>\n<tr>\n<td>Para longitudes de recipiente<\/td>\n<td>10-15 m<\/td>\n<\/tr>\n<tr>\n<td>Equipo<\/td>\n<td>Marina<\/td>\n<\/tr>\n<\/tbody>\n<\/table>\n<\/div>\n<p>El contenido de la entrega incluye el calentador de 24 V con bomba de circulaci\u00f3n, soporte para el calentador, mazo de cables, interruptor con luz, mangueras de combustible y admisi\u00f3n, as\u00ed como un silenciador de escape de acero inoxidable y accesorios para la instalaci\u00f3n. Este calentador es una soluci\u00f3n integral para quienes buscan un sistema de calefacci\u00f3n eficiente y confiable para sus veh\u00edculos.<\/p>\n","protected":false},"excerpt":{"rendered":"<p>WEBASTO<\/p>\n","protected":false},"featured_media":46070,"comment_status":"open","ping_status":"closed","template":"","meta":{"googlesitekit_rrm_CAowud7EDA:productID":"","_uag_custom_page_level_css":""},"product_brand":[],"product_cat":[2298],"product_tag":[],"class_list":{"0":"post-46068","1":"product","2":"type-product","3":"status-publish","4":"has-post-thumbnail","6":"product_cat-calentador-de-agua","8":"first","9":"outofstock","10":"taxable","11":"shipping-taxable","12":"purchasable","13":"product-type-simple"},"ct_brands":[],"yoast_head":"<!-- This site is optimized with the Yoast SEO Premium plugin v27.3 (Yoast SEO v27.3) - https:\/\/yoast.com\/product\/yoast-seo-premium-wordpress\/ -->\n<title>Thermo Pro 90 Sistema de calefacci\u00f3n marino \/ 24 V \/ 9,1 kW | Recambios EcoGas | Sistemas GLP y GNC<\/title>\n<meta name=\"robots\" content=\"index, follow, max-snippet:-1, max-image-preview:large, max-video-preview:-1\" \/>\n<link rel=\"canonical\" href=\"https:\/\/recambiosecogas.com\/it\/producto\/calentador-de-estacionamiento-webasto-calentador-de-agua-thermo-pro-90-d-12v-basic\/\" \/>\n<meta property=\"og:locale\" content=\"it_IT\" \/>\n<meta property=\"og:type\" content=\"article\" \/>\n<meta property=\"og:title\" content=\"Thermo Pro 90 Sistema de calefacci\u00f3n marino \/ 24 V \/ 9,1 kW\" \/>\n<meta property=\"og:description\" content=\"WEBASTO\" \/>\n<meta property=\"og:url\" content=\"https:\/\/recambiosecogas.com\/it\/producto\/calentador-de-estacionamiento-webasto-calentador-de-agua-thermo-pro-90-d-12v-basic\/\" \/>\n<meta property=\"og:site_name\" content=\"Recambios EcoGas\" \/>\n<meta property=\"article:publisher\" content=\"https:\/\/www.facebook.com\/profile.php?id=100062419705358\" \/>\n<meta property=\"article:modified_time\" content=\"2026-03-26T11:04:43+00:00\" \/>\n<meta property=\"og:image\" content=\"https:\/\/recambiosecogas.com\/wp-content\/uploads\/2025\/01\/Calentador-de-estacionamiento-Webasto-calentador-de-agua-Thermo-Pro-90-D-12V-Basic-png.webp\" \/>\n\t<meta property=\"og:image:width\" content=\"1000\" \/>\n\t<meta property=\"og:image:height\" content=\"1000\" \/>\n\t<meta property=\"og:image:type\" content=\"image\/png\" \/>\n<meta name=\"twitter:card\" content=\"summary_large_image\" \/>\n<meta name=\"twitter:label1\" content=\"Prezzo\" \/>\n\t<meta name=\"twitter:data1\" content=\"1.975,01&nbsp;&euro; (IVA incl.: 2.389,76&nbsp;&euro;)\" \/>\n\t<meta name=\"twitter:label2\" content=\"Disponibilit\u00e0\" \/>\n\t<meta name=\"twitter:data2\" content=\"Esaurito\" \/>\n<script type=\"application\/ld+json\" class=\"yoast-schema-graph\">{\"@context\":\"https:\\\/\\\/schema.org\",\"@graph\":[{\"@type\":\"WebPage\",\"@id\":\"https:\\\/\\\/recambiosecogas.com\\\/it\\\/producto\\\/calentador-de-estacionamiento-webasto-calentador-de-agua-thermo-pro-90-d-12v-basic\\\/\",\"url\":\"https:\\\/\\\/recambiosecogas.com\\\/it\\\/producto\\\/calentador-de-estacionamiento-webasto-calentador-de-agua-thermo-pro-90-d-12v-basic\\\/\",\"name\":\"Thermo Pro 90 Sistema de calefacci\u00f3n marino \\\/ 24 V \\\/ 9,1 kW | Recambios EcoGas | Sistemas GLP y GNC\",\"isPartOf\":{\"@id\":\"https:\\\/\\\/recambiosecogas.com\\\/it\\\/#website\"},\"primaryImageOfPage\":{\"@id\":\"https:\\\/\\\/recambiosecogas.com\\\/it\\\/producto\\\/calentador-de-estacionamiento-webasto-calentador-de-agua-thermo-pro-90-d-12v-basic\\\/#primaryimage\"},\"image\":{\"@id\":\"https:\\\/\\\/recambiosecogas.com\\\/it\\\/producto\\\/calentador-de-estacionamiento-webasto-calentador-de-agua-thermo-pro-90-d-12v-basic\\\/#primaryimage\"},\"thumbnailUrl\":\"https:\\\/\\\/recambiosecogas.com\\\/wp-content\\\/uploads\\\/2025\\\/01\\\/Calentador-de-estacionamiento-Webasto-calentador-de-agua-Thermo-Pro-90-D-12V-Basic-png.webp\",\"datePublished\":\"2025-01-21T09:42:05+00:00\",\"dateModified\":\"2026-03-26T11:04:43+00:00\",\"breadcrumb\":{\"@id\":\"https:\\\/\\\/recambiosecogas.com\\\/it\\\/producto\\\/calentador-de-estacionamiento-webasto-calentador-de-agua-thermo-pro-90-d-12v-basic\\\/#breadcrumb\"},\"inLanguage\":\"it-IT\",\"potentialAction\":[{\"@type\":\"ReadAction\",\"target\":[\"https:\\\/\\\/recambiosecogas.com\\\/it\\\/producto\\\/calentador-de-estacionamiento-webasto-calentador-de-agua-thermo-pro-90-d-12v-basic\\\/\"]}]},{\"@type\":\"ImageObject\",\"inLanguage\":\"it-IT\",\"@id\":\"https:\\\/\\\/recambiosecogas.com\\\/it\\\/producto\\\/calentador-de-estacionamiento-webasto-calentador-de-agua-thermo-pro-90-d-12v-basic\\\/#primaryimage\",\"url\":\"https:\\\/\\\/recambiosecogas.com\\\/wp-content\\\/uploads\\\/2025\\\/01\\\/Calentador-de-estacionamiento-Webasto-calentador-de-agua-Thermo-Pro-90-D-12V-Basic-png.webp\",\"contentUrl\":\"https:\\\/\\\/recambiosecogas.com\\\/wp-content\\\/uploads\\\/2025\\\/01\\\/Calentador-de-estacionamiento-Webasto-calentador-de-agua-Thermo-Pro-90-D-12V-Basic-png.webp\",\"width\":1000,\"height\":1000},{\"@type\":\"BreadcrumbList\",\"@id\":\"https:\\\/\\\/recambiosecogas.com\\\/it\\\/producto\\\/calentador-de-estacionamiento-webasto-calentador-de-agua-thermo-pro-90-d-12v-basic\\\/#breadcrumb\",\"itemListElement\":[{\"@type\":\"ListItem\",\"position\":1,\"name\":\"Portada\",\"item\":\"https:\\\/\\\/recambiosecogas.com\\\/it\\\/\"},{\"@type\":\"ListItem\",\"position\":2,\"name\":\"Negozio\",\"item\":\"https:\\\/\\\/recambiosecogas.com\\\/it\\\/?page_id=46382\"},{\"@type\":\"ListItem\",\"position\":3,\"name\":\"Thermo Pro 90 Sistema de calefacci\u00f3n marino \\\/ 24 V \\\/ 9,1 kW\"}]},{\"@type\":\"WebSite\",\"@id\":\"https:\\\/\\\/recambiosecogas.com\\\/it\\\/#website\",\"url\":\"https:\\\/\\\/recambiosecogas.com\\\/it\\\/\",\"name\":\"Recambios EcoGas\",\"description\":\"Recambios Multimarca para sistemas de GLP\\\/GNC\\\/GNL\\\/Hidr\u00f3geno\",\"publisher\":{\"@id\":\"https:\\\/\\\/recambiosecogas.com\\\/it\\\/#organization\"},\"alternateName\":\"Recambios Autogas GLP\",\"potentialAction\":[{\"@type\":\"SearchAction\",\"target\":{\"@type\":\"EntryPoint\",\"urlTemplate\":\"https:\\\/\\\/recambiosecogas.com\\\/it\\\/?s={search_term_string}\"},\"query-input\":{\"@type\":\"PropertyValueSpecification\",\"valueRequired\":true,\"valueName\":\"search_term_string\"}}],\"inLanguage\":\"it-IT\"},{\"@type\":[\"Organization\",\"Place\"],\"@id\":\"https:\\\/\\\/recambiosecogas.com\\\/it\\\/#organization\",\"name\":\"Recambios EcoGas\",\"alternateName\":\"Tienda Online GLP Espa\u00f1a\",\"url\":\"https:\\\/\\\/recambiosecogas.com\\\/it\\\/\",\"logo\":{\"@id\":\"https:\\\/\\\/recambiosecogas.com\\\/it\\\/producto\\\/calentador-de-estacionamiento-webasto-calentador-de-agua-thermo-pro-90-d-12v-basic\\\/#local-main-organization-logo\"},\"image\":{\"@id\":\"https:\\\/\\\/recambiosecogas.com\\\/it\\\/producto\\\/calentador-de-estacionamiento-webasto-calentador-de-agua-thermo-pro-90-d-12v-basic\\\/#local-main-organization-logo\"},\"sameAs\":[\"https:\\\/\\\/www.facebook.com\\\/profile.php?id=100062419705358\",\"https:\\\/\\\/www.instagram.com\\\/segimon_automocio\"],\"description\":\"Recambios EcoGas \u2013 Venta y distribuci\u00f3n de sistemas GLP y GNC en Espa\u00f1a y Portugal. Env\u00edos 24 h, soporte t\u00e9cnico a talleres y distribuidores.\",\"hasMerchantReturnPolicy\":{\"@type\":\"MerchantReturnPolicy\",\"merchantReturnLink\":\"https:\\\/\\\/recambiosecogas.com\\\/politicas-privacidad\\\/\"},\"address\":{\"@id\":\"https:\\\/\\\/recambiosecogas.com\\\/it\\\/producto\\\/calentador-de-estacionamiento-webasto-calentador-de-agua-thermo-pro-90-d-12v-basic\\\/#local-main-place-address\"},\"telephone\":[\"616250633\"],\"contactPoint\":{\"@type\":\"ContactPoint\",\"email\":\"export@recambiosecogas.com\"},\"openingHoursSpecification\":[{\"@type\":\"OpeningHoursSpecification\",\"dayOfWeek\":[\"Monday\",\"Tuesday\",\"Wednesday\",\"Thursday\",\"Friday\",\"Saturday\",\"Sunday\"],\"opens\":\"09:00\",\"closes\":\"17:00\"}],\"email\":\"info@recambiosecogas.com\",\"faxNumber\":\"SEGIMON AUTOMOCION SL\",\"vatID\":\"ESB19819861\",\"globalLocationNumber\":\"938 616 339\"},{\"@type\":\"PostalAddress\",\"@id\":\"https:\\\/\\\/recambiosecogas.com\\\/it\\\/producto\\\/calentador-de-estacionamiento-webasto-calentador-de-agua-thermo-pro-90-d-12v-basic\\\/#local-main-place-address\",\"streetAddress\":\"cami antic de vic, 29 (Nave 3), Pol\u00edgono Industrial Congost\",\"addressLocality\":\"CORRO D`AVALL\",\"postalCode\":\"08520\",\"addressRegion\":\"Barcelona\",\"addressCountry\":\"ES\"},{\"@type\":\"ImageObject\",\"inLanguage\":\"it-IT\",\"@id\":\"https:\\\/\\\/recambiosecogas.com\\\/it\\\/producto\\\/calentador-de-estacionamiento-webasto-calentador-de-agua-thermo-pro-90-d-12v-basic\\\/#local-main-organization-logo\",\"url\":\"https:\\\/\\\/recambiosecogas.com\\\/wp-content\\\/uploads\\\/2024\\\/11\\\/cropped-RECAMBIOS-GLP-png.webp\",\"contentUrl\":\"https:\\\/\\\/recambiosecogas.com\\\/wp-content\\\/uploads\\\/2024\\\/11\\\/cropped-RECAMBIOS-GLP-png.webp\",\"width\":512,\"height\":512,\"caption\":\"Recambios EcoGas\"}]}<\/script>\n<meta property=\"product:price:amount\" content=\"1975.01\" \/>\n<meta property=\"product:price:currency\" content=\"EUR\" \/>\n<meta property=\"og:availability\" content=\"out of stock\" \/>\n<meta property=\"product:availability\" content=\"out of stock\" \/>\n<meta property=\"product:retailer_item_id\" content=\"109862\" \/>\n<meta property=\"product:condition\" content=\"new\" \/>\n<meta name=\"geo.placename\" content=\"CORRO D`AVALL\" \/>\n<meta name=\"geo.region\" content=\"Spagna\" \/>\n<!-- \/ Yoast SEO Premium plugin. -->","yoast_head_json":{"title":"Thermo Pro 90 Sistema de calefacci\u00f3n marino \/ 24 V \/ 9,1 kW | Recambios EcoGas | Sistemas GLP y GNC","robots":{"index":"index","follow":"follow","max-snippet":"max-snippet:-1","max-image-preview":"max-image-preview:large","max-video-preview":"max-video-preview:-1"},"canonical":"https:\/\/recambiosecogas.com\/it\/producto\/calentador-de-estacionamiento-webasto-calentador-de-agua-thermo-pro-90-d-12v-basic\/","og_locale":"it_IT","og_type":"article","og_title":"Thermo Pro 90 Sistema de calefacci\u00f3n marino \/ 24 V \/ 9,1 kW","og_description":"WEBASTO","og_url":"https:\/\/recambiosecogas.com\/it\/producto\/calentador-de-estacionamiento-webasto-calentador-de-agua-thermo-pro-90-d-12v-basic\/","og_site_name":"Recambios EcoGas","article_publisher":"https:\/\/www.facebook.com\/profile.php?id=100062419705358","article_modified_time":"2026-03-26T11:04:43+00:00","og_image":[{"width":1000,"height":1000,"url":"https:\/\/recambiosecogas.com\/wp-content\/uploads\/2025\/01\/Calentador-de-estacionamiento-Webasto-calentador-de-agua-Thermo-Pro-90-D-12V-Basic-png.webp","type":"image\/png"}],"twitter_card":"summary_large_image","twitter_misc":{"Prezzo":"1.975,01&nbsp;&euro; (IVA incl.: 2.389,76&nbsp;&euro;)","Disponibilit\u00e0":"Esaurito"},"schema":{"@context":"https:\/\/schema.org","@graph":[{"@type":"WebPage","@id":"https:\/\/recambiosecogas.com\/it\/producto\/calentador-de-estacionamiento-webasto-calentador-de-agua-thermo-pro-90-d-12v-basic\/","url":"https:\/\/recambiosecogas.com\/it\/producto\/calentador-de-estacionamiento-webasto-calentador-de-agua-thermo-pro-90-d-12v-basic\/","name":"Thermo Pro 90 Sistema de calefacci\u00f3n marino \/ 24 V \/ 9,1 kW | Recambios EcoGas | Sistemas GLP y GNC","isPartOf":{"@id":"https:\/\/recambiosecogas.com\/it\/#website"},"primaryImageOfPage":{"@id":"https:\/\/recambiosecogas.com\/it\/producto\/calentador-de-estacionamiento-webasto-calentador-de-agua-thermo-pro-90-d-12v-basic\/#primaryimage"},"image":{"@id":"https:\/\/recambiosecogas.com\/it\/producto\/calentador-de-estacionamiento-webasto-calentador-de-agua-thermo-pro-90-d-12v-basic\/#primaryimage"},"thumbnailUrl":"https:\/\/recambiosecogas.com\/wp-content\/uploads\/2025\/01\/Calentador-de-estacionamiento-Webasto-calentador-de-agua-Thermo-Pro-90-D-12V-Basic-png.webp","datePublished":"2025-01-21T09:42:05+00:00","dateModified":"2026-03-26T11:04:43+00:00","breadcrumb":{"@id":"https:\/\/recambiosecogas.com\/it\/producto\/calentador-de-estacionamiento-webasto-calentador-de-agua-thermo-pro-90-d-12v-basic\/#breadcrumb"},"inLanguage":"it-IT","potentialAction":[{"@type":"ReadAction","target":["https:\/\/recambiosecogas.com\/it\/producto\/calentador-de-estacionamiento-webasto-calentador-de-agua-thermo-pro-90-d-12v-basic\/"]}]},{"@type":"ImageObject","inLanguage":"it-IT","@id":"https:\/\/recambiosecogas.com\/it\/producto\/calentador-de-estacionamiento-webasto-calentador-de-agua-thermo-pro-90-d-12v-basic\/#primaryimage","url":"https:\/\/recambiosecogas.com\/wp-content\/uploads\/2025\/01\/Calentador-de-estacionamiento-Webasto-calentador-de-agua-Thermo-Pro-90-D-12V-Basic-png.webp","contentUrl":"https:\/\/recambiosecogas.com\/wp-content\/uploads\/2025\/01\/Calentador-de-estacionamiento-Webasto-calentador-de-agua-Thermo-Pro-90-D-12V-Basic-png.webp","width":1000,"height":1000},{"@type":"BreadcrumbList","@id":"https:\/\/recambiosecogas.com\/it\/producto\/calentador-de-estacionamiento-webasto-calentador-de-agua-thermo-pro-90-d-12v-basic\/#breadcrumb","itemListElement":[{"@type":"ListItem","position":1,"name":"Portada","item":"https:\/\/recambiosecogas.com\/it\/"},{"@type":"ListItem","position":2,"name":"Negozio","item":"https:\/\/recambiosecogas.com\/it\/?page_id=46382"},{"@type":"ListItem","position":3,"name":"Thermo Pro 90 Sistema de calefacci\u00f3n marino \/ 24 V \/ 9,1 kW"}]},{"@type":"WebSite","@id":"https:\/\/recambiosecogas.com\/it\/#website","url":"https:\/\/recambiosecogas.com\/it\/","name":"Recambios EcoGas","description":"Recambios Multimarca para sistemas de GLP\/GNC\/GNL\/Hidr\u00f3geno","publisher":{"@id":"https:\/\/recambiosecogas.com\/it\/#organization"},"alternateName":"Recambios Autogas GLP","potentialAction":[{"@type":"SearchAction","target":{"@type":"EntryPoint","urlTemplate":"https:\/\/recambiosecogas.com\/it\/?s={search_term_string}"},"query-input":{"@type":"PropertyValueSpecification","valueRequired":true,"valueName":"search_term_string"}}],"inLanguage":"it-IT"},{"@type":["Organization","Place"],"@id":"https:\/\/recambiosecogas.com\/it\/#organization","name":"Recambios EcoGas","alternateName":"Tienda Online GLP Espa\u00f1a","url":"https:\/\/recambiosecogas.com\/it\/","logo":{"@id":"https:\/\/recambiosecogas.com\/it\/producto\/calentador-de-estacionamiento-webasto-calentador-de-agua-thermo-pro-90-d-12v-basic\/#local-main-organization-logo"},"image":{"@id":"https:\/\/recambiosecogas.com\/it\/producto\/calentador-de-estacionamiento-webasto-calentador-de-agua-thermo-pro-90-d-12v-basic\/#local-main-organization-logo"},"sameAs":["https:\/\/www.facebook.com\/profile.php?id=100062419705358","https:\/\/www.instagram.com\/segimon_automocio"],"description":"Recambios EcoGas \u2013 Venta y distribuci\u00f3n de sistemas GLP y GNC en Espa\u00f1a y Portugal. Env\u00edos 24 h, soporte t\u00e9cnico a talleres y distribuidores.","hasMerchantReturnPolicy":{"@type":"MerchantReturnPolicy","merchantReturnLink":"https:\/\/recambiosecogas.com\/politicas-privacidad\/"},"address":{"@id":"https:\/\/recambiosecogas.com\/it\/producto\/calentador-de-estacionamiento-webasto-calentador-de-agua-thermo-pro-90-d-12v-basic\/#local-main-place-address"},"telephone":["616250633"],"contactPoint":{"@type":"ContactPoint","email":"export@recambiosecogas.com"},"openingHoursSpecification":[{"@type":"OpeningHoursSpecification","dayOfWeek":["Monday","Tuesday","Wednesday","Thursday","Friday","Saturday","Sunday"],"opens":"09:00","closes":"17:00"}],"email":"info@recambiosecogas.com","faxNumber":"SEGIMON AUTOMOCION SL","vatID":"ESB19819861","globalLocationNumber":"938 616 339"},{"@type":"PostalAddress","@id":"https:\/\/recambiosecogas.com\/it\/producto\/calentador-de-estacionamiento-webasto-calentador-de-agua-thermo-pro-90-d-12v-basic\/#local-main-place-address","streetAddress":"cami antic de vic, 29 (Nave 3), Pol\u00edgono Industrial Congost","addressLocality":"CORRO D`AVALL","postalCode":"08520","addressRegion":"Barcelona","addressCountry":"ES"},{"@type":"ImageObject","inLanguage":"it-IT","@id":"https:\/\/recambiosecogas.com\/it\/producto\/calentador-de-estacionamiento-webasto-calentador-de-agua-thermo-pro-90-d-12v-basic\/#local-main-organization-logo","url":"https:\/\/recambiosecogas.com\/wp-content\/uploads\/2024\/11\/cropped-RECAMBIOS-GLP-png.webp","contentUrl":"https:\/\/recambiosecogas.com\/wp-content\/uploads\/2024\/11\/cropped-RECAMBIOS-GLP-png.webp","width":512,"height":512,"caption":"Recambios EcoGas"}]},"product_price_amount":"1975.01","product_price_currency":"EUR","og_availability":"out of stock","product_availability":"out of stock","product_retailer_item_id":"109862","product_condition":"new","geo.placename":"CORRO D`AVALL","geo.region":"Spagna"},"uagb_featured_image_src":{"full":["https:\/\/recambiosecogas.com\/wp-content\/uploads\/2025\/01\/Calentador-de-estacionamiento-Webasto-calentador-de-agua-Thermo-Pro-90-D-12V-Basic-png.webp",1000,1000,false],"thumbnail":["https:\/\/recambiosecogas.com\/wp-content\/uploads\/2025\/01\/Calentador-de-estacionamiento-Webasto-calentador-de-agua-Thermo-Pro-90-D-12V-Basic-150x150.webp",150,150,true],"medium":["https:\/\/recambiosecogas.com\/wp-content\/uploads\/2025\/01\/Calentador-de-estacionamiento-Webasto-calentador-de-agua-Thermo-Pro-90-D-12V-Basic-300x300.webp",300,300,true],"medium_large":["https:\/\/recambiosecogas.com\/wp-content\/uploads\/2025\/01\/Calentador-de-estacionamiento-Webasto-calentador-de-agua-Thermo-Pro-90-D-12V-Basic-768x768.webp",768,768,true],"large":["https:\/\/recambiosecogas.com\/wp-content\/uploads\/2025\/01\/Calentador-de-estacionamiento-Webasto-calentador-de-agua-Thermo-Pro-90-D-12V-Basic-png.webp",1000,1000,false],"1536x1536":["https:\/\/recambiosecogas.com\/wp-content\/uploads\/2025\/01\/Calentador-de-estacionamiento-Webasto-calentador-de-agua-Thermo-Pro-90-D-12V-Basic-png.webp",1000,1000,false],"2048x2048":["https:\/\/recambiosecogas.com\/wp-content\/uploads\/2025\/01\/Calentador-de-estacionamiento-Webasto-calentador-de-agua-Thermo-Pro-90-D-12V-Basic-png.webp",1000,1000,false],"woocommerce_archive_thumbnail":["https:\/\/recambiosecogas.com\/wp-content\/uploads\/2025\/01\/Calentador-de-estacionamiento-Webasto-calentador-de-agua-Thermo-Pro-90-D-12V-Basic-png.webp",1000,1000,false],"woocommerce_thumbnail":["https:\/\/recambiosecogas.com\/wp-content\/uploads\/2025\/01\/Calentador-de-estacionamiento-Webasto-calentador-de-agua-Thermo-Pro-90-D-12V-Basic-300x300.webp",300,300,true],"woocommerce_single":["https:\/\/recambiosecogas.com\/wp-content\/uploads\/2025\/01\/Calentador-de-estacionamiento-Webasto-calentador-de-agua-Thermo-Pro-90-D-12V-Basic-png.webp",1000,1000,false],"woocommerce_gallery_thumbnail":["https:\/\/recambiosecogas.com\/wp-content\/uploads\/2025\/01\/Calentador-de-estacionamiento-Webasto-calentador-de-agua-Thermo-Pro-90-D-12V-Basic-png.webp",1000,1000,false],"dgwt-wcas-product-suggestion":["https:\/\/recambiosecogas.com\/wp-content\/uploads\/2025\/01\/Calentador-de-estacionamiento-Webasto-calentador-de-agua-Thermo-Pro-90-D-12V-Basic-64x64.webp",64,64,true]},"uagb_author_info":{"display_name":"Fran - Soporte T\u00e9cnico","author_link":"https:\/\/recambiosecogas.com\/it\/author\/"},"uagb_comment_info":0,"uagb_excerpt":"WEBASTO","_links":{"self":[{"href":"https:\/\/recambiosecogas.com\/it\/wp-json\/wp\/v2\/product\/46068","targetHints":{"allow":["GET"]}}],"collection":[{"href":"https:\/\/recambiosecogas.com\/it\/wp-json\/wp\/v2\/product"}],"about":[{"href":"https:\/\/recambiosecogas.com\/it\/wp-json\/wp\/v2\/types\/product"}],"replies":[{"embeddable":true,"href":"https:\/\/recambiosecogas.com\/it\/wp-json\/wp\/v2\/comments?post=46068"}],"wp:featuredmedia":[{"embeddable":true,"href":"https:\/\/recambiosecogas.com\/it\/wp-json\/wp\/v2\/media\/46070"}],"wp:attachment":[{"href":"https:\/\/recambiosecogas.com\/it\/wp-json\/wp\/v2\/media?parent=46068"}],"wp:term":[{"taxonomy":"product_brand","embeddable":true,"href":"https:\/\/recambiosecogas.com\/it\/wp-json\/wp\/v2\/product_brand?post=46068"},{"taxonomy":"product_cat","embeddable":true,"href":"https:\/\/recambiosecogas.com\/it\/wp-json\/wp\/v2\/product_cat?post=46068"},{"taxonomy":"product_tag","embeddable":true,"href":"https:\/\/recambiosecogas.com\/it\/wp-json\/wp\/v2\/product_tag?post=46068"}],"curies":[{"name":"wp","href":"https:\/\/api.w.org\/{rel}","templated":true}]}}