{"id":45945,"date":"2025-02-24T12:02:28","date_gmt":"2025-02-24T11:02:28","guid":{"rendered":"https:\/\/recambiosecogas.com\/producto\/dometic-tcx14-12-24-230v-14l\/"},"modified":"2026-03-26T12:07:11","modified_gmt":"2026-03-26T11:07:11","slug":"dometic-tcx14-12-24-230v-14l","status":"publish","type":"product","link":"https:\/\/recambiosecogas.com\/it\/producto\/dometic-tcx14-12-24-230v-14l\/","title":{"rendered":"Dometic TCX14, 12 \/ 24 \/ 230V &#8211; 14L"},"content":{"rendered":"<p>Una nevera termoel\u00e9ctrica con un nuevo y refrescante dise\u00f1o. Para una refrigeraci\u00f3n y calefacci\u00f3n sencillas y eficientes durante los viajes.<\/p>\n<div class=\"y j2 e1 jp\">\n<p class=\"as g o ak\">Pr\u00e1ctica nevera a 12 o 24\u00a0V\u00a0CC y 230\u00a0V\u00a0CA<\/p>\n<\/div>\n<div class=\"y j2 e1 jp\">\n<p class=\"as g o ak\">Refrigera hasta 27\u00a0\u00b0C por debajo de la temperatura ambiente, conserva el calor hasta +65\u00a0\u00b0C por encima<\/p>\n<\/div>\n<div class=\"y j2 e1 jp\">\n<p class=\"as g o ak\">La protecci\u00f3n activa de la bater\u00eda evita la descarga excesiva de la bater\u00eda del veh\u00edculo<\/p>\n<\/div>\n<div class=\"y j2 e1 jp\">\n<p class=\"as g o ak\">Electr\u00f3nica especial TC muy eficiente, con circuito inteligente de ahorro de energ\u00eda<\/p>\n<\/div>\n<div class=\"y j2 e1 jp\">\n<p class=\"as g o ak\">Protecci\u00f3n contra polaridad inversa que ofrece conexiones el\u00e9ctricas sin problemas<\/p>\n<\/div>\n<div class=\"y j2 e1 jp\">\n<p class=\"as g o ak\">Circuito de prioridad para funcionamiento a trav\u00e9s de la red<\/p>\n<\/div>\n<div class=\"y j2 e1 jp\">\n<p class=\"as g o ak\">Ventilador resistente para una ventilaci\u00f3n interior din\u00e1mica<\/p>\n<\/div>\n<div class=\"y j2 e1 jp\">\n<p class=\"as g o ak\">2-stage battery protection<\/p>\n<div class=\"y j2 e1 jp\">\n<h3 class=\"h2 b7 h3 as hs cf g o h9\">Modelo en la etiqueta<\/h3>\n<p class=\"as g o ak\">TCX-14<\/p>\n<\/div>\n<div class=\"y j2 e1 jp\">\n<h3 class=\"h2 b7 h3 as hs cf g o h9\">Volumen de entrega<\/h3>\n<p class=\"as g o ak\">1 Cooling device, 1 Connection cable for cigarette lighter, 1 Connection cable for 220-240V, 1 User manual<\/p>\n<\/div>\n<div class=\"y j2 e1 jp\">\n<h3 class=\"h2 b7 h3 as hs cf g o h9\">Descripci\u00f3n del producto<\/h3>\n<p class=\"as g o ak\">Nevera termoel\u00e9ctrica port\u00e1til, 15\u00a0l<\/p>\n<\/div>\n<div class=\"y j2 e1 jp\">\n<h3 class=\"h2 b7 h3 as hs cf g o h9\">Tecnolog\u00eda de refrigeraci\u00f3n<\/h3>\n<p class=\"as g o ak\">Termoel\u00e9ctrico<\/p>\n<\/div>\n<\/div>\n<p>La <strong>Nevera Termoel\u00e9ctrica Dometic TCX14<\/strong> es un dispositivo de refrigeraci\u00f3n port\u00e1til dise\u00f1ado para ofrecer un rendimiento eficiente en viajes. Con un volumen de 14 litros, esta nevera puede refrigerar hasta 27 \u00b0C por debajo de la temperatura ambiente y calentar hasta +65 \u00b0C, lo que la convierte en una opci\u00f3n vers\u00e1til para mantener tus alimentos y bebidas a la temperatura adecuada.<\/p>\n<p>Equipado con tecnolog\u00eda termoel\u00e9ctrica, el modelo TCX14 cuenta con un sistema de protecci\u00f3n activa de la bater\u00eda que evita la descarga excesiva de la bater\u00eda del veh\u00edculo. Esto es crucial para quienes utilizan sistemas de Autogas, ya que garantiza un funcionamiento seguro y confiable durante los viajes. Adem\u00e1s, su electr\u00f3nica especial TC es altamente eficiente, incorporando un circuito inteligente de ahorro de energ\u00eda que optimiza el consumo el\u00e9ctrico.<\/p>\n<p>La nevera Dometic TCX14 incluye protecci\u00f3n contra polaridad inversa, asegurando conexiones el\u00e9ctricas sin problemas. Su dise\u00f1o tambi\u00e9n incluye un circuito de prioridad para el funcionamiento a trav\u00e9s de la red, lo que permite una mayor flexibilidad en su uso. Un ventilador resistente proporciona una ventilaci\u00f3n interior din\u00e1mica, mejorando la circulaci\u00f3n del aire y manteniendo la temperatura interna estable.<\/p>\n<h4>Datos t\u00e9cnicos<\/h4>\n<p>Modelo: <strong>TCX-14<\/strong><\/p>\n<p>Volumen de entrega: <strong>1 dispositivo de refrigeraci\u00f3n, 1 cable de conexi\u00f3n para encendedor de cigarrillos, 1 cable de conexi\u00f3n para 220-240V, 1 manual de usuario<\/strong>.<\/p>\n<h4>Compatibilidad<\/h4>\n<p>Compatible con sistemas de Autogas y veh\u00edculos que requieren refrigeraci\u00f3n eficiente. Se recomienda verificar la referencia original antes de realizar la compra.<\/p>\n","protected":false},"excerpt":{"rendered":"<p>DOMETIC<\/p>\n","protected":false},"featured_media":45947,"comment_status":"open","ping_status":"closed","template":"","meta":{"googlesitekit_rrm_CAowud7EDA:productID":"","_uag_custom_page_level_css":""},"product_brand":[],"product_cat":[2290],"product_tag":[],"class_list":{"0":"post-45945","1":"product","2":"type-product","3":"status-publish","4":"has-post-thumbnail","6":"product_cat-sistemas-de-refrigeracion-autocaravanas","8":"first","9":"onbackorder","10":"taxable","11":"shipping-taxable","12":"purchasable","13":"product-type-simple"},"ct_brands":[],"yoast_head":"<!-- This site is optimized with the Yoast SEO Premium plugin v27.4 (Yoast SEO v27.4) - https:\/\/yoast.com\/product\/yoast-seo-premium-wordpress\/ -->\n<title>Dometic TCX14, 12 \/ 24 \/ 230V - 14L | Recambios EcoGas | Sistemas GLP y GNC<\/title>\n<meta name=\"robots\" content=\"index, follow, max-snippet:-1, max-image-preview:large, max-video-preview:-1\" \/>\n<link rel=\"canonical\" href=\"https:\/\/recambiosecogas.com\/it\/producto\/dometic-tcx14-12-24-230v-14l\/\" \/>\n<meta property=\"og:locale\" content=\"it_IT\" \/>\n<meta property=\"og:type\" content=\"article\" \/>\n<meta property=\"og:title\" content=\"Dometic TCX14, 12 \/ 24 \/ 230V - 14L\" \/>\n<meta property=\"og:description\" content=\"DOMETIC\" \/>\n<meta property=\"og:url\" content=\"https:\/\/recambiosecogas.com\/it\/producto\/dometic-tcx14-12-24-230v-14l\/\" \/>\n<meta property=\"og:site_name\" content=\"Recambios EcoGas\" \/>\n<meta property=\"article:publisher\" content=\"https:\/\/www.facebook.com\/profile.php?id=100062419705358\" \/>\n<meta property=\"article:modified_time\" content=\"2026-03-26T11:07:11+00:00\" \/>\n<meta property=\"og:image\" content=\"https:\/\/recambiosecogas.com\/wp-content\/uploads\/2025\/02\/Dometic-TCX14-png.webp\" \/>\n\t<meta property=\"og:image:width\" content=\"1000\" \/>\n\t<meta property=\"og:image:height\" content=\"1000\" \/>\n\t<meta property=\"og:image:type\" content=\"image\/png\" \/>\n<meta name=\"twitter:card\" content=\"summary_large_image\" \/>\n<meta name=\"twitter:label1\" content=\"Prezzo\" \/>\n\t<meta name=\"twitter:data1\" content=\"200,00&nbsp;&euro; (IVA incl.: 242,00&nbsp;&euro;)\" \/>\n\t<meta name=\"twitter:label2\" content=\"Disponibilit\u00e0\" \/>\n\t<meta name=\"twitter:data2\" content=\"Su ordinazione\" \/>\n<script type=\"application\/ld+json\" class=\"yoast-schema-graph\">{\"@context\":\"https:\\\/\\\/schema.org\",\"@graph\":[{\"@type\":\"WebPage\",\"@id\":\"https:\\\/\\\/recambiosecogas.com\\\/it\\\/producto\\\/dometic-tcx14-12-24-230v-14l\\\/\",\"url\":\"https:\\\/\\\/recambiosecogas.com\\\/it\\\/producto\\\/dometic-tcx14-12-24-230v-14l\\\/\",\"name\":\"Dometic TCX14, 12 \\\/ 24 \\\/ 230V - 14L | Recambios EcoGas | Sistemas GLP y GNC\",\"isPartOf\":{\"@id\":\"https:\\\/\\\/recambiosecogas.com\\\/it\\\/#website\"},\"primaryImageOfPage\":{\"@id\":\"https:\\\/\\\/recambiosecogas.com\\\/it\\\/producto\\\/dometic-tcx14-12-24-230v-14l\\\/#primaryimage\"},\"image\":{\"@id\":\"https:\\\/\\\/recambiosecogas.com\\\/it\\\/producto\\\/dometic-tcx14-12-24-230v-14l\\\/#primaryimage\"},\"thumbnailUrl\":\"https:\\\/\\\/recambiosecogas.com\\\/wp-content\\\/uploads\\\/2025\\\/02\\\/Dometic-TCX14-png.webp\",\"datePublished\":\"2025-02-24T11:02:28+00:00\",\"dateModified\":\"2026-03-26T11:07:11+00:00\",\"breadcrumb\":{\"@id\":\"https:\\\/\\\/recambiosecogas.com\\\/it\\\/producto\\\/dometic-tcx14-12-24-230v-14l\\\/#breadcrumb\"},\"inLanguage\":\"it-IT\",\"potentialAction\":[{\"@type\":\"ReadAction\",\"target\":[\"https:\\\/\\\/recambiosecogas.com\\\/it\\\/producto\\\/dometic-tcx14-12-24-230v-14l\\\/\"]}]},{\"@type\":\"ImageObject\",\"inLanguage\":\"it-IT\",\"@id\":\"https:\\\/\\\/recambiosecogas.com\\\/it\\\/producto\\\/dometic-tcx14-12-24-230v-14l\\\/#primaryimage\",\"url\":\"https:\\\/\\\/recambiosecogas.com\\\/wp-content\\\/uploads\\\/2025\\\/02\\\/Dometic-TCX14-png.webp\",\"contentUrl\":\"https:\\\/\\\/recambiosecogas.com\\\/wp-content\\\/uploads\\\/2025\\\/02\\\/Dometic-TCX14-png.webp\",\"width\":1000,\"height\":1000},{\"@type\":\"BreadcrumbList\",\"@id\":\"https:\\\/\\\/recambiosecogas.com\\\/it\\\/producto\\\/dometic-tcx14-12-24-230v-14l\\\/#breadcrumb\",\"itemListElement\":[{\"@type\":\"ListItem\",\"position\":1,\"name\":\"Portada\",\"item\":\"https:\\\/\\\/recambiosecogas.com\\\/it\\\/\"},{\"@type\":\"ListItem\",\"position\":2,\"name\":\"Negozio\",\"item\":\"https:\\\/\\\/recambiosecogas.com\\\/it\\\/?page_id=46382\"},{\"@type\":\"ListItem\",\"position\":3,\"name\":\"Dometic TCX14, 12 \\\/ 24 \\\/ 230V &#8211; 14L\"}]},{\"@type\":\"WebSite\",\"@id\":\"https:\\\/\\\/recambiosecogas.com\\\/it\\\/#website\",\"url\":\"https:\\\/\\\/recambiosecogas.com\\\/it\\\/\",\"name\":\"Recambios EcoGas\",\"description\":\"Recambios Multimarca para sistemas de GLP\\\/GNC\\\/GNL\\\/Hidr\u00f3geno\",\"publisher\":{\"@id\":\"https:\\\/\\\/recambiosecogas.com\\\/it\\\/#organization\"},\"alternateName\":\"Recambios Autogas GLP\",\"potentialAction\":[{\"@type\":\"SearchAction\",\"target\":{\"@type\":\"EntryPoint\",\"urlTemplate\":\"https:\\\/\\\/recambiosecogas.com\\\/it\\\/?s={search_term_string}\"},\"query-input\":{\"@type\":\"PropertyValueSpecification\",\"valueRequired\":true,\"valueName\":\"search_term_string\"}}],\"inLanguage\":\"it-IT\"},{\"@type\":[\"Organization\",\"Place\"],\"@id\":\"https:\\\/\\\/recambiosecogas.com\\\/it\\\/#organization\",\"name\":\"Recambios EcoGas\",\"alternateName\":\"Tienda Online GLP Espa\u00f1a\",\"url\":\"https:\\\/\\\/recambiosecogas.com\\\/it\\\/\",\"logo\":{\"@id\":\"https:\\\/\\\/recambiosecogas.com\\\/it\\\/producto\\\/dometic-tcx14-12-24-230v-14l\\\/#local-main-organization-logo\"},\"image\":{\"@id\":\"https:\\\/\\\/recambiosecogas.com\\\/it\\\/producto\\\/dometic-tcx14-12-24-230v-14l\\\/#local-main-organization-logo\"},\"sameAs\":[\"https:\\\/\\\/www.facebook.com\\\/profile.php?id=100062419705358\",\"https:\\\/\\\/www.instagram.com\\\/segimon_automocio\"],\"description\":\"Recambios EcoGas \u2013 Venta y distribuci\u00f3n de sistemas GLP y GNC en Espa\u00f1a y Portugal. Env\u00edos 24 h, soporte t\u00e9cnico a talleres y distribuidores.\",\"hasMerchantReturnPolicy\":{\"@type\":\"MerchantReturnPolicy\",\"merchantReturnLink\":\"https:\\\/\\\/recambiosecogas.com\\\/politicas-privacidad\\\/\"},\"address\":{\"@id\":\"https:\\\/\\\/recambiosecogas.com\\\/it\\\/producto\\\/dometic-tcx14-12-24-230v-14l\\\/#local-main-place-address\"},\"telephone\":[\"616250633\"],\"contactPoint\":{\"@type\":\"ContactPoint\",\"email\":\"export@recambiosecogas.com\"},\"openingHoursSpecification\":[{\"@type\":\"OpeningHoursSpecification\",\"dayOfWeek\":[\"Monday\",\"Tuesday\",\"Wednesday\",\"Thursday\",\"Friday\",\"Saturday\",\"Sunday\"],\"opens\":\"09:00\",\"closes\":\"17:00\"}],\"email\":\"info@recambiosecogas.com\",\"faxNumber\":\"SEGIMON AUTOMOCION SL\",\"vatID\":\"ESB19819861\",\"globalLocationNumber\":\"938 616 339\"},{\"@type\":\"PostalAddress\",\"@id\":\"https:\\\/\\\/recambiosecogas.com\\\/it\\\/producto\\\/dometic-tcx14-12-24-230v-14l\\\/#local-main-place-address\",\"streetAddress\":\"cami antic de vic, 29 (Nave 3), Pol\u00edgono Industrial Congost\",\"addressLocality\":\"CORRO D`AVALL\",\"postalCode\":\"08520\",\"addressRegion\":\"Barcelona\",\"addressCountry\":\"ES\"},{\"@type\":\"ImageObject\",\"inLanguage\":\"it-IT\",\"@id\":\"https:\\\/\\\/recambiosecogas.com\\\/it\\\/producto\\\/dometic-tcx14-12-24-230v-14l\\\/#local-main-organization-logo\",\"url\":\"https:\\\/\\\/recambiosecogas.com\\\/wp-content\\\/uploads\\\/2024\\\/11\\\/cropped-RECAMBIOS-GLP-png.webp\",\"contentUrl\":\"https:\\\/\\\/recambiosecogas.com\\\/wp-content\\\/uploads\\\/2024\\\/11\\\/cropped-RECAMBIOS-GLP-png.webp\",\"width\":512,\"height\":512,\"caption\":\"Recambios EcoGas\"}]}<\/script>\n<meta property=\"product:price:amount\" content=\"200.00\" \/>\n<meta property=\"product:price:currency\" content=\"EUR\" \/>\n<meta property=\"og:availability\" content=\"backorder\" \/>\n<meta property=\"product:availability\" content=\"available for order\" \/>\n<meta property=\"product:retailer_item_id\" content=\"116532A\" \/>\n<meta property=\"product:condition\" content=\"new\" \/>\n<meta name=\"geo.placename\" content=\"CORRO D`AVALL\" \/>\n<meta name=\"geo.region\" content=\"Spagna\" \/>\n<!-- \/ Yoast SEO Premium plugin. -->","yoast_head_json":{"title":"Dometic TCX14, 12 \/ 24 \/ 230V - 14L | Recambios EcoGas | Sistemas GLP y GNC","robots":{"index":"index","follow":"follow","max-snippet":"max-snippet:-1","max-image-preview":"max-image-preview:large","max-video-preview":"max-video-preview:-1"},"canonical":"https:\/\/recambiosecogas.com\/it\/producto\/dometic-tcx14-12-24-230v-14l\/","og_locale":"it_IT","og_type":"article","og_title":"Dometic TCX14, 12 \/ 24 \/ 230V - 14L","og_description":"DOMETIC","og_url":"https:\/\/recambiosecogas.com\/it\/producto\/dometic-tcx14-12-24-230v-14l\/","og_site_name":"Recambios EcoGas","article_publisher":"https:\/\/www.facebook.com\/profile.php?id=100062419705358","article_modified_time":"2026-03-26T11:07:11+00:00","og_image":[{"width":1000,"height":1000,"url":"https:\/\/recambiosecogas.com\/wp-content\/uploads\/2025\/02\/Dometic-TCX14-png.webp","type":"image\/png"}],"twitter_card":"summary_large_image","twitter_misc":{"Prezzo":"200,00&nbsp;&euro; (IVA incl.: 242,00&nbsp;&euro;)","Disponibilit\u00e0":"Su ordinazione"},"schema":{"@context":"https:\/\/schema.org","@graph":[{"@type":"WebPage","@id":"https:\/\/recambiosecogas.com\/it\/producto\/dometic-tcx14-12-24-230v-14l\/","url":"https:\/\/recambiosecogas.com\/it\/producto\/dometic-tcx14-12-24-230v-14l\/","name":"Dometic TCX14, 12 \/ 24 \/ 230V - 14L | Recambios EcoGas | Sistemas GLP y GNC","isPartOf":{"@id":"https:\/\/recambiosecogas.com\/it\/#website"},"primaryImageOfPage":{"@id":"https:\/\/recambiosecogas.com\/it\/producto\/dometic-tcx14-12-24-230v-14l\/#primaryimage"},"image":{"@id":"https:\/\/recambiosecogas.com\/it\/producto\/dometic-tcx14-12-24-230v-14l\/#primaryimage"},"thumbnailUrl":"https:\/\/recambiosecogas.com\/wp-content\/uploads\/2025\/02\/Dometic-TCX14-png.webp","datePublished":"2025-02-24T11:02:28+00:00","dateModified":"2026-03-26T11:07:11+00:00","breadcrumb":{"@id":"https:\/\/recambiosecogas.com\/it\/producto\/dometic-tcx14-12-24-230v-14l\/#breadcrumb"},"inLanguage":"it-IT","potentialAction":[{"@type":"ReadAction","target":["https:\/\/recambiosecogas.com\/it\/producto\/dometic-tcx14-12-24-230v-14l\/"]}]},{"@type":"ImageObject","inLanguage":"it-IT","@id":"https:\/\/recambiosecogas.com\/it\/producto\/dometic-tcx14-12-24-230v-14l\/#primaryimage","url":"https:\/\/recambiosecogas.com\/wp-content\/uploads\/2025\/02\/Dometic-TCX14-png.webp","contentUrl":"https:\/\/recambiosecogas.com\/wp-content\/uploads\/2025\/02\/Dometic-TCX14-png.webp","width":1000,"height":1000},{"@type":"BreadcrumbList","@id":"https:\/\/recambiosecogas.com\/it\/producto\/dometic-tcx14-12-24-230v-14l\/#breadcrumb","itemListElement":[{"@type":"ListItem","position":1,"name":"Portada","item":"https:\/\/recambiosecogas.com\/it\/"},{"@type":"ListItem","position":2,"name":"Negozio","item":"https:\/\/recambiosecogas.com\/it\/?page_id=46382"},{"@type":"ListItem","position":3,"name":"Dometic TCX14, 12 \/ 24 \/ 230V &#8211; 14L"}]},{"@type":"WebSite","@id":"https:\/\/recambiosecogas.com\/it\/#website","url":"https:\/\/recambiosecogas.com\/it\/","name":"Recambios EcoGas","description":"Recambios Multimarca para sistemas de GLP\/GNC\/GNL\/Hidr\u00f3geno","publisher":{"@id":"https:\/\/recambiosecogas.com\/it\/#organization"},"alternateName":"Recambios Autogas GLP","potentialAction":[{"@type":"SearchAction","target":{"@type":"EntryPoint","urlTemplate":"https:\/\/recambiosecogas.com\/it\/?s={search_term_string}"},"query-input":{"@type":"PropertyValueSpecification","valueRequired":true,"valueName":"search_term_string"}}],"inLanguage":"it-IT"},{"@type":["Organization","Place"],"@id":"https:\/\/recambiosecogas.com\/it\/#organization","name":"Recambios EcoGas","alternateName":"Tienda Online GLP Espa\u00f1a","url":"https:\/\/recambiosecogas.com\/it\/","logo":{"@id":"https:\/\/recambiosecogas.com\/it\/producto\/dometic-tcx14-12-24-230v-14l\/#local-main-organization-logo"},"image":{"@id":"https:\/\/recambiosecogas.com\/it\/producto\/dometic-tcx14-12-24-230v-14l\/#local-main-organization-logo"},"sameAs":["https:\/\/www.facebook.com\/profile.php?id=100062419705358","https:\/\/www.instagram.com\/segimon_automocio"],"description":"Recambios EcoGas \u2013 Venta y distribuci\u00f3n de sistemas GLP y GNC en Espa\u00f1a y Portugal. Env\u00edos 24 h, soporte t\u00e9cnico a talleres y distribuidores.","hasMerchantReturnPolicy":{"@type":"MerchantReturnPolicy","merchantReturnLink":"https:\/\/recambiosecogas.com\/politicas-privacidad\/"},"address":{"@id":"https:\/\/recambiosecogas.com\/it\/producto\/dometic-tcx14-12-24-230v-14l\/#local-main-place-address"},"telephone":["616250633"],"contactPoint":{"@type":"ContactPoint","email":"export@recambiosecogas.com"},"openingHoursSpecification":[{"@type":"OpeningHoursSpecification","dayOfWeek":["Monday","Tuesday","Wednesday","Thursday","Friday","Saturday","Sunday"],"opens":"09:00","closes":"17:00"}],"email":"info@recambiosecogas.com","faxNumber":"SEGIMON AUTOMOCION SL","vatID":"ESB19819861","globalLocationNumber":"938 616 339"},{"@type":"PostalAddress","@id":"https:\/\/recambiosecogas.com\/it\/producto\/dometic-tcx14-12-24-230v-14l\/#local-main-place-address","streetAddress":"cami antic de vic, 29 (Nave 3), Pol\u00edgono Industrial Congost","addressLocality":"CORRO D`AVALL","postalCode":"08520","addressRegion":"Barcelona","addressCountry":"ES"},{"@type":"ImageObject","inLanguage":"it-IT","@id":"https:\/\/recambiosecogas.com\/it\/producto\/dometic-tcx14-12-24-230v-14l\/#local-main-organization-logo","url":"https:\/\/recambiosecogas.com\/wp-content\/uploads\/2024\/11\/cropped-RECAMBIOS-GLP-png.webp","contentUrl":"https:\/\/recambiosecogas.com\/wp-content\/uploads\/2024\/11\/cropped-RECAMBIOS-GLP-png.webp","width":512,"height":512,"caption":"Recambios EcoGas"}]},"product_price_amount":"200.00","product_price_currency":"EUR","og_availability":"backorder","product_availability":"available for order","product_retailer_item_id":"116532A","product_condition":"new","geo.placename":"CORRO D`AVALL","geo.region":"Spagna"},"uagb_featured_image_src":{"full":["https:\/\/recambiosecogas.com\/wp-content\/uploads\/2025\/02\/Dometic-TCX14-png.webp",1000,1000,false],"thumbnail":["https:\/\/recambiosecogas.com\/wp-content\/uploads\/2025\/02\/Dometic-TCX14-150x150.webp",150,150,true],"medium":["https:\/\/recambiosecogas.com\/wp-content\/uploads\/2025\/02\/Dometic-TCX14-300x300.webp",300,300,true],"medium_large":["https:\/\/recambiosecogas.com\/wp-content\/uploads\/2025\/02\/Dometic-TCX14-768x768.webp",768,768,true],"large":["https:\/\/recambiosecogas.com\/wp-content\/uploads\/2025\/02\/Dometic-TCX14-png.webp",1000,1000,false],"1536x1536":["https:\/\/recambiosecogas.com\/wp-content\/uploads\/2025\/02\/Dometic-TCX14-png.webp",1000,1000,false],"2048x2048":["https:\/\/recambiosecogas.com\/wp-content\/uploads\/2025\/02\/Dometic-TCX14-png.webp",1000,1000,false],"woocommerce_archive_thumbnail":["https:\/\/recambiosecogas.com\/wp-content\/uploads\/2025\/02\/Dometic-TCX14-png.webp",1000,1000,false],"woocommerce_thumbnail":["https:\/\/recambiosecogas.com\/wp-content\/uploads\/2025\/02\/Dometic-TCX14-300x300.webp",300,300,true],"woocommerce_single":["https:\/\/recambiosecogas.com\/wp-content\/uploads\/2025\/02\/Dometic-TCX14-png.webp",1000,1000,false],"woocommerce_gallery_thumbnail":["https:\/\/recambiosecogas.com\/wp-content\/uploads\/2025\/02\/Dometic-TCX14-png.webp",1000,1000,false],"dgwt-wcas-product-suggestion":["https:\/\/recambiosecogas.com\/wp-content\/uploads\/2025\/02\/Dometic-TCX14-64x64.webp",64,64,true]},"uagb_author_info":{"display_name":"Fran - Soporte T\u00e9cnico","author_link":"https:\/\/recambiosecogas.com\/it\/author\/"},"uagb_comment_info":0,"uagb_excerpt":"DOMETIC","_links":{"self":[{"href":"https:\/\/recambiosecogas.com\/it\/wp-json\/wp\/v2\/product\/45945","targetHints":{"allow":["GET"]}}],"collection":[{"href":"https:\/\/recambiosecogas.com\/it\/wp-json\/wp\/v2\/product"}],"about":[{"href":"https:\/\/recambiosecogas.com\/it\/wp-json\/wp\/v2\/types\/product"}],"replies":[{"embeddable":true,"href":"https:\/\/recambiosecogas.com\/it\/wp-json\/wp\/v2\/comments?post=45945"}],"wp:featuredmedia":[{"embeddable":true,"href":"https:\/\/recambiosecogas.com\/it\/wp-json\/wp\/v2\/media\/45947"}],"wp:attachment":[{"href":"https:\/\/recambiosecogas.com\/it\/wp-json\/wp\/v2\/media?parent=45945"}],"wp:term":[{"taxonomy":"product_brand","embeddable":true,"href":"https:\/\/recambiosecogas.com\/it\/wp-json\/wp\/v2\/product_brand?post=45945"},{"taxonomy":"product_cat","embeddable":true,"href":"https:\/\/recambiosecogas.com\/it\/wp-json\/wp\/v2\/product_cat?post=45945"},{"taxonomy":"product_tag","embeddable":true,"href":"https:\/\/recambiosecogas.com\/it\/wp-json\/wp\/v2\/product_tag?post=45945"}],"curies":[{"name":"wp","href":"https:\/\/api.w.org\/{rel}","templated":true}]}}