{"id":45935,"date":"2025-02-24T12:02:30","date_gmt":"2025-02-24T11:02:30","guid":{"rendered":"https:\/\/recambiosecogas.com\/producto\/dometic-cfx3-45-version-ue\/"},"modified":"2026-03-26T12:07:16","modified_gmt":"2026-03-26T11:07:16","slug":"dometic-cfx3-45-version-ue","status":"publish","type":"product","link":"https:\/\/recambiosecogas.com\/it\/producto\/dometic-cfx3-45-version-ue\/","title":{"rendered":"Dometic CFX3 45 &#8211; Versi\u00f3n UE"},"content":{"rendered":"<p><strong>Nevera y congelador de compresor port\u00e1til, 40 l A++.<\/strong><\/p>\n<p>Gran capacidad de almacenamiento de 40 l.<br \/>\nEstructura ligera y duradera ExoFrame con bordes reforzados con un marco de protecci\u00f3n y asas en aleaci\u00f3n de aluminio.<br \/>\nLa potente tecnolog\u00eda de refrigeraci\u00f3n de compresor VMSO3 refrigera de manera eficiente y congela hasta -22 \u00b0C.<br \/>\nLa pantalla a color de alta resoluci\u00f3n y f\u00e1cil lectura y los botones de tacto suave permiten un control y supervisi\u00f3n sencillos del rendimiento del fr\u00edo.<br \/>\nLa aplicaci\u00f3n de CFX3 permite controlar la temperatura a trav\u00e9s de wifi o Bluetooth y ofrece historial de rendimiento.<br \/>\nEl sistema de protecci\u00f3n de bater\u00eda din\u00e1mico de tres etapas evita que se agote la bater\u00eda del veh\u00edculo o permite una mayor optimizaci\u00f3n del consumo con dos bater\u00edas.<br \/>\nLa tecnolog\u00eda de cierre proporciona un hermetismo excepcional para conservar el fr\u00edo y reducir el consumo energ\u00e9tico.<\/p>\n<p><u>Dimensiones<\/u><br \/>\nDimensiones de la profundidad del producto 694 mm.<br \/>\nDimensiones de la altura del producto 476 mm.<br \/>\nDimensiones de la anchura del producto 398 mm.<br \/>\nPeso neto 18,7 kg.<br \/>\nVolumen bruto (EN62552) 46 l.<br \/>\nVolumen de almacenamiento &#8211; total (EN62552) 40 l.<\/p>\n<p><u>Electricidad<\/u><br \/>\nTensi\u00f3n de entrada (CA; [V] 100-240 V.<br \/>\nTensi\u00f3n de entrada (CC) 12\/24 V.<br \/>\nCorriente de entrada nominal (CA) 0.96A at 100V, 0.40A at 240V A.<br \/>\nCorriente de entrada nominal (CC) 8.2 A.<br \/>\nTensi\u00f3n de entrada nominal (CA) 52 W.<br \/>\nFrecuencia de entrada 50\/60 Hz.<\/p>\n<p><u>Rendimiento<\/u><br \/>\nRefrigerante, tipo R134a.<br \/>\nGWP 1430.<br \/>\nCantidad de refrigerante 42 g.<br \/>\nCO2 equivalente 0.06 t.<br \/>\nConsumo energ\u00e9tico medio en CA (EN62552) 0.22 kWh\/24h.<br \/>\nConsumo de energ\u00eda 12 V CC (Ambiente a 32 \u00baC, Interna a 4 \u00baC) 1.03 Ah\/h.<br \/>\nClasificaci\u00f3n energ\u00e9tica de la UE (1060\/2010\/EC) A++.<br \/>\nClase de climatizaci\u00f3n (EN62552) N\/T.<br \/>\nGrosor de aislamiento 55.00 mm.<br \/>\nTipo de aislamiento PU (Polyurethane).<\/p>\n<p><u>Adicional<\/u><br \/>\nColor Slate \/ Mist.<br \/>\nPuerto USB 5V, 2A.<br \/>\nConnectivity Type Bluetooth, WiFi.<br \/>\nCesta S\u00ed.<br \/>\nInsertos roscados en la base para montaje M6.<br \/>\nTap\u00f3n de drenaje S\u00ed.<br \/>\nAnti-condensation coil S\u00ed.<br \/>\nIluminaci\u00f3n interior S\u00ed, LED.<br \/>\nCertificados ECE R10, CB, CE, GS.<br \/>\nLongitud del cable de corriente 2 m.<\/p>\n<p>La <strong>nevera y congelador port\u00e1til Dometic CFX3 45<\/strong> es un componente esencial para quienes buscan una soluci\u00f3n de refrigeraci\u00f3n eficiente en sus veh\u00edculos, especialmente en aplicaciones que utilizan sistemas de <strong>Autogas<\/strong>. Con una capacidad de almacenamiento de <strong>40 litros<\/strong>, este dispositivo combina un dise\u00f1o ligero y duradero con tecnolog\u00eda avanzada para garantizar un rendimiento \u00f3ptimo.<\/p>\n<p>Equipado con la potente tecnolog\u00eda de refrigeraci\u00f3n de compresor <strong>VMSO3<\/strong>, el CFX3 45 puede enfriar de manera eficiente y congelar hasta <strong>-22 \u00b0C<\/strong>. Su pantalla a color de alta resoluci\u00f3n y botones de tacto suave permiten un control y supervisi\u00f3n sencillos del rendimiento de refrigeraci\u00f3n. Adem\u00e1s, la aplicaci\u00f3n de CFX3 facilita el control de la temperatura a trav\u00e9s de <strong>wifi<\/strong> o <strong>Bluetooth<\/strong>, ofreciendo un historial de rendimiento para una gesti\u00f3n m\u00e1s efectiva.<\/p>\n<p>Este modelo cuenta con un sistema de protecci\u00f3n de bater\u00eda din\u00e1mico de tres etapas que previene el agotamiento de la bater\u00eda del veh\u00edculo, optimizando el consumo energ\u00e9tico. La tecnolog\u00eda de cierre proporciona un hermetismo excepcional, conservando el fr\u00edo y reduciendo el consumo energ\u00e9tico.<\/p>\n<h4>Datos t\u00e9cnicos<\/h4>\n<p><strong>Dimensiones:<\/strong><br \/>\nProfundidad: <strong>694 mm<\/strong><br \/>\nAltura: <strong>476 mm<\/strong><br \/>\nAnchura: <strong>398 mm<\/strong><br \/>\nPeso neto: <strong>18,7 kg<\/strong><br \/>\nVolumen bruto (EN62552): <strong>46 l<\/strong><br \/>\nVolumen de almacenamiento total (EN62552): <strong>40 l<\/strong><\/p>\n<h4>Electricidad<\/h4>\n<p><strong>Tensi\u00f3n de entrada:<\/strong><br \/>\nCA: <strong>100-240 V<\/strong><br \/>\nCC: <strong>12\/24 V<\/strong><br \/>\nCorriente de entrada nominal (CA): <strong>0.96A<\/strong> a 100V, <strong>0.40A<\/strong> a 240V<br \/>\nCorriente de entrada nominal (CC): <strong>8.2 A<\/strong><br \/>\nTensi\u00f3n de entrada nominal (CA): <strong>52 W<\/strong><br \/>\nFrecuencia de entrada: <strong>50\/60 Hz<\/strong><\/p>\n<h4>Rendimiento<\/h4>\n<p><strong>Refrigerante:<\/strong> tipo R134a<br \/>\nGWP: <strong>1430<\/strong><br \/>\nCantidad de refrigerante: <strong>42 g<\/strong><br \/>\nCO2 equivalente: <strong>0.06 t<\/strong><br \/>\nConsumo energ\u00e9tico medio en CA (EN62552): <strong>0.22 kWh\/24h<\/strong><br \/>\nConsumo de energ\u00eda 12 V CC (Ambiente a 32 \u00baC, Interna a 4 \u00baC): <strong>1.03 Ah\/h<\/strong><br \/>\nClasificaci\u00f3n energ\u00e9tica de la UE (1060\/2010\/EC): <strong>A++<\/strong><br \/>\nClase de climatizaci\u00f3n (EN62552): <strong>N\/T<\/strong><br \/>\nGrosor de aislamiento: <strong>55.00 mm<\/strong><br \/>\nTipo de aislamiento: <strong>PU (Polyurethane)<\/strong><\/p>\n<h4>Adicional<\/h4>\n<p><strong>Color:<\/strong> Slate \/ Mist<br \/>\nPuerto USB: <strong>5V, 2A<\/strong><br \/>\nTipo de conectividad: <strong>Bluetooth, WiFi<\/strong><br \/>\nCesta: S\u00ed<br \/>\nInsertos roscados en la base para montaje: <strong>M6<\/strong><br \/>\nTap\u00f3n de drenaje: S\u00ed<br \/>\nAnti-condensation coil: S\u00ed<br \/>\nIluminaci\u00f3n interior: S\u00ed, LED<br \/>\nCertificados: <strong>ECE R10, CB, CE, GS<\/strong><br \/>\nLongitud del cable de corriente: <strong>2 m<\/strong><\/p>\n","protected":false},"excerpt":{"rendered":"<p>DOMETIC<\/p>\n","protected":false},"featured_media":45937,"comment_status":"open","ping_status":"closed","template":"","meta":{"googlesitekit_rrm_CAowud7EDA:productID":"","_uag_custom_page_level_css":""},"product_brand":[],"product_cat":[2290],"product_tag":[],"class_list":{"0":"post-45935","1":"product","2":"type-product","3":"status-publish","4":"has-post-thumbnail","6":"product_cat-sistemas-de-refrigeracion-autocaravanas","8":"first","9":"onbackorder","10":"taxable","11":"shipping-taxable","12":"purchasable","13":"product-type-simple"},"ct_brands":[],"yoast_head":"<!-- This site is optimized with the Yoast SEO Premium plugin v27.3 (Yoast SEO v27.3) - https:\/\/yoast.com\/product\/yoast-seo-premium-wordpress\/ -->\n<title>Dometic CFX3 45 - Versi\u00f3n UE | Recambios EcoGas | Sistemas GLP y GNC<\/title>\n<meta name=\"robots\" content=\"index, follow, max-snippet:-1, max-image-preview:large, max-video-preview:-1\" \/>\n<link rel=\"canonical\" href=\"https:\/\/recambiosecogas.com\/it\/producto\/dometic-cfx3-45-version-ue\/\" \/>\n<meta property=\"og:locale\" content=\"it_IT\" \/>\n<meta property=\"og:type\" content=\"article\" \/>\n<meta property=\"og:title\" content=\"Dometic CFX3 45 - Versi\u00f3n UE\" \/>\n<meta property=\"og:description\" content=\"DOMETIC\" \/>\n<meta property=\"og:url\" content=\"https:\/\/recambiosecogas.com\/it\/producto\/dometic-cfx3-45-version-ue\/\" \/>\n<meta property=\"og:site_name\" content=\"Recambios EcoGas\" \/>\n<meta property=\"article:publisher\" content=\"https:\/\/www.facebook.com\/profile.php?id=100062419705358\" \/>\n<meta property=\"article:modified_time\" content=\"2026-03-26T11:07:16+00:00\" \/>\n<meta property=\"og:image\" content=\"https:\/\/recambiosecogas.com\/wp-content\/uploads\/2025\/02\/Dometic-CFX3-45-png.webp\" \/>\n\t<meta property=\"og:image:width\" content=\"1000\" \/>\n\t<meta property=\"og:image:height\" content=\"1000\" \/>\n\t<meta property=\"og:image:type\" content=\"image\/png\" \/>\n<meta name=\"twitter:card\" content=\"summary_large_image\" \/>\n<meta name=\"twitter:label1\" content=\"Prezzo\" \/>\n\t<meta name=\"twitter:data1\" content=\"918,93&nbsp;&euro; (IVA incl.: 1.111,91&nbsp;&euro;)\" \/>\n\t<meta name=\"twitter:label2\" content=\"Disponibilit\u00e0\" \/>\n\t<meta name=\"twitter:data2\" content=\"Su ordinazione\" \/>\n<script type=\"application\/ld+json\" class=\"yoast-schema-graph\">{\"@context\":\"https:\\\/\\\/schema.org\",\"@graph\":[{\"@type\":\"WebPage\",\"@id\":\"https:\\\/\\\/recambiosecogas.com\\\/it\\\/producto\\\/dometic-cfx3-45-version-ue\\\/\",\"url\":\"https:\\\/\\\/recambiosecogas.com\\\/it\\\/producto\\\/dometic-cfx3-45-version-ue\\\/\",\"name\":\"Dometic CFX3 45 - Versi\u00f3n UE | Recambios EcoGas | Sistemas GLP y GNC\",\"isPartOf\":{\"@id\":\"https:\\\/\\\/recambiosecogas.com\\\/it\\\/#website\"},\"primaryImageOfPage\":{\"@id\":\"https:\\\/\\\/recambiosecogas.com\\\/it\\\/producto\\\/dometic-cfx3-45-version-ue\\\/#primaryimage\"},\"image\":{\"@id\":\"https:\\\/\\\/recambiosecogas.com\\\/it\\\/producto\\\/dometic-cfx3-45-version-ue\\\/#primaryimage\"},\"thumbnailUrl\":\"https:\\\/\\\/recambiosecogas.com\\\/wp-content\\\/uploads\\\/2025\\\/02\\\/Dometic-CFX3-45-png.webp\",\"datePublished\":\"2025-02-24T11:02:30+00:00\",\"dateModified\":\"2026-03-26T11:07:16+00:00\",\"breadcrumb\":{\"@id\":\"https:\\\/\\\/recambiosecogas.com\\\/it\\\/producto\\\/dometic-cfx3-45-version-ue\\\/#breadcrumb\"},\"inLanguage\":\"it-IT\",\"potentialAction\":[{\"@type\":\"ReadAction\",\"target\":[\"https:\\\/\\\/recambiosecogas.com\\\/it\\\/producto\\\/dometic-cfx3-45-version-ue\\\/\"]}]},{\"@type\":\"ImageObject\",\"inLanguage\":\"it-IT\",\"@id\":\"https:\\\/\\\/recambiosecogas.com\\\/it\\\/producto\\\/dometic-cfx3-45-version-ue\\\/#primaryimage\",\"url\":\"https:\\\/\\\/recambiosecogas.com\\\/wp-content\\\/uploads\\\/2025\\\/02\\\/Dometic-CFX3-45-png.webp\",\"contentUrl\":\"https:\\\/\\\/recambiosecogas.com\\\/wp-content\\\/uploads\\\/2025\\\/02\\\/Dometic-CFX3-45-png.webp\",\"width\":1000,\"height\":1000},{\"@type\":\"BreadcrumbList\",\"@id\":\"https:\\\/\\\/recambiosecogas.com\\\/it\\\/producto\\\/dometic-cfx3-45-version-ue\\\/#breadcrumb\",\"itemListElement\":[{\"@type\":\"ListItem\",\"position\":1,\"name\":\"Portada\",\"item\":\"https:\\\/\\\/recambiosecogas.com\\\/it\\\/\"},{\"@type\":\"ListItem\",\"position\":2,\"name\":\"Negozio\",\"item\":\"https:\\\/\\\/recambiosecogas.com\\\/it\\\/?page_id=46382\"},{\"@type\":\"ListItem\",\"position\":3,\"name\":\"Dometic CFX3 45 &#8211; Versi\u00f3n UE\"}]},{\"@type\":\"WebSite\",\"@id\":\"https:\\\/\\\/recambiosecogas.com\\\/it\\\/#website\",\"url\":\"https:\\\/\\\/recambiosecogas.com\\\/it\\\/\",\"name\":\"Recambios EcoGas\",\"description\":\"Recambios Multimarca para sistemas de GLP\\\/GNC\\\/GNL\\\/Hidr\u00f3geno\",\"publisher\":{\"@id\":\"https:\\\/\\\/recambiosecogas.com\\\/it\\\/#organization\"},\"alternateName\":\"Recambios Autogas GLP\",\"potentialAction\":[{\"@type\":\"SearchAction\",\"target\":{\"@type\":\"EntryPoint\",\"urlTemplate\":\"https:\\\/\\\/recambiosecogas.com\\\/it\\\/?s={search_term_string}\"},\"query-input\":{\"@type\":\"PropertyValueSpecification\",\"valueRequired\":true,\"valueName\":\"search_term_string\"}}],\"inLanguage\":\"it-IT\"},{\"@type\":[\"Organization\",\"Place\"],\"@id\":\"https:\\\/\\\/recambiosecogas.com\\\/it\\\/#organization\",\"name\":\"Recambios EcoGas\",\"alternateName\":\"Tienda Online GLP Espa\u00f1a\",\"url\":\"https:\\\/\\\/recambiosecogas.com\\\/it\\\/\",\"logo\":{\"@id\":\"https:\\\/\\\/recambiosecogas.com\\\/it\\\/producto\\\/dometic-cfx3-45-version-ue\\\/#local-main-organization-logo\"},\"image\":{\"@id\":\"https:\\\/\\\/recambiosecogas.com\\\/it\\\/producto\\\/dometic-cfx3-45-version-ue\\\/#local-main-organization-logo\"},\"sameAs\":[\"https:\\\/\\\/www.facebook.com\\\/profile.php?id=100062419705358\",\"https:\\\/\\\/www.instagram.com\\\/segimon_automocio\"],\"description\":\"Recambios EcoGas \u2013 Venta y distribuci\u00f3n de sistemas GLP y GNC en Espa\u00f1a y Portugal. Env\u00edos 24 h, soporte t\u00e9cnico a talleres y distribuidores.\",\"hasMerchantReturnPolicy\":{\"@type\":\"MerchantReturnPolicy\",\"merchantReturnLink\":\"https:\\\/\\\/recambiosecogas.com\\\/politicas-privacidad\\\/\"},\"address\":{\"@id\":\"https:\\\/\\\/recambiosecogas.com\\\/it\\\/producto\\\/dometic-cfx3-45-version-ue\\\/#local-main-place-address\"},\"telephone\":[\"616250633\"],\"contactPoint\":{\"@type\":\"ContactPoint\",\"email\":\"export@recambiosecogas.com\"},\"openingHoursSpecification\":[{\"@type\":\"OpeningHoursSpecification\",\"dayOfWeek\":[\"Monday\",\"Tuesday\",\"Wednesday\",\"Thursday\",\"Friday\",\"Saturday\",\"Sunday\"],\"opens\":\"09:00\",\"closes\":\"17:00\"}],\"email\":\"info@recambiosecogas.com\",\"faxNumber\":\"SEGIMON AUTOMOCION SL\",\"vatID\":\"ESB19819861\",\"globalLocationNumber\":\"938 616 339\"},{\"@type\":\"PostalAddress\",\"@id\":\"https:\\\/\\\/recambiosecogas.com\\\/it\\\/producto\\\/dometic-cfx3-45-version-ue\\\/#local-main-place-address\",\"streetAddress\":\"cami antic de vic, 29 (Nave 3), Pol\u00edgono Industrial Congost\",\"addressLocality\":\"CORRO D`AVALL\",\"postalCode\":\"08520\",\"addressRegion\":\"Barcelona\",\"addressCountry\":\"ES\"},{\"@type\":\"ImageObject\",\"inLanguage\":\"it-IT\",\"@id\":\"https:\\\/\\\/recambiosecogas.com\\\/it\\\/producto\\\/dometic-cfx3-45-version-ue\\\/#local-main-organization-logo\",\"url\":\"https:\\\/\\\/recambiosecogas.com\\\/wp-content\\\/uploads\\\/2024\\\/11\\\/cropped-RECAMBIOS-GLP-png.webp\",\"contentUrl\":\"https:\\\/\\\/recambiosecogas.com\\\/wp-content\\\/uploads\\\/2024\\\/11\\\/cropped-RECAMBIOS-GLP-png.webp\",\"width\":512,\"height\":512,\"caption\":\"Recambios EcoGas\"}]}<\/script>\n<meta property=\"product:price:amount\" content=\"918.93\" \/>\n<meta property=\"product:price:currency\" content=\"EUR\" \/>\n<meta property=\"og:availability\" content=\"backorder\" \/>\n<meta property=\"product:availability\" content=\"available for order\" \/>\n<meta property=\"product:retailer_item_id\" content=\"116544A\" \/>\n<meta property=\"product:condition\" content=\"new\" \/>\n<meta name=\"geo.placename\" content=\"CORRO D`AVALL\" \/>\n<meta name=\"geo.region\" content=\"Spagna\" \/>\n<!-- \/ Yoast SEO Premium plugin. -->","yoast_head_json":{"title":"Dometic CFX3 45 - Versi\u00f3n UE | Recambios EcoGas | Sistemas GLP y GNC","robots":{"index":"index","follow":"follow","max-snippet":"max-snippet:-1","max-image-preview":"max-image-preview:large","max-video-preview":"max-video-preview:-1"},"canonical":"https:\/\/recambiosecogas.com\/it\/producto\/dometic-cfx3-45-version-ue\/","og_locale":"it_IT","og_type":"article","og_title":"Dometic CFX3 45 - Versi\u00f3n UE","og_description":"DOMETIC","og_url":"https:\/\/recambiosecogas.com\/it\/producto\/dometic-cfx3-45-version-ue\/","og_site_name":"Recambios EcoGas","article_publisher":"https:\/\/www.facebook.com\/profile.php?id=100062419705358","article_modified_time":"2026-03-26T11:07:16+00:00","og_image":[{"width":1000,"height":1000,"url":"https:\/\/recambiosecogas.com\/wp-content\/uploads\/2025\/02\/Dometic-CFX3-45-png.webp","type":"image\/png"}],"twitter_card":"summary_large_image","twitter_misc":{"Prezzo":"918,93&nbsp;&euro; (IVA incl.: 1.111,91&nbsp;&euro;)","Disponibilit\u00e0":"Su ordinazione"},"schema":{"@context":"https:\/\/schema.org","@graph":[{"@type":"WebPage","@id":"https:\/\/recambiosecogas.com\/it\/producto\/dometic-cfx3-45-version-ue\/","url":"https:\/\/recambiosecogas.com\/it\/producto\/dometic-cfx3-45-version-ue\/","name":"Dometic CFX3 45 - Versi\u00f3n UE | Recambios EcoGas | Sistemas GLP y GNC","isPartOf":{"@id":"https:\/\/recambiosecogas.com\/it\/#website"},"primaryImageOfPage":{"@id":"https:\/\/recambiosecogas.com\/it\/producto\/dometic-cfx3-45-version-ue\/#primaryimage"},"image":{"@id":"https:\/\/recambiosecogas.com\/it\/producto\/dometic-cfx3-45-version-ue\/#primaryimage"},"thumbnailUrl":"https:\/\/recambiosecogas.com\/wp-content\/uploads\/2025\/02\/Dometic-CFX3-45-png.webp","datePublished":"2025-02-24T11:02:30+00:00","dateModified":"2026-03-26T11:07:16+00:00","breadcrumb":{"@id":"https:\/\/recambiosecogas.com\/it\/producto\/dometic-cfx3-45-version-ue\/#breadcrumb"},"inLanguage":"it-IT","potentialAction":[{"@type":"ReadAction","target":["https:\/\/recambiosecogas.com\/it\/producto\/dometic-cfx3-45-version-ue\/"]}]},{"@type":"ImageObject","inLanguage":"it-IT","@id":"https:\/\/recambiosecogas.com\/it\/producto\/dometic-cfx3-45-version-ue\/#primaryimage","url":"https:\/\/recambiosecogas.com\/wp-content\/uploads\/2025\/02\/Dometic-CFX3-45-png.webp","contentUrl":"https:\/\/recambiosecogas.com\/wp-content\/uploads\/2025\/02\/Dometic-CFX3-45-png.webp","width":1000,"height":1000},{"@type":"BreadcrumbList","@id":"https:\/\/recambiosecogas.com\/it\/producto\/dometic-cfx3-45-version-ue\/#breadcrumb","itemListElement":[{"@type":"ListItem","position":1,"name":"Portada","item":"https:\/\/recambiosecogas.com\/it\/"},{"@type":"ListItem","position":2,"name":"Negozio","item":"https:\/\/recambiosecogas.com\/it\/?page_id=46382"},{"@type":"ListItem","position":3,"name":"Dometic CFX3 45 &#8211; Versi\u00f3n UE"}]},{"@type":"WebSite","@id":"https:\/\/recambiosecogas.com\/it\/#website","url":"https:\/\/recambiosecogas.com\/it\/","name":"Recambios EcoGas","description":"Recambios Multimarca para sistemas de GLP\/GNC\/GNL\/Hidr\u00f3geno","publisher":{"@id":"https:\/\/recambiosecogas.com\/it\/#organization"},"alternateName":"Recambios Autogas GLP","potentialAction":[{"@type":"SearchAction","target":{"@type":"EntryPoint","urlTemplate":"https:\/\/recambiosecogas.com\/it\/?s={search_term_string}"},"query-input":{"@type":"PropertyValueSpecification","valueRequired":true,"valueName":"search_term_string"}}],"inLanguage":"it-IT"},{"@type":["Organization","Place"],"@id":"https:\/\/recambiosecogas.com\/it\/#organization","name":"Recambios EcoGas","alternateName":"Tienda Online GLP Espa\u00f1a","url":"https:\/\/recambiosecogas.com\/it\/","logo":{"@id":"https:\/\/recambiosecogas.com\/it\/producto\/dometic-cfx3-45-version-ue\/#local-main-organization-logo"},"image":{"@id":"https:\/\/recambiosecogas.com\/it\/producto\/dometic-cfx3-45-version-ue\/#local-main-organization-logo"},"sameAs":["https:\/\/www.facebook.com\/profile.php?id=100062419705358","https:\/\/www.instagram.com\/segimon_automocio"],"description":"Recambios EcoGas \u2013 Venta y distribuci\u00f3n de sistemas GLP y GNC en Espa\u00f1a y Portugal. Env\u00edos 24 h, soporte t\u00e9cnico a talleres y distribuidores.","hasMerchantReturnPolicy":{"@type":"MerchantReturnPolicy","merchantReturnLink":"https:\/\/recambiosecogas.com\/politicas-privacidad\/"},"address":{"@id":"https:\/\/recambiosecogas.com\/it\/producto\/dometic-cfx3-45-version-ue\/#local-main-place-address"},"telephone":["616250633"],"contactPoint":{"@type":"ContactPoint","email":"export@recambiosecogas.com"},"openingHoursSpecification":[{"@type":"OpeningHoursSpecification","dayOfWeek":["Monday","Tuesday","Wednesday","Thursday","Friday","Saturday","Sunday"],"opens":"09:00","closes":"17:00"}],"email":"info@recambiosecogas.com","faxNumber":"SEGIMON AUTOMOCION SL","vatID":"ESB19819861","globalLocationNumber":"938 616 339"},{"@type":"PostalAddress","@id":"https:\/\/recambiosecogas.com\/it\/producto\/dometic-cfx3-45-version-ue\/#local-main-place-address","streetAddress":"cami antic de vic, 29 (Nave 3), Pol\u00edgono Industrial Congost","addressLocality":"CORRO D`AVALL","postalCode":"08520","addressRegion":"Barcelona","addressCountry":"ES"},{"@type":"ImageObject","inLanguage":"it-IT","@id":"https:\/\/recambiosecogas.com\/it\/producto\/dometic-cfx3-45-version-ue\/#local-main-organization-logo","url":"https:\/\/recambiosecogas.com\/wp-content\/uploads\/2024\/11\/cropped-RECAMBIOS-GLP-png.webp","contentUrl":"https:\/\/recambiosecogas.com\/wp-content\/uploads\/2024\/11\/cropped-RECAMBIOS-GLP-png.webp","width":512,"height":512,"caption":"Recambios EcoGas"}]},"product_price_amount":"918.93","product_price_currency":"EUR","og_availability":"backorder","product_availability":"available for order","product_retailer_item_id":"116544A","product_condition":"new","geo.placename":"CORRO D`AVALL","geo.region":"Spagna"},"uagb_featured_image_src":{"full":["https:\/\/recambiosecogas.com\/wp-content\/uploads\/2025\/02\/Dometic-CFX3-45-png.webp",1000,1000,false],"thumbnail":["https:\/\/recambiosecogas.com\/wp-content\/uploads\/2025\/02\/Dometic-CFX3-45-150x150.webp",150,150,true],"medium":["https:\/\/recambiosecogas.com\/wp-content\/uploads\/2025\/02\/Dometic-CFX3-45-300x300.webp",300,300,true],"medium_large":["https:\/\/recambiosecogas.com\/wp-content\/uploads\/2025\/02\/Dometic-CFX3-45-768x768.webp",768,768,true],"large":["https:\/\/recambiosecogas.com\/wp-content\/uploads\/2025\/02\/Dometic-CFX3-45-png.webp",1000,1000,false],"1536x1536":["https:\/\/recambiosecogas.com\/wp-content\/uploads\/2025\/02\/Dometic-CFX3-45-png.webp",1000,1000,false],"2048x2048":["https:\/\/recambiosecogas.com\/wp-content\/uploads\/2025\/02\/Dometic-CFX3-45-png.webp",1000,1000,false],"woocommerce_archive_thumbnail":["https:\/\/recambiosecogas.com\/wp-content\/uploads\/2025\/02\/Dometic-CFX3-45-png.webp",1000,1000,false],"woocommerce_thumbnail":["https:\/\/recambiosecogas.com\/wp-content\/uploads\/2025\/02\/Dometic-CFX3-45-300x300.webp",300,300,true],"woocommerce_single":["https:\/\/recambiosecogas.com\/wp-content\/uploads\/2025\/02\/Dometic-CFX3-45-png.webp",1000,1000,false],"woocommerce_gallery_thumbnail":["https:\/\/recambiosecogas.com\/wp-content\/uploads\/2025\/02\/Dometic-CFX3-45-png.webp",1000,1000,false],"dgwt-wcas-product-suggestion":["https:\/\/recambiosecogas.com\/wp-content\/uploads\/2025\/02\/Dometic-CFX3-45-64x64.webp",64,64,true]},"uagb_author_info":{"display_name":"Fran - Soporte T\u00e9cnico","author_link":"https:\/\/recambiosecogas.com\/it\/author\/"},"uagb_comment_info":0,"uagb_excerpt":"DOMETIC","_links":{"self":[{"href":"https:\/\/recambiosecogas.com\/it\/wp-json\/wp\/v2\/product\/45935","targetHints":{"allow":["GET"]}}],"collection":[{"href":"https:\/\/recambiosecogas.com\/it\/wp-json\/wp\/v2\/product"}],"about":[{"href":"https:\/\/recambiosecogas.com\/it\/wp-json\/wp\/v2\/types\/product"}],"replies":[{"embeddable":true,"href":"https:\/\/recambiosecogas.com\/it\/wp-json\/wp\/v2\/comments?post=45935"}],"wp:featuredmedia":[{"embeddable":true,"href":"https:\/\/recambiosecogas.com\/it\/wp-json\/wp\/v2\/media\/45937"}],"wp:attachment":[{"href":"https:\/\/recambiosecogas.com\/it\/wp-json\/wp\/v2\/media?parent=45935"}],"wp:term":[{"taxonomy":"product_brand","embeddable":true,"href":"https:\/\/recambiosecogas.com\/it\/wp-json\/wp\/v2\/product_brand?post=45935"},{"taxonomy":"product_cat","embeddable":true,"href":"https:\/\/recambiosecogas.com\/it\/wp-json\/wp\/v2\/product_cat?post=45935"},{"taxonomy":"product_tag","embeddable":true,"href":"https:\/\/recambiosecogas.com\/it\/wp-json\/wp\/v2\/product_tag?post=45935"}],"curies":[{"name":"wp","href":"https:\/\/api.w.org\/{rel}","templated":true}]}}