{"id":45922,"date":"2025-02-24T12:02:33","date_gmt":"2025-02-24T11:02:33","guid":{"rendered":"https:\/\/recambiosecogas.com\/producto\/dometic-cfx325-nevera-de-compresor\/"},"modified":"2026-03-26T12:07:22","modified_gmt":"2026-03-26T11:07:22","slug":"dometic-cfx325-nevera-de-compresor","status":"publish","type":"product","link":"https:\/\/recambiosecogas.com\/it\/producto\/dometic-cfx325-nevera-de-compresor\/","title":{"rendered":"Dometic CFX3 25 Nevera de compresor"},"content":{"rendered":"<p>Esta potente nevera enfr\u00eda y congela, para que pueda llevar m\u00e1s de sus comidas y bebidas favoritas dondequiera que vaya. Su robusta construcci\u00f3n la hace ideal para su uso en exteriores. La aplicaci\u00f3n para smartphone le permite controlar c\u00f3modamente las funciones de la Dometic CFX3. Emb\u00e1rquese en una aventura. Disfrute sin preocupaciones.<\/p>\n<div class=\"al am an ao js e4 er\">\n<div class=\"x k2 o a8 a9 k3 cv a6 q5 ni\">\n<div class=\"g1 k5 g2 k6 jk g5 as\">\n<div class=\"y jr e1 k7\">\n<p class=\"as g o ak\">25 L de capacidad: para 40 latas o cinco botellas de 1,5 L<\/p>\n<\/div>\n<div class=\"y jr e1 k7\">\n<p class=\"as g o ak\">Estructura ligera y duradera ExoFrame con bordes reforzados con un marco de protecci\u00f3n y asas en aleaci\u00f3n de aluminio<\/p>\n<\/div>\n<div class=\"y jr e1 k7\">\n<p class=\"as g o ak\">La potente tecnolog\u00eda de enfriamiento por compresor VMSO3 enfr\u00eda eficazmente entre +20 \u00b0C y \u201322 \u00b0C<\/p>\n<\/div>\n<div class=\"y jr e1 k7\">\n<p class=\"as g o ak\">La pantalla a color de alta resoluci\u00f3n y f\u00e1cil lectura y los botones Soft-Touch permiten un control y supervisi\u00f3n sencillos<\/p>\n<\/div>\n<div class=\"y jr e1 k7\">\n<p class=\"as g o ak\">La aplicaci\u00f3n de CFX3 permite controlar la temperatura a trav\u00e9s de wifi o Bluetooth y ofrece historial de rendimiento<\/p>\n<\/div>\n<div class=\"y jr e1 k7\">\n<p class=\"as g o ak\">El sistema de protecci\u00f3n din\u00e1mico de tres etapas de la bater\u00eda evita que se agote la bater\u00eda del veh\u00edculo o permite una mayor optimizaci\u00f3n del consumo con dos bater\u00edas<\/p>\n<\/div>\n<div class=\"y jr e1 k7\">\n<p class=\"as g o ak\">Dise\u00f1o compacto, ligero y robusto que facilita enormemente su portabilidad<\/p>\n<\/div>\n<\/div>\n<\/div>\n<\/div>\n<div class=\"al am an ao js e4 er\">\n<div class=\"b hj ac\">\n<h2 class=\"hl hm b7 hn ho ju jv\">Especificaciones<\/h2>\n<\/div>\n<div class=\"x k2 o a8 a9 k3 cv a6 k4 gm\">\n<div>\n<div class=\"g1 k5 g2 k6 jk g5 as\">\n<div class=\"y jr e1 k7\">\n<div class=\"y jr e1 k7\">\n<h3 class=\"hm b7 hn as ib cf g o hs\">Modelo<\/h3>\n<p class=\"as g o ak\">CFX325<\/p>\n<\/div>\n<div class=\"y jr e1 k7\">\n<h3 class=\"hm b7 hn as ib cf g o hs\">Modelo en la etiqueta<\/h3>\n<p class=\"as g o ak\">CFX325<\/p>\n<\/div>\n<div class=\"y jr e1 k7\">\n<h3 class=\"hm b7 hn as ib cf g o hs\">Volumen de entrega<\/h3>\n<p class=\"as g o ak\">1 cooler, 1 manual, 1 Connection cable for 12\/24V connection, 1 Connection cable for 100-240V connection, removable wire baskets<\/p>\n<\/div>\n<div class=\"y jr e1 k7\">\n<h3 class=\"hm b7 hn as ib cf g o hs\">Zona \u00fanica o doble<\/h3>\n<p class=\"as g o ak\">Single<\/p>\n<\/div>\n<div class=\"y jr e1 k7\">\n<h3 class=\"hm b7 hn as ib cf g o hs\">Descripci\u00f3n del producto<\/h3>\n<p class=\"as g o ak\">Nevera de compresor port\u00e1til, 25 L<\/p>\n<\/div>\n<div class=\"y jr e1 k7\">\n<h3 class=\"hm b7 hn as ib cf g o hs\">Tecnolog\u00eda de refrigeraci\u00f3n<\/h3>\n<p class=\"as g o ak\">Compresor<\/p>\n<\/div>\n<\/div>\n<\/div>\n<\/div>\n<\/div>\n<\/div>\n<p>La <strong>Dometic CFX3 25 Nevera de Compresor<\/strong> es una soluci\u00f3n de refrigeraci\u00f3n port\u00e1til dise\u00f1ada para mantener sus alimentos y bebidas fr\u00edas en cualquier aventura. Con una capacidad de <strong>25 litros<\/strong>, puede almacenar hasta <strong>40 latas<\/strong> o cinco botellas de <strong>1,5 litros<\/strong>, lo que la convierte en una opci\u00f3n ideal para viajes en veh\u00edculos equipados con sistemas de <strong>Autogas<\/strong>.<\/p>\n<p>Esta nevera utiliza la avanzada <strong>tecnolog\u00eda de compresor VMSO3<\/strong>, que permite enfriar de manera efectiva entre <strong>+20 \u00b0C y -22 \u00b0C<\/strong>. Su estructura ligera y duradera, fabricada con el exclusivo <strong>ExoFrame<\/strong>, incluye bordes reforzados y asas de aleaci\u00f3n de aluminio, facilitando su transporte y uso en exteriores.<\/p>\n<p>El control de la Dometic CFX3 se realiza a trav\u00e9s de una pantalla a color de alta resoluci\u00f3n, que permite una f\u00e1cil lectura y supervisi\u00f3n. Adem\u00e1s, la aplicaci\u00f3n CFX3 le permite controlar la temperatura de manera remota mediante <strong>wifi<\/strong> o <strong>Bluetooth<\/strong>, brindando un historial de rendimiento para optimizar su uso.<\/p>\n<p>Esta nevera tambi\u00e9n cuenta con un sistema de protecci\u00f3n de bater\u00eda en tres etapas, que evita que se agote la bater\u00eda del veh\u00edculo, lo que es crucial para mantener su funcionamiento en condiciones de viaje prolongadas. Su dise\u00f1o compacto y robusto asegura que sea f\u00e1cil de transportar y almacenar.<\/p>\n<h4>Especificaciones<\/h4>\n<p>Modelo: <strong>CFX325<\/strong><br \/>Volumen de entrega: <strong>1 cooler, 1 manual, 1 cable de conexi\u00f3n para 12\/24V, 1 cable de conexi\u00f3n para 100-240V, cestas de alambre removibles<\/strong><br \/>Zona \u00fanica o doble: <strong>Single<\/strong><br \/>Tecnolog\u00eda de refrigeraci\u00f3n: <strong>Compresor<\/strong><\/p>\n<p>La Dometic CFX3 25 es la elecci\u00f3n perfecta para quienes buscan una nevera de compresor port\u00e1til y eficiente, ideal para su uso en veh\u00edculos con sistemas de Autogas. Se recomienda verificar la referencia original antes de realizar la compra.<\/p>\n","protected":false},"excerpt":{"rendered":"<p>DOMETIC<\/p>\n","protected":false},"featured_media":45923,"comment_status":"open","ping_status":"closed","template":"","meta":{"googlesitekit_rrm_CAowud7EDA:productID":"","_uag_custom_page_level_css":""},"product_brand":[],"product_cat":[2290],"product_tag":[],"class_list":{"0":"post-45922","1":"product","2":"type-product","3":"status-publish","4":"has-post-thumbnail","6":"product_cat-sistemas-de-refrigeracion-autocaravanas","8":"first","9":"onbackorder","10":"taxable","11":"shipping-taxable","12":"purchasable","13":"product-type-simple"},"ct_brands":[],"yoast_head":"<!-- This site is optimized with the Yoast SEO Premium plugin v27.3 (Yoast SEO v27.3) - https:\/\/yoast.com\/product\/yoast-seo-premium-wordpress\/ -->\n<title>Dometic CFX3 25 Nevera de compresor | Recambios EcoGas | Sistemas GLP y GNC<\/title>\n<meta name=\"robots\" content=\"index, follow, max-snippet:-1, max-image-preview:large, max-video-preview:-1\" \/>\n<link rel=\"canonical\" href=\"https:\/\/recambiosecogas.com\/it\/producto\/dometic-cfx325-nevera-de-compresor\/\" \/>\n<meta property=\"og:locale\" content=\"it_IT\" \/>\n<meta property=\"og:type\" content=\"article\" \/>\n<meta property=\"og:title\" content=\"Dometic CFX3 25 Nevera de compresor\" \/>\n<meta property=\"og:description\" content=\"DOMETIC\" \/>\n<meta property=\"og:url\" content=\"https:\/\/recambiosecogas.com\/it\/producto\/dometic-cfx325-nevera-de-compresor\/\" \/>\n<meta property=\"og:site_name\" content=\"Recambios EcoGas\" \/>\n<meta property=\"article:publisher\" content=\"https:\/\/www.facebook.com\/profile.php?id=100062419705358\" \/>\n<meta property=\"article:modified_time\" content=\"2026-03-26T11:07:22+00:00\" \/>\n<meta property=\"og:image\" content=\"https:\/\/recambiosecogas.com\/wp-content\/uploads\/2025\/02\/Dometic-CFX325-Nevera-de-compresor-1-png.webp\" \/>\n\t<meta property=\"og:image:width\" content=\"1000\" \/>\n\t<meta property=\"og:image:height\" content=\"1000\" \/>\n\t<meta property=\"og:image:type\" content=\"image\/png\" \/>\n<meta name=\"twitter:card\" content=\"summary_large_image\" \/>\n<meta name=\"twitter:label1\" content=\"Prezzo\" \/>\n\t<meta name=\"twitter:data1\" content=\"810,69&nbsp;&euro; (IVA incl.: 980,93&nbsp;&euro;)\" \/>\n\t<meta name=\"twitter:label2\" content=\"Disponibilit\u00e0\" \/>\n\t<meta name=\"twitter:data2\" content=\"Su ordinazione\" \/>\n<script type=\"application\/ld+json\" class=\"yoast-schema-graph\">{\"@context\":\"https:\\\/\\\/schema.org\",\"@graph\":[{\"@type\":\"WebPage\",\"@id\":\"https:\\\/\\\/recambiosecogas.com\\\/it\\\/producto\\\/dometic-cfx325-nevera-de-compresor\\\/\",\"url\":\"https:\\\/\\\/recambiosecogas.com\\\/it\\\/producto\\\/dometic-cfx325-nevera-de-compresor\\\/\",\"name\":\"Dometic CFX3 25 Nevera de compresor | Recambios EcoGas | Sistemas GLP y GNC\",\"isPartOf\":{\"@id\":\"https:\\\/\\\/recambiosecogas.com\\\/it\\\/#website\"},\"primaryImageOfPage\":{\"@id\":\"https:\\\/\\\/recambiosecogas.com\\\/it\\\/producto\\\/dometic-cfx325-nevera-de-compresor\\\/#primaryimage\"},\"image\":{\"@id\":\"https:\\\/\\\/recambiosecogas.com\\\/it\\\/producto\\\/dometic-cfx325-nevera-de-compresor\\\/#primaryimage\"},\"thumbnailUrl\":\"https:\\\/\\\/recambiosecogas.com\\\/wp-content\\\/uploads\\\/2025\\\/02\\\/Dometic-CFX325-Nevera-de-compresor-1-png.webp\",\"datePublished\":\"2025-02-24T11:02:33+00:00\",\"dateModified\":\"2026-03-26T11:07:22+00:00\",\"breadcrumb\":{\"@id\":\"https:\\\/\\\/recambiosecogas.com\\\/it\\\/producto\\\/dometic-cfx325-nevera-de-compresor\\\/#breadcrumb\"},\"inLanguage\":\"it-IT\",\"potentialAction\":[{\"@type\":\"ReadAction\",\"target\":[\"https:\\\/\\\/recambiosecogas.com\\\/it\\\/producto\\\/dometic-cfx325-nevera-de-compresor\\\/\"]}]},{\"@type\":\"ImageObject\",\"inLanguage\":\"it-IT\",\"@id\":\"https:\\\/\\\/recambiosecogas.com\\\/it\\\/producto\\\/dometic-cfx325-nevera-de-compresor\\\/#primaryimage\",\"url\":\"https:\\\/\\\/recambiosecogas.com\\\/wp-content\\\/uploads\\\/2025\\\/02\\\/Dometic-CFX325-Nevera-de-compresor-1-png.webp\",\"contentUrl\":\"https:\\\/\\\/recambiosecogas.com\\\/wp-content\\\/uploads\\\/2025\\\/02\\\/Dometic-CFX325-Nevera-de-compresor-1-png.webp\",\"width\":1000,\"height\":1000},{\"@type\":\"BreadcrumbList\",\"@id\":\"https:\\\/\\\/recambiosecogas.com\\\/it\\\/producto\\\/dometic-cfx325-nevera-de-compresor\\\/#breadcrumb\",\"itemListElement\":[{\"@type\":\"ListItem\",\"position\":1,\"name\":\"Portada\",\"item\":\"https:\\\/\\\/recambiosecogas.com\\\/it\\\/\"},{\"@type\":\"ListItem\",\"position\":2,\"name\":\"Negozio\",\"item\":\"https:\\\/\\\/recambiosecogas.com\\\/it\\\/?page_id=46382\"},{\"@type\":\"ListItem\",\"position\":3,\"name\":\"Dometic CFX3 25 Nevera de compresor\"}]},{\"@type\":\"WebSite\",\"@id\":\"https:\\\/\\\/recambiosecogas.com\\\/it\\\/#website\",\"url\":\"https:\\\/\\\/recambiosecogas.com\\\/it\\\/\",\"name\":\"Recambios EcoGas\",\"description\":\"Recambios Multimarca para sistemas de GLP\\\/GNC\\\/GNL\\\/Hidr\u00f3geno\",\"publisher\":{\"@id\":\"https:\\\/\\\/recambiosecogas.com\\\/it\\\/#organization\"},\"alternateName\":\"Recambios Autogas GLP\",\"potentialAction\":[{\"@type\":\"SearchAction\",\"target\":{\"@type\":\"EntryPoint\",\"urlTemplate\":\"https:\\\/\\\/recambiosecogas.com\\\/it\\\/?s={search_term_string}\"},\"query-input\":{\"@type\":\"PropertyValueSpecification\",\"valueRequired\":true,\"valueName\":\"search_term_string\"}}],\"inLanguage\":\"it-IT\"},{\"@type\":[\"Organization\",\"Place\"],\"@id\":\"https:\\\/\\\/recambiosecogas.com\\\/it\\\/#organization\",\"name\":\"Recambios EcoGas\",\"alternateName\":\"Tienda Online GLP Espa\u00f1a\",\"url\":\"https:\\\/\\\/recambiosecogas.com\\\/it\\\/\",\"logo\":{\"@id\":\"https:\\\/\\\/recambiosecogas.com\\\/it\\\/producto\\\/dometic-cfx325-nevera-de-compresor\\\/#local-main-organization-logo\"},\"image\":{\"@id\":\"https:\\\/\\\/recambiosecogas.com\\\/it\\\/producto\\\/dometic-cfx325-nevera-de-compresor\\\/#local-main-organization-logo\"},\"sameAs\":[\"https:\\\/\\\/www.facebook.com\\\/profile.php?id=100062419705358\",\"https:\\\/\\\/www.instagram.com\\\/segimon_automocio\"],\"description\":\"Recambios EcoGas \u2013 Venta y distribuci\u00f3n de sistemas GLP y GNC en Espa\u00f1a y Portugal. Env\u00edos 24 h, soporte t\u00e9cnico a talleres y distribuidores.\",\"hasMerchantReturnPolicy\":{\"@type\":\"MerchantReturnPolicy\",\"merchantReturnLink\":\"https:\\\/\\\/recambiosecogas.com\\\/politicas-privacidad\\\/\"},\"address\":{\"@id\":\"https:\\\/\\\/recambiosecogas.com\\\/it\\\/producto\\\/dometic-cfx325-nevera-de-compresor\\\/#local-main-place-address\"},\"telephone\":[\"616250633\"],\"contactPoint\":{\"@type\":\"ContactPoint\",\"email\":\"export@recambiosecogas.com\"},\"openingHoursSpecification\":[{\"@type\":\"OpeningHoursSpecification\",\"dayOfWeek\":[\"Monday\",\"Tuesday\",\"Wednesday\",\"Thursday\",\"Friday\",\"Saturday\",\"Sunday\"],\"opens\":\"09:00\",\"closes\":\"17:00\"}],\"email\":\"info@recambiosecogas.com\",\"faxNumber\":\"SEGIMON AUTOMOCION SL\",\"vatID\":\"ESB19819861\",\"globalLocationNumber\":\"938 616 339\"},{\"@type\":\"PostalAddress\",\"@id\":\"https:\\\/\\\/recambiosecogas.com\\\/it\\\/producto\\\/dometic-cfx325-nevera-de-compresor\\\/#local-main-place-address\",\"streetAddress\":\"cami antic de vic, 29 (Nave 3), Pol\u00edgono Industrial Congost\",\"addressLocality\":\"CORRO D`AVALL\",\"postalCode\":\"08520\",\"addressRegion\":\"Barcelona\",\"addressCountry\":\"ES\"},{\"@type\":\"ImageObject\",\"inLanguage\":\"it-IT\",\"@id\":\"https:\\\/\\\/recambiosecogas.com\\\/it\\\/producto\\\/dometic-cfx325-nevera-de-compresor\\\/#local-main-organization-logo\",\"url\":\"https:\\\/\\\/recambiosecogas.com\\\/wp-content\\\/uploads\\\/2024\\\/11\\\/cropped-RECAMBIOS-GLP-png.webp\",\"contentUrl\":\"https:\\\/\\\/recambiosecogas.com\\\/wp-content\\\/uploads\\\/2024\\\/11\\\/cropped-RECAMBIOS-GLP-png.webp\",\"width\":512,\"height\":512,\"caption\":\"Recambios EcoGas\"}]}<\/script>\n<meta property=\"product:price:amount\" content=\"810.69\" \/>\n<meta property=\"product:price:currency\" content=\"EUR\" \/>\n<meta property=\"og:availability\" content=\"backorder\" \/>\n<meta property=\"product:availability\" content=\"available for order\" \/>\n<meta property=\"product:retailer_item_id\" content=\"116550A\" \/>\n<meta property=\"product:condition\" content=\"new\" \/>\n<meta name=\"geo.placename\" content=\"CORRO D`AVALL\" \/>\n<meta name=\"geo.region\" content=\"Spagna\" \/>\n<!-- \/ Yoast SEO Premium plugin. -->","yoast_head_json":{"title":"Dometic CFX3 25 Nevera de compresor | Recambios EcoGas | Sistemas GLP y GNC","robots":{"index":"index","follow":"follow","max-snippet":"max-snippet:-1","max-image-preview":"max-image-preview:large","max-video-preview":"max-video-preview:-1"},"canonical":"https:\/\/recambiosecogas.com\/it\/producto\/dometic-cfx325-nevera-de-compresor\/","og_locale":"it_IT","og_type":"article","og_title":"Dometic CFX3 25 Nevera de compresor","og_description":"DOMETIC","og_url":"https:\/\/recambiosecogas.com\/it\/producto\/dometic-cfx325-nevera-de-compresor\/","og_site_name":"Recambios EcoGas","article_publisher":"https:\/\/www.facebook.com\/profile.php?id=100062419705358","article_modified_time":"2026-03-26T11:07:22+00:00","og_image":[{"width":1000,"height":1000,"url":"https:\/\/recambiosecogas.com\/wp-content\/uploads\/2025\/02\/Dometic-CFX325-Nevera-de-compresor-1-png.webp","type":"image\/png"}],"twitter_card":"summary_large_image","twitter_misc":{"Prezzo":"810,69&nbsp;&euro; (IVA incl.: 980,93&nbsp;&euro;)","Disponibilit\u00e0":"Su ordinazione"},"schema":{"@context":"https:\/\/schema.org","@graph":[{"@type":"WebPage","@id":"https:\/\/recambiosecogas.com\/it\/producto\/dometic-cfx325-nevera-de-compresor\/","url":"https:\/\/recambiosecogas.com\/it\/producto\/dometic-cfx325-nevera-de-compresor\/","name":"Dometic CFX3 25 Nevera de compresor | Recambios EcoGas | Sistemas GLP y GNC","isPartOf":{"@id":"https:\/\/recambiosecogas.com\/it\/#website"},"primaryImageOfPage":{"@id":"https:\/\/recambiosecogas.com\/it\/producto\/dometic-cfx325-nevera-de-compresor\/#primaryimage"},"image":{"@id":"https:\/\/recambiosecogas.com\/it\/producto\/dometic-cfx325-nevera-de-compresor\/#primaryimage"},"thumbnailUrl":"https:\/\/recambiosecogas.com\/wp-content\/uploads\/2025\/02\/Dometic-CFX325-Nevera-de-compresor-1-png.webp","datePublished":"2025-02-24T11:02:33+00:00","dateModified":"2026-03-26T11:07:22+00:00","breadcrumb":{"@id":"https:\/\/recambiosecogas.com\/it\/producto\/dometic-cfx325-nevera-de-compresor\/#breadcrumb"},"inLanguage":"it-IT","potentialAction":[{"@type":"ReadAction","target":["https:\/\/recambiosecogas.com\/it\/producto\/dometic-cfx325-nevera-de-compresor\/"]}]},{"@type":"ImageObject","inLanguage":"it-IT","@id":"https:\/\/recambiosecogas.com\/it\/producto\/dometic-cfx325-nevera-de-compresor\/#primaryimage","url":"https:\/\/recambiosecogas.com\/wp-content\/uploads\/2025\/02\/Dometic-CFX325-Nevera-de-compresor-1-png.webp","contentUrl":"https:\/\/recambiosecogas.com\/wp-content\/uploads\/2025\/02\/Dometic-CFX325-Nevera-de-compresor-1-png.webp","width":1000,"height":1000},{"@type":"BreadcrumbList","@id":"https:\/\/recambiosecogas.com\/it\/producto\/dometic-cfx325-nevera-de-compresor\/#breadcrumb","itemListElement":[{"@type":"ListItem","position":1,"name":"Portada","item":"https:\/\/recambiosecogas.com\/it\/"},{"@type":"ListItem","position":2,"name":"Negozio","item":"https:\/\/recambiosecogas.com\/it\/?page_id=46382"},{"@type":"ListItem","position":3,"name":"Dometic CFX3 25 Nevera de compresor"}]},{"@type":"WebSite","@id":"https:\/\/recambiosecogas.com\/it\/#website","url":"https:\/\/recambiosecogas.com\/it\/","name":"Recambios EcoGas","description":"Recambios Multimarca para sistemas de GLP\/GNC\/GNL\/Hidr\u00f3geno","publisher":{"@id":"https:\/\/recambiosecogas.com\/it\/#organization"},"alternateName":"Recambios Autogas GLP","potentialAction":[{"@type":"SearchAction","target":{"@type":"EntryPoint","urlTemplate":"https:\/\/recambiosecogas.com\/it\/?s={search_term_string}"},"query-input":{"@type":"PropertyValueSpecification","valueRequired":true,"valueName":"search_term_string"}}],"inLanguage":"it-IT"},{"@type":["Organization","Place"],"@id":"https:\/\/recambiosecogas.com\/it\/#organization","name":"Recambios EcoGas","alternateName":"Tienda Online GLP Espa\u00f1a","url":"https:\/\/recambiosecogas.com\/it\/","logo":{"@id":"https:\/\/recambiosecogas.com\/it\/producto\/dometic-cfx325-nevera-de-compresor\/#local-main-organization-logo"},"image":{"@id":"https:\/\/recambiosecogas.com\/it\/producto\/dometic-cfx325-nevera-de-compresor\/#local-main-organization-logo"},"sameAs":["https:\/\/www.facebook.com\/profile.php?id=100062419705358","https:\/\/www.instagram.com\/segimon_automocio"],"description":"Recambios EcoGas \u2013 Venta y distribuci\u00f3n de sistemas GLP y GNC en Espa\u00f1a y Portugal. Env\u00edos 24 h, soporte t\u00e9cnico a talleres y distribuidores.","hasMerchantReturnPolicy":{"@type":"MerchantReturnPolicy","merchantReturnLink":"https:\/\/recambiosecogas.com\/politicas-privacidad\/"},"address":{"@id":"https:\/\/recambiosecogas.com\/it\/producto\/dometic-cfx325-nevera-de-compresor\/#local-main-place-address"},"telephone":["616250633"],"contactPoint":{"@type":"ContactPoint","email":"export@recambiosecogas.com"},"openingHoursSpecification":[{"@type":"OpeningHoursSpecification","dayOfWeek":["Monday","Tuesday","Wednesday","Thursday","Friday","Saturday","Sunday"],"opens":"09:00","closes":"17:00"}],"email":"info@recambiosecogas.com","faxNumber":"SEGIMON AUTOMOCION SL","vatID":"ESB19819861","globalLocationNumber":"938 616 339"},{"@type":"PostalAddress","@id":"https:\/\/recambiosecogas.com\/it\/producto\/dometic-cfx325-nevera-de-compresor\/#local-main-place-address","streetAddress":"cami antic de vic, 29 (Nave 3), Pol\u00edgono Industrial Congost","addressLocality":"CORRO D`AVALL","postalCode":"08520","addressRegion":"Barcelona","addressCountry":"ES"},{"@type":"ImageObject","inLanguage":"it-IT","@id":"https:\/\/recambiosecogas.com\/it\/producto\/dometic-cfx325-nevera-de-compresor\/#local-main-organization-logo","url":"https:\/\/recambiosecogas.com\/wp-content\/uploads\/2024\/11\/cropped-RECAMBIOS-GLP-png.webp","contentUrl":"https:\/\/recambiosecogas.com\/wp-content\/uploads\/2024\/11\/cropped-RECAMBIOS-GLP-png.webp","width":512,"height":512,"caption":"Recambios EcoGas"}]},"product_price_amount":"810.69","product_price_currency":"EUR","og_availability":"backorder","product_availability":"available for order","product_retailer_item_id":"116550A","product_condition":"new","geo.placename":"CORRO D`AVALL","geo.region":"Spagna"},"uagb_featured_image_src":{"full":["https:\/\/recambiosecogas.com\/wp-content\/uploads\/2025\/02\/Dometic-CFX325-Nevera-de-compresor-1-png.webp",1000,1000,false],"thumbnail":["https:\/\/recambiosecogas.com\/wp-content\/uploads\/2025\/02\/Dometic-CFX325-Nevera-de-compresor-1-150x150.webp",150,150,true],"medium":["https:\/\/recambiosecogas.com\/wp-content\/uploads\/2025\/02\/Dometic-CFX325-Nevera-de-compresor-1-300x300.webp",300,300,true],"medium_large":["https:\/\/recambiosecogas.com\/wp-content\/uploads\/2025\/02\/Dometic-CFX325-Nevera-de-compresor-1-768x768.webp",768,768,true],"large":["https:\/\/recambiosecogas.com\/wp-content\/uploads\/2025\/02\/Dometic-CFX325-Nevera-de-compresor-1-png.webp",1000,1000,false],"1536x1536":["https:\/\/recambiosecogas.com\/wp-content\/uploads\/2025\/02\/Dometic-CFX325-Nevera-de-compresor-1-png.webp",1000,1000,false],"2048x2048":["https:\/\/recambiosecogas.com\/wp-content\/uploads\/2025\/02\/Dometic-CFX325-Nevera-de-compresor-1-png.webp",1000,1000,false],"woocommerce_archive_thumbnail":["https:\/\/recambiosecogas.com\/wp-content\/uploads\/2025\/02\/Dometic-CFX325-Nevera-de-compresor-1-png.webp",1000,1000,false],"woocommerce_thumbnail":["https:\/\/recambiosecogas.com\/wp-content\/uploads\/2025\/02\/Dometic-CFX325-Nevera-de-compresor-1-300x300.webp",300,300,true],"woocommerce_single":["https:\/\/recambiosecogas.com\/wp-content\/uploads\/2025\/02\/Dometic-CFX325-Nevera-de-compresor-1-png.webp",1000,1000,false],"woocommerce_gallery_thumbnail":["https:\/\/recambiosecogas.com\/wp-content\/uploads\/2025\/02\/Dometic-CFX325-Nevera-de-compresor-1-png.webp",1000,1000,false],"dgwt-wcas-product-suggestion":["https:\/\/recambiosecogas.com\/wp-content\/uploads\/2025\/02\/Dometic-CFX325-Nevera-de-compresor-1-64x64.webp",64,64,true]},"uagb_author_info":{"display_name":"Fran - Soporte T\u00e9cnico","author_link":"https:\/\/recambiosecogas.com\/it\/author\/"},"uagb_comment_info":0,"uagb_excerpt":"DOMETIC","_links":{"self":[{"href":"https:\/\/recambiosecogas.com\/it\/wp-json\/wp\/v2\/product\/45922","targetHints":{"allow":["GET"]}}],"collection":[{"href":"https:\/\/recambiosecogas.com\/it\/wp-json\/wp\/v2\/product"}],"about":[{"href":"https:\/\/recambiosecogas.com\/it\/wp-json\/wp\/v2\/types\/product"}],"replies":[{"embeddable":true,"href":"https:\/\/recambiosecogas.com\/it\/wp-json\/wp\/v2\/comments?post=45922"}],"wp:featuredmedia":[{"embeddable":true,"href":"https:\/\/recambiosecogas.com\/it\/wp-json\/wp\/v2\/media\/45923"}],"wp:attachment":[{"href":"https:\/\/recambiosecogas.com\/it\/wp-json\/wp\/v2\/media?parent=45922"}],"wp:term":[{"taxonomy":"product_brand","embeddable":true,"href":"https:\/\/recambiosecogas.com\/it\/wp-json\/wp\/v2\/product_brand?post=45922"},{"taxonomy":"product_cat","embeddable":true,"href":"https:\/\/recambiosecogas.com\/it\/wp-json\/wp\/v2\/product_cat?post=45922"},{"taxonomy":"product_tag","embeddable":true,"href":"https:\/\/recambiosecogas.com\/it\/wp-json\/wp\/v2\/product_tag?post=45922"}],"curies":[{"name":"wp","href":"https:\/\/api.w.org\/{rel}","templated":true}]}}