{"id":45893,"date":"2025-02-24T12:02:55","date_gmt":"2025-02-24T11:02:55","guid":{"rendered":"https:\/\/recambiosecogas.com\/producto\/truma-abrazadera-us-o-65-mm\/"},"modified":"2026-03-24T11:14:20","modified_gmt":"2026-03-24T10:14:20","slug":"truma-abrazadera-us-o-65-mm","status":"publish","type":"product","link":"https:\/\/recambiosecogas.com\/it\/producto\/truma-abrazadera-us-o-65-mm\/","title":{"rendered":"Truma abrazadera \u00dcS, \u00d8 65 mm"},"content":{"rendered":"<section class=\"pb-6 px-4 lg:px-0\" data-product-section=\"description\">\n<div class=\"w-full font-opensans-regular mt-4 lg:mt-6 leading-6 lg:leading-7\">\n<div class=\"w-full\">La abrazadera de manguera US de Truma es ideal para fijar una manguera de revestimiento de 65 mm, a la pared del veh\u00edculo.<\/div>\n<\/div>\n<\/section>\n<section class=\"pb-6 px-4 lg:px-0\" data-product-section=\"additional\">\n<div class=\"mb-2 lg:mt-4 lg:mb-6 hidden lg:block\">\n<h3 class=\"leading-8 font-opensans-bold lg:text-black\">Especificaciones<\/h3>\n<\/div>\n<div class=\"w-full font-opensans-regular mt-4 lg:mt-6 leading-6 lg:leading-7\">\n<div class=\"w-full\">\n<div id=\"product-attribute-specs-table\" class=\"data additional-attributes leading-7\">\n<div class=\"attr-group\" style=\"box-sizing: border-box; border: 0px solid #e5e7eb; --tw-border-spacing-x: 0; --tw-border-spacing-y: 0; --tw-translate-x: 0; --tw-translate-y: 0; --tw-rotate: 0; --tw-skew-x: 0; --tw-skew-y: 0; --tw-scale-x: 1; --tw-scale-y: 1; --tw-scroll-snap-strictness: proximity; --tw-ring-offset-width: 0px; --tw-ring-offset-color: #fff; --tw-ring-color: #3b82f680; --tw-ring-offset-shadow: 0 0 #0000; --tw-ring-shadow: 0 0 #0000; --tw-shadow: 0 0 #0000; --tw-shadow-colored: 0 0 #0000;\">\n<div class=\"attr-group-header py-[10px] border-b border-blue-lighter cursor-pointer flex justify-between leading-6 lg:leading-7\"><span class=\"font-opensans-bold\">Especificaciones generales<\/span><\/div>\n<div class=\"attr-group-content\">\n<div class=\"attribute-row p-[10px] flex items-start gap-5 leading-6 lg:leading-7 even\">\n<div class=\"data-header w-1\/2 md:w-[230px] flex items-start gap-1.5\">N\u00famero de art\u00edculo<\/div>\n<div id=\"sku\" class=\"data-body w-1\/2\">92651<\/div>\n<\/div>\n<div class=\"attribute-row p-[10px] flex items-start gap-5 leading-6 lg:leading-7\">\n<div class=\"data-header w-1\/2 md:w-[230px] flex items-start gap-1.5\">EAN<\/div>\n<div id=\"barcode\" class=\"data-body w-1\/2\">8712757285211<\/div>\n<\/div>\n<div class=\"attribute-row p-[10px] flex items-start gap-5 leading-6 lg:leading-7 even\">\n<div class=\"data-header w-1\/2 md:w-[230px] flex items-start gap-1.5\">N\u00famero de art\u00edculo del fabricante<\/div>\n<div id=\"mpn\" class=\"data-body w-1\/2\">5324840<\/div>\n<\/div>\n<div class=\"attribute-row p-[10px] flex items-start gap-5 leading-6 lg:leading-7\">\n<div class=\"data-header w-1\/2 md:w-[230px] flex items-start gap-1.5\">Marca<\/div>\n<div id=\"brand\" class=\"data-body w-1\/2\">Truma<\/div>\n<\/div>\n<\/div>\n<\/div>\n<div class=\"attr-group\" style=\"box-sizing: border-box; border: 0px solid #e5e7eb; --tw-border-spacing-x: 0; --tw-border-spacing-y: 0; --tw-translate-x: 0; --tw-translate-y: 0; --tw-rotate: 0; --tw-skew-x: 0; --tw-skew-y: 0; --tw-scale-x: 1; --tw-scale-y: 1; --tw-scroll-snap-strictness: proximity; --tw-ring-offset-width: 0px; --tw-ring-offset-color: #fff; --tw-ring-color: #3b82f680; --tw-ring-offset-shadow: 0 0 #0000; --tw-ring-shadow: 0 0 #0000; --tw-shadow: 0 0 #0000; --tw-shadow-colored: 0 0 #0000;\">\n<div class=\"attr-group-header py-[10px] border-b border-blue-lighter cursor-pointer flex justify-between leading-6 lg:leading-7\"><span class=\"font-opensans-bold\">Especificaciones f\u00edsicas<\/span><\/div>\n<div class=\"attr-group-content\">\n<div class=\"attribute-row p-[10px] flex items-start gap-5 leading-6 lg:leading-7 even\">\n<div class=\"data-header w-1\/2 md:w-[230px] flex items-start gap-1.5\">Di\u00e1metro<\/div>\n<div id=\"diameter\" class=\"data-body w-1\/2\">6.5 cm<\/div>\n<\/div>\n<div class=\"attribute-row p-[10px] flex items-start gap-5 leading-6 lg:leading-7\">\n<div class=\"data-header w-1\/2 md:w-[230px] flex items-start gap-1.5\">Color<\/div>\n<div id=\"color_specification\" class=\"data-body w-1\/2\">Gris<\/div>\n<\/div>\n<\/div>\n<\/div>\n<div class=\"attr-group\" style=\"box-sizing: border-box; border: 0px solid #e5e7eb; --tw-border-spacing-x: 0; --tw-border-spacing-y: 0; --tw-translate-x: 0; --tw-translate-y: 0; --tw-rotate: 0; --tw-skew-x: 0; --tw-skew-y: 0; --tw-scale-x: 1; --tw-scale-y: 1; --tw-scroll-snap-strictness: proximity; --tw-ring-offset-width: 0px; --tw-ring-offset-color: #fff; --tw-ring-color: #3b82f680; --tw-ring-offset-shadow: 0 0 #0000; --tw-ring-shadow: 0 0 #0000; --tw-shadow: 0 0 #0000; --tw-shadow-colored: 0 0 #0000;\">\n<div class=\"attr-group-header py-[10px] border-b border-blue-lighter cursor-pointer flex justify-between leading-6 lg:leading-7\"><span class=\"font-opensans-bold\">Especificaciones t\u00e9cnicas<\/span><\/div>\n<div class=\"attr-group-content\">\n<div class=\"attribute-row p-[10px] flex items-start gap-5 leading-6 lg:leading-7 even\">\n<div class=\"data-header w-1\/2 md:w-[230px] flex items-start gap-1.5\">\n<div class=\"tooltip tooltip-block relative inline-block !bg-transparent !z-auto !p-0\" style=\"box-sizing: border-box; border: 0px solid #e5e7eb; --tw-border-spacing-x: 0; --tw-border-spacing-y: 0; --tw-translate-x: 0; --tw-translate-y: 0; --tw-rotate: 0; --tw-skew-x: 0; --tw-skew-y: 0; --tw-scale-x: 1; --tw-scale-y: 1; --tw-scroll-snap-strictness: proximity; --tw-ring-offset-width: 0px; --tw-ring-offset-color: #fff; --tw-ring-color: #3b82f680; --tw-ring-offset-shadow: 0 0 #0000; --tw-ring-shadow: 0 0 #0000; --tw-shadow: 0 0 #0000; --tw-shadow-colored: 0 0 #0000; position: relative; z-index: 10; display: inline-block; background-color: rgb(238 249 253\/var(--tw-bg-opacity)); padding: 0px; gap: 0.5rem; border-radius: 0.25rem; --tw-bg-opacity: 1; text-align: left; font-family: 'OpenSans Regular', sans-serif; font-size: 14px; line-height: 24px; --tw-text-opacity: 1; color: rgb(0 0 0\/var(--tw-text-opacity)); margin-top: 0px;\"><\/div>\n<p>Adecuado para modo camping<\/p><\/div>\n<div id=\"suitable_vehicle\" class=\"data-body w-1\/2\">Autocaravana, Caravana<\/div>\n<\/div>\n<\/div>\n<\/div>\n<div class=\"attr-group\" style=\"box-sizing: border-box; border: 0px solid #e5e7eb; --tw-border-spacing-x: 0; --tw-border-spacing-y: 0; --tw-translate-x: 0; --tw-translate-y: 0; --tw-rotate: 0; --tw-skew-x: 0; --tw-skew-y: 0; --tw-scale-x: 1; --tw-scale-y: 1; --tw-scroll-snap-strictness: proximity; --tw-ring-offset-width: 0px; --tw-ring-offset-color: #fff; --tw-ring-color: #3b82f680; --tw-ring-offset-shadow: 0 0 #0000; --tw-ring-shadow: 0 0 #0000; --tw-shadow: 0 0 #0000; --tw-shadow-colored: 0 0 #0000;\">\n<div class=\"attr-group-header py-[10px] border-b border-blue-lighter cursor-pointer flex justify-between leading-6 lg:leading-7\"><span class=\"font-opensans-bold\">Especificaciones de material<\/span><\/div>\n<div class=\"attr-group-content\">\n<div class=\"attribute-row p-[10px] flex items-start gap-5 leading-6 lg:leading-7 even\">\n<div class=\"data-header w-1\/2 md:w-[230px] flex items-start gap-1.5\">Material<\/div>\n<div id=\"material_primary\" class=\"data-body w-1\/2\">Pl\u00e1stico<\/div>\n<\/div>\n<\/div>\n<\/div>\n<\/div>\n<\/div>\n<\/div>\n<\/section>\n","protected":false},"excerpt":{"rendered":"<p>Abrazadera Truma US de 65 mm, ideal para fijar mangueras en sistemas de Autogas, garantiza una sujeci\u00f3n segura y duradera.<\/p>\n","protected":false},"featured_media":45894,"comment_status":"open","ping_status":"closed","template":"","meta":{"googlesitekit_rrm_CAowud7EDA:productID":"","_uag_custom_page_level_css":""},"product_brand":[],"product_cat":[2290],"product_tag":[],"class_list":{"0":"post-45893","1":"product","2":"type-product","3":"status-publish","4":"has-post-thumbnail","6":"product_cat-sistemas-de-refrigeracion-autocaravanas","8":"first","9":"onbackorder","10":"taxable","11":"shipping-taxable","12":"purchasable","13":"product-type-simple"},"ct_brands":[],"yoast_head":"<!-- This site is optimized with the Yoast SEO Premium plugin v27.3 (Yoast SEO v27.3) - https:\/\/yoast.com\/product\/yoast-seo-premium-wordpress\/ -->\n<title>Abrazadera Truma US \u00d8 65 mm | Recambios Ecogas<\/title>\n<meta name=\"description\" content=\"Abrazadera Truma US de 65 mm, ideal para fijar mangueras en sistemas de Autogas, garantiza una sujeci\u00f3n segura y duradera.\" \/>\n<meta name=\"robots\" content=\"index, follow, max-snippet:-1, max-image-preview:large, max-video-preview:-1\" \/>\n<link rel=\"canonical\" href=\"https:\/\/recambiosecogas.com\/it\/producto\/truma-abrazadera-us-o-65-mm\/\" \/>\n<meta property=\"og:locale\" content=\"it_IT\" \/>\n<meta property=\"og:type\" content=\"article\" \/>\n<meta property=\"og:title\" content=\"Truma abrazadera \u00dcS, \u00d8 65 mm\" \/>\n<meta property=\"og:description\" content=\"Abrazadera Truma US de 65 mm, ideal para fijar mangueras en sistemas de Autogas, garantiza una sujeci\u00f3n segura y duradera.\" \/>\n<meta property=\"og:url\" content=\"https:\/\/recambiosecogas.com\/it\/producto\/truma-abrazadera-us-o-65-mm\/\" \/>\n<meta property=\"og:site_name\" content=\"Recambios EcoGas\" \/>\n<meta property=\"article:publisher\" content=\"https:\/\/www.facebook.com\/profile.php?id=100062419705358\" \/>\n<meta property=\"article:modified_time\" content=\"2026-03-24T10:14:20+00:00\" \/>\n<meta property=\"og:image\" content=\"https:\/\/recambiosecogas.com\/wp-content\/uploads\/2025\/02\/Truma-abrazadera-US-O-65-mm-png.webp\" \/>\n\t<meta property=\"og:image:width\" content=\"1000\" \/>\n\t<meta property=\"og:image:height\" content=\"1000\" \/>\n\t<meta property=\"og:image:type\" content=\"image\/png\" \/>\n<meta name=\"twitter:card\" content=\"summary_large_image\" \/>\n<meta name=\"twitter:label1\" content=\"Prezzo\" \/>\n\t<meta name=\"twitter:data1\" content=\"1,92&nbsp;&euro; (IVA incl.: 2,32&nbsp;&euro;)\" \/>\n\t<meta name=\"twitter:label2\" content=\"Disponibilit\u00e0\" \/>\n\t<meta name=\"twitter:data2\" content=\"Su ordinazione\" \/>\n<script type=\"application\/ld+json\" class=\"yoast-schema-graph\">{\"@context\":\"https:\\\/\\\/schema.org\",\"@graph\":[{\"@type\":\"WebPage\",\"@id\":\"https:\\\/\\\/recambiosecogas.com\\\/it\\\/producto\\\/truma-abrazadera-us-o-65-mm\\\/\",\"url\":\"https:\\\/\\\/recambiosecogas.com\\\/it\\\/producto\\\/truma-abrazadera-us-o-65-mm\\\/\",\"name\":\"Abrazadera Truma US \u00d8 65 mm | Recambios Ecogas\",\"isPartOf\":{\"@id\":\"https:\\\/\\\/recambiosecogas.com\\\/it\\\/#website\"},\"primaryImageOfPage\":{\"@id\":\"https:\\\/\\\/recambiosecogas.com\\\/it\\\/producto\\\/truma-abrazadera-us-o-65-mm\\\/#primaryimage\"},\"image\":{\"@id\":\"https:\\\/\\\/recambiosecogas.com\\\/it\\\/producto\\\/truma-abrazadera-us-o-65-mm\\\/#primaryimage\"},\"thumbnailUrl\":\"https:\\\/\\\/recambiosecogas.com\\\/wp-content\\\/uploads\\\/2025\\\/02\\\/Truma-abrazadera-US-O-65-mm-png.webp\",\"datePublished\":\"2025-02-24T11:02:55+00:00\",\"dateModified\":\"2026-03-24T10:14:20+00:00\",\"description\":\"Abrazadera Truma US de 65 mm, ideal para fijar mangueras en sistemas de Autogas, garantiza una sujeci\u00f3n segura y duradera.\",\"breadcrumb\":{\"@id\":\"https:\\\/\\\/recambiosecogas.com\\\/it\\\/producto\\\/truma-abrazadera-us-o-65-mm\\\/#breadcrumb\"},\"inLanguage\":\"it-IT\",\"potentialAction\":[{\"@type\":\"ReadAction\",\"target\":[\"https:\\\/\\\/recambiosecogas.com\\\/it\\\/producto\\\/truma-abrazadera-us-o-65-mm\\\/\"]}]},{\"@type\":\"ImageObject\",\"inLanguage\":\"it-IT\",\"@id\":\"https:\\\/\\\/recambiosecogas.com\\\/it\\\/producto\\\/truma-abrazadera-us-o-65-mm\\\/#primaryimage\",\"url\":\"https:\\\/\\\/recambiosecogas.com\\\/wp-content\\\/uploads\\\/2025\\\/02\\\/Truma-abrazadera-US-O-65-mm-png.webp\",\"contentUrl\":\"https:\\\/\\\/recambiosecogas.com\\\/wp-content\\\/uploads\\\/2025\\\/02\\\/Truma-abrazadera-US-O-65-mm-png.webp\",\"width\":1000,\"height\":1000},{\"@type\":\"BreadcrumbList\",\"@id\":\"https:\\\/\\\/recambiosecogas.com\\\/it\\\/producto\\\/truma-abrazadera-us-o-65-mm\\\/#breadcrumb\",\"itemListElement\":[{\"@type\":\"ListItem\",\"position\":1,\"name\":\"Portada\",\"item\":\"https:\\\/\\\/recambiosecogas.com\\\/it\\\/\"},{\"@type\":\"ListItem\",\"position\":2,\"name\":\"Negozio\",\"item\":\"https:\\\/\\\/recambiosecogas.com\\\/it\\\/?page_id=46382\"},{\"@type\":\"ListItem\",\"position\":3,\"name\":\"Truma abrazadera \u00dcS, \u00d8 65 mm\"}]},{\"@type\":\"WebSite\",\"@id\":\"https:\\\/\\\/recambiosecogas.com\\\/it\\\/#website\",\"url\":\"https:\\\/\\\/recambiosecogas.com\\\/it\\\/\",\"name\":\"Recambios EcoGas\",\"description\":\"Recambios Multimarca para sistemas de GLP\\\/GNC\\\/GNL\\\/Hidr\u00f3geno\",\"publisher\":{\"@id\":\"https:\\\/\\\/recambiosecogas.com\\\/it\\\/#organization\"},\"alternateName\":\"Recambios Autogas GLP\",\"potentialAction\":[{\"@type\":\"SearchAction\",\"target\":{\"@type\":\"EntryPoint\",\"urlTemplate\":\"https:\\\/\\\/recambiosecogas.com\\\/it\\\/?s={search_term_string}\"},\"query-input\":{\"@type\":\"PropertyValueSpecification\",\"valueRequired\":true,\"valueName\":\"search_term_string\"}}],\"inLanguage\":\"it-IT\"},{\"@type\":[\"Organization\",\"Place\"],\"@id\":\"https:\\\/\\\/recambiosecogas.com\\\/it\\\/#organization\",\"name\":\"Recambios EcoGas\",\"alternateName\":\"Tienda Online GLP Espa\u00f1a\",\"url\":\"https:\\\/\\\/recambiosecogas.com\\\/it\\\/\",\"logo\":{\"@id\":\"https:\\\/\\\/recambiosecogas.com\\\/it\\\/producto\\\/truma-abrazadera-us-o-65-mm\\\/#local-main-organization-logo\"},\"image\":{\"@id\":\"https:\\\/\\\/recambiosecogas.com\\\/it\\\/producto\\\/truma-abrazadera-us-o-65-mm\\\/#local-main-organization-logo\"},\"sameAs\":[\"https:\\\/\\\/www.facebook.com\\\/profile.php?id=100062419705358\",\"https:\\\/\\\/www.instagram.com\\\/segimon_automocio\"],\"description\":\"Recambios EcoGas \u2013 Venta y distribuci\u00f3n de sistemas GLP y GNC en Espa\u00f1a y Portugal. Env\u00edos 24 h, soporte t\u00e9cnico a talleres y distribuidores.\",\"hasMerchantReturnPolicy\":{\"@type\":\"MerchantReturnPolicy\",\"merchantReturnLink\":\"https:\\\/\\\/recambiosecogas.com\\\/politicas-privacidad\\\/\"},\"address\":{\"@id\":\"https:\\\/\\\/recambiosecogas.com\\\/it\\\/producto\\\/truma-abrazadera-us-o-65-mm\\\/#local-main-place-address\"},\"telephone\":[\"616250633\"],\"contactPoint\":{\"@type\":\"ContactPoint\",\"email\":\"export@recambiosecogas.com\"},\"openingHoursSpecification\":[{\"@type\":\"OpeningHoursSpecification\",\"dayOfWeek\":[\"Monday\",\"Tuesday\",\"Wednesday\",\"Thursday\",\"Friday\",\"Saturday\",\"Sunday\"],\"opens\":\"09:00\",\"closes\":\"17:00\"}],\"email\":\"info@recambiosecogas.com\",\"faxNumber\":\"SEGIMON AUTOMOCION SL\",\"vatID\":\"ESB19819861\",\"globalLocationNumber\":\"938 616 339\"},{\"@type\":\"PostalAddress\",\"@id\":\"https:\\\/\\\/recambiosecogas.com\\\/it\\\/producto\\\/truma-abrazadera-us-o-65-mm\\\/#local-main-place-address\",\"streetAddress\":\"cami antic de vic, 29 (Nave 3), Pol\u00edgono Industrial Congost\",\"addressLocality\":\"CORRO D`AVALL\",\"postalCode\":\"08520\",\"addressRegion\":\"Barcelona\",\"addressCountry\":\"ES\"},{\"@type\":\"ImageObject\",\"inLanguage\":\"it-IT\",\"@id\":\"https:\\\/\\\/recambiosecogas.com\\\/it\\\/producto\\\/truma-abrazadera-us-o-65-mm\\\/#local-main-organization-logo\",\"url\":\"https:\\\/\\\/recambiosecogas.com\\\/wp-content\\\/uploads\\\/2024\\\/11\\\/cropped-RECAMBIOS-GLP-png.webp\",\"contentUrl\":\"https:\\\/\\\/recambiosecogas.com\\\/wp-content\\\/uploads\\\/2024\\\/11\\\/cropped-RECAMBIOS-GLP-png.webp\",\"width\":512,\"height\":512,\"caption\":\"Recambios EcoGas\"}]}<\/script>\n<meta property=\"product:price:amount\" content=\"1.92\" \/>\n<meta property=\"product:price:currency\" content=\"EUR\" \/>\n<meta property=\"og:availability\" content=\"backorder\" \/>\n<meta property=\"product:availability\" content=\"available for order\" \/>\n<meta property=\"product:retailer_item_id\" content=\"114946\" \/>\n<meta property=\"product:condition\" content=\"new\" \/>\n<meta name=\"geo.placename\" content=\"CORRO D`AVALL\" \/>\n<meta name=\"geo.region\" content=\"Spagna\" \/>\n<!-- \/ Yoast SEO Premium plugin. -->","yoast_head_json":{"title":"Abrazadera Truma US \u00d8 65 mm | Recambios Ecogas","description":"Abrazadera Truma US de 65 mm, ideal para fijar mangueras en sistemas de Autogas, garantiza una sujeci\u00f3n segura y duradera.","robots":{"index":"index","follow":"follow","max-snippet":"max-snippet:-1","max-image-preview":"max-image-preview:large","max-video-preview":"max-video-preview:-1"},"canonical":"https:\/\/recambiosecogas.com\/it\/producto\/truma-abrazadera-us-o-65-mm\/","og_locale":"it_IT","og_type":"article","og_title":"Truma abrazadera \u00dcS, \u00d8 65 mm","og_description":"Abrazadera Truma US de 65 mm, ideal para fijar mangueras en sistemas de Autogas, garantiza una sujeci\u00f3n segura y duradera.","og_url":"https:\/\/recambiosecogas.com\/it\/producto\/truma-abrazadera-us-o-65-mm\/","og_site_name":"Recambios EcoGas","article_publisher":"https:\/\/www.facebook.com\/profile.php?id=100062419705358","article_modified_time":"2026-03-24T10:14:20+00:00","og_image":[{"width":1000,"height":1000,"url":"https:\/\/recambiosecogas.com\/wp-content\/uploads\/2025\/02\/Truma-abrazadera-US-O-65-mm-png.webp","type":"image\/png"}],"twitter_card":"summary_large_image","twitter_misc":{"Prezzo":"1,92&nbsp;&euro; (IVA incl.: 2,32&nbsp;&euro;)","Disponibilit\u00e0":"Su ordinazione"},"schema":{"@context":"https:\/\/schema.org","@graph":[{"@type":"WebPage","@id":"https:\/\/recambiosecogas.com\/it\/producto\/truma-abrazadera-us-o-65-mm\/","url":"https:\/\/recambiosecogas.com\/it\/producto\/truma-abrazadera-us-o-65-mm\/","name":"Abrazadera Truma US \u00d8 65 mm | Recambios Ecogas","isPartOf":{"@id":"https:\/\/recambiosecogas.com\/it\/#website"},"primaryImageOfPage":{"@id":"https:\/\/recambiosecogas.com\/it\/producto\/truma-abrazadera-us-o-65-mm\/#primaryimage"},"image":{"@id":"https:\/\/recambiosecogas.com\/it\/producto\/truma-abrazadera-us-o-65-mm\/#primaryimage"},"thumbnailUrl":"https:\/\/recambiosecogas.com\/wp-content\/uploads\/2025\/02\/Truma-abrazadera-US-O-65-mm-png.webp","datePublished":"2025-02-24T11:02:55+00:00","dateModified":"2026-03-24T10:14:20+00:00","description":"Abrazadera Truma US de 65 mm, ideal para fijar mangueras en sistemas de Autogas, garantiza una sujeci\u00f3n segura y duradera.","breadcrumb":{"@id":"https:\/\/recambiosecogas.com\/it\/producto\/truma-abrazadera-us-o-65-mm\/#breadcrumb"},"inLanguage":"it-IT","potentialAction":[{"@type":"ReadAction","target":["https:\/\/recambiosecogas.com\/it\/producto\/truma-abrazadera-us-o-65-mm\/"]}]},{"@type":"ImageObject","inLanguage":"it-IT","@id":"https:\/\/recambiosecogas.com\/it\/producto\/truma-abrazadera-us-o-65-mm\/#primaryimage","url":"https:\/\/recambiosecogas.com\/wp-content\/uploads\/2025\/02\/Truma-abrazadera-US-O-65-mm-png.webp","contentUrl":"https:\/\/recambiosecogas.com\/wp-content\/uploads\/2025\/02\/Truma-abrazadera-US-O-65-mm-png.webp","width":1000,"height":1000},{"@type":"BreadcrumbList","@id":"https:\/\/recambiosecogas.com\/it\/producto\/truma-abrazadera-us-o-65-mm\/#breadcrumb","itemListElement":[{"@type":"ListItem","position":1,"name":"Portada","item":"https:\/\/recambiosecogas.com\/it\/"},{"@type":"ListItem","position":2,"name":"Negozio","item":"https:\/\/recambiosecogas.com\/it\/?page_id=46382"},{"@type":"ListItem","position":3,"name":"Truma abrazadera \u00dcS, \u00d8 65 mm"}]},{"@type":"WebSite","@id":"https:\/\/recambiosecogas.com\/it\/#website","url":"https:\/\/recambiosecogas.com\/it\/","name":"Recambios EcoGas","description":"Recambios Multimarca para sistemas de GLP\/GNC\/GNL\/Hidr\u00f3geno","publisher":{"@id":"https:\/\/recambiosecogas.com\/it\/#organization"},"alternateName":"Recambios Autogas GLP","potentialAction":[{"@type":"SearchAction","target":{"@type":"EntryPoint","urlTemplate":"https:\/\/recambiosecogas.com\/it\/?s={search_term_string}"},"query-input":{"@type":"PropertyValueSpecification","valueRequired":true,"valueName":"search_term_string"}}],"inLanguage":"it-IT"},{"@type":["Organization","Place"],"@id":"https:\/\/recambiosecogas.com\/it\/#organization","name":"Recambios EcoGas","alternateName":"Tienda Online GLP Espa\u00f1a","url":"https:\/\/recambiosecogas.com\/it\/","logo":{"@id":"https:\/\/recambiosecogas.com\/it\/producto\/truma-abrazadera-us-o-65-mm\/#local-main-organization-logo"},"image":{"@id":"https:\/\/recambiosecogas.com\/it\/producto\/truma-abrazadera-us-o-65-mm\/#local-main-organization-logo"},"sameAs":["https:\/\/www.facebook.com\/profile.php?id=100062419705358","https:\/\/www.instagram.com\/segimon_automocio"],"description":"Recambios EcoGas \u2013 Venta y distribuci\u00f3n de sistemas GLP y GNC en Espa\u00f1a y Portugal. Env\u00edos 24 h, soporte t\u00e9cnico a talleres y distribuidores.","hasMerchantReturnPolicy":{"@type":"MerchantReturnPolicy","merchantReturnLink":"https:\/\/recambiosecogas.com\/politicas-privacidad\/"},"address":{"@id":"https:\/\/recambiosecogas.com\/it\/producto\/truma-abrazadera-us-o-65-mm\/#local-main-place-address"},"telephone":["616250633"],"contactPoint":{"@type":"ContactPoint","email":"export@recambiosecogas.com"},"openingHoursSpecification":[{"@type":"OpeningHoursSpecification","dayOfWeek":["Monday","Tuesday","Wednesday","Thursday","Friday","Saturday","Sunday"],"opens":"09:00","closes":"17:00"}],"email":"info@recambiosecogas.com","faxNumber":"SEGIMON AUTOMOCION SL","vatID":"ESB19819861","globalLocationNumber":"938 616 339"},{"@type":"PostalAddress","@id":"https:\/\/recambiosecogas.com\/it\/producto\/truma-abrazadera-us-o-65-mm\/#local-main-place-address","streetAddress":"cami antic de vic, 29 (Nave 3), Pol\u00edgono Industrial Congost","addressLocality":"CORRO D`AVALL","postalCode":"08520","addressRegion":"Barcelona","addressCountry":"ES"},{"@type":"ImageObject","inLanguage":"it-IT","@id":"https:\/\/recambiosecogas.com\/it\/producto\/truma-abrazadera-us-o-65-mm\/#local-main-organization-logo","url":"https:\/\/recambiosecogas.com\/wp-content\/uploads\/2024\/11\/cropped-RECAMBIOS-GLP-png.webp","contentUrl":"https:\/\/recambiosecogas.com\/wp-content\/uploads\/2024\/11\/cropped-RECAMBIOS-GLP-png.webp","width":512,"height":512,"caption":"Recambios EcoGas"}]},"product_price_amount":"1.92","product_price_currency":"EUR","og_availability":"backorder","product_availability":"available for order","product_retailer_item_id":"114946","product_condition":"new","geo.placename":"CORRO D`AVALL","geo.region":"Spagna"},"uagb_featured_image_src":{"full":["https:\/\/recambiosecogas.com\/wp-content\/uploads\/2025\/02\/Truma-abrazadera-US-O-65-mm-png.webp",1000,1000,false],"thumbnail":["https:\/\/recambiosecogas.com\/wp-content\/uploads\/2025\/02\/Truma-abrazadera-US-O-65-mm-150x150.webp",150,150,true],"medium":["https:\/\/recambiosecogas.com\/wp-content\/uploads\/2025\/02\/Truma-abrazadera-US-O-65-mm-300x300.webp",300,300,true],"medium_large":["https:\/\/recambiosecogas.com\/wp-content\/uploads\/2025\/02\/Truma-abrazadera-US-O-65-mm-768x768.webp",768,768,true],"large":["https:\/\/recambiosecogas.com\/wp-content\/uploads\/2025\/02\/Truma-abrazadera-US-O-65-mm-png.webp",1000,1000,false],"1536x1536":["https:\/\/recambiosecogas.com\/wp-content\/uploads\/2025\/02\/Truma-abrazadera-US-O-65-mm-png.webp",1000,1000,false],"2048x2048":["https:\/\/recambiosecogas.com\/wp-content\/uploads\/2025\/02\/Truma-abrazadera-US-O-65-mm-png.webp",1000,1000,false],"woocommerce_archive_thumbnail":["https:\/\/recambiosecogas.com\/wp-content\/uploads\/2025\/02\/Truma-abrazadera-US-O-65-mm-png.webp",1000,1000,false],"woocommerce_thumbnail":["https:\/\/recambiosecogas.com\/wp-content\/uploads\/2025\/02\/Truma-abrazadera-US-O-65-mm-300x300.webp",300,300,true],"woocommerce_single":["https:\/\/recambiosecogas.com\/wp-content\/uploads\/2025\/02\/Truma-abrazadera-US-O-65-mm-png.webp",1000,1000,false],"woocommerce_gallery_thumbnail":["https:\/\/recambiosecogas.com\/wp-content\/uploads\/2025\/02\/Truma-abrazadera-US-O-65-mm-png.webp",1000,1000,false],"dgwt-wcas-product-suggestion":["https:\/\/recambiosecogas.com\/wp-content\/uploads\/2025\/02\/Truma-abrazadera-US-O-65-mm-64x64.webp",64,64,true]},"uagb_author_info":{"display_name":"Fran - Soporte T\u00e9cnico","author_link":"https:\/\/recambiosecogas.com\/it\/author\/"},"uagb_comment_info":0,"uagb_excerpt":"Abrazadera Truma US de 65 mm, ideal para fijar mangueras en sistemas de Autogas, garantiza una sujeci\u00f3n segura y duradera.","_links":{"self":[{"href":"https:\/\/recambiosecogas.com\/it\/wp-json\/wp\/v2\/product\/45893","targetHints":{"allow":["GET"]}}],"collection":[{"href":"https:\/\/recambiosecogas.com\/it\/wp-json\/wp\/v2\/product"}],"about":[{"href":"https:\/\/recambiosecogas.com\/it\/wp-json\/wp\/v2\/types\/product"}],"replies":[{"embeddable":true,"href":"https:\/\/recambiosecogas.com\/it\/wp-json\/wp\/v2\/comments?post=45893"}],"wp:featuredmedia":[{"embeddable":true,"href":"https:\/\/recambiosecogas.com\/it\/wp-json\/wp\/v2\/media\/45894"}],"wp:attachment":[{"href":"https:\/\/recambiosecogas.com\/it\/wp-json\/wp\/v2\/media?parent=45893"}],"wp:term":[{"taxonomy":"product_brand","embeddable":true,"href":"https:\/\/recambiosecogas.com\/it\/wp-json\/wp\/v2\/product_brand?post=45893"},{"taxonomy":"product_cat","embeddable":true,"href":"https:\/\/recambiosecogas.com\/it\/wp-json\/wp\/v2\/product_cat?post=45893"},{"taxonomy":"product_tag","embeddable":true,"href":"https:\/\/recambiosecogas.com\/it\/wp-json\/wp\/v2\/product_tag?post=45893"}],"curies":[{"name":"wp","href":"https:\/\/api.w.org\/{rel}","templated":true}]}}