{"id":45835,"date":"2025-02-24T11:03:52","date_gmt":"2025-02-24T10:03:52","guid":{"rendered":"https:\/\/recambiosecogas.com\/producto\/manguera-de-gas-2-x-g-5-hasta-30-bar-400mm\/"},"modified":"2025-02-24T11:03:52","modified_gmt":"2025-02-24T11:03:52","slug":"manguera-de-gas-2-x-g-5-hasta-30-bar-400mm","status":"publish","type":"product","link":"https:\/\/recambiosecogas.com\/it\/producto\/manguera-de-gas-2-x-g-5-hasta-30-bar-400mm\/","title":{"rendered":"Manguera gas 2 G5 30 bar \u2013 400 mm alta presi\u00f3n"},"content":{"rendered":"<h1 data-start=\"888\" data-end=\"943\"><strong data-start=\"890\" data-end=\"943\">Manguera gas 2 G5 30 bar \u2013 400 mm de alta presi\u00f3n<\/strong><\/h1>\n<h2 data-start=\"945\" data-end=\"963\"><strong data-start=\"948\" data-end=\"963\">Descripci\u00f3n<\/strong><\/h2>\n<p data-start=\"964\" data-end=\"1434\">La <strong data-start=\"967\" data-end=\"995\">manguera gas 2 G5 30 bar<\/strong> de 400 mm es una manguera de alta presi\u00f3n dise\u00f1ada para conectar dos elementos con rosca G.5 (W21.8 \u00d7 1\/14&#8243; LH). Desde el primer momento, esta manguera proporciona una uni\u00f3n segura entre botellas de gas, v\u00e1lvulas de cambio y sistemas ampliados de botellas. Adem\u00e1s, su construcci\u00f3n reforzada ofrece una resistencia excelente incluso en condiciones exigentes, lo que garantiza un funcionamiento estable en instalaciones GLP m\u00f3viles o fijas.<\/p>\n<p data-start=\"1436\" data-end=\"1658\">Asimismo, la manguera gas 2 G5 30 bar est\u00e1 fabricada en caucho con incrustaci\u00f3n textil, lo que mejora su durabilidad y flexibilidad. Gracias a su certificaci\u00f3n DVGW, cumple las normas europeas para equipos de alta presi\u00f3n.<\/p>\n<hr data-start=\"1660\" data-end=\"1663\" \/>\n<h2 data-start=\"1665\" data-end=\"1717\"><strong data-start=\"1668\" data-end=\"1717\">Compatibilidad del sistema con conexiones G.5<\/strong><\/h2>\n<p data-start=\"1718\" data-end=\"2039\">Esta manguera es compatible con botellas de gas de <strong data-start=\"1769\" data-end=\"1792\">5 kg, 11 kg y 33 kg<\/strong>, as\u00ed como con v\u00e1lvulas de conmutaci\u00f3n autom\u00e1tica y reguladores de alta presi\u00f3n. Adem\u00e1s, puede utilizarse para ampliar sistemas de botellas conectadas en paralelo, lo que facilita el suministro continuo en instalaciones profesionales o dom\u00e9sticas.<\/p>\n<hr data-start=\"2041\" data-end=\"2044\" \/>\n<h2 data-start=\"2046\" data-end=\"2096\"><strong data-start=\"2049\" data-end=\"2096\">Ventajas de la manguera de alta presi\u00f3n G.5<\/strong><\/h2>\n<p data-start=\"2097\" data-end=\"2501\">La manguera ofrece varias ventajas: resiste hasta <strong data-start=\"2147\" data-end=\"2157\">30 bar<\/strong>, soporta temperaturas tan bajas como <strong data-start=\"2195\" data-end=\"2205\">\u201330 \u00b0C<\/strong>, y proporciona conexiones fiables en ambos extremos. Por ello, se convierte en una opci\u00f3n robusta para instalaciones de gas en caravanas, autocaravanas, cocinas industriales y aplicaciones t\u00e9cnicas.<br data-start=\"2404\" data-end=\"2407\" \/>Por otra parte, su dise\u00f1o compacto de 400 mm permite instalarla incluso en espacios reducidos.<\/p>\n<hr data-start=\"2503\" data-end=\"2506\" \/>\n<h2 data-start=\"2508\" data-end=\"2528\"><strong data-start=\"2511\" data-end=\"2528\">Ficha t\u00e9cnica<\/strong><\/h2>\n<ul data-start=\"2529\" data-end=\"2758\">\n<li data-start=\"2529\" data-end=\"2553\">\n<p data-start=\"2531\" data-end=\"2553\">Longitud: <strong data-start=\"2541\" data-end=\"2551\">400 mm<\/strong><\/p>\n<\/li>\n<li data-start=\"2554\" data-end=\"2600\">\n<p data-start=\"2556\" data-end=\"2600\">Conexiones: <strong data-start=\"2568\" data-end=\"2598\">2 \u00d7 G.5 (W21.8 \u00d7 1\/14&#8243; LH)<\/strong><\/p>\n<\/li>\n<li data-start=\"2601\" data-end=\"2641\">\n<p data-start=\"2603\" data-end=\"2641\">Presi\u00f3n m\u00e1xima admisible: <strong data-start=\"2629\" data-end=\"2639\">30 bar<\/strong><\/p>\n<\/li>\n<li data-start=\"2642\" data-end=\"2690\">\n<p data-start=\"2644\" data-end=\"2690\">Material: <strong data-start=\"2654\" data-end=\"2688\">caucho con incrustaci\u00f3n textil<\/strong><\/p>\n<\/li>\n<li data-start=\"2691\" data-end=\"2718\">\n<p data-start=\"2693\" data-end=\"2718\">Certificaci\u00f3n: <strong data-start=\"2708\" data-end=\"2716\">DVGW<\/strong><\/p>\n<\/li>\n<li data-start=\"2719\" data-end=\"2758\">\n<p data-start=\"2721\" data-end=\"2758\">Resistencia al fr\u00edo: <strong data-start=\"2742\" data-end=\"2758\">hasta \u201330 \u00b0C<\/strong><\/p>\n<\/li>\n<\/ul>\n<hr data-start=\"2760\" data-end=\"2763\" \/>\n<h2 data-start=\"2765\" data-end=\"2788\"><strong data-start=\"2768\" data-end=\"2788\">Especificaciones<\/strong><\/h2>\n<div class=\"_tableContainer_1rjym_1\">\n<div class=\"group _tableWrapper_1rjym_13 flex w-fit flex-col-reverse\" tabindex=\"-1\">\n<table class=\"w-fit min-w-(--thread-content-width)\" data-start=\"2789\" data-end=\"3039\">\n<thead data-start=\"2789\" data-end=\"2817\">\n<tr data-start=\"2789\" data-end=\"2817\">\n<th data-start=\"2789\" data-end=\"2806\" data-col-size=\"sm\">Caracter\u00edstica<\/th>\n<th data-start=\"2806\" data-end=\"2817\" data-col-size=\"sm\">Detalle<\/th>\n<\/tr>\n<\/thead>\n<tbody data-start=\"2847\" data-end=\"3039\">\n<tr data-start=\"2847\" data-end=\"2868\">\n<td data-start=\"2847\" data-end=\"2858\" data-col-size=\"sm\">Longitud<\/td>\n<td data-col-size=\"sm\" data-start=\"2858\" data-end=\"2868\">400 mm<\/td>\n<\/tr>\n<tr data-start=\"2869\" data-end=\"2900\">\n<td data-start=\"2869\" data-end=\"2880\" data-col-size=\"sm\">Conexi\u00f3n<\/td>\n<td data-col-size=\"sm\" data-start=\"2880\" data-end=\"2900\">2 \u00d7 G.5 (Komb.A)<\/td>\n<\/tr>\n<tr data-start=\"2901\" data-end=\"2921\">\n<td data-start=\"2901\" data-end=\"2911\" data-col-size=\"sm\">Presi\u00f3n<\/td>\n<td data-col-size=\"sm\" data-start=\"2911\" data-end=\"2921\">30 bar<\/td>\n<\/tr>\n<tr data-start=\"2922\" data-end=\"2953\">\n<td data-start=\"2922\" data-end=\"2933\" data-col-size=\"sm\">Material<\/td>\n<td data-start=\"2933\" data-end=\"2953\" data-col-size=\"sm\">Caucho reforzado<\/td>\n<\/tr>\n<tr data-start=\"2954\" data-end=\"2970\">\n<td data-start=\"2954\" data-end=\"2962\" data-col-size=\"sm\">Norma<\/td>\n<td data-col-size=\"sm\" data-start=\"2962\" data-end=\"2970\">DVGW<\/td>\n<\/tr>\n<tr data-start=\"2971\" data-end=\"3003\">\n<td data-start=\"2971\" data-end=\"2993\" data-col-size=\"sm\">Resistencia t\u00e9rmica<\/td>\n<td data-col-size=\"sm\" data-start=\"2993\" data-end=\"3003\">\u201330 \u00b0C<\/td>\n<\/tr>\n<tr data-start=\"3004\" data-end=\"3039\">\n<td data-start=\"3004\" data-end=\"3011\" data-col-size=\"sm\">Tipo<\/td>\n<td data-col-size=\"sm\" data-start=\"3011\" data-end=\"3039\">Manguera de alta presi\u00f3n<\/td>\n<\/tr>\n<\/tbody>\n<\/table>\n<\/div>\n<\/div>\n<hr data-start=\"3041\" data-end=\"3044\" \/>\n<h2 data-start=\"3046\" data-end=\"3063\"><strong data-start=\"3049\" data-end=\"3063\">Beneficios<\/strong><\/h2>\n<ul data-start=\"3064\" data-end=\"3363\">\n<li data-start=\"3064\" data-end=\"3111\">\n<p data-start=\"3066\" data-end=\"3111\">Compatible con botellas de gas <strong data-start=\"3097\" data-end=\"3108\">5\u201333 kg<\/strong>.<\/p>\n<\/li>\n<li data-start=\"3112\" data-end=\"3173\">\n<p data-start=\"3114\" data-end=\"3173\">Resistencia extrema a 30 bar para aplicaciones exigentes.<\/p>\n<\/li>\n<li data-start=\"3174\" data-end=\"3229\">\n<p data-start=\"3176\" data-end=\"3229\">Funcionamiento seguro incluso a bajas temperaturas.<\/p>\n<\/li>\n<li data-start=\"3230\" data-end=\"3304\">\n<p data-start=\"3232\" data-end=\"3304\">Ideal para ampliar sistemas de botellas o conectar v\u00e1lvulas de cambio.<\/p>\n<\/li>\n<li data-start=\"3305\" data-end=\"3363\">\n<p data-start=\"3307\" data-end=\"3363\">Certificaci\u00f3n DVGW que garantiza fiabilidad y seguridad.<\/p>\n<\/li>\n<\/ul>\n","protected":false},"excerpt":{"rendered":"<p data-start=\"2533\" data-end=\"2652\">Manguera de gas 2 \u00d7 G.5, 400 mm, PS 30 bar. Compatible con botellas de 5\u201333 kg, certificada DVGW y resistente a \u201330 \u00b0C.<\/p>\n","protected":false},"featured_media":45837,"comment_status":"open","ping_status":"closed","template":"","meta":{"_uag_custom_page_level_css":""},"product_brand":[],"product_cat":[2228],"product_tag":[],"class_list":{"0":"post-45835","1":"product","2":"type-product","3":"status-publish","4":"has-post-thumbnail","6":"product_cat-alta-presion","8":"first","9":"onbackorder","10":"taxable","11":"shipping-taxable","12":"purchasable","13":"product-type-simple"},"ct_brands":[],"yoast_head":"<!-- This site is optimized with the Yoast SEO Premium plugin v27.5 (Yoast SEO v27.5) - https:\/\/yoast.com\/product\/yoast-seo-premium-wordpress\/ -->\n<title>Manguera gas 2 G5 30 bar \u2013 400 mm alta presi\u00f3n | Recambios EcoGas<\/title>\n<meta name=\"description\" content=\"Manguera de gas 2 \u00d7 G.5 400 mm para alta presi\u00f3n hasta 30 bar. Compatible con botellas de 5\u201333 kg y certificada DVGW.\" \/>\n<meta name=\"robots\" content=\"index, follow, max-snippet:-1, max-image-preview:large, max-video-preview:-1\" \/>\n<link rel=\"canonical\" href=\"https:\/\/recambiosecogas.com\/it\/producto\/manguera-de-gas-2-x-g-5-hasta-30-bar-400mm\/\" \/>\n<meta property=\"og:locale\" content=\"it_IT\" \/>\n<meta property=\"og:type\" content=\"article\" \/>\n<meta property=\"og:title\" content=\"Manguera gas 2 G5 30 bar \u2013 400 mm alta presi\u00f3n\" \/>\n<meta property=\"og:description\" content=\"Manguera de gas 2 \u00d7 G.5 400 mm para alta presi\u00f3n hasta 30 bar. Compatible con botellas de 5\u201333 kg y certificada DVGW.\" \/>\n<meta property=\"og:url\" content=\"https:\/\/recambiosecogas.com\/it\/producto\/manguera-de-gas-2-x-g-5-hasta-30-bar-400mm\/\" \/>\n<meta property=\"og:site_name\" content=\"Recambios EcoGas\" \/>\n<meta property=\"article:publisher\" content=\"https:\/\/www.facebook.com\/profile.php?id=100062419705358\" \/>\n<meta property=\"article:modified_time\" content=\"2025-02-24T11:03:52+00:00\" \/>\n<meta property=\"og:image\" content=\"https:\/\/recambiosecogas.com\/wp-content\/uploads\/2025\/02\/Manguera-de-gas-2-x-G.5-hasta-30-bar-400mm-png.webp\" \/>\n\t<meta property=\"og:image:width\" content=\"1000\" \/>\n\t<meta property=\"og:image:height\" content=\"1000\" \/>\n\t<meta property=\"og:image:type\" content=\"image\/png\" \/>\n<meta name=\"twitter:card\" content=\"summary_large_image\" \/>\n<meta name=\"twitter:label1\" content=\"Prezzo\" \/>\n\t<meta name=\"twitter:data1\" content=\"34,16&nbsp;&euro; (Sin IVA: 28,23&nbsp;&euro;)\" \/>\n\t<meta name=\"twitter:label2\" content=\"Disponibilit\u00e0\" \/>\n\t<meta name=\"twitter:data2\" content=\"Su ordinazione\" \/>\n<script type=\"application\/ld+json\" class=\"yoast-schema-graph\">{\"@context\":\"https:\\\/\\\/schema.org\",\"@graph\":[{\"@type\":\"WebPage\",\"@id\":\"https:\\\/\\\/recambiosecogas.com\\\/it\\\/producto\\\/manguera-de-gas-2-x-g-5-hasta-30-bar-400mm\\\/\",\"url\":\"https:\\\/\\\/recambiosecogas.com\\\/it\\\/producto\\\/manguera-de-gas-2-x-g-5-hasta-30-bar-400mm\\\/\",\"name\":\"Manguera gas 2 G5 30 bar \u2013 400 mm alta presi\u00f3n | Recambios EcoGas\",\"isPartOf\":{\"@id\":\"https:\\\/\\\/recambiosecogas.com\\\/it\\\/#website\"},\"primaryImageOfPage\":{\"@id\":\"https:\\\/\\\/recambiosecogas.com\\\/it\\\/producto\\\/manguera-de-gas-2-x-g-5-hasta-30-bar-400mm\\\/#primaryimage\"},\"image\":{\"@id\":\"https:\\\/\\\/recambiosecogas.com\\\/it\\\/producto\\\/manguera-de-gas-2-x-g-5-hasta-30-bar-400mm\\\/#primaryimage\"},\"thumbnailUrl\":\"https:\\\/\\\/recambiosecogas.com\\\/wp-content\\\/uploads\\\/2025\\\/02\\\/Manguera-de-gas-2-x-G.5-hasta-30-bar-400mm-png.webp\",\"datePublished\":\"2025-02-24T10:03:52+00:00\",\"dateModified\":\"2025-02-24T11:03:52+00:00\",\"description\":\"Manguera de gas 2 \u00d7 G.5 400 mm para alta presi\u00f3n hasta 30 bar. Compatible con botellas de 5\u201333 kg y certificada DVGW.\",\"breadcrumb\":{\"@id\":\"https:\\\/\\\/recambiosecogas.com\\\/it\\\/producto\\\/manguera-de-gas-2-x-g-5-hasta-30-bar-400mm\\\/#breadcrumb\"},\"inLanguage\":\"it-IT\",\"potentialAction\":[{\"@type\":\"ReadAction\",\"target\":[\"https:\\\/\\\/recambiosecogas.com\\\/it\\\/producto\\\/manguera-de-gas-2-x-g-5-hasta-30-bar-400mm\\\/\"]}]},{\"@type\":\"ImageObject\",\"inLanguage\":\"it-IT\",\"@id\":\"https:\\\/\\\/recambiosecogas.com\\\/it\\\/producto\\\/manguera-de-gas-2-x-g-5-hasta-30-bar-400mm\\\/#primaryimage\",\"url\":\"https:\\\/\\\/recambiosecogas.com\\\/wp-content\\\/uploads\\\/2025\\\/02\\\/Manguera-de-gas-2-x-G.5-hasta-30-bar-400mm-png.webp\",\"contentUrl\":\"https:\\\/\\\/recambiosecogas.com\\\/wp-content\\\/uploads\\\/2025\\\/02\\\/Manguera-de-gas-2-x-G.5-hasta-30-bar-400mm-png.webp\",\"width\":1000,\"height\":1000},{\"@type\":\"BreadcrumbList\",\"@id\":\"https:\\\/\\\/recambiosecogas.com\\\/it\\\/producto\\\/manguera-de-gas-2-x-g-5-hasta-30-bar-400mm\\\/#breadcrumb\",\"itemListElement\":[{\"@type\":\"ListItem\",\"position\":1,\"name\":\"Portada\",\"item\":\"https:\\\/\\\/recambiosecogas.com\\\/it\\\/\"},{\"@type\":\"ListItem\",\"position\":2,\"name\":\"Negozio\",\"item\":\"https:\\\/\\\/recambiosecogas.com\\\/it\\\/?page_id=46382\"},{\"@type\":\"ListItem\",\"position\":3,\"name\":\"Manguera gas 2 G5 30 bar \u2013 400 mm alta presi\u00f3n\"}]},{\"@type\":\"WebSite\",\"@id\":\"https:\\\/\\\/recambiosecogas.com\\\/it\\\/#website\",\"url\":\"https:\\\/\\\/recambiosecogas.com\\\/it\\\/\",\"name\":\"Recambios EcoGas\",\"description\":\"Recambios Multimarca para sistemas de GLP\\\/GNC\\\/GNL\\\/Hidr\u00f3geno\",\"publisher\":{\"@id\":\"https:\\\/\\\/recambiosecogas.com\\\/it\\\/#organization\"},\"alternateName\":\"Recambios Autogas GLP\",\"potentialAction\":[{\"@type\":\"SearchAction\",\"target\":{\"@type\":\"EntryPoint\",\"urlTemplate\":\"https:\\\/\\\/recambiosecogas.com\\\/it\\\/?s={search_term_string}\"},\"query-input\":{\"@type\":\"PropertyValueSpecification\",\"valueRequired\":true,\"valueName\":\"search_term_string\"}}],\"inLanguage\":\"it-IT\"},{\"@type\":[\"Organization\",\"Place\"],\"@id\":\"https:\\\/\\\/recambiosecogas.com\\\/it\\\/#organization\",\"name\":\"Recambios EcoGas\",\"alternateName\":\"Tienda Online GLP Espa\u00f1a\",\"url\":\"https:\\\/\\\/recambiosecogas.com\\\/it\\\/\",\"logo\":{\"@id\":\"https:\\\/\\\/recambiosecogas.com\\\/it\\\/producto\\\/manguera-de-gas-2-x-g-5-hasta-30-bar-400mm\\\/#local-main-organization-logo\"},\"image\":{\"@id\":\"https:\\\/\\\/recambiosecogas.com\\\/it\\\/producto\\\/manguera-de-gas-2-x-g-5-hasta-30-bar-400mm\\\/#local-main-organization-logo\"},\"sameAs\":[\"https:\\\/\\\/www.facebook.com\\\/profile.php?id=100062419705358\",\"https:\\\/\\\/www.instagram.com\\\/segimon_automocio\"],\"description\":\"Recambios EcoGas \u2013 Venta y distribuci\u00f3n de sistemas GLP y GNC en Espa\u00f1a y Portugal. Env\u00edos 24 h, soporte t\u00e9cnico a talleres y distribuidores.\",\"hasMerchantReturnPolicy\":{\"@type\":\"MerchantReturnPolicy\",\"merchantReturnLink\":\"https:\\\/\\\/recambiosecogas.com\\\/politicas-privacidad\\\/\"},\"address\":{\"@id\":\"https:\\\/\\\/recambiosecogas.com\\\/it\\\/producto\\\/manguera-de-gas-2-x-g-5-hasta-30-bar-400mm\\\/#local-main-place-address\"},\"telephone\":[\"616250633\"],\"contactPoint\":{\"@type\":\"ContactPoint\",\"email\":\"export@recambiosecogas.com\"},\"openingHoursSpecification\":[{\"@type\":\"OpeningHoursSpecification\",\"dayOfWeek\":[\"Monday\",\"Tuesday\",\"Wednesday\",\"Thursday\",\"Friday\",\"Saturday\",\"Sunday\"],\"opens\":\"09:00\",\"closes\":\"17:00\"}],\"email\":\"info@recambiosecogas.com\",\"faxNumber\":\"SEGIMON AUTOMOCION SL\",\"vatID\":\"ESB19819861\",\"globalLocationNumber\":\"938 616 339\"},{\"@type\":\"PostalAddress\",\"@id\":\"https:\\\/\\\/recambiosecogas.com\\\/it\\\/producto\\\/manguera-de-gas-2-x-g-5-hasta-30-bar-400mm\\\/#local-main-place-address\",\"streetAddress\":\"cami antic de vic, 29 (Nave 3), Pol\u00edgono Industrial Congost\",\"addressLocality\":\"CORRO D`AVALL\",\"postalCode\":\"08520\",\"addressRegion\":\"Barcelona\",\"addressCountry\":\"ES\"},{\"@type\":\"ImageObject\",\"inLanguage\":\"it-IT\",\"@id\":\"https:\\\/\\\/recambiosecogas.com\\\/it\\\/producto\\\/manguera-de-gas-2-x-g-5-hasta-30-bar-400mm\\\/#local-main-organization-logo\",\"url\":\"https:\\\/\\\/recambiosecogas.com\\\/wp-content\\\/uploads\\\/2024\\\/11\\\/cropped-RECAMBIOS-GLP-png.webp\",\"contentUrl\":\"https:\\\/\\\/recambiosecogas.com\\\/wp-content\\\/uploads\\\/2024\\\/11\\\/cropped-RECAMBIOS-GLP-png.webp\",\"width\":512,\"height\":512,\"caption\":\"Recambios EcoGas\"}]}<\/script>\n<meta property=\"product:price:amount\" content=\"34.16\" \/>\n<meta property=\"product:price:currency\" content=\"EUR\" \/>\n<meta property=\"og:availability\" content=\"backorder\" \/>\n<meta property=\"product:availability\" content=\"available for order\" \/>\n<meta property=\"product:retailer_item_id\" content=\"112529\" \/>\n<meta property=\"product:condition\" content=\"new\" \/>\n<meta name=\"geo.placename\" content=\"CORRO D`AVALL\" \/>\n<meta name=\"geo.region\" content=\"Spagna\" \/>\n<!-- \/ Yoast SEO Premium plugin. -->","yoast_head_json":{"title":"Manguera gas 2 G5 30 bar \u2013 400 mm alta presi\u00f3n | Recambios EcoGas","description":"Manguera de gas 2 \u00d7 G.5 400 mm para alta presi\u00f3n hasta 30 bar. Compatible con botellas de 5\u201333 kg y certificada DVGW.","robots":{"index":"index","follow":"follow","max-snippet":"max-snippet:-1","max-image-preview":"max-image-preview:large","max-video-preview":"max-video-preview:-1"},"canonical":"https:\/\/recambiosecogas.com\/it\/producto\/manguera-de-gas-2-x-g-5-hasta-30-bar-400mm\/","og_locale":"it_IT","og_type":"article","og_title":"Manguera gas 2 G5 30 bar \u2013 400 mm alta presi\u00f3n","og_description":"Manguera de gas 2 \u00d7 G.5 400 mm para alta presi\u00f3n hasta 30 bar. Compatible con botellas de 5\u201333 kg y certificada DVGW.","og_url":"https:\/\/recambiosecogas.com\/it\/producto\/manguera-de-gas-2-x-g-5-hasta-30-bar-400mm\/","og_site_name":"Recambios EcoGas","article_publisher":"https:\/\/www.facebook.com\/profile.php?id=100062419705358","article_modified_time":"2025-02-24T11:03:52+00:00","og_image":[{"width":1000,"height":1000,"url":"https:\/\/recambiosecogas.com\/wp-content\/uploads\/2025\/02\/Manguera-de-gas-2-x-G.5-hasta-30-bar-400mm-png.webp","type":"image\/png"}],"twitter_card":"summary_large_image","twitter_misc":{"Prezzo":"34,16&nbsp;&euro; (Sin IVA: 28,23&nbsp;&euro;)","Disponibilit\u00e0":"Su ordinazione"},"schema":{"@context":"https:\/\/schema.org","@graph":[{"@type":"WebPage","@id":"https:\/\/recambiosecogas.com\/it\/producto\/manguera-de-gas-2-x-g-5-hasta-30-bar-400mm\/","url":"https:\/\/recambiosecogas.com\/it\/producto\/manguera-de-gas-2-x-g-5-hasta-30-bar-400mm\/","name":"Manguera gas 2 G5 30 bar \u2013 400 mm alta presi\u00f3n | Recambios EcoGas","isPartOf":{"@id":"https:\/\/recambiosecogas.com\/it\/#website"},"primaryImageOfPage":{"@id":"https:\/\/recambiosecogas.com\/it\/producto\/manguera-de-gas-2-x-g-5-hasta-30-bar-400mm\/#primaryimage"},"image":{"@id":"https:\/\/recambiosecogas.com\/it\/producto\/manguera-de-gas-2-x-g-5-hasta-30-bar-400mm\/#primaryimage"},"thumbnailUrl":"https:\/\/recambiosecogas.com\/wp-content\/uploads\/2025\/02\/Manguera-de-gas-2-x-G.5-hasta-30-bar-400mm-png.webp","datePublished":"2025-02-24T10:03:52+00:00","dateModified":"2025-02-24T11:03:52+00:00","description":"Manguera de gas 2 \u00d7 G.5 400 mm para alta presi\u00f3n hasta 30 bar. Compatible con botellas de 5\u201333 kg y certificada DVGW.","breadcrumb":{"@id":"https:\/\/recambiosecogas.com\/it\/producto\/manguera-de-gas-2-x-g-5-hasta-30-bar-400mm\/#breadcrumb"},"inLanguage":"it-IT","potentialAction":[{"@type":"ReadAction","target":["https:\/\/recambiosecogas.com\/it\/producto\/manguera-de-gas-2-x-g-5-hasta-30-bar-400mm\/"]}]},{"@type":"ImageObject","inLanguage":"it-IT","@id":"https:\/\/recambiosecogas.com\/it\/producto\/manguera-de-gas-2-x-g-5-hasta-30-bar-400mm\/#primaryimage","url":"https:\/\/recambiosecogas.com\/wp-content\/uploads\/2025\/02\/Manguera-de-gas-2-x-G.5-hasta-30-bar-400mm-png.webp","contentUrl":"https:\/\/recambiosecogas.com\/wp-content\/uploads\/2025\/02\/Manguera-de-gas-2-x-G.5-hasta-30-bar-400mm-png.webp","width":1000,"height":1000},{"@type":"BreadcrumbList","@id":"https:\/\/recambiosecogas.com\/it\/producto\/manguera-de-gas-2-x-g-5-hasta-30-bar-400mm\/#breadcrumb","itemListElement":[{"@type":"ListItem","position":1,"name":"Portada","item":"https:\/\/recambiosecogas.com\/it\/"},{"@type":"ListItem","position":2,"name":"Negozio","item":"https:\/\/recambiosecogas.com\/it\/?page_id=46382"},{"@type":"ListItem","position":3,"name":"Manguera gas 2 G5 30 bar \u2013 400 mm alta presi\u00f3n"}]},{"@type":"WebSite","@id":"https:\/\/recambiosecogas.com\/it\/#website","url":"https:\/\/recambiosecogas.com\/it\/","name":"Recambios EcoGas","description":"Recambios Multimarca para sistemas de GLP\/GNC\/GNL\/Hidr\u00f3geno","publisher":{"@id":"https:\/\/recambiosecogas.com\/it\/#organization"},"alternateName":"Recambios Autogas GLP","potentialAction":[{"@type":"SearchAction","target":{"@type":"EntryPoint","urlTemplate":"https:\/\/recambiosecogas.com\/it\/?s={search_term_string}"},"query-input":{"@type":"PropertyValueSpecification","valueRequired":true,"valueName":"search_term_string"}}],"inLanguage":"it-IT"},{"@type":["Organization","Place"],"@id":"https:\/\/recambiosecogas.com\/it\/#organization","name":"Recambios EcoGas","alternateName":"Tienda Online GLP Espa\u00f1a","url":"https:\/\/recambiosecogas.com\/it\/","logo":{"@id":"https:\/\/recambiosecogas.com\/it\/producto\/manguera-de-gas-2-x-g-5-hasta-30-bar-400mm\/#local-main-organization-logo"},"image":{"@id":"https:\/\/recambiosecogas.com\/it\/producto\/manguera-de-gas-2-x-g-5-hasta-30-bar-400mm\/#local-main-organization-logo"},"sameAs":["https:\/\/www.facebook.com\/profile.php?id=100062419705358","https:\/\/www.instagram.com\/segimon_automocio"],"description":"Recambios EcoGas \u2013 Venta y distribuci\u00f3n de sistemas GLP y GNC en Espa\u00f1a y Portugal. Env\u00edos 24 h, soporte t\u00e9cnico a talleres y distribuidores.","hasMerchantReturnPolicy":{"@type":"MerchantReturnPolicy","merchantReturnLink":"https:\/\/recambiosecogas.com\/politicas-privacidad\/"},"address":{"@id":"https:\/\/recambiosecogas.com\/it\/producto\/manguera-de-gas-2-x-g-5-hasta-30-bar-400mm\/#local-main-place-address"},"telephone":["616250633"],"contactPoint":{"@type":"ContactPoint","email":"export@recambiosecogas.com"},"openingHoursSpecification":[{"@type":"OpeningHoursSpecification","dayOfWeek":["Monday","Tuesday","Wednesday","Thursday","Friday","Saturday","Sunday"],"opens":"09:00","closes":"17:00"}],"email":"info@recambiosecogas.com","faxNumber":"SEGIMON AUTOMOCION SL","vatID":"ESB19819861","globalLocationNumber":"938 616 339"},{"@type":"PostalAddress","@id":"https:\/\/recambiosecogas.com\/it\/producto\/manguera-de-gas-2-x-g-5-hasta-30-bar-400mm\/#local-main-place-address","streetAddress":"cami antic de vic, 29 (Nave 3), Pol\u00edgono Industrial Congost","addressLocality":"CORRO D`AVALL","postalCode":"08520","addressRegion":"Barcelona","addressCountry":"ES"},{"@type":"ImageObject","inLanguage":"it-IT","@id":"https:\/\/recambiosecogas.com\/it\/producto\/manguera-de-gas-2-x-g-5-hasta-30-bar-400mm\/#local-main-organization-logo","url":"https:\/\/recambiosecogas.com\/wp-content\/uploads\/2024\/11\/cropped-RECAMBIOS-GLP-png.webp","contentUrl":"https:\/\/recambiosecogas.com\/wp-content\/uploads\/2024\/11\/cropped-RECAMBIOS-GLP-png.webp","width":512,"height":512,"caption":"Recambios EcoGas"}]},"product_price_amount":"34.16","product_price_currency":"EUR","og_availability":"backorder","product_availability":"available for order","product_retailer_item_id":"112529","product_condition":"new","geo.placename":"CORRO D`AVALL","geo.region":"Spagna"},"uagb_featured_image_src":{"full":["https:\/\/recambiosecogas.com\/wp-content\/uploads\/2025\/02\/Manguera-de-gas-2-x-G.5-hasta-30-bar-400mm-png.webp",1000,1000,false],"thumbnail":["https:\/\/recambiosecogas.com\/wp-content\/uploads\/2025\/02\/Manguera-de-gas-2-x-G.5-hasta-30-bar-400mm-150x150.webp",150,150,true],"medium":["https:\/\/recambiosecogas.com\/wp-content\/uploads\/2025\/02\/Manguera-de-gas-2-x-G.5-hasta-30-bar-400mm-300x300.webp",300,300,true],"medium_large":["https:\/\/recambiosecogas.com\/wp-content\/uploads\/2025\/02\/Manguera-de-gas-2-x-G.5-hasta-30-bar-400mm-768x768.webp",768,768,true],"large":["https:\/\/recambiosecogas.com\/wp-content\/uploads\/2025\/02\/Manguera-de-gas-2-x-G.5-hasta-30-bar-400mm-png.webp",1000,1000,false],"1536x1536":["https:\/\/recambiosecogas.com\/wp-content\/uploads\/2025\/02\/Manguera-de-gas-2-x-G.5-hasta-30-bar-400mm-png.webp",1000,1000,false],"2048x2048":["https:\/\/recambiosecogas.com\/wp-content\/uploads\/2025\/02\/Manguera-de-gas-2-x-G.5-hasta-30-bar-400mm-png.webp",1000,1000,false],"woocommerce_archive_thumbnail":["https:\/\/recambiosecogas.com\/wp-content\/uploads\/2025\/02\/Manguera-de-gas-2-x-G.5-hasta-30-bar-400mm-png.webp",1000,1000,false],"woocommerce_thumbnail":["https:\/\/recambiosecogas.com\/wp-content\/uploads\/2025\/02\/Manguera-de-gas-2-x-G.5-hasta-30-bar-400mm-300x300.webp",300,300,true],"woocommerce_single":["https:\/\/recambiosecogas.com\/wp-content\/uploads\/2025\/02\/Manguera-de-gas-2-x-G.5-hasta-30-bar-400mm-png.webp",1000,1000,false],"woocommerce_gallery_thumbnail":["https:\/\/recambiosecogas.com\/wp-content\/uploads\/2025\/02\/Manguera-de-gas-2-x-G.5-hasta-30-bar-400mm-png.webp",1000,1000,false],"dgwt-wcas-product-suggestion":["https:\/\/recambiosecogas.com\/wp-content\/uploads\/2025\/02\/Manguera-de-gas-2-x-G.5-hasta-30-bar-400mm-64x64.webp",64,64,true]},"uagb_author_info":{"display_name":"Fran - Soporte T\u00e9cnico","author_link":"https:\/\/recambiosecogas.com\/it\/author\/"},"uagb_comment_info":0,"uagb_excerpt":"Manguera de gas 2 \u00d7 G.5, 400 mm, PS 30 bar. Compatible con botellas de 5\u201333 kg, certificada DVGW y resistente a \u201330 \u00b0C.","_links":{"self":[{"href":"https:\/\/recambiosecogas.com\/it\/wp-json\/wp\/v2\/product\/45835","targetHints":{"allow":["GET"]}}],"collection":[{"href":"https:\/\/recambiosecogas.com\/it\/wp-json\/wp\/v2\/product"}],"about":[{"href":"https:\/\/recambiosecogas.com\/it\/wp-json\/wp\/v2\/types\/product"}],"replies":[{"embeddable":true,"href":"https:\/\/recambiosecogas.com\/it\/wp-json\/wp\/v2\/comments?post=45835"}],"wp:featuredmedia":[{"embeddable":true,"href":"https:\/\/recambiosecogas.com\/it\/wp-json\/wp\/v2\/media\/45837"}],"wp:attachment":[{"href":"https:\/\/recambiosecogas.com\/it\/wp-json\/wp\/v2\/media?parent=45835"}],"wp:term":[{"taxonomy":"product_brand","embeddable":true,"href":"https:\/\/recambiosecogas.com\/it\/wp-json\/wp\/v2\/product_brand?post=45835"},{"taxonomy":"product_cat","embeddable":true,"href":"https:\/\/recambiosecogas.com\/it\/wp-json\/wp\/v2\/product_cat?post=45835"},{"taxonomy":"product_tag","embeddable":true,"href":"https:\/\/recambiosecogas.com\/it\/wp-json\/wp\/v2\/product_tag?post=45835"}],"curies":[{"name":"wp","href":"https:\/\/api.w.org\/{rel}","templated":true}]}}